{"id":22677,"date":"2025-07-03T13:46:27","date_gmt":"2025-07-03T13:46:27","guid":{"rendered":"http:\/\/bidonsenshakers.pim.hidalgo.nl\/product\/bontmuts\/"},"modified":"2026-02-17T11:49:18","modified_gmt":"2026-02-17T11:49:18","slug":"bontmuts","status":"publish","type":"product","link":"https:\/\/hidalgo.nl\/de\/product\/22677\/uschanka-fellmuetze-mit-logo-bedrucken-kaelteschutz-fuer-events\/","title":{"rendered":"Bontmuts"},"content":{"rendered":"<p>Geinspireerd door de Russische bontmutsen is de fur hat een klassieke muts met een modern tintje. Tegenwoordig meer geschikt voor coole snowboarders. Bevestig de oorflappen met een klikgesp onder je kin, zodat je muts nooit door de wind kan worden afgepakt. Gemaakt van nylon en faux fur.<\/p>\n","protected":false},"excerpt":{"rendered":"<p>Bontmuts. Verkrijgbaar in diverse kleuren.<\/p>\n","protected":false},"featured_media":590120,"template":"","meta":{"_acf_changed":false,"om_disable_all_campaigns":false,"_monsterinsights_skip_tracking":false,"_monsterinsights_sitenote_active":false,"_monsterinsights_sitenote_note":"","_monsterinsights_sitenote_category":0},"product_brand":[],"product_cat":[4747,4716,4746],"product_tag":[],"class_list":{"0":"post-22677","1":"product","2":"type-product","3":"status-publish","4":"has-post-thumbnail","6":"product_supplier-a86","7":"product_material-100-polyester","8":"product_cat-kleding-petten-mutsen-en-hoeden-hoeden","9":"product_cat-kleding","10":"product_cat-kleding-petten-mutsen-en-hoeden","11":"entry","13":"first","14":"instock","15":"taxable","16":"shipping-taxable","17":"purchasable","18":"product-type-variable"},"acf":{"imprint_cost":[{"imprint_cost_key":"595453c6ba519135e8a7f223e6fa99bab2a31372","product_quantity_price_range":[{"imprint_cost_recommended_selling_price":"1.47","imprint_cost_recommended_selling_quantity":"25"},{"imprint_cost_recommended_selling_price":"0.96","imprint_cost_recommended_selling_quantity":"50"},{"imprint_cost_recommended_selling_price":"0.75","imprint_cost_recommended_selling_quantity":"100"},{"imprint_cost_recommended_selling_price":"0.66","imprint_cost_recommended_selling_quantity":"250"},{"imprint_cost_recommended_selling_price":"0.555","imprint_cost_recommended_selling_quantity":"500"},{"imprint_cost_recommended_selling_price":"0.465","imprint_cost_recommended_selling_quantity":"1000"},{"imprint_cost_recommended_selling_price":"0.45","imprint_cost_recommended_selling_quantity":"2500"}],"product_quantity_price_range_buying":[{"imprint_cost_general_buying_price":"0.98","imprint_cost_general_buying_quantity":"25"},{"imprint_cost_general_buying_price":"0.64","imprint_cost_general_buying_quantity":"50"},{"imprint_cost_general_buying_price":"0.5","imprint_cost_general_buying_quantity":"100"},{"imprint_cost_general_buying_price":"0.44","imprint_cost_general_buying_quantity":"250"},{"imprint_cost_general_buying_price":"0.37","imprint_cost_general_buying_quantity":"500"},{"imprint_cost_general_buying_price":"0.31","imprint_cost_general_buying_quantity":"1000"},{"imprint_cost_general_buying_price":"0.3","imprint_cost_general_buying_quantity":"2500"}],"imprint_cost_setup_costs":"41.25","imprint_cost_handling_costs":"0"},{"imprint_cost_key":"9f45c1f7d221c819b43222910c809b1b401a15e8","product_quantity_price_range":[{"imprint_cost_recommended_selling_price":"1.755","imprint_cost_recommended_selling_quantity":"25"},{"imprint_cost_recommended_selling_price":"1.11","imprint_cost_recommended_selling_quantity":"50"},{"imprint_cost_recommended_selling_price":"0.885","imprint_cost_recommended_selling_quantity":"100"},{"imprint_cost_recommended_selling_price":"0.705","imprint_cost_recommended_selling_quantity":"250"},{"imprint_cost_recommended_selling_price":"0.675","imprint_cost_recommended_selling_quantity":"500"},{"imprint_cost_recommended_selling_price":"0.66","imprint_cost_recommended_selling_quantity":"1000"},{"imprint_cost_recommended_selling_price":"0.63","imprint_cost_recommended_selling_quantity":"2500"}],"product_quantity_price_range_buying":[{"imprint_cost_general_buying_price":"1.17","imprint_cost_general_buying_quantity":"25"},{"imprint_cost_general_buying_price":"0.74","imprint_cost_general_buying_quantity":"50"},{"imprint_cost_general_buying_price":"0.59","imprint_cost_general_buying_quantity":"100"},{"imprint_cost_general_buying_price":"0.47","imprint_cost_general_buying_quantity":"250"},{"imprint_cost_general_buying_price":"0.45","imprint_cost_general_buying_quantity":"500"},{"imprint_cost_general_buying_price":"0.44","imprint_cost_general_buying_quantity":"1000"},{"imprint_cost_general_buying_price":"0.42","imprint_cost_general_buying_quantity":"2500"}],"imprint_cost_setup_costs":"41.25","imprint_cost_handling_costs":"0"}]},"aioseo_notices":[],"aioseo_head":"\n\t\t<!-- All in One SEO Pro 4.9.6.2 - aioseo.com -->\n\t<meta name=\"description\" content=\"Diese winddichte Uschanka ist die ideale Kopfbedeckung f\u00fcr dein Personal oder als Promotion-Geschenk. Du kannst diese warme Winterm\u00fctze mit Logo bedrucken lassen und so maximalen Markenschutz &amp; K\u00e4lteschutz kombinieren.\" \/>\n\t<meta name=\"robots\" content=\"max-image-preview:large\" \/>\n\t<link rel=\"canonical\" href=\"https:\/\/hidalgo.nl\/de\/wp-json\/wp\/v2\/product\/22677\" \/>\n\t<meta name=\"generator\" content=\"All in One SEO Pro (AIOSEO) 4.9.6.2\" \/>\n\t\t<meta property=\"og:locale\" content=\"de_DE\" \/>\n\t\t<meta property=\"og:site_name\" content=\"Hidalgo -\" \/>\n\t\t<meta property=\"og:type\" content=\"article\" \/>\n\t\t<meta property=\"og:title\" content=\"Uschanka fellm\u00fctze mit logo bedrucken - k\u00e4lteschutz f\u00fcr events\" \/>\n\t\t<meta property=\"og:description\" content=\"Diese winddichte Uschanka ist die ideale Kopfbedeckung f\u00fcr dein Personal oder als Promotion-Geschenk. Du kannst diese warme Winterm\u00fctze mit Logo bedrucken lassen und so maximalen Markenschutz &amp; K\u00e4lteschutz kombinieren.\" \/>\n\t\t<meta property=\"og:url\" content=\"https:\/\/hidalgo.nl\/de\/wp-json\/wp\/v2\/product\/22677\" \/>\n\t\t<meta property=\"og:image\" content=\"https:\/\/shop.hidalgo.nl\/wp-content\/uploads\/2025\/11\/cropped-Hidalgo-est1993.png\" \/>\n\t\t<meta property=\"og:image:secure_url\" content=\"https:\/\/shop.hidalgo.nl\/wp-content\/uploads\/2025\/11\/cropped-Hidalgo-est1993.png\" \/>\n\t\t<meta property=\"article:published_time\" content=\"2025-07-03T13:46:27+00:00\" \/>\n\t\t<meta property=\"article:modified_time\" content=\"2026-02-17T11:49:18+00:00\" \/>\n\t\t<meta name=\"twitter:card\" content=\"summary_large_image\" \/>\n\t\t<meta name=\"twitter:title\" content=\"Uschanka fellm\u00fctze mit logo bedrucken - k\u00e4lteschutz f\u00fcr events\" \/>\n\t\t<meta name=\"twitter:description\" content=\"Diese winddichte Uschanka ist die ideale Kopfbedeckung f\u00fcr dein Personal oder als Promotion-Geschenk. Du kannst diese warme Winterm\u00fctze mit Logo bedrucken lassen und so maximalen Markenschutz &amp; K\u00e4lteschutz kombinieren.\" \/>\n\t\t<meta name=\"twitter:image\" content=\"https:\/\/shop.hidalgo.nl\/wp-content\/uploads\/2025\/11\/cropped-Hidalgo-est1993.png\" \/>\n\t\t<script type=\"application\/ld+json\" class=\"aioseo-schema\">\n\t\t\t{\"@context\":\"https:\\\/\\\/schema.org\",\"@graph\":[{\"@type\":\"BreadcrumbList\",\"@id\":\"https:\\\/\\\/hidalgo.nl\\\/de\\\/product\\\/22677\\\/uschanka-fellmuetze-mit-logo-bedrucken-kaelteschutz-fuer-events\\\/#breadcrumblist\",\"itemListElement\":[{\"@type\":\"ListItem\",\"@id\":\"https:\\\/\\\/hidalgo.nl\\\/de\\\/#listItem\",\"position\":1,\"name\":\"Home\",\"item\":\"https:\\\/\\\/hidalgo.nl\\\/de\\\/\",\"nextItem\":{\"@type\":\"ListItem\",\"@id\":\"https:\\\/\\\/hidalgo.nl\\\/example\\\/#listItem\",\"name\":\"example\"}},{\"@type\":\"ListItem\",\"@id\":\"https:\\\/\\\/hidalgo.nl\\\/example\\\/#listItem\",\"position\":2,\"name\":\"example\",\"item\":\"https:\\\/\\\/hidalgo.nl\\\/example\\\/\",\"nextItem\":{\"@type\":\"ListItem\",\"@id\":\"https:\\\/\\\/hidalgo.nl\\\/en\\\/product-supplier\\\/a86\\\/#listItem\",\"name\":\"A86\"},\"previousItem\":{\"@type\":\"ListItem\",\"@id\":\"https:\\\/\\\/hidalgo.nl\\\/de\\\/#listItem\",\"name\":\"Home\"}},{\"@type\":\"ListItem\",\"@id\":\"https:\\\/\\\/hidalgo.nl\\\/en\\\/product-supplier\\\/a86\\\/#listItem\",\"position\":3,\"name\":\"A86\",\"item\":\"https:\\\/\\\/hidalgo.nl\\\/en\\\/product-supplier\\\/a86\\\/\",\"nextItem\":{\"@type\":\"ListItem\",\"@id\":\"https:\\\/\\\/hidalgo.nl\\\/de\\\/product\\\/22677\\\/uschanka-fellmuetze-mit-logo-bedrucken-kaelteschutz-fuer-events\\\/#listItem\",\"name\":\"Bontmuts\"},\"previousItem\":{\"@type\":\"ListItem\",\"@id\":\"https:\\\/\\\/hidalgo.nl\\\/example\\\/#listItem\",\"name\":\"example\"}},{\"@type\":\"ListItem\",\"@id\":\"https:\\\/\\\/hidalgo.nl\\\/de\\\/product\\\/22677\\\/uschanka-fellmuetze-mit-logo-bedrucken-kaelteschutz-fuer-events\\\/#listItem\",\"position\":4,\"name\":\"Bontmuts\",\"previousItem\":{\"@type\":\"ListItem\",\"@id\":\"https:\\\/\\\/hidalgo.nl\\\/en\\\/product-supplier\\\/a86\\\/#listItem\",\"name\":\"A86\"}}]},{\"@type\":\"Organization\",\"@id\":\"https:\\\/\\\/hidalgo.nl\\\/de\\\/#organization\",\"name\":\"Hidalgo\",\"url\":\"https:\\\/\\\/hidalgo.nl\\\/de\\\/\",\"logo\":{\"@type\":\"ImageObject\",\"url\":\"https:\\\/\\\/shop.hidalgo.nl\\\/wp-content\\\/uploads\\\/2025\\\/11\\\/cropped-Hidalgo-est1993.png\",\"@id\":\"https:\\\/\\\/hidalgo.nl\\\/de\\\/product\\\/22677\\\/uschanka-fellmuetze-mit-logo-bedrucken-kaelteschutz-fuer-events\\\/#organizationLogo\",\"width\":585,\"height\":195},\"image\":{\"@id\":\"https:\\\/\\\/hidalgo.nl\\\/de\\\/product\\\/22677\\\/uschanka-fellmuetze-mit-logo-bedrucken-kaelteschutz-fuer-events\\\/#organizationLogo\"}},{\"@type\":\"ProductGroup\",\"@id\":\"https:\\\/\\\/hidalgo.nl\\\/de\\\/product\\\/22677\\\/uschanka-fellmuetze-mit-logo-bedrucken-kaelteschutz-fuer-events\\\/#wooCommerceProduct\",\"name\":\"Uschanka fellm\\u00fctze mit logo bedrucken - k\\u00e4lteschutz f\\u00fcr events\",\"description\":\"Bontmuts. Verkrijgbaar in diverse kleuren.\",\"url\":\"https:\\\/\\\/hidalgo.nl\\\/de\\\/product\\\/22677\\\/uschanka-fellmuetze-mit-logo-bedrucken-kaelteschutz-fuer-events\\\/\",\"sku\":\"A86-1967\",\"image\":{\"@type\":\"ImageObject\",\"url\":\"https:\\\/\\\/shop.hidalgo.nl\\\/wp-content\\\/uploads\\\/2025\\\/03\\\/a6e1c24ef25c011350b7cd851bdbbd290810731d36560dfa01fedfd1fbe447ab.jpg\",\"@id\":\"https:\\\/\\\/hidalgo.nl\\\/de\\\/product\\\/22677\\\/uschanka-fellmuetze-mit-logo-bedrucken-kaelteschutz-fuer-events\\\/#productImage\"},\"productGroupID\":22677,\"hasVariant\":[{\"@type\":\"Product\",\"@id\":\"https:\\\/\\\/hidalgo.nl\\\/de\\\/product\\\/22677\\\/uschanka-fellmuetze-mit-logo-bedrucken-kaelteschutz-fuer-events\\\/#wooCommerceProduct\",\"name\":\"Bontmuts - zwart\",\"description\":\"Bontmuts. Verkrijgbaar in diverse kleuren.\",\"url\":\"https:\\\/\\\/hidalgo.nl\\\/de\\\/product\\\/22677\\\/uschanka-fellmuetze-mit-logo-bedrucken-kaelteschutz-fuer-events\\\/\",\"sku\":\"A86-1967-03-A03\",\"gtin\":\"8719495005743\",\"image\":{\"@type\":\"ImageObject\",\"url\":\"https:\\\/\\\/shop.hidalgo.nl\\\/wp-content\\\/uploads\\\/2025\\\/05\\\/a6e1c24ef25c011350b7cd851bdbbd290810731d36560dfa01fedfd1fbe447ab.jpg\",\"@id\":\"https:\\\/\\\/hidalgo.nl\\\/de\\\/product\\\/22677\\\/uschanka-fellmuetze-mit-logo-bedrucken-kaelteschutz-fuer-events\\\/#productImage\",\"width\":613,\"height\":1000},\"offers\":{\"@type\":\"Offer\",\"url\":\"https:\\\/\\\/hidalgo.nl\\\/de\\\/product\\\/22677\\\/uschanka-fellmuetze-mit-logo-bedrucken-kaelteschutz-fuer-events\\\/#wooCommerceOffer\",\"price\":\"10.17\",\"priceCurrency\":\"EUR\",\"category\":\"Kleding\",\"availability\":\"https:\\\/\\\/schema.org\\\/InStock\",\"priceSpecification\":{\"@type\":\"PriceSpecification\",\"price\":10.17,\"priceCurrency\":\"EUR\",\"valueAddedTaxIncluded\":\"true\"}}},{\"@type\":\"Product\",\"@id\":\"https:\\\/\\\/hidalgo.nl\\\/de\\\/product\\\/22677\\\/uschanka-fellmuetze-mit-logo-bedrucken-kaelteschutz-fuer-events\\\/#wooCommerceProduct\",\"name\":\"Bontmuts - wit\",\"description\":\"Bontmuts. Verkrijgbaar in diverse kleuren.\",\"url\":\"https:\\\/\\\/hidalgo.nl\\\/de\\\/product\\\/22677\\\/uschanka-fellmuetze-mit-logo-bedrucken-kaelteschutz-fuer-events\\\/\",\"sku\":\"A86-1967-06-A06\",\"gtin\":\"8719495005750\",\"image\":{\"@type\":\"ImageObject\",\"url\":\"https:\\\/\\\/shop.hidalgo.nl\\\/wp-content\\\/uploads\\\/2025\\\/05\\\/343f5c6d436d1b6673e09a5e97b316339a489971e5cf557dbd33632092598d84.jpg\",\"@id\":\"https:\\\/\\\/hidalgo.nl\\\/de\\\/product\\\/22677\\\/uschanka-fellmuetze-mit-logo-bedrucken-kaelteschutz-fuer-events\\\/#productImage\",\"width\":200,\"height\":326},\"offers\":{\"@type\":\"Offer\",\"url\":\"https:\\\/\\\/hidalgo.nl\\\/de\\\/product\\\/22677\\\/uschanka-fellmuetze-mit-logo-bedrucken-kaelteschutz-fuer-events\\\/#wooCommerceOffer\",\"price\":\"10.17\",\"priceCurrency\":\"EUR\",\"category\":\"Kleding\",\"availability\":\"https:\\\/\\\/schema.org\\\/InStock\",\"priceSpecification\":{\"@type\":\"PriceSpecification\",\"price\":10.17,\"priceCurrency\":\"EUR\",\"valueAddedTaxIncluded\":\"true\"}}}]},{\"@type\":\"WebPage\",\"@id\":\"https:\\\/\\\/hidalgo.nl\\\/de\\\/product\\\/22677\\\/uschanka-fellmuetze-mit-logo-bedrucken-kaelteschutz-fuer-events\\\/#webpage\",\"url\":\"https:\\\/\\\/hidalgo.nl\\\/de\\\/product\\\/22677\\\/uschanka-fellmuetze-mit-logo-bedrucken-kaelteschutz-fuer-events\\\/\",\"name\":\"Uschanka fellm\\u00fctze mit logo bedrucken - k\\u00e4lteschutz f\\u00fcr events\",\"description\":\"Diese winddichte Uschanka ist die ideale Kopfbedeckung f\\u00fcr dein Personal oder als Promotion-Geschenk. Du kannst diese warme Winterm\\u00fctze mit Logo bedrucken lassen und so maximalen Markenschutz & K\\u00e4lteschutz kombinieren.\",\"inLanguage\":\"de-DE\",\"isPartOf\":{\"@id\":\"https:\\\/\\\/hidalgo.nl\\\/de\\\/#website\"},\"breadcrumb\":{\"@id\":\"https:\\\/\\\/hidalgo.nl\\\/de\\\/product\\\/22677\\\/uschanka-fellmuetze-mit-logo-bedrucken-kaelteschutz-fuer-events\\\/#breadcrumblist\"},\"image\":{\"@type\":\"ImageObject\",\"url\":\"https:\\\/\\\/shop.hidalgo.nl\\\/wp-content\\\/uploads\\\/2025\\\/03\\\/a6e1c24ef25c011350b7cd851bdbbd290810731d36560dfa01fedfd1fbe447ab.jpg\",\"@id\":\"https:\\\/\\\/hidalgo.nl\\\/de\\\/product\\\/22677\\\/uschanka-fellmuetze-mit-logo-bedrucken-kaelteschutz-fuer-events\\\/#mainImage\"},\"primaryImageOfPage\":{\"@id\":\"https:\\\/\\\/hidalgo.nl\\\/de\\\/product\\\/22677\\\/uschanka-fellmuetze-mit-logo-bedrucken-kaelteschutz-fuer-events\\\/#mainImage\"},\"datePublished\":\"2025-07-03T13:46:27+00:00\",\"dateModified\":\"2026-02-17T11:49:18+00:00\"},{\"@type\":\"WebSite\",\"@id\":\"https:\\\/\\\/hidalgo.nl\\\/de\\\/#website\",\"url\":\"https:\\\/\\\/hidalgo.nl\\\/de\\\/\",\"name\":\"Hidalgo\",\"inLanguage\":\"de-DE\",\"publisher\":{\"@id\":\"https:\\\/\\\/hidalgo.nl\\\/de\\\/#organization\"}}]}\n\t\t<\/script>\n\t\t<!-- All in One SEO Pro -->\r\n\t\t<title>Uschanka fellm\u00fctze mit logo bedrucken - k\u00e4lteschutz f\u00fcr events<\/title>\n\n","aioseo_head_json":{"title":"Uschanka fellm\u00fctze mit logo bedrucken - k\u00e4lteschutz f\u00fcr events","description":"Diese winddichte Uschanka ist die ideale Kopfbedeckung f\u00fcr dein Personal oder als Promotion-Geschenk. Du kannst diese warme Winterm\u00fctze mit Logo bedrucken lassen und so maximalen Markenschutz & K\u00e4lteschutz kombinieren.","canonical_url":"https:\/\/hidalgo.nl\/de\/wp-json\/wp\/v2\/product\/22677","robots":"max-image-preview:large","keywords":"","webmasterTools":{"miscellaneous":""},"schema":{"@context":"https:\/\/schema.org","@graph":[{"@type":"BreadcrumbList","@id":"https:\/\/hidalgo.nl\/de\/product\/22677\/uschanka-fellmuetze-mit-logo-bedrucken-kaelteschutz-fuer-events\/#breadcrumblist","itemListElement":[{"@type":"ListItem","@id":"https:\/\/hidalgo.nl\/de\/#listItem","position":1,"name":"Home","item":"https:\/\/hidalgo.nl\/de\/","nextItem":{"@type":"ListItem","@id":"https:\/\/hidalgo.nl\/example\/#listItem","name":"example"}},{"@type":"ListItem","@id":"https:\/\/hidalgo.nl\/example\/#listItem","position":2,"name":"example","item":"https:\/\/hidalgo.nl\/example\/","nextItem":{"@type":"ListItem","@id":"https:\/\/hidalgo.nl\/en\/product-supplier\/a86\/#listItem","name":"A86"},"previousItem":{"@type":"ListItem","@id":"https:\/\/hidalgo.nl\/de\/#listItem","name":"Home"}},{"@type":"ListItem","@id":"https:\/\/hidalgo.nl\/en\/product-supplier\/a86\/#listItem","position":3,"name":"A86","item":"https:\/\/hidalgo.nl\/en\/product-supplier\/a86\/","nextItem":{"@type":"ListItem","@id":"https:\/\/hidalgo.nl\/de\/product\/22677\/uschanka-fellmuetze-mit-logo-bedrucken-kaelteschutz-fuer-events\/#listItem","name":"Bontmuts"},"previousItem":{"@type":"ListItem","@id":"https:\/\/hidalgo.nl\/example\/#listItem","name":"example"}},{"@type":"ListItem","@id":"https:\/\/hidalgo.nl\/de\/product\/22677\/uschanka-fellmuetze-mit-logo-bedrucken-kaelteschutz-fuer-events\/#listItem","position":4,"name":"Bontmuts","previousItem":{"@type":"ListItem","@id":"https:\/\/hidalgo.nl\/en\/product-supplier\/a86\/#listItem","name":"A86"}}]},{"@type":"Organization","@id":"https:\/\/hidalgo.nl\/de\/#organization","name":"Hidalgo","url":"https:\/\/hidalgo.nl\/de\/","logo":{"@type":"ImageObject","url":"https:\/\/shop.hidalgo.nl\/wp-content\/uploads\/2025\/11\/cropped-Hidalgo-est1993.png","@id":"https:\/\/hidalgo.nl\/de\/product\/22677\/uschanka-fellmuetze-mit-logo-bedrucken-kaelteschutz-fuer-events\/#organizationLogo","width":585,"height":195},"image":{"@id":"https:\/\/hidalgo.nl\/de\/product\/22677\/uschanka-fellmuetze-mit-logo-bedrucken-kaelteschutz-fuer-events\/#organizationLogo"}},{"@type":"ProductGroup","@id":"https:\/\/hidalgo.nl\/de\/product\/22677\/uschanka-fellmuetze-mit-logo-bedrucken-kaelteschutz-fuer-events\/#wooCommerceProduct","name":"Uschanka fellm\u00fctze mit logo bedrucken - k\u00e4lteschutz f\u00fcr events","description":"Bontmuts. Verkrijgbaar in diverse kleuren.","url":"https:\/\/hidalgo.nl\/de\/product\/22677\/uschanka-fellmuetze-mit-logo-bedrucken-kaelteschutz-fuer-events\/","sku":"A86-1967","image":{"@type":"ImageObject","url":"https:\/\/shop.hidalgo.nl\/wp-content\/uploads\/2025\/03\/a6e1c24ef25c011350b7cd851bdbbd290810731d36560dfa01fedfd1fbe447ab.jpg","@id":"https:\/\/hidalgo.nl\/de\/product\/22677\/uschanka-fellmuetze-mit-logo-bedrucken-kaelteschutz-fuer-events\/#productImage"},"productGroupID":22677,"hasVariant":[{"@type":"Product","@id":"https:\/\/hidalgo.nl\/de\/product\/22677\/uschanka-fellmuetze-mit-logo-bedrucken-kaelteschutz-fuer-events\/#wooCommerceProduct","name":"Bontmuts - zwart","description":"Bontmuts. Verkrijgbaar in diverse kleuren.","url":"https:\/\/hidalgo.nl\/de\/product\/22677\/uschanka-fellmuetze-mit-logo-bedrucken-kaelteschutz-fuer-events\/","sku":"A86-1967-03-A03","gtin":"8719495005743","image":{"@type":"ImageObject","url":"https:\/\/shop.hidalgo.nl\/wp-content\/uploads\/2025\/05\/a6e1c24ef25c011350b7cd851bdbbd290810731d36560dfa01fedfd1fbe447ab.jpg","@id":"https:\/\/hidalgo.nl\/de\/product\/22677\/uschanka-fellmuetze-mit-logo-bedrucken-kaelteschutz-fuer-events\/#productImage","width":613,"height":1000},"offers":{"@type":"Offer","url":"https:\/\/hidalgo.nl\/de\/product\/22677\/uschanka-fellmuetze-mit-logo-bedrucken-kaelteschutz-fuer-events\/#wooCommerceOffer","price":"10.17","priceCurrency":"EUR","category":"Kleding","availability":"https:\/\/schema.org\/InStock","priceSpecification":{"@type":"PriceSpecification","price":10.17,"priceCurrency":"EUR","valueAddedTaxIncluded":"true"}}},{"@type":"Product","@id":"https:\/\/hidalgo.nl\/de\/product\/22677\/uschanka-fellmuetze-mit-logo-bedrucken-kaelteschutz-fuer-events\/#wooCommerceProduct","name":"Bontmuts - wit","description":"Bontmuts. Verkrijgbaar in diverse kleuren.","url":"https:\/\/hidalgo.nl\/de\/product\/22677\/uschanka-fellmuetze-mit-logo-bedrucken-kaelteschutz-fuer-events\/","sku":"A86-1967-06-A06","gtin":"8719495005750","image":{"@type":"ImageObject","url":"https:\/\/shop.hidalgo.nl\/wp-content\/uploads\/2025\/05\/343f5c6d436d1b6673e09a5e97b316339a489971e5cf557dbd33632092598d84.jpg","@id":"https:\/\/hidalgo.nl\/de\/product\/22677\/uschanka-fellmuetze-mit-logo-bedrucken-kaelteschutz-fuer-events\/#productImage","width":200,"height":326},"offers":{"@type":"Offer","url":"https:\/\/hidalgo.nl\/de\/product\/22677\/uschanka-fellmuetze-mit-logo-bedrucken-kaelteschutz-fuer-events\/#wooCommerceOffer","price":"10.17","priceCurrency":"EUR","category":"Kleding","availability":"https:\/\/schema.org\/InStock","priceSpecification":{"@type":"PriceSpecification","price":10.17,"priceCurrency":"EUR","valueAddedTaxIncluded":"true"}}}]},{"@type":"WebPage","@id":"https:\/\/hidalgo.nl\/de\/product\/22677\/uschanka-fellmuetze-mit-logo-bedrucken-kaelteschutz-fuer-events\/#webpage","url":"https:\/\/hidalgo.nl\/de\/product\/22677\/uschanka-fellmuetze-mit-logo-bedrucken-kaelteschutz-fuer-events\/","name":"Uschanka fellm\u00fctze mit logo bedrucken - k\u00e4lteschutz f\u00fcr events","description":"Diese winddichte Uschanka ist die ideale Kopfbedeckung f\u00fcr dein Personal oder als Promotion-Geschenk. Du kannst diese warme Winterm\u00fctze mit Logo bedrucken lassen und so maximalen Markenschutz & K\u00e4lteschutz kombinieren.","inLanguage":"de-DE","isPartOf":{"@id":"https:\/\/hidalgo.nl\/de\/#website"},"breadcrumb":{"@id":"https:\/\/hidalgo.nl\/de\/product\/22677\/uschanka-fellmuetze-mit-logo-bedrucken-kaelteschutz-fuer-events\/#breadcrumblist"},"image":{"@type":"ImageObject","url":"https:\/\/shop.hidalgo.nl\/wp-content\/uploads\/2025\/03\/a6e1c24ef25c011350b7cd851bdbbd290810731d36560dfa01fedfd1fbe447ab.jpg","@id":"https:\/\/hidalgo.nl\/de\/product\/22677\/uschanka-fellmuetze-mit-logo-bedrucken-kaelteschutz-fuer-events\/#mainImage"},"primaryImageOfPage":{"@id":"https:\/\/hidalgo.nl\/de\/product\/22677\/uschanka-fellmuetze-mit-logo-bedrucken-kaelteschutz-fuer-events\/#mainImage"},"datePublished":"2025-07-03T13:46:27+00:00","dateModified":"2026-02-17T11:49:18+00:00"},{"@type":"WebSite","@id":"https:\/\/hidalgo.nl\/de\/#website","url":"https:\/\/hidalgo.nl\/de\/","name":"Hidalgo","inLanguage":"de-DE","publisher":{"@id":"https:\/\/hidalgo.nl\/de\/#organization"}}]},"og:locale":"de_DE","og:site_name":"Hidalgo -","og:type":"article","og:title":"Uschanka fellm\u00fctze mit logo bedrucken - k\u00e4lteschutz f\u00fcr events","og:description":"Diese winddichte Uschanka ist die ideale Kopfbedeckung f\u00fcr dein Personal oder als Promotion-Geschenk. Du kannst diese warme Winterm\u00fctze mit Logo bedrucken lassen und so maximalen Markenschutz &amp; K\u00e4lteschutz kombinieren.","og:url":"https:\/\/hidalgo.nl\/de\/wp-json\/wp\/v2\/product\/22677","og:image":"https:\/\/shop.hidalgo.nl\/wp-content\/uploads\/2025\/11\/cropped-Hidalgo-est1993.png","og:image:secure_url":"https:\/\/shop.hidalgo.nl\/wp-content\/uploads\/2025\/11\/cropped-Hidalgo-est1993.png","article:published_time":"2025-07-03T13:46:27+00:00","article:modified_time":"2026-02-17T11:49:18+00:00","twitter:card":"summary_large_image","twitter:title":"Uschanka fellm\u00fctze mit logo bedrucken - k\u00e4lteschutz f\u00fcr events","twitter:description":"Diese winddichte Uschanka ist die ideale Kopfbedeckung f\u00fcr dein Personal oder als Promotion-Geschenk. Du kannst diese warme Winterm\u00fctze mit Logo bedrucken lassen und so maximalen Markenschutz &amp; K\u00e4lteschutz kombinieren.","twitter:image":"https:\/\/shop.hidalgo.nl\/wp-content\/uploads\/2025\/11\/cropped-Hidalgo-est1993.png"},"aioseo_meta_data":{"post_id":"22677","title":null,"description":null,"keywords":null,"keyphrases":null,"primary_term":null,"canonical_url":null,"og_title":null,"og_description":null,"og_object_type":"default","og_image_type":"default","og_image_url":null,"og_image_width":null,"og_image_height":null,"og_image_custom_url":null,"og_image_custom_fields":null,"og_video":null,"og_custom_url":null,"og_article_section":null,"og_article_tags":null,"twitter_use_og":false,"twitter_card":"default","twitter_image_type":"default","twitter_image_url":null,"twitter_image_custom_url":null,"twitter_image_custom_fields":null,"twitter_title":null,"twitter_description":null,"schema":{"blockGraphs":[],"customGraphs":[],"default":{"data":{"Article":[],"Course":[],"Dataset":[],"FAQPage":[],"Movie":[],"Person":[],"Product":[],"ProductReview":[],"Car":[],"Recipe":[],"Service":[],"SoftwareApplication":[],"WebPage":[]},"graphName":"","isEnabled":true},"graphs":[]},"schema_type":"default","schema_type_options":null,"pillar_content":false,"robots_default":true,"robots_noindex":false,"robots_noarchive":false,"robots_nosnippet":false,"robots_nofollow":false,"robots_noimageindex":false,"robots_noodp":false,"robots_notranslate":false,"robots_max_snippet":null,"robots_max_videopreview":null,"robots_max_imagepreview":"large","priority":null,"frequency":null,"local_seo":null,"seo_analyzer_scan_date":"2026-01-20 12:20:14","breadcrumb_settings":null,"limit_modified_date":false,"reviewed_by":null,"open_ai":null,"ai":null,"created":"2026-01-14 06:17:38","updated":"2026-04-23 05:34:11"},"aioseo_breadcrumb":"<div class=\"aioseo-breadcrumbs\"><span class=\"aioseo-breadcrumb\">\n\t<a href=\"https:\/\/hidalgo.nl\/de\/\" title=\"Home\">Home<\/a>\n<\/span><span class=\"aioseo-breadcrumb-separator\">\u00bb<\/span><span class=\"aioseo-breadcrumb\">\n\t<a href=\"https:\/\/hidalgo.nl\/example\/\" title=\"example\">example<\/a>\n<\/span><span class=\"aioseo-breadcrumb-separator\">\u00bb<\/span><span class=\"aioseo-breadcrumb\">\n\t<a href=\"https:\/\/hidalgo.nl\/en\/product-supplier\/a86\/\" title=\"A86\">A86<\/a>\n<\/span><span class=\"aioseo-breadcrumb-separator\">\u00bb<\/span><span class=\"aioseo-breadcrumb\">\n\tBontmuts\n<\/span><\/div>","aioseo_breadcrumb_json":[{"label":"Home","link":"https:\/\/hidalgo.nl\/de\/"},{"label":"example","link":"https:\/\/hidalgo.nl\/example\/"},{"label":"A86","link":"https:\/\/hidalgo.nl\/en\/product-supplier\/a86\/"},{"label":"Bontmuts","link":"https:\/\/hidalgo.nl\/de\/product\/22677\/uschanka-fellmuetze-mit-logo-bedrucken-kaelteschutz-fuer-events\/"}],"_links":{"self":[{"href":"https:\/\/hidalgo.nl\/de\/wp-json\/wp\/v2\/product\/22677","targetHints":{"allow":["GET"]}}],"collection":[{"href":"https:\/\/hidalgo.nl\/de\/wp-json\/wp\/v2\/product"}],"about":[{"href":"https:\/\/hidalgo.nl\/de\/wp-json\/wp\/v2\/types\/product"}],"wp:featuredmedia":[{"embeddable":true,"href":"https:\/\/hidalgo.nl\/de\/wp-json\/wp\/v2\/media\/590120"}],"wp:attachment":[{"href":"https:\/\/hidalgo.nl\/de\/wp-json\/wp\/v2\/media?parent=22677"}],"wp:term":[{"taxonomy":"product_brand","embeddable":true,"href":"https:\/\/hidalgo.nl\/de\/wp-json\/wp\/v2\/product_brand?post=22677"},{"taxonomy":"product_cat","embeddable":true,"href":"https:\/\/hidalgo.nl\/de\/wp-json\/wp\/v2\/product_cat?post=22677"},{"taxonomy":"product_tag","embeddable":true,"href":"https:\/\/hidalgo.nl\/de\/wp-json\/wp\/v2\/product_tag?post=22677"}],"curies":[{"name":"wp","href":"https:\/\/api.w.org\/{rel}","templated":true}]}}