{"id":22355,"date":"2025-07-03T13:40:40","date_gmt":"2025-07-03T13:40:40","guid":{"rendered":"http:\/\/bidonsenshakers.pim.hidalgo.nl\/product\/promo-touchscreen-handschoenen-met-label\/"},"modified":"2026-02-17T11:49:20","modified_gmt":"2026-02-17T11:49:20","slug":"promo-touchscreen-handschoenen-met-label","status":"publish","type":"product","link":"https:\/\/hidalgo.nl\/de\/product\/22355\/werbe-touchscreen-handschuhe-logo-drucken-fuer-den-winter\/","title":{"rendered":"Promo touchscreen handschoenen met label"},"content":{"rendered":"<p>Deze promo handschoenen zijn ideaal wanneer je je telefoon wilt gebruiken zonder dat je ze uit hoeft te trekken. Zo blijven je handen warm in de buitenlucht en blijf je moeiteloos bereikbaar. Gemaakt van acryl en beschikbaar in maat XL\/XXL.<\/p>\n","protected":false},"excerpt":{"rendered":"<p>Touchscreen handschoenen met label. 100% acryl. Verkrijgbaar in XL\/XXL. <\/p>\n","protected":false},"featured_media":592541,"template":"","meta":{"_acf_changed":false,"om_disable_all_campaigns":false,"_monsterinsights_skip_tracking":false,"_monsterinsights_sitenote_active":false,"_monsterinsights_sitenote_note":"","_monsterinsights_sitenote_category":0},"product_brand":[],"product_cat":[4758,4716,4757],"product_tag":[],"class_list":{"0":"post-22355","1":"product","2":"type-product","3":"status-publish","4":"has-post-thumbnail","6":"product_supplier-a86","7":"product_material-100-acryl","8":"product_cat-kleding-kleding-accessoires-handschoenen","9":"product_cat-kleding","10":"product_cat-kleding-kleding-accessoires","11":"entry","13":"first","14":"instock","15":"taxable","16":"shipping-taxable","17":"purchasable","18":"product-type-variable"},"acf":{"imprint_cost":[{"imprint_cost_key":"d9470c3c2f3a9c99d54bc065c3031825a44656c4","product_quantity_price_range":[{"imprint_cost_recommended_selling_price":"2.55","imprint_cost_recommended_selling_quantity":"25"},{"imprint_cost_recommended_selling_price":"1.41","imprint_cost_recommended_selling_quantity":"50"},{"imprint_cost_recommended_selling_price":"0.675","imprint_cost_recommended_selling_quantity":"100"},{"imprint_cost_recommended_selling_price":"0.555","imprint_cost_recommended_selling_quantity":"250"},{"imprint_cost_recommended_selling_price":"0.495","imprint_cost_recommended_selling_quantity":"500"},{"imprint_cost_recommended_selling_price":"0.39","imprint_cost_recommended_selling_quantity":"1000"},{"imprint_cost_recommended_selling_price":"0.375","imprint_cost_recommended_selling_quantity":"2500"}],"product_quantity_price_range_buying":[{"imprint_cost_general_buying_price":"1.7","imprint_cost_general_buying_quantity":"25"},{"imprint_cost_general_buying_price":"0.94","imprint_cost_general_buying_quantity":"50"},{"imprint_cost_general_buying_price":"0.45","imprint_cost_general_buying_quantity":"100"},{"imprint_cost_general_buying_price":"0.37","imprint_cost_general_buying_quantity":"250"},{"imprint_cost_general_buying_price":"0.33","imprint_cost_general_buying_quantity":"500"},{"imprint_cost_general_buying_price":"0.26","imprint_cost_general_buying_quantity":"1000"},{"imprint_cost_general_buying_price":"0.25","imprint_cost_general_buying_quantity":"2500"}],"imprint_cost_setup_costs":"41.25","imprint_cost_handling_costs":"0"},{"imprint_cost_key":"830efd1aa94b253257b6ed3550a1e002e9705c36","product_quantity_price_range":[{"imprint_cost_recommended_selling_price":"3.015","imprint_cost_recommended_selling_quantity":"25"},{"imprint_cost_recommended_selling_price":"1.665","imprint_cost_recommended_selling_quantity":"50"},{"imprint_cost_recommended_selling_price":"0.765","imprint_cost_recommended_selling_quantity":"100"},{"imprint_cost_recommended_selling_price":"0.63","imprint_cost_recommended_selling_quantity":"250"},{"imprint_cost_recommended_selling_price":"0.555","imprint_cost_recommended_selling_quantity":"500"},{"imprint_cost_recommended_selling_price":"0.525","imprint_cost_recommended_selling_quantity":"2500"}],"product_quantity_price_range_buying":[{"imprint_cost_general_buying_price":"2.01","imprint_cost_general_buying_quantity":"25"},{"imprint_cost_general_buying_price":"1.11","imprint_cost_general_buying_quantity":"50"},{"imprint_cost_general_buying_price":"0.51","imprint_cost_general_buying_quantity":"100"},{"imprint_cost_general_buying_price":"0.42","imprint_cost_general_buying_quantity":"250"},{"imprint_cost_general_buying_price":"0.37","imprint_cost_general_buying_quantity":"500"},{"imprint_cost_general_buying_price":"0.35","imprint_cost_general_buying_quantity":"2500"}],"imprint_cost_setup_costs":"41.25","imprint_cost_handling_costs":"0"}]},"aioseo_notices":[],"aioseo_head":"\n\t\t<!-- All in One SEO Pro 4.9.6.2 - aioseo.com -->\n\t<meta name=\"description\" content=\"Sichere dir warme Werbehandschuhe mit Logo f\u00fcr die kalte Jahreszeit. Mit diesen bequemen Touchscreen Handschuhen der Gr\u00f6\u00dfe L bedienst du dein Smartphone, ohne kalte H\u00e4nde zu bekommen. Lass sie jetzt als effektives Mitarbeitergeschenk bei uns bedrucken!\" \/>\n\t<meta name=\"robots\" content=\"max-image-preview:large\" \/>\n\t<link rel=\"canonical\" href=\"https:\/\/hidalgo.nl\/de\/wp-json\/wp\/v2\/product\/22355\" \/>\n\t<meta name=\"generator\" content=\"All in One SEO Pro (AIOSEO) 4.9.6.2\" \/>\n\t\t<meta property=\"og:locale\" content=\"de_DE\" \/>\n\t\t<meta property=\"og:site_name\" content=\"Hidalgo -\" \/>\n\t\t<meta property=\"og:type\" content=\"article\" \/>\n\t\t<meta property=\"og:title\" content=\"Werbe Touchscreen Handschuhe | Logo drucken f\u00fcr den Winter\" \/>\n\t\t<meta property=\"og:description\" content=\"Sichere dir warme Werbehandschuhe mit Logo f\u00fcr die kalte Jahreszeit. Mit diesen bequemen Touchscreen Handschuhen der Gr\u00f6\u00dfe L bedienst du dein Smartphone, ohne kalte H\u00e4nde zu bekommen. Lass sie jetzt als effektives Mitarbeitergeschenk bei uns bedrucken!\" \/>\n\t\t<meta property=\"og:url\" content=\"https:\/\/hidalgo.nl\/de\/wp-json\/wp\/v2\/product\/22355\" \/>\n\t\t<meta property=\"og:image\" content=\"https:\/\/shop.hidalgo.nl\/wp-content\/uploads\/2025\/11\/cropped-Hidalgo-est1993.png\" \/>\n\t\t<meta property=\"og:image:secure_url\" content=\"https:\/\/shop.hidalgo.nl\/wp-content\/uploads\/2025\/11\/cropped-Hidalgo-est1993.png\" \/>\n\t\t<meta property=\"article:published_time\" content=\"2025-07-03T13:40:40+00:00\" \/>\n\t\t<meta property=\"article:modified_time\" content=\"2026-02-17T11:49:20+00:00\" \/>\n\t\t<meta name=\"twitter:card\" content=\"summary_large_image\" \/>\n\t\t<meta name=\"twitter:title\" content=\"Werbe Touchscreen Handschuhe | Logo drucken f\u00fcr den Winter\" \/>\n\t\t<meta name=\"twitter:description\" content=\"Sichere dir warme Werbehandschuhe mit Logo f\u00fcr die kalte Jahreszeit. Mit diesen bequemen Touchscreen Handschuhen der Gr\u00f6\u00dfe L bedienst du dein Smartphone, ohne kalte H\u00e4nde zu bekommen. Lass sie jetzt als effektives Mitarbeitergeschenk bei uns bedrucken!\" \/>\n\t\t<meta name=\"twitter:image\" content=\"https:\/\/shop.hidalgo.nl\/wp-content\/uploads\/2025\/11\/cropped-Hidalgo-est1993.png\" \/>\n\t\t<script type=\"application\/ld+json\" class=\"aioseo-schema\">\n\t\t\t{\"@context\":\"https:\\\/\\\/schema.org\",\"@graph\":[{\"@type\":\"BreadcrumbList\",\"@id\":\"https:\\\/\\\/hidalgo.nl\\\/de\\\/product\\\/22355\\\/werbe-touchscreen-handschuhe-logo-drucken-fuer-den-winter\\\/#breadcrumblist\",\"itemListElement\":[{\"@type\":\"ListItem\",\"@id\":\"https:\\\/\\\/hidalgo.nl\\\/de\\\/#listItem\",\"position\":1,\"name\":\"Home\",\"item\":\"https:\\\/\\\/hidalgo.nl\\\/de\\\/\",\"nextItem\":{\"@type\":\"ListItem\",\"@id\":\"https:\\\/\\\/hidalgo.nl\\\/example\\\/#listItem\",\"name\":\"example\"}},{\"@type\":\"ListItem\",\"@id\":\"https:\\\/\\\/hidalgo.nl\\\/example\\\/#listItem\",\"position\":2,\"name\":\"example\",\"item\":\"https:\\\/\\\/hidalgo.nl\\\/example\\\/\",\"nextItem\":{\"@type\":\"ListItem\",\"@id\":\"https:\\\/\\\/hidalgo.nl\\\/en\\\/product-supplier\\\/a86\\\/#listItem\",\"name\":\"A86\"},\"previousItem\":{\"@type\":\"ListItem\",\"@id\":\"https:\\\/\\\/hidalgo.nl\\\/de\\\/#listItem\",\"name\":\"Home\"}},{\"@type\":\"ListItem\",\"@id\":\"https:\\\/\\\/hidalgo.nl\\\/en\\\/product-supplier\\\/a86\\\/#listItem\",\"position\":3,\"name\":\"A86\",\"item\":\"https:\\\/\\\/hidalgo.nl\\\/en\\\/product-supplier\\\/a86\\\/\",\"nextItem\":{\"@type\":\"ListItem\",\"@id\":\"https:\\\/\\\/hidalgo.nl\\\/de\\\/product\\\/22355\\\/werbe-touchscreen-handschuhe-logo-drucken-fuer-den-winter\\\/#listItem\",\"name\":\"Promo touchscreen handschoenen met label\"},\"previousItem\":{\"@type\":\"ListItem\",\"@id\":\"https:\\\/\\\/hidalgo.nl\\\/example\\\/#listItem\",\"name\":\"example\"}},{\"@type\":\"ListItem\",\"@id\":\"https:\\\/\\\/hidalgo.nl\\\/de\\\/product\\\/22355\\\/werbe-touchscreen-handschuhe-logo-drucken-fuer-den-winter\\\/#listItem\",\"position\":4,\"name\":\"Promo touchscreen handschoenen met label\",\"previousItem\":{\"@type\":\"ListItem\",\"@id\":\"https:\\\/\\\/hidalgo.nl\\\/en\\\/product-supplier\\\/a86\\\/#listItem\",\"name\":\"A86\"}}]},{\"@type\":\"Organization\",\"@id\":\"https:\\\/\\\/hidalgo.nl\\\/de\\\/#organization\",\"name\":\"Hidalgo\",\"url\":\"https:\\\/\\\/hidalgo.nl\\\/de\\\/\",\"logo\":{\"@type\":\"ImageObject\",\"url\":\"https:\\\/\\\/shop.hidalgo.nl\\\/wp-content\\\/uploads\\\/2025\\\/11\\\/cropped-Hidalgo-est1993.png\",\"@id\":\"https:\\\/\\\/hidalgo.nl\\\/de\\\/product\\\/22355\\\/werbe-touchscreen-handschuhe-logo-drucken-fuer-den-winter\\\/#organizationLogo\",\"width\":585,\"height\":195},\"image\":{\"@id\":\"https:\\\/\\\/hidalgo.nl\\\/de\\\/product\\\/22355\\\/werbe-touchscreen-handschuhe-logo-drucken-fuer-den-winter\\\/#organizationLogo\"}},{\"@type\":\"ProductGroup\",\"@id\":\"https:\\\/\\\/hidalgo.nl\\\/de\\\/product\\\/22355\\\/werbe-touchscreen-handschuhe-logo-drucken-fuer-den-winter\\\/#wooCommerceProduct\",\"name\":\"Werbe Touchscreen Handschuhe | Logo drucken f\\u00fcr den Winter\",\"description\":\"Touchscreen handschoenen met label. 100% acryl. Verkrijgbaar in XL\\\/XXL.\",\"url\":\"https:\\\/\\\/hidalgo.nl\\\/de\\\/product\\\/22355\\\/werbe-touchscreen-handschuhe-logo-drucken-fuer-den-winter\\\/\",\"sku\":\"A86-1868\",\"image\":{\"@type\":\"ImageObject\",\"url\":\"https:\\\/\\\/shop.hidalgo.nl\\\/wp-content\\\/uploads\\\/2025\\\/03\\\/0080174530cbec24cf9f3876f6a143fd59b3074e7aae7a4a3a467550ef910cc6.jpg\",\"@id\":\"https:\\\/\\\/hidalgo.nl\\\/de\\\/product\\\/22355\\\/werbe-touchscreen-handschuhe-logo-drucken-fuer-den-winter\\\/#productImage\"},\"productGroupID\":22355,\"hasVariant\":[{\"@type\":\"Product\",\"@id\":\"https:\\\/\\\/hidalgo.nl\\\/de\\\/product\\\/22355\\\/werbe-touchscreen-handschuhe-logo-drucken-fuer-den-winter\\\/#wooCommerceProduct\",\"name\":\"Promo touchscreen handschoenen met label - zwart, l\",\"description\":\"Touchscreen handschoenen met label. 100% acryl. Verkrijgbaar in XL\\\/XXL.\",\"url\":\"https:\\\/\\\/hidalgo.nl\\\/de\\\/product\\\/22355\\\/werbe-touchscreen-handschuhe-logo-drucken-fuer-den-winter\\\/\",\"sku\":\"A86-1868-03-XXL\",\"gtin\":\"8719495004081\",\"image\":{\"@type\":\"ImageObject\",\"url\":\"https:\\\/\\\/shop.hidalgo.nl\\\/wp-content\\\/uploads\\\/2025\\\/05\\\/0080174530cbec24cf9f3876f6a143fd59b3074e7aae7a4a3a467550ef910cc6.jpg\",\"@id\":\"https:\\\/\\\/hidalgo.nl\\\/de\\\/product\\\/22355\\\/werbe-touchscreen-handschuhe-logo-drucken-fuer-den-winter\\\/#productImage\",\"width\":1000,\"height\":528},\"offers\":{\"@type\":\"Offer\",\"url\":\"https:\\\/\\\/hidalgo.nl\\\/de\\\/product\\\/22355\\\/werbe-touchscreen-handschuhe-logo-drucken-fuer-den-winter\\\/#wooCommerceOffer\",\"price\":\"3.87\",\"priceCurrency\":\"EUR\",\"category\":\"Kleding\",\"availability\":\"https:\\\/\\\/schema.org\\\/InStock\",\"priceSpecification\":{\"@type\":\"PriceSpecification\",\"price\":3.87,\"priceCurrency\":\"EUR\",\"valueAddedTaxIncluded\":\"true\"}}}]},{\"@type\":\"WebPage\",\"@id\":\"https:\\\/\\\/hidalgo.nl\\\/de\\\/product\\\/22355\\\/werbe-touchscreen-handschuhe-logo-drucken-fuer-den-winter\\\/#webpage\",\"url\":\"https:\\\/\\\/hidalgo.nl\\\/de\\\/product\\\/22355\\\/werbe-touchscreen-handschuhe-logo-drucken-fuer-den-winter\\\/\",\"name\":\"Werbe Touchscreen Handschuhe | Logo drucken f\\u00fcr den Winter\",\"description\":\"Sichere dir warme Werbehandschuhe mit Logo f\\u00fcr die kalte Jahreszeit. Mit diesen bequemen Touchscreen Handschuhen der Gr\\u00f6\\u00dfe L bedienst du dein Smartphone, ohne kalte H\\u00e4nde zu bekommen. Lass sie jetzt als effektives Mitarbeitergeschenk bei uns bedrucken!\",\"inLanguage\":\"de-DE\",\"isPartOf\":{\"@id\":\"https:\\\/\\\/hidalgo.nl\\\/de\\\/#website\"},\"breadcrumb\":{\"@id\":\"https:\\\/\\\/hidalgo.nl\\\/de\\\/product\\\/22355\\\/werbe-touchscreen-handschuhe-logo-drucken-fuer-den-winter\\\/#breadcrumblist\"},\"image\":{\"@type\":\"ImageObject\",\"url\":\"https:\\\/\\\/shop.hidalgo.nl\\\/wp-content\\\/uploads\\\/2025\\\/03\\\/0080174530cbec24cf9f3876f6a143fd59b3074e7aae7a4a3a467550ef910cc6.jpg\",\"@id\":\"https:\\\/\\\/hidalgo.nl\\\/de\\\/product\\\/22355\\\/werbe-touchscreen-handschuhe-logo-drucken-fuer-den-winter\\\/#mainImage\"},\"primaryImageOfPage\":{\"@id\":\"https:\\\/\\\/hidalgo.nl\\\/de\\\/product\\\/22355\\\/werbe-touchscreen-handschuhe-logo-drucken-fuer-den-winter\\\/#mainImage\"},\"datePublished\":\"2025-07-03T13:40:40+00:00\",\"dateModified\":\"2026-02-17T11:49:20+00:00\"},{\"@type\":\"WebSite\",\"@id\":\"https:\\\/\\\/hidalgo.nl\\\/de\\\/#website\",\"url\":\"https:\\\/\\\/hidalgo.nl\\\/de\\\/\",\"name\":\"Hidalgo\",\"inLanguage\":\"de-DE\",\"publisher\":{\"@id\":\"https:\\\/\\\/hidalgo.nl\\\/de\\\/#organization\"}}]}\n\t\t<\/script>\n\t\t<!-- All in One SEO Pro -->\r\n\t\t<title>Werbe Touchscreen Handschuhe | Logo drucken f\u00fcr den Winter<\/title>\n\n","aioseo_head_json":{"title":"Werbe Touchscreen Handschuhe | Logo drucken f\u00fcr den Winter","description":"Sichere dir warme Werbehandschuhe mit Logo f\u00fcr die kalte Jahreszeit. Mit diesen bequemen Touchscreen Handschuhen der Gr\u00f6\u00dfe L bedienst du dein Smartphone, ohne kalte H\u00e4nde zu bekommen. Lass sie jetzt als effektives Mitarbeitergeschenk bei uns bedrucken!","canonical_url":"https:\/\/hidalgo.nl\/de\/wp-json\/wp\/v2\/product\/22355","robots":"max-image-preview:large","keywords":"","webmasterTools":{"miscellaneous":""},"schema":{"@context":"https:\/\/schema.org","@graph":[{"@type":"BreadcrumbList","@id":"https:\/\/hidalgo.nl\/de\/product\/22355\/werbe-touchscreen-handschuhe-logo-drucken-fuer-den-winter\/#breadcrumblist","itemListElement":[{"@type":"ListItem","@id":"https:\/\/hidalgo.nl\/de\/#listItem","position":1,"name":"Home","item":"https:\/\/hidalgo.nl\/de\/","nextItem":{"@type":"ListItem","@id":"https:\/\/hidalgo.nl\/example\/#listItem","name":"example"}},{"@type":"ListItem","@id":"https:\/\/hidalgo.nl\/example\/#listItem","position":2,"name":"example","item":"https:\/\/hidalgo.nl\/example\/","nextItem":{"@type":"ListItem","@id":"https:\/\/hidalgo.nl\/en\/product-supplier\/a86\/#listItem","name":"A86"},"previousItem":{"@type":"ListItem","@id":"https:\/\/hidalgo.nl\/de\/#listItem","name":"Home"}},{"@type":"ListItem","@id":"https:\/\/hidalgo.nl\/en\/product-supplier\/a86\/#listItem","position":3,"name":"A86","item":"https:\/\/hidalgo.nl\/en\/product-supplier\/a86\/","nextItem":{"@type":"ListItem","@id":"https:\/\/hidalgo.nl\/de\/product\/22355\/werbe-touchscreen-handschuhe-logo-drucken-fuer-den-winter\/#listItem","name":"Promo touchscreen handschoenen met label"},"previousItem":{"@type":"ListItem","@id":"https:\/\/hidalgo.nl\/example\/#listItem","name":"example"}},{"@type":"ListItem","@id":"https:\/\/hidalgo.nl\/de\/product\/22355\/werbe-touchscreen-handschuhe-logo-drucken-fuer-den-winter\/#listItem","position":4,"name":"Promo touchscreen handschoenen met label","previousItem":{"@type":"ListItem","@id":"https:\/\/hidalgo.nl\/en\/product-supplier\/a86\/#listItem","name":"A86"}}]},{"@type":"Organization","@id":"https:\/\/hidalgo.nl\/de\/#organization","name":"Hidalgo","url":"https:\/\/hidalgo.nl\/de\/","logo":{"@type":"ImageObject","url":"https:\/\/shop.hidalgo.nl\/wp-content\/uploads\/2025\/11\/cropped-Hidalgo-est1993.png","@id":"https:\/\/hidalgo.nl\/de\/product\/22355\/werbe-touchscreen-handschuhe-logo-drucken-fuer-den-winter\/#organizationLogo","width":585,"height":195},"image":{"@id":"https:\/\/hidalgo.nl\/de\/product\/22355\/werbe-touchscreen-handschuhe-logo-drucken-fuer-den-winter\/#organizationLogo"}},{"@type":"ProductGroup","@id":"https:\/\/hidalgo.nl\/de\/product\/22355\/werbe-touchscreen-handschuhe-logo-drucken-fuer-den-winter\/#wooCommerceProduct","name":"Werbe Touchscreen Handschuhe | Logo drucken f\u00fcr den Winter","description":"Touchscreen handschoenen met label. 100% acryl. Verkrijgbaar in XL\/XXL.","url":"https:\/\/hidalgo.nl\/de\/product\/22355\/werbe-touchscreen-handschuhe-logo-drucken-fuer-den-winter\/","sku":"A86-1868","image":{"@type":"ImageObject","url":"https:\/\/shop.hidalgo.nl\/wp-content\/uploads\/2025\/03\/0080174530cbec24cf9f3876f6a143fd59b3074e7aae7a4a3a467550ef910cc6.jpg","@id":"https:\/\/hidalgo.nl\/de\/product\/22355\/werbe-touchscreen-handschuhe-logo-drucken-fuer-den-winter\/#productImage"},"productGroupID":22355,"hasVariant":[{"@type":"Product","@id":"https:\/\/hidalgo.nl\/de\/product\/22355\/werbe-touchscreen-handschuhe-logo-drucken-fuer-den-winter\/#wooCommerceProduct","name":"Promo touchscreen handschoenen met label - zwart, l","description":"Touchscreen handschoenen met label. 100% acryl. Verkrijgbaar in XL\/XXL.","url":"https:\/\/hidalgo.nl\/de\/product\/22355\/werbe-touchscreen-handschuhe-logo-drucken-fuer-den-winter\/","sku":"A86-1868-03-XXL","gtin":"8719495004081","image":{"@type":"ImageObject","url":"https:\/\/shop.hidalgo.nl\/wp-content\/uploads\/2025\/05\/0080174530cbec24cf9f3876f6a143fd59b3074e7aae7a4a3a467550ef910cc6.jpg","@id":"https:\/\/hidalgo.nl\/de\/product\/22355\/werbe-touchscreen-handschuhe-logo-drucken-fuer-den-winter\/#productImage","width":1000,"height":528},"offers":{"@type":"Offer","url":"https:\/\/hidalgo.nl\/de\/product\/22355\/werbe-touchscreen-handschuhe-logo-drucken-fuer-den-winter\/#wooCommerceOffer","price":"3.87","priceCurrency":"EUR","category":"Kleding","availability":"https:\/\/schema.org\/InStock","priceSpecification":{"@type":"PriceSpecification","price":3.87,"priceCurrency":"EUR","valueAddedTaxIncluded":"true"}}}]},{"@type":"WebPage","@id":"https:\/\/hidalgo.nl\/de\/product\/22355\/werbe-touchscreen-handschuhe-logo-drucken-fuer-den-winter\/#webpage","url":"https:\/\/hidalgo.nl\/de\/product\/22355\/werbe-touchscreen-handschuhe-logo-drucken-fuer-den-winter\/","name":"Werbe Touchscreen Handschuhe | Logo drucken f\u00fcr den Winter","description":"Sichere dir warme Werbehandschuhe mit Logo f\u00fcr die kalte Jahreszeit. Mit diesen bequemen Touchscreen Handschuhen der Gr\u00f6\u00dfe L bedienst du dein Smartphone, ohne kalte H\u00e4nde zu bekommen. Lass sie jetzt als effektives Mitarbeitergeschenk bei uns bedrucken!","inLanguage":"de-DE","isPartOf":{"@id":"https:\/\/hidalgo.nl\/de\/#website"},"breadcrumb":{"@id":"https:\/\/hidalgo.nl\/de\/product\/22355\/werbe-touchscreen-handschuhe-logo-drucken-fuer-den-winter\/#breadcrumblist"},"image":{"@type":"ImageObject","url":"https:\/\/shop.hidalgo.nl\/wp-content\/uploads\/2025\/03\/0080174530cbec24cf9f3876f6a143fd59b3074e7aae7a4a3a467550ef910cc6.jpg","@id":"https:\/\/hidalgo.nl\/de\/product\/22355\/werbe-touchscreen-handschuhe-logo-drucken-fuer-den-winter\/#mainImage"},"primaryImageOfPage":{"@id":"https:\/\/hidalgo.nl\/de\/product\/22355\/werbe-touchscreen-handschuhe-logo-drucken-fuer-den-winter\/#mainImage"},"datePublished":"2025-07-03T13:40:40+00:00","dateModified":"2026-02-17T11:49:20+00:00"},{"@type":"WebSite","@id":"https:\/\/hidalgo.nl\/de\/#website","url":"https:\/\/hidalgo.nl\/de\/","name":"Hidalgo","inLanguage":"de-DE","publisher":{"@id":"https:\/\/hidalgo.nl\/de\/#organization"}}]},"og:locale":"de_DE","og:site_name":"Hidalgo -","og:type":"article","og:title":"Werbe Touchscreen Handschuhe | Logo drucken f\u00fcr den Winter","og:description":"Sichere dir warme Werbehandschuhe mit Logo f\u00fcr die kalte Jahreszeit. Mit diesen bequemen Touchscreen Handschuhen der Gr\u00f6\u00dfe L bedienst du dein Smartphone, ohne kalte H\u00e4nde zu bekommen. Lass sie jetzt als effektives Mitarbeitergeschenk bei uns bedrucken!","og:url":"https:\/\/hidalgo.nl\/de\/wp-json\/wp\/v2\/product\/22355","og:image":"https:\/\/shop.hidalgo.nl\/wp-content\/uploads\/2025\/11\/cropped-Hidalgo-est1993.png","og:image:secure_url":"https:\/\/shop.hidalgo.nl\/wp-content\/uploads\/2025\/11\/cropped-Hidalgo-est1993.png","article:published_time":"2025-07-03T13:40:40+00:00","article:modified_time":"2026-02-17T11:49:20+00:00","twitter:card":"summary_large_image","twitter:title":"Werbe Touchscreen Handschuhe | Logo drucken f\u00fcr den Winter","twitter:description":"Sichere dir warme Werbehandschuhe mit Logo f\u00fcr die kalte Jahreszeit. Mit diesen bequemen Touchscreen Handschuhen der Gr\u00f6\u00dfe L bedienst du dein Smartphone, ohne kalte H\u00e4nde zu bekommen. Lass sie jetzt als effektives Mitarbeitergeschenk bei uns bedrucken!","twitter:image":"https:\/\/shop.hidalgo.nl\/wp-content\/uploads\/2025\/11\/cropped-Hidalgo-est1993.png"},"aioseo_meta_data":{"post_id":"22355","title":null,"description":null,"keywords":null,"keyphrases":null,"primary_term":null,"canonical_url":null,"og_title":null,"og_description":null,"og_object_type":"default","og_image_type":"default","og_image_url":null,"og_image_width":null,"og_image_height":null,"og_image_custom_url":null,"og_image_custom_fields":null,"og_video":null,"og_custom_url":null,"og_article_section":null,"og_article_tags":null,"twitter_use_og":false,"twitter_card":"default","twitter_image_type":"default","twitter_image_url":null,"twitter_image_custom_url":null,"twitter_image_custom_fields":null,"twitter_title":null,"twitter_description":null,"schema":{"blockGraphs":[],"customGraphs":[],"default":{"data":{"Article":[],"Course":[],"Dataset":[],"FAQPage":[],"Movie":[],"Person":[],"Product":[],"ProductReview":[],"Car":[],"Recipe":[],"Service":[],"SoftwareApplication":[],"WebPage":[]},"graphName":"","isEnabled":true},"graphs":[]},"schema_type":"default","schema_type_options":null,"pillar_content":false,"robots_default":true,"robots_noindex":false,"robots_noarchive":false,"robots_nosnippet":false,"robots_nofollow":false,"robots_noimageindex":false,"robots_noodp":false,"robots_notranslate":false,"robots_max_snippet":null,"robots_max_videopreview":null,"robots_max_imagepreview":"large","priority":null,"frequency":null,"local_seo":null,"seo_analyzer_scan_date":"2026-01-20 12:17:19","breadcrumb_settings":null,"limit_modified_date":false,"reviewed_by":null,"open_ai":null,"ai":null,"created":"2026-01-14 06:17:38","updated":"2026-04-23 05:32:50"},"aioseo_breadcrumb":"<div class=\"aioseo-breadcrumbs\"><span class=\"aioseo-breadcrumb\">\n\t<a href=\"https:\/\/hidalgo.nl\/de\/\" title=\"Home\">Home<\/a>\n<\/span><span class=\"aioseo-breadcrumb-separator\">\u00bb<\/span><span class=\"aioseo-breadcrumb\">\n\t<a href=\"https:\/\/hidalgo.nl\/example\/\" title=\"example\">example<\/a>\n<\/span><span class=\"aioseo-breadcrumb-separator\">\u00bb<\/span><span class=\"aioseo-breadcrumb\">\n\t<a href=\"https:\/\/hidalgo.nl\/en\/product-supplier\/a86\/\" title=\"A86\">A86<\/a>\n<\/span><span class=\"aioseo-breadcrumb-separator\">\u00bb<\/span><span class=\"aioseo-breadcrumb\">\n\tPromo touchscreen handschoenen met label\n<\/span><\/div>","aioseo_breadcrumb_json":[{"label":"Home","link":"https:\/\/hidalgo.nl\/de\/"},{"label":"example","link":"https:\/\/hidalgo.nl\/example\/"},{"label":"A86","link":"https:\/\/hidalgo.nl\/en\/product-supplier\/a86\/"},{"label":"Promo touchscreen handschoenen met label","link":"https:\/\/hidalgo.nl\/de\/product\/22355\/werbe-touchscreen-handschuhe-logo-drucken-fuer-den-winter\/"}],"_links":{"self":[{"href":"https:\/\/hidalgo.nl\/de\/wp-json\/wp\/v2\/product\/22355","targetHints":{"allow":["GET"]}}],"collection":[{"href":"https:\/\/hidalgo.nl\/de\/wp-json\/wp\/v2\/product"}],"about":[{"href":"https:\/\/hidalgo.nl\/de\/wp-json\/wp\/v2\/types\/product"}],"wp:featuredmedia":[{"embeddable":true,"href":"https:\/\/hidalgo.nl\/de\/wp-json\/wp\/v2\/media\/592541"}],"wp:attachment":[{"href":"https:\/\/hidalgo.nl\/de\/wp-json\/wp\/v2\/media?parent=22355"}],"wp:term":[{"taxonomy":"product_brand","embeddable":true,"href":"https:\/\/hidalgo.nl\/de\/wp-json\/wp\/v2\/product_brand?post=22355"},{"taxonomy":"product_cat","embeddable":true,"href":"https:\/\/hidalgo.nl\/de\/wp-json\/wp\/v2\/product_cat?post=22355"},{"taxonomy":"product_tag","embeddable":true,"href":"https:\/\/hidalgo.nl\/de\/wp-json\/wp\/v2\/product_tag?post=22355"}],"curies":[{"name":"wp","href":"https:\/\/api.w.org\/{rel}","templated":true}]}}