{"id":22076,"date":"2025-07-03T13:35:17","date_gmt":"2025-07-03T13:35:17","guid":{"rendered":"http:\/\/bidonsenshakers.pim.hidalgo.nl\/product\/sublimatie-muismat-23x20-cm\/"},"modified":"2026-02-17T11:49:22","modified_gmt":"2026-02-17T11:49:22","slug":"sublimatie-muismat-23x20-cm","status":"publish","type":"product","link":"https:\/\/hidalgo.nl\/de\/product\/22076\/sublimations-mauspad-bedrucken-23x20-cm-mit-logo-und-vollflaechendruck\/","title":{"rendered":"Sublimatie muismat 23&#215;20 cm"},"content":{"rendered":"<p>Deze muismat van 23&#215;20 cm is te voorzien van een all-over sublimatie. Ideaal als relatiegeschenk of promotie artikel! <\/p>\n","protected":false},"excerpt":{"rendered":"<p>Sublimatie muismat 23x20cm.<\/p>\n","protected":false},"featured_media":593927,"template":"","meta":{"_acf_changed":false,"om_disable_all_campaigns":false,"_monsterinsights_skip_tracking":false,"_monsterinsights_sitenote_active":false,"_monsterinsights_sitenote_note":"","_monsterinsights_sitenote_category":0},"product_brand":[],"product_cat":[4741,4782,4719],"product_tag":[],"class_list":{"0":"post-22076","1":"product","2":"type-product","3":"status-publish","4":"has-post-thumbnail","6":"product_supplier-a86","7":"product_material-100-polyester","8":"product_cat-promotionele-artikelen-kantoor-artikelen","9":"product_cat-promotionele-artikelen-kantoor-artikelen-muismatten","10":"product_cat-promotionele-artikelen","11":"entry","13":"first","14":"instock","15":"taxable","16":"shipping-taxable","17":"purchasable","18":"product-type-variable"},"acf":{"imprint_cost":[{"imprint_cost_key":"25619a1d92069c594ebc1774a53c387fcf645615","product_quantity_price_range":[{"imprint_cost_recommended_selling_price":"2.055","imprint_cost_recommended_selling_quantity":"25"},{"imprint_cost_recommended_selling_price":"1.725","imprint_cost_recommended_selling_quantity":"50"},{"imprint_cost_recommended_selling_price":"1.65","imprint_cost_recommended_selling_quantity":"100"},{"imprint_cost_recommended_selling_price":"1.32","imprint_cost_recommended_selling_quantity":"250"},{"imprint_cost_recommended_selling_price":"1.26","imprint_cost_recommended_selling_quantity":"500"},{"imprint_cost_recommended_selling_price":"1.14","imprint_cost_recommended_selling_quantity":"1000"},{"imprint_cost_recommended_selling_price":"1.11","imprint_cost_recommended_selling_quantity":"2500"}],"product_quantity_price_range_buying":[{"imprint_cost_general_buying_price":"1.37","imprint_cost_general_buying_quantity":"25"},{"imprint_cost_general_buying_price":"1.15","imprint_cost_general_buying_quantity":"50"},{"imprint_cost_general_buying_price":"1.1","imprint_cost_general_buying_quantity":"100"},{"imprint_cost_general_buying_price":"0.88","imprint_cost_general_buying_quantity":"250"},{"imprint_cost_general_buying_price":"0.84","imprint_cost_general_buying_quantity":"500"},{"imprint_cost_general_buying_price":"0.76","imprint_cost_general_buying_quantity":"1000"},{"imprint_cost_general_buying_price":"0.74","imprint_cost_general_buying_quantity":"2500"}],"imprint_cost_setup_costs":"41.25","imprint_cost_handling_costs":"0"}]},"aioseo_notices":[],"aioseo_head":"\n\t\t<!-- All in One SEO Pro 4.9.6.2 - aioseo.com -->\n\t<meta name=\"description\" content=\"Mit diesem rutschfesten Sublimations-Mauspad in 23x20 cm kannst du Mauspads bedrucken lassen, die im B\u00fcroalltag maximale Sichtbarkeit garantieren. Pr\u00e4sentiere dein Firmenlogo mit brillantem Vollfarbdruck \u00fcber die gesamte Fl\u00e4che. Sorge f\u00fcr professionelle Werbegeschenke &amp; B\u00fcroartikel, die deine Kunden t\u00e4glich nutzen.\" \/>\n\t<meta name=\"robots\" content=\"max-image-preview:large\" \/>\n\t<link rel=\"canonical\" href=\"https:\/\/hidalgo.nl\/de\/wp-json\/wp\/v2\/product\/22076\" \/>\n\t<meta name=\"generator\" content=\"All in One SEO Pro (AIOSEO) 4.9.6.2\" \/>\n\t\t<meta property=\"og:locale\" content=\"de_DE\" \/>\n\t\t<meta property=\"og:site_name\" content=\"Hidalgo -\" \/>\n\t\t<meta property=\"og:type\" content=\"article\" \/>\n\t\t<meta property=\"og:title\" content=\"Sublimations-Mauspad bedrucken - 23x20 cm mit logo und vollfl\u00e4chendruck\" \/>\n\t\t<meta property=\"og:description\" content=\"Mit diesem rutschfesten Sublimations-Mauspad in 23x20 cm kannst du Mauspads bedrucken lassen, die im B\u00fcroalltag maximale Sichtbarkeit garantieren. Pr\u00e4sentiere dein Firmenlogo mit brillantem Vollfarbdruck \u00fcber die gesamte Fl\u00e4che. Sorge f\u00fcr professionelle Werbegeschenke &amp; B\u00fcroartikel, die deine Kunden t\u00e4glich nutzen.\" \/>\n\t\t<meta property=\"og:url\" content=\"https:\/\/hidalgo.nl\/de\/wp-json\/wp\/v2\/product\/22076\" \/>\n\t\t<meta property=\"og:image\" content=\"https:\/\/shop.hidalgo.nl\/wp-content\/uploads\/2025\/11\/cropped-Hidalgo-est1993.png\" \/>\n\t\t<meta property=\"og:image:secure_url\" content=\"https:\/\/shop.hidalgo.nl\/wp-content\/uploads\/2025\/11\/cropped-Hidalgo-est1993.png\" \/>\n\t\t<meta property=\"article:published_time\" content=\"2025-07-03T13:35:17+00:00\" \/>\n\t\t<meta property=\"article:modified_time\" content=\"2026-02-17T11:49:22+00:00\" \/>\n\t\t<meta name=\"twitter:card\" content=\"summary_large_image\" \/>\n\t\t<meta name=\"twitter:title\" content=\"Sublimations-Mauspad bedrucken - 23x20 cm mit logo und vollfl\u00e4chendruck\" \/>\n\t\t<meta name=\"twitter:description\" content=\"Mit diesem rutschfesten Sublimations-Mauspad in 23x20 cm kannst du Mauspads bedrucken lassen, die im B\u00fcroalltag maximale Sichtbarkeit garantieren. Pr\u00e4sentiere dein Firmenlogo mit brillantem Vollfarbdruck \u00fcber die gesamte Fl\u00e4che. Sorge f\u00fcr professionelle Werbegeschenke &amp; B\u00fcroartikel, die deine Kunden t\u00e4glich nutzen.\" \/>\n\t\t<meta name=\"twitter:image\" content=\"https:\/\/shop.hidalgo.nl\/wp-content\/uploads\/2025\/11\/cropped-Hidalgo-est1993.png\" \/>\n\t\t<script type=\"application\/ld+json\" class=\"aioseo-schema\">\n\t\t\t{\"@context\":\"https:\\\/\\\/schema.org\",\"@graph\":[{\"@type\":\"BreadcrumbList\",\"@id\":\"https:\\\/\\\/hidalgo.nl\\\/de\\\/product\\\/22076\\\/sublimations-mauspad-bedrucken-23x20-cm-mit-logo-und-vollflaechendruck\\\/#breadcrumblist\",\"itemListElement\":[{\"@type\":\"ListItem\",\"@id\":\"https:\\\/\\\/hidalgo.nl\\\/de\\\/#listItem\",\"position\":1,\"name\":\"Home\",\"item\":\"https:\\\/\\\/hidalgo.nl\\\/de\\\/\",\"nextItem\":{\"@type\":\"ListItem\",\"@id\":\"https:\\\/\\\/hidalgo.nl\\\/example\\\/#listItem\",\"name\":\"example\"}},{\"@type\":\"ListItem\",\"@id\":\"https:\\\/\\\/hidalgo.nl\\\/example\\\/#listItem\",\"position\":2,\"name\":\"example\",\"item\":\"https:\\\/\\\/hidalgo.nl\\\/example\\\/\",\"nextItem\":{\"@type\":\"ListItem\",\"@id\":\"https:\\\/\\\/hidalgo.nl\\\/en\\\/product-supplier\\\/a86\\\/#listItem\",\"name\":\"A86\"},\"previousItem\":{\"@type\":\"ListItem\",\"@id\":\"https:\\\/\\\/hidalgo.nl\\\/de\\\/#listItem\",\"name\":\"Home\"}},{\"@type\":\"ListItem\",\"@id\":\"https:\\\/\\\/hidalgo.nl\\\/en\\\/product-supplier\\\/a86\\\/#listItem\",\"position\":3,\"name\":\"A86\",\"item\":\"https:\\\/\\\/hidalgo.nl\\\/en\\\/product-supplier\\\/a86\\\/\",\"nextItem\":{\"@type\":\"ListItem\",\"@id\":\"https:\\\/\\\/hidalgo.nl\\\/de\\\/product\\\/22076\\\/sublimations-mauspad-bedrucken-23x20-cm-mit-logo-und-vollflaechendruck\\\/#listItem\",\"name\":\"Sublimatie muismat 23&#215;20 cm\"},\"previousItem\":{\"@type\":\"ListItem\",\"@id\":\"https:\\\/\\\/hidalgo.nl\\\/example\\\/#listItem\",\"name\":\"example\"}},{\"@type\":\"ListItem\",\"@id\":\"https:\\\/\\\/hidalgo.nl\\\/de\\\/product\\\/22076\\\/sublimations-mauspad-bedrucken-23x20-cm-mit-logo-und-vollflaechendruck\\\/#listItem\",\"position\":4,\"name\":\"Sublimatie muismat 23&#215;20 cm\",\"previousItem\":{\"@type\":\"ListItem\",\"@id\":\"https:\\\/\\\/hidalgo.nl\\\/en\\\/product-supplier\\\/a86\\\/#listItem\",\"name\":\"A86\"}}]},{\"@type\":\"Organization\",\"@id\":\"https:\\\/\\\/hidalgo.nl\\\/de\\\/#organization\",\"name\":\"Hidalgo\",\"url\":\"https:\\\/\\\/hidalgo.nl\\\/de\\\/\",\"logo\":{\"@type\":\"ImageObject\",\"url\":\"https:\\\/\\\/shop.hidalgo.nl\\\/wp-content\\\/uploads\\\/2025\\\/11\\\/cropped-Hidalgo-est1993.png\",\"@id\":\"https:\\\/\\\/hidalgo.nl\\\/de\\\/product\\\/22076\\\/sublimations-mauspad-bedrucken-23x20-cm-mit-logo-und-vollflaechendruck\\\/#organizationLogo\",\"width\":585,\"height\":195},\"image\":{\"@id\":\"https:\\\/\\\/hidalgo.nl\\\/de\\\/product\\\/22076\\\/sublimations-mauspad-bedrucken-23x20-cm-mit-logo-und-vollflaechendruck\\\/#organizationLogo\"}},{\"@type\":\"ProductGroup\",\"@id\":\"https:\\\/\\\/hidalgo.nl\\\/de\\\/product\\\/22076\\\/sublimations-mauspad-bedrucken-23x20-cm-mit-logo-und-vollflaechendruck\\\/#wooCommerceProduct\",\"name\":\"Sublimations-Mauspad bedrucken - 23x20 cm mit logo und vollfl\\u00e4chendruck\",\"description\":\"Sublimatie muismat 23x20cm.\",\"url\":\"https:\\\/\\\/hidalgo.nl\\\/de\\\/product\\\/22076\\\/sublimations-mauspad-bedrucken-23x20-cm-mit-logo-und-vollflaechendruck\\\/\",\"sku\":\"A86-1615\",\"image\":{\"@type\":\"ImageObject\",\"url\":\"https:\\\/\\\/shop.hidalgo.nl\\\/wp-content\\\/uploads\\\/2025\\\/03\\\/ed43186c9fc175a703969bc4c55c5f442a017ff5febfb49797d977819b2d407a.jpg\",\"@id\":\"https:\\\/\\\/hidalgo.nl\\\/de\\\/product\\\/22076\\\/sublimations-mauspad-bedrucken-23x20-cm-mit-logo-und-vollflaechendruck\\\/#productImage\"},\"productGroupID\":22076,\"hasVariant\":[{\"@type\":\"Product\",\"@id\":\"https:\\\/\\\/hidalgo.nl\\\/de\\\/product\\\/22076\\\/sublimations-mauspad-bedrucken-23x20-cm-mit-logo-und-vollflaechendruck\\\/#wooCommerceProduct\",\"name\":\"Sublimatie muismat 23x20 cm - wit\",\"description\":\"Sublimatie muismat 23x20cm.\",\"url\":\"https:\\\/\\\/hidalgo.nl\\\/de\\\/product\\\/22076\\\/sublimations-mauspad-bedrucken-23x20-cm-mit-logo-und-vollflaechendruck\\\/\",\"sku\":\"A86-1615-03-A06\",\"gtin\":\"8719495002377\",\"image\":{\"@type\":\"ImageObject\",\"url\":\"https:\\\/\\\/shop.hidalgo.nl\\\/wp-content\\\/uploads\\\/2025\\\/05\\\/ed43186c9fc175a703969bc4c55c5f442a017ff5febfb49797d977819b2d407a.jpg\",\"@id\":\"https:\\\/\\\/hidalgo.nl\\\/de\\\/product\\\/22076\\\/sublimations-mauspad-bedrucken-23x20-cm-mit-logo-und-vollflaechendruck\\\/#productImage\",\"width\":1000,\"height\":1000},\"offers\":{\"@type\":\"Offer\",\"url\":\"https:\\\/\\\/hidalgo.nl\\\/de\\\/product\\\/22076\\\/sublimations-mauspad-bedrucken-23x20-cm-mit-logo-und-vollflaechendruck\\\/#wooCommerceOffer\",\"price\":\"1.47\",\"priceCurrency\":\"EUR\",\"category\":\"Promotionele Artikelen\",\"availability\":\"https:\\\/\\\/schema.org\\\/InStock\",\"priceSpecification\":{\"@type\":\"PriceSpecification\",\"price\":1.47,\"priceCurrency\":\"EUR\",\"valueAddedTaxIncluded\":\"true\"}}}]},{\"@type\":\"WebPage\",\"@id\":\"https:\\\/\\\/hidalgo.nl\\\/de\\\/product\\\/22076\\\/sublimations-mauspad-bedrucken-23x20-cm-mit-logo-und-vollflaechendruck\\\/#webpage\",\"url\":\"https:\\\/\\\/hidalgo.nl\\\/de\\\/product\\\/22076\\\/sublimations-mauspad-bedrucken-23x20-cm-mit-logo-und-vollflaechendruck\\\/\",\"name\":\"Sublimations-Mauspad bedrucken - 23x20 cm mit logo und vollfl\\u00e4chendruck\",\"description\":\"Mit diesem rutschfesten Sublimations-Mauspad in 23x20 cm kannst du Mauspads bedrucken lassen, die im B\\u00fcroalltag maximale Sichtbarkeit garantieren. Pr\\u00e4sentiere dein Firmenlogo mit brillantem Vollfarbdruck \\u00fcber die gesamte Fl\\u00e4che. Sorge f\\u00fcr professionelle Werbegeschenke & B\\u00fcroartikel, die deine Kunden t\\u00e4glich nutzen.\",\"inLanguage\":\"de-DE\",\"isPartOf\":{\"@id\":\"https:\\\/\\\/hidalgo.nl\\\/de\\\/#website\"},\"breadcrumb\":{\"@id\":\"https:\\\/\\\/hidalgo.nl\\\/de\\\/product\\\/22076\\\/sublimations-mauspad-bedrucken-23x20-cm-mit-logo-und-vollflaechendruck\\\/#breadcrumblist\"},\"image\":{\"@type\":\"ImageObject\",\"url\":\"https:\\\/\\\/shop.hidalgo.nl\\\/wp-content\\\/uploads\\\/2025\\\/03\\\/ed43186c9fc175a703969bc4c55c5f442a017ff5febfb49797d977819b2d407a.jpg\",\"@id\":\"https:\\\/\\\/hidalgo.nl\\\/de\\\/product\\\/22076\\\/sublimations-mauspad-bedrucken-23x20-cm-mit-logo-und-vollflaechendruck\\\/#mainImage\"},\"primaryImageOfPage\":{\"@id\":\"https:\\\/\\\/hidalgo.nl\\\/de\\\/product\\\/22076\\\/sublimations-mauspad-bedrucken-23x20-cm-mit-logo-und-vollflaechendruck\\\/#mainImage\"},\"datePublished\":\"2025-07-03T13:35:17+00:00\",\"dateModified\":\"2026-02-17T11:49:22+00:00\"},{\"@type\":\"WebSite\",\"@id\":\"https:\\\/\\\/hidalgo.nl\\\/de\\\/#website\",\"url\":\"https:\\\/\\\/hidalgo.nl\\\/de\\\/\",\"name\":\"Hidalgo\",\"inLanguage\":\"de-DE\",\"publisher\":{\"@id\":\"https:\\\/\\\/hidalgo.nl\\\/de\\\/#organization\"}}]}\n\t\t<\/script>\n\t\t<!-- All in One SEO Pro -->\r\n\t\t<title>Sublimations-Mauspad bedrucken - 23x20 cm mit logo und vollfl\u00e4chendruck<\/title>\n\n","aioseo_head_json":{"title":"Sublimations-Mauspad bedrucken - 23x20 cm mit logo und vollfl\u00e4chendruck","description":"Mit diesem rutschfesten Sublimations-Mauspad in 23x20 cm kannst du Mauspads bedrucken lassen, die im B\u00fcroalltag maximale Sichtbarkeit garantieren. Pr\u00e4sentiere dein Firmenlogo mit brillantem Vollfarbdruck \u00fcber die gesamte Fl\u00e4che. Sorge f\u00fcr professionelle Werbegeschenke & B\u00fcroartikel, die deine Kunden t\u00e4glich nutzen.","canonical_url":"https:\/\/hidalgo.nl\/de\/wp-json\/wp\/v2\/product\/22076","robots":"max-image-preview:large","keywords":"","webmasterTools":{"miscellaneous":""},"schema":{"@context":"https:\/\/schema.org","@graph":[{"@type":"BreadcrumbList","@id":"https:\/\/hidalgo.nl\/de\/product\/22076\/sublimations-mauspad-bedrucken-23x20-cm-mit-logo-und-vollflaechendruck\/#breadcrumblist","itemListElement":[{"@type":"ListItem","@id":"https:\/\/hidalgo.nl\/de\/#listItem","position":1,"name":"Home","item":"https:\/\/hidalgo.nl\/de\/","nextItem":{"@type":"ListItem","@id":"https:\/\/hidalgo.nl\/example\/#listItem","name":"example"}},{"@type":"ListItem","@id":"https:\/\/hidalgo.nl\/example\/#listItem","position":2,"name":"example","item":"https:\/\/hidalgo.nl\/example\/","nextItem":{"@type":"ListItem","@id":"https:\/\/hidalgo.nl\/en\/product-supplier\/a86\/#listItem","name":"A86"},"previousItem":{"@type":"ListItem","@id":"https:\/\/hidalgo.nl\/de\/#listItem","name":"Home"}},{"@type":"ListItem","@id":"https:\/\/hidalgo.nl\/en\/product-supplier\/a86\/#listItem","position":3,"name":"A86","item":"https:\/\/hidalgo.nl\/en\/product-supplier\/a86\/","nextItem":{"@type":"ListItem","@id":"https:\/\/hidalgo.nl\/de\/product\/22076\/sublimations-mauspad-bedrucken-23x20-cm-mit-logo-und-vollflaechendruck\/#listItem","name":"Sublimatie muismat 23&#215;20 cm"},"previousItem":{"@type":"ListItem","@id":"https:\/\/hidalgo.nl\/example\/#listItem","name":"example"}},{"@type":"ListItem","@id":"https:\/\/hidalgo.nl\/de\/product\/22076\/sublimations-mauspad-bedrucken-23x20-cm-mit-logo-und-vollflaechendruck\/#listItem","position":4,"name":"Sublimatie muismat 23&#215;20 cm","previousItem":{"@type":"ListItem","@id":"https:\/\/hidalgo.nl\/en\/product-supplier\/a86\/#listItem","name":"A86"}}]},{"@type":"Organization","@id":"https:\/\/hidalgo.nl\/de\/#organization","name":"Hidalgo","url":"https:\/\/hidalgo.nl\/de\/","logo":{"@type":"ImageObject","url":"https:\/\/shop.hidalgo.nl\/wp-content\/uploads\/2025\/11\/cropped-Hidalgo-est1993.png","@id":"https:\/\/hidalgo.nl\/de\/product\/22076\/sublimations-mauspad-bedrucken-23x20-cm-mit-logo-und-vollflaechendruck\/#organizationLogo","width":585,"height":195},"image":{"@id":"https:\/\/hidalgo.nl\/de\/product\/22076\/sublimations-mauspad-bedrucken-23x20-cm-mit-logo-und-vollflaechendruck\/#organizationLogo"}},{"@type":"ProductGroup","@id":"https:\/\/hidalgo.nl\/de\/product\/22076\/sublimations-mauspad-bedrucken-23x20-cm-mit-logo-und-vollflaechendruck\/#wooCommerceProduct","name":"Sublimations-Mauspad bedrucken - 23x20 cm mit logo und vollfl\u00e4chendruck","description":"Sublimatie muismat 23x20cm.","url":"https:\/\/hidalgo.nl\/de\/product\/22076\/sublimations-mauspad-bedrucken-23x20-cm-mit-logo-und-vollflaechendruck\/","sku":"A86-1615","image":{"@type":"ImageObject","url":"https:\/\/shop.hidalgo.nl\/wp-content\/uploads\/2025\/03\/ed43186c9fc175a703969bc4c55c5f442a017ff5febfb49797d977819b2d407a.jpg","@id":"https:\/\/hidalgo.nl\/de\/product\/22076\/sublimations-mauspad-bedrucken-23x20-cm-mit-logo-und-vollflaechendruck\/#productImage"},"productGroupID":22076,"hasVariant":[{"@type":"Product","@id":"https:\/\/hidalgo.nl\/de\/product\/22076\/sublimations-mauspad-bedrucken-23x20-cm-mit-logo-und-vollflaechendruck\/#wooCommerceProduct","name":"Sublimatie muismat 23x20 cm - wit","description":"Sublimatie muismat 23x20cm.","url":"https:\/\/hidalgo.nl\/de\/product\/22076\/sublimations-mauspad-bedrucken-23x20-cm-mit-logo-und-vollflaechendruck\/","sku":"A86-1615-03-A06","gtin":"8719495002377","image":{"@type":"ImageObject","url":"https:\/\/shop.hidalgo.nl\/wp-content\/uploads\/2025\/05\/ed43186c9fc175a703969bc4c55c5f442a017ff5febfb49797d977819b2d407a.jpg","@id":"https:\/\/hidalgo.nl\/de\/product\/22076\/sublimations-mauspad-bedrucken-23x20-cm-mit-logo-und-vollflaechendruck\/#productImage","width":1000,"height":1000},"offers":{"@type":"Offer","url":"https:\/\/hidalgo.nl\/de\/product\/22076\/sublimations-mauspad-bedrucken-23x20-cm-mit-logo-und-vollflaechendruck\/#wooCommerceOffer","price":"1.47","priceCurrency":"EUR","category":"Promotionele Artikelen","availability":"https:\/\/schema.org\/InStock","priceSpecification":{"@type":"PriceSpecification","price":1.47,"priceCurrency":"EUR","valueAddedTaxIncluded":"true"}}}]},{"@type":"WebPage","@id":"https:\/\/hidalgo.nl\/de\/product\/22076\/sublimations-mauspad-bedrucken-23x20-cm-mit-logo-und-vollflaechendruck\/#webpage","url":"https:\/\/hidalgo.nl\/de\/product\/22076\/sublimations-mauspad-bedrucken-23x20-cm-mit-logo-und-vollflaechendruck\/","name":"Sublimations-Mauspad bedrucken - 23x20 cm mit logo und vollfl\u00e4chendruck","description":"Mit diesem rutschfesten Sublimations-Mauspad in 23x20 cm kannst du Mauspads bedrucken lassen, die im B\u00fcroalltag maximale Sichtbarkeit garantieren. Pr\u00e4sentiere dein Firmenlogo mit brillantem Vollfarbdruck \u00fcber die gesamte Fl\u00e4che. Sorge f\u00fcr professionelle Werbegeschenke & B\u00fcroartikel, die deine Kunden t\u00e4glich nutzen.","inLanguage":"de-DE","isPartOf":{"@id":"https:\/\/hidalgo.nl\/de\/#website"},"breadcrumb":{"@id":"https:\/\/hidalgo.nl\/de\/product\/22076\/sublimations-mauspad-bedrucken-23x20-cm-mit-logo-und-vollflaechendruck\/#breadcrumblist"},"image":{"@type":"ImageObject","url":"https:\/\/shop.hidalgo.nl\/wp-content\/uploads\/2025\/03\/ed43186c9fc175a703969bc4c55c5f442a017ff5febfb49797d977819b2d407a.jpg","@id":"https:\/\/hidalgo.nl\/de\/product\/22076\/sublimations-mauspad-bedrucken-23x20-cm-mit-logo-und-vollflaechendruck\/#mainImage"},"primaryImageOfPage":{"@id":"https:\/\/hidalgo.nl\/de\/product\/22076\/sublimations-mauspad-bedrucken-23x20-cm-mit-logo-und-vollflaechendruck\/#mainImage"},"datePublished":"2025-07-03T13:35:17+00:00","dateModified":"2026-02-17T11:49:22+00:00"},{"@type":"WebSite","@id":"https:\/\/hidalgo.nl\/de\/#website","url":"https:\/\/hidalgo.nl\/de\/","name":"Hidalgo","inLanguage":"de-DE","publisher":{"@id":"https:\/\/hidalgo.nl\/de\/#organization"}}]},"og:locale":"de_DE","og:site_name":"Hidalgo -","og:type":"article","og:title":"Sublimations-Mauspad bedrucken - 23x20 cm mit logo und vollfl\u00e4chendruck","og:description":"Mit diesem rutschfesten Sublimations-Mauspad in 23x20 cm kannst du Mauspads bedrucken lassen, die im B\u00fcroalltag maximale Sichtbarkeit garantieren. Pr\u00e4sentiere dein Firmenlogo mit brillantem Vollfarbdruck \u00fcber die gesamte Fl\u00e4che. Sorge f\u00fcr professionelle Werbegeschenke &amp; B\u00fcroartikel, die deine Kunden t\u00e4glich nutzen.","og:url":"https:\/\/hidalgo.nl\/de\/wp-json\/wp\/v2\/product\/22076","og:image":"https:\/\/shop.hidalgo.nl\/wp-content\/uploads\/2025\/11\/cropped-Hidalgo-est1993.png","og:image:secure_url":"https:\/\/shop.hidalgo.nl\/wp-content\/uploads\/2025\/11\/cropped-Hidalgo-est1993.png","article:published_time":"2025-07-03T13:35:17+00:00","article:modified_time":"2026-02-17T11:49:22+00:00","twitter:card":"summary_large_image","twitter:title":"Sublimations-Mauspad bedrucken - 23x20 cm mit logo und vollfl\u00e4chendruck","twitter:description":"Mit diesem rutschfesten Sublimations-Mauspad in 23x20 cm kannst du Mauspads bedrucken lassen, die im B\u00fcroalltag maximale Sichtbarkeit garantieren. Pr\u00e4sentiere dein Firmenlogo mit brillantem Vollfarbdruck \u00fcber die gesamte Fl\u00e4che. Sorge f\u00fcr professionelle Werbegeschenke &amp; B\u00fcroartikel, die deine Kunden t\u00e4glich nutzen.","twitter:image":"https:\/\/shop.hidalgo.nl\/wp-content\/uploads\/2025\/11\/cropped-Hidalgo-est1993.png"},"aioseo_meta_data":{"post_id":"22076","title":null,"description":null,"keywords":null,"keyphrases":null,"primary_term":null,"canonical_url":null,"og_title":null,"og_description":null,"og_object_type":"default","og_image_type":"default","og_image_url":null,"og_image_width":null,"og_image_height":null,"og_image_custom_url":null,"og_image_custom_fields":null,"og_video":null,"og_custom_url":null,"og_article_section":null,"og_article_tags":null,"twitter_use_og":false,"twitter_card":"default","twitter_image_type":"default","twitter_image_url":null,"twitter_image_custom_url":null,"twitter_image_custom_fields":null,"twitter_title":null,"twitter_description":null,"schema":{"blockGraphs":[],"customGraphs":[],"default":{"data":{"Article":[],"Course":[],"Dataset":[],"FAQPage":[],"Movie":[],"Person":[],"Product":[],"ProductReview":[],"Car":[],"Recipe":[],"Service":[],"SoftwareApplication":[],"WebPage":[]},"graphName":"","isEnabled":true},"graphs":[]},"schema_type":"default","schema_type_options":null,"pillar_content":false,"robots_default":true,"robots_noindex":false,"robots_noarchive":false,"robots_nosnippet":false,"robots_nofollow":false,"robots_noimageindex":false,"robots_noodp":false,"robots_notranslate":false,"robots_max_snippet":null,"robots_max_videopreview":null,"robots_max_imagepreview":"large","priority":null,"frequency":null,"local_seo":null,"seo_analyzer_scan_date":"2026-01-20 12:15:07","breadcrumb_settings":null,"limit_modified_date":false,"reviewed_by":null,"open_ai":null,"ai":null,"created":"2026-01-14 06:17:38","updated":"2026-04-23 05:29:00"},"aioseo_breadcrumb":"<div class=\"aioseo-breadcrumbs\"><span class=\"aioseo-breadcrumb\">\n\t<a href=\"https:\/\/hidalgo.nl\/de\/\" title=\"Home\">Home<\/a>\n<\/span><span class=\"aioseo-breadcrumb-separator\">\u00bb<\/span><span class=\"aioseo-breadcrumb\">\n\t<a href=\"https:\/\/hidalgo.nl\/example\/\" title=\"example\">example<\/a>\n<\/span><span class=\"aioseo-breadcrumb-separator\">\u00bb<\/span><span class=\"aioseo-breadcrumb\">\n\t<a href=\"https:\/\/hidalgo.nl\/en\/product-supplier\/a86\/\" title=\"A86\">A86<\/a>\n<\/span><span class=\"aioseo-breadcrumb-separator\">\u00bb<\/span><span class=\"aioseo-breadcrumb\">\n\tSublimatie muismat 23\u00d720 cm\n<\/span><\/div>","aioseo_breadcrumb_json":[{"label":"Home","link":"https:\/\/hidalgo.nl\/de\/"},{"label":"example","link":"https:\/\/hidalgo.nl\/example\/"},{"label":"A86","link":"https:\/\/hidalgo.nl\/en\/product-supplier\/a86\/"},{"label":"Sublimatie muismat 23&#215;20 cm","link":"https:\/\/hidalgo.nl\/de\/product\/22076\/sublimations-mauspad-bedrucken-23x20-cm-mit-logo-und-vollflaechendruck\/"}],"_links":{"self":[{"href":"https:\/\/hidalgo.nl\/de\/wp-json\/wp\/v2\/product\/22076","targetHints":{"allow":["GET"]}}],"collection":[{"href":"https:\/\/hidalgo.nl\/de\/wp-json\/wp\/v2\/product"}],"about":[{"href":"https:\/\/hidalgo.nl\/de\/wp-json\/wp\/v2\/types\/product"}],"wp:featuredmedia":[{"embeddable":true,"href":"https:\/\/hidalgo.nl\/de\/wp-json\/wp\/v2\/media\/593927"}],"wp:attachment":[{"href":"https:\/\/hidalgo.nl\/de\/wp-json\/wp\/v2\/media?parent=22076"}],"wp:term":[{"taxonomy":"product_brand","embeddable":true,"href":"https:\/\/hidalgo.nl\/de\/wp-json\/wp\/v2\/product_brand?post=22076"},{"taxonomy":"product_cat","embeddable":true,"href":"https:\/\/hidalgo.nl\/de\/wp-json\/wp\/v2\/product_cat?post=22076"},{"taxonomy":"product_tag","embeddable":true,"href":"https:\/\/hidalgo.nl\/de\/wp-json\/wp\/v2\/product_tag?post=22076"}],"curies":[{"name":"wp","href":"https:\/\/api.w.org\/{rel}","templated":true}]}}