{"id":21812,"date":"2025-07-03T13:28:34","date_gmt":"2025-07-03T13:28:34","guid":{"rendered":"http:\/\/bidonsenshakers.pim.hidalgo.nl\/product\/grof-gebreide-fisher-muts\/"},"modified":"2026-02-17T11:49:24","modified_gmt":"2026-02-17T11:49:24","slug":"grof-gebreide-fisher-muts","status":"publish","type":"product","link":"https:\/\/hidalgo.nl\/de\/product\/21812\/logo-muetzen-sticken-bedrucken-die-trendige-fischer-muetze\/","title":{"rendered":"Grof gebreide fisher muts"},"content":{"rendered":"<p>Deze grof gebreide Fisher hat is niet alleen stijlvol, maar ook lekker warm. Personaliseer dit toffe item van 100% acryl met een eigen borduring of label en cre\u00eber een uniek promotieartikel!<\/p>\n","protected":false},"excerpt":{"rendered":"<p>Grof gebreide Fisher hat<\/p>\n","protected":false},"featured_media":596185,"template":"","meta":{"_acf_changed":false,"om_disable_all_campaigns":false,"_monsterinsights_skip_tracking":false,"_monsterinsights_sitenote_active":false,"_monsterinsights_sitenote_note":"","_monsterinsights_sitenote_category":0},"product_brand":[],"product_cat":[4716,4759,4746],"product_tag":[],"class_list":{"0":"post-21812","1":"product","2":"type-product","3":"status-publish","4":"has-post-thumbnail","6":"product_supplier-a86","7":"product_material-100-acryl","8":"product_cat-kleding","9":"product_cat-kleding-petten-mutsen-en-hoeden-mutsen","10":"product_cat-kleding-petten-mutsen-en-hoeden","11":"entry","13":"first","14":"instock","15":"taxable","16":"shipping-taxable","17":"purchasable","18":"product-type-variable"},"acf":{"imprint_cost":[{"imprint_cost_key":"42accde2ee4400881014c38bb518d834e795ed52","product_quantity_price_range":[{"imprint_cost_recommended_selling_price":"4.35","imprint_cost_recommended_selling_quantity":"25"},{"imprint_cost_recommended_selling_price":"3.24","imprint_cost_recommended_selling_quantity":"50"},{"imprint_cost_recommended_selling_price":"1.8","imprint_cost_recommended_selling_quantity":"100"},{"imprint_cost_recommended_selling_price":"1.485","imprint_cost_recommended_selling_quantity":"250"},{"imprint_cost_recommended_selling_price":"1.2","imprint_cost_recommended_selling_quantity":"500"},{"imprint_cost_recommended_selling_price":"1.17","imprint_cost_recommended_selling_quantity":"1000"},{"imprint_cost_recommended_selling_price":"1.14","imprint_cost_recommended_selling_quantity":"2500"}],"product_quantity_price_range_buying":[{"imprint_cost_general_buying_price":"2.9","imprint_cost_general_buying_quantity":"25"},{"imprint_cost_general_buying_price":"2.16","imprint_cost_general_buying_quantity":"50"},{"imprint_cost_general_buying_price":"1.2","imprint_cost_general_buying_quantity":"100"},{"imprint_cost_general_buying_price":"0.99","imprint_cost_general_buying_quantity":"250"},{"imprint_cost_general_buying_price":"0.8","imprint_cost_general_buying_quantity":"500"},{"imprint_cost_general_buying_price":"0.78","imprint_cost_general_buying_quantity":"1000"},{"imprint_cost_general_buying_price":"0.76","imprint_cost_general_buying_quantity":"2500"}],"imprint_cost_setup_costs":"37.5","imprint_cost_handling_costs":"0"},{"imprint_cost_key":"5796948bc58c5c23297a64677a127333ad582ede","product_quantity_price_range":[{"imprint_cost_recommended_selling_price":"4.935","imprint_cost_recommended_selling_quantity":"25"},{"imprint_cost_recommended_selling_price":"3.705","imprint_cost_recommended_selling_quantity":"50"},{"imprint_cost_recommended_selling_price":"2.175","imprint_cost_recommended_selling_quantity":"100"},{"imprint_cost_recommended_selling_price":"1.86","imprint_cost_recommended_selling_quantity":"250"},{"imprint_cost_recommended_selling_price":"1.575","imprint_cost_recommended_selling_quantity":"500"},{"imprint_cost_recommended_selling_price":"1.455","imprint_cost_recommended_selling_quantity":"1000"},{"imprint_cost_recommended_selling_price":"1.38","imprint_cost_recommended_selling_quantity":"2500"}],"product_quantity_price_range_buying":[{"imprint_cost_general_buying_price":"3.29","imprint_cost_general_buying_quantity":"25"},{"imprint_cost_general_buying_price":"2.47","imprint_cost_general_buying_quantity":"50"},{"imprint_cost_general_buying_price":"1.45","imprint_cost_general_buying_quantity":"100"},{"imprint_cost_general_buying_price":"1.24","imprint_cost_general_buying_quantity":"250"},{"imprint_cost_general_buying_price":"1.05","imprint_cost_general_buying_quantity":"500"},{"imprint_cost_general_buying_price":"0.97","imprint_cost_general_buying_quantity":"1000"},{"imprint_cost_general_buying_price":"0.92","imprint_cost_general_buying_quantity":"2500"}],"imprint_cost_setup_costs":"37.5","imprint_cost_handling_costs":"0"},{"imprint_cost_key":"7f871a5d61947613bfd797baba56a14827d13f17","product_quantity_price_range":[{"imprint_cost_recommended_selling_price":"5.235","imprint_cost_recommended_selling_quantity":"25"},{"imprint_cost_recommended_selling_price":"3.945","imprint_cost_recommended_selling_quantity":"50"},{"imprint_cost_recommended_selling_price":"2.355","imprint_cost_recommended_selling_quantity":"100"},{"imprint_cost_recommended_selling_price":"2.025","imprint_cost_recommended_selling_quantity":"250"},{"imprint_cost_recommended_selling_price":"1.755","imprint_cost_recommended_selling_quantity":"500"},{"imprint_cost_recommended_selling_price":"1.605","imprint_cost_recommended_selling_quantity":"1000"},{"imprint_cost_recommended_selling_price":"1.5","imprint_cost_recommended_selling_quantity":"2500"}],"product_quantity_price_range_buying":[{"imprint_cost_general_buying_price":"3.49","imprint_cost_general_buying_quantity":"25"},{"imprint_cost_general_buying_price":"2.63","imprint_cost_general_buying_quantity":"50"},{"imprint_cost_general_buying_price":"1.57","imprint_cost_general_buying_quantity":"100"},{"imprint_cost_general_buying_price":"1.35","imprint_cost_general_buying_quantity":"250"},{"imprint_cost_general_buying_price":"1.17","imprint_cost_general_buying_quantity":"500"},{"imprint_cost_general_buying_price":"1.07","imprint_cost_general_buying_quantity":"1000"},{"imprint_cost_general_buying_price":"1","imprint_cost_general_buying_quantity":"2500"}],"imprint_cost_setup_costs":"37.5","imprint_cost_handling_costs":"0"},{"imprint_cost_key":"b157fc9c44c161fd644288862b2947809834d7e5","product_quantity_price_range":[{"imprint_cost_recommended_selling_price":"4.695","imprint_cost_recommended_selling_quantity":"100"},{"imprint_cost_recommended_selling_price":"2.475","imprint_cost_recommended_selling_quantity":"250"},{"imprint_cost_recommended_selling_price":"1.8","imprint_cost_recommended_selling_quantity":"500"},{"imprint_cost_recommended_selling_price":"1.38","imprint_cost_recommended_selling_quantity":"1000"},{"imprint_cost_recommended_selling_price":"1.35","imprint_cost_recommended_selling_quantity":"1500"}],"product_quantity_price_range_buying":[{"imprint_cost_general_buying_price":"3.13","imprint_cost_general_buying_quantity":"100"},{"imprint_cost_general_buying_price":"1.65","imprint_cost_general_buying_quantity":"250"},{"imprint_cost_general_buying_price":"1.2","imprint_cost_general_buying_quantity":"500"},{"imprint_cost_general_buying_price":"0.92","imprint_cost_general_buying_quantity":"1000"},{"imprint_cost_general_buying_price":"0.9","imprint_cost_general_buying_quantity":"1500"}],"imprint_cost_setup_costs":"41.25","imprint_cost_handling_costs":"0"},{"imprint_cost_key":"86073cc581b0b7d0550b5e312d01632fd91f7098","product_quantity_price_range":[{"imprint_cost_recommended_selling_price":"4.905","imprint_cost_recommended_selling_quantity":"100"},{"imprint_cost_recommended_selling_price":"2.73","imprint_cost_recommended_selling_quantity":"250"},{"imprint_cost_recommended_selling_price":"1.98","imprint_cost_recommended_selling_quantity":"500"},{"imprint_cost_recommended_selling_price":"1.515","imprint_cost_recommended_selling_quantity":"1000"},{"imprint_cost_recommended_selling_price":"1.485","imprint_cost_recommended_selling_quantity":"1500"}],"product_quantity_price_range_buying":[{"imprint_cost_general_buying_price":"3.27","imprint_cost_general_buying_quantity":"100"},{"imprint_cost_general_buying_price":"1.82","imprint_cost_general_buying_quantity":"250"},{"imprint_cost_general_buying_price":"1.32","imprint_cost_general_buying_quantity":"500"},{"imprint_cost_general_buying_price":"1.01","imprint_cost_general_buying_quantity":"1000"},{"imprint_cost_general_buying_price":"0.99","imprint_cost_general_buying_quantity":"1500"}],"imprint_cost_setup_costs":"41.25","imprint_cost_handling_costs":"0"}]},"aioseo_notices":[],"aioseo_head":"\n\t\t<!-- All in One SEO Pro 4.9.5.2 - aioseo.com -->\n\t<meta name=\"description\" content=\"Diese trendige Grobstrick M\u00fctze aus warmem Acryl ist ideal, wenn du moderne Werbeartikel M\u00fctzen mit Logo suchst. Du kannst sie hochwertig besticken oder M\u00fctzen bedrucken lassen und deinen Mitarbeitern oder Kunden einen langlebigen Mehrwert bieten.\" \/>\n\t<meta name=\"robots\" content=\"max-image-preview:large\" \/>\n\t<link rel=\"canonical\" href=\"https:\/\/hidalgo.nl\/de\/wp-json\/wp\/v2\/product\/21812\" \/>\n\t<meta name=\"generator\" content=\"All in One SEO Pro (AIOSEO) 4.9.5.2\" \/>\n\t\t<meta property=\"og:locale\" content=\"de_DE\" \/>\n\t\t<meta property=\"og:site_name\" content=\"Hidalgo -\" \/>\n\t\t<meta property=\"og:type\" content=\"article\" \/>\n\t\t<meta property=\"og:title\" content=\"Logo m\u00fctzen sticken &amp; bedrucken: die trendige fischer m\u00fctze.\" \/>\n\t\t<meta property=\"og:description\" content=\"Diese trendige Grobstrick M\u00fctze aus warmem Acryl ist ideal, wenn du moderne Werbeartikel M\u00fctzen mit Logo suchst. Du kannst sie hochwertig besticken oder M\u00fctzen bedrucken lassen und deinen Mitarbeitern oder Kunden einen langlebigen Mehrwert bieten.\" \/>\n\t\t<meta property=\"og:url\" content=\"https:\/\/hidalgo.nl\/de\/wp-json\/wp\/v2\/product\/21812\" \/>\n\t\t<meta property=\"og:image\" content=\"https:\/\/shop.hidalgo.nl\/wp-content\/uploads\/2025\/11\/cropped-Hidalgo-est1993.png\" \/>\n\t\t<meta property=\"og:image:secure_url\" content=\"https:\/\/shop.hidalgo.nl\/wp-content\/uploads\/2025\/11\/cropped-Hidalgo-est1993.png\" \/>\n\t\t<meta property=\"article:published_time\" content=\"2025-07-03T13:28:34+00:00\" \/>\n\t\t<meta property=\"article:modified_time\" content=\"2026-02-17T11:49:24+00:00\" \/>\n\t\t<meta name=\"twitter:card\" content=\"summary_large_image\" \/>\n\t\t<meta name=\"twitter:title\" content=\"Logo m\u00fctzen sticken &amp; bedrucken: die trendige fischer m\u00fctze.\" \/>\n\t\t<meta name=\"twitter:description\" content=\"Diese trendige Grobstrick M\u00fctze aus warmem Acryl ist ideal, wenn du moderne Werbeartikel M\u00fctzen mit Logo suchst. Du kannst sie hochwertig besticken oder M\u00fctzen bedrucken lassen und deinen Mitarbeitern oder Kunden einen langlebigen Mehrwert bieten.\" \/>\n\t\t<meta name=\"twitter:image\" content=\"https:\/\/shop.hidalgo.nl\/wp-content\/uploads\/2025\/11\/cropped-Hidalgo-est1993.png\" \/>\n\t\t<script type=\"application\/ld+json\" class=\"aioseo-schema\">\n\t\t\t{\"@context\":\"https:\\\/\\\/schema.org\",\"@graph\":[{\"@type\":\"BreadcrumbList\",\"@id\":\"https:\\\/\\\/hidalgo.nl\\\/de\\\/product\\\/21812\\\/logo-muetzen-sticken-bedrucken-die-trendige-fischer-muetze\\\/#breadcrumblist\",\"itemListElement\":[{\"@type\":\"ListItem\",\"@id\":\"https:\\\/\\\/hidalgo.nl\\\/de\\\/#listItem\",\"position\":1,\"name\":\"Home\",\"item\":\"https:\\\/\\\/hidalgo.nl\\\/de\\\/\",\"nextItem\":{\"@type\":\"ListItem\",\"@id\":\"https:\\\/\\\/hidalgo.nl\\\/example\\\/#listItem\",\"name\":\"example\"}},{\"@type\":\"ListItem\",\"@id\":\"https:\\\/\\\/hidalgo.nl\\\/example\\\/#listItem\",\"position\":2,\"name\":\"example\",\"item\":\"https:\\\/\\\/hidalgo.nl\\\/example\\\/\",\"nextItem\":{\"@type\":\"ListItem\",\"@id\":\"https:\\\/\\\/hidalgo.nl\\\/en\\\/product-supplier\\\/a86\\\/#listItem\",\"name\":\"A86\"},\"previousItem\":{\"@type\":\"ListItem\",\"@id\":\"https:\\\/\\\/hidalgo.nl\\\/de\\\/#listItem\",\"name\":\"Home\"}},{\"@type\":\"ListItem\",\"@id\":\"https:\\\/\\\/hidalgo.nl\\\/en\\\/product-supplier\\\/a86\\\/#listItem\",\"position\":3,\"name\":\"A86\",\"item\":\"https:\\\/\\\/hidalgo.nl\\\/en\\\/product-supplier\\\/a86\\\/\",\"nextItem\":{\"@type\":\"ListItem\",\"@id\":\"https:\\\/\\\/hidalgo.nl\\\/de\\\/product\\\/21812\\\/logo-muetzen-sticken-bedrucken-die-trendige-fischer-muetze\\\/#listItem\",\"name\":\"Grof gebreide fisher muts\"},\"previousItem\":{\"@type\":\"ListItem\",\"@id\":\"https:\\\/\\\/hidalgo.nl\\\/example\\\/#listItem\",\"name\":\"example\"}},{\"@type\":\"ListItem\",\"@id\":\"https:\\\/\\\/hidalgo.nl\\\/de\\\/product\\\/21812\\\/logo-muetzen-sticken-bedrucken-die-trendige-fischer-muetze\\\/#listItem\",\"position\":4,\"name\":\"Grof gebreide fisher muts\",\"previousItem\":{\"@type\":\"ListItem\",\"@id\":\"https:\\\/\\\/hidalgo.nl\\\/en\\\/product-supplier\\\/a86\\\/#listItem\",\"name\":\"A86\"}}]},{\"@type\":\"ItemPage\",\"@id\":\"https:\\\/\\\/hidalgo.nl\\\/de\\\/product\\\/21812\\\/logo-muetzen-sticken-bedrucken-die-trendige-fischer-muetze\\\/#itempage\",\"url\":\"https:\\\/\\\/hidalgo.nl\\\/de\\\/product\\\/21812\\\/logo-muetzen-sticken-bedrucken-die-trendige-fischer-muetze\\\/\",\"name\":\"Logo m\\u00fctzen sticken & bedrucken: die trendige fischer m\\u00fctze.\",\"description\":\"Diese trendige Grobstrick M\\u00fctze aus warmem Acryl ist ideal, wenn du moderne Werbeartikel M\\u00fctzen mit Logo suchst. Du kannst sie hochwertig besticken oder M\\u00fctzen bedrucken lassen und deinen Mitarbeitern oder Kunden einen langlebigen Mehrwert bieten.\",\"inLanguage\":\"de-DE\",\"isPartOf\":{\"@id\":\"https:\\\/\\\/hidalgo.nl\\\/de\\\/#website\"},\"breadcrumb\":{\"@id\":\"https:\\\/\\\/hidalgo.nl\\\/de\\\/product\\\/21812\\\/logo-muetzen-sticken-bedrucken-die-trendige-fischer-muetze\\\/#breadcrumblist\"},\"image\":{\"@type\":\"ImageObject\",\"url\":\"https:\\\/\\\/shop.hidalgo.nl\\\/wp-content\\\/uploads\\\/2025\\\/03\\\/f32e3b1bc1e80dc37264a9dc2979d5453edf8366d698b91666bb4f069c9e218a.jpg\",\"@id\":\"https:\\\/\\\/hidalgo.nl\\\/de\\\/product\\\/21812\\\/logo-muetzen-sticken-bedrucken-die-trendige-fischer-muetze\\\/#mainImage\"},\"primaryImageOfPage\":{\"@id\":\"https:\\\/\\\/hidalgo.nl\\\/de\\\/product\\\/21812\\\/logo-muetzen-sticken-bedrucken-die-trendige-fischer-muetze\\\/#mainImage\"},\"datePublished\":\"2025-07-03T13:28:34+00:00\",\"dateModified\":\"2026-02-17T11:49:24+00:00\"},{\"@type\":\"Organization\",\"@id\":\"https:\\\/\\\/hidalgo.nl\\\/de\\\/#organization\",\"name\":\"Hidalgo\",\"url\":\"https:\\\/\\\/hidalgo.nl\\\/de\\\/\",\"logo\":{\"@type\":\"ImageObject\",\"url\":\"https:\\\/\\\/shop.hidalgo.nl\\\/wp-content\\\/uploads\\\/2025\\\/11\\\/cropped-Hidalgo-est1993.png\",\"@id\":\"https:\\\/\\\/hidalgo.nl\\\/de\\\/product\\\/21812\\\/logo-muetzen-sticken-bedrucken-die-trendige-fischer-muetze\\\/#organizationLogo\",\"width\":585,\"height\":195},\"image\":{\"@id\":\"https:\\\/\\\/hidalgo.nl\\\/de\\\/product\\\/21812\\\/logo-muetzen-sticken-bedrucken-die-trendige-fischer-muetze\\\/#organizationLogo\"}},{\"@type\":\"WebPage\",\"@id\":\"https:\\\/\\\/hidalgo.nl\\\/de\\\/product\\\/21812\\\/logo-muetzen-sticken-bedrucken-die-trendige-fischer-muetze\\\/#webpage\",\"url\":\"https:\\\/\\\/hidalgo.nl\\\/de\\\/product\\\/21812\\\/logo-muetzen-sticken-bedrucken-die-trendige-fischer-muetze\\\/\",\"name\":\"Logo m\\u00fctzen sticken & bedrucken: die trendige fischer m\\u00fctze.\",\"description\":\"Diese trendige Grobstrick M\\u00fctze aus warmem Acryl ist ideal, wenn du moderne Werbeartikel M\\u00fctzen mit Logo suchst. Du kannst sie hochwertig besticken oder M\\u00fctzen bedrucken lassen und deinen Mitarbeitern oder Kunden einen langlebigen Mehrwert bieten.\",\"inLanguage\":\"de-DE\",\"isPartOf\":{\"@id\":\"https:\\\/\\\/hidalgo.nl\\\/de\\\/#website\"},\"breadcrumb\":{\"@id\":\"https:\\\/\\\/hidalgo.nl\\\/de\\\/product\\\/21812\\\/logo-muetzen-sticken-bedrucken-die-trendige-fischer-muetze\\\/#breadcrumblist\"},\"image\":{\"@type\":\"ImageObject\",\"url\":\"https:\\\/\\\/shop.hidalgo.nl\\\/wp-content\\\/uploads\\\/2025\\\/03\\\/f32e3b1bc1e80dc37264a9dc2979d5453edf8366d698b91666bb4f069c9e218a.jpg\",\"@id\":\"https:\\\/\\\/hidalgo.nl\\\/de\\\/product\\\/21812\\\/logo-muetzen-sticken-bedrucken-die-trendige-fischer-muetze\\\/#mainImage\"},\"primaryImageOfPage\":{\"@id\":\"https:\\\/\\\/hidalgo.nl\\\/de\\\/product\\\/21812\\\/logo-muetzen-sticken-bedrucken-die-trendige-fischer-muetze\\\/#mainImage\"},\"datePublished\":\"2025-07-03T13:28:34+00:00\",\"dateModified\":\"2026-02-17T11:49:24+00:00\"},{\"@type\":\"WebSite\",\"@id\":\"https:\\\/\\\/hidalgo.nl\\\/de\\\/#website\",\"url\":\"https:\\\/\\\/hidalgo.nl\\\/de\\\/\",\"name\":\"Hidalgo\",\"inLanguage\":\"de-DE\",\"publisher\":{\"@id\":\"https:\\\/\\\/hidalgo.nl\\\/de\\\/#organization\"}}]}\n\t\t<\/script>\n\t\t<!-- All in One SEO Pro -->\r\n\t\t<title>Logo m\u00fctzen sticken &amp; bedrucken: die trendige fischer m\u00fctze.<\/title>\n\n","aioseo_head_json":{"title":"Logo m\u00fctzen sticken & bedrucken: die trendige fischer m\u00fctze.","description":"Diese trendige Grobstrick M\u00fctze aus warmem Acryl ist ideal, wenn du moderne Werbeartikel M\u00fctzen mit Logo suchst. Du kannst sie hochwertig besticken oder M\u00fctzen bedrucken lassen und deinen Mitarbeitern oder Kunden einen langlebigen Mehrwert bieten.","canonical_url":"https:\/\/hidalgo.nl\/de\/wp-json\/wp\/v2\/product\/21812","robots":"max-image-preview:large","keywords":"","webmasterTools":{"miscellaneous":""},"schema":{"@context":"https:\/\/schema.org","@graph":[{"@type":"BreadcrumbList","@id":"https:\/\/hidalgo.nl\/de\/product\/21812\/logo-muetzen-sticken-bedrucken-die-trendige-fischer-muetze\/#breadcrumblist","itemListElement":[{"@type":"ListItem","@id":"https:\/\/hidalgo.nl\/de\/#listItem","position":1,"name":"Home","item":"https:\/\/hidalgo.nl\/de\/","nextItem":{"@type":"ListItem","@id":"https:\/\/hidalgo.nl\/example\/#listItem","name":"example"}},{"@type":"ListItem","@id":"https:\/\/hidalgo.nl\/example\/#listItem","position":2,"name":"example","item":"https:\/\/hidalgo.nl\/example\/","nextItem":{"@type":"ListItem","@id":"https:\/\/hidalgo.nl\/en\/product-supplier\/a86\/#listItem","name":"A86"},"previousItem":{"@type":"ListItem","@id":"https:\/\/hidalgo.nl\/de\/#listItem","name":"Home"}},{"@type":"ListItem","@id":"https:\/\/hidalgo.nl\/en\/product-supplier\/a86\/#listItem","position":3,"name":"A86","item":"https:\/\/hidalgo.nl\/en\/product-supplier\/a86\/","nextItem":{"@type":"ListItem","@id":"https:\/\/hidalgo.nl\/de\/product\/21812\/logo-muetzen-sticken-bedrucken-die-trendige-fischer-muetze\/#listItem","name":"Grof gebreide fisher muts"},"previousItem":{"@type":"ListItem","@id":"https:\/\/hidalgo.nl\/example\/#listItem","name":"example"}},{"@type":"ListItem","@id":"https:\/\/hidalgo.nl\/de\/product\/21812\/logo-muetzen-sticken-bedrucken-die-trendige-fischer-muetze\/#listItem","position":4,"name":"Grof gebreide fisher muts","previousItem":{"@type":"ListItem","@id":"https:\/\/hidalgo.nl\/en\/product-supplier\/a86\/#listItem","name":"A86"}}]},{"@type":"ItemPage","@id":"https:\/\/hidalgo.nl\/de\/product\/21812\/logo-muetzen-sticken-bedrucken-die-trendige-fischer-muetze\/#itempage","url":"https:\/\/hidalgo.nl\/de\/product\/21812\/logo-muetzen-sticken-bedrucken-die-trendige-fischer-muetze\/","name":"Logo m\u00fctzen sticken & bedrucken: die trendige fischer m\u00fctze.","description":"Diese trendige Grobstrick M\u00fctze aus warmem Acryl ist ideal, wenn du moderne Werbeartikel M\u00fctzen mit Logo suchst. Du kannst sie hochwertig besticken oder M\u00fctzen bedrucken lassen und deinen Mitarbeitern oder Kunden einen langlebigen Mehrwert bieten.","inLanguage":"de-DE","isPartOf":{"@id":"https:\/\/hidalgo.nl\/de\/#website"},"breadcrumb":{"@id":"https:\/\/hidalgo.nl\/de\/product\/21812\/logo-muetzen-sticken-bedrucken-die-trendige-fischer-muetze\/#breadcrumblist"},"image":{"@type":"ImageObject","url":"https:\/\/shop.hidalgo.nl\/wp-content\/uploads\/2025\/03\/f32e3b1bc1e80dc37264a9dc2979d5453edf8366d698b91666bb4f069c9e218a.jpg","@id":"https:\/\/hidalgo.nl\/de\/product\/21812\/logo-muetzen-sticken-bedrucken-die-trendige-fischer-muetze\/#mainImage"},"primaryImageOfPage":{"@id":"https:\/\/hidalgo.nl\/de\/product\/21812\/logo-muetzen-sticken-bedrucken-die-trendige-fischer-muetze\/#mainImage"},"datePublished":"2025-07-03T13:28:34+00:00","dateModified":"2026-02-17T11:49:24+00:00"},{"@type":"Organization","@id":"https:\/\/hidalgo.nl\/de\/#organization","name":"Hidalgo","url":"https:\/\/hidalgo.nl\/de\/","logo":{"@type":"ImageObject","url":"https:\/\/shop.hidalgo.nl\/wp-content\/uploads\/2025\/11\/cropped-Hidalgo-est1993.png","@id":"https:\/\/hidalgo.nl\/de\/product\/21812\/logo-muetzen-sticken-bedrucken-die-trendige-fischer-muetze\/#organizationLogo","width":585,"height":195},"image":{"@id":"https:\/\/hidalgo.nl\/de\/product\/21812\/logo-muetzen-sticken-bedrucken-die-trendige-fischer-muetze\/#organizationLogo"}},{"@type":"WebPage","@id":"https:\/\/hidalgo.nl\/de\/product\/21812\/logo-muetzen-sticken-bedrucken-die-trendige-fischer-muetze\/#webpage","url":"https:\/\/hidalgo.nl\/de\/product\/21812\/logo-muetzen-sticken-bedrucken-die-trendige-fischer-muetze\/","name":"Logo m\u00fctzen sticken & bedrucken: die trendige fischer m\u00fctze.","description":"Diese trendige Grobstrick M\u00fctze aus warmem Acryl ist ideal, wenn du moderne Werbeartikel M\u00fctzen mit Logo suchst. Du kannst sie hochwertig besticken oder M\u00fctzen bedrucken lassen und deinen Mitarbeitern oder Kunden einen langlebigen Mehrwert bieten.","inLanguage":"de-DE","isPartOf":{"@id":"https:\/\/hidalgo.nl\/de\/#website"},"breadcrumb":{"@id":"https:\/\/hidalgo.nl\/de\/product\/21812\/logo-muetzen-sticken-bedrucken-die-trendige-fischer-muetze\/#breadcrumblist"},"image":{"@type":"ImageObject","url":"https:\/\/shop.hidalgo.nl\/wp-content\/uploads\/2025\/03\/f32e3b1bc1e80dc37264a9dc2979d5453edf8366d698b91666bb4f069c9e218a.jpg","@id":"https:\/\/hidalgo.nl\/de\/product\/21812\/logo-muetzen-sticken-bedrucken-die-trendige-fischer-muetze\/#mainImage"},"primaryImageOfPage":{"@id":"https:\/\/hidalgo.nl\/de\/product\/21812\/logo-muetzen-sticken-bedrucken-die-trendige-fischer-muetze\/#mainImage"},"datePublished":"2025-07-03T13:28:34+00:00","dateModified":"2026-02-17T11:49:24+00:00"},{"@type":"WebSite","@id":"https:\/\/hidalgo.nl\/de\/#website","url":"https:\/\/hidalgo.nl\/de\/","name":"Hidalgo","inLanguage":"de-DE","publisher":{"@id":"https:\/\/hidalgo.nl\/de\/#organization"}}]},"og:locale":"de_DE","og:site_name":"Hidalgo -","og:type":"article","og:title":"Logo m\u00fctzen sticken &amp; bedrucken: die trendige fischer m\u00fctze.","og:description":"Diese trendige Grobstrick M\u00fctze aus warmem Acryl ist ideal, wenn du moderne Werbeartikel M\u00fctzen mit Logo suchst. Du kannst sie hochwertig besticken oder M\u00fctzen bedrucken lassen und deinen Mitarbeitern oder Kunden einen langlebigen Mehrwert bieten.","og:url":"https:\/\/hidalgo.nl\/de\/wp-json\/wp\/v2\/product\/21812","og:image":"https:\/\/shop.hidalgo.nl\/wp-content\/uploads\/2025\/11\/cropped-Hidalgo-est1993.png","og:image:secure_url":"https:\/\/shop.hidalgo.nl\/wp-content\/uploads\/2025\/11\/cropped-Hidalgo-est1993.png","article:published_time":"2025-07-03T13:28:34+00:00","article:modified_time":"2026-02-17T11:49:24+00:00","twitter:card":"summary_large_image","twitter:title":"Logo m\u00fctzen sticken &amp; bedrucken: die trendige fischer m\u00fctze.","twitter:description":"Diese trendige Grobstrick M\u00fctze aus warmem Acryl ist ideal, wenn du moderne Werbeartikel M\u00fctzen mit Logo suchst. Du kannst sie hochwertig besticken oder M\u00fctzen bedrucken lassen und deinen Mitarbeitern oder Kunden einen langlebigen Mehrwert bieten.","twitter:image":"https:\/\/shop.hidalgo.nl\/wp-content\/uploads\/2025\/11\/cropped-Hidalgo-est1993.png"},"aioseo_meta_data":{"post_id":"21812","title":null,"description":null,"keywords":null,"keyphrases":null,"primary_term":null,"canonical_url":null,"og_title":null,"og_description":null,"og_object_type":"default","og_image_type":"default","og_image_url":null,"og_image_width":null,"og_image_height":null,"og_image_custom_url":null,"og_image_custom_fields":null,"og_video":null,"og_custom_url":null,"og_article_section":null,"og_article_tags":null,"twitter_use_og":false,"twitter_card":"default","twitter_image_type":"default","twitter_image_url":null,"twitter_image_custom_url":null,"twitter_image_custom_fields":null,"twitter_title":null,"twitter_description":null,"schema":{"blockGraphs":[],"customGraphs":[],"default":{"data":{"Article":[],"Course":[],"Dataset":[],"FAQPage":[],"Movie":[],"Person":[],"Product":[],"ProductReview":[],"Car":[],"Recipe":[],"Service":[],"SoftwareApplication":[],"WebPage":[]},"graphName":"","isEnabled":true},"graphs":[]},"schema_type":"default","schema_type_options":null,"pillar_content":false,"robots_default":true,"robots_noindex":false,"robots_noarchive":false,"robots_nosnippet":false,"robots_nofollow":false,"robots_noimageindex":false,"robots_noodp":false,"robots_notranslate":false,"robots_max_snippet":null,"robots_max_videopreview":null,"robots_max_imagepreview":"large","priority":null,"frequency":null,"local_seo":null,"seo_analyzer_scan_date":"2026-01-20 12:12:54","breadcrumb_settings":null,"limit_modified_date":false,"reviewed_by":null,"open_ai":null,"ai":null,"created":"2026-01-14 06:17:38","updated":"2026-02-17 13:04:45"},"aioseo_breadcrumb":"<div class=\"aioseo-breadcrumbs\"><span class=\"aioseo-breadcrumb\">\n\t<a href=\"https:\/\/hidalgo.nl\/de\/\" title=\"Home\">Home<\/a>\n<\/span><span class=\"aioseo-breadcrumb-separator\">\u00bb<\/span><span class=\"aioseo-breadcrumb\">\n\t<a href=\"https:\/\/hidalgo.nl\/example\/\" title=\"example\">example<\/a>\n<\/span><span class=\"aioseo-breadcrumb-separator\">\u00bb<\/span><span class=\"aioseo-breadcrumb\">\n\t<a href=\"https:\/\/hidalgo.nl\/en\/product-supplier\/a86\/\" title=\"A86\">A86<\/a>\n<\/span><span class=\"aioseo-breadcrumb-separator\">\u00bb<\/span><span class=\"aioseo-breadcrumb\">\n\tGrof gebreide fisher muts\n<\/span><\/div>","aioseo_breadcrumb_json":[{"label":"Home","link":"https:\/\/hidalgo.nl\/de\/"},{"label":"example","link":"https:\/\/hidalgo.nl\/example\/"},{"label":"A86","link":"https:\/\/hidalgo.nl\/en\/product-supplier\/a86\/"},{"label":"Grof gebreide fisher muts","link":"https:\/\/hidalgo.nl\/de\/product\/21812\/logo-muetzen-sticken-bedrucken-die-trendige-fischer-muetze\/"}],"_links":{"self":[{"href":"https:\/\/hidalgo.nl\/de\/wp-json\/wp\/v2\/product\/21812","targetHints":{"allow":["GET"]}}],"collection":[{"href":"https:\/\/hidalgo.nl\/de\/wp-json\/wp\/v2\/product"}],"about":[{"href":"https:\/\/hidalgo.nl\/de\/wp-json\/wp\/v2\/types\/product"}],"wp:featuredmedia":[{"embeddable":true,"href":"https:\/\/hidalgo.nl\/de\/wp-json\/wp\/v2\/media\/596185"}],"wp:attachment":[{"href":"https:\/\/hidalgo.nl\/de\/wp-json\/wp\/v2\/media?parent=21812"}],"wp:term":[{"taxonomy":"product_brand","embeddable":true,"href":"https:\/\/hidalgo.nl\/de\/wp-json\/wp\/v2\/product_brand?post=21812"},{"taxonomy":"product_cat","embeddable":true,"href":"https:\/\/hidalgo.nl\/de\/wp-json\/wp\/v2\/product_cat?post=21812"},{"taxonomy":"product_tag","embeddable":true,"href":"https:\/\/hidalgo.nl\/de\/wp-json\/wp\/v2\/product_tag?post=21812"}],"curies":[{"name":"wp","href":"https:\/\/api.w.org\/{rel}","templated":true}]}}