{"id":21671,"date":"2025-07-03T13:26:00","date_gmt":"2025-07-03T13:26:00","guid":{"rendered":"http:\/\/bidonsenshakers.pim.hidalgo.nl\/product\/gebreide-muts-met-label-100-rpet\/"},"modified":"2026-02-17T11:49:25","modified_gmt":"2026-02-17T11:49:25","slug":"gebreide-muts-met-label-100-rpet","status":"publish","type":"product","link":"https:\/\/hidalgo.nl\/de\/product\/21671\/werbemuetzen-bedrucken-nachhaltige-rpet-strickmuetze-mit-logo\/","title":{"rendered":"Gebreide muts met label 100% rPET"},"content":{"rendered":"<p>Op zoek naar een duurzame muts met een logo? Kies dan onze RPET Muts met RPET label. De muts is eenvoudig te voorzien van een logo of tekst door middel van een transfer. <\/p>\n","protected":false},"excerpt":{"rendered":"<p>Gebreide muts met label 100% rPET<\/p>\n","protected":false},"featured_media":597088,"template":"","meta":{"_acf_changed":false,"om_disable_all_campaigns":false,"_monsterinsights_skip_tracking":false,"_monsterinsights_sitenote_active":false,"_monsterinsights_sitenote_note":"","_monsterinsights_sitenote_category":0},"product_brand":[],"product_cat":[4716,4759,4746],"product_tag":[],"class_list":{"0":"post-21671","1":"product","2":"type-product","3":"status-publish","4":"has-post-thumbnail","6":"product_supplier-a86","7":"product_material-100-gerecycled-polyester","8":"product_cat-kleding","9":"product_cat-kleding-petten-mutsen-en-hoeden-mutsen","10":"product_cat-kleding-petten-mutsen-en-hoeden","11":"entry","13":"first","14":"instock","15":"taxable","16":"shipping-taxable","17":"purchasable","18":"product-type-variable"},"acf":{"imprint_cost":[{"imprint_cost_key":"595453c6ba519135e8a7f223e6fa99bab2a31372","product_quantity_price_range":[{"imprint_cost_recommended_selling_price":"1.47","imprint_cost_recommended_selling_quantity":"25"},{"imprint_cost_recommended_selling_price":"0.96","imprint_cost_recommended_selling_quantity":"50"},{"imprint_cost_recommended_selling_price":"0.75","imprint_cost_recommended_selling_quantity":"100"},{"imprint_cost_recommended_selling_price":"0.66","imprint_cost_recommended_selling_quantity":"250"},{"imprint_cost_recommended_selling_price":"0.555","imprint_cost_recommended_selling_quantity":"500"},{"imprint_cost_recommended_selling_price":"0.465","imprint_cost_recommended_selling_quantity":"1000"},{"imprint_cost_recommended_selling_price":"0.45","imprint_cost_recommended_selling_quantity":"2500"}],"product_quantity_price_range_buying":[{"imprint_cost_general_buying_price":"0.98","imprint_cost_general_buying_quantity":"25"},{"imprint_cost_general_buying_price":"0.64","imprint_cost_general_buying_quantity":"50"},{"imprint_cost_general_buying_price":"0.5","imprint_cost_general_buying_quantity":"100"},{"imprint_cost_general_buying_price":"0.44","imprint_cost_general_buying_quantity":"250"},{"imprint_cost_general_buying_price":"0.37","imprint_cost_general_buying_quantity":"500"},{"imprint_cost_general_buying_price":"0.31","imprint_cost_general_buying_quantity":"1000"},{"imprint_cost_general_buying_price":"0.3","imprint_cost_general_buying_quantity":"2500"}],"imprint_cost_setup_costs":"41.25","imprint_cost_handling_costs":"0"},{"imprint_cost_key":"9f45c1f7d221c819b43222910c809b1b401a15e8","product_quantity_price_range":[{"imprint_cost_recommended_selling_price":"1.755","imprint_cost_recommended_selling_quantity":"25"},{"imprint_cost_recommended_selling_price":"1.11","imprint_cost_recommended_selling_quantity":"50"},{"imprint_cost_recommended_selling_price":"0.885","imprint_cost_recommended_selling_quantity":"100"},{"imprint_cost_recommended_selling_price":"0.705","imprint_cost_recommended_selling_quantity":"250"},{"imprint_cost_recommended_selling_price":"0.675","imprint_cost_recommended_selling_quantity":"500"},{"imprint_cost_recommended_selling_price":"0.66","imprint_cost_recommended_selling_quantity":"1000"},{"imprint_cost_recommended_selling_price":"0.63","imprint_cost_recommended_selling_quantity":"2500"}],"product_quantity_price_range_buying":[{"imprint_cost_general_buying_price":"1.17","imprint_cost_general_buying_quantity":"25"},{"imprint_cost_general_buying_price":"0.74","imprint_cost_general_buying_quantity":"50"},{"imprint_cost_general_buying_price":"0.59","imprint_cost_general_buying_quantity":"100"},{"imprint_cost_general_buying_price":"0.47","imprint_cost_general_buying_quantity":"250"},{"imprint_cost_general_buying_price":"0.45","imprint_cost_general_buying_quantity":"500"},{"imprint_cost_general_buying_price":"0.44","imprint_cost_general_buying_quantity":"1000"},{"imprint_cost_general_buying_price":"0.42","imprint_cost_general_buying_quantity":"2500"}],"imprint_cost_setup_costs":"41.25","imprint_cost_handling_costs":"0"}]},"aioseo_notices":[],"aioseo_head":"\n\t\t<!-- All in One SEO Pro 4.9.6.2 - aioseo.com -->\n\t<meta name=\"description\" content=\"Zeige dein Umweltbewusstsein: Diese rPET Strickm\u00fctzen sind nachhaltige Werbemittel M\u00fctzen, gefertigt aus recyceltem Polyester. Beanies mit Logo bestellen ist jetzt ganz einfach - perfekt als Firmengeschenke oder f\u00fcr dein Corporate Fashion.\" \/>\n\t<meta name=\"robots\" content=\"max-image-preview:large\" \/>\n\t<link rel=\"canonical\" href=\"https:\/\/hidalgo.nl\/de\/wp-json\/wp\/v2\/product\/21671\" \/>\n\t<meta name=\"generator\" content=\"All in One SEO Pro (AIOSEO) 4.9.6.2\" \/>\n\t\t<meta property=\"og:locale\" content=\"de_DE\" \/>\n\t\t<meta property=\"og:site_name\" content=\"Hidalgo -\" \/>\n\t\t<meta property=\"og:type\" content=\"article\" \/>\n\t\t<meta property=\"og:title\" content=\"Werbem\u00fctzen bedrucken: nachhaltige rPET strickm\u00fctze mit logo\" \/>\n\t\t<meta property=\"og:description\" content=\"Zeige dein Umweltbewusstsein: Diese rPET Strickm\u00fctzen sind nachhaltige Werbemittel M\u00fctzen, gefertigt aus recyceltem Polyester. Beanies mit Logo bestellen ist jetzt ganz einfach - perfekt als Firmengeschenke oder f\u00fcr dein Corporate Fashion.\" \/>\n\t\t<meta property=\"og:url\" content=\"https:\/\/hidalgo.nl\/de\/wp-json\/wp\/v2\/product\/21671\" \/>\n\t\t<meta property=\"og:image\" content=\"https:\/\/shop.hidalgo.nl\/wp-content\/uploads\/2025\/11\/cropped-Hidalgo-est1993.png\" \/>\n\t\t<meta property=\"og:image:secure_url\" content=\"https:\/\/shop.hidalgo.nl\/wp-content\/uploads\/2025\/11\/cropped-Hidalgo-est1993.png\" \/>\n\t\t<meta property=\"article:published_time\" content=\"2025-07-03T13:26:00+00:00\" \/>\n\t\t<meta property=\"article:modified_time\" content=\"2026-02-17T11:49:25+00:00\" \/>\n\t\t<meta name=\"twitter:card\" content=\"summary_large_image\" \/>\n\t\t<meta name=\"twitter:title\" content=\"Werbem\u00fctzen bedrucken: nachhaltige rPET strickm\u00fctze mit logo\" \/>\n\t\t<meta name=\"twitter:description\" content=\"Zeige dein Umweltbewusstsein: Diese rPET Strickm\u00fctzen sind nachhaltige Werbemittel M\u00fctzen, gefertigt aus recyceltem Polyester. Beanies mit Logo bestellen ist jetzt ganz einfach - perfekt als Firmengeschenke oder f\u00fcr dein Corporate Fashion.\" \/>\n\t\t<meta name=\"twitter:image\" content=\"https:\/\/shop.hidalgo.nl\/wp-content\/uploads\/2025\/11\/cropped-Hidalgo-est1993.png\" \/>\n\t\t<script type=\"application\/ld+json\" class=\"aioseo-schema\">\n\t\t\t{\"@context\":\"https:\\\/\\\/schema.org\",\"@graph\":[{\"@type\":\"BreadcrumbList\",\"@id\":\"https:\\\/\\\/hidalgo.nl\\\/de\\\/product\\\/21671\\\/werbemuetzen-bedrucken-nachhaltige-rpet-strickmuetze-mit-logo\\\/#breadcrumblist\",\"itemListElement\":[{\"@type\":\"ListItem\",\"@id\":\"https:\\\/\\\/hidalgo.nl\\\/de\\\/#listItem\",\"position\":1,\"name\":\"Home\",\"item\":\"https:\\\/\\\/hidalgo.nl\\\/de\\\/\",\"nextItem\":{\"@type\":\"ListItem\",\"@id\":\"https:\\\/\\\/hidalgo.nl\\\/example\\\/#listItem\",\"name\":\"example\"}},{\"@type\":\"ListItem\",\"@id\":\"https:\\\/\\\/hidalgo.nl\\\/example\\\/#listItem\",\"position\":2,\"name\":\"example\",\"item\":\"https:\\\/\\\/hidalgo.nl\\\/example\\\/\",\"nextItem\":{\"@type\":\"ListItem\",\"@id\":\"https:\\\/\\\/hidalgo.nl\\\/en\\\/product-supplier\\\/a86\\\/#listItem\",\"name\":\"A86\"},\"previousItem\":{\"@type\":\"ListItem\",\"@id\":\"https:\\\/\\\/hidalgo.nl\\\/de\\\/#listItem\",\"name\":\"Home\"}},{\"@type\":\"ListItem\",\"@id\":\"https:\\\/\\\/hidalgo.nl\\\/en\\\/product-supplier\\\/a86\\\/#listItem\",\"position\":3,\"name\":\"A86\",\"item\":\"https:\\\/\\\/hidalgo.nl\\\/en\\\/product-supplier\\\/a86\\\/\",\"nextItem\":{\"@type\":\"ListItem\",\"@id\":\"https:\\\/\\\/hidalgo.nl\\\/de\\\/product\\\/21671\\\/werbemuetzen-bedrucken-nachhaltige-rpet-strickmuetze-mit-logo\\\/#listItem\",\"name\":\"Gebreide muts met label 100% rPET\"},\"previousItem\":{\"@type\":\"ListItem\",\"@id\":\"https:\\\/\\\/hidalgo.nl\\\/example\\\/#listItem\",\"name\":\"example\"}},{\"@type\":\"ListItem\",\"@id\":\"https:\\\/\\\/hidalgo.nl\\\/de\\\/product\\\/21671\\\/werbemuetzen-bedrucken-nachhaltige-rpet-strickmuetze-mit-logo\\\/#listItem\",\"position\":4,\"name\":\"Gebreide muts met label 100% rPET\",\"previousItem\":{\"@type\":\"ListItem\",\"@id\":\"https:\\\/\\\/hidalgo.nl\\\/en\\\/product-supplier\\\/a86\\\/#listItem\",\"name\":\"A86\"}}]},{\"@type\":\"Organization\",\"@id\":\"https:\\\/\\\/hidalgo.nl\\\/de\\\/#organization\",\"name\":\"Hidalgo\",\"url\":\"https:\\\/\\\/hidalgo.nl\\\/de\\\/\",\"logo\":{\"@type\":\"ImageObject\",\"url\":\"https:\\\/\\\/shop.hidalgo.nl\\\/wp-content\\\/uploads\\\/2025\\\/11\\\/cropped-Hidalgo-est1993.png\",\"@id\":\"https:\\\/\\\/hidalgo.nl\\\/de\\\/product\\\/21671\\\/werbemuetzen-bedrucken-nachhaltige-rpet-strickmuetze-mit-logo\\\/#organizationLogo\",\"width\":585,\"height\":195},\"image\":{\"@id\":\"https:\\\/\\\/hidalgo.nl\\\/de\\\/product\\\/21671\\\/werbemuetzen-bedrucken-nachhaltige-rpet-strickmuetze-mit-logo\\\/#organizationLogo\"}},{\"@type\":\"ProductGroup\",\"@id\":\"https:\\\/\\\/hidalgo.nl\\\/de\\\/product\\\/21671\\\/werbemuetzen-bedrucken-nachhaltige-rpet-strickmuetze-mit-logo\\\/#wooCommerceProduct\",\"name\":\"Werbem\\u00fctzen bedrucken: nachhaltige rPET strickm\\u00fctze mit logo\",\"description\":\"Gebreide muts met label 100% rPET\",\"url\":\"https:\\\/\\\/hidalgo.nl\\\/de\\\/product\\\/21671\\\/werbemuetzen-bedrucken-nachhaltige-rpet-strickmuetze-mit-logo\\\/\",\"sku\":\"A86-1449\",\"image\":{\"@type\":\"ImageObject\",\"url\":\"https:\\\/\\\/shop.hidalgo.nl\\\/wp-content\\\/uploads\\\/2025\\\/03\\\/e721b722df7a7c50b3e4387d1b5c06b80d86859030a1ceead18403fd73c504eb.jpg\",\"@id\":\"https:\\\/\\\/hidalgo.nl\\\/de\\\/product\\\/21671\\\/werbemuetzen-bedrucken-nachhaltige-rpet-strickmuetze-mit-logo\\\/#productImage\"},\"productGroupID\":21671,\"hasVariant\":[{\"@type\":\"Product\",\"@id\":\"https:\\\/\\\/hidalgo.nl\\\/de\\\/product\\\/21671\\\/werbemuetzen-bedrucken-nachhaltige-rpet-strickmuetze-mit-logo\\\/#wooCommerceProduct\",\"name\":\"Gebreide muts met label 100% rPET - zwart\",\"description\":\"Gebreide muts met label 100% rPET\",\"url\":\"https:\\\/\\\/hidalgo.nl\\\/de\\\/product\\\/21671\\\/werbemuetzen-bedrucken-nachhaltige-rpet-strickmuetze-mit-logo\\\/\",\"sku\":\"A86-1449-03-A03\",\"gtin\":\"8719495024461\",\"image\":{\"@type\":\"ImageObject\",\"url\":\"https:\\\/\\\/shop.hidalgo.nl\\\/wp-content\\\/uploads\\\/2025\\\/05\\\/e721b722df7a7c50b3e4387d1b5c06b80d86859030a1ceead18403fd73c504eb.jpg\",\"@id\":\"https:\\\/\\\/hidalgo.nl\\\/de\\\/product\\\/21671\\\/werbemuetzen-bedrucken-nachhaltige-rpet-strickmuetze-mit-logo\\\/#productImage\",\"width\":1000,\"height\":1000},\"offers\":{\"@type\":\"Offer\",\"url\":\"https:\\\/\\\/hidalgo.nl\\\/de\\\/product\\\/21671\\\/werbemuetzen-bedrucken-nachhaltige-rpet-strickmuetze-mit-logo\\\/#wooCommerceOffer\",\"price\":\"5.01\",\"priceCurrency\":\"EUR\",\"category\":\"Kleding\",\"availability\":\"https:\\\/\\\/schema.org\\\/InStock\",\"priceSpecification\":{\"@type\":\"PriceSpecification\",\"price\":5.01,\"priceCurrency\":\"EUR\",\"valueAddedTaxIncluded\":\"true\"}}},{\"@type\":\"Product\",\"@id\":\"https:\\\/\\\/hidalgo.nl\\\/de\\\/product\\\/21671\\\/werbemuetzen-bedrucken-nachhaltige-rpet-strickmuetze-mit-logo\\\/#wooCommerceProduct\",\"name\":\"Gebreide muts met label 100% rPET - navy\",\"description\":\"Gebreide muts met label 100% rPET\",\"url\":\"https:\\\/\\\/hidalgo.nl\\\/de\\\/product\\\/21671\\\/werbemuetzen-bedrucken-nachhaltige-rpet-strickmuetze-mit-logo\\\/\",\"sku\":\"A86-1449-14-A14\",\"gtin\":\"8719495018910\",\"image\":{\"@type\":\"ImageObject\",\"url\":\"https:\\\/\\\/shop.hidalgo.nl\\\/wp-content\\\/uploads\\\/2025\\\/05\\\/fcf0179e1ff6c5e73ef1ae3941aab56007e55220cd04fa0181ac42cae830d99f.jpg\",\"@id\":\"https:\\\/\\\/hidalgo.nl\\\/de\\\/product\\\/21671\\\/werbemuetzen-bedrucken-nachhaltige-rpet-strickmuetze-mit-logo\\\/#productImage\",\"width\":1000,\"height\":1000},\"offers\":{\"@type\":\"Offer\",\"url\":\"https:\\\/\\\/hidalgo.nl\\\/de\\\/product\\\/21671\\\/werbemuetzen-bedrucken-nachhaltige-rpet-strickmuetze-mit-logo\\\/#wooCommerceOffer\",\"price\":\"5.01\",\"priceCurrency\":\"EUR\",\"category\":\"Kleding\",\"availability\":\"https:\\\/\\\/schema.org\\\/InStock\",\"priceSpecification\":{\"@type\":\"PriceSpecification\",\"price\":5.01,\"priceCurrency\":\"EUR\",\"valueAddedTaxIncluded\":\"true\"}}}]},{\"@type\":\"WebPage\",\"@id\":\"https:\\\/\\\/hidalgo.nl\\\/de\\\/product\\\/21671\\\/werbemuetzen-bedrucken-nachhaltige-rpet-strickmuetze-mit-logo\\\/#webpage\",\"url\":\"https:\\\/\\\/hidalgo.nl\\\/de\\\/product\\\/21671\\\/werbemuetzen-bedrucken-nachhaltige-rpet-strickmuetze-mit-logo\\\/\",\"name\":\"Werbem\\u00fctzen bedrucken: nachhaltige rPET strickm\\u00fctze mit logo\",\"description\":\"Zeige dein Umweltbewusstsein: Diese rPET Strickm\\u00fctzen sind nachhaltige Werbemittel M\\u00fctzen, gefertigt aus recyceltem Polyester. Beanies mit Logo bestellen ist jetzt ganz einfach - perfekt als Firmengeschenke oder f\\u00fcr dein Corporate Fashion.\",\"inLanguage\":\"de-DE\",\"isPartOf\":{\"@id\":\"https:\\\/\\\/hidalgo.nl\\\/de\\\/#website\"},\"breadcrumb\":{\"@id\":\"https:\\\/\\\/hidalgo.nl\\\/de\\\/product\\\/21671\\\/werbemuetzen-bedrucken-nachhaltige-rpet-strickmuetze-mit-logo\\\/#breadcrumblist\"},\"image\":{\"@type\":\"ImageObject\",\"url\":\"https:\\\/\\\/shop.hidalgo.nl\\\/wp-content\\\/uploads\\\/2025\\\/03\\\/e721b722df7a7c50b3e4387d1b5c06b80d86859030a1ceead18403fd73c504eb.jpg\",\"@id\":\"https:\\\/\\\/hidalgo.nl\\\/de\\\/product\\\/21671\\\/werbemuetzen-bedrucken-nachhaltige-rpet-strickmuetze-mit-logo\\\/#mainImage\"},\"primaryImageOfPage\":{\"@id\":\"https:\\\/\\\/hidalgo.nl\\\/de\\\/product\\\/21671\\\/werbemuetzen-bedrucken-nachhaltige-rpet-strickmuetze-mit-logo\\\/#mainImage\"},\"datePublished\":\"2025-07-03T13:26:00+00:00\",\"dateModified\":\"2026-02-17T11:49:25+00:00\"},{\"@type\":\"WebSite\",\"@id\":\"https:\\\/\\\/hidalgo.nl\\\/de\\\/#website\",\"url\":\"https:\\\/\\\/hidalgo.nl\\\/de\\\/\",\"name\":\"Hidalgo\",\"inLanguage\":\"de-DE\",\"publisher\":{\"@id\":\"https:\\\/\\\/hidalgo.nl\\\/de\\\/#organization\"}}]}\n\t\t<\/script>\n\t\t<!-- All in One SEO Pro -->\r\n\t\t<title>Werbem\u00fctzen bedrucken: nachhaltige rPET strickm\u00fctze mit logo<\/title>\n\n","aioseo_head_json":{"title":"Werbem\u00fctzen bedrucken: nachhaltige rPET strickm\u00fctze mit logo","description":"Zeige dein Umweltbewusstsein: Diese rPET Strickm\u00fctzen sind nachhaltige Werbemittel M\u00fctzen, gefertigt aus recyceltem Polyester. Beanies mit Logo bestellen ist jetzt ganz einfach - perfekt als Firmengeschenke oder f\u00fcr dein Corporate Fashion.","canonical_url":"https:\/\/hidalgo.nl\/de\/wp-json\/wp\/v2\/product\/21671","robots":"max-image-preview:large","keywords":"","webmasterTools":{"miscellaneous":""},"schema":{"@context":"https:\/\/schema.org","@graph":[{"@type":"BreadcrumbList","@id":"https:\/\/hidalgo.nl\/de\/product\/21671\/werbemuetzen-bedrucken-nachhaltige-rpet-strickmuetze-mit-logo\/#breadcrumblist","itemListElement":[{"@type":"ListItem","@id":"https:\/\/hidalgo.nl\/de\/#listItem","position":1,"name":"Home","item":"https:\/\/hidalgo.nl\/de\/","nextItem":{"@type":"ListItem","@id":"https:\/\/hidalgo.nl\/example\/#listItem","name":"example"}},{"@type":"ListItem","@id":"https:\/\/hidalgo.nl\/example\/#listItem","position":2,"name":"example","item":"https:\/\/hidalgo.nl\/example\/","nextItem":{"@type":"ListItem","@id":"https:\/\/hidalgo.nl\/en\/product-supplier\/a86\/#listItem","name":"A86"},"previousItem":{"@type":"ListItem","@id":"https:\/\/hidalgo.nl\/de\/#listItem","name":"Home"}},{"@type":"ListItem","@id":"https:\/\/hidalgo.nl\/en\/product-supplier\/a86\/#listItem","position":3,"name":"A86","item":"https:\/\/hidalgo.nl\/en\/product-supplier\/a86\/","nextItem":{"@type":"ListItem","@id":"https:\/\/hidalgo.nl\/de\/product\/21671\/werbemuetzen-bedrucken-nachhaltige-rpet-strickmuetze-mit-logo\/#listItem","name":"Gebreide muts met label 100% rPET"},"previousItem":{"@type":"ListItem","@id":"https:\/\/hidalgo.nl\/example\/#listItem","name":"example"}},{"@type":"ListItem","@id":"https:\/\/hidalgo.nl\/de\/product\/21671\/werbemuetzen-bedrucken-nachhaltige-rpet-strickmuetze-mit-logo\/#listItem","position":4,"name":"Gebreide muts met label 100% rPET","previousItem":{"@type":"ListItem","@id":"https:\/\/hidalgo.nl\/en\/product-supplier\/a86\/#listItem","name":"A86"}}]},{"@type":"Organization","@id":"https:\/\/hidalgo.nl\/de\/#organization","name":"Hidalgo","url":"https:\/\/hidalgo.nl\/de\/","logo":{"@type":"ImageObject","url":"https:\/\/shop.hidalgo.nl\/wp-content\/uploads\/2025\/11\/cropped-Hidalgo-est1993.png","@id":"https:\/\/hidalgo.nl\/de\/product\/21671\/werbemuetzen-bedrucken-nachhaltige-rpet-strickmuetze-mit-logo\/#organizationLogo","width":585,"height":195},"image":{"@id":"https:\/\/hidalgo.nl\/de\/product\/21671\/werbemuetzen-bedrucken-nachhaltige-rpet-strickmuetze-mit-logo\/#organizationLogo"}},{"@type":"ProductGroup","@id":"https:\/\/hidalgo.nl\/de\/product\/21671\/werbemuetzen-bedrucken-nachhaltige-rpet-strickmuetze-mit-logo\/#wooCommerceProduct","name":"Werbem\u00fctzen bedrucken: nachhaltige rPET strickm\u00fctze mit logo","description":"Gebreide muts met label 100% rPET","url":"https:\/\/hidalgo.nl\/de\/product\/21671\/werbemuetzen-bedrucken-nachhaltige-rpet-strickmuetze-mit-logo\/","sku":"A86-1449","image":{"@type":"ImageObject","url":"https:\/\/shop.hidalgo.nl\/wp-content\/uploads\/2025\/03\/e721b722df7a7c50b3e4387d1b5c06b80d86859030a1ceead18403fd73c504eb.jpg","@id":"https:\/\/hidalgo.nl\/de\/product\/21671\/werbemuetzen-bedrucken-nachhaltige-rpet-strickmuetze-mit-logo\/#productImage"},"productGroupID":21671,"hasVariant":[{"@type":"Product","@id":"https:\/\/hidalgo.nl\/de\/product\/21671\/werbemuetzen-bedrucken-nachhaltige-rpet-strickmuetze-mit-logo\/#wooCommerceProduct","name":"Gebreide muts met label 100% rPET - zwart","description":"Gebreide muts met label 100% rPET","url":"https:\/\/hidalgo.nl\/de\/product\/21671\/werbemuetzen-bedrucken-nachhaltige-rpet-strickmuetze-mit-logo\/","sku":"A86-1449-03-A03","gtin":"8719495024461","image":{"@type":"ImageObject","url":"https:\/\/shop.hidalgo.nl\/wp-content\/uploads\/2025\/05\/e721b722df7a7c50b3e4387d1b5c06b80d86859030a1ceead18403fd73c504eb.jpg","@id":"https:\/\/hidalgo.nl\/de\/product\/21671\/werbemuetzen-bedrucken-nachhaltige-rpet-strickmuetze-mit-logo\/#productImage","width":1000,"height":1000},"offers":{"@type":"Offer","url":"https:\/\/hidalgo.nl\/de\/product\/21671\/werbemuetzen-bedrucken-nachhaltige-rpet-strickmuetze-mit-logo\/#wooCommerceOffer","price":"5.01","priceCurrency":"EUR","category":"Kleding","availability":"https:\/\/schema.org\/InStock","priceSpecification":{"@type":"PriceSpecification","price":5.01,"priceCurrency":"EUR","valueAddedTaxIncluded":"true"}}},{"@type":"Product","@id":"https:\/\/hidalgo.nl\/de\/product\/21671\/werbemuetzen-bedrucken-nachhaltige-rpet-strickmuetze-mit-logo\/#wooCommerceProduct","name":"Gebreide muts met label 100% rPET - navy","description":"Gebreide muts met label 100% rPET","url":"https:\/\/hidalgo.nl\/de\/product\/21671\/werbemuetzen-bedrucken-nachhaltige-rpet-strickmuetze-mit-logo\/","sku":"A86-1449-14-A14","gtin":"8719495018910","image":{"@type":"ImageObject","url":"https:\/\/shop.hidalgo.nl\/wp-content\/uploads\/2025\/05\/fcf0179e1ff6c5e73ef1ae3941aab56007e55220cd04fa0181ac42cae830d99f.jpg","@id":"https:\/\/hidalgo.nl\/de\/product\/21671\/werbemuetzen-bedrucken-nachhaltige-rpet-strickmuetze-mit-logo\/#productImage","width":1000,"height":1000},"offers":{"@type":"Offer","url":"https:\/\/hidalgo.nl\/de\/product\/21671\/werbemuetzen-bedrucken-nachhaltige-rpet-strickmuetze-mit-logo\/#wooCommerceOffer","price":"5.01","priceCurrency":"EUR","category":"Kleding","availability":"https:\/\/schema.org\/InStock","priceSpecification":{"@type":"PriceSpecification","price":5.01,"priceCurrency":"EUR","valueAddedTaxIncluded":"true"}}}]},{"@type":"WebPage","@id":"https:\/\/hidalgo.nl\/de\/product\/21671\/werbemuetzen-bedrucken-nachhaltige-rpet-strickmuetze-mit-logo\/#webpage","url":"https:\/\/hidalgo.nl\/de\/product\/21671\/werbemuetzen-bedrucken-nachhaltige-rpet-strickmuetze-mit-logo\/","name":"Werbem\u00fctzen bedrucken: nachhaltige rPET strickm\u00fctze mit logo","description":"Zeige dein Umweltbewusstsein: Diese rPET Strickm\u00fctzen sind nachhaltige Werbemittel M\u00fctzen, gefertigt aus recyceltem Polyester. Beanies mit Logo bestellen ist jetzt ganz einfach - perfekt als Firmengeschenke oder f\u00fcr dein Corporate Fashion.","inLanguage":"de-DE","isPartOf":{"@id":"https:\/\/hidalgo.nl\/de\/#website"},"breadcrumb":{"@id":"https:\/\/hidalgo.nl\/de\/product\/21671\/werbemuetzen-bedrucken-nachhaltige-rpet-strickmuetze-mit-logo\/#breadcrumblist"},"image":{"@type":"ImageObject","url":"https:\/\/shop.hidalgo.nl\/wp-content\/uploads\/2025\/03\/e721b722df7a7c50b3e4387d1b5c06b80d86859030a1ceead18403fd73c504eb.jpg","@id":"https:\/\/hidalgo.nl\/de\/product\/21671\/werbemuetzen-bedrucken-nachhaltige-rpet-strickmuetze-mit-logo\/#mainImage"},"primaryImageOfPage":{"@id":"https:\/\/hidalgo.nl\/de\/product\/21671\/werbemuetzen-bedrucken-nachhaltige-rpet-strickmuetze-mit-logo\/#mainImage"},"datePublished":"2025-07-03T13:26:00+00:00","dateModified":"2026-02-17T11:49:25+00:00"},{"@type":"WebSite","@id":"https:\/\/hidalgo.nl\/de\/#website","url":"https:\/\/hidalgo.nl\/de\/","name":"Hidalgo","inLanguage":"de-DE","publisher":{"@id":"https:\/\/hidalgo.nl\/de\/#organization"}}]},"og:locale":"de_DE","og:site_name":"Hidalgo -","og:type":"article","og:title":"Werbem\u00fctzen bedrucken: nachhaltige rPET strickm\u00fctze mit logo","og:description":"Zeige dein Umweltbewusstsein: Diese rPET Strickm\u00fctzen sind nachhaltige Werbemittel M\u00fctzen, gefertigt aus recyceltem Polyester. Beanies mit Logo bestellen ist jetzt ganz einfach - perfekt als Firmengeschenke oder f\u00fcr dein Corporate Fashion.","og:url":"https:\/\/hidalgo.nl\/de\/wp-json\/wp\/v2\/product\/21671","og:image":"https:\/\/shop.hidalgo.nl\/wp-content\/uploads\/2025\/11\/cropped-Hidalgo-est1993.png","og:image:secure_url":"https:\/\/shop.hidalgo.nl\/wp-content\/uploads\/2025\/11\/cropped-Hidalgo-est1993.png","article:published_time":"2025-07-03T13:26:00+00:00","article:modified_time":"2026-02-17T11:49:25+00:00","twitter:card":"summary_large_image","twitter:title":"Werbem\u00fctzen bedrucken: nachhaltige rPET strickm\u00fctze mit logo","twitter:description":"Zeige dein Umweltbewusstsein: Diese rPET Strickm\u00fctzen sind nachhaltige Werbemittel M\u00fctzen, gefertigt aus recyceltem Polyester. Beanies mit Logo bestellen ist jetzt ganz einfach - perfekt als Firmengeschenke oder f\u00fcr dein Corporate Fashion.","twitter:image":"https:\/\/shop.hidalgo.nl\/wp-content\/uploads\/2025\/11\/cropped-Hidalgo-est1993.png"},"aioseo_meta_data":{"post_id":"21671","title":null,"description":null,"keywords":null,"keyphrases":null,"primary_term":null,"canonical_url":null,"og_title":null,"og_description":null,"og_object_type":"default","og_image_type":"default","og_image_url":null,"og_image_width":null,"og_image_height":null,"og_image_custom_url":null,"og_image_custom_fields":null,"og_video":null,"og_custom_url":null,"og_article_section":null,"og_article_tags":null,"twitter_use_og":false,"twitter_card":"default","twitter_image_type":"default","twitter_image_url":null,"twitter_image_custom_url":null,"twitter_image_custom_fields":null,"twitter_title":null,"twitter_description":null,"schema":{"blockGraphs":[],"customGraphs":[],"default":{"data":{"Article":[],"Course":[],"Dataset":[],"FAQPage":[],"Movie":[],"Person":[],"Product":[],"ProductReview":[],"Car":[],"Recipe":[],"Service":[],"SoftwareApplication":[],"WebPage":[]},"graphName":"","isEnabled":true},"graphs":[]},"schema_type":"default","schema_type_options":null,"pillar_content":false,"robots_default":true,"robots_noindex":false,"robots_noarchive":false,"robots_nosnippet":false,"robots_nofollow":false,"robots_noimageindex":false,"robots_noodp":false,"robots_notranslate":false,"robots_max_snippet":null,"robots_max_videopreview":null,"robots_max_imagepreview":"large","priority":null,"frequency":null,"local_seo":null,"seo_analyzer_scan_date":"2026-01-20 12:11:53","breadcrumb_settings":null,"limit_modified_date":false,"reviewed_by":null,"open_ai":null,"ai":null,"created":"2026-01-14 06:17:38","updated":"2026-04-23 05:24:50"},"aioseo_breadcrumb":"<div class=\"aioseo-breadcrumbs\"><span class=\"aioseo-breadcrumb\">\n\t<a href=\"https:\/\/hidalgo.nl\/de\/\" title=\"Home\">Home<\/a>\n<\/span><span class=\"aioseo-breadcrumb-separator\">\u00bb<\/span><span class=\"aioseo-breadcrumb\">\n\t<a href=\"https:\/\/hidalgo.nl\/example\/\" title=\"example\">example<\/a>\n<\/span><span class=\"aioseo-breadcrumb-separator\">\u00bb<\/span><span class=\"aioseo-breadcrumb\">\n\t<a href=\"https:\/\/hidalgo.nl\/en\/product-supplier\/a86\/\" title=\"A86\">A86<\/a>\n<\/span><span class=\"aioseo-breadcrumb-separator\">\u00bb<\/span><span class=\"aioseo-breadcrumb\">\n\tGebreide muts met label 100% rPET\n<\/span><\/div>","aioseo_breadcrumb_json":[{"label":"Home","link":"https:\/\/hidalgo.nl\/de\/"},{"label":"example","link":"https:\/\/hidalgo.nl\/example\/"},{"label":"A86","link":"https:\/\/hidalgo.nl\/en\/product-supplier\/a86\/"},{"label":"Gebreide muts met label 100% rPET","link":"https:\/\/hidalgo.nl\/de\/product\/21671\/werbemuetzen-bedrucken-nachhaltige-rpet-strickmuetze-mit-logo\/"}],"_links":{"self":[{"href":"https:\/\/hidalgo.nl\/de\/wp-json\/wp\/v2\/product\/21671","targetHints":{"allow":["GET"]}}],"collection":[{"href":"https:\/\/hidalgo.nl\/de\/wp-json\/wp\/v2\/product"}],"about":[{"href":"https:\/\/hidalgo.nl\/de\/wp-json\/wp\/v2\/types\/product"}],"wp:featuredmedia":[{"embeddable":true,"href":"https:\/\/hidalgo.nl\/de\/wp-json\/wp\/v2\/media\/597088"}],"wp:attachment":[{"href":"https:\/\/hidalgo.nl\/de\/wp-json\/wp\/v2\/media?parent=21671"}],"wp:term":[{"taxonomy":"product_brand","embeddable":true,"href":"https:\/\/hidalgo.nl\/de\/wp-json\/wp\/v2\/product_brand?post=21671"},{"taxonomy":"product_cat","embeddable":true,"href":"https:\/\/hidalgo.nl\/de\/wp-json\/wp\/v2\/product_cat?post=21671"},{"taxonomy":"product_tag","embeddable":true,"href":"https:\/\/hidalgo.nl\/de\/wp-json\/wp\/v2\/product_tag?post=21671"}],"curies":[{"name":"wp","href":"https:\/\/api.w.org\/{rel}","templated":true}]}}