{"id":21655,"date":"2025-07-03T13:25:39","date_gmt":"2025-07-03T13:25:39","guid":{"rendered":"http:\/\/bidonsenshakers.pim.hidalgo.nl\/product\/gebreide-rendiermuts\/"},"modified":"2026-02-17T11:49:25","modified_gmt":"2026-02-17T11:49:25","slug":"gebreide-rendiermuts","status":"publish","type":"product","link":"https:\/\/hidalgo.nl\/de\/product\/21655\/rentier-muetze-werbeartikel-weihnachtsfeier-mit-logo\/","title":{"rendered":"Gebreide rendiermuts"},"content":{"rendered":"<p>Deze rendiermuts is een must voor iedereen die de kerstdagen een vrolijke boost wil geven. Perfect voor een kerstborrel of gewoon gezellig thuis met familie.<\/p>\n","protected":false},"excerpt":{"rendered":"<p>Gebreide rendiermuts. 100% acryl.<\/p>\n","protected":false},"featured_media":597245,"template":"","meta":{"_acf_changed":false,"om_disable_all_campaigns":false,"_monsterinsights_skip_tracking":false,"_monsterinsights_sitenote_active":false,"_monsterinsights_sitenote_note":"","_monsterinsights_sitenote_category":0},"product_brand":[],"product_cat":[4716,4759,4746],"product_tag":[],"class_list":{"0":"post-21655","1":"product","2":"type-product","3":"status-publish","4":"has-post-thumbnail","6":"product_supplier-a86","7":"product_material-100-acryl","8":"product_cat-kleding","9":"product_cat-kleding-petten-mutsen-en-hoeden-mutsen","10":"product_cat-kleding-petten-mutsen-en-hoeden","11":"entry","13":"first","14":"instock","15":"taxable","16":"shipping-taxable","17":"purchasable","18":"product-type-variable"},"acf":{"imprint_cost":[{"imprint_cost_key":"42accde2ee4400881014c38bb518d834e795ed52","product_quantity_price_range":[{"imprint_cost_recommended_selling_price":"4.35","imprint_cost_recommended_selling_quantity":"25"},{"imprint_cost_recommended_selling_price":"3.24","imprint_cost_recommended_selling_quantity":"50"},{"imprint_cost_recommended_selling_price":"1.8","imprint_cost_recommended_selling_quantity":"100"},{"imprint_cost_recommended_selling_price":"1.485","imprint_cost_recommended_selling_quantity":"250"},{"imprint_cost_recommended_selling_price":"1.2","imprint_cost_recommended_selling_quantity":"500"},{"imprint_cost_recommended_selling_price":"1.17","imprint_cost_recommended_selling_quantity":"1000"},{"imprint_cost_recommended_selling_price":"1.14","imprint_cost_recommended_selling_quantity":"2500"}],"product_quantity_price_range_buying":[{"imprint_cost_general_buying_price":"2.9","imprint_cost_general_buying_quantity":"25"},{"imprint_cost_general_buying_price":"2.16","imprint_cost_general_buying_quantity":"50"},{"imprint_cost_general_buying_price":"1.2","imprint_cost_general_buying_quantity":"100"},{"imprint_cost_general_buying_price":"0.99","imprint_cost_general_buying_quantity":"250"},{"imprint_cost_general_buying_price":"0.8","imprint_cost_general_buying_quantity":"500"},{"imprint_cost_general_buying_price":"0.78","imprint_cost_general_buying_quantity":"1000"},{"imprint_cost_general_buying_price":"0.76","imprint_cost_general_buying_quantity":"2500"}],"imprint_cost_setup_costs":"37.5","imprint_cost_handling_costs":"0"},{"imprint_cost_key":"5796948bc58c5c23297a64677a127333ad582ede","product_quantity_price_range":[{"imprint_cost_recommended_selling_price":"4.935","imprint_cost_recommended_selling_quantity":"25"},{"imprint_cost_recommended_selling_price":"3.705","imprint_cost_recommended_selling_quantity":"50"},{"imprint_cost_recommended_selling_price":"2.175","imprint_cost_recommended_selling_quantity":"100"},{"imprint_cost_recommended_selling_price":"1.86","imprint_cost_recommended_selling_quantity":"250"},{"imprint_cost_recommended_selling_price":"1.575","imprint_cost_recommended_selling_quantity":"500"},{"imprint_cost_recommended_selling_price":"1.455","imprint_cost_recommended_selling_quantity":"1000"},{"imprint_cost_recommended_selling_price":"1.38","imprint_cost_recommended_selling_quantity":"2500"}],"product_quantity_price_range_buying":[{"imprint_cost_general_buying_price":"3.29","imprint_cost_general_buying_quantity":"25"},{"imprint_cost_general_buying_price":"2.47","imprint_cost_general_buying_quantity":"50"},{"imprint_cost_general_buying_price":"1.45","imprint_cost_general_buying_quantity":"100"},{"imprint_cost_general_buying_price":"1.24","imprint_cost_general_buying_quantity":"250"},{"imprint_cost_general_buying_price":"1.05","imprint_cost_general_buying_quantity":"500"},{"imprint_cost_general_buying_price":"0.97","imprint_cost_general_buying_quantity":"1000"},{"imprint_cost_general_buying_price":"0.92","imprint_cost_general_buying_quantity":"2500"}],"imprint_cost_setup_costs":"37.5","imprint_cost_handling_costs":"0"},{"imprint_cost_key":"7f871a5d61947613bfd797baba56a14827d13f17","product_quantity_price_range":[{"imprint_cost_recommended_selling_price":"5.235","imprint_cost_recommended_selling_quantity":"25"},{"imprint_cost_recommended_selling_price":"3.945","imprint_cost_recommended_selling_quantity":"50"},{"imprint_cost_recommended_selling_price":"2.355","imprint_cost_recommended_selling_quantity":"100"},{"imprint_cost_recommended_selling_price":"2.025","imprint_cost_recommended_selling_quantity":"250"},{"imprint_cost_recommended_selling_price":"1.755","imprint_cost_recommended_selling_quantity":"500"},{"imprint_cost_recommended_selling_price":"1.605","imprint_cost_recommended_selling_quantity":"1000"},{"imprint_cost_recommended_selling_price":"1.5","imprint_cost_recommended_selling_quantity":"2500"}],"product_quantity_price_range_buying":[{"imprint_cost_general_buying_price":"3.49","imprint_cost_general_buying_quantity":"25"},{"imprint_cost_general_buying_price":"2.63","imprint_cost_general_buying_quantity":"50"},{"imprint_cost_general_buying_price":"1.57","imprint_cost_general_buying_quantity":"100"},{"imprint_cost_general_buying_price":"1.35","imprint_cost_general_buying_quantity":"250"},{"imprint_cost_general_buying_price":"1.17","imprint_cost_general_buying_quantity":"500"},{"imprint_cost_general_buying_price":"1.07","imprint_cost_general_buying_quantity":"1000"},{"imprint_cost_general_buying_price":"1","imprint_cost_general_buying_quantity":"2500"}],"imprint_cost_setup_costs":"37.5","imprint_cost_handling_costs":"0"}]},"aioseo_notices":[],"aioseo_head":"\n\t\t<!-- All in One SEO Pro 4.9.5.2 - aioseo.com -->\n\t<meta name=\"description\" content=\"Diese lustige Weihnachtsm\u00fctze mit Rentier-Geweih ist das ideale Werbegeschenk f\u00fcr Mitarbeiter &amp; Kunden. Lasse die warme Strickm\u00fctze mit deinem Firmenlogo bedrucken und sorge f\u00fcr einen echten Hingucker auf jeder Weihnachtsfeier.\" \/>\n\t<meta name=\"robots\" content=\"max-image-preview:large\" \/>\n\t<link rel=\"canonical\" href=\"https:\/\/hidalgo.nl\/de\/wp-json\/wp\/v2\/product\/21655\" \/>\n\t<meta name=\"generator\" content=\"All in One SEO Pro (AIOSEO) 4.9.5.2\" \/>\n\t\t<meta property=\"og:locale\" content=\"de_DE\" \/>\n\t\t<meta property=\"og:site_name\" content=\"Hidalgo -\" \/>\n\t\t<meta property=\"og:type\" content=\"article\" \/>\n\t\t<meta property=\"og:title\" content=\"Rentier m\u00fctze werbeartikel | weihnachtsfeier mit logo\" \/>\n\t\t<meta property=\"og:description\" content=\"Diese lustige Weihnachtsm\u00fctze mit Rentier-Geweih ist das ideale Werbegeschenk f\u00fcr Mitarbeiter &amp; Kunden. Lasse die warme Strickm\u00fctze mit deinem Firmenlogo bedrucken und sorge f\u00fcr einen echten Hingucker auf jeder Weihnachtsfeier.\" \/>\n\t\t<meta property=\"og:url\" content=\"https:\/\/hidalgo.nl\/de\/wp-json\/wp\/v2\/product\/21655\" \/>\n\t\t<meta property=\"og:image\" content=\"https:\/\/shop.hidalgo.nl\/wp-content\/uploads\/2025\/11\/cropped-Hidalgo-est1993.png\" \/>\n\t\t<meta property=\"og:image:secure_url\" content=\"https:\/\/shop.hidalgo.nl\/wp-content\/uploads\/2025\/11\/cropped-Hidalgo-est1993.png\" \/>\n\t\t<meta property=\"article:published_time\" content=\"2025-07-03T13:25:39+00:00\" \/>\n\t\t<meta property=\"article:modified_time\" content=\"2026-02-17T11:49:25+00:00\" \/>\n\t\t<meta name=\"twitter:card\" content=\"summary_large_image\" \/>\n\t\t<meta name=\"twitter:title\" content=\"Rentier m\u00fctze werbeartikel | weihnachtsfeier mit logo\" \/>\n\t\t<meta name=\"twitter:description\" content=\"Diese lustige Weihnachtsm\u00fctze mit Rentier-Geweih ist das ideale Werbegeschenk f\u00fcr Mitarbeiter &amp; Kunden. Lasse die warme Strickm\u00fctze mit deinem Firmenlogo bedrucken und sorge f\u00fcr einen echten Hingucker auf jeder Weihnachtsfeier.\" \/>\n\t\t<meta name=\"twitter:image\" content=\"https:\/\/shop.hidalgo.nl\/wp-content\/uploads\/2025\/11\/cropped-Hidalgo-est1993.png\" \/>\n\t\t<script type=\"application\/ld+json\" class=\"aioseo-schema\">\n\t\t\t{\"@context\":\"https:\\\/\\\/schema.org\",\"@graph\":[{\"@type\":\"BreadcrumbList\",\"@id\":\"https:\\\/\\\/hidalgo.nl\\\/de\\\/product\\\/21655\\\/rentier-muetze-werbeartikel-weihnachtsfeier-mit-logo\\\/#breadcrumblist\",\"itemListElement\":[{\"@type\":\"ListItem\",\"@id\":\"https:\\\/\\\/hidalgo.nl\\\/de\\\/#listItem\",\"position\":1,\"name\":\"Home\",\"item\":\"https:\\\/\\\/hidalgo.nl\\\/de\\\/\",\"nextItem\":{\"@type\":\"ListItem\",\"@id\":\"https:\\\/\\\/hidalgo.nl\\\/example\\\/#listItem\",\"name\":\"example\"}},{\"@type\":\"ListItem\",\"@id\":\"https:\\\/\\\/hidalgo.nl\\\/example\\\/#listItem\",\"position\":2,\"name\":\"example\",\"item\":\"https:\\\/\\\/hidalgo.nl\\\/example\\\/\",\"nextItem\":{\"@type\":\"ListItem\",\"@id\":\"https:\\\/\\\/hidalgo.nl\\\/en\\\/product-supplier\\\/a86\\\/#listItem\",\"name\":\"A86\"},\"previousItem\":{\"@type\":\"ListItem\",\"@id\":\"https:\\\/\\\/hidalgo.nl\\\/de\\\/#listItem\",\"name\":\"Home\"}},{\"@type\":\"ListItem\",\"@id\":\"https:\\\/\\\/hidalgo.nl\\\/en\\\/product-supplier\\\/a86\\\/#listItem\",\"position\":3,\"name\":\"A86\",\"item\":\"https:\\\/\\\/hidalgo.nl\\\/en\\\/product-supplier\\\/a86\\\/\",\"nextItem\":{\"@type\":\"ListItem\",\"@id\":\"https:\\\/\\\/hidalgo.nl\\\/de\\\/product\\\/21655\\\/rentier-muetze-werbeartikel-weihnachtsfeier-mit-logo\\\/#listItem\",\"name\":\"Gebreide rendiermuts\"},\"previousItem\":{\"@type\":\"ListItem\",\"@id\":\"https:\\\/\\\/hidalgo.nl\\\/example\\\/#listItem\",\"name\":\"example\"}},{\"@type\":\"ListItem\",\"@id\":\"https:\\\/\\\/hidalgo.nl\\\/de\\\/product\\\/21655\\\/rentier-muetze-werbeartikel-weihnachtsfeier-mit-logo\\\/#listItem\",\"position\":4,\"name\":\"Gebreide rendiermuts\",\"previousItem\":{\"@type\":\"ListItem\",\"@id\":\"https:\\\/\\\/hidalgo.nl\\\/en\\\/product-supplier\\\/a86\\\/#listItem\",\"name\":\"A86\"}}]},{\"@type\":\"ItemPage\",\"@id\":\"https:\\\/\\\/hidalgo.nl\\\/de\\\/product\\\/21655\\\/rentier-muetze-werbeartikel-weihnachtsfeier-mit-logo\\\/#itempage\",\"url\":\"https:\\\/\\\/hidalgo.nl\\\/de\\\/product\\\/21655\\\/rentier-muetze-werbeartikel-weihnachtsfeier-mit-logo\\\/\",\"name\":\"Rentier m\\u00fctze werbeartikel | weihnachtsfeier mit logo\",\"description\":\"Diese lustige Weihnachtsm\\u00fctze mit Rentier-Geweih ist das ideale Werbegeschenk f\\u00fcr Mitarbeiter & Kunden. Lasse die warme Strickm\\u00fctze mit deinem Firmenlogo bedrucken und sorge f\\u00fcr einen echten Hingucker auf jeder Weihnachtsfeier.\",\"inLanguage\":\"de-DE\",\"isPartOf\":{\"@id\":\"https:\\\/\\\/hidalgo.nl\\\/de\\\/#website\"},\"breadcrumb\":{\"@id\":\"https:\\\/\\\/hidalgo.nl\\\/de\\\/product\\\/21655\\\/rentier-muetze-werbeartikel-weihnachtsfeier-mit-logo\\\/#breadcrumblist\"},\"image\":{\"@type\":\"ImageObject\",\"url\":\"https:\\\/\\\/shop.hidalgo.nl\\\/wp-content\\\/uploads\\\/2025\\\/03\\\/cb1a3b3ff1d0ceb95547c92c8beaac691d6ba3cefbdcc3632237ff1f663df8ed.jpg\",\"@id\":\"https:\\\/\\\/hidalgo.nl\\\/de\\\/product\\\/21655\\\/rentier-muetze-werbeartikel-weihnachtsfeier-mit-logo\\\/#mainImage\"},\"primaryImageOfPage\":{\"@id\":\"https:\\\/\\\/hidalgo.nl\\\/de\\\/product\\\/21655\\\/rentier-muetze-werbeartikel-weihnachtsfeier-mit-logo\\\/#mainImage\"},\"datePublished\":\"2025-07-03T13:25:39+00:00\",\"dateModified\":\"2026-02-17T11:49:25+00:00\"},{\"@type\":\"Organization\",\"@id\":\"https:\\\/\\\/hidalgo.nl\\\/de\\\/#organization\",\"name\":\"Hidalgo\",\"url\":\"https:\\\/\\\/hidalgo.nl\\\/de\\\/\",\"logo\":{\"@type\":\"ImageObject\",\"url\":\"https:\\\/\\\/shop.hidalgo.nl\\\/wp-content\\\/uploads\\\/2025\\\/11\\\/cropped-Hidalgo-est1993.png\",\"@id\":\"https:\\\/\\\/hidalgo.nl\\\/de\\\/product\\\/21655\\\/rentier-muetze-werbeartikel-weihnachtsfeier-mit-logo\\\/#organizationLogo\",\"width\":585,\"height\":195},\"image\":{\"@id\":\"https:\\\/\\\/hidalgo.nl\\\/de\\\/product\\\/21655\\\/rentier-muetze-werbeartikel-weihnachtsfeier-mit-logo\\\/#organizationLogo\"}},{\"@type\":\"WebPage\",\"@id\":\"https:\\\/\\\/hidalgo.nl\\\/de\\\/product\\\/21655\\\/rentier-muetze-werbeartikel-weihnachtsfeier-mit-logo\\\/#webpage\",\"url\":\"https:\\\/\\\/hidalgo.nl\\\/de\\\/product\\\/21655\\\/rentier-muetze-werbeartikel-weihnachtsfeier-mit-logo\\\/\",\"name\":\"Rentier m\\u00fctze werbeartikel | weihnachtsfeier mit logo\",\"description\":\"Diese lustige Weihnachtsm\\u00fctze mit Rentier-Geweih ist das ideale Werbegeschenk f\\u00fcr Mitarbeiter & Kunden. Lasse die warme Strickm\\u00fctze mit deinem Firmenlogo bedrucken und sorge f\\u00fcr einen echten Hingucker auf jeder Weihnachtsfeier.\",\"inLanguage\":\"de-DE\",\"isPartOf\":{\"@id\":\"https:\\\/\\\/hidalgo.nl\\\/de\\\/#website\"},\"breadcrumb\":{\"@id\":\"https:\\\/\\\/hidalgo.nl\\\/de\\\/product\\\/21655\\\/rentier-muetze-werbeartikel-weihnachtsfeier-mit-logo\\\/#breadcrumblist\"},\"image\":{\"@type\":\"ImageObject\",\"url\":\"https:\\\/\\\/shop.hidalgo.nl\\\/wp-content\\\/uploads\\\/2025\\\/03\\\/cb1a3b3ff1d0ceb95547c92c8beaac691d6ba3cefbdcc3632237ff1f663df8ed.jpg\",\"@id\":\"https:\\\/\\\/hidalgo.nl\\\/de\\\/product\\\/21655\\\/rentier-muetze-werbeartikel-weihnachtsfeier-mit-logo\\\/#mainImage\"},\"primaryImageOfPage\":{\"@id\":\"https:\\\/\\\/hidalgo.nl\\\/de\\\/product\\\/21655\\\/rentier-muetze-werbeartikel-weihnachtsfeier-mit-logo\\\/#mainImage\"},\"datePublished\":\"2025-07-03T13:25:39+00:00\",\"dateModified\":\"2026-02-17T11:49:25+00:00\"},{\"@type\":\"WebSite\",\"@id\":\"https:\\\/\\\/hidalgo.nl\\\/de\\\/#website\",\"url\":\"https:\\\/\\\/hidalgo.nl\\\/de\\\/\",\"name\":\"Hidalgo\",\"inLanguage\":\"de-DE\",\"publisher\":{\"@id\":\"https:\\\/\\\/hidalgo.nl\\\/de\\\/#organization\"}}]}\n\t\t<\/script>\n\t\t<!-- All in One SEO Pro -->\r\n\t\t<title>Rentier m\u00fctze werbeartikel | weihnachtsfeier mit logo<\/title>\n\n","aioseo_head_json":{"title":"Rentier m\u00fctze werbeartikel | weihnachtsfeier mit logo","description":"Diese lustige Weihnachtsm\u00fctze mit Rentier-Geweih ist das ideale Werbegeschenk f\u00fcr Mitarbeiter & Kunden. Lasse die warme Strickm\u00fctze mit deinem Firmenlogo bedrucken und sorge f\u00fcr einen echten Hingucker auf jeder Weihnachtsfeier.","canonical_url":"https:\/\/hidalgo.nl\/de\/wp-json\/wp\/v2\/product\/21655","robots":"max-image-preview:large","keywords":"","webmasterTools":{"miscellaneous":""},"schema":{"@context":"https:\/\/schema.org","@graph":[{"@type":"BreadcrumbList","@id":"https:\/\/hidalgo.nl\/de\/product\/21655\/rentier-muetze-werbeartikel-weihnachtsfeier-mit-logo\/#breadcrumblist","itemListElement":[{"@type":"ListItem","@id":"https:\/\/hidalgo.nl\/de\/#listItem","position":1,"name":"Home","item":"https:\/\/hidalgo.nl\/de\/","nextItem":{"@type":"ListItem","@id":"https:\/\/hidalgo.nl\/example\/#listItem","name":"example"}},{"@type":"ListItem","@id":"https:\/\/hidalgo.nl\/example\/#listItem","position":2,"name":"example","item":"https:\/\/hidalgo.nl\/example\/","nextItem":{"@type":"ListItem","@id":"https:\/\/hidalgo.nl\/en\/product-supplier\/a86\/#listItem","name":"A86"},"previousItem":{"@type":"ListItem","@id":"https:\/\/hidalgo.nl\/de\/#listItem","name":"Home"}},{"@type":"ListItem","@id":"https:\/\/hidalgo.nl\/en\/product-supplier\/a86\/#listItem","position":3,"name":"A86","item":"https:\/\/hidalgo.nl\/en\/product-supplier\/a86\/","nextItem":{"@type":"ListItem","@id":"https:\/\/hidalgo.nl\/de\/product\/21655\/rentier-muetze-werbeartikel-weihnachtsfeier-mit-logo\/#listItem","name":"Gebreide rendiermuts"},"previousItem":{"@type":"ListItem","@id":"https:\/\/hidalgo.nl\/example\/#listItem","name":"example"}},{"@type":"ListItem","@id":"https:\/\/hidalgo.nl\/de\/product\/21655\/rentier-muetze-werbeartikel-weihnachtsfeier-mit-logo\/#listItem","position":4,"name":"Gebreide rendiermuts","previousItem":{"@type":"ListItem","@id":"https:\/\/hidalgo.nl\/en\/product-supplier\/a86\/#listItem","name":"A86"}}]},{"@type":"ItemPage","@id":"https:\/\/hidalgo.nl\/de\/product\/21655\/rentier-muetze-werbeartikel-weihnachtsfeier-mit-logo\/#itempage","url":"https:\/\/hidalgo.nl\/de\/product\/21655\/rentier-muetze-werbeartikel-weihnachtsfeier-mit-logo\/","name":"Rentier m\u00fctze werbeartikel | weihnachtsfeier mit logo","description":"Diese lustige Weihnachtsm\u00fctze mit Rentier-Geweih ist das ideale Werbegeschenk f\u00fcr Mitarbeiter & Kunden. Lasse die warme Strickm\u00fctze mit deinem Firmenlogo bedrucken und sorge f\u00fcr einen echten Hingucker auf jeder Weihnachtsfeier.","inLanguage":"de-DE","isPartOf":{"@id":"https:\/\/hidalgo.nl\/de\/#website"},"breadcrumb":{"@id":"https:\/\/hidalgo.nl\/de\/product\/21655\/rentier-muetze-werbeartikel-weihnachtsfeier-mit-logo\/#breadcrumblist"},"image":{"@type":"ImageObject","url":"https:\/\/shop.hidalgo.nl\/wp-content\/uploads\/2025\/03\/cb1a3b3ff1d0ceb95547c92c8beaac691d6ba3cefbdcc3632237ff1f663df8ed.jpg","@id":"https:\/\/hidalgo.nl\/de\/product\/21655\/rentier-muetze-werbeartikel-weihnachtsfeier-mit-logo\/#mainImage"},"primaryImageOfPage":{"@id":"https:\/\/hidalgo.nl\/de\/product\/21655\/rentier-muetze-werbeartikel-weihnachtsfeier-mit-logo\/#mainImage"},"datePublished":"2025-07-03T13:25:39+00:00","dateModified":"2026-02-17T11:49:25+00:00"},{"@type":"Organization","@id":"https:\/\/hidalgo.nl\/de\/#organization","name":"Hidalgo","url":"https:\/\/hidalgo.nl\/de\/","logo":{"@type":"ImageObject","url":"https:\/\/shop.hidalgo.nl\/wp-content\/uploads\/2025\/11\/cropped-Hidalgo-est1993.png","@id":"https:\/\/hidalgo.nl\/de\/product\/21655\/rentier-muetze-werbeartikel-weihnachtsfeier-mit-logo\/#organizationLogo","width":585,"height":195},"image":{"@id":"https:\/\/hidalgo.nl\/de\/product\/21655\/rentier-muetze-werbeartikel-weihnachtsfeier-mit-logo\/#organizationLogo"}},{"@type":"WebPage","@id":"https:\/\/hidalgo.nl\/de\/product\/21655\/rentier-muetze-werbeartikel-weihnachtsfeier-mit-logo\/#webpage","url":"https:\/\/hidalgo.nl\/de\/product\/21655\/rentier-muetze-werbeartikel-weihnachtsfeier-mit-logo\/","name":"Rentier m\u00fctze werbeartikel | weihnachtsfeier mit logo","description":"Diese lustige Weihnachtsm\u00fctze mit Rentier-Geweih ist das ideale Werbegeschenk f\u00fcr Mitarbeiter & Kunden. Lasse die warme Strickm\u00fctze mit deinem Firmenlogo bedrucken und sorge f\u00fcr einen echten Hingucker auf jeder Weihnachtsfeier.","inLanguage":"de-DE","isPartOf":{"@id":"https:\/\/hidalgo.nl\/de\/#website"},"breadcrumb":{"@id":"https:\/\/hidalgo.nl\/de\/product\/21655\/rentier-muetze-werbeartikel-weihnachtsfeier-mit-logo\/#breadcrumblist"},"image":{"@type":"ImageObject","url":"https:\/\/shop.hidalgo.nl\/wp-content\/uploads\/2025\/03\/cb1a3b3ff1d0ceb95547c92c8beaac691d6ba3cefbdcc3632237ff1f663df8ed.jpg","@id":"https:\/\/hidalgo.nl\/de\/product\/21655\/rentier-muetze-werbeartikel-weihnachtsfeier-mit-logo\/#mainImage"},"primaryImageOfPage":{"@id":"https:\/\/hidalgo.nl\/de\/product\/21655\/rentier-muetze-werbeartikel-weihnachtsfeier-mit-logo\/#mainImage"},"datePublished":"2025-07-03T13:25:39+00:00","dateModified":"2026-02-17T11:49:25+00:00"},{"@type":"WebSite","@id":"https:\/\/hidalgo.nl\/de\/#website","url":"https:\/\/hidalgo.nl\/de\/","name":"Hidalgo","inLanguage":"de-DE","publisher":{"@id":"https:\/\/hidalgo.nl\/de\/#organization"}}]},"og:locale":"de_DE","og:site_name":"Hidalgo -","og:type":"article","og:title":"Rentier m\u00fctze werbeartikel | weihnachtsfeier mit logo","og:description":"Diese lustige Weihnachtsm\u00fctze mit Rentier-Geweih ist das ideale Werbegeschenk f\u00fcr Mitarbeiter &amp; Kunden. Lasse die warme Strickm\u00fctze mit deinem Firmenlogo bedrucken und sorge f\u00fcr einen echten Hingucker auf jeder Weihnachtsfeier.","og:url":"https:\/\/hidalgo.nl\/de\/wp-json\/wp\/v2\/product\/21655","og:image":"https:\/\/shop.hidalgo.nl\/wp-content\/uploads\/2025\/11\/cropped-Hidalgo-est1993.png","og:image:secure_url":"https:\/\/shop.hidalgo.nl\/wp-content\/uploads\/2025\/11\/cropped-Hidalgo-est1993.png","article:published_time":"2025-07-03T13:25:39+00:00","article:modified_time":"2026-02-17T11:49:25+00:00","twitter:card":"summary_large_image","twitter:title":"Rentier m\u00fctze werbeartikel | weihnachtsfeier mit logo","twitter:description":"Diese lustige Weihnachtsm\u00fctze mit Rentier-Geweih ist das ideale Werbegeschenk f\u00fcr Mitarbeiter &amp; Kunden. Lasse die warme Strickm\u00fctze mit deinem Firmenlogo bedrucken und sorge f\u00fcr einen echten Hingucker auf jeder Weihnachtsfeier.","twitter:image":"https:\/\/shop.hidalgo.nl\/wp-content\/uploads\/2025\/11\/cropped-Hidalgo-est1993.png"},"aioseo_meta_data":{"post_id":"21655","title":null,"description":null,"keywords":null,"keyphrases":null,"primary_term":null,"canonical_url":null,"og_title":null,"og_description":null,"og_object_type":"default","og_image_type":"default","og_image_url":null,"og_image_width":null,"og_image_height":null,"og_image_custom_url":null,"og_image_custom_fields":null,"og_video":null,"og_custom_url":null,"og_article_section":null,"og_article_tags":null,"twitter_use_og":false,"twitter_card":"default","twitter_image_type":"default","twitter_image_url":null,"twitter_image_custom_url":null,"twitter_image_custom_fields":null,"twitter_title":null,"twitter_description":null,"schema":{"blockGraphs":[],"customGraphs":[],"default":{"data":{"Article":[],"Course":[],"Dataset":[],"FAQPage":[],"Movie":[],"Person":[],"Product":[],"ProductReview":[],"Car":[],"Recipe":[],"Service":[],"SoftwareApplication":[],"WebPage":[]},"graphName":"","isEnabled":true},"graphs":[]},"schema_type":"default","schema_type_options":null,"pillar_content":false,"robots_default":true,"robots_noindex":false,"robots_noarchive":false,"robots_nosnippet":false,"robots_nofollow":false,"robots_noimageindex":false,"robots_noodp":false,"robots_notranslate":false,"robots_max_snippet":null,"robots_max_videopreview":null,"robots_max_imagepreview":"large","priority":null,"frequency":null,"local_seo":null,"seo_analyzer_scan_date":"2026-01-20 12:11:53","breadcrumb_settings":null,"limit_modified_date":false,"reviewed_by":null,"open_ai":null,"ai":null,"created":"2026-01-14 06:17:38","updated":"2026-02-17 13:04:40"},"aioseo_breadcrumb":"<div class=\"aioseo-breadcrumbs\"><span class=\"aioseo-breadcrumb\">\n\t<a href=\"https:\/\/hidalgo.nl\/de\/\" title=\"Home\">Home<\/a>\n<\/span><span class=\"aioseo-breadcrumb-separator\">\u00bb<\/span><span class=\"aioseo-breadcrumb\">\n\t<a href=\"https:\/\/hidalgo.nl\/example\/\" title=\"example\">example<\/a>\n<\/span><span class=\"aioseo-breadcrumb-separator\">\u00bb<\/span><span class=\"aioseo-breadcrumb\">\n\t<a href=\"https:\/\/hidalgo.nl\/en\/product-supplier\/a86\/\" title=\"A86\">A86<\/a>\n<\/span><span class=\"aioseo-breadcrumb-separator\">\u00bb<\/span><span class=\"aioseo-breadcrumb\">\n\tGebreide rendiermuts\n<\/span><\/div>","aioseo_breadcrumb_json":[{"label":"Home","link":"https:\/\/hidalgo.nl\/de\/"},{"label":"example","link":"https:\/\/hidalgo.nl\/example\/"},{"label":"A86","link":"https:\/\/hidalgo.nl\/en\/product-supplier\/a86\/"},{"label":"Gebreide rendiermuts","link":"https:\/\/hidalgo.nl\/de\/product\/21655\/rentier-muetze-werbeartikel-weihnachtsfeier-mit-logo\/"}],"_links":{"self":[{"href":"https:\/\/hidalgo.nl\/de\/wp-json\/wp\/v2\/product\/21655","targetHints":{"allow":["GET"]}}],"collection":[{"href":"https:\/\/hidalgo.nl\/de\/wp-json\/wp\/v2\/product"}],"about":[{"href":"https:\/\/hidalgo.nl\/de\/wp-json\/wp\/v2\/types\/product"}],"wp:featuredmedia":[{"embeddable":true,"href":"https:\/\/hidalgo.nl\/de\/wp-json\/wp\/v2\/media\/597245"}],"wp:attachment":[{"href":"https:\/\/hidalgo.nl\/de\/wp-json\/wp\/v2\/media?parent=21655"}],"wp:term":[{"taxonomy":"product_brand","embeddable":true,"href":"https:\/\/hidalgo.nl\/de\/wp-json\/wp\/v2\/product_brand?post=21655"},{"taxonomy":"product_cat","embeddable":true,"href":"https:\/\/hidalgo.nl\/de\/wp-json\/wp\/v2\/product_cat?post=21655"},{"taxonomy":"product_tag","embeddable":true,"href":"https:\/\/hidalgo.nl\/de\/wp-json\/wp\/v2\/product_tag?post=21655"}],"curies":[{"name":"wp","href":"https:\/\/api.w.org\/{rel}","templated":true}]}}