{"id":2132,"date":"2025-05-16T13:09:54","date_gmt":"2025-05-16T13:09:54","guid":{"rendered":"https:\/\/bidonsenshakers.pim.hidalgo.nl\/product\/insideout-r-pet-rugzak-koli\/"},"modified":"2026-05-02T10:54:00","modified_gmt":"2026-05-02T10:54:00","slug":"insideout-r-pet-rugzak-koli","status":"publish","type":"product","link":"https:\/\/hidalgo.nl\/de\/product\/2132\/laptop-rucksack-koli-bedrucken-rpet-nachhaltig-15-zoll\/","title":{"rendered":"InSideOut R-PET Rugzak Koli"},"content":{"rendered":"<p>Deze stijlvolle en praktische rugzak uit de InSideOut-serie Koli is de perfecte keuze voor iedereen die vaak reist en functionaliteit en duurzaamheid waardeert. Gemaakt van milieuvriendelijk rPET, een gerecycled materiaal, biedt de Koli rugzak niet alleen voordelen voor het milieu, maar ook een robuuste en langdurige kwaliteit. Het ruime hoofdvak bevat een handig laptopcompartiment, terwijl de voorzijde een voorvak met ritssluiting heeft en de zijkant is voorzien van een rekbaar vak voor een fles of paraplu. De stevige rits zorgt ervoor dat je het hoofdvak gemakkelijk kunt openen en direct toegang hebt tot de inhoud. Het voorvak is ideaal voor bedrijven die op zoek zijn naar een plek om hun logo of bedrijfsnaam te laten drukken, waardoor deze tas een uitstekende promotieoplossing biedt. Door de schouderhengsels in het achtervak te plaatsen, kun je de rugzak eenvoudig omtoveren tot een draagtas. Deze veelzijdige functie, in combinatie met de stevige hengsels, maakt de Koli rugzak niet alleen een rugzak, maar ook een praktische tas.<\/p>\n","protected":false},"excerpt":{"rendered":"<p>Deze stijlvolle en praktische rugzak uit de InSideOut-serie Koli is de perfecte keuze voor iedereen die vaak reist en functionaliteit en duurzaamheid waardeert. Gemaakt van milieuvriendelijk rPET, een gerecycled materiaal, biedt de Koli rugzak niet alleen voordelen voor het milieu, maar ook een robuuste en langdurige kwaliteit. Het ruime hoofdvak bevat een handig laptopcompartiment, terwijl&hellip; <a class=\"more-link\" href=\"https:\/\/hidalgo.nl\/de\/product\/2132\/laptop-rucksack-koli-bedrucken-rpet-nachhaltig-15-zoll\/\"><span class=\"screen-reader-text\">InSideOut R-PET Rugzak Koli<\/span> weiterlesen<\/a><\/p>\n","protected":false},"featured_media":2133,"template":"","meta":{"_acf_changed":false,"om_disable_all_campaigns":false,"_monsterinsights_skip_tracking":false,"_monsterinsights_sitenote_active":false,"_monsterinsights_sitenote_note":"","_monsterinsights_sitenote_category":0},"product_brand":[],"product_cat":[4795,4796,4713],"product_tag":[],"class_list":{"0":"post-2132","1":"product","2":"type-product","3":"status-publish","4":"has-post-thumbnail","6":"product_supplier-a53","7":"product_cat-rugtassen","8":"product_cat-rugzakken","9":"product_cat-tassen","10":"entry","12":"first","13":"instock","14":"taxable","15":"shipping-taxable","16":"purchasable","17":"product-type-variable"},"acf":{"imprint_cost":[{"imprint_cost_key":"0d922d14e0dff5ca7c0085a2bc538c9f567dbfb2","product_quantity_price_range":[{"imprint_cost_recommended_selling_price":"2.1375","imprint_cost_recommended_selling_quantity":"1"},{"imprint_cost_recommended_selling_price":"1.74","imprint_cost_recommended_selling_quantity":"10"},{"imprint_cost_recommended_selling_price":"1.575","imprint_cost_recommended_selling_quantity":"25"},{"imprint_cost_recommended_selling_price":"1.485","imprint_cost_recommended_selling_quantity":"50"},{"imprint_cost_recommended_selling_price":"1.425","imprint_cost_recommended_selling_quantity":"100"},{"imprint_cost_recommended_selling_price":"1.35","imprint_cost_recommended_selling_quantity":"250"},{"imprint_cost_recommended_selling_price":"1.2825","imprint_cost_recommended_selling_quantity":"500"},{"imprint_cost_recommended_selling_price":"1.23","imprint_cost_recommended_selling_quantity":"1000"},{"imprint_cost_recommended_selling_price":"1.2","imprint_cost_recommended_selling_quantity":"2500"},{"imprint_cost_recommended_selling_price":"1.17","imprint_cost_recommended_selling_quantity":"5000"},{"imprint_cost_recommended_selling_price":"1.17","imprint_cost_recommended_selling_quantity":"10000"}],"product_quantity_price_range_buying":[{"imprint_cost_general_buying_price":"1.425","imprint_cost_general_buying_quantity":"1"},{"imprint_cost_general_buying_price":"1.16","imprint_cost_general_buying_quantity":"10"},{"imprint_cost_general_buying_price":"1.05","imprint_cost_general_buying_quantity":"25"},{"imprint_cost_general_buying_price":"0.99","imprint_cost_general_buying_quantity":"50"},{"imprint_cost_general_buying_price":"0.95","imprint_cost_general_buying_quantity":"100"},{"imprint_cost_general_buying_price":"0.9","imprint_cost_general_buying_quantity":"250"},{"imprint_cost_general_buying_price":"0.855","imprint_cost_general_buying_quantity":"500"},{"imprint_cost_general_buying_price":"0.82","imprint_cost_general_buying_quantity":"1000"},{"imprint_cost_general_buying_price":"0.8","imprint_cost_general_buying_quantity":"2500"},{"imprint_cost_general_buying_price":"0.78","imprint_cost_general_buying_quantity":"5000"},{"imprint_cost_general_buying_price":"0.78","imprint_cost_general_buying_quantity":"10000"}],"imprint_cost_setup_costs":"54","imprint_cost_handling_costs":"0.36"}]},"aioseo_notices":[],"aioseo_head":"\n\t\t<!-- All in One SEO Pro 4.9.6.2 - aioseo.com -->\n\t<meta name=\"description\" content=\"F\u00fcr Office, Studium &amp; Events: Der Koli aus R-PET sch\u00fctzt als Rucksack mit Laptopfach deinen 15-Zoll-Laptop und h\u00e4lt Dokumente, Flasche &amp; Gadgets griffbereit. Bei Hidalgo kannst du den Rucksack bedrucken - ideal f\u00fcr Teams und Promotions, erh\u00e4ltlich in Dunkelblau oder Ecru.\" \/>\n\t<meta name=\"robots\" content=\"max-image-preview:large\" \/>\n\t<link rel=\"canonical\" href=\"https:\/\/hidalgo.nl\/de\/wp-json\/wp\/v2\/product\/2132\" \/>\n\t<meta name=\"generator\" content=\"All in One SEO Pro (AIOSEO) 4.9.6.2\" \/>\n\t\t<meta property=\"og:locale\" content=\"de_DE\" \/>\n\t\t<meta property=\"og:site_name\" content=\"Hidalgo -\" \/>\n\t\t<meta property=\"og:type\" content=\"article\" \/>\n\t\t<meta property=\"og:title\" content=\"Laptop Rucksack Koli bedrucken rPET nachhaltig 15 Zoll\" \/>\n\t\t<meta property=\"og:description\" content=\"F\u00fcr Office, Studium &amp; Events: Der Koli aus R-PET sch\u00fctzt als Rucksack mit Laptopfach deinen 15-Zoll-Laptop und h\u00e4lt Dokumente, Flasche &amp; Gadgets griffbereit. Bei Hidalgo kannst du den Rucksack bedrucken - ideal f\u00fcr Teams und Promotions, erh\u00e4ltlich in Dunkelblau oder Ecru.\" \/>\n\t\t<meta property=\"og:url\" content=\"https:\/\/hidalgo.nl\/de\/wp-json\/wp\/v2\/product\/2132\" \/>\n\t\t<meta property=\"og:image\" content=\"https:\/\/shop.hidalgo.nl\/wp-content\/uploads\/2025\/11\/cropped-Hidalgo-est1993.png\" \/>\n\t\t<meta property=\"og:image:secure_url\" content=\"https:\/\/shop.hidalgo.nl\/wp-content\/uploads\/2025\/11\/cropped-Hidalgo-est1993.png\" \/>\n\t\t<meta property=\"article:published_time\" content=\"2025-05-16T13:09:54+00:00\" \/>\n\t\t<meta property=\"article:modified_time\" content=\"2026-05-02T10:54:00+00:00\" \/>\n\t\t<meta name=\"twitter:card\" content=\"summary_large_image\" \/>\n\t\t<meta name=\"twitter:title\" content=\"Laptop Rucksack Koli bedrucken rPET nachhaltig 15 Zoll\" \/>\n\t\t<meta name=\"twitter:description\" content=\"F\u00fcr Office, Studium &amp; Events: Der Koli aus R-PET sch\u00fctzt als Rucksack mit Laptopfach deinen 15-Zoll-Laptop und h\u00e4lt Dokumente, Flasche &amp; Gadgets griffbereit. Bei Hidalgo kannst du den Rucksack bedrucken - ideal f\u00fcr Teams und Promotions, erh\u00e4ltlich in Dunkelblau oder Ecru.\" \/>\n\t\t<meta name=\"twitter:image\" content=\"https:\/\/shop.hidalgo.nl\/wp-content\/uploads\/2025\/11\/cropped-Hidalgo-est1993.png\" \/>\n\t\t<script type=\"application\/ld+json\" class=\"aioseo-schema\">\n\t\t\t{\"@context\":\"https:\\\/\\\/schema.org\",\"@graph\":[{\"@type\":\"BreadcrumbList\",\"@id\":\"https:\\\/\\\/hidalgo.nl\\\/de\\\/product\\\/2132\\\/laptop-rucksack-koli-bedrucken-rpet-nachhaltig-15-zoll\\\/#breadcrumblist\",\"itemListElement\":[{\"@type\":\"ListItem\",\"@id\":\"https:\\\/\\\/hidalgo.nl\\\/de\\\/#listItem\",\"position\":1,\"name\":\"Home\",\"item\":\"https:\\\/\\\/hidalgo.nl\\\/de\\\/\",\"nextItem\":{\"@type\":\"ListItem\",\"@id\":\"https:\\\/\\\/hidalgo.nl\\\/example\\\/#listItem\",\"name\":\"example\"}},{\"@type\":\"ListItem\",\"@id\":\"https:\\\/\\\/hidalgo.nl\\\/example\\\/#listItem\",\"position\":2,\"name\":\"example\",\"item\":\"https:\\\/\\\/hidalgo.nl\\\/example\\\/\",\"nextItem\":{\"@type\":\"ListItem\",\"@id\":\"https:\\\/\\\/hidalgo.nl\\\/en\\\/product-supplier\\\/a53\\\/#listItem\",\"name\":\"A53\"},\"previousItem\":{\"@type\":\"ListItem\",\"@id\":\"https:\\\/\\\/hidalgo.nl\\\/de\\\/#listItem\",\"name\":\"Home\"}},{\"@type\":\"ListItem\",\"@id\":\"https:\\\/\\\/hidalgo.nl\\\/en\\\/product-supplier\\\/a53\\\/#listItem\",\"position\":3,\"name\":\"A53\",\"item\":\"https:\\\/\\\/hidalgo.nl\\\/en\\\/product-supplier\\\/a53\\\/\",\"nextItem\":{\"@type\":\"ListItem\",\"@id\":\"https:\\\/\\\/hidalgo.nl\\\/de\\\/product\\\/2132\\\/laptop-rucksack-koli-bedrucken-rpet-nachhaltig-15-zoll\\\/#listItem\",\"name\":\"InSideOut R-PET Rugzak Koli\"},\"previousItem\":{\"@type\":\"ListItem\",\"@id\":\"https:\\\/\\\/hidalgo.nl\\\/example\\\/#listItem\",\"name\":\"example\"}},{\"@type\":\"ListItem\",\"@id\":\"https:\\\/\\\/hidalgo.nl\\\/de\\\/product\\\/2132\\\/laptop-rucksack-koli-bedrucken-rpet-nachhaltig-15-zoll\\\/#listItem\",\"position\":4,\"name\":\"InSideOut R-PET Rugzak Koli\",\"previousItem\":{\"@type\":\"ListItem\",\"@id\":\"https:\\\/\\\/hidalgo.nl\\\/en\\\/product-supplier\\\/a53\\\/#listItem\",\"name\":\"A53\"}}]},{\"@type\":\"Organization\",\"@id\":\"https:\\\/\\\/hidalgo.nl\\\/de\\\/#organization\",\"name\":\"Hidalgo\",\"url\":\"https:\\\/\\\/hidalgo.nl\\\/de\\\/\",\"logo\":{\"@type\":\"ImageObject\",\"url\":\"https:\\\/\\\/shop.hidalgo.nl\\\/wp-content\\\/uploads\\\/2025\\\/11\\\/cropped-Hidalgo-est1993.png\",\"@id\":\"https:\\\/\\\/hidalgo.nl\\\/de\\\/product\\\/2132\\\/laptop-rucksack-koli-bedrucken-rpet-nachhaltig-15-zoll\\\/#organizationLogo\",\"width\":585,\"height\":195},\"image\":{\"@id\":\"https:\\\/\\\/hidalgo.nl\\\/de\\\/product\\\/2132\\\/laptop-rucksack-koli-bedrucken-rpet-nachhaltig-15-zoll\\\/#organizationLogo\"}},{\"@type\":\"ProductGroup\",\"@id\":\"https:\\\/\\\/hidalgo.nl\\\/de\\\/product\\\/2132\\\/laptop-rucksack-koli-bedrucken-rpet-nachhaltig-15-zoll\\\/#wooCommerceProduct\",\"name\":\"Laptop Rucksack Koli bedrucken rPET nachhaltig 15 Zoll\",\"url\":\"https:\\\/\\\/hidalgo.nl\\\/de\\\/product\\\/2132\\\/laptop-rucksack-koli-bedrucken-rpet-nachhaltig-15-zoll\\\/\",\"sku\":\"A53-LT57101\",\"image\":{\"@type\":\"ImageObject\",\"url\":\"https:\\\/\\\/shop.hidalgo.nl\\\/wp-content\\\/uploads\\\/2025\\\/04\\\/ea3866278fd0706171e446189d8b7f1ccc9c91ab2dbe59bf58c1b1660c437839.jpg\",\"@id\":\"https:\\\/\\\/hidalgo.nl\\\/de\\\/product\\\/2132\\\/laptop-rucksack-koli-bedrucken-rpet-nachhaltig-15-zoll\\\/#productImage\"},\"productGroupID\":2132,\"hasVariant\":[{\"@type\":\"Product\",\"@id\":\"https:\\\/\\\/hidalgo.nl\\\/de\\\/product\\\/2132\\\/laptop-rucksack-koli-bedrucken-rpet-nachhaltig-15-zoll\\\/#wooCommerceProduct\",\"name\":\"InSideOut R-PET Rugzak Koli - donkerblauw\",\"url\":\"https:\\\/\\\/hidalgo.nl\\\/de\\\/product\\\/2132\\\/laptop-rucksack-koli-bedrucken-rpet-nachhaltig-15-zoll\\\/\",\"sku\":\"A53-LT57101-N0010\",\"image\":{\"@type\":\"ImageObject\",\"url\":\"https:\\\/\\\/shop.hidalgo.nl\\\/wp-content\\\/uploads\\\/2025\\\/04\\\/514ebf6a1099fbb09fa58e040afd5467ccd8cf275136fa18255833f75c98cc89.jpg\",\"@id\":\"https:\\\/\\\/hidalgo.nl\\\/de\\\/product\\\/2132\\\/laptop-rucksack-koli-bedrucken-rpet-nachhaltig-15-zoll\\\/#productImage\"},\"offers\":{\"@type\":\"Offer\",\"url\":\"https:\\\/\\\/hidalgo.nl\\\/de\\\/product\\\/2132\\\/laptop-rucksack-koli-bedrucken-rpet-nachhaltig-15-zoll\\\/#wooCommerceOffer\",\"price\":\"13.125\",\"priceCurrency\":\"EUR\",\"category\":\"Tassen\",\"availability\":\"https:\\\/\\\/schema.org\\\/InStock\",\"priceSpecification\":{\"@type\":\"PriceSpecification\",\"price\":13.125,\"priceCurrency\":\"EUR\",\"valueAddedTaxIncluded\":\"true\"}}},{\"@type\":\"Product\",\"@id\":\"https:\\\/\\\/hidalgo.nl\\\/de\\\/product\\\/2132\\\/laptop-rucksack-koli-bedrucken-rpet-nachhaltig-15-zoll\\\/#wooCommerceProduct\",\"name\":\"InSideOut R-PET Rugzak Koli - ecru\",\"url\":\"https:\\\/\\\/hidalgo.nl\\\/de\\\/product\\\/2132\\\/laptop-rucksack-koli-bedrucken-rpet-nachhaltig-15-zoll\\\/\",\"sku\":\"A53-LT57101-N0054\",\"image\":{\"@type\":\"ImageObject\",\"url\":\"https:\\\/\\\/shop.hidalgo.nl\\\/wp-content\\\/uploads\\\/2025\\\/04\\\/bdae69adf3ac28cf2743f7129a56022ecfc3787f27ac531cc1b7dec96efce6ac.jpg\",\"@id\":\"https:\\\/\\\/hidalgo.nl\\\/de\\\/product\\\/2132\\\/laptop-rucksack-koli-bedrucken-rpet-nachhaltig-15-zoll\\\/#productImage\"},\"offers\":{\"@type\":\"Offer\",\"url\":\"https:\\\/\\\/hidalgo.nl\\\/de\\\/product\\\/2132\\\/laptop-rucksack-koli-bedrucken-rpet-nachhaltig-15-zoll\\\/#wooCommerceOffer\",\"price\":\"13.125\",\"priceCurrency\":\"EUR\",\"category\":\"Tassen\",\"availability\":\"https:\\\/\\\/schema.org\\\/InStock\",\"priceSpecification\":{\"@type\":\"PriceSpecification\",\"price\":13.125,\"priceCurrency\":\"EUR\",\"valueAddedTaxIncluded\":\"true\"}}}]},{\"@type\":\"WebPage\",\"@id\":\"https:\\\/\\\/hidalgo.nl\\\/de\\\/product\\\/2132\\\/laptop-rucksack-koli-bedrucken-rpet-nachhaltig-15-zoll\\\/#webpage\",\"url\":\"https:\\\/\\\/hidalgo.nl\\\/de\\\/product\\\/2132\\\/laptop-rucksack-koli-bedrucken-rpet-nachhaltig-15-zoll\\\/\",\"name\":\"Laptop Rucksack Koli bedrucken rPET nachhaltig 15 Zoll\",\"description\":\"F\\u00fcr Office, Studium & Events: Der Koli aus R-PET sch\\u00fctzt als Rucksack mit Laptopfach deinen 15-Zoll-Laptop und h\\u00e4lt Dokumente, Flasche & Gadgets griffbereit. Bei Hidalgo kannst du den Rucksack bedrucken - ideal f\\u00fcr Teams und Promotions, erh\\u00e4ltlich in Dunkelblau oder Ecru.\",\"inLanguage\":\"de-DE\",\"isPartOf\":{\"@id\":\"https:\\\/\\\/hidalgo.nl\\\/de\\\/#website\"},\"breadcrumb\":{\"@id\":\"https:\\\/\\\/hidalgo.nl\\\/de\\\/product\\\/2132\\\/laptop-rucksack-koli-bedrucken-rpet-nachhaltig-15-zoll\\\/#breadcrumblist\"},\"image\":{\"@type\":\"ImageObject\",\"url\":\"https:\\\/\\\/shop.hidalgo.nl\\\/wp-content\\\/uploads\\\/2025\\\/04\\\/ea3866278fd0706171e446189d8b7f1ccc9c91ab2dbe59bf58c1b1660c437839.jpg\",\"@id\":\"https:\\\/\\\/hidalgo.nl\\\/de\\\/product\\\/2132\\\/laptop-rucksack-koli-bedrucken-rpet-nachhaltig-15-zoll\\\/#mainImage\"},\"primaryImageOfPage\":{\"@id\":\"https:\\\/\\\/hidalgo.nl\\\/de\\\/product\\\/2132\\\/laptop-rucksack-koli-bedrucken-rpet-nachhaltig-15-zoll\\\/#mainImage\"},\"datePublished\":\"2025-05-16T13:09:54+00:00\",\"dateModified\":\"2026-05-02T10:54:00+00:00\"},{\"@type\":\"WebSite\",\"@id\":\"https:\\\/\\\/hidalgo.nl\\\/de\\\/#website\",\"url\":\"https:\\\/\\\/hidalgo.nl\\\/de\\\/\",\"name\":\"Hidalgo\",\"inLanguage\":\"de-DE\",\"publisher\":{\"@id\":\"https:\\\/\\\/hidalgo.nl\\\/de\\\/#organization\"}}]}\n\t\t<\/script>\n\t\t<!-- All in One SEO Pro -->\r\n\t\t<title>Laptop Rucksack Koli bedrucken rPET nachhaltig 15 Zoll<\/title>\n\n","aioseo_head_json":{"title":"Laptop Rucksack Koli bedrucken rPET nachhaltig 15 Zoll","description":"F\u00fcr Office, Studium & Events: Der Koli aus R-PET sch\u00fctzt als Rucksack mit Laptopfach deinen 15-Zoll-Laptop und h\u00e4lt Dokumente, Flasche & Gadgets griffbereit. Bei Hidalgo kannst du den Rucksack bedrucken - ideal f\u00fcr Teams und Promotions, erh\u00e4ltlich in Dunkelblau oder Ecru.","canonical_url":"https:\/\/hidalgo.nl\/de\/wp-json\/wp\/v2\/product\/2132","robots":"max-image-preview:large","keywords":"","webmasterTools":{"miscellaneous":""},"schema":{"@context":"https:\/\/schema.org","@graph":[{"@type":"BreadcrumbList","@id":"https:\/\/hidalgo.nl\/de\/product\/2132\/laptop-rucksack-koli-bedrucken-rpet-nachhaltig-15-zoll\/#breadcrumblist","itemListElement":[{"@type":"ListItem","@id":"https:\/\/hidalgo.nl\/de\/#listItem","position":1,"name":"Home","item":"https:\/\/hidalgo.nl\/de\/","nextItem":{"@type":"ListItem","@id":"https:\/\/hidalgo.nl\/example\/#listItem","name":"example"}},{"@type":"ListItem","@id":"https:\/\/hidalgo.nl\/example\/#listItem","position":2,"name":"example","item":"https:\/\/hidalgo.nl\/example\/","nextItem":{"@type":"ListItem","@id":"https:\/\/hidalgo.nl\/en\/product-supplier\/a53\/#listItem","name":"A53"},"previousItem":{"@type":"ListItem","@id":"https:\/\/hidalgo.nl\/de\/#listItem","name":"Home"}},{"@type":"ListItem","@id":"https:\/\/hidalgo.nl\/en\/product-supplier\/a53\/#listItem","position":3,"name":"A53","item":"https:\/\/hidalgo.nl\/en\/product-supplier\/a53\/","nextItem":{"@type":"ListItem","@id":"https:\/\/hidalgo.nl\/de\/product\/2132\/laptop-rucksack-koli-bedrucken-rpet-nachhaltig-15-zoll\/#listItem","name":"InSideOut R-PET Rugzak Koli"},"previousItem":{"@type":"ListItem","@id":"https:\/\/hidalgo.nl\/example\/#listItem","name":"example"}},{"@type":"ListItem","@id":"https:\/\/hidalgo.nl\/de\/product\/2132\/laptop-rucksack-koli-bedrucken-rpet-nachhaltig-15-zoll\/#listItem","position":4,"name":"InSideOut R-PET Rugzak Koli","previousItem":{"@type":"ListItem","@id":"https:\/\/hidalgo.nl\/en\/product-supplier\/a53\/#listItem","name":"A53"}}]},{"@type":"Organization","@id":"https:\/\/hidalgo.nl\/de\/#organization","name":"Hidalgo","url":"https:\/\/hidalgo.nl\/de\/","logo":{"@type":"ImageObject","url":"https:\/\/shop.hidalgo.nl\/wp-content\/uploads\/2025\/11\/cropped-Hidalgo-est1993.png","@id":"https:\/\/hidalgo.nl\/de\/product\/2132\/laptop-rucksack-koli-bedrucken-rpet-nachhaltig-15-zoll\/#organizationLogo","width":585,"height":195},"image":{"@id":"https:\/\/hidalgo.nl\/de\/product\/2132\/laptop-rucksack-koli-bedrucken-rpet-nachhaltig-15-zoll\/#organizationLogo"}},{"@type":"ProductGroup","@id":"https:\/\/hidalgo.nl\/de\/product\/2132\/laptop-rucksack-koli-bedrucken-rpet-nachhaltig-15-zoll\/#wooCommerceProduct","name":"Laptop Rucksack Koli bedrucken rPET nachhaltig 15 Zoll","url":"https:\/\/hidalgo.nl\/de\/product\/2132\/laptop-rucksack-koli-bedrucken-rpet-nachhaltig-15-zoll\/","sku":"A53-LT57101","image":{"@type":"ImageObject","url":"https:\/\/shop.hidalgo.nl\/wp-content\/uploads\/2025\/04\/ea3866278fd0706171e446189d8b7f1ccc9c91ab2dbe59bf58c1b1660c437839.jpg","@id":"https:\/\/hidalgo.nl\/de\/product\/2132\/laptop-rucksack-koli-bedrucken-rpet-nachhaltig-15-zoll\/#productImage"},"productGroupID":2132,"hasVariant":[{"@type":"Product","@id":"https:\/\/hidalgo.nl\/de\/product\/2132\/laptop-rucksack-koli-bedrucken-rpet-nachhaltig-15-zoll\/#wooCommerceProduct","name":"InSideOut R-PET Rugzak Koli - donkerblauw","url":"https:\/\/hidalgo.nl\/de\/product\/2132\/laptop-rucksack-koli-bedrucken-rpet-nachhaltig-15-zoll\/","sku":"A53-LT57101-N0010","image":{"@type":"ImageObject","url":"https:\/\/shop.hidalgo.nl\/wp-content\/uploads\/2025\/04\/514ebf6a1099fbb09fa58e040afd5467ccd8cf275136fa18255833f75c98cc89.jpg","@id":"https:\/\/hidalgo.nl\/de\/product\/2132\/laptop-rucksack-koli-bedrucken-rpet-nachhaltig-15-zoll\/#productImage"},"offers":{"@type":"Offer","url":"https:\/\/hidalgo.nl\/de\/product\/2132\/laptop-rucksack-koli-bedrucken-rpet-nachhaltig-15-zoll\/#wooCommerceOffer","price":"13.125","priceCurrency":"EUR","category":"Tassen","availability":"https:\/\/schema.org\/InStock","priceSpecification":{"@type":"PriceSpecification","price":13.125,"priceCurrency":"EUR","valueAddedTaxIncluded":"true"}}},{"@type":"Product","@id":"https:\/\/hidalgo.nl\/de\/product\/2132\/laptop-rucksack-koli-bedrucken-rpet-nachhaltig-15-zoll\/#wooCommerceProduct","name":"InSideOut R-PET Rugzak Koli - ecru","url":"https:\/\/hidalgo.nl\/de\/product\/2132\/laptop-rucksack-koli-bedrucken-rpet-nachhaltig-15-zoll\/","sku":"A53-LT57101-N0054","image":{"@type":"ImageObject","url":"https:\/\/shop.hidalgo.nl\/wp-content\/uploads\/2025\/04\/bdae69adf3ac28cf2743f7129a56022ecfc3787f27ac531cc1b7dec96efce6ac.jpg","@id":"https:\/\/hidalgo.nl\/de\/product\/2132\/laptop-rucksack-koli-bedrucken-rpet-nachhaltig-15-zoll\/#productImage"},"offers":{"@type":"Offer","url":"https:\/\/hidalgo.nl\/de\/product\/2132\/laptop-rucksack-koli-bedrucken-rpet-nachhaltig-15-zoll\/#wooCommerceOffer","price":"13.125","priceCurrency":"EUR","category":"Tassen","availability":"https:\/\/schema.org\/InStock","priceSpecification":{"@type":"PriceSpecification","price":13.125,"priceCurrency":"EUR","valueAddedTaxIncluded":"true"}}}]},{"@type":"WebPage","@id":"https:\/\/hidalgo.nl\/de\/product\/2132\/laptop-rucksack-koli-bedrucken-rpet-nachhaltig-15-zoll\/#webpage","url":"https:\/\/hidalgo.nl\/de\/product\/2132\/laptop-rucksack-koli-bedrucken-rpet-nachhaltig-15-zoll\/","name":"Laptop Rucksack Koli bedrucken rPET nachhaltig 15 Zoll","description":"F\u00fcr Office, Studium & Events: Der Koli aus R-PET sch\u00fctzt als Rucksack mit Laptopfach deinen 15-Zoll-Laptop und h\u00e4lt Dokumente, Flasche & Gadgets griffbereit. Bei Hidalgo kannst du den Rucksack bedrucken - ideal f\u00fcr Teams und Promotions, erh\u00e4ltlich in Dunkelblau oder Ecru.","inLanguage":"de-DE","isPartOf":{"@id":"https:\/\/hidalgo.nl\/de\/#website"},"breadcrumb":{"@id":"https:\/\/hidalgo.nl\/de\/product\/2132\/laptop-rucksack-koli-bedrucken-rpet-nachhaltig-15-zoll\/#breadcrumblist"},"image":{"@type":"ImageObject","url":"https:\/\/shop.hidalgo.nl\/wp-content\/uploads\/2025\/04\/ea3866278fd0706171e446189d8b7f1ccc9c91ab2dbe59bf58c1b1660c437839.jpg","@id":"https:\/\/hidalgo.nl\/de\/product\/2132\/laptop-rucksack-koli-bedrucken-rpet-nachhaltig-15-zoll\/#mainImage"},"primaryImageOfPage":{"@id":"https:\/\/hidalgo.nl\/de\/product\/2132\/laptop-rucksack-koli-bedrucken-rpet-nachhaltig-15-zoll\/#mainImage"},"datePublished":"2025-05-16T13:09:54+00:00","dateModified":"2026-05-02T10:54:00+00:00"},{"@type":"WebSite","@id":"https:\/\/hidalgo.nl\/de\/#website","url":"https:\/\/hidalgo.nl\/de\/","name":"Hidalgo","inLanguage":"de-DE","publisher":{"@id":"https:\/\/hidalgo.nl\/de\/#organization"}}]},"og:locale":"de_DE","og:site_name":"Hidalgo -","og:type":"article","og:title":"Laptop Rucksack Koli bedrucken rPET nachhaltig 15 Zoll","og:description":"F\u00fcr Office, Studium &amp; Events: Der Koli aus R-PET sch\u00fctzt als Rucksack mit Laptopfach deinen 15-Zoll-Laptop und h\u00e4lt Dokumente, Flasche &amp; Gadgets griffbereit. Bei Hidalgo kannst du den Rucksack bedrucken - ideal f\u00fcr Teams und Promotions, erh\u00e4ltlich in Dunkelblau oder Ecru.","og:url":"https:\/\/hidalgo.nl\/de\/wp-json\/wp\/v2\/product\/2132","og:image":"https:\/\/shop.hidalgo.nl\/wp-content\/uploads\/2025\/11\/cropped-Hidalgo-est1993.png","og:image:secure_url":"https:\/\/shop.hidalgo.nl\/wp-content\/uploads\/2025\/11\/cropped-Hidalgo-est1993.png","article:published_time":"2025-05-16T13:09:54+00:00","article:modified_time":"2026-05-02T10:54:00+00:00","twitter:card":"summary_large_image","twitter:title":"Laptop Rucksack Koli bedrucken rPET nachhaltig 15 Zoll","twitter:description":"F\u00fcr Office, Studium &amp; Events: Der Koli aus R-PET sch\u00fctzt als Rucksack mit Laptopfach deinen 15-Zoll-Laptop und h\u00e4lt Dokumente, Flasche &amp; Gadgets griffbereit. Bei Hidalgo kannst du den Rucksack bedrucken - ideal f\u00fcr Teams und Promotions, erh\u00e4ltlich in Dunkelblau oder Ecru.","twitter:image":"https:\/\/shop.hidalgo.nl\/wp-content\/uploads\/2025\/11\/cropped-Hidalgo-est1993.png"},"aioseo_meta_data":{"post_id":"2132","title":null,"description":null,"keywords":null,"keyphrases":null,"primary_term":null,"canonical_url":null,"og_title":null,"og_description":null,"og_object_type":"default","og_image_type":"default","og_image_url":null,"og_image_width":null,"og_image_height":null,"og_image_custom_url":null,"og_image_custom_fields":null,"og_video":null,"og_custom_url":null,"og_article_section":null,"og_article_tags":null,"twitter_use_og":false,"twitter_card":"default","twitter_image_type":"default","twitter_image_url":null,"twitter_image_custom_url":null,"twitter_image_custom_fields":null,"twitter_title":null,"twitter_description":null,"schema":{"blockGraphs":[],"customGraphs":[],"default":{"data":{"Article":[],"Course":[],"Dataset":[],"FAQPage":[],"Movie":[],"Person":[],"Product":[],"ProductReview":[],"Car":[],"Recipe":[],"Service":[],"SoftwareApplication":[],"WebPage":[]},"graphName":"","isEnabled":true},"graphs":[]},"schema_type":"default","schema_type_options":null,"pillar_content":false,"robots_default":true,"robots_noindex":false,"robots_noarchive":false,"robots_nosnippet":false,"robots_nofollow":false,"robots_noimageindex":false,"robots_noodp":false,"robots_notranslate":false,"robots_max_snippet":null,"robots_max_videopreview":null,"robots_max_imagepreview":"large","priority":null,"frequency":null,"local_seo":null,"seo_analyzer_scan_date":"2026-01-30 19:09:42","breadcrumb_settings":null,"limit_modified_date":false,"reviewed_by":null,"open_ai":null,"ai":null,"created":"2026-01-14 06:17:37","updated":"2026-05-02 11:01:08"},"aioseo_breadcrumb":"<div class=\"aioseo-breadcrumbs\"><span class=\"aioseo-breadcrumb\">\n\t<a href=\"https:\/\/hidalgo.nl\/de\/\" title=\"Home\">Home<\/a>\n<\/span><span class=\"aioseo-breadcrumb-separator\">\u00bb<\/span><span class=\"aioseo-breadcrumb\">\n\t<a href=\"https:\/\/hidalgo.nl\/example\/\" title=\"example\">example<\/a>\n<\/span><span class=\"aioseo-breadcrumb-separator\">\u00bb<\/span><span class=\"aioseo-breadcrumb\">\n\t<a href=\"https:\/\/hidalgo.nl\/en\/product-supplier\/a53\/\" title=\"A53\">A53<\/a>\n<\/span><span class=\"aioseo-breadcrumb-separator\">\u00bb<\/span><span class=\"aioseo-breadcrumb\">\n\tInSideOut R-PET Rugzak Koli\n<\/span><\/div>","aioseo_breadcrumb_json":[{"label":"Home","link":"https:\/\/hidalgo.nl\/de\/"},{"label":"example","link":"https:\/\/hidalgo.nl\/example\/"},{"label":"A53","link":"https:\/\/hidalgo.nl\/en\/product-supplier\/a53\/"},{"label":"InSideOut R-PET Rugzak Koli","link":"https:\/\/hidalgo.nl\/de\/product\/2132\/laptop-rucksack-koli-bedrucken-rpet-nachhaltig-15-zoll\/"}],"_links":{"self":[{"href":"https:\/\/hidalgo.nl\/de\/wp-json\/wp\/v2\/product\/2132","targetHints":{"allow":["GET"]}}],"collection":[{"href":"https:\/\/hidalgo.nl\/de\/wp-json\/wp\/v2\/product"}],"about":[{"href":"https:\/\/hidalgo.nl\/de\/wp-json\/wp\/v2\/types\/product"}],"wp:featuredmedia":[{"embeddable":true,"href":"https:\/\/hidalgo.nl\/de\/wp-json\/wp\/v2\/media\/2133"}],"wp:attachment":[{"href":"https:\/\/hidalgo.nl\/de\/wp-json\/wp\/v2\/media?parent=2132"}],"wp:term":[{"taxonomy":"product_brand","embeddable":true,"href":"https:\/\/hidalgo.nl\/de\/wp-json\/wp\/v2\/product_brand?post=2132"},{"taxonomy":"product_cat","embeddable":true,"href":"https:\/\/hidalgo.nl\/de\/wp-json\/wp\/v2\/product_cat?post=2132"},{"taxonomy":"product_tag","embeddable":true,"href":"https:\/\/hidalgo.nl\/de\/wp-json\/wp\/v2\/product_tag?post=2132"}],"curies":[{"name":"wp","href":"https:\/\/api.w.org\/{rel}","templated":true}]}}