{"id":21160,"date":"2025-07-03T13:15:39","date_gmt":"2025-07-03T13:15:39","guid":{"rendered":"http:\/\/bidonsenshakers.pim.hidalgo.nl\/product\/houten-kooklepel-beckham\/"},"modified":"2026-03-13T18:57:10","modified_gmt":"2026-03-13T18:57:10","slug":"houten-kooklepel-beckham","status":"publish","type":"product","link":"https:\/\/hidalgo.nl\/de\/product\/21160\/kochloeffel-beckham-bedrucken-langlebig-naturholz-30cm\/","title":{"rendered":"Houten kooklepel Beckham"},"content":{"rendered":"<p>Houten kooklepel.<\/p>\n","protected":false},"excerpt":{"rendered":"<p>Houten kooklepel.<\/p>\n","protected":false},"featured_media":584250,"template":"","meta":{"_acf_changed":false,"om_disable_all_campaigns":false,"_monsterinsights_skip_tracking":false,"_monsterinsights_sitenote_active":false,"_monsterinsights_sitenote_note":"","_monsterinsights_sitenote_category":0},"product_brand":[49],"product_cat":[5024,4719,4728],"product_tag":[],"class_list":{"0":"post-21160","1":"product","2":"type-product","3":"status-publish","4":"has-post-thumbnail","6":"product_supplier-a58","7":"product_material-hout","8":"product_brand-impression","9":"product_cat-promotionele-artikelen-thuis-keuken-en-tuin-keuken-keuken-accessoires","10":"product_cat-promotionele-artikelen","11":"product_cat-promotionele-artikelen-thuis-keuken-en-tuin","12":"entry","14":"first","15":"instock","16":"taxable","17":"shipping-taxable","18":"purchasable","19":"product-type-variable"},"acf":{"imprint_cost":[{"imprint_cost_key":"12ac1923050527248b1cf34be48368ff2e2130be","product_quantity_price_range":[{"imprint_cost_recommended_selling_price":"2.66","imprint_cost_recommended_selling_quantity":"1"},{"imprint_cost_recommended_selling_price":"1.63","imprint_cost_recommended_selling_quantity":"25"},{"imprint_cost_recommended_selling_price":"1.22","imprint_cost_recommended_selling_quantity":"50"},{"imprint_cost_recommended_selling_price":"0.88","imprint_cost_recommended_selling_quantity":"100"},{"imprint_cost_recommended_selling_price":"0.52","imprint_cost_recommended_selling_quantity":"250"},{"imprint_cost_recommended_selling_price":"0.43","imprint_cost_recommended_selling_quantity":"500"},{"imprint_cost_recommended_selling_price":"0.37","imprint_cost_recommended_selling_quantity":"1000"},{"imprint_cost_recommended_selling_price":"0.29","imprint_cost_recommended_selling_quantity":"2500"}],"product_quantity_price_range_buying":false,"imprint_cost_setup_costs":"30.77","imprint_cost_handling_costs":"0.2"}]},"aioseo_notices":[],"aioseo_head":"\n\t\t<!-- All in One SEO Pro 4.9.6.2 - aioseo.com -->\n\t<meta name=\"description\" content=\"Der robuste Holzkochl\u00f6ffel Beckham ist dein nachhaltiges K\u00fcchenzubeh\u00f6r f\u00fcr erfolgreiche Werbekampagnen. Lass diese Holzl\u00f6ffel personalisiert kaufen und dein Branding per Gravur oder Druck lebensmittelecht anbringen. Sichere dir diesen beliebten Werbeartikel, um dein Logo direkt in die K\u00fcchen deiner Kunden zu bringen.\" \/>\n\t<meta name=\"robots\" content=\"max-image-preview:large\" \/>\n\t<link rel=\"canonical\" href=\"https:\/\/hidalgo.nl\/de\/wp-json\/wp\/v2\/product\/21160\" \/>\n\t<meta name=\"generator\" content=\"All in One SEO Pro (AIOSEO) 4.9.6.2\" \/>\n\t\t<meta property=\"og:locale\" content=\"de_DE\" \/>\n\t\t<meta property=\"og:site_name\" content=\"Hidalgo -\" \/>\n\t\t<meta property=\"og:type\" content=\"article\" \/>\n\t\t<meta property=\"og:title\" content=\"Kochl\u00f6ffel Beckham bedrucken langlebig Naturholz 30cm\" \/>\n\t\t<meta property=\"og:description\" content=\"Der robuste Holzkochl\u00f6ffel Beckham ist dein nachhaltiges K\u00fcchenzubeh\u00f6r f\u00fcr erfolgreiche Werbekampagnen. Lass diese Holzl\u00f6ffel personalisiert kaufen und dein Branding per Gravur oder Druck lebensmittelecht anbringen. Sichere dir diesen beliebten Werbeartikel, um dein Logo direkt in die K\u00fcchen deiner Kunden zu bringen.\" \/>\n\t\t<meta property=\"og:url\" content=\"https:\/\/hidalgo.nl\/de\/wp-json\/wp\/v2\/product\/21160\" \/>\n\t\t<meta property=\"og:image\" content=\"https:\/\/shop.hidalgo.nl\/wp-content\/uploads\/2025\/11\/cropped-Hidalgo-est1993.png\" \/>\n\t\t<meta property=\"og:image:secure_url\" content=\"https:\/\/shop.hidalgo.nl\/wp-content\/uploads\/2025\/11\/cropped-Hidalgo-est1993.png\" \/>\n\t\t<meta property=\"article:published_time\" content=\"2025-07-03T13:15:39+00:00\" \/>\n\t\t<meta property=\"article:modified_time\" content=\"2026-03-13T18:57:10+00:00\" \/>\n\t\t<meta name=\"twitter:card\" content=\"summary_large_image\" \/>\n\t\t<meta name=\"twitter:title\" content=\"Kochl\u00f6ffel Beckham bedrucken langlebig Naturholz 30cm\" \/>\n\t\t<meta name=\"twitter:description\" content=\"Der robuste Holzkochl\u00f6ffel Beckham ist dein nachhaltiges K\u00fcchenzubeh\u00f6r f\u00fcr erfolgreiche Werbekampagnen. Lass diese Holzl\u00f6ffel personalisiert kaufen und dein Branding per Gravur oder Druck lebensmittelecht anbringen. Sichere dir diesen beliebten Werbeartikel, um dein Logo direkt in die K\u00fcchen deiner Kunden zu bringen.\" \/>\n\t\t<meta name=\"twitter:image\" content=\"https:\/\/shop.hidalgo.nl\/wp-content\/uploads\/2025\/11\/cropped-Hidalgo-est1993.png\" \/>\n\t\t<script type=\"application\/ld+json\" class=\"aioseo-schema\">\n\t\t\t{\"@context\":\"https:\\\/\\\/schema.org\",\"@graph\":[{\"@type\":\"BreadcrumbList\",\"@id\":\"https:\\\/\\\/hidalgo.nl\\\/de\\\/product\\\/21160\\\/kochloeffel-beckham-bedrucken-langlebig-naturholz-30cm\\\/#breadcrumblist\",\"itemListElement\":[{\"@type\":\"ListItem\",\"@id\":\"https:\\\/\\\/hidalgo.nl\\\/de\\\/#listItem\",\"position\":1,\"name\":\"Home\",\"item\":\"https:\\\/\\\/hidalgo.nl\\\/de\\\/\",\"nextItem\":{\"@type\":\"ListItem\",\"@id\":\"https:\\\/\\\/hidalgo.nl\\\/example\\\/#listItem\",\"name\":\"example\"}},{\"@type\":\"ListItem\",\"@id\":\"https:\\\/\\\/hidalgo.nl\\\/example\\\/#listItem\",\"position\":2,\"name\":\"example\",\"item\":\"https:\\\/\\\/hidalgo.nl\\\/example\\\/\",\"nextItem\":{\"@type\":\"ListItem\",\"@id\":\"https:\\\/\\\/hidalgo.nl\\\/en\\\/product-supplier\\\/a58\\\/#listItem\",\"name\":\"A58\"},\"previousItem\":{\"@type\":\"ListItem\",\"@id\":\"https:\\\/\\\/hidalgo.nl\\\/de\\\/#listItem\",\"name\":\"Home\"}},{\"@type\":\"ListItem\",\"@id\":\"https:\\\/\\\/hidalgo.nl\\\/en\\\/product-supplier\\\/a58\\\/#listItem\",\"position\":3,\"name\":\"A58\",\"item\":\"https:\\\/\\\/hidalgo.nl\\\/en\\\/product-supplier\\\/a58\\\/\",\"nextItem\":{\"@type\":\"ListItem\",\"@id\":\"https:\\\/\\\/hidalgo.nl\\\/de\\\/product\\\/21160\\\/kochloeffel-beckham-bedrucken-langlebig-naturholz-30cm\\\/#listItem\",\"name\":\"Houten kooklepel Beckham\"},\"previousItem\":{\"@type\":\"ListItem\",\"@id\":\"https:\\\/\\\/hidalgo.nl\\\/example\\\/#listItem\",\"name\":\"example\"}},{\"@type\":\"ListItem\",\"@id\":\"https:\\\/\\\/hidalgo.nl\\\/de\\\/product\\\/21160\\\/kochloeffel-beckham-bedrucken-langlebig-naturholz-30cm\\\/#listItem\",\"position\":4,\"name\":\"Houten kooklepel Beckham\",\"previousItem\":{\"@type\":\"ListItem\",\"@id\":\"https:\\\/\\\/hidalgo.nl\\\/en\\\/product-supplier\\\/a58\\\/#listItem\",\"name\":\"A58\"}}]},{\"@type\":\"Organization\",\"@id\":\"https:\\\/\\\/hidalgo.nl\\\/de\\\/#organization\",\"name\":\"Hidalgo\",\"url\":\"https:\\\/\\\/hidalgo.nl\\\/de\\\/\",\"logo\":{\"@type\":\"ImageObject\",\"url\":\"https:\\\/\\\/shop.hidalgo.nl\\\/wp-content\\\/uploads\\\/2025\\\/11\\\/cropped-Hidalgo-est1993.png\",\"@id\":\"https:\\\/\\\/hidalgo.nl\\\/de\\\/product\\\/21160\\\/kochloeffel-beckham-bedrucken-langlebig-naturholz-30cm\\\/#organizationLogo\",\"width\":585,\"height\":195},\"image\":{\"@id\":\"https:\\\/\\\/hidalgo.nl\\\/de\\\/product\\\/21160\\\/kochloeffel-beckham-bedrucken-langlebig-naturholz-30cm\\\/#organizationLogo\"}},{\"@type\":\"ProductGroup\",\"@id\":\"https:\\\/\\\/hidalgo.nl\\\/de\\\/product\\\/21160\\\/kochloeffel-beckham-bedrucken-langlebig-naturholz-30cm\\\/#wooCommerceProduct\",\"name\":\"Kochl\\u00f6ffel Beckham bedrucken langlebig Naturholz 30cm\",\"url\":\"https:\\\/\\\/hidalgo.nl\\\/de\\\/product\\\/21160\\\/kochloeffel-beckham-bedrucken-langlebig-naturholz-30cm\\\/\",\"brand\":{\"@type\":\"Brand\",\"name\":\"IMPRESSION\"},\"sku\":\"A58-970716\",\"image\":{\"@type\":\"ImageObject\",\"url\":\"https:\\\/\\\/shop.hidalgo.nl\\\/wp-content\\\/uploads\\\/2025\\\/04\\\/5f05e3944d46dec2c17229e6c0bcc925d13871a22ae6155c3d89b1734c722802.jpg\",\"@id\":\"https:\\\/\\\/hidalgo.nl\\\/de\\\/product\\\/21160\\\/kochloeffel-beckham-bedrucken-langlebig-naturholz-30cm\\\/#productImage\"},\"productGroupID\":21160,\"hasVariant\":[{\"@type\":\"Product\",\"@id\":\"https:\\\/\\\/hidalgo.nl\\\/de\\\/product\\\/21160\\\/kochloeffel-beckham-bedrucken-langlebig-naturholz-30cm\\\/#wooCommerceProduct\",\"name\":\"Houten kooklepel Beckham - bruin,\",\"url\":\"https:\\\/\\\/hidalgo.nl\\\/de\\\/product\\\/21160\\\/kochloeffel-beckham-bedrucken-langlebig-naturholz-30cm\\\/\",\"sku\":\"A58-970716-011999999\",\"gtin\":\"8719446062238\",\"image\":{\"@type\":\"ImageObject\",\"url\":\"https:\\\/\\\/shop.hidalgo.nl\\\/wp-content\\\/uploads\\\/2025\\\/05\\\/cdd37fc83ee36931c68287ed9bb3f616f17061b510ce8a04bcb86b82d1e9b111.jpg\",\"@id\":\"https:\\\/\\\/hidalgo.nl\\\/de\\\/product\\\/21160\\\/kochloeffel-beckham-bedrucken-langlebig-naturholz-30cm\\\/#productImage\",\"width\":1000,\"height\":135},\"offers\":{\"@type\":\"Offer\",\"url\":\"https:\\\/\\\/hidalgo.nl\\\/de\\\/product\\\/21160\\\/kochloeffel-beckham-bedrucken-langlebig-naturholz-30cm\\\/#wooCommerceOffer\",\"price\":\"0.44\",\"priceCurrency\":\"EUR\",\"category\":\"Promotionele Artikelen\",\"availability\":\"https:\\\/\\\/schema.org\\\/InStock\",\"priceSpecification\":{\"@type\":\"PriceSpecification\",\"price\":0.44,\"priceCurrency\":\"EUR\",\"valueAddedTaxIncluded\":\"true\"}}}]},{\"@type\":\"WebPage\",\"@id\":\"https:\\\/\\\/hidalgo.nl\\\/de\\\/product\\\/21160\\\/kochloeffel-beckham-bedrucken-langlebig-naturholz-30cm\\\/#webpage\",\"url\":\"https:\\\/\\\/hidalgo.nl\\\/de\\\/product\\\/21160\\\/kochloeffel-beckham-bedrucken-langlebig-naturholz-30cm\\\/\",\"name\":\"Kochl\\u00f6ffel Beckham bedrucken langlebig Naturholz 30cm\",\"description\":\"Der robuste Holzkochl\\u00f6ffel Beckham ist dein nachhaltiges K\\u00fcchenzubeh\\u00f6r f\\u00fcr erfolgreiche Werbekampagnen. Lass diese Holzl\\u00f6ffel personalisiert kaufen und dein Branding per Gravur oder Druck lebensmittelecht anbringen. Sichere dir diesen beliebten Werbeartikel, um dein Logo direkt in die K\\u00fcchen deiner Kunden zu bringen.\",\"inLanguage\":\"de-DE\",\"isPartOf\":{\"@id\":\"https:\\\/\\\/hidalgo.nl\\\/de\\\/#website\"},\"breadcrumb\":{\"@id\":\"https:\\\/\\\/hidalgo.nl\\\/de\\\/product\\\/21160\\\/kochloeffel-beckham-bedrucken-langlebig-naturholz-30cm\\\/#breadcrumblist\"},\"image\":{\"@type\":\"ImageObject\",\"url\":\"https:\\\/\\\/shop.hidalgo.nl\\\/wp-content\\\/uploads\\\/2025\\\/04\\\/5f05e3944d46dec2c17229e6c0bcc925d13871a22ae6155c3d89b1734c722802.jpg\",\"@id\":\"https:\\\/\\\/hidalgo.nl\\\/de\\\/product\\\/21160\\\/kochloeffel-beckham-bedrucken-langlebig-naturholz-30cm\\\/#mainImage\"},\"primaryImageOfPage\":{\"@id\":\"https:\\\/\\\/hidalgo.nl\\\/de\\\/product\\\/21160\\\/kochloeffel-beckham-bedrucken-langlebig-naturholz-30cm\\\/#mainImage\"},\"datePublished\":\"2025-07-03T13:15:39+00:00\",\"dateModified\":\"2026-03-13T18:57:10+00:00\"},{\"@type\":\"WebSite\",\"@id\":\"https:\\\/\\\/hidalgo.nl\\\/de\\\/#website\",\"url\":\"https:\\\/\\\/hidalgo.nl\\\/de\\\/\",\"name\":\"Hidalgo\",\"inLanguage\":\"de-DE\",\"publisher\":{\"@id\":\"https:\\\/\\\/hidalgo.nl\\\/de\\\/#organization\"}}]}\n\t\t<\/script>\n\t\t<!-- All in One SEO Pro -->\r\n\t\t<title>Kochl\u00f6ffel Beckham bedrucken langlebig Naturholz 30cm<\/title>\n\n","aioseo_head_json":{"title":"Kochl\u00f6ffel Beckham bedrucken langlebig Naturholz 30cm","description":"Der robuste Holzkochl\u00f6ffel Beckham ist dein nachhaltiges K\u00fcchenzubeh\u00f6r f\u00fcr erfolgreiche Werbekampagnen. Lass diese Holzl\u00f6ffel personalisiert kaufen und dein Branding per Gravur oder Druck lebensmittelecht anbringen. Sichere dir diesen beliebten Werbeartikel, um dein Logo direkt in die K\u00fcchen deiner Kunden zu bringen.","canonical_url":"https:\/\/hidalgo.nl\/de\/wp-json\/wp\/v2\/product\/21160","robots":"max-image-preview:large","keywords":"","webmasterTools":{"miscellaneous":""},"schema":{"@context":"https:\/\/schema.org","@graph":[{"@type":"BreadcrumbList","@id":"https:\/\/hidalgo.nl\/de\/product\/21160\/kochloeffel-beckham-bedrucken-langlebig-naturholz-30cm\/#breadcrumblist","itemListElement":[{"@type":"ListItem","@id":"https:\/\/hidalgo.nl\/de\/#listItem","position":1,"name":"Home","item":"https:\/\/hidalgo.nl\/de\/","nextItem":{"@type":"ListItem","@id":"https:\/\/hidalgo.nl\/example\/#listItem","name":"example"}},{"@type":"ListItem","@id":"https:\/\/hidalgo.nl\/example\/#listItem","position":2,"name":"example","item":"https:\/\/hidalgo.nl\/example\/","nextItem":{"@type":"ListItem","@id":"https:\/\/hidalgo.nl\/en\/product-supplier\/a58\/#listItem","name":"A58"},"previousItem":{"@type":"ListItem","@id":"https:\/\/hidalgo.nl\/de\/#listItem","name":"Home"}},{"@type":"ListItem","@id":"https:\/\/hidalgo.nl\/en\/product-supplier\/a58\/#listItem","position":3,"name":"A58","item":"https:\/\/hidalgo.nl\/en\/product-supplier\/a58\/","nextItem":{"@type":"ListItem","@id":"https:\/\/hidalgo.nl\/de\/product\/21160\/kochloeffel-beckham-bedrucken-langlebig-naturholz-30cm\/#listItem","name":"Houten kooklepel Beckham"},"previousItem":{"@type":"ListItem","@id":"https:\/\/hidalgo.nl\/example\/#listItem","name":"example"}},{"@type":"ListItem","@id":"https:\/\/hidalgo.nl\/de\/product\/21160\/kochloeffel-beckham-bedrucken-langlebig-naturholz-30cm\/#listItem","position":4,"name":"Houten kooklepel Beckham","previousItem":{"@type":"ListItem","@id":"https:\/\/hidalgo.nl\/en\/product-supplier\/a58\/#listItem","name":"A58"}}]},{"@type":"Organization","@id":"https:\/\/hidalgo.nl\/de\/#organization","name":"Hidalgo","url":"https:\/\/hidalgo.nl\/de\/","logo":{"@type":"ImageObject","url":"https:\/\/shop.hidalgo.nl\/wp-content\/uploads\/2025\/11\/cropped-Hidalgo-est1993.png","@id":"https:\/\/hidalgo.nl\/de\/product\/21160\/kochloeffel-beckham-bedrucken-langlebig-naturholz-30cm\/#organizationLogo","width":585,"height":195},"image":{"@id":"https:\/\/hidalgo.nl\/de\/product\/21160\/kochloeffel-beckham-bedrucken-langlebig-naturholz-30cm\/#organizationLogo"}},{"@type":"ProductGroup","@id":"https:\/\/hidalgo.nl\/de\/product\/21160\/kochloeffel-beckham-bedrucken-langlebig-naturholz-30cm\/#wooCommerceProduct","name":"Kochl\u00f6ffel Beckham bedrucken langlebig Naturholz 30cm","url":"https:\/\/hidalgo.nl\/de\/product\/21160\/kochloeffel-beckham-bedrucken-langlebig-naturholz-30cm\/","brand":{"@type":"Brand","name":"IMPRESSION"},"sku":"A58-970716","image":{"@type":"ImageObject","url":"https:\/\/shop.hidalgo.nl\/wp-content\/uploads\/2025\/04\/5f05e3944d46dec2c17229e6c0bcc925d13871a22ae6155c3d89b1734c722802.jpg","@id":"https:\/\/hidalgo.nl\/de\/product\/21160\/kochloeffel-beckham-bedrucken-langlebig-naturholz-30cm\/#productImage"},"productGroupID":21160,"hasVariant":[{"@type":"Product","@id":"https:\/\/hidalgo.nl\/de\/product\/21160\/kochloeffel-beckham-bedrucken-langlebig-naturholz-30cm\/#wooCommerceProduct","name":"Houten kooklepel Beckham - bruin,","url":"https:\/\/hidalgo.nl\/de\/product\/21160\/kochloeffel-beckham-bedrucken-langlebig-naturholz-30cm\/","sku":"A58-970716-011999999","gtin":"8719446062238","image":{"@type":"ImageObject","url":"https:\/\/shop.hidalgo.nl\/wp-content\/uploads\/2025\/05\/cdd37fc83ee36931c68287ed9bb3f616f17061b510ce8a04bcb86b82d1e9b111.jpg","@id":"https:\/\/hidalgo.nl\/de\/product\/21160\/kochloeffel-beckham-bedrucken-langlebig-naturholz-30cm\/#productImage","width":1000,"height":135},"offers":{"@type":"Offer","url":"https:\/\/hidalgo.nl\/de\/product\/21160\/kochloeffel-beckham-bedrucken-langlebig-naturholz-30cm\/#wooCommerceOffer","price":"0.44","priceCurrency":"EUR","category":"Promotionele Artikelen","availability":"https:\/\/schema.org\/InStock","priceSpecification":{"@type":"PriceSpecification","price":0.44,"priceCurrency":"EUR","valueAddedTaxIncluded":"true"}}}]},{"@type":"WebPage","@id":"https:\/\/hidalgo.nl\/de\/product\/21160\/kochloeffel-beckham-bedrucken-langlebig-naturholz-30cm\/#webpage","url":"https:\/\/hidalgo.nl\/de\/product\/21160\/kochloeffel-beckham-bedrucken-langlebig-naturholz-30cm\/","name":"Kochl\u00f6ffel Beckham bedrucken langlebig Naturholz 30cm","description":"Der robuste Holzkochl\u00f6ffel Beckham ist dein nachhaltiges K\u00fcchenzubeh\u00f6r f\u00fcr erfolgreiche Werbekampagnen. Lass diese Holzl\u00f6ffel personalisiert kaufen und dein Branding per Gravur oder Druck lebensmittelecht anbringen. Sichere dir diesen beliebten Werbeartikel, um dein Logo direkt in die K\u00fcchen deiner Kunden zu bringen.","inLanguage":"de-DE","isPartOf":{"@id":"https:\/\/hidalgo.nl\/de\/#website"},"breadcrumb":{"@id":"https:\/\/hidalgo.nl\/de\/product\/21160\/kochloeffel-beckham-bedrucken-langlebig-naturholz-30cm\/#breadcrumblist"},"image":{"@type":"ImageObject","url":"https:\/\/shop.hidalgo.nl\/wp-content\/uploads\/2025\/04\/5f05e3944d46dec2c17229e6c0bcc925d13871a22ae6155c3d89b1734c722802.jpg","@id":"https:\/\/hidalgo.nl\/de\/product\/21160\/kochloeffel-beckham-bedrucken-langlebig-naturholz-30cm\/#mainImage"},"primaryImageOfPage":{"@id":"https:\/\/hidalgo.nl\/de\/product\/21160\/kochloeffel-beckham-bedrucken-langlebig-naturholz-30cm\/#mainImage"},"datePublished":"2025-07-03T13:15:39+00:00","dateModified":"2026-03-13T18:57:10+00:00"},{"@type":"WebSite","@id":"https:\/\/hidalgo.nl\/de\/#website","url":"https:\/\/hidalgo.nl\/de\/","name":"Hidalgo","inLanguage":"de-DE","publisher":{"@id":"https:\/\/hidalgo.nl\/de\/#organization"}}]},"og:locale":"de_DE","og:site_name":"Hidalgo -","og:type":"article","og:title":"Kochl\u00f6ffel Beckham bedrucken langlebig Naturholz 30cm","og:description":"Der robuste Holzkochl\u00f6ffel Beckham ist dein nachhaltiges K\u00fcchenzubeh\u00f6r f\u00fcr erfolgreiche Werbekampagnen. Lass diese Holzl\u00f6ffel personalisiert kaufen und dein Branding per Gravur oder Druck lebensmittelecht anbringen. Sichere dir diesen beliebten Werbeartikel, um dein Logo direkt in die K\u00fcchen deiner Kunden zu bringen.","og:url":"https:\/\/hidalgo.nl\/de\/wp-json\/wp\/v2\/product\/21160","og:image":"https:\/\/shop.hidalgo.nl\/wp-content\/uploads\/2025\/11\/cropped-Hidalgo-est1993.png","og:image:secure_url":"https:\/\/shop.hidalgo.nl\/wp-content\/uploads\/2025\/11\/cropped-Hidalgo-est1993.png","article:published_time":"2025-07-03T13:15:39+00:00","article:modified_time":"2026-03-13T18:57:10+00:00","twitter:card":"summary_large_image","twitter:title":"Kochl\u00f6ffel Beckham bedrucken langlebig Naturholz 30cm","twitter:description":"Der robuste Holzkochl\u00f6ffel Beckham ist dein nachhaltiges K\u00fcchenzubeh\u00f6r f\u00fcr erfolgreiche Werbekampagnen. Lass diese Holzl\u00f6ffel personalisiert kaufen und dein Branding per Gravur oder Druck lebensmittelecht anbringen. Sichere dir diesen beliebten Werbeartikel, um dein Logo direkt in die K\u00fcchen deiner Kunden zu bringen.","twitter:image":"https:\/\/shop.hidalgo.nl\/wp-content\/uploads\/2025\/11\/cropped-Hidalgo-est1993.png"},"aioseo_meta_data":{"post_id":"21160","title":null,"description":null,"keywords":null,"keyphrases":null,"primary_term":null,"canonical_url":null,"og_title":null,"og_description":null,"og_object_type":"default","og_image_type":"default","og_image_url":null,"og_image_width":null,"og_image_height":null,"og_image_custom_url":null,"og_image_custom_fields":null,"og_video":null,"og_custom_url":null,"og_article_section":null,"og_article_tags":null,"twitter_use_og":false,"twitter_card":"default","twitter_image_type":"default","twitter_image_url":null,"twitter_image_custom_url":null,"twitter_image_custom_fields":null,"twitter_title":null,"twitter_description":null,"schema":{"blockGraphs":[],"customGraphs":[],"default":{"data":{"Article":[],"Course":[],"Dataset":[],"FAQPage":[],"Movie":[],"Person":[],"Product":[],"ProductReview":[],"Car":[],"Recipe":[],"Service":[],"SoftwareApplication":[],"WebPage":[]},"graphName":"","isEnabled":true},"graphs":[]},"schema_type":"default","schema_type_options":null,"pillar_content":false,"robots_default":true,"robots_noindex":false,"robots_noarchive":false,"robots_nosnippet":false,"robots_nofollow":false,"robots_noimageindex":false,"robots_noodp":false,"robots_notranslate":false,"robots_max_snippet":null,"robots_max_videopreview":null,"robots_max_imagepreview":"large","priority":null,"frequency":null,"local_seo":null,"seo_analyzer_scan_date":"2026-01-20 12:05:21","breadcrumb_settings":null,"limit_modified_date":false,"reviewed_by":null,"open_ai":null,"ai":null,"created":"2026-01-14 06:17:38","updated":"2026-04-23 05:14:50"},"aioseo_breadcrumb":"<div class=\"aioseo-breadcrumbs\"><span class=\"aioseo-breadcrumb\">\n\t<a href=\"https:\/\/hidalgo.nl\/de\/\" title=\"Home\">Home<\/a>\n<\/span><span class=\"aioseo-breadcrumb-separator\">\u00bb<\/span><span class=\"aioseo-breadcrumb\">\n\t<a href=\"https:\/\/hidalgo.nl\/example\/\" title=\"example\">example<\/a>\n<\/span><span class=\"aioseo-breadcrumb-separator\">\u00bb<\/span><span class=\"aioseo-breadcrumb\">\n\t<a href=\"https:\/\/hidalgo.nl\/en\/product-supplier\/a58\/\" title=\"A58\">A58<\/a>\n<\/span><span class=\"aioseo-breadcrumb-separator\">\u00bb<\/span><span class=\"aioseo-breadcrumb\">\n\tHouten kooklepel Beckham\n<\/span><\/div>","aioseo_breadcrumb_json":[{"label":"Home","link":"https:\/\/hidalgo.nl\/de\/"},{"label":"example","link":"https:\/\/hidalgo.nl\/example\/"},{"label":"A58","link":"https:\/\/hidalgo.nl\/en\/product-supplier\/a58\/"},{"label":"Houten kooklepel Beckham","link":"https:\/\/hidalgo.nl\/de\/product\/21160\/kochloeffel-beckham-bedrucken-langlebig-naturholz-30cm\/"}],"_links":{"self":[{"href":"https:\/\/hidalgo.nl\/de\/wp-json\/wp\/v2\/product\/21160","targetHints":{"allow":["GET"]}}],"collection":[{"href":"https:\/\/hidalgo.nl\/de\/wp-json\/wp\/v2\/product"}],"about":[{"href":"https:\/\/hidalgo.nl\/de\/wp-json\/wp\/v2\/types\/product"}],"wp:featuredmedia":[{"embeddable":true,"href":"https:\/\/hidalgo.nl\/de\/wp-json\/wp\/v2\/media\/584250"}],"wp:attachment":[{"href":"https:\/\/hidalgo.nl\/de\/wp-json\/wp\/v2\/media?parent=21160"}],"wp:term":[{"taxonomy":"product_brand","embeddable":true,"href":"https:\/\/hidalgo.nl\/de\/wp-json\/wp\/v2\/product_brand?post=21160"},{"taxonomy":"product_cat","embeddable":true,"href":"https:\/\/hidalgo.nl\/de\/wp-json\/wp\/v2\/product_cat?post=21160"},{"taxonomy":"product_tag","embeddable":true,"href":"https:\/\/hidalgo.nl\/de\/wp-json\/wp\/v2\/product_tag?post=21160"}],"curies":[{"name":"wp","href":"https:\/\/api.w.org\/{rel}","templated":true}]}}