{"id":20197,"date":"2025-07-03T12:56:35","date_gmt":"2025-07-03T12:56:35","guid":{"rendered":"http:\/\/bidonsenshakers.pim.hidalgo.nl\/product\/bamboe-spatels-benny\/"},"modified":"2026-03-16T10:56:31","modified_gmt":"2026-03-16T10:56:31","slug":"bamboe-spatels-benny","status":"publish","type":"product","link":"https:\/\/hidalgo.nl\/de\/product\/20197\/bambus-pfannenwender-benny-bedrucken-nachhaltig-5-teilig\/","title":{"rendered":"Bamboe spatels Benny"},"content":{"rendered":"<p>Bamboe spatels (set van vijf).<\/p>\n","protected":false},"excerpt":{"rendered":"<p>Bamboe spatels (set van vijf).<\/p>\n","protected":false},"featured_media":589881,"template":"","meta":{"_acf_changed":false,"om_disable_all_campaigns":false,"_monsterinsights_skip_tracking":false,"_monsterinsights_sitenote_active":false,"_monsterinsights_sitenote_note":"","_monsterinsights_sitenote_category":0},"product_brand":[49],"product_cat":[4735,5024,4719,4728],"product_tag":[],"class_list":{"0":"post-20197","1":"product","2":"type-product","3":"status-publish","4":"has-post-thumbnail","6":"product_supplier-a58","7":"product_material-bamboe","8":"product_brand-impression","9":"product_cat-keuken","10":"product_cat-promotionele-artikelen-thuis-keuken-en-tuin-keuken-keuken-accessoires","11":"product_cat-promotionele-artikelen","12":"product_cat-promotionele-artikelen-thuis-keuken-en-tuin","13":"entry","15":"first","16":"instock","17":"taxable","18":"shipping-taxable","19":"purchasable","20":"product-type-variable"},"acf":{"imprint_cost":[{"imprint_cost_key":"73166cd20fff30f717a5dbcd996ae177d90ab6a7","product_quantity_price_range":[{"imprint_cost_recommended_selling_price":"2.66","imprint_cost_recommended_selling_quantity":"1"},{"imprint_cost_recommended_selling_price":"1.63","imprint_cost_recommended_selling_quantity":"25"},{"imprint_cost_recommended_selling_price":"1.22","imprint_cost_recommended_selling_quantity":"50"},{"imprint_cost_recommended_selling_price":"0.88","imprint_cost_recommended_selling_quantity":"100"},{"imprint_cost_recommended_selling_price":"0.52","imprint_cost_recommended_selling_quantity":"250"},{"imprint_cost_recommended_selling_price":"0.43","imprint_cost_recommended_selling_quantity":"500"},{"imprint_cost_recommended_selling_price":"0.37","imprint_cost_recommended_selling_quantity":"1000"},{"imprint_cost_recommended_selling_price":"0.29","imprint_cost_recommended_selling_quantity":"2500"}],"product_quantity_price_range_buying":false,"imprint_cost_setup_costs":"30.77","imprint_cost_handling_costs":"0.2"}]},"aioseo_notices":[],"aioseo_head":"\n\t\t<!-- All in One SEO Pro 4.9.6.2 - aioseo.com -->\n\t<meta name=\"description\" content=\"Dieses 5-teilige Spatel Set aus Bambus ist das ideale Werbemittel f\u00fcr moderne Zielgruppen, denn es schont Antihaftpfannen. Lass diese nachhaltigen K\u00fcchenhelfer bedrucken und nutze die hohe Sichtbarkeit in der K\u00fcche als effektiven Markenbotschafter.\" \/>\n\t<meta name=\"robots\" content=\"max-image-preview:large\" \/>\n\t<link rel=\"canonical\" href=\"https:\/\/hidalgo.nl\/de\/wp-json\/wp\/v2\/product\/20197\" \/>\n\t<meta name=\"generator\" content=\"All in One SEO Pro (AIOSEO) 4.9.6.2\" \/>\n\t\t<meta property=\"og:locale\" content=\"de_DE\" \/>\n\t\t<meta property=\"og:site_name\" content=\"Hidalgo -\" \/>\n\t\t<meta property=\"og:type\" content=\"article\" \/>\n\t\t<meta property=\"og:title\" content=\"Bambus Pfannenwender Benny bedrucken nachhaltig 5-teilig\" \/>\n\t\t<meta property=\"og:description\" content=\"Dieses 5-teilige Spatel Set aus Bambus ist das ideale Werbemittel f\u00fcr moderne Zielgruppen, denn es schont Antihaftpfannen. Lass diese nachhaltigen K\u00fcchenhelfer bedrucken und nutze die hohe Sichtbarkeit in der K\u00fcche als effektiven Markenbotschafter.\" \/>\n\t\t<meta property=\"og:url\" content=\"https:\/\/hidalgo.nl\/de\/wp-json\/wp\/v2\/product\/20197\" \/>\n\t\t<meta property=\"og:image\" content=\"https:\/\/shop.hidalgo.nl\/wp-content\/uploads\/2025\/11\/cropped-Hidalgo-est1993.png\" \/>\n\t\t<meta property=\"og:image:secure_url\" content=\"https:\/\/shop.hidalgo.nl\/wp-content\/uploads\/2025\/11\/cropped-Hidalgo-est1993.png\" \/>\n\t\t<meta property=\"article:published_time\" content=\"2025-07-03T12:56:35+00:00\" \/>\n\t\t<meta property=\"article:modified_time\" content=\"2026-03-16T10:56:31+00:00\" \/>\n\t\t<meta name=\"twitter:card\" content=\"summary_large_image\" \/>\n\t\t<meta name=\"twitter:title\" content=\"Bambus Pfannenwender Benny bedrucken nachhaltig 5-teilig\" \/>\n\t\t<meta name=\"twitter:description\" content=\"Dieses 5-teilige Spatel Set aus Bambus ist das ideale Werbemittel f\u00fcr moderne Zielgruppen, denn es schont Antihaftpfannen. Lass diese nachhaltigen K\u00fcchenhelfer bedrucken und nutze die hohe Sichtbarkeit in der K\u00fcche als effektiven Markenbotschafter.\" \/>\n\t\t<meta name=\"twitter:image\" content=\"https:\/\/shop.hidalgo.nl\/wp-content\/uploads\/2025\/11\/cropped-Hidalgo-est1993.png\" \/>\n\t\t<script type=\"application\/ld+json\" class=\"aioseo-schema\">\n\t\t\t{\"@context\":\"https:\\\/\\\/schema.org\",\"@graph\":[{\"@type\":\"BreadcrumbList\",\"@id\":\"https:\\\/\\\/hidalgo.nl\\\/de\\\/product\\\/20197\\\/bambus-pfannenwender-benny-bedrucken-nachhaltig-5-teilig\\\/#breadcrumblist\",\"itemListElement\":[{\"@type\":\"ListItem\",\"@id\":\"https:\\\/\\\/hidalgo.nl\\\/de\\\/#listItem\",\"position\":1,\"name\":\"Home\",\"item\":\"https:\\\/\\\/hidalgo.nl\\\/de\\\/\",\"nextItem\":{\"@type\":\"ListItem\",\"@id\":\"https:\\\/\\\/hidalgo.nl\\\/example\\\/#listItem\",\"name\":\"example\"}},{\"@type\":\"ListItem\",\"@id\":\"https:\\\/\\\/hidalgo.nl\\\/example\\\/#listItem\",\"position\":2,\"name\":\"example\",\"item\":\"https:\\\/\\\/hidalgo.nl\\\/example\\\/\",\"nextItem\":{\"@type\":\"ListItem\",\"@id\":\"https:\\\/\\\/hidalgo.nl\\\/en\\\/product-supplier\\\/a58\\\/#listItem\",\"name\":\"A58\"},\"previousItem\":{\"@type\":\"ListItem\",\"@id\":\"https:\\\/\\\/hidalgo.nl\\\/de\\\/#listItem\",\"name\":\"Home\"}},{\"@type\":\"ListItem\",\"@id\":\"https:\\\/\\\/hidalgo.nl\\\/en\\\/product-supplier\\\/a58\\\/#listItem\",\"position\":3,\"name\":\"A58\",\"item\":\"https:\\\/\\\/hidalgo.nl\\\/en\\\/product-supplier\\\/a58\\\/\",\"nextItem\":{\"@type\":\"ListItem\",\"@id\":\"https:\\\/\\\/hidalgo.nl\\\/de\\\/product\\\/20197\\\/bambus-pfannenwender-benny-bedrucken-nachhaltig-5-teilig\\\/#listItem\",\"name\":\"Bamboe spatels Benny\"},\"previousItem\":{\"@type\":\"ListItem\",\"@id\":\"https:\\\/\\\/hidalgo.nl\\\/example\\\/#listItem\",\"name\":\"example\"}},{\"@type\":\"ListItem\",\"@id\":\"https:\\\/\\\/hidalgo.nl\\\/de\\\/product\\\/20197\\\/bambus-pfannenwender-benny-bedrucken-nachhaltig-5-teilig\\\/#listItem\",\"position\":4,\"name\":\"Bamboe spatels Benny\",\"previousItem\":{\"@type\":\"ListItem\",\"@id\":\"https:\\\/\\\/hidalgo.nl\\\/en\\\/product-supplier\\\/a58\\\/#listItem\",\"name\":\"A58\"}}]},{\"@type\":\"Organization\",\"@id\":\"https:\\\/\\\/hidalgo.nl\\\/de\\\/#organization\",\"name\":\"Hidalgo\",\"url\":\"https:\\\/\\\/hidalgo.nl\\\/de\\\/\",\"logo\":{\"@type\":\"ImageObject\",\"url\":\"https:\\\/\\\/shop.hidalgo.nl\\\/wp-content\\\/uploads\\\/2025\\\/11\\\/cropped-Hidalgo-est1993.png\",\"@id\":\"https:\\\/\\\/hidalgo.nl\\\/de\\\/product\\\/20197\\\/bambus-pfannenwender-benny-bedrucken-nachhaltig-5-teilig\\\/#organizationLogo\",\"width\":585,\"height\":195},\"image\":{\"@id\":\"https:\\\/\\\/hidalgo.nl\\\/de\\\/product\\\/20197\\\/bambus-pfannenwender-benny-bedrucken-nachhaltig-5-teilig\\\/#organizationLogo\"}},{\"@type\":\"ProductGroup\",\"@id\":\"https:\\\/\\\/hidalgo.nl\\\/de\\\/product\\\/20197\\\/bambus-pfannenwender-benny-bedrucken-nachhaltig-5-teilig\\\/#wooCommerceProduct\",\"name\":\"Bambus Pfannenwender Benny bedrucken nachhaltig 5-teilig\",\"url\":\"https:\\\/\\\/hidalgo.nl\\\/de\\\/product\\\/20197\\\/bambus-pfannenwender-benny-bedrucken-nachhaltig-5-teilig\\\/\",\"brand\":{\"@type\":\"Brand\",\"name\":\"IMPRESSION\"},\"sku\":\"A58-9189\",\"image\":{\"@type\":\"ImageObject\",\"url\":\"https:\\\/\\\/shop.hidalgo.nl\\\/wp-content\\\/uploads\\\/2025\\\/04\\\/22c0896905e5c21212a95e7efb04db2296e981f21d8f186dfcae51eb2be76f15.jpg\",\"@id\":\"https:\\\/\\\/hidalgo.nl\\\/de\\\/product\\\/20197\\\/bambus-pfannenwender-benny-bedrucken-nachhaltig-5-teilig\\\/#productImage\"},\"productGroupID\":20197,\"hasVariant\":[{\"@type\":\"Product\",\"@id\":\"https:\\\/\\\/hidalgo.nl\\\/de\\\/product\\\/20197\\\/bambus-pfannenwender-benny-bedrucken-nachhaltig-5-teilig\\\/#wooCommerceProduct\",\"name\":\"Bamboe spatels Benny - bruin,\",\"url\":\"https:\\\/\\\/hidalgo.nl\\\/de\\\/product\\\/20197\\\/bambus-pfannenwender-benny-bedrucken-nachhaltig-5-teilig\\\/\",\"sku\":\"A58-9189-011999999\",\"gtin\":\"8719446051874\",\"image\":{\"@type\":\"ImageObject\",\"url\":\"https:\\\/\\\/shop.hidalgo.nl\\\/wp-content\\\/uploads\\\/2025\\\/05\\\/6397a505efb8945ccc2e837fdef05bb44f51b6313e296736c88d8e12d108f684.jpg\",\"@id\":\"https:\\\/\\\/hidalgo.nl\\\/de\\\/product\\\/20197\\\/bambus-pfannenwender-benny-bedrucken-nachhaltig-5-teilig\\\/#productImage\",\"width\":886,\"height\":1000},\"offers\":{\"@type\":\"Offer\",\"url\":\"https:\\\/\\\/hidalgo.nl\\\/de\\\/product\\\/20197\\\/bambus-pfannenwender-benny-bedrucken-nachhaltig-5-teilig\\\/#wooCommerceOffer\",\"price\":\"5.14\",\"priceCurrency\":\"EUR\",\"category\":\"Promotionele Artikelen\",\"availability\":\"https:\\\/\\\/schema.org\\\/InStock\",\"priceSpecification\":{\"@type\":\"PriceSpecification\",\"price\":5.14,\"priceCurrency\":\"EUR\",\"valueAddedTaxIncluded\":\"true\"}}}]},{\"@type\":\"WebPage\",\"@id\":\"https:\\\/\\\/hidalgo.nl\\\/de\\\/product\\\/20197\\\/bambus-pfannenwender-benny-bedrucken-nachhaltig-5-teilig\\\/#webpage\",\"url\":\"https:\\\/\\\/hidalgo.nl\\\/de\\\/product\\\/20197\\\/bambus-pfannenwender-benny-bedrucken-nachhaltig-5-teilig\\\/\",\"name\":\"Bambus Pfannenwender Benny bedrucken nachhaltig 5-teilig\",\"description\":\"Dieses 5-teilige Spatel Set aus Bambus ist das ideale Werbemittel f\\u00fcr moderne Zielgruppen, denn es schont Antihaftpfannen. Lass diese nachhaltigen K\\u00fcchenhelfer bedrucken und nutze die hohe Sichtbarkeit in der K\\u00fcche als effektiven Markenbotschafter.\",\"inLanguage\":\"de-DE\",\"isPartOf\":{\"@id\":\"https:\\\/\\\/hidalgo.nl\\\/de\\\/#website\"},\"breadcrumb\":{\"@id\":\"https:\\\/\\\/hidalgo.nl\\\/de\\\/product\\\/20197\\\/bambus-pfannenwender-benny-bedrucken-nachhaltig-5-teilig\\\/#breadcrumblist\"},\"image\":{\"@type\":\"ImageObject\",\"url\":\"https:\\\/\\\/shop.hidalgo.nl\\\/wp-content\\\/uploads\\\/2025\\\/04\\\/22c0896905e5c21212a95e7efb04db2296e981f21d8f186dfcae51eb2be76f15.jpg\",\"@id\":\"https:\\\/\\\/hidalgo.nl\\\/de\\\/product\\\/20197\\\/bambus-pfannenwender-benny-bedrucken-nachhaltig-5-teilig\\\/#mainImage\"},\"primaryImageOfPage\":{\"@id\":\"https:\\\/\\\/hidalgo.nl\\\/de\\\/product\\\/20197\\\/bambus-pfannenwender-benny-bedrucken-nachhaltig-5-teilig\\\/#mainImage\"},\"datePublished\":\"2025-07-03T12:56:35+00:00\",\"dateModified\":\"2026-03-16T10:56:31+00:00\"},{\"@type\":\"WebSite\",\"@id\":\"https:\\\/\\\/hidalgo.nl\\\/de\\\/#website\",\"url\":\"https:\\\/\\\/hidalgo.nl\\\/de\\\/\",\"name\":\"Hidalgo\",\"inLanguage\":\"de-DE\",\"publisher\":{\"@id\":\"https:\\\/\\\/hidalgo.nl\\\/de\\\/#organization\"}}]}\n\t\t<\/script>\n\t\t<!-- All in One SEO Pro -->\r\n\t\t<title>Bambus Pfannenwender Benny bedrucken nachhaltig 5-teilig<\/title>\n\n","aioseo_head_json":{"title":"Bambus Pfannenwender Benny bedrucken nachhaltig 5-teilig","description":"Dieses 5-teilige Spatel Set aus Bambus ist das ideale Werbemittel f\u00fcr moderne Zielgruppen, denn es schont Antihaftpfannen. Lass diese nachhaltigen K\u00fcchenhelfer bedrucken und nutze die hohe Sichtbarkeit in der K\u00fcche als effektiven Markenbotschafter.","canonical_url":"https:\/\/hidalgo.nl\/de\/wp-json\/wp\/v2\/product\/20197","robots":"max-image-preview:large","keywords":"","webmasterTools":{"miscellaneous":""},"schema":{"@context":"https:\/\/schema.org","@graph":[{"@type":"BreadcrumbList","@id":"https:\/\/hidalgo.nl\/de\/product\/20197\/bambus-pfannenwender-benny-bedrucken-nachhaltig-5-teilig\/#breadcrumblist","itemListElement":[{"@type":"ListItem","@id":"https:\/\/hidalgo.nl\/de\/#listItem","position":1,"name":"Home","item":"https:\/\/hidalgo.nl\/de\/","nextItem":{"@type":"ListItem","@id":"https:\/\/hidalgo.nl\/example\/#listItem","name":"example"}},{"@type":"ListItem","@id":"https:\/\/hidalgo.nl\/example\/#listItem","position":2,"name":"example","item":"https:\/\/hidalgo.nl\/example\/","nextItem":{"@type":"ListItem","@id":"https:\/\/hidalgo.nl\/en\/product-supplier\/a58\/#listItem","name":"A58"},"previousItem":{"@type":"ListItem","@id":"https:\/\/hidalgo.nl\/de\/#listItem","name":"Home"}},{"@type":"ListItem","@id":"https:\/\/hidalgo.nl\/en\/product-supplier\/a58\/#listItem","position":3,"name":"A58","item":"https:\/\/hidalgo.nl\/en\/product-supplier\/a58\/","nextItem":{"@type":"ListItem","@id":"https:\/\/hidalgo.nl\/de\/product\/20197\/bambus-pfannenwender-benny-bedrucken-nachhaltig-5-teilig\/#listItem","name":"Bamboe spatels Benny"},"previousItem":{"@type":"ListItem","@id":"https:\/\/hidalgo.nl\/example\/#listItem","name":"example"}},{"@type":"ListItem","@id":"https:\/\/hidalgo.nl\/de\/product\/20197\/bambus-pfannenwender-benny-bedrucken-nachhaltig-5-teilig\/#listItem","position":4,"name":"Bamboe spatels Benny","previousItem":{"@type":"ListItem","@id":"https:\/\/hidalgo.nl\/en\/product-supplier\/a58\/#listItem","name":"A58"}}]},{"@type":"Organization","@id":"https:\/\/hidalgo.nl\/de\/#organization","name":"Hidalgo","url":"https:\/\/hidalgo.nl\/de\/","logo":{"@type":"ImageObject","url":"https:\/\/shop.hidalgo.nl\/wp-content\/uploads\/2025\/11\/cropped-Hidalgo-est1993.png","@id":"https:\/\/hidalgo.nl\/de\/product\/20197\/bambus-pfannenwender-benny-bedrucken-nachhaltig-5-teilig\/#organizationLogo","width":585,"height":195},"image":{"@id":"https:\/\/hidalgo.nl\/de\/product\/20197\/bambus-pfannenwender-benny-bedrucken-nachhaltig-5-teilig\/#organizationLogo"}},{"@type":"ProductGroup","@id":"https:\/\/hidalgo.nl\/de\/product\/20197\/bambus-pfannenwender-benny-bedrucken-nachhaltig-5-teilig\/#wooCommerceProduct","name":"Bambus Pfannenwender Benny bedrucken nachhaltig 5-teilig","url":"https:\/\/hidalgo.nl\/de\/product\/20197\/bambus-pfannenwender-benny-bedrucken-nachhaltig-5-teilig\/","brand":{"@type":"Brand","name":"IMPRESSION"},"sku":"A58-9189","image":{"@type":"ImageObject","url":"https:\/\/shop.hidalgo.nl\/wp-content\/uploads\/2025\/04\/22c0896905e5c21212a95e7efb04db2296e981f21d8f186dfcae51eb2be76f15.jpg","@id":"https:\/\/hidalgo.nl\/de\/product\/20197\/bambus-pfannenwender-benny-bedrucken-nachhaltig-5-teilig\/#productImage"},"productGroupID":20197,"hasVariant":[{"@type":"Product","@id":"https:\/\/hidalgo.nl\/de\/product\/20197\/bambus-pfannenwender-benny-bedrucken-nachhaltig-5-teilig\/#wooCommerceProduct","name":"Bamboe spatels Benny - bruin,","url":"https:\/\/hidalgo.nl\/de\/product\/20197\/bambus-pfannenwender-benny-bedrucken-nachhaltig-5-teilig\/","sku":"A58-9189-011999999","gtin":"8719446051874","image":{"@type":"ImageObject","url":"https:\/\/shop.hidalgo.nl\/wp-content\/uploads\/2025\/05\/6397a505efb8945ccc2e837fdef05bb44f51b6313e296736c88d8e12d108f684.jpg","@id":"https:\/\/hidalgo.nl\/de\/product\/20197\/bambus-pfannenwender-benny-bedrucken-nachhaltig-5-teilig\/#productImage","width":886,"height":1000},"offers":{"@type":"Offer","url":"https:\/\/hidalgo.nl\/de\/product\/20197\/bambus-pfannenwender-benny-bedrucken-nachhaltig-5-teilig\/#wooCommerceOffer","price":"5.14","priceCurrency":"EUR","category":"Promotionele Artikelen","availability":"https:\/\/schema.org\/InStock","priceSpecification":{"@type":"PriceSpecification","price":5.14,"priceCurrency":"EUR","valueAddedTaxIncluded":"true"}}}]},{"@type":"WebPage","@id":"https:\/\/hidalgo.nl\/de\/product\/20197\/bambus-pfannenwender-benny-bedrucken-nachhaltig-5-teilig\/#webpage","url":"https:\/\/hidalgo.nl\/de\/product\/20197\/bambus-pfannenwender-benny-bedrucken-nachhaltig-5-teilig\/","name":"Bambus Pfannenwender Benny bedrucken nachhaltig 5-teilig","description":"Dieses 5-teilige Spatel Set aus Bambus ist das ideale Werbemittel f\u00fcr moderne Zielgruppen, denn es schont Antihaftpfannen. Lass diese nachhaltigen K\u00fcchenhelfer bedrucken und nutze die hohe Sichtbarkeit in der K\u00fcche als effektiven Markenbotschafter.","inLanguage":"de-DE","isPartOf":{"@id":"https:\/\/hidalgo.nl\/de\/#website"},"breadcrumb":{"@id":"https:\/\/hidalgo.nl\/de\/product\/20197\/bambus-pfannenwender-benny-bedrucken-nachhaltig-5-teilig\/#breadcrumblist"},"image":{"@type":"ImageObject","url":"https:\/\/shop.hidalgo.nl\/wp-content\/uploads\/2025\/04\/22c0896905e5c21212a95e7efb04db2296e981f21d8f186dfcae51eb2be76f15.jpg","@id":"https:\/\/hidalgo.nl\/de\/product\/20197\/bambus-pfannenwender-benny-bedrucken-nachhaltig-5-teilig\/#mainImage"},"primaryImageOfPage":{"@id":"https:\/\/hidalgo.nl\/de\/product\/20197\/bambus-pfannenwender-benny-bedrucken-nachhaltig-5-teilig\/#mainImage"},"datePublished":"2025-07-03T12:56:35+00:00","dateModified":"2026-03-16T10:56:31+00:00"},{"@type":"WebSite","@id":"https:\/\/hidalgo.nl\/de\/#website","url":"https:\/\/hidalgo.nl\/de\/","name":"Hidalgo","inLanguage":"de-DE","publisher":{"@id":"https:\/\/hidalgo.nl\/de\/#organization"}}]},"og:locale":"de_DE","og:site_name":"Hidalgo -","og:type":"article","og:title":"Bambus Pfannenwender Benny bedrucken nachhaltig 5-teilig","og:description":"Dieses 5-teilige Spatel Set aus Bambus ist das ideale Werbemittel f\u00fcr moderne Zielgruppen, denn es schont Antihaftpfannen. Lass diese nachhaltigen K\u00fcchenhelfer bedrucken und nutze die hohe Sichtbarkeit in der K\u00fcche als effektiven Markenbotschafter.","og:url":"https:\/\/hidalgo.nl\/de\/wp-json\/wp\/v2\/product\/20197","og:image":"https:\/\/shop.hidalgo.nl\/wp-content\/uploads\/2025\/11\/cropped-Hidalgo-est1993.png","og:image:secure_url":"https:\/\/shop.hidalgo.nl\/wp-content\/uploads\/2025\/11\/cropped-Hidalgo-est1993.png","article:published_time":"2025-07-03T12:56:35+00:00","article:modified_time":"2026-03-16T10:56:31+00:00","twitter:card":"summary_large_image","twitter:title":"Bambus Pfannenwender Benny bedrucken nachhaltig 5-teilig","twitter:description":"Dieses 5-teilige Spatel Set aus Bambus ist das ideale Werbemittel f\u00fcr moderne Zielgruppen, denn es schont Antihaftpfannen. Lass diese nachhaltigen K\u00fcchenhelfer bedrucken und nutze die hohe Sichtbarkeit in der K\u00fcche als effektiven Markenbotschafter.","twitter:image":"https:\/\/shop.hidalgo.nl\/wp-content\/uploads\/2025\/11\/cropped-Hidalgo-est1993.png"},"aioseo_meta_data":{"post_id":"20197","title":null,"description":null,"keywords":null,"keyphrases":null,"primary_term":null,"canonical_url":null,"og_title":null,"og_description":null,"og_object_type":"default","og_image_type":"default","og_image_url":null,"og_image_width":null,"og_image_height":null,"og_image_custom_url":null,"og_image_custom_fields":null,"og_video":null,"og_custom_url":null,"og_article_section":null,"og_article_tags":null,"twitter_use_og":false,"twitter_card":"default","twitter_image_type":"default","twitter_image_url":null,"twitter_image_custom_url":null,"twitter_image_custom_fields":null,"twitter_title":null,"twitter_description":null,"schema":{"blockGraphs":[],"customGraphs":[],"default":{"data":{"Article":[],"Course":[],"Dataset":[],"FAQPage":[],"Movie":[],"Person":[],"Product":[],"ProductReview":[],"Car":[],"Recipe":[],"Service":[],"SoftwareApplication":[],"WebPage":[]},"graphName":"","isEnabled":true},"graphs":[]},"schema_type":"default","schema_type_options":null,"pillar_content":false,"robots_default":true,"robots_noindex":false,"robots_noarchive":false,"robots_nosnippet":false,"robots_nofollow":false,"robots_noimageindex":false,"robots_noodp":false,"robots_notranslate":false,"robots_max_snippet":null,"robots_max_videopreview":null,"robots_max_imagepreview":"large","priority":null,"frequency":null,"local_seo":null,"seo_analyzer_scan_date":"2026-01-20 11:51:21","breadcrumb_settings":null,"limit_modified_date":false,"reviewed_by":null,"open_ai":null,"ai":null,"created":"2026-01-14 06:17:38","updated":"2026-04-23 05:01:49"},"aioseo_breadcrumb":"<div class=\"aioseo-breadcrumbs\"><span class=\"aioseo-breadcrumb\">\n\t<a href=\"https:\/\/hidalgo.nl\/de\/\" title=\"Home\">Home<\/a>\n<\/span><span class=\"aioseo-breadcrumb-separator\">\u00bb<\/span><span class=\"aioseo-breadcrumb\">\n\t<a href=\"https:\/\/hidalgo.nl\/example\/\" title=\"example\">example<\/a>\n<\/span><span class=\"aioseo-breadcrumb-separator\">\u00bb<\/span><span class=\"aioseo-breadcrumb\">\n\t<a href=\"https:\/\/hidalgo.nl\/en\/product-supplier\/a58\/\" title=\"A58\">A58<\/a>\n<\/span><span class=\"aioseo-breadcrumb-separator\">\u00bb<\/span><span class=\"aioseo-breadcrumb\">\n\tBamboe spatels Benny\n<\/span><\/div>","aioseo_breadcrumb_json":[{"label":"Home","link":"https:\/\/hidalgo.nl\/de\/"},{"label":"example","link":"https:\/\/hidalgo.nl\/example\/"},{"label":"A58","link":"https:\/\/hidalgo.nl\/en\/product-supplier\/a58\/"},{"label":"Bamboe spatels Benny","link":"https:\/\/hidalgo.nl\/de\/product\/20197\/bambus-pfannenwender-benny-bedrucken-nachhaltig-5-teilig\/"}],"_links":{"self":[{"href":"https:\/\/hidalgo.nl\/de\/wp-json\/wp\/v2\/product\/20197","targetHints":{"allow":["GET"]}}],"collection":[{"href":"https:\/\/hidalgo.nl\/de\/wp-json\/wp\/v2\/product"}],"about":[{"href":"https:\/\/hidalgo.nl\/de\/wp-json\/wp\/v2\/types\/product"}],"wp:featuredmedia":[{"embeddable":true,"href":"https:\/\/hidalgo.nl\/de\/wp-json\/wp\/v2\/media\/589881"}],"wp:attachment":[{"href":"https:\/\/hidalgo.nl\/de\/wp-json\/wp\/v2\/media?parent=20197"}],"wp:term":[{"taxonomy":"product_brand","embeddable":true,"href":"https:\/\/hidalgo.nl\/de\/wp-json\/wp\/v2\/product_brand?post=20197"},{"taxonomy":"product_cat","embeddable":true,"href":"https:\/\/hidalgo.nl\/de\/wp-json\/wp\/v2\/product_cat?post=20197"},{"taxonomy":"product_tag","embeddable":true,"href":"https:\/\/hidalgo.nl\/de\/wp-json\/wp\/v2\/product_tag?post=20197"}],"curies":[{"name":"wp","href":"https:\/\/api.w.org\/{rel}","templated":true}]}}