{"id":19246,"date":"2025-07-03T12:36:06","date_gmt":"2025-07-03T12:36:06","guid":{"rendered":"http:\/\/bidonsenshakers.pim.hidalgo.nl\/product\/leren-sleuteletui-phillipa\/"},"modified":"2026-03-13T14:02:18","modified_gmt":"2026-03-13T14:02:18","slug":"leren-sleuteletui-phillipa","status":"publish","type":"product","link":"https:\/\/hidalgo.nl\/de\/product\/19246\/leder-schluesseletui-phillipa-bedrucken-recycelt-zipper-klein\/","title":{"rendered":"Leren sleuteletui Phillipa"},"content":{"rendered":"<p>Leren sleuteletui met metalen ring en rits. Gemaakt van afvalmateriaal van lederen schorten<\/p>\n","protected":false},"excerpt":{"rendered":"<p>Leren sleuteletui met metalen ring en rits. Gemaakt van afvalmateriaal van lederen schorten<\/p>\n","protected":false},"featured_media":595529,"template":"","meta":{"_acf_changed":false,"om_disable_all_campaigns":false,"_monsterinsights_skip_tracking":false,"_monsterinsights_sitenote_active":false,"_monsterinsights_sitenote_note":"","_monsterinsights_sitenote_category":0},"product_brand":[49],"product_cat":[4719,4853,4774],"product_tag":[],"class_list":{"0":"post-19246","1":"product","2":"type-product","3":"status-publish","4":"has-post-thumbnail","6":"product_supplier-a58","7":"product_material-leder","8":"product_material-metaal","9":"product_brand-impression","10":"product_cat-promotionele-artikelen","11":"product_cat-reis-accessoires","12":"product_cat-promotionele-artikelen-vrije-tijd","13":"entry","15":"first","16":"instock","17":"taxable","18":"shipping-taxable","19":"purchasable","20":"product-type-variable"},"acf":{"imprint_cost":[{"imprint_cost_key":"d5ffeaf90fee3dba3c0f00071be9f811f761a52e","product_quantity_price_range":[{"imprint_cost_recommended_selling_price":"5.43","imprint_cost_recommended_selling_quantity":"1"},{"imprint_cost_recommended_selling_price":"2.83","imprint_cost_recommended_selling_quantity":"25"},{"imprint_cost_recommended_selling_price":"1.29","imprint_cost_recommended_selling_quantity":"50"},{"imprint_cost_recommended_selling_price":"0.49","imprint_cost_recommended_selling_quantity":"100"},{"imprint_cost_recommended_selling_price":"0.35","imprint_cost_recommended_selling_quantity":"250"},{"imprint_cost_recommended_selling_price":"0.28","imprint_cost_recommended_selling_quantity":"500"},{"imprint_cost_recommended_selling_price":"0.2","imprint_cost_recommended_selling_quantity":"1000"},{"imprint_cost_recommended_selling_price":"0.18","imprint_cost_recommended_selling_quantity":"5000"}],"product_quantity_price_range_buying":false,"imprint_cost_setup_costs":"52.31","imprint_cost_handling_costs":"0.08"}]},"aioseo_notices":[],"aioseo_head":"\n\t\t<!-- All in One SEO Pro 4.9.6.2 - aioseo.com -->\n\t<meta name=\"description\" content=\"Das Lederschl\u00fcsseletui Phillipa wird aus recyceltem Material hergestellt und bietet dank stabilem Rei\u00dfverschluss sicheren Schutz f\u00fcr deine Schl\u00fcssel. Dieses Schl\u00fcsselm\u00e4ppchen kannst du als nachhaltiges Werbegeschenk einfach mit deinem Logo bedrucken oder pr\u00e4gen lassen.\" \/>\n\t<meta name=\"robots\" content=\"max-image-preview:large\" \/>\n\t<link rel=\"canonical\" href=\"https:\/\/hidalgo.nl\/de\/wp-json\/wp\/v2\/product\/19246\" \/>\n\t<meta name=\"generator\" content=\"All in One SEO Pro (AIOSEO) 4.9.6.2\" \/>\n\t\t<meta property=\"og:locale\" content=\"de_DE\" \/>\n\t\t<meta property=\"og:site_name\" content=\"Hidalgo -\" \/>\n\t\t<meta property=\"og:type\" content=\"article\" \/>\n\t\t<meta property=\"og:title\" content=\"Leder-Schl\u00fcsseletui Phillipa bedrucken Recycelt Zipper Klein\" \/>\n\t\t<meta property=\"og:description\" content=\"Das Lederschl\u00fcsseletui Phillipa wird aus recyceltem Material hergestellt und bietet dank stabilem Rei\u00dfverschluss sicheren Schutz f\u00fcr deine Schl\u00fcssel. Dieses Schl\u00fcsselm\u00e4ppchen kannst du als nachhaltiges Werbegeschenk einfach mit deinem Logo bedrucken oder pr\u00e4gen lassen.\" \/>\n\t\t<meta property=\"og:url\" content=\"https:\/\/hidalgo.nl\/de\/wp-json\/wp\/v2\/product\/19246\" \/>\n\t\t<meta property=\"og:image\" content=\"https:\/\/shop.hidalgo.nl\/wp-content\/uploads\/2025\/11\/cropped-Hidalgo-est1993.png\" \/>\n\t\t<meta property=\"og:image:secure_url\" content=\"https:\/\/shop.hidalgo.nl\/wp-content\/uploads\/2025\/11\/cropped-Hidalgo-est1993.png\" \/>\n\t\t<meta property=\"article:published_time\" content=\"2025-07-03T12:36:06+00:00\" \/>\n\t\t<meta property=\"article:modified_time\" content=\"2026-03-13T14:02:18+00:00\" \/>\n\t\t<meta name=\"twitter:card\" content=\"summary_large_image\" \/>\n\t\t<meta name=\"twitter:title\" content=\"Leder-Schl\u00fcsseletui Phillipa bedrucken Recycelt Zipper Klein\" \/>\n\t\t<meta name=\"twitter:description\" content=\"Das Lederschl\u00fcsseletui Phillipa wird aus recyceltem Material hergestellt und bietet dank stabilem Rei\u00dfverschluss sicheren Schutz f\u00fcr deine Schl\u00fcssel. Dieses Schl\u00fcsselm\u00e4ppchen kannst du als nachhaltiges Werbegeschenk einfach mit deinem Logo bedrucken oder pr\u00e4gen lassen.\" \/>\n\t\t<meta name=\"twitter:image\" content=\"https:\/\/shop.hidalgo.nl\/wp-content\/uploads\/2025\/11\/cropped-Hidalgo-est1993.png\" \/>\n\t\t<script type=\"application\/ld+json\" class=\"aioseo-schema\">\n\t\t\t{\"@context\":\"https:\\\/\\\/schema.org\",\"@graph\":[{\"@type\":\"BreadcrumbList\",\"@id\":\"https:\\\/\\\/hidalgo.nl\\\/de\\\/product\\\/19246\\\/leder-schluesseletui-phillipa-bedrucken-recycelt-zipper-klein\\\/#breadcrumblist\",\"itemListElement\":[{\"@type\":\"ListItem\",\"@id\":\"https:\\\/\\\/hidalgo.nl\\\/de\\\/#listItem\",\"position\":1,\"name\":\"Home\",\"item\":\"https:\\\/\\\/hidalgo.nl\\\/de\\\/\",\"nextItem\":{\"@type\":\"ListItem\",\"@id\":\"https:\\\/\\\/hidalgo.nl\\\/example\\\/#listItem\",\"name\":\"example\"}},{\"@type\":\"ListItem\",\"@id\":\"https:\\\/\\\/hidalgo.nl\\\/example\\\/#listItem\",\"position\":2,\"name\":\"example\",\"item\":\"https:\\\/\\\/hidalgo.nl\\\/example\\\/\",\"nextItem\":{\"@type\":\"ListItem\",\"@id\":\"https:\\\/\\\/hidalgo.nl\\\/en\\\/product-supplier\\\/a58\\\/#listItem\",\"name\":\"A58\"},\"previousItem\":{\"@type\":\"ListItem\",\"@id\":\"https:\\\/\\\/hidalgo.nl\\\/de\\\/#listItem\",\"name\":\"Home\"}},{\"@type\":\"ListItem\",\"@id\":\"https:\\\/\\\/hidalgo.nl\\\/en\\\/product-supplier\\\/a58\\\/#listItem\",\"position\":3,\"name\":\"A58\",\"item\":\"https:\\\/\\\/hidalgo.nl\\\/en\\\/product-supplier\\\/a58\\\/\",\"nextItem\":{\"@type\":\"ListItem\",\"@id\":\"https:\\\/\\\/hidalgo.nl\\\/de\\\/product\\\/19246\\\/leder-schluesseletui-phillipa-bedrucken-recycelt-zipper-klein\\\/#listItem\",\"name\":\"Leren sleuteletui Phillipa\"},\"previousItem\":{\"@type\":\"ListItem\",\"@id\":\"https:\\\/\\\/hidalgo.nl\\\/example\\\/#listItem\",\"name\":\"example\"}},{\"@type\":\"ListItem\",\"@id\":\"https:\\\/\\\/hidalgo.nl\\\/de\\\/product\\\/19246\\\/leder-schluesseletui-phillipa-bedrucken-recycelt-zipper-klein\\\/#listItem\",\"position\":4,\"name\":\"Leren sleuteletui Phillipa\",\"previousItem\":{\"@type\":\"ListItem\",\"@id\":\"https:\\\/\\\/hidalgo.nl\\\/en\\\/product-supplier\\\/a58\\\/#listItem\",\"name\":\"A58\"}}]},{\"@type\":\"Organization\",\"@id\":\"https:\\\/\\\/hidalgo.nl\\\/de\\\/#organization\",\"name\":\"Hidalgo\",\"url\":\"https:\\\/\\\/hidalgo.nl\\\/de\\\/\",\"logo\":{\"@type\":\"ImageObject\",\"url\":\"https:\\\/\\\/shop.hidalgo.nl\\\/wp-content\\\/uploads\\\/2025\\\/11\\\/cropped-Hidalgo-est1993.png\",\"@id\":\"https:\\\/\\\/hidalgo.nl\\\/de\\\/product\\\/19246\\\/leder-schluesseletui-phillipa-bedrucken-recycelt-zipper-klein\\\/#organizationLogo\",\"width\":585,\"height\":195},\"image\":{\"@id\":\"https:\\\/\\\/hidalgo.nl\\\/de\\\/product\\\/19246\\\/leder-schluesseletui-phillipa-bedrucken-recycelt-zipper-klein\\\/#organizationLogo\"}},{\"@type\":\"ProductGroup\",\"@id\":\"https:\\\/\\\/hidalgo.nl\\\/de\\\/product\\\/19246\\\/leder-schluesseletui-phillipa-bedrucken-recycelt-zipper-klein\\\/#wooCommerceProduct\",\"name\":\"Leder-Schl\\u00fcsseletui Phillipa bedrucken Recycelt Zipper Klein\",\"url\":\"https:\\\/\\\/hidalgo.nl\\\/de\\\/product\\\/19246\\\/leder-schluesseletui-phillipa-bedrucken-recycelt-zipper-klein\\\/\",\"brand\":{\"@type\":\"Brand\",\"name\":\"IMPRESSION\"},\"sku\":\"A58-866671\",\"image\":{\"@type\":\"ImageObject\",\"url\":\"https:\\\/\\\/shop.hidalgo.nl\\\/wp-content\\\/uploads\\\/2025\\\/04\\\/01e81addcec55ed5bb31e646fb3a12be1ff4935c5d64f2517481eb6dbd79062e.jpg\",\"@id\":\"https:\\\/\\\/hidalgo.nl\\\/de\\\/product\\\/19246\\\/leder-schluesseletui-phillipa-bedrucken-recycelt-zipper-klein\\\/#productImage\"},\"productGroupID\":19246,\"hasVariant\":[{\"@type\":\"Product\",\"@id\":\"https:\\\/\\\/hidalgo.nl\\\/de\\\/product\\\/19246\\\/leder-schluesseletui-phillipa-bedrucken-recycelt-zipper-klein\\\/#wooCommerceProduct\",\"name\":\"Leren sleuteletui Phillipa - bruin,\",\"url\":\"https:\\\/\\\/hidalgo.nl\\\/de\\\/product\\\/19246\\\/leder-schluesseletui-phillipa-bedrucken-recycelt-zipper-klein\\\/\",\"sku\":\"A58-866671-011999999\",\"gtin\":\"8719446058705\",\"image\":{\"@type\":\"ImageObject\",\"url\":\"https:\\\/\\\/shop.hidalgo.nl\\\/wp-content\\\/uploads\\\/2025\\\/05\\\/f476ae469ad3b26d881628d93fdd652f7d90bdafd763f308095e6baf8712f145.jpg\",\"@id\":\"https:\\\/\\\/hidalgo.nl\\\/de\\\/product\\\/19246\\\/leder-schluesseletui-phillipa-bedrucken-recycelt-zipper-klein\\\/#productImage\",\"width\":1000,\"height\":698},\"offers\":{\"@type\":\"Offer\",\"url\":\"https:\\\/\\\/hidalgo.nl\\\/de\\\/product\\\/19246\\\/leder-schluesseletui-phillipa-bedrucken-recycelt-zipper-klein\\\/#wooCommerceOffer\",\"price\":\"2.08\",\"priceCurrency\":\"EUR\",\"category\":\"Promotionele Artikelen\",\"availability\":\"https:\\\/\\\/schema.org\\\/InStock\",\"priceSpecification\":{\"@type\":\"PriceSpecification\",\"price\":2.08,\"priceCurrency\":\"EUR\",\"valueAddedTaxIncluded\":\"true\"}}}]},{\"@type\":\"WebPage\",\"@id\":\"https:\\\/\\\/hidalgo.nl\\\/de\\\/product\\\/19246\\\/leder-schluesseletui-phillipa-bedrucken-recycelt-zipper-klein\\\/#webpage\",\"url\":\"https:\\\/\\\/hidalgo.nl\\\/de\\\/product\\\/19246\\\/leder-schluesseletui-phillipa-bedrucken-recycelt-zipper-klein\\\/\",\"name\":\"Leder-Schl\\u00fcsseletui Phillipa bedrucken Recycelt Zipper Klein\",\"description\":\"Das Lederschl\\u00fcsseletui Phillipa wird aus recyceltem Material hergestellt und bietet dank stabilem Rei\\u00dfverschluss sicheren Schutz f\\u00fcr deine Schl\\u00fcssel. Dieses Schl\\u00fcsselm\\u00e4ppchen kannst du als nachhaltiges Werbegeschenk einfach mit deinem Logo bedrucken oder pr\\u00e4gen lassen.\",\"inLanguage\":\"de-DE\",\"isPartOf\":{\"@id\":\"https:\\\/\\\/hidalgo.nl\\\/de\\\/#website\"},\"breadcrumb\":{\"@id\":\"https:\\\/\\\/hidalgo.nl\\\/de\\\/product\\\/19246\\\/leder-schluesseletui-phillipa-bedrucken-recycelt-zipper-klein\\\/#breadcrumblist\"},\"image\":{\"@type\":\"ImageObject\",\"url\":\"https:\\\/\\\/shop.hidalgo.nl\\\/wp-content\\\/uploads\\\/2025\\\/04\\\/01e81addcec55ed5bb31e646fb3a12be1ff4935c5d64f2517481eb6dbd79062e.jpg\",\"@id\":\"https:\\\/\\\/hidalgo.nl\\\/de\\\/product\\\/19246\\\/leder-schluesseletui-phillipa-bedrucken-recycelt-zipper-klein\\\/#mainImage\"},\"primaryImageOfPage\":{\"@id\":\"https:\\\/\\\/hidalgo.nl\\\/de\\\/product\\\/19246\\\/leder-schluesseletui-phillipa-bedrucken-recycelt-zipper-klein\\\/#mainImage\"},\"datePublished\":\"2025-07-03T12:36:06+00:00\",\"dateModified\":\"2026-03-13T14:02:18+00:00\"},{\"@type\":\"WebSite\",\"@id\":\"https:\\\/\\\/hidalgo.nl\\\/de\\\/#website\",\"url\":\"https:\\\/\\\/hidalgo.nl\\\/de\\\/\",\"name\":\"Hidalgo\",\"inLanguage\":\"de-DE\",\"publisher\":{\"@id\":\"https:\\\/\\\/hidalgo.nl\\\/de\\\/#organization\"}}]}\n\t\t<\/script>\n\t\t<!-- All in One SEO Pro -->\r\n\t\t<title>Leder-Schl\u00fcsseletui Phillipa bedrucken Recycelt Zipper Klein<\/title>\n\n","aioseo_head_json":{"title":"Leder-Schl\u00fcsseletui Phillipa bedrucken Recycelt Zipper Klein","description":"Das Lederschl\u00fcsseletui Phillipa wird aus recyceltem Material hergestellt und bietet dank stabilem Rei\u00dfverschluss sicheren Schutz f\u00fcr deine Schl\u00fcssel. Dieses Schl\u00fcsselm\u00e4ppchen kannst du als nachhaltiges Werbegeschenk einfach mit deinem Logo bedrucken oder pr\u00e4gen lassen.","canonical_url":"https:\/\/hidalgo.nl\/de\/wp-json\/wp\/v2\/product\/19246","robots":"max-image-preview:large","keywords":"","webmasterTools":{"miscellaneous":""},"schema":{"@context":"https:\/\/schema.org","@graph":[{"@type":"BreadcrumbList","@id":"https:\/\/hidalgo.nl\/de\/product\/19246\/leder-schluesseletui-phillipa-bedrucken-recycelt-zipper-klein\/#breadcrumblist","itemListElement":[{"@type":"ListItem","@id":"https:\/\/hidalgo.nl\/de\/#listItem","position":1,"name":"Home","item":"https:\/\/hidalgo.nl\/de\/","nextItem":{"@type":"ListItem","@id":"https:\/\/hidalgo.nl\/example\/#listItem","name":"example"}},{"@type":"ListItem","@id":"https:\/\/hidalgo.nl\/example\/#listItem","position":2,"name":"example","item":"https:\/\/hidalgo.nl\/example\/","nextItem":{"@type":"ListItem","@id":"https:\/\/hidalgo.nl\/en\/product-supplier\/a58\/#listItem","name":"A58"},"previousItem":{"@type":"ListItem","@id":"https:\/\/hidalgo.nl\/de\/#listItem","name":"Home"}},{"@type":"ListItem","@id":"https:\/\/hidalgo.nl\/en\/product-supplier\/a58\/#listItem","position":3,"name":"A58","item":"https:\/\/hidalgo.nl\/en\/product-supplier\/a58\/","nextItem":{"@type":"ListItem","@id":"https:\/\/hidalgo.nl\/de\/product\/19246\/leder-schluesseletui-phillipa-bedrucken-recycelt-zipper-klein\/#listItem","name":"Leren sleuteletui Phillipa"},"previousItem":{"@type":"ListItem","@id":"https:\/\/hidalgo.nl\/example\/#listItem","name":"example"}},{"@type":"ListItem","@id":"https:\/\/hidalgo.nl\/de\/product\/19246\/leder-schluesseletui-phillipa-bedrucken-recycelt-zipper-klein\/#listItem","position":4,"name":"Leren sleuteletui Phillipa","previousItem":{"@type":"ListItem","@id":"https:\/\/hidalgo.nl\/en\/product-supplier\/a58\/#listItem","name":"A58"}}]},{"@type":"Organization","@id":"https:\/\/hidalgo.nl\/de\/#organization","name":"Hidalgo","url":"https:\/\/hidalgo.nl\/de\/","logo":{"@type":"ImageObject","url":"https:\/\/shop.hidalgo.nl\/wp-content\/uploads\/2025\/11\/cropped-Hidalgo-est1993.png","@id":"https:\/\/hidalgo.nl\/de\/product\/19246\/leder-schluesseletui-phillipa-bedrucken-recycelt-zipper-klein\/#organizationLogo","width":585,"height":195},"image":{"@id":"https:\/\/hidalgo.nl\/de\/product\/19246\/leder-schluesseletui-phillipa-bedrucken-recycelt-zipper-klein\/#organizationLogo"}},{"@type":"ProductGroup","@id":"https:\/\/hidalgo.nl\/de\/product\/19246\/leder-schluesseletui-phillipa-bedrucken-recycelt-zipper-klein\/#wooCommerceProduct","name":"Leder-Schl\u00fcsseletui Phillipa bedrucken Recycelt Zipper Klein","url":"https:\/\/hidalgo.nl\/de\/product\/19246\/leder-schluesseletui-phillipa-bedrucken-recycelt-zipper-klein\/","brand":{"@type":"Brand","name":"IMPRESSION"},"sku":"A58-866671","image":{"@type":"ImageObject","url":"https:\/\/shop.hidalgo.nl\/wp-content\/uploads\/2025\/04\/01e81addcec55ed5bb31e646fb3a12be1ff4935c5d64f2517481eb6dbd79062e.jpg","@id":"https:\/\/hidalgo.nl\/de\/product\/19246\/leder-schluesseletui-phillipa-bedrucken-recycelt-zipper-klein\/#productImage"},"productGroupID":19246,"hasVariant":[{"@type":"Product","@id":"https:\/\/hidalgo.nl\/de\/product\/19246\/leder-schluesseletui-phillipa-bedrucken-recycelt-zipper-klein\/#wooCommerceProduct","name":"Leren sleuteletui Phillipa - bruin,","url":"https:\/\/hidalgo.nl\/de\/product\/19246\/leder-schluesseletui-phillipa-bedrucken-recycelt-zipper-klein\/","sku":"A58-866671-011999999","gtin":"8719446058705","image":{"@type":"ImageObject","url":"https:\/\/shop.hidalgo.nl\/wp-content\/uploads\/2025\/05\/f476ae469ad3b26d881628d93fdd652f7d90bdafd763f308095e6baf8712f145.jpg","@id":"https:\/\/hidalgo.nl\/de\/product\/19246\/leder-schluesseletui-phillipa-bedrucken-recycelt-zipper-klein\/#productImage","width":1000,"height":698},"offers":{"@type":"Offer","url":"https:\/\/hidalgo.nl\/de\/product\/19246\/leder-schluesseletui-phillipa-bedrucken-recycelt-zipper-klein\/#wooCommerceOffer","price":"2.08","priceCurrency":"EUR","category":"Promotionele Artikelen","availability":"https:\/\/schema.org\/InStock","priceSpecification":{"@type":"PriceSpecification","price":2.08,"priceCurrency":"EUR","valueAddedTaxIncluded":"true"}}}]},{"@type":"WebPage","@id":"https:\/\/hidalgo.nl\/de\/product\/19246\/leder-schluesseletui-phillipa-bedrucken-recycelt-zipper-klein\/#webpage","url":"https:\/\/hidalgo.nl\/de\/product\/19246\/leder-schluesseletui-phillipa-bedrucken-recycelt-zipper-klein\/","name":"Leder-Schl\u00fcsseletui Phillipa bedrucken Recycelt Zipper Klein","description":"Das Lederschl\u00fcsseletui Phillipa wird aus recyceltem Material hergestellt und bietet dank stabilem Rei\u00dfverschluss sicheren Schutz f\u00fcr deine Schl\u00fcssel. Dieses Schl\u00fcsselm\u00e4ppchen kannst du als nachhaltiges Werbegeschenk einfach mit deinem Logo bedrucken oder pr\u00e4gen lassen.","inLanguage":"de-DE","isPartOf":{"@id":"https:\/\/hidalgo.nl\/de\/#website"},"breadcrumb":{"@id":"https:\/\/hidalgo.nl\/de\/product\/19246\/leder-schluesseletui-phillipa-bedrucken-recycelt-zipper-klein\/#breadcrumblist"},"image":{"@type":"ImageObject","url":"https:\/\/shop.hidalgo.nl\/wp-content\/uploads\/2025\/04\/01e81addcec55ed5bb31e646fb3a12be1ff4935c5d64f2517481eb6dbd79062e.jpg","@id":"https:\/\/hidalgo.nl\/de\/product\/19246\/leder-schluesseletui-phillipa-bedrucken-recycelt-zipper-klein\/#mainImage"},"primaryImageOfPage":{"@id":"https:\/\/hidalgo.nl\/de\/product\/19246\/leder-schluesseletui-phillipa-bedrucken-recycelt-zipper-klein\/#mainImage"},"datePublished":"2025-07-03T12:36:06+00:00","dateModified":"2026-03-13T14:02:18+00:00"},{"@type":"WebSite","@id":"https:\/\/hidalgo.nl\/de\/#website","url":"https:\/\/hidalgo.nl\/de\/","name":"Hidalgo","inLanguage":"de-DE","publisher":{"@id":"https:\/\/hidalgo.nl\/de\/#organization"}}]},"og:locale":"de_DE","og:site_name":"Hidalgo -","og:type":"article","og:title":"Leder-Schl\u00fcsseletui Phillipa bedrucken Recycelt Zipper Klein","og:description":"Das Lederschl\u00fcsseletui Phillipa wird aus recyceltem Material hergestellt und bietet dank stabilem Rei\u00dfverschluss sicheren Schutz f\u00fcr deine Schl\u00fcssel. Dieses Schl\u00fcsselm\u00e4ppchen kannst du als nachhaltiges Werbegeschenk einfach mit deinem Logo bedrucken oder pr\u00e4gen lassen.","og:url":"https:\/\/hidalgo.nl\/de\/wp-json\/wp\/v2\/product\/19246","og:image":"https:\/\/shop.hidalgo.nl\/wp-content\/uploads\/2025\/11\/cropped-Hidalgo-est1993.png","og:image:secure_url":"https:\/\/shop.hidalgo.nl\/wp-content\/uploads\/2025\/11\/cropped-Hidalgo-est1993.png","article:published_time":"2025-07-03T12:36:06+00:00","article:modified_time":"2026-03-13T14:02:18+00:00","twitter:card":"summary_large_image","twitter:title":"Leder-Schl\u00fcsseletui Phillipa bedrucken Recycelt Zipper Klein","twitter:description":"Das Lederschl\u00fcsseletui Phillipa wird aus recyceltem Material hergestellt und bietet dank stabilem Rei\u00dfverschluss sicheren Schutz f\u00fcr deine Schl\u00fcssel. Dieses Schl\u00fcsselm\u00e4ppchen kannst du als nachhaltiges Werbegeschenk einfach mit deinem Logo bedrucken oder pr\u00e4gen lassen.","twitter:image":"https:\/\/shop.hidalgo.nl\/wp-content\/uploads\/2025\/11\/cropped-Hidalgo-est1993.png"},"aioseo_meta_data":{"post_id":"19246","title":null,"description":null,"keywords":null,"keyphrases":null,"primary_term":null,"canonical_url":null,"og_title":null,"og_description":null,"og_object_type":"default","og_image_type":"default","og_image_url":null,"og_image_width":null,"og_image_height":null,"og_image_custom_url":null,"og_image_custom_fields":null,"og_video":null,"og_custom_url":null,"og_article_section":null,"og_article_tags":null,"twitter_use_og":false,"twitter_card":"default","twitter_image_type":"default","twitter_image_url":null,"twitter_image_custom_url":null,"twitter_image_custom_fields":null,"twitter_title":null,"twitter_description":null,"schema":{"blockGraphs":[],"customGraphs":[],"default":{"data":{"Article":[],"Course":[],"Dataset":[],"FAQPage":[],"Movie":[],"Person":[],"Product":[],"ProductReview":[],"Car":[],"Recipe":[],"Service":[],"SoftwareApplication":[],"WebPage":[]},"graphName":"","isEnabled":true},"graphs":[]},"schema_type":"default","schema_type_options":null,"pillar_content":false,"robots_default":true,"robots_noindex":false,"robots_noarchive":false,"robots_nosnippet":false,"robots_nofollow":false,"robots_noimageindex":false,"robots_noodp":false,"robots_notranslate":false,"robots_max_snippet":null,"robots_max_videopreview":null,"robots_max_imagepreview":"large","priority":null,"frequency":null,"local_seo":null,"seo_analyzer_scan_date":"2026-02-16 09:52:53","breadcrumb_settings":null,"limit_modified_date":false,"reviewed_by":null,"open_ai":null,"ai":null,"created":"2026-01-14 06:17:38","updated":"2026-04-23 04:47:49"},"aioseo_breadcrumb":"<div class=\"aioseo-breadcrumbs\"><span class=\"aioseo-breadcrumb\">\n\t<a href=\"https:\/\/hidalgo.nl\/de\/\" title=\"Home\">Home<\/a>\n<\/span><span class=\"aioseo-breadcrumb-separator\">\u00bb<\/span><span class=\"aioseo-breadcrumb\">\n\t<a href=\"https:\/\/hidalgo.nl\/example\/\" title=\"example\">example<\/a>\n<\/span><span class=\"aioseo-breadcrumb-separator\">\u00bb<\/span><span class=\"aioseo-breadcrumb\">\n\t<a href=\"https:\/\/hidalgo.nl\/en\/product-supplier\/a58\/\" title=\"A58\">A58<\/a>\n<\/span><span class=\"aioseo-breadcrumb-separator\">\u00bb<\/span><span class=\"aioseo-breadcrumb\">\n\tLeren sleuteletui Phillipa\n<\/span><\/div>","aioseo_breadcrumb_json":[{"label":"Home","link":"https:\/\/hidalgo.nl\/de\/"},{"label":"example","link":"https:\/\/hidalgo.nl\/example\/"},{"label":"A58","link":"https:\/\/hidalgo.nl\/en\/product-supplier\/a58\/"},{"label":"Leren sleuteletui Phillipa","link":"https:\/\/hidalgo.nl\/de\/product\/19246\/leder-schluesseletui-phillipa-bedrucken-recycelt-zipper-klein\/"}],"_links":{"self":[{"href":"https:\/\/hidalgo.nl\/de\/wp-json\/wp\/v2\/product\/19246","targetHints":{"allow":["GET"]}}],"collection":[{"href":"https:\/\/hidalgo.nl\/de\/wp-json\/wp\/v2\/product"}],"about":[{"href":"https:\/\/hidalgo.nl\/de\/wp-json\/wp\/v2\/types\/product"}],"wp:featuredmedia":[{"embeddable":true,"href":"https:\/\/hidalgo.nl\/de\/wp-json\/wp\/v2\/media\/595529"}],"wp:attachment":[{"href":"https:\/\/hidalgo.nl\/de\/wp-json\/wp\/v2\/media?parent=19246"}],"wp:term":[{"taxonomy":"product_brand","embeddable":true,"href":"https:\/\/hidalgo.nl\/de\/wp-json\/wp\/v2\/product_brand?post=19246"},{"taxonomy":"product_cat","embeddable":true,"href":"https:\/\/hidalgo.nl\/de\/wp-json\/wp\/v2\/product_cat?post=19246"},{"taxonomy":"product_tag","embeddable":true,"href":"https:\/\/hidalgo.nl\/de\/wp-json\/wp\/v2\/product_tag?post=19246"}],"curies":[{"name":"wp","href":"https:\/\/api.w.org\/{rel}","templated":true}]}}