{"id":19234,"date":"2025-07-03T12:35:50","date_gmt":"2025-07-03T12:35:50","guid":{"rendered":"http:\/\/bidonsenshakers.pim.hidalgo.nl\/product\/bamboe-weerstation-colton\/"},"modified":"2026-03-13T14:02:19","modified_gmt":"2026-03-13T14:02:19","slug":"bamboe-weerstation-colton","status":"publish","type":"product","link":"https:\/\/hidalgo.nl\/de\/product\/19234\/bambus-wetterstation-colton-bedrucken-hygrometer-foto-15x10\/","title":{"rendered":"Bamboe weerstation Colton"},"content":{"rendered":"<p>Bamboe weerstation met fotolijst. Functies: klok, temperatuur en luchtvochtigheid. Fotoformaat 15 x 10 cm. Batterijen inbegrepen.<\/p>\n","protected":false},"excerpt":{"rendered":"<p>Bamboe weerstation met fotolijst. Functies: klok, temperatuur en luchtvochtigheid. Fotoformaat 15 x 10 cm. Batterijen inbegrepen.<\/p>\n","protected":false},"featured_media":595556,"template":"","meta":{"_acf_changed":false,"om_disable_all_campaigns":false,"_monsterinsights_skip_tracking":false,"_monsterinsights_sitenote_active":false,"_monsterinsights_sitenote_note":"","_monsterinsights_sitenote_category":0},"product_brand":[49],"product_cat":[4720,4836,4719],"product_tag":[],"class_list":{"0":"post-19234","1":"product","2":"type-product","3":"status-publish","4":"has-post-thumbnail","6":"product_supplier-a58","7":"product_material-bamboe","8":"product_material-glas","9":"product_material-pet","10":"product_material-rubber","11":"product_material-silicone","12":"product_brand-impression","13":"product_cat-promotionele-artikelen-elektronica-en-gadgets","14":"product_cat-klokken-en-weerstations","15":"product_cat-promotionele-artikelen","16":"entry","18":"first","19":"instock","20":"taxable","21":"shipping-taxable","22":"purchasable","23":"product-type-variable"},"acf":{"imprint_cost":[{"imprint_cost_key":"15cca793220642198d6a2de79e0b26c07e48cafc","product_quantity_price_range":[{"imprint_cost_recommended_selling_price":"5.43","imprint_cost_recommended_selling_quantity":"1"},{"imprint_cost_recommended_selling_price":"2.83","imprint_cost_recommended_selling_quantity":"25"},{"imprint_cost_recommended_selling_price":"1.29","imprint_cost_recommended_selling_quantity":"50"},{"imprint_cost_recommended_selling_price":"0.49","imprint_cost_recommended_selling_quantity":"100"},{"imprint_cost_recommended_selling_price":"0.35","imprint_cost_recommended_selling_quantity":"250"},{"imprint_cost_recommended_selling_price":"0.28","imprint_cost_recommended_selling_quantity":"500"},{"imprint_cost_recommended_selling_price":"0.2","imprint_cost_recommended_selling_quantity":"1000"},{"imprint_cost_recommended_selling_price":"0.18","imprint_cost_recommended_selling_quantity":"5000"}],"product_quantity_price_range_buying":false,"imprint_cost_setup_costs":"52.31","imprint_cost_handling_costs":"0.2"},{"imprint_cost_key":"599447cdd47e78fdf6b264f9081c443eae098d77","product_quantity_price_range":[{"imprint_cost_recommended_selling_price":"10.26","imprint_cost_recommended_selling_quantity":"1"},{"imprint_cost_recommended_selling_price":"5.35","imprint_cost_recommended_selling_quantity":"25"},{"imprint_cost_recommended_selling_price":"2.4","imprint_cost_recommended_selling_quantity":"50"},{"imprint_cost_recommended_selling_price":"0.84","imprint_cost_recommended_selling_quantity":"100"},{"imprint_cost_recommended_selling_price":"0.63","imprint_cost_recommended_selling_quantity":"250"},{"imprint_cost_recommended_selling_price":"0.53","imprint_cost_recommended_selling_quantity":"500"},{"imprint_cost_recommended_selling_price":"0.38","imprint_cost_recommended_selling_quantity":"1000"},{"imprint_cost_recommended_selling_price":"0.35","imprint_cost_recommended_selling_quantity":"5000"},{"imprint_cost_recommended_selling_price":"0.32","imprint_cost_recommended_selling_quantity":"10000"}],"product_quantity_price_range_buying":false,"imprint_cost_setup_costs":"104.62","imprint_cost_handling_costs":"0.2"},{"imprint_cost_key":"54383251baf70b8569bd3d5eff6f915bc9e3eab1","product_quantity_price_range":[{"imprint_cost_recommended_selling_price":"4.03","imprint_cost_recommended_selling_quantity":"1"},{"imprint_cost_recommended_selling_price":"2.78","imprint_cost_recommended_selling_quantity":"25"},{"imprint_cost_recommended_selling_price":"1.63","imprint_cost_recommended_selling_quantity":"50"},{"imprint_cost_recommended_selling_price":"1.34","imprint_cost_recommended_selling_quantity":"100"},{"imprint_cost_recommended_selling_price":"1.05","imprint_cost_recommended_selling_quantity":"250"},{"imprint_cost_recommended_selling_price":"0.91","imprint_cost_recommended_selling_quantity":"500"},{"imprint_cost_recommended_selling_price":"0.8","imprint_cost_recommended_selling_quantity":"1000"},{"imprint_cost_recommended_selling_price":"0.68","imprint_cost_recommended_selling_quantity":"2500"}],"product_quantity_price_range_buying":false,"imprint_cost_setup_costs":"30.77","imprint_cost_handling_costs":"0.2"},{"imprint_cost_key":"e12d594de60f5d26659a0c335eeb78f5ebc20b8e","product_quantity_price_range":[{"imprint_cost_recommended_selling_price":"2.66","imprint_cost_recommended_selling_quantity":"1"},{"imprint_cost_recommended_selling_price":"1.63","imprint_cost_recommended_selling_quantity":"25"},{"imprint_cost_recommended_selling_price":"1.22","imprint_cost_recommended_selling_quantity":"50"},{"imprint_cost_recommended_selling_price":"0.88","imprint_cost_recommended_selling_quantity":"100"},{"imprint_cost_recommended_selling_price":"0.52","imprint_cost_recommended_selling_quantity":"250"},{"imprint_cost_recommended_selling_price":"0.43","imprint_cost_recommended_selling_quantity":"500"},{"imprint_cost_recommended_selling_price":"0.37","imprint_cost_recommended_selling_quantity":"1000"},{"imprint_cost_recommended_selling_price":"0.29","imprint_cost_recommended_selling_quantity":"2500"}],"product_quantity_price_range_buying":false,"imprint_cost_setup_costs":"30.77","imprint_cost_handling_costs":"0.2"}]},"aioseo_notices":[],"aioseo_head":"\n\t\t<!-- All in One SEO Pro 4.9.6.2 - aioseo.com -->\n\t<meta name=\"description\" content=\"Die nachhaltige Bambus-Wetterstation Colton ist dein stilvolles B\u00fcroaccessoire, das Temperatur &amp; Uhrzeit digital anzeigt und sogar Platz f\u00fcr dein Lieblingsfoto bietet. Nutze diese Multifunktions-Wetterstation als effektives Kundengeschenk: Du kannst das Geh\u00e4use direkt mit deinem Firmenlogo bedrucken lassen.\" \/>\n\t<meta name=\"robots\" content=\"max-image-preview:large\" \/>\n\t<link rel=\"canonical\" href=\"https:\/\/hidalgo.nl\/de\/wp-json\/wp\/v2\/product\/19234\" \/>\n\t<meta name=\"generator\" content=\"All in One SEO Pro (AIOSEO) 4.9.6.2\" \/>\n\t\t<meta property=\"og:locale\" content=\"de_DE\" \/>\n\t\t<meta property=\"og:site_name\" content=\"Hidalgo -\" \/>\n\t\t<meta property=\"og:type\" content=\"article\" \/>\n\t\t<meta property=\"og:title\" content=\"Bambus-Wetterstation Colton bedrucken Hygrometer Foto 15x10\" \/>\n\t\t<meta property=\"og:description\" content=\"Die nachhaltige Bambus-Wetterstation Colton ist dein stilvolles B\u00fcroaccessoire, das Temperatur &amp; Uhrzeit digital anzeigt und sogar Platz f\u00fcr dein Lieblingsfoto bietet. Nutze diese Multifunktions-Wetterstation als effektives Kundengeschenk: Du kannst das Geh\u00e4use direkt mit deinem Firmenlogo bedrucken lassen.\" \/>\n\t\t<meta property=\"og:url\" content=\"https:\/\/hidalgo.nl\/de\/wp-json\/wp\/v2\/product\/19234\" \/>\n\t\t<meta property=\"og:image\" content=\"https:\/\/shop.hidalgo.nl\/wp-content\/uploads\/2025\/11\/cropped-Hidalgo-est1993.png\" \/>\n\t\t<meta property=\"og:image:secure_url\" content=\"https:\/\/shop.hidalgo.nl\/wp-content\/uploads\/2025\/11\/cropped-Hidalgo-est1993.png\" \/>\n\t\t<meta property=\"article:published_time\" content=\"2025-07-03T12:35:50+00:00\" \/>\n\t\t<meta property=\"article:modified_time\" content=\"2026-03-13T14:02:19+00:00\" \/>\n\t\t<meta name=\"twitter:card\" content=\"summary_large_image\" \/>\n\t\t<meta name=\"twitter:title\" content=\"Bambus-Wetterstation Colton bedrucken Hygrometer Foto 15x10\" \/>\n\t\t<meta name=\"twitter:description\" content=\"Die nachhaltige Bambus-Wetterstation Colton ist dein stilvolles B\u00fcroaccessoire, das Temperatur &amp; Uhrzeit digital anzeigt und sogar Platz f\u00fcr dein Lieblingsfoto bietet. Nutze diese Multifunktions-Wetterstation als effektives Kundengeschenk: Du kannst das Geh\u00e4use direkt mit deinem Firmenlogo bedrucken lassen.\" \/>\n\t\t<meta name=\"twitter:image\" content=\"https:\/\/shop.hidalgo.nl\/wp-content\/uploads\/2025\/11\/cropped-Hidalgo-est1993.png\" \/>\n\t\t<script type=\"application\/ld+json\" class=\"aioseo-schema\">\n\t\t\t{\"@context\":\"https:\\\/\\\/schema.org\",\"@graph\":[{\"@type\":\"BreadcrumbList\",\"@id\":\"https:\\\/\\\/hidalgo.nl\\\/de\\\/product\\\/19234\\\/bambus-wetterstation-colton-bedrucken-hygrometer-foto-15x10\\\/#breadcrumblist\",\"itemListElement\":[{\"@type\":\"ListItem\",\"@id\":\"https:\\\/\\\/hidalgo.nl\\\/de\\\/#listItem\",\"position\":1,\"name\":\"Home\",\"item\":\"https:\\\/\\\/hidalgo.nl\\\/de\\\/\",\"nextItem\":{\"@type\":\"ListItem\",\"@id\":\"https:\\\/\\\/hidalgo.nl\\\/example\\\/#listItem\",\"name\":\"example\"}},{\"@type\":\"ListItem\",\"@id\":\"https:\\\/\\\/hidalgo.nl\\\/example\\\/#listItem\",\"position\":2,\"name\":\"example\",\"item\":\"https:\\\/\\\/hidalgo.nl\\\/example\\\/\",\"nextItem\":{\"@type\":\"ListItem\",\"@id\":\"https:\\\/\\\/hidalgo.nl\\\/en\\\/product-supplier\\\/a58\\\/#listItem\",\"name\":\"A58\"},\"previousItem\":{\"@type\":\"ListItem\",\"@id\":\"https:\\\/\\\/hidalgo.nl\\\/de\\\/#listItem\",\"name\":\"Home\"}},{\"@type\":\"ListItem\",\"@id\":\"https:\\\/\\\/hidalgo.nl\\\/en\\\/product-supplier\\\/a58\\\/#listItem\",\"position\":3,\"name\":\"A58\",\"item\":\"https:\\\/\\\/hidalgo.nl\\\/en\\\/product-supplier\\\/a58\\\/\",\"nextItem\":{\"@type\":\"ListItem\",\"@id\":\"https:\\\/\\\/hidalgo.nl\\\/de\\\/product\\\/19234\\\/bambus-wetterstation-colton-bedrucken-hygrometer-foto-15x10\\\/#listItem\",\"name\":\"Bamboe weerstation Colton\"},\"previousItem\":{\"@type\":\"ListItem\",\"@id\":\"https:\\\/\\\/hidalgo.nl\\\/example\\\/#listItem\",\"name\":\"example\"}},{\"@type\":\"ListItem\",\"@id\":\"https:\\\/\\\/hidalgo.nl\\\/de\\\/product\\\/19234\\\/bambus-wetterstation-colton-bedrucken-hygrometer-foto-15x10\\\/#listItem\",\"position\":4,\"name\":\"Bamboe weerstation Colton\",\"previousItem\":{\"@type\":\"ListItem\",\"@id\":\"https:\\\/\\\/hidalgo.nl\\\/en\\\/product-supplier\\\/a58\\\/#listItem\",\"name\":\"A58\"}}]},{\"@type\":\"Organization\",\"@id\":\"https:\\\/\\\/hidalgo.nl\\\/de\\\/#organization\",\"name\":\"Hidalgo\",\"url\":\"https:\\\/\\\/hidalgo.nl\\\/de\\\/\",\"logo\":{\"@type\":\"ImageObject\",\"url\":\"https:\\\/\\\/shop.hidalgo.nl\\\/wp-content\\\/uploads\\\/2025\\\/11\\\/cropped-Hidalgo-est1993.png\",\"@id\":\"https:\\\/\\\/hidalgo.nl\\\/de\\\/product\\\/19234\\\/bambus-wetterstation-colton-bedrucken-hygrometer-foto-15x10\\\/#organizationLogo\",\"width\":585,\"height\":195},\"image\":{\"@id\":\"https:\\\/\\\/hidalgo.nl\\\/de\\\/product\\\/19234\\\/bambus-wetterstation-colton-bedrucken-hygrometer-foto-15x10\\\/#organizationLogo\"}},{\"@type\":\"ProductGroup\",\"@id\":\"https:\\\/\\\/hidalgo.nl\\\/de\\\/product\\\/19234\\\/bambus-wetterstation-colton-bedrucken-hygrometer-foto-15x10\\\/#wooCommerceProduct\",\"name\":\"Bambus-Wetterstation Colton bedrucken Hygrometer Foto 15x10\",\"url\":\"https:\\\/\\\/hidalgo.nl\\\/de\\\/product\\\/19234\\\/bambus-wetterstation-colton-bedrucken-hygrometer-foto-15x10\\\/\",\"brand\":{\"@type\":\"Brand\",\"name\":\"IMPRESSION\"},\"sku\":\"A58-866586\",\"image\":{\"@type\":\"ImageObject\",\"url\":\"https:\\\/\\\/shop.hidalgo.nl\\\/wp-content\\\/uploads\\\/2025\\\/04\\\/a61f274a95c9f354ff738782cee6050f9986d9b8baa13b790f6d8bf43f498ce5.jpg\",\"@id\":\"https:\\\/\\\/hidalgo.nl\\\/de\\\/product\\\/19234\\\/bambus-wetterstation-colton-bedrucken-hygrometer-foto-15x10\\\/#productImage\"},\"productGroupID\":19234,\"hasVariant\":[{\"@type\":\"Product\",\"@id\":\"https:\\\/\\\/hidalgo.nl\\\/de\\\/product\\\/19234\\\/bambus-wetterstation-colton-bedrucken-hygrometer-foto-15x10\\\/#wooCommerceProduct\",\"name\":\"Bamboe weerstation Colton - bruin,\",\"url\":\"https:\\\/\\\/hidalgo.nl\\\/de\\\/product\\\/19234\\\/bambus-wetterstation-colton-bedrucken-hygrometer-foto-15x10\\\/\",\"sku\":\"A58-866586-011999999\",\"image\":{\"@type\":\"ImageObject\",\"url\":\"https:\\\/\\\/shop.hidalgo.nl\\\/wp-content\\\/uploads\\\/2025\\\/05\\\/9851b015273209e2477f8c2a6e2d9ba7555d2f2a928e72ef4ae6b6e2fa82dd3d.jpg\",\"@id\":\"https:\\\/\\\/hidalgo.nl\\\/de\\\/product\\\/19234\\\/bambus-wetterstation-colton-bedrucken-hygrometer-foto-15x10\\\/#productImage\",\"width\":1000,\"height\":860},\"offers\":{\"@type\":\"Offer\",\"url\":\"https:\\\/\\\/hidalgo.nl\\\/de\\\/product\\\/19234\\\/bambus-wetterstation-colton-bedrucken-hygrometer-foto-15x10\\\/#wooCommerceOffer\",\"price\":\"14.92\",\"priceCurrency\":\"EUR\",\"category\":\"Promotionele Artikelen\",\"availability\":\"https:\\\/\\\/schema.org\\\/InStock\",\"priceSpecification\":{\"@type\":\"PriceSpecification\",\"price\":14.92,\"priceCurrency\":\"EUR\",\"valueAddedTaxIncluded\":\"true\"}}}]},{\"@type\":\"WebPage\",\"@id\":\"https:\\\/\\\/hidalgo.nl\\\/de\\\/product\\\/19234\\\/bambus-wetterstation-colton-bedrucken-hygrometer-foto-15x10\\\/#webpage\",\"url\":\"https:\\\/\\\/hidalgo.nl\\\/de\\\/product\\\/19234\\\/bambus-wetterstation-colton-bedrucken-hygrometer-foto-15x10\\\/\",\"name\":\"Bambus-Wetterstation Colton bedrucken Hygrometer Foto 15x10\",\"description\":\"Die nachhaltige Bambus-Wetterstation Colton ist dein stilvolles B\\u00fcroaccessoire, das Temperatur & Uhrzeit digital anzeigt und sogar Platz f\\u00fcr dein Lieblingsfoto bietet. Nutze diese Multifunktions-Wetterstation als effektives Kundengeschenk: Du kannst das Geh\\u00e4use direkt mit deinem Firmenlogo bedrucken lassen.\",\"inLanguage\":\"de-DE\",\"isPartOf\":{\"@id\":\"https:\\\/\\\/hidalgo.nl\\\/de\\\/#website\"},\"breadcrumb\":{\"@id\":\"https:\\\/\\\/hidalgo.nl\\\/de\\\/product\\\/19234\\\/bambus-wetterstation-colton-bedrucken-hygrometer-foto-15x10\\\/#breadcrumblist\"},\"image\":{\"@type\":\"ImageObject\",\"url\":\"https:\\\/\\\/shop.hidalgo.nl\\\/wp-content\\\/uploads\\\/2025\\\/04\\\/a61f274a95c9f354ff738782cee6050f9986d9b8baa13b790f6d8bf43f498ce5.jpg\",\"@id\":\"https:\\\/\\\/hidalgo.nl\\\/de\\\/product\\\/19234\\\/bambus-wetterstation-colton-bedrucken-hygrometer-foto-15x10\\\/#mainImage\"},\"primaryImageOfPage\":{\"@id\":\"https:\\\/\\\/hidalgo.nl\\\/de\\\/product\\\/19234\\\/bambus-wetterstation-colton-bedrucken-hygrometer-foto-15x10\\\/#mainImage\"},\"datePublished\":\"2025-07-03T12:35:50+00:00\",\"dateModified\":\"2026-03-13T14:02:19+00:00\"},{\"@type\":\"WebSite\",\"@id\":\"https:\\\/\\\/hidalgo.nl\\\/de\\\/#website\",\"url\":\"https:\\\/\\\/hidalgo.nl\\\/de\\\/\",\"name\":\"Hidalgo\",\"inLanguage\":\"de-DE\",\"publisher\":{\"@id\":\"https:\\\/\\\/hidalgo.nl\\\/de\\\/#organization\"}}]}\n\t\t<\/script>\n\t\t<!-- All in One SEO Pro -->\r\n\t\t<title>Bambus-Wetterstation Colton bedrucken Hygrometer Foto 15x10<\/title>\n\n","aioseo_head_json":{"title":"Bambus-Wetterstation Colton bedrucken Hygrometer Foto 15x10","description":"Die nachhaltige Bambus-Wetterstation Colton ist dein stilvolles B\u00fcroaccessoire, das Temperatur & Uhrzeit digital anzeigt und sogar Platz f\u00fcr dein Lieblingsfoto bietet. Nutze diese Multifunktions-Wetterstation als effektives Kundengeschenk: Du kannst das Geh\u00e4use direkt mit deinem Firmenlogo bedrucken lassen.","canonical_url":"https:\/\/hidalgo.nl\/de\/wp-json\/wp\/v2\/product\/19234","robots":"max-image-preview:large","keywords":"","webmasterTools":{"miscellaneous":""},"schema":{"@context":"https:\/\/schema.org","@graph":[{"@type":"BreadcrumbList","@id":"https:\/\/hidalgo.nl\/de\/product\/19234\/bambus-wetterstation-colton-bedrucken-hygrometer-foto-15x10\/#breadcrumblist","itemListElement":[{"@type":"ListItem","@id":"https:\/\/hidalgo.nl\/de\/#listItem","position":1,"name":"Home","item":"https:\/\/hidalgo.nl\/de\/","nextItem":{"@type":"ListItem","@id":"https:\/\/hidalgo.nl\/example\/#listItem","name":"example"}},{"@type":"ListItem","@id":"https:\/\/hidalgo.nl\/example\/#listItem","position":2,"name":"example","item":"https:\/\/hidalgo.nl\/example\/","nextItem":{"@type":"ListItem","@id":"https:\/\/hidalgo.nl\/en\/product-supplier\/a58\/#listItem","name":"A58"},"previousItem":{"@type":"ListItem","@id":"https:\/\/hidalgo.nl\/de\/#listItem","name":"Home"}},{"@type":"ListItem","@id":"https:\/\/hidalgo.nl\/en\/product-supplier\/a58\/#listItem","position":3,"name":"A58","item":"https:\/\/hidalgo.nl\/en\/product-supplier\/a58\/","nextItem":{"@type":"ListItem","@id":"https:\/\/hidalgo.nl\/de\/product\/19234\/bambus-wetterstation-colton-bedrucken-hygrometer-foto-15x10\/#listItem","name":"Bamboe weerstation Colton"},"previousItem":{"@type":"ListItem","@id":"https:\/\/hidalgo.nl\/example\/#listItem","name":"example"}},{"@type":"ListItem","@id":"https:\/\/hidalgo.nl\/de\/product\/19234\/bambus-wetterstation-colton-bedrucken-hygrometer-foto-15x10\/#listItem","position":4,"name":"Bamboe weerstation Colton","previousItem":{"@type":"ListItem","@id":"https:\/\/hidalgo.nl\/en\/product-supplier\/a58\/#listItem","name":"A58"}}]},{"@type":"Organization","@id":"https:\/\/hidalgo.nl\/de\/#organization","name":"Hidalgo","url":"https:\/\/hidalgo.nl\/de\/","logo":{"@type":"ImageObject","url":"https:\/\/shop.hidalgo.nl\/wp-content\/uploads\/2025\/11\/cropped-Hidalgo-est1993.png","@id":"https:\/\/hidalgo.nl\/de\/product\/19234\/bambus-wetterstation-colton-bedrucken-hygrometer-foto-15x10\/#organizationLogo","width":585,"height":195},"image":{"@id":"https:\/\/hidalgo.nl\/de\/product\/19234\/bambus-wetterstation-colton-bedrucken-hygrometer-foto-15x10\/#organizationLogo"}},{"@type":"ProductGroup","@id":"https:\/\/hidalgo.nl\/de\/product\/19234\/bambus-wetterstation-colton-bedrucken-hygrometer-foto-15x10\/#wooCommerceProduct","name":"Bambus-Wetterstation Colton bedrucken Hygrometer Foto 15x10","url":"https:\/\/hidalgo.nl\/de\/product\/19234\/bambus-wetterstation-colton-bedrucken-hygrometer-foto-15x10\/","brand":{"@type":"Brand","name":"IMPRESSION"},"sku":"A58-866586","image":{"@type":"ImageObject","url":"https:\/\/shop.hidalgo.nl\/wp-content\/uploads\/2025\/04\/a61f274a95c9f354ff738782cee6050f9986d9b8baa13b790f6d8bf43f498ce5.jpg","@id":"https:\/\/hidalgo.nl\/de\/product\/19234\/bambus-wetterstation-colton-bedrucken-hygrometer-foto-15x10\/#productImage"},"productGroupID":19234,"hasVariant":[{"@type":"Product","@id":"https:\/\/hidalgo.nl\/de\/product\/19234\/bambus-wetterstation-colton-bedrucken-hygrometer-foto-15x10\/#wooCommerceProduct","name":"Bamboe weerstation Colton - bruin,","url":"https:\/\/hidalgo.nl\/de\/product\/19234\/bambus-wetterstation-colton-bedrucken-hygrometer-foto-15x10\/","sku":"A58-866586-011999999","image":{"@type":"ImageObject","url":"https:\/\/shop.hidalgo.nl\/wp-content\/uploads\/2025\/05\/9851b015273209e2477f8c2a6e2d9ba7555d2f2a928e72ef4ae6b6e2fa82dd3d.jpg","@id":"https:\/\/hidalgo.nl\/de\/product\/19234\/bambus-wetterstation-colton-bedrucken-hygrometer-foto-15x10\/#productImage","width":1000,"height":860},"offers":{"@type":"Offer","url":"https:\/\/hidalgo.nl\/de\/product\/19234\/bambus-wetterstation-colton-bedrucken-hygrometer-foto-15x10\/#wooCommerceOffer","price":"14.92","priceCurrency":"EUR","category":"Promotionele Artikelen","availability":"https:\/\/schema.org\/InStock","priceSpecification":{"@type":"PriceSpecification","price":14.92,"priceCurrency":"EUR","valueAddedTaxIncluded":"true"}}}]},{"@type":"WebPage","@id":"https:\/\/hidalgo.nl\/de\/product\/19234\/bambus-wetterstation-colton-bedrucken-hygrometer-foto-15x10\/#webpage","url":"https:\/\/hidalgo.nl\/de\/product\/19234\/bambus-wetterstation-colton-bedrucken-hygrometer-foto-15x10\/","name":"Bambus-Wetterstation Colton bedrucken Hygrometer Foto 15x10","description":"Die nachhaltige Bambus-Wetterstation Colton ist dein stilvolles B\u00fcroaccessoire, das Temperatur & Uhrzeit digital anzeigt und sogar Platz f\u00fcr dein Lieblingsfoto bietet. Nutze diese Multifunktions-Wetterstation als effektives Kundengeschenk: Du kannst das Geh\u00e4use direkt mit deinem Firmenlogo bedrucken lassen.","inLanguage":"de-DE","isPartOf":{"@id":"https:\/\/hidalgo.nl\/de\/#website"},"breadcrumb":{"@id":"https:\/\/hidalgo.nl\/de\/product\/19234\/bambus-wetterstation-colton-bedrucken-hygrometer-foto-15x10\/#breadcrumblist"},"image":{"@type":"ImageObject","url":"https:\/\/shop.hidalgo.nl\/wp-content\/uploads\/2025\/04\/a61f274a95c9f354ff738782cee6050f9986d9b8baa13b790f6d8bf43f498ce5.jpg","@id":"https:\/\/hidalgo.nl\/de\/product\/19234\/bambus-wetterstation-colton-bedrucken-hygrometer-foto-15x10\/#mainImage"},"primaryImageOfPage":{"@id":"https:\/\/hidalgo.nl\/de\/product\/19234\/bambus-wetterstation-colton-bedrucken-hygrometer-foto-15x10\/#mainImage"},"datePublished":"2025-07-03T12:35:50+00:00","dateModified":"2026-03-13T14:02:19+00:00"},{"@type":"WebSite","@id":"https:\/\/hidalgo.nl\/de\/#website","url":"https:\/\/hidalgo.nl\/de\/","name":"Hidalgo","inLanguage":"de-DE","publisher":{"@id":"https:\/\/hidalgo.nl\/de\/#organization"}}]},"og:locale":"de_DE","og:site_name":"Hidalgo -","og:type":"article","og:title":"Bambus-Wetterstation Colton bedrucken Hygrometer Foto 15x10","og:description":"Die nachhaltige Bambus-Wetterstation Colton ist dein stilvolles B\u00fcroaccessoire, das Temperatur &amp; Uhrzeit digital anzeigt und sogar Platz f\u00fcr dein Lieblingsfoto bietet. Nutze diese Multifunktions-Wetterstation als effektives Kundengeschenk: Du kannst das Geh\u00e4use direkt mit deinem Firmenlogo bedrucken lassen.","og:url":"https:\/\/hidalgo.nl\/de\/wp-json\/wp\/v2\/product\/19234","og:image":"https:\/\/shop.hidalgo.nl\/wp-content\/uploads\/2025\/11\/cropped-Hidalgo-est1993.png","og:image:secure_url":"https:\/\/shop.hidalgo.nl\/wp-content\/uploads\/2025\/11\/cropped-Hidalgo-est1993.png","article:published_time":"2025-07-03T12:35:50+00:00","article:modified_time":"2026-03-13T14:02:19+00:00","twitter:card":"summary_large_image","twitter:title":"Bambus-Wetterstation Colton bedrucken Hygrometer Foto 15x10","twitter:description":"Die nachhaltige Bambus-Wetterstation Colton ist dein stilvolles B\u00fcroaccessoire, das Temperatur &amp; Uhrzeit digital anzeigt und sogar Platz f\u00fcr dein Lieblingsfoto bietet. Nutze diese Multifunktions-Wetterstation als effektives Kundengeschenk: Du kannst das Geh\u00e4use direkt mit deinem Firmenlogo bedrucken lassen.","twitter:image":"https:\/\/shop.hidalgo.nl\/wp-content\/uploads\/2025\/11\/cropped-Hidalgo-est1993.png"},"aioseo_meta_data":{"post_id":"19234","title":null,"description":null,"keywords":null,"keyphrases":null,"primary_term":null,"canonical_url":null,"og_title":null,"og_description":null,"og_object_type":"default","og_image_type":"default","og_image_url":null,"og_image_width":null,"og_image_height":null,"og_image_custom_url":null,"og_image_custom_fields":null,"og_video":null,"og_custom_url":null,"og_article_section":null,"og_article_tags":null,"twitter_use_og":false,"twitter_card":"default","twitter_image_type":"default","twitter_image_url":null,"twitter_image_custom_url":null,"twitter_image_custom_fields":null,"twitter_title":null,"twitter_description":null,"schema":{"blockGraphs":[],"customGraphs":[],"default":{"data":{"Article":[],"Course":[],"Dataset":[],"FAQPage":[],"Movie":[],"Person":[],"Product":[],"ProductReview":[],"Car":[],"Recipe":[],"Service":[],"SoftwareApplication":[],"WebPage":[]},"graphName":"","isEnabled":true},"graphs":[]},"schema_type":"default","schema_type_options":null,"pillar_content":false,"robots_default":true,"robots_noindex":false,"robots_noarchive":false,"robots_nosnippet":false,"robots_nofollow":false,"robots_noimageindex":false,"robots_noodp":false,"robots_notranslate":false,"robots_max_snippet":null,"robots_max_videopreview":null,"robots_max_imagepreview":"large","priority":null,"frequency":null,"local_seo":null,"seo_analyzer_scan_date":"2026-01-20 11:38:21","breadcrumb_settings":null,"limit_modified_date":false,"reviewed_by":null,"open_ai":null,"ai":null,"created":"2026-01-14 06:17:38","updated":"2026-04-23 04:47:49"},"aioseo_breadcrumb":"<div class=\"aioseo-breadcrumbs\"><span class=\"aioseo-breadcrumb\">\n\t<a href=\"https:\/\/hidalgo.nl\/de\/\" title=\"Home\">Home<\/a>\n<\/span><span class=\"aioseo-breadcrumb-separator\">\u00bb<\/span><span class=\"aioseo-breadcrumb\">\n\t<a href=\"https:\/\/hidalgo.nl\/example\/\" title=\"example\">example<\/a>\n<\/span><span class=\"aioseo-breadcrumb-separator\">\u00bb<\/span><span class=\"aioseo-breadcrumb\">\n\t<a href=\"https:\/\/hidalgo.nl\/en\/product-supplier\/a58\/\" title=\"A58\">A58<\/a>\n<\/span><span class=\"aioseo-breadcrumb-separator\">\u00bb<\/span><span class=\"aioseo-breadcrumb\">\n\tBamboe weerstation Colton\n<\/span><\/div>","aioseo_breadcrumb_json":[{"label":"Home","link":"https:\/\/hidalgo.nl\/de\/"},{"label":"example","link":"https:\/\/hidalgo.nl\/example\/"},{"label":"A58","link":"https:\/\/hidalgo.nl\/en\/product-supplier\/a58\/"},{"label":"Bamboe weerstation Colton","link":"https:\/\/hidalgo.nl\/de\/product\/19234\/bambus-wetterstation-colton-bedrucken-hygrometer-foto-15x10\/"}],"_links":{"self":[{"href":"https:\/\/hidalgo.nl\/de\/wp-json\/wp\/v2\/product\/19234","targetHints":{"allow":["GET"]}}],"collection":[{"href":"https:\/\/hidalgo.nl\/de\/wp-json\/wp\/v2\/product"}],"about":[{"href":"https:\/\/hidalgo.nl\/de\/wp-json\/wp\/v2\/types\/product"}],"wp:featuredmedia":[{"embeddable":true,"href":"https:\/\/hidalgo.nl\/de\/wp-json\/wp\/v2\/media\/595556"}],"wp:attachment":[{"href":"https:\/\/hidalgo.nl\/de\/wp-json\/wp\/v2\/media?parent=19234"}],"wp:term":[{"taxonomy":"product_brand","embeddable":true,"href":"https:\/\/hidalgo.nl\/de\/wp-json\/wp\/v2\/product_brand?post=19234"},{"taxonomy":"product_cat","embeddable":true,"href":"https:\/\/hidalgo.nl\/de\/wp-json\/wp\/v2\/product_cat?post=19234"},{"taxonomy":"product_tag","embeddable":true,"href":"https:\/\/hidalgo.nl\/de\/wp-json\/wp\/v2\/product_tag?post=19234"}],"curies":[{"name":"wp","href":"https:\/\/api.w.org\/{rel}","templated":true}]}}