{"id":19153,"date":"2025-07-03T12:34:13","date_gmt":"2025-07-03T12:34:13","guid":{"rendered":"http:\/\/bidonsenshakers.pim.hidalgo.nl\/product\/abs-elektrische-flessenopener-fiza\/"},"modified":"2026-03-13T14:02:33","modified_gmt":"2026-03-13T14:02:33","slug":"abs-elektrische-flessenopener-fiza","status":"publish","type":"product","link":"https:\/\/hidalgo.nl\/de\/product\/19153\/elektrischer-weinoeffner-fiza-bedrucken-abs-kapselschneider\/","title":{"rendered":"ABS elektrische flessenopener Fiza"},"content":{"rendered":"<p>ABS elektrische flessenopener met matzwarte kleur. Twee zilverkleurige drukknoppen bedienen de opener. De standaard doet ook dienst als foliesnijder. Inclusief batterijen.<\/p>\n","protected":false},"excerpt":{"rendered":"<p>ABS elektrische flessenopener met matzwarte kleur. Twee zilverkleurige drukknoppen bedienen de opener. De standaard doet ook dienst als foliesnijder. Inclusief batterijen.<\/p>\n","protected":false},"featured_media":595833,"template":"","meta":{"_acf_changed":false,"om_disable_all_campaigns":false,"_monsterinsights_skip_tracking":false,"_monsterinsights_sitenote_active":false,"_monsterinsights_sitenote_note":"","_monsterinsights_sitenote_category":0},"product_brand":[49],"product_cat":[4735,4719,4728,4790],"product_tag":[],"class_list":{"0":"post-19153","1":"product","2":"type-product","3":"status-publish","4":"has-post-thumbnail","6":"product_supplier-a58","7":"product_material-abs","8":"product_brand-impression","9":"product_cat-keuken","10":"product_cat-promotionele-artikelen","11":"product_cat-promotionele-artikelen-thuis-keuken-en-tuin","12":"product_cat-promotionele-artikelen-thuis-keuken-en-tuin-keuken-wijn-en-champagne-sets","13":"entry","15":"first","16":"instock","17":"taxable","18":"shipping-taxable","19":"purchasable","20":"product-type-variable"},"acf":{"imprint_cost":[{"imprint_cost_key":"22b1cb55797f8c2c1b301faa1d3e55f27c50be74","product_quantity_price_range":[{"imprint_cost_recommended_selling_price":"5.91","imprint_cost_recommended_selling_quantity":"1"},{"imprint_cost_recommended_selling_price":"2.97","imprint_cost_recommended_selling_quantity":"25"},{"imprint_cost_recommended_selling_price":"1.49","imprint_cost_recommended_selling_quantity":"50"},{"imprint_cost_recommended_selling_price":"0.69","imprint_cost_recommended_selling_quantity":"100"},{"imprint_cost_recommended_selling_price":"0.55","imprint_cost_recommended_selling_quantity":"250"},{"imprint_cost_recommended_selling_price":"0.43","imprint_cost_recommended_selling_quantity":"500"},{"imprint_cost_recommended_selling_price":"0.4","imprint_cost_recommended_selling_quantity":"1000"},{"imprint_cost_recommended_selling_price":"0.35","imprint_cost_recommended_selling_quantity":"2500"},{"imprint_cost_recommended_selling_price":"0.34","imprint_cost_recommended_selling_quantity":"5000"},{"imprint_cost_recommended_selling_price":"0.32","imprint_cost_recommended_selling_quantity":"10000"}],"product_quantity_price_range_buying":false,"imprint_cost_setup_costs":"52.31","imprint_cost_handling_costs":"0.2"},{"imprint_cost_key":"26fe4d11e8b9e2da68b5849d3c030a2c60e07e1b","product_quantity_price_range":[{"imprint_cost_recommended_selling_price":"5.91","imprint_cost_recommended_selling_quantity":"1"},{"imprint_cost_recommended_selling_price":"2.97","imprint_cost_recommended_selling_quantity":"25"},{"imprint_cost_recommended_selling_price":"1.49","imprint_cost_recommended_selling_quantity":"50"},{"imprint_cost_recommended_selling_price":"0.69","imprint_cost_recommended_selling_quantity":"100"},{"imprint_cost_recommended_selling_price":"0.55","imprint_cost_recommended_selling_quantity":"250"},{"imprint_cost_recommended_selling_price":"0.43","imprint_cost_recommended_selling_quantity":"500"},{"imprint_cost_recommended_selling_price":"0.4","imprint_cost_recommended_selling_quantity":"1000"},{"imprint_cost_recommended_selling_price":"0.35","imprint_cost_recommended_selling_quantity":"2500"},{"imprint_cost_recommended_selling_price":"0.34","imprint_cost_recommended_selling_quantity":"5000"},{"imprint_cost_recommended_selling_price":"0.32","imprint_cost_recommended_selling_quantity":"10000"}],"product_quantity_price_range_buying":false,"imprint_cost_setup_costs":"52.31","imprint_cost_handling_costs":"0.2"},{"imprint_cost_key":"23ddcae3b6fe0af2a756373cfc9fb26b84e09de0","product_quantity_price_range":[{"imprint_cost_recommended_selling_price":"5.65","imprint_cost_recommended_selling_quantity":"1"},{"imprint_cost_recommended_selling_price":"4.03","imprint_cost_recommended_selling_quantity":"25"},{"imprint_cost_recommended_selling_price":"1.91","imprint_cost_recommended_selling_quantity":"50"},{"imprint_cost_recommended_selling_price":"1.51","imprint_cost_recommended_selling_quantity":"100"},{"imprint_cost_recommended_selling_price":"1.11","imprint_cost_recommended_selling_quantity":"250"},{"imprint_cost_recommended_selling_price":"0.85","imprint_cost_recommended_selling_quantity":"500"},{"imprint_cost_recommended_selling_price":"0.82","imprint_cost_recommended_selling_quantity":"1000"},{"imprint_cost_recommended_selling_price":"0.77","imprint_cost_recommended_selling_quantity":"2500"},{"imprint_cost_recommended_selling_price":"0.72","imprint_cost_recommended_selling_quantity":"5000"},{"imprint_cost_recommended_selling_price":"0.69","imprint_cost_recommended_selling_quantity":"10000"}],"product_quantity_price_range_buying":false,"imprint_cost_setup_costs":"71.54","imprint_cost_handling_costs":"0.26"}]},"aioseo_notices":[],"aioseo_head":"\n\t\t<!-- All in One SEO Pro 4.9.6.2 - aioseo.com -->\n\t<meta name=\"description\" content=\"Dieser mattschwarze elektrische Wein\u00f6ffner Fiza vereint Design &amp; Komfort f\u00fcr dich. Bestelle diesen automatischen Korkenzieher als hochwertigen Werbeartikel; dein Logo kann problemlos auf den edlen ABS-Kunststoff gedruckt werden.\" \/>\n\t<meta name=\"robots\" content=\"max-image-preview:large\" \/>\n\t<link rel=\"canonical\" href=\"https:\/\/hidalgo.nl\/de\/wp-json\/wp\/v2\/product\/19153\" \/>\n\t<meta name=\"generator\" content=\"All in One SEO Pro (AIOSEO) 4.9.6.2\" \/>\n\t\t<meta property=\"og:locale\" content=\"de_DE\" \/>\n\t\t<meta property=\"og:site_name\" content=\"Hidalgo -\" \/>\n\t\t<meta property=\"og:type\" content=\"article\" \/>\n\t\t<meta property=\"og:title\" content=\"Elektrischer Wein\u00f6ffner Fiza bedrucken ABS Kapselschneider\" \/>\n\t\t<meta property=\"og:description\" content=\"Dieser mattschwarze elektrische Wein\u00f6ffner Fiza vereint Design &amp; Komfort f\u00fcr dich. Bestelle diesen automatischen Korkenzieher als hochwertigen Werbeartikel; dein Logo kann problemlos auf den edlen ABS-Kunststoff gedruckt werden.\" \/>\n\t\t<meta property=\"og:url\" content=\"https:\/\/hidalgo.nl\/de\/wp-json\/wp\/v2\/product\/19153\" \/>\n\t\t<meta property=\"og:image\" content=\"https:\/\/shop.hidalgo.nl\/wp-content\/uploads\/2025\/11\/cropped-Hidalgo-est1993.png\" \/>\n\t\t<meta property=\"og:image:secure_url\" content=\"https:\/\/shop.hidalgo.nl\/wp-content\/uploads\/2025\/11\/cropped-Hidalgo-est1993.png\" \/>\n\t\t<meta property=\"article:published_time\" content=\"2025-07-03T12:34:13+00:00\" \/>\n\t\t<meta property=\"article:modified_time\" content=\"2026-03-13T14:02:33+00:00\" \/>\n\t\t<meta name=\"twitter:card\" content=\"summary_large_image\" \/>\n\t\t<meta name=\"twitter:title\" content=\"Elektrischer Wein\u00f6ffner Fiza bedrucken ABS Kapselschneider\" \/>\n\t\t<meta name=\"twitter:description\" content=\"Dieser mattschwarze elektrische Wein\u00f6ffner Fiza vereint Design &amp; Komfort f\u00fcr dich. Bestelle diesen automatischen Korkenzieher als hochwertigen Werbeartikel; dein Logo kann problemlos auf den edlen ABS-Kunststoff gedruckt werden.\" \/>\n\t\t<meta name=\"twitter:image\" content=\"https:\/\/shop.hidalgo.nl\/wp-content\/uploads\/2025\/11\/cropped-Hidalgo-est1993.png\" \/>\n\t\t<script type=\"application\/ld+json\" class=\"aioseo-schema\">\n\t\t\t{\"@context\":\"https:\\\/\\\/schema.org\",\"@graph\":[{\"@type\":\"BreadcrumbList\",\"@id\":\"https:\\\/\\\/hidalgo.nl\\\/de\\\/product\\\/19153\\\/elektrischer-weinoeffner-fiza-bedrucken-abs-kapselschneider\\\/#breadcrumblist\",\"itemListElement\":[{\"@type\":\"ListItem\",\"@id\":\"https:\\\/\\\/hidalgo.nl\\\/de\\\/#listItem\",\"position\":1,\"name\":\"Home\",\"item\":\"https:\\\/\\\/hidalgo.nl\\\/de\\\/\",\"nextItem\":{\"@type\":\"ListItem\",\"@id\":\"https:\\\/\\\/hidalgo.nl\\\/example\\\/#listItem\",\"name\":\"example\"}},{\"@type\":\"ListItem\",\"@id\":\"https:\\\/\\\/hidalgo.nl\\\/example\\\/#listItem\",\"position\":2,\"name\":\"example\",\"item\":\"https:\\\/\\\/hidalgo.nl\\\/example\\\/\",\"nextItem\":{\"@type\":\"ListItem\",\"@id\":\"https:\\\/\\\/hidalgo.nl\\\/en\\\/product-supplier\\\/a58\\\/#listItem\",\"name\":\"A58\"},\"previousItem\":{\"@type\":\"ListItem\",\"@id\":\"https:\\\/\\\/hidalgo.nl\\\/de\\\/#listItem\",\"name\":\"Home\"}},{\"@type\":\"ListItem\",\"@id\":\"https:\\\/\\\/hidalgo.nl\\\/en\\\/product-supplier\\\/a58\\\/#listItem\",\"position\":3,\"name\":\"A58\",\"item\":\"https:\\\/\\\/hidalgo.nl\\\/en\\\/product-supplier\\\/a58\\\/\",\"nextItem\":{\"@type\":\"ListItem\",\"@id\":\"https:\\\/\\\/hidalgo.nl\\\/de\\\/product\\\/19153\\\/elektrischer-weinoeffner-fiza-bedrucken-abs-kapselschneider\\\/#listItem\",\"name\":\"ABS elektrische flessenopener Fiza\"},\"previousItem\":{\"@type\":\"ListItem\",\"@id\":\"https:\\\/\\\/hidalgo.nl\\\/example\\\/#listItem\",\"name\":\"example\"}},{\"@type\":\"ListItem\",\"@id\":\"https:\\\/\\\/hidalgo.nl\\\/de\\\/product\\\/19153\\\/elektrischer-weinoeffner-fiza-bedrucken-abs-kapselschneider\\\/#listItem\",\"position\":4,\"name\":\"ABS elektrische flessenopener Fiza\",\"previousItem\":{\"@type\":\"ListItem\",\"@id\":\"https:\\\/\\\/hidalgo.nl\\\/en\\\/product-supplier\\\/a58\\\/#listItem\",\"name\":\"A58\"}}]},{\"@type\":\"Organization\",\"@id\":\"https:\\\/\\\/hidalgo.nl\\\/de\\\/#organization\",\"name\":\"Hidalgo\",\"url\":\"https:\\\/\\\/hidalgo.nl\\\/de\\\/\",\"logo\":{\"@type\":\"ImageObject\",\"url\":\"https:\\\/\\\/shop.hidalgo.nl\\\/wp-content\\\/uploads\\\/2025\\\/11\\\/cropped-Hidalgo-est1993.png\",\"@id\":\"https:\\\/\\\/hidalgo.nl\\\/de\\\/product\\\/19153\\\/elektrischer-weinoeffner-fiza-bedrucken-abs-kapselschneider\\\/#organizationLogo\",\"width\":585,\"height\":195},\"image\":{\"@id\":\"https:\\\/\\\/hidalgo.nl\\\/de\\\/product\\\/19153\\\/elektrischer-weinoeffner-fiza-bedrucken-abs-kapselschneider\\\/#organizationLogo\"}},{\"@type\":\"ProductGroup\",\"@id\":\"https:\\\/\\\/hidalgo.nl\\\/de\\\/product\\\/19153\\\/elektrischer-weinoeffner-fiza-bedrucken-abs-kapselschneider\\\/#wooCommerceProduct\",\"name\":\"Elektrischer Wein\\u00f6ffner Fiza bedrucken ABS Kapselschneider\",\"url\":\"https:\\\/\\\/hidalgo.nl\\\/de\\\/product\\\/19153\\\/elektrischer-weinoeffner-fiza-bedrucken-abs-kapselschneider\\\/\",\"brand\":{\"@type\":\"Brand\",\"name\":\"IMPRESSION\"},\"sku\":\"A58-8657\",\"image\":{\"@type\":\"ImageObject\",\"url\":\"https:\\\/\\\/shop.hidalgo.nl\\\/wp-content\\\/uploads\\\/2025\\\/04\\\/a22438670a857a72fe90fd854002fb23fa31c2bbe1456e8278f19d99101eb794.jpg\",\"@id\":\"https:\\\/\\\/hidalgo.nl\\\/de\\\/product\\\/19153\\\/elektrischer-weinoeffner-fiza-bedrucken-abs-kapselschneider\\\/#productImage\"},\"productGroupID\":19153,\"hasVariant\":[{\"@type\":\"Product\",\"@id\":\"https:\\\/\\\/hidalgo.nl\\\/de\\\/product\\\/19153\\\/elektrischer-weinoeffner-fiza-bedrucken-abs-kapselschneider\\\/#wooCommerceProduct\",\"name\":\"ABS elektrische flessenopener Fiza - zwart,\",\"url\":\"https:\\\/\\\/hidalgo.nl\\\/de\\\/product\\\/19153\\\/elektrischer-weinoeffner-fiza-bedrucken-abs-kapselschneider\\\/\",\"sku\":\"A58-8657-001999999\",\"gtin\":\"8719446046405\",\"image\":{\"@type\":\"ImageObject\",\"url\":\"https:\\\/\\\/shop.hidalgo.nl\\\/wp-content\\\/uploads\\\/2025\\\/05\\\/a22438670a857a72fe90fd854002fb23fa31c2bbe1456e8278f19d99101eb794.jpg\",\"@id\":\"https:\\\/\\\/hidalgo.nl\\\/de\\\/product\\\/19153\\\/elektrischer-weinoeffner-fiza-bedrucken-abs-kapselschneider\\\/#productImage\",\"width\":239,\"height\":1000},\"offers\":{\"@type\":\"Offer\",\"url\":\"https:\\\/\\\/hidalgo.nl\\\/de\\\/product\\\/19153\\\/elektrischer-weinoeffner-fiza-bedrucken-abs-kapselschneider\\\/#wooCommerceOffer\",\"price\":\"26.06\",\"priceCurrency\":\"EUR\",\"category\":\"Promotionele Artikelen\",\"availability\":\"https:\\\/\\\/schema.org\\\/InStock\",\"priceSpecification\":{\"@type\":\"PriceSpecification\",\"price\":26.06,\"priceCurrency\":\"EUR\",\"valueAddedTaxIncluded\":\"true\"}}}]},{\"@type\":\"WebPage\",\"@id\":\"https:\\\/\\\/hidalgo.nl\\\/de\\\/product\\\/19153\\\/elektrischer-weinoeffner-fiza-bedrucken-abs-kapselschneider\\\/#webpage\",\"url\":\"https:\\\/\\\/hidalgo.nl\\\/de\\\/product\\\/19153\\\/elektrischer-weinoeffner-fiza-bedrucken-abs-kapselschneider\\\/\",\"name\":\"Elektrischer Wein\\u00f6ffner Fiza bedrucken ABS Kapselschneider\",\"description\":\"Dieser mattschwarze elektrische Wein\\u00f6ffner Fiza vereint Design & Komfort f\\u00fcr dich. Bestelle diesen automatischen Korkenzieher als hochwertigen Werbeartikel; dein Logo kann problemlos auf den edlen ABS-Kunststoff gedruckt werden.\",\"inLanguage\":\"de-DE\",\"isPartOf\":{\"@id\":\"https:\\\/\\\/hidalgo.nl\\\/de\\\/#website\"},\"breadcrumb\":{\"@id\":\"https:\\\/\\\/hidalgo.nl\\\/de\\\/product\\\/19153\\\/elektrischer-weinoeffner-fiza-bedrucken-abs-kapselschneider\\\/#breadcrumblist\"},\"image\":{\"@type\":\"ImageObject\",\"url\":\"https:\\\/\\\/shop.hidalgo.nl\\\/wp-content\\\/uploads\\\/2025\\\/04\\\/a22438670a857a72fe90fd854002fb23fa31c2bbe1456e8278f19d99101eb794.jpg\",\"@id\":\"https:\\\/\\\/hidalgo.nl\\\/de\\\/product\\\/19153\\\/elektrischer-weinoeffner-fiza-bedrucken-abs-kapselschneider\\\/#mainImage\"},\"primaryImageOfPage\":{\"@id\":\"https:\\\/\\\/hidalgo.nl\\\/de\\\/product\\\/19153\\\/elektrischer-weinoeffner-fiza-bedrucken-abs-kapselschneider\\\/#mainImage\"},\"datePublished\":\"2025-07-03T12:34:13+00:00\",\"dateModified\":\"2026-03-13T14:02:33+00:00\"},{\"@type\":\"WebSite\",\"@id\":\"https:\\\/\\\/hidalgo.nl\\\/de\\\/#website\",\"url\":\"https:\\\/\\\/hidalgo.nl\\\/de\\\/\",\"name\":\"Hidalgo\",\"inLanguage\":\"de-DE\",\"publisher\":{\"@id\":\"https:\\\/\\\/hidalgo.nl\\\/de\\\/#organization\"}}]}\n\t\t<\/script>\n\t\t<!-- All in One SEO Pro -->\r\n\t\t<title>Elektrischer Wein\u00f6ffner Fiza bedrucken ABS Kapselschneider<\/title>\n\n","aioseo_head_json":{"title":"Elektrischer Wein\u00f6ffner Fiza bedrucken ABS Kapselschneider","description":"Dieser mattschwarze elektrische Wein\u00f6ffner Fiza vereint Design & Komfort f\u00fcr dich. Bestelle diesen automatischen Korkenzieher als hochwertigen Werbeartikel; dein Logo kann problemlos auf den edlen ABS-Kunststoff gedruckt werden.","canonical_url":"https:\/\/hidalgo.nl\/de\/wp-json\/wp\/v2\/product\/19153","robots":"max-image-preview:large","keywords":"","webmasterTools":{"miscellaneous":""},"schema":{"@context":"https:\/\/schema.org","@graph":[{"@type":"BreadcrumbList","@id":"https:\/\/hidalgo.nl\/de\/product\/19153\/elektrischer-weinoeffner-fiza-bedrucken-abs-kapselschneider\/#breadcrumblist","itemListElement":[{"@type":"ListItem","@id":"https:\/\/hidalgo.nl\/de\/#listItem","position":1,"name":"Home","item":"https:\/\/hidalgo.nl\/de\/","nextItem":{"@type":"ListItem","@id":"https:\/\/hidalgo.nl\/example\/#listItem","name":"example"}},{"@type":"ListItem","@id":"https:\/\/hidalgo.nl\/example\/#listItem","position":2,"name":"example","item":"https:\/\/hidalgo.nl\/example\/","nextItem":{"@type":"ListItem","@id":"https:\/\/hidalgo.nl\/en\/product-supplier\/a58\/#listItem","name":"A58"},"previousItem":{"@type":"ListItem","@id":"https:\/\/hidalgo.nl\/de\/#listItem","name":"Home"}},{"@type":"ListItem","@id":"https:\/\/hidalgo.nl\/en\/product-supplier\/a58\/#listItem","position":3,"name":"A58","item":"https:\/\/hidalgo.nl\/en\/product-supplier\/a58\/","nextItem":{"@type":"ListItem","@id":"https:\/\/hidalgo.nl\/de\/product\/19153\/elektrischer-weinoeffner-fiza-bedrucken-abs-kapselschneider\/#listItem","name":"ABS elektrische flessenopener Fiza"},"previousItem":{"@type":"ListItem","@id":"https:\/\/hidalgo.nl\/example\/#listItem","name":"example"}},{"@type":"ListItem","@id":"https:\/\/hidalgo.nl\/de\/product\/19153\/elektrischer-weinoeffner-fiza-bedrucken-abs-kapselschneider\/#listItem","position":4,"name":"ABS elektrische flessenopener Fiza","previousItem":{"@type":"ListItem","@id":"https:\/\/hidalgo.nl\/en\/product-supplier\/a58\/#listItem","name":"A58"}}]},{"@type":"Organization","@id":"https:\/\/hidalgo.nl\/de\/#organization","name":"Hidalgo","url":"https:\/\/hidalgo.nl\/de\/","logo":{"@type":"ImageObject","url":"https:\/\/shop.hidalgo.nl\/wp-content\/uploads\/2025\/11\/cropped-Hidalgo-est1993.png","@id":"https:\/\/hidalgo.nl\/de\/product\/19153\/elektrischer-weinoeffner-fiza-bedrucken-abs-kapselschneider\/#organizationLogo","width":585,"height":195},"image":{"@id":"https:\/\/hidalgo.nl\/de\/product\/19153\/elektrischer-weinoeffner-fiza-bedrucken-abs-kapselschneider\/#organizationLogo"}},{"@type":"ProductGroup","@id":"https:\/\/hidalgo.nl\/de\/product\/19153\/elektrischer-weinoeffner-fiza-bedrucken-abs-kapselschneider\/#wooCommerceProduct","name":"Elektrischer Wein\u00f6ffner Fiza bedrucken ABS Kapselschneider","url":"https:\/\/hidalgo.nl\/de\/product\/19153\/elektrischer-weinoeffner-fiza-bedrucken-abs-kapselschneider\/","brand":{"@type":"Brand","name":"IMPRESSION"},"sku":"A58-8657","image":{"@type":"ImageObject","url":"https:\/\/shop.hidalgo.nl\/wp-content\/uploads\/2025\/04\/a22438670a857a72fe90fd854002fb23fa31c2bbe1456e8278f19d99101eb794.jpg","@id":"https:\/\/hidalgo.nl\/de\/product\/19153\/elektrischer-weinoeffner-fiza-bedrucken-abs-kapselschneider\/#productImage"},"productGroupID":19153,"hasVariant":[{"@type":"Product","@id":"https:\/\/hidalgo.nl\/de\/product\/19153\/elektrischer-weinoeffner-fiza-bedrucken-abs-kapselschneider\/#wooCommerceProduct","name":"ABS elektrische flessenopener Fiza - zwart,","url":"https:\/\/hidalgo.nl\/de\/product\/19153\/elektrischer-weinoeffner-fiza-bedrucken-abs-kapselschneider\/","sku":"A58-8657-001999999","gtin":"8719446046405","image":{"@type":"ImageObject","url":"https:\/\/shop.hidalgo.nl\/wp-content\/uploads\/2025\/05\/a22438670a857a72fe90fd854002fb23fa31c2bbe1456e8278f19d99101eb794.jpg","@id":"https:\/\/hidalgo.nl\/de\/product\/19153\/elektrischer-weinoeffner-fiza-bedrucken-abs-kapselschneider\/#productImage","width":239,"height":1000},"offers":{"@type":"Offer","url":"https:\/\/hidalgo.nl\/de\/product\/19153\/elektrischer-weinoeffner-fiza-bedrucken-abs-kapselschneider\/#wooCommerceOffer","price":"26.06","priceCurrency":"EUR","category":"Promotionele Artikelen","availability":"https:\/\/schema.org\/InStock","priceSpecification":{"@type":"PriceSpecification","price":26.06,"priceCurrency":"EUR","valueAddedTaxIncluded":"true"}}}]},{"@type":"WebPage","@id":"https:\/\/hidalgo.nl\/de\/product\/19153\/elektrischer-weinoeffner-fiza-bedrucken-abs-kapselschneider\/#webpage","url":"https:\/\/hidalgo.nl\/de\/product\/19153\/elektrischer-weinoeffner-fiza-bedrucken-abs-kapselschneider\/","name":"Elektrischer Wein\u00f6ffner Fiza bedrucken ABS Kapselschneider","description":"Dieser mattschwarze elektrische Wein\u00f6ffner Fiza vereint Design & Komfort f\u00fcr dich. Bestelle diesen automatischen Korkenzieher als hochwertigen Werbeartikel; dein Logo kann problemlos auf den edlen ABS-Kunststoff gedruckt werden.","inLanguage":"de-DE","isPartOf":{"@id":"https:\/\/hidalgo.nl\/de\/#website"},"breadcrumb":{"@id":"https:\/\/hidalgo.nl\/de\/product\/19153\/elektrischer-weinoeffner-fiza-bedrucken-abs-kapselschneider\/#breadcrumblist"},"image":{"@type":"ImageObject","url":"https:\/\/shop.hidalgo.nl\/wp-content\/uploads\/2025\/04\/a22438670a857a72fe90fd854002fb23fa31c2bbe1456e8278f19d99101eb794.jpg","@id":"https:\/\/hidalgo.nl\/de\/product\/19153\/elektrischer-weinoeffner-fiza-bedrucken-abs-kapselschneider\/#mainImage"},"primaryImageOfPage":{"@id":"https:\/\/hidalgo.nl\/de\/product\/19153\/elektrischer-weinoeffner-fiza-bedrucken-abs-kapselschneider\/#mainImage"},"datePublished":"2025-07-03T12:34:13+00:00","dateModified":"2026-03-13T14:02:33+00:00"},{"@type":"WebSite","@id":"https:\/\/hidalgo.nl\/de\/#website","url":"https:\/\/hidalgo.nl\/de\/","name":"Hidalgo","inLanguage":"de-DE","publisher":{"@id":"https:\/\/hidalgo.nl\/de\/#organization"}}]},"og:locale":"de_DE","og:site_name":"Hidalgo -","og:type":"article","og:title":"Elektrischer Wein\u00f6ffner Fiza bedrucken ABS Kapselschneider","og:description":"Dieser mattschwarze elektrische Wein\u00f6ffner Fiza vereint Design &amp; Komfort f\u00fcr dich. Bestelle diesen automatischen Korkenzieher als hochwertigen Werbeartikel; dein Logo kann problemlos auf den edlen ABS-Kunststoff gedruckt werden.","og:url":"https:\/\/hidalgo.nl\/de\/wp-json\/wp\/v2\/product\/19153","og:image":"https:\/\/shop.hidalgo.nl\/wp-content\/uploads\/2025\/11\/cropped-Hidalgo-est1993.png","og:image:secure_url":"https:\/\/shop.hidalgo.nl\/wp-content\/uploads\/2025\/11\/cropped-Hidalgo-est1993.png","article:published_time":"2025-07-03T12:34:13+00:00","article:modified_time":"2026-03-13T14:02:33+00:00","twitter:card":"summary_large_image","twitter:title":"Elektrischer Wein\u00f6ffner Fiza bedrucken ABS Kapselschneider","twitter:description":"Dieser mattschwarze elektrische Wein\u00f6ffner Fiza vereint Design &amp; Komfort f\u00fcr dich. Bestelle diesen automatischen Korkenzieher als hochwertigen Werbeartikel; dein Logo kann problemlos auf den edlen ABS-Kunststoff gedruckt werden.","twitter:image":"https:\/\/shop.hidalgo.nl\/wp-content\/uploads\/2025\/11\/cropped-Hidalgo-est1993.png"},"aioseo_meta_data":{"post_id":"19153","title":null,"description":null,"keywords":null,"keyphrases":null,"primary_term":null,"canonical_url":null,"og_title":null,"og_description":null,"og_object_type":"default","og_image_type":"default","og_image_url":null,"og_image_width":null,"og_image_height":null,"og_image_custom_url":null,"og_image_custom_fields":null,"og_video":null,"og_custom_url":null,"og_article_section":null,"og_article_tags":null,"twitter_use_og":false,"twitter_card":"default","twitter_image_type":"default","twitter_image_url":null,"twitter_image_custom_url":null,"twitter_image_custom_fields":null,"twitter_title":null,"twitter_description":null,"schema":{"blockGraphs":[],"customGraphs":[],"default":{"data":{"Article":[],"Course":[],"Dataset":[],"FAQPage":[],"Movie":[],"Person":[],"Product":[],"ProductReview":[],"Car":[],"Recipe":[],"Service":[],"SoftwareApplication":[],"WebPage":[]},"graphName":"","isEnabled":true},"graphs":[]},"schema_type":"default","schema_type_options":null,"pillar_content":false,"robots_default":true,"robots_noindex":false,"robots_noarchive":false,"robots_nosnippet":false,"robots_nofollow":false,"robots_noimageindex":false,"robots_noodp":false,"robots_notranslate":false,"robots_max_snippet":null,"robots_max_videopreview":null,"robots_max_imagepreview":"large","priority":null,"frequency":null,"local_seo":null,"seo_analyzer_scan_date":"2026-01-20 11:36:50","breadcrumb_settings":null,"limit_modified_date":false,"reviewed_by":null,"open_ai":null,"ai":null,"created":"2026-01-14 06:17:38","updated":"2026-04-23 04:46:48"},"aioseo_breadcrumb":"<div class=\"aioseo-breadcrumbs\"><span class=\"aioseo-breadcrumb\">\n\t<a href=\"https:\/\/hidalgo.nl\/de\/\" title=\"Home\">Home<\/a>\n<\/span><span class=\"aioseo-breadcrumb-separator\">\u00bb<\/span><span class=\"aioseo-breadcrumb\">\n\t<a href=\"https:\/\/hidalgo.nl\/example\/\" title=\"example\">example<\/a>\n<\/span><span class=\"aioseo-breadcrumb-separator\">\u00bb<\/span><span class=\"aioseo-breadcrumb\">\n\t<a href=\"https:\/\/hidalgo.nl\/en\/product-supplier\/a58\/\" title=\"A58\">A58<\/a>\n<\/span><span class=\"aioseo-breadcrumb-separator\">\u00bb<\/span><span class=\"aioseo-breadcrumb\">\n\tABS elektrische flessenopener Fiza\n<\/span><\/div>","aioseo_breadcrumb_json":[{"label":"Home","link":"https:\/\/hidalgo.nl\/de\/"},{"label":"example","link":"https:\/\/hidalgo.nl\/example\/"},{"label":"A58","link":"https:\/\/hidalgo.nl\/en\/product-supplier\/a58\/"},{"label":"ABS elektrische flessenopener Fiza","link":"https:\/\/hidalgo.nl\/de\/product\/19153\/elektrischer-weinoeffner-fiza-bedrucken-abs-kapselschneider\/"}],"_links":{"self":[{"href":"https:\/\/hidalgo.nl\/de\/wp-json\/wp\/v2\/product\/19153","targetHints":{"allow":["GET"]}}],"collection":[{"href":"https:\/\/hidalgo.nl\/de\/wp-json\/wp\/v2\/product"}],"about":[{"href":"https:\/\/hidalgo.nl\/de\/wp-json\/wp\/v2\/types\/product"}],"wp:featuredmedia":[{"embeddable":true,"href":"https:\/\/hidalgo.nl\/de\/wp-json\/wp\/v2\/media\/595833"}],"wp:attachment":[{"href":"https:\/\/hidalgo.nl\/de\/wp-json\/wp\/v2\/media?parent=19153"}],"wp:term":[{"taxonomy":"product_brand","embeddable":true,"href":"https:\/\/hidalgo.nl\/de\/wp-json\/wp\/v2\/product_brand?post=19153"},{"taxonomy":"product_cat","embeddable":true,"href":"https:\/\/hidalgo.nl\/de\/wp-json\/wp\/v2\/product_cat?post=19153"},{"taxonomy":"product_tag","embeddable":true,"href":"https:\/\/hidalgo.nl\/de\/wp-json\/wp\/v2\/product_tag?post=19153"}],"curies":[{"name":"wp","href":"https:\/\/api.w.org\/{rel}","templated":true}]}}