{"id":1846,"date":"2025-05-16T13:08:56","date_gmt":"2025-05-16T13:08:56","guid":{"rendered":"https:\/\/bidonsenshakers.pim.hidalgo.nl\/product\/r-pet-600d-cabin-proof-laptop-rugzak-22l\/"},"modified":"2026-05-02T10:40:13","modified_gmt":"2026-05-02T10:40:13","slug":"r-pet-600d-cabin-proof-laptop-rugzak-22l","status":"publish","type":"product","link":"https:\/\/hidalgo.nl\/de\/product\/1846\/laptop-rucksack-bedrucken-handgepaeck-r-pet-600d-22l\/","title":{"rendered":"R-PET 600D Cabin proof Laptop rugzak 22L"},"content":{"rendered":"<p>Deze rugzak is ontworpen met de moderne reiziger in gedachten. Hij opent 180 graden, met een verborgen vak voor kleding aan de ene kant en een gewatteerd laptopvak aan de andere kant. Het ruime voorvak biedt gemakkelijke toegang tot accessoires en benodigdheden. Voor comfort is de tas uitgerust met gevoerde handgrepen, verstelbare schouderbanden en een gewatteerd rugpaneel. Bovendien kun je de rugzak met een achterband veilig over het handvat van een trolleytas schuiven voor langere reizen. Reflecterende details verbeteren de zichtbaarheid en veiligheid als je &#8217;s nachts reist.<\/p>\n","protected":false},"excerpt":{"rendered":"<p>Deze rugzak is ontworpen met de moderne reiziger in gedachten. Hij opent 180 graden, met een verborgen vak voor kleding aan de ene kant en een gewatteerd laptopvak aan de andere kant. Het ruime voorvak biedt gemakkelijke toegang tot accessoires en benodigdheden. Voor comfort is de tas uitgerust met gevoerde handgrepen, verstelbare schouderbanden en een&hellip; <a class=\"more-link\" href=\"https:\/\/hidalgo.nl\/de\/product\/1846\/laptop-rucksack-bedrucken-handgepaeck-r-pet-600d-22l\/\"><span class=\"screen-reader-text\">R-PET 600D Cabin proof Laptop rugzak 22L<\/span> weiterlesen<\/a><\/p>\n","protected":false},"featured_media":1847,"template":"","meta":{"_acf_changed":false,"om_disable_all_campaigns":false,"_monsterinsights_skip_tracking":false,"_monsterinsights_sitenote_active":false,"_monsterinsights_sitenote_note":"","_monsterinsights_sitenote_category":0},"product_brand":[],"product_cat":[4760,4932,4713],"product_tag":[],"class_list":{"0":"post-1846","1":"product","2":"type-product","3":"status-publish","4":"has-post-thumbnail","6":"product_supplier-a53","7":"product_cat-document-tassen","8":"product_cat-document-tassen-laptop-rugtassen","9":"product_cat-tassen","10":"entry","12":"first","13":"instock","14":"taxable","15":"shipping-taxable","16":"purchasable","17":"product-type-variable"},"acf":{"imprint_cost":[{"imprint_cost_key":"21cbb83237d5e3c37c62d40304d64b2b1bacee26","product_quantity_price_range":[{"imprint_cost_recommended_selling_price":"2.1375","imprint_cost_recommended_selling_quantity":"1"},{"imprint_cost_recommended_selling_price":"1.74","imprint_cost_recommended_selling_quantity":"10"},{"imprint_cost_recommended_selling_price":"1.575","imprint_cost_recommended_selling_quantity":"25"},{"imprint_cost_recommended_selling_price":"1.485","imprint_cost_recommended_selling_quantity":"50"},{"imprint_cost_recommended_selling_price":"1.425","imprint_cost_recommended_selling_quantity":"100"},{"imprint_cost_recommended_selling_price":"1.35","imprint_cost_recommended_selling_quantity":"250"},{"imprint_cost_recommended_selling_price":"1.2825","imprint_cost_recommended_selling_quantity":"500"},{"imprint_cost_recommended_selling_price":"1.23","imprint_cost_recommended_selling_quantity":"1000"},{"imprint_cost_recommended_selling_price":"1.2","imprint_cost_recommended_selling_quantity":"2500"},{"imprint_cost_recommended_selling_price":"1.17","imprint_cost_recommended_selling_quantity":"5000"},{"imprint_cost_recommended_selling_price":"1.17","imprint_cost_recommended_selling_quantity":"10000"}],"product_quantity_price_range_buying":[{"imprint_cost_general_buying_price":"1.425","imprint_cost_general_buying_quantity":"1"},{"imprint_cost_general_buying_price":"1.16","imprint_cost_general_buying_quantity":"10"},{"imprint_cost_general_buying_price":"1.05","imprint_cost_general_buying_quantity":"25"},{"imprint_cost_general_buying_price":"0.99","imprint_cost_general_buying_quantity":"50"},{"imprint_cost_general_buying_price":"0.95","imprint_cost_general_buying_quantity":"100"},{"imprint_cost_general_buying_price":"0.9","imprint_cost_general_buying_quantity":"250"},{"imprint_cost_general_buying_price":"0.855","imprint_cost_general_buying_quantity":"500"},{"imprint_cost_general_buying_price":"0.82","imprint_cost_general_buying_quantity":"1000"},{"imprint_cost_general_buying_price":"0.8","imprint_cost_general_buying_quantity":"2500"},{"imprint_cost_general_buying_price":"0.78","imprint_cost_general_buying_quantity":"5000"},{"imprint_cost_general_buying_price":"0.78","imprint_cost_general_buying_quantity":"10000"}],"imprint_cost_setup_costs":"54","imprint_cost_handling_costs":"0.12"}]},"aioseo_notices":[],"aioseo_head":"\n\t\t<!-- All in One SEO Pro 4.9.6.2 - aioseo.com -->\n\t<meta name=\"description\" content=\"F\u00fcr junge Profis gemacht: 22 Liter im Kabinenma\u00df, 180\u00b0-\u00d6ffnung und gepolstertes Notebookfach f\u00fcr Business-Trips. Bei Hidalgo kannst du deinen Laptop Rucksack bedrucken - als Rucksack mit Logo st\u00e4rkt er sichtbar deine Marke und besteht aus nachhaltigem R\u2011PET 600D.\" \/>\n\t<meta name=\"robots\" content=\"max-image-preview:large\" \/>\n\t<link rel=\"canonical\" href=\"https:\/\/hidalgo.nl\/de\/wp-json\/wp\/v2\/product\/1846\" \/>\n\t<meta name=\"generator\" content=\"All in One SEO Pro (AIOSEO) 4.9.6.2\" \/>\n\t\t<meta property=\"og:locale\" content=\"de_DE\" \/>\n\t\t<meta property=\"og:site_name\" content=\"Hidalgo -\" \/>\n\t\t<meta property=\"og:type\" content=\"article\" \/>\n\t\t<meta property=\"og:title\" content=\"Laptop Rucksack bedrucken Handgep\u00e4ck R-PET 600D 22L\" \/>\n\t\t<meta property=\"og:description\" content=\"F\u00fcr junge Profis gemacht: 22 Liter im Kabinenma\u00df, 180\u00b0-\u00d6ffnung und gepolstertes Notebookfach f\u00fcr Business-Trips. Bei Hidalgo kannst du deinen Laptop Rucksack bedrucken - als Rucksack mit Logo st\u00e4rkt er sichtbar deine Marke und besteht aus nachhaltigem R\u2011PET 600D.\" \/>\n\t\t<meta property=\"og:url\" content=\"https:\/\/hidalgo.nl\/de\/wp-json\/wp\/v2\/product\/1846\" \/>\n\t\t<meta property=\"og:image\" content=\"https:\/\/shop.hidalgo.nl\/wp-content\/uploads\/2025\/11\/cropped-Hidalgo-est1993.png\" \/>\n\t\t<meta property=\"og:image:secure_url\" content=\"https:\/\/shop.hidalgo.nl\/wp-content\/uploads\/2025\/11\/cropped-Hidalgo-est1993.png\" \/>\n\t\t<meta property=\"article:published_time\" content=\"2025-05-16T13:08:56+00:00\" \/>\n\t\t<meta property=\"article:modified_time\" content=\"2026-05-02T10:40:13+00:00\" \/>\n\t\t<meta name=\"twitter:card\" content=\"summary_large_image\" \/>\n\t\t<meta name=\"twitter:title\" content=\"Laptop Rucksack bedrucken Handgep\u00e4ck R-PET 600D 22L\" \/>\n\t\t<meta name=\"twitter:description\" content=\"F\u00fcr junge Profis gemacht: 22 Liter im Kabinenma\u00df, 180\u00b0-\u00d6ffnung und gepolstertes Notebookfach f\u00fcr Business-Trips. Bei Hidalgo kannst du deinen Laptop Rucksack bedrucken - als Rucksack mit Logo st\u00e4rkt er sichtbar deine Marke und besteht aus nachhaltigem R\u2011PET 600D.\" \/>\n\t\t<meta name=\"twitter:image\" content=\"https:\/\/shop.hidalgo.nl\/wp-content\/uploads\/2025\/11\/cropped-Hidalgo-est1993.png\" \/>\n\t\t<script type=\"application\/ld+json\" class=\"aioseo-schema\">\n\t\t\t{\"@context\":\"https:\\\/\\\/schema.org\",\"@graph\":[{\"@type\":\"BreadcrumbList\",\"@id\":\"https:\\\/\\\/hidalgo.nl\\\/de\\\/product\\\/1846\\\/laptop-rucksack-bedrucken-handgepaeck-r-pet-600d-22l\\\/#breadcrumblist\",\"itemListElement\":[{\"@type\":\"ListItem\",\"@id\":\"https:\\\/\\\/hidalgo.nl\\\/de\\\/#listItem\",\"position\":1,\"name\":\"Home\",\"item\":\"https:\\\/\\\/hidalgo.nl\\\/de\\\/\",\"nextItem\":{\"@type\":\"ListItem\",\"@id\":\"https:\\\/\\\/hidalgo.nl\\\/example\\\/#listItem\",\"name\":\"example\"}},{\"@type\":\"ListItem\",\"@id\":\"https:\\\/\\\/hidalgo.nl\\\/example\\\/#listItem\",\"position\":2,\"name\":\"example\",\"item\":\"https:\\\/\\\/hidalgo.nl\\\/example\\\/\",\"nextItem\":{\"@type\":\"ListItem\",\"@id\":\"https:\\\/\\\/hidalgo.nl\\\/en\\\/product-supplier\\\/a53\\\/#listItem\",\"name\":\"A53\"},\"previousItem\":{\"@type\":\"ListItem\",\"@id\":\"https:\\\/\\\/hidalgo.nl\\\/de\\\/#listItem\",\"name\":\"Home\"}},{\"@type\":\"ListItem\",\"@id\":\"https:\\\/\\\/hidalgo.nl\\\/en\\\/product-supplier\\\/a53\\\/#listItem\",\"position\":3,\"name\":\"A53\",\"item\":\"https:\\\/\\\/hidalgo.nl\\\/en\\\/product-supplier\\\/a53\\\/\",\"nextItem\":{\"@type\":\"ListItem\",\"@id\":\"https:\\\/\\\/hidalgo.nl\\\/de\\\/product\\\/1846\\\/laptop-rucksack-bedrucken-handgepaeck-r-pet-600d-22l\\\/#listItem\",\"name\":\"R-PET 600D Cabin proof Laptop rugzak 22L\"},\"previousItem\":{\"@type\":\"ListItem\",\"@id\":\"https:\\\/\\\/hidalgo.nl\\\/example\\\/#listItem\",\"name\":\"example\"}},{\"@type\":\"ListItem\",\"@id\":\"https:\\\/\\\/hidalgo.nl\\\/de\\\/product\\\/1846\\\/laptop-rucksack-bedrucken-handgepaeck-r-pet-600d-22l\\\/#listItem\",\"position\":4,\"name\":\"R-PET 600D Cabin proof Laptop rugzak 22L\",\"previousItem\":{\"@type\":\"ListItem\",\"@id\":\"https:\\\/\\\/hidalgo.nl\\\/en\\\/product-supplier\\\/a53\\\/#listItem\",\"name\":\"A53\"}}]},{\"@type\":\"Organization\",\"@id\":\"https:\\\/\\\/hidalgo.nl\\\/de\\\/#organization\",\"name\":\"Hidalgo\",\"url\":\"https:\\\/\\\/hidalgo.nl\\\/de\\\/\",\"logo\":{\"@type\":\"ImageObject\",\"url\":\"https:\\\/\\\/shop.hidalgo.nl\\\/wp-content\\\/uploads\\\/2025\\\/11\\\/cropped-Hidalgo-est1993.png\",\"@id\":\"https:\\\/\\\/hidalgo.nl\\\/de\\\/product\\\/1846\\\/laptop-rucksack-bedrucken-handgepaeck-r-pet-600d-22l\\\/#organizationLogo\",\"width\":585,\"height\":195},\"image\":{\"@id\":\"https:\\\/\\\/hidalgo.nl\\\/de\\\/product\\\/1846\\\/laptop-rucksack-bedrucken-handgepaeck-r-pet-600d-22l\\\/#organizationLogo\"}},{\"@type\":\"ProductGroup\",\"@id\":\"https:\\\/\\\/hidalgo.nl\\\/de\\\/product\\\/1846\\\/laptop-rucksack-bedrucken-handgepaeck-r-pet-600d-22l\\\/#wooCommerceProduct\",\"name\":\"Laptop Rucksack bedrucken Handgep\\u00e4ck R-PET 600D 22L\",\"url\":\"https:\\\/\\\/hidalgo.nl\\\/de\\\/product\\\/1846\\\/laptop-rucksack-bedrucken-handgepaeck-r-pet-600d-22l\\\/\",\"sku\":\"A53-LT95353\",\"image\":{\"@type\":\"ImageObject\",\"url\":\"https:\\\/\\\/shop.hidalgo.nl\\\/wp-content\\\/uploads\\\/2025\\\/04\\\/b0c830ab5ec261641d4b53f1530cbb34950a1cb7b33c51e498bf0041766f2624.jpg\",\"@id\":\"https:\\\/\\\/hidalgo.nl\\\/de\\\/product\\\/1846\\\/laptop-rucksack-bedrucken-handgepaeck-r-pet-600d-22l\\\/#productImage\"},\"productGroupID\":1846,\"hasVariant\":[{\"@type\":\"Product\",\"@id\":\"https:\\\/\\\/hidalgo.nl\\\/de\\\/product\\\/1846\\\/laptop-rucksack-bedrucken-handgepaeck-r-pet-600d-22l\\\/#wooCommerceProduct\",\"name\":\"R-PET 600D Cabin proof Laptop rugzak 22L - zwart\",\"url\":\"https:\\\/\\\/hidalgo.nl\\\/de\\\/product\\\/1846\\\/laptop-rucksack-bedrucken-handgepaeck-r-pet-600d-22l\\\/\",\"sku\":\"A53-LT95353-N0002\",\"image\":{\"@type\":\"ImageObject\",\"url\":\"https:\\\/\\\/shop.hidalgo.nl\\\/wp-content\\\/uploads\\\/2025\\\/04\\\/6c288625e7da25157243345d96c5845c00373ba472bc81b436285f33a84ff82d.jpg\",\"@id\":\"https:\\\/\\\/hidalgo.nl\\\/de\\\/product\\\/1846\\\/laptop-rucksack-bedrucken-handgepaeck-r-pet-600d-22l\\\/#productImage\"},\"offers\":{\"@type\":\"Offer\",\"url\":\"https:\\\/\\\/hidalgo.nl\\\/de\\\/product\\\/1846\\\/laptop-rucksack-bedrucken-handgepaeck-r-pet-600d-22l\\\/#wooCommerceOffer\",\"price\":\"21.9\",\"priceCurrency\":\"EUR\",\"category\":\"Tassen\",\"availability\":\"https:\\\/\\\/schema.org\\\/InStock\",\"priceSpecification\":{\"@type\":\"PriceSpecification\",\"price\":21.9,\"priceCurrency\":\"EUR\",\"valueAddedTaxIncluded\":\"true\"}}}]},{\"@type\":\"WebPage\",\"@id\":\"https:\\\/\\\/hidalgo.nl\\\/de\\\/product\\\/1846\\\/laptop-rucksack-bedrucken-handgepaeck-r-pet-600d-22l\\\/#webpage\",\"url\":\"https:\\\/\\\/hidalgo.nl\\\/de\\\/product\\\/1846\\\/laptop-rucksack-bedrucken-handgepaeck-r-pet-600d-22l\\\/\",\"name\":\"Laptop Rucksack bedrucken Handgep\\u00e4ck R-PET 600D 22L\",\"description\":\"F\\u00fcr junge Profis gemacht: 22 Liter im Kabinenma\\u00df, 180\\u00b0-\\u00d6ffnung und gepolstertes Notebookfach f\\u00fcr Business-Trips. Bei Hidalgo kannst du deinen Laptop Rucksack bedrucken - als Rucksack mit Logo st\\u00e4rkt er sichtbar deine Marke und besteht aus nachhaltigem R\\u2011PET 600D.\",\"inLanguage\":\"de-DE\",\"isPartOf\":{\"@id\":\"https:\\\/\\\/hidalgo.nl\\\/de\\\/#website\"},\"breadcrumb\":{\"@id\":\"https:\\\/\\\/hidalgo.nl\\\/de\\\/product\\\/1846\\\/laptop-rucksack-bedrucken-handgepaeck-r-pet-600d-22l\\\/#breadcrumblist\"},\"image\":{\"@type\":\"ImageObject\",\"url\":\"https:\\\/\\\/shop.hidalgo.nl\\\/wp-content\\\/uploads\\\/2025\\\/04\\\/b0c830ab5ec261641d4b53f1530cbb34950a1cb7b33c51e498bf0041766f2624.jpg\",\"@id\":\"https:\\\/\\\/hidalgo.nl\\\/de\\\/product\\\/1846\\\/laptop-rucksack-bedrucken-handgepaeck-r-pet-600d-22l\\\/#mainImage\"},\"primaryImageOfPage\":{\"@id\":\"https:\\\/\\\/hidalgo.nl\\\/de\\\/product\\\/1846\\\/laptop-rucksack-bedrucken-handgepaeck-r-pet-600d-22l\\\/#mainImage\"},\"datePublished\":\"2025-05-16T13:08:56+00:00\",\"dateModified\":\"2026-05-02T10:40:13+00:00\"},{\"@type\":\"WebSite\",\"@id\":\"https:\\\/\\\/hidalgo.nl\\\/de\\\/#website\",\"url\":\"https:\\\/\\\/hidalgo.nl\\\/de\\\/\",\"name\":\"Hidalgo\",\"inLanguage\":\"de-DE\",\"publisher\":{\"@id\":\"https:\\\/\\\/hidalgo.nl\\\/de\\\/#organization\"}}]}\n\t\t<\/script>\n\t\t<!-- All in One SEO Pro -->\r\n\t\t<title>Laptop Rucksack bedrucken Handgep\u00e4ck R-PET 600D 22L<\/title>\n\n","aioseo_head_json":{"title":"Laptop Rucksack bedrucken Handgep\u00e4ck R-PET 600D 22L","description":"F\u00fcr junge Profis gemacht: 22 Liter im Kabinenma\u00df, 180\u00b0-\u00d6ffnung und gepolstertes Notebookfach f\u00fcr Business-Trips. Bei Hidalgo kannst du deinen Laptop Rucksack bedrucken - als Rucksack mit Logo st\u00e4rkt er sichtbar deine Marke und besteht aus nachhaltigem R\u2011PET 600D.","canonical_url":"https:\/\/hidalgo.nl\/de\/wp-json\/wp\/v2\/product\/1846","robots":"max-image-preview:large","keywords":"","webmasterTools":{"miscellaneous":""},"schema":{"@context":"https:\/\/schema.org","@graph":[{"@type":"BreadcrumbList","@id":"https:\/\/hidalgo.nl\/de\/product\/1846\/laptop-rucksack-bedrucken-handgepaeck-r-pet-600d-22l\/#breadcrumblist","itemListElement":[{"@type":"ListItem","@id":"https:\/\/hidalgo.nl\/de\/#listItem","position":1,"name":"Home","item":"https:\/\/hidalgo.nl\/de\/","nextItem":{"@type":"ListItem","@id":"https:\/\/hidalgo.nl\/example\/#listItem","name":"example"}},{"@type":"ListItem","@id":"https:\/\/hidalgo.nl\/example\/#listItem","position":2,"name":"example","item":"https:\/\/hidalgo.nl\/example\/","nextItem":{"@type":"ListItem","@id":"https:\/\/hidalgo.nl\/en\/product-supplier\/a53\/#listItem","name":"A53"},"previousItem":{"@type":"ListItem","@id":"https:\/\/hidalgo.nl\/de\/#listItem","name":"Home"}},{"@type":"ListItem","@id":"https:\/\/hidalgo.nl\/en\/product-supplier\/a53\/#listItem","position":3,"name":"A53","item":"https:\/\/hidalgo.nl\/en\/product-supplier\/a53\/","nextItem":{"@type":"ListItem","@id":"https:\/\/hidalgo.nl\/de\/product\/1846\/laptop-rucksack-bedrucken-handgepaeck-r-pet-600d-22l\/#listItem","name":"R-PET 600D Cabin proof Laptop rugzak 22L"},"previousItem":{"@type":"ListItem","@id":"https:\/\/hidalgo.nl\/example\/#listItem","name":"example"}},{"@type":"ListItem","@id":"https:\/\/hidalgo.nl\/de\/product\/1846\/laptop-rucksack-bedrucken-handgepaeck-r-pet-600d-22l\/#listItem","position":4,"name":"R-PET 600D Cabin proof Laptop rugzak 22L","previousItem":{"@type":"ListItem","@id":"https:\/\/hidalgo.nl\/en\/product-supplier\/a53\/#listItem","name":"A53"}}]},{"@type":"Organization","@id":"https:\/\/hidalgo.nl\/de\/#organization","name":"Hidalgo","url":"https:\/\/hidalgo.nl\/de\/","logo":{"@type":"ImageObject","url":"https:\/\/shop.hidalgo.nl\/wp-content\/uploads\/2025\/11\/cropped-Hidalgo-est1993.png","@id":"https:\/\/hidalgo.nl\/de\/product\/1846\/laptop-rucksack-bedrucken-handgepaeck-r-pet-600d-22l\/#organizationLogo","width":585,"height":195},"image":{"@id":"https:\/\/hidalgo.nl\/de\/product\/1846\/laptop-rucksack-bedrucken-handgepaeck-r-pet-600d-22l\/#organizationLogo"}},{"@type":"ProductGroup","@id":"https:\/\/hidalgo.nl\/de\/product\/1846\/laptop-rucksack-bedrucken-handgepaeck-r-pet-600d-22l\/#wooCommerceProduct","name":"Laptop Rucksack bedrucken Handgep\u00e4ck R-PET 600D 22L","url":"https:\/\/hidalgo.nl\/de\/product\/1846\/laptop-rucksack-bedrucken-handgepaeck-r-pet-600d-22l\/","sku":"A53-LT95353","image":{"@type":"ImageObject","url":"https:\/\/shop.hidalgo.nl\/wp-content\/uploads\/2025\/04\/b0c830ab5ec261641d4b53f1530cbb34950a1cb7b33c51e498bf0041766f2624.jpg","@id":"https:\/\/hidalgo.nl\/de\/product\/1846\/laptop-rucksack-bedrucken-handgepaeck-r-pet-600d-22l\/#productImage"},"productGroupID":1846,"hasVariant":[{"@type":"Product","@id":"https:\/\/hidalgo.nl\/de\/product\/1846\/laptop-rucksack-bedrucken-handgepaeck-r-pet-600d-22l\/#wooCommerceProduct","name":"R-PET 600D Cabin proof Laptop rugzak 22L - zwart","url":"https:\/\/hidalgo.nl\/de\/product\/1846\/laptop-rucksack-bedrucken-handgepaeck-r-pet-600d-22l\/","sku":"A53-LT95353-N0002","image":{"@type":"ImageObject","url":"https:\/\/shop.hidalgo.nl\/wp-content\/uploads\/2025\/04\/6c288625e7da25157243345d96c5845c00373ba472bc81b436285f33a84ff82d.jpg","@id":"https:\/\/hidalgo.nl\/de\/product\/1846\/laptop-rucksack-bedrucken-handgepaeck-r-pet-600d-22l\/#productImage"},"offers":{"@type":"Offer","url":"https:\/\/hidalgo.nl\/de\/product\/1846\/laptop-rucksack-bedrucken-handgepaeck-r-pet-600d-22l\/#wooCommerceOffer","price":"21.9","priceCurrency":"EUR","category":"Tassen","availability":"https:\/\/schema.org\/InStock","priceSpecification":{"@type":"PriceSpecification","price":21.9,"priceCurrency":"EUR","valueAddedTaxIncluded":"true"}}}]},{"@type":"WebPage","@id":"https:\/\/hidalgo.nl\/de\/product\/1846\/laptop-rucksack-bedrucken-handgepaeck-r-pet-600d-22l\/#webpage","url":"https:\/\/hidalgo.nl\/de\/product\/1846\/laptop-rucksack-bedrucken-handgepaeck-r-pet-600d-22l\/","name":"Laptop Rucksack bedrucken Handgep\u00e4ck R-PET 600D 22L","description":"F\u00fcr junge Profis gemacht: 22 Liter im Kabinenma\u00df, 180\u00b0-\u00d6ffnung und gepolstertes Notebookfach f\u00fcr Business-Trips. Bei Hidalgo kannst du deinen Laptop Rucksack bedrucken - als Rucksack mit Logo st\u00e4rkt er sichtbar deine Marke und besteht aus nachhaltigem R\u2011PET 600D.","inLanguage":"de-DE","isPartOf":{"@id":"https:\/\/hidalgo.nl\/de\/#website"},"breadcrumb":{"@id":"https:\/\/hidalgo.nl\/de\/product\/1846\/laptop-rucksack-bedrucken-handgepaeck-r-pet-600d-22l\/#breadcrumblist"},"image":{"@type":"ImageObject","url":"https:\/\/shop.hidalgo.nl\/wp-content\/uploads\/2025\/04\/b0c830ab5ec261641d4b53f1530cbb34950a1cb7b33c51e498bf0041766f2624.jpg","@id":"https:\/\/hidalgo.nl\/de\/product\/1846\/laptop-rucksack-bedrucken-handgepaeck-r-pet-600d-22l\/#mainImage"},"primaryImageOfPage":{"@id":"https:\/\/hidalgo.nl\/de\/product\/1846\/laptop-rucksack-bedrucken-handgepaeck-r-pet-600d-22l\/#mainImage"},"datePublished":"2025-05-16T13:08:56+00:00","dateModified":"2026-05-02T10:40:13+00:00"},{"@type":"WebSite","@id":"https:\/\/hidalgo.nl\/de\/#website","url":"https:\/\/hidalgo.nl\/de\/","name":"Hidalgo","inLanguage":"de-DE","publisher":{"@id":"https:\/\/hidalgo.nl\/de\/#organization"}}]},"og:locale":"de_DE","og:site_name":"Hidalgo -","og:type":"article","og:title":"Laptop Rucksack bedrucken Handgep\u00e4ck R-PET 600D 22L","og:description":"F\u00fcr junge Profis gemacht: 22 Liter im Kabinenma\u00df, 180\u00b0-\u00d6ffnung und gepolstertes Notebookfach f\u00fcr Business-Trips. Bei Hidalgo kannst du deinen Laptop Rucksack bedrucken - als Rucksack mit Logo st\u00e4rkt er sichtbar deine Marke und besteht aus nachhaltigem R\u2011PET 600D.","og:url":"https:\/\/hidalgo.nl\/de\/wp-json\/wp\/v2\/product\/1846","og:image":"https:\/\/shop.hidalgo.nl\/wp-content\/uploads\/2025\/11\/cropped-Hidalgo-est1993.png","og:image:secure_url":"https:\/\/shop.hidalgo.nl\/wp-content\/uploads\/2025\/11\/cropped-Hidalgo-est1993.png","article:published_time":"2025-05-16T13:08:56+00:00","article:modified_time":"2026-05-02T10:40:13+00:00","twitter:card":"summary_large_image","twitter:title":"Laptop Rucksack bedrucken Handgep\u00e4ck R-PET 600D 22L","twitter:description":"F\u00fcr junge Profis gemacht: 22 Liter im Kabinenma\u00df, 180\u00b0-\u00d6ffnung und gepolstertes Notebookfach f\u00fcr Business-Trips. Bei Hidalgo kannst du deinen Laptop Rucksack bedrucken - als Rucksack mit Logo st\u00e4rkt er sichtbar deine Marke und besteht aus nachhaltigem R\u2011PET 600D.","twitter:image":"https:\/\/shop.hidalgo.nl\/wp-content\/uploads\/2025\/11\/cropped-Hidalgo-est1993.png"},"aioseo_meta_data":{"post_id":"1846","title":null,"description":null,"keywords":null,"keyphrases":null,"primary_term":null,"canonical_url":null,"og_title":null,"og_description":null,"og_object_type":"default","og_image_type":"default","og_image_url":null,"og_image_width":null,"og_image_height":null,"og_image_custom_url":null,"og_image_custom_fields":null,"og_video":null,"og_custom_url":null,"og_article_section":null,"og_article_tags":null,"twitter_use_og":false,"twitter_card":"default","twitter_image_type":"default","twitter_image_url":null,"twitter_image_custom_url":null,"twitter_image_custom_fields":null,"twitter_title":null,"twitter_description":null,"schema":{"blockGraphs":[],"customGraphs":[],"default":{"data":{"Article":[],"Course":[],"Dataset":[],"FAQPage":[],"Movie":[],"Person":[],"Product":[],"ProductReview":[],"Car":[],"Recipe":[],"Service":[],"SoftwareApplication":[],"WebPage":[]},"graphName":"","isEnabled":true},"graphs":[]},"schema_type":"default","schema_type_options":null,"pillar_content":false,"robots_default":true,"robots_noindex":false,"robots_noarchive":false,"robots_nosnippet":false,"robots_nofollow":false,"robots_noimageindex":false,"robots_noodp":false,"robots_notranslate":false,"robots_max_snippet":null,"robots_max_videopreview":null,"robots_max_imagepreview":"large","priority":null,"frequency":null,"local_seo":null,"seo_analyzer_scan_date":"2026-02-05 13:43:29","breadcrumb_settings":null,"limit_modified_date":false,"reviewed_by":null,"open_ai":null,"ai":null,"created":"2026-01-14 06:17:37","updated":"2026-05-02 10:57:05"},"aioseo_breadcrumb":"<div class=\"aioseo-breadcrumbs\"><span class=\"aioseo-breadcrumb\">\n\t<a href=\"https:\/\/hidalgo.nl\/de\/\" title=\"Home\">Home<\/a>\n<\/span><span class=\"aioseo-breadcrumb-separator\">\u00bb<\/span><span class=\"aioseo-breadcrumb\">\n\t<a href=\"https:\/\/hidalgo.nl\/example\/\" title=\"example\">example<\/a>\n<\/span><span class=\"aioseo-breadcrumb-separator\">\u00bb<\/span><span class=\"aioseo-breadcrumb\">\n\t<a href=\"https:\/\/hidalgo.nl\/en\/product-supplier\/a53\/\" title=\"A53\">A53<\/a>\n<\/span><span class=\"aioseo-breadcrumb-separator\">\u00bb<\/span><span class=\"aioseo-breadcrumb\">\n\tR-PET 600D Cabin proof Laptop rugzak 22L\n<\/span><\/div>","aioseo_breadcrumb_json":[{"label":"Home","link":"https:\/\/hidalgo.nl\/de\/"},{"label":"example","link":"https:\/\/hidalgo.nl\/example\/"},{"label":"A53","link":"https:\/\/hidalgo.nl\/en\/product-supplier\/a53\/"},{"label":"R-PET 600D Cabin proof Laptop rugzak 22L","link":"https:\/\/hidalgo.nl\/de\/product\/1846\/laptop-rucksack-bedrucken-handgepaeck-r-pet-600d-22l\/"}],"_links":{"self":[{"href":"https:\/\/hidalgo.nl\/de\/wp-json\/wp\/v2\/product\/1846","targetHints":{"allow":["GET"]}}],"collection":[{"href":"https:\/\/hidalgo.nl\/de\/wp-json\/wp\/v2\/product"}],"about":[{"href":"https:\/\/hidalgo.nl\/de\/wp-json\/wp\/v2\/types\/product"}],"wp:featuredmedia":[{"embeddable":true,"href":"https:\/\/hidalgo.nl\/de\/wp-json\/wp\/v2\/media\/1847"}],"wp:attachment":[{"href":"https:\/\/hidalgo.nl\/de\/wp-json\/wp\/v2\/media?parent=1846"}],"wp:term":[{"taxonomy":"product_brand","embeddable":true,"href":"https:\/\/hidalgo.nl\/de\/wp-json\/wp\/v2\/product_brand?post=1846"},{"taxonomy":"product_cat","embeddable":true,"href":"https:\/\/hidalgo.nl\/de\/wp-json\/wp\/v2\/product_cat?post=1846"},{"taxonomy":"product_tag","embeddable":true,"href":"https:\/\/hidalgo.nl\/de\/wp-json\/wp\/v2\/product_tag?post=1846"}],"curies":[{"name":"wp","href":"https:\/\/api.w.org\/{rel}","templated":true}]}}