{"id":1789,"date":"2025-05-16T13:08:49","date_gmt":"2025-05-16T13:08:49","guid":{"rendered":"https:\/\/bidonsenshakers.pim.hidalgo.nl\/product\/transparante-rugzak-pvc-kiki\/"},"modified":"2026-03-16T08:36:55","modified_gmt":"2026-03-16T08:36:55","slug":"transparante-rugzak-pvc-kiki","status":"publish","type":"product","link":"https:\/\/hidalgo.nl\/de\/product\/1789\/transparenter-rucksack-kiki-bedrucken-kordelzug-pvc-standard\/","title":{"rendered":"Transparante rugzak (PVC) Kiki"},"content":{"rendered":"<p>Transparante rugzak (PVC) met passende kleurstiksels en trekkoordsluiting.<\/p>\n","protected":false},"excerpt":{"rendered":"<p>Transparante rugzak (PVC) met passende kleurstiksels en trekkoordsluiting.<\/p>\n","protected":false},"featured_media":1790,"template":"","meta":{"_acf_changed":false,"om_disable_all_campaigns":false,"_monsterinsights_skip_tracking":false,"_monsterinsights_sitenote_active":false,"_monsterinsights_sitenote_note":"","_monsterinsights_sitenote_category":0},"product_brand":[49],"product_cat":[4859,4795,4713],"product_tag":[],"class_list":{"0":"post-1789","1":"product","2":"type-product","3":"status-publish","4":"has-post-thumbnail","6":"product_supplier-a58","7":"product_material-20-mm","8":"product_material-polyester-210d","9":"product_material-pvc-0","10":"product_brand-impression","11":"product_cat-promo-rugzakken","12":"product_cat-rugtassen","13":"product_cat-tassen","14":"entry","16":"first","17":"instock","18":"taxable","19":"shipping-taxable","20":"purchasable","21":"product-type-variable"},"acf":{"imprint_cost":[{"imprint_cost_key":"35e996853dc9d79cafd818baa50f190e58699570","product_quantity_price_range":[{"imprint_cost_recommended_selling_price":"3.83","imprint_cost_recommended_selling_quantity":"1"},{"imprint_cost_recommended_selling_price":"2.08","imprint_cost_recommended_selling_quantity":"25"},{"imprint_cost_recommended_selling_price":"1.48","imprint_cost_recommended_selling_quantity":"50"},{"imprint_cost_recommended_selling_price":"0.86","imprint_cost_recommended_selling_quantity":"100"},{"imprint_cost_recommended_selling_price":"0.66","imprint_cost_recommended_selling_quantity":"250"},{"imprint_cost_recommended_selling_price":"0.57","imprint_cost_recommended_selling_quantity":"500"},{"imprint_cost_recommended_selling_price":"0.4","imprint_cost_recommended_selling_quantity":"1000"},{"imprint_cost_recommended_selling_price":"0.37","imprint_cost_recommended_selling_quantity":"2500"},{"imprint_cost_recommended_selling_price":"0.34","imprint_cost_recommended_selling_quantity":"5000"}],"product_quantity_price_range_buying":false,"imprint_cost_setup_costs":"52.31","imprint_cost_handling_costs":"0.08"}]},"aioseo_notices":[],"aioseo_head":"\n\t\t<!-- All in One SEO Pro 4.9.6.2 - aioseo.com -->\n\t<meta name=\"description\" content=\"Mit dem Modell Kiki sicherst du dir transparente Festival Rucks\u00e4cke, die ideal f\u00fcr Stadien und Gro\u00dfevents geeignet sind. Hidalgo l\u00e4sst diese klaren Rucks\u00e4cke mit Logo bedrucken, damit dein individuelles Design bei deiner Zielgruppe langlebig &amp; gut sichtbar zur Geltung kommt.\" \/>\n\t<meta name=\"robots\" content=\"max-image-preview:large\" \/>\n\t<link rel=\"canonical\" href=\"https:\/\/hidalgo.nl\/de\/wp-json\/wp\/v2\/product\/1789\" \/>\n\t<meta name=\"generator\" content=\"All in One SEO Pro (AIOSEO) 4.9.6.2\" \/>\n\t\t<meta property=\"og:locale\" content=\"de_DE\" \/>\n\t\t<meta property=\"og:site_name\" content=\"Hidalgo -\" \/>\n\t\t<meta property=\"og:type\" content=\"article\" \/>\n\t\t<meta property=\"og:title\" content=\"Transparenter Rucksack Kiki bedrucken Kordelzug PVC Standard\" \/>\n\t\t<meta property=\"og:description\" content=\"Mit dem Modell Kiki sicherst du dir transparente Festival Rucks\u00e4cke, die ideal f\u00fcr Stadien und Gro\u00dfevents geeignet sind. Hidalgo l\u00e4sst diese klaren Rucks\u00e4cke mit Logo bedrucken, damit dein individuelles Design bei deiner Zielgruppe langlebig &amp; gut sichtbar zur Geltung kommt.\" \/>\n\t\t<meta property=\"og:url\" content=\"https:\/\/hidalgo.nl\/de\/wp-json\/wp\/v2\/product\/1789\" \/>\n\t\t<meta property=\"og:image\" content=\"https:\/\/shop.hidalgo.nl\/wp-content\/uploads\/2025\/11\/cropped-Hidalgo-est1993.png\" \/>\n\t\t<meta property=\"og:image:secure_url\" content=\"https:\/\/shop.hidalgo.nl\/wp-content\/uploads\/2025\/11\/cropped-Hidalgo-est1993.png\" \/>\n\t\t<meta property=\"article:published_time\" content=\"2025-05-16T13:08:49+00:00\" \/>\n\t\t<meta property=\"article:modified_time\" content=\"2026-03-16T08:36:55+00:00\" \/>\n\t\t<meta name=\"twitter:card\" content=\"summary_large_image\" \/>\n\t\t<meta name=\"twitter:title\" content=\"Transparenter Rucksack Kiki bedrucken Kordelzug PVC Standard\" \/>\n\t\t<meta name=\"twitter:description\" content=\"Mit dem Modell Kiki sicherst du dir transparente Festival Rucks\u00e4cke, die ideal f\u00fcr Stadien und Gro\u00dfevents geeignet sind. Hidalgo l\u00e4sst diese klaren Rucks\u00e4cke mit Logo bedrucken, damit dein individuelles Design bei deiner Zielgruppe langlebig &amp; gut sichtbar zur Geltung kommt.\" \/>\n\t\t<meta name=\"twitter:image\" content=\"https:\/\/shop.hidalgo.nl\/wp-content\/uploads\/2025\/11\/cropped-Hidalgo-est1993.png\" \/>\n\t\t<script type=\"application\/ld+json\" class=\"aioseo-schema\">\n\t\t\t{\"@context\":\"https:\\\/\\\/schema.org\",\"@graph\":[{\"@type\":\"BreadcrumbList\",\"@id\":\"https:\\\/\\\/hidalgo.nl\\\/de\\\/product\\\/1789\\\/transparenter-rucksack-kiki-bedrucken-kordelzug-pvc-standard\\\/#breadcrumblist\",\"itemListElement\":[{\"@type\":\"ListItem\",\"@id\":\"https:\\\/\\\/hidalgo.nl\\\/de\\\/#listItem\",\"position\":1,\"name\":\"Home\",\"item\":\"https:\\\/\\\/hidalgo.nl\\\/de\\\/\",\"nextItem\":{\"@type\":\"ListItem\",\"@id\":\"https:\\\/\\\/hidalgo.nl\\\/example\\\/#listItem\",\"name\":\"example\"}},{\"@type\":\"ListItem\",\"@id\":\"https:\\\/\\\/hidalgo.nl\\\/example\\\/#listItem\",\"position\":2,\"name\":\"example\",\"item\":\"https:\\\/\\\/hidalgo.nl\\\/example\\\/\",\"nextItem\":{\"@type\":\"ListItem\",\"@id\":\"https:\\\/\\\/hidalgo.nl\\\/en\\\/product-supplier\\\/a58\\\/#listItem\",\"name\":\"A58\"},\"previousItem\":{\"@type\":\"ListItem\",\"@id\":\"https:\\\/\\\/hidalgo.nl\\\/de\\\/#listItem\",\"name\":\"Home\"}},{\"@type\":\"ListItem\",\"@id\":\"https:\\\/\\\/hidalgo.nl\\\/en\\\/product-supplier\\\/a58\\\/#listItem\",\"position\":3,\"name\":\"A58\",\"item\":\"https:\\\/\\\/hidalgo.nl\\\/en\\\/product-supplier\\\/a58\\\/\",\"nextItem\":{\"@type\":\"ListItem\",\"@id\":\"https:\\\/\\\/hidalgo.nl\\\/de\\\/product\\\/1789\\\/transparenter-rucksack-kiki-bedrucken-kordelzug-pvc-standard\\\/#listItem\",\"name\":\"Transparante rugzak (PVC) Kiki\"},\"previousItem\":{\"@type\":\"ListItem\",\"@id\":\"https:\\\/\\\/hidalgo.nl\\\/example\\\/#listItem\",\"name\":\"example\"}},{\"@type\":\"ListItem\",\"@id\":\"https:\\\/\\\/hidalgo.nl\\\/de\\\/product\\\/1789\\\/transparenter-rucksack-kiki-bedrucken-kordelzug-pvc-standard\\\/#listItem\",\"position\":4,\"name\":\"Transparante rugzak (PVC) Kiki\",\"previousItem\":{\"@type\":\"ListItem\",\"@id\":\"https:\\\/\\\/hidalgo.nl\\\/en\\\/product-supplier\\\/a58\\\/#listItem\",\"name\":\"A58\"}}]},{\"@type\":\"Organization\",\"@id\":\"https:\\\/\\\/hidalgo.nl\\\/de\\\/#organization\",\"name\":\"Hidalgo\",\"url\":\"https:\\\/\\\/hidalgo.nl\\\/de\\\/\",\"logo\":{\"@type\":\"ImageObject\",\"url\":\"https:\\\/\\\/shop.hidalgo.nl\\\/wp-content\\\/uploads\\\/2025\\\/11\\\/cropped-Hidalgo-est1993.png\",\"@id\":\"https:\\\/\\\/hidalgo.nl\\\/de\\\/product\\\/1789\\\/transparenter-rucksack-kiki-bedrucken-kordelzug-pvc-standard\\\/#organizationLogo\",\"width\":585,\"height\":195},\"image\":{\"@id\":\"https:\\\/\\\/hidalgo.nl\\\/de\\\/product\\\/1789\\\/transparenter-rucksack-kiki-bedrucken-kordelzug-pvc-standard\\\/#organizationLogo\"}},{\"@type\":\"ProductGroup\",\"@id\":\"https:\\\/\\\/hidalgo.nl\\\/de\\\/product\\\/1789\\\/transparenter-rucksack-kiki-bedrucken-kordelzug-pvc-standard\\\/#wooCommerceProduct\",\"name\":\"Transparenter Rucksack Kiki bedrucken Kordelzug PVC Standard\",\"url\":\"https:\\\/\\\/hidalgo.nl\\\/de\\\/product\\\/1789\\\/transparenter-rucksack-kiki-bedrucken-kordelzug-pvc-standard\\\/\",\"brand\":{\"@type\":\"Brand\",\"name\":\"IMPRESSION\"},\"sku\":\"A58-0927\",\"image\":{\"@type\":\"ImageObject\",\"url\":\"https:\\\/\\\/shop.hidalgo.nl\\\/wp-content\\\/uploads\\\/2025\\\/04\\\/745c1538901f2fc64ce6e0755b6f0e580abbfa416afc6a423d01e3a9e61df522.jpg\",\"@id\":\"https:\\\/\\\/hidalgo.nl\\\/de\\\/product\\\/1789\\\/transparenter-rucksack-kiki-bedrucken-kordelzug-pvc-standard\\\/#productImage\"},\"productGroupID\":1789,\"hasVariant\":[{\"@type\":\"Product\",\"@id\":\"https:\\\/\\\/hidalgo.nl\\\/de\\\/product\\\/1789\\\/transparenter-rucksack-kiki-bedrucken-kordelzug-pvc-standard\\\/#wooCommerceProduct\",\"name\":\"Transparante rugzak (PVC) Kiki - kobaltblauw,\",\"url\":\"https:\\\/\\\/hidalgo.nl\\\/de\\\/product\\\/1789\\\/transparenter-rucksack-kiki-bedrucken-kordelzug-pvc-standard\\\/\",\"sku\":\"A58-0927-023999999\",\"gtin\":\"8717568944326\",\"image\":{\"@type\":\"ImageObject\",\"url\":\"https:\\\/\\\/shop.hidalgo.nl\\\/wp-content\\\/uploads\\\/2025\\\/04\\\/2b1fc8f1817866ed0783c0d30cd7896cf8c74ccf7575af2a92b0b65e1e41019e.jpg\",\"@id\":\"https:\\\/\\\/hidalgo.nl\\\/de\\\/product\\\/1789\\\/transparenter-rucksack-kiki-bedrucken-kordelzug-pvc-standard\\\/#productImage\"},\"offers\":{\"@type\":\"Offer\",\"url\":\"https:\\\/\\\/hidalgo.nl\\\/de\\\/product\\\/1789\\\/transparenter-rucksack-kiki-bedrucken-kordelzug-pvc-standard\\\/#wooCommerceOffer\",\"price\":\"2.48\",\"priceCurrency\":\"EUR\",\"category\":\"Tassen\",\"availability\":\"https:\\\/\\\/schema.org\\\/InStock\",\"priceSpecification\":{\"@type\":\"PriceSpecification\",\"price\":2.48,\"priceCurrency\":\"EUR\",\"valueAddedTaxIncluded\":\"true\"}}},{\"@type\":\"Product\",\"@id\":\"https:\\\/\\\/hidalgo.nl\\\/de\\\/product\\\/1789\\\/transparenter-rucksack-kiki-bedrucken-kordelzug-pvc-standard\\\/#wooCommerceProduct\",\"name\":\"Transparante rugzak (PVC) Kiki - zwart,\",\"url\":\"https:\\\/\\\/hidalgo.nl\\\/de\\\/product\\\/1789\\\/transparenter-rucksack-kiki-bedrucken-kordelzug-pvc-standard\\\/\",\"sku\":\"A58-0927-001999999\",\"gtin\":\"8717568944289\",\"image\":{\"@type\":\"ImageObject\",\"url\":\"https:\\\/\\\/shop.hidalgo.nl\\\/wp-content\\\/uploads\\\/2025\\\/04\\\/91d935576d047808e5cfb054077fb8c88f4a65cd909c531cd08ccd9f60ac1940.jpg\",\"@id\":\"https:\\\/\\\/hidalgo.nl\\\/de\\\/product\\\/1789\\\/transparenter-rucksack-kiki-bedrucken-kordelzug-pvc-standard\\\/#productImage\"},\"offers\":{\"@type\":\"Offer\",\"url\":\"https:\\\/\\\/hidalgo.nl\\\/de\\\/product\\\/1789\\\/transparenter-rucksack-kiki-bedrucken-kordelzug-pvc-standard\\\/#wooCommerceOffer\",\"price\":\"2.48\",\"priceCurrency\":\"EUR\",\"category\":\"Tassen\",\"availability\":\"https:\\\/\\\/schema.org\\\/InStock\",\"priceSpecification\":{\"@type\":\"PriceSpecification\",\"price\":2.48,\"priceCurrency\":\"EUR\",\"valueAddedTaxIncluded\":\"true\"}}}]},{\"@type\":\"WebPage\",\"@id\":\"https:\\\/\\\/hidalgo.nl\\\/de\\\/product\\\/1789\\\/transparenter-rucksack-kiki-bedrucken-kordelzug-pvc-standard\\\/#webpage\",\"url\":\"https:\\\/\\\/hidalgo.nl\\\/de\\\/product\\\/1789\\\/transparenter-rucksack-kiki-bedrucken-kordelzug-pvc-standard\\\/\",\"name\":\"Transparenter Rucksack Kiki bedrucken Kordelzug PVC Standard\",\"description\":\"Mit dem Modell Kiki sicherst du dir transparente Festival Rucks\\u00e4cke, die ideal f\\u00fcr Stadien und Gro\\u00dfevents geeignet sind. Hidalgo l\\u00e4sst diese klaren Rucks\\u00e4cke mit Logo bedrucken, damit dein individuelles Design bei deiner Zielgruppe langlebig & gut sichtbar zur Geltung kommt.\",\"inLanguage\":\"de-DE\",\"isPartOf\":{\"@id\":\"https:\\\/\\\/hidalgo.nl\\\/de\\\/#website\"},\"breadcrumb\":{\"@id\":\"https:\\\/\\\/hidalgo.nl\\\/de\\\/product\\\/1789\\\/transparenter-rucksack-kiki-bedrucken-kordelzug-pvc-standard\\\/#breadcrumblist\"},\"image\":{\"@type\":\"ImageObject\",\"url\":\"https:\\\/\\\/shop.hidalgo.nl\\\/wp-content\\\/uploads\\\/2025\\\/04\\\/745c1538901f2fc64ce6e0755b6f0e580abbfa416afc6a423d01e3a9e61df522.jpg\",\"@id\":\"https:\\\/\\\/hidalgo.nl\\\/de\\\/product\\\/1789\\\/transparenter-rucksack-kiki-bedrucken-kordelzug-pvc-standard\\\/#mainImage\"},\"primaryImageOfPage\":{\"@id\":\"https:\\\/\\\/hidalgo.nl\\\/de\\\/product\\\/1789\\\/transparenter-rucksack-kiki-bedrucken-kordelzug-pvc-standard\\\/#mainImage\"},\"datePublished\":\"2025-05-16T13:08:49+00:00\",\"dateModified\":\"2026-03-16T08:36:55+00:00\"},{\"@type\":\"WebSite\",\"@id\":\"https:\\\/\\\/hidalgo.nl\\\/de\\\/#website\",\"url\":\"https:\\\/\\\/hidalgo.nl\\\/de\\\/\",\"name\":\"Hidalgo\",\"inLanguage\":\"de-DE\",\"publisher\":{\"@id\":\"https:\\\/\\\/hidalgo.nl\\\/de\\\/#organization\"}}]}\n\t\t<\/script>\n\t\t<!-- All in One SEO Pro -->\r\n\t\t<title>Transparenter Rucksack Kiki bedrucken Kordelzug PVC Standard<\/title>\n\n","aioseo_head_json":{"title":"Transparenter Rucksack Kiki bedrucken Kordelzug PVC Standard","description":"Mit dem Modell Kiki sicherst du dir transparente Festival Rucks\u00e4cke, die ideal f\u00fcr Stadien und Gro\u00dfevents geeignet sind. Hidalgo l\u00e4sst diese klaren Rucks\u00e4cke mit Logo bedrucken, damit dein individuelles Design bei deiner Zielgruppe langlebig & gut sichtbar zur Geltung kommt.","canonical_url":"https:\/\/hidalgo.nl\/de\/wp-json\/wp\/v2\/product\/1789","robots":"max-image-preview:large","keywords":"","webmasterTools":{"miscellaneous":""},"schema":{"@context":"https:\/\/schema.org","@graph":[{"@type":"BreadcrumbList","@id":"https:\/\/hidalgo.nl\/de\/product\/1789\/transparenter-rucksack-kiki-bedrucken-kordelzug-pvc-standard\/#breadcrumblist","itemListElement":[{"@type":"ListItem","@id":"https:\/\/hidalgo.nl\/de\/#listItem","position":1,"name":"Home","item":"https:\/\/hidalgo.nl\/de\/","nextItem":{"@type":"ListItem","@id":"https:\/\/hidalgo.nl\/example\/#listItem","name":"example"}},{"@type":"ListItem","@id":"https:\/\/hidalgo.nl\/example\/#listItem","position":2,"name":"example","item":"https:\/\/hidalgo.nl\/example\/","nextItem":{"@type":"ListItem","@id":"https:\/\/hidalgo.nl\/en\/product-supplier\/a58\/#listItem","name":"A58"},"previousItem":{"@type":"ListItem","@id":"https:\/\/hidalgo.nl\/de\/#listItem","name":"Home"}},{"@type":"ListItem","@id":"https:\/\/hidalgo.nl\/en\/product-supplier\/a58\/#listItem","position":3,"name":"A58","item":"https:\/\/hidalgo.nl\/en\/product-supplier\/a58\/","nextItem":{"@type":"ListItem","@id":"https:\/\/hidalgo.nl\/de\/product\/1789\/transparenter-rucksack-kiki-bedrucken-kordelzug-pvc-standard\/#listItem","name":"Transparante rugzak (PVC) Kiki"},"previousItem":{"@type":"ListItem","@id":"https:\/\/hidalgo.nl\/example\/#listItem","name":"example"}},{"@type":"ListItem","@id":"https:\/\/hidalgo.nl\/de\/product\/1789\/transparenter-rucksack-kiki-bedrucken-kordelzug-pvc-standard\/#listItem","position":4,"name":"Transparante rugzak (PVC) Kiki","previousItem":{"@type":"ListItem","@id":"https:\/\/hidalgo.nl\/en\/product-supplier\/a58\/#listItem","name":"A58"}}]},{"@type":"Organization","@id":"https:\/\/hidalgo.nl\/de\/#organization","name":"Hidalgo","url":"https:\/\/hidalgo.nl\/de\/","logo":{"@type":"ImageObject","url":"https:\/\/shop.hidalgo.nl\/wp-content\/uploads\/2025\/11\/cropped-Hidalgo-est1993.png","@id":"https:\/\/hidalgo.nl\/de\/product\/1789\/transparenter-rucksack-kiki-bedrucken-kordelzug-pvc-standard\/#organizationLogo","width":585,"height":195},"image":{"@id":"https:\/\/hidalgo.nl\/de\/product\/1789\/transparenter-rucksack-kiki-bedrucken-kordelzug-pvc-standard\/#organizationLogo"}},{"@type":"ProductGroup","@id":"https:\/\/hidalgo.nl\/de\/product\/1789\/transparenter-rucksack-kiki-bedrucken-kordelzug-pvc-standard\/#wooCommerceProduct","name":"Transparenter Rucksack Kiki bedrucken Kordelzug PVC Standard","url":"https:\/\/hidalgo.nl\/de\/product\/1789\/transparenter-rucksack-kiki-bedrucken-kordelzug-pvc-standard\/","brand":{"@type":"Brand","name":"IMPRESSION"},"sku":"A58-0927","image":{"@type":"ImageObject","url":"https:\/\/shop.hidalgo.nl\/wp-content\/uploads\/2025\/04\/745c1538901f2fc64ce6e0755b6f0e580abbfa416afc6a423d01e3a9e61df522.jpg","@id":"https:\/\/hidalgo.nl\/de\/product\/1789\/transparenter-rucksack-kiki-bedrucken-kordelzug-pvc-standard\/#productImage"},"productGroupID":1789,"hasVariant":[{"@type":"Product","@id":"https:\/\/hidalgo.nl\/de\/product\/1789\/transparenter-rucksack-kiki-bedrucken-kordelzug-pvc-standard\/#wooCommerceProduct","name":"Transparante rugzak (PVC) Kiki - kobaltblauw,","url":"https:\/\/hidalgo.nl\/de\/product\/1789\/transparenter-rucksack-kiki-bedrucken-kordelzug-pvc-standard\/","sku":"A58-0927-023999999","gtin":"8717568944326","image":{"@type":"ImageObject","url":"https:\/\/shop.hidalgo.nl\/wp-content\/uploads\/2025\/04\/2b1fc8f1817866ed0783c0d30cd7896cf8c74ccf7575af2a92b0b65e1e41019e.jpg","@id":"https:\/\/hidalgo.nl\/de\/product\/1789\/transparenter-rucksack-kiki-bedrucken-kordelzug-pvc-standard\/#productImage"},"offers":{"@type":"Offer","url":"https:\/\/hidalgo.nl\/de\/product\/1789\/transparenter-rucksack-kiki-bedrucken-kordelzug-pvc-standard\/#wooCommerceOffer","price":"2.48","priceCurrency":"EUR","category":"Tassen","availability":"https:\/\/schema.org\/InStock","priceSpecification":{"@type":"PriceSpecification","price":2.48,"priceCurrency":"EUR","valueAddedTaxIncluded":"true"}}},{"@type":"Product","@id":"https:\/\/hidalgo.nl\/de\/product\/1789\/transparenter-rucksack-kiki-bedrucken-kordelzug-pvc-standard\/#wooCommerceProduct","name":"Transparante rugzak (PVC) Kiki - zwart,","url":"https:\/\/hidalgo.nl\/de\/product\/1789\/transparenter-rucksack-kiki-bedrucken-kordelzug-pvc-standard\/","sku":"A58-0927-001999999","gtin":"8717568944289","image":{"@type":"ImageObject","url":"https:\/\/shop.hidalgo.nl\/wp-content\/uploads\/2025\/04\/91d935576d047808e5cfb054077fb8c88f4a65cd909c531cd08ccd9f60ac1940.jpg","@id":"https:\/\/hidalgo.nl\/de\/product\/1789\/transparenter-rucksack-kiki-bedrucken-kordelzug-pvc-standard\/#productImage"},"offers":{"@type":"Offer","url":"https:\/\/hidalgo.nl\/de\/product\/1789\/transparenter-rucksack-kiki-bedrucken-kordelzug-pvc-standard\/#wooCommerceOffer","price":"2.48","priceCurrency":"EUR","category":"Tassen","availability":"https:\/\/schema.org\/InStock","priceSpecification":{"@type":"PriceSpecification","price":2.48,"priceCurrency":"EUR","valueAddedTaxIncluded":"true"}}}]},{"@type":"WebPage","@id":"https:\/\/hidalgo.nl\/de\/product\/1789\/transparenter-rucksack-kiki-bedrucken-kordelzug-pvc-standard\/#webpage","url":"https:\/\/hidalgo.nl\/de\/product\/1789\/transparenter-rucksack-kiki-bedrucken-kordelzug-pvc-standard\/","name":"Transparenter Rucksack Kiki bedrucken Kordelzug PVC Standard","description":"Mit dem Modell Kiki sicherst du dir transparente Festival Rucks\u00e4cke, die ideal f\u00fcr Stadien und Gro\u00dfevents geeignet sind. Hidalgo l\u00e4sst diese klaren Rucks\u00e4cke mit Logo bedrucken, damit dein individuelles Design bei deiner Zielgruppe langlebig & gut sichtbar zur Geltung kommt.","inLanguage":"de-DE","isPartOf":{"@id":"https:\/\/hidalgo.nl\/de\/#website"},"breadcrumb":{"@id":"https:\/\/hidalgo.nl\/de\/product\/1789\/transparenter-rucksack-kiki-bedrucken-kordelzug-pvc-standard\/#breadcrumblist"},"image":{"@type":"ImageObject","url":"https:\/\/shop.hidalgo.nl\/wp-content\/uploads\/2025\/04\/745c1538901f2fc64ce6e0755b6f0e580abbfa416afc6a423d01e3a9e61df522.jpg","@id":"https:\/\/hidalgo.nl\/de\/product\/1789\/transparenter-rucksack-kiki-bedrucken-kordelzug-pvc-standard\/#mainImage"},"primaryImageOfPage":{"@id":"https:\/\/hidalgo.nl\/de\/product\/1789\/transparenter-rucksack-kiki-bedrucken-kordelzug-pvc-standard\/#mainImage"},"datePublished":"2025-05-16T13:08:49+00:00","dateModified":"2026-03-16T08:36:55+00:00"},{"@type":"WebSite","@id":"https:\/\/hidalgo.nl\/de\/#website","url":"https:\/\/hidalgo.nl\/de\/","name":"Hidalgo","inLanguage":"de-DE","publisher":{"@id":"https:\/\/hidalgo.nl\/de\/#organization"}}]},"og:locale":"de_DE","og:site_name":"Hidalgo -","og:type":"article","og:title":"Transparenter Rucksack Kiki bedrucken Kordelzug PVC Standard","og:description":"Mit dem Modell Kiki sicherst du dir transparente Festival Rucks\u00e4cke, die ideal f\u00fcr Stadien und Gro\u00dfevents geeignet sind. Hidalgo l\u00e4sst diese klaren Rucks\u00e4cke mit Logo bedrucken, damit dein individuelles Design bei deiner Zielgruppe langlebig &amp; gut sichtbar zur Geltung kommt.","og:url":"https:\/\/hidalgo.nl\/de\/wp-json\/wp\/v2\/product\/1789","og:image":"https:\/\/shop.hidalgo.nl\/wp-content\/uploads\/2025\/11\/cropped-Hidalgo-est1993.png","og:image:secure_url":"https:\/\/shop.hidalgo.nl\/wp-content\/uploads\/2025\/11\/cropped-Hidalgo-est1993.png","article:published_time":"2025-05-16T13:08:49+00:00","article:modified_time":"2026-03-16T08:36:55+00:00","twitter:card":"summary_large_image","twitter:title":"Transparenter Rucksack Kiki bedrucken Kordelzug PVC Standard","twitter:description":"Mit dem Modell Kiki sicherst du dir transparente Festival Rucks\u00e4cke, die ideal f\u00fcr Stadien und Gro\u00dfevents geeignet sind. Hidalgo l\u00e4sst diese klaren Rucks\u00e4cke mit Logo bedrucken, damit dein individuelles Design bei deiner Zielgruppe langlebig &amp; gut sichtbar zur Geltung kommt.","twitter:image":"https:\/\/shop.hidalgo.nl\/wp-content\/uploads\/2025\/11\/cropped-Hidalgo-est1993.png"},"aioseo_meta_data":{"post_id":"1789","title":null,"description":null,"keywords":null,"keyphrases":null,"primary_term":null,"canonical_url":null,"og_title":null,"og_description":null,"og_object_type":"default","og_image_type":"default","og_image_url":null,"og_image_width":null,"og_image_height":null,"og_image_custom_url":null,"og_image_custom_fields":null,"og_video":null,"og_custom_url":null,"og_article_section":null,"og_article_tags":null,"twitter_use_og":false,"twitter_card":"default","twitter_image_type":"default","twitter_image_url":null,"twitter_image_custom_url":null,"twitter_image_custom_fields":null,"twitter_title":null,"twitter_description":null,"schema":{"blockGraphs":[],"customGraphs":[],"default":{"data":{"Article":[],"Course":[],"Dataset":[],"FAQPage":[],"Movie":[],"Person":[],"Product":[],"ProductReview":[],"Car":[],"Recipe":[],"Service":[],"SoftwareApplication":[],"WebPage":[]},"graphName":"","isEnabled":true},"graphs":[]},"schema_type":"default","schema_type_options":null,"pillar_content":false,"robots_default":true,"robots_noindex":false,"robots_noarchive":false,"robots_nosnippet":false,"robots_nofollow":false,"robots_noimageindex":false,"robots_noodp":false,"robots_notranslate":false,"robots_max_snippet":null,"robots_max_videopreview":null,"robots_max_imagepreview":"large","priority":null,"frequency":null,"local_seo":null,"seo_analyzer_scan_date":"2026-01-20 09:06:44","breadcrumb_settings":null,"limit_modified_date":false,"reviewed_by":null,"open_ai":null,"ai":null,"created":"2026-01-14 06:17:37","updated":"2026-04-23 03:54:48"},"aioseo_breadcrumb":"<div class=\"aioseo-breadcrumbs\"><span class=\"aioseo-breadcrumb\">\n\t<a href=\"https:\/\/hidalgo.nl\/de\/\" title=\"Home\">Home<\/a>\n<\/span><span class=\"aioseo-breadcrumb-separator\">\u00bb<\/span><span class=\"aioseo-breadcrumb\">\n\t<a href=\"https:\/\/hidalgo.nl\/example\/\" title=\"example\">example<\/a>\n<\/span><span class=\"aioseo-breadcrumb-separator\">\u00bb<\/span><span class=\"aioseo-breadcrumb\">\n\t<a href=\"https:\/\/hidalgo.nl\/en\/product-supplier\/a58\/\" title=\"A58\">A58<\/a>\n<\/span><span class=\"aioseo-breadcrumb-separator\">\u00bb<\/span><span class=\"aioseo-breadcrumb\">\n\tTransparante rugzak (PVC) Kiki\n<\/span><\/div>","aioseo_breadcrumb_json":[{"label":"Home","link":"https:\/\/hidalgo.nl\/de\/"},{"label":"example","link":"https:\/\/hidalgo.nl\/example\/"},{"label":"A58","link":"https:\/\/hidalgo.nl\/en\/product-supplier\/a58\/"},{"label":"Transparante rugzak (PVC) Kiki","link":"https:\/\/hidalgo.nl\/de\/product\/1789\/transparenter-rucksack-kiki-bedrucken-kordelzug-pvc-standard\/"}],"_links":{"self":[{"href":"https:\/\/hidalgo.nl\/de\/wp-json\/wp\/v2\/product\/1789","targetHints":{"allow":["GET"]}}],"collection":[{"href":"https:\/\/hidalgo.nl\/de\/wp-json\/wp\/v2\/product"}],"about":[{"href":"https:\/\/hidalgo.nl\/de\/wp-json\/wp\/v2\/types\/product"}],"wp:featuredmedia":[{"embeddable":true,"href":"https:\/\/hidalgo.nl\/de\/wp-json\/wp\/v2\/media\/1790"}],"wp:attachment":[{"href":"https:\/\/hidalgo.nl\/de\/wp-json\/wp\/v2\/media?parent=1789"}],"wp:term":[{"taxonomy":"product_brand","embeddable":true,"href":"https:\/\/hidalgo.nl\/de\/wp-json\/wp\/v2\/product_brand?post=1789"},{"taxonomy":"product_cat","embeddable":true,"href":"https:\/\/hidalgo.nl\/de\/wp-json\/wp\/v2\/product_cat?post=1789"},{"taxonomy":"product_tag","embeddable":true,"href":"https:\/\/hidalgo.nl\/de\/wp-json\/wp\/v2\/product_tag?post=1789"}],"curies":[{"name":"wp","href":"https:\/\/api.w.org\/{rel}","templated":true}]}}