{"id":168444,"date":"2025-07-11T14:02:43","date_gmt":"2025-07-11T14:02:43","guid":{"rendered":"http:\/\/bidonsenshakers.pim.hidalgo.nl\/product\/running-belt-heuptas\/"},"modified":"2026-03-19T09:54:18","modified_gmt":"2026-03-19T09:54:18","slug":"running-belt-heuptas","status":"publish","type":"product","link":"https:\/\/hidalgo.nl\/de\/product\/running-belt-heuptas\/","title":{"rendered":"Running Belt heuptas"},"content":{"rendered":"<p>aterdichte heuptas van comfortabel, elastisch materiaal. Speciaal voor het veilig opbergen van persoonlijke spullen tijdens sportieve activiteiten, vakanties of festivals. Met waterdichte ritssluiting, opbergvak voor mobiele telefoon met opening voor een oortelefoon en een separaat vakje voor sleutels. De verstelbare riem heeft een kunststof kliksluiting en reflecterende riemlussen. Omtrek maximaal 104 cm.<\/p>\n","protected":false},"excerpt":{"rendered":"<p>aterdichte heuptas van comfortabel, elastisch materiaal. Speciaal voor het veilig opbergen van persoonlijke spullen tijdens sportieve activiteiten, vakanties of festivals. Met waterdichte ritssluiting, opbergvak voor mobiele telefoon met opening voor een oortelefoon en een separaat vakje voor sleutels. De verstelbare riem heeft een kunststof kliksluiting en reflecterende riemlussen. Omtrek maximaal 104 cm.<\/p>\n","protected":false},"featured_media":168445,"template":"","meta":{"_acf_changed":false,"om_disable_all_campaigns":false,"_monsterinsights_skip_tracking":false,"_monsterinsights_sitenote_active":false,"_monsterinsights_sitenote_note":"","_monsterinsights_sitenote_category":0},"product_brand":[],"product_cat":[4719,4755,4754],"product_tag":[],"class_list":{"0":"post-168444","1":"product","2":"type-product","3":"status-publish","4":"has-post-thumbnail","6":"product_supplier-a24","7":"product_material-polyesterabs","8":"product_cat-promotionele-artikelen","9":"product_cat-sport-accessoires","10":"product_cat-sport-artikelen","11":"entry","13":"first","14":"instock","15":"taxable","16":"shipping-taxable","17":"purchasable","18":"product-type-variable"},"acf":{"imprint_cost":[{"imprint_cost_key":"59f2a2e0da18a53cac8ebdc339f22d90e86950c6","product_quantity_price_range":[{"imprint_cost_recommended_selling_price":"2.31","imprint_cost_recommended_selling_quantity":"1"},{"imprint_cost_recommended_selling_price":"1.86","imprint_cost_recommended_selling_quantity":"25"},{"imprint_cost_recommended_selling_price":"1.23","imprint_cost_recommended_selling_quantity":"50"},{"imprint_cost_recommended_selling_price":"0.93","imprint_cost_recommended_selling_quantity":"100"},{"imprint_cost_recommended_selling_price":"0.72","imprint_cost_recommended_selling_quantity":"250"},{"imprint_cost_recommended_selling_price":"0.51","imprint_cost_recommended_selling_quantity":"500"},{"imprint_cost_recommended_selling_price":"0.36","imprint_cost_recommended_selling_quantity":"1000"},{"imprint_cost_recommended_selling_price":"0.315","imprint_cost_recommended_selling_quantity":"2500"},{"imprint_cost_recommended_selling_price":"0.27","imprint_cost_recommended_selling_quantity":"5000"}],"product_quantity_price_range_buying":[{"imprint_cost_general_buying_price":"1.54","imprint_cost_general_buying_quantity":"1"},{"imprint_cost_general_buying_price":"1.24","imprint_cost_general_buying_quantity":"25"},{"imprint_cost_general_buying_price":"0.82","imprint_cost_general_buying_quantity":"50"},{"imprint_cost_general_buying_price":"0.62","imprint_cost_general_buying_quantity":"100"},{"imprint_cost_general_buying_price":"0.48","imprint_cost_general_buying_quantity":"250"},{"imprint_cost_general_buying_price":"0.34","imprint_cost_general_buying_quantity":"500"},{"imprint_cost_general_buying_price":"0.24","imprint_cost_general_buying_quantity":"1000"},{"imprint_cost_general_buying_price":"0.21","imprint_cost_general_buying_quantity":"2500"},{"imprint_cost_general_buying_price":"0.18","imprint_cost_general_buying_quantity":"5000"}],"imprint_cost_setup_costs":"45","imprint_cost_handling_costs":"0.09"}]},"aioseo_notices":[],"aioseo_head":"\n\t\t<!-- All in One SEO Pro 4.9.6.2 - aioseo.com -->\n\t<meta name=\"description\" content=\"Du nimmst beim Laufen, Fitnesstraining oder Festival nur das N\u00f6tigste mit: wasserdicht, leicht &amp; elastisch, mit separatem Handyfach. Der Running Belt sitzt rutschfest als Laufg\u00fcrtel. Auf Wunsch druckt Hidalgo dein Logo - ideal f\u00fcr Teams und Events.\" \/>\n\t<meta name=\"robots\" content=\"max-image-preview:large\" \/>\n\t<link rel=\"canonical\" href=\"https:\/\/hidalgo.nl\/de\/wp-json\/wp\/v2\/product\/168444\" \/>\n\t<meta name=\"generator\" content=\"All in One SEO Pro (AIOSEO) 4.9.6.2\" \/>\n\t\t<meta property=\"og:locale\" content=\"de_DE\" \/>\n\t\t<meta property=\"og:site_name\" content=\"Hidalgo -\" \/>\n\t\t<meta property=\"og:type\" content=\"article\" \/>\n\t\t<meta property=\"og:title\" content=\"Running Belt heuptas\" \/>\n\t\t<meta property=\"og:description\" content=\"Du nimmst beim Laufen, Fitnesstraining oder Festival nur das N\u00f6tigste mit: wasserdicht, leicht &amp; elastisch, mit separatem Handyfach. Der Running Belt sitzt rutschfest als Laufg\u00fcrtel. Auf Wunsch druckt Hidalgo dein Logo - ideal f\u00fcr Teams und Events.\" \/>\n\t\t<meta property=\"og:url\" content=\"https:\/\/hidalgo.nl\/de\/wp-json\/wp\/v2\/product\/168444\" \/>\n\t\t<meta property=\"og:image\" content=\"https:\/\/shop.hidalgo.nl\/wp-content\/uploads\/2025\/11\/cropped-Hidalgo-est1993.png\" \/>\n\t\t<meta property=\"og:image:secure_url\" content=\"https:\/\/shop.hidalgo.nl\/wp-content\/uploads\/2025\/11\/cropped-Hidalgo-est1993.png\" \/>\n\t\t<meta property=\"article:published_time\" content=\"2025-07-11T14:02:43+00:00\" \/>\n\t\t<meta property=\"article:modified_time\" content=\"2026-03-19T09:54:18+00:00\" \/>\n\t\t<meta name=\"twitter:card\" content=\"summary_large_image\" \/>\n\t\t<meta name=\"twitter:title\" content=\"Running Belt heuptas\" \/>\n\t\t<meta name=\"twitter:description\" content=\"Du nimmst beim Laufen, Fitnesstraining oder Festival nur das N\u00f6tigste mit: wasserdicht, leicht &amp; elastisch, mit separatem Handyfach. Der Running Belt sitzt rutschfest als Laufg\u00fcrtel. Auf Wunsch druckt Hidalgo dein Logo - ideal f\u00fcr Teams und Events.\" \/>\n\t\t<meta name=\"twitter:image\" content=\"https:\/\/shop.hidalgo.nl\/wp-content\/uploads\/2025\/11\/cropped-Hidalgo-est1993.png\" \/>\n\t\t<script type=\"application\/ld+json\" class=\"aioseo-schema\">\n\t\t\t{\"@context\":\"https:\\\/\\\/schema.org\",\"@graph\":[{\"@type\":\"BreadcrumbList\",\"@id\":\"https:\\\/\\\/hidalgo.nl\\\/de\\\/product\\\/running-belt-heuptas\\\/#breadcrumblist\",\"itemListElement\":[{\"@type\":\"ListItem\",\"@id\":\"https:\\\/\\\/hidalgo.nl\\\/de\\\/#listItem\",\"position\":1,\"name\":\"Home\",\"item\":\"https:\\\/\\\/hidalgo.nl\\\/de\\\/\",\"nextItem\":{\"@type\":\"ListItem\",\"@id\":\"https:\\\/\\\/hidalgo.nl\\\/example\\\/#listItem\",\"name\":\"example\"}},{\"@type\":\"ListItem\",\"@id\":\"https:\\\/\\\/hidalgo.nl\\\/example\\\/#listItem\",\"position\":2,\"name\":\"example\",\"item\":\"https:\\\/\\\/hidalgo.nl\\\/example\\\/\",\"nextItem\":{\"@type\":\"ListItem\",\"@id\":\"https:\\\/\\\/hidalgo.nl\\\/en\\\/product-supplier\\\/a24\\\/#listItem\",\"name\":\"A24\"},\"previousItem\":{\"@type\":\"ListItem\",\"@id\":\"https:\\\/\\\/hidalgo.nl\\\/de\\\/#listItem\",\"name\":\"Home\"}},{\"@type\":\"ListItem\",\"@id\":\"https:\\\/\\\/hidalgo.nl\\\/en\\\/product-supplier\\\/a24\\\/#listItem\",\"position\":3,\"name\":\"A24\",\"item\":\"https:\\\/\\\/hidalgo.nl\\\/en\\\/product-supplier\\\/a24\\\/\",\"nextItem\":{\"@type\":\"ListItem\",\"@id\":\"https:\\\/\\\/hidalgo.nl\\\/de\\\/product\\\/running-belt-heuptas\\\/#listItem\",\"name\":\"Running Belt heuptas\"},\"previousItem\":{\"@type\":\"ListItem\",\"@id\":\"https:\\\/\\\/hidalgo.nl\\\/example\\\/#listItem\",\"name\":\"example\"}},{\"@type\":\"ListItem\",\"@id\":\"https:\\\/\\\/hidalgo.nl\\\/de\\\/product\\\/running-belt-heuptas\\\/#listItem\",\"position\":4,\"name\":\"Running Belt heuptas\",\"previousItem\":{\"@type\":\"ListItem\",\"@id\":\"https:\\\/\\\/hidalgo.nl\\\/en\\\/product-supplier\\\/a24\\\/#listItem\",\"name\":\"A24\"}}]},{\"@type\":\"Organization\",\"@id\":\"https:\\\/\\\/hidalgo.nl\\\/de\\\/#organization\",\"name\":\"Hidalgo\",\"url\":\"https:\\\/\\\/hidalgo.nl\\\/de\\\/\",\"logo\":{\"@type\":\"ImageObject\",\"url\":\"https:\\\/\\\/shop.hidalgo.nl\\\/wp-content\\\/uploads\\\/2025\\\/11\\\/cropped-Hidalgo-est1993.png\",\"@id\":\"https:\\\/\\\/hidalgo.nl\\\/de\\\/product\\\/running-belt-heuptas\\\/#organizationLogo\",\"width\":585,\"height\":195},\"image\":{\"@id\":\"https:\\\/\\\/hidalgo.nl\\\/de\\\/product\\\/running-belt-heuptas\\\/#organizationLogo\"}},{\"@type\":\"ProductGroup\",\"@id\":\"https:\\\/\\\/hidalgo.nl\\\/de\\\/product\\\/running-belt-heuptas\\\/#wooCommerceProduct\",\"name\":\"Running Belt heuptas\",\"url\":\"https:\\\/\\\/hidalgo.nl\\\/de\\\/product\\\/running-belt-heuptas\\\/\",\"sku\":\"A24-3872\",\"image\":{\"@type\":\"ImageObject\",\"url\":\"https:\\\/\\\/shop.hidalgo.nl\\\/wp-content\\\/uploads\\\/2025\\\/07\\\/7914e36de1ec264126b7fb64ea48d7ecc64830b26f51562ea73eaf2a3194cf98.jpg\",\"@id\":\"https:\\\/\\\/hidalgo.nl\\\/de\\\/product\\\/running-belt-heuptas\\\/#productImage\",\"width\":1000,\"height\":1000},\"productGroupID\":168444,\"hasVariant\":[{\"@type\":\"Product\",\"@id\":\"https:\\\/\\\/hidalgo.nl\\\/de\\\/product\\\/running-belt-heuptas\\\/#wooCommerceProduct\",\"name\":\"Running Belt heuptas - grijs\",\"url\":\"https:\\\/\\\/hidalgo.nl\\\/de\\\/product\\\/running-belt-heuptas\\\/\",\"sku\":\"A24-387290\",\"image\":{\"@type\":\"ImageObject\",\"url\":\"https:\\\/\\\/shop.hidalgo.nl\\\/wp-content\\\/uploads\\\/2025\\\/07\\\/7914e36de1ec264126b7fb64ea48d7ecc64830b26f51562ea73eaf2a3194cf98.jpg\",\"@id\":\"https:\\\/\\\/hidalgo.nl\\\/de\\\/product\\\/running-belt-heuptas\\\/#productImage\",\"width\":1000,\"height\":1000},\"offers\":{\"@type\":\"Offer\",\"url\":\"https:\\\/\\\/hidalgo.nl\\\/de\\\/product\\\/running-belt-heuptas\\\/#wooCommerceOffer\",\"price\":\"4.25\",\"priceCurrency\":\"EUR\",\"category\":\"Promotionele Artikelen\",\"availability\":\"https:\\\/\\\/schema.org\\\/InStock\",\"priceSpecification\":{\"@type\":\"PriceSpecification\",\"price\":4.25,\"priceCurrency\":\"EUR\",\"valueAddedTaxIncluded\":\"true\"}}}]},{\"@type\":\"WebPage\",\"@id\":\"https:\\\/\\\/hidalgo.nl\\\/de\\\/product\\\/running-belt-heuptas\\\/#webpage\",\"url\":\"https:\\\/\\\/hidalgo.nl\\\/de\\\/product\\\/running-belt-heuptas\\\/\",\"name\":\"Running Belt heuptas\",\"description\":\"Du nimmst beim Laufen, Fitnesstraining oder Festival nur das N\\u00f6tigste mit: wasserdicht, leicht & elastisch, mit separatem Handyfach. Der Running Belt sitzt rutschfest als Laufg\\u00fcrtel. Auf Wunsch druckt Hidalgo dein Logo - ideal f\\u00fcr Teams und Events.\",\"inLanguage\":\"de-DE\",\"isPartOf\":{\"@id\":\"https:\\\/\\\/hidalgo.nl\\\/de\\\/#website\"},\"breadcrumb\":{\"@id\":\"https:\\\/\\\/hidalgo.nl\\\/de\\\/product\\\/running-belt-heuptas\\\/#breadcrumblist\"},\"image\":{\"@type\":\"ImageObject\",\"url\":\"https:\\\/\\\/shop.hidalgo.nl\\\/wp-content\\\/uploads\\\/2025\\\/07\\\/7914e36de1ec264126b7fb64ea48d7ecc64830b26f51562ea73eaf2a3194cf98.jpg\",\"@id\":\"https:\\\/\\\/hidalgo.nl\\\/de\\\/product\\\/running-belt-heuptas\\\/#mainImage\",\"width\":1000,\"height\":1000},\"primaryImageOfPage\":{\"@id\":\"https:\\\/\\\/hidalgo.nl\\\/de\\\/product\\\/running-belt-heuptas\\\/#mainImage\"},\"datePublished\":\"2025-07-11T14:02:43+00:00\",\"dateModified\":\"2026-03-19T09:54:18+00:00\"},{\"@type\":\"WebSite\",\"@id\":\"https:\\\/\\\/hidalgo.nl\\\/de\\\/#website\",\"url\":\"https:\\\/\\\/hidalgo.nl\\\/de\\\/\",\"name\":\"Hidalgo\",\"inLanguage\":\"de-DE\",\"publisher\":{\"@id\":\"https:\\\/\\\/hidalgo.nl\\\/de\\\/#organization\"}}]}\n\t\t<\/script>\n\t\t<!-- All in One SEO Pro -->\r\n\t\t<title>Running Belt heuptas<\/title>\n\n","aioseo_head_json":{"title":"Running Belt heuptas","description":"Du nimmst beim Laufen, Fitnesstraining oder Festival nur das N\u00f6tigste mit: wasserdicht, leicht & elastisch, mit separatem Handyfach. Der Running Belt sitzt rutschfest als Laufg\u00fcrtel. Auf Wunsch druckt Hidalgo dein Logo - ideal f\u00fcr Teams und Events.","canonical_url":"https:\/\/hidalgo.nl\/de\/wp-json\/wp\/v2\/product\/168444","robots":"max-image-preview:large","keywords":"","webmasterTools":{"miscellaneous":""},"schema":{"@context":"https:\/\/schema.org","@graph":[{"@type":"BreadcrumbList","@id":"https:\/\/hidalgo.nl\/de\/product\/running-belt-heuptas\/#breadcrumblist","itemListElement":[{"@type":"ListItem","@id":"https:\/\/hidalgo.nl\/de\/#listItem","position":1,"name":"Home","item":"https:\/\/hidalgo.nl\/de\/","nextItem":{"@type":"ListItem","@id":"https:\/\/hidalgo.nl\/example\/#listItem","name":"example"}},{"@type":"ListItem","@id":"https:\/\/hidalgo.nl\/example\/#listItem","position":2,"name":"example","item":"https:\/\/hidalgo.nl\/example\/","nextItem":{"@type":"ListItem","@id":"https:\/\/hidalgo.nl\/en\/product-supplier\/a24\/#listItem","name":"A24"},"previousItem":{"@type":"ListItem","@id":"https:\/\/hidalgo.nl\/de\/#listItem","name":"Home"}},{"@type":"ListItem","@id":"https:\/\/hidalgo.nl\/en\/product-supplier\/a24\/#listItem","position":3,"name":"A24","item":"https:\/\/hidalgo.nl\/en\/product-supplier\/a24\/","nextItem":{"@type":"ListItem","@id":"https:\/\/hidalgo.nl\/de\/product\/running-belt-heuptas\/#listItem","name":"Running Belt heuptas"},"previousItem":{"@type":"ListItem","@id":"https:\/\/hidalgo.nl\/example\/#listItem","name":"example"}},{"@type":"ListItem","@id":"https:\/\/hidalgo.nl\/de\/product\/running-belt-heuptas\/#listItem","position":4,"name":"Running Belt heuptas","previousItem":{"@type":"ListItem","@id":"https:\/\/hidalgo.nl\/en\/product-supplier\/a24\/#listItem","name":"A24"}}]},{"@type":"Organization","@id":"https:\/\/hidalgo.nl\/de\/#organization","name":"Hidalgo","url":"https:\/\/hidalgo.nl\/de\/","logo":{"@type":"ImageObject","url":"https:\/\/shop.hidalgo.nl\/wp-content\/uploads\/2025\/11\/cropped-Hidalgo-est1993.png","@id":"https:\/\/hidalgo.nl\/de\/product\/running-belt-heuptas\/#organizationLogo","width":585,"height":195},"image":{"@id":"https:\/\/hidalgo.nl\/de\/product\/running-belt-heuptas\/#organizationLogo"}},{"@type":"ProductGroup","@id":"https:\/\/hidalgo.nl\/de\/product\/running-belt-heuptas\/#wooCommerceProduct","name":"Running Belt heuptas","url":"https:\/\/hidalgo.nl\/de\/product\/running-belt-heuptas\/","sku":"A24-3872","image":{"@type":"ImageObject","url":"https:\/\/shop.hidalgo.nl\/wp-content\/uploads\/2025\/07\/7914e36de1ec264126b7fb64ea48d7ecc64830b26f51562ea73eaf2a3194cf98.jpg","@id":"https:\/\/hidalgo.nl\/de\/product\/running-belt-heuptas\/#productImage","width":1000,"height":1000},"productGroupID":168444,"hasVariant":[{"@type":"Product","@id":"https:\/\/hidalgo.nl\/de\/product\/running-belt-heuptas\/#wooCommerceProduct","name":"Running Belt heuptas - grijs","url":"https:\/\/hidalgo.nl\/de\/product\/running-belt-heuptas\/","sku":"A24-387290","image":{"@type":"ImageObject","url":"https:\/\/shop.hidalgo.nl\/wp-content\/uploads\/2025\/07\/7914e36de1ec264126b7fb64ea48d7ecc64830b26f51562ea73eaf2a3194cf98.jpg","@id":"https:\/\/hidalgo.nl\/de\/product\/running-belt-heuptas\/#productImage","width":1000,"height":1000},"offers":{"@type":"Offer","url":"https:\/\/hidalgo.nl\/de\/product\/running-belt-heuptas\/#wooCommerceOffer","price":"4.25","priceCurrency":"EUR","category":"Promotionele Artikelen","availability":"https:\/\/schema.org\/InStock","priceSpecification":{"@type":"PriceSpecification","price":4.25,"priceCurrency":"EUR","valueAddedTaxIncluded":"true"}}}]},{"@type":"WebPage","@id":"https:\/\/hidalgo.nl\/de\/product\/running-belt-heuptas\/#webpage","url":"https:\/\/hidalgo.nl\/de\/product\/running-belt-heuptas\/","name":"Running Belt heuptas","description":"Du nimmst beim Laufen, Fitnesstraining oder Festival nur das N\u00f6tigste mit: wasserdicht, leicht & elastisch, mit separatem Handyfach. Der Running Belt sitzt rutschfest als Laufg\u00fcrtel. Auf Wunsch druckt Hidalgo dein Logo - ideal f\u00fcr Teams und Events.","inLanguage":"de-DE","isPartOf":{"@id":"https:\/\/hidalgo.nl\/de\/#website"},"breadcrumb":{"@id":"https:\/\/hidalgo.nl\/de\/product\/running-belt-heuptas\/#breadcrumblist"},"image":{"@type":"ImageObject","url":"https:\/\/shop.hidalgo.nl\/wp-content\/uploads\/2025\/07\/7914e36de1ec264126b7fb64ea48d7ecc64830b26f51562ea73eaf2a3194cf98.jpg","@id":"https:\/\/hidalgo.nl\/de\/product\/running-belt-heuptas\/#mainImage","width":1000,"height":1000},"primaryImageOfPage":{"@id":"https:\/\/hidalgo.nl\/de\/product\/running-belt-heuptas\/#mainImage"},"datePublished":"2025-07-11T14:02:43+00:00","dateModified":"2026-03-19T09:54:18+00:00"},{"@type":"WebSite","@id":"https:\/\/hidalgo.nl\/de\/#website","url":"https:\/\/hidalgo.nl\/de\/","name":"Hidalgo","inLanguage":"de-DE","publisher":{"@id":"https:\/\/hidalgo.nl\/de\/#organization"}}]},"og:locale":"de_DE","og:site_name":"Hidalgo -","og:type":"article","og:title":"Running Belt heuptas","og:description":"Du nimmst beim Laufen, Fitnesstraining oder Festival nur das N\u00f6tigste mit: wasserdicht, leicht &amp; elastisch, mit separatem Handyfach. Der Running Belt sitzt rutschfest als Laufg\u00fcrtel. Auf Wunsch druckt Hidalgo dein Logo - ideal f\u00fcr Teams und Events.","og:url":"https:\/\/hidalgo.nl\/de\/wp-json\/wp\/v2\/product\/168444","og:image":"https:\/\/shop.hidalgo.nl\/wp-content\/uploads\/2025\/11\/cropped-Hidalgo-est1993.png","og:image:secure_url":"https:\/\/shop.hidalgo.nl\/wp-content\/uploads\/2025\/11\/cropped-Hidalgo-est1993.png","article:published_time":"2025-07-11T14:02:43+00:00","article:modified_time":"2026-03-19T09:54:18+00:00","twitter:card":"summary_large_image","twitter:title":"Running Belt heuptas","twitter:description":"Du nimmst beim Laufen, Fitnesstraining oder Festival nur das N\u00f6tigste mit: wasserdicht, leicht &amp; elastisch, mit separatem Handyfach. Der Running Belt sitzt rutschfest als Laufg\u00fcrtel. Auf Wunsch druckt Hidalgo dein Logo - ideal f\u00fcr Teams und Events.","twitter:image":"https:\/\/shop.hidalgo.nl\/wp-content\/uploads\/2025\/11\/cropped-Hidalgo-est1993.png"},"aioseo_meta_data":{"post_id":"168444","title":null,"description":null,"keywords":null,"keyphrases":null,"primary_term":null,"canonical_url":null,"og_title":null,"og_description":null,"og_object_type":"default","og_image_type":"default","og_image_url":null,"og_image_width":null,"og_image_height":null,"og_image_custom_url":null,"og_image_custom_fields":null,"og_video":null,"og_custom_url":null,"og_article_section":null,"og_article_tags":null,"twitter_use_og":false,"twitter_card":"default","twitter_image_type":"default","twitter_image_url":null,"twitter_image_custom_url":null,"twitter_image_custom_fields":null,"twitter_title":null,"twitter_description":null,"schema":{"blockGraphs":[],"customGraphs":[],"default":{"data":{"Article":[],"Course":[],"Dataset":[],"FAQPage":[],"Movie":[],"Person":[],"Product":[],"ProductReview":[],"Car":[],"Recipe":[],"Service":[],"SoftwareApplication":[],"WebPage":[]},"graphName":"","isEnabled":true},"graphs":[]},"schema_type":"default","schema_type_options":null,"pillar_content":false,"robots_default":true,"robots_noindex":false,"robots_noarchive":false,"robots_nosnippet":false,"robots_nofollow":false,"robots_noimageindex":false,"robots_noodp":false,"robots_notranslate":false,"robots_max_snippet":null,"robots_max_videopreview":null,"robots_max_imagepreview":"large","priority":null,"frequency":null,"local_seo":null,"seo_analyzer_scan_date":"2026-01-22 19:27:37","breadcrumb_settings":null,"limit_modified_date":false,"reviewed_by":null,"open_ai":null,"ai":null,"created":"2026-01-14 07:03:00","updated":"2026-04-23 01:27:48"},"aioseo_breadcrumb":"<div class=\"aioseo-breadcrumbs\"><span class=\"aioseo-breadcrumb\">\n\t<a href=\"https:\/\/hidalgo.nl\/de\/\" title=\"Home\">Home<\/a>\n<\/span><span class=\"aioseo-breadcrumb-separator\">\u00bb<\/span><span class=\"aioseo-breadcrumb\">\n\t<a href=\"https:\/\/hidalgo.nl\/example\/\" title=\"example\">example<\/a>\n<\/span><span class=\"aioseo-breadcrumb-separator\">\u00bb<\/span><span class=\"aioseo-breadcrumb\">\n\t<a href=\"https:\/\/hidalgo.nl\/en\/product-supplier\/a24\/\" title=\"A24\">A24<\/a>\n<\/span><span class=\"aioseo-breadcrumb-separator\">\u00bb<\/span><span class=\"aioseo-breadcrumb\">\n\tRunning Belt heuptas\n<\/span><\/div>","aioseo_breadcrumb_json":[{"label":"Home","link":"https:\/\/hidalgo.nl\/de\/"},{"label":"example","link":"https:\/\/hidalgo.nl\/example\/"},{"label":"A24","link":"https:\/\/hidalgo.nl\/en\/product-supplier\/a24\/"},{"label":"Running Belt heuptas","link":"https:\/\/hidalgo.nl\/de\/product\/running-belt-heuptas\/"}],"_links":{"self":[{"href":"https:\/\/hidalgo.nl\/de\/wp-json\/wp\/v2\/product\/168444","targetHints":{"allow":["GET"]}}],"collection":[{"href":"https:\/\/hidalgo.nl\/de\/wp-json\/wp\/v2\/product"}],"about":[{"href":"https:\/\/hidalgo.nl\/de\/wp-json\/wp\/v2\/types\/product"}],"wp:featuredmedia":[{"embeddable":true,"href":"https:\/\/hidalgo.nl\/de\/wp-json\/wp\/v2\/media\/168445"}],"wp:attachment":[{"href":"https:\/\/hidalgo.nl\/de\/wp-json\/wp\/v2\/media?parent=168444"}],"wp:term":[{"taxonomy":"product_brand","embeddable":true,"href":"https:\/\/hidalgo.nl\/de\/wp-json\/wp\/v2\/product_brand?post=168444"},{"taxonomy":"product_cat","embeddable":true,"href":"https:\/\/hidalgo.nl\/de\/wp-json\/wp\/v2\/product_cat?post=168444"},{"taxonomy":"product_tag","embeddable":true,"href":"https:\/\/hidalgo.nl\/de\/wp-json\/wp\/v2\/product_tag?post=168444"}],"curies":[{"name":"wp","href":"https:\/\/api.w.org\/{rel}","templated":true}]}}