{"id":167921,"date":"2025-07-11T13:34:05","date_gmt":"2025-07-11T13:34:05","guid":{"rendered":"http:\/\/bidonsenshakers.pim.hidalgo.nl\/product\/jordan-13-inch-rpet-laptop-sleeve-laptophoes\/"},"modified":"2026-03-19T18:45:55","modified_gmt":"2026-03-19T18:45:55","slug":"jordan-13-inch-rpet-laptop-sleeve-laptophoes","status":"publish","type":"product","link":"https:\/\/hidalgo.nl\/de\/product\/jordan-13-inch-rpet-laptop-sleeve-laptophoes\/","title":{"rendered":"Jordan 13 inch RPET Laptop Sleeve laptophoes"},"content":{"rendered":"<p>Stevige 13 inch laptophoes van 600D RPET polyester. Het gevoerde hoofdvak is voorzien van een rits en foam ter bescherming van de laptop. Met extra ritsvak aan de voorzijde.<\/p>\n","protected":false},"excerpt":{"rendered":"<p>Stevige 13 inch laptophoes van 600D RPET polyester. Het gevoerde hoofdvak is voorzien van een rits en foam ter bescherming van de laptop. Met extra ritsvak aan de voorzijde.<\/p>\n","protected":false},"featured_media":167922,"template":"","meta":{"_acf_changed":false,"om_disable_all_campaigns":false,"_monsterinsights_skip_tracking":false,"_monsterinsights_sitenote_active":false,"_monsterinsights_sitenote_note":"","_monsterinsights_sitenote_category":0},"product_brand":[],"product_cat":[4760,4873,4713],"product_tag":[],"class_list":{"0":"post-167921","1":"product","2":"type-product","3":"status-publish","4":"has-post-thumbnail","6":"product_supplier-a24","7":"product_material-rpet-polyester","8":"product_cat-document-tassen","9":"product_cat-laptop-tassen","10":"product_cat-tassen","11":"entry","13":"first","14":"instock","15":"taxable","16":"shipping-taxable","17":"purchasable","18":"product-type-variable"},"acf":{"imprint_cost":[{"imprint_cost_key":"d3ccdfdd75c4445643e93c2395ed5a7428520952","product_quantity_price_range":[{"imprint_cost_recommended_selling_price":"2.4","imprint_cost_recommended_selling_quantity":"1"},{"imprint_cost_recommended_selling_price":"1.8","imprint_cost_recommended_selling_quantity":"25"},{"imprint_cost_recommended_selling_price":"1.14","imprint_cost_recommended_selling_quantity":"50"},{"imprint_cost_recommended_selling_price":"0.84","imprint_cost_recommended_selling_quantity":"100"},{"imprint_cost_recommended_selling_price":"0.675","imprint_cost_recommended_selling_quantity":"250"},{"imprint_cost_recommended_selling_price":"0.57","imprint_cost_recommended_selling_quantity":"500"},{"imprint_cost_recommended_selling_price":"0.42","imprint_cost_recommended_selling_quantity":"1000"},{"imprint_cost_recommended_selling_price":"0.36","imprint_cost_recommended_selling_quantity":"2500"},{"imprint_cost_recommended_selling_price":"0.33","imprint_cost_recommended_selling_quantity":"5000"}],"product_quantity_price_range_buying":[{"imprint_cost_general_buying_price":"1.6","imprint_cost_general_buying_quantity":"1"},{"imprint_cost_general_buying_price":"1.2","imprint_cost_general_buying_quantity":"25"},{"imprint_cost_general_buying_price":"0.76","imprint_cost_general_buying_quantity":"50"},{"imprint_cost_general_buying_price":"0.56","imprint_cost_general_buying_quantity":"100"},{"imprint_cost_general_buying_price":"0.45","imprint_cost_general_buying_quantity":"250"},{"imprint_cost_general_buying_price":"0.38","imprint_cost_general_buying_quantity":"500"},{"imprint_cost_general_buying_price":"0.28","imprint_cost_general_buying_quantity":"1000"},{"imprint_cost_general_buying_price":"0.24","imprint_cost_general_buying_quantity":"2500"},{"imprint_cost_general_buying_price":"0.22","imprint_cost_general_buying_quantity":"5000"}],"imprint_cost_setup_costs":"45","imprint_cost_handling_costs":"0.12"},{"imprint_cost_key":"de2095629c22ad58d54cc49c38da49427933f822","product_quantity_price_range":[{"imprint_cost_recommended_selling_price":"1.875","imprint_cost_recommended_selling_quantity":"1"},{"imprint_cost_recommended_selling_price":"1.725","imprint_cost_recommended_selling_quantity":"25"},{"imprint_cost_recommended_selling_price":"1.575","imprint_cost_recommended_selling_quantity":"50"},{"imprint_cost_recommended_selling_price":"1.5","imprint_cost_recommended_selling_quantity":"100"},{"imprint_cost_recommended_selling_price":"1.425","imprint_cost_recommended_selling_quantity":"250"},{"imprint_cost_recommended_selling_price":"1.35","imprint_cost_recommended_selling_quantity":"500"},{"imprint_cost_recommended_selling_price":"1.275","imprint_cost_recommended_selling_quantity":"1000"},{"imprint_cost_recommended_selling_price":"1.23","imprint_cost_recommended_selling_quantity":"2500"},{"imprint_cost_recommended_selling_price":"1.2","imprint_cost_recommended_selling_quantity":"5000"}],"product_quantity_price_range_buying":[{"imprint_cost_general_buying_price":"1.25","imprint_cost_general_buying_quantity":"1"},{"imprint_cost_general_buying_price":"1.15","imprint_cost_general_buying_quantity":"25"},{"imprint_cost_general_buying_price":"1.05","imprint_cost_general_buying_quantity":"50"},{"imprint_cost_general_buying_price":"1","imprint_cost_general_buying_quantity":"100"},{"imprint_cost_general_buying_price":"0.95","imprint_cost_general_buying_quantity":"250"},{"imprint_cost_general_buying_price":"0.9","imprint_cost_general_buying_quantity":"500"},{"imprint_cost_general_buying_price":"0.85","imprint_cost_general_buying_quantity":"1000"},{"imprint_cost_general_buying_price":"0.82","imprint_cost_general_buying_quantity":"2500"},{"imprint_cost_general_buying_price":"0.8","imprint_cost_general_buying_quantity":"5000"}],"imprint_cost_setup_costs":"52.5","imprint_cost_handling_costs":"0"}]},"aioseo_notices":[],"aioseo_head":"\n\t\t<!-- All in One SEO Pro 4.9.6.2 - aioseo.com -->\n\t<meta name=\"description\" content=\"Sch\u00fctze dein Ger\u00e4t unterwegs und im Office: die Jordan H\u00fclle aus robustem 600D RPET mit gepolsterter Innenlage d\u00e4mpft St\u00f6\u00dfe und passt f\u00fcr 13 Zoll. Ideal als Tasche f\u00fcr Laptop im Business-Alltag; wir drucken dein Logo pr\u00e4zise auf die Vorderseite f\u00fcr sichtbare Wirkung, erh\u00e4ltlich in Schwarz oder Grau.\" \/>\n\t<meta name=\"robots\" content=\"max-image-preview:large\" \/>\n\t<link rel=\"canonical\" href=\"https:\/\/hidalgo.nl\/de\/wp-json\/wp\/v2\/product\/167921\" \/>\n\t<meta name=\"generator\" content=\"All in One SEO Pro (AIOSEO) 4.9.6.2\" \/>\n\t\t<meta property=\"og:locale\" content=\"de_DE\" \/>\n\t\t<meta property=\"og:site_name\" content=\"Hidalgo -\" \/>\n\t\t<meta property=\"og:type\" content=\"article\" \/>\n\t\t<meta property=\"og:title\" content=\"Jordan 13 inch RPET Laptop Sleeve laptophoes\" \/>\n\t\t<meta property=\"og:description\" content=\"Sch\u00fctze dein Ger\u00e4t unterwegs und im Office: die Jordan H\u00fclle aus robustem 600D RPET mit gepolsterter Innenlage d\u00e4mpft St\u00f6\u00dfe und passt f\u00fcr 13 Zoll. Ideal als Tasche f\u00fcr Laptop im Business-Alltag; wir drucken dein Logo pr\u00e4zise auf die Vorderseite f\u00fcr sichtbare Wirkung, erh\u00e4ltlich in Schwarz oder Grau.\" \/>\n\t\t<meta property=\"og:url\" content=\"https:\/\/hidalgo.nl\/de\/wp-json\/wp\/v2\/product\/167921\" \/>\n\t\t<meta property=\"og:image\" content=\"https:\/\/shop.hidalgo.nl\/wp-content\/uploads\/2025\/11\/cropped-Hidalgo-est1993.png\" \/>\n\t\t<meta property=\"og:image:secure_url\" content=\"https:\/\/shop.hidalgo.nl\/wp-content\/uploads\/2025\/11\/cropped-Hidalgo-est1993.png\" \/>\n\t\t<meta property=\"article:published_time\" content=\"2025-07-11T13:34:05+00:00\" \/>\n\t\t<meta property=\"article:modified_time\" content=\"2026-03-19T18:45:55+00:00\" \/>\n\t\t<meta name=\"twitter:card\" content=\"summary_large_image\" \/>\n\t\t<meta name=\"twitter:title\" content=\"Jordan 13 inch RPET Laptop Sleeve laptophoes\" \/>\n\t\t<meta name=\"twitter:description\" content=\"Sch\u00fctze dein Ger\u00e4t unterwegs und im Office: die Jordan H\u00fclle aus robustem 600D RPET mit gepolsterter Innenlage d\u00e4mpft St\u00f6\u00dfe und passt f\u00fcr 13 Zoll. Ideal als Tasche f\u00fcr Laptop im Business-Alltag; wir drucken dein Logo pr\u00e4zise auf die Vorderseite f\u00fcr sichtbare Wirkung, erh\u00e4ltlich in Schwarz oder Grau.\" \/>\n\t\t<meta name=\"twitter:image\" content=\"https:\/\/shop.hidalgo.nl\/wp-content\/uploads\/2025\/11\/cropped-Hidalgo-est1993.png\" \/>\n\t\t<script type=\"application\/ld+json\" class=\"aioseo-schema\">\n\t\t\t{\"@context\":\"https:\\\/\\\/schema.org\",\"@graph\":[{\"@type\":\"BreadcrumbList\",\"@id\":\"https:\\\/\\\/hidalgo.nl\\\/de\\\/product\\\/jordan-13-inch-rpet-laptop-sleeve-laptophoes\\\/#breadcrumblist\",\"itemListElement\":[{\"@type\":\"ListItem\",\"@id\":\"https:\\\/\\\/hidalgo.nl\\\/de\\\/#listItem\",\"position\":1,\"name\":\"Home\",\"item\":\"https:\\\/\\\/hidalgo.nl\\\/de\\\/\",\"nextItem\":{\"@type\":\"ListItem\",\"@id\":\"https:\\\/\\\/hidalgo.nl\\\/example\\\/#listItem\",\"name\":\"example\"}},{\"@type\":\"ListItem\",\"@id\":\"https:\\\/\\\/hidalgo.nl\\\/example\\\/#listItem\",\"position\":2,\"name\":\"example\",\"item\":\"https:\\\/\\\/hidalgo.nl\\\/example\\\/\",\"nextItem\":{\"@type\":\"ListItem\",\"@id\":\"https:\\\/\\\/hidalgo.nl\\\/en\\\/product-supplier\\\/a24\\\/#listItem\",\"name\":\"A24\"},\"previousItem\":{\"@type\":\"ListItem\",\"@id\":\"https:\\\/\\\/hidalgo.nl\\\/de\\\/#listItem\",\"name\":\"Home\"}},{\"@type\":\"ListItem\",\"@id\":\"https:\\\/\\\/hidalgo.nl\\\/en\\\/product-supplier\\\/a24\\\/#listItem\",\"position\":3,\"name\":\"A24\",\"item\":\"https:\\\/\\\/hidalgo.nl\\\/en\\\/product-supplier\\\/a24\\\/\",\"nextItem\":{\"@type\":\"ListItem\",\"@id\":\"https:\\\/\\\/hidalgo.nl\\\/de\\\/product\\\/jordan-13-inch-rpet-laptop-sleeve-laptophoes\\\/#listItem\",\"name\":\"Jordan 13 inch RPET Laptop Sleeve laptophoes\"},\"previousItem\":{\"@type\":\"ListItem\",\"@id\":\"https:\\\/\\\/hidalgo.nl\\\/example\\\/#listItem\",\"name\":\"example\"}},{\"@type\":\"ListItem\",\"@id\":\"https:\\\/\\\/hidalgo.nl\\\/de\\\/product\\\/jordan-13-inch-rpet-laptop-sleeve-laptophoes\\\/#listItem\",\"position\":4,\"name\":\"Jordan 13 inch RPET Laptop Sleeve laptophoes\",\"previousItem\":{\"@type\":\"ListItem\",\"@id\":\"https:\\\/\\\/hidalgo.nl\\\/en\\\/product-supplier\\\/a24\\\/#listItem\",\"name\":\"A24\"}}]},{\"@type\":\"Organization\",\"@id\":\"https:\\\/\\\/hidalgo.nl\\\/de\\\/#organization\",\"name\":\"Hidalgo\",\"url\":\"https:\\\/\\\/hidalgo.nl\\\/de\\\/\",\"logo\":{\"@type\":\"ImageObject\",\"url\":\"https:\\\/\\\/shop.hidalgo.nl\\\/wp-content\\\/uploads\\\/2025\\\/11\\\/cropped-Hidalgo-est1993.png\",\"@id\":\"https:\\\/\\\/hidalgo.nl\\\/de\\\/product\\\/jordan-13-inch-rpet-laptop-sleeve-laptophoes\\\/#organizationLogo\",\"width\":585,\"height\":195},\"image\":{\"@id\":\"https:\\\/\\\/hidalgo.nl\\\/de\\\/product\\\/jordan-13-inch-rpet-laptop-sleeve-laptophoes\\\/#organizationLogo\"}},{\"@type\":\"ProductGroup\",\"@id\":\"https:\\\/\\\/hidalgo.nl\\\/de\\\/product\\\/jordan-13-inch-rpet-laptop-sleeve-laptophoes\\\/#wooCommerceProduct\",\"name\":\"Jordan 13 inch RPET Laptop Sleeve laptophoes\",\"url\":\"https:\\\/\\\/hidalgo.nl\\\/de\\\/product\\\/jordan-13-inch-rpet-laptop-sleeve-laptophoes\\\/\",\"sku\":\"A24-3575\",\"image\":{\"@type\":\"ImageObject\",\"url\":\"https:\\\/\\\/shop.hidalgo.nl\\\/wp-content\\\/uploads\\\/2025\\\/07\\\/b88055af917929821db166ba79d688d50c394b392d7323e28f4034dc1094ee38.jpg\",\"@id\":\"https:\\\/\\\/hidalgo.nl\\\/de\\\/product\\\/jordan-13-inch-rpet-laptop-sleeve-laptophoes\\\/#productImage\",\"width\":1000,\"height\":1000},\"productGroupID\":167921,\"hasVariant\":[{\"@type\":\"Product\",\"@id\":\"https:\\\/\\\/hidalgo.nl\\\/de\\\/product\\\/jordan-13-inch-rpet-laptop-sleeve-laptophoes\\\/#wooCommerceProduct\",\"name\":\"Jordan 13 inch RPET Laptop Sleeve laptophoes - zwart\",\"url\":\"https:\\\/\\\/hidalgo.nl\\\/de\\\/product\\\/jordan-13-inch-rpet-laptop-sleeve-laptophoes\\\/\",\"sku\":\"A24-357598\",\"image\":{\"@type\":\"ImageObject\",\"url\":\"https:\\\/\\\/shop.hidalgo.nl\\\/wp-content\\\/uploads\\\/2025\\\/07\\\/b88055af917929821db166ba79d688d50c394b392d7323e28f4034dc1094ee38.jpg\",\"@id\":\"https:\\\/\\\/hidalgo.nl\\\/de\\\/product\\\/jordan-13-inch-rpet-laptop-sleeve-laptophoes\\\/#productImage\",\"width\":1000,\"height\":1000},\"offers\":{\"@type\":\"Offer\",\"url\":\"https:\\\/\\\/hidalgo.nl\\\/de\\\/product\\\/jordan-13-inch-rpet-laptop-sleeve-laptophoes\\\/#wooCommerceOffer\",\"price\":\"5.25\",\"priceCurrency\":\"EUR\",\"category\":\"Tassen\",\"availability\":\"https:\\\/\\\/schema.org\\\/InStock\",\"priceSpecification\":{\"@type\":\"PriceSpecification\",\"price\":5.25,\"priceCurrency\":\"EUR\",\"valueAddedTaxIncluded\":\"true\"}}},{\"@type\":\"Product\",\"@id\":\"https:\\\/\\\/hidalgo.nl\\\/de\\\/product\\\/jordan-13-inch-rpet-laptop-sleeve-laptophoes\\\/#wooCommerceProduct\",\"name\":\"Jordan 13 inch RPET Laptop Sleeve laptophoes - grijs\",\"url\":\"https:\\\/\\\/hidalgo.nl\\\/de\\\/product\\\/jordan-13-inch-rpet-laptop-sleeve-laptophoes\\\/\",\"sku\":\"A24-357590\",\"image\":{\"@type\":\"ImageObject\",\"url\":\"https:\\\/\\\/shop.hidalgo.nl\\\/wp-content\\\/uploads\\\/2025\\\/07\\\/15b7ac931aa2a51866988baa2ff70ec54732af4984e55bcfc7b18442ee279f1b.jpg\",\"@id\":\"https:\\\/\\\/hidalgo.nl\\\/de\\\/product\\\/jordan-13-inch-rpet-laptop-sleeve-laptophoes\\\/#productImage\",\"width\":1000,\"height\":1000},\"offers\":{\"@type\":\"Offer\",\"url\":\"https:\\\/\\\/hidalgo.nl\\\/de\\\/product\\\/jordan-13-inch-rpet-laptop-sleeve-laptophoes\\\/#wooCommerceOffer\",\"price\":\"5.25\",\"priceCurrency\":\"EUR\",\"category\":\"Tassen\",\"availability\":\"https:\\\/\\\/schema.org\\\/InStock\",\"priceSpecification\":{\"@type\":\"PriceSpecification\",\"price\":5.25,\"priceCurrency\":\"EUR\",\"valueAddedTaxIncluded\":\"true\"}}}]},{\"@type\":\"WebPage\",\"@id\":\"https:\\\/\\\/hidalgo.nl\\\/de\\\/product\\\/jordan-13-inch-rpet-laptop-sleeve-laptophoes\\\/#webpage\",\"url\":\"https:\\\/\\\/hidalgo.nl\\\/de\\\/product\\\/jordan-13-inch-rpet-laptop-sleeve-laptophoes\\\/\",\"name\":\"Jordan 13 inch RPET Laptop Sleeve laptophoes\",\"description\":\"Sch\\u00fctze dein Ger\\u00e4t unterwegs und im Office: die Jordan H\\u00fclle aus robustem 600D RPET mit gepolsterter Innenlage d\\u00e4mpft St\\u00f6\\u00dfe und passt f\\u00fcr 13 Zoll. Ideal als Tasche f\\u00fcr Laptop im Business-Alltag; wir drucken dein Logo pr\\u00e4zise auf die Vorderseite f\\u00fcr sichtbare Wirkung, erh\\u00e4ltlich in Schwarz oder Grau.\",\"inLanguage\":\"de-DE\",\"isPartOf\":{\"@id\":\"https:\\\/\\\/hidalgo.nl\\\/de\\\/#website\"},\"breadcrumb\":{\"@id\":\"https:\\\/\\\/hidalgo.nl\\\/de\\\/product\\\/jordan-13-inch-rpet-laptop-sleeve-laptophoes\\\/#breadcrumblist\"},\"image\":{\"@type\":\"ImageObject\",\"url\":\"https:\\\/\\\/shop.hidalgo.nl\\\/wp-content\\\/uploads\\\/2025\\\/07\\\/b88055af917929821db166ba79d688d50c394b392d7323e28f4034dc1094ee38.jpg\",\"@id\":\"https:\\\/\\\/hidalgo.nl\\\/de\\\/product\\\/jordan-13-inch-rpet-laptop-sleeve-laptophoes\\\/#mainImage\",\"width\":1000,\"height\":1000},\"primaryImageOfPage\":{\"@id\":\"https:\\\/\\\/hidalgo.nl\\\/de\\\/product\\\/jordan-13-inch-rpet-laptop-sleeve-laptophoes\\\/#mainImage\"},\"datePublished\":\"2025-07-11T13:34:05+00:00\",\"dateModified\":\"2026-03-19T18:45:55+00:00\"},{\"@type\":\"WebSite\",\"@id\":\"https:\\\/\\\/hidalgo.nl\\\/de\\\/#website\",\"url\":\"https:\\\/\\\/hidalgo.nl\\\/de\\\/\",\"name\":\"Hidalgo\",\"inLanguage\":\"de-DE\",\"publisher\":{\"@id\":\"https:\\\/\\\/hidalgo.nl\\\/de\\\/#organization\"}}]}\n\t\t<\/script>\n\t\t<!-- All in One SEO Pro -->\r\n\t\t<title>Jordan 13 inch RPET Laptop Sleeve laptophoes<\/title>\n\n","aioseo_head_json":{"title":"Jordan 13 inch RPET Laptop Sleeve laptophoes","description":"Sch\u00fctze dein Ger\u00e4t unterwegs und im Office: die Jordan H\u00fclle aus robustem 600D RPET mit gepolsterter Innenlage d\u00e4mpft St\u00f6\u00dfe und passt f\u00fcr 13 Zoll. Ideal als Tasche f\u00fcr Laptop im Business-Alltag; wir drucken dein Logo pr\u00e4zise auf die Vorderseite f\u00fcr sichtbare Wirkung, erh\u00e4ltlich in Schwarz oder Grau.","canonical_url":"https:\/\/hidalgo.nl\/de\/wp-json\/wp\/v2\/product\/167921","robots":"max-image-preview:large","keywords":"","webmasterTools":{"miscellaneous":""},"schema":{"@context":"https:\/\/schema.org","@graph":[{"@type":"BreadcrumbList","@id":"https:\/\/hidalgo.nl\/de\/product\/jordan-13-inch-rpet-laptop-sleeve-laptophoes\/#breadcrumblist","itemListElement":[{"@type":"ListItem","@id":"https:\/\/hidalgo.nl\/de\/#listItem","position":1,"name":"Home","item":"https:\/\/hidalgo.nl\/de\/","nextItem":{"@type":"ListItem","@id":"https:\/\/hidalgo.nl\/example\/#listItem","name":"example"}},{"@type":"ListItem","@id":"https:\/\/hidalgo.nl\/example\/#listItem","position":2,"name":"example","item":"https:\/\/hidalgo.nl\/example\/","nextItem":{"@type":"ListItem","@id":"https:\/\/hidalgo.nl\/en\/product-supplier\/a24\/#listItem","name":"A24"},"previousItem":{"@type":"ListItem","@id":"https:\/\/hidalgo.nl\/de\/#listItem","name":"Home"}},{"@type":"ListItem","@id":"https:\/\/hidalgo.nl\/en\/product-supplier\/a24\/#listItem","position":3,"name":"A24","item":"https:\/\/hidalgo.nl\/en\/product-supplier\/a24\/","nextItem":{"@type":"ListItem","@id":"https:\/\/hidalgo.nl\/de\/product\/jordan-13-inch-rpet-laptop-sleeve-laptophoes\/#listItem","name":"Jordan 13 inch RPET Laptop Sleeve laptophoes"},"previousItem":{"@type":"ListItem","@id":"https:\/\/hidalgo.nl\/example\/#listItem","name":"example"}},{"@type":"ListItem","@id":"https:\/\/hidalgo.nl\/de\/product\/jordan-13-inch-rpet-laptop-sleeve-laptophoes\/#listItem","position":4,"name":"Jordan 13 inch RPET Laptop Sleeve laptophoes","previousItem":{"@type":"ListItem","@id":"https:\/\/hidalgo.nl\/en\/product-supplier\/a24\/#listItem","name":"A24"}}]},{"@type":"Organization","@id":"https:\/\/hidalgo.nl\/de\/#organization","name":"Hidalgo","url":"https:\/\/hidalgo.nl\/de\/","logo":{"@type":"ImageObject","url":"https:\/\/shop.hidalgo.nl\/wp-content\/uploads\/2025\/11\/cropped-Hidalgo-est1993.png","@id":"https:\/\/hidalgo.nl\/de\/product\/jordan-13-inch-rpet-laptop-sleeve-laptophoes\/#organizationLogo","width":585,"height":195},"image":{"@id":"https:\/\/hidalgo.nl\/de\/product\/jordan-13-inch-rpet-laptop-sleeve-laptophoes\/#organizationLogo"}},{"@type":"ProductGroup","@id":"https:\/\/hidalgo.nl\/de\/product\/jordan-13-inch-rpet-laptop-sleeve-laptophoes\/#wooCommerceProduct","name":"Jordan 13 inch RPET Laptop Sleeve laptophoes","url":"https:\/\/hidalgo.nl\/de\/product\/jordan-13-inch-rpet-laptop-sleeve-laptophoes\/","sku":"A24-3575","image":{"@type":"ImageObject","url":"https:\/\/shop.hidalgo.nl\/wp-content\/uploads\/2025\/07\/b88055af917929821db166ba79d688d50c394b392d7323e28f4034dc1094ee38.jpg","@id":"https:\/\/hidalgo.nl\/de\/product\/jordan-13-inch-rpet-laptop-sleeve-laptophoes\/#productImage","width":1000,"height":1000},"productGroupID":167921,"hasVariant":[{"@type":"Product","@id":"https:\/\/hidalgo.nl\/de\/product\/jordan-13-inch-rpet-laptop-sleeve-laptophoes\/#wooCommerceProduct","name":"Jordan 13 inch RPET Laptop Sleeve laptophoes - zwart","url":"https:\/\/hidalgo.nl\/de\/product\/jordan-13-inch-rpet-laptop-sleeve-laptophoes\/","sku":"A24-357598","image":{"@type":"ImageObject","url":"https:\/\/shop.hidalgo.nl\/wp-content\/uploads\/2025\/07\/b88055af917929821db166ba79d688d50c394b392d7323e28f4034dc1094ee38.jpg","@id":"https:\/\/hidalgo.nl\/de\/product\/jordan-13-inch-rpet-laptop-sleeve-laptophoes\/#productImage","width":1000,"height":1000},"offers":{"@type":"Offer","url":"https:\/\/hidalgo.nl\/de\/product\/jordan-13-inch-rpet-laptop-sleeve-laptophoes\/#wooCommerceOffer","price":"5.25","priceCurrency":"EUR","category":"Tassen","availability":"https:\/\/schema.org\/InStock","priceSpecification":{"@type":"PriceSpecification","price":5.25,"priceCurrency":"EUR","valueAddedTaxIncluded":"true"}}},{"@type":"Product","@id":"https:\/\/hidalgo.nl\/de\/product\/jordan-13-inch-rpet-laptop-sleeve-laptophoes\/#wooCommerceProduct","name":"Jordan 13 inch RPET Laptop Sleeve laptophoes - grijs","url":"https:\/\/hidalgo.nl\/de\/product\/jordan-13-inch-rpet-laptop-sleeve-laptophoes\/","sku":"A24-357590","image":{"@type":"ImageObject","url":"https:\/\/shop.hidalgo.nl\/wp-content\/uploads\/2025\/07\/15b7ac931aa2a51866988baa2ff70ec54732af4984e55bcfc7b18442ee279f1b.jpg","@id":"https:\/\/hidalgo.nl\/de\/product\/jordan-13-inch-rpet-laptop-sleeve-laptophoes\/#productImage","width":1000,"height":1000},"offers":{"@type":"Offer","url":"https:\/\/hidalgo.nl\/de\/product\/jordan-13-inch-rpet-laptop-sleeve-laptophoes\/#wooCommerceOffer","price":"5.25","priceCurrency":"EUR","category":"Tassen","availability":"https:\/\/schema.org\/InStock","priceSpecification":{"@type":"PriceSpecification","price":5.25,"priceCurrency":"EUR","valueAddedTaxIncluded":"true"}}}]},{"@type":"WebPage","@id":"https:\/\/hidalgo.nl\/de\/product\/jordan-13-inch-rpet-laptop-sleeve-laptophoes\/#webpage","url":"https:\/\/hidalgo.nl\/de\/product\/jordan-13-inch-rpet-laptop-sleeve-laptophoes\/","name":"Jordan 13 inch RPET Laptop Sleeve laptophoes","description":"Sch\u00fctze dein Ger\u00e4t unterwegs und im Office: die Jordan H\u00fclle aus robustem 600D RPET mit gepolsterter Innenlage d\u00e4mpft St\u00f6\u00dfe und passt f\u00fcr 13 Zoll. Ideal als Tasche f\u00fcr Laptop im Business-Alltag; wir drucken dein Logo pr\u00e4zise auf die Vorderseite f\u00fcr sichtbare Wirkung, erh\u00e4ltlich in Schwarz oder Grau.","inLanguage":"de-DE","isPartOf":{"@id":"https:\/\/hidalgo.nl\/de\/#website"},"breadcrumb":{"@id":"https:\/\/hidalgo.nl\/de\/product\/jordan-13-inch-rpet-laptop-sleeve-laptophoes\/#breadcrumblist"},"image":{"@type":"ImageObject","url":"https:\/\/shop.hidalgo.nl\/wp-content\/uploads\/2025\/07\/b88055af917929821db166ba79d688d50c394b392d7323e28f4034dc1094ee38.jpg","@id":"https:\/\/hidalgo.nl\/de\/product\/jordan-13-inch-rpet-laptop-sleeve-laptophoes\/#mainImage","width":1000,"height":1000},"primaryImageOfPage":{"@id":"https:\/\/hidalgo.nl\/de\/product\/jordan-13-inch-rpet-laptop-sleeve-laptophoes\/#mainImage"},"datePublished":"2025-07-11T13:34:05+00:00","dateModified":"2026-03-19T18:45:55+00:00"},{"@type":"WebSite","@id":"https:\/\/hidalgo.nl\/de\/#website","url":"https:\/\/hidalgo.nl\/de\/","name":"Hidalgo","inLanguage":"de-DE","publisher":{"@id":"https:\/\/hidalgo.nl\/de\/#organization"}}]},"og:locale":"de_DE","og:site_name":"Hidalgo -","og:type":"article","og:title":"Jordan 13 inch RPET Laptop Sleeve laptophoes","og:description":"Sch\u00fctze dein Ger\u00e4t unterwegs und im Office: die Jordan H\u00fclle aus robustem 600D RPET mit gepolsterter Innenlage d\u00e4mpft St\u00f6\u00dfe und passt f\u00fcr 13 Zoll. Ideal als Tasche f\u00fcr Laptop im Business-Alltag; wir drucken dein Logo pr\u00e4zise auf die Vorderseite f\u00fcr sichtbare Wirkung, erh\u00e4ltlich in Schwarz oder Grau.","og:url":"https:\/\/hidalgo.nl\/de\/wp-json\/wp\/v2\/product\/167921","og:image":"https:\/\/shop.hidalgo.nl\/wp-content\/uploads\/2025\/11\/cropped-Hidalgo-est1993.png","og:image:secure_url":"https:\/\/shop.hidalgo.nl\/wp-content\/uploads\/2025\/11\/cropped-Hidalgo-est1993.png","article:published_time":"2025-07-11T13:34:05+00:00","article:modified_time":"2026-03-19T18:45:55+00:00","twitter:card":"summary_large_image","twitter:title":"Jordan 13 inch RPET Laptop Sleeve laptophoes","twitter:description":"Sch\u00fctze dein Ger\u00e4t unterwegs und im Office: die Jordan H\u00fclle aus robustem 600D RPET mit gepolsterter Innenlage d\u00e4mpft St\u00f6\u00dfe und passt f\u00fcr 13 Zoll. Ideal als Tasche f\u00fcr Laptop im Business-Alltag; wir drucken dein Logo pr\u00e4zise auf die Vorderseite f\u00fcr sichtbare Wirkung, erh\u00e4ltlich in Schwarz oder Grau.","twitter:image":"https:\/\/shop.hidalgo.nl\/wp-content\/uploads\/2025\/11\/cropped-Hidalgo-est1993.png"},"aioseo_meta_data":{"post_id":"167921","title":null,"description":null,"keywords":null,"keyphrases":null,"primary_term":null,"canonical_url":null,"og_title":null,"og_description":null,"og_object_type":"default","og_image_type":"default","og_image_url":null,"og_image_width":null,"og_image_height":null,"og_image_custom_url":null,"og_image_custom_fields":null,"og_video":null,"og_custom_url":null,"og_article_section":null,"og_article_tags":null,"twitter_use_og":false,"twitter_card":"default","twitter_image_type":"default","twitter_image_url":null,"twitter_image_custom_url":null,"twitter_image_custom_fields":null,"twitter_title":null,"twitter_description":null,"schema":{"blockGraphs":[],"customGraphs":[],"default":{"data":{"Article":[],"Course":[],"Dataset":[],"FAQPage":[],"Movie":[],"Person":[],"Product":[],"ProductReview":[],"Car":[],"Recipe":[],"Service":[],"SoftwareApplication":[],"WebPage":[]},"graphName":"","isEnabled":true},"graphs":[]},"schema_type":"default","schema_type_options":null,"pillar_content":false,"robots_default":true,"robots_noindex":false,"robots_noarchive":false,"robots_nosnippet":false,"robots_nofollow":false,"robots_noimageindex":false,"robots_noodp":false,"robots_notranslate":false,"robots_max_snippet":null,"robots_max_videopreview":null,"robots_max_imagepreview":"large","priority":null,"frequency":null,"local_seo":null,"seo_analyzer_scan_date":"2026-01-22 19:22:15","breadcrumb_settings":null,"limit_modified_date":false,"reviewed_by":null,"open_ai":null,"ai":null,"created":"2026-01-14 07:03:00","updated":"2026-04-23 01:22:53"},"aioseo_breadcrumb":"<div class=\"aioseo-breadcrumbs\"><span class=\"aioseo-breadcrumb\">\n\t<a href=\"https:\/\/hidalgo.nl\/de\/\" title=\"Home\">Home<\/a>\n<\/span><span class=\"aioseo-breadcrumb-separator\">\u00bb<\/span><span class=\"aioseo-breadcrumb\">\n\t<a href=\"https:\/\/hidalgo.nl\/example\/\" title=\"example\">example<\/a>\n<\/span><span class=\"aioseo-breadcrumb-separator\">\u00bb<\/span><span class=\"aioseo-breadcrumb\">\n\t<a href=\"https:\/\/hidalgo.nl\/en\/product-supplier\/a24\/\" title=\"A24\">A24<\/a>\n<\/span><span class=\"aioseo-breadcrumb-separator\">\u00bb<\/span><span class=\"aioseo-breadcrumb\">\n\tJordan 13 inch RPET Laptop Sleeve laptophoes\n<\/span><\/div>","aioseo_breadcrumb_json":[{"label":"Home","link":"https:\/\/hidalgo.nl\/de\/"},{"label":"example","link":"https:\/\/hidalgo.nl\/example\/"},{"label":"A24","link":"https:\/\/hidalgo.nl\/en\/product-supplier\/a24\/"},{"label":"Jordan 13 inch RPET Laptop Sleeve laptophoes","link":"https:\/\/hidalgo.nl\/de\/product\/jordan-13-inch-rpet-laptop-sleeve-laptophoes\/"}],"_links":{"self":[{"href":"https:\/\/hidalgo.nl\/de\/wp-json\/wp\/v2\/product\/167921","targetHints":{"allow":["GET"]}}],"collection":[{"href":"https:\/\/hidalgo.nl\/de\/wp-json\/wp\/v2\/product"}],"about":[{"href":"https:\/\/hidalgo.nl\/de\/wp-json\/wp\/v2\/types\/product"}],"wp:featuredmedia":[{"embeddable":true,"href":"https:\/\/hidalgo.nl\/de\/wp-json\/wp\/v2\/media\/167922"}],"wp:attachment":[{"href":"https:\/\/hidalgo.nl\/de\/wp-json\/wp\/v2\/media?parent=167921"}],"wp:term":[{"taxonomy":"product_brand","embeddable":true,"href":"https:\/\/hidalgo.nl\/de\/wp-json\/wp\/v2\/product_brand?post=167921"},{"taxonomy":"product_cat","embeddable":true,"href":"https:\/\/hidalgo.nl\/de\/wp-json\/wp\/v2\/product_cat?post=167921"},{"taxonomy":"product_tag","embeddable":true,"href":"https:\/\/hidalgo.nl\/de\/wp-json\/wp\/v2\/product_tag?post=167921"}],"curies":[{"name":"wp","href":"https:\/\/api.w.org\/{rel}","templated":true}]}}