{"id":167867,"date":"2025-07-11T13:31:33","date_gmt":"2025-07-11T13:31:33","guid":{"rendered":"http:\/\/bidonsenshakers.pim.hidalgo.nl\/product\/bike-bell-fietsbel\/"},"modified":"2026-03-19T09:54:57","modified_gmt":"2026-03-19T09:54:57","slug":"bike-bell-fietsbel","status":"publish","type":"product","link":"https:\/\/hidalgo.nl\/de\/product\/bike-bell-fietsbel\/","title":{"rendered":"Bike Bell fietsbel"},"content":{"rendered":"<p>Metalen fietsbel met kunststof houder.<\/p>\n","protected":false},"excerpt":{"rendered":"<p>Metalen fietsbel met kunststof houder.<\/p>\n","protected":false},"featured_media":167868,"template":"","meta":{"_acf_changed":false,"om_disable_all_campaigns":false,"_monsterinsights_skip_tracking":false,"_monsterinsights_sitenote_active":false,"_monsterinsights_sitenote_note":"","_monsterinsights_sitenote_category":0},"product_brand":[],"product_cat":[4839,4719,4774],"product_tag":[],"class_list":{"0":"post-167867","1":"product","2":"type-product","3":"status-publish","4":"has-post-thumbnail","6":"product_supplier-a24","7":"product_material-kunststofstaal","8":"product_cat-no-descriptionpromotionele-artikelen-vrije-tijd-fiets-accessoires","9":"product_cat-promotionele-artikelen","10":"product_cat-promotionele-artikelen-vrije-tijd","11":"entry","13":"first","14":"instock","15":"taxable","16":"shipping-taxable","17":"purchasable","18":"product-type-variable"},"acf":{"imprint_cost":[{"imprint_cost_key":"f8458acc220776bc49b72c80994999f2a449e4fe","product_quantity_price_range":[{"imprint_cost_recommended_selling_price":"3.435","imprint_cost_recommended_selling_quantity":"1"},{"imprint_cost_recommended_selling_price":"1.935","imprint_cost_recommended_selling_quantity":"25"},{"imprint_cost_recommended_selling_price":"1.5","imprint_cost_recommended_selling_quantity":"50"},{"imprint_cost_recommended_selling_price":"1.395","imprint_cost_recommended_selling_quantity":"100"},{"imprint_cost_recommended_selling_price":"1.32","imprint_cost_recommended_selling_quantity":"250"},{"imprint_cost_recommended_selling_price":"1.215","imprint_cost_recommended_selling_quantity":"500"},{"imprint_cost_recommended_selling_price":"1.155","imprint_cost_recommended_selling_quantity":"1000"},{"imprint_cost_recommended_selling_price":"1.095","imprint_cost_recommended_selling_quantity":"2500"},{"imprint_cost_recommended_selling_price":"1.08","imprint_cost_recommended_selling_quantity":"5000"}],"product_quantity_price_range_buying":[{"imprint_cost_general_buying_price":"2.29","imprint_cost_general_buying_quantity":"1"},{"imprint_cost_general_buying_price":"1.29","imprint_cost_general_buying_quantity":"25"},{"imprint_cost_general_buying_price":"1","imprint_cost_general_buying_quantity":"50"},{"imprint_cost_general_buying_price":"0.93","imprint_cost_general_buying_quantity":"100"},{"imprint_cost_general_buying_price":"0.88","imprint_cost_general_buying_quantity":"250"},{"imprint_cost_general_buying_price":"0.81","imprint_cost_general_buying_quantity":"500"},{"imprint_cost_general_buying_price":"0.77","imprint_cost_general_buying_quantity":"1000"},{"imprint_cost_general_buying_price":"0.73","imprint_cost_general_buying_quantity":"2500"},{"imprint_cost_general_buying_price":"0.72","imprint_cost_general_buying_quantity":"5000"}],"imprint_cost_setup_costs":"52.5","imprint_cost_handling_costs":"0.15"}]},"aioseo_notices":[],"aioseo_head":"\n\t\t<!-- All in One SEO Pro 4.9.6.2 - aioseo.com -->\n\t<meta name=\"description\" content=\"Mach dich im Stadtverkehr deutlich bemerkbar: Diese robuste Fahrradklingel aus Metall mit Kunststoffhalter erzeugt einen klaren Ton und sorgt daf\u00fcr, dass Fu\u00dfg\u00e4nger dich rechtzeitig h\u00f6ren. Hidalgo bedruckt die Kappe mit deinem Logo - ideal f\u00fcr deinen t\u00e4glichen Weg.\" \/>\n\t<meta name=\"robots\" content=\"max-image-preview:large\" \/>\n\t<link rel=\"canonical\" href=\"https:\/\/hidalgo.nl\/de\/wp-json\/wp\/v2\/product\/167867\" \/>\n\t<meta name=\"generator\" content=\"All in One SEO Pro (AIOSEO) 4.9.6.2\" \/>\n\t\t<meta property=\"og:locale\" content=\"de_DE\" \/>\n\t\t<meta property=\"og:site_name\" content=\"Hidalgo -\" \/>\n\t\t<meta property=\"og:type\" content=\"article\" \/>\n\t\t<meta property=\"og:title\" content=\"Bike Bell fietsbel\" \/>\n\t\t<meta property=\"og:description\" content=\"Mach dich im Stadtverkehr deutlich bemerkbar: Diese robuste Fahrradklingel aus Metall mit Kunststoffhalter erzeugt einen klaren Ton und sorgt daf\u00fcr, dass Fu\u00dfg\u00e4nger dich rechtzeitig h\u00f6ren. Hidalgo bedruckt die Kappe mit deinem Logo - ideal f\u00fcr deinen t\u00e4glichen Weg.\" \/>\n\t\t<meta property=\"og:url\" content=\"https:\/\/hidalgo.nl\/de\/wp-json\/wp\/v2\/product\/167867\" \/>\n\t\t<meta property=\"og:image\" content=\"https:\/\/shop.hidalgo.nl\/wp-content\/uploads\/2025\/11\/cropped-Hidalgo-est1993.png\" \/>\n\t\t<meta property=\"og:image:secure_url\" content=\"https:\/\/shop.hidalgo.nl\/wp-content\/uploads\/2025\/11\/cropped-Hidalgo-est1993.png\" \/>\n\t\t<meta property=\"article:published_time\" content=\"2025-07-11T13:31:33+00:00\" \/>\n\t\t<meta property=\"article:modified_time\" content=\"2026-03-19T09:54:57+00:00\" \/>\n\t\t<meta name=\"twitter:card\" content=\"summary_large_image\" \/>\n\t\t<meta name=\"twitter:title\" content=\"Bike Bell fietsbel\" \/>\n\t\t<meta name=\"twitter:description\" content=\"Mach dich im Stadtverkehr deutlich bemerkbar: Diese robuste Fahrradklingel aus Metall mit Kunststoffhalter erzeugt einen klaren Ton und sorgt daf\u00fcr, dass Fu\u00dfg\u00e4nger dich rechtzeitig h\u00f6ren. Hidalgo bedruckt die Kappe mit deinem Logo - ideal f\u00fcr deinen t\u00e4glichen Weg.\" \/>\n\t\t<meta name=\"twitter:image\" content=\"https:\/\/shop.hidalgo.nl\/wp-content\/uploads\/2025\/11\/cropped-Hidalgo-est1993.png\" \/>\n\t\t<script type=\"application\/ld+json\" class=\"aioseo-schema\">\n\t\t\t{\"@context\":\"https:\\\/\\\/schema.org\",\"@graph\":[{\"@type\":\"BreadcrumbList\",\"@id\":\"https:\\\/\\\/hidalgo.nl\\\/de\\\/product\\\/bike-bell-fietsbel\\\/#breadcrumblist\",\"itemListElement\":[{\"@type\":\"ListItem\",\"@id\":\"https:\\\/\\\/hidalgo.nl\\\/de\\\/#listItem\",\"position\":1,\"name\":\"Home\",\"item\":\"https:\\\/\\\/hidalgo.nl\\\/de\\\/\",\"nextItem\":{\"@type\":\"ListItem\",\"@id\":\"https:\\\/\\\/hidalgo.nl\\\/example\\\/#listItem\",\"name\":\"example\"}},{\"@type\":\"ListItem\",\"@id\":\"https:\\\/\\\/hidalgo.nl\\\/example\\\/#listItem\",\"position\":2,\"name\":\"example\",\"item\":\"https:\\\/\\\/hidalgo.nl\\\/example\\\/\",\"nextItem\":{\"@type\":\"ListItem\",\"@id\":\"https:\\\/\\\/hidalgo.nl\\\/en\\\/product-supplier\\\/a24\\\/#listItem\",\"name\":\"A24\"},\"previousItem\":{\"@type\":\"ListItem\",\"@id\":\"https:\\\/\\\/hidalgo.nl\\\/de\\\/#listItem\",\"name\":\"Home\"}},{\"@type\":\"ListItem\",\"@id\":\"https:\\\/\\\/hidalgo.nl\\\/en\\\/product-supplier\\\/a24\\\/#listItem\",\"position\":3,\"name\":\"A24\",\"item\":\"https:\\\/\\\/hidalgo.nl\\\/en\\\/product-supplier\\\/a24\\\/\",\"nextItem\":{\"@type\":\"ListItem\",\"@id\":\"https:\\\/\\\/hidalgo.nl\\\/de\\\/product\\\/bike-bell-fietsbel\\\/#listItem\",\"name\":\"Bike Bell fietsbel\"},\"previousItem\":{\"@type\":\"ListItem\",\"@id\":\"https:\\\/\\\/hidalgo.nl\\\/example\\\/#listItem\",\"name\":\"example\"}},{\"@type\":\"ListItem\",\"@id\":\"https:\\\/\\\/hidalgo.nl\\\/de\\\/product\\\/bike-bell-fietsbel\\\/#listItem\",\"position\":4,\"name\":\"Bike Bell fietsbel\",\"previousItem\":{\"@type\":\"ListItem\",\"@id\":\"https:\\\/\\\/hidalgo.nl\\\/en\\\/product-supplier\\\/a24\\\/#listItem\",\"name\":\"A24\"}}]},{\"@type\":\"Organization\",\"@id\":\"https:\\\/\\\/hidalgo.nl\\\/de\\\/#organization\",\"name\":\"Hidalgo\",\"url\":\"https:\\\/\\\/hidalgo.nl\\\/de\\\/\",\"logo\":{\"@type\":\"ImageObject\",\"url\":\"https:\\\/\\\/shop.hidalgo.nl\\\/wp-content\\\/uploads\\\/2025\\\/11\\\/cropped-Hidalgo-est1993.png\",\"@id\":\"https:\\\/\\\/hidalgo.nl\\\/de\\\/product\\\/bike-bell-fietsbel\\\/#organizationLogo\",\"width\":585,\"height\":195},\"image\":{\"@id\":\"https:\\\/\\\/hidalgo.nl\\\/de\\\/product\\\/bike-bell-fietsbel\\\/#organizationLogo\"}},{\"@type\":\"ProductGroup\",\"@id\":\"https:\\\/\\\/hidalgo.nl\\\/de\\\/product\\\/bike-bell-fietsbel\\\/#wooCommerceProduct\",\"name\":\"Bike Bell fietsbel\",\"url\":\"https:\\\/\\\/hidalgo.nl\\\/de\\\/product\\\/bike-bell-fietsbel\\\/\",\"sku\":\"A24-3553\",\"image\":{\"@type\":\"ImageObject\",\"url\":\"https:\\\/\\\/shop.hidalgo.nl\\\/wp-content\\\/uploads\\\/2025\\\/07\\\/c68a79f9c7ac921cc7c1403785ba3180128dc764b871c03538c2ea441621ca79.jpg\",\"@id\":\"https:\\\/\\\/hidalgo.nl\\\/de\\\/product\\\/bike-bell-fietsbel\\\/#productImage\",\"width\":1000,\"height\":1000},\"productGroupID\":167867,\"hasVariant\":[{\"@type\":\"Product\",\"@id\":\"https:\\\/\\\/hidalgo.nl\\\/de\\\/product\\\/bike-bell-fietsbel\\\/#wooCommerceProduct\",\"name\":\"Bike Bell fietsbel - blauw\",\"url\":\"https:\\\/\\\/hidalgo.nl\\\/de\\\/product\\\/bike-bell-fietsbel\\\/\",\"sku\":\"A24-355330\",\"image\":{\"@type\":\"ImageObject\",\"url\":\"https:\\\/\\\/shop.hidalgo.nl\\\/wp-content\\\/uploads\\\/2025\\\/07\\\/c68a79f9c7ac921cc7c1403785ba3180128dc764b871c03538c2ea441621ca79.jpg\",\"@id\":\"https:\\\/\\\/hidalgo.nl\\\/de\\\/product\\\/bike-bell-fietsbel\\\/#productImage\",\"width\":1000,\"height\":1000},\"offers\":{\"@type\":\"Offer\",\"url\":\"https:\\\/\\\/hidalgo.nl\\\/de\\\/product\\\/bike-bell-fietsbel\\\/#wooCommerceOffer\",\"price\":\"1.34\",\"priceCurrency\":\"EUR\",\"category\":\"Promotionele Artikelen\",\"availability\":\"https:\\\/\\\/schema.org\\\/InStock\",\"priceSpecification\":{\"@type\":\"PriceSpecification\",\"price\":1.34,\"priceCurrency\":\"EUR\",\"valueAddedTaxIncluded\":\"true\"}}},{\"@type\":\"Product\",\"@id\":\"https:\\\/\\\/hidalgo.nl\\\/de\\\/product\\\/bike-bell-fietsbel\\\/#wooCommerceProduct\",\"name\":\"Bike Bell fietsbel - zwart\",\"url\":\"https:\\\/\\\/hidalgo.nl\\\/de\\\/product\\\/bike-bell-fietsbel\\\/\",\"sku\":\"A24-355398\",\"image\":{\"@type\":\"ImageObject\",\"url\":\"https:\\\/\\\/shop.hidalgo.nl\\\/wp-content\\\/uploads\\\/2025\\\/07\\\/74d8bef77c6cd3aaad7af036acc71dfd2bdd9d704ac2518654840bbe2bbad78b.jpg\",\"@id\":\"https:\\\/\\\/hidalgo.nl\\\/de\\\/product\\\/bike-bell-fietsbel\\\/#productImage\",\"width\":1000,\"height\":1000},\"offers\":{\"@type\":\"Offer\",\"url\":\"https:\\\/\\\/hidalgo.nl\\\/de\\\/product\\\/bike-bell-fietsbel\\\/#wooCommerceOffer\",\"price\":\"1.34\",\"priceCurrency\":\"EUR\",\"category\":\"Promotionele Artikelen\",\"availability\":\"https:\\\/\\\/schema.org\\\/InStock\",\"priceSpecification\":{\"@type\":\"PriceSpecification\",\"price\":1.34,\"priceCurrency\":\"EUR\",\"valueAddedTaxIncluded\":\"true\"}}}]},{\"@type\":\"WebPage\",\"@id\":\"https:\\\/\\\/hidalgo.nl\\\/de\\\/product\\\/bike-bell-fietsbel\\\/#webpage\",\"url\":\"https:\\\/\\\/hidalgo.nl\\\/de\\\/product\\\/bike-bell-fietsbel\\\/\",\"name\":\"Bike Bell fietsbel\",\"description\":\"Mach dich im Stadtverkehr deutlich bemerkbar: Diese robuste Fahrradklingel aus Metall mit Kunststoffhalter erzeugt einen klaren Ton und sorgt daf\\u00fcr, dass Fu\\u00dfg\\u00e4nger dich rechtzeitig h\\u00f6ren. Hidalgo bedruckt die Kappe mit deinem Logo - ideal f\\u00fcr deinen t\\u00e4glichen Weg.\",\"inLanguage\":\"de-DE\",\"isPartOf\":{\"@id\":\"https:\\\/\\\/hidalgo.nl\\\/de\\\/#website\"},\"breadcrumb\":{\"@id\":\"https:\\\/\\\/hidalgo.nl\\\/de\\\/product\\\/bike-bell-fietsbel\\\/#breadcrumblist\"},\"image\":{\"@type\":\"ImageObject\",\"url\":\"https:\\\/\\\/shop.hidalgo.nl\\\/wp-content\\\/uploads\\\/2025\\\/07\\\/c68a79f9c7ac921cc7c1403785ba3180128dc764b871c03538c2ea441621ca79.jpg\",\"@id\":\"https:\\\/\\\/hidalgo.nl\\\/de\\\/product\\\/bike-bell-fietsbel\\\/#mainImage\",\"width\":1000,\"height\":1000},\"primaryImageOfPage\":{\"@id\":\"https:\\\/\\\/hidalgo.nl\\\/de\\\/product\\\/bike-bell-fietsbel\\\/#mainImage\"},\"datePublished\":\"2025-07-11T13:31:33+00:00\",\"dateModified\":\"2026-03-19T09:54:57+00:00\"},{\"@type\":\"WebSite\",\"@id\":\"https:\\\/\\\/hidalgo.nl\\\/de\\\/#website\",\"url\":\"https:\\\/\\\/hidalgo.nl\\\/de\\\/\",\"name\":\"Hidalgo\",\"inLanguage\":\"de-DE\",\"publisher\":{\"@id\":\"https:\\\/\\\/hidalgo.nl\\\/de\\\/#organization\"}}]}\n\t\t<\/script>\n\t\t<!-- All in One SEO Pro -->\r\n\t\t<title>Bike Bell fietsbel<\/title>\n\n","aioseo_head_json":{"title":"Bike Bell fietsbel","description":"Mach dich im Stadtverkehr deutlich bemerkbar: Diese robuste Fahrradklingel aus Metall mit Kunststoffhalter erzeugt einen klaren Ton und sorgt daf\u00fcr, dass Fu\u00dfg\u00e4nger dich rechtzeitig h\u00f6ren. Hidalgo bedruckt die Kappe mit deinem Logo - ideal f\u00fcr deinen t\u00e4glichen Weg.","canonical_url":"https:\/\/hidalgo.nl\/de\/wp-json\/wp\/v2\/product\/167867","robots":"max-image-preview:large","keywords":"","webmasterTools":{"miscellaneous":""},"schema":{"@context":"https:\/\/schema.org","@graph":[{"@type":"BreadcrumbList","@id":"https:\/\/hidalgo.nl\/de\/product\/bike-bell-fietsbel\/#breadcrumblist","itemListElement":[{"@type":"ListItem","@id":"https:\/\/hidalgo.nl\/de\/#listItem","position":1,"name":"Home","item":"https:\/\/hidalgo.nl\/de\/","nextItem":{"@type":"ListItem","@id":"https:\/\/hidalgo.nl\/example\/#listItem","name":"example"}},{"@type":"ListItem","@id":"https:\/\/hidalgo.nl\/example\/#listItem","position":2,"name":"example","item":"https:\/\/hidalgo.nl\/example\/","nextItem":{"@type":"ListItem","@id":"https:\/\/hidalgo.nl\/en\/product-supplier\/a24\/#listItem","name":"A24"},"previousItem":{"@type":"ListItem","@id":"https:\/\/hidalgo.nl\/de\/#listItem","name":"Home"}},{"@type":"ListItem","@id":"https:\/\/hidalgo.nl\/en\/product-supplier\/a24\/#listItem","position":3,"name":"A24","item":"https:\/\/hidalgo.nl\/en\/product-supplier\/a24\/","nextItem":{"@type":"ListItem","@id":"https:\/\/hidalgo.nl\/de\/product\/bike-bell-fietsbel\/#listItem","name":"Bike Bell fietsbel"},"previousItem":{"@type":"ListItem","@id":"https:\/\/hidalgo.nl\/example\/#listItem","name":"example"}},{"@type":"ListItem","@id":"https:\/\/hidalgo.nl\/de\/product\/bike-bell-fietsbel\/#listItem","position":4,"name":"Bike Bell fietsbel","previousItem":{"@type":"ListItem","@id":"https:\/\/hidalgo.nl\/en\/product-supplier\/a24\/#listItem","name":"A24"}}]},{"@type":"Organization","@id":"https:\/\/hidalgo.nl\/de\/#organization","name":"Hidalgo","url":"https:\/\/hidalgo.nl\/de\/","logo":{"@type":"ImageObject","url":"https:\/\/shop.hidalgo.nl\/wp-content\/uploads\/2025\/11\/cropped-Hidalgo-est1993.png","@id":"https:\/\/hidalgo.nl\/de\/product\/bike-bell-fietsbel\/#organizationLogo","width":585,"height":195},"image":{"@id":"https:\/\/hidalgo.nl\/de\/product\/bike-bell-fietsbel\/#organizationLogo"}},{"@type":"ProductGroup","@id":"https:\/\/hidalgo.nl\/de\/product\/bike-bell-fietsbel\/#wooCommerceProduct","name":"Bike Bell fietsbel","url":"https:\/\/hidalgo.nl\/de\/product\/bike-bell-fietsbel\/","sku":"A24-3553","image":{"@type":"ImageObject","url":"https:\/\/shop.hidalgo.nl\/wp-content\/uploads\/2025\/07\/c68a79f9c7ac921cc7c1403785ba3180128dc764b871c03538c2ea441621ca79.jpg","@id":"https:\/\/hidalgo.nl\/de\/product\/bike-bell-fietsbel\/#productImage","width":1000,"height":1000},"productGroupID":167867,"hasVariant":[{"@type":"Product","@id":"https:\/\/hidalgo.nl\/de\/product\/bike-bell-fietsbel\/#wooCommerceProduct","name":"Bike Bell fietsbel - blauw","url":"https:\/\/hidalgo.nl\/de\/product\/bike-bell-fietsbel\/","sku":"A24-355330","image":{"@type":"ImageObject","url":"https:\/\/shop.hidalgo.nl\/wp-content\/uploads\/2025\/07\/c68a79f9c7ac921cc7c1403785ba3180128dc764b871c03538c2ea441621ca79.jpg","@id":"https:\/\/hidalgo.nl\/de\/product\/bike-bell-fietsbel\/#productImage","width":1000,"height":1000},"offers":{"@type":"Offer","url":"https:\/\/hidalgo.nl\/de\/product\/bike-bell-fietsbel\/#wooCommerceOffer","price":"1.34","priceCurrency":"EUR","category":"Promotionele Artikelen","availability":"https:\/\/schema.org\/InStock","priceSpecification":{"@type":"PriceSpecification","price":1.34,"priceCurrency":"EUR","valueAddedTaxIncluded":"true"}}},{"@type":"Product","@id":"https:\/\/hidalgo.nl\/de\/product\/bike-bell-fietsbel\/#wooCommerceProduct","name":"Bike Bell fietsbel - zwart","url":"https:\/\/hidalgo.nl\/de\/product\/bike-bell-fietsbel\/","sku":"A24-355398","image":{"@type":"ImageObject","url":"https:\/\/shop.hidalgo.nl\/wp-content\/uploads\/2025\/07\/74d8bef77c6cd3aaad7af036acc71dfd2bdd9d704ac2518654840bbe2bbad78b.jpg","@id":"https:\/\/hidalgo.nl\/de\/product\/bike-bell-fietsbel\/#productImage","width":1000,"height":1000},"offers":{"@type":"Offer","url":"https:\/\/hidalgo.nl\/de\/product\/bike-bell-fietsbel\/#wooCommerceOffer","price":"1.34","priceCurrency":"EUR","category":"Promotionele Artikelen","availability":"https:\/\/schema.org\/InStock","priceSpecification":{"@type":"PriceSpecification","price":1.34,"priceCurrency":"EUR","valueAddedTaxIncluded":"true"}}}]},{"@type":"WebPage","@id":"https:\/\/hidalgo.nl\/de\/product\/bike-bell-fietsbel\/#webpage","url":"https:\/\/hidalgo.nl\/de\/product\/bike-bell-fietsbel\/","name":"Bike Bell fietsbel","description":"Mach dich im Stadtverkehr deutlich bemerkbar: Diese robuste Fahrradklingel aus Metall mit Kunststoffhalter erzeugt einen klaren Ton und sorgt daf\u00fcr, dass Fu\u00dfg\u00e4nger dich rechtzeitig h\u00f6ren. Hidalgo bedruckt die Kappe mit deinem Logo - ideal f\u00fcr deinen t\u00e4glichen Weg.","inLanguage":"de-DE","isPartOf":{"@id":"https:\/\/hidalgo.nl\/de\/#website"},"breadcrumb":{"@id":"https:\/\/hidalgo.nl\/de\/product\/bike-bell-fietsbel\/#breadcrumblist"},"image":{"@type":"ImageObject","url":"https:\/\/shop.hidalgo.nl\/wp-content\/uploads\/2025\/07\/c68a79f9c7ac921cc7c1403785ba3180128dc764b871c03538c2ea441621ca79.jpg","@id":"https:\/\/hidalgo.nl\/de\/product\/bike-bell-fietsbel\/#mainImage","width":1000,"height":1000},"primaryImageOfPage":{"@id":"https:\/\/hidalgo.nl\/de\/product\/bike-bell-fietsbel\/#mainImage"},"datePublished":"2025-07-11T13:31:33+00:00","dateModified":"2026-03-19T09:54:57+00:00"},{"@type":"WebSite","@id":"https:\/\/hidalgo.nl\/de\/#website","url":"https:\/\/hidalgo.nl\/de\/","name":"Hidalgo","inLanguage":"de-DE","publisher":{"@id":"https:\/\/hidalgo.nl\/de\/#organization"}}]},"og:locale":"de_DE","og:site_name":"Hidalgo -","og:type":"article","og:title":"Bike Bell fietsbel","og:description":"Mach dich im Stadtverkehr deutlich bemerkbar: Diese robuste Fahrradklingel aus Metall mit Kunststoffhalter erzeugt einen klaren Ton und sorgt daf\u00fcr, dass Fu\u00dfg\u00e4nger dich rechtzeitig h\u00f6ren. Hidalgo bedruckt die Kappe mit deinem Logo - ideal f\u00fcr deinen t\u00e4glichen Weg.","og:url":"https:\/\/hidalgo.nl\/de\/wp-json\/wp\/v2\/product\/167867","og:image":"https:\/\/shop.hidalgo.nl\/wp-content\/uploads\/2025\/11\/cropped-Hidalgo-est1993.png","og:image:secure_url":"https:\/\/shop.hidalgo.nl\/wp-content\/uploads\/2025\/11\/cropped-Hidalgo-est1993.png","article:published_time":"2025-07-11T13:31:33+00:00","article:modified_time":"2026-03-19T09:54:57+00:00","twitter:card":"summary_large_image","twitter:title":"Bike Bell fietsbel","twitter:description":"Mach dich im Stadtverkehr deutlich bemerkbar: Diese robuste Fahrradklingel aus Metall mit Kunststoffhalter erzeugt einen klaren Ton und sorgt daf\u00fcr, dass Fu\u00dfg\u00e4nger dich rechtzeitig h\u00f6ren. Hidalgo bedruckt die Kappe mit deinem Logo - ideal f\u00fcr deinen t\u00e4glichen Weg.","twitter:image":"https:\/\/shop.hidalgo.nl\/wp-content\/uploads\/2025\/11\/cropped-Hidalgo-est1993.png"},"aioseo_meta_data":{"post_id":"167867","title":null,"description":null,"keywords":null,"keyphrases":null,"primary_term":null,"canonical_url":null,"og_title":null,"og_description":null,"og_object_type":"default","og_image_type":"default","og_image_url":null,"og_image_width":null,"og_image_height":null,"og_image_custom_url":null,"og_image_custom_fields":null,"og_video":null,"og_custom_url":null,"og_article_section":null,"og_article_tags":null,"twitter_use_og":false,"twitter_card":"default","twitter_image_type":"default","twitter_image_url":null,"twitter_image_custom_url":null,"twitter_image_custom_fields":null,"twitter_title":null,"twitter_description":null,"schema":{"blockGraphs":[],"customGraphs":[],"default":{"data":{"Article":[],"Course":[],"Dataset":[],"FAQPage":[],"Movie":[],"Person":[],"Product":[],"ProductReview":[],"Car":[],"Recipe":[],"Service":[],"SoftwareApplication":[],"WebPage":[]},"graphName":"","isEnabled":true},"graphs":[]},"schema_type":"default","schema_type_options":null,"pillar_content":false,"robots_default":true,"robots_noindex":false,"robots_noarchive":false,"robots_nosnippet":false,"robots_nofollow":false,"robots_noimageindex":false,"robots_noodp":false,"robots_notranslate":false,"robots_max_snippet":null,"robots_max_videopreview":null,"robots_max_imagepreview":"large","priority":null,"frequency":null,"local_seo":null,"seo_analyzer_scan_date":"2026-01-22 19:21:15","breadcrumb_settings":null,"limit_modified_date":false,"reviewed_by":null,"open_ai":null,"ai":null,"created":"2026-01-14 07:03:00","updated":"2026-04-23 01:22:52"},"aioseo_breadcrumb":"<div class=\"aioseo-breadcrumbs\"><span class=\"aioseo-breadcrumb\">\n\t<a href=\"https:\/\/hidalgo.nl\/de\/\" title=\"Home\">Home<\/a>\n<\/span><span class=\"aioseo-breadcrumb-separator\">\u00bb<\/span><span class=\"aioseo-breadcrumb\">\n\t<a href=\"https:\/\/hidalgo.nl\/example\/\" title=\"example\">example<\/a>\n<\/span><span class=\"aioseo-breadcrumb-separator\">\u00bb<\/span><span class=\"aioseo-breadcrumb\">\n\t<a href=\"https:\/\/hidalgo.nl\/en\/product-supplier\/a24\/\" title=\"A24\">A24<\/a>\n<\/span><span class=\"aioseo-breadcrumb-separator\">\u00bb<\/span><span class=\"aioseo-breadcrumb\">\n\tBike Bell fietsbel\n<\/span><\/div>","aioseo_breadcrumb_json":[{"label":"Home","link":"https:\/\/hidalgo.nl\/de\/"},{"label":"example","link":"https:\/\/hidalgo.nl\/example\/"},{"label":"A24","link":"https:\/\/hidalgo.nl\/en\/product-supplier\/a24\/"},{"label":"Bike Bell fietsbel","link":"https:\/\/hidalgo.nl\/de\/product\/bike-bell-fietsbel\/"}],"_links":{"self":[{"href":"https:\/\/hidalgo.nl\/de\/wp-json\/wp\/v2\/product\/167867","targetHints":{"allow":["GET"]}}],"collection":[{"href":"https:\/\/hidalgo.nl\/de\/wp-json\/wp\/v2\/product"}],"about":[{"href":"https:\/\/hidalgo.nl\/de\/wp-json\/wp\/v2\/types\/product"}],"wp:featuredmedia":[{"embeddable":true,"href":"https:\/\/hidalgo.nl\/de\/wp-json\/wp\/v2\/media\/167868"}],"wp:attachment":[{"href":"https:\/\/hidalgo.nl\/de\/wp-json\/wp\/v2\/media?parent=167867"}],"wp:term":[{"taxonomy":"product_brand","embeddable":true,"href":"https:\/\/hidalgo.nl\/de\/wp-json\/wp\/v2\/product_brand?post=167867"},{"taxonomy":"product_cat","embeddable":true,"href":"https:\/\/hidalgo.nl\/de\/wp-json\/wp\/v2\/product_cat?post=167867"},{"taxonomy":"product_tag","embeddable":true,"href":"https:\/\/hidalgo.nl\/de\/wp-json\/wp\/v2\/product_tag?post=167867"}],"curies":[{"name":"wp","href":"https:\/\/api.w.org\/{rel}","templated":true}]}}