{"id":167303,"date":"2025-07-11T12:59:29","date_gmt":"2025-07-11T12:59:29","guid":{"rendered":"http:\/\/bidonsenshakers.pim.hidalgo.nl\/product\/midway-sleutelhanger\/"},"modified":"2026-03-19T09:55:30","modified_gmt":"2026-03-19T09:55:30","slug":"midway-sleutelhanger","status":"publish","type":"product","link":"https:\/\/hidalgo.nl\/de\/product\/midway-sleutelhanger\/","title":{"rendered":"Midway sleutelhanger"},"content":{"rendered":"<p>Sleutelhanger in mat metalen uitvoering. Met beukenhouten inleg. Aan stevige, metalen sleutelring. Per stuk in kraft envelop.<\/p>\n","protected":false},"excerpt":{"rendered":"<p>Sleutelhanger in mat metalen uitvoering. Met beukenhouten inleg. Aan stevige, metalen sleutelring. Per stuk in kraft envelop.<\/p>\n","protected":false},"featured_media":167304,"template":"","meta":{"_acf_changed":false,"om_disable_all_campaigns":false,"_monsterinsights_skip_tracking":false,"_monsterinsights_sitenote_active":false,"_monsterinsights_sitenote_note":"","_monsterinsights_sitenote_category":0},"product_brand":[],"product_cat":[4719,4801],"product_tag":[],"class_list":{"0":"post-167303","1":"product","2":"type-product","3":"status-publish","4":"has-post-thumbnail","6":"product_supplier-a24","7":"product_material-houtmetaal","8":"product_cat-promotionele-artikelen","9":"product_cat-sleutelhangers","10":"entry","12":"first","13":"instock","14":"taxable","15":"shipping-taxable","16":"purchasable","17":"product-type-variable"},"acf":{"imprint_cost":[{"imprint_cost_key":"e13e09bdf9e0ff625a9dbed096cd593cbfcbccb6","product_quantity_price_range":[{"imprint_cost_recommended_selling_price":"2.085","imprint_cost_recommended_selling_quantity":"1"},{"imprint_cost_recommended_selling_price":"1.335","imprint_cost_recommended_selling_quantity":"25"},{"imprint_cost_recommended_selling_price":"0.78","imprint_cost_recommended_selling_quantity":"50"},{"imprint_cost_recommended_selling_price":"0.51","imprint_cost_recommended_selling_quantity":"100"},{"imprint_cost_recommended_selling_price":"0.39","imprint_cost_recommended_selling_quantity":"250"},{"imprint_cost_recommended_selling_price":"0.315","imprint_cost_recommended_selling_quantity":"500"},{"imprint_cost_recommended_selling_price":"0.27","imprint_cost_recommended_selling_quantity":"1000"},{"imprint_cost_recommended_selling_price":"0.255","imprint_cost_recommended_selling_quantity":"2500"},{"imprint_cost_recommended_selling_price":"0.24","imprint_cost_recommended_selling_quantity":"5000"}],"product_quantity_price_range_buying":[{"imprint_cost_general_buying_price":"1.39","imprint_cost_general_buying_quantity":"1"},{"imprint_cost_general_buying_price":"0.89","imprint_cost_general_buying_quantity":"25"},{"imprint_cost_general_buying_price":"0.52","imprint_cost_general_buying_quantity":"50"},{"imprint_cost_general_buying_price":"0.34","imprint_cost_general_buying_quantity":"100"},{"imprint_cost_general_buying_price":"0.26","imprint_cost_general_buying_quantity":"250"},{"imprint_cost_general_buying_price":"0.21","imprint_cost_general_buying_quantity":"500"},{"imprint_cost_general_buying_price":"0.18","imprint_cost_general_buying_quantity":"1000"},{"imprint_cost_general_buying_price":"0.17","imprint_cost_general_buying_quantity":"2500"},{"imprint_cost_general_buying_price":"0.16","imprint_cost_general_buying_quantity":"5000"}],"imprint_cost_setup_costs":"26.25","imprint_cost_handling_costs":"0.09"},{"imprint_cost_key":"cd886dbd8e15f254ae6809059e1c578428a4f694","product_quantity_price_range":[{"imprint_cost_recommended_selling_price":"2.385","imprint_cost_recommended_selling_quantity":"1"},{"imprint_cost_recommended_selling_price":"1.635","imprint_cost_recommended_selling_quantity":"25"},{"imprint_cost_recommended_selling_price":"1.08","imprint_cost_recommended_selling_quantity":"50"},{"imprint_cost_recommended_selling_price":"0.81","imprint_cost_recommended_selling_quantity":"100"},{"imprint_cost_recommended_selling_price":"0.69","imprint_cost_recommended_selling_quantity":"250"},{"imprint_cost_recommended_selling_price":"0.615","imprint_cost_recommended_selling_quantity":"500"},{"imprint_cost_recommended_selling_price":"0.57","imprint_cost_recommended_selling_quantity":"1000"},{"imprint_cost_recommended_selling_price":"0.555","imprint_cost_recommended_selling_quantity":"2500"},{"imprint_cost_recommended_selling_price":"0.54","imprint_cost_recommended_selling_quantity":"5000"}],"product_quantity_price_range_buying":[{"imprint_cost_general_buying_price":"1.59","imprint_cost_general_buying_quantity":"1"},{"imprint_cost_general_buying_price":"1.09","imprint_cost_general_buying_quantity":"25"},{"imprint_cost_general_buying_price":"0.72","imprint_cost_general_buying_quantity":"50"},{"imprint_cost_general_buying_price":"0.54","imprint_cost_general_buying_quantity":"100"},{"imprint_cost_general_buying_price":"0.46","imprint_cost_general_buying_quantity":"250"},{"imprint_cost_general_buying_price":"0.41","imprint_cost_general_buying_quantity":"500"},{"imprint_cost_general_buying_price":"0.38","imprint_cost_general_buying_quantity":"1000"},{"imprint_cost_general_buying_price":"0.37","imprint_cost_general_buying_quantity":"2500"},{"imprint_cost_general_buying_price":"0.36","imprint_cost_general_buying_quantity":"5000"}],"imprint_cost_setup_costs":"26.25","imprint_cost_handling_costs":"0.09"},{"imprint_cost_key":"f8290718823e62478b23401f8163f86e1453d877","product_quantity_price_range":[{"imprint_cost_recommended_selling_price":"2.235","imprint_cost_recommended_selling_quantity":"1"},{"imprint_cost_recommended_selling_price":"1.485","imprint_cost_recommended_selling_quantity":"25"},{"imprint_cost_recommended_selling_price":"0.84","imprint_cost_recommended_selling_quantity":"50"},{"imprint_cost_recommended_selling_price":"0.51","imprint_cost_recommended_selling_quantity":"100"},{"imprint_cost_recommended_selling_price":"0.42","imprint_cost_recommended_selling_quantity":"250"},{"imprint_cost_recommended_selling_price":"0.36","imprint_cost_recommended_selling_quantity":"500"},{"imprint_cost_recommended_selling_price":"0.315","imprint_cost_recommended_selling_quantity":"1000"},{"imprint_cost_recommended_selling_price":"0.3","imprint_cost_recommended_selling_quantity":"2500"},{"imprint_cost_recommended_selling_price":"0.285","imprint_cost_recommended_selling_quantity":"5000"}],"product_quantity_price_range_buying":[{"imprint_cost_general_buying_price":"1.49","imprint_cost_general_buying_quantity":"1"},{"imprint_cost_general_buying_price":"0.99","imprint_cost_general_buying_quantity":"25"},{"imprint_cost_general_buying_price":"0.56","imprint_cost_general_buying_quantity":"50"},{"imprint_cost_general_buying_price":"0.34","imprint_cost_general_buying_quantity":"100"},{"imprint_cost_general_buying_price":"0.28","imprint_cost_general_buying_quantity":"250"},{"imprint_cost_general_buying_price":"0.24","imprint_cost_general_buying_quantity":"500"},{"imprint_cost_general_buying_price":"0.21","imprint_cost_general_buying_quantity":"1000"},{"imprint_cost_general_buying_price":"0.2","imprint_cost_general_buying_quantity":"2500"},{"imprint_cost_general_buying_price":"0.19","imprint_cost_general_buying_quantity":"5000"}],"imprint_cost_setup_costs":"26.25","imprint_cost_handling_costs":"0.09"},{"imprint_cost_key":"d7dd1f9e6d4cf3746adbaf3a6c7dcd8aa661485d","product_quantity_price_range":[{"imprint_cost_recommended_selling_price":"2.535","imprint_cost_recommended_selling_quantity":"1"},{"imprint_cost_recommended_selling_price":"1.785","imprint_cost_recommended_selling_quantity":"25"},{"imprint_cost_recommended_selling_price":"1.14","imprint_cost_recommended_selling_quantity":"50"},{"imprint_cost_recommended_selling_price":"0.81","imprint_cost_recommended_selling_quantity":"100"},{"imprint_cost_recommended_selling_price":"0.72","imprint_cost_recommended_selling_quantity":"250"},{"imprint_cost_recommended_selling_price":"0.66","imprint_cost_recommended_selling_quantity":"500"},{"imprint_cost_recommended_selling_price":"0.615","imprint_cost_recommended_selling_quantity":"1000"},{"imprint_cost_recommended_selling_price":"0.6","imprint_cost_recommended_selling_quantity":"2500"},{"imprint_cost_recommended_selling_price":"0.585","imprint_cost_recommended_selling_quantity":"5000"}],"product_quantity_price_range_buying":[{"imprint_cost_general_buying_price":"1.69","imprint_cost_general_buying_quantity":"1"},{"imprint_cost_general_buying_price":"1.19","imprint_cost_general_buying_quantity":"25"},{"imprint_cost_general_buying_price":"0.76","imprint_cost_general_buying_quantity":"50"},{"imprint_cost_general_buying_price":"0.54","imprint_cost_general_buying_quantity":"100"},{"imprint_cost_general_buying_price":"0.48","imprint_cost_general_buying_quantity":"250"},{"imprint_cost_general_buying_price":"0.44","imprint_cost_general_buying_quantity":"500"},{"imprint_cost_general_buying_price":"0.41","imprint_cost_general_buying_quantity":"1000"},{"imprint_cost_general_buying_price":"0.4","imprint_cost_general_buying_quantity":"2500"},{"imprint_cost_general_buying_price":"0.39","imprint_cost_general_buying_quantity":"5000"}],"imprint_cost_setup_costs":"26.25","imprint_cost_handling_costs":"0.09"}]},"aioseo_notices":[],"aioseo_head":"\n\t\t<!-- All in One SEO Pro 4.9.6.2 - aioseo.com -->\n\t<meta name=\"description\" content=\"Midway ist ein robuster Schl\u00fcsselanh\u00e4nger mit Einlage aus Buche, angenehm im Alltag nutzbar. Bei Hidalgo druckst du dein Logo pr\u00e4zise auf die Bucheinlage und machst ihn zum praktischen Giveaway f\u00fcr Events, Vereine und junge Teams.\" \/>\n\t<meta name=\"robots\" content=\"max-image-preview:large\" \/>\n\t<link rel=\"canonical\" href=\"https:\/\/hidalgo.nl\/de\/wp-json\/wp\/v2\/product\/167303\" \/>\n\t<meta name=\"generator\" content=\"All in One SEO Pro (AIOSEO) 4.9.6.2\" \/>\n\t\t<meta property=\"og:locale\" content=\"de_DE\" \/>\n\t\t<meta property=\"og:site_name\" content=\"Hidalgo -\" \/>\n\t\t<meta property=\"og:type\" content=\"article\" \/>\n\t\t<meta property=\"og:title\" content=\"Midway sleutelhanger\" \/>\n\t\t<meta property=\"og:description\" content=\"Midway ist ein robuster Schl\u00fcsselanh\u00e4nger mit Einlage aus Buche, angenehm im Alltag nutzbar. Bei Hidalgo druckst du dein Logo pr\u00e4zise auf die Bucheinlage und machst ihn zum praktischen Giveaway f\u00fcr Events, Vereine und junge Teams.\" \/>\n\t\t<meta property=\"og:url\" content=\"https:\/\/hidalgo.nl\/de\/wp-json\/wp\/v2\/product\/167303\" \/>\n\t\t<meta property=\"og:image\" content=\"https:\/\/shop.hidalgo.nl\/wp-content\/uploads\/2025\/11\/cropped-Hidalgo-est1993.png\" \/>\n\t\t<meta property=\"og:image:secure_url\" content=\"https:\/\/shop.hidalgo.nl\/wp-content\/uploads\/2025\/11\/cropped-Hidalgo-est1993.png\" \/>\n\t\t<meta property=\"article:published_time\" content=\"2025-07-11T12:59:29+00:00\" \/>\n\t\t<meta property=\"article:modified_time\" content=\"2026-03-19T09:55:30+00:00\" \/>\n\t\t<meta name=\"twitter:card\" content=\"summary_large_image\" \/>\n\t\t<meta name=\"twitter:title\" content=\"Midway sleutelhanger\" \/>\n\t\t<meta name=\"twitter:description\" content=\"Midway ist ein robuster Schl\u00fcsselanh\u00e4nger mit Einlage aus Buche, angenehm im Alltag nutzbar. Bei Hidalgo druckst du dein Logo pr\u00e4zise auf die Bucheinlage und machst ihn zum praktischen Giveaway f\u00fcr Events, Vereine und junge Teams.\" \/>\n\t\t<meta name=\"twitter:image\" content=\"https:\/\/shop.hidalgo.nl\/wp-content\/uploads\/2025\/11\/cropped-Hidalgo-est1993.png\" \/>\n\t\t<script type=\"application\/ld+json\" class=\"aioseo-schema\">\n\t\t\t{\"@context\":\"https:\\\/\\\/schema.org\",\"@graph\":[{\"@type\":\"BreadcrumbList\",\"@id\":\"https:\\\/\\\/hidalgo.nl\\\/de\\\/product\\\/midway-sleutelhanger\\\/#breadcrumblist\",\"itemListElement\":[{\"@type\":\"ListItem\",\"@id\":\"https:\\\/\\\/hidalgo.nl\\\/de\\\/#listItem\",\"position\":1,\"name\":\"Home\",\"item\":\"https:\\\/\\\/hidalgo.nl\\\/de\\\/\",\"nextItem\":{\"@type\":\"ListItem\",\"@id\":\"https:\\\/\\\/hidalgo.nl\\\/example\\\/#listItem\",\"name\":\"example\"}},{\"@type\":\"ListItem\",\"@id\":\"https:\\\/\\\/hidalgo.nl\\\/example\\\/#listItem\",\"position\":2,\"name\":\"example\",\"item\":\"https:\\\/\\\/hidalgo.nl\\\/example\\\/\",\"nextItem\":{\"@type\":\"ListItem\",\"@id\":\"https:\\\/\\\/hidalgo.nl\\\/en\\\/product-supplier\\\/a24\\\/#listItem\",\"name\":\"A24\"},\"previousItem\":{\"@type\":\"ListItem\",\"@id\":\"https:\\\/\\\/hidalgo.nl\\\/de\\\/#listItem\",\"name\":\"Home\"}},{\"@type\":\"ListItem\",\"@id\":\"https:\\\/\\\/hidalgo.nl\\\/en\\\/product-supplier\\\/a24\\\/#listItem\",\"position\":3,\"name\":\"A24\",\"item\":\"https:\\\/\\\/hidalgo.nl\\\/en\\\/product-supplier\\\/a24\\\/\",\"nextItem\":{\"@type\":\"ListItem\",\"@id\":\"https:\\\/\\\/hidalgo.nl\\\/de\\\/product\\\/midway-sleutelhanger\\\/#listItem\",\"name\":\"Midway sleutelhanger\"},\"previousItem\":{\"@type\":\"ListItem\",\"@id\":\"https:\\\/\\\/hidalgo.nl\\\/example\\\/#listItem\",\"name\":\"example\"}},{\"@type\":\"ListItem\",\"@id\":\"https:\\\/\\\/hidalgo.nl\\\/de\\\/product\\\/midway-sleutelhanger\\\/#listItem\",\"position\":4,\"name\":\"Midway sleutelhanger\",\"previousItem\":{\"@type\":\"ListItem\",\"@id\":\"https:\\\/\\\/hidalgo.nl\\\/en\\\/product-supplier\\\/a24\\\/#listItem\",\"name\":\"A24\"}}]},{\"@type\":\"Organization\",\"@id\":\"https:\\\/\\\/hidalgo.nl\\\/de\\\/#organization\",\"name\":\"Hidalgo\",\"url\":\"https:\\\/\\\/hidalgo.nl\\\/de\\\/\",\"logo\":{\"@type\":\"ImageObject\",\"url\":\"https:\\\/\\\/shop.hidalgo.nl\\\/wp-content\\\/uploads\\\/2025\\\/11\\\/cropped-Hidalgo-est1993.png\",\"@id\":\"https:\\\/\\\/hidalgo.nl\\\/de\\\/product\\\/midway-sleutelhanger\\\/#organizationLogo\",\"width\":585,\"height\":195},\"image\":{\"@id\":\"https:\\\/\\\/hidalgo.nl\\\/de\\\/product\\\/midway-sleutelhanger\\\/#organizationLogo\"}},{\"@type\":\"ProductGroup\",\"@id\":\"https:\\\/\\\/hidalgo.nl\\\/de\\\/product\\\/midway-sleutelhanger\\\/#wooCommerceProduct\",\"name\":\"Midway sleutelhanger\",\"url\":\"https:\\\/\\\/hidalgo.nl\\\/de\\\/product\\\/midway-sleutelhanger\\\/\",\"sku\":\"A24-3122\",\"image\":{\"@type\":\"ImageObject\",\"url\":\"https:\\\/\\\/shop.hidalgo.nl\\\/wp-content\\\/uploads\\\/2025\\\/07\\\/118088480cfe5063a0b0d5c2289f07bf712b4424daebc8ddb89c1506a8afa624.jpg\",\"@id\":\"https:\\\/\\\/hidalgo.nl\\\/de\\\/product\\\/midway-sleutelhanger\\\/#productImage\",\"width\":1000,\"height\":1000},\"productGroupID\":167303,\"hasVariant\":[{\"@type\":\"Product\",\"@id\":\"https:\\\/\\\/hidalgo.nl\\\/de\\\/product\\\/midway-sleutelhanger\\\/#wooCommerceProduct\",\"name\":\"Midway sleutelhanger - hout\",\"url\":\"https:\\\/\\\/hidalgo.nl\\\/de\\\/product\\\/midway-sleutelhanger\\\/\",\"sku\":\"A24-312244\",\"image\":{\"@type\":\"ImageObject\",\"url\":\"https:\\\/\\\/shop.hidalgo.nl\\\/wp-content\\\/uploads\\\/2025\\\/07\\\/118088480cfe5063a0b0d5c2289f07bf712b4424daebc8ddb89c1506a8afa624.jpg\",\"@id\":\"https:\\\/\\\/hidalgo.nl\\\/de\\\/product\\\/midway-sleutelhanger\\\/#productImage\",\"width\":1000,\"height\":1000},\"offers\":{\"@type\":\"Offer\",\"url\":\"https:\\\/\\\/hidalgo.nl\\\/de\\\/product\\\/midway-sleutelhanger\\\/#wooCommerceOffer\",\"price\":\"1.49\",\"priceCurrency\":\"EUR\",\"category\":\"Promotionele Artikelen\",\"availability\":\"https:\\\/\\\/schema.org\\\/InStock\",\"priceSpecification\":{\"@type\":\"PriceSpecification\",\"price\":1.49,\"priceCurrency\":\"EUR\",\"valueAddedTaxIncluded\":\"true\"}}}]},{\"@type\":\"WebPage\",\"@id\":\"https:\\\/\\\/hidalgo.nl\\\/de\\\/product\\\/midway-sleutelhanger\\\/#webpage\",\"url\":\"https:\\\/\\\/hidalgo.nl\\\/de\\\/product\\\/midway-sleutelhanger\\\/\",\"name\":\"Midway sleutelhanger\",\"description\":\"Midway ist ein robuster Schl\\u00fcsselanh\\u00e4nger mit Einlage aus Buche, angenehm im Alltag nutzbar. Bei Hidalgo druckst du dein Logo pr\\u00e4zise auf die Bucheinlage und machst ihn zum praktischen Giveaway f\\u00fcr Events, Vereine und junge Teams.\",\"inLanguage\":\"de-DE\",\"isPartOf\":{\"@id\":\"https:\\\/\\\/hidalgo.nl\\\/de\\\/#website\"},\"breadcrumb\":{\"@id\":\"https:\\\/\\\/hidalgo.nl\\\/de\\\/product\\\/midway-sleutelhanger\\\/#breadcrumblist\"},\"image\":{\"@type\":\"ImageObject\",\"url\":\"https:\\\/\\\/shop.hidalgo.nl\\\/wp-content\\\/uploads\\\/2025\\\/07\\\/118088480cfe5063a0b0d5c2289f07bf712b4424daebc8ddb89c1506a8afa624.jpg\",\"@id\":\"https:\\\/\\\/hidalgo.nl\\\/de\\\/product\\\/midway-sleutelhanger\\\/#mainImage\",\"width\":1000,\"height\":1000},\"primaryImageOfPage\":{\"@id\":\"https:\\\/\\\/hidalgo.nl\\\/de\\\/product\\\/midway-sleutelhanger\\\/#mainImage\"},\"datePublished\":\"2025-07-11T12:59:29+00:00\",\"dateModified\":\"2026-03-19T09:55:30+00:00\"},{\"@type\":\"WebSite\",\"@id\":\"https:\\\/\\\/hidalgo.nl\\\/de\\\/#website\",\"url\":\"https:\\\/\\\/hidalgo.nl\\\/de\\\/\",\"name\":\"Hidalgo\",\"inLanguage\":\"de-DE\",\"publisher\":{\"@id\":\"https:\\\/\\\/hidalgo.nl\\\/de\\\/#organization\"}}]}\n\t\t<\/script>\n\t\t<!-- All in One SEO Pro -->\r\n\t\t<title>Midway sleutelhanger<\/title>\n\n","aioseo_head_json":{"title":"Midway sleutelhanger","description":"Midway ist ein robuster Schl\u00fcsselanh\u00e4nger mit Einlage aus Buche, angenehm im Alltag nutzbar. Bei Hidalgo druckst du dein Logo pr\u00e4zise auf die Bucheinlage und machst ihn zum praktischen Giveaway f\u00fcr Events, Vereine und junge Teams.","canonical_url":"https:\/\/hidalgo.nl\/de\/wp-json\/wp\/v2\/product\/167303","robots":"max-image-preview:large","keywords":"","webmasterTools":{"miscellaneous":""},"schema":{"@context":"https:\/\/schema.org","@graph":[{"@type":"BreadcrumbList","@id":"https:\/\/hidalgo.nl\/de\/product\/midway-sleutelhanger\/#breadcrumblist","itemListElement":[{"@type":"ListItem","@id":"https:\/\/hidalgo.nl\/de\/#listItem","position":1,"name":"Home","item":"https:\/\/hidalgo.nl\/de\/","nextItem":{"@type":"ListItem","@id":"https:\/\/hidalgo.nl\/example\/#listItem","name":"example"}},{"@type":"ListItem","@id":"https:\/\/hidalgo.nl\/example\/#listItem","position":2,"name":"example","item":"https:\/\/hidalgo.nl\/example\/","nextItem":{"@type":"ListItem","@id":"https:\/\/hidalgo.nl\/en\/product-supplier\/a24\/#listItem","name":"A24"},"previousItem":{"@type":"ListItem","@id":"https:\/\/hidalgo.nl\/de\/#listItem","name":"Home"}},{"@type":"ListItem","@id":"https:\/\/hidalgo.nl\/en\/product-supplier\/a24\/#listItem","position":3,"name":"A24","item":"https:\/\/hidalgo.nl\/en\/product-supplier\/a24\/","nextItem":{"@type":"ListItem","@id":"https:\/\/hidalgo.nl\/de\/product\/midway-sleutelhanger\/#listItem","name":"Midway sleutelhanger"},"previousItem":{"@type":"ListItem","@id":"https:\/\/hidalgo.nl\/example\/#listItem","name":"example"}},{"@type":"ListItem","@id":"https:\/\/hidalgo.nl\/de\/product\/midway-sleutelhanger\/#listItem","position":4,"name":"Midway sleutelhanger","previousItem":{"@type":"ListItem","@id":"https:\/\/hidalgo.nl\/en\/product-supplier\/a24\/#listItem","name":"A24"}}]},{"@type":"Organization","@id":"https:\/\/hidalgo.nl\/de\/#organization","name":"Hidalgo","url":"https:\/\/hidalgo.nl\/de\/","logo":{"@type":"ImageObject","url":"https:\/\/shop.hidalgo.nl\/wp-content\/uploads\/2025\/11\/cropped-Hidalgo-est1993.png","@id":"https:\/\/hidalgo.nl\/de\/product\/midway-sleutelhanger\/#organizationLogo","width":585,"height":195},"image":{"@id":"https:\/\/hidalgo.nl\/de\/product\/midway-sleutelhanger\/#organizationLogo"}},{"@type":"ProductGroup","@id":"https:\/\/hidalgo.nl\/de\/product\/midway-sleutelhanger\/#wooCommerceProduct","name":"Midway sleutelhanger","url":"https:\/\/hidalgo.nl\/de\/product\/midway-sleutelhanger\/","sku":"A24-3122","image":{"@type":"ImageObject","url":"https:\/\/shop.hidalgo.nl\/wp-content\/uploads\/2025\/07\/118088480cfe5063a0b0d5c2289f07bf712b4424daebc8ddb89c1506a8afa624.jpg","@id":"https:\/\/hidalgo.nl\/de\/product\/midway-sleutelhanger\/#productImage","width":1000,"height":1000},"productGroupID":167303,"hasVariant":[{"@type":"Product","@id":"https:\/\/hidalgo.nl\/de\/product\/midway-sleutelhanger\/#wooCommerceProduct","name":"Midway sleutelhanger - hout","url":"https:\/\/hidalgo.nl\/de\/product\/midway-sleutelhanger\/","sku":"A24-312244","image":{"@type":"ImageObject","url":"https:\/\/shop.hidalgo.nl\/wp-content\/uploads\/2025\/07\/118088480cfe5063a0b0d5c2289f07bf712b4424daebc8ddb89c1506a8afa624.jpg","@id":"https:\/\/hidalgo.nl\/de\/product\/midway-sleutelhanger\/#productImage","width":1000,"height":1000},"offers":{"@type":"Offer","url":"https:\/\/hidalgo.nl\/de\/product\/midway-sleutelhanger\/#wooCommerceOffer","price":"1.49","priceCurrency":"EUR","category":"Promotionele Artikelen","availability":"https:\/\/schema.org\/InStock","priceSpecification":{"@type":"PriceSpecification","price":1.49,"priceCurrency":"EUR","valueAddedTaxIncluded":"true"}}}]},{"@type":"WebPage","@id":"https:\/\/hidalgo.nl\/de\/product\/midway-sleutelhanger\/#webpage","url":"https:\/\/hidalgo.nl\/de\/product\/midway-sleutelhanger\/","name":"Midway sleutelhanger","description":"Midway ist ein robuster Schl\u00fcsselanh\u00e4nger mit Einlage aus Buche, angenehm im Alltag nutzbar. Bei Hidalgo druckst du dein Logo pr\u00e4zise auf die Bucheinlage und machst ihn zum praktischen Giveaway f\u00fcr Events, Vereine und junge Teams.","inLanguage":"de-DE","isPartOf":{"@id":"https:\/\/hidalgo.nl\/de\/#website"},"breadcrumb":{"@id":"https:\/\/hidalgo.nl\/de\/product\/midway-sleutelhanger\/#breadcrumblist"},"image":{"@type":"ImageObject","url":"https:\/\/shop.hidalgo.nl\/wp-content\/uploads\/2025\/07\/118088480cfe5063a0b0d5c2289f07bf712b4424daebc8ddb89c1506a8afa624.jpg","@id":"https:\/\/hidalgo.nl\/de\/product\/midway-sleutelhanger\/#mainImage","width":1000,"height":1000},"primaryImageOfPage":{"@id":"https:\/\/hidalgo.nl\/de\/product\/midway-sleutelhanger\/#mainImage"},"datePublished":"2025-07-11T12:59:29+00:00","dateModified":"2026-03-19T09:55:30+00:00"},{"@type":"WebSite","@id":"https:\/\/hidalgo.nl\/de\/#website","url":"https:\/\/hidalgo.nl\/de\/","name":"Hidalgo","inLanguage":"de-DE","publisher":{"@id":"https:\/\/hidalgo.nl\/de\/#organization"}}]},"og:locale":"de_DE","og:site_name":"Hidalgo -","og:type":"article","og:title":"Midway sleutelhanger","og:description":"Midway ist ein robuster Schl\u00fcsselanh\u00e4nger mit Einlage aus Buche, angenehm im Alltag nutzbar. Bei Hidalgo druckst du dein Logo pr\u00e4zise auf die Bucheinlage und machst ihn zum praktischen Giveaway f\u00fcr Events, Vereine und junge Teams.","og:url":"https:\/\/hidalgo.nl\/de\/wp-json\/wp\/v2\/product\/167303","og:image":"https:\/\/shop.hidalgo.nl\/wp-content\/uploads\/2025\/11\/cropped-Hidalgo-est1993.png","og:image:secure_url":"https:\/\/shop.hidalgo.nl\/wp-content\/uploads\/2025\/11\/cropped-Hidalgo-est1993.png","article:published_time":"2025-07-11T12:59:29+00:00","article:modified_time":"2026-03-19T09:55:30+00:00","twitter:card":"summary_large_image","twitter:title":"Midway sleutelhanger","twitter:description":"Midway ist ein robuster Schl\u00fcsselanh\u00e4nger mit Einlage aus Buche, angenehm im Alltag nutzbar. Bei Hidalgo druckst du dein Logo pr\u00e4zise auf die Bucheinlage und machst ihn zum praktischen Giveaway f\u00fcr Events, Vereine und junge Teams.","twitter:image":"https:\/\/shop.hidalgo.nl\/wp-content\/uploads\/2025\/11\/cropped-Hidalgo-est1993.png"},"aioseo_meta_data":{"post_id":"167303","title":null,"description":null,"keywords":null,"keyphrases":null,"primary_term":null,"canonical_url":null,"og_title":null,"og_description":null,"og_object_type":"default","og_image_type":"default","og_image_url":null,"og_image_width":null,"og_image_height":null,"og_image_custom_url":null,"og_image_custom_fields":null,"og_video":null,"og_custom_url":null,"og_article_section":null,"og_article_tags":null,"twitter_use_og":false,"twitter_card":"default","twitter_image_type":"default","twitter_image_url":null,"twitter_image_custom_url":null,"twitter_image_custom_fields":null,"twitter_title":null,"twitter_description":null,"schema":{"blockGraphs":[],"customGraphs":[],"default":{"data":{"Article":[],"Course":[],"Dataset":[],"FAQPage":[],"Movie":[],"Person":[],"Product":[],"ProductReview":[],"Car":[],"Recipe":[],"Service":[],"SoftwareApplication":[],"WebPage":[]},"graphName":"","isEnabled":true},"graphs":[]},"schema_type":"default","schema_type_options":null,"pillar_content":false,"robots_default":true,"robots_noindex":false,"robots_noarchive":false,"robots_nosnippet":false,"robots_nofollow":false,"robots_noimageindex":false,"robots_noodp":false,"robots_notranslate":false,"robots_max_snippet":null,"robots_max_videopreview":null,"robots_max_imagepreview":"large","priority":null,"frequency":null,"local_seo":null,"seo_analyzer_scan_date":"2026-01-22 19:14:09","breadcrumb_settings":null,"limit_modified_date":false,"reviewed_by":null,"open_ai":null,"ai":null,"created":"2026-01-14 07:03:00","updated":"2026-04-23 01:17:48"},"aioseo_breadcrumb":"<div class=\"aioseo-breadcrumbs\"><span class=\"aioseo-breadcrumb\">\n\t<a href=\"https:\/\/hidalgo.nl\/de\/\" title=\"Home\">Home<\/a>\n<\/span><span class=\"aioseo-breadcrumb-separator\">\u00bb<\/span><span class=\"aioseo-breadcrumb\">\n\t<a href=\"https:\/\/hidalgo.nl\/example\/\" title=\"example\">example<\/a>\n<\/span><span class=\"aioseo-breadcrumb-separator\">\u00bb<\/span><span class=\"aioseo-breadcrumb\">\n\t<a href=\"https:\/\/hidalgo.nl\/en\/product-supplier\/a24\/\" title=\"A24\">A24<\/a>\n<\/span><span class=\"aioseo-breadcrumb-separator\">\u00bb<\/span><span class=\"aioseo-breadcrumb\">\n\tMidway sleutelhanger\n<\/span><\/div>","aioseo_breadcrumb_json":[{"label":"Home","link":"https:\/\/hidalgo.nl\/de\/"},{"label":"example","link":"https:\/\/hidalgo.nl\/example\/"},{"label":"A24","link":"https:\/\/hidalgo.nl\/en\/product-supplier\/a24\/"},{"label":"Midway sleutelhanger","link":"https:\/\/hidalgo.nl\/de\/product\/midway-sleutelhanger\/"}],"_links":{"self":[{"href":"https:\/\/hidalgo.nl\/de\/wp-json\/wp\/v2\/product\/167303","targetHints":{"allow":["GET"]}}],"collection":[{"href":"https:\/\/hidalgo.nl\/de\/wp-json\/wp\/v2\/product"}],"about":[{"href":"https:\/\/hidalgo.nl\/de\/wp-json\/wp\/v2\/types\/product"}],"wp:featuredmedia":[{"embeddable":true,"href":"https:\/\/hidalgo.nl\/de\/wp-json\/wp\/v2\/media\/167304"}],"wp:attachment":[{"href":"https:\/\/hidalgo.nl\/de\/wp-json\/wp\/v2\/media?parent=167303"}],"wp:term":[{"taxonomy":"product_brand","embeddable":true,"href":"https:\/\/hidalgo.nl\/de\/wp-json\/wp\/v2\/product_brand?post=167303"},{"taxonomy":"product_cat","embeddable":true,"href":"https:\/\/hidalgo.nl\/de\/wp-json\/wp\/v2\/product_cat?post=167303"},{"taxonomy":"product_tag","embeddable":true,"href":"https:\/\/hidalgo.nl\/de\/wp-json\/wp\/v2\/product_tag?post=167303"}],"curies":[{"name":"wp","href":"https:\/\/api.w.org\/{rel}","templated":true}]}}