{"id":166782,"date":"2025-07-11T12:29:05","date_gmt":"2025-07-11T12:29:05","guid":{"rendered":"http:\/\/bidonsenshakers.pim.hidalgo.nl\/product\/grundig-1w-led-torch-zoom-zaklamp\/"},"modified":"2026-03-19T09:56:00","modified_gmt":"2026-03-19T09:56:00","slug":"grundig-1w-led-torch-zoom-zaklamp","status":"publish","type":"product","link":"https:\/\/hidalgo.nl\/de\/product\/grundig-1w-led-torch-zoom-zaklamp\/","title":{"rendered":"Grundig 1W LED-Torch Zoom zaklamp"},"content":{"rendered":"<p>Compacte, lichtgewicht, aluminium   zaklamp met krachtige 1 Watt LED (80 lumen) en zoom functie. De zoomfunctie van 5X stelt je in staat om de verlichting nauwkeurig aan te passen. Zoom in voor een geconcentreerde lichtbundel op specifieke gebieden, of zoom uit voor een breder verlichtingsbereik. Deze functie maakt de zaklamp uiterst veelzijdig en geschikt voor diverse toepassingen. De lamp werkt op 3 AAA\/R03 batterijen (niet meegeleverd). Inclusief polslus. Deze veelzijdige zaklamp neem je gemakkelijk mee en is geschikt voor diverse toepassingen. Per stuk verpakt.<\/p>\n","protected":false},"excerpt":{"rendered":"<p>Compacte, lichtgewicht, aluminium zaklamp met krachtige 1 Watt LED (80 lumen) en zoom functie. De zoomfunctie van 5X stelt je in staat om de verlichting nauwkeurig aan te passen. Zoom in voor een geconcentreerde lichtbundel op specifieke gebieden, of zoom uit voor een breder verlichtingsbereik. Deze functie maakt de zaklamp uiterst veelzijdig en geschikt voor&hellip; <a class=\"more-link\" href=\"https:\/\/hidalgo.nl\/de\/product\/grundig-1w-led-torch-zoom-zaklamp\/\"><span class=\"screen-reader-text\">Grundig 1W LED-Torch Zoom zaklamp<\/span> weiterlesen<\/a><\/p>\n","protected":false},"featured_media":166783,"template":"","meta":{"_acf_changed":false,"om_disable_all_campaigns":false,"_monsterinsights_skip_tracking":false,"_monsterinsights_sitenote_active":false,"_monsterinsights_sitenote_note":"","_monsterinsights_sitenote_category":0},"product_brand":[1838],"product_cat":[4719,4728,4729],"product_tag":[],"class_list":{"0":"post-166782","1":"product","2":"type-product","3":"status-publish","4":"has-post-thumbnail","6":"product_supplier-a24","7":"product_material-aluminium","8":"product_brand-grundig","9":"product_cat-promotionele-artikelen","10":"product_cat-promotionele-artikelen-thuis-keuken-en-tuin","11":"product_cat-tuin","12":"entry","14":"first","15":"instock","16":"taxable","17":"shipping-taxable","18":"purchasable","19":"product-type-variable"},"acf":{"imprint_cost":[{"imprint_cost_key":"d91f07d0c4f286c0da2e484dba82f4dc1b1611b3","product_quantity_price_range":[{"imprint_cost_recommended_selling_price":"2.235","imprint_cost_recommended_selling_quantity":"1"},{"imprint_cost_recommended_selling_price":"1.485","imprint_cost_recommended_selling_quantity":"25"},{"imprint_cost_recommended_selling_price":"0.84","imprint_cost_recommended_selling_quantity":"50"},{"imprint_cost_recommended_selling_price":"0.51","imprint_cost_recommended_selling_quantity":"100"},{"imprint_cost_recommended_selling_price":"0.42","imprint_cost_recommended_selling_quantity":"250"},{"imprint_cost_recommended_selling_price":"0.36","imprint_cost_recommended_selling_quantity":"500"},{"imprint_cost_recommended_selling_price":"0.315","imprint_cost_recommended_selling_quantity":"1000"},{"imprint_cost_recommended_selling_price":"0.3","imprint_cost_recommended_selling_quantity":"2500"},{"imprint_cost_recommended_selling_price":"0.285","imprint_cost_recommended_selling_quantity":"5000"}],"product_quantity_price_range_buying":[{"imprint_cost_general_buying_price":"1.49","imprint_cost_general_buying_quantity":"1"},{"imprint_cost_general_buying_price":"0.99","imprint_cost_general_buying_quantity":"25"},{"imprint_cost_general_buying_price":"0.56","imprint_cost_general_buying_quantity":"50"},{"imprint_cost_general_buying_price":"0.34","imprint_cost_general_buying_quantity":"100"},{"imprint_cost_general_buying_price":"0.28","imprint_cost_general_buying_quantity":"250"},{"imprint_cost_general_buying_price":"0.24","imprint_cost_general_buying_quantity":"500"},{"imprint_cost_general_buying_price":"0.21","imprint_cost_general_buying_quantity":"1000"},{"imprint_cost_general_buying_price":"0.2","imprint_cost_general_buying_quantity":"2500"},{"imprint_cost_general_buying_price":"0.19","imprint_cost_general_buying_quantity":"5000"}],"imprint_cost_setup_costs":"26.25","imprint_cost_handling_costs":"0.24"},{"imprint_cost_key":"c51ad26008a0aea40d028ce716446021f1179db6","product_quantity_price_range":[{"imprint_cost_recommended_selling_price":"2.535","imprint_cost_recommended_selling_quantity":"1"},{"imprint_cost_recommended_selling_price":"1.785","imprint_cost_recommended_selling_quantity":"25"},{"imprint_cost_recommended_selling_price":"1.14","imprint_cost_recommended_selling_quantity":"50"},{"imprint_cost_recommended_selling_price":"0.81","imprint_cost_recommended_selling_quantity":"100"},{"imprint_cost_recommended_selling_price":"0.72","imprint_cost_recommended_selling_quantity":"250"},{"imprint_cost_recommended_selling_price":"0.66","imprint_cost_recommended_selling_quantity":"500"},{"imprint_cost_recommended_selling_price":"0.615","imprint_cost_recommended_selling_quantity":"1000"},{"imprint_cost_recommended_selling_price":"0.6","imprint_cost_recommended_selling_quantity":"2500"},{"imprint_cost_recommended_selling_price":"0.585","imprint_cost_recommended_selling_quantity":"5000"}],"product_quantity_price_range_buying":[{"imprint_cost_general_buying_price":"1.69","imprint_cost_general_buying_quantity":"1"},{"imprint_cost_general_buying_price":"1.19","imprint_cost_general_buying_quantity":"25"},{"imprint_cost_general_buying_price":"0.76","imprint_cost_general_buying_quantity":"50"},{"imprint_cost_general_buying_price":"0.54","imprint_cost_general_buying_quantity":"100"},{"imprint_cost_general_buying_price":"0.48","imprint_cost_general_buying_quantity":"250"},{"imprint_cost_general_buying_price":"0.44","imprint_cost_general_buying_quantity":"500"},{"imprint_cost_general_buying_price":"0.41","imprint_cost_general_buying_quantity":"1000"},{"imprint_cost_general_buying_price":"0.4","imprint_cost_general_buying_quantity":"2500"},{"imprint_cost_general_buying_price":"0.39","imprint_cost_general_buying_quantity":"5000"}],"imprint_cost_setup_costs":"26.25","imprint_cost_handling_costs":"0.24"}]},"aioseo_notices":[],"aioseo_head":"\n\t\t<!-- All in One SEO Pro 4.9.6.2 - aioseo.com -->\n\t<meta name=\"description\" content=\"F\u00fcr 20-40-J\u00e4hrige unterwegs: kompakte LED-Taschenlampe mit griffigem Aluminiumgeh\u00e4use. Als Taschenlampe mit Zoomfunktion stellst du den Lichtkegel von breit auf punktgenau ein. Bei Hidalgo l\u00e4sst du dein Logo sauber auf das Geh\u00e4use drucken.\" \/>\n\t<meta name=\"robots\" content=\"max-image-preview:large\" \/>\n\t<link rel=\"canonical\" href=\"https:\/\/hidalgo.nl\/de\/wp-json\/wp\/v2\/product\/166782\" \/>\n\t<meta name=\"generator\" content=\"All in One SEO Pro (AIOSEO) 4.9.6.2\" \/>\n\t\t<meta property=\"og:locale\" content=\"de_DE\" \/>\n\t\t<meta property=\"og:site_name\" content=\"Hidalgo -\" \/>\n\t\t<meta property=\"og:type\" content=\"article\" \/>\n\t\t<meta property=\"og:title\" content=\"Grundig 1W LED-Torch Zoom zaklamp\" \/>\n\t\t<meta property=\"og:description\" content=\"F\u00fcr 20-40-J\u00e4hrige unterwegs: kompakte LED-Taschenlampe mit griffigem Aluminiumgeh\u00e4use. Als Taschenlampe mit Zoomfunktion stellst du den Lichtkegel von breit auf punktgenau ein. Bei Hidalgo l\u00e4sst du dein Logo sauber auf das Geh\u00e4use drucken.\" \/>\n\t\t<meta property=\"og:url\" content=\"https:\/\/hidalgo.nl\/de\/wp-json\/wp\/v2\/product\/166782\" \/>\n\t\t<meta property=\"og:image\" content=\"https:\/\/shop.hidalgo.nl\/wp-content\/uploads\/2025\/11\/cropped-Hidalgo-est1993.png\" \/>\n\t\t<meta property=\"og:image:secure_url\" content=\"https:\/\/shop.hidalgo.nl\/wp-content\/uploads\/2025\/11\/cropped-Hidalgo-est1993.png\" \/>\n\t\t<meta property=\"article:published_time\" content=\"2025-07-11T12:29:05+00:00\" \/>\n\t\t<meta property=\"article:modified_time\" content=\"2026-03-19T09:56:00+00:00\" \/>\n\t\t<meta name=\"twitter:card\" content=\"summary_large_image\" \/>\n\t\t<meta name=\"twitter:title\" content=\"Grundig 1W LED-Torch Zoom zaklamp\" \/>\n\t\t<meta name=\"twitter:description\" content=\"F\u00fcr 20-40-J\u00e4hrige unterwegs: kompakte LED-Taschenlampe mit griffigem Aluminiumgeh\u00e4use. Als Taschenlampe mit Zoomfunktion stellst du den Lichtkegel von breit auf punktgenau ein. Bei Hidalgo l\u00e4sst du dein Logo sauber auf das Geh\u00e4use drucken.\" \/>\n\t\t<meta name=\"twitter:image\" content=\"https:\/\/shop.hidalgo.nl\/wp-content\/uploads\/2025\/11\/cropped-Hidalgo-est1993.png\" \/>\n\t\t<script type=\"application\/ld+json\" class=\"aioseo-schema\">\n\t\t\t{\"@context\":\"https:\\\/\\\/schema.org\",\"@graph\":[{\"@type\":\"BreadcrumbList\",\"@id\":\"https:\\\/\\\/hidalgo.nl\\\/de\\\/product\\\/grundig-1w-led-torch-zoom-zaklamp\\\/#breadcrumblist\",\"itemListElement\":[{\"@type\":\"ListItem\",\"@id\":\"https:\\\/\\\/hidalgo.nl\\\/de\\\/#listItem\",\"position\":1,\"name\":\"Home\",\"item\":\"https:\\\/\\\/hidalgo.nl\\\/de\\\/\",\"nextItem\":{\"@type\":\"ListItem\",\"@id\":\"https:\\\/\\\/hidalgo.nl\\\/example\\\/#listItem\",\"name\":\"example\"}},{\"@type\":\"ListItem\",\"@id\":\"https:\\\/\\\/hidalgo.nl\\\/example\\\/#listItem\",\"position\":2,\"name\":\"example\",\"item\":\"https:\\\/\\\/hidalgo.nl\\\/example\\\/\",\"nextItem\":{\"@type\":\"ListItem\",\"@id\":\"https:\\\/\\\/hidalgo.nl\\\/en\\\/product-supplier\\\/a24\\\/#listItem\",\"name\":\"A24\"},\"previousItem\":{\"@type\":\"ListItem\",\"@id\":\"https:\\\/\\\/hidalgo.nl\\\/de\\\/#listItem\",\"name\":\"Home\"}},{\"@type\":\"ListItem\",\"@id\":\"https:\\\/\\\/hidalgo.nl\\\/en\\\/product-supplier\\\/a24\\\/#listItem\",\"position\":3,\"name\":\"A24\",\"item\":\"https:\\\/\\\/hidalgo.nl\\\/en\\\/product-supplier\\\/a24\\\/\",\"nextItem\":{\"@type\":\"ListItem\",\"@id\":\"https:\\\/\\\/hidalgo.nl\\\/de\\\/product\\\/grundig-1w-led-torch-zoom-zaklamp\\\/#listItem\",\"name\":\"Grundig 1W LED-Torch Zoom zaklamp\"},\"previousItem\":{\"@type\":\"ListItem\",\"@id\":\"https:\\\/\\\/hidalgo.nl\\\/example\\\/#listItem\",\"name\":\"example\"}},{\"@type\":\"ListItem\",\"@id\":\"https:\\\/\\\/hidalgo.nl\\\/de\\\/product\\\/grundig-1w-led-torch-zoom-zaklamp\\\/#listItem\",\"position\":4,\"name\":\"Grundig 1W LED-Torch Zoom zaklamp\",\"previousItem\":{\"@type\":\"ListItem\",\"@id\":\"https:\\\/\\\/hidalgo.nl\\\/en\\\/product-supplier\\\/a24\\\/#listItem\",\"name\":\"A24\"}}]},{\"@type\":\"Organization\",\"@id\":\"https:\\\/\\\/hidalgo.nl\\\/de\\\/#organization\",\"name\":\"Hidalgo\",\"url\":\"https:\\\/\\\/hidalgo.nl\\\/de\\\/\",\"logo\":{\"@type\":\"ImageObject\",\"url\":\"https:\\\/\\\/shop.hidalgo.nl\\\/wp-content\\\/uploads\\\/2025\\\/11\\\/cropped-Hidalgo-est1993.png\",\"@id\":\"https:\\\/\\\/hidalgo.nl\\\/de\\\/product\\\/grundig-1w-led-torch-zoom-zaklamp\\\/#organizationLogo\",\"width\":585,\"height\":195},\"image\":{\"@id\":\"https:\\\/\\\/hidalgo.nl\\\/de\\\/product\\\/grundig-1w-led-torch-zoom-zaklamp\\\/#organizationLogo\"}},{\"@type\":\"ProductGroup\",\"@id\":\"https:\\\/\\\/hidalgo.nl\\\/de\\\/product\\\/grundig-1w-led-torch-zoom-zaklamp\\\/#wooCommerceProduct\",\"name\":\"Grundig 1W LED-Torch Zoom zaklamp\",\"url\":\"https:\\\/\\\/hidalgo.nl\\\/de\\\/product\\\/grundig-1w-led-torch-zoom-zaklamp\\\/\",\"brand\":{\"@type\":\"Brand\",\"name\":\"Grundig\"},\"sku\":\"A24-2811\",\"image\":{\"@type\":\"ImageObject\",\"url\":\"https:\\\/\\\/shop.hidalgo.nl\\\/wp-content\\\/uploads\\\/2025\\\/07\\\/6652b7ada49c92001a7e646d235eefe768aa595824532e374dff986b5f3133de.jpg\",\"@id\":\"https:\\\/\\\/hidalgo.nl\\\/de\\\/product\\\/grundig-1w-led-torch-zoom-zaklamp\\\/#productImage\",\"width\":1000,\"height\":1000},\"productGroupID\":166782,\"hasVariant\":[{\"@type\":\"Product\",\"@id\":\"https:\\\/\\\/hidalgo.nl\\\/de\\\/product\\\/grundig-1w-led-torch-zoom-zaklamp\\\/#wooCommerceProduct\",\"name\":\"Grundig 1W LED-Torch Zoom zaklamp - zwart\",\"url\":\"https:\\\/\\\/hidalgo.nl\\\/de\\\/product\\\/grundig-1w-led-torch-zoom-zaklamp\\\/\",\"sku\":\"A24-281198\",\"image\":{\"@type\":\"ImageObject\",\"url\":\"https:\\\/\\\/shop.hidalgo.nl\\\/wp-content\\\/uploads\\\/2025\\\/07\\\/6652b7ada49c92001a7e646d235eefe768aa595824532e374dff986b5f3133de.jpg\",\"@id\":\"https:\\\/\\\/hidalgo.nl\\\/de\\\/product\\\/grundig-1w-led-torch-zoom-zaklamp\\\/#productImage\",\"width\":1000,\"height\":1000},\"offers\":{\"@type\":\"Offer\",\"url\":\"https:\\\/\\\/hidalgo.nl\\\/de\\\/product\\\/grundig-1w-led-torch-zoom-zaklamp\\\/#wooCommerceOffer\",\"price\":\"8.95\",\"priceCurrency\":\"EUR\",\"category\":\"Promotionele Artikelen\",\"availability\":\"https:\\\/\\\/schema.org\\\/InStock\",\"priceSpecification\":{\"@type\":\"PriceSpecification\",\"price\":8.95,\"priceCurrency\":\"EUR\",\"valueAddedTaxIncluded\":\"true\"}}}]},{\"@type\":\"WebPage\",\"@id\":\"https:\\\/\\\/hidalgo.nl\\\/de\\\/product\\\/grundig-1w-led-torch-zoom-zaklamp\\\/#webpage\",\"url\":\"https:\\\/\\\/hidalgo.nl\\\/de\\\/product\\\/grundig-1w-led-torch-zoom-zaklamp\\\/\",\"name\":\"Grundig 1W LED-Torch Zoom zaklamp\",\"description\":\"F\\u00fcr 20-40-J\\u00e4hrige unterwegs: kompakte LED-Taschenlampe mit griffigem Aluminiumgeh\\u00e4use. Als Taschenlampe mit Zoomfunktion stellst du den Lichtkegel von breit auf punktgenau ein. Bei Hidalgo l\\u00e4sst du dein Logo sauber auf das Geh\\u00e4use drucken.\",\"inLanguage\":\"de-DE\",\"isPartOf\":{\"@id\":\"https:\\\/\\\/hidalgo.nl\\\/de\\\/#website\"},\"breadcrumb\":{\"@id\":\"https:\\\/\\\/hidalgo.nl\\\/de\\\/product\\\/grundig-1w-led-torch-zoom-zaklamp\\\/#breadcrumblist\"},\"image\":{\"@type\":\"ImageObject\",\"url\":\"https:\\\/\\\/shop.hidalgo.nl\\\/wp-content\\\/uploads\\\/2025\\\/07\\\/6652b7ada49c92001a7e646d235eefe768aa595824532e374dff986b5f3133de.jpg\",\"@id\":\"https:\\\/\\\/hidalgo.nl\\\/de\\\/product\\\/grundig-1w-led-torch-zoom-zaklamp\\\/#mainImage\",\"width\":1000,\"height\":1000},\"primaryImageOfPage\":{\"@id\":\"https:\\\/\\\/hidalgo.nl\\\/de\\\/product\\\/grundig-1w-led-torch-zoom-zaklamp\\\/#mainImage\"},\"datePublished\":\"2025-07-11T12:29:05+00:00\",\"dateModified\":\"2026-03-19T09:56:00+00:00\"},{\"@type\":\"WebSite\",\"@id\":\"https:\\\/\\\/hidalgo.nl\\\/de\\\/#website\",\"url\":\"https:\\\/\\\/hidalgo.nl\\\/de\\\/\",\"name\":\"Hidalgo\",\"inLanguage\":\"de-DE\",\"publisher\":{\"@id\":\"https:\\\/\\\/hidalgo.nl\\\/de\\\/#organization\"}}]}\n\t\t<\/script>\n\t\t<!-- All in One SEO Pro -->\r\n\t\t<title>Grundig 1W LED-Torch Zoom zaklamp<\/title>\n\n","aioseo_head_json":{"title":"Grundig 1W LED-Torch Zoom zaklamp","description":"F\u00fcr 20-40-J\u00e4hrige unterwegs: kompakte LED-Taschenlampe mit griffigem Aluminiumgeh\u00e4use. Als Taschenlampe mit Zoomfunktion stellst du den Lichtkegel von breit auf punktgenau ein. Bei Hidalgo l\u00e4sst du dein Logo sauber auf das Geh\u00e4use drucken.","canonical_url":"https:\/\/hidalgo.nl\/de\/wp-json\/wp\/v2\/product\/166782","robots":"max-image-preview:large","keywords":"","webmasterTools":{"miscellaneous":""},"schema":{"@context":"https:\/\/schema.org","@graph":[{"@type":"BreadcrumbList","@id":"https:\/\/hidalgo.nl\/de\/product\/grundig-1w-led-torch-zoom-zaklamp\/#breadcrumblist","itemListElement":[{"@type":"ListItem","@id":"https:\/\/hidalgo.nl\/de\/#listItem","position":1,"name":"Home","item":"https:\/\/hidalgo.nl\/de\/","nextItem":{"@type":"ListItem","@id":"https:\/\/hidalgo.nl\/example\/#listItem","name":"example"}},{"@type":"ListItem","@id":"https:\/\/hidalgo.nl\/example\/#listItem","position":2,"name":"example","item":"https:\/\/hidalgo.nl\/example\/","nextItem":{"@type":"ListItem","@id":"https:\/\/hidalgo.nl\/en\/product-supplier\/a24\/#listItem","name":"A24"},"previousItem":{"@type":"ListItem","@id":"https:\/\/hidalgo.nl\/de\/#listItem","name":"Home"}},{"@type":"ListItem","@id":"https:\/\/hidalgo.nl\/en\/product-supplier\/a24\/#listItem","position":3,"name":"A24","item":"https:\/\/hidalgo.nl\/en\/product-supplier\/a24\/","nextItem":{"@type":"ListItem","@id":"https:\/\/hidalgo.nl\/de\/product\/grundig-1w-led-torch-zoom-zaklamp\/#listItem","name":"Grundig 1W LED-Torch Zoom zaklamp"},"previousItem":{"@type":"ListItem","@id":"https:\/\/hidalgo.nl\/example\/#listItem","name":"example"}},{"@type":"ListItem","@id":"https:\/\/hidalgo.nl\/de\/product\/grundig-1w-led-torch-zoom-zaklamp\/#listItem","position":4,"name":"Grundig 1W LED-Torch Zoom zaklamp","previousItem":{"@type":"ListItem","@id":"https:\/\/hidalgo.nl\/en\/product-supplier\/a24\/#listItem","name":"A24"}}]},{"@type":"Organization","@id":"https:\/\/hidalgo.nl\/de\/#organization","name":"Hidalgo","url":"https:\/\/hidalgo.nl\/de\/","logo":{"@type":"ImageObject","url":"https:\/\/shop.hidalgo.nl\/wp-content\/uploads\/2025\/11\/cropped-Hidalgo-est1993.png","@id":"https:\/\/hidalgo.nl\/de\/product\/grundig-1w-led-torch-zoom-zaklamp\/#organizationLogo","width":585,"height":195},"image":{"@id":"https:\/\/hidalgo.nl\/de\/product\/grundig-1w-led-torch-zoom-zaklamp\/#organizationLogo"}},{"@type":"ProductGroup","@id":"https:\/\/hidalgo.nl\/de\/product\/grundig-1w-led-torch-zoom-zaklamp\/#wooCommerceProduct","name":"Grundig 1W LED-Torch Zoom zaklamp","url":"https:\/\/hidalgo.nl\/de\/product\/grundig-1w-led-torch-zoom-zaklamp\/","brand":{"@type":"Brand","name":"Grundig"},"sku":"A24-2811","image":{"@type":"ImageObject","url":"https:\/\/shop.hidalgo.nl\/wp-content\/uploads\/2025\/07\/6652b7ada49c92001a7e646d235eefe768aa595824532e374dff986b5f3133de.jpg","@id":"https:\/\/hidalgo.nl\/de\/product\/grundig-1w-led-torch-zoom-zaklamp\/#productImage","width":1000,"height":1000},"productGroupID":166782,"hasVariant":[{"@type":"Product","@id":"https:\/\/hidalgo.nl\/de\/product\/grundig-1w-led-torch-zoom-zaklamp\/#wooCommerceProduct","name":"Grundig 1W LED-Torch Zoom zaklamp - zwart","url":"https:\/\/hidalgo.nl\/de\/product\/grundig-1w-led-torch-zoom-zaklamp\/","sku":"A24-281198","image":{"@type":"ImageObject","url":"https:\/\/shop.hidalgo.nl\/wp-content\/uploads\/2025\/07\/6652b7ada49c92001a7e646d235eefe768aa595824532e374dff986b5f3133de.jpg","@id":"https:\/\/hidalgo.nl\/de\/product\/grundig-1w-led-torch-zoom-zaklamp\/#productImage","width":1000,"height":1000},"offers":{"@type":"Offer","url":"https:\/\/hidalgo.nl\/de\/product\/grundig-1w-led-torch-zoom-zaklamp\/#wooCommerceOffer","price":"8.95","priceCurrency":"EUR","category":"Promotionele Artikelen","availability":"https:\/\/schema.org\/InStock","priceSpecification":{"@type":"PriceSpecification","price":8.95,"priceCurrency":"EUR","valueAddedTaxIncluded":"true"}}}]},{"@type":"WebPage","@id":"https:\/\/hidalgo.nl\/de\/product\/grundig-1w-led-torch-zoom-zaklamp\/#webpage","url":"https:\/\/hidalgo.nl\/de\/product\/grundig-1w-led-torch-zoom-zaklamp\/","name":"Grundig 1W LED-Torch Zoom zaklamp","description":"F\u00fcr 20-40-J\u00e4hrige unterwegs: kompakte LED-Taschenlampe mit griffigem Aluminiumgeh\u00e4use. Als Taschenlampe mit Zoomfunktion stellst du den Lichtkegel von breit auf punktgenau ein. Bei Hidalgo l\u00e4sst du dein Logo sauber auf das Geh\u00e4use drucken.","inLanguage":"de-DE","isPartOf":{"@id":"https:\/\/hidalgo.nl\/de\/#website"},"breadcrumb":{"@id":"https:\/\/hidalgo.nl\/de\/product\/grundig-1w-led-torch-zoom-zaklamp\/#breadcrumblist"},"image":{"@type":"ImageObject","url":"https:\/\/shop.hidalgo.nl\/wp-content\/uploads\/2025\/07\/6652b7ada49c92001a7e646d235eefe768aa595824532e374dff986b5f3133de.jpg","@id":"https:\/\/hidalgo.nl\/de\/product\/grundig-1w-led-torch-zoom-zaklamp\/#mainImage","width":1000,"height":1000},"primaryImageOfPage":{"@id":"https:\/\/hidalgo.nl\/de\/product\/grundig-1w-led-torch-zoom-zaklamp\/#mainImage"},"datePublished":"2025-07-11T12:29:05+00:00","dateModified":"2026-03-19T09:56:00+00:00"},{"@type":"WebSite","@id":"https:\/\/hidalgo.nl\/de\/#website","url":"https:\/\/hidalgo.nl\/de\/","name":"Hidalgo","inLanguage":"de-DE","publisher":{"@id":"https:\/\/hidalgo.nl\/de\/#organization"}}]},"og:locale":"de_DE","og:site_name":"Hidalgo -","og:type":"article","og:title":"Grundig 1W LED-Torch Zoom zaklamp","og:description":"F\u00fcr 20-40-J\u00e4hrige unterwegs: kompakte LED-Taschenlampe mit griffigem Aluminiumgeh\u00e4use. Als Taschenlampe mit Zoomfunktion stellst du den Lichtkegel von breit auf punktgenau ein. Bei Hidalgo l\u00e4sst du dein Logo sauber auf das Geh\u00e4use drucken.","og:url":"https:\/\/hidalgo.nl\/de\/wp-json\/wp\/v2\/product\/166782","og:image":"https:\/\/shop.hidalgo.nl\/wp-content\/uploads\/2025\/11\/cropped-Hidalgo-est1993.png","og:image:secure_url":"https:\/\/shop.hidalgo.nl\/wp-content\/uploads\/2025\/11\/cropped-Hidalgo-est1993.png","article:published_time":"2025-07-11T12:29:05+00:00","article:modified_time":"2026-03-19T09:56:00+00:00","twitter:card":"summary_large_image","twitter:title":"Grundig 1W LED-Torch Zoom zaklamp","twitter:description":"F\u00fcr 20-40-J\u00e4hrige unterwegs: kompakte LED-Taschenlampe mit griffigem Aluminiumgeh\u00e4use. Als Taschenlampe mit Zoomfunktion stellst du den Lichtkegel von breit auf punktgenau ein. Bei Hidalgo l\u00e4sst du dein Logo sauber auf das Geh\u00e4use drucken.","twitter:image":"https:\/\/shop.hidalgo.nl\/wp-content\/uploads\/2025\/11\/cropped-Hidalgo-est1993.png"},"aioseo_meta_data":{"post_id":"166782","title":null,"description":null,"keywords":null,"keyphrases":null,"primary_term":null,"canonical_url":null,"og_title":null,"og_description":null,"og_object_type":"default","og_image_type":"default","og_image_url":null,"og_image_width":null,"og_image_height":null,"og_image_custom_url":null,"og_image_custom_fields":null,"og_video":null,"og_custom_url":null,"og_article_section":null,"og_article_tags":null,"twitter_use_og":false,"twitter_card":"default","twitter_image_type":"default","twitter_image_url":null,"twitter_image_custom_url":null,"twitter_image_custom_fields":null,"twitter_title":null,"twitter_description":null,"schema":{"blockGraphs":[],"customGraphs":[],"default":{"data":{"Article":[],"Course":[],"Dataset":[],"FAQPage":[],"Movie":[],"Person":[],"Product":[],"ProductReview":[],"Car":[],"Recipe":[],"Service":[],"SoftwareApplication":[],"WebPage":[]},"graphName":"","isEnabled":true},"graphs":[]},"schema_type":"default","schema_type_options":null,"pillar_content":false,"robots_default":true,"robots_noindex":false,"robots_noarchive":false,"robots_nosnippet":false,"robots_nofollow":false,"robots_noimageindex":false,"robots_noodp":false,"robots_notranslate":false,"robots_max_snippet":null,"robots_max_videopreview":null,"robots_max_imagepreview":"large","priority":null,"frequency":null,"local_seo":null,"seo_analyzer_scan_date":"2026-01-22 19:10:09","breadcrumb_settings":null,"limit_modified_date":false,"reviewed_by":null,"open_ai":null,"ai":null,"created":"2026-01-14 07:02:59","updated":"2026-04-23 01:11:51"},"aioseo_breadcrumb":"<div class=\"aioseo-breadcrumbs\"><span class=\"aioseo-breadcrumb\">\n\t<a href=\"https:\/\/hidalgo.nl\/de\/\" title=\"Home\">Home<\/a>\n<\/span><span class=\"aioseo-breadcrumb-separator\">\u00bb<\/span><span class=\"aioseo-breadcrumb\">\n\t<a href=\"https:\/\/hidalgo.nl\/example\/\" title=\"example\">example<\/a>\n<\/span><span class=\"aioseo-breadcrumb-separator\">\u00bb<\/span><span class=\"aioseo-breadcrumb\">\n\t<a href=\"https:\/\/hidalgo.nl\/en\/product-supplier\/a24\/\" title=\"A24\">A24<\/a>\n<\/span><span class=\"aioseo-breadcrumb-separator\">\u00bb<\/span><span class=\"aioseo-breadcrumb\">\n\tGrundig 1W LED-Torch Zoom zaklamp\n<\/span><\/div>","aioseo_breadcrumb_json":[{"label":"Home","link":"https:\/\/hidalgo.nl\/de\/"},{"label":"example","link":"https:\/\/hidalgo.nl\/example\/"},{"label":"A24","link":"https:\/\/hidalgo.nl\/en\/product-supplier\/a24\/"},{"label":"Grundig 1W LED-Torch Zoom zaklamp","link":"https:\/\/hidalgo.nl\/de\/product\/grundig-1w-led-torch-zoom-zaklamp\/"}],"_links":{"self":[{"href":"https:\/\/hidalgo.nl\/de\/wp-json\/wp\/v2\/product\/166782","targetHints":{"allow":["GET"]}}],"collection":[{"href":"https:\/\/hidalgo.nl\/de\/wp-json\/wp\/v2\/product"}],"about":[{"href":"https:\/\/hidalgo.nl\/de\/wp-json\/wp\/v2\/types\/product"}],"wp:featuredmedia":[{"embeddable":true,"href":"https:\/\/hidalgo.nl\/de\/wp-json\/wp\/v2\/media\/166783"}],"wp:attachment":[{"href":"https:\/\/hidalgo.nl\/de\/wp-json\/wp\/v2\/media?parent=166782"}],"wp:term":[{"taxonomy":"product_brand","embeddable":true,"href":"https:\/\/hidalgo.nl\/de\/wp-json\/wp\/v2\/product_brand?post=166782"},{"taxonomy":"product_cat","embeddable":true,"href":"https:\/\/hidalgo.nl\/de\/wp-json\/wp\/v2\/product_cat?post=166782"},{"taxonomy":"product_tag","embeddable":true,"href":"https:\/\/hidalgo.nl\/de\/wp-json\/wp\/v2\/product_tag?post=166782"}],"curies":[{"name":"wp","href":"https:\/\/api.w.org\/{rel}","templated":true}]}}