{"id":166771,"date":"2025-07-11T12:28:20","date_gmt":"2025-07-11T12:28:20","guid":{"rendered":"http:\/\/bidonsenshakers.pim.hidalgo.nl\/product\/bird-lodge-vogelhuisje\/"},"modified":"2026-03-19T09:56:00","modified_gmt":"2026-03-19T09:56:00","slug":"bird-lodge-vogelhuisje","status":"publish","type":"product","link":"https:\/\/hidalgo.nl\/de\/product\/bird-lodge-vogelhuisje\/","title":{"rendered":"Bird Lodge vogelhuisje"},"content":{"rendered":"<p>Vogelhuisje\/nestkastje van dennenhout met een afneembaar groen dak. Dit vogelhuisje biedt veilige broedplek voor kleine vogels zoals koolmezen en pimpelmezen. Een decoratief huisje voor in de tuin of op het balkon. Met een ophangoog aan de achterzijde.<\/p>\n","protected":false},"excerpt":{"rendered":"<p>Vogelhuisje\/nestkastje van dennenhout met een afneembaar groen dak. Dit vogelhuisje biedt veilige broedplek voor kleine vogels zoals koolmezen en pimpelmezen. Een decoratief huisje voor in de tuin of op het balkon. Met een ophangoog aan de achterzijde.<\/p>\n","protected":false},"featured_media":166772,"template":"","meta":{"_acf_changed":false,"om_disable_all_campaigns":false,"_monsterinsights_skip_tracking":false,"_monsterinsights_sitenote_active":false,"_monsterinsights_sitenote_note":"","_monsterinsights_sitenote_category":0},"product_brand":[],"product_cat":[4719,4728,4729],"product_tag":[],"class_list":{"0":"post-166771","1":"product","2":"type-product","3":"status-publish","4":"has-post-thumbnail","6":"product_supplier-a24","7":"product_material-hout","8":"product_cat-promotionele-artikelen","9":"product_cat-promotionele-artikelen-thuis-keuken-en-tuin","10":"product_cat-tuin","11":"entry","13":"first","14":"instock","15":"taxable","16":"shipping-taxable","17":"purchasable","18":"product-type-variable"},"acf":{"imprint_cost":[{"imprint_cost_key":"dca6152d866f0a5585993a852f4710cf85d14cd5","product_quantity_price_range":[{"imprint_cost_recommended_selling_price":"2.685","imprint_cost_recommended_selling_quantity":"1"},{"imprint_cost_recommended_selling_price":"1.935","imprint_cost_recommended_selling_quantity":"25"},{"imprint_cost_recommended_selling_price":"1.125","imprint_cost_recommended_selling_quantity":"50"},{"imprint_cost_recommended_selling_price":"0.9","imprint_cost_recommended_selling_quantity":"100"},{"imprint_cost_recommended_selling_price":"0.75","imprint_cost_recommended_selling_quantity":"250"},{"imprint_cost_recommended_selling_price":"0.69","imprint_cost_recommended_selling_quantity":"500"},{"imprint_cost_recommended_selling_price":"0.645","imprint_cost_recommended_selling_quantity":"1000"},{"imprint_cost_recommended_selling_price":"0.615","imprint_cost_recommended_selling_quantity":"2500"},{"imprint_cost_recommended_selling_price":"0.585","imprint_cost_recommended_selling_quantity":"5000"}],"product_quantity_price_range_buying":[{"imprint_cost_general_buying_price":"1.79","imprint_cost_general_buying_quantity":"1"},{"imprint_cost_general_buying_price":"1.29","imprint_cost_general_buying_quantity":"25"},{"imprint_cost_general_buying_price":"0.75","imprint_cost_general_buying_quantity":"50"},{"imprint_cost_general_buying_price":"0.6","imprint_cost_general_buying_quantity":"100"},{"imprint_cost_general_buying_price":"0.5","imprint_cost_general_buying_quantity":"250"},{"imprint_cost_general_buying_price":"0.46","imprint_cost_general_buying_quantity":"500"},{"imprint_cost_general_buying_price":"0.43","imprint_cost_general_buying_quantity":"1000"},{"imprint_cost_general_buying_price":"0.41","imprint_cost_general_buying_quantity":"2500"},{"imprint_cost_general_buying_price":"0.39","imprint_cost_general_buying_quantity":"5000"}],"imprint_cost_setup_costs":"26.25","imprint_cost_handling_costs":"0.06"},{"imprint_cost_key":"ab9da0f4931aff4b9c6460261d8e1fd0af10e166","product_quantity_price_range":[{"imprint_cost_recommended_selling_price":"2.985","imprint_cost_recommended_selling_quantity":"1"},{"imprint_cost_recommended_selling_price":"2.235","imprint_cost_recommended_selling_quantity":"25"},{"imprint_cost_recommended_selling_price":"1.425","imprint_cost_recommended_selling_quantity":"50"},{"imprint_cost_recommended_selling_price":"1.2","imprint_cost_recommended_selling_quantity":"100"},{"imprint_cost_recommended_selling_price":"1.05","imprint_cost_recommended_selling_quantity":"250"},{"imprint_cost_recommended_selling_price":"0.99","imprint_cost_recommended_selling_quantity":"500"},{"imprint_cost_recommended_selling_price":"0.945","imprint_cost_recommended_selling_quantity":"1000"},{"imprint_cost_recommended_selling_price":"0.915","imprint_cost_recommended_selling_quantity":"2500"},{"imprint_cost_recommended_selling_price":"0.885","imprint_cost_recommended_selling_quantity":"5000"}],"product_quantity_price_range_buying":[{"imprint_cost_general_buying_price":"1.99","imprint_cost_general_buying_quantity":"1"},{"imprint_cost_general_buying_price":"1.49","imprint_cost_general_buying_quantity":"25"},{"imprint_cost_general_buying_price":"0.95","imprint_cost_general_buying_quantity":"50"},{"imprint_cost_general_buying_price":"0.8","imprint_cost_general_buying_quantity":"100"},{"imprint_cost_general_buying_price":"0.7","imprint_cost_general_buying_quantity":"250"},{"imprint_cost_general_buying_price":"0.66","imprint_cost_general_buying_quantity":"500"},{"imprint_cost_general_buying_price":"0.63","imprint_cost_general_buying_quantity":"1000"},{"imprint_cost_general_buying_price":"0.61","imprint_cost_general_buying_quantity":"2500"},{"imprint_cost_general_buying_price":"0.59","imprint_cost_general_buying_quantity":"5000"}],"imprint_cost_setup_costs":"26.25","imprint_cost_handling_costs":"0.06"},{"imprint_cost_key":"644ca8d1a8e68a791da698ab9c15d86c0740d351","product_quantity_price_range":[{"imprint_cost_recommended_selling_price":"3.435","imprint_cost_recommended_selling_quantity":"1"},{"imprint_cost_recommended_selling_price":"2.685","imprint_cost_recommended_selling_quantity":"25"},{"imprint_cost_recommended_selling_price":"2.025","imprint_cost_recommended_selling_quantity":"50"},{"imprint_cost_recommended_selling_price":"1.62","imprint_cost_recommended_selling_quantity":"100"},{"imprint_cost_recommended_selling_price":"1.38","imprint_cost_recommended_selling_quantity":"250"},{"imprint_cost_recommended_selling_price":"1.26","imprint_cost_recommended_selling_quantity":"500"},{"imprint_cost_recommended_selling_price":"1.17","imprint_cost_recommended_selling_quantity":"1000"},{"imprint_cost_recommended_selling_price":"1.095","imprint_cost_recommended_selling_quantity":"2500"},{"imprint_cost_recommended_selling_price":"1.035","imprint_cost_recommended_selling_quantity":"5000"}],"product_quantity_price_range_buying":[{"imprint_cost_general_buying_price":"2.29","imprint_cost_general_buying_quantity":"1"},{"imprint_cost_general_buying_price":"1.79","imprint_cost_general_buying_quantity":"25"},{"imprint_cost_general_buying_price":"1.35","imprint_cost_general_buying_quantity":"50"},{"imprint_cost_general_buying_price":"1.08","imprint_cost_general_buying_quantity":"100"},{"imprint_cost_general_buying_price":"0.92","imprint_cost_general_buying_quantity":"250"},{"imprint_cost_general_buying_price":"0.84","imprint_cost_general_buying_quantity":"500"},{"imprint_cost_general_buying_price":"0.78","imprint_cost_general_buying_quantity":"1000"},{"imprint_cost_general_buying_price":"0.73","imprint_cost_general_buying_quantity":"2500"},{"imprint_cost_general_buying_price":"0.69","imprint_cost_general_buying_quantity":"5000"}],"imprint_cost_setup_costs":"26.25","imprint_cost_handling_costs":"0.06"},{"imprint_cost_key":"156fbfb1e1566b62ab5cf1e7026aeabbe83e7e39","product_quantity_price_range":[{"imprint_cost_recommended_selling_price":"3.735","imprint_cost_recommended_selling_quantity":"1"},{"imprint_cost_recommended_selling_price":"2.985","imprint_cost_recommended_selling_quantity":"25"},{"imprint_cost_recommended_selling_price":"2.325","imprint_cost_recommended_selling_quantity":"50"},{"imprint_cost_recommended_selling_price":"1.92","imprint_cost_recommended_selling_quantity":"100"},{"imprint_cost_recommended_selling_price":"1.68","imprint_cost_recommended_selling_quantity":"250"},{"imprint_cost_recommended_selling_price":"1.56","imprint_cost_recommended_selling_quantity":"500"},{"imprint_cost_recommended_selling_price":"1.47","imprint_cost_recommended_selling_quantity":"1000"},{"imprint_cost_recommended_selling_price":"1.395","imprint_cost_recommended_selling_quantity":"2500"},{"imprint_cost_recommended_selling_price":"1.335","imprint_cost_recommended_selling_quantity":"5000"}],"product_quantity_price_range_buying":[{"imprint_cost_general_buying_price":"2.49","imprint_cost_general_buying_quantity":"1"},{"imprint_cost_general_buying_price":"1.99","imprint_cost_general_buying_quantity":"25"},{"imprint_cost_general_buying_price":"1.55","imprint_cost_general_buying_quantity":"50"},{"imprint_cost_general_buying_price":"1.28","imprint_cost_general_buying_quantity":"100"},{"imprint_cost_general_buying_price":"1.12","imprint_cost_general_buying_quantity":"250"},{"imprint_cost_general_buying_price":"1.04","imprint_cost_general_buying_quantity":"500"},{"imprint_cost_general_buying_price":"0.98","imprint_cost_general_buying_quantity":"1000"},{"imprint_cost_general_buying_price":"0.93","imprint_cost_general_buying_quantity":"2500"},{"imprint_cost_general_buying_price":"0.89","imprint_cost_general_buying_quantity":"5000"}],"imprint_cost_setup_costs":"26.25","imprint_cost_handling_costs":"0.06"}]},"aioseo_notices":[],"aioseo_head":"\n\t\t<!-- All in One SEO Pro 4.9.6.2 - aioseo.com -->\n\t<meta name=\"description\" content=\"Die Bird Lodge ist ein robustes Vogelhaus aus Kiefernholz und bietet kleinen V\u00f6geln eine sichere Brutst\u00e4tte. Als Nistkasten wird sie auf Wunsch von Hidalgo mit deinem Logo veredelt - ideal als nachhaltiges Geschenk f\u00fcr Naturfreunde.\" \/>\n\t<meta name=\"robots\" content=\"max-image-preview:large\" \/>\n\t<link rel=\"canonical\" href=\"https:\/\/hidalgo.nl\/de\/wp-json\/wp\/v2\/product\/166771\" \/>\n\t<meta name=\"generator\" content=\"All in One SEO Pro (AIOSEO) 4.9.6.2\" \/>\n\t\t<meta property=\"og:locale\" content=\"de_DE\" \/>\n\t\t<meta property=\"og:site_name\" content=\"Hidalgo -\" \/>\n\t\t<meta property=\"og:type\" content=\"article\" \/>\n\t\t<meta property=\"og:title\" content=\"Bird Lodge vogelhuisje\" \/>\n\t\t<meta property=\"og:description\" content=\"Die Bird Lodge ist ein robustes Vogelhaus aus Kiefernholz und bietet kleinen V\u00f6geln eine sichere Brutst\u00e4tte. Als Nistkasten wird sie auf Wunsch von Hidalgo mit deinem Logo veredelt - ideal als nachhaltiges Geschenk f\u00fcr Naturfreunde.\" \/>\n\t\t<meta property=\"og:url\" content=\"https:\/\/hidalgo.nl\/de\/wp-json\/wp\/v2\/product\/166771\" \/>\n\t\t<meta property=\"og:image\" content=\"https:\/\/shop.hidalgo.nl\/wp-content\/uploads\/2025\/11\/cropped-Hidalgo-est1993.png\" \/>\n\t\t<meta property=\"og:image:secure_url\" content=\"https:\/\/shop.hidalgo.nl\/wp-content\/uploads\/2025\/11\/cropped-Hidalgo-est1993.png\" \/>\n\t\t<meta property=\"article:published_time\" content=\"2025-07-11T12:28:20+00:00\" \/>\n\t\t<meta property=\"article:modified_time\" content=\"2026-03-19T09:56:00+00:00\" \/>\n\t\t<meta name=\"twitter:card\" content=\"summary_large_image\" \/>\n\t\t<meta name=\"twitter:title\" content=\"Bird Lodge vogelhuisje\" \/>\n\t\t<meta name=\"twitter:description\" content=\"Die Bird Lodge ist ein robustes Vogelhaus aus Kiefernholz und bietet kleinen V\u00f6geln eine sichere Brutst\u00e4tte. Als Nistkasten wird sie auf Wunsch von Hidalgo mit deinem Logo veredelt - ideal als nachhaltiges Geschenk f\u00fcr Naturfreunde.\" \/>\n\t\t<meta name=\"twitter:image\" content=\"https:\/\/shop.hidalgo.nl\/wp-content\/uploads\/2025\/11\/cropped-Hidalgo-est1993.png\" \/>\n\t\t<script type=\"application\/ld+json\" class=\"aioseo-schema\">\n\t\t\t{\"@context\":\"https:\\\/\\\/schema.org\",\"@graph\":[{\"@type\":\"BreadcrumbList\",\"@id\":\"https:\\\/\\\/hidalgo.nl\\\/de\\\/product\\\/bird-lodge-vogelhuisje\\\/#breadcrumblist\",\"itemListElement\":[{\"@type\":\"ListItem\",\"@id\":\"https:\\\/\\\/hidalgo.nl\\\/de\\\/#listItem\",\"position\":1,\"name\":\"Home\",\"item\":\"https:\\\/\\\/hidalgo.nl\\\/de\\\/\",\"nextItem\":{\"@type\":\"ListItem\",\"@id\":\"https:\\\/\\\/hidalgo.nl\\\/example\\\/#listItem\",\"name\":\"example\"}},{\"@type\":\"ListItem\",\"@id\":\"https:\\\/\\\/hidalgo.nl\\\/example\\\/#listItem\",\"position\":2,\"name\":\"example\",\"item\":\"https:\\\/\\\/hidalgo.nl\\\/example\\\/\",\"nextItem\":{\"@type\":\"ListItem\",\"@id\":\"https:\\\/\\\/hidalgo.nl\\\/en\\\/product-supplier\\\/a24\\\/#listItem\",\"name\":\"A24\"},\"previousItem\":{\"@type\":\"ListItem\",\"@id\":\"https:\\\/\\\/hidalgo.nl\\\/de\\\/#listItem\",\"name\":\"Home\"}},{\"@type\":\"ListItem\",\"@id\":\"https:\\\/\\\/hidalgo.nl\\\/en\\\/product-supplier\\\/a24\\\/#listItem\",\"position\":3,\"name\":\"A24\",\"item\":\"https:\\\/\\\/hidalgo.nl\\\/en\\\/product-supplier\\\/a24\\\/\",\"nextItem\":{\"@type\":\"ListItem\",\"@id\":\"https:\\\/\\\/hidalgo.nl\\\/de\\\/product\\\/bird-lodge-vogelhuisje\\\/#listItem\",\"name\":\"Bird Lodge vogelhuisje\"},\"previousItem\":{\"@type\":\"ListItem\",\"@id\":\"https:\\\/\\\/hidalgo.nl\\\/example\\\/#listItem\",\"name\":\"example\"}},{\"@type\":\"ListItem\",\"@id\":\"https:\\\/\\\/hidalgo.nl\\\/de\\\/product\\\/bird-lodge-vogelhuisje\\\/#listItem\",\"position\":4,\"name\":\"Bird Lodge vogelhuisje\",\"previousItem\":{\"@type\":\"ListItem\",\"@id\":\"https:\\\/\\\/hidalgo.nl\\\/en\\\/product-supplier\\\/a24\\\/#listItem\",\"name\":\"A24\"}}]},{\"@type\":\"Organization\",\"@id\":\"https:\\\/\\\/hidalgo.nl\\\/de\\\/#organization\",\"name\":\"Hidalgo\",\"url\":\"https:\\\/\\\/hidalgo.nl\\\/de\\\/\",\"logo\":{\"@type\":\"ImageObject\",\"url\":\"https:\\\/\\\/shop.hidalgo.nl\\\/wp-content\\\/uploads\\\/2025\\\/11\\\/cropped-Hidalgo-est1993.png\",\"@id\":\"https:\\\/\\\/hidalgo.nl\\\/de\\\/product\\\/bird-lodge-vogelhuisje\\\/#organizationLogo\",\"width\":585,\"height\":195},\"image\":{\"@id\":\"https:\\\/\\\/hidalgo.nl\\\/de\\\/product\\\/bird-lodge-vogelhuisje\\\/#organizationLogo\"}},{\"@type\":\"ProductGroup\",\"@id\":\"https:\\\/\\\/hidalgo.nl\\\/de\\\/product\\\/bird-lodge-vogelhuisje\\\/#wooCommerceProduct\",\"name\":\"Bird Lodge vogelhuisje\",\"url\":\"https:\\\/\\\/hidalgo.nl\\\/de\\\/product\\\/bird-lodge-vogelhuisje\\\/\",\"sku\":\"A24-2809\",\"image\":{\"@type\":\"ImageObject\",\"url\":\"https:\\\/\\\/shop.hidalgo.nl\\\/wp-content\\\/uploads\\\/2025\\\/07\\\/aa4914d0ec57968a7fc65caca2770e9d0cc714a5f554d3a4511738d29601bb2f.jpg\",\"@id\":\"https:\\\/\\\/hidalgo.nl\\\/de\\\/product\\\/bird-lodge-vogelhuisje\\\/#productImage\",\"width\":1000,\"height\":1000},\"productGroupID\":166771,\"hasVariant\":[{\"@type\":\"Product\",\"@id\":\"https:\\\/\\\/hidalgo.nl\\\/de\\\/product\\\/bird-lodge-vogelhuisje\\\/#wooCommerceProduct\",\"name\":\"Bird Lodge vogelhuisje - hout\",\"url\":\"https:\\\/\\\/hidalgo.nl\\\/de\\\/product\\\/bird-lodge-vogelhuisje\\\/\",\"sku\":\"A24-280944\",\"image\":{\"@type\":\"ImageObject\",\"url\":\"https:\\\/\\\/shop.hidalgo.nl\\\/wp-content\\\/uploads\\\/2025\\\/07\\\/aa4914d0ec57968a7fc65caca2770e9d0cc714a5f554d3a4511738d29601bb2f.jpg\",\"@id\":\"https:\\\/\\\/hidalgo.nl\\\/de\\\/product\\\/bird-lodge-vogelhuisje\\\/#productImage\",\"width\":1000,\"height\":1000},\"offers\":{\"@type\":\"Offer\",\"url\":\"https:\\\/\\\/hidalgo.nl\\\/de\\\/product\\\/bird-lodge-vogelhuisje\\\/#wooCommerceOffer\",\"price\":\"8.95\",\"priceCurrency\":\"EUR\",\"category\":\"Promotionele Artikelen\",\"availability\":\"https:\\\/\\\/schema.org\\\/InStock\",\"priceSpecification\":{\"@type\":\"PriceSpecification\",\"price\":8.95,\"priceCurrency\":\"EUR\",\"valueAddedTaxIncluded\":\"true\"}}}]},{\"@type\":\"WebPage\",\"@id\":\"https:\\\/\\\/hidalgo.nl\\\/de\\\/product\\\/bird-lodge-vogelhuisje\\\/#webpage\",\"url\":\"https:\\\/\\\/hidalgo.nl\\\/de\\\/product\\\/bird-lodge-vogelhuisje\\\/\",\"name\":\"Bird Lodge vogelhuisje\",\"description\":\"Die Bird Lodge ist ein robustes Vogelhaus aus Kiefernholz und bietet kleinen V\\u00f6geln eine sichere Brutst\\u00e4tte. Als Nistkasten wird sie auf Wunsch von Hidalgo mit deinem Logo veredelt - ideal als nachhaltiges Geschenk f\\u00fcr Naturfreunde.\",\"inLanguage\":\"de-DE\",\"isPartOf\":{\"@id\":\"https:\\\/\\\/hidalgo.nl\\\/de\\\/#website\"},\"breadcrumb\":{\"@id\":\"https:\\\/\\\/hidalgo.nl\\\/de\\\/product\\\/bird-lodge-vogelhuisje\\\/#breadcrumblist\"},\"image\":{\"@type\":\"ImageObject\",\"url\":\"https:\\\/\\\/shop.hidalgo.nl\\\/wp-content\\\/uploads\\\/2025\\\/07\\\/aa4914d0ec57968a7fc65caca2770e9d0cc714a5f554d3a4511738d29601bb2f.jpg\",\"@id\":\"https:\\\/\\\/hidalgo.nl\\\/de\\\/product\\\/bird-lodge-vogelhuisje\\\/#mainImage\",\"width\":1000,\"height\":1000},\"primaryImageOfPage\":{\"@id\":\"https:\\\/\\\/hidalgo.nl\\\/de\\\/product\\\/bird-lodge-vogelhuisje\\\/#mainImage\"},\"datePublished\":\"2025-07-11T12:28:20+00:00\",\"dateModified\":\"2026-03-19T09:56:00+00:00\"},{\"@type\":\"WebSite\",\"@id\":\"https:\\\/\\\/hidalgo.nl\\\/de\\\/#website\",\"url\":\"https:\\\/\\\/hidalgo.nl\\\/de\\\/\",\"name\":\"Hidalgo\",\"inLanguage\":\"de-DE\",\"publisher\":{\"@id\":\"https:\\\/\\\/hidalgo.nl\\\/de\\\/#organization\"}}]}\n\t\t<\/script>\n\t\t<!-- All in One SEO Pro -->\r\n\t\t<title>Bird Lodge vogelhuisje<\/title>\n\n","aioseo_head_json":{"title":"Bird Lodge vogelhuisje","description":"Die Bird Lodge ist ein robustes Vogelhaus aus Kiefernholz und bietet kleinen V\u00f6geln eine sichere Brutst\u00e4tte. Als Nistkasten wird sie auf Wunsch von Hidalgo mit deinem Logo veredelt - ideal als nachhaltiges Geschenk f\u00fcr Naturfreunde.","canonical_url":"https:\/\/hidalgo.nl\/de\/wp-json\/wp\/v2\/product\/166771","robots":"max-image-preview:large","keywords":"","webmasterTools":{"miscellaneous":""},"schema":{"@context":"https:\/\/schema.org","@graph":[{"@type":"BreadcrumbList","@id":"https:\/\/hidalgo.nl\/de\/product\/bird-lodge-vogelhuisje\/#breadcrumblist","itemListElement":[{"@type":"ListItem","@id":"https:\/\/hidalgo.nl\/de\/#listItem","position":1,"name":"Home","item":"https:\/\/hidalgo.nl\/de\/","nextItem":{"@type":"ListItem","@id":"https:\/\/hidalgo.nl\/example\/#listItem","name":"example"}},{"@type":"ListItem","@id":"https:\/\/hidalgo.nl\/example\/#listItem","position":2,"name":"example","item":"https:\/\/hidalgo.nl\/example\/","nextItem":{"@type":"ListItem","@id":"https:\/\/hidalgo.nl\/en\/product-supplier\/a24\/#listItem","name":"A24"},"previousItem":{"@type":"ListItem","@id":"https:\/\/hidalgo.nl\/de\/#listItem","name":"Home"}},{"@type":"ListItem","@id":"https:\/\/hidalgo.nl\/en\/product-supplier\/a24\/#listItem","position":3,"name":"A24","item":"https:\/\/hidalgo.nl\/en\/product-supplier\/a24\/","nextItem":{"@type":"ListItem","@id":"https:\/\/hidalgo.nl\/de\/product\/bird-lodge-vogelhuisje\/#listItem","name":"Bird Lodge vogelhuisje"},"previousItem":{"@type":"ListItem","@id":"https:\/\/hidalgo.nl\/example\/#listItem","name":"example"}},{"@type":"ListItem","@id":"https:\/\/hidalgo.nl\/de\/product\/bird-lodge-vogelhuisje\/#listItem","position":4,"name":"Bird Lodge vogelhuisje","previousItem":{"@type":"ListItem","@id":"https:\/\/hidalgo.nl\/en\/product-supplier\/a24\/#listItem","name":"A24"}}]},{"@type":"Organization","@id":"https:\/\/hidalgo.nl\/de\/#organization","name":"Hidalgo","url":"https:\/\/hidalgo.nl\/de\/","logo":{"@type":"ImageObject","url":"https:\/\/shop.hidalgo.nl\/wp-content\/uploads\/2025\/11\/cropped-Hidalgo-est1993.png","@id":"https:\/\/hidalgo.nl\/de\/product\/bird-lodge-vogelhuisje\/#organizationLogo","width":585,"height":195},"image":{"@id":"https:\/\/hidalgo.nl\/de\/product\/bird-lodge-vogelhuisje\/#organizationLogo"}},{"@type":"ProductGroup","@id":"https:\/\/hidalgo.nl\/de\/product\/bird-lodge-vogelhuisje\/#wooCommerceProduct","name":"Bird Lodge vogelhuisje","url":"https:\/\/hidalgo.nl\/de\/product\/bird-lodge-vogelhuisje\/","sku":"A24-2809","image":{"@type":"ImageObject","url":"https:\/\/shop.hidalgo.nl\/wp-content\/uploads\/2025\/07\/aa4914d0ec57968a7fc65caca2770e9d0cc714a5f554d3a4511738d29601bb2f.jpg","@id":"https:\/\/hidalgo.nl\/de\/product\/bird-lodge-vogelhuisje\/#productImage","width":1000,"height":1000},"productGroupID":166771,"hasVariant":[{"@type":"Product","@id":"https:\/\/hidalgo.nl\/de\/product\/bird-lodge-vogelhuisje\/#wooCommerceProduct","name":"Bird Lodge vogelhuisje - hout","url":"https:\/\/hidalgo.nl\/de\/product\/bird-lodge-vogelhuisje\/","sku":"A24-280944","image":{"@type":"ImageObject","url":"https:\/\/shop.hidalgo.nl\/wp-content\/uploads\/2025\/07\/aa4914d0ec57968a7fc65caca2770e9d0cc714a5f554d3a4511738d29601bb2f.jpg","@id":"https:\/\/hidalgo.nl\/de\/product\/bird-lodge-vogelhuisje\/#productImage","width":1000,"height":1000},"offers":{"@type":"Offer","url":"https:\/\/hidalgo.nl\/de\/product\/bird-lodge-vogelhuisje\/#wooCommerceOffer","price":"8.95","priceCurrency":"EUR","category":"Promotionele Artikelen","availability":"https:\/\/schema.org\/InStock","priceSpecification":{"@type":"PriceSpecification","price":8.95,"priceCurrency":"EUR","valueAddedTaxIncluded":"true"}}}]},{"@type":"WebPage","@id":"https:\/\/hidalgo.nl\/de\/product\/bird-lodge-vogelhuisje\/#webpage","url":"https:\/\/hidalgo.nl\/de\/product\/bird-lodge-vogelhuisje\/","name":"Bird Lodge vogelhuisje","description":"Die Bird Lodge ist ein robustes Vogelhaus aus Kiefernholz und bietet kleinen V\u00f6geln eine sichere Brutst\u00e4tte. Als Nistkasten wird sie auf Wunsch von Hidalgo mit deinem Logo veredelt - ideal als nachhaltiges Geschenk f\u00fcr Naturfreunde.","inLanguage":"de-DE","isPartOf":{"@id":"https:\/\/hidalgo.nl\/de\/#website"},"breadcrumb":{"@id":"https:\/\/hidalgo.nl\/de\/product\/bird-lodge-vogelhuisje\/#breadcrumblist"},"image":{"@type":"ImageObject","url":"https:\/\/shop.hidalgo.nl\/wp-content\/uploads\/2025\/07\/aa4914d0ec57968a7fc65caca2770e9d0cc714a5f554d3a4511738d29601bb2f.jpg","@id":"https:\/\/hidalgo.nl\/de\/product\/bird-lodge-vogelhuisje\/#mainImage","width":1000,"height":1000},"primaryImageOfPage":{"@id":"https:\/\/hidalgo.nl\/de\/product\/bird-lodge-vogelhuisje\/#mainImage"},"datePublished":"2025-07-11T12:28:20+00:00","dateModified":"2026-03-19T09:56:00+00:00"},{"@type":"WebSite","@id":"https:\/\/hidalgo.nl\/de\/#website","url":"https:\/\/hidalgo.nl\/de\/","name":"Hidalgo","inLanguage":"de-DE","publisher":{"@id":"https:\/\/hidalgo.nl\/de\/#organization"}}]},"og:locale":"de_DE","og:site_name":"Hidalgo -","og:type":"article","og:title":"Bird Lodge vogelhuisje","og:description":"Die Bird Lodge ist ein robustes Vogelhaus aus Kiefernholz und bietet kleinen V\u00f6geln eine sichere Brutst\u00e4tte. Als Nistkasten wird sie auf Wunsch von Hidalgo mit deinem Logo veredelt - ideal als nachhaltiges Geschenk f\u00fcr Naturfreunde.","og:url":"https:\/\/hidalgo.nl\/de\/wp-json\/wp\/v2\/product\/166771","og:image":"https:\/\/shop.hidalgo.nl\/wp-content\/uploads\/2025\/11\/cropped-Hidalgo-est1993.png","og:image:secure_url":"https:\/\/shop.hidalgo.nl\/wp-content\/uploads\/2025\/11\/cropped-Hidalgo-est1993.png","article:published_time":"2025-07-11T12:28:20+00:00","article:modified_time":"2026-03-19T09:56:00+00:00","twitter:card":"summary_large_image","twitter:title":"Bird Lodge vogelhuisje","twitter:description":"Die Bird Lodge ist ein robustes Vogelhaus aus Kiefernholz und bietet kleinen V\u00f6geln eine sichere Brutst\u00e4tte. Als Nistkasten wird sie auf Wunsch von Hidalgo mit deinem Logo veredelt - ideal als nachhaltiges Geschenk f\u00fcr Naturfreunde.","twitter:image":"https:\/\/shop.hidalgo.nl\/wp-content\/uploads\/2025\/11\/cropped-Hidalgo-est1993.png"},"aioseo_meta_data":{"post_id":"166771","title":null,"description":null,"keywords":null,"keyphrases":null,"primary_term":null,"canonical_url":null,"og_title":null,"og_description":null,"og_object_type":"default","og_image_type":"default","og_image_url":null,"og_image_width":null,"og_image_height":null,"og_image_custom_url":null,"og_image_custom_fields":null,"og_video":null,"og_custom_url":null,"og_article_section":null,"og_article_tags":null,"twitter_use_og":false,"twitter_card":"default","twitter_image_type":"default","twitter_image_url":null,"twitter_image_custom_url":null,"twitter_image_custom_fields":null,"twitter_title":null,"twitter_description":null,"schema":{"blockGraphs":[],"customGraphs":[],"default":{"data":{"Article":[],"Course":[],"Dataset":[],"FAQPage":[],"Movie":[],"Person":[],"Product":[],"ProductReview":[],"Car":[],"Recipe":[],"Service":[],"SoftwareApplication":[],"WebPage":[]},"graphName":"","isEnabled":true},"graphs":[]},"schema_type":"default","schema_type_options":null,"pillar_content":false,"robots_default":true,"robots_noindex":false,"robots_noarchive":false,"robots_nosnippet":false,"robots_nofollow":false,"robots_noimageindex":false,"robots_noodp":false,"robots_notranslate":false,"robots_max_snippet":null,"robots_max_videopreview":null,"robots_max_imagepreview":"large","priority":null,"frequency":null,"local_seo":null,"seo_analyzer_scan_date":"2026-01-22 19:10:08","breadcrumb_settings":null,"limit_modified_date":false,"reviewed_by":null,"open_ai":null,"ai":null,"created":"2026-01-14 07:02:59","updated":"2026-04-23 01:11:51"},"aioseo_breadcrumb":"<div class=\"aioseo-breadcrumbs\"><span class=\"aioseo-breadcrumb\">\n\t<a href=\"https:\/\/hidalgo.nl\/de\/\" title=\"Home\">Home<\/a>\n<\/span><span class=\"aioseo-breadcrumb-separator\">\u00bb<\/span><span class=\"aioseo-breadcrumb\">\n\t<a href=\"https:\/\/hidalgo.nl\/example\/\" title=\"example\">example<\/a>\n<\/span><span class=\"aioseo-breadcrumb-separator\">\u00bb<\/span><span class=\"aioseo-breadcrumb\">\n\t<a href=\"https:\/\/hidalgo.nl\/en\/product-supplier\/a24\/\" title=\"A24\">A24<\/a>\n<\/span><span class=\"aioseo-breadcrumb-separator\">\u00bb<\/span><span class=\"aioseo-breadcrumb\">\n\tBird Lodge vogelhuisje\n<\/span><\/div>","aioseo_breadcrumb_json":[{"label":"Home","link":"https:\/\/hidalgo.nl\/de\/"},{"label":"example","link":"https:\/\/hidalgo.nl\/example\/"},{"label":"A24","link":"https:\/\/hidalgo.nl\/en\/product-supplier\/a24\/"},{"label":"Bird Lodge vogelhuisje","link":"https:\/\/hidalgo.nl\/de\/product\/bird-lodge-vogelhuisje\/"}],"_links":{"self":[{"href":"https:\/\/hidalgo.nl\/de\/wp-json\/wp\/v2\/product\/166771","targetHints":{"allow":["GET"]}}],"collection":[{"href":"https:\/\/hidalgo.nl\/de\/wp-json\/wp\/v2\/product"}],"about":[{"href":"https:\/\/hidalgo.nl\/de\/wp-json\/wp\/v2\/types\/product"}],"wp:featuredmedia":[{"embeddable":true,"href":"https:\/\/hidalgo.nl\/de\/wp-json\/wp\/v2\/media\/166772"}],"wp:attachment":[{"href":"https:\/\/hidalgo.nl\/de\/wp-json\/wp\/v2\/media?parent=166771"}],"wp:term":[{"taxonomy":"product_brand","embeddable":true,"href":"https:\/\/hidalgo.nl\/de\/wp-json\/wp\/v2\/product_brand?post=166771"},{"taxonomy":"product_cat","embeddable":true,"href":"https:\/\/hidalgo.nl\/de\/wp-json\/wp\/v2\/product_cat?post=166771"},{"taxonomy":"product_tag","embeddable":true,"href":"https:\/\/hidalgo.nl\/de\/wp-json\/wp\/v2\/product_tag?post=166771"}],"curies":[{"name":"wp","href":"https:\/\/api.w.org\/{rel}","templated":true}]}}