{"id":166257,"date":"2025-07-11T12:02:57","date_gmt":"2025-07-11T12:02:57","guid":{"rendered":"http:\/\/bidonsenshakers.pim.hidalgo.nl\/product\/tech-organizer-grs\/"},"modified":"2026-03-19T09:56:25","modified_gmt":"2026-03-19T09:56:25","slug":"tech-organizer-grs","status":"publish","type":"product","link":"https:\/\/hidalgo.nl\/de\/product\/tech-organizer-grs\/","title":{"rendered":"Tech Organizer GRS"},"content":{"rendered":"<p>Etui voor het georganiseerd en overzichtelijk opbergen van kabels, opladers en technische accessoires. Gemaakt van 600D RPET polyester. De binnenzijde biedt ruime opbergmogelijkheden, verdeeld over verschillende (mesh) vakken. Met ritssluiting, een extra ritsvak aan de buitenzijde en een praktische draaglus. Ideaal om mee te nemen op reis, maar ook handig voor thuis of op kantoor. GRS-gecertificeerd. Totaal gerecycled materiaal: 88%.<\/p>\n","protected":false},"excerpt":{"rendered":"<p>Etui voor het georganiseerd en overzichtelijk opbergen van kabels, opladers en technische accessoires. Gemaakt van 600D RPET polyester. De binnenzijde biedt ruime opbergmogelijkheden, verdeeld over verschillende (mesh) vakken. Met ritssluiting, een extra ritsvak aan de buitenzijde en een praktische draaglus. Ideaal om mee te nemen op reis, maar ook handig voor thuis of op kantoor.&hellip; <a class=\"more-link\" href=\"https:\/\/hidalgo.nl\/de\/product\/tech-organizer-grs\/\"><span class=\"screen-reader-text\">Tech Organizer GRS<\/span> weiterlesen<\/a><\/p>\n","protected":false},"featured_media":166258,"template":"","meta":{"_acf_changed":false,"om_disable_all_campaigns":false,"_monsterinsights_skip_tracking":false,"_monsterinsights_sitenote_active":false,"_monsterinsights_sitenote_note":"","_monsterinsights_sitenote_category":0},"product_brand":[],"product_cat":[4720,4724,4719],"product_tag":[],"class_list":{"0":"post-166257","1":"product","2":"type-product","3":"status-publish","4":"has-post-thumbnail","6":"product_supplier-a24","7":"product_material-gerecycled-polyesterpolyester","8":"product_cat-promotionele-artikelen-elektronica-en-gadgets","9":"product_cat-promotionele-artikelen-elektronica-en-gadgets-kabels-en-opladers","10":"product_cat-promotionele-artikelen","11":"entry","13":"first","14":"instock","15":"taxable","16":"shipping-taxable","17":"purchasable","18":"product-type-variable"},"acf":{"imprint_cost":[{"imprint_cost_key":"7c2432b1df24628b81145dd340db417b06ca06b9","product_quantity_price_range":[{"imprint_cost_recommended_selling_price":"2.46","imprint_cost_recommended_selling_quantity":"1"},{"imprint_cost_recommended_selling_price":"1.86","imprint_cost_recommended_selling_quantity":"25"},{"imprint_cost_recommended_selling_price":"1.32","imprint_cost_recommended_selling_quantity":"50"},{"imprint_cost_recommended_selling_price":"1.05","imprint_cost_recommended_selling_quantity":"100"},{"imprint_cost_recommended_selling_price":"0.795","imprint_cost_recommended_selling_quantity":"250"},{"imprint_cost_recommended_selling_price":"0.66","imprint_cost_recommended_selling_quantity":"500"},{"imprint_cost_recommended_selling_price":"0.525","imprint_cost_recommended_selling_quantity":"1000"},{"imprint_cost_recommended_selling_price":"0.45","imprint_cost_recommended_selling_quantity":"2500"},{"imprint_cost_recommended_selling_price":"0.42","imprint_cost_recommended_selling_quantity":"5000"}],"product_quantity_price_range_buying":[{"imprint_cost_general_buying_price":"1.64","imprint_cost_general_buying_quantity":"1"},{"imprint_cost_general_buying_price":"1.24","imprint_cost_general_buying_quantity":"25"},{"imprint_cost_general_buying_price":"0.88","imprint_cost_general_buying_quantity":"50"},{"imprint_cost_general_buying_price":"0.7","imprint_cost_general_buying_quantity":"100"},{"imprint_cost_general_buying_price":"0.53","imprint_cost_general_buying_quantity":"250"},{"imprint_cost_general_buying_price":"0.44","imprint_cost_general_buying_quantity":"500"},{"imprint_cost_general_buying_price":"0.35","imprint_cost_general_buying_quantity":"1000"},{"imprint_cost_general_buying_price":"0.3","imprint_cost_general_buying_quantity":"2500"},{"imprint_cost_general_buying_price":"0.28","imprint_cost_general_buying_quantity":"5000"}],"imprint_cost_setup_costs":"45","imprint_cost_handling_costs":"0.09"},{"imprint_cost_key":"ad44cc7d2c8e6f2ad8553aa83997d18309c08de6","product_quantity_price_range":[{"imprint_cost_recommended_selling_price":"2.64","imprint_cost_recommended_selling_quantity":"1"},{"imprint_cost_recommended_selling_price":"1.935","imprint_cost_recommended_selling_quantity":"25"},{"imprint_cost_recommended_selling_price":"1.11","imprint_cost_recommended_selling_quantity":"50"},{"imprint_cost_recommended_selling_price":"0.72","imprint_cost_recommended_selling_quantity":"100"},{"imprint_cost_recommended_selling_price":"0.51","imprint_cost_recommended_selling_quantity":"250"},{"imprint_cost_recommended_selling_price":"0.45","imprint_cost_recommended_selling_quantity":"500"},{"imprint_cost_recommended_selling_price":"0.42","imprint_cost_recommended_selling_quantity":"1000"},{"imprint_cost_recommended_selling_price":"0.375","imprint_cost_recommended_selling_quantity":"2500"},{"imprint_cost_recommended_selling_price":"0.345","imprint_cost_recommended_selling_quantity":"5000"}],"product_quantity_price_range_buying":[{"imprint_cost_general_buying_price":"1.76","imprint_cost_general_buying_quantity":"1"},{"imprint_cost_general_buying_price":"1.29","imprint_cost_general_buying_quantity":"25"},{"imprint_cost_general_buying_price":"0.74","imprint_cost_general_buying_quantity":"50"},{"imprint_cost_general_buying_price":"0.48","imprint_cost_general_buying_quantity":"100"},{"imprint_cost_general_buying_price":"0.34","imprint_cost_general_buying_quantity":"250"},{"imprint_cost_general_buying_price":"0.3","imprint_cost_general_buying_quantity":"500"},{"imprint_cost_general_buying_price":"0.28","imprint_cost_general_buying_quantity":"1000"},{"imprint_cost_general_buying_price":"0.25","imprint_cost_general_buying_quantity":"2500"},{"imprint_cost_general_buying_price":"0.23","imprint_cost_general_buying_quantity":"5000"}],"imprint_cost_setup_costs":"45","imprint_cost_handling_costs":"0.15"}]},"aioseo_notices":[],"aioseo_head":"\n\t\t<!-- All in One SEO Pro 4.9.6.2 - aioseo.com -->\n\t<meta name=\"description\" content=\"Bewahre Ladeger\u00e4te, Kabel und Adapter \u00fcbersichtlich in einem langlebigen Etui aus GRS-zertifiziertem RPET mit Rei\u00dfverschluss auf. Als Kabel Organizer f\u00fcrs B\u00fcro &amp; Reise Etui hast du alles griffbereit und l\u00e4sst es auf Wunsch mit deinem Logo bedrucken.\" \/>\n\t<meta name=\"robots\" content=\"max-image-preview:large\" \/>\n\t<link rel=\"canonical\" href=\"https:\/\/hidalgo.nl\/de\/wp-json\/wp\/v2\/product\/166257\" \/>\n\t<meta name=\"generator\" content=\"All in One SEO Pro (AIOSEO) 4.9.6.2\" \/>\n\t\t<meta property=\"og:locale\" content=\"de_DE\" \/>\n\t\t<meta property=\"og:site_name\" content=\"Hidalgo -\" \/>\n\t\t<meta property=\"og:type\" content=\"article\" \/>\n\t\t<meta property=\"og:title\" content=\"Tech Organizer GRS\" \/>\n\t\t<meta property=\"og:description\" content=\"Bewahre Ladeger\u00e4te, Kabel und Adapter \u00fcbersichtlich in einem langlebigen Etui aus GRS-zertifiziertem RPET mit Rei\u00dfverschluss auf. Als Kabel Organizer f\u00fcrs B\u00fcro &amp; Reise Etui hast du alles griffbereit und l\u00e4sst es auf Wunsch mit deinem Logo bedrucken.\" \/>\n\t\t<meta property=\"og:url\" content=\"https:\/\/hidalgo.nl\/de\/wp-json\/wp\/v2\/product\/166257\" \/>\n\t\t<meta property=\"og:image\" content=\"https:\/\/shop.hidalgo.nl\/wp-content\/uploads\/2025\/11\/cropped-Hidalgo-est1993.png\" \/>\n\t\t<meta property=\"og:image:secure_url\" content=\"https:\/\/shop.hidalgo.nl\/wp-content\/uploads\/2025\/11\/cropped-Hidalgo-est1993.png\" \/>\n\t\t<meta property=\"article:published_time\" content=\"2025-07-11T12:02:57+00:00\" \/>\n\t\t<meta property=\"article:modified_time\" content=\"2026-03-19T09:56:25+00:00\" \/>\n\t\t<meta name=\"twitter:card\" content=\"summary_large_image\" \/>\n\t\t<meta name=\"twitter:title\" content=\"Tech Organizer GRS\" \/>\n\t\t<meta name=\"twitter:description\" content=\"Bewahre Ladeger\u00e4te, Kabel und Adapter \u00fcbersichtlich in einem langlebigen Etui aus GRS-zertifiziertem RPET mit Rei\u00dfverschluss auf. Als Kabel Organizer f\u00fcrs B\u00fcro &amp; Reise Etui hast du alles griffbereit und l\u00e4sst es auf Wunsch mit deinem Logo bedrucken.\" \/>\n\t\t<meta name=\"twitter:image\" content=\"https:\/\/shop.hidalgo.nl\/wp-content\/uploads\/2025\/11\/cropped-Hidalgo-est1993.png\" \/>\n\t\t<script type=\"application\/ld+json\" class=\"aioseo-schema\">\n\t\t\t{\"@context\":\"https:\\\/\\\/schema.org\",\"@graph\":[{\"@type\":\"BreadcrumbList\",\"@id\":\"https:\\\/\\\/hidalgo.nl\\\/de\\\/product\\\/tech-organizer-grs\\\/#breadcrumblist\",\"itemListElement\":[{\"@type\":\"ListItem\",\"@id\":\"https:\\\/\\\/hidalgo.nl\\\/de\\\/#listItem\",\"position\":1,\"name\":\"Home\",\"item\":\"https:\\\/\\\/hidalgo.nl\\\/de\\\/\",\"nextItem\":{\"@type\":\"ListItem\",\"@id\":\"https:\\\/\\\/hidalgo.nl\\\/example\\\/#listItem\",\"name\":\"example\"}},{\"@type\":\"ListItem\",\"@id\":\"https:\\\/\\\/hidalgo.nl\\\/example\\\/#listItem\",\"position\":2,\"name\":\"example\",\"item\":\"https:\\\/\\\/hidalgo.nl\\\/example\\\/\",\"nextItem\":{\"@type\":\"ListItem\",\"@id\":\"https:\\\/\\\/hidalgo.nl\\\/en\\\/product-supplier\\\/a24\\\/#listItem\",\"name\":\"A24\"},\"previousItem\":{\"@type\":\"ListItem\",\"@id\":\"https:\\\/\\\/hidalgo.nl\\\/de\\\/#listItem\",\"name\":\"Home\"}},{\"@type\":\"ListItem\",\"@id\":\"https:\\\/\\\/hidalgo.nl\\\/en\\\/product-supplier\\\/a24\\\/#listItem\",\"position\":3,\"name\":\"A24\",\"item\":\"https:\\\/\\\/hidalgo.nl\\\/en\\\/product-supplier\\\/a24\\\/\",\"nextItem\":{\"@type\":\"ListItem\",\"@id\":\"https:\\\/\\\/hidalgo.nl\\\/de\\\/product\\\/tech-organizer-grs\\\/#listItem\",\"name\":\"Tech Organizer GRS\"},\"previousItem\":{\"@type\":\"ListItem\",\"@id\":\"https:\\\/\\\/hidalgo.nl\\\/example\\\/#listItem\",\"name\":\"example\"}},{\"@type\":\"ListItem\",\"@id\":\"https:\\\/\\\/hidalgo.nl\\\/de\\\/product\\\/tech-organizer-grs\\\/#listItem\",\"position\":4,\"name\":\"Tech Organizer GRS\",\"previousItem\":{\"@type\":\"ListItem\",\"@id\":\"https:\\\/\\\/hidalgo.nl\\\/en\\\/product-supplier\\\/a24\\\/#listItem\",\"name\":\"A24\"}}]},{\"@type\":\"Organization\",\"@id\":\"https:\\\/\\\/hidalgo.nl\\\/de\\\/#organization\",\"name\":\"Hidalgo\",\"url\":\"https:\\\/\\\/hidalgo.nl\\\/de\\\/\",\"logo\":{\"@type\":\"ImageObject\",\"url\":\"https:\\\/\\\/shop.hidalgo.nl\\\/wp-content\\\/uploads\\\/2025\\\/11\\\/cropped-Hidalgo-est1993.png\",\"@id\":\"https:\\\/\\\/hidalgo.nl\\\/de\\\/product\\\/tech-organizer-grs\\\/#organizationLogo\",\"width\":585,\"height\":195},\"image\":{\"@id\":\"https:\\\/\\\/hidalgo.nl\\\/de\\\/product\\\/tech-organizer-grs\\\/#organizationLogo\"}},{\"@type\":\"ProductGroup\",\"@id\":\"https:\\\/\\\/hidalgo.nl\\\/de\\\/product\\\/tech-organizer-grs\\\/#wooCommerceProduct\",\"name\":\"Tech Organizer GRS\",\"url\":\"https:\\\/\\\/hidalgo.nl\\\/de\\\/product\\\/tech-organizer-grs\\\/\",\"sku\":\"A24-2584\",\"image\":{\"@type\":\"ImageObject\",\"url\":\"https:\\\/\\\/shop.hidalgo.nl\\\/wp-content\\\/uploads\\\/2025\\\/07\\\/ff1fedb512b6cbcedb20c5001185f960d8048150bae96df9d07b203800778f60.jpg\",\"@id\":\"https:\\\/\\\/hidalgo.nl\\\/de\\\/product\\\/tech-organizer-grs\\\/#productImage\",\"width\":1000,\"height\":1000},\"productGroupID\":166257,\"hasVariant\":[{\"@type\":\"Product\",\"@id\":\"https:\\\/\\\/hidalgo.nl\\\/de\\\/product\\\/tech-organizer-grs\\\/#wooCommerceProduct\",\"name\":\"Tech Organizer GRS - zwart\",\"url\":\"https:\\\/\\\/hidalgo.nl\\\/de\\\/product\\\/tech-organizer-grs\\\/\",\"sku\":\"A24-258498\",\"image\":{\"@type\":\"ImageObject\",\"url\":\"https:\\\/\\\/shop.hidalgo.nl\\\/wp-content\\\/uploads\\\/2025\\\/07\\\/ff1fedb512b6cbcedb20c5001185f960d8048150bae96df9d07b203800778f60.jpg\",\"@id\":\"https:\\\/\\\/hidalgo.nl\\\/de\\\/product\\\/tech-organizer-grs\\\/#productImage\",\"width\":1000,\"height\":1000},\"offers\":{\"@type\":\"Offer\",\"url\":\"https:\\\/\\\/hidalgo.nl\\\/de\\\/product\\\/tech-organizer-grs\\\/#wooCommerceOffer\",\"price\":\"5.95\",\"priceCurrency\":\"EUR\",\"category\":\"Promotionele Artikelen\",\"availability\":\"https:\\\/\\\/schema.org\\\/InStock\",\"priceSpecification\":{\"@type\":\"PriceSpecification\",\"price\":5.95,\"priceCurrency\":\"EUR\",\"valueAddedTaxIncluded\":\"true\"}}},{\"@type\":\"Product\",\"@id\":\"https:\\\/\\\/hidalgo.nl\\\/de\\\/product\\\/tech-organizer-grs\\\/#wooCommerceProduct\",\"name\":\"Tech Organizer GRS - blauw\",\"url\":\"https:\\\/\\\/hidalgo.nl\\\/de\\\/product\\\/tech-organizer-grs\\\/\",\"sku\":\"A24-258432\",\"image\":{\"@type\":\"ImageObject\",\"url\":\"https:\\\/\\\/shop.hidalgo.nl\\\/wp-content\\\/uploads\\\/2025\\\/07\\\/9fcaf668f3c7ff706d397e53536eb0d7d2eefba6996e527022d1b73d528fd6f1.jpg\",\"@id\":\"https:\\\/\\\/hidalgo.nl\\\/de\\\/product\\\/tech-organizer-grs\\\/#productImage\",\"width\":1000,\"height\":1000},\"offers\":{\"@type\":\"Offer\",\"url\":\"https:\\\/\\\/hidalgo.nl\\\/de\\\/product\\\/tech-organizer-grs\\\/#wooCommerceOffer\",\"price\":\"5.95\",\"priceCurrency\":\"EUR\",\"category\":\"Promotionele Artikelen\",\"availability\":\"https:\\\/\\\/schema.org\\\/InStock\",\"priceSpecification\":{\"@type\":\"PriceSpecification\",\"price\":5.95,\"priceCurrency\":\"EUR\",\"valueAddedTaxIncluded\":\"true\"}}}]},{\"@type\":\"WebPage\",\"@id\":\"https:\\\/\\\/hidalgo.nl\\\/de\\\/product\\\/tech-organizer-grs\\\/#webpage\",\"url\":\"https:\\\/\\\/hidalgo.nl\\\/de\\\/product\\\/tech-organizer-grs\\\/\",\"name\":\"Tech Organizer GRS\",\"description\":\"Bewahre Ladeger\\u00e4te, Kabel und Adapter \\u00fcbersichtlich in einem langlebigen Etui aus GRS-zertifiziertem RPET mit Rei\\u00dfverschluss auf. Als Kabel Organizer f\\u00fcrs B\\u00fcro & Reise Etui hast du alles griffbereit und l\\u00e4sst es auf Wunsch mit deinem Logo bedrucken.\",\"inLanguage\":\"de-DE\",\"isPartOf\":{\"@id\":\"https:\\\/\\\/hidalgo.nl\\\/de\\\/#website\"},\"breadcrumb\":{\"@id\":\"https:\\\/\\\/hidalgo.nl\\\/de\\\/product\\\/tech-organizer-grs\\\/#breadcrumblist\"},\"image\":{\"@type\":\"ImageObject\",\"url\":\"https:\\\/\\\/shop.hidalgo.nl\\\/wp-content\\\/uploads\\\/2025\\\/07\\\/ff1fedb512b6cbcedb20c5001185f960d8048150bae96df9d07b203800778f60.jpg\",\"@id\":\"https:\\\/\\\/hidalgo.nl\\\/de\\\/product\\\/tech-organizer-grs\\\/#mainImage\",\"width\":1000,\"height\":1000},\"primaryImageOfPage\":{\"@id\":\"https:\\\/\\\/hidalgo.nl\\\/de\\\/product\\\/tech-organizer-grs\\\/#mainImage\"},\"datePublished\":\"2025-07-11T12:02:57+00:00\",\"dateModified\":\"2026-03-19T09:56:25+00:00\"},{\"@type\":\"WebSite\",\"@id\":\"https:\\\/\\\/hidalgo.nl\\\/de\\\/#website\",\"url\":\"https:\\\/\\\/hidalgo.nl\\\/de\\\/\",\"name\":\"Hidalgo\",\"inLanguage\":\"de-DE\",\"publisher\":{\"@id\":\"https:\\\/\\\/hidalgo.nl\\\/de\\\/#organization\"}}]}\n\t\t<\/script>\n\t\t<!-- All in One SEO Pro -->\r\n\t\t<title>Tech Organizer GRS<\/title>\n\n","aioseo_head_json":{"title":"Tech Organizer GRS","description":"Bewahre Ladeger\u00e4te, Kabel und Adapter \u00fcbersichtlich in einem langlebigen Etui aus GRS-zertifiziertem RPET mit Rei\u00dfverschluss auf. Als Kabel Organizer f\u00fcrs B\u00fcro & Reise Etui hast du alles griffbereit und l\u00e4sst es auf Wunsch mit deinem Logo bedrucken.","canonical_url":"https:\/\/hidalgo.nl\/de\/wp-json\/wp\/v2\/product\/166257","robots":"max-image-preview:large","keywords":"","webmasterTools":{"miscellaneous":""},"schema":{"@context":"https:\/\/schema.org","@graph":[{"@type":"BreadcrumbList","@id":"https:\/\/hidalgo.nl\/de\/product\/tech-organizer-grs\/#breadcrumblist","itemListElement":[{"@type":"ListItem","@id":"https:\/\/hidalgo.nl\/de\/#listItem","position":1,"name":"Home","item":"https:\/\/hidalgo.nl\/de\/","nextItem":{"@type":"ListItem","@id":"https:\/\/hidalgo.nl\/example\/#listItem","name":"example"}},{"@type":"ListItem","@id":"https:\/\/hidalgo.nl\/example\/#listItem","position":2,"name":"example","item":"https:\/\/hidalgo.nl\/example\/","nextItem":{"@type":"ListItem","@id":"https:\/\/hidalgo.nl\/en\/product-supplier\/a24\/#listItem","name":"A24"},"previousItem":{"@type":"ListItem","@id":"https:\/\/hidalgo.nl\/de\/#listItem","name":"Home"}},{"@type":"ListItem","@id":"https:\/\/hidalgo.nl\/en\/product-supplier\/a24\/#listItem","position":3,"name":"A24","item":"https:\/\/hidalgo.nl\/en\/product-supplier\/a24\/","nextItem":{"@type":"ListItem","@id":"https:\/\/hidalgo.nl\/de\/product\/tech-organizer-grs\/#listItem","name":"Tech Organizer GRS"},"previousItem":{"@type":"ListItem","@id":"https:\/\/hidalgo.nl\/example\/#listItem","name":"example"}},{"@type":"ListItem","@id":"https:\/\/hidalgo.nl\/de\/product\/tech-organizer-grs\/#listItem","position":4,"name":"Tech Organizer GRS","previousItem":{"@type":"ListItem","@id":"https:\/\/hidalgo.nl\/en\/product-supplier\/a24\/#listItem","name":"A24"}}]},{"@type":"Organization","@id":"https:\/\/hidalgo.nl\/de\/#organization","name":"Hidalgo","url":"https:\/\/hidalgo.nl\/de\/","logo":{"@type":"ImageObject","url":"https:\/\/shop.hidalgo.nl\/wp-content\/uploads\/2025\/11\/cropped-Hidalgo-est1993.png","@id":"https:\/\/hidalgo.nl\/de\/product\/tech-organizer-grs\/#organizationLogo","width":585,"height":195},"image":{"@id":"https:\/\/hidalgo.nl\/de\/product\/tech-organizer-grs\/#organizationLogo"}},{"@type":"ProductGroup","@id":"https:\/\/hidalgo.nl\/de\/product\/tech-organizer-grs\/#wooCommerceProduct","name":"Tech Organizer GRS","url":"https:\/\/hidalgo.nl\/de\/product\/tech-organizer-grs\/","sku":"A24-2584","image":{"@type":"ImageObject","url":"https:\/\/shop.hidalgo.nl\/wp-content\/uploads\/2025\/07\/ff1fedb512b6cbcedb20c5001185f960d8048150bae96df9d07b203800778f60.jpg","@id":"https:\/\/hidalgo.nl\/de\/product\/tech-organizer-grs\/#productImage","width":1000,"height":1000},"productGroupID":166257,"hasVariant":[{"@type":"Product","@id":"https:\/\/hidalgo.nl\/de\/product\/tech-organizer-grs\/#wooCommerceProduct","name":"Tech Organizer GRS - zwart","url":"https:\/\/hidalgo.nl\/de\/product\/tech-organizer-grs\/","sku":"A24-258498","image":{"@type":"ImageObject","url":"https:\/\/shop.hidalgo.nl\/wp-content\/uploads\/2025\/07\/ff1fedb512b6cbcedb20c5001185f960d8048150bae96df9d07b203800778f60.jpg","@id":"https:\/\/hidalgo.nl\/de\/product\/tech-organizer-grs\/#productImage","width":1000,"height":1000},"offers":{"@type":"Offer","url":"https:\/\/hidalgo.nl\/de\/product\/tech-organizer-grs\/#wooCommerceOffer","price":"5.95","priceCurrency":"EUR","category":"Promotionele Artikelen","availability":"https:\/\/schema.org\/InStock","priceSpecification":{"@type":"PriceSpecification","price":5.95,"priceCurrency":"EUR","valueAddedTaxIncluded":"true"}}},{"@type":"Product","@id":"https:\/\/hidalgo.nl\/de\/product\/tech-organizer-grs\/#wooCommerceProduct","name":"Tech Organizer GRS - blauw","url":"https:\/\/hidalgo.nl\/de\/product\/tech-organizer-grs\/","sku":"A24-258432","image":{"@type":"ImageObject","url":"https:\/\/shop.hidalgo.nl\/wp-content\/uploads\/2025\/07\/9fcaf668f3c7ff706d397e53536eb0d7d2eefba6996e527022d1b73d528fd6f1.jpg","@id":"https:\/\/hidalgo.nl\/de\/product\/tech-organizer-grs\/#productImage","width":1000,"height":1000},"offers":{"@type":"Offer","url":"https:\/\/hidalgo.nl\/de\/product\/tech-organizer-grs\/#wooCommerceOffer","price":"5.95","priceCurrency":"EUR","category":"Promotionele Artikelen","availability":"https:\/\/schema.org\/InStock","priceSpecification":{"@type":"PriceSpecification","price":5.95,"priceCurrency":"EUR","valueAddedTaxIncluded":"true"}}}]},{"@type":"WebPage","@id":"https:\/\/hidalgo.nl\/de\/product\/tech-organizer-grs\/#webpage","url":"https:\/\/hidalgo.nl\/de\/product\/tech-organizer-grs\/","name":"Tech Organizer GRS","description":"Bewahre Ladeger\u00e4te, Kabel und Adapter \u00fcbersichtlich in einem langlebigen Etui aus GRS-zertifiziertem RPET mit Rei\u00dfverschluss auf. Als Kabel Organizer f\u00fcrs B\u00fcro & Reise Etui hast du alles griffbereit und l\u00e4sst es auf Wunsch mit deinem Logo bedrucken.","inLanguage":"de-DE","isPartOf":{"@id":"https:\/\/hidalgo.nl\/de\/#website"},"breadcrumb":{"@id":"https:\/\/hidalgo.nl\/de\/product\/tech-organizer-grs\/#breadcrumblist"},"image":{"@type":"ImageObject","url":"https:\/\/shop.hidalgo.nl\/wp-content\/uploads\/2025\/07\/ff1fedb512b6cbcedb20c5001185f960d8048150bae96df9d07b203800778f60.jpg","@id":"https:\/\/hidalgo.nl\/de\/product\/tech-organizer-grs\/#mainImage","width":1000,"height":1000},"primaryImageOfPage":{"@id":"https:\/\/hidalgo.nl\/de\/product\/tech-organizer-grs\/#mainImage"},"datePublished":"2025-07-11T12:02:57+00:00","dateModified":"2026-03-19T09:56:25+00:00"},{"@type":"WebSite","@id":"https:\/\/hidalgo.nl\/de\/#website","url":"https:\/\/hidalgo.nl\/de\/","name":"Hidalgo","inLanguage":"de-DE","publisher":{"@id":"https:\/\/hidalgo.nl\/de\/#organization"}}]},"og:locale":"de_DE","og:site_name":"Hidalgo -","og:type":"article","og:title":"Tech Organizer GRS","og:description":"Bewahre Ladeger\u00e4te, Kabel und Adapter \u00fcbersichtlich in einem langlebigen Etui aus GRS-zertifiziertem RPET mit Rei\u00dfverschluss auf. Als Kabel Organizer f\u00fcrs B\u00fcro &amp; Reise Etui hast du alles griffbereit und l\u00e4sst es auf Wunsch mit deinem Logo bedrucken.","og:url":"https:\/\/hidalgo.nl\/de\/wp-json\/wp\/v2\/product\/166257","og:image":"https:\/\/shop.hidalgo.nl\/wp-content\/uploads\/2025\/11\/cropped-Hidalgo-est1993.png","og:image:secure_url":"https:\/\/shop.hidalgo.nl\/wp-content\/uploads\/2025\/11\/cropped-Hidalgo-est1993.png","article:published_time":"2025-07-11T12:02:57+00:00","article:modified_time":"2026-03-19T09:56:25+00:00","twitter:card":"summary_large_image","twitter:title":"Tech Organizer GRS","twitter:description":"Bewahre Ladeger\u00e4te, Kabel und Adapter \u00fcbersichtlich in einem langlebigen Etui aus GRS-zertifiziertem RPET mit Rei\u00dfverschluss auf. Als Kabel Organizer f\u00fcrs B\u00fcro &amp; Reise Etui hast du alles griffbereit und l\u00e4sst es auf Wunsch mit deinem Logo bedrucken.","twitter:image":"https:\/\/shop.hidalgo.nl\/wp-content\/uploads\/2025\/11\/cropped-Hidalgo-est1993.png"},"aioseo_meta_data":{"post_id":"166257","title":null,"description":null,"keywords":null,"keyphrases":null,"primary_term":null,"canonical_url":null,"og_title":null,"og_description":null,"og_object_type":"default","og_image_type":"default","og_image_url":null,"og_image_width":null,"og_image_height":null,"og_image_custom_url":null,"og_image_custom_fields":null,"og_video":null,"og_custom_url":null,"og_article_section":null,"og_article_tags":null,"twitter_use_og":false,"twitter_card":"default","twitter_image_type":"default","twitter_image_url":null,"twitter_image_custom_url":null,"twitter_image_custom_fields":null,"twitter_title":null,"twitter_description":null,"schema":{"blockGraphs":[],"customGraphs":[],"default":{"data":{"Article":[],"Course":[],"Dataset":[],"FAQPage":[],"Movie":[],"Person":[],"Product":[],"ProductReview":[],"Car":[],"Recipe":[],"Service":[],"SoftwareApplication":[],"WebPage":[]},"graphName":"","isEnabled":true},"graphs":[]},"schema_type":"default","schema_type_options":null,"pillar_content":false,"robots_default":true,"robots_noindex":false,"robots_noarchive":false,"robots_nosnippet":false,"robots_nofollow":false,"robots_noimageindex":false,"robots_noodp":false,"robots_notranslate":false,"robots_max_snippet":null,"robots_max_videopreview":null,"robots_max_imagepreview":"large","priority":null,"frequency":null,"local_seo":null,"seo_analyzer_scan_date":"2026-01-22 19:04:11","breadcrumb_settings":null,"limit_modified_date":false,"reviewed_by":null,"open_ai":null,"ai":null,"created":"2026-01-14 07:02:59","updated":"2026-04-23 01:06:50"},"aioseo_breadcrumb":"<div class=\"aioseo-breadcrumbs\"><span class=\"aioseo-breadcrumb\">\n\t<a href=\"https:\/\/hidalgo.nl\/de\/\" title=\"Home\">Home<\/a>\n<\/span><span class=\"aioseo-breadcrumb-separator\">\u00bb<\/span><span class=\"aioseo-breadcrumb\">\n\t<a href=\"https:\/\/hidalgo.nl\/example\/\" title=\"example\">example<\/a>\n<\/span><span class=\"aioseo-breadcrumb-separator\">\u00bb<\/span><span class=\"aioseo-breadcrumb\">\n\t<a href=\"https:\/\/hidalgo.nl\/en\/product-supplier\/a24\/\" title=\"A24\">A24<\/a>\n<\/span><span class=\"aioseo-breadcrumb-separator\">\u00bb<\/span><span class=\"aioseo-breadcrumb\">\n\tTech Organizer GRS\n<\/span><\/div>","aioseo_breadcrumb_json":[{"label":"Home","link":"https:\/\/hidalgo.nl\/de\/"},{"label":"example","link":"https:\/\/hidalgo.nl\/example\/"},{"label":"A24","link":"https:\/\/hidalgo.nl\/en\/product-supplier\/a24\/"},{"label":"Tech Organizer GRS","link":"https:\/\/hidalgo.nl\/de\/product\/tech-organizer-grs\/"}],"_links":{"self":[{"href":"https:\/\/hidalgo.nl\/de\/wp-json\/wp\/v2\/product\/166257","targetHints":{"allow":["GET"]}}],"collection":[{"href":"https:\/\/hidalgo.nl\/de\/wp-json\/wp\/v2\/product"}],"about":[{"href":"https:\/\/hidalgo.nl\/de\/wp-json\/wp\/v2\/types\/product"}],"wp:featuredmedia":[{"embeddable":true,"href":"https:\/\/hidalgo.nl\/de\/wp-json\/wp\/v2\/media\/166258"}],"wp:attachment":[{"href":"https:\/\/hidalgo.nl\/de\/wp-json\/wp\/v2\/media?parent=166257"}],"wp:term":[{"taxonomy":"product_brand","embeddable":true,"href":"https:\/\/hidalgo.nl\/de\/wp-json\/wp\/v2\/product_brand?post=166257"},{"taxonomy":"product_cat","embeddable":true,"href":"https:\/\/hidalgo.nl\/de\/wp-json\/wp\/v2\/product_cat?post=166257"},{"taxonomy":"product_tag","embeddable":true,"href":"https:\/\/hidalgo.nl\/de\/wp-json\/wp\/v2\/product_tag?post=166257"}],"curies":[{"name":"wp","href":"https:\/\/api.w.org\/{rel}","templated":true}]}}