{"id":166148,"date":"2025-07-11T11:57:53","date_gmt":"2025-07-11T11:57:53","guid":{"rendered":"http:\/\/bidonsenshakers.pim.hidalgo.nl\/product\/circulcup-coffee-cup-tray-6-hole-o-8-cm\/"},"modified":"2026-03-19T09:56:32","modified_gmt":"2026-03-19T09:56:32","slug":"circulcup-coffee-cup-tray-6-hole-o-8-cm","status":"publish","type":"product","link":"https:\/\/hidalgo.nl\/de\/product\/circulcup-coffee-cup-tray-6-hole-o-8-cm\/","title":{"rendered":"Circulcup Coffee Cup Tray 6-hole \u00d8 8 cm"},"content":{"rendered":"<p>Draagtray van het merk Circulware. Gemaakt van stevig gerecycled PP. De tray heeft 6 gaten met een doorsnede van 8 cm. Het 100% gerecyclede materiaal dat wordt gebruikt bestaat uit een mengsel van voedselveilige producten die na productie zijn gemarkeerd als faalproducten. Het bekerplateau is geschikt voor het dragen van 6 koffiebekers. Handig om te gebruiken op kantoor. Geschikt voor alle Circulcups (inhoud 200 ml en meer) van het merk Circulware. Vaatwasserbestendig. Voor behoud van de opdruk wordt met de hand afwassen aanbevolen. Dutch design. Made in Holland.<\/p>\n","protected":false},"excerpt":{"rendered":"<p>Draagtray van het merk Circulware. Gemaakt van stevig gerecycled PP. De tray heeft 6 gaten met een doorsnede van 8 cm. Het 100% gerecyclede materiaal dat wordt gebruikt bestaat uit een mengsel van voedselveilige producten die na productie zijn gemarkeerd als faalproducten. Het bekerplateau is geschikt voor het dragen van 6 koffiebekers. Handig om te&hellip; <a class=\"more-link\" href=\"https:\/\/hidalgo.nl\/de\/product\/circulcup-coffee-cup-tray-6-hole-o-8-cm\/\"><span class=\"screen-reader-text\">Circulcup Coffee Cup Tray 6-hole \u00d8 8 cm<\/span> weiterlesen<\/a><\/p>\n","protected":false},"featured_media":166149,"template":"","meta":{"_acf_changed":false,"om_disable_all_campaigns":false,"_monsterinsights_skip_tracking":false,"_monsterinsights_sitenote_active":false,"_monsterinsights_sitenote_note":"","_monsterinsights_sitenote_category":0},"product_brand":[2051],"product_cat":[4882,4719,4774],"product_tag":[],"class_list":{"0":"post-166148","1":"product","2":"type-product","3":"status-publish","4":"has-post-thumbnail","6":"product_supplier-a24","7":"product_material-gerecycled-pp","8":"product_brand-circulware","9":"product_cat-festival-artikelen","10":"product_cat-promotionele-artikelen","11":"product_cat-promotionele-artikelen-vrije-tijd","12":"entry","14":"first","15":"instock","16":"taxable","17":"shipping-taxable","18":"purchasable","19":"product-type-variable"},"acf":{"imprint_cost":[{"imprint_cost_key":"73eff147bf362f2ab807224b66bf167b077f40e3","product_quantity_price_range":[{"imprint_cost_recommended_selling_price":"4.035","imprint_cost_recommended_selling_quantity":"1"},{"imprint_cost_recommended_selling_price":"2.925","imprint_cost_recommended_selling_quantity":"25"},{"imprint_cost_recommended_selling_price":"2.46","imprint_cost_recommended_selling_quantity":"50"},{"imprint_cost_recommended_selling_price":"2.16","imprint_cost_recommended_selling_quantity":"100"},{"imprint_cost_recommended_selling_price":"2.07","imprint_cost_recommended_selling_quantity":"250"},{"imprint_cost_recommended_selling_price":"2.01","imprint_cost_recommended_selling_quantity":"500"},{"imprint_cost_recommended_selling_price":"1.95","imprint_cost_recommended_selling_quantity":"1000"},{"imprint_cost_recommended_selling_price":"1.905","imprint_cost_recommended_selling_quantity":"2500"},{"imprint_cost_recommended_selling_price":"1.875","imprint_cost_recommended_selling_quantity":"5000"}],"product_quantity_price_range_buying":[{"imprint_cost_general_buying_price":"2.69","imprint_cost_general_buying_quantity":"1"},{"imprint_cost_general_buying_price":"1.95","imprint_cost_general_buying_quantity":"25"},{"imprint_cost_general_buying_price":"1.64","imprint_cost_general_buying_quantity":"50"},{"imprint_cost_general_buying_price":"1.44","imprint_cost_general_buying_quantity":"100"},{"imprint_cost_general_buying_price":"1.38","imprint_cost_general_buying_quantity":"250"},{"imprint_cost_general_buying_price":"1.34","imprint_cost_general_buying_quantity":"500"},{"imprint_cost_general_buying_price":"1.3","imprint_cost_general_buying_quantity":"1000"},{"imprint_cost_general_buying_price":"1.27","imprint_cost_general_buying_quantity":"2500"},{"imprint_cost_general_buying_price":"1.25","imprint_cost_general_buying_quantity":"5000"}],"imprint_cost_setup_costs":"26.25","imprint_cost_handling_costs":"0.03"},{"imprint_cost_key":"8e001d36c9cd5e5d0a2186521e54ddf7d99beb86","product_quantity_price_range":[{"imprint_cost_recommended_selling_price":"4.335","imprint_cost_recommended_selling_quantity":"1"},{"imprint_cost_recommended_selling_price":"3.225","imprint_cost_recommended_selling_quantity":"25"},{"imprint_cost_recommended_selling_price":"2.76","imprint_cost_recommended_selling_quantity":"50"},{"imprint_cost_recommended_selling_price":"2.46","imprint_cost_recommended_selling_quantity":"100"},{"imprint_cost_recommended_selling_price":"2.37","imprint_cost_recommended_selling_quantity":"250"},{"imprint_cost_recommended_selling_price":"2.31","imprint_cost_recommended_selling_quantity":"500"},{"imprint_cost_recommended_selling_price":"2.25","imprint_cost_recommended_selling_quantity":"1000"},{"imprint_cost_recommended_selling_price":"2.205","imprint_cost_recommended_selling_quantity":"2500"},{"imprint_cost_recommended_selling_price":"2.175","imprint_cost_recommended_selling_quantity":"5000"}],"product_quantity_price_range_buying":[{"imprint_cost_general_buying_price":"2.89","imprint_cost_general_buying_quantity":"1"},{"imprint_cost_general_buying_price":"2.15","imprint_cost_general_buying_quantity":"25"},{"imprint_cost_general_buying_price":"1.84","imprint_cost_general_buying_quantity":"50"},{"imprint_cost_general_buying_price":"1.64","imprint_cost_general_buying_quantity":"100"},{"imprint_cost_general_buying_price":"1.58","imprint_cost_general_buying_quantity":"250"},{"imprint_cost_general_buying_price":"1.54","imprint_cost_general_buying_quantity":"500"},{"imprint_cost_general_buying_price":"1.5","imprint_cost_general_buying_quantity":"1000"},{"imprint_cost_general_buying_price":"1.47","imprint_cost_general_buying_quantity":"2500"},{"imprint_cost_general_buying_price":"1.45","imprint_cost_general_buying_quantity":"5000"}],"imprint_cost_setup_costs":"26.25","imprint_cost_handling_costs":"0.03"}]},"aioseo_notices":[],"aioseo_head":"\n\t\t<!-- All in One SEO Pro 4.9.6.2 - aioseo.com -->\n\t<meta name=\"description\" content=\"Du transportierst sechs Becher sicher auf einem robusten Tr\u00e4ger aus recyceltem PP von Circulware. Lass dein Logo pr\u00e4zise aufdrucken; der Becherhalter ist sp\u00fclmaschinenfest, stapelbar und ideal f\u00fcr B\u00fcro, Festival oder Verein.\" \/>\n\t<meta name=\"robots\" content=\"max-image-preview:large\" \/>\n\t<link rel=\"canonical\" href=\"https:\/\/hidalgo.nl\/de\/wp-json\/wp\/v2\/product\/166148\" \/>\n\t<meta name=\"generator\" content=\"All in One SEO Pro (AIOSEO) 4.9.6.2\" \/>\n\t\t<meta property=\"og:locale\" content=\"de_DE\" \/>\n\t\t<meta property=\"og:site_name\" content=\"Hidalgo -\" \/>\n\t\t<meta property=\"og:type\" content=\"article\" \/>\n\t\t<meta property=\"og:title\" content=\"Circulcup Coffee Cup Tray 6-hole \u00d8 8 cm\" \/>\n\t\t<meta property=\"og:description\" content=\"Du transportierst sechs Becher sicher auf einem robusten Tr\u00e4ger aus recyceltem PP von Circulware. Lass dein Logo pr\u00e4zise aufdrucken; der Becherhalter ist sp\u00fclmaschinenfest, stapelbar und ideal f\u00fcr B\u00fcro, Festival oder Verein.\" \/>\n\t\t<meta property=\"og:url\" content=\"https:\/\/hidalgo.nl\/de\/wp-json\/wp\/v2\/product\/166148\" \/>\n\t\t<meta property=\"og:image\" content=\"https:\/\/shop.hidalgo.nl\/wp-content\/uploads\/2025\/11\/cropped-Hidalgo-est1993.png\" \/>\n\t\t<meta property=\"og:image:secure_url\" content=\"https:\/\/shop.hidalgo.nl\/wp-content\/uploads\/2025\/11\/cropped-Hidalgo-est1993.png\" \/>\n\t\t<meta property=\"article:published_time\" content=\"2025-07-11T11:57:53+00:00\" \/>\n\t\t<meta property=\"article:modified_time\" content=\"2026-03-19T09:56:32+00:00\" \/>\n\t\t<meta name=\"twitter:card\" content=\"summary_large_image\" \/>\n\t\t<meta name=\"twitter:title\" content=\"Circulcup Coffee Cup Tray 6-hole \u00d8 8 cm\" \/>\n\t\t<meta name=\"twitter:description\" content=\"Du transportierst sechs Becher sicher auf einem robusten Tr\u00e4ger aus recyceltem PP von Circulware. Lass dein Logo pr\u00e4zise aufdrucken; der Becherhalter ist sp\u00fclmaschinenfest, stapelbar und ideal f\u00fcr B\u00fcro, Festival oder Verein.\" \/>\n\t\t<meta name=\"twitter:image\" content=\"https:\/\/shop.hidalgo.nl\/wp-content\/uploads\/2025\/11\/cropped-Hidalgo-est1993.png\" \/>\n\t\t<script type=\"application\/ld+json\" class=\"aioseo-schema\">\n\t\t\t{\"@context\":\"https:\\\/\\\/schema.org\",\"@graph\":[{\"@type\":\"BreadcrumbList\",\"@id\":\"https:\\\/\\\/hidalgo.nl\\\/de\\\/product\\\/circulcup-coffee-cup-tray-6-hole-o-8-cm\\\/#breadcrumblist\",\"itemListElement\":[{\"@type\":\"ListItem\",\"@id\":\"https:\\\/\\\/hidalgo.nl\\\/de\\\/#listItem\",\"position\":1,\"name\":\"Home\",\"item\":\"https:\\\/\\\/hidalgo.nl\\\/de\\\/\",\"nextItem\":{\"@type\":\"ListItem\",\"@id\":\"https:\\\/\\\/hidalgo.nl\\\/example\\\/#listItem\",\"name\":\"example\"}},{\"@type\":\"ListItem\",\"@id\":\"https:\\\/\\\/hidalgo.nl\\\/example\\\/#listItem\",\"position\":2,\"name\":\"example\",\"item\":\"https:\\\/\\\/hidalgo.nl\\\/example\\\/\",\"nextItem\":{\"@type\":\"ListItem\",\"@id\":\"https:\\\/\\\/hidalgo.nl\\\/en\\\/product-supplier\\\/a24\\\/#listItem\",\"name\":\"A24\"},\"previousItem\":{\"@type\":\"ListItem\",\"@id\":\"https:\\\/\\\/hidalgo.nl\\\/de\\\/#listItem\",\"name\":\"Home\"}},{\"@type\":\"ListItem\",\"@id\":\"https:\\\/\\\/hidalgo.nl\\\/en\\\/product-supplier\\\/a24\\\/#listItem\",\"position\":3,\"name\":\"A24\",\"item\":\"https:\\\/\\\/hidalgo.nl\\\/en\\\/product-supplier\\\/a24\\\/\",\"nextItem\":{\"@type\":\"ListItem\",\"@id\":\"https:\\\/\\\/hidalgo.nl\\\/de\\\/product\\\/circulcup-coffee-cup-tray-6-hole-o-8-cm\\\/#listItem\",\"name\":\"Circulcup Coffee Cup Tray 6-hole \\u00d8 8 cm\"},\"previousItem\":{\"@type\":\"ListItem\",\"@id\":\"https:\\\/\\\/hidalgo.nl\\\/example\\\/#listItem\",\"name\":\"example\"}},{\"@type\":\"ListItem\",\"@id\":\"https:\\\/\\\/hidalgo.nl\\\/de\\\/product\\\/circulcup-coffee-cup-tray-6-hole-o-8-cm\\\/#listItem\",\"position\":4,\"name\":\"Circulcup Coffee Cup Tray 6-hole \\u00d8 8 cm\",\"previousItem\":{\"@type\":\"ListItem\",\"@id\":\"https:\\\/\\\/hidalgo.nl\\\/en\\\/product-supplier\\\/a24\\\/#listItem\",\"name\":\"A24\"}}]},{\"@type\":\"Organization\",\"@id\":\"https:\\\/\\\/hidalgo.nl\\\/de\\\/#organization\",\"name\":\"Hidalgo\",\"url\":\"https:\\\/\\\/hidalgo.nl\\\/de\\\/\",\"logo\":{\"@type\":\"ImageObject\",\"url\":\"https:\\\/\\\/shop.hidalgo.nl\\\/wp-content\\\/uploads\\\/2025\\\/11\\\/cropped-Hidalgo-est1993.png\",\"@id\":\"https:\\\/\\\/hidalgo.nl\\\/de\\\/product\\\/circulcup-coffee-cup-tray-6-hole-o-8-cm\\\/#organizationLogo\",\"width\":585,\"height\":195},\"image\":{\"@id\":\"https:\\\/\\\/hidalgo.nl\\\/de\\\/product\\\/circulcup-coffee-cup-tray-6-hole-o-8-cm\\\/#organizationLogo\"}},{\"@type\":\"ProductGroup\",\"@id\":\"https:\\\/\\\/hidalgo.nl\\\/de\\\/product\\\/circulcup-coffee-cup-tray-6-hole-o-8-cm\\\/#wooCommerceProduct\",\"name\":\"Circulcup Coffee Cup Tray 6-hole \\u00d8 8 cm\",\"url\":\"https:\\\/\\\/hidalgo.nl\\\/de\\\/product\\\/circulcup-coffee-cup-tray-6-hole-o-8-cm\\\/\",\"brand\":{\"@type\":\"Brand\",\"name\":\"Circulware\"},\"sku\":\"A24-2549\",\"image\":{\"@type\":\"ImageObject\",\"url\":\"https:\\\/\\\/shop.hidalgo.nl\\\/wp-content\\\/uploads\\\/2025\\\/07\\\/d9b9b2da7bd10e50bc746112ad869ebaa8477cba28662f6aa4c32727884528be.jpg\",\"@id\":\"https:\\\/\\\/hidalgo.nl\\\/de\\\/product\\\/circulcup-coffee-cup-tray-6-hole-o-8-cm\\\/#productImage\",\"width\":1000,\"height\":1000},\"productGroupID\":166148,\"hasVariant\":[{\"@type\":\"Product\",\"@id\":\"https:\\\/\\\/hidalgo.nl\\\/de\\\/product\\\/circulcup-coffee-cup-tray-6-hole-o-8-cm\\\/#wooCommerceProduct\",\"name\":\"Circulcup Coffee Cup Tray 6-hole \\u00d8 8 cm - zwart\",\"url\":\"https:\\\/\\\/hidalgo.nl\\\/de\\\/product\\\/circulcup-coffee-cup-tray-6-hole-o-8-cm\\\/\",\"sku\":\"A24-254998\",\"image\":{\"@type\":\"ImageObject\",\"url\":\"https:\\\/\\\/shop.hidalgo.nl\\\/wp-content\\\/uploads\\\/2025\\\/07\\\/d9b9b2da7bd10e50bc746112ad869ebaa8477cba28662f6aa4c32727884528be.jpg\",\"@id\":\"https:\\\/\\\/hidalgo.nl\\\/de\\\/product\\\/circulcup-coffee-cup-tray-6-hole-o-8-cm\\\/#productImage\",\"width\":1000,\"height\":1000},\"offers\":{\"@type\":\"Offer\",\"url\":\"https:\\\/\\\/hidalgo.nl\\\/de\\\/product\\\/circulcup-coffee-cup-tray-6-hole-o-8-cm\\\/#wooCommerceOffer\",\"price\":\"6.95\",\"priceCurrency\":\"EUR\",\"category\":\"Promotionele Artikelen\",\"availability\":\"https:\\\/\\\/schema.org\\\/InStock\",\"priceSpecification\":{\"@type\":\"PriceSpecification\",\"price\":6.95,\"priceCurrency\":\"EUR\",\"valueAddedTaxIncluded\":\"true\"}}}]},{\"@type\":\"WebPage\",\"@id\":\"https:\\\/\\\/hidalgo.nl\\\/de\\\/product\\\/circulcup-coffee-cup-tray-6-hole-o-8-cm\\\/#webpage\",\"url\":\"https:\\\/\\\/hidalgo.nl\\\/de\\\/product\\\/circulcup-coffee-cup-tray-6-hole-o-8-cm\\\/\",\"name\":\"Circulcup Coffee Cup Tray 6-hole \\u00d8 8 cm\",\"description\":\"Du transportierst sechs Becher sicher auf einem robusten Tr\\u00e4ger aus recyceltem PP von Circulware. Lass dein Logo pr\\u00e4zise aufdrucken; der Becherhalter ist sp\\u00fclmaschinenfest, stapelbar und ideal f\\u00fcr B\\u00fcro, Festival oder Verein.\",\"inLanguage\":\"de-DE\",\"isPartOf\":{\"@id\":\"https:\\\/\\\/hidalgo.nl\\\/de\\\/#website\"},\"breadcrumb\":{\"@id\":\"https:\\\/\\\/hidalgo.nl\\\/de\\\/product\\\/circulcup-coffee-cup-tray-6-hole-o-8-cm\\\/#breadcrumblist\"},\"image\":{\"@type\":\"ImageObject\",\"url\":\"https:\\\/\\\/shop.hidalgo.nl\\\/wp-content\\\/uploads\\\/2025\\\/07\\\/d9b9b2da7bd10e50bc746112ad869ebaa8477cba28662f6aa4c32727884528be.jpg\",\"@id\":\"https:\\\/\\\/hidalgo.nl\\\/de\\\/product\\\/circulcup-coffee-cup-tray-6-hole-o-8-cm\\\/#mainImage\",\"width\":1000,\"height\":1000},\"primaryImageOfPage\":{\"@id\":\"https:\\\/\\\/hidalgo.nl\\\/de\\\/product\\\/circulcup-coffee-cup-tray-6-hole-o-8-cm\\\/#mainImage\"},\"datePublished\":\"2025-07-11T11:57:53+00:00\",\"dateModified\":\"2026-03-19T09:56:32+00:00\"},{\"@type\":\"WebSite\",\"@id\":\"https:\\\/\\\/hidalgo.nl\\\/de\\\/#website\",\"url\":\"https:\\\/\\\/hidalgo.nl\\\/de\\\/\",\"name\":\"Hidalgo\",\"inLanguage\":\"de-DE\",\"publisher\":{\"@id\":\"https:\\\/\\\/hidalgo.nl\\\/de\\\/#organization\"}}]}\n\t\t<\/script>\n\t\t<!-- All in One SEO Pro -->\r\n\t\t<title>Circulcup Coffee Cup Tray 6-hole \u00d8 8 cm<\/title>\n\n","aioseo_head_json":{"title":"Circulcup Coffee Cup Tray 6-hole \u00d8 8 cm","description":"Du transportierst sechs Becher sicher auf einem robusten Tr\u00e4ger aus recyceltem PP von Circulware. Lass dein Logo pr\u00e4zise aufdrucken; der Becherhalter ist sp\u00fclmaschinenfest, stapelbar und ideal f\u00fcr B\u00fcro, Festival oder Verein.","canonical_url":"https:\/\/hidalgo.nl\/de\/wp-json\/wp\/v2\/product\/166148","robots":"max-image-preview:large","keywords":"","webmasterTools":{"miscellaneous":""},"schema":{"@context":"https:\/\/schema.org","@graph":[{"@type":"BreadcrumbList","@id":"https:\/\/hidalgo.nl\/de\/product\/circulcup-coffee-cup-tray-6-hole-o-8-cm\/#breadcrumblist","itemListElement":[{"@type":"ListItem","@id":"https:\/\/hidalgo.nl\/de\/#listItem","position":1,"name":"Home","item":"https:\/\/hidalgo.nl\/de\/","nextItem":{"@type":"ListItem","@id":"https:\/\/hidalgo.nl\/example\/#listItem","name":"example"}},{"@type":"ListItem","@id":"https:\/\/hidalgo.nl\/example\/#listItem","position":2,"name":"example","item":"https:\/\/hidalgo.nl\/example\/","nextItem":{"@type":"ListItem","@id":"https:\/\/hidalgo.nl\/en\/product-supplier\/a24\/#listItem","name":"A24"},"previousItem":{"@type":"ListItem","@id":"https:\/\/hidalgo.nl\/de\/#listItem","name":"Home"}},{"@type":"ListItem","@id":"https:\/\/hidalgo.nl\/en\/product-supplier\/a24\/#listItem","position":3,"name":"A24","item":"https:\/\/hidalgo.nl\/en\/product-supplier\/a24\/","nextItem":{"@type":"ListItem","@id":"https:\/\/hidalgo.nl\/de\/product\/circulcup-coffee-cup-tray-6-hole-o-8-cm\/#listItem","name":"Circulcup Coffee Cup Tray 6-hole \u00d8 8 cm"},"previousItem":{"@type":"ListItem","@id":"https:\/\/hidalgo.nl\/example\/#listItem","name":"example"}},{"@type":"ListItem","@id":"https:\/\/hidalgo.nl\/de\/product\/circulcup-coffee-cup-tray-6-hole-o-8-cm\/#listItem","position":4,"name":"Circulcup Coffee Cup Tray 6-hole \u00d8 8 cm","previousItem":{"@type":"ListItem","@id":"https:\/\/hidalgo.nl\/en\/product-supplier\/a24\/#listItem","name":"A24"}}]},{"@type":"Organization","@id":"https:\/\/hidalgo.nl\/de\/#organization","name":"Hidalgo","url":"https:\/\/hidalgo.nl\/de\/","logo":{"@type":"ImageObject","url":"https:\/\/shop.hidalgo.nl\/wp-content\/uploads\/2025\/11\/cropped-Hidalgo-est1993.png","@id":"https:\/\/hidalgo.nl\/de\/product\/circulcup-coffee-cup-tray-6-hole-o-8-cm\/#organizationLogo","width":585,"height":195},"image":{"@id":"https:\/\/hidalgo.nl\/de\/product\/circulcup-coffee-cup-tray-6-hole-o-8-cm\/#organizationLogo"}},{"@type":"ProductGroup","@id":"https:\/\/hidalgo.nl\/de\/product\/circulcup-coffee-cup-tray-6-hole-o-8-cm\/#wooCommerceProduct","name":"Circulcup Coffee Cup Tray 6-hole \u00d8 8 cm","url":"https:\/\/hidalgo.nl\/de\/product\/circulcup-coffee-cup-tray-6-hole-o-8-cm\/","brand":{"@type":"Brand","name":"Circulware"},"sku":"A24-2549","image":{"@type":"ImageObject","url":"https:\/\/shop.hidalgo.nl\/wp-content\/uploads\/2025\/07\/d9b9b2da7bd10e50bc746112ad869ebaa8477cba28662f6aa4c32727884528be.jpg","@id":"https:\/\/hidalgo.nl\/de\/product\/circulcup-coffee-cup-tray-6-hole-o-8-cm\/#productImage","width":1000,"height":1000},"productGroupID":166148,"hasVariant":[{"@type":"Product","@id":"https:\/\/hidalgo.nl\/de\/product\/circulcup-coffee-cup-tray-6-hole-o-8-cm\/#wooCommerceProduct","name":"Circulcup Coffee Cup Tray 6-hole \u00d8 8 cm - zwart","url":"https:\/\/hidalgo.nl\/de\/product\/circulcup-coffee-cup-tray-6-hole-o-8-cm\/","sku":"A24-254998","image":{"@type":"ImageObject","url":"https:\/\/shop.hidalgo.nl\/wp-content\/uploads\/2025\/07\/d9b9b2da7bd10e50bc746112ad869ebaa8477cba28662f6aa4c32727884528be.jpg","@id":"https:\/\/hidalgo.nl\/de\/product\/circulcup-coffee-cup-tray-6-hole-o-8-cm\/#productImage","width":1000,"height":1000},"offers":{"@type":"Offer","url":"https:\/\/hidalgo.nl\/de\/product\/circulcup-coffee-cup-tray-6-hole-o-8-cm\/#wooCommerceOffer","price":"6.95","priceCurrency":"EUR","category":"Promotionele Artikelen","availability":"https:\/\/schema.org\/InStock","priceSpecification":{"@type":"PriceSpecification","price":6.95,"priceCurrency":"EUR","valueAddedTaxIncluded":"true"}}}]},{"@type":"WebPage","@id":"https:\/\/hidalgo.nl\/de\/product\/circulcup-coffee-cup-tray-6-hole-o-8-cm\/#webpage","url":"https:\/\/hidalgo.nl\/de\/product\/circulcup-coffee-cup-tray-6-hole-o-8-cm\/","name":"Circulcup Coffee Cup Tray 6-hole \u00d8 8 cm","description":"Du transportierst sechs Becher sicher auf einem robusten Tr\u00e4ger aus recyceltem PP von Circulware. Lass dein Logo pr\u00e4zise aufdrucken; der Becherhalter ist sp\u00fclmaschinenfest, stapelbar und ideal f\u00fcr B\u00fcro, Festival oder Verein.","inLanguage":"de-DE","isPartOf":{"@id":"https:\/\/hidalgo.nl\/de\/#website"},"breadcrumb":{"@id":"https:\/\/hidalgo.nl\/de\/product\/circulcup-coffee-cup-tray-6-hole-o-8-cm\/#breadcrumblist"},"image":{"@type":"ImageObject","url":"https:\/\/shop.hidalgo.nl\/wp-content\/uploads\/2025\/07\/d9b9b2da7bd10e50bc746112ad869ebaa8477cba28662f6aa4c32727884528be.jpg","@id":"https:\/\/hidalgo.nl\/de\/product\/circulcup-coffee-cup-tray-6-hole-o-8-cm\/#mainImage","width":1000,"height":1000},"primaryImageOfPage":{"@id":"https:\/\/hidalgo.nl\/de\/product\/circulcup-coffee-cup-tray-6-hole-o-8-cm\/#mainImage"},"datePublished":"2025-07-11T11:57:53+00:00","dateModified":"2026-03-19T09:56:32+00:00"},{"@type":"WebSite","@id":"https:\/\/hidalgo.nl\/de\/#website","url":"https:\/\/hidalgo.nl\/de\/","name":"Hidalgo","inLanguage":"de-DE","publisher":{"@id":"https:\/\/hidalgo.nl\/de\/#organization"}}]},"og:locale":"de_DE","og:site_name":"Hidalgo -","og:type":"article","og:title":"Circulcup Coffee Cup Tray 6-hole \u00d8 8 cm","og:description":"Du transportierst sechs Becher sicher auf einem robusten Tr\u00e4ger aus recyceltem PP von Circulware. Lass dein Logo pr\u00e4zise aufdrucken; der Becherhalter ist sp\u00fclmaschinenfest, stapelbar und ideal f\u00fcr B\u00fcro, Festival oder Verein.","og:url":"https:\/\/hidalgo.nl\/de\/wp-json\/wp\/v2\/product\/166148","og:image":"https:\/\/shop.hidalgo.nl\/wp-content\/uploads\/2025\/11\/cropped-Hidalgo-est1993.png","og:image:secure_url":"https:\/\/shop.hidalgo.nl\/wp-content\/uploads\/2025\/11\/cropped-Hidalgo-est1993.png","article:published_time":"2025-07-11T11:57:53+00:00","article:modified_time":"2026-03-19T09:56:32+00:00","twitter:card":"summary_large_image","twitter:title":"Circulcup Coffee Cup Tray 6-hole \u00d8 8 cm","twitter:description":"Du transportierst sechs Becher sicher auf einem robusten Tr\u00e4ger aus recyceltem PP von Circulware. Lass dein Logo pr\u00e4zise aufdrucken; der Becherhalter ist sp\u00fclmaschinenfest, stapelbar und ideal f\u00fcr B\u00fcro, Festival oder Verein.","twitter:image":"https:\/\/shop.hidalgo.nl\/wp-content\/uploads\/2025\/11\/cropped-Hidalgo-est1993.png"},"aioseo_meta_data":{"post_id":"166148","title":null,"description":null,"keywords":null,"keyphrases":null,"primary_term":null,"canonical_url":null,"og_title":null,"og_description":null,"og_object_type":"default","og_image_type":"default","og_image_url":null,"og_image_width":null,"og_image_height":null,"og_image_custom_url":null,"og_image_custom_fields":null,"og_video":null,"og_custom_url":null,"og_article_section":null,"og_article_tags":null,"twitter_use_og":false,"twitter_card":"default","twitter_image_type":"default","twitter_image_url":null,"twitter_image_custom_url":null,"twitter_image_custom_fields":null,"twitter_title":null,"twitter_description":null,"schema":{"blockGraphs":[],"customGraphs":[],"default":{"data":{"Article":[],"Course":[],"Dataset":[],"FAQPage":[],"Movie":[],"Person":[],"Product":[],"ProductReview":[],"Car":[],"Recipe":[],"Service":[],"SoftwareApplication":[],"WebPage":[]},"graphName":"","isEnabled":true},"graphs":[]},"schema_type":"default","schema_type_options":null,"pillar_content":false,"robots_default":true,"robots_noindex":false,"robots_noarchive":false,"robots_nosnippet":false,"robots_nofollow":false,"robots_noimageindex":false,"robots_noodp":false,"robots_notranslate":false,"robots_max_snippet":null,"robots_max_videopreview":null,"robots_max_imagepreview":"large","priority":null,"frequency":null,"local_seo":null,"seo_analyzer_scan_date":"2026-01-22 19:02:06","breadcrumb_settings":null,"limit_modified_date":false,"reviewed_by":null,"open_ai":null,"ai":null,"created":"2026-01-14 07:02:59","updated":"2026-04-23 01:05:48"},"aioseo_breadcrumb":"<div class=\"aioseo-breadcrumbs\"><span class=\"aioseo-breadcrumb\">\n\t<a href=\"https:\/\/hidalgo.nl\/de\/\" title=\"Home\">Home<\/a>\n<\/span><span class=\"aioseo-breadcrumb-separator\">\u00bb<\/span><span class=\"aioseo-breadcrumb\">\n\t<a href=\"https:\/\/hidalgo.nl\/example\/\" title=\"example\">example<\/a>\n<\/span><span class=\"aioseo-breadcrumb-separator\">\u00bb<\/span><span class=\"aioseo-breadcrumb\">\n\t<a href=\"https:\/\/hidalgo.nl\/en\/product-supplier\/a24\/\" title=\"A24\">A24<\/a>\n<\/span><span class=\"aioseo-breadcrumb-separator\">\u00bb<\/span><span class=\"aioseo-breadcrumb\">\n\tCirculcup Coffee Cup Tray 6-hole \u00d8 8 cm\n<\/span><\/div>","aioseo_breadcrumb_json":[{"label":"Home","link":"https:\/\/hidalgo.nl\/de\/"},{"label":"example","link":"https:\/\/hidalgo.nl\/example\/"},{"label":"A24","link":"https:\/\/hidalgo.nl\/en\/product-supplier\/a24\/"},{"label":"Circulcup Coffee Cup Tray 6-hole \u00d8 8 cm","link":"https:\/\/hidalgo.nl\/de\/product\/circulcup-coffee-cup-tray-6-hole-o-8-cm\/"}],"_links":{"self":[{"href":"https:\/\/hidalgo.nl\/de\/wp-json\/wp\/v2\/product\/166148","targetHints":{"allow":["GET"]}}],"collection":[{"href":"https:\/\/hidalgo.nl\/de\/wp-json\/wp\/v2\/product"}],"about":[{"href":"https:\/\/hidalgo.nl\/de\/wp-json\/wp\/v2\/types\/product"}],"wp:featuredmedia":[{"embeddable":true,"href":"https:\/\/hidalgo.nl\/de\/wp-json\/wp\/v2\/media\/166149"}],"wp:attachment":[{"href":"https:\/\/hidalgo.nl\/de\/wp-json\/wp\/v2\/media?parent=166148"}],"wp:term":[{"taxonomy":"product_brand","embeddable":true,"href":"https:\/\/hidalgo.nl\/de\/wp-json\/wp\/v2\/product_brand?post=166148"},{"taxonomy":"product_cat","embeddable":true,"href":"https:\/\/hidalgo.nl\/de\/wp-json\/wp\/v2\/product_cat?post=166148"},{"taxonomy":"product_tag","embeddable":true,"href":"https:\/\/hidalgo.nl\/de\/wp-json\/wp\/v2\/product_tag?post=166148"}],"curies":[{"name":"wp","href":"https:\/\/api.w.org\/{rel}","templated":true}]}}