{"id":166070,"date":"2025-07-11T11:53:40","date_gmt":"2025-07-11T11:53:40","guid":{"rendered":"http:\/\/bidonsenshakers.pim.hidalgo.nl\/product\/solar-panel-rpet-10w-charger-oplader\/"},"modified":"2026-03-19T09:56:32","modified_gmt":"2026-03-19T09:56:32","slug":"solar-panel-rpet-10w-charger-oplader","status":"publish","type":"product","link":"https:\/\/hidalgo.nl\/de\/product\/solar-panel-rpet-10w-charger-oplader\/","title":{"rendered":"Solar Panel RPET 10W Charger oplader"},"content":{"rendered":"<p>Oplader (10W) met solarpaneel, verwerkt in een pouch van 600D RPET. De pouch heeft 2 ophangogen en je kunt hem open- en dichtklappen. Voorzien van een klittenbandsluiting. Gemakkelijk mee te nemen en te verplaatsen. Het solarpaneel kan direct worden gebruikt voor het opladen van je telefoon of andere devices, zonder gebruik van een extra externe batterij. Sluit je mobiele telefoon aan op het solarpaneel en plaats het paneel in de zon. Vermogen 10W &#8211; 5V\/2A. Input: USB-A en Type-C. Ideaal voor reizigers, op boten, in campers en op plekken waar geen elektriciteit voorhanden is. Afm. opengeklapt: 29,5 x 34,6 x 0,8 cm. Per stuk verpakt.<\/p>\n","protected":false},"excerpt":{"rendered":"<p>Oplader (10W) met solarpaneel, verwerkt in een pouch van 600D RPET. De pouch heeft 2 ophangogen en je kunt hem open- en dichtklappen. Voorzien van een klittenbandsluiting. Gemakkelijk mee te nemen en te verplaatsen. Het solarpaneel kan direct worden gebruikt voor het opladen van je telefoon of andere devices, zonder gebruik van een extra externe&hellip; <a class=\"more-link\" href=\"https:\/\/hidalgo.nl\/de\/product\/solar-panel-rpet-10w-charger-oplader\/\"><span class=\"screen-reader-text\">Solar Panel RPET 10W Charger oplader<\/span> weiterlesen<\/a><\/p>\n","protected":false},"featured_media":166071,"template":"","meta":{"_acf_changed":false,"om_disable_all_campaigns":false,"_monsterinsights_skip_tracking":false,"_monsterinsights_sitenote_active":false,"_monsterinsights_sitenote_note":"","_monsterinsights_sitenote_category":0},"product_brand":[],"product_cat":[4720,4719,4725],"product_tag":[],"class_list":{"0":"post-166070","1":"product","2":"type-product","3":"status-publish","4":"has-post-thumbnail","6":"product_supplier-a24","7":"product_material-600d-rpet-polyesterpolyester","8":"product_cat-promotionele-artikelen-elektronica-en-gadgets","9":"product_cat-promotionele-artikelen","10":"product_cat-promotionele-artikelen-elektronica-en-gadgets-zonne-energie-laders","11":"entry","13":"first","14":"instock","15":"taxable","16":"shipping-taxable","17":"purchasable","18":"product-type-variable"},"acf":{"imprint_cost":[{"imprint_cost_key":"d2d6006fd50d101109462e0c0d8b95be05e42f33","product_quantity_price_range":[{"imprint_cost_recommended_selling_price":"2.34","imprint_cost_recommended_selling_quantity":"1"},{"imprint_cost_recommended_selling_price":"2.07","imprint_cost_recommended_selling_quantity":"25"},{"imprint_cost_recommended_selling_price":"1.44","imprint_cost_recommended_selling_quantity":"50"},{"imprint_cost_recommended_selling_price":"0.96","imprint_cost_recommended_selling_quantity":"100"},{"imprint_cost_recommended_selling_price":"0.75","imprint_cost_recommended_selling_quantity":"250"},{"imprint_cost_recommended_selling_price":"0.63","imprint_cost_recommended_selling_quantity":"500"},{"imprint_cost_recommended_selling_price":"0.57","imprint_cost_recommended_selling_quantity":"1000"},{"imprint_cost_recommended_selling_price":"0.465","imprint_cost_recommended_selling_quantity":"2500"},{"imprint_cost_recommended_selling_price":"0.435","imprint_cost_recommended_selling_quantity":"5000"}],"product_quantity_price_range_buying":[{"imprint_cost_general_buying_price":"1.56","imprint_cost_general_buying_quantity":"1"},{"imprint_cost_general_buying_price":"1.38","imprint_cost_general_buying_quantity":"25"},{"imprint_cost_general_buying_price":"0.96","imprint_cost_general_buying_quantity":"50"},{"imprint_cost_general_buying_price":"0.64","imprint_cost_general_buying_quantity":"100"},{"imprint_cost_general_buying_price":"0.5","imprint_cost_general_buying_quantity":"250"},{"imprint_cost_general_buying_price":"0.42","imprint_cost_general_buying_quantity":"500"},{"imprint_cost_general_buying_price":"0.38","imprint_cost_general_buying_quantity":"1000"},{"imprint_cost_general_buying_price":"0.31","imprint_cost_general_buying_quantity":"2500"},{"imprint_cost_general_buying_price":"0.29","imprint_cost_general_buying_quantity":"5000"}],"imprint_cost_setup_costs":"45","imprint_cost_handling_costs":"0.24"}]},"aioseo_notices":[],"aioseo_head":"\n\t\t<!-- All in One SEO Pro 4.9.6.2 - aioseo.com -->\n\t<meta name=\"description\" content=\"Lade dein Smartphone unterwegs mit 10W per Sonne: Das leichte, faltbare Solarladeger\u00e4t aus recyceltem RPET liefert \u00fcber USB-A &amp; USB-C stabile Energie. Als tragbares Solarpanel befestigst du es am Rucksack. Bei Hidalgo l\u00e4sst du dein Logo drucken - ideal f\u00fcr Reisen und Events.\" \/>\n\t<meta name=\"robots\" content=\"max-image-preview:large\" \/>\n\t<link rel=\"canonical\" href=\"https:\/\/hidalgo.nl\/de\/wp-json\/wp\/v2\/product\/166070\" \/>\n\t<meta name=\"generator\" content=\"All in One SEO Pro (AIOSEO) 4.9.6.2\" \/>\n\t\t<meta property=\"og:locale\" content=\"de_DE\" \/>\n\t\t<meta property=\"og:site_name\" content=\"Hidalgo -\" \/>\n\t\t<meta property=\"og:type\" content=\"article\" \/>\n\t\t<meta property=\"og:title\" content=\"Solar Panel RPET 10W Charger oplader\" \/>\n\t\t<meta property=\"og:description\" content=\"Lade dein Smartphone unterwegs mit 10W per Sonne: Das leichte, faltbare Solarladeger\u00e4t aus recyceltem RPET liefert \u00fcber USB-A &amp; USB-C stabile Energie. Als tragbares Solarpanel befestigst du es am Rucksack. Bei Hidalgo l\u00e4sst du dein Logo drucken - ideal f\u00fcr Reisen und Events.\" \/>\n\t\t<meta property=\"og:url\" content=\"https:\/\/hidalgo.nl\/de\/wp-json\/wp\/v2\/product\/166070\" \/>\n\t\t<meta property=\"og:image\" content=\"https:\/\/shop.hidalgo.nl\/wp-content\/uploads\/2025\/11\/cropped-Hidalgo-est1993.png\" \/>\n\t\t<meta property=\"og:image:secure_url\" content=\"https:\/\/shop.hidalgo.nl\/wp-content\/uploads\/2025\/11\/cropped-Hidalgo-est1993.png\" \/>\n\t\t<meta property=\"article:published_time\" content=\"2025-07-11T11:53:40+00:00\" \/>\n\t\t<meta property=\"article:modified_time\" content=\"2026-03-19T09:56:32+00:00\" \/>\n\t\t<meta name=\"twitter:card\" content=\"summary_large_image\" \/>\n\t\t<meta name=\"twitter:title\" content=\"Solar Panel RPET 10W Charger oplader\" \/>\n\t\t<meta name=\"twitter:description\" content=\"Lade dein Smartphone unterwegs mit 10W per Sonne: Das leichte, faltbare Solarladeger\u00e4t aus recyceltem RPET liefert \u00fcber USB-A &amp; USB-C stabile Energie. Als tragbares Solarpanel befestigst du es am Rucksack. Bei Hidalgo l\u00e4sst du dein Logo drucken - ideal f\u00fcr Reisen und Events.\" \/>\n\t\t<meta name=\"twitter:image\" content=\"https:\/\/shop.hidalgo.nl\/wp-content\/uploads\/2025\/11\/cropped-Hidalgo-est1993.png\" \/>\n\t\t<script type=\"application\/ld+json\" class=\"aioseo-schema\">\n\t\t\t{\"@context\":\"https:\\\/\\\/schema.org\",\"@graph\":[{\"@type\":\"BreadcrumbList\",\"@id\":\"https:\\\/\\\/hidalgo.nl\\\/de\\\/product\\\/solar-panel-rpet-10w-charger-oplader\\\/#breadcrumblist\",\"itemListElement\":[{\"@type\":\"ListItem\",\"@id\":\"https:\\\/\\\/hidalgo.nl\\\/de\\\/#listItem\",\"position\":1,\"name\":\"Home\",\"item\":\"https:\\\/\\\/hidalgo.nl\\\/de\\\/\",\"nextItem\":{\"@type\":\"ListItem\",\"@id\":\"https:\\\/\\\/hidalgo.nl\\\/example\\\/#listItem\",\"name\":\"example\"}},{\"@type\":\"ListItem\",\"@id\":\"https:\\\/\\\/hidalgo.nl\\\/example\\\/#listItem\",\"position\":2,\"name\":\"example\",\"item\":\"https:\\\/\\\/hidalgo.nl\\\/example\\\/\",\"nextItem\":{\"@type\":\"ListItem\",\"@id\":\"https:\\\/\\\/hidalgo.nl\\\/en\\\/product-supplier\\\/a24\\\/#listItem\",\"name\":\"A24\"},\"previousItem\":{\"@type\":\"ListItem\",\"@id\":\"https:\\\/\\\/hidalgo.nl\\\/de\\\/#listItem\",\"name\":\"Home\"}},{\"@type\":\"ListItem\",\"@id\":\"https:\\\/\\\/hidalgo.nl\\\/en\\\/product-supplier\\\/a24\\\/#listItem\",\"position\":3,\"name\":\"A24\",\"item\":\"https:\\\/\\\/hidalgo.nl\\\/en\\\/product-supplier\\\/a24\\\/\",\"nextItem\":{\"@type\":\"ListItem\",\"@id\":\"https:\\\/\\\/hidalgo.nl\\\/de\\\/product\\\/solar-panel-rpet-10w-charger-oplader\\\/#listItem\",\"name\":\"Solar Panel RPET 10W Charger oplader\"},\"previousItem\":{\"@type\":\"ListItem\",\"@id\":\"https:\\\/\\\/hidalgo.nl\\\/example\\\/#listItem\",\"name\":\"example\"}},{\"@type\":\"ListItem\",\"@id\":\"https:\\\/\\\/hidalgo.nl\\\/de\\\/product\\\/solar-panel-rpet-10w-charger-oplader\\\/#listItem\",\"position\":4,\"name\":\"Solar Panel RPET 10W Charger oplader\",\"previousItem\":{\"@type\":\"ListItem\",\"@id\":\"https:\\\/\\\/hidalgo.nl\\\/en\\\/product-supplier\\\/a24\\\/#listItem\",\"name\":\"A24\"}}]},{\"@type\":\"Organization\",\"@id\":\"https:\\\/\\\/hidalgo.nl\\\/de\\\/#organization\",\"name\":\"Hidalgo\",\"url\":\"https:\\\/\\\/hidalgo.nl\\\/de\\\/\",\"logo\":{\"@type\":\"ImageObject\",\"url\":\"https:\\\/\\\/shop.hidalgo.nl\\\/wp-content\\\/uploads\\\/2025\\\/11\\\/cropped-Hidalgo-est1993.png\",\"@id\":\"https:\\\/\\\/hidalgo.nl\\\/de\\\/product\\\/solar-panel-rpet-10w-charger-oplader\\\/#organizationLogo\",\"width\":585,\"height\":195},\"image\":{\"@id\":\"https:\\\/\\\/hidalgo.nl\\\/de\\\/product\\\/solar-panel-rpet-10w-charger-oplader\\\/#organizationLogo\"}},{\"@type\":\"ProductGroup\",\"@id\":\"https:\\\/\\\/hidalgo.nl\\\/de\\\/product\\\/solar-panel-rpet-10w-charger-oplader\\\/#wooCommerceProduct\",\"name\":\"Solar Panel RPET 10W Charger oplader\",\"url\":\"https:\\\/\\\/hidalgo.nl\\\/de\\\/product\\\/solar-panel-rpet-10w-charger-oplader\\\/\",\"sku\":\"A24-2518\",\"image\":{\"@type\":\"ImageObject\",\"url\":\"https:\\\/\\\/shop.hidalgo.nl\\\/wp-content\\\/uploads\\\/2025\\\/07\\\/01cf1be2d55c904e212b7e75026e27a63c2815f9caf5a5fb7c9e2475941cc69f.jpg\",\"@id\":\"https:\\\/\\\/hidalgo.nl\\\/de\\\/product\\\/solar-panel-rpet-10w-charger-oplader\\\/#productImage\",\"width\":1000,\"height\":1000},\"productGroupID\":166070,\"hasVariant\":[{\"@type\":\"Product\",\"@id\":\"https:\\\/\\\/hidalgo.nl\\\/de\\\/product\\\/solar-panel-rpet-10w-charger-oplader\\\/#wooCommerceProduct\",\"name\":\"Solar Panel RPET 10W Charger oplader - zwart\",\"url\":\"https:\\\/\\\/hidalgo.nl\\\/de\\\/product\\\/solar-panel-rpet-10w-charger-oplader\\\/\",\"sku\":\"A24-251898\",\"image\":{\"@type\":\"ImageObject\",\"url\":\"https:\\\/\\\/shop.hidalgo.nl\\\/wp-content\\\/uploads\\\/2025\\\/07\\\/01cf1be2d55c904e212b7e75026e27a63c2815f9caf5a5fb7c9e2475941cc69f.jpg\",\"@id\":\"https:\\\/\\\/hidalgo.nl\\\/de\\\/product\\\/solar-panel-rpet-10w-charger-oplader\\\/#productImage\",\"width\":1000,\"height\":1000},\"offers\":{\"@type\":\"Offer\",\"url\":\"https:\\\/\\\/hidalgo.nl\\\/de\\\/product\\\/solar-panel-rpet-10w-charger-oplader\\\/#wooCommerceOffer\",\"price\":\"24.95\",\"priceCurrency\":\"EUR\",\"category\":\"Promotionele Artikelen\",\"availability\":\"https:\\\/\\\/schema.org\\\/InStock\",\"priceSpecification\":{\"@type\":\"PriceSpecification\",\"price\":24.95,\"priceCurrency\":\"EUR\",\"valueAddedTaxIncluded\":\"true\"}}}]},{\"@type\":\"WebPage\",\"@id\":\"https:\\\/\\\/hidalgo.nl\\\/de\\\/product\\\/solar-panel-rpet-10w-charger-oplader\\\/#webpage\",\"url\":\"https:\\\/\\\/hidalgo.nl\\\/de\\\/product\\\/solar-panel-rpet-10w-charger-oplader\\\/\",\"name\":\"Solar Panel RPET 10W Charger oplader\",\"description\":\"Lade dein Smartphone unterwegs mit 10W per Sonne: Das leichte, faltbare Solarladeger\\u00e4t aus recyceltem RPET liefert \\u00fcber USB-A & USB-C stabile Energie. Als tragbares Solarpanel befestigst du es am Rucksack. Bei Hidalgo l\\u00e4sst du dein Logo drucken - ideal f\\u00fcr Reisen und Events.\",\"inLanguage\":\"de-DE\",\"isPartOf\":{\"@id\":\"https:\\\/\\\/hidalgo.nl\\\/de\\\/#website\"},\"breadcrumb\":{\"@id\":\"https:\\\/\\\/hidalgo.nl\\\/de\\\/product\\\/solar-panel-rpet-10w-charger-oplader\\\/#breadcrumblist\"},\"image\":{\"@type\":\"ImageObject\",\"url\":\"https:\\\/\\\/shop.hidalgo.nl\\\/wp-content\\\/uploads\\\/2025\\\/07\\\/01cf1be2d55c904e212b7e75026e27a63c2815f9caf5a5fb7c9e2475941cc69f.jpg\",\"@id\":\"https:\\\/\\\/hidalgo.nl\\\/de\\\/product\\\/solar-panel-rpet-10w-charger-oplader\\\/#mainImage\",\"width\":1000,\"height\":1000},\"primaryImageOfPage\":{\"@id\":\"https:\\\/\\\/hidalgo.nl\\\/de\\\/product\\\/solar-panel-rpet-10w-charger-oplader\\\/#mainImage\"},\"datePublished\":\"2025-07-11T11:53:40+00:00\",\"dateModified\":\"2026-03-19T09:56:32+00:00\"},{\"@type\":\"WebSite\",\"@id\":\"https:\\\/\\\/hidalgo.nl\\\/de\\\/#website\",\"url\":\"https:\\\/\\\/hidalgo.nl\\\/de\\\/\",\"name\":\"Hidalgo\",\"inLanguage\":\"de-DE\",\"publisher\":{\"@id\":\"https:\\\/\\\/hidalgo.nl\\\/de\\\/#organization\"}}]}\n\t\t<\/script>\n\t\t<!-- All in One SEO Pro -->\r\n\t\t<title>Solar Panel RPET 10W Charger oplader<\/title>\n\n","aioseo_head_json":{"title":"Solar Panel RPET 10W Charger oplader","description":"Lade dein Smartphone unterwegs mit 10W per Sonne: Das leichte, faltbare Solarladeger\u00e4t aus recyceltem RPET liefert \u00fcber USB-A & USB-C stabile Energie. Als tragbares Solarpanel befestigst du es am Rucksack. Bei Hidalgo l\u00e4sst du dein Logo drucken - ideal f\u00fcr Reisen und Events.","canonical_url":"https:\/\/hidalgo.nl\/de\/wp-json\/wp\/v2\/product\/166070","robots":"max-image-preview:large","keywords":"","webmasterTools":{"miscellaneous":""},"schema":{"@context":"https:\/\/schema.org","@graph":[{"@type":"BreadcrumbList","@id":"https:\/\/hidalgo.nl\/de\/product\/solar-panel-rpet-10w-charger-oplader\/#breadcrumblist","itemListElement":[{"@type":"ListItem","@id":"https:\/\/hidalgo.nl\/de\/#listItem","position":1,"name":"Home","item":"https:\/\/hidalgo.nl\/de\/","nextItem":{"@type":"ListItem","@id":"https:\/\/hidalgo.nl\/example\/#listItem","name":"example"}},{"@type":"ListItem","@id":"https:\/\/hidalgo.nl\/example\/#listItem","position":2,"name":"example","item":"https:\/\/hidalgo.nl\/example\/","nextItem":{"@type":"ListItem","@id":"https:\/\/hidalgo.nl\/en\/product-supplier\/a24\/#listItem","name":"A24"},"previousItem":{"@type":"ListItem","@id":"https:\/\/hidalgo.nl\/de\/#listItem","name":"Home"}},{"@type":"ListItem","@id":"https:\/\/hidalgo.nl\/en\/product-supplier\/a24\/#listItem","position":3,"name":"A24","item":"https:\/\/hidalgo.nl\/en\/product-supplier\/a24\/","nextItem":{"@type":"ListItem","@id":"https:\/\/hidalgo.nl\/de\/product\/solar-panel-rpet-10w-charger-oplader\/#listItem","name":"Solar Panel RPET 10W Charger oplader"},"previousItem":{"@type":"ListItem","@id":"https:\/\/hidalgo.nl\/example\/#listItem","name":"example"}},{"@type":"ListItem","@id":"https:\/\/hidalgo.nl\/de\/product\/solar-panel-rpet-10w-charger-oplader\/#listItem","position":4,"name":"Solar Panel RPET 10W Charger oplader","previousItem":{"@type":"ListItem","@id":"https:\/\/hidalgo.nl\/en\/product-supplier\/a24\/#listItem","name":"A24"}}]},{"@type":"Organization","@id":"https:\/\/hidalgo.nl\/de\/#organization","name":"Hidalgo","url":"https:\/\/hidalgo.nl\/de\/","logo":{"@type":"ImageObject","url":"https:\/\/shop.hidalgo.nl\/wp-content\/uploads\/2025\/11\/cropped-Hidalgo-est1993.png","@id":"https:\/\/hidalgo.nl\/de\/product\/solar-panel-rpet-10w-charger-oplader\/#organizationLogo","width":585,"height":195},"image":{"@id":"https:\/\/hidalgo.nl\/de\/product\/solar-panel-rpet-10w-charger-oplader\/#organizationLogo"}},{"@type":"ProductGroup","@id":"https:\/\/hidalgo.nl\/de\/product\/solar-panel-rpet-10w-charger-oplader\/#wooCommerceProduct","name":"Solar Panel RPET 10W Charger oplader","url":"https:\/\/hidalgo.nl\/de\/product\/solar-panel-rpet-10w-charger-oplader\/","sku":"A24-2518","image":{"@type":"ImageObject","url":"https:\/\/shop.hidalgo.nl\/wp-content\/uploads\/2025\/07\/01cf1be2d55c904e212b7e75026e27a63c2815f9caf5a5fb7c9e2475941cc69f.jpg","@id":"https:\/\/hidalgo.nl\/de\/product\/solar-panel-rpet-10w-charger-oplader\/#productImage","width":1000,"height":1000},"productGroupID":166070,"hasVariant":[{"@type":"Product","@id":"https:\/\/hidalgo.nl\/de\/product\/solar-panel-rpet-10w-charger-oplader\/#wooCommerceProduct","name":"Solar Panel RPET 10W Charger oplader - zwart","url":"https:\/\/hidalgo.nl\/de\/product\/solar-panel-rpet-10w-charger-oplader\/","sku":"A24-251898","image":{"@type":"ImageObject","url":"https:\/\/shop.hidalgo.nl\/wp-content\/uploads\/2025\/07\/01cf1be2d55c904e212b7e75026e27a63c2815f9caf5a5fb7c9e2475941cc69f.jpg","@id":"https:\/\/hidalgo.nl\/de\/product\/solar-panel-rpet-10w-charger-oplader\/#productImage","width":1000,"height":1000},"offers":{"@type":"Offer","url":"https:\/\/hidalgo.nl\/de\/product\/solar-panel-rpet-10w-charger-oplader\/#wooCommerceOffer","price":"24.95","priceCurrency":"EUR","category":"Promotionele Artikelen","availability":"https:\/\/schema.org\/InStock","priceSpecification":{"@type":"PriceSpecification","price":24.95,"priceCurrency":"EUR","valueAddedTaxIncluded":"true"}}}]},{"@type":"WebPage","@id":"https:\/\/hidalgo.nl\/de\/product\/solar-panel-rpet-10w-charger-oplader\/#webpage","url":"https:\/\/hidalgo.nl\/de\/product\/solar-panel-rpet-10w-charger-oplader\/","name":"Solar Panel RPET 10W Charger oplader","description":"Lade dein Smartphone unterwegs mit 10W per Sonne: Das leichte, faltbare Solarladeger\u00e4t aus recyceltem RPET liefert \u00fcber USB-A & USB-C stabile Energie. Als tragbares Solarpanel befestigst du es am Rucksack. Bei Hidalgo l\u00e4sst du dein Logo drucken - ideal f\u00fcr Reisen und Events.","inLanguage":"de-DE","isPartOf":{"@id":"https:\/\/hidalgo.nl\/de\/#website"},"breadcrumb":{"@id":"https:\/\/hidalgo.nl\/de\/product\/solar-panel-rpet-10w-charger-oplader\/#breadcrumblist"},"image":{"@type":"ImageObject","url":"https:\/\/shop.hidalgo.nl\/wp-content\/uploads\/2025\/07\/01cf1be2d55c904e212b7e75026e27a63c2815f9caf5a5fb7c9e2475941cc69f.jpg","@id":"https:\/\/hidalgo.nl\/de\/product\/solar-panel-rpet-10w-charger-oplader\/#mainImage","width":1000,"height":1000},"primaryImageOfPage":{"@id":"https:\/\/hidalgo.nl\/de\/product\/solar-panel-rpet-10w-charger-oplader\/#mainImage"},"datePublished":"2025-07-11T11:53:40+00:00","dateModified":"2026-03-19T09:56:32+00:00"},{"@type":"WebSite","@id":"https:\/\/hidalgo.nl\/de\/#website","url":"https:\/\/hidalgo.nl\/de\/","name":"Hidalgo","inLanguage":"de-DE","publisher":{"@id":"https:\/\/hidalgo.nl\/de\/#organization"}}]},"og:locale":"de_DE","og:site_name":"Hidalgo -","og:type":"article","og:title":"Solar Panel RPET 10W Charger oplader","og:description":"Lade dein Smartphone unterwegs mit 10W per Sonne: Das leichte, faltbare Solarladeger\u00e4t aus recyceltem RPET liefert \u00fcber USB-A &amp; USB-C stabile Energie. Als tragbares Solarpanel befestigst du es am Rucksack. Bei Hidalgo l\u00e4sst du dein Logo drucken - ideal f\u00fcr Reisen und Events.","og:url":"https:\/\/hidalgo.nl\/de\/wp-json\/wp\/v2\/product\/166070","og:image":"https:\/\/shop.hidalgo.nl\/wp-content\/uploads\/2025\/11\/cropped-Hidalgo-est1993.png","og:image:secure_url":"https:\/\/shop.hidalgo.nl\/wp-content\/uploads\/2025\/11\/cropped-Hidalgo-est1993.png","article:published_time":"2025-07-11T11:53:40+00:00","article:modified_time":"2026-03-19T09:56:32+00:00","twitter:card":"summary_large_image","twitter:title":"Solar Panel RPET 10W Charger oplader","twitter:description":"Lade dein Smartphone unterwegs mit 10W per Sonne: Das leichte, faltbare Solarladeger\u00e4t aus recyceltem RPET liefert \u00fcber USB-A &amp; USB-C stabile Energie. Als tragbares Solarpanel befestigst du es am Rucksack. Bei Hidalgo l\u00e4sst du dein Logo drucken - ideal f\u00fcr Reisen und Events.","twitter:image":"https:\/\/shop.hidalgo.nl\/wp-content\/uploads\/2025\/11\/cropped-Hidalgo-est1993.png"},"aioseo_meta_data":{"post_id":"166070","title":null,"description":null,"keywords":null,"keyphrases":null,"primary_term":null,"canonical_url":null,"og_title":null,"og_description":null,"og_object_type":"default","og_image_type":"default","og_image_url":null,"og_image_width":null,"og_image_height":null,"og_image_custom_url":null,"og_image_custom_fields":null,"og_video":null,"og_custom_url":null,"og_article_section":null,"og_article_tags":null,"twitter_use_og":false,"twitter_card":"default","twitter_image_type":"default","twitter_image_url":null,"twitter_image_custom_url":null,"twitter_image_custom_fields":null,"twitter_title":null,"twitter_description":null,"schema":{"blockGraphs":[],"customGraphs":[],"default":{"data":{"Article":[],"Course":[],"Dataset":[],"FAQPage":[],"Movie":[],"Person":[],"Product":[],"ProductReview":[],"Car":[],"Recipe":[],"Service":[],"SoftwareApplication":[],"WebPage":[]},"graphName":"","isEnabled":true},"graphs":[]},"schema_type":"default","schema_type_options":null,"pillar_content":false,"robots_default":true,"robots_noindex":false,"robots_noarchive":false,"robots_nosnippet":false,"robots_nofollow":false,"robots_noimageindex":false,"robots_noodp":false,"robots_notranslate":false,"robots_max_snippet":null,"robots_max_videopreview":null,"robots_max_imagepreview":"large","priority":null,"frequency":null,"local_seo":null,"seo_analyzer_scan_date":"2026-01-22 19:02:05","breadcrumb_settings":null,"limit_modified_date":false,"reviewed_by":null,"open_ai":null,"ai":null,"created":"2026-01-14 07:02:59","updated":"2026-04-23 01:05:48"},"aioseo_breadcrumb":"<div class=\"aioseo-breadcrumbs\"><span class=\"aioseo-breadcrumb\">\n\t<a href=\"https:\/\/hidalgo.nl\/de\/\" title=\"Home\">Home<\/a>\n<\/span><span class=\"aioseo-breadcrumb-separator\">\u00bb<\/span><span class=\"aioseo-breadcrumb\">\n\t<a href=\"https:\/\/hidalgo.nl\/example\/\" title=\"example\">example<\/a>\n<\/span><span class=\"aioseo-breadcrumb-separator\">\u00bb<\/span><span class=\"aioseo-breadcrumb\">\n\t<a href=\"https:\/\/hidalgo.nl\/en\/product-supplier\/a24\/\" title=\"A24\">A24<\/a>\n<\/span><span class=\"aioseo-breadcrumb-separator\">\u00bb<\/span><span class=\"aioseo-breadcrumb\">\n\tSolar Panel RPET 10W Charger oplader\n<\/span><\/div>","aioseo_breadcrumb_json":[{"label":"Home","link":"https:\/\/hidalgo.nl\/de\/"},{"label":"example","link":"https:\/\/hidalgo.nl\/example\/"},{"label":"A24","link":"https:\/\/hidalgo.nl\/en\/product-supplier\/a24\/"},{"label":"Solar Panel RPET 10W Charger oplader","link":"https:\/\/hidalgo.nl\/de\/product\/solar-panel-rpet-10w-charger-oplader\/"}],"_links":{"self":[{"href":"https:\/\/hidalgo.nl\/de\/wp-json\/wp\/v2\/product\/166070","targetHints":{"allow":["GET"]}}],"collection":[{"href":"https:\/\/hidalgo.nl\/de\/wp-json\/wp\/v2\/product"}],"about":[{"href":"https:\/\/hidalgo.nl\/de\/wp-json\/wp\/v2\/types\/product"}],"wp:featuredmedia":[{"embeddable":true,"href":"https:\/\/hidalgo.nl\/de\/wp-json\/wp\/v2\/media\/166071"}],"wp:attachment":[{"href":"https:\/\/hidalgo.nl\/de\/wp-json\/wp\/v2\/media?parent=166070"}],"wp:term":[{"taxonomy":"product_brand","embeddable":true,"href":"https:\/\/hidalgo.nl\/de\/wp-json\/wp\/v2\/product_brand?post=166070"},{"taxonomy":"product_cat","embeddable":true,"href":"https:\/\/hidalgo.nl\/de\/wp-json\/wp\/v2\/product_cat?post=166070"},{"taxonomy":"product_tag","embeddable":true,"href":"https:\/\/hidalgo.nl\/de\/wp-json\/wp\/v2\/product_tag?post=166070"}],"curies":[{"name":"wp","href":"https:\/\/api.w.org\/{rel}","templated":true}]}}