{"id":165525,"date":"2025-07-11T11:26:43","date_gmt":"2025-07-11T11:26:43","guid":{"rendered":"http:\/\/bidonsenshakers.pim.hidalgo.nl\/product\/triplo-rcs-wireless-charging-station-oplader\/"},"modified":"2026-03-19T09:57:02","modified_gmt":"2026-03-19T09:57:02","slug":"triplo-rcs-wireless-charging-station-oplader","status":"publish","type":"product","link":"https:\/\/hidalgo.nl\/de\/product\/triplo-rcs-wireless-charging-station-oplader\/","title":{"rendered":"Triplo RCS Wireless Charging Station oplader"},"content":{"rendered":"<p>3-in-1 magnetische, draadloze 15 W oplader van gerecycled ABS en gerecycled PU met een grijs gem\u00ealeerd motief. Dit laadstation ondersteunt het snel draadloos opladen: 15W voor een mobiele telefoon 2,5W voor je iWatch en 3W voor TWS oortjes. Input: 1 x USB-C 9V\/3A. De ingebouwde, magnetische snellader is compatible met alle apparaten die Qi draadloos laden ondersteunen. Plaats dit docking station op je bureau en je werkplek blijft opgeruimd en je devices opgeladen. Opvouwbaar en gemakkelijk mee te nemen. Inclusief USB-C\/USB-C oplaadkabel en gebruiksaanwijzing. RCS-gecertificeerd. Totaal gerecycled materiaal: 49%. Per stuk verpakt.<\/p>\n","protected":false},"excerpt":{"rendered":"<p>3-in-1 magnetische, draadloze 15 W oplader van gerecycled ABS en gerecycled PU met een grijs gem\u00ealeerd motief. Dit laadstation ondersteunt het snel draadloos opladen: 15W voor een mobiele telefoon 2,5W voor je iWatch en 3W voor TWS oortjes. Input: 1 x USB-C 9V\/3A. De ingebouwde, magnetische snellader is compatible met alle apparaten die Qi draadloos&hellip; <a class=\"more-link\" href=\"https:\/\/hidalgo.nl\/de\/product\/triplo-rcs-wireless-charging-station-oplader\/\"><span class=\"screen-reader-text\">Triplo RCS Wireless Charging Station oplader<\/span> weiterlesen<\/a><\/p>\n","protected":false},"featured_media":165526,"template":"","meta":{"_acf_changed":false,"om_disable_all_campaigns":false,"_monsterinsights_skip_tracking":false,"_monsterinsights_sitenote_active":false,"_monsterinsights_sitenote_note":"","_monsterinsights_sitenote_category":0},"product_brand":[],"product_cat":[4720,2816,4719],"product_tag":[],"class_list":{"0":"post-165525","1":"product","2":"type-product","3":"status-publish","4":"has-post-thumbnail","6":"product_supplier-a24","7":"product_material-gerecycled-pugerecycled-abs","8":"product_cat-promotionele-artikelen-elektronica-en-gadgets","9":"product_cat-promotionele-artikelen-elektronica-en-gadgets-powerbanks","10":"product_cat-promotionele-artikelen","11":"entry","13":"first","14":"instock","15":"taxable","16":"shipping-taxable","17":"purchasable","18":"product-type-variable"},"acf":{"imprint_cost":[{"imprint_cost_key":"2ff7a2fab42b297bb9465699561979dd3829071a","product_quantity_price_range":[{"imprint_cost_recommended_selling_price":"2.685","imprint_cost_recommended_selling_quantity":"1"},{"imprint_cost_recommended_selling_price":"1.935","imprint_cost_recommended_selling_quantity":"25"},{"imprint_cost_recommended_selling_price":"1.32","imprint_cost_recommended_selling_quantity":"50"},{"imprint_cost_recommended_selling_price":"1.11","imprint_cost_recommended_selling_quantity":"100"},{"imprint_cost_recommended_selling_price":"0.885","imprint_cost_recommended_selling_quantity":"250"},{"imprint_cost_recommended_selling_price":"0.78","imprint_cost_recommended_selling_quantity":"500"},{"imprint_cost_recommended_selling_price":"0.735","imprint_cost_recommended_selling_quantity":"1000"},{"imprint_cost_recommended_selling_price":"0.705","imprint_cost_recommended_selling_quantity":"2500"},{"imprint_cost_recommended_selling_price":"0.69","imprint_cost_recommended_selling_quantity":"5000"}],"product_quantity_price_range_buying":[{"imprint_cost_general_buying_price":"1.79","imprint_cost_general_buying_quantity":"1"},{"imprint_cost_general_buying_price":"1.29","imprint_cost_general_buying_quantity":"25"},{"imprint_cost_general_buying_price":"0.88","imprint_cost_general_buying_quantity":"50"},{"imprint_cost_general_buying_price":"0.74","imprint_cost_general_buying_quantity":"100"},{"imprint_cost_general_buying_price":"0.59","imprint_cost_general_buying_quantity":"250"},{"imprint_cost_general_buying_price":"0.52","imprint_cost_general_buying_quantity":"500"},{"imprint_cost_general_buying_price":"0.49","imprint_cost_general_buying_quantity":"1000"},{"imprint_cost_general_buying_price":"0.47","imprint_cost_general_buying_quantity":"2500"},{"imprint_cost_general_buying_price":"0.46","imprint_cost_general_buying_quantity":"5000"}],"imprint_cost_setup_costs":"26.25","imprint_cost_handling_costs":"0.24"},{"imprint_cost_key":"e070be12f2c2b014607ea8a51036f48aaa53bba7","product_quantity_price_range":[{"imprint_cost_recommended_selling_price":"2.385","imprint_cost_recommended_selling_quantity":"1"},{"imprint_cost_recommended_selling_price":"1.635","imprint_cost_recommended_selling_quantity":"25"},{"imprint_cost_recommended_selling_price":"1.02","imprint_cost_recommended_selling_quantity":"50"},{"imprint_cost_recommended_selling_price":"0.81","imprint_cost_recommended_selling_quantity":"100"},{"imprint_cost_recommended_selling_price":"0.585","imprint_cost_recommended_selling_quantity":"250"},{"imprint_cost_recommended_selling_price":"0.48","imprint_cost_recommended_selling_quantity":"500"},{"imprint_cost_recommended_selling_price":"0.435","imprint_cost_recommended_selling_quantity":"1000"},{"imprint_cost_recommended_selling_price":"0.405","imprint_cost_recommended_selling_quantity":"2500"},{"imprint_cost_recommended_selling_price":"0.39","imprint_cost_recommended_selling_quantity":"5000"}],"product_quantity_price_range_buying":[{"imprint_cost_general_buying_price":"1.59","imprint_cost_general_buying_quantity":"1"},{"imprint_cost_general_buying_price":"1.09","imprint_cost_general_buying_quantity":"25"},{"imprint_cost_general_buying_price":"0.68","imprint_cost_general_buying_quantity":"50"},{"imprint_cost_general_buying_price":"0.54","imprint_cost_general_buying_quantity":"100"},{"imprint_cost_general_buying_price":"0.39","imprint_cost_general_buying_quantity":"250"},{"imprint_cost_general_buying_price":"0.32","imprint_cost_general_buying_quantity":"500"},{"imprint_cost_general_buying_price":"0.29","imprint_cost_general_buying_quantity":"1000"},{"imprint_cost_general_buying_price":"0.27","imprint_cost_general_buying_quantity":"2500"},{"imprint_cost_general_buying_price":"0.26","imprint_cost_general_buying_quantity":"5000"}],"imprint_cost_setup_costs":"26.25","imprint_cost_handling_costs":"0.24"}]},"aioseo_notices":[],"aioseo_head":"\n\t\t<!-- All in One SEO Pro 4.9.6.2 - aioseo.com -->\n\t<meta name=\"description\" content=\"Lade Smartphone, Watch und Earbuds gleichzeitig: Triplo ist ein faltbares kabelloses Ladeger\u00e4t und eine Dockingstation mit bis zu 15 W f\u00fcr Schreibtisch &amp; unterwegs. Auf Wunsch druckt Hidalgo dein Logo f\u00fcr sichtbare Markenpr\u00e4senz.\" \/>\n\t<meta name=\"robots\" content=\"max-image-preview:large\" \/>\n\t<link rel=\"canonical\" href=\"https:\/\/hidalgo.nl\/de\/wp-json\/wp\/v2\/product\/165525\" \/>\n\t<meta name=\"generator\" content=\"All in One SEO Pro (AIOSEO) 4.9.6.2\" \/>\n\t\t<meta property=\"og:locale\" content=\"de_DE\" \/>\n\t\t<meta property=\"og:site_name\" content=\"Hidalgo -\" \/>\n\t\t<meta property=\"og:type\" content=\"article\" \/>\n\t\t<meta property=\"og:title\" content=\"Triplo RCS Wireless Charging Station oplader\" \/>\n\t\t<meta property=\"og:description\" content=\"Lade Smartphone, Watch und Earbuds gleichzeitig: Triplo ist ein faltbares kabelloses Ladeger\u00e4t und eine Dockingstation mit bis zu 15 W f\u00fcr Schreibtisch &amp; unterwegs. Auf Wunsch druckt Hidalgo dein Logo f\u00fcr sichtbare Markenpr\u00e4senz.\" \/>\n\t\t<meta property=\"og:url\" content=\"https:\/\/hidalgo.nl\/de\/wp-json\/wp\/v2\/product\/165525\" \/>\n\t\t<meta property=\"og:image\" content=\"https:\/\/shop.hidalgo.nl\/wp-content\/uploads\/2025\/11\/cropped-Hidalgo-est1993.png\" \/>\n\t\t<meta property=\"og:image:secure_url\" content=\"https:\/\/shop.hidalgo.nl\/wp-content\/uploads\/2025\/11\/cropped-Hidalgo-est1993.png\" \/>\n\t\t<meta property=\"article:published_time\" content=\"2025-07-11T11:26:43+00:00\" \/>\n\t\t<meta property=\"article:modified_time\" content=\"2026-03-19T09:57:02+00:00\" \/>\n\t\t<meta name=\"twitter:card\" content=\"summary_large_image\" \/>\n\t\t<meta name=\"twitter:title\" content=\"Triplo RCS Wireless Charging Station oplader\" \/>\n\t\t<meta name=\"twitter:description\" content=\"Lade Smartphone, Watch und Earbuds gleichzeitig: Triplo ist ein faltbares kabelloses Ladeger\u00e4t und eine Dockingstation mit bis zu 15 W f\u00fcr Schreibtisch &amp; unterwegs. Auf Wunsch druckt Hidalgo dein Logo f\u00fcr sichtbare Markenpr\u00e4senz.\" \/>\n\t\t<meta name=\"twitter:image\" content=\"https:\/\/shop.hidalgo.nl\/wp-content\/uploads\/2025\/11\/cropped-Hidalgo-est1993.png\" \/>\n\t\t<script type=\"application\/ld+json\" class=\"aioseo-schema\">\n\t\t\t{\"@context\":\"https:\\\/\\\/schema.org\",\"@graph\":[{\"@type\":\"BreadcrumbList\",\"@id\":\"https:\\\/\\\/hidalgo.nl\\\/de\\\/product\\\/triplo-rcs-wireless-charging-station-oplader\\\/#breadcrumblist\",\"itemListElement\":[{\"@type\":\"ListItem\",\"@id\":\"https:\\\/\\\/hidalgo.nl\\\/de\\\/#listItem\",\"position\":1,\"name\":\"Home\",\"item\":\"https:\\\/\\\/hidalgo.nl\\\/de\\\/\",\"nextItem\":{\"@type\":\"ListItem\",\"@id\":\"https:\\\/\\\/hidalgo.nl\\\/example\\\/#listItem\",\"name\":\"example\"}},{\"@type\":\"ListItem\",\"@id\":\"https:\\\/\\\/hidalgo.nl\\\/example\\\/#listItem\",\"position\":2,\"name\":\"example\",\"item\":\"https:\\\/\\\/hidalgo.nl\\\/example\\\/\",\"nextItem\":{\"@type\":\"ListItem\",\"@id\":\"https:\\\/\\\/hidalgo.nl\\\/en\\\/product-supplier\\\/a24\\\/#listItem\",\"name\":\"A24\"},\"previousItem\":{\"@type\":\"ListItem\",\"@id\":\"https:\\\/\\\/hidalgo.nl\\\/de\\\/#listItem\",\"name\":\"Home\"}},{\"@type\":\"ListItem\",\"@id\":\"https:\\\/\\\/hidalgo.nl\\\/en\\\/product-supplier\\\/a24\\\/#listItem\",\"position\":3,\"name\":\"A24\",\"item\":\"https:\\\/\\\/hidalgo.nl\\\/en\\\/product-supplier\\\/a24\\\/\",\"nextItem\":{\"@type\":\"ListItem\",\"@id\":\"https:\\\/\\\/hidalgo.nl\\\/de\\\/product\\\/triplo-rcs-wireless-charging-station-oplader\\\/#listItem\",\"name\":\"Triplo RCS Wireless Charging Station oplader\"},\"previousItem\":{\"@type\":\"ListItem\",\"@id\":\"https:\\\/\\\/hidalgo.nl\\\/example\\\/#listItem\",\"name\":\"example\"}},{\"@type\":\"ListItem\",\"@id\":\"https:\\\/\\\/hidalgo.nl\\\/de\\\/product\\\/triplo-rcs-wireless-charging-station-oplader\\\/#listItem\",\"position\":4,\"name\":\"Triplo RCS Wireless Charging Station oplader\",\"previousItem\":{\"@type\":\"ListItem\",\"@id\":\"https:\\\/\\\/hidalgo.nl\\\/en\\\/product-supplier\\\/a24\\\/#listItem\",\"name\":\"A24\"}}]},{\"@type\":\"Organization\",\"@id\":\"https:\\\/\\\/hidalgo.nl\\\/de\\\/#organization\",\"name\":\"Hidalgo\",\"url\":\"https:\\\/\\\/hidalgo.nl\\\/de\\\/\",\"logo\":{\"@type\":\"ImageObject\",\"url\":\"https:\\\/\\\/shop.hidalgo.nl\\\/wp-content\\\/uploads\\\/2025\\\/11\\\/cropped-Hidalgo-est1993.png\",\"@id\":\"https:\\\/\\\/hidalgo.nl\\\/de\\\/product\\\/triplo-rcs-wireless-charging-station-oplader\\\/#organizationLogo\",\"width\":585,\"height\":195},\"image\":{\"@id\":\"https:\\\/\\\/hidalgo.nl\\\/de\\\/product\\\/triplo-rcs-wireless-charging-station-oplader\\\/#organizationLogo\"}},{\"@type\":\"ProductGroup\",\"@id\":\"https:\\\/\\\/hidalgo.nl\\\/de\\\/product\\\/triplo-rcs-wireless-charging-station-oplader\\\/#wooCommerceProduct\",\"name\":\"Triplo RCS Wireless Charging Station oplader\",\"url\":\"https:\\\/\\\/hidalgo.nl\\\/de\\\/product\\\/triplo-rcs-wireless-charging-station-oplader\\\/\",\"sku\":\"A24-2377\",\"image\":{\"@type\":\"ImageObject\",\"url\":\"https:\\\/\\\/shop.hidalgo.nl\\\/wp-content\\\/uploads\\\/2025\\\/07\\\/c68faa31ea1d127105f6350de23198aecdb210da7f49bfa2c985bb05db14a4c0.jpg\",\"@id\":\"https:\\\/\\\/hidalgo.nl\\\/de\\\/product\\\/triplo-rcs-wireless-charging-station-oplader\\\/#productImage\",\"width\":1000,\"height\":1000},\"productGroupID\":165525,\"hasVariant\":[{\"@type\":\"Product\",\"@id\":\"https:\\\/\\\/hidalgo.nl\\\/de\\\/product\\\/triplo-rcs-wireless-charging-station-oplader\\\/#wooCommerceProduct\",\"name\":\"Triplo RCS Wireless Charging Station oplader - grijs\",\"url\":\"https:\\\/\\\/hidalgo.nl\\\/de\\\/product\\\/triplo-rcs-wireless-charging-station-oplader\\\/\",\"sku\":\"A24-237790\",\"image\":{\"@type\":\"ImageObject\",\"url\":\"https:\\\/\\\/shop.hidalgo.nl\\\/wp-content\\\/uploads\\\/2025\\\/07\\\/c68faa31ea1d127105f6350de23198aecdb210da7f49bfa2c985bb05db14a4c0.jpg\",\"@id\":\"https:\\\/\\\/hidalgo.nl\\\/de\\\/product\\\/triplo-rcs-wireless-charging-station-oplader\\\/#productImage\",\"width\":1000,\"height\":1000},\"offers\":{\"@type\":\"Offer\",\"url\":\"https:\\\/\\\/hidalgo.nl\\\/de\\\/product\\\/triplo-rcs-wireless-charging-station-oplader\\\/#wooCommerceOffer\",\"price\":\"27.95\",\"priceCurrency\":\"EUR\",\"category\":\"Promotionele Artikelen\",\"availability\":\"https:\\\/\\\/schema.org\\\/InStock\",\"priceSpecification\":{\"@type\":\"PriceSpecification\",\"price\":27.95,\"priceCurrency\":\"EUR\",\"valueAddedTaxIncluded\":\"true\"}}}]},{\"@type\":\"WebPage\",\"@id\":\"https:\\\/\\\/hidalgo.nl\\\/de\\\/product\\\/triplo-rcs-wireless-charging-station-oplader\\\/#webpage\",\"url\":\"https:\\\/\\\/hidalgo.nl\\\/de\\\/product\\\/triplo-rcs-wireless-charging-station-oplader\\\/\",\"name\":\"Triplo RCS Wireless Charging Station oplader\",\"description\":\"Lade Smartphone, Watch und Earbuds gleichzeitig: Triplo ist ein faltbares kabelloses Ladeger\\u00e4t und eine Dockingstation mit bis zu 15 W f\\u00fcr Schreibtisch & unterwegs. Auf Wunsch druckt Hidalgo dein Logo f\\u00fcr sichtbare Markenpr\\u00e4senz.\",\"inLanguage\":\"de-DE\",\"isPartOf\":{\"@id\":\"https:\\\/\\\/hidalgo.nl\\\/de\\\/#website\"},\"breadcrumb\":{\"@id\":\"https:\\\/\\\/hidalgo.nl\\\/de\\\/product\\\/triplo-rcs-wireless-charging-station-oplader\\\/#breadcrumblist\"},\"image\":{\"@type\":\"ImageObject\",\"url\":\"https:\\\/\\\/shop.hidalgo.nl\\\/wp-content\\\/uploads\\\/2025\\\/07\\\/c68faa31ea1d127105f6350de23198aecdb210da7f49bfa2c985bb05db14a4c0.jpg\",\"@id\":\"https:\\\/\\\/hidalgo.nl\\\/de\\\/product\\\/triplo-rcs-wireless-charging-station-oplader\\\/#mainImage\",\"width\":1000,\"height\":1000},\"primaryImageOfPage\":{\"@id\":\"https:\\\/\\\/hidalgo.nl\\\/de\\\/product\\\/triplo-rcs-wireless-charging-station-oplader\\\/#mainImage\"},\"datePublished\":\"2025-07-11T11:26:43+00:00\",\"dateModified\":\"2026-03-19T09:57:02+00:00\"},{\"@type\":\"WebSite\",\"@id\":\"https:\\\/\\\/hidalgo.nl\\\/de\\\/#website\",\"url\":\"https:\\\/\\\/hidalgo.nl\\\/de\\\/\",\"name\":\"Hidalgo\",\"inLanguage\":\"de-DE\",\"publisher\":{\"@id\":\"https:\\\/\\\/hidalgo.nl\\\/de\\\/#organization\"}}]}\n\t\t<\/script>\n\t\t<!-- All in One SEO Pro -->\r\n\t\t<title>Triplo RCS Wireless Charging Station oplader<\/title>\n\n","aioseo_head_json":{"title":"Triplo RCS Wireless Charging Station oplader","description":"Lade Smartphone, Watch und Earbuds gleichzeitig: Triplo ist ein faltbares kabelloses Ladeger\u00e4t und eine Dockingstation mit bis zu 15 W f\u00fcr Schreibtisch & unterwegs. Auf Wunsch druckt Hidalgo dein Logo f\u00fcr sichtbare Markenpr\u00e4senz.","canonical_url":"https:\/\/hidalgo.nl\/de\/wp-json\/wp\/v2\/product\/165525","robots":"max-image-preview:large","keywords":"","webmasterTools":{"miscellaneous":""},"schema":{"@context":"https:\/\/schema.org","@graph":[{"@type":"BreadcrumbList","@id":"https:\/\/hidalgo.nl\/de\/product\/triplo-rcs-wireless-charging-station-oplader\/#breadcrumblist","itemListElement":[{"@type":"ListItem","@id":"https:\/\/hidalgo.nl\/de\/#listItem","position":1,"name":"Home","item":"https:\/\/hidalgo.nl\/de\/","nextItem":{"@type":"ListItem","@id":"https:\/\/hidalgo.nl\/example\/#listItem","name":"example"}},{"@type":"ListItem","@id":"https:\/\/hidalgo.nl\/example\/#listItem","position":2,"name":"example","item":"https:\/\/hidalgo.nl\/example\/","nextItem":{"@type":"ListItem","@id":"https:\/\/hidalgo.nl\/en\/product-supplier\/a24\/#listItem","name":"A24"},"previousItem":{"@type":"ListItem","@id":"https:\/\/hidalgo.nl\/de\/#listItem","name":"Home"}},{"@type":"ListItem","@id":"https:\/\/hidalgo.nl\/en\/product-supplier\/a24\/#listItem","position":3,"name":"A24","item":"https:\/\/hidalgo.nl\/en\/product-supplier\/a24\/","nextItem":{"@type":"ListItem","@id":"https:\/\/hidalgo.nl\/de\/product\/triplo-rcs-wireless-charging-station-oplader\/#listItem","name":"Triplo RCS Wireless Charging Station oplader"},"previousItem":{"@type":"ListItem","@id":"https:\/\/hidalgo.nl\/example\/#listItem","name":"example"}},{"@type":"ListItem","@id":"https:\/\/hidalgo.nl\/de\/product\/triplo-rcs-wireless-charging-station-oplader\/#listItem","position":4,"name":"Triplo RCS Wireless Charging Station oplader","previousItem":{"@type":"ListItem","@id":"https:\/\/hidalgo.nl\/en\/product-supplier\/a24\/#listItem","name":"A24"}}]},{"@type":"Organization","@id":"https:\/\/hidalgo.nl\/de\/#organization","name":"Hidalgo","url":"https:\/\/hidalgo.nl\/de\/","logo":{"@type":"ImageObject","url":"https:\/\/shop.hidalgo.nl\/wp-content\/uploads\/2025\/11\/cropped-Hidalgo-est1993.png","@id":"https:\/\/hidalgo.nl\/de\/product\/triplo-rcs-wireless-charging-station-oplader\/#organizationLogo","width":585,"height":195},"image":{"@id":"https:\/\/hidalgo.nl\/de\/product\/triplo-rcs-wireless-charging-station-oplader\/#organizationLogo"}},{"@type":"ProductGroup","@id":"https:\/\/hidalgo.nl\/de\/product\/triplo-rcs-wireless-charging-station-oplader\/#wooCommerceProduct","name":"Triplo RCS Wireless Charging Station oplader","url":"https:\/\/hidalgo.nl\/de\/product\/triplo-rcs-wireless-charging-station-oplader\/","sku":"A24-2377","image":{"@type":"ImageObject","url":"https:\/\/shop.hidalgo.nl\/wp-content\/uploads\/2025\/07\/c68faa31ea1d127105f6350de23198aecdb210da7f49bfa2c985bb05db14a4c0.jpg","@id":"https:\/\/hidalgo.nl\/de\/product\/triplo-rcs-wireless-charging-station-oplader\/#productImage","width":1000,"height":1000},"productGroupID":165525,"hasVariant":[{"@type":"Product","@id":"https:\/\/hidalgo.nl\/de\/product\/triplo-rcs-wireless-charging-station-oplader\/#wooCommerceProduct","name":"Triplo RCS Wireless Charging Station oplader - grijs","url":"https:\/\/hidalgo.nl\/de\/product\/triplo-rcs-wireless-charging-station-oplader\/","sku":"A24-237790","image":{"@type":"ImageObject","url":"https:\/\/shop.hidalgo.nl\/wp-content\/uploads\/2025\/07\/c68faa31ea1d127105f6350de23198aecdb210da7f49bfa2c985bb05db14a4c0.jpg","@id":"https:\/\/hidalgo.nl\/de\/product\/triplo-rcs-wireless-charging-station-oplader\/#productImage","width":1000,"height":1000},"offers":{"@type":"Offer","url":"https:\/\/hidalgo.nl\/de\/product\/triplo-rcs-wireless-charging-station-oplader\/#wooCommerceOffer","price":"27.95","priceCurrency":"EUR","category":"Promotionele Artikelen","availability":"https:\/\/schema.org\/InStock","priceSpecification":{"@type":"PriceSpecification","price":27.95,"priceCurrency":"EUR","valueAddedTaxIncluded":"true"}}}]},{"@type":"WebPage","@id":"https:\/\/hidalgo.nl\/de\/product\/triplo-rcs-wireless-charging-station-oplader\/#webpage","url":"https:\/\/hidalgo.nl\/de\/product\/triplo-rcs-wireless-charging-station-oplader\/","name":"Triplo RCS Wireless Charging Station oplader","description":"Lade Smartphone, Watch und Earbuds gleichzeitig: Triplo ist ein faltbares kabelloses Ladeger\u00e4t und eine Dockingstation mit bis zu 15 W f\u00fcr Schreibtisch & unterwegs. Auf Wunsch druckt Hidalgo dein Logo f\u00fcr sichtbare Markenpr\u00e4senz.","inLanguage":"de-DE","isPartOf":{"@id":"https:\/\/hidalgo.nl\/de\/#website"},"breadcrumb":{"@id":"https:\/\/hidalgo.nl\/de\/product\/triplo-rcs-wireless-charging-station-oplader\/#breadcrumblist"},"image":{"@type":"ImageObject","url":"https:\/\/shop.hidalgo.nl\/wp-content\/uploads\/2025\/07\/c68faa31ea1d127105f6350de23198aecdb210da7f49bfa2c985bb05db14a4c0.jpg","@id":"https:\/\/hidalgo.nl\/de\/product\/triplo-rcs-wireless-charging-station-oplader\/#mainImage","width":1000,"height":1000},"primaryImageOfPage":{"@id":"https:\/\/hidalgo.nl\/de\/product\/triplo-rcs-wireless-charging-station-oplader\/#mainImage"},"datePublished":"2025-07-11T11:26:43+00:00","dateModified":"2026-03-19T09:57:02+00:00"},{"@type":"WebSite","@id":"https:\/\/hidalgo.nl\/de\/#website","url":"https:\/\/hidalgo.nl\/de\/","name":"Hidalgo","inLanguage":"de-DE","publisher":{"@id":"https:\/\/hidalgo.nl\/de\/#organization"}}]},"og:locale":"de_DE","og:site_name":"Hidalgo -","og:type":"article","og:title":"Triplo RCS Wireless Charging Station oplader","og:description":"Lade Smartphone, Watch und Earbuds gleichzeitig: Triplo ist ein faltbares kabelloses Ladeger\u00e4t und eine Dockingstation mit bis zu 15 W f\u00fcr Schreibtisch &amp; unterwegs. Auf Wunsch druckt Hidalgo dein Logo f\u00fcr sichtbare Markenpr\u00e4senz.","og:url":"https:\/\/hidalgo.nl\/de\/wp-json\/wp\/v2\/product\/165525","og:image":"https:\/\/shop.hidalgo.nl\/wp-content\/uploads\/2025\/11\/cropped-Hidalgo-est1993.png","og:image:secure_url":"https:\/\/shop.hidalgo.nl\/wp-content\/uploads\/2025\/11\/cropped-Hidalgo-est1993.png","article:published_time":"2025-07-11T11:26:43+00:00","article:modified_time":"2026-03-19T09:57:02+00:00","twitter:card":"summary_large_image","twitter:title":"Triplo RCS Wireless Charging Station oplader","twitter:description":"Lade Smartphone, Watch und Earbuds gleichzeitig: Triplo ist ein faltbares kabelloses Ladeger\u00e4t und eine Dockingstation mit bis zu 15 W f\u00fcr Schreibtisch &amp; unterwegs. Auf Wunsch druckt Hidalgo dein Logo f\u00fcr sichtbare Markenpr\u00e4senz.","twitter:image":"https:\/\/shop.hidalgo.nl\/wp-content\/uploads\/2025\/11\/cropped-Hidalgo-est1993.png"},"aioseo_meta_data":{"post_id":"165525","title":null,"description":null,"keywords":null,"keyphrases":null,"primary_term":null,"canonical_url":null,"og_title":null,"og_description":null,"og_object_type":"default","og_image_type":"default","og_image_url":null,"og_image_width":null,"og_image_height":null,"og_image_custom_url":null,"og_image_custom_fields":null,"og_video":null,"og_custom_url":null,"og_article_section":null,"og_article_tags":null,"twitter_use_og":false,"twitter_card":"default","twitter_image_type":"default","twitter_image_url":null,"twitter_image_custom_url":null,"twitter_image_custom_fields":null,"twitter_title":null,"twitter_description":null,"schema":{"blockGraphs":[],"customGraphs":[],"default":{"data":{"Article":[],"Course":[],"Dataset":[],"FAQPage":[],"Movie":[],"Person":[],"Product":[],"ProductReview":[],"Car":[],"Recipe":[],"Service":[],"SoftwareApplication":[],"WebPage":[]},"graphName":"","isEnabled":true},"graphs":[]},"schema_type":"default","schema_type_options":null,"pillar_content":false,"robots_default":true,"robots_noindex":false,"robots_noarchive":false,"robots_nosnippet":false,"robots_nofollow":false,"robots_noimageindex":false,"robots_noodp":false,"robots_notranslate":false,"robots_max_snippet":null,"robots_max_videopreview":null,"robots_max_imagepreview":"large","priority":null,"frequency":null,"local_seo":null,"seo_analyzer_scan_date":"2026-01-22 18:56:07","breadcrumb_settings":null,"limit_modified_date":false,"reviewed_by":null,"open_ai":null,"ai":null,"created":"2026-01-14 07:02:59","updated":"2026-04-23 01:00:52"},"aioseo_breadcrumb":"<div class=\"aioseo-breadcrumbs\"><span class=\"aioseo-breadcrumb\">\n\t<a href=\"https:\/\/hidalgo.nl\/de\/\" title=\"Home\">Home<\/a>\n<\/span><span class=\"aioseo-breadcrumb-separator\">\u00bb<\/span><span class=\"aioseo-breadcrumb\">\n\t<a href=\"https:\/\/hidalgo.nl\/example\/\" title=\"example\">example<\/a>\n<\/span><span class=\"aioseo-breadcrumb-separator\">\u00bb<\/span><span class=\"aioseo-breadcrumb\">\n\t<a href=\"https:\/\/hidalgo.nl\/en\/product-supplier\/a24\/\" title=\"A24\">A24<\/a>\n<\/span><span class=\"aioseo-breadcrumb-separator\">\u00bb<\/span><span class=\"aioseo-breadcrumb\">\n\tTriplo RCS Wireless Charging Station oplader\n<\/span><\/div>","aioseo_breadcrumb_json":[{"label":"Home","link":"https:\/\/hidalgo.nl\/de\/"},{"label":"example","link":"https:\/\/hidalgo.nl\/example\/"},{"label":"A24","link":"https:\/\/hidalgo.nl\/en\/product-supplier\/a24\/"},{"label":"Triplo RCS Wireless Charging Station oplader","link":"https:\/\/hidalgo.nl\/de\/product\/triplo-rcs-wireless-charging-station-oplader\/"}],"_links":{"self":[{"href":"https:\/\/hidalgo.nl\/de\/wp-json\/wp\/v2\/product\/165525","targetHints":{"allow":["GET"]}}],"collection":[{"href":"https:\/\/hidalgo.nl\/de\/wp-json\/wp\/v2\/product"}],"about":[{"href":"https:\/\/hidalgo.nl\/de\/wp-json\/wp\/v2\/types\/product"}],"wp:featuredmedia":[{"embeddable":true,"href":"https:\/\/hidalgo.nl\/de\/wp-json\/wp\/v2\/media\/165526"}],"wp:attachment":[{"href":"https:\/\/hidalgo.nl\/de\/wp-json\/wp\/v2\/media?parent=165525"}],"wp:term":[{"taxonomy":"product_brand","embeddable":true,"href":"https:\/\/hidalgo.nl\/de\/wp-json\/wp\/v2\/product_brand?post=165525"},{"taxonomy":"product_cat","embeddable":true,"href":"https:\/\/hidalgo.nl\/de\/wp-json\/wp\/v2\/product_cat?post=165525"},{"taxonomy":"product_tag","embeddable":true,"href":"https:\/\/hidalgo.nl\/de\/wp-json\/wp\/v2\/product_tag?post=165525"}],"curies":[{"name":"wp","href":"https:\/\/api.w.org\/{rel}","templated":true}]}}