{"id":165384,"date":"2025-07-11T11:19:58","date_gmt":"2025-07-11T11:19:58","guid":{"rendered":"http:\/\/bidonsenshakers.pim.hidalgo.nl\/product\/heatpad-warmtepad\/"},"modified":"2026-03-23T10:29:29","modified_gmt":"2026-03-23T10:29:29","slug":"heatpad-warmtepad","status":"publish","type":"product","link":"https:\/\/hidalgo.nl\/de\/product\/heatpad-warmtepad\/","title":{"rendered":"HeatPad warmtepad"},"content":{"rendered":"<p>Handzame, flexibele warmtepad. De substantie verwarmt zich tot wel 52 graden Celsius. Ideaal voor het opwarmen van spieren en koude handen. Keer op keer te gebruiken. Incl. gebruiksaanwijzing.<\/p>\n","protected":false},"excerpt":{"rendered":"<p>Handzame, flexibele warmtepad. De substantie verwarmt zich tot wel 52 graden Celsius. Ideaal voor het opwarmen van spieren en koude handen. Keer op keer te gebruiken. Incl. gebruiksaanwijzing.<\/p>\n","protected":false},"featured_media":165385,"template":"","meta":{"_acf_changed":false,"om_disable_all_campaigns":false,"_monsterinsights_skip_tracking":false,"_monsterinsights_sitenote_active":false,"_monsterinsights_sitenote_note":"","_monsterinsights_sitenote_category":0},"product_brand":[],"product_cat":[4722,4789,4719],"product_tag":[],"class_list":{"0":"post-165384","1":"product","2":"type-product","3":"status-publish","4":"has-post-thumbnail","6":"product_supplier-a24","7":"product_material-kunststof","8":"product_cat-gezondheid","9":"product_cat-persoonlijke-verzorging","10":"product_cat-promotionele-artikelen","11":"entry","13":"first","14":"instock","15":"taxable","16":"shipping-taxable","17":"purchasable","18":"product-type-variable"},"acf":{"imprint_cost":[{"imprint_cost_key":"96f336f37213afe3ede756a22579ba29448ab941","product_quantity_price_range":[{"imprint_cost_recommended_selling_price":"1.935","imprint_cost_recommended_selling_quantity":"1"},{"imprint_cost_recommended_selling_price":"1.275","imprint_cost_recommended_selling_quantity":"25"},{"imprint_cost_recommended_selling_price":"0.825","imprint_cost_recommended_selling_quantity":"50"},{"imprint_cost_recommended_selling_price":"0.48","imprint_cost_recommended_selling_quantity":"100"},{"imprint_cost_recommended_selling_price":"0.36","imprint_cost_recommended_selling_quantity":"250"},{"imprint_cost_recommended_selling_price":"0.3","imprint_cost_recommended_selling_quantity":"500"},{"imprint_cost_recommended_selling_price":"0.285","imprint_cost_recommended_selling_quantity":"1000"},{"imprint_cost_recommended_selling_price":"0.24","imprint_cost_recommended_selling_quantity":"2500"},{"imprint_cost_recommended_selling_price":"0.225","imprint_cost_recommended_selling_quantity":"5000"}],"product_quantity_price_range_buying":[{"imprint_cost_general_buying_price":"1.29","imprint_cost_general_buying_quantity":"1"},{"imprint_cost_general_buying_price":"0.85","imprint_cost_general_buying_quantity":"25"},{"imprint_cost_general_buying_price":"0.55","imprint_cost_general_buying_quantity":"50"},{"imprint_cost_general_buying_price":"0.32","imprint_cost_general_buying_quantity":"100"},{"imprint_cost_general_buying_price":"0.24","imprint_cost_general_buying_quantity":"250"},{"imprint_cost_general_buying_price":"0.2","imprint_cost_general_buying_quantity":"500"},{"imprint_cost_general_buying_price":"0.19","imprint_cost_general_buying_quantity":"1000"},{"imprint_cost_general_buying_price":"0.16","imprint_cost_general_buying_quantity":"2500"},{"imprint_cost_general_buying_price":"0.15","imprint_cost_general_buying_quantity":"5000"}],"imprint_cost_setup_costs":"45","imprint_cost_handling_costs":"0.09"},{"imprint_cost_key":"f912948dc6cd917e7b62dc2822d7017dfd338c29","product_quantity_price_range":[{"imprint_cost_recommended_selling_price":"1.935","imprint_cost_recommended_selling_quantity":"1"},{"imprint_cost_recommended_selling_price":"1.275","imprint_cost_recommended_selling_quantity":"25"},{"imprint_cost_recommended_selling_price":"0.825","imprint_cost_recommended_selling_quantity":"50"},{"imprint_cost_recommended_selling_price":"0.48","imprint_cost_recommended_selling_quantity":"100"},{"imprint_cost_recommended_selling_price":"0.36","imprint_cost_recommended_selling_quantity":"250"},{"imprint_cost_recommended_selling_price":"0.3","imprint_cost_recommended_selling_quantity":"500"},{"imprint_cost_recommended_selling_price":"0.285","imprint_cost_recommended_selling_quantity":"1000"},{"imprint_cost_recommended_selling_price":"0.24","imprint_cost_recommended_selling_quantity":"2500"},{"imprint_cost_recommended_selling_price":"0.225","imprint_cost_recommended_selling_quantity":"5000"}],"product_quantity_price_range_buying":[{"imprint_cost_general_buying_price":"1.29","imprint_cost_general_buying_quantity":"1"},{"imprint_cost_general_buying_price":"0.85","imprint_cost_general_buying_quantity":"25"},{"imprint_cost_general_buying_price":"0.55","imprint_cost_general_buying_quantity":"50"},{"imprint_cost_general_buying_price":"0.32","imprint_cost_general_buying_quantity":"100"},{"imprint_cost_general_buying_price":"0.24","imprint_cost_general_buying_quantity":"250"},{"imprint_cost_general_buying_price":"0.2","imprint_cost_general_buying_quantity":"500"},{"imprint_cost_general_buying_price":"0.19","imprint_cost_general_buying_quantity":"1000"},{"imprint_cost_general_buying_price":"0.16","imprint_cost_general_buying_quantity":"2500"},{"imprint_cost_general_buying_price":"0.15","imprint_cost_general_buying_quantity":"5000"}],"imprint_cost_setup_costs":"45","imprint_cost_handling_costs":"0.09"}]},"aioseo_notices":[],"aioseo_head":"\n\t\t<!-- All in One SEO Pro 4.9.6.2 - aioseo.com -->\n\t<meta name=\"description\" content=\"W\u00e4rme f\u00fcr unterwegs: Als kompakter Handw\u00e4rmer bringst du deine Finger schnell wieder auf Temperatur. Wiederverwendbar und in Rot oder Hellblau erh\u00e4ltlich. Bei Hidalgo l\u00e4sst du dein Logo sauber aufdrucken - ideal f\u00fcr Events und Aktionen.\" \/>\n\t<meta name=\"robots\" content=\"max-image-preview:large\" \/>\n\t<link rel=\"canonical\" href=\"https:\/\/hidalgo.nl\/de\/wp-json\/wp\/v2\/product\/165384\" \/>\n\t<meta name=\"generator\" content=\"All in One SEO Pro (AIOSEO) 4.9.6.2\" \/>\n\t\t<meta property=\"og:locale\" content=\"de_DE\" \/>\n\t\t<meta property=\"og:site_name\" content=\"Hidalgo -\" \/>\n\t\t<meta property=\"og:type\" content=\"article\" \/>\n\t\t<meta property=\"og:title\" content=\"HeatPad warmtepad\" \/>\n\t\t<meta property=\"og:description\" content=\"W\u00e4rme f\u00fcr unterwegs: Als kompakter Handw\u00e4rmer bringst du deine Finger schnell wieder auf Temperatur. Wiederverwendbar und in Rot oder Hellblau erh\u00e4ltlich. Bei Hidalgo l\u00e4sst du dein Logo sauber aufdrucken - ideal f\u00fcr Events und Aktionen.\" \/>\n\t\t<meta property=\"og:url\" content=\"https:\/\/hidalgo.nl\/de\/wp-json\/wp\/v2\/product\/165384\" \/>\n\t\t<meta property=\"og:image\" content=\"https:\/\/shop.hidalgo.nl\/wp-content\/uploads\/2025\/11\/cropped-Hidalgo-est1993.png\" \/>\n\t\t<meta property=\"og:image:secure_url\" content=\"https:\/\/shop.hidalgo.nl\/wp-content\/uploads\/2025\/11\/cropped-Hidalgo-est1993.png\" \/>\n\t\t<meta property=\"article:published_time\" content=\"2025-07-11T11:19:58+00:00\" \/>\n\t\t<meta property=\"article:modified_time\" content=\"2026-03-23T10:29:29+00:00\" \/>\n\t\t<meta name=\"twitter:card\" content=\"summary_large_image\" \/>\n\t\t<meta name=\"twitter:title\" content=\"HeatPad warmtepad\" \/>\n\t\t<meta name=\"twitter:description\" content=\"W\u00e4rme f\u00fcr unterwegs: Als kompakter Handw\u00e4rmer bringst du deine Finger schnell wieder auf Temperatur. Wiederverwendbar und in Rot oder Hellblau erh\u00e4ltlich. Bei Hidalgo l\u00e4sst du dein Logo sauber aufdrucken - ideal f\u00fcr Events und Aktionen.\" \/>\n\t\t<meta name=\"twitter:image\" content=\"https:\/\/shop.hidalgo.nl\/wp-content\/uploads\/2025\/11\/cropped-Hidalgo-est1993.png\" \/>\n\t\t<script type=\"application\/ld+json\" class=\"aioseo-schema\">\n\t\t\t{\"@context\":\"https:\\\/\\\/schema.org\",\"@graph\":[{\"@type\":\"BreadcrumbList\",\"@id\":\"https:\\\/\\\/hidalgo.nl\\\/de\\\/product\\\/heatpad-warmtepad\\\/#breadcrumblist\",\"itemListElement\":[{\"@type\":\"ListItem\",\"@id\":\"https:\\\/\\\/hidalgo.nl\\\/de\\\/#listItem\",\"position\":1,\"name\":\"Home\",\"item\":\"https:\\\/\\\/hidalgo.nl\\\/de\\\/\",\"nextItem\":{\"@type\":\"ListItem\",\"@id\":\"https:\\\/\\\/hidalgo.nl\\\/example\\\/#listItem\",\"name\":\"example\"}},{\"@type\":\"ListItem\",\"@id\":\"https:\\\/\\\/hidalgo.nl\\\/example\\\/#listItem\",\"position\":2,\"name\":\"example\",\"item\":\"https:\\\/\\\/hidalgo.nl\\\/example\\\/\",\"nextItem\":{\"@type\":\"ListItem\",\"@id\":\"https:\\\/\\\/hidalgo.nl\\\/en\\\/product-supplier\\\/a24\\\/#listItem\",\"name\":\"A24\"},\"previousItem\":{\"@type\":\"ListItem\",\"@id\":\"https:\\\/\\\/hidalgo.nl\\\/de\\\/#listItem\",\"name\":\"Home\"}},{\"@type\":\"ListItem\",\"@id\":\"https:\\\/\\\/hidalgo.nl\\\/en\\\/product-supplier\\\/a24\\\/#listItem\",\"position\":3,\"name\":\"A24\",\"item\":\"https:\\\/\\\/hidalgo.nl\\\/en\\\/product-supplier\\\/a24\\\/\",\"nextItem\":{\"@type\":\"ListItem\",\"@id\":\"https:\\\/\\\/hidalgo.nl\\\/de\\\/product\\\/heatpad-warmtepad\\\/#listItem\",\"name\":\"HeatPad warmtepad\"},\"previousItem\":{\"@type\":\"ListItem\",\"@id\":\"https:\\\/\\\/hidalgo.nl\\\/example\\\/#listItem\",\"name\":\"example\"}},{\"@type\":\"ListItem\",\"@id\":\"https:\\\/\\\/hidalgo.nl\\\/de\\\/product\\\/heatpad-warmtepad\\\/#listItem\",\"position\":4,\"name\":\"HeatPad warmtepad\",\"previousItem\":{\"@type\":\"ListItem\",\"@id\":\"https:\\\/\\\/hidalgo.nl\\\/en\\\/product-supplier\\\/a24\\\/#listItem\",\"name\":\"A24\"}}]},{\"@type\":\"Organization\",\"@id\":\"https:\\\/\\\/hidalgo.nl\\\/de\\\/#organization\",\"name\":\"Hidalgo\",\"url\":\"https:\\\/\\\/hidalgo.nl\\\/de\\\/\",\"logo\":{\"@type\":\"ImageObject\",\"url\":\"https:\\\/\\\/shop.hidalgo.nl\\\/wp-content\\\/uploads\\\/2025\\\/11\\\/cropped-Hidalgo-est1993.png\",\"@id\":\"https:\\\/\\\/hidalgo.nl\\\/de\\\/product\\\/heatpad-warmtepad\\\/#organizationLogo\",\"width\":585,\"height\":195},\"image\":{\"@id\":\"https:\\\/\\\/hidalgo.nl\\\/de\\\/product\\\/heatpad-warmtepad\\\/#organizationLogo\"}},{\"@type\":\"ProductGroup\",\"@id\":\"https:\\\/\\\/hidalgo.nl\\\/de\\\/product\\\/heatpad-warmtepad\\\/#wooCommerceProduct\",\"name\":\"HeatPad warmtepad\",\"url\":\"https:\\\/\\\/hidalgo.nl\\\/de\\\/product\\\/heatpad-warmtepad\\\/\",\"sku\":\"A24-2351\",\"image\":{\"@type\":\"ImageObject\",\"url\":\"https:\\\/\\\/shop.hidalgo.nl\\\/wp-content\\\/uploads\\\/2025\\\/07\\\/a64df8f410f7513147634de3706b19fb541d9e2da8491e313b3a61daf3226373.jpg\",\"@id\":\"https:\\\/\\\/hidalgo.nl\\\/de\\\/product\\\/heatpad-warmtepad\\\/#productImage\",\"width\":1000,\"height\":1000},\"productGroupID\":165384,\"hasVariant\":[{\"@type\":\"Product\",\"@id\":\"https:\\\/\\\/hidalgo.nl\\\/de\\\/product\\\/heatpad-warmtepad\\\/#wooCommerceProduct\",\"name\":\"HeatPad warmtepad - transparant\",\"url\":\"https:\\\/\\\/hidalgo.nl\\\/de\\\/product\\\/heatpad-warmtepad\\\/\",\"sku\":\"A24-235104\",\"image\":{\"@type\":\"ImageObject\",\"url\":\"https:\\\/\\\/shop.hidalgo.nl\\\/wp-content\\\/uploads\\\/2025\\\/07\\\/a64df8f410f7513147634de3706b19fb541d9e2da8491e313b3a61daf3226373.jpg\",\"@id\":\"https:\\\/\\\/hidalgo.nl\\\/de\\\/product\\\/heatpad-warmtepad\\\/#productImage\",\"width\":1000,\"height\":1000},\"offers\":{\"@type\":\"Offer\",\"url\":\"https:\\\/\\\/hidalgo.nl\\\/de\\\/product\\\/heatpad-warmtepad\\\/#wooCommerceOffer\",\"price\":\"0.74\",\"priceCurrency\":\"EUR\",\"category\":\"Promotionele Artikelen\",\"availability\":\"https:\\\/\\\/schema.org\\\/InStock\",\"priceSpecification\":{\"@type\":\"PriceSpecification\",\"price\":0.74,\"priceCurrency\":\"EUR\",\"valueAddedTaxIncluded\":\"true\"}}},{\"@type\":\"Product\",\"@id\":\"https:\\\/\\\/hidalgo.nl\\\/de\\\/product\\\/heatpad-warmtepad\\\/#wooCommerceProduct\",\"name\":\"HeatPad warmtepad - lichtblauw\",\"url\":\"https:\\\/\\\/hidalgo.nl\\\/de\\\/product\\\/heatpad-warmtepad\\\/\",\"sku\":\"A24-235131\",\"image\":{\"@type\":\"ImageObject\",\"url\":\"https:\\\/\\\/shop.hidalgo.nl\\\/wp-content\\\/uploads\\\/2025\\\/07\\\/b0ae93c8e089c4488ec271d103b2981756820d4ea8b6266c5e3f0ab3a9782a48.jpg\",\"@id\":\"https:\\\/\\\/hidalgo.nl\\\/de\\\/product\\\/heatpad-warmtepad\\\/#productImage\",\"width\":1000,\"height\":1000},\"offers\":{\"@type\":\"Offer\",\"url\":\"https:\\\/\\\/hidalgo.nl\\\/de\\\/product\\\/heatpad-warmtepad\\\/#wooCommerceOffer\",\"price\":\"0.74\",\"priceCurrency\":\"EUR\",\"category\":\"Promotionele Artikelen\",\"availability\":\"https:\\\/\\\/schema.org\\\/InStock\",\"priceSpecification\":{\"@type\":\"PriceSpecification\",\"price\":0.74,\"priceCurrency\":\"EUR\",\"valueAddedTaxIncluded\":\"true\"}}},{\"@type\":\"Product\",\"@id\":\"https:\\\/\\\/hidalgo.nl\\\/de\\\/product\\\/heatpad-warmtepad\\\/#wooCommerceProduct\",\"name\":\"HeatPad warmtepad - rood\",\"url\":\"https:\\\/\\\/hidalgo.nl\\\/de\\\/product\\\/heatpad-warmtepad\\\/\",\"sku\":\"A24-235160\",\"image\":{\"@type\":\"ImageObject\",\"url\":\"https:\\\/\\\/shop.hidalgo.nl\\\/wp-content\\\/uploads\\\/2025\\\/07\\\/bbd7890d73af996ea6e538183157fca581e2fc87fbe351913573f847404bba5a.jpg\",\"@id\":\"https:\\\/\\\/hidalgo.nl\\\/de\\\/product\\\/heatpad-warmtepad\\\/#productImage\",\"width\":1000,\"height\":1000},\"offers\":{\"@type\":\"Offer\",\"url\":\"https:\\\/\\\/hidalgo.nl\\\/de\\\/product\\\/heatpad-warmtepad\\\/#wooCommerceOffer\",\"price\":\"0.74\",\"priceCurrency\":\"EUR\",\"category\":\"Promotionele Artikelen\",\"availability\":\"https:\\\/\\\/schema.org\\\/InStock\",\"priceSpecification\":{\"@type\":\"PriceSpecification\",\"price\":0.74,\"priceCurrency\":\"EUR\",\"valueAddedTaxIncluded\":\"true\"}}}]},{\"@type\":\"WebPage\",\"@id\":\"https:\\\/\\\/hidalgo.nl\\\/de\\\/product\\\/heatpad-warmtepad\\\/#webpage\",\"url\":\"https:\\\/\\\/hidalgo.nl\\\/de\\\/product\\\/heatpad-warmtepad\\\/\",\"name\":\"HeatPad warmtepad\",\"description\":\"W\\u00e4rme f\\u00fcr unterwegs: Als kompakter Handw\\u00e4rmer bringst du deine Finger schnell wieder auf Temperatur. Wiederverwendbar und in Rot oder Hellblau erh\\u00e4ltlich. Bei Hidalgo l\\u00e4sst du dein Logo sauber aufdrucken - ideal f\\u00fcr Events und Aktionen.\",\"inLanguage\":\"de-DE\",\"isPartOf\":{\"@id\":\"https:\\\/\\\/hidalgo.nl\\\/de\\\/#website\"},\"breadcrumb\":{\"@id\":\"https:\\\/\\\/hidalgo.nl\\\/de\\\/product\\\/heatpad-warmtepad\\\/#breadcrumblist\"},\"image\":{\"@type\":\"ImageObject\",\"url\":\"https:\\\/\\\/shop.hidalgo.nl\\\/wp-content\\\/uploads\\\/2025\\\/07\\\/a64df8f410f7513147634de3706b19fb541d9e2da8491e313b3a61daf3226373.jpg\",\"@id\":\"https:\\\/\\\/hidalgo.nl\\\/de\\\/product\\\/heatpad-warmtepad\\\/#mainImage\",\"width\":1000,\"height\":1000},\"primaryImageOfPage\":{\"@id\":\"https:\\\/\\\/hidalgo.nl\\\/de\\\/product\\\/heatpad-warmtepad\\\/#mainImage\"},\"datePublished\":\"2025-07-11T11:19:58+00:00\",\"dateModified\":\"2026-03-23T10:29:29+00:00\"},{\"@type\":\"WebSite\",\"@id\":\"https:\\\/\\\/hidalgo.nl\\\/de\\\/#website\",\"url\":\"https:\\\/\\\/hidalgo.nl\\\/de\\\/\",\"name\":\"Hidalgo\",\"inLanguage\":\"de-DE\",\"publisher\":{\"@id\":\"https:\\\/\\\/hidalgo.nl\\\/de\\\/#organization\"}}]}\n\t\t<\/script>\n\t\t<!-- All in One SEO Pro -->\r\n\t\t<title>HeatPad warmtepad<\/title>\n\n","aioseo_head_json":{"title":"HeatPad warmtepad","description":"W\u00e4rme f\u00fcr unterwegs: Als kompakter Handw\u00e4rmer bringst du deine Finger schnell wieder auf Temperatur. Wiederverwendbar und in Rot oder Hellblau erh\u00e4ltlich. Bei Hidalgo l\u00e4sst du dein Logo sauber aufdrucken - ideal f\u00fcr Events und Aktionen.","canonical_url":"https:\/\/hidalgo.nl\/de\/wp-json\/wp\/v2\/product\/165384","robots":"max-image-preview:large","keywords":"","webmasterTools":{"miscellaneous":""},"schema":{"@context":"https:\/\/schema.org","@graph":[{"@type":"BreadcrumbList","@id":"https:\/\/hidalgo.nl\/de\/product\/heatpad-warmtepad\/#breadcrumblist","itemListElement":[{"@type":"ListItem","@id":"https:\/\/hidalgo.nl\/de\/#listItem","position":1,"name":"Home","item":"https:\/\/hidalgo.nl\/de\/","nextItem":{"@type":"ListItem","@id":"https:\/\/hidalgo.nl\/example\/#listItem","name":"example"}},{"@type":"ListItem","@id":"https:\/\/hidalgo.nl\/example\/#listItem","position":2,"name":"example","item":"https:\/\/hidalgo.nl\/example\/","nextItem":{"@type":"ListItem","@id":"https:\/\/hidalgo.nl\/en\/product-supplier\/a24\/#listItem","name":"A24"},"previousItem":{"@type":"ListItem","@id":"https:\/\/hidalgo.nl\/de\/#listItem","name":"Home"}},{"@type":"ListItem","@id":"https:\/\/hidalgo.nl\/en\/product-supplier\/a24\/#listItem","position":3,"name":"A24","item":"https:\/\/hidalgo.nl\/en\/product-supplier\/a24\/","nextItem":{"@type":"ListItem","@id":"https:\/\/hidalgo.nl\/de\/product\/heatpad-warmtepad\/#listItem","name":"HeatPad warmtepad"},"previousItem":{"@type":"ListItem","@id":"https:\/\/hidalgo.nl\/example\/#listItem","name":"example"}},{"@type":"ListItem","@id":"https:\/\/hidalgo.nl\/de\/product\/heatpad-warmtepad\/#listItem","position":4,"name":"HeatPad warmtepad","previousItem":{"@type":"ListItem","@id":"https:\/\/hidalgo.nl\/en\/product-supplier\/a24\/#listItem","name":"A24"}}]},{"@type":"Organization","@id":"https:\/\/hidalgo.nl\/de\/#organization","name":"Hidalgo","url":"https:\/\/hidalgo.nl\/de\/","logo":{"@type":"ImageObject","url":"https:\/\/shop.hidalgo.nl\/wp-content\/uploads\/2025\/11\/cropped-Hidalgo-est1993.png","@id":"https:\/\/hidalgo.nl\/de\/product\/heatpad-warmtepad\/#organizationLogo","width":585,"height":195},"image":{"@id":"https:\/\/hidalgo.nl\/de\/product\/heatpad-warmtepad\/#organizationLogo"}},{"@type":"ProductGroup","@id":"https:\/\/hidalgo.nl\/de\/product\/heatpad-warmtepad\/#wooCommerceProduct","name":"HeatPad warmtepad","url":"https:\/\/hidalgo.nl\/de\/product\/heatpad-warmtepad\/","sku":"A24-2351","image":{"@type":"ImageObject","url":"https:\/\/shop.hidalgo.nl\/wp-content\/uploads\/2025\/07\/a64df8f410f7513147634de3706b19fb541d9e2da8491e313b3a61daf3226373.jpg","@id":"https:\/\/hidalgo.nl\/de\/product\/heatpad-warmtepad\/#productImage","width":1000,"height":1000},"productGroupID":165384,"hasVariant":[{"@type":"Product","@id":"https:\/\/hidalgo.nl\/de\/product\/heatpad-warmtepad\/#wooCommerceProduct","name":"HeatPad warmtepad - transparant","url":"https:\/\/hidalgo.nl\/de\/product\/heatpad-warmtepad\/","sku":"A24-235104","image":{"@type":"ImageObject","url":"https:\/\/shop.hidalgo.nl\/wp-content\/uploads\/2025\/07\/a64df8f410f7513147634de3706b19fb541d9e2da8491e313b3a61daf3226373.jpg","@id":"https:\/\/hidalgo.nl\/de\/product\/heatpad-warmtepad\/#productImage","width":1000,"height":1000},"offers":{"@type":"Offer","url":"https:\/\/hidalgo.nl\/de\/product\/heatpad-warmtepad\/#wooCommerceOffer","price":"0.74","priceCurrency":"EUR","category":"Promotionele Artikelen","availability":"https:\/\/schema.org\/InStock","priceSpecification":{"@type":"PriceSpecification","price":0.74,"priceCurrency":"EUR","valueAddedTaxIncluded":"true"}}},{"@type":"Product","@id":"https:\/\/hidalgo.nl\/de\/product\/heatpad-warmtepad\/#wooCommerceProduct","name":"HeatPad warmtepad - lichtblauw","url":"https:\/\/hidalgo.nl\/de\/product\/heatpad-warmtepad\/","sku":"A24-235131","image":{"@type":"ImageObject","url":"https:\/\/shop.hidalgo.nl\/wp-content\/uploads\/2025\/07\/b0ae93c8e089c4488ec271d103b2981756820d4ea8b6266c5e3f0ab3a9782a48.jpg","@id":"https:\/\/hidalgo.nl\/de\/product\/heatpad-warmtepad\/#productImage","width":1000,"height":1000},"offers":{"@type":"Offer","url":"https:\/\/hidalgo.nl\/de\/product\/heatpad-warmtepad\/#wooCommerceOffer","price":"0.74","priceCurrency":"EUR","category":"Promotionele Artikelen","availability":"https:\/\/schema.org\/InStock","priceSpecification":{"@type":"PriceSpecification","price":0.74,"priceCurrency":"EUR","valueAddedTaxIncluded":"true"}}},{"@type":"Product","@id":"https:\/\/hidalgo.nl\/de\/product\/heatpad-warmtepad\/#wooCommerceProduct","name":"HeatPad warmtepad - rood","url":"https:\/\/hidalgo.nl\/de\/product\/heatpad-warmtepad\/","sku":"A24-235160","image":{"@type":"ImageObject","url":"https:\/\/shop.hidalgo.nl\/wp-content\/uploads\/2025\/07\/bbd7890d73af996ea6e538183157fca581e2fc87fbe351913573f847404bba5a.jpg","@id":"https:\/\/hidalgo.nl\/de\/product\/heatpad-warmtepad\/#productImage","width":1000,"height":1000},"offers":{"@type":"Offer","url":"https:\/\/hidalgo.nl\/de\/product\/heatpad-warmtepad\/#wooCommerceOffer","price":"0.74","priceCurrency":"EUR","category":"Promotionele Artikelen","availability":"https:\/\/schema.org\/InStock","priceSpecification":{"@type":"PriceSpecification","price":0.74,"priceCurrency":"EUR","valueAddedTaxIncluded":"true"}}}]},{"@type":"WebPage","@id":"https:\/\/hidalgo.nl\/de\/product\/heatpad-warmtepad\/#webpage","url":"https:\/\/hidalgo.nl\/de\/product\/heatpad-warmtepad\/","name":"HeatPad warmtepad","description":"W\u00e4rme f\u00fcr unterwegs: Als kompakter Handw\u00e4rmer bringst du deine Finger schnell wieder auf Temperatur. Wiederverwendbar und in Rot oder Hellblau erh\u00e4ltlich. Bei Hidalgo l\u00e4sst du dein Logo sauber aufdrucken - ideal f\u00fcr Events und Aktionen.","inLanguage":"de-DE","isPartOf":{"@id":"https:\/\/hidalgo.nl\/de\/#website"},"breadcrumb":{"@id":"https:\/\/hidalgo.nl\/de\/product\/heatpad-warmtepad\/#breadcrumblist"},"image":{"@type":"ImageObject","url":"https:\/\/shop.hidalgo.nl\/wp-content\/uploads\/2025\/07\/a64df8f410f7513147634de3706b19fb541d9e2da8491e313b3a61daf3226373.jpg","@id":"https:\/\/hidalgo.nl\/de\/product\/heatpad-warmtepad\/#mainImage","width":1000,"height":1000},"primaryImageOfPage":{"@id":"https:\/\/hidalgo.nl\/de\/product\/heatpad-warmtepad\/#mainImage"},"datePublished":"2025-07-11T11:19:58+00:00","dateModified":"2026-03-23T10:29:29+00:00"},{"@type":"WebSite","@id":"https:\/\/hidalgo.nl\/de\/#website","url":"https:\/\/hidalgo.nl\/de\/","name":"Hidalgo","inLanguage":"de-DE","publisher":{"@id":"https:\/\/hidalgo.nl\/de\/#organization"}}]},"og:locale":"de_DE","og:site_name":"Hidalgo -","og:type":"article","og:title":"HeatPad warmtepad","og:description":"W\u00e4rme f\u00fcr unterwegs: Als kompakter Handw\u00e4rmer bringst du deine Finger schnell wieder auf Temperatur. Wiederverwendbar und in Rot oder Hellblau erh\u00e4ltlich. Bei Hidalgo l\u00e4sst du dein Logo sauber aufdrucken - ideal f\u00fcr Events und Aktionen.","og:url":"https:\/\/hidalgo.nl\/de\/wp-json\/wp\/v2\/product\/165384","og:image":"https:\/\/shop.hidalgo.nl\/wp-content\/uploads\/2025\/11\/cropped-Hidalgo-est1993.png","og:image:secure_url":"https:\/\/shop.hidalgo.nl\/wp-content\/uploads\/2025\/11\/cropped-Hidalgo-est1993.png","article:published_time":"2025-07-11T11:19:58+00:00","article:modified_time":"2026-03-23T10:29:29+00:00","twitter:card":"summary_large_image","twitter:title":"HeatPad warmtepad","twitter:description":"W\u00e4rme f\u00fcr unterwegs: Als kompakter Handw\u00e4rmer bringst du deine Finger schnell wieder auf Temperatur. Wiederverwendbar und in Rot oder Hellblau erh\u00e4ltlich. Bei Hidalgo l\u00e4sst du dein Logo sauber aufdrucken - ideal f\u00fcr Events und Aktionen.","twitter:image":"https:\/\/shop.hidalgo.nl\/wp-content\/uploads\/2025\/11\/cropped-Hidalgo-est1993.png"},"aioseo_meta_data":{"post_id":"165384","title":null,"description":null,"keywords":null,"keyphrases":null,"primary_term":null,"canonical_url":null,"og_title":null,"og_description":null,"og_object_type":"default","og_image_type":"default","og_image_url":null,"og_image_width":null,"og_image_height":null,"og_image_custom_url":null,"og_image_custom_fields":null,"og_video":null,"og_custom_url":null,"og_article_section":null,"og_article_tags":null,"twitter_use_og":false,"twitter_card":"default","twitter_image_type":"default","twitter_image_url":null,"twitter_image_custom_url":null,"twitter_image_custom_fields":null,"twitter_title":null,"twitter_description":null,"schema":{"blockGraphs":[],"customGraphs":[],"default":{"data":{"Article":[],"Course":[],"Dataset":[],"FAQPage":[],"Movie":[],"Person":[],"Product":[],"ProductReview":[],"Car":[],"Recipe":[],"Service":[],"SoftwareApplication":[],"WebPage":[]},"graphName":"","isEnabled":true},"graphs":[]},"schema_type":"default","schema_type_options":null,"pillar_content":false,"robots_default":true,"robots_noindex":false,"robots_noarchive":false,"robots_nosnippet":false,"robots_nofollow":false,"robots_noimageindex":false,"robots_noodp":false,"robots_notranslate":false,"robots_max_snippet":null,"robots_max_videopreview":null,"robots_max_imagepreview":"large","priority":null,"frequency":null,"local_seo":null,"seo_analyzer_scan_date":"2026-01-22 18:54:03","breadcrumb_settings":null,"limit_modified_date":false,"reviewed_by":null,"open_ai":null,"ai":null,"created":"2026-01-14 07:02:59","updated":"2026-04-23 01:00:52"},"aioseo_breadcrumb":"<div class=\"aioseo-breadcrumbs\"><span class=\"aioseo-breadcrumb\">\n\t<a href=\"https:\/\/hidalgo.nl\/de\/\" title=\"Home\">Home<\/a>\n<\/span><span class=\"aioseo-breadcrumb-separator\">\u00bb<\/span><span class=\"aioseo-breadcrumb\">\n\t<a href=\"https:\/\/hidalgo.nl\/example\/\" title=\"example\">example<\/a>\n<\/span><span class=\"aioseo-breadcrumb-separator\">\u00bb<\/span><span class=\"aioseo-breadcrumb\">\n\t<a href=\"https:\/\/hidalgo.nl\/en\/product-supplier\/a24\/\" title=\"A24\">A24<\/a>\n<\/span><span class=\"aioseo-breadcrumb-separator\">\u00bb<\/span><span class=\"aioseo-breadcrumb\">\n\tHeatPad warmtepad\n<\/span><\/div>","aioseo_breadcrumb_json":[{"label":"Home","link":"https:\/\/hidalgo.nl\/de\/"},{"label":"example","link":"https:\/\/hidalgo.nl\/example\/"},{"label":"A24","link":"https:\/\/hidalgo.nl\/en\/product-supplier\/a24\/"},{"label":"HeatPad warmtepad","link":"https:\/\/hidalgo.nl\/de\/product\/heatpad-warmtepad\/"}],"_links":{"self":[{"href":"https:\/\/hidalgo.nl\/de\/wp-json\/wp\/v2\/product\/165384","targetHints":{"allow":["GET"]}}],"collection":[{"href":"https:\/\/hidalgo.nl\/de\/wp-json\/wp\/v2\/product"}],"about":[{"href":"https:\/\/hidalgo.nl\/de\/wp-json\/wp\/v2\/types\/product"}],"wp:featuredmedia":[{"embeddable":true,"href":"https:\/\/hidalgo.nl\/de\/wp-json\/wp\/v2\/media\/165385"}],"wp:attachment":[{"href":"https:\/\/hidalgo.nl\/de\/wp-json\/wp\/v2\/media?parent=165384"}],"wp:term":[{"taxonomy":"product_brand","embeddable":true,"href":"https:\/\/hidalgo.nl\/de\/wp-json\/wp\/v2\/product_brand?post=165384"},{"taxonomy":"product_cat","embeddable":true,"href":"https:\/\/hidalgo.nl\/de\/wp-json\/wp\/v2\/product_cat?post=165384"},{"taxonomy":"product_tag","embeddable":true,"href":"https:\/\/hidalgo.nl\/de\/wp-json\/wp\/v2\/product_tag?post=165384"}],"curies":[{"name":"wp","href":"https:\/\/api.w.org\/{rel}","templated":true}]}}