{"id":164673,"date":"2025-07-11T10:47:01","date_gmt":"2025-07-11T10:47:01","guid":{"rendered":"http:\/\/bidonsenshakers.pim.hidalgo.nl\/product\/wooosh-luminosa-led-candle\/"},"modified":"2026-03-19T09:57:40","modified_gmt":"2026-03-19T09:57:40","slug":"wooosh-luminosa-led-candle","status":"publish","type":"product","link":"https:\/\/hidalgo.nl\/de\/product\/wooosh-luminosa-led-candle\/","title":{"rendered":"Wooosh Luminosa LED Candle"},"content":{"rendered":"<p>LED-kaars van het merk Wooosh in een chic smokey glas. Compleet met sfeervol, warm LED-licht en afwerking met echte was voor een authentieke look &#038; feel. Een veilige manier van sfeervol verlichten zonder brandgevaar, met hetzelfde warme effect als een traditionele kaars. Ideaal voor binnen en buiten, en voor het cre\u00ebren van een gezellige sfeer op een gedekte tafel, of tijdens een speciale gelegenheid. Inclusief 2 batterijen. Per stuk in een luxe Wooosh geschenkverpakking.<\/p>\n","protected":false},"excerpt":{"rendered":"<p>LED-kaars van het merk Wooosh in een chic smokey glas. Compleet met sfeervol, warm LED-licht en afwerking met echte was voor een authentieke look &#038; feel. Een veilige manier van sfeervol verlichten zonder brandgevaar, met hetzelfde warme effect als een traditionele kaars. Ideaal voor binnen en buiten, en voor het cre\u00ebren van een gezellige sfeer&hellip; <a class=\"more-link\" href=\"https:\/\/hidalgo.nl\/de\/product\/wooosh-luminosa-led-candle\/\"><span class=\"screen-reader-text\">Wooosh Luminosa LED Candle<\/span> weiterlesen<\/a><\/p>\n","protected":false},"featured_media":164674,"template":"","meta":{"_acf_changed":false,"om_disable_all_campaigns":false,"_monsterinsights_skip_tracking":false,"_monsterinsights_sitenote_active":false,"_monsterinsights_sitenote_note":"","_monsterinsights_sitenote_category":0},"product_brand":[1969],"product_cat":[5026,4719,5005,4728],"product_tag":[],"class_list":{"0":"post-164673","1":"product","2":"type-product","3":"status-publish","4":"has-post-thumbnail","6":"product_supplier-a24","7":"product_material-glaswas","8":"product_brand-wooosh","9":"product_cat-thuis-keuken-and-tuin-thuis-kaarsen-en-diffusers","10":"product_cat-promotionele-artikelen","11":"product_cat-thuis-keuken-and-tuin-thuis","12":"product_cat-promotionele-artikelen-thuis-keuken-en-tuin","13":"entry","15":"first","16":"instock","17":"taxable","18":"shipping-taxable","19":"purchasable","20":"product-type-variable"},"acf":{"imprint_cost":[{"imprint_cost_key":"255b468ebfb26669e4fb34253fd366894dc42ed1","product_quantity_price_range":[{"imprint_cost_recommended_selling_price":"2.235","imprint_cost_recommended_selling_quantity":"1"},{"imprint_cost_recommended_selling_price":"1.575","imprint_cost_recommended_selling_quantity":"25"},{"imprint_cost_recommended_selling_price":"1.035","imprint_cost_recommended_selling_quantity":"50"},{"imprint_cost_recommended_selling_price":"0.735","imprint_cost_recommended_selling_quantity":"100"},{"imprint_cost_recommended_selling_price":"0.6","imprint_cost_recommended_selling_quantity":"250"},{"imprint_cost_recommended_selling_price":"0.495","imprint_cost_recommended_selling_quantity":"500"},{"imprint_cost_recommended_selling_price":"0.405","imprint_cost_recommended_selling_quantity":"1000"},{"imprint_cost_recommended_selling_price":"0.36","imprint_cost_recommended_selling_quantity":"2500"},{"imprint_cost_recommended_selling_price":"0.315","imprint_cost_recommended_selling_quantity":"5000"}],"product_quantity_price_range_buying":[{"imprint_cost_general_buying_price":"1.49","imprint_cost_general_buying_quantity":"1"},{"imprint_cost_general_buying_price":"1.05","imprint_cost_general_buying_quantity":"25"},{"imprint_cost_general_buying_price":"0.69","imprint_cost_general_buying_quantity":"50"},{"imprint_cost_general_buying_price":"0.49","imprint_cost_general_buying_quantity":"100"},{"imprint_cost_general_buying_price":"0.4","imprint_cost_general_buying_quantity":"250"},{"imprint_cost_general_buying_price":"0.33","imprint_cost_general_buying_quantity":"500"},{"imprint_cost_general_buying_price":"0.27","imprint_cost_general_buying_quantity":"1000"},{"imprint_cost_general_buying_price":"0.24","imprint_cost_general_buying_quantity":"2500"},{"imprint_cost_general_buying_price":"0.21","imprint_cost_general_buying_quantity":"5000"}],"imprint_cost_setup_costs":"45","imprint_cost_handling_costs":"0.24"},{"imprint_cost_key":"904c400b6f2d63c4cf4c690dcafb5c5d225b840f","product_quantity_price_range":[{"imprint_cost_recommended_selling_price":"2.235","imprint_cost_recommended_selling_quantity":"1"},{"imprint_cost_recommended_selling_price":"1.575","imprint_cost_recommended_selling_quantity":"25"},{"imprint_cost_recommended_selling_price":"1.035","imprint_cost_recommended_selling_quantity":"50"},{"imprint_cost_recommended_selling_price":"0.735","imprint_cost_recommended_selling_quantity":"100"},{"imprint_cost_recommended_selling_price":"0.6","imprint_cost_recommended_selling_quantity":"250"},{"imprint_cost_recommended_selling_price":"0.495","imprint_cost_recommended_selling_quantity":"500"},{"imprint_cost_recommended_selling_price":"0.405","imprint_cost_recommended_selling_quantity":"1000"},{"imprint_cost_recommended_selling_price":"0.36","imprint_cost_recommended_selling_quantity":"2500"},{"imprint_cost_recommended_selling_price":"0.315","imprint_cost_recommended_selling_quantity":"5000"}],"product_quantity_price_range_buying":[{"imprint_cost_general_buying_price":"1.49","imprint_cost_general_buying_quantity":"1"},{"imprint_cost_general_buying_price":"1.05","imprint_cost_general_buying_quantity":"25"},{"imprint_cost_general_buying_price":"0.69","imprint_cost_general_buying_quantity":"50"},{"imprint_cost_general_buying_price":"0.49","imprint_cost_general_buying_quantity":"100"},{"imprint_cost_general_buying_price":"0.4","imprint_cost_general_buying_quantity":"250"},{"imprint_cost_general_buying_price":"0.33","imprint_cost_general_buying_quantity":"500"},{"imprint_cost_general_buying_price":"0.27","imprint_cost_general_buying_quantity":"1000"},{"imprint_cost_general_buying_price":"0.24","imprint_cost_general_buying_quantity":"2500"},{"imprint_cost_general_buying_price":"0.21","imprint_cost_general_buying_quantity":"5000"}],"imprint_cost_setup_costs":"45","imprint_cost_handling_costs":"0.24"}]},"aioseo_notices":[],"aioseo_head":"\n\t\t<!-- All in One SEO Pro 4.9.6.2 - aioseo.com -->\n\t<meta name=\"description\" content=\"Setze auf stimmiges Licht ohne offenes Feuer: Die Wooosh LED-Kerze im rauchfarbenen Glas mit echter Wachsschicht ist eine batteriebetriebene Kerze f\u00fcr Events, B\u00fcro &amp; Zuhause. Wir drucken dein Logo direkt auf das Glas - perfekt als stilvolles Werbegeschenk f\u00fcr 20-40-J\u00e4hrige.\" \/>\n\t<meta name=\"robots\" content=\"max-image-preview:large\" \/>\n\t<link rel=\"canonical\" href=\"https:\/\/hidalgo.nl\/de\/wp-json\/wp\/v2\/product\/164673\" \/>\n\t<meta name=\"generator\" content=\"All in One SEO Pro (AIOSEO) 4.9.6.2\" \/>\n\t\t<meta property=\"og:locale\" content=\"de_DE\" \/>\n\t\t<meta property=\"og:site_name\" content=\"Hidalgo -\" \/>\n\t\t<meta property=\"og:type\" content=\"article\" \/>\n\t\t<meta property=\"og:title\" content=\"Wooosh Luminosa LED Candle\" \/>\n\t\t<meta property=\"og:description\" content=\"Setze auf stimmiges Licht ohne offenes Feuer: Die Wooosh LED-Kerze im rauchfarbenen Glas mit echter Wachsschicht ist eine batteriebetriebene Kerze f\u00fcr Events, B\u00fcro &amp; Zuhause. Wir drucken dein Logo direkt auf das Glas - perfekt als stilvolles Werbegeschenk f\u00fcr 20-40-J\u00e4hrige.\" \/>\n\t\t<meta property=\"og:url\" content=\"https:\/\/hidalgo.nl\/de\/wp-json\/wp\/v2\/product\/164673\" \/>\n\t\t<meta property=\"og:image\" content=\"https:\/\/shop.hidalgo.nl\/wp-content\/uploads\/2025\/11\/cropped-Hidalgo-est1993.png\" \/>\n\t\t<meta property=\"og:image:secure_url\" content=\"https:\/\/shop.hidalgo.nl\/wp-content\/uploads\/2025\/11\/cropped-Hidalgo-est1993.png\" \/>\n\t\t<meta property=\"article:published_time\" content=\"2025-07-11T10:47:01+00:00\" \/>\n\t\t<meta property=\"article:modified_time\" content=\"2026-03-19T09:57:40+00:00\" \/>\n\t\t<meta name=\"twitter:card\" content=\"summary_large_image\" \/>\n\t\t<meta name=\"twitter:title\" content=\"Wooosh Luminosa LED Candle\" \/>\n\t\t<meta name=\"twitter:description\" content=\"Setze auf stimmiges Licht ohne offenes Feuer: Die Wooosh LED-Kerze im rauchfarbenen Glas mit echter Wachsschicht ist eine batteriebetriebene Kerze f\u00fcr Events, B\u00fcro &amp; Zuhause. Wir drucken dein Logo direkt auf das Glas - perfekt als stilvolles Werbegeschenk f\u00fcr 20-40-J\u00e4hrige.\" \/>\n\t\t<meta name=\"twitter:image\" content=\"https:\/\/shop.hidalgo.nl\/wp-content\/uploads\/2025\/11\/cropped-Hidalgo-est1993.png\" \/>\n\t\t<script type=\"application\/ld+json\" class=\"aioseo-schema\">\n\t\t\t{\"@context\":\"https:\\\/\\\/schema.org\",\"@graph\":[{\"@type\":\"BreadcrumbList\",\"@id\":\"https:\\\/\\\/hidalgo.nl\\\/de\\\/product\\\/wooosh-luminosa-led-candle\\\/#breadcrumblist\",\"itemListElement\":[{\"@type\":\"ListItem\",\"@id\":\"https:\\\/\\\/hidalgo.nl\\\/de\\\/#listItem\",\"position\":1,\"name\":\"Home\",\"item\":\"https:\\\/\\\/hidalgo.nl\\\/de\\\/\",\"nextItem\":{\"@type\":\"ListItem\",\"@id\":\"https:\\\/\\\/hidalgo.nl\\\/example\\\/#listItem\",\"name\":\"example\"}},{\"@type\":\"ListItem\",\"@id\":\"https:\\\/\\\/hidalgo.nl\\\/example\\\/#listItem\",\"position\":2,\"name\":\"example\",\"item\":\"https:\\\/\\\/hidalgo.nl\\\/example\\\/\",\"nextItem\":{\"@type\":\"ListItem\",\"@id\":\"https:\\\/\\\/hidalgo.nl\\\/en\\\/product-supplier\\\/a24\\\/#listItem\",\"name\":\"A24\"},\"previousItem\":{\"@type\":\"ListItem\",\"@id\":\"https:\\\/\\\/hidalgo.nl\\\/de\\\/#listItem\",\"name\":\"Home\"}},{\"@type\":\"ListItem\",\"@id\":\"https:\\\/\\\/hidalgo.nl\\\/en\\\/product-supplier\\\/a24\\\/#listItem\",\"position\":3,\"name\":\"A24\",\"item\":\"https:\\\/\\\/hidalgo.nl\\\/en\\\/product-supplier\\\/a24\\\/\",\"nextItem\":{\"@type\":\"ListItem\",\"@id\":\"https:\\\/\\\/hidalgo.nl\\\/de\\\/product\\\/wooosh-luminosa-led-candle\\\/#listItem\",\"name\":\"Wooosh Luminosa LED Candle\"},\"previousItem\":{\"@type\":\"ListItem\",\"@id\":\"https:\\\/\\\/hidalgo.nl\\\/example\\\/#listItem\",\"name\":\"example\"}},{\"@type\":\"ListItem\",\"@id\":\"https:\\\/\\\/hidalgo.nl\\\/de\\\/product\\\/wooosh-luminosa-led-candle\\\/#listItem\",\"position\":4,\"name\":\"Wooosh Luminosa LED Candle\",\"previousItem\":{\"@type\":\"ListItem\",\"@id\":\"https:\\\/\\\/hidalgo.nl\\\/en\\\/product-supplier\\\/a24\\\/#listItem\",\"name\":\"A24\"}}]},{\"@type\":\"Organization\",\"@id\":\"https:\\\/\\\/hidalgo.nl\\\/de\\\/#organization\",\"name\":\"Hidalgo\",\"url\":\"https:\\\/\\\/hidalgo.nl\\\/de\\\/\",\"logo\":{\"@type\":\"ImageObject\",\"url\":\"https:\\\/\\\/shop.hidalgo.nl\\\/wp-content\\\/uploads\\\/2025\\\/11\\\/cropped-Hidalgo-est1993.png\",\"@id\":\"https:\\\/\\\/hidalgo.nl\\\/de\\\/product\\\/wooosh-luminosa-led-candle\\\/#organizationLogo\",\"width\":585,\"height\":195},\"image\":{\"@id\":\"https:\\\/\\\/hidalgo.nl\\\/de\\\/product\\\/wooosh-luminosa-led-candle\\\/#organizationLogo\"}},{\"@type\":\"ProductGroup\",\"@id\":\"https:\\\/\\\/hidalgo.nl\\\/de\\\/product\\\/wooosh-luminosa-led-candle\\\/#wooCommerceProduct\",\"name\":\"Wooosh Luminosa LED Candle\",\"url\":\"https:\\\/\\\/hidalgo.nl\\\/de\\\/product\\\/wooosh-luminosa-led-candle\\\/\",\"brand\":{\"@type\":\"Brand\",\"name\":\"Wooosh\"},\"sku\":\"A24-2205\",\"image\":{\"@type\":\"ImageObject\",\"url\":\"https:\\\/\\\/shop.hidalgo.nl\\\/wp-content\\\/uploads\\\/2025\\\/07\\\/21c2452520d5431fac3f2fab7e9e5905f085282a72aa6e492b11a4141c5010ae.jpg\",\"@id\":\"https:\\\/\\\/hidalgo.nl\\\/de\\\/product\\\/wooosh-luminosa-led-candle\\\/#productImage\",\"width\":1000,\"height\":1000},\"productGroupID\":164673,\"hasVariant\":[{\"@type\":\"Product\",\"@id\":\"https:\\\/\\\/hidalgo.nl\\\/de\\\/product\\\/wooosh-luminosa-led-candle\\\/#wooCommerceProduct\",\"name\":\"Wooosh Luminosa LED Candle - grijs\",\"url\":\"https:\\\/\\\/hidalgo.nl\\\/de\\\/product\\\/wooosh-luminosa-led-candle\\\/\",\"sku\":\"A24-220592\",\"image\":{\"@type\":\"ImageObject\",\"url\":\"https:\\\/\\\/shop.hidalgo.nl\\\/wp-content\\\/uploads\\\/2025\\\/07\\\/21c2452520d5431fac3f2fab7e9e5905f085282a72aa6e492b11a4141c5010ae.jpg\",\"@id\":\"https:\\\/\\\/hidalgo.nl\\\/de\\\/product\\\/wooosh-luminosa-led-candle\\\/#productImage\",\"width\":1000,\"height\":1000},\"offers\":{\"@type\":\"Offer\",\"url\":\"https:\\\/\\\/hidalgo.nl\\\/de\\\/product\\\/wooosh-luminosa-led-candle\\\/#wooCommerceOffer\",\"price\":\"5.95\",\"priceCurrency\":\"EUR\",\"category\":\"Promotionele Artikelen\",\"availability\":\"https:\\\/\\\/schema.org\\\/InStock\",\"priceSpecification\":{\"@type\":\"PriceSpecification\",\"price\":5.95,\"priceCurrency\":\"EUR\",\"valueAddedTaxIncluded\":\"true\"}}}]},{\"@type\":\"WebPage\",\"@id\":\"https:\\\/\\\/hidalgo.nl\\\/de\\\/product\\\/wooosh-luminosa-led-candle\\\/#webpage\",\"url\":\"https:\\\/\\\/hidalgo.nl\\\/de\\\/product\\\/wooosh-luminosa-led-candle\\\/\",\"name\":\"Wooosh Luminosa LED Candle\",\"description\":\"Setze auf stimmiges Licht ohne offenes Feuer: Die Wooosh LED-Kerze im rauchfarbenen Glas mit echter Wachsschicht ist eine batteriebetriebene Kerze f\\u00fcr Events, B\\u00fcro & Zuhause. Wir drucken dein Logo direkt auf das Glas - perfekt als stilvolles Werbegeschenk f\\u00fcr 20-40-J\\u00e4hrige.\",\"inLanguage\":\"de-DE\",\"isPartOf\":{\"@id\":\"https:\\\/\\\/hidalgo.nl\\\/de\\\/#website\"},\"breadcrumb\":{\"@id\":\"https:\\\/\\\/hidalgo.nl\\\/de\\\/product\\\/wooosh-luminosa-led-candle\\\/#breadcrumblist\"},\"image\":{\"@type\":\"ImageObject\",\"url\":\"https:\\\/\\\/shop.hidalgo.nl\\\/wp-content\\\/uploads\\\/2025\\\/07\\\/21c2452520d5431fac3f2fab7e9e5905f085282a72aa6e492b11a4141c5010ae.jpg\",\"@id\":\"https:\\\/\\\/hidalgo.nl\\\/de\\\/product\\\/wooosh-luminosa-led-candle\\\/#mainImage\",\"width\":1000,\"height\":1000},\"primaryImageOfPage\":{\"@id\":\"https:\\\/\\\/hidalgo.nl\\\/de\\\/product\\\/wooosh-luminosa-led-candle\\\/#mainImage\"},\"datePublished\":\"2025-07-11T10:47:01+00:00\",\"dateModified\":\"2026-03-19T09:57:40+00:00\"},{\"@type\":\"WebSite\",\"@id\":\"https:\\\/\\\/hidalgo.nl\\\/de\\\/#website\",\"url\":\"https:\\\/\\\/hidalgo.nl\\\/de\\\/\",\"name\":\"Hidalgo\",\"inLanguage\":\"de-DE\",\"publisher\":{\"@id\":\"https:\\\/\\\/hidalgo.nl\\\/de\\\/#organization\"}}]}\n\t\t<\/script>\n\t\t<!-- All in One SEO Pro -->\r\n\t\t<title>Wooosh Luminosa LED Candle<\/title>\n\n","aioseo_head_json":{"title":"Wooosh Luminosa LED Candle","description":"Setze auf stimmiges Licht ohne offenes Feuer: Die Wooosh LED-Kerze im rauchfarbenen Glas mit echter Wachsschicht ist eine batteriebetriebene Kerze f\u00fcr Events, B\u00fcro & Zuhause. Wir drucken dein Logo direkt auf das Glas - perfekt als stilvolles Werbegeschenk f\u00fcr 20-40-J\u00e4hrige.","canonical_url":"https:\/\/hidalgo.nl\/de\/wp-json\/wp\/v2\/product\/164673","robots":"max-image-preview:large","keywords":"","webmasterTools":{"miscellaneous":""},"schema":{"@context":"https:\/\/schema.org","@graph":[{"@type":"BreadcrumbList","@id":"https:\/\/hidalgo.nl\/de\/product\/wooosh-luminosa-led-candle\/#breadcrumblist","itemListElement":[{"@type":"ListItem","@id":"https:\/\/hidalgo.nl\/de\/#listItem","position":1,"name":"Home","item":"https:\/\/hidalgo.nl\/de\/","nextItem":{"@type":"ListItem","@id":"https:\/\/hidalgo.nl\/example\/#listItem","name":"example"}},{"@type":"ListItem","@id":"https:\/\/hidalgo.nl\/example\/#listItem","position":2,"name":"example","item":"https:\/\/hidalgo.nl\/example\/","nextItem":{"@type":"ListItem","@id":"https:\/\/hidalgo.nl\/en\/product-supplier\/a24\/#listItem","name":"A24"},"previousItem":{"@type":"ListItem","@id":"https:\/\/hidalgo.nl\/de\/#listItem","name":"Home"}},{"@type":"ListItem","@id":"https:\/\/hidalgo.nl\/en\/product-supplier\/a24\/#listItem","position":3,"name":"A24","item":"https:\/\/hidalgo.nl\/en\/product-supplier\/a24\/","nextItem":{"@type":"ListItem","@id":"https:\/\/hidalgo.nl\/de\/product\/wooosh-luminosa-led-candle\/#listItem","name":"Wooosh Luminosa LED Candle"},"previousItem":{"@type":"ListItem","@id":"https:\/\/hidalgo.nl\/example\/#listItem","name":"example"}},{"@type":"ListItem","@id":"https:\/\/hidalgo.nl\/de\/product\/wooosh-luminosa-led-candle\/#listItem","position":4,"name":"Wooosh Luminosa LED Candle","previousItem":{"@type":"ListItem","@id":"https:\/\/hidalgo.nl\/en\/product-supplier\/a24\/#listItem","name":"A24"}}]},{"@type":"Organization","@id":"https:\/\/hidalgo.nl\/de\/#organization","name":"Hidalgo","url":"https:\/\/hidalgo.nl\/de\/","logo":{"@type":"ImageObject","url":"https:\/\/shop.hidalgo.nl\/wp-content\/uploads\/2025\/11\/cropped-Hidalgo-est1993.png","@id":"https:\/\/hidalgo.nl\/de\/product\/wooosh-luminosa-led-candle\/#organizationLogo","width":585,"height":195},"image":{"@id":"https:\/\/hidalgo.nl\/de\/product\/wooosh-luminosa-led-candle\/#organizationLogo"}},{"@type":"ProductGroup","@id":"https:\/\/hidalgo.nl\/de\/product\/wooosh-luminosa-led-candle\/#wooCommerceProduct","name":"Wooosh Luminosa LED Candle","url":"https:\/\/hidalgo.nl\/de\/product\/wooosh-luminosa-led-candle\/","brand":{"@type":"Brand","name":"Wooosh"},"sku":"A24-2205","image":{"@type":"ImageObject","url":"https:\/\/shop.hidalgo.nl\/wp-content\/uploads\/2025\/07\/21c2452520d5431fac3f2fab7e9e5905f085282a72aa6e492b11a4141c5010ae.jpg","@id":"https:\/\/hidalgo.nl\/de\/product\/wooosh-luminosa-led-candle\/#productImage","width":1000,"height":1000},"productGroupID":164673,"hasVariant":[{"@type":"Product","@id":"https:\/\/hidalgo.nl\/de\/product\/wooosh-luminosa-led-candle\/#wooCommerceProduct","name":"Wooosh Luminosa LED Candle - grijs","url":"https:\/\/hidalgo.nl\/de\/product\/wooosh-luminosa-led-candle\/","sku":"A24-220592","image":{"@type":"ImageObject","url":"https:\/\/shop.hidalgo.nl\/wp-content\/uploads\/2025\/07\/21c2452520d5431fac3f2fab7e9e5905f085282a72aa6e492b11a4141c5010ae.jpg","@id":"https:\/\/hidalgo.nl\/de\/product\/wooosh-luminosa-led-candle\/#productImage","width":1000,"height":1000},"offers":{"@type":"Offer","url":"https:\/\/hidalgo.nl\/de\/product\/wooosh-luminosa-led-candle\/#wooCommerceOffer","price":"5.95","priceCurrency":"EUR","category":"Promotionele Artikelen","availability":"https:\/\/schema.org\/InStock","priceSpecification":{"@type":"PriceSpecification","price":5.95,"priceCurrency":"EUR","valueAddedTaxIncluded":"true"}}}]},{"@type":"WebPage","@id":"https:\/\/hidalgo.nl\/de\/product\/wooosh-luminosa-led-candle\/#webpage","url":"https:\/\/hidalgo.nl\/de\/product\/wooosh-luminosa-led-candle\/","name":"Wooosh Luminosa LED Candle","description":"Setze auf stimmiges Licht ohne offenes Feuer: Die Wooosh LED-Kerze im rauchfarbenen Glas mit echter Wachsschicht ist eine batteriebetriebene Kerze f\u00fcr Events, B\u00fcro & Zuhause. Wir drucken dein Logo direkt auf das Glas - perfekt als stilvolles Werbegeschenk f\u00fcr 20-40-J\u00e4hrige.","inLanguage":"de-DE","isPartOf":{"@id":"https:\/\/hidalgo.nl\/de\/#website"},"breadcrumb":{"@id":"https:\/\/hidalgo.nl\/de\/product\/wooosh-luminosa-led-candle\/#breadcrumblist"},"image":{"@type":"ImageObject","url":"https:\/\/shop.hidalgo.nl\/wp-content\/uploads\/2025\/07\/21c2452520d5431fac3f2fab7e9e5905f085282a72aa6e492b11a4141c5010ae.jpg","@id":"https:\/\/hidalgo.nl\/de\/product\/wooosh-luminosa-led-candle\/#mainImage","width":1000,"height":1000},"primaryImageOfPage":{"@id":"https:\/\/hidalgo.nl\/de\/product\/wooosh-luminosa-led-candle\/#mainImage"},"datePublished":"2025-07-11T10:47:01+00:00","dateModified":"2026-03-19T09:57:40+00:00"},{"@type":"WebSite","@id":"https:\/\/hidalgo.nl\/de\/#website","url":"https:\/\/hidalgo.nl\/de\/","name":"Hidalgo","inLanguage":"de-DE","publisher":{"@id":"https:\/\/hidalgo.nl\/de\/#organization"}}]},"og:locale":"de_DE","og:site_name":"Hidalgo -","og:type":"article","og:title":"Wooosh Luminosa LED Candle","og:description":"Setze auf stimmiges Licht ohne offenes Feuer: Die Wooosh LED-Kerze im rauchfarbenen Glas mit echter Wachsschicht ist eine batteriebetriebene Kerze f\u00fcr Events, B\u00fcro &amp; Zuhause. Wir drucken dein Logo direkt auf das Glas - perfekt als stilvolles Werbegeschenk f\u00fcr 20-40-J\u00e4hrige.","og:url":"https:\/\/hidalgo.nl\/de\/wp-json\/wp\/v2\/product\/164673","og:image":"https:\/\/shop.hidalgo.nl\/wp-content\/uploads\/2025\/11\/cropped-Hidalgo-est1993.png","og:image:secure_url":"https:\/\/shop.hidalgo.nl\/wp-content\/uploads\/2025\/11\/cropped-Hidalgo-est1993.png","article:published_time":"2025-07-11T10:47:01+00:00","article:modified_time":"2026-03-19T09:57:40+00:00","twitter:card":"summary_large_image","twitter:title":"Wooosh Luminosa LED Candle","twitter:description":"Setze auf stimmiges Licht ohne offenes Feuer: Die Wooosh LED-Kerze im rauchfarbenen Glas mit echter Wachsschicht ist eine batteriebetriebene Kerze f\u00fcr Events, B\u00fcro &amp; Zuhause. Wir drucken dein Logo direkt auf das Glas - perfekt als stilvolles Werbegeschenk f\u00fcr 20-40-J\u00e4hrige.","twitter:image":"https:\/\/shop.hidalgo.nl\/wp-content\/uploads\/2025\/11\/cropped-Hidalgo-est1993.png"},"aioseo_meta_data":{"post_id":"164673","title":null,"description":null,"keywords":null,"keyphrases":null,"primary_term":null,"canonical_url":null,"og_title":null,"og_description":null,"og_object_type":"default","og_image_type":"default","og_image_url":null,"og_image_width":null,"og_image_height":null,"og_image_custom_url":null,"og_image_custom_fields":null,"og_video":null,"og_custom_url":null,"og_article_section":null,"og_article_tags":null,"twitter_use_og":false,"twitter_card":"default","twitter_image_type":"default","twitter_image_url":null,"twitter_image_custom_url":null,"twitter_image_custom_fields":null,"twitter_title":null,"twitter_description":null,"schema":{"blockGraphs":[],"customGraphs":[],"default":{"data":{"Article":[],"Course":[],"Dataset":[],"FAQPage":[],"Movie":[],"Person":[],"Product":[],"ProductReview":[],"Car":[],"Recipe":[],"Service":[],"SoftwareApplication":[],"WebPage":[]},"graphName":"","isEnabled":true},"graphs":[]},"schema_type":"default","schema_type_options":null,"pillar_content":false,"robots_default":true,"robots_noindex":false,"robots_noarchive":false,"robots_nosnippet":false,"robots_nofollow":false,"robots_noimageindex":false,"robots_noodp":false,"robots_notranslate":false,"robots_max_snippet":null,"robots_max_videopreview":null,"robots_max_imagepreview":"large","priority":null,"frequency":null,"local_seo":null,"seo_analyzer_scan_date":"2026-01-22 18:23:44","breadcrumb_settings":null,"limit_modified_date":false,"reviewed_by":null,"open_ai":null,"ai":null,"created":"2026-01-14 07:02:59","updated":"2026-04-23 00:54:48"},"aioseo_breadcrumb":"<div class=\"aioseo-breadcrumbs\"><span class=\"aioseo-breadcrumb\">\n\t<a href=\"https:\/\/hidalgo.nl\/de\/\" title=\"Home\">Home<\/a>\n<\/span><span class=\"aioseo-breadcrumb-separator\">\u00bb<\/span><span class=\"aioseo-breadcrumb\">\n\t<a href=\"https:\/\/hidalgo.nl\/example\/\" title=\"example\">example<\/a>\n<\/span><span class=\"aioseo-breadcrumb-separator\">\u00bb<\/span><span class=\"aioseo-breadcrumb\">\n\t<a href=\"https:\/\/hidalgo.nl\/en\/product-supplier\/a24\/\" title=\"A24\">A24<\/a>\n<\/span><span class=\"aioseo-breadcrumb-separator\">\u00bb<\/span><span class=\"aioseo-breadcrumb\">\n\tWooosh Luminosa LED Candle\n<\/span><\/div>","aioseo_breadcrumb_json":[{"label":"Home","link":"https:\/\/hidalgo.nl\/de\/"},{"label":"example","link":"https:\/\/hidalgo.nl\/example\/"},{"label":"A24","link":"https:\/\/hidalgo.nl\/en\/product-supplier\/a24\/"},{"label":"Wooosh Luminosa LED Candle","link":"https:\/\/hidalgo.nl\/de\/product\/wooosh-luminosa-led-candle\/"}],"_links":{"self":[{"href":"https:\/\/hidalgo.nl\/de\/wp-json\/wp\/v2\/product\/164673","targetHints":{"allow":["GET"]}}],"collection":[{"href":"https:\/\/hidalgo.nl\/de\/wp-json\/wp\/v2\/product"}],"about":[{"href":"https:\/\/hidalgo.nl\/de\/wp-json\/wp\/v2\/types\/product"}],"wp:featuredmedia":[{"embeddable":true,"href":"https:\/\/hidalgo.nl\/de\/wp-json\/wp\/v2\/media\/164674"}],"wp:attachment":[{"href":"https:\/\/hidalgo.nl\/de\/wp-json\/wp\/v2\/media?parent=164673"}],"wp:term":[{"taxonomy":"product_brand","embeddable":true,"href":"https:\/\/hidalgo.nl\/de\/wp-json\/wp\/v2\/product_brand?post=164673"},{"taxonomy":"product_cat","embeddable":true,"href":"https:\/\/hidalgo.nl\/de\/wp-json\/wp\/v2\/product_cat?post=164673"},{"taxonomy":"product_tag","embeddable":true,"href":"https:\/\/hidalgo.nl\/de\/wp-json\/wp\/v2\/product_tag?post=164673"}],"curies":[{"name":"wp","href":"https:\/\/api.w.org\/{rel}","templated":true}]}}