{"id":164218,"date":"2025-07-11T10:23:25","date_gmt":"2025-07-11T10:23:25","guid":{"rendered":"http:\/\/bidonsenshakers.pim.hidalgo.nl\/product\/wooosh-scented-candle-hidden-fig-geurkaars\/"},"modified":"2026-03-21T12:58:44","modified_gmt":"2026-03-21T12:58:44","slug":"wooosh-scented-candle-hidden-fig-geurkaars","status":"publish","type":"product","link":"https:\/\/hidalgo.nl\/de\/product\/wooosh-scented-candle-hidden-fig-geurkaars\/","title":{"rendered":"Wooosh Scented Candle Hidden Fig geurkaars"},"content":{"rendered":"<p>Decoratieve Wooosh geurkaars gegoten in een mooi gepolijst glas met een kurken deksel. Deze kaars zorgt direct voor een aangename geur en cre\u00ebert een rustige sfeer. De geurkaars is gemaakt van was, waarvan 5% eco-vriendelijke sojawas, met een toevoeging van 5% geurolie. Zodra je de kaars aansteekt ervaar je een zomerse ambiance: de warmte van de zon en de frisheid van de schaduw. De fruitige geur van vijgen is zoet en een tikje houtachtig. Deze luxe geurkaars past in elke omgeving en heeft maar liefst 32 branduren. Als je de kaars voor de eerste keer aansteekt, laat de bovenste waslaag dan helemaal smelten. Dit zorgt voor een gelijkmatige verbranding en een ultieme geurbeleving. Het perfecte cadeau voor elke gelegenheid. Per stuk in een luxe Wooosh geschenkverpakking.<\/p>\n","protected":false},"excerpt":{"rendered":"<p>Decoratieve Wooosh geurkaars gegoten in een mooi gepolijst glas met een kurken deksel. Deze kaars zorgt direct voor een aangename geur en cre\u00ebert een rustige sfeer. De geurkaars is gemaakt van was, waarvan 5% eco-vriendelijke sojawas, met een toevoeging van 5% geurolie. Zodra je de kaars aansteekt ervaar je een zomerse ambiance: de warmte van&hellip; <a class=\"more-link\" href=\"https:\/\/hidalgo.nl\/de\/product\/wooosh-scented-candle-hidden-fig-geurkaars\/\"><span class=\"screen-reader-text\">Wooosh Scented Candle Hidden Fig geurkaars<\/span> weiterlesen<\/a><\/p>\n","protected":false},"featured_media":164219,"template":"","meta":{"_acf_changed":false,"om_disable_all_campaigns":false,"_monsterinsights_skip_tracking":false,"_monsterinsights_sitenote_active":false,"_monsterinsights_sitenote_note":"","_monsterinsights_sitenote_category":0},"product_brand":[1969],"product_cat":[5026,4719,5005,4728],"product_tag":[],"class_list":{"0":"post-164218","1":"product","2":"type-product","3":"status-publish","4":"has-post-thumbnail","6":"product_supplier-a24","7":"product_material-glas","8":"product_brand-wooosh","9":"product_cat-thuis-keuken-and-tuin-thuis-kaarsen-en-diffusers","10":"product_cat-promotionele-artikelen","11":"product_cat-thuis-keuken-and-tuin-thuis","12":"product_cat-promotionele-artikelen-thuis-keuken-en-tuin","13":"entry","15":"first","16":"instock","17":"taxable","18":"shipping-taxable","19":"purchasable","20":"product-type-variable"},"acf":{"imprint_cost":[{"imprint_cost_key":"a559d925c0ad4991054445f2adf8866aa950f477","product_quantity_price_range":[{"imprint_cost_recommended_selling_price":"2.835","imprint_cost_recommended_selling_quantity":"1"},{"imprint_cost_recommended_selling_price":"2.085","imprint_cost_recommended_selling_quantity":"25"},{"imprint_cost_recommended_selling_price":"1.275","imprint_cost_recommended_selling_quantity":"50"},{"imprint_cost_recommended_selling_price":"1.05","imprint_cost_recommended_selling_quantity":"100"},{"imprint_cost_recommended_selling_price":"0.9","imprint_cost_recommended_selling_quantity":"250"},{"imprint_cost_recommended_selling_price":"0.81","imprint_cost_recommended_selling_quantity":"500"},{"imprint_cost_recommended_selling_price":"0.765","imprint_cost_recommended_selling_quantity":"1000"},{"imprint_cost_recommended_selling_price":"0.705","imprint_cost_recommended_selling_quantity":"2500"},{"imprint_cost_recommended_selling_price":"0.675","imprint_cost_recommended_selling_quantity":"5000"}],"product_quantity_price_range_buying":[{"imprint_cost_general_buying_price":"1.89","imprint_cost_general_buying_quantity":"1"},{"imprint_cost_general_buying_price":"1.39","imprint_cost_general_buying_quantity":"25"},{"imprint_cost_general_buying_price":"0.85","imprint_cost_general_buying_quantity":"50"},{"imprint_cost_general_buying_price":"0.7","imprint_cost_general_buying_quantity":"100"},{"imprint_cost_general_buying_price":"0.6","imprint_cost_general_buying_quantity":"250"},{"imprint_cost_general_buying_price":"0.54","imprint_cost_general_buying_quantity":"500"},{"imprint_cost_general_buying_price":"0.51","imprint_cost_general_buying_quantity":"1000"},{"imprint_cost_general_buying_price":"0.47","imprint_cost_general_buying_quantity":"2500"},{"imprint_cost_general_buying_price":"0.45","imprint_cost_general_buying_quantity":"5000"}],"imprint_cost_setup_costs":"26.25","imprint_cost_handling_costs":"0.6"},{"imprint_cost_key":"def43d2a49cd430aea7605eb412fa42c9b09e764","product_quantity_price_range":[{"imprint_cost_recommended_selling_price":"4.5","imprint_cost_recommended_selling_quantity":"1"},{"imprint_cost_recommended_selling_price":"3","imprint_cost_recommended_selling_quantity":"25"},{"imprint_cost_recommended_selling_price":"2.25","imprint_cost_recommended_selling_quantity":"50"},{"imprint_cost_recommended_selling_price":"1.95","imprint_cost_recommended_selling_quantity":"100"},{"imprint_cost_recommended_selling_price":"1.725","imprint_cost_recommended_selling_quantity":"250"},{"imprint_cost_recommended_selling_price":"1.5","imprint_cost_recommended_selling_quantity":"500"},{"imprint_cost_recommended_selling_price":"1.275","imprint_cost_recommended_selling_quantity":"1000"},{"imprint_cost_recommended_selling_price":"1.125","imprint_cost_recommended_selling_quantity":"2500"},{"imprint_cost_recommended_selling_price":"0.975","imprint_cost_recommended_selling_quantity":"5000"}],"product_quantity_price_range_buying":[{"imprint_cost_general_buying_price":"3","imprint_cost_general_buying_quantity":"1"},{"imprint_cost_general_buying_price":"2","imprint_cost_general_buying_quantity":"25"},{"imprint_cost_general_buying_price":"1.5","imprint_cost_general_buying_quantity":"50"},{"imprint_cost_general_buying_price":"1.3","imprint_cost_general_buying_quantity":"100"},{"imprint_cost_general_buying_price":"1.15","imprint_cost_general_buying_quantity":"250"},{"imprint_cost_general_buying_price":"1","imprint_cost_general_buying_quantity":"500"},{"imprint_cost_general_buying_price":"0.85","imprint_cost_general_buying_quantity":"1000"},{"imprint_cost_general_buying_price":"0.75","imprint_cost_general_buying_quantity":"2500"},{"imprint_cost_general_buying_price":"0.65","imprint_cost_general_buying_quantity":"5000"}],"imprint_cost_setup_costs":"60","imprint_cost_handling_costs":"0.12"},{"imprint_cost_key":"025496a381906a452889239dc2e3dbeaf42c6671","product_quantity_price_range":[{"imprint_cost_recommended_selling_price":"4.8","imprint_cost_recommended_selling_quantity":"1"},{"imprint_cost_recommended_selling_price":"3.3","imprint_cost_recommended_selling_quantity":"25"},{"imprint_cost_recommended_selling_price":"2.55","imprint_cost_recommended_selling_quantity":"50"},{"imprint_cost_recommended_selling_price":"2.25","imprint_cost_recommended_selling_quantity":"100"},{"imprint_cost_recommended_selling_price":"2.025","imprint_cost_recommended_selling_quantity":"250"},{"imprint_cost_recommended_selling_price":"1.8","imprint_cost_recommended_selling_quantity":"500"},{"imprint_cost_recommended_selling_price":"1.575","imprint_cost_recommended_selling_quantity":"1000"},{"imprint_cost_recommended_selling_price":"1.425","imprint_cost_recommended_selling_quantity":"2500"},{"imprint_cost_recommended_selling_price":"1.275","imprint_cost_recommended_selling_quantity":"5000"}],"product_quantity_price_range_buying":[{"imprint_cost_general_buying_price":"3.2","imprint_cost_general_buying_quantity":"1"},{"imprint_cost_general_buying_price":"2.2","imprint_cost_general_buying_quantity":"25"},{"imprint_cost_general_buying_price":"1.7","imprint_cost_general_buying_quantity":"50"},{"imprint_cost_general_buying_price":"1.5","imprint_cost_general_buying_quantity":"100"},{"imprint_cost_general_buying_price":"1.35","imprint_cost_general_buying_quantity":"250"},{"imprint_cost_general_buying_price":"1.2","imprint_cost_general_buying_quantity":"500"},{"imprint_cost_general_buying_price":"1.05","imprint_cost_general_buying_quantity":"1000"},{"imprint_cost_general_buying_price":"0.95","imprint_cost_general_buying_quantity":"2500"},{"imprint_cost_general_buying_price":"0.85","imprint_cost_general_buying_quantity":"5000"}],"imprint_cost_setup_costs":"60","imprint_cost_handling_costs":"0.12"}]},"aioseo_notices":[],"aioseo_head":"\n\t\t<!-- All in One SEO Pro 4.9.6.2 - aioseo.com -->\n\t<meta name=\"description\" content=\"Genie\u00dfe die fruchtig-holzige Note der Hidden Fig als Duftkerze im Glas: ca. 32 Stunden Brenndauer im braunen, polierten Glas mit Korkdeckel. Du l\u00e4sst bei Hidalgo dein Logo klar sichtbar bedrucken - ideal als stilvolles Giveaway f\u00fcr 20-40-J\u00e4hrige.\" \/>\n\t<meta name=\"robots\" content=\"max-image-preview:large\" \/>\n\t<link rel=\"canonical\" href=\"https:\/\/hidalgo.nl\/de\/wp-json\/wp\/v2\/product\/164218\" \/>\n\t<meta name=\"generator\" content=\"All in One SEO Pro (AIOSEO) 4.9.6.2\" \/>\n\t\t<meta property=\"og:locale\" content=\"de_DE\" \/>\n\t\t<meta property=\"og:site_name\" content=\"Hidalgo -\" \/>\n\t\t<meta property=\"og:type\" content=\"article\" \/>\n\t\t<meta property=\"og:title\" content=\"Wooosh Scented Candle Hidden Fig geurkaars\" \/>\n\t\t<meta property=\"og:description\" content=\"Genie\u00dfe die fruchtig-holzige Note der Hidden Fig als Duftkerze im Glas: ca. 32 Stunden Brenndauer im braunen, polierten Glas mit Korkdeckel. Du l\u00e4sst bei Hidalgo dein Logo klar sichtbar bedrucken - ideal als stilvolles Giveaway f\u00fcr 20-40-J\u00e4hrige.\" \/>\n\t\t<meta property=\"og:url\" content=\"https:\/\/hidalgo.nl\/de\/wp-json\/wp\/v2\/product\/164218\" \/>\n\t\t<meta property=\"og:image\" content=\"https:\/\/shop.hidalgo.nl\/wp-content\/uploads\/2025\/11\/cropped-Hidalgo-est1993.png\" \/>\n\t\t<meta property=\"og:image:secure_url\" content=\"https:\/\/shop.hidalgo.nl\/wp-content\/uploads\/2025\/11\/cropped-Hidalgo-est1993.png\" \/>\n\t\t<meta property=\"article:published_time\" content=\"2025-07-11T10:23:25+00:00\" \/>\n\t\t<meta property=\"article:modified_time\" content=\"2026-03-21T12:58:44+00:00\" \/>\n\t\t<meta name=\"twitter:card\" content=\"summary_large_image\" \/>\n\t\t<meta name=\"twitter:title\" content=\"Wooosh Scented Candle Hidden Fig geurkaars\" \/>\n\t\t<meta name=\"twitter:description\" content=\"Genie\u00dfe die fruchtig-holzige Note der Hidden Fig als Duftkerze im Glas: ca. 32 Stunden Brenndauer im braunen, polierten Glas mit Korkdeckel. Du l\u00e4sst bei Hidalgo dein Logo klar sichtbar bedrucken - ideal als stilvolles Giveaway f\u00fcr 20-40-J\u00e4hrige.\" \/>\n\t\t<meta name=\"twitter:image\" content=\"https:\/\/shop.hidalgo.nl\/wp-content\/uploads\/2025\/11\/cropped-Hidalgo-est1993.png\" \/>\n\t\t<script type=\"application\/ld+json\" class=\"aioseo-schema\">\n\t\t\t{\"@context\":\"https:\\\/\\\/schema.org\",\"@graph\":[{\"@type\":\"BreadcrumbList\",\"@id\":\"https:\\\/\\\/hidalgo.nl\\\/de\\\/product\\\/wooosh-scented-candle-hidden-fig-geurkaars\\\/#breadcrumblist\",\"itemListElement\":[{\"@type\":\"ListItem\",\"@id\":\"https:\\\/\\\/hidalgo.nl\\\/de\\\/#listItem\",\"position\":1,\"name\":\"Home\",\"item\":\"https:\\\/\\\/hidalgo.nl\\\/de\\\/\",\"nextItem\":{\"@type\":\"ListItem\",\"@id\":\"https:\\\/\\\/hidalgo.nl\\\/example\\\/#listItem\",\"name\":\"example\"}},{\"@type\":\"ListItem\",\"@id\":\"https:\\\/\\\/hidalgo.nl\\\/example\\\/#listItem\",\"position\":2,\"name\":\"example\",\"item\":\"https:\\\/\\\/hidalgo.nl\\\/example\\\/\",\"nextItem\":{\"@type\":\"ListItem\",\"@id\":\"https:\\\/\\\/hidalgo.nl\\\/en\\\/product-supplier\\\/a24\\\/#listItem\",\"name\":\"A24\"},\"previousItem\":{\"@type\":\"ListItem\",\"@id\":\"https:\\\/\\\/hidalgo.nl\\\/de\\\/#listItem\",\"name\":\"Home\"}},{\"@type\":\"ListItem\",\"@id\":\"https:\\\/\\\/hidalgo.nl\\\/en\\\/product-supplier\\\/a24\\\/#listItem\",\"position\":3,\"name\":\"A24\",\"item\":\"https:\\\/\\\/hidalgo.nl\\\/en\\\/product-supplier\\\/a24\\\/\",\"nextItem\":{\"@type\":\"ListItem\",\"@id\":\"https:\\\/\\\/hidalgo.nl\\\/de\\\/product\\\/wooosh-scented-candle-hidden-fig-geurkaars\\\/#listItem\",\"name\":\"Wooosh Scented Candle Hidden Fig geurkaars\"},\"previousItem\":{\"@type\":\"ListItem\",\"@id\":\"https:\\\/\\\/hidalgo.nl\\\/example\\\/#listItem\",\"name\":\"example\"}},{\"@type\":\"ListItem\",\"@id\":\"https:\\\/\\\/hidalgo.nl\\\/de\\\/product\\\/wooosh-scented-candle-hidden-fig-geurkaars\\\/#listItem\",\"position\":4,\"name\":\"Wooosh Scented Candle Hidden Fig geurkaars\",\"previousItem\":{\"@type\":\"ListItem\",\"@id\":\"https:\\\/\\\/hidalgo.nl\\\/en\\\/product-supplier\\\/a24\\\/#listItem\",\"name\":\"A24\"}}]},{\"@type\":\"Organization\",\"@id\":\"https:\\\/\\\/hidalgo.nl\\\/de\\\/#organization\",\"name\":\"Hidalgo\",\"url\":\"https:\\\/\\\/hidalgo.nl\\\/de\\\/\",\"logo\":{\"@type\":\"ImageObject\",\"url\":\"https:\\\/\\\/shop.hidalgo.nl\\\/wp-content\\\/uploads\\\/2025\\\/11\\\/cropped-Hidalgo-est1993.png\",\"@id\":\"https:\\\/\\\/hidalgo.nl\\\/de\\\/product\\\/wooosh-scented-candle-hidden-fig-geurkaars\\\/#organizationLogo\",\"width\":585,\"height\":195},\"image\":{\"@id\":\"https:\\\/\\\/hidalgo.nl\\\/de\\\/product\\\/wooosh-scented-candle-hidden-fig-geurkaars\\\/#organizationLogo\"}},{\"@type\":\"ProductGroup\",\"@id\":\"https:\\\/\\\/hidalgo.nl\\\/de\\\/product\\\/wooosh-scented-candle-hidden-fig-geurkaars\\\/#wooCommerceProduct\",\"name\":\"Wooosh Scented Candle Hidden Fig geurkaars\",\"url\":\"https:\\\/\\\/hidalgo.nl\\\/de\\\/product\\\/wooosh-scented-candle-hidden-fig-geurkaars\\\/\",\"brand\":{\"@type\":\"Brand\",\"name\":\"Wooosh\"},\"sku\":\"A24-1957\",\"image\":{\"@type\":\"ImageObject\",\"url\":\"https:\\\/\\\/shop.hidalgo.nl\\\/wp-content\\\/uploads\\\/2025\\\/07\\\/f6bdab49f6dc40117060f921aad70a06f83a7acf413c8c67762f505c32900144.jpg\",\"@id\":\"https:\\\/\\\/hidalgo.nl\\\/de\\\/product\\\/wooosh-scented-candle-hidden-fig-geurkaars\\\/#productImage\",\"width\":1000,\"height\":1000},\"productGroupID\":164218,\"hasVariant\":[{\"@type\":\"Product\",\"@id\":\"https:\\\/\\\/hidalgo.nl\\\/de\\\/product\\\/wooosh-scented-candle-hidden-fig-geurkaars\\\/#wooCommerceProduct\",\"name\":\"Wooosh Scented Candle Hidden Fig geurkaars - bruin\",\"url\":\"https:\\\/\\\/hidalgo.nl\\\/de\\\/product\\\/wooosh-scented-candle-hidden-fig-geurkaars\\\/\",\"sku\":\"A24-195744\",\"image\":{\"@type\":\"ImageObject\",\"url\":\"https:\\\/\\\/shop.hidalgo.nl\\\/wp-content\\\/uploads\\\/2025\\\/07\\\/f6bdab49f6dc40117060f921aad70a06f83a7acf413c8c67762f505c32900144.jpg\",\"@id\":\"https:\\\/\\\/hidalgo.nl\\\/de\\\/product\\\/wooosh-scented-candle-hidden-fig-geurkaars\\\/#productImage\",\"width\":1000,\"height\":1000},\"offers\":{\"@type\":\"Offer\",\"url\":\"https:\\\/\\\/hidalgo.nl\\\/de\\\/product\\\/wooosh-scented-candle-hidden-fig-geurkaars\\\/#wooCommerceOffer\",\"price\":\"9.95\",\"priceCurrency\":\"EUR\",\"category\":\"Promotionele Artikelen\",\"availability\":\"https:\\\/\\\/schema.org\\\/InStock\",\"priceSpecification\":{\"@type\":\"PriceSpecification\",\"price\":9.95,\"priceCurrency\":\"EUR\",\"valueAddedTaxIncluded\":\"true\"}}}]},{\"@type\":\"WebPage\",\"@id\":\"https:\\\/\\\/hidalgo.nl\\\/de\\\/product\\\/wooosh-scented-candle-hidden-fig-geurkaars\\\/#webpage\",\"url\":\"https:\\\/\\\/hidalgo.nl\\\/de\\\/product\\\/wooosh-scented-candle-hidden-fig-geurkaars\\\/\",\"name\":\"Wooosh Scented Candle Hidden Fig geurkaars\",\"description\":\"Genie\\u00dfe die fruchtig-holzige Note der Hidden Fig als Duftkerze im Glas: ca. 32 Stunden Brenndauer im braunen, polierten Glas mit Korkdeckel. Du l\\u00e4sst bei Hidalgo dein Logo klar sichtbar bedrucken - ideal als stilvolles Giveaway f\\u00fcr 20-40-J\\u00e4hrige.\",\"inLanguage\":\"de-DE\",\"isPartOf\":{\"@id\":\"https:\\\/\\\/hidalgo.nl\\\/de\\\/#website\"},\"breadcrumb\":{\"@id\":\"https:\\\/\\\/hidalgo.nl\\\/de\\\/product\\\/wooosh-scented-candle-hidden-fig-geurkaars\\\/#breadcrumblist\"},\"image\":{\"@type\":\"ImageObject\",\"url\":\"https:\\\/\\\/shop.hidalgo.nl\\\/wp-content\\\/uploads\\\/2025\\\/07\\\/f6bdab49f6dc40117060f921aad70a06f83a7acf413c8c67762f505c32900144.jpg\",\"@id\":\"https:\\\/\\\/hidalgo.nl\\\/de\\\/product\\\/wooosh-scented-candle-hidden-fig-geurkaars\\\/#mainImage\",\"width\":1000,\"height\":1000},\"primaryImageOfPage\":{\"@id\":\"https:\\\/\\\/hidalgo.nl\\\/de\\\/product\\\/wooosh-scented-candle-hidden-fig-geurkaars\\\/#mainImage\"},\"datePublished\":\"2025-07-11T10:23:25+00:00\",\"dateModified\":\"2026-03-21T12:58:44+00:00\"},{\"@type\":\"WebSite\",\"@id\":\"https:\\\/\\\/hidalgo.nl\\\/de\\\/#website\",\"url\":\"https:\\\/\\\/hidalgo.nl\\\/de\\\/\",\"name\":\"Hidalgo\",\"inLanguage\":\"de-DE\",\"publisher\":{\"@id\":\"https:\\\/\\\/hidalgo.nl\\\/de\\\/#organization\"}}]}\n\t\t<\/script>\n\t\t<!-- All in One SEO Pro -->\r\n\t\t<title>Wooosh Scented Candle Hidden Fig geurkaars<\/title>\n\n","aioseo_head_json":{"title":"Wooosh Scented Candle Hidden Fig geurkaars","description":"Genie\u00dfe die fruchtig-holzige Note der Hidden Fig als Duftkerze im Glas: ca. 32 Stunden Brenndauer im braunen, polierten Glas mit Korkdeckel. Du l\u00e4sst bei Hidalgo dein Logo klar sichtbar bedrucken - ideal als stilvolles Giveaway f\u00fcr 20-40-J\u00e4hrige.","canonical_url":"https:\/\/hidalgo.nl\/de\/wp-json\/wp\/v2\/product\/164218","robots":"max-image-preview:large","keywords":"","webmasterTools":{"miscellaneous":""},"schema":{"@context":"https:\/\/schema.org","@graph":[{"@type":"BreadcrumbList","@id":"https:\/\/hidalgo.nl\/de\/product\/wooosh-scented-candle-hidden-fig-geurkaars\/#breadcrumblist","itemListElement":[{"@type":"ListItem","@id":"https:\/\/hidalgo.nl\/de\/#listItem","position":1,"name":"Home","item":"https:\/\/hidalgo.nl\/de\/","nextItem":{"@type":"ListItem","@id":"https:\/\/hidalgo.nl\/example\/#listItem","name":"example"}},{"@type":"ListItem","@id":"https:\/\/hidalgo.nl\/example\/#listItem","position":2,"name":"example","item":"https:\/\/hidalgo.nl\/example\/","nextItem":{"@type":"ListItem","@id":"https:\/\/hidalgo.nl\/en\/product-supplier\/a24\/#listItem","name":"A24"},"previousItem":{"@type":"ListItem","@id":"https:\/\/hidalgo.nl\/de\/#listItem","name":"Home"}},{"@type":"ListItem","@id":"https:\/\/hidalgo.nl\/en\/product-supplier\/a24\/#listItem","position":3,"name":"A24","item":"https:\/\/hidalgo.nl\/en\/product-supplier\/a24\/","nextItem":{"@type":"ListItem","@id":"https:\/\/hidalgo.nl\/de\/product\/wooosh-scented-candle-hidden-fig-geurkaars\/#listItem","name":"Wooosh Scented Candle Hidden Fig geurkaars"},"previousItem":{"@type":"ListItem","@id":"https:\/\/hidalgo.nl\/example\/#listItem","name":"example"}},{"@type":"ListItem","@id":"https:\/\/hidalgo.nl\/de\/product\/wooosh-scented-candle-hidden-fig-geurkaars\/#listItem","position":4,"name":"Wooosh Scented Candle Hidden Fig geurkaars","previousItem":{"@type":"ListItem","@id":"https:\/\/hidalgo.nl\/en\/product-supplier\/a24\/#listItem","name":"A24"}}]},{"@type":"Organization","@id":"https:\/\/hidalgo.nl\/de\/#organization","name":"Hidalgo","url":"https:\/\/hidalgo.nl\/de\/","logo":{"@type":"ImageObject","url":"https:\/\/shop.hidalgo.nl\/wp-content\/uploads\/2025\/11\/cropped-Hidalgo-est1993.png","@id":"https:\/\/hidalgo.nl\/de\/product\/wooosh-scented-candle-hidden-fig-geurkaars\/#organizationLogo","width":585,"height":195},"image":{"@id":"https:\/\/hidalgo.nl\/de\/product\/wooosh-scented-candle-hidden-fig-geurkaars\/#organizationLogo"}},{"@type":"ProductGroup","@id":"https:\/\/hidalgo.nl\/de\/product\/wooosh-scented-candle-hidden-fig-geurkaars\/#wooCommerceProduct","name":"Wooosh Scented Candle Hidden Fig geurkaars","url":"https:\/\/hidalgo.nl\/de\/product\/wooosh-scented-candle-hidden-fig-geurkaars\/","brand":{"@type":"Brand","name":"Wooosh"},"sku":"A24-1957","image":{"@type":"ImageObject","url":"https:\/\/shop.hidalgo.nl\/wp-content\/uploads\/2025\/07\/f6bdab49f6dc40117060f921aad70a06f83a7acf413c8c67762f505c32900144.jpg","@id":"https:\/\/hidalgo.nl\/de\/product\/wooosh-scented-candle-hidden-fig-geurkaars\/#productImage","width":1000,"height":1000},"productGroupID":164218,"hasVariant":[{"@type":"Product","@id":"https:\/\/hidalgo.nl\/de\/product\/wooosh-scented-candle-hidden-fig-geurkaars\/#wooCommerceProduct","name":"Wooosh Scented Candle Hidden Fig geurkaars - bruin","url":"https:\/\/hidalgo.nl\/de\/product\/wooosh-scented-candle-hidden-fig-geurkaars\/","sku":"A24-195744","image":{"@type":"ImageObject","url":"https:\/\/shop.hidalgo.nl\/wp-content\/uploads\/2025\/07\/f6bdab49f6dc40117060f921aad70a06f83a7acf413c8c67762f505c32900144.jpg","@id":"https:\/\/hidalgo.nl\/de\/product\/wooosh-scented-candle-hidden-fig-geurkaars\/#productImage","width":1000,"height":1000},"offers":{"@type":"Offer","url":"https:\/\/hidalgo.nl\/de\/product\/wooosh-scented-candle-hidden-fig-geurkaars\/#wooCommerceOffer","price":"9.95","priceCurrency":"EUR","category":"Promotionele Artikelen","availability":"https:\/\/schema.org\/InStock","priceSpecification":{"@type":"PriceSpecification","price":9.95,"priceCurrency":"EUR","valueAddedTaxIncluded":"true"}}}]},{"@type":"WebPage","@id":"https:\/\/hidalgo.nl\/de\/product\/wooosh-scented-candle-hidden-fig-geurkaars\/#webpage","url":"https:\/\/hidalgo.nl\/de\/product\/wooosh-scented-candle-hidden-fig-geurkaars\/","name":"Wooosh Scented Candle Hidden Fig geurkaars","description":"Genie\u00dfe die fruchtig-holzige Note der Hidden Fig als Duftkerze im Glas: ca. 32 Stunden Brenndauer im braunen, polierten Glas mit Korkdeckel. Du l\u00e4sst bei Hidalgo dein Logo klar sichtbar bedrucken - ideal als stilvolles Giveaway f\u00fcr 20-40-J\u00e4hrige.","inLanguage":"de-DE","isPartOf":{"@id":"https:\/\/hidalgo.nl\/de\/#website"},"breadcrumb":{"@id":"https:\/\/hidalgo.nl\/de\/product\/wooosh-scented-candle-hidden-fig-geurkaars\/#breadcrumblist"},"image":{"@type":"ImageObject","url":"https:\/\/shop.hidalgo.nl\/wp-content\/uploads\/2025\/07\/f6bdab49f6dc40117060f921aad70a06f83a7acf413c8c67762f505c32900144.jpg","@id":"https:\/\/hidalgo.nl\/de\/product\/wooosh-scented-candle-hidden-fig-geurkaars\/#mainImage","width":1000,"height":1000},"primaryImageOfPage":{"@id":"https:\/\/hidalgo.nl\/de\/product\/wooosh-scented-candle-hidden-fig-geurkaars\/#mainImage"},"datePublished":"2025-07-11T10:23:25+00:00","dateModified":"2026-03-21T12:58:44+00:00"},{"@type":"WebSite","@id":"https:\/\/hidalgo.nl\/de\/#website","url":"https:\/\/hidalgo.nl\/de\/","name":"Hidalgo","inLanguage":"de-DE","publisher":{"@id":"https:\/\/hidalgo.nl\/de\/#organization"}}]},"og:locale":"de_DE","og:site_name":"Hidalgo -","og:type":"article","og:title":"Wooosh Scented Candle Hidden Fig geurkaars","og:description":"Genie\u00dfe die fruchtig-holzige Note der Hidden Fig als Duftkerze im Glas: ca. 32 Stunden Brenndauer im braunen, polierten Glas mit Korkdeckel. Du l\u00e4sst bei Hidalgo dein Logo klar sichtbar bedrucken - ideal als stilvolles Giveaway f\u00fcr 20-40-J\u00e4hrige.","og:url":"https:\/\/hidalgo.nl\/de\/wp-json\/wp\/v2\/product\/164218","og:image":"https:\/\/shop.hidalgo.nl\/wp-content\/uploads\/2025\/11\/cropped-Hidalgo-est1993.png","og:image:secure_url":"https:\/\/shop.hidalgo.nl\/wp-content\/uploads\/2025\/11\/cropped-Hidalgo-est1993.png","article:published_time":"2025-07-11T10:23:25+00:00","article:modified_time":"2026-03-21T12:58:44+00:00","twitter:card":"summary_large_image","twitter:title":"Wooosh Scented Candle Hidden Fig geurkaars","twitter:description":"Genie\u00dfe die fruchtig-holzige Note der Hidden Fig als Duftkerze im Glas: ca. 32 Stunden Brenndauer im braunen, polierten Glas mit Korkdeckel. Du l\u00e4sst bei Hidalgo dein Logo klar sichtbar bedrucken - ideal als stilvolles Giveaway f\u00fcr 20-40-J\u00e4hrige.","twitter:image":"https:\/\/shop.hidalgo.nl\/wp-content\/uploads\/2025\/11\/cropped-Hidalgo-est1993.png"},"aioseo_meta_data":{"post_id":"164218","title":null,"description":null,"keywords":null,"keyphrases":null,"primary_term":null,"canonical_url":null,"og_title":null,"og_description":null,"og_object_type":"default","og_image_type":"default","og_image_url":null,"og_image_width":null,"og_image_height":null,"og_image_custom_url":null,"og_image_custom_fields":null,"og_video":null,"og_custom_url":null,"og_article_section":null,"og_article_tags":null,"twitter_use_og":false,"twitter_card":"default","twitter_image_type":"default","twitter_image_url":null,"twitter_image_custom_url":null,"twitter_image_custom_fields":null,"twitter_title":null,"twitter_description":null,"schema":{"blockGraphs":[],"customGraphs":[],"default":{"data":{"Article":[],"Course":[],"Dataset":[],"FAQPage":[],"Movie":[],"Person":[],"Product":[],"ProductReview":[],"Car":[],"Recipe":[],"Service":[],"SoftwareApplication":[],"WebPage":[]},"graphName":"","isEnabled":true},"graphs":[]},"schema_type":"default","schema_type_options":null,"pillar_content":false,"robots_default":true,"robots_noindex":false,"robots_noarchive":false,"robots_nosnippet":false,"robots_nofollow":false,"robots_noimageindex":false,"robots_noodp":false,"robots_notranslate":false,"robots_max_snippet":null,"robots_max_videopreview":null,"robots_max_imagepreview":"large","priority":null,"frequency":null,"local_seo":null,"seo_analyzer_scan_date":"2026-01-22 18:17:40","breadcrumb_settings":null,"limit_modified_date":false,"reviewed_by":null,"open_ai":null,"ai":null,"created":"2026-01-14 07:02:59","updated":"2026-04-23 00:48:57"},"aioseo_breadcrumb":"<div class=\"aioseo-breadcrumbs\"><span class=\"aioseo-breadcrumb\">\n\t<a href=\"https:\/\/hidalgo.nl\/de\/\" title=\"Home\">Home<\/a>\n<\/span><span class=\"aioseo-breadcrumb-separator\">\u00bb<\/span><span class=\"aioseo-breadcrumb\">\n\t<a href=\"https:\/\/hidalgo.nl\/example\/\" title=\"example\">example<\/a>\n<\/span><span class=\"aioseo-breadcrumb-separator\">\u00bb<\/span><span class=\"aioseo-breadcrumb\">\n\t<a href=\"https:\/\/hidalgo.nl\/en\/product-supplier\/a24\/\" title=\"A24\">A24<\/a>\n<\/span><span class=\"aioseo-breadcrumb-separator\">\u00bb<\/span><span class=\"aioseo-breadcrumb\">\n\tWooosh Scented Candle Hidden Fig geurkaars\n<\/span><\/div>","aioseo_breadcrumb_json":[{"label":"Home","link":"https:\/\/hidalgo.nl\/de\/"},{"label":"example","link":"https:\/\/hidalgo.nl\/example\/"},{"label":"A24","link":"https:\/\/hidalgo.nl\/en\/product-supplier\/a24\/"},{"label":"Wooosh Scented Candle Hidden Fig geurkaars","link":"https:\/\/hidalgo.nl\/de\/product\/wooosh-scented-candle-hidden-fig-geurkaars\/"}],"_links":{"self":[{"href":"https:\/\/hidalgo.nl\/de\/wp-json\/wp\/v2\/product\/164218","targetHints":{"allow":["GET"]}}],"collection":[{"href":"https:\/\/hidalgo.nl\/de\/wp-json\/wp\/v2\/product"}],"about":[{"href":"https:\/\/hidalgo.nl\/de\/wp-json\/wp\/v2\/types\/product"}],"wp:featuredmedia":[{"embeddable":true,"href":"https:\/\/hidalgo.nl\/de\/wp-json\/wp\/v2\/media\/164219"}],"wp:attachment":[{"href":"https:\/\/hidalgo.nl\/de\/wp-json\/wp\/v2\/media?parent=164218"}],"wp:term":[{"taxonomy":"product_brand","embeddable":true,"href":"https:\/\/hidalgo.nl\/de\/wp-json\/wp\/v2\/product_brand?post=164218"},{"taxonomy":"product_cat","embeddable":true,"href":"https:\/\/hidalgo.nl\/de\/wp-json\/wp\/v2\/product_cat?post=164218"},{"taxonomy":"product_tag","embeddable":true,"href":"https:\/\/hidalgo.nl\/de\/wp-json\/wp\/v2\/product_tag?post=164218"}],"curies":[{"name":"wp","href":"https:\/\/api.w.org\/{rel}","templated":true}]}}