{"id":164146,"date":"2025-07-11T10:19:01","date_gmt":"2025-07-11T10:19:01","guid":{"rendered":"http:\/\/bidonsenshakers.pim.hidalgo.nl\/product\/circulcup-lid-400-ml\/"},"modified":"2026-03-21T12:56:45","modified_gmt":"2026-03-21T12:56:45","slug":"circulcup-lid-400-ml","status":"publish","type":"product","link":"https:\/\/hidalgo.nl\/de\/product\/circulcup-lid-400-ml\/","title":{"rendered":"CirculCup Lid 400 ml"},"content":{"rendered":"<p>Herbruikbare, stapelbare beker met deksel van het merk Circulware. Deze beker is gemaakt van hoogwaardig kunststof en kan tot wel 500 keer gebruikt worden. Het stapelbare deksel is gemaakt van 100% recyclebaar plastic en sluit perfect af. Daarmee is dit een ideale on-the-go beker. Een prima alternatief voor de wegwerpbeker. De beker is licht in gewicht, gemakkelijk te reinigen en stapelbaar, dus ruimtebesparend. BPA-vrij en Food Approved. Vaatwasserbestendig en magnetronbestendig. 100% recyclebaar. Hiermee draagt deze beker bij aan een circulaire economie. Dutch Design. Made in Holland. Inhoud 400 ml.<\/p>\n","protected":false},"excerpt":{"rendered":"<p>Herbruikbare, stapelbare beker met deksel van het merk Circulware. Deze beker is gemaakt van hoogwaardig kunststof en kan tot wel 500 keer gebruikt worden. Het stapelbare deksel is gemaakt van 100% recyclebaar plastic en sluit perfect af. Daarmee is dit een ideale on-the-go beker. Een prima alternatief voor de wegwerpbeker. De beker is licht in&hellip; <a class=\"more-link\" href=\"https:\/\/hidalgo.nl\/de\/product\/circulcup-lid-400-ml\/\"><span class=\"screen-reader-text\">CirculCup Lid 400 ml<\/span> weiterlesen<\/a><\/p>\n","protected":false},"featured_media":164147,"template":"","meta":{"_acf_changed":false,"om_disable_all_campaigns":false,"_monsterinsights_skip_tracking":false,"_monsterinsights_sitenote_active":false,"_monsterinsights_sitenote_note":"","_monsterinsights_sitenote_category":0},"product_brand":[2051],"product_cat":[4732,5075,4739,4738],"product_tag":[],"class_list":{"0":"post-164146","1":"product","2":"type-product","3":"status-publish","4":"has-post-thumbnail","6":"product_supplier-a24","7":"product_material-pp-plastic","8":"product_brand-circulware","9":"product_cat-bidons-drinkflessen","10":"product_cat-eco-flessen","11":"product_cat-bidons-drinkflessen-reis-mokken-thermosflessen-reis-mokken","12":"product_cat-bidons-drinkflessen-reis-mokken-thermosflessen","13":"entry","15":"first","16":"instock","17":"taxable","18":"shipping-taxable","19":"purchasable","20":"product-type-variable"},"acf":{"imprint_cost":[{"imprint_cost_key":"df5c2cc481705512049ce4169c78d11fcbde05b4","product_quantity_price_range":[{"imprint_cost_recommended_selling_price":"2.385","imprint_cost_recommended_selling_quantity":"1"},{"imprint_cost_recommended_selling_price":"1.275","imprint_cost_recommended_selling_quantity":"25"},{"imprint_cost_recommended_selling_price":"0.81","imprint_cost_recommended_selling_quantity":"50"},{"imprint_cost_recommended_selling_price":"0.51","imprint_cost_recommended_selling_quantity":"100"},{"imprint_cost_recommended_selling_price":"0.42","imprint_cost_recommended_selling_quantity":"250"},{"imprint_cost_recommended_selling_price":"0.36","imprint_cost_recommended_selling_quantity":"500"},{"imprint_cost_recommended_selling_price":"0.3","imprint_cost_recommended_selling_quantity":"1000"},{"imprint_cost_recommended_selling_price":"0.255","imprint_cost_recommended_selling_quantity":"2500"},{"imprint_cost_recommended_selling_price":"0.225","imprint_cost_recommended_selling_quantity":"5000"}],"product_quantity_price_range_buying":[{"imprint_cost_general_buying_price":"1.59","imprint_cost_general_buying_quantity":"1"},{"imprint_cost_general_buying_price":"0.85","imprint_cost_general_buying_quantity":"25"},{"imprint_cost_general_buying_price":"0.54","imprint_cost_general_buying_quantity":"50"},{"imprint_cost_general_buying_price":"0.34","imprint_cost_general_buying_quantity":"100"},{"imprint_cost_general_buying_price":"0.28","imprint_cost_general_buying_quantity":"250"},{"imprint_cost_general_buying_price":"0.24","imprint_cost_general_buying_quantity":"500"},{"imprint_cost_general_buying_price":"0.2","imprint_cost_general_buying_quantity":"1000"},{"imprint_cost_general_buying_price":"0.17","imprint_cost_general_buying_quantity":"2500"},{"imprint_cost_general_buying_price":"0.15","imprint_cost_general_buying_quantity":"5000"}],"imprint_cost_setup_costs":"26.25","imprint_cost_handling_costs":"0"}]},"aioseo_notices":[],"aioseo_head":"\n\t\t<!-- All in One SEO Pro 4.9.7 - aioseo.com -->\n\t<meta name=\"description\" content=\"Du reduzierst Einwegm\u00fcll mit einem wiederverwendbaren Becher, der leicht, robust und im Alltag praktisch ist - ideal f\u00fcr deinen Kaffee to go im B\u00fcro, an der Uni oder unterwegs. Auf Wunsch druckt Hidalgo dein Logo scharf &amp; dauerhaft f\u00fcr sichtbares Branding.\" \/>\n\t<meta name=\"robots\" content=\"max-image-preview:large\" \/>\n\t<link rel=\"canonical\" href=\"https:\/\/hidalgo.nl\/de\/wp-json\/wp\/v2\/product\/164146\" \/>\n\t<meta name=\"generator\" content=\"All in One SEO Pro (AIOSEO) 4.9.7\" \/>\n\t\t<meta property=\"og:locale\" content=\"de_DE\" \/>\n\t\t<meta property=\"og:site_name\" content=\"Hidalgo -\" \/>\n\t\t<meta property=\"og:type\" content=\"article\" \/>\n\t\t<meta property=\"og:title\" content=\"CirculCup Lid 400 ml\" \/>\n\t\t<meta property=\"og:description\" content=\"Du reduzierst Einwegm\u00fcll mit einem wiederverwendbaren Becher, der leicht, robust und im Alltag praktisch ist - ideal f\u00fcr deinen Kaffee to go im B\u00fcro, an der Uni oder unterwegs. Auf Wunsch druckt Hidalgo dein Logo scharf &amp; dauerhaft f\u00fcr sichtbares Branding.\" \/>\n\t\t<meta property=\"og:url\" content=\"https:\/\/hidalgo.nl\/de\/wp-json\/wp\/v2\/product\/164146\" \/>\n\t\t<meta property=\"og:image\" content=\"https:\/\/shop.hidalgo.nl\/wp-content\/uploads\/2025\/11\/cropped-Hidalgo-est1993.png\" \/>\n\t\t<meta property=\"og:image:secure_url\" content=\"https:\/\/shop.hidalgo.nl\/wp-content\/uploads\/2025\/11\/cropped-Hidalgo-est1993.png\" \/>\n\t\t<meta property=\"article:published_time\" content=\"2025-07-11T10:19:01+00:00\" \/>\n\t\t<meta property=\"article:modified_time\" content=\"2026-03-21T12:56:45+00:00\" \/>\n\t\t<meta name=\"twitter:card\" content=\"summary_large_image\" \/>\n\t\t<meta name=\"twitter:title\" content=\"CirculCup Lid 400 ml\" \/>\n\t\t<meta name=\"twitter:description\" content=\"Du reduzierst Einwegm\u00fcll mit einem wiederverwendbaren Becher, der leicht, robust und im Alltag praktisch ist - ideal f\u00fcr deinen Kaffee to go im B\u00fcro, an der Uni oder unterwegs. Auf Wunsch druckt Hidalgo dein Logo scharf &amp; dauerhaft f\u00fcr sichtbares Branding.\" \/>\n\t\t<meta name=\"twitter:image\" content=\"https:\/\/shop.hidalgo.nl\/wp-content\/uploads\/2025\/11\/cropped-Hidalgo-est1993.png\" \/>\n\t\t<script type=\"application\/ld+json\" class=\"aioseo-schema\">\n\t\t\t{\"@context\":\"https:\\\/\\\/schema.org\",\"@graph\":[{\"@type\":\"BreadcrumbList\",\"@id\":\"https:\\\/\\\/hidalgo.nl\\\/de\\\/product\\\/circulcup-lid-400-ml\\\/#breadcrumblist\",\"itemListElement\":[{\"@type\":\"ListItem\",\"@id\":\"https:\\\/\\\/hidalgo.nl\\\/de\\\/#listItem\",\"position\":1,\"name\":\"Home\",\"item\":\"https:\\\/\\\/hidalgo.nl\\\/de\\\/\",\"nextItem\":{\"@type\":\"ListItem\",\"@id\":\"https:\\\/\\\/hidalgo.nl\\\/example\\\/#listItem\",\"name\":\"example\"}},{\"@type\":\"ListItem\",\"@id\":\"https:\\\/\\\/hidalgo.nl\\\/example\\\/#listItem\",\"position\":2,\"name\":\"example\",\"item\":\"https:\\\/\\\/hidalgo.nl\\\/example\\\/\",\"nextItem\":{\"@type\":\"ListItem\",\"@id\":\"https:\\\/\\\/hidalgo.nl\\\/en\\\/product-supplier\\\/a24\\\/#listItem\",\"name\":\"A24\"},\"previousItem\":{\"@type\":\"ListItem\",\"@id\":\"https:\\\/\\\/hidalgo.nl\\\/de\\\/#listItem\",\"name\":\"Home\"}},{\"@type\":\"ListItem\",\"@id\":\"https:\\\/\\\/hidalgo.nl\\\/en\\\/product-supplier\\\/a24\\\/#listItem\",\"position\":3,\"name\":\"A24\",\"item\":\"https:\\\/\\\/hidalgo.nl\\\/en\\\/product-supplier\\\/a24\\\/\",\"nextItem\":{\"@type\":\"ListItem\",\"@id\":\"https:\\\/\\\/hidalgo.nl\\\/de\\\/product\\\/circulcup-lid-400-ml\\\/#listItem\",\"name\":\"CirculCup Lid 400 ml\"},\"previousItem\":{\"@type\":\"ListItem\",\"@id\":\"https:\\\/\\\/hidalgo.nl\\\/example\\\/#listItem\",\"name\":\"example\"}},{\"@type\":\"ListItem\",\"@id\":\"https:\\\/\\\/hidalgo.nl\\\/de\\\/product\\\/circulcup-lid-400-ml\\\/#listItem\",\"position\":4,\"name\":\"CirculCup Lid 400 ml\",\"previousItem\":{\"@type\":\"ListItem\",\"@id\":\"https:\\\/\\\/hidalgo.nl\\\/en\\\/product-supplier\\\/a24\\\/#listItem\",\"name\":\"A24\"}}]},{\"@type\":\"Organization\",\"@id\":\"https:\\\/\\\/hidalgo.nl\\\/de\\\/#organization\",\"name\":\"Hidalgo\",\"url\":\"https:\\\/\\\/hidalgo.nl\\\/de\\\/\",\"logo\":{\"@type\":\"ImageObject\",\"url\":\"https:\\\/\\\/shop.hidalgo.nl\\\/wp-content\\\/uploads\\\/2025\\\/11\\\/cropped-Hidalgo-est1993.png\",\"@id\":\"https:\\\/\\\/hidalgo.nl\\\/de\\\/product\\\/circulcup-lid-400-ml\\\/#organizationLogo\",\"width\":585,\"height\":195},\"image\":{\"@id\":\"https:\\\/\\\/hidalgo.nl\\\/de\\\/product\\\/circulcup-lid-400-ml\\\/#organizationLogo\"}},{\"@type\":\"ProductGroup\",\"@id\":\"https:\\\/\\\/hidalgo.nl\\\/de\\\/product\\\/circulcup-lid-400-ml\\\/#wooCommerceProduct\",\"name\":\"CirculCup Lid 400 ml\",\"url\":\"https:\\\/\\\/hidalgo.nl\\\/de\\\/product\\\/circulcup-lid-400-ml\\\/\",\"brand\":{\"@type\":\"Brand\",\"name\":\"Circulware\"},\"sku\":\"A24-1940\",\"image\":{\"@type\":\"ImageObject\",\"url\":\"https:\\\/\\\/shop.hidalgo.nl\\\/wp-content\\\/uploads\\\/2025\\\/07\\\/b959a8f49ff053413f7cafe3d7703acff8f02f2e88d74b3c029c54164e5b6eec.jpg\",\"@id\":\"https:\\\/\\\/hidalgo.nl\\\/de\\\/product\\\/circulcup-lid-400-ml\\\/#productImage\",\"width\":1000,\"height\":1000},\"productGroupID\":164146,\"hasVariant\":[{\"@type\":\"Product\",\"@id\":\"https:\\\/\\\/hidalgo.nl\\\/de\\\/product\\\/circulcup-lid-400-ml\\\/#wooCommerceProduct\",\"name\":\"CirculCup Lid 400 ml - offwhite\",\"url\":\"https:\\\/\\\/hidalgo.nl\\\/de\\\/product\\\/circulcup-lid-400-ml\\\/\",\"sku\":\"A24-194010\",\"image\":{\"@type\":\"ImageObject\",\"url\":\"https:\\\/\\\/shop.hidalgo.nl\\\/wp-content\\\/uploads\\\/2025\\\/07\\\/b959a8f49ff053413f7cafe3d7703acff8f02f2e88d74b3c029c54164e5b6eec.jpg\",\"@id\":\"https:\\\/\\\/hidalgo.nl\\\/de\\\/product\\\/circulcup-lid-400-ml\\\/#productImage\",\"width\":1000,\"height\":1000},\"offers\":{\"@type\":\"Offer\",\"url\":\"https:\\\/\\\/hidalgo.nl\\\/de\\\/product\\\/circulcup-lid-400-ml\\\/#wooCommerceOffer\",\"price\":\"2.75\",\"priceCurrency\":\"EUR\",\"category\":\"Eco Flessen\",\"availability\":\"https:\\\/\\\/schema.org\\\/InStock\",\"priceSpecification\":{\"@type\":\"PriceSpecification\",\"price\":2.75,\"priceCurrency\":\"EUR\",\"valueAddedTaxIncluded\":\"true\"}}},{\"@type\":\"Product\",\"@id\":\"https:\\\/\\\/hidalgo.nl\\\/de\\\/product\\\/circulcup-lid-400-ml\\\/#wooCommerceProduct\",\"name\":\"CirculCup Lid 400 ml - beige-graphite\",\"url\":\"https:\\\/\\\/hidalgo.nl\\\/de\\\/product\\\/circulcup-lid-400-ml\\\/\",\"sku\":\"A24-194042\",\"image\":{\"@type\":\"ImageObject\",\"url\":\"https:\\\/\\\/shop.hidalgo.nl\\\/wp-content\\\/uploads\\\/2025\\\/07\\\/4bff9aba1a6e61391c4f3bc867471c056b461fe4039312f86cce0042fbb91eb5.jpg\",\"@id\":\"https:\\\/\\\/hidalgo.nl\\\/de\\\/product\\\/circulcup-lid-400-ml\\\/#productImage\",\"width\":1000,\"height\":1000},\"offers\":{\"@type\":\"Offer\",\"url\":\"https:\\\/\\\/hidalgo.nl\\\/de\\\/product\\\/circulcup-lid-400-ml\\\/#wooCommerceOffer\",\"price\":\"2.75\",\"priceCurrency\":\"EUR\",\"category\":\"Eco Flessen\",\"availability\":\"https:\\\/\\\/schema.org\\\/InStock\",\"priceSpecification\":{\"@type\":\"PriceSpecification\",\"price\":2.75,\"priceCurrency\":\"EUR\",\"valueAddedTaxIncluded\":\"true\"}}},{\"@type\":\"Product\",\"@id\":\"https:\\\/\\\/hidalgo.nl\\\/de\\\/product\\\/circulcup-lid-400-ml\\\/#wooCommerceProduct\",\"name\":\"CirculCup Lid 400 ml - black\",\"url\":\"https:\\\/\\\/hidalgo.nl\\\/de\\\/product\\\/circulcup-lid-400-ml\\\/\",\"sku\":\"A24-194098\",\"image\":{\"@type\":\"ImageObject\",\"url\":\"https:\\\/\\\/shop.hidalgo.nl\\\/wp-content\\\/uploads\\\/2025\\\/07\\\/b89b5ad3efc3c733114c1b9c7691d401cdccafa5071b1d9cacc446cbf9817d87.jpg\",\"@id\":\"https:\\\/\\\/hidalgo.nl\\\/de\\\/product\\\/circulcup-lid-400-ml\\\/#productImage\",\"width\":1000,\"height\":1000},\"offers\":{\"@type\":\"Offer\",\"url\":\"https:\\\/\\\/hidalgo.nl\\\/de\\\/product\\\/circulcup-lid-400-ml\\\/#wooCommerceOffer\",\"price\":\"2.75\",\"priceCurrency\":\"EUR\",\"category\":\"Eco Flessen\",\"availability\":\"https:\\\/\\\/schema.org\\\/InStock\",\"priceSpecification\":{\"@type\":\"PriceSpecification\",\"price\":2.75,\"priceCurrency\":\"EUR\",\"valueAddedTaxIncluded\":\"true\"}}},{\"@type\":\"Product\",\"@id\":\"https:\\\/\\\/hidalgo.nl\\\/de\\\/product\\\/circulcup-lid-400-ml\\\/#wooCommerceProduct\",\"name\":\"CirculCup Lid 400 ml - stone-dark\",\"url\":\"https:\\\/\\\/hidalgo.nl\\\/de\\\/product\\\/circulcup-lid-400-ml\\\/\",\"sku\":\"A24-194092\",\"image\":{\"@type\":\"ImageObject\",\"url\":\"https:\\\/\\\/shop.hidalgo.nl\\\/wp-content\\\/uploads\\\/2025\\\/07\\\/86175eed318056bdecedf6b5a7b4962566ed0f38f42c8ea5b5f25aa375d181a7.jpg\",\"@id\":\"https:\\\/\\\/hidalgo.nl\\\/de\\\/product\\\/circulcup-lid-400-ml\\\/#productImage\",\"width\":1000,\"height\":1000},\"offers\":{\"@type\":\"Offer\",\"url\":\"https:\\\/\\\/hidalgo.nl\\\/de\\\/product\\\/circulcup-lid-400-ml\\\/#wooCommerceOffer\",\"price\":\"2.75\",\"priceCurrency\":\"EUR\",\"category\":\"Eco Flessen\",\"availability\":\"https:\\\/\\\/schema.org\\\/InStock\",\"priceSpecification\":{\"@type\":\"PriceSpecification\",\"price\":2.75,\"priceCurrency\":\"EUR\",\"valueAddedTaxIncluded\":\"true\"}}}]},{\"@type\":\"WebPage\",\"@id\":\"https:\\\/\\\/hidalgo.nl\\\/de\\\/product\\\/circulcup-lid-400-ml\\\/#webpage\",\"url\":\"https:\\\/\\\/hidalgo.nl\\\/de\\\/product\\\/circulcup-lid-400-ml\\\/\",\"name\":\"CirculCup Lid 400 ml\",\"description\":\"Du reduzierst Einwegm\\u00fcll mit einem wiederverwendbaren Becher, der leicht, robust und im Alltag praktisch ist - ideal f\\u00fcr deinen Kaffee to go im B\\u00fcro, an der Uni oder unterwegs. Auf Wunsch druckt Hidalgo dein Logo scharf & dauerhaft f\\u00fcr sichtbares Branding.\",\"inLanguage\":\"de-DE\",\"isPartOf\":{\"@id\":\"https:\\\/\\\/hidalgo.nl\\\/de\\\/#website\"},\"breadcrumb\":{\"@id\":\"https:\\\/\\\/hidalgo.nl\\\/de\\\/product\\\/circulcup-lid-400-ml\\\/#breadcrumblist\"},\"image\":{\"@type\":\"ImageObject\",\"url\":\"https:\\\/\\\/shop.hidalgo.nl\\\/wp-content\\\/uploads\\\/2025\\\/07\\\/b959a8f49ff053413f7cafe3d7703acff8f02f2e88d74b3c029c54164e5b6eec.jpg\",\"@id\":\"https:\\\/\\\/hidalgo.nl\\\/de\\\/product\\\/circulcup-lid-400-ml\\\/#mainImage\",\"width\":1000,\"height\":1000},\"primaryImageOfPage\":{\"@id\":\"https:\\\/\\\/hidalgo.nl\\\/de\\\/product\\\/circulcup-lid-400-ml\\\/#mainImage\"},\"datePublished\":\"2025-07-11T10:19:01+00:00\",\"dateModified\":\"2026-03-21T12:56:45+00:00\"},{\"@type\":\"WebSite\",\"@id\":\"https:\\\/\\\/hidalgo.nl\\\/de\\\/#website\",\"url\":\"https:\\\/\\\/hidalgo.nl\\\/de\\\/\",\"name\":\"Hidalgo\",\"inLanguage\":\"de-DE\",\"publisher\":{\"@id\":\"https:\\\/\\\/hidalgo.nl\\\/de\\\/#organization\"}}]}\n\t\t<\/script>\n\t\t<!-- All in One SEO Pro -->\r\n\t\t<title>CirculCup Lid 400 ml<\/title>\n\n","aioseo_head_json":{"title":"CirculCup Lid 400 ml","description":"Du reduzierst Einwegm\u00fcll mit einem wiederverwendbaren Becher, der leicht, robust und im Alltag praktisch ist - ideal f\u00fcr deinen Kaffee to go im B\u00fcro, an der Uni oder unterwegs. Auf Wunsch druckt Hidalgo dein Logo scharf & dauerhaft f\u00fcr sichtbares Branding.","canonical_url":"https:\/\/hidalgo.nl\/de\/wp-json\/wp\/v2\/product\/164146","robots":"max-image-preview:large","keywords":"","webmasterTools":{"miscellaneous":""},"schema":{"@context":"https:\/\/schema.org","@graph":[{"@type":"BreadcrumbList","@id":"https:\/\/hidalgo.nl\/de\/product\/circulcup-lid-400-ml\/#breadcrumblist","itemListElement":[{"@type":"ListItem","@id":"https:\/\/hidalgo.nl\/de\/#listItem","position":1,"name":"Home","item":"https:\/\/hidalgo.nl\/de\/","nextItem":{"@type":"ListItem","@id":"https:\/\/hidalgo.nl\/example\/#listItem","name":"example"}},{"@type":"ListItem","@id":"https:\/\/hidalgo.nl\/example\/#listItem","position":2,"name":"example","item":"https:\/\/hidalgo.nl\/example\/","nextItem":{"@type":"ListItem","@id":"https:\/\/hidalgo.nl\/en\/product-supplier\/a24\/#listItem","name":"A24"},"previousItem":{"@type":"ListItem","@id":"https:\/\/hidalgo.nl\/de\/#listItem","name":"Home"}},{"@type":"ListItem","@id":"https:\/\/hidalgo.nl\/en\/product-supplier\/a24\/#listItem","position":3,"name":"A24","item":"https:\/\/hidalgo.nl\/en\/product-supplier\/a24\/","nextItem":{"@type":"ListItem","@id":"https:\/\/hidalgo.nl\/de\/product\/circulcup-lid-400-ml\/#listItem","name":"CirculCup Lid 400 ml"},"previousItem":{"@type":"ListItem","@id":"https:\/\/hidalgo.nl\/example\/#listItem","name":"example"}},{"@type":"ListItem","@id":"https:\/\/hidalgo.nl\/de\/product\/circulcup-lid-400-ml\/#listItem","position":4,"name":"CirculCup Lid 400 ml","previousItem":{"@type":"ListItem","@id":"https:\/\/hidalgo.nl\/en\/product-supplier\/a24\/#listItem","name":"A24"}}]},{"@type":"Organization","@id":"https:\/\/hidalgo.nl\/de\/#organization","name":"Hidalgo","url":"https:\/\/hidalgo.nl\/de\/","logo":{"@type":"ImageObject","url":"https:\/\/shop.hidalgo.nl\/wp-content\/uploads\/2025\/11\/cropped-Hidalgo-est1993.png","@id":"https:\/\/hidalgo.nl\/de\/product\/circulcup-lid-400-ml\/#organizationLogo","width":585,"height":195},"image":{"@id":"https:\/\/hidalgo.nl\/de\/product\/circulcup-lid-400-ml\/#organizationLogo"}},{"@type":"ProductGroup","@id":"https:\/\/hidalgo.nl\/de\/product\/circulcup-lid-400-ml\/#wooCommerceProduct","name":"CirculCup Lid 400 ml","url":"https:\/\/hidalgo.nl\/de\/product\/circulcup-lid-400-ml\/","brand":{"@type":"Brand","name":"Circulware"},"sku":"A24-1940","image":{"@type":"ImageObject","url":"https:\/\/shop.hidalgo.nl\/wp-content\/uploads\/2025\/07\/b959a8f49ff053413f7cafe3d7703acff8f02f2e88d74b3c029c54164e5b6eec.jpg","@id":"https:\/\/hidalgo.nl\/de\/product\/circulcup-lid-400-ml\/#productImage","width":1000,"height":1000},"productGroupID":164146,"hasVariant":[{"@type":"Product","@id":"https:\/\/hidalgo.nl\/de\/product\/circulcup-lid-400-ml\/#wooCommerceProduct","name":"CirculCup Lid 400 ml - offwhite","url":"https:\/\/hidalgo.nl\/de\/product\/circulcup-lid-400-ml\/","sku":"A24-194010","image":{"@type":"ImageObject","url":"https:\/\/shop.hidalgo.nl\/wp-content\/uploads\/2025\/07\/b959a8f49ff053413f7cafe3d7703acff8f02f2e88d74b3c029c54164e5b6eec.jpg","@id":"https:\/\/hidalgo.nl\/de\/product\/circulcup-lid-400-ml\/#productImage","width":1000,"height":1000},"offers":{"@type":"Offer","url":"https:\/\/hidalgo.nl\/de\/product\/circulcup-lid-400-ml\/#wooCommerceOffer","price":"2.75","priceCurrency":"EUR","category":"Eco Flessen","availability":"https:\/\/schema.org\/InStock","priceSpecification":{"@type":"PriceSpecification","price":2.75,"priceCurrency":"EUR","valueAddedTaxIncluded":"true"}}},{"@type":"Product","@id":"https:\/\/hidalgo.nl\/de\/product\/circulcup-lid-400-ml\/#wooCommerceProduct","name":"CirculCup Lid 400 ml - beige-graphite","url":"https:\/\/hidalgo.nl\/de\/product\/circulcup-lid-400-ml\/","sku":"A24-194042","image":{"@type":"ImageObject","url":"https:\/\/shop.hidalgo.nl\/wp-content\/uploads\/2025\/07\/4bff9aba1a6e61391c4f3bc867471c056b461fe4039312f86cce0042fbb91eb5.jpg","@id":"https:\/\/hidalgo.nl\/de\/product\/circulcup-lid-400-ml\/#productImage","width":1000,"height":1000},"offers":{"@type":"Offer","url":"https:\/\/hidalgo.nl\/de\/product\/circulcup-lid-400-ml\/#wooCommerceOffer","price":"2.75","priceCurrency":"EUR","category":"Eco Flessen","availability":"https:\/\/schema.org\/InStock","priceSpecification":{"@type":"PriceSpecification","price":2.75,"priceCurrency":"EUR","valueAddedTaxIncluded":"true"}}},{"@type":"Product","@id":"https:\/\/hidalgo.nl\/de\/product\/circulcup-lid-400-ml\/#wooCommerceProduct","name":"CirculCup Lid 400 ml - black","url":"https:\/\/hidalgo.nl\/de\/product\/circulcup-lid-400-ml\/","sku":"A24-194098","image":{"@type":"ImageObject","url":"https:\/\/shop.hidalgo.nl\/wp-content\/uploads\/2025\/07\/b89b5ad3efc3c733114c1b9c7691d401cdccafa5071b1d9cacc446cbf9817d87.jpg","@id":"https:\/\/hidalgo.nl\/de\/product\/circulcup-lid-400-ml\/#productImage","width":1000,"height":1000},"offers":{"@type":"Offer","url":"https:\/\/hidalgo.nl\/de\/product\/circulcup-lid-400-ml\/#wooCommerceOffer","price":"2.75","priceCurrency":"EUR","category":"Eco Flessen","availability":"https:\/\/schema.org\/InStock","priceSpecification":{"@type":"PriceSpecification","price":2.75,"priceCurrency":"EUR","valueAddedTaxIncluded":"true"}}},{"@type":"Product","@id":"https:\/\/hidalgo.nl\/de\/product\/circulcup-lid-400-ml\/#wooCommerceProduct","name":"CirculCup Lid 400 ml - stone-dark","url":"https:\/\/hidalgo.nl\/de\/product\/circulcup-lid-400-ml\/","sku":"A24-194092","image":{"@type":"ImageObject","url":"https:\/\/shop.hidalgo.nl\/wp-content\/uploads\/2025\/07\/86175eed318056bdecedf6b5a7b4962566ed0f38f42c8ea5b5f25aa375d181a7.jpg","@id":"https:\/\/hidalgo.nl\/de\/product\/circulcup-lid-400-ml\/#productImage","width":1000,"height":1000},"offers":{"@type":"Offer","url":"https:\/\/hidalgo.nl\/de\/product\/circulcup-lid-400-ml\/#wooCommerceOffer","price":"2.75","priceCurrency":"EUR","category":"Eco Flessen","availability":"https:\/\/schema.org\/InStock","priceSpecification":{"@type":"PriceSpecification","price":2.75,"priceCurrency":"EUR","valueAddedTaxIncluded":"true"}}}]},{"@type":"WebPage","@id":"https:\/\/hidalgo.nl\/de\/product\/circulcup-lid-400-ml\/#webpage","url":"https:\/\/hidalgo.nl\/de\/product\/circulcup-lid-400-ml\/","name":"CirculCup Lid 400 ml","description":"Du reduzierst Einwegm\u00fcll mit einem wiederverwendbaren Becher, der leicht, robust und im Alltag praktisch ist - ideal f\u00fcr deinen Kaffee to go im B\u00fcro, an der Uni oder unterwegs. Auf Wunsch druckt Hidalgo dein Logo scharf & dauerhaft f\u00fcr sichtbares Branding.","inLanguage":"de-DE","isPartOf":{"@id":"https:\/\/hidalgo.nl\/de\/#website"},"breadcrumb":{"@id":"https:\/\/hidalgo.nl\/de\/product\/circulcup-lid-400-ml\/#breadcrumblist"},"image":{"@type":"ImageObject","url":"https:\/\/shop.hidalgo.nl\/wp-content\/uploads\/2025\/07\/b959a8f49ff053413f7cafe3d7703acff8f02f2e88d74b3c029c54164e5b6eec.jpg","@id":"https:\/\/hidalgo.nl\/de\/product\/circulcup-lid-400-ml\/#mainImage","width":1000,"height":1000},"primaryImageOfPage":{"@id":"https:\/\/hidalgo.nl\/de\/product\/circulcup-lid-400-ml\/#mainImage"},"datePublished":"2025-07-11T10:19:01+00:00","dateModified":"2026-03-21T12:56:45+00:00"},{"@type":"WebSite","@id":"https:\/\/hidalgo.nl\/de\/#website","url":"https:\/\/hidalgo.nl\/de\/","name":"Hidalgo","inLanguage":"de-DE","publisher":{"@id":"https:\/\/hidalgo.nl\/de\/#organization"}}]},"og:locale":"de_DE","og:site_name":"Hidalgo -","og:type":"article","og:title":"CirculCup Lid 400 ml","og:description":"Du reduzierst Einwegm\u00fcll mit einem wiederverwendbaren Becher, der leicht, robust und im Alltag praktisch ist - ideal f\u00fcr deinen Kaffee to go im B\u00fcro, an der Uni oder unterwegs. Auf Wunsch druckt Hidalgo dein Logo scharf &amp; dauerhaft f\u00fcr sichtbares Branding.","og:url":"https:\/\/hidalgo.nl\/de\/wp-json\/wp\/v2\/product\/164146","og:image":"https:\/\/shop.hidalgo.nl\/wp-content\/uploads\/2025\/11\/cropped-Hidalgo-est1993.png","og:image:secure_url":"https:\/\/shop.hidalgo.nl\/wp-content\/uploads\/2025\/11\/cropped-Hidalgo-est1993.png","article:published_time":"2025-07-11T10:19:01+00:00","article:modified_time":"2026-03-21T12:56:45+00:00","twitter:card":"summary_large_image","twitter:title":"CirculCup Lid 400 ml","twitter:description":"Du reduzierst Einwegm\u00fcll mit einem wiederverwendbaren Becher, der leicht, robust und im Alltag praktisch ist - ideal f\u00fcr deinen Kaffee to go im B\u00fcro, an der Uni oder unterwegs. Auf Wunsch druckt Hidalgo dein Logo scharf &amp; dauerhaft f\u00fcr sichtbares Branding.","twitter:image":"https:\/\/shop.hidalgo.nl\/wp-content\/uploads\/2025\/11\/cropped-Hidalgo-est1993.png"},"aioseo_meta_data":{"post_id":"164146","title":null,"description":null,"keywords":null,"keyphrases":null,"primary_term":null,"canonical_url":null,"og_title":null,"og_description":null,"og_object_type":"default","og_image_type":"default","og_image_url":null,"og_image_width":null,"og_image_height":null,"og_image_custom_url":null,"og_image_custom_fields":null,"og_video":null,"og_custom_url":null,"og_article_section":null,"og_article_tags":null,"twitter_use_og":false,"twitter_card":"default","twitter_image_type":"default","twitter_image_url":null,"twitter_image_custom_url":null,"twitter_image_custom_fields":null,"twitter_title":null,"twitter_description":null,"schema":{"blockGraphs":[],"customGraphs":[],"default":{"data":{"Article":[],"Course":[],"Dataset":[],"FAQPage":[],"Movie":[],"Person":[],"Product":[],"ProductReview":[],"Car":[],"Recipe":[],"Service":[],"SoftwareApplication":[],"WebPage":[]},"graphName":"","isEnabled":true},"graphs":[]},"schema_type":"default","schema_type_options":null,"pillar_content":false,"robots_default":true,"robots_noindex":false,"robots_noarchive":false,"robots_nosnippet":false,"robots_nofollow":false,"robots_noimageindex":false,"robots_noodp":false,"robots_notranslate":false,"robots_max_snippet":null,"robots_max_videopreview":null,"robots_max_imagepreview":"large","priority":null,"frequency":null,"local_seo":null,"seo_analyzer_scan_date":"2026-02-09 05:30:36","breadcrumb_settings":null,"limit_modified_date":false,"reviewed_by":null,"open_ai":null,"ai":null,"created":"2026-01-14 07:02:59","updated":"2026-04-23 15:21:54"},"aioseo_breadcrumb":"<div class=\"aioseo-breadcrumbs\"><span class=\"aioseo-breadcrumb\">\n\t<a href=\"https:\/\/hidalgo.nl\/de\/\" title=\"Home\">Home<\/a>\n<\/span><span class=\"aioseo-breadcrumb-separator\">\u00bb<\/span><span class=\"aioseo-breadcrumb\">\n\t<a href=\"https:\/\/hidalgo.nl\/example\/\" title=\"example\">example<\/a>\n<\/span><span class=\"aioseo-breadcrumb-separator\">\u00bb<\/span><span class=\"aioseo-breadcrumb\">\n\t<a href=\"https:\/\/hidalgo.nl\/en\/product-supplier\/a24\/\" title=\"A24\">A24<\/a>\n<\/span><span class=\"aioseo-breadcrumb-separator\">\u00bb<\/span><span class=\"aioseo-breadcrumb\">\n\tCirculCup Lid 400 ml\n<\/span><\/div>","aioseo_breadcrumb_json":[{"label":"Home","link":"https:\/\/hidalgo.nl\/de\/"},{"label":"example","link":"https:\/\/hidalgo.nl\/example\/"},{"label":"A24","link":"https:\/\/hidalgo.nl\/en\/product-supplier\/a24\/"},{"label":"CirculCup Lid 400 ml","link":"https:\/\/hidalgo.nl\/de\/product\/circulcup-lid-400-ml\/"}],"_links":{"self":[{"href":"https:\/\/hidalgo.nl\/de\/wp-json\/wp\/v2\/product\/164146","targetHints":{"allow":["GET"]}}],"collection":[{"href":"https:\/\/hidalgo.nl\/de\/wp-json\/wp\/v2\/product"}],"about":[{"href":"https:\/\/hidalgo.nl\/de\/wp-json\/wp\/v2\/types\/product"}],"wp:featuredmedia":[{"embeddable":true,"href":"https:\/\/hidalgo.nl\/de\/wp-json\/wp\/v2\/media\/164147"}],"wp:attachment":[{"href":"https:\/\/hidalgo.nl\/de\/wp-json\/wp\/v2\/media?parent=164146"}],"wp:term":[{"taxonomy":"product_brand","embeddable":true,"href":"https:\/\/hidalgo.nl\/de\/wp-json\/wp\/v2\/product_brand?post=164146"},{"taxonomy":"product_cat","embeddable":true,"href":"https:\/\/hidalgo.nl\/de\/wp-json\/wp\/v2\/product_cat?post=164146"},{"taxonomy":"product_tag","embeddable":true,"href":"https:\/\/hidalgo.nl\/de\/wp-json\/wp\/v2\/product_tag?post=164146"}],"curies":[{"name":"wp","href":"https:\/\/api.w.org\/{rel}","templated":true}]}}