{"id":164115,"date":"2025-07-11T10:17:14","date_gmt":"2025-07-11T10:17:14","guid":{"rendered":"http:\/\/bidonsenshakers.pim.hidalgo.nl\/product\/circulcup-400-ml\/"},"modified":"2026-03-21T18:25:57","modified_gmt":"2026-03-21T18:25:57","slug":"circulcup-400-ml","status":"publish","type":"product","link":"https:\/\/hidalgo.nl\/de\/product\/circulcup-400-ml\/","title":{"rendered":"CirculCup 400 ml"},"content":{"rendered":"<p>Herbruikbare, stapelbare beker van het merk Circulware. Deze beker is gemaakt van hoogwaardig kunststof en kan tot wel 500 keer gebruikt worden. Door het royale formaat uitermate geschikt voor koffie of thee, warme soep een verfrissende smoothie of een milkshake. Een prima alternatief voor de wegwerpbeker. De beker is licht in gewicht, gemakkelijk te reinigen en stapelbaar, dus ruimtebesparend. Food Approved. Vaatwasserbestendig en magnetronbestendig. 100% recyclebaar. Hiermee draagt deze beker bij aan een circulaire economie. Dutch Design. Made in Holland. Inhoud 400 ml.<\/p>\n","protected":false},"excerpt":{"rendered":"<p>Herbruikbare, stapelbare beker van het merk Circulware. Deze beker is gemaakt van hoogwaardig kunststof en kan tot wel 500 keer gebruikt worden. Door het royale formaat uitermate geschikt voor koffie of thee, warme soep een verfrissende smoothie of een milkshake. Een prima alternatief voor de wegwerpbeker. De beker is licht in gewicht, gemakkelijk te reinigen&hellip; <a class=\"more-link\" href=\"https:\/\/hidalgo.nl\/de\/product\/circulcup-400-ml\/\"><span class=\"screen-reader-text\">CirculCup 400 ml<\/span> weiterlesen<\/a><\/p>\n","protected":false},"featured_media":164116,"template":"","meta":{"_acf_changed":false,"om_disable_all_campaigns":false,"_monsterinsights_skip_tracking":false,"_monsterinsights_sitenote_active":false,"_monsterinsights_sitenote_note":"","_monsterinsights_sitenote_category":0},"product_brand":[2051],"product_cat":[4835,4732,4833],"product_tag":[],"class_list":{"0":"post-164115","1":"product","2":"type-product","3":"status-publish","4":"has-post-thumbnail","6":"product_supplier-a24","7":"product_material-pp-plastic","8":"product_brand-circulware","9":"product_cat-bidons-drinkflessen-mokken-en-bekers-bekers","10":"product_cat-bidons-drinkflessen","11":"product_cat-bidons-drinkflessen-mokken-en-bekers","12":"entry","14":"first","15":"instock","16":"taxable","17":"shipping-taxable","18":"purchasable","19":"product-type-variable"},"acf":{"imprint_cost":[{"imprint_cost_key":"df5c2cc481705512049ce4169c78d11fcbde05b4","product_quantity_price_range":[{"imprint_cost_recommended_selling_price":"2.385","imprint_cost_recommended_selling_quantity":"1"},{"imprint_cost_recommended_selling_price":"1.275","imprint_cost_recommended_selling_quantity":"25"},{"imprint_cost_recommended_selling_price":"0.81","imprint_cost_recommended_selling_quantity":"50"},{"imprint_cost_recommended_selling_price":"0.51","imprint_cost_recommended_selling_quantity":"100"},{"imprint_cost_recommended_selling_price":"0.42","imprint_cost_recommended_selling_quantity":"250"},{"imprint_cost_recommended_selling_price":"0.36","imprint_cost_recommended_selling_quantity":"500"},{"imprint_cost_recommended_selling_price":"0.3","imprint_cost_recommended_selling_quantity":"1000"},{"imprint_cost_recommended_selling_price":"0.255","imprint_cost_recommended_selling_quantity":"2500"},{"imprint_cost_recommended_selling_price":"0.225","imprint_cost_recommended_selling_quantity":"5000"}],"product_quantity_price_range_buying":[{"imprint_cost_general_buying_price":"1.59","imprint_cost_general_buying_quantity":"1"},{"imprint_cost_general_buying_price":"0.85","imprint_cost_general_buying_quantity":"25"},{"imprint_cost_general_buying_price":"0.54","imprint_cost_general_buying_quantity":"50"},{"imprint_cost_general_buying_price":"0.34","imprint_cost_general_buying_quantity":"100"},{"imprint_cost_general_buying_price":"0.28","imprint_cost_general_buying_quantity":"250"},{"imprint_cost_general_buying_price":"0.24","imprint_cost_general_buying_quantity":"500"},{"imprint_cost_general_buying_price":"0.2","imprint_cost_general_buying_quantity":"1000"},{"imprint_cost_general_buying_price":"0.17","imprint_cost_general_buying_quantity":"2500"},{"imprint_cost_general_buying_price":"0.15","imprint_cost_general_buying_quantity":"5000"}],"imprint_cost_setup_costs":"26.25","imprint_cost_handling_costs":"0"}]},"aioseo_notices":[],"aioseo_head":"\n\t\t<!-- All in One SEO Pro 4.9.6.2 - aioseo.com -->\n\t<meta name=\"description\" content=\"Perfekt f\u00fcr B\u00fcro, Events und To-go: ein wiederverwendbarer Becher mit 400 ml, stapelbarer Becher f\u00fcr hei\u00dfe und kalte Getr\u00e4nke. Hidalgo bedruckt ihn mit deinem Logo - robust und praktisch im t\u00e4glichen Einsatz.\" \/>\n\t<meta name=\"robots\" content=\"max-image-preview:large\" \/>\n\t<link rel=\"canonical\" href=\"https:\/\/hidalgo.nl\/de\/wp-json\/wp\/v2\/product\/164115\" \/>\n\t<meta name=\"generator\" content=\"All in One SEO Pro (AIOSEO) 4.9.6.2\" \/>\n\t\t<meta property=\"og:locale\" content=\"de_DE\" \/>\n\t\t<meta property=\"og:site_name\" content=\"Hidalgo -\" \/>\n\t\t<meta property=\"og:type\" content=\"article\" \/>\n\t\t<meta property=\"og:title\" content=\"CirculCup 400 ml\" \/>\n\t\t<meta property=\"og:description\" content=\"Perfekt f\u00fcr B\u00fcro, Events und To-go: ein wiederverwendbarer Becher mit 400 ml, stapelbarer Becher f\u00fcr hei\u00dfe und kalte Getr\u00e4nke. Hidalgo bedruckt ihn mit deinem Logo - robust und praktisch im t\u00e4glichen Einsatz.\" \/>\n\t\t<meta property=\"og:url\" content=\"https:\/\/hidalgo.nl\/de\/wp-json\/wp\/v2\/product\/164115\" \/>\n\t\t<meta property=\"og:image\" content=\"https:\/\/shop.hidalgo.nl\/wp-content\/uploads\/2025\/11\/cropped-Hidalgo-est1993.png\" \/>\n\t\t<meta property=\"og:image:secure_url\" content=\"https:\/\/shop.hidalgo.nl\/wp-content\/uploads\/2025\/11\/cropped-Hidalgo-est1993.png\" \/>\n\t\t<meta property=\"article:published_time\" content=\"2025-07-11T10:17:14+00:00\" \/>\n\t\t<meta property=\"article:modified_time\" content=\"2026-03-21T18:25:57+00:00\" \/>\n\t\t<meta name=\"twitter:card\" content=\"summary_large_image\" \/>\n\t\t<meta name=\"twitter:title\" content=\"CirculCup 400 ml\" \/>\n\t\t<meta name=\"twitter:description\" content=\"Perfekt f\u00fcr B\u00fcro, Events und To-go: ein wiederverwendbarer Becher mit 400 ml, stapelbarer Becher f\u00fcr hei\u00dfe und kalte Getr\u00e4nke. Hidalgo bedruckt ihn mit deinem Logo - robust und praktisch im t\u00e4glichen Einsatz.\" \/>\n\t\t<meta name=\"twitter:image\" content=\"https:\/\/shop.hidalgo.nl\/wp-content\/uploads\/2025\/11\/cropped-Hidalgo-est1993.png\" \/>\n\t\t<script type=\"application\/ld+json\" class=\"aioseo-schema\">\n\t\t\t{\"@context\":\"https:\\\/\\\/schema.org\",\"@graph\":[{\"@type\":\"BreadcrumbList\",\"@id\":\"https:\\\/\\\/hidalgo.nl\\\/de\\\/product\\\/circulcup-400-ml\\\/#breadcrumblist\",\"itemListElement\":[{\"@type\":\"ListItem\",\"@id\":\"https:\\\/\\\/hidalgo.nl\\\/de\\\/#listItem\",\"position\":1,\"name\":\"Home\",\"item\":\"https:\\\/\\\/hidalgo.nl\\\/de\\\/\",\"nextItem\":{\"@type\":\"ListItem\",\"@id\":\"https:\\\/\\\/hidalgo.nl\\\/example\\\/#listItem\",\"name\":\"example\"}},{\"@type\":\"ListItem\",\"@id\":\"https:\\\/\\\/hidalgo.nl\\\/example\\\/#listItem\",\"position\":2,\"name\":\"example\",\"item\":\"https:\\\/\\\/hidalgo.nl\\\/example\\\/\",\"nextItem\":{\"@type\":\"ListItem\",\"@id\":\"https:\\\/\\\/hidalgo.nl\\\/en\\\/product-supplier\\\/a24\\\/#listItem\",\"name\":\"A24\"},\"previousItem\":{\"@type\":\"ListItem\",\"@id\":\"https:\\\/\\\/hidalgo.nl\\\/de\\\/#listItem\",\"name\":\"Home\"}},{\"@type\":\"ListItem\",\"@id\":\"https:\\\/\\\/hidalgo.nl\\\/en\\\/product-supplier\\\/a24\\\/#listItem\",\"position\":3,\"name\":\"A24\",\"item\":\"https:\\\/\\\/hidalgo.nl\\\/en\\\/product-supplier\\\/a24\\\/\",\"nextItem\":{\"@type\":\"ListItem\",\"@id\":\"https:\\\/\\\/hidalgo.nl\\\/de\\\/product\\\/circulcup-400-ml\\\/#listItem\",\"name\":\"CirculCup 400 ml\"},\"previousItem\":{\"@type\":\"ListItem\",\"@id\":\"https:\\\/\\\/hidalgo.nl\\\/example\\\/#listItem\",\"name\":\"example\"}},{\"@type\":\"ListItem\",\"@id\":\"https:\\\/\\\/hidalgo.nl\\\/de\\\/product\\\/circulcup-400-ml\\\/#listItem\",\"position\":4,\"name\":\"CirculCup 400 ml\",\"previousItem\":{\"@type\":\"ListItem\",\"@id\":\"https:\\\/\\\/hidalgo.nl\\\/en\\\/product-supplier\\\/a24\\\/#listItem\",\"name\":\"A24\"}}]},{\"@type\":\"Organization\",\"@id\":\"https:\\\/\\\/hidalgo.nl\\\/de\\\/#organization\",\"name\":\"Hidalgo\",\"url\":\"https:\\\/\\\/hidalgo.nl\\\/de\\\/\",\"logo\":{\"@type\":\"ImageObject\",\"url\":\"https:\\\/\\\/shop.hidalgo.nl\\\/wp-content\\\/uploads\\\/2025\\\/11\\\/cropped-Hidalgo-est1993.png\",\"@id\":\"https:\\\/\\\/hidalgo.nl\\\/de\\\/product\\\/circulcup-400-ml\\\/#organizationLogo\",\"width\":585,\"height\":195},\"image\":{\"@id\":\"https:\\\/\\\/hidalgo.nl\\\/de\\\/product\\\/circulcup-400-ml\\\/#organizationLogo\"}},{\"@type\":\"ProductGroup\",\"@id\":\"https:\\\/\\\/hidalgo.nl\\\/de\\\/product\\\/circulcup-400-ml\\\/#wooCommerceProduct\",\"name\":\"CirculCup 400 ml\",\"url\":\"https:\\\/\\\/hidalgo.nl\\\/de\\\/product\\\/circulcup-400-ml\\\/\",\"brand\":{\"@type\":\"Brand\",\"name\":\"Circulware\"},\"sku\":\"A24-1936\",\"image\":{\"@type\":\"ImageObject\",\"url\":\"https:\\\/\\\/shop.hidalgo.nl\\\/wp-content\\\/uploads\\\/2025\\\/07\\\/890d5e08ed10db9fa898f963c5f8a7eb59e1da6e344659eb53d9411e2cb5a861.jpg\",\"@id\":\"https:\\\/\\\/hidalgo.nl\\\/de\\\/product\\\/circulcup-400-ml\\\/#productImage\",\"width\":1000,\"height\":1000},\"productGroupID\":164115,\"hasVariant\":[{\"@type\":\"Product\",\"@id\":\"https:\\\/\\\/hidalgo.nl\\\/de\\\/product\\\/circulcup-400-ml\\\/#wooCommerceProduct\",\"name\":\"CirculCup 400 ml - offwhite\",\"url\":\"https:\\\/\\\/hidalgo.nl\\\/de\\\/product\\\/circulcup-400-ml\\\/\",\"sku\":\"A24-193610\",\"image\":{\"@type\":\"ImageObject\",\"url\":\"https:\\\/\\\/shop.hidalgo.nl\\\/wp-content\\\/uploads\\\/2025\\\/07\\\/890d5e08ed10db9fa898f963c5f8a7eb59e1da6e344659eb53d9411e2cb5a861.jpg\",\"@id\":\"https:\\\/\\\/hidalgo.nl\\\/de\\\/product\\\/circulcup-400-ml\\\/#productImage\",\"width\":1000,\"height\":1000},\"offers\":{\"@type\":\"Offer\",\"url\":\"https:\\\/\\\/hidalgo.nl\\\/de\\\/product\\\/circulcup-400-ml\\\/#wooCommerceOffer\",\"price\":\"1.75\",\"priceCurrency\":\"EUR\",\"category\":\"Bidons &amp; drinkflessen\",\"availability\":\"https:\\\/\\\/schema.org\\\/InStock\",\"priceSpecification\":{\"@type\":\"PriceSpecification\",\"price\":1.75,\"priceCurrency\":\"EUR\",\"valueAddedTaxIncluded\":\"true\"}}},{\"@type\":\"Product\",\"@id\":\"https:\\\/\\\/hidalgo.nl\\\/de\\\/product\\\/circulcup-400-ml\\\/#wooCommerceProduct\",\"name\":\"CirculCup 400 ml - black\",\"url\":\"https:\\\/\\\/hidalgo.nl\\\/de\\\/product\\\/circulcup-400-ml\\\/\",\"sku\":\"A24-193698\",\"image\":{\"@type\":\"ImageObject\",\"url\":\"https:\\\/\\\/shop.hidalgo.nl\\\/wp-content\\\/uploads\\\/2025\\\/07\\\/05c880634520ab5411cc2a3efeb2289b37f7d06c756420cf9a35a56bd21365ae.jpg\",\"@id\":\"https:\\\/\\\/hidalgo.nl\\\/de\\\/product\\\/circulcup-400-ml\\\/#productImage\",\"width\":1000,\"height\":1000},\"offers\":{\"@type\":\"Offer\",\"url\":\"https:\\\/\\\/hidalgo.nl\\\/de\\\/product\\\/circulcup-400-ml\\\/#wooCommerceOffer\",\"price\":\"1.75\",\"priceCurrency\":\"EUR\",\"category\":\"Bidons &amp; drinkflessen\",\"availability\":\"https:\\\/\\\/schema.org\\\/InStock\",\"priceSpecification\":{\"@type\":\"PriceSpecification\",\"price\":1.75,\"priceCurrency\":\"EUR\",\"valueAddedTaxIncluded\":\"true\"}}},{\"@type\":\"Product\",\"@id\":\"https:\\\/\\\/hidalgo.nl\\\/de\\\/product\\\/circulcup-400-ml\\\/#wooCommerceProduct\",\"name\":\"CirculCup 400 ml - stone-dark\",\"url\":\"https:\\\/\\\/hidalgo.nl\\\/de\\\/product\\\/circulcup-400-ml\\\/\",\"sku\":\"A24-193692\",\"image\":{\"@type\":\"ImageObject\",\"url\":\"https:\\\/\\\/shop.hidalgo.nl\\\/wp-content\\\/uploads\\\/2025\\\/07\\\/95e15f787887c487604758ed37c7cea220964cf7c5ea05a6067b39786186c51c.jpg\",\"@id\":\"https:\\\/\\\/hidalgo.nl\\\/de\\\/product\\\/circulcup-400-ml\\\/#productImage\",\"width\":1000,\"height\":1000},\"offers\":{\"@type\":\"Offer\",\"url\":\"https:\\\/\\\/hidalgo.nl\\\/de\\\/product\\\/circulcup-400-ml\\\/#wooCommerceOffer\",\"price\":\"1.75\",\"priceCurrency\":\"EUR\",\"category\":\"Bidons &amp; drinkflessen\",\"availability\":\"https:\\\/\\\/schema.org\\\/InStock\",\"priceSpecification\":{\"@type\":\"PriceSpecification\",\"price\":1.75,\"priceCurrency\":\"EUR\",\"valueAddedTaxIncluded\":\"true\"}}},{\"@type\":\"Product\",\"@id\":\"https:\\\/\\\/hidalgo.nl\\\/de\\\/product\\\/circulcup-400-ml\\\/#wooCommerceProduct\",\"name\":\"CirculCup 400 ml - beige-graphite\",\"url\":\"https:\\\/\\\/hidalgo.nl\\\/de\\\/product\\\/circulcup-400-ml\\\/\",\"sku\":\"A24-193642\",\"image\":{\"@type\":\"ImageObject\",\"url\":\"https:\\\/\\\/shop.hidalgo.nl\\\/wp-content\\\/uploads\\\/2025\\\/07\\\/f99502d168f16a123d27eb42d4322ba38d338f9131f063b1da0b229dc559461f.jpg\",\"@id\":\"https:\\\/\\\/hidalgo.nl\\\/de\\\/product\\\/circulcup-400-ml\\\/#productImage\",\"width\":1000,\"height\":1000},\"offers\":{\"@type\":\"Offer\",\"url\":\"https:\\\/\\\/hidalgo.nl\\\/de\\\/product\\\/circulcup-400-ml\\\/#wooCommerceOffer\",\"price\":\"1.75\",\"priceCurrency\":\"EUR\",\"category\":\"Bidons &amp; drinkflessen\",\"availability\":\"https:\\\/\\\/schema.org\\\/InStock\",\"priceSpecification\":{\"@type\":\"PriceSpecification\",\"price\":1.75,\"priceCurrency\":\"EUR\",\"valueAddedTaxIncluded\":\"true\"}}}]},{\"@type\":\"WebPage\",\"@id\":\"https:\\\/\\\/hidalgo.nl\\\/de\\\/product\\\/circulcup-400-ml\\\/#webpage\",\"url\":\"https:\\\/\\\/hidalgo.nl\\\/de\\\/product\\\/circulcup-400-ml\\\/\",\"name\":\"CirculCup 400 ml\",\"description\":\"Perfekt f\\u00fcr B\\u00fcro, Events und To-go: ein wiederverwendbarer Becher mit 400 ml, stapelbarer Becher f\\u00fcr hei\\u00dfe und kalte Getr\\u00e4nke. Hidalgo bedruckt ihn mit deinem Logo - robust und praktisch im t\\u00e4glichen Einsatz.\",\"inLanguage\":\"de-DE\",\"isPartOf\":{\"@id\":\"https:\\\/\\\/hidalgo.nl\\\/de\\\/#website\"},\"breadcrumb\":{\"@id\":\"https:\\\/\\\/hidalgo.nl\\\/de\\\/product\\\/circulcup-400-ml\\\/#breadcrumblist\"},\"image\":{\"@type\":\"ImageObject\",\"url\":\"https:\\\/\\\/shop.hidalgo.nl\\\/wp-content\\\/uploads\\\/2025\\\/07\\\/890d5e08ed10db9fa898f963c5f8a7eb59e1da6e344659eb53d9411e2cb5a861.jpg\",\"@id\":\"https:\\\/\\\/hidalgo.nl\\\/de\\\/product\\\/circulcup-400-ml\\\/#mainImage\",\"width\":1000,\"height\":1000},\"primaryImageOfPage\":{\"@id\":\"https:\\\/\\\/hidalgo.nl\\\/de\\\/product\\\/circulcup-400-ml\\\/#mainImage\"},\"datePublished\":\"2025-07-11T10:17:14+00:00\",\"dateModified\":\"2026-03-21T18:25:57+00:00\"},{\"@type\":\"WebSite\",\"@id\":\"https:\\\/\\\/hidalgo.nl\\\/de\\\/#website\",\"url\":\"https:\\\/\\\/hidalgo.nl\\\/de\\\/\",\"name\":\"Hidalgo\",\"inLanguage\":\"de-DE\",\"publisher\":{\"@id\":\"https:\\\/\\\/hidalgo.nl\\\/de\\\/#organization\"}}]}\n\t\t<\/script>\n\t\t<!-- All in One SEO Pro -->\r\n\t\t<title>CirculCup 400 ml<\/title>\n\n","aioseo_head_json":{"title":"CirculCup 400 ml","description":"Perfekt f\u00fcr B\u00fcro, Events und To-go: ein wiederverwendbarer Becher mit 400 ml, stapelbarer Becher f\u00fcr hei\u00dfe und kalte Getr\u00e4nke. Hidalgo bedruckt ihn mit deinem Logo - robust und praktisch im t\u00e4glichen Einsatz.","canonical_url":"https:\/\/hidalgo.nl\/de\/wp-json\/wp\/v2\/product\/164115","robots":"max-image-preview:large","keywords":"","webmasterTools":{"miscellaneous":""},"schema":{"@context":"https:\/\/schema.org","@graph":[{"@type":"BreadcrumbList","@id":"https:\/\/hidalgo.nl\/de\/product\/circulcup-400-ml\/#breadcrumblist","itemListElement":[{"@type":"ListItem","@id":"https:\/\/hidalgo.nl\/de\/#listItem","position":1,"name":"Home","item":"https:\/\/hidalgo.nl\/de\/","nextItem":{"@type":"ListItem","@id":"https:\/\/hidalgo.nl\/example\/#listItem","name":"example"}},{"@type":"ListItem","@id":"https:\/\/hidalgo.nl\/example\/#listItem","position":2,"name":"example","item":"https:\/\/hidalgo.nl\/example\/","nextItem":{"@type":"ListItem","@id":"https:\/\/hidalgo.nl\/en\/product-supplier\/a24\/#listItem","name":"A24"},"previousItem":{"@type":"ListItem","@id":"https:\/\/hidalgo.nl\/de\/#listItem","name":"Home"}},{"@type":"ListItem","@id":"https:\/\/hidalgo.nl\/en\/product-supplier\/a24\/#listItem","position":3,"name":"A24","item":"https:\/\/hidalgo.nl\/en\/product-supplier\/a24\/","nextItem":{"@type":"ListItem","@id":"https:\/\/hidalgo.nl\/de\/product\/circulcup-400-ml\/#listItem","name":"CirculCup 400 ml"},"previousItem":{"@type":"ListItem","@id":"https:\/\/hidalgo.nl\/example\/#listItem","name":"example"}},{"@type":"ListItem","@id":"https:\/\/hidalgo.nl\/de\/product\/circulcup-400-ml\/#listItem","position":4,"name":"CirculCup 400 ml","previousItem":{"@type":"ListItem","@id":"https:\/\/hidalgo.nl\/en\/product-supplier\/a24\/#listItem","name":"A24"}}]},{"@type":"Organization","@id":"https:\/\/hidalgo.nl\/de\/#organization","name":"Hidalgo","url":"https:\/\/hidalgo.nl\/de\/","logo":{"@type":"ImageObject","url":"https:\/\/shop.hidalgo.nl\/wp-content\/uploads\/2025\/11\/cropped-Hidalgo-est1993.png","@id":"https:\/\/hidalgo.nl\/de\/product\/circulcup-400-ml\/#organizationLogo","width":585,"height":195},"image":{"@id":"https:\/\/hidalgo.nl\/de\/product\/circulcup-400-ml\/#organizationLogo"}},{"@type":"ProductGroup","@id":"https:\/\/hidalgo.nl\/de\/product\/circulcup-400-ml\/#wooCommerceProduct","name":"CirculCup 400 ml","url":"https:\/\/hidalgo.nl\/de\/product\/circulcup-400-ml\/","brand":{"@type":"Brand","name":"Circulware"},"sku":"A24-1936","image":{"@type":"ImageObject","url":"https:\/\/shop.hidalgo.nl\/wp-content\/uploads\/2025\/07\/890d5e08ed10db9fa898f963c5f8a7eb59e1da6e344659eb53d9411e2cb5a861.jpg","@id":"https:\/\/hidalgo.nl\/de\/product\/circulcup-400-ml\/#productImage","width":1000,"height":1000},"productGroupID":164115,"hasVariant":[{"@type":"Product","@id":"https:\/\/hidalgo.nl\/de\/product\/circulcup-400-ml\/#wooCommerceProduct","name":"CirculCup 400 ml - offwhite","url":"https:\/\/hidalgo.nl\/de\/product\/circulcup-400-ml\/","sku":"A24-193610","image":{"@type":"ImageObject","url":"https:\/\/shop.hidalgo.nl\/wp-content\/uploads\/2025\/07\/890d5e08ed10db9fa898f963c5f8a7eb59e1da6e344659eb53d9411e2cb5a861.jpg","@id":"https:\/\/hidalgo.nl\/de\/product\/circulcup-400-ml\/#productImage","width":1000,"height":1000},"offers":{"@type":"Offer","url":"https:\/\/hidalgo.nl\/de\/product\/circulcup-400-ml\/#wooCommerceOffer","price":"1.75","priceCurrency":"EUR","category":"Bidons &amp; drinkflessen","availability":"https:\/\/schema.org\/InStock","priceSpecification":{"@type":"PriceSpecification","price":1.75,"priceCurrency":"EUR","valueAddedTaxIncluded":"true"}}},{"@type":"Product","@id":"https:\/\/hidalgo.nl\/de\/product\/circulcup-400-ml\/#wooCommerceProduct","name":"CirculCup 400 ml - black","url":"https:\/\/hidalgo.nl\/de\/product\/circulcup-400-ml\/","sku":"A24-193698","image":{"@type":"ImageObject","url":"https:\/\/shop.hidalgo.nl\/wp-content\/uploads\/2025\/07\/05c880634520ab5411cc2a3efeb2289b37f7d06c756420cf9a35a56bd21365ae.jpg","@id":"https:\/\/hidalgo.nl\/de\/product\/circulcup-400-ml\/#productImage","width":1000,"height":1000},"offers":{"@type":"Offer","url":"https:\/\/hidalgo.nl\/de\/product\/circulcup-400-ml\/#wooCommerceOffer","price":"1.75","priceCurrency":"EUR","category":"Bidons &amp; drinkflessen","availability":"https:\/\/schema.org\/InStock","priceSpecification":{"@type":"PriceSpecification","price":1.75,"priceCurrency":"EUR","valueAddedTaxIncluded":"true"}}},{"@type":"Product","@id":"https:\/\/hidalgo.nl\/de\/product\/circulcup-400-ml\/#wooCommerceProduct","name":"CirculCup 400 ml - stone-dark","url":"https:\/\/hidalgo.nl\/de\/product\/circulcup-400-ml\/","sku":"A24-193692","image":{"@type":"ImageObject","url":"https:\/\/shop.hidalgo.nl\/wp-content\/uploads\/2025\/07\/95e15f787887c487604758ed37c7cea220964cf7c5ea05a6067b39786186c51c.jpg","@id":"https:\/\/hidalgo.nl\/de\/product\/circulcup-400-ml\/#productImage","width":1000,"height":1000},"offers":{"@type":"Offer","url":"https:\/\/hidalgo.nl\/de\/product\/circulcup-400-ml\/#wooCommerceOffer","price":"1.75","priceCurrency":"EUR","category":"Bidons &amp; drinkflessen","availability":"https:\/\/schema.org\/InStock","priceSpecification":{"@type":"PriceSpecification","price":1.75,"priceCurrency":"EUR","valueAddedTaxIncluded":"true"}}},{"@type":"Product","@id":"https:\/\/hidalgo.nl\/de\/product\/circulcup-400-ml\/#wooCommerceProduct","name":"CirculCup 400 ml - beige-graphite","url":"https:\/\/hidalgo.nl\/de\/product\/circulcup-400-ml\/","sku":"A24-193642","image":{"@type":"ImageObject","url":"https:\/\/shop.hidalgo.nl\/wp-content\/uploads\/2025\/07\/f99502d168f16a123d27eb42d4322ba38d338f9131f063b1da0b229dc559461f.jpg","@id":"https:\/\/hidalgo.nl\/de\/product\/circulcup-400-ml\/#productImage","width":1000,"height":1000},"offers":{"@type":"Offer","url":"https:\/\/hidalgo.nl\/de\/product\/circulcup-400-ml\/#wooCommerceOffer","price":"1.75","priceCurrency":"EUR","category":"Bidons &amp; drinkflessen","availability":"https:\/\/schema.org\/InStock","priceSpecification":{"@type":"PriceSpecification","price":1.75,"priceCurrency":"EUR","valueAddedTaxIncluded":"true"}}}]},{"@type":"WebPage","@id":"https:\/\/hidalgo.nl\/de\/product\/circulcup-400-ml\/#webpage","url":"https:\/\/hidalgo.nl\/de\/product\/circulcup-400-ml\/","name":"CirculCup 400 ml","description":"Perfekt f\u00fcr B\u00fcro, Events und To-go: ein wiederverwendbarer Becher mit 400 ml, stapelbarer Becher f\u00fcr hei\u00dfe und kalte Getr\u00e4nke. Hidalgo bedruckt ihn mit deinem Logo - robust und praktisch im t\u00e4glichen Einsatz.","inLanguage":"de-DE","isPartOf":{"@id":"https:\/\/hidalgo.nl\/de\/#website"},"breadcrumb":{"@id":"https:\/\/hidalgo.nl\/de\/product\/circulcup-400-ml\/#breadcrumblist"},"image":{"@type":"ImageObject","url":"https:\/\/shop.hidalgo.nl\/wp-content\/uploads\/2025\/07\/890d5e08ed10db9fa898f963c5f8a7eb59e1da6e344659eb53d9411e2cb5a861.jpg","@id":"https:\/\/hidalgo.nl\/de\/product\/circulcup-400-ml\/#mainImage","width":1000,"height":1000},"primaryImageOfPage":{"@id":"https:\/\/hidalgo.nl\/de\/product\/circulcup-400-ml\/#mainImage"},"datePublished":"2025-07-11T10:17:14+00:00","dateModified":"2026-03-21T18:25:57+00:00"},{"@type":"WebSite","@id":"https:\/\/hidalgo.nl\/de\/#website","url":"https:\/\/hidalgo.nl\/de\/","name":"Hidalgo","inLanguage":"de-DE","publisher":{"@id":"https:\/\/hidalgo.nl\/de\/#organization"}}]},"og:locale":"de_DE","og:site_name":"Hidalgo -","og:type":"article","og:title":"CirculCup 400 ml","og:description":"Perfekt f\u00fcr B\u00fcro, Events und To-go: ein wiederverwendbarer Becher mit 400 ml, stapelbarer Becher f\u00fcr hei\u00dfe und kalte Getr\u00e4nke. Hidalgo bedruckt ihn mit deinem Logo - robust und praktisch im t\u00e4glichen Einsatz.","og:url":"https:\/\/hidalgo.nl\/de\/wp-json\/wp\/v2\/product\/164115","og:image":"https:\/\/shop.hidalgo.nl\/wp-content\/uploads\/2025\/11\/cropped-Hidalgo-est1993.png","og:image:secure_url":"https:\/\/shop.hidalgo.nl\/wp-content\/uploads\/2025\/11\/cropped-Hidalgo-est1993.png","article:published_time":"2025-07-11T10:17:14+00:00","article:modified_time":"2026-03-21T18:25:57+00:00","twitter:card":"summary_large_image","twitter:title":"CirculCup 400 ml","twitter:description":"Perfekt f\u00fcr B\u00fcro, Events und To-go: ein wiederverwendbarer Becher mit 400 ml, stapelbarer Becher f\u00fcr hei\u00dfe und kalte Getr\u00e4nke. Hidalgo bedruckt ihn mit deinem Logo - robust und praktisch im t\u00e4glichen Einsatz.","twitter:image":"https:\/\/shop.hidalgo.nl\/wp-content\/uploads\/2025\/11\/cropped-Hidalgo-est1993.png"},"aioseo_meta_data":{"post_id":"164115","title":null,"description":null,"keywords":null,"keyphrases":null,"primary_term":null,"canonical_url":null,"og_title":null,"og_description":null,"og_object_type":"default","og_image_type":"default","og_image_url":null,"og_image_width":null,"og_image_height":null,"og_image_custom_url":null,"og_image_custom_fields":null,"og_video":null,"og_custom_url":null,"og_article_section":null,"og_article_tags":null,"twitter_use_og":false,"twitter_card":"default","twitter_image_type":"default","twitter_image_url":null,"twitter_image_custom_url":null,"twitter_image_custom_fields":null,"twitter_title":null,"twitter_description":null,"schema":{"blockGraphs":[],"customGraphs":[],"default":{"data":{"Article":[],"Course":[],"Dataset":[],"FAQPage":[],"Movie":[],"Person":[],"Product":[],"ProductReview":[],"Car":[],"Recipe":[],"Service":[],"SoftwareApplication":[],"WebPage":[]},"graphName":"","isEnabled":true},"graphs":[]},"schema_type":"default","schema_type_options":null,"pillar_content":false,"robots_default":true,"robots_noindex":false,"robots_noarchive":false,"robots_nosnippet":false,"robots_nofollow":false,"robots_noimageindex":false,"robots_noodp":false,"robots_notranslate":false,"robots_max_snippet":null,"robots_max_videopreview":null,"robots_max_imagepreview":"large","priority":null,"frequency":null,"local_seo":null,"seo_analyzer_scan_date":"2026-01-22 18:15:36","breadcrumb_settings":null,"limit_modified_date":false,"reviewed_by":null,"open_ai":null,"ai":null,"created":"2026-01-14 07:02:59","updated":"2026-04-23 00:48:57"},"aioseo_breadcrumb":"<div class=\"aioseo-breadcrumbs\"><span class=\"aioseo-breadcrumb\">\n\t<a href=\"https:\/\/hidalgo.nl\/de\/\" title=\"Home\">Home<\/a>\n<\/span><span class=\"aioseo-breadcrumb-separator\">\u00bb<\/span><span class=\"aioseo-breadcrumb\">\n\t<a href=\"https:\/\/hidalgo.nl\/example\/\" title=\"example\">example<\/a>\n<\/span><span class=\"aioseo-breadcrumb-separator\">\u00bb<\/span><span class=\"aioseo-breadcrumb\">\n\t<a href=\"https:\/\/hidalgo.nl\/en\/product-supplier\/a24\/\" title=\"A24\">A24<\/a>\n<\/span><span class=\"aioseo-breadcrumb-separator\">\u00bb<\/span><span class=\"aioseo-breadcrumb\">\n\tCirculCup 400 ml\n<\/span><\/div>","aioseo_breadcrumb_json":[{"label":"Home","link":"https:\/\/hidalgo.nl\/de\/"},{"label":"example","link":"https:\/\/hidalgo.nl\/example\/"},{"label":"A24","link":"https:\/\/hidalgo.nl\/en\/product-supplier\/a24\/"},{"label":"CirculCup 400 ml","link":"https:\/\/hidalgo.nl\/de\/product\/circulcup-400-ml\/"}],"_links":{"self":[{"href":"https:\/\/hidalgo.nl\/de\/wp-json\/wp\/v2\/product\/164115","targetHints":{"allow":["GET"]}}],"collection":[{"href":"https:\/\/hidalgo.nl\/de\/wp-json\/wp\/v2\/product"}],"about":[{"href":"https:\/\/hidalgo.nl\/de\/wp-json\/wp\/v2\/types\/product"}],"wp:featuredmedia":[{"embeddable":true,"href":"https:\/\/hidalgo.nl\/de\/wp-json\/wp\/v2\/media\/164116"}],"wp:attachment":[{"href":"https:\/\/hidalgo.nl\/de\/wp-json\/wp\/v2\/media?parent=164115"}],"wp:term":[{"taxonomy":"product_brand","embeddable":true,"href":"https:\/\/hidalgo.nl\/de\/wp-json\/wp\/v2\/product_brand?post=164115"},{"taxonomy":"product_cat","embeddable":true,"href":"https:\/\/hidalgo.nl\/de\/wp-json\/wp\/v2\/product_cat?post=164115"},{"taxonomy":"product_tag","embeddable":true,"href":"https:\/\/hidalgo.nl\/de\/wp-json\/wp\/v2\/product_tag?post=164115"}],"curies":[{"name":"wp","href":"https:\/\/api.w.org\/{rel}","templated":true}]}}