{"id":164087,"date":"2025-07-11T10:15:41","date_gmt":"2025-07-11T10:15:41","guid":{"rendered":"http:\/\/bidonsenshakers.pim.hidalgo.nl\/product\/circulcup-80-ml\/"},"modified":"2026-03-21T12:54:13","modified_gmt":"2026-03-21T12:54:13","slug":"circulcup-80-ml","status":"publish","type":"product","link":"https:\/\/hidalgo.nl\/de\/product\/circulcup-80-ml\/","title":{"rendered":"CirculCup 80 ml"},"content":{"rendered":"<p>Herbruikbare, stapelbare beker van het merk Circulware. Deze beker is gemaakt van hoogwaardig kunststof en kan tot wel 500 keer gebruikt worden. Door het kleine formaat uitermate geschikt voor een espresso. Een prima alternatief voor de wegwerp-espressobeker. De beker is licht in gewicht, gemakkelijk te reinigen en stapelbaar, dus ruimtebesparend. Food Approved. Vaatwasserbestendig en magnetronbestendig. 100% recyclebaar. Hiermee draagt deze beker bij aan een circulaire economie. Dutch Design. Made in Holland. Inhoud 80 ml.<\/p>\n","protected":false},"excerpt":{"rendered":"<p>Herbruikbare, stapelbare beker van het merk Circulware. Deze beker is gemaakt van hoogwaardig kunststof en kan tot wel 500 keer gebruikt worden. Door het kleine formaat uitermate geschikt voor een espresso. Een prima alternatief voor de wegwerp-espressobeker. De beker is licht in gewicht, gemakkelijk te reinigen en stapelbaar, dus ruimtebesparend. Food Approved. Vaatwasserbestendig en magnetronbestendig.&hellip; <a class=\"more-link\" href=\"https:\/\/hidalgo.nl\/de\/product\/circulcup-80-ml\/\"><span class=\"screen-reader-text\">CirculCup 80 ml<\/span> weiterlesen<\/a><\/p>\n","protected":false},"featured_media":164088,"template":"","meta":{"_acf_changed":false,"om_disable_all_campaigns":false,"_monsterinsights_skip_tracking":false,"_monsterinsights_sitenote_active":false,"_monsterinsights_sitenote_note":"","_monsterinsights_sitenote_category":0},"product_brand":[2051],"product_cat":[4835,4732,4833],"product_tag":[],"class_list":{"0":"post-164087","1":"product","2":"type-product","3":"status-publish","4":"has-post-thumbnail","6":"product_supplier-a24","7":"product_material-pp-plastic","8":"product_brand-circulware","9":"product_cat-bidons-drinkflessen-mokken-en-bekers-bekers","10":"product_cat-bidons-drinkflessen","11":"product_cat-bidons-drinkflessen-mokken-en-bekers","12":"entry","14":"first","15":"instock","16":"taxable","17":"shipping-taxable","18":"purchasable","19":"product-type-variable"},"acf":{"imprint_cost":[{"imprint_cost_key":"df5c2cc481705512049ce4169c78d11fcbde05b4","product_quantity_price_range":[{"imprint_cost_recommended_selling_price":"2.385","imprint_cost_recommended_selling_quantity":"1"},{"imprint_cost_recommended_selling_price":"1.275","imprint_cost_recommended_selling_quantity":"25"},{"imprint_cost_recommended_selling_price":"0.81","imprint_cost_recommended_selling_quantity":"50"},{"imprint_cost_recommended_selling_price":"0.51","imprint_cost_recommended_selling_quantity":"100"},{"imprint_cost_recommended_selling_price":"0.42","imprint_cost_recommended_selling_quantity":"250"},{"imprint_cost_recommended_selling_price":"0.36","imprint_cost_recommended_selling_quantity":"500"},{"imprint_cost_recommended_selling_price":"0.3","imprint_cost_recommended_selling_quantity":"1000"},{"imprint_cost_recommended_selling_price":"0.255","imprint_cost_recommended_selling_quantity":"2500"},{"imprint_cost_recommended_selling_price":"0.225","imprint_cost_recommended_selling_quantity":"5000"}],"product_quantity_price_range_buying":[{"imprint_cost_general_buying_price":"1.59","imprint_cost_general_buying_quantity":"1"},{"imprint_cost_general_buying_price":"0.85","imprint_cost_general_buying_quantity":"25"},{"imprint_cost_general_buying_price":"0.54","imprint_cost_general_buying_quantity":"50"},{"imprint_cost_general_buying_price":"0.34","imprint_cost_general_buying_quantity":"100"},{"imprint_cost_general_buying_price":"0.28","imprint_cost_general_buying_quantity":"250"},{"imprint_cost_general_buying_price":"0.24","imprint_cost_general_buying_quantity":"500"},{"imprint_cost_general_buying_price":"0.2","imprint_cost_general_buying_quantity":"1000"},{"imprint_cost_general_buying_price":"0.17","imprint_cost_general_buying_quantity":"2500"},{"imprint_cost_general_buying_price":"0.15","imprint_cost_general_buying_quantity":"5000"}],"imprint_cost_setup_costs":"26.25","imprint_cost_handling_costs":"0"}]},"aioseo_notices":[],"aioseo_head":"\n\t\t<!-- All in One SEO Pro 4.9.6.2 - aioseo.com -->\n\t<meta name=\"description\" content=\"Die CirculCup fasst 80 ml f\u00fcr deinen Espresso und begleitet dich im B\u00fcro, auf Events und to go - ideal f\u00fcr 20-40-J\u00e4hrige. Als wiederverwendbarer Becher l\u00e4sst sie sich platzsparend stapeln. Hidalgo druckt dein Logo f\u00fcr einen professionellen Auftritt.\" \/>\n\t<meta name=\"robots\" content=\"max-image-preview:large\" \/>\n\t<link rel=\"canonical\" href=\"https:\/\/hidalgo.nl\/de\/wp-json\/wp\/v2\/product\/164087\" \/>\n\t<meta name=\"generator\" content=\"All in One SEO Pro (AIOSEO) 4.9.6.2\" \/>\n\t\t<meta property=\"og:locale\" content=\"de_DE\" \/>\n\t\t<meta property=\"og:site_name\" content=\"Hidalgo -\" \/>\n\t\t<meta property=\"og:type\" content=\"article\" \/>\n\t\t<meta property=\"og:title\" content=\"CirculCup 80 ml\" \/>\n\t\t<meta property=\"og:description\" content=\"Die CirculCup fasst 80 ml f\u00fcr deinen Espresso und begleitet dich im B\u00fcro, auf Events und to go - ideal f\u00fcr 20-40-J\u00e4hrige. Als wiederverwendbarer Becher l\u00e4sst sie sich platzsparend stapeln. Hidalgo druckt dein Logo f\u00fcr einen professionellen Auftritt.\" \/>\n\t\t<meta property=\"og:url\" content=\"https:\/\/hidalgo.nl\/de\/wp-json\/wp\/v2\/product\/164087\" \/>\n\t\t<meta property=\"og:image\" content=\"https:\/\/shop.hidalgo.nl\/wp-content\/uploads\/2025\/11\/cropped-Hidalgo-est1993.png\" \/>\n\t\t<meta property=\"og:image:secure_url\" content=\"https:\/\/shop.hidalgo.nl\/wp-content\/uploads\/2025\/11\/cropped-Hidalgo-est1993.png\" \/>\n\t\t<meta property=\"article:published_time\" content=\"2025-07-11T10:15:41+00:00\" \/>\n\t\t<meta property=\"article:modified_time\" content=\"2026-03-21T12:54:13+00:00\" \/>\n\t\t<meta name=\"twitter:card\" content=\"summary_large_image\" \/>\n\t\t<meta name=\"twitter:title\" content=\"CirculCup 80 ml\" \/>\n\t\t<meta name=\"twitter:description\" content=\"Die CirculCup fasst 80 ml f\u00fcr deinen Espresso und begleitet dich im B\u00fcro, auf Events und to go - ideal f\u00fcr 20-40-J\u00e4hrige. Als wiederverwendbarer Becher l\u00e4sst sie sich platzsparend stapeln. Hidalgo druckt dein Logo f\u00fcr einen professionellen Auftritt.\" \/>\n\t\t<meta name=\"twitter:image\" content=\"https:\/\/shop.hidalgo.nl\/wp-content\/uploads\/2025\/11\/cropped-Hidalgo-est1993.png\" \/>\n\t\t<script type=\"application\/ld+json\" class=\"aioseo-schema\">\n\t\t\t{\"@context\":\"https:\\\/\\\/schema.org\",\"@graph\":[{\"@type\":\"BreadcrumbList\",\"@id\":\"https:\\\/\\\/hidalgo.nl\\\/de\\\/product\\\/circulcup-80-ml\\\/#breadcrumblist\",\"itemListElement\":[{\"@type\":\"ListItem\",\"@id\":\"https:\\\/\\\/hidalgo.nl\\\/de\\\/#listItem\",\"position\":1,\"name\":\"Home\",\"item\":\"https:\\\/\\\/hidalgo.nl\\\/de\\\/\",\"nextItem\":{\"@type\":\"ListItem\",\"@id\":\"https:\\\/\\\/hidalgo.nl\\\/example\\\/#listItem\",\"name\":\"example\"}},{\"@type\":\"ListItem\",\"@id\":\"https:\\\/\\\/hidalgo.nl\\\/example\\\/#listItem\",\"position\":2,\"name\":\"example\",\"item\":\"https:\\\/\\\/hidalgo.nl\\\/example\\\/\",\"nextItem\":{\"@type\":\"ListItem\",\"@id\":\"https:\\\/\\\/hidalgo.nl\\\/en\\\/product-supplier\\\/a24\\\/#listItem\",\"name\":\"A24\"},\"previousItem\":{\"@type\":\"ListItem\",\"@id\":\"https:\\\/\\\/hidalgo.nl\\\/de\\\/#listItem\",\"name\":\"Home\"}},{\"@type\":\"ListItem\",\"@id\":\"https:\\\/\\\/hidalgo.nl\\\/en\\\/product-supplier\\\/a24\\\/#listItem\",\"position\":3,\"name\":\"A24\",\"item\":\"https:\\\/\\\/hidalgo.nl\\\/en\\\/product-supplier\\\/a24\\\/\",\"nextItem\":{\"@type\":\"ListItem\",\"@id\":\"https:\\\/\\\/hidalgo.nl\\\/de\\\/product\\\/circulcup-80-ml\\\/#listItem\",\"name\":\"CirculCup 80 ml\"},\"previousItem\":{\"@type\":\"ListItem\",\"@id\":\"https:\\\/\\\/hidalgo.nl\\\/example\\\/#listItem\",\"name\":\"example\"}},{\"@type\":\"ListItem\",\"@id\":\"https:\\\/\\\/hidalgo.nl\\\/de\\\/product\\\/circulcup-80-ml\\\/#listItem\",\"position\":4,\"name\":\"CirculCup 80 ml\",\"previousItem\":{\"@type\":\"ListItem\",\"@id\":\"https:\\\/\\\/hidalgo.nl\\\/en\\\/product-supplier\\\/a24\\\/#listItem\",\"name\":\"A24\"}}]},{\"@type\":\"Organization\",\"@id\":\"https:\\\/\\\/hidalgo.nl\\\/de\\\/#organization\",\"name\":\"Hidalgo\",\"url\":\"https:\\\/\\\/hidalgo.nl\\\/de\\\/\",\"logo\":{\"@type\":\"ImageObject\",\"url\":\"https:\\\/\\\/shop.hidalgo.nl\\\/wp-content\\\/uploads\\\/2025\\\/11\\\/cropped-Hidalgo-est1993.png\",\"@id\":\"https:\\\/\\\/hidalgo.nl\\\/de\\\/product\\\/circulcup-80-ml\\\/#organizationLogo\",\"width\":585,\"height\":195},\"image\":{\"@id\":\"https:\\\/\\\/hidalgo.nl\\\/de\\\/product\\\/circulcup-80-ml\\\/#organizationLogo\"}},{\"@type\":\"ProductGroup\",\"@id\":\"https:\\\/\\\/hidalgo.nl\\\/de\\\/product\\\/circulcup-80-ml\\\/#wooCommerceProduct\",\"name\":\"CirculCup 80 ml\",\"url\":\"https:\\\/\\\/hidalgo.nl\\\/de\\\/product\\\/circulcup-80-ml\\\/\",\"brand\":{\"@type\":\"Brand\",\"name\":\"Circulware\"},\"sku\":\"A24-1931\",\"image\":{\"@type\":\"ImageObject\",\"url\":\"https:\\\/\\\/shop.hidalgo.nl\\\/wp-content\\\/uploads\\\/2025\\\/07\\\/970d504625e8b13744151277aeb745e9664bb3c042f0fd9349d3e18a2db2b472.jpg\",\"@id\":\"https:\\\/\\\/hidalgo.nl\\\/de\\\/product\\\/circulcup-80-ml\\\/#productImage\",\"width\":1000,\"height\":1000},\"productGroupID\":164087,\"hasVariant\":[{\"@type\":\"Product\",\"@id\":\"https:\\\/\\\/hidalgo.nl\\\/de\\\/product\\\/circulcup-80-ml\\\/#wooCommerceProduct\",\"name\":\"CirculCup 80 ml - black\",\"url\":\"https:\\\/\\\/hidalgo.nl\\\/de\\\/product\\\/circulcup-80-ml\\\/\",\"sku\":\"A24-193198\",\"image\":{\"@type\":\"ImageObject\",\"url\":\"https:\\\/\\\/shop.hidalgo.nl\\\/wp-content\\\/uploads\\\/2025\\\/07\\\/970d504625e8b13744151277aeb745e9664bb3c042f0fd9349d3e18a2db2b472.jpg\",\"@id\":\"https:\\\/\\\/hidalgo.nl\\\/de\\\/product\\\/circulcup-80-ml\\\/#productImage\",\"width\":1000,\"height\":1000},\"offers\":{\"@type\":\"Offer\",\"url\":\"https:\\\/\\\/hidalgo.nl\\\/de\\\/product\\\/circulcup-80-ml\\\/#wooCommerceOffer\",\"price\":\"0.75\",\"priceCurrency\":\"EUR\",\"category\":\"Bidons &amp; drinkflessen\",\"availability\":\"https:\\\/\\\/schema.org\\\/InStock\",\"priceSpecification\":{\"@type\":\"PriceSpecification\",\"price\":0.75,\"priceCurrency\":\"EUR\",\"valueAddedTaxIncluded\":\"true\"}}},{\"@type\":\"Product\",\"@id\":\"https:\\\/\\\/hidalgo.nl\\\/de\\\/product\\\/circulcup-80-ml\\\/#wooCommerceProduct\",\"name\":\"CirculCup 80 ml - beige-graphite\",\"url\":\"https:\\\/\\\/hidalgo.nl\\\/de\\\/product\\\/circulcup-80-ml\\\/\",\"sku\":\"A24-193142\",\"image\":{\"@type\":\"ImageObject\",\"url\":\"https:\\\/\\\/shop.hidalgo.nl\\\/wp-content\\\/uploads\\\/2025\\\/07\\\/72ed6881e078ce2daaaa1ed7f220b695efec18d33f7f8c81f00d331814c7ffbb.jpg\",\"@id\":\"https:\\\/\\\/hidalgo.nl\\\/de\\\/product\\\/circulcup-80-ml\\\/#productImage\",\"width\":1000,\"height\":1000},\"offers\":{\"@type\":\"Offer\",\"url\":\"https:\\\/\\\/hidalgo.nl\\\/de\\\/product\\\/circulcup-80-ml\\\/#wooCommerceOffer\",\"price\":\"0.75\",\"priceCurrency\":\"EUR\",\"category\":\"Bidons &amp; drinkflessen\",\"availability\":\"https:\\\/\\\/schema.org\\\/InStock\",\"priceSpecification\":{\"@type\":\"PriceSpecification\",\"price\":0.75,\"priceCurrency\":\"EUR\",\"valueAddedTaxIncluded\":\"true\"}}},{\"@type\":\"Product\",\"@id\":\"https:\\\/\\\/hidalgo.nl\\\/de\\\/product\\\/circulcup-80-ml\\\/#wooCommerceProduct\",\"name\":\"CirculCup 80 ml - stone-dark\",\"url\":\"https:\\\/\\\/hidalgo.nl\\\/de\\\/product\\\/circulcup-80-ml\\\/\",\"sku\":\"A24-193192\",\"image\":{\"@type\":\"ImageObject\",\"url\":\"https:\\\/\\\/shop.hidalgo.nl\\\/wp-content\\\/uploads\\\/2025\\\/07\\\/7b5ded8a015b6a0490b7f5c862a7d1345e403b251a6ae96f6f265d719e4ed00b.jpg\",\"@id\":\"https:\\\/\\\/hidalgo.nl\\\/de\\\/product\\\/circulcup-80-ml\\\/#productImage\",\"width\":1000,\"height\":1000},\"offers\":{\"@type\":\"Offer\",\"url\":\"https:\\\/\\\/hidalgo.nl\\\/de\\\/product\\\/circulcup-80-ml\\\/#wooCommerceOffer\",\"price\":\"0.75\",\"priceCurrency\":\"EUR\",\"category\":\"Bidons &amp; drinkflessen\",\"availability\":\"https:\\\/\\\/schema.org\\\/InStock\",\"priceSpecification\":{\"@type\":\"PriceSpecification\",\"price\":0.75,\"priceCurrency\":\"EUR\",\"valueAddedTaxIncluded\":\"true\"}}},{\"@type\":\"Product\",\"@id\":\"https:\\\/\\\/hidalgo.nl\\\/de\\\/product\\\/circulcup-80-ml\\\/#wooCommerceProduct\",\"name\":\"CirculCup 80 ml - offwhite\",\"url\":\"https:\\\/\\\/hidalgo.nl\\\/de\\\/product\\\/circulcup-80-ml\\\/\",\"sku\":\"A24-193110\",\"image\":{\"@type\":\"ImageObject\",\"url\":\"https:\\\/\\\/shop.hidalgo.nl\\\/wp-content\\\/uploads\\\/2025\\\/07\\\/13f147696cab5003dc09654960af489466a3c3bd8008664574e0ea3d0ed4f0b1.jpg\",\"@id\":\"https:\\\/\\\/hidalgo.nl\\\/de\\\/product\\\/circulcup-80-ml\\\/#productImage\",\"width\":1000,\"height\":1000},\"offers\":{\"@type\":\"Offer\",\"url\":\"https:\\\/\\\/hidalgo.nl\\\/de\\\/product\\\/circulcup-80-ml\\\/#wooCommerceOffer\",\"price\":\"0.75\",\"priceCurrency\":\"EUR\",\"category\":\"Bidons &amp; drinkflessen\",\"availability\":\"https:\\\/\\\/schema.org\\\/InStock\",\"priceSpecification\":{\"@type\":\"PriceSpecification\",\"price\":0.75,\"priceCurrency\":\"EUR\",\"valueAddedTaxIncluded\":\"true\"}}}]},{\"@type\":\"WebPage\",\"@id\":\"https:\\\/\\\/hidalgo.nl\\\/de\\\/product\\\/circulcup-80-ml\\\/#webpage\",\"url\":\"https:\\\/\\\/hidalgo.nl\\\/de\\\/product\\\/circulcup-80-ml\\\/\",\"name\":\"CirculCup 80 ml\",\"description\":\"Die CirculCup fasst 80 ml f\\u00fcr deinen Espresso und begleitet dich im B\\u00fcro, auf Events und to go - ideal f\\u00fcr 20-40-J\\u00e4hrige. Als wiederverwendbarer Becher l\\u00e4sst sie sich platzsparend stapeln. Hidalgo druckt dein Logo f\\u00fcr einen professionellen Auftritt.\",\"inLanguage\":\"de-DE\",\"isPartOf\":{\"@id\":\"https:\\\/\\\/hidalgo.nl\\\/de\\\/#website\"},\"breadcrumb\":{\"@id\":\"https:\\\/\\\/hidalgo.nl\\\/de\\\/product\\\/circulcup-80-ml\\\/#breadcrumblist\"},\"image\":{\"@type\":\"ImageObject\",\"url\":\"https:\\\/\\\/shop.hidalgo.nl\\\/wp-content\\\/uploads\\\/2025\\\/07\\\/970d504625e8b13744151277aeb745e9664bb3c042f0fd9349d3e18a2db2b472.jpg\",\"@id\":\"https:\\\/\\\/hidalgo.nl\\\/de\\\/product\\\/circulcup-80-ml\\\/#mainImage\",\"width\":1000,\"height\":1000},\"primaryImageOfPage\":{\"@id\":\"https:\\\/\\\/hidalgo.nl\\\/de\\\/product\\\/circulcup-80-ml\\\/#mainImage\"},\"datePublished\":\"2025-07-11T10:15:41+00:00\",\"dateModified\":\"2026-03-21T12:54:13+00:00\"},{\"@type\":\"WebSite\",\"@id\":\"https:\\\/\\\/hidalgo.nl\\\/de\\\/#website\",\"url\":\"https:\\\/\\\/hidalgo.nl\\\/de\\\/\",\"name\":\"Hidalgo\",\"inLanguage\":\"de-DE\",\"publisher\":{\"@id\":\"https:\\\/\\\/hidalgo.nl\\\/de\\\/#organization\"}}]}\n\t\t<\/script>\n\t\t<!-- All in One SEO Pro -->\r\n\t\t<title>CirculCup 80 ml<\/title>\n\n","aioseo_head_json":{"title":"CirculCup 80 ml","description":"Die CirculCup fasst 80 ml f\u00fcr deinen Espresso und begleitet dich im B\u00fcro, auf Events und to go - ideal f\u00fcr 20-40-J\u00e4hrige. Als wiederverwendbarer Becher l\u00e4sst sie sich platzsparend stapeln. Hidalgo druckt dein Logo f\u00fcr einen professionellen Auftritt.","canonical_url":"https:\/\/hidalgo.nl\/de\/wp-json\/wp\/v2\/product\/164087","robots":"max-image-preview:large","keywords":"","webmasterTools":{"miscellaneous":""},"schema":{"@context":"https:\/\/schema.org","@graph":[{"@type":"BreadcrumbList","@id":"https:\/\/hidalgo.nl\/de\/product\/circulcup-80-ml\/#breadcrumblist","itemListElement":[{"@type":"ListItem","@id":"https:\/\/hidalgo.nl\/de\/#listItem","position":1,"name":"Home","item":"https:\/\/hidalgo.nl\/de\/","nextItem":{"@type":"ListItem","@id":"https:\/\/hidalgo.nl\/example\/#listItem","name":"example"}},{"@type":"ListItem","@id":"https:\/\/hidalgo.nl\/example\/#listItem","position":2,"name":"example","item":"https:\/\/hidalgo.nl\/example\/","nextItem":{"@type":"ListItem","@id":"https:\/\/hidalgo.nl\/en\/product-supplier\/a24\/#listItem","name":"A24"},"previousItem":{"@type":"ListItem","@id":"https:\/\/hidalgo.nl\/de\/#listItem","name":"Home"}},{"@type":"ListItem","@id":"https:\/\/hidalgo.nl\/en\/product-supplier\/a24\/#listItem","position":3,"name":"A24","item":"https:\/\/hidalgo.nl\/en\/product-supplier\/a24\/","nextItem":{"@type":"ListItem","@id":"https:\/\/hidalgo.nl\/de\/product\/circulcup-80-ml\/#listItem","name":"CirculCup 80 ml"},"previousItem":{"@type":"ListItem","@id":"https:\/\/hidalgo.nl\/example\/#listItem","name":"example"}},{"@type":"ListItem","@id":"https:\/\/hidalgo.nl\/de\/product\/circulcup-80-ml\/#listItem","position":4,"name":"CirculCup 80 ml","previousItem":{"@type":"ListItem","@id":"https:\/\/hidalgo.nl\/en\/product-supplier\/a24\/#listItem","name":"A24"}}]},{"@type":"Organization","@id":"https:\/\/hidalgo.nl\/de\/#organization","name":"Hidalgo","url":"https:\/\/hidalgo.nl\/de\/","logo":{"@type":"ImageObject","url":"https:\/\/shop.hidalgo.nl\/wp-content\/uploads\/2025\/11\/cropped-Hidalgo-est1993.png","@id":"https:\/\/hidalgo.nl\/de\/product\/circulcup-80-ml\/#organizationLogo","width":585,"height":195},"image":{"@id":"https:\/\/hidalgo.nl\/de\/product\/circulcup-80-ml\/#organizationLogo"}},{"@type":"ProductGroup","@id":"https:\/\/hidalgo.nl\/de\/product\/circulcup-80-ml\/#wooCommerceProduct","name":"CirculCup 80 ml","url":"https:\/\/hidalgo.nl\/de\/product\/circulcup-80-ml\/","brand":{"@type":"Brand","name":"Circulware"},"sku":"A24-1931","image":{"@type":"ImageObject","url":"https:\/\/shop.hidalgo.nl\/wp-content\/uploads\/2025\/07\/970d504625e8b13744151277aeb745e9664bb3c042f0fd9349d3e18a2db2b472.jpg","@id":"https:\/\/hidalgo.nl\/de\/product\/circulcup-80-ml\/#productImage","width":1000,"height":1000},"productGroupID":164087,"hasVariant":[{"@type":"Product","@id":"https:\/\/hidalgo.nl\/de\/product\/circulcup-80-ml\/#wooCommerceProduct","name":"CirculCup 80 ml - black","url":"https:\/\/hidalgo.nl\/de\/product\/circulcup-80-ml\/","sku":"A24-193198","image":{"@type":"ImageObject","url":"https:\/\/shop.hidalgo.nl\/wp-content\/uploads\/2025\/07\/970d504625e8b13744151277aeb745e9664bb3c042f0fd9349d3e18a2db2b472.jpg","@id":"https:\/\/hidalgo.nl\/de\/product\/circulcup-80-ml\/#productImage","width":1000,"height":1000},"offers":{"@type":"Offer","url":"https:\/\/hidalgo.nl\/de\/product\/circulcup-80-ml\/#wooCommerceOffer","price":"0.75","priceCurrency":"EUR","category":"Bidons &amp; drinkflessen","availability":"https:\/\/schema.org\/InStock","priceSpecification":{"@type":"PriceSpecification","price":0.75,"priceCurrency":"EUR","valueAddedTaxIncluded":"true"}}},{"@type":"Product","@id":"https:\/\/hidalgo.nl\/de\/product\/circulcup-80-ml\/#wooCommerceProduct","name":"CirculCup 80 ml - beige-graphite","url":"https:\/\/hidalgo.nl\/de\/product\/circulcup-80-ml\/","sku":"A24-193142","image":{"@type":"ImageObject","url":"https:\/\/shop.hidalgo.nl\/wp-content\/uploads\/2025\/07\/72ed6881e078ce2daaaa1ed7f220b695efec18d33f7f8c81f00d331814c7ffbb.jpg","@id":"https:\/\/hidalgo.nl\/de\/product\/circulcup-80-ml\/#productImage","width":1000,"height":1000},"offers":{"@type":"Offer","url":"https:\/\/hidalgo.nl\/de\/product\/circulcup-80-ml\/#wooCommerceOffer","price":"0.75","priceCurrency":"EUR","category":"Bidons &amp; drinkflessen","availability":"https:\/\/schema.org\/InStock","priceSpecification":{"@type":"PriceSpecification","price":0.75,"priceCurrency":"EUR","valueAddedTaxIncluded":"true"}}},{"@type":"Product","@id":"https:\/\/hidalgo.nl\/de\/product\/circulcup-80-ml\/#wooCommerceProduct","name":"CirculCup 80 ml - stone-dark","url":"https:\/\/hidalgo.nl\/de\/product\/circulcup-80-ml\/","sku":"A24-193192","image":{"@type":"ImageObject","url":"https:\/\/shop.hidalgo.nl\/wp-content\/uploads\/2025\/07\/7b5ded8a015b6a0490b7f5c862a7d1345e403b251a6ae96f6f265d719e4ed00b.jpg","@id":"https:\/\/hidalgo.nl\/de\/product\/circulcup-80-ml\/#productImage","width":1000,"height":1000},"offers":{"@type":"Offer","url":"https:\/\/hidalgo.nl\/de\/product\/circulcup-80-ml\/#wooCommerceOffer","price":"0.75","priceCurrency":"EUR","category":"Bidons &amp; drinkflessen","availability":"https:\/\/schema.org\/InStock","priceSpecification":{"@type":"PriceSpecification","price":0.75,"priceCurrency":"EUR","valueAddedTaxIncluded":"true"}}},{"@type":"Product","@id":"https:\/\/hidalgo.nl\/de\/product\/circulcup-80-ml\/#wooCommerceProduct","name":"CirculCup 80 ml - offwhite","url":"https:\/\/hidalgo.nl\/de\/product\/circulcup-80-ml\/","sku":"A24-193110","image":{"@type":"ImageObject","url":"https:\/\/shop.hidalgo.nl\/wp-content\/uploads\/2025\/07\/13f147696cab5003dc09654960af489466a3c3bd8008664574e0ea3d0ed4f0b1.jpg","@id":"https:\/\/hidalgo.nl\/de\/product\/circulcup-80-ml\/#productImage","width":1000,"height":1000},"offers":{"@type":"Offer","url":"https:\/\/hidalgo.nl\/de\/product\/circulcup-80-ml\/#wooCommerceOffer","price":"0.75","priceCurrency":"EUR","category":"Bidons &amp; drinkflessen","availability":"https:\/\/schema.org\/InStock","priceSpecification":{"@type":"PriceSpecification","price":0.75,"priceCurrency":"EUR","valueAddedTaxIncluded":"true"}}}]},{"@type":"WebPage","@id":"https:\/\/hidalgo.nl\/de\/product\/circulcup-80-ml\/#webpage","url":"https:\/\/hidalgo.nl\/de\/product\/circulcup-80-ml\/","name":"CirculCup 80 ml","description":"Die CirculCup fasst 80 ml f\u00fcr deinen Espresso und begleitet dich im B\u00fcro, auf Events und to go - ideal f\u00fcr 20-40-J\u00e4hrige. Als wiederverwendbarer Becher l\u00e4sst sie sich platzsparend stapeln. Hidalgo druckt dein Logo f\u00fcr einen professionellen Auftritt.","inLanguage":"de-DE","isPartOf":{"@id":"https:\/\/hidalgo.nl\/de\/#website"},"breadcrumb":{"@id":"https:\/\/hidalgo.nl\/de\/product\/circulcup-80-ml\/#breadcrumblist"},"image":{"@type":"ImageObject","url":"https:\/\/shop.hidalgo.nl\/wp-content\/uploads\/2025\/07\/970d504625e8b13744151277aeb745e9664bb3c042f0fd9349d3e18a2db2b472.jpg","@id":"https:\/\/hidalgo.nl\/de\/product\/circulcup-80-ml\/#mainImage","width":1000,"height":1000},"primaryImageOfPage":{"@id":"https:\/\/hidalgo.nl\/de\/product\/circulcup-80-ml\/#mainImage"},"datePublished":"2025-07-11T10:15:41+00:00","dateModified":"2026-03-21T12:54:13+00:00"},{"@type":"WebSite","@id":"https:\/\/hidalgo.nl\/de\/#website","url":"https:\/\/hidalgo.nl\/de\/","name":"Hidalgo","inLanguage":"de-DE","publisher":{"@id":"https:\/\/hidalgo.nl\/de\/#organization"}}]},"og:locale":"de_DE","og:site_name":"Hidalgo -","og:type":"article","og:title":"CirculCup 80 ml","og:description":"Die CirculCup fasst 80 ml f\u00fcr deinen Espresso und begleitet dich im B\u00fcro, auf Events und to go - ideal f\u00fcr 20-40-J\u00e4hrige. Als wiederverwendbarer Becher l\u00e4sst sie sich platzsparend stapeln. Hidalgo druckt dein Logo f\u00fcr einen professionellen Auftritt.","og:url":"https:\/\/hidalgo.nl\/de\/wp-json\/wp\/v2\/product\/164087","og:image":"https:\/\/shop.hidalgo.nl\/wp-content\/uploads\/2025\/11\/cropped-Hidalgo-est1993.png","og:image:secure_url":"https:\/\/shop.hidalgo.nl\/wp-content\/uploads\/2025\/11\/cropped-Hidalgo-est1993.png","article:published_time":"2025-07-11T10:15:41+00:00","article:modified_time":"2026-03-21T12:54:13+00:00","twitter:card":"summary_large_image","twitter:title":"CirculCup 80 ml","twitter:description":"Die CirculCup fasst 80 ml f\u00fcr deinen Espresso und begleitet dich im B\u00fcro, auf Events und to go - ideal f\u00fcr 20-40-J\u00e4hrige. Als wiederverwendbarer Becher l\u00e4sst sie sich platzsparend stapeln. Hidalgo druckt dein Logo f\u00fcr einen professionellen Auftritt.","twitter:image":"https:\/\/shop.hidalgo.nl\/wp-content\/uploads\/2025\/11\/cropped-Hidalgo-est1993.png"},"aioseo_meta_data":{"post_id":"164087","title":null,"description":null,"keywords":null,"keyphrases":null,"primary_term":null,"canonical_url":null,"og_title":null,"og_description":null,"og_object_type":"default","og_image_type":"default","og_image_url":null,"og_image_width":null,"og_image_height":null,"og_image_custom_url":null,"og_image_custom_fields":null,"og_video":null,"og_custom_url":null,"og_article_section":null,"og_article_tags":null,"twitter_use_og":false,"twitter_card":"default","twitter_image_type":"default","twitter_image_url":null,"twitter_image_custom_url":null,"twitter_image_custom_fields":null,"twitter_title":null,"twitter_description":null,"schema":{"blockGraphs":[],"customGraphs":[],"default":{"data":{"Article":[],"Course":[],"Dataset":[],"FAQPage":[],"Movie":[],"Person":[],"Product":[],"ProductReview":[],"Car":[],"Recipe":[],"Service":[],"SoftwareApplication":[],"WebPage":[]},"graphName":"","isEnabled":true},"graphs":[]},"schema_type":"default","schema_type_options":null,"pillar_content":false,"robots_default":true,"robots_noindex":false,"robots_noarchive":false,"robots_nosnippet":false,"robots_nofollow":false,"robots_noimageindex":false,"robots_noodp":false,"robots_notranslate":false,"robots_max_snippet":null,"robots_max_videopreview":null,"robots_max_imagepreview":"large","priority":null,"frequency":null,"local_seo":null,"seo_analyzer_scan_date":"2026-01-22 18:15:36","breadcrumb_settings":null,"limit_modified_date":false,"reviewed_by":null,"open_ai":null,"ai":null,"created":"2026-01-14 07:02:59","updated":"2026-04-23 00:47:54"},"aioseo_breadcrumb":"<div class=\"aioseo-breadcrumbs\"><span class=\"aioseo-breadcrumb\">\n\t<a href=\"https:\/\/hidalgo.nl\/de\/\" title=\"Home\">Home<\/a>\n<\/span><span class=\"aioseo-breadcrumb-separator\">\u00bb<\/span><span class=\"aioseo-breadcrumb\">\n\t<a href=\"https:\/\/hidalgo.nl\/example\/\" title=\"example\">example<\/a>\n<\/span><span class=\"aioseo-breadcrumb-separator\">\u00bb<\/span><span class=\"aioseo-breadcrumb\">\n\t<a href=\"https:\/\/hidalgo.nl\/en\/product-supplier\/a24\/\" title=\"A24\">A24<\/a>\n<\/span><span class=\"aioseo-breadcrumb-separator\">\u00bb<\/span><span class=\"aioseo-breadcrumb\">\n\tCirculCup 80 ml\n<\/span><\/div>","aioseo_breadcrumb_json":[{"label":"Home","link":"https:\/\/hidalgo.nl\/de\/"},{"label":"example","link":"https:\/\/hidalgo.nl\/example\/"},{"label":"A24","link":"https:\/\/hidalgo.nl\/en\/product-supplier\/a24\/"},{"label":"CirculCup 80 ml","link":"https:\/\/hidalgo.nl\/de\/product\/circulcup-80-ml\/"}],"_links":{"self":[{"href":"https:\/\/hidalgo.nl\/de\/wp-json\/wp\/v2\/product\/164087","targetHints":{"allow":["GET"]}}],"collection":[{"href":"https:\/\/hidalgo.nl\/de\/wp-json\/wp\/v2\/product"}],"about":[{"href":"https:\/\/hidalgo.nl\/de\/wp-json\/wp\/v2\/types\/product"}],"wp:featuredmedia":[{"embeddable":true,"href":"https:\/\/hidalgo.nl\/de\/wp-json\/wp\/v2\/media\/164088"}],"wp:attachment":[{"href":"https:\/\/hidalgo.nl\/de\/wp-json\/wp\/v2\/media?parent=164087"}],"wp:term":[{"taxonomy":"product_brand","embeddable":true,"href":"https:\/\/hidalgo.nl\/de\/wp-json\/wp\/v2\/product_brand?post=164087"},{"taxonomy":"product_cat","embeddable":true,"href":"https:\/\/hidalgo.nl\/de\/wp-json\/wp\/v2\/product_cat?post=164087"},{"taxonomy":"product_tag","embeddable":true,"href":"https:\/\/hidalgo.nl\/de\/wp-json\/wp\/v2\/product_tag?post=164087"}],"curies":[{"name":"wp","href":"https:\/\/api.w.org\/{rel}","templated":true}]}}