{"id":163920,"date":"2025-07-11T10:07:23","date_gmt":"2025-07-11T10:07:23","guid":{"rendered":"http:\/\/bidonsenshakers.pim.hidalgo.nl\/product\/longlife-pencil-duurzaam-potlood\/"},"modified":"2026-03-21T12:48:17","modified_gmt":"2026-03-21T12:48:17","slug":"longlife-pencil-duurzaam-potlood","status":"publish","type":"product","link":"https:\/\/hidalgo.nl\/de\/product\/longlife-pencil-duurzaam-potlood\/","title":{"rendered":"Longlife Pencil duurzaam potlood"},"content":{"rendered":"<p>Bamboe potlood dat het traditionele potlood vervangt. Dit potlood heeft een grafietpunt met een schrijflengte tot ca. 20.000 meter. Het schrijft als een traditioneel potlood en kan worden uitgegumd. De punt hoeft niet geslepen te worden en slijt heel langzaam waardoor het potlood tot 100 keer langer meegaat dan een traditioneel potlood.<\/p>\n","protected":false},"excerpt":{"rendered":"<p>Bamboe potlood dat het traditionele potlood vervangt. Dit potlood heeft een grafietpunt met een schrijflengte tot ca. 20.000 meter. Het schrijft als een traditioneel potlood en kan worden uitgegumd. De punt hoeft niet geslepen te worden en slijt heel langzaam waardoor het potlood tot 100 keer langer meegaat dan een traditioneel potlood.<\/p>\n","protected":false},"featured_media":163921,"template":"","meta":{"_acf_changed":false,"om_disable_all_campaigns":false,"_monsterinsights_skip_tracking":false,"_monsterinsights_sitenote_active":false,"_monsterinsights_sitenote_note":"","_monsterinsights_sitenote_category":0},"product_brand":[],"product_cat":[4802,4719,4756],"product_tag":[],"class_list":{"0":"post-163920","1":"product","2":"type-product","3":"status-publish","4":"has-post-thumbnail","6":"product_supplier-a24","7":"product_material-bamboe","8":"product_cat-potloden","9":"product_cat-promotionele-artikelen","10":"product_cat-schrijfwaren","11":"entry","13":"first","14":"instock","15":"taxable","16":"shipping-taxable","17":"purchasable","18":"product-type-variable"},"acf":{"imprint_cost":[{"imprint_cost_key":"aef5cef4ac11c9484f17fba7734be7de5a7d9d01","product_quantity_price_range":[{"imprint_cost_recommended_selling_price":"2.85","imprint_cost_recommended_selling_quantity":"1"},{"imprint_cost_recommended_selling_price":"1.95","imprint_cost_recommended_selling_quantity":"25"},{"imprint_cost_recommended_selling_price":"0.93","imprint_cost_recommended_selling_quantity":"50"},{"imprint_cost_recommended_selling_price":"0.45","imprint_cost_recommended_selling_quantity":"100"},{"imprint_cost_recommended_selling_price":"0.285","imprint_cost_recommended_selling_quantity":"250"},{"imprint_cost_recommended_selling_price":"0.21","imprint_cost_recommended_selling_quantity":"500"},{"imprint_cost_recommended_selling_price":"0.165","imprint_cost_recommended_selling_quantity":"1000"},{"imprint_cost_recommended_selling_price":"0.135","imprint_cost_recommended_selling_quantity":"2500"},{"imprint_cost_recommended_selling_price":"0.09","imprint_cost_recommended_selling_quantity":"5000"}],"product_quantity_price_range_buying":[{"imprint_cost_general_buying_price":"1.9","imprint_cost_general_buying_quantity":"1"},{"imprint_cost_general_buying_price":"1.3","imprint_cost_general_buying_quantity":"25"},{"imprint_cost_general_buying_price":"0.62","imprint_cost_general_buying_quantity":"50"},{"imprint_cost_general_buying_price":"0.3","imprint_cost_general_buying_quantity":"100"},{"imprint_cost_general_buying_price":"0.19","imprint_cost_general_buying_quantity":"250"},{"imprint_cost_general_buying_price":"0.14","imprint_cost_general_buying_quantity":"500"},{"imprint_cost_general_buying_price":"0.11","imprint_cost_general_buying_quantity":"1000"},{"imprint_cost_general_buying_price":"0.09","imprint_cost_general_buying_quantity":"2500"},{"imprint_cost_general_buying_price":"0.06","imprint_cost_general_buying_quantity":"5000"}],"imprint_cost_setup_costs":"45","imprint_cost_handling_costs":"0"},{"imprint_cost_key":"359b4c6144eda39ee90e2e12a506afe864f54cd0","product_quantity_price_range":[{"imprint_cost_recommended_selling_price":"1.935","imprint_cost_recommended_selling_quantity":"1"},{"imprint_cost_recommended_selling_price":"1.185","imprint_cost_recommended_selling_quantity":"25"},{"imprint_cost_recommended_selling_price":"0.66","imprint_cost_recommended_selling_quantity":"50"},{"imprint_cost_recommended_selling_price":"0.42","imprint_cost_recommended_selling_quantity":"100"},{"imprint_cost_recommended_selling_price":"0.33","imprint_cost_recommended_selling_quantity":"250"},{"imprint_cost_recommended_selling_price":"0.27","imprint_cost_recommended_selling_quantity":"500"},{"imprint_cost_recommended_selling_price":"0.225","imprint_cost_recommended_selling_quantity":"1000"},{"imprint_cost_recommended_selling_price":"0.195","imprint_cost_recommended_selling_quantity":"2500"},{"imprint_cost_recommended_selling_price":"0.18","imprint_cost_recommended_selling_quantity":"5000"}],"product_quantity_price_range_buying":[{"imprint_cost_general_buying_price":"1.29","imprint_cost_general_buying_quantity":"1"},{"imprint_cost_general_buying_price":"0.79","imprint_cost_general_buying_quantity":"25"},{"imprint_cost_general_buying_price":"0.44","imprint_cost_general_buying_quantity":"50"},{"imprint_cost_general_buying_price":"0.28","imprint_cost_general_buying_quantity":"100"},{"imprint_cost_general_buying_price":"0.22","imprint_cost_general_buying_quantity":"250"},{"imprint_cost_general_buying_price":"0.18","imprint_cost_general_buying_quantity":"500"},{"imprint_cost_general_buying_price":"0.15","imprint_cost_general_buying_quantity":"1000"},{"imprint_cost_general_buying_price":"0.13","imprint_cost_general_buying_quantity":"2500"},{"imprint_cost_general_buying_price":"0.12","imprint_cost_general_buying_quantity":"5000"}],"imprint_cost_setup_costs":"26.25","imprint_cost_handling_costs":"0"}]},"aioseo_notices":[],"aioseo_head":"\n\t\t<!-- All in One SEO Pro 4.9.6.2 - aioseo.com -->\n\t<meta name=\"description\" content=\"Schreibe ohne Anspitzen: Die Graphitspitze dieses Bambus Bleistifts liefert bis zu 20.000 m radierbare Schrift und h\u00e4lt extrem lange. Lass dein Logo pr\u00e4zise auf das nat\u00fcrliche Geh\u00e4use drucken - ideal f\u00fcr B\u00fcrobedarf &amp; Schule, nachhaltig und aufmerksamkeitsstark.\" \/>\n\t<meta name=\"robots\" content=\"max-image-preview:large\" \/>\n\t<link rel=\"canonical\" href=\"https:\/\/hidalgo.nl\/de\/wp-json\/wp\/v2\/product\/163920\" \/>\n\t<meta name=\"generator\" content=\"All in One SEO Pro (AIOSEO) 4.9.6.2\" \/>\n\t\t<meta property=\"og:locale\" content=\"de_DE\" \/>\n\t\t<meta property=\"og:site_name\" content=\"Hidalgo -\" \/>\n\t\t<meta property=\"og:type\" content=\"article\" \/>\n\t\t<meta property=\"og:title\" content=\"Longlife Pencil duurzaam potlood\" \/>\n\t\t<meta property=\"og:description\" content=\"Schreibe ohne Anspitzen: Die Graphitspitze dieses Bambus Bleistifts liefert bis zu 20.000 m radierbare Schrift und h\u00e4lt extrem lange. Lass dein Logo pr\u00e4zise auf das nat\u00fcrliche Geh\u00e4use drucken - ideal f\u00fcr B\u00fcrobedarf &amp; Schule, nachhaltig und aufmerksamkeitsstark.\" \/>\n\t\t<meta property=\"og:url\" content=\"https:\/\/hidalgo.nl\/de\/wp-json\/wp\/v2\/product\/163920\" \/>\n\t\t<meta property=\"og:image\" content=\"https:\/\/shop.hidalgo.nl\/wp-content\/uploads\/2025\/11\/cropped-Hidalgo-est1993.png\" \/>\n\t\t<meta property=\"og:image:secure_url\" content=\"https:\/\/shop.hidalgo.nl\/wp-content\/uploads\/2025\/11\/cropped-Hidalgo-est1993.png\" \/>\n\t\t<meta property=\"article:published_time\" content=\"2025-07-11T10:07:23+00:00\" \/>\n\t\t<meta property=\"article:modified_time\" content=\"2026-03-21T12:48:17+00:00\" \/>\n\t\t<meta name=\"twitter:card\" content=\"summary_large_image\" \/>\n\t\t<meta name=\"twitter:title\" content=\"Longlife Pencil duurzaam potlood\" \/>\n\t\t<meta name=\"twitter:description\" content=\"Schreibe ohne Anspitzen: Die Graphitspitze dieses Bambus Bleistifts liefert bis zu 20.000 m radierbare Schrift und h\u00e4lt extrem lange. Lass dein Logo pr\u00e4zise auf das nat\u00fcrliche Geh\u00e4use drucken - ideal f\u00fcr B\u00fcrobedarf &amp; Schule, nachhaltig und aufmerksamkeitsstark.\" \/>\n\t\t<meta name=\"twitter:image\" content=\"https:\/\/shop.hidalgo.nl\/wp-content\/uploads\/2025\/11\/cropped-Hidalgo-est1993.png\" \/>\n\t\t<script type=\"application\/ld+json\" class=\"aioseo-schema\">\n\t\t\t{\"@context\":\"https:\\\/\\\/schema.org\",\"@graph\":[{\"@type\":\"BreadcrumbList\",\"@id\":\"https:\\\/\\\/hidalgo.nl\\\/de\\\/product\\\/longlife-pencil-duurzaam-potlood\\\/#breadcrumblist\",\"itemListElement\":[{\"@type\":\"ListItem\",\"@id\":\"https:\\\/\\\/hidalgo.nl\\\/de\\\/#listItem\",\"position\":1,\"name\":\"Home\",\"item\":\"https:\\\/\\\/hidalgo.nl\\\/de\\\/\",\"nextItem\":{\"@type\":\"ListItem\",\"@id\":\"https:\\\/\\\/hidalgo.nl\\\/example\\\/#listItem\",\"name\":\"example\"}},{\"@type\":\"ListItem\",\"@id\":\"https:\\\/\\\/hidalgo.nl\\\/example\\\/#listItem\",\"position\":2,\"name\":\"example\",\"item\":\"https:\\\/\\\/hidalgo.nl\\\/example\\\/\",\"nextItem\":{\"@type\":\"ListItem\",\"@id\":\"https:\\\/\\\/hidalgo.nl\\\/en\\\/product-supplier\\\/a24\\\/#listItem\",\"name\":\"A24\"},\"previousItem\":{\"@type\":\"ListItem\",\"@id\":\"https:\\\/\\\/hidalgo.nl\\\/de\\\/#listItem\",\"name\":\"Home\"}},{\"@type\":\"ListItem\",\"@id\":\"https:\\\/\\\/hidalgo.nl\\\/en\\\/product-supplier\\\/a24\\\/#listItem\",\"position\":3,\"name\":\"A24\",\"item\":\"https:\\\/\\\/hidalgo.nl\\\/en\\\/product-supplier\\\/a24\\\/\",\"nextItem\":{\"@type\":\"ListItem\",\"@id\":\"https:\\\/\\\/hidalgo.nl\\\/de\\\/product\\\/longlife-pencil-duurzaam-potlood\\\/#listItem\",\"name\":\"Longlife Pencil duurzaam potlood\"},\"previousItem\":{\"@type\":\"ListItem\",\"@id\":\"https:\\\/\\\/hidalgo.nl\\\/example\\\/#listItem\",\"name\":\"example\"}},{\"@type\":\"ListItem\",\"@id\":\"https:\\\/\\\/hidalgo.nl\\\/de\\\/product\\\/longlife-pencil-duurzaam-potlood\\\/#listItem\",\"position\":4,\"name\":\"Longlife Pencil duurzaam potlood\",\"previousItem\":{\"@type\":\"ListItem\",\"@id\":\"https:\\\/\\\/hidalgo.nl\\\/en\\\/product-supplier\\\/a24\\\/#listItem\",\"name\":\"A24\"}}]},{\"@type\":\"Organization\",\"@id\":\"https:\\\/\\\/hidalgo.nl\\\/de\\\/#organization\",\"name\":\"Hidalgo\",\"url\":\"https:\\\/\\\/hidalgo.nl\\\/de\\\/\",\"logo\":{\"@type\":\"ImageObject\",\"url\":\"https:\\\/\\\/shop.hidalgo.nl\\\/wp-content\\\/uploads\\\/2025\\\/11\\\/cropped-Hidalgo-est1993.png\",\"@id\":\"https:\\\/\\\/hidalgo.nl\\\/de\\\/product\\\/longlife-pencil-duurzaam-potlood\\\/#organizationLogo\",\"width\":585,\"height\":195},\"image\":{\"@id\":\"https:\\\/\\\/hidalgo.nl\\\/de\\\/product\\\/longlife-pencil-duurzaam-potlood\\\/#organizationLogo\"}},{\"@type\":\"ProductGroup\",\"@id\":\"https:\\\/\\\/hidalgo.nl\\\/de\\\/product\\\/longlife-pencil-duurzaam-potlood\\\/#wooCommerceProduct\",\"name\":\"Longlife Pencil duurzaam potlood\",\"url\":\"https:\\\/\\\/hidalgo.nl\\\/de\\\/product\\\/longlife-pencil-duurzaam-potlood\\\/\",\"sku\":\"A24-1882\",\"image\":{\"@type\":\"ImageObject\",\"url\":\"https:\\\/\\\/shop.hidalgo.nl\\\/wp-content\\\/uploads\\\/2025\\\/07\\\/92a3d17933b29f256d898953b9782ca5f304d672d075e56d5b0d1450f37828b6.jpg\",\"@id\":\"https:\\\/\\\/hidalgo.nl\\\/de\\\/product\\\/longlife-pencil-duurzaam-potlood\\\/#productImage\",\"width\":1000,\"height\":1000},\"productGroupID\":163920,\"hasVariant\":[{\"@type\":\"Product\",\"@id\":\"https:\\\/\\\/hidalgo.nl\\\/de\\\/product\\\/longlife-pencil-duurzaam-potlood\\\/#wooCommerceProduct\",\"name\":\"Longlife Pencil duurzaam potlood - hout\",\"url\":\"https:\\\/\\\/hidalgo.nl\\\/de\\\/product\\\/longlife-pencil-duurzaam-potlood\\\/\",\"sku\":\"A24-188244\",\"image\":{\"@type\":\"ImageObject\",\"url\":\"https:\\\/\\\/shop.hidalgo.nl\\\/wp-content\\\/uploads\\\/2025\\\/07\\\/92a3d17933b29f256d898953b9782ca5f304d672d075e56d5b0d1450f37828b6.jpg\",\"@id\":\"https:\\\/\\\/hidalgo.nl\\\/de\\\/product\\\/longlife-pencil-duurzaam-potlood\\\/#productImage\",\"width\":1000,\"height\":1000},\"offers\":{\"@type\":\"Offer\",\"url\":\"https:\\\/\\\/hidalgo.nl\\\/de\\\/product\\\/longlife-pencil-duurzaam-potlood\\\/#wooCommerceOffer\",\"price\":\"0.89\",\"priceCurrency\":\"EUR\",\"category\":\"Promotionele Artikelen\",\"availability\":\"https:\\\/\\\/schema.org\\\/InStock\",\"priceSpecification\":{\"@type\":\"PriceSpecification\",\"price\":0.89,\"priceCurrency\":\"EUR\",\"valueAddedTaxIncluded\":\"true\"}}},{\"@type\":\"Product\",\"@id\":\"https:\\\/\\\/hidalgo.nl\\\/de\\\/product\\\/longlife-pencil-duurzaam-potlood\\\/#wooCommerceProduct\",\"name\":\"Longlife Pencil duurzaam potlood - zwart\",\"url\":\"https:\\\/\\\/hidalgo.nl\\\/de\\\/product\\\/longlife-pencil-duurzaam-potlood\\\/\",\"sku\":\"A24-188298\",\"image\":{\"@type\":\"ImageObject\",\"url\":\"https:\\\/\\\/shop.hidalgo.nl\\\/wp-content\\\/uploads\\\/2025\\\/07\\\/0327d69d48eca9a7a12a49ff4dabadbdaf9af62a7c1c7250c5f93be8a4f2ba3c.jpg\",\"@id\":\"https:\\\/\\\/hidalgo.nl\\\/de\\\/product\\\/longlife-pencil-duurzaam-potlood\\\/#productImage\",\"width\":1000,\"height\":1000},\"offers\":{\"@type\":\"Offer\",\"url\":\"https:\\\/\\\/hidalgo.nl\\\/de\\\/product\\\/longlife-pencil-duurzaam-potlood\\\/#wooCommerceOffer\",\"price\":\"0.89\",\"priceCurrency\":\"EUR\",\"category\":\"Promotionele Artikelen\",\"availability\":\"https:\\\/\\\/schema.org\\\/InStock\",\"priceSpecification\":{\"@type\":\"PriceSpecification\",\"price\":0.89,\"priceCurrency\":\"EUR\",\"valueAddedTaxIncluded\":\"true\"}}}]},{\"@type\":\"WebPage\",\"@id\":\"https:\\\/\\\/hidalgo.nl\\\/de\\\/product\\\/longlife-pencil-duurzaam-potlood\\\/#webpage\",\"url\":\"https:\\\/\\\/hidalgo.nl\\\/de\\\/product\\\/longlife-pencil-duurzaam-potlood\\\/\",\"name\":\"Longlife Pencil duurzaam potlood\",\"description\":\"Schreibe ohne Anspitzen: Die Graphitspitze dieses Bambus Bleistifts liefert bis zu 20.000 m radierbare Schrift und h\\u00e4lt extrem lange. Lass dein Logo pr\\u00e4zise auf das nat\\u00fcrliche Geh\\u00e4use drucken - ideal f\\u00fcr B\\u00fcrobedarf & Schule, nachhaltig und aufmerksamkeitsstark.\",\"inLanguage\":\"de-DE\",\"isPartOf\":{\"@id\":\"https:\\\/\\\/hidalgo.nl\\\/de\\\/#website\"},\"breadcrumb\":{\"@id\":\"https:\\\/\\\/hidalgo.nl\\\/de\\\/product\\\/longlife-pencil-duurzaam-potlood\\\/#breadcrumblist\"},\"image\":{\"@type\":\"ImageObject\",\"url\":\"https:\\\/\\\/shop.hidalgo.nl\\\/wp-content\\\/uploads\\\/2025\\\/07\\\/92a3d17933b29f256d898953b9782ca5f304d672d075e56d5b0d1450f37828b6.jpg\",\"@id\":\"https:\\\/\\\/hidalgo.nl\\\/de\\\/product\\\/longlife-pencil-duurzaam-potlood\\\/#mainImage\",\"width\":1000,\"height\":1000},\"primaryImageOfPage\":{\"@id\":\"https:\\\/\\\/hidalgo.nl\\\/de\\\/product\\\/longlife-pencil-duurzaam-potlood\\\/#mainImage\"},\"datePublished\":\"2025-07-11T10:07:23+00:00\",\"dateModified\":\"2026-03-21T12:48:17+00:00\"},{\"@type\":\"WebSite\",\"@id\":\"https:\\\/\\\/hidalgo.nl\\\/de\\\/#website\",\"url\":\"https:\\\/\\\/hidalgo.nl\\\/de\\\/\",\"name\":\"Hidalgo\",\"inLanguage\":\"de-DE\",\"publisher\":{\"@id\":\"https:\\\/\\\/hidalgo.nl\\\/de\\\/#organization\"}}]}\n\t\t<\/script>\n\t\t<!-- All in One SEO Pro -->\r\n\t\t<title>Longlife Pencil duurzaam potlood<\/title>\n\n","aioseo_head_json":{"title":"Longlife Pencil duurzaam potlood","description":"Schreibe ohne Anspitzen: Die Graphitspitze dieses Bambus Bleistifts liefert bis zu 20.000 m radierbare Schrift und h\u00e4lt extrem lange. Lass dein Logo pr\u00e4zise auf das nat\u00fcrliche Geh\u00e4use drucken - ideal f\u00fcr B\u00fcrobedarf & Schule, nachhaltig und aufmerksamkeitsstark.","canonical_url":"https:\/\/hidalgo.nl\/de\/wp-json\/wp\/v2\/product\/163920","robots":"max-image-preview:large","keywords":"","webmasterTools":{"miscellaneous":""},"schema":{"@context":"https:\/\/schema.org","@graph":[{"@type":"BreadcrumbList","@id":"https:\/\/hidalgo.nl\/de\/product\/longlife-pencil-duurzaam-potlood\/#breadcrumblist","itemListElement":[{"@type":"ListItem","@id":"https:\/\/hidalgo.nl\/de\/#listItem","position":1,"name":"Home","item":"https:\/\/hidalgo.nl\/de\/","nextItem":{"@type":"ListItem","@id":"https:\/\/hidalgo.nl\/example\/#listItem","name":"example"}},{"@type":"ListItem","@id":"https:\/\/hidalgo.nl\/example\/#listItem","position":2,"name":"example","item":"https:\/\/hidalgo.nl\/example\/","nextItem":{"@type":"ListItem","@id":"https:\/\/hidalgo.nl\/en\/product-supplier\/a24\/#listItem","name":"A24"},"previousItem":{"@type":"ListItem","@id":"https:\/\/hidalgo.nl\/de\/#listItem","name":"Home"}},{"@type":"ListItem","@id":"https:\/\/hidalgo.nl\/en\/product-supplier\/a24\/#listItem","position":3,"name":"A24","item":"https:\/\/hidalgo.nl\/en\/product-supplier\/a24\/","nextItem":{"@type":"ListItem","@id":"https:\/\/hidalgo.nl\/de\/product\/longlife-pencil-duurzaam-potlood\/#listItem","name":"Longlife Pencil duurzaam potlood"},"previousItem":{"@type":"ListItem","@id":"https:\/\/hidalgo.nl\/example\/#listItem","name":"example"}},{"@type":"ListItem","@id":"https:\/\/hidalgo.nl\/de\/product\/longlife-pencil-duurzaam-potlood\/#listItem","position":4,"name":"Longlife Pencil duurzaam potlood","previousItem":{"@type":"ListItem","@id":"https:\/\/hidalgo.nl\/en\/product-supplier\/a24\/#listItem","name":"A24"}}]},{"@type":"Organization","@id":"https:\/\/hidalgo.nl\/de\/#organization","name":"Hidalgo","url":"https:\/\/hidalgo.nl\/de\/","logo":{"@type":"ImageObject","url":"https:\/\/shop.hidalgo.nl\/wp-content\/uploads\/2025\/11\/cropped-Hidalgo-est1993.png","@id":"https:\/\/hidalgo.nl\/de\/product\/longlife-pencil-duurzaam-potlood\/#organizationLogo","width":585,"height":195},"image":{"@id":"https:\/\/hidalgo.nl\/de\/product\/longlife-pencil-duurzaam-potlood\/#organizationLogo"}},{"@type":"ProductGroup","@id":"https:\/\/hidalgo.nl\/de\/product\/longlife-pencil-duurzaam-potlood\/#wooCommerceProduct","name":"Longlife Pencil duurzaam potlood","url":"https:\/\/hidalgo.nl\/de\/product\/longlife-pencil-duurzaam-potlood\/","sku":"A24-1882","image":{"@type":"ImageObject","url":"https:\/\/shop.hidalgo.nl\/wp-content\/uploads\/2025\/07\/92a3d17933b29f256d898953b9782ca5f304d672d075e56d5b0d1450f37828b6.jpg","@id":"https:\/\/hidalgo.nl\/de\/product\/longlife-pencil-duurzaam-potlood\/#productImage","width":1000,"height":1000},"productGroupID":163920,"hasVariant":[{"@type":"Product","@id":"https:\/\/hidalgo.nl\/de\/product\/longlife-pencil-duurzaam-potlood\/#wooCommerceProduct","name":"Longlife Pencil duurzaam potlood - hout","url":"https:\/\/hidalgo.nl\/de\/product\/longlife-pencil-duurzaam-potlood\/","sku":"A24-188244","image":{"@type":"ImageObject","url":"https:\/\/shop.hidalgo.nl\/wp-content\/uploads\/2025\/07\/92a3d17933b29f256d898953b9782ca5f304d672d075e56d5b0d1450f37828b6.jpg","@id":"https:\/\/hidalgo.nl\/de\/product\/longlife-pencil-duurzaam-potlood\/#productImage","width":1000,"height":1000},"offers":{"@type":"Offer","url":"https:\/\/hidalgo.nl\/de\/product\/longlife-pencil-duurzaam-potlood\/#wooCommerceOffer","price":"0.89","priceCurrency":"EUR","category":"Promotionele Artikelen","availability":"https:\/\/schema.org\/InStock","priceSpecification":{"@type":"PriceSpecification","price":0.89,"priceCurrency":"EUR","valueAddedTaxIncluded":"true"}}},{"@type":"Product","@id":"https:\/\/hidalgo.nl\/de\/product\/longlife-pencil-duurzaam-potlood\/#wooCommerceProduct","name":"Longlife Pencil duurzaam potlood - zwart","url":"https:\/\/hidalgo.nl\/de\/product\/longlife-pencil-duurzaam-potlood\/","sku":"A24-188298","image":{"@type":"ImageObject","url":"https:\/\/shop.hidalgo.nl\/wp-content\/uploads\/2025\/07\/0327d69d48eca9a7a12a49ff4dabadbdaf9af62a7c1c7250c5f93be8a4f2ba3c.jpg","@id":"https:\/\/hidalgo.nl\/de\/product\/longlife-pencil-duurzaam-potlood\/#productImage","width":1000,"height":1000},"offers":{"@type":"Offer","url":"https:\/\/hidalgo.nl\/de\/product\/longlife-pencil-duurzaam-potlood\/#wooCommerceOffer","price":"0.89","priceCurrency":"EUR","category":"Promotionele Artikelen","availability":"https:\/\/schema.org\/InStock","priceSpecification":{"@type":"PriceSpecification","price":0.89,"priceCurrency":"EUR","valueAddedTaxIncluded":"true"}}}]},{"@type":"WebPage","@id":"https:\/\/hidalgo.nl\/de\/product\/longlife-pencil-duurzaam-potlood\/#webpage","url":"https:\/\/hidalgo.nl\/de\/product\/longlife-pencil-duurzaam-potlood\/","name":"Longlife Pencil duurzaam potlood","description":"Schreibe ohne Anspitzen: Die Graphitspitze dieses Bambus Bleistifts liefert bis zu 20.000 m radierbare Schrift und h\u00e4lt extrem lange. Lass dein Logo pr\u00e4zise auf das nat\u00fcrliche Geh\u00e4use drucken - ideal f\u00fcr B\u00fcrobedarf & Schule, nachhaltig und aufmerksamkeitsstark.","inLanguage":"de-DE","isPartOf":{"@id":"https:\/\/hidalgo.nl\/de\/#website"},"breadcrumb":{"@id":"https:\/\/hidalgo.nl\/de\/product\/longlife-pencil-duurzaam-potlood\/#breadcrumblist"},"image":{"@type":"ImageObject","url":"https:\/\/shop.hidalgo.nl\/wp-content\/uploads\/2025\/07\/92a3d17933b29f256d898953b9782ca5f304d672d075e56d5b0d1450f37828b6.jpg","@id":"https:\/\/hidalgo.nl\/de\/product\/longlife-pencil-duurzaam-potlood\/#mainImage","width":1000,"height":1000},"primaryImageOfPage":{"@id":"https:\/\/hidalgo.nl\/de\/product\/longlife-pencil-duurzaam-potlood\/#mainImage"},"datePublished":"2025-07-11T10:07:23+00:00","dateModified":"2026-03-21T12:48:17+00:00"},{"@type":"WebSite","@id":"https:\/\/hidalgo.nl\/de\/#website","url":"https:\/\/hidalgo.nl\/de\/","name":"Hidalgo","inLanguage":"de-DE","publisher":{"@id":"https:\/\/hidalgo.nl\/de\/#organization"}}]},"og:locale":"de_DE","og:site_name":"Hidalgo -","og:type":"article","og:title":"Longlife Pencil duurzaam potlood","og:description":"Schreibe ohne Anspitzen: Die Graphitspitze dieses Bambus Bleistifts liefert bis zu 20.000 m radierbare Schrift und h\u00e4lt extrem lange. Lass dein Logo pr\u00e4zise auf das nat\u00fcrliche Geh\u00e4use drucken - ideal f\u00fcr B\u00fcrobedarf &amp; Schule, nachhaltig und aufmerksamkeitsstark.","og:url":"https:\/\/hidalgo.nl\/de\/wp-json\/wp\/v2\/product\/163920","og:image":"https:\/\/shop.hidalgo.nl\/wp-content\/uploads\/2025\/11\/cropped-Hidalgo-est1993.png","og:image:secure_url":"https:\/\/shop.hidalgo.nl\/wp-content\/uploads\/2025\/11\/cropped-Hidalgo-est1993.png","article:published_time":"2025-07-11T10:07:23+00:00","article:modified_time":"2026-03-21T12:48:17+00:00","twitter:card":"summary_large_image","twitter:title":"Longlife Pencil duurzaam potlood","twitter:description":"Schreibe ohne Anspitzen: Die Graphitspitze dieses Bambus Bleistifts liefert bis zu 20.000 m radierbare Schrift und h\u00e4lt extrem lange. Lass dein Logo pr\u00e4zise auf das nat\u00fcrliche Geh\u00e4use drucken - ideal f\u00fcr B\u00fcrobedarf &amp; Schule, nachhaltig und aufmerksamkeitsstark.","twitter:image":"https:\/\/shop.hidalgo.nl\/wp-content\/uploads\/2025\/11\/cropped-Hidalgo-est1993.png"},"aioseo_meta_data":{"post_id":"163920","title":null,"description":null,"keywords":null,"keyphrases":null,"primary_term":null,"canonical_url":null,"og_title":null,"og_description":null,"og_object_type":"default","og_image_type":"default","og_image_url":null,"og_image_width":null,"og_image_height":null,"og_image_custom_url":null,"og_image_custom_fields":null,"og_video":null,"og_custom_url":null,"og_article_section":null,"og_article_tags":null,"twitter_use_og":false,"twitter_card":"default","twitter_image_type":"default","twitter_image_url":null,"twitter_image_custom_url":null,"twitter_image_custom_fields":null,"twitter_title":null,"twitter_description":null,"schema":{"blockGraphs":[],"customGraphs":[],"default":{"data":{"Article":[],"Course":[],"Dataset":[],"FAQPage":[],"Movie":[],"Person":[],"Product":[],"ProductReview":[],"Car":[],"Recipe":[],"Service":[],"SoftwareApplication":[],"WebPage":[]},"graphName":"","isEnabled":true},"graphs":[]},"schema_type":"default","schema_type_options":null,"pillar_content":false,"robots_default":true,"robots_noindex":false,"robots_noarchive":false,"robots_nosnippet":false,"robots_nofollow":false,"robots_noimageindex":false,"robots_noodp":false,"robots_notranslate":false,"robots_max_snippet":null,"robots_max_videopreview":null,"robots_max_imagepreview":"large","priority":null,"frequency":null,"local_seo":null,"seo_analyzer_scan_date":"2026-01-22 15:20:12","breadcrumb_settings":null,"limit_modified_date":false,"reviewed_by":null,"open_ai":null,"ai":null,"created":"2026-01-14 07:02:59","updated":"2026-04-23 00:46:48"},"aioseo_breadcrumb":"<div class=\"aioseo-breadcrumbs\"><span class=\"aioseo-breadcrumb\">\n\t<a href=\"https:\/\/hidalgo.nl\/de\/\" title=\"Home\">Home<\/a>\n<\/span><span class=\"aioseo-breadcrumb-separator\">\u00bb<\/span><span class=\"aioseo-breadcrumb\">\n\t<a href=\"https:\/\/hidalgo.nl\/example\/\" title=\"example\">example<\/a>\n<\/span><span class=\"aioseo-breadcrumb-separator\">\u00bb<\/span><span class=\"aioseo-breadcrumb\">\n\t<a href=\"https:\/\/hidalgo.nl\/en\/product-supplier\/a24\/\" title=\"A24\">A24<\/a>\n<\/span><span class=\"aioseo-breadcrumb-separator\">\u00bb<\/span><span class=\"aioseo-breadcrumb\">\n\tLonglife Pencil duurzaam potlood\n<\/span><\/div>","aioseo_breadcrumb_json":[{"label":"Home","link":"https:\/\/hidalgo.nl\/de\/"},{"label":"example","link":"https:\/\/hidalgo.nl\/example\/"},{"label":"A24","link":"https:\/\/hidalgo.nl\/en\/product-supplier\/a24\/"},{"label":"Longlife Pencil duurzaam potlood","link":"https:\/\/hidalgo.nl\/de\/product\/longlife-pencil-duurzaam-potlood\/"}],"_links":{"self":[{"href":"https:\/\/hidalgo.nl\/de\/wp-json\/wp\/v2\/product\/163920","targetHints":{"allow":["GET"]}}],"collection":[{"href":"https:\/\/hidalgo.nl\/de\/wp-json\/wp\/v2\/product"}],"about":[{"href":"https:\/\/hidalgo.nl\/de\/wp-json\/wp\/v2\/types\/product"}],"wp:featuredmedia":[{"embeddable":true,"href":"https:\/\/hidalgo.nl\/de\/wp-json\/wp\/v2\/media\/163921"}],"wp:attachment":[{"href":"https:\/\/hidalgo.nl\/de\/wp-json\/wp\/v2\/media?parent=163920"}],"wp:term":[{"taxonomy":"product_brand","embeddable":true,"href":"https:\/\/hidalgo.nl\/de\/wp-json\/wp\/v2\/product_brand?post=163920"},{"taxonomy":"product_cat","embeddable":true,"href":"https:\/\/hidalgo.nl\/de\/wp-json\/wp\/v2\/product_cat?post=163920"},{"taxonomy":"product_tag","embeddable":true,"href":"https:\/\/hidalgo.nl\/de\/wp-json\/wp\/v2\/product_tag?post=163920"}],"curies":[{"name":"wp","href":"https:\/\/api.w.org\/{rel}","templated":true}]}}