{"id":163879,"date":"2025-07-11T10:05:39","date_gmt":"2025-07-11T10:05:39","guid":{"rendered":"http:\/\/bidonsenshakers.pim.hidalgo.nl\/product\/sevilla-gerecycled-waterglas-220-ml\/"},"modified":"2026-03-21T12:46:37","modified_gmt":"2026-03-21T12:46:37","slug":"sevilla-gerecycled-waterglas-220-ml","status":"publish","type":"product","link":"https:\/\/hidalgo.nl\/de\/product\/sevilla-gerecycled-waterglas-220-ml\/","title":{"rendered":"Sevilla Gerecycled Waterglas 220 ml"},"content":{"rendered":"<p>Rustiek waterglas met dikke rand. Gemaakt van 100% gerecycled, stevig kwaliteitsglas.     De blauwgroene tint van het glas is een natuurlijke eigenschap van gerecycled glas. De kleur en mogelijke oneffenheden benadrukken de schoonheid van imperfectie en dragen bij aan de authenticiteit van dit product.     Recycling vermindert het verbruik van nieuwe grondstoffen, water en energie. Kleur, dikte en formaat kunnen per product verschillen. Made in Spain. Inhoud 220 ml.<\/p>\n","protected":false},"excerpt":{"rendered":"<p>Rustiek waterglas met dikke rand. Gemaakt van 100% gerecycled, stevig kwaliteitsglas. De blauwgroene tint van het glas is een natuurlijke eigenschap van gerecycled glas. De kleur en mogelijke oneffenheden benadrukken de schoonheid van imperfectie en dragen bij aan de authenticiteit van dit product. Recycling vermindert het verbruik van nieuwe grondstoffen, water en energie. Kleur, dikte&hellip; <a class=\"more-link\" href=\"https:\/\/hidalgo.nl\/de\/product\/sevilla-gerecycled-waterglas-220-ml\/\"><span class=\"screen-reader-text\">Sevilla Gerecycled Waterglas 220 ml<\/span> weiterlesen<\/a><\/p>\n","protected":false},"featured_media":163880,"template":"","meta":{"_acf_changed":false,"om_disable_all_campaigns":false,"_monsterinsights_skip_tracking":false,"_monsterinsights_sitenote_active":false,"_monsterinsights_sitenote_note":"","_monsterinsights_sitenote_category":0},"product_brand":[],"product_cat":[4764,4735,4719,4728],"product_tag":[],"class_list":{"0":"post-163879","1":"product","2":"type-product","3":"status-publish","4":"has-post-thumbnail","6":"product_supplier-a24","7":"product_material-gerecycled-glas","8":"product_cat-glazen-en-karaffen","9":"product_cat-keuken","10":"product_cat-promotionele-artikelen","11":"product_cat-promotionele-artikelen-thuis-keuken-en-tuin","12":"entry","14":"first","15":"instock","16":"taxable","17":"shipping-taxable","18":"purchasable","19":"product-type-variable"},"acf":{"imprint_cost":[{"imprint_cost_key":"203e2750849f4d553f8dfec08166ff095ef193f6","product_quantity_price_range":[{"imprint_cost_recommended_selling_price":"4.5","imprint_cost_recommended_selling_quantity":"1"},{"imprint_cost_recommended_selling_price":"3.21","imprint_cost_recommended_selling_quantity":"25"},{"imprint_cost_recommended_selling_price":"2.505","imprint_cost_recommended_selling_quantity":"50"},{"imprint_cost_recommended_selling_price":"2.1","imprint_cost_recommended_selling_quantity":"100"},{"imprint_cost_recommended_selling_price":"1.77","imprint_cost_recommended_selling_quantity":"250"},{"imprint_cost_recommended_selling_price":"1.5","imprint_cost_recommended_selling_quantity":"500"},{"imprint_cost_recommended_selling_price":"1.275","imprint_cost_recommended_selling_quantity":"1000"},{"imprint_cost_recommended_selling_price":"1.065","imprint_cost_recommended_selling_quantity":"2500"},{"imprint_cost_recommended_selling_price":"1.005","imprint_cost_recommended_selling_quantity":"5000"}],"product_quantity_price_range_buying":[{"imprint_cost_general_buying_price":"3","imprint_cost_general_buying_quantity":"1"},{"imprint_cost_general_buying_price":"2.14","imprint_cost_general_buying_quantity":"25"},{"imprint_cost_general_buying_price":"1.67","imprint_cost_general_buying_quantity":"50"},{"imprint_cost_general_buying_price":"1.4","imprint_cost_general_buying_quantity":"100"},{"imprint_cost_general_buying_price":"1.18","imprint_cost_general_buying_quantity":"250"},{"imprint_cost_general_buying_price":"1","imprint_cost_general_buying_quantity":"500"},{"imprint_cost_general_buying_price":"0.85","imprint_cost_general_buying_quantity":"1000"},{"imprint_cost_general_buying_price":"0.71","imprint_cost_general_buying_quantity":"2500"},{"imprint_cost_general_buying_price":"0.67","imprint_cost_general_buying_quantity":"5000"}],"imprint_cost_setup_costs":"26.25","imprint_cost_handling_costs":"0"},{"imprint_cost_key":"62645b3021d19e8a5b10209ffa34d80e808986d5","product_quantity_price_range":[{"imprint_cost_recommended_selling_price":"4.5","imprint_cost_recommended_selling_quantity":"1"},{"imprint_cost_recommended_selling_price":"3.21","imprint_cost_recommended_selling_quantity":"25"},{"imprint_cost_recommended_selling_price":"2.505","imprint_cost_recommended_selling_quantity":"50"},{"imprint_cost_recommended_selling_price":"2.1","imprint_cost_recommended_selling_quantity":"100"},{"imprint_cost_recommended_selling_price":"1.77","imprint_cost_recommended_selling_quantity":"250"},{"imprint_cost_recommended_selling_price":"1.5","imprint_cost_recommended_selling_quantity":"500"},{"imprint_cost_recommended_selling_price":"1.275","imprint_cost_recommended_selling_quantity":"1000"},{"imprint_cost_recommended_selling_price":"1.065","imprint_cost_recommended_selling_quantity":"2500"},{"imprint_cost_recommended_selling_price":"1.005","imprint_cost_recommended_selling_quantity":"5000"}],"product_quantity_price_range_buying":[{"imprint_cost_general_buying_price":"3","imprint_cost_general_buying_quantity":"1"},{"imprint_cost_general_buying_price":"2.14","imprint_cost_general_buying_quantity":"25"},{"imprint_cost_general_buying_price":"1.67","imprint_cost_general_buying_quantity":"50"},{"imprint_cost_general_buying_price":"1.4","imprint_cost_general_buying_quantity":"100"},{"imprint_cost_general_buying_price":"1.18","imprint_cost_general_buying_quantity":"250"},{"imprint_cost_general_buying_price":"1","imprint_cost_general_buying_quantity":"500"},{"imprint_cost_general_buying_price":"0.85","imprint_cost_general_buying_quantity":"1000"},{"imprint_cost_general_buying_price":"0.71","imprint_cost_general_buying_quantity":"2500"},{"imprint_cost_general_buying_price":"0.67","imprint_cost_general_buying_quantity":"5000"}],"imprint_cost_setup_costs":"26.25","imprint_cost_handling_costs":"0"}]},"aioseo_notices":[],"aioseo_head":"\n\t\t<!-- All in One SEO Pro 4.9.6.2 - aioseo.com -->\n\t<meta name=\"description\" content=\"Nachhaltiges 220-ml-Trinkglas aus recyceltem Glas mit sanft gr\u00fcner Note. Du l\u00e4sst dein Logo pr\u00e4zise aufbringen und st\u00e4rkst so deinen Auftritt bei Events oder im B\u00fcro. Ideal f\u00fcr Wasser und kalte Getr\u00e4nke im t\u00e4glichen Einsatz.\" \/>\n\t<meta name=\"robots\" content=\"max-image-preview:large\" \/>\n\t<link rel=\"canonical\" href=\"https:\/\/hidalgo.nl\/de\/wp-json\/wp\/v2\/product\/163879\" \/>\n\t<meta name=\"generator\" content=\"All in One SEO Pro (AIOSEO) 4.9.6.2\" \/>\n\t\t<meta property=\"og:locale\" content=\"de_DE\" \/>\n\t\t<meta property=\"og:site_name\" content=\"Hidalgo -\" \/>\n\t\t<meta property=\"og:type\" content=\"article\" \/>\n\t\t<meta property=\"og:title\" content=\"Sevilla Gerecycled Waterglas 220 ml\" \/>\n\t\t<meta property=\"og:description\" content=\"Nachhaltiges 220-ml-Trinkglas aus recyceltem Glas mit sanft gr\u00fcner Note. Du l\u00e4sst dein Logo pr\u00e4zise aufbringen und st\u00e4rkst so deinen Auftritt bei Events oder im B\u00fcro. Ideal f\u00fcr Wasser und kalte Getr\u00e4nke im t\u00e4glichen Einsatz.\" \/>\n\t\t<meta property=\"og:url\" content=\"https:\/\/hidalgo.nl\/de\/wp-json\/wp\/v2\/product\/163879\" \/>\n\t\t<meta property=\"og:image\" content=\"https:\/\/shop.hidalgo.nl\/wp-content\/uploads\/2025\/11\/cropped-Hidalgo-est1993.png\" \/>\n\t\t<meta property=\"og:image:secure_url\" content=\"https:\/\/shop.hidalgo.nl\/wp-content\/uploads\/2025\/11\/cropped-Hidalgo-est1993.png\" \/>\n\t\t<meta property=\"article:published_time\" content=\"2025-07-11T10:05:39+00:00\" \/>\n\t\t<meta property=\"article:modified_time\" content=\"2026-03-21T12:46:37+00:00\" \/>\n\t\t<meta name=\"twitter:card\" content=\"summary_large_image\" \/>\n\t\t<meta name=\"twitter:title\" content=\"Sevilla Gerecycled Waterglas 220 ml\" \/>\n\t\t<meta name=\"twitter:description\" content=\"Nachhaltiges 220-ml-Trinkglas aus recyceltem Glas mit sanft gr\u00fcner Note. Du l\u00e4sst dein Logo pr\u00e4zise aufbringen und st\u00e4rkst so deinen Auftritt bei Events oder im B\u00fcro. Ideal f\u00fcr Wasser und kalte Getr\u00e4nke im t\u00e4glichen Einsatz.\" \/>\n\t\t<meta name=\"twitter:image\" content=\"https:\/\/shop.hidalgo.nl\/wp-content\/uploads\/2025\/11\/cropped-Hidalgo-est1993.png\" \/>\n\t\t<script type=\"application\/ld+json\" class=\"aioseo-schema\">\n\t\t\t{\"@context\":\"https:\\\/\\\/schema.org\",\"@graph\":[{\"@type\":\"BreadcrumbList\",\"@id\":\"https:\\\/\\\/hidalgo.nl\\\/de\\\/product\\\/sevilla-gerecycled-waterglas-220-ml\\\/#breadcrumblist\",\"itemListElement\":[{\"@type\":\"ListItem\",\"@id\":\"https:\\\/\\\/hidalgo.nl\\\/de\\\/#listItem\",\"position\":1,\"name\":\"Home\",\"item\":\"https:\\\/\\\/hidalgo.nl\\\/de\\\/\",\"nextItem\":{\"@type\":\"ListItem\",\"@id\":\"https:\\\/\\\/hidalgo.nl\\\/example\\\/#listItem\",\"name\":\"example\"}},{\"@type\":\"ListItem\",\"@id\":\"https:\\\/\\\/hidalgo.nl\\\/example\\\/#listItem\",\"position\":2,\"name\":\"example\",\"item\":\"https:\\\/\\\/hidalgo.nl\\\/example\\\/\",\"nextItem\":{\"@type\":\"ListItem\",\"@id\":\"https:\\\/\\\/hidalgo.nl\\\/en\\\/product-supplier\\\/a24\\\/#listItem\",\"name\":\"A24\"},\"previousItem\":{\"@type\":\"ListItem\",\"@id\":\"https:\\\/\\\/hidalgo.nl\\\/de\\\/#listItem\",\"name\":\"Home\"}},{\"@type\":\"ListItem\",\"@id\":\"https:\\\/\\\/hidalgo.nl\\\/en\\\/product-supplier\\\/a24\\\/#listItem\",\"position\":3,\"name\":\"A24\",\"item\":\"https:\\\/\\\/hidalgo.nl\\\/en\\\/product-supplier\\\/a24\\\/\",\"nextItem\":{\"@type\":\"ListItem\",\"@id\":\"https:\\\/\\\/hidalgo.nl\\\/de\\\/product\\\/sevilla-gerecycled-waterglas-220-ml\\\/#listItem\",\"name\":\"Sevilla Gerecycled Waterglas 220 ml\"},\"previousItem\":{\"@type\":\"ListItem\",\"@id\":\"https:\\\/\\\/hidalgo.nl\\\/example\\\/#listItem\",\"name\":\"example\"}},{\"@type\":\"ListItem\",\"@id\":\"https:\\\/\\\/hidalgo.nl\\\/de\\\/product\\\/sevilla-gerecycled-waterglas-220-ml\\\/#listItem\",\"position\":4,\"name\":\"Sevilla Gerecycled Waterglas 220 ml\",\"previousItem\":{\"@type\":\"ListItem\",\"@id\":\"https:\\\/\\\/hidalgo.nl\\\/en\\\/product-supplier\\\/a24\\\/#listItem\",\"name\":\"A24\"}}]},{\"@type\":\"Organization\",\"@id\":\"https:\\\/\\\/hidalgo.nl\\\/de\\\/#organization\",\"name\":\"Hidalgo\",\"url\":\"https:\\\/\\\/hidalgo.nl\\\/de\\\/\",\"logo\":{\"@type\":\"ImageObject\",\"url\":\"https:\\\/\\\/shop.hidalgo.nl\\\/wp-content\\\/uploads\\\/2025\\\/11\\\/cropped-Hidalgo-est1993.png\",\"@id\":\"https:\\\/\\\/hidalgo.nl\\\/de\\\/product\\\/sevilla-gerecycled-waterglas-220-ml\\\/#organizationLogo\",\"width\":585,\"height\":195},\"image\":{\"@id\":\"https:\\\/\\\/hidalgo.nl\\\/de\\\/product\\\/sevilla-gerecycled-waterglas-220-ml\\\/#organizationLogo\"}},{\"@type\":\"ProductGroup\",\"@id\":\"https:\\\/\\\/hidalgo.nl\\\/de\\\/product\\\/sevilla-gerecycled-waterglas-220-ml\\\/#wooCommerceProduct\",\"name\":\"Sevilla Gerecycled Waterglas 220 ml\",\"url\":\"https:\\\/\\\/hidalgo.nl\\\/de\\\/product\\\/sevilla-gerecycled-waterglas-220-ml\\\/\",\"sku\":\"A24-1876\",\"image\":{\"@type\":\"ImageObject\",\"url\":\"https:\\\/\\\/shop.hidalgo.nl\\\/wp-content\\\/uploads\\\/2025\\\/07\\\/2f057808833f37f46568c2c2b153c78506a6a86c9d4572125275cffac991569e.jpg\",\"@id\":\"https:\\\/\\\/hidalgo.nl\\\/de\\\/product\\\/sevilla-gerecycled-waterglas-220-ml\\\/#productImage\",\"width\":1000,\"height\":1000},\"productGroupID\":163879,\"hasVariant\":[{\"@type\":\"Product\",\"@id\":\"https:\\\/\\\/hidalgo.nl\\\/de\\\/product\\\/sevilla-gerecycled-waterglas-220-ml\\\/#wooCommerceProduct\",\"name\":\"Sevilla Gerecycled Waterglas 220 ml - transparant\",\"url\":\"https:\\\/\\\/hidalgo.nl\\\/de\\\/product\\\/sevilla-gerecycled-waterglas-220-ml\\\/\",\"sku\":\"A24-187604\",\"image\":{\"@type\":\"ImageObject\",\"url\":\"https:\\\/\\\/shop.hidalgo.nl\\\/wp-content\\\/uploads\\\/2025\\\/07\\\/b8ebf66f6a9c93294abe336898f964abb93a4aefe1eeb25650dcd54063483279.jpg\",\"@id\":\"https:\\\/\\\/hidalgo.nl\\\/de\\\/product\\\/sevilla-gerecycled-waterglas-220-ml\\\/#productImage\",\"width\":1000,\"height\":1000},\"offers\":{\"@type\":\"Offer\",\"url\":\"https:\\\/\\\/hidalgo.nl\\\/de\\\/product\\\/sevilla-gerecycled-waterglas-220-ml\\\/#wooCommerceOffer\",\"price\":\"3.75\",\"priceCurrency\":\"EUR\",\"category\":\"Promotionele Artikelen\",\"availability\":\"https:\\\/\\\/schema.org\\\/InStock\",\"priceSpecification\":{\"@type\":\"PriceSpecification\",\"price\":3.75,\"priceCurrency\":\"EUR\",\"valueAddedTaxIncluded\":\"true\"}}}]},{\"@type\":\"WebPage\",\"@id\":\"https:\\\/\\\/hidalgo.nl\\\/de\\\/product\\\/sevilla-gerecycled-waterglas-220-ml\\\/#webpage\",\"url\":\"https:\\\/\\\/hidalgo.nl\\\/de\\\/product\\\/sevilla-gerecycled-waterglas-220-ml\\\/\",\"name\":\"Sevilla Gerecycled Waterglas 220 ml\",\"description\":\"Nachhaltiges 220-ml-Trinkglas aus recyceltem Glas mit sanft gr\\u00fcner Note. Du l\\u00e4sst dein Logo pr\\u00e4zise aufbringen und st\\u00e4rkst so deinen Auftritt bei Events oder im B\\u00fcro. Ideal f\\u00fcr Wasser und kalte Getr\\u00e4nke im t\\u00e4glichen Einsatz.\",\"inLanguage\":\"de-DE\",\"isPartOf\":{\"@id\":\"https:\\\/\\\/hidalgo.nl\\\/de\\\/#website\"},\"breadcrumb\":{\"@id\":\"https:\\\/\\\/hidalgo.nl\\\/de\\\/product\\\/sevilla-gerecycled-waterglas-220-ml\\\/#breadcrumblist\"},\"image\":{\"@type\":\"ImageObject\",\"url\":\"https:\\\/\\\/shop.hidalgo.nl\\\/wp-content\\\/uploads\\\/2025\\\/07\\\/2f057808833f37f46568c2c2b153c78506a6a86c9d4572125275cffac991569e.jpg\",\"@id\":\"https:\\\/\\\/hidalgo.nl\\\/de\\\/product\\\/sevilla-gerecycled-waterglas-220-ml\\\/#mainImage\",\"width\":1000,\"height\":1000},\"primaryImageOfPage\":{\"@id\":\"https:\\\/\\\/hidalgo.nl\\\/de\\\/product\\\/sevilla-gerecycled-waterglas-220-ml\\\/#mainImage\"},\"datePublished\":\"2025-07-11T10:05:39+00:00\",\"dateModified\":\"2026-03-21T12:46:37+00:00\"},{\"@type\":\"WebSite\",\"@id\":\"https:\\\/\\\/hidalgo.nl\\\/de\\\/#website\",\"url\":\"https:\\\/\\\/hidalgo.nl\\\/de\\\/\",\"name\":\"Hidalgo\",\"inLanguage\":\"de-DE\",\"publisher\":{\"@id\":\"https:\\\/\\\/hidalgo.nl\\\/de\\\/#organization\"}}]}\n\t\t<\/script>\n\t\t<!-- All in One SEO Pro -->\r\n\t\t<title>Sevilla Gerecycled Waterglas 220 ml<\/title>\n\n","aioseo_head_json":{"title":"Sevilla Gerecycled Waterglas 220 ml","description":"Nachhaltiges 220-ml-Trinkglas aus recyceltem Glas mit sanft gr\u00fcner Note. Du l\u00e4sst dein Logo pr\u00e4zise aufbringen und st\u00e4rkst so deinen Auftritt bei Events oder im B\u00fcro. Ideal f\u00fcr Wasser und kalte Getr\u00e4nke im t\u00e4glichen Einsatz.","canonical_url":"https:\/\/hidalgo.nl\/de\/wp-json\/wp\/v2\/product\/163879","robots":"max-image-preview:large","keywords":"","webmasterTools":{"miscellaneous":""},"schema":{"@context":"https:\/\/schema.org","@graph":[{"@type":"BreadcrumbList","@id":"https:\/\/hidalgo.nl\/de\/product\/sevilla-gerecycled-waterglas-220-ml\/#breadcrumblist","itemListElement":[{"@type":"ListItem","@id":"https:\/\/hidalgo.nl\/de\/#listItem","position":1,"name":"Home","item":"https:\/\/hidalgo.nl\/de\/","nextItem":{"@type":"ListItem","@id":"https:\/\/hidalgo.nl\/example\/#listItem","name":"example"}},{"@type":"ListItem","@id":"https:\/\/hidalgo.nl\/example\/#listItem","position":2,"name":"example","item":"https:\/\/hidalgo.nl\/example\/","nextItem":{"@type":"ListItem","@id":"https:\/\/hidalgo.nl\/en\/product-supplier\/a24\/#listItem","name":"A24"},"previousItem":{"@type":"ListItem","@id":"https:\/\/hidalgo.nl\/de\/#listItem","name":"Home"}},{"@type":"ListItem","@id":"https:\/\/hidalgo.nl\/en\/product-supplier\/a24\/#listItem","position":3,"name":"A24","item":"https:\/\/hidalgo.nl\/en\/product-supplier\/a24\/","nextItem":{"@type":"ListItem","@id":"https:\/\/hidalgo.nl\/de\/product\/sevilla-gerecycled-waterglas-220-ml\/#listItem","name":"Sevilla Gerecycled Waterglas 220 ml"},"previousItem":{"@type":"ListItem","@id":"https:\/\/hidalgo.nl\/example\/#listItem","name":"example"}},{"@type":"ListItem","@id":"https:\/\/hidalgo.nl\/de\/product\/sevilla-gerecycled-waterglas-220-ml\/#listItem","position":4,"name":"Sevilla Gerecycled Waterglas 220 ml","previousItem":{"@type":"ListItem","@id":"https:\/\/hidalgo.nl\/en\/product-supplier\/a24\/#listItem","name":"A24"}}]},{"@type":"Organization","@id":"https:\/\/hidalgo.nl\/de\/#organization","name":"Hidalgo","url":"https:\/\/hidalgo.nl\/de\/","logo":{"@type":"ImageObject","url":"https:\/\/shop.hidalgo.nl\/wp-content\/uploads\/2025\/11\/cropped-Hidalgo-est1993.png","@id":"https:\/\/hidalgo.nl\/de\/product\/sevilla-gerecycled-waterglas-220-ml\/#organizationLogo","width":585,"height":195},"image":{"@id":"https:\/\/hidalgo.nl\/de\/product\/sevilla-gerecycled-waterglas-220-ml\/#organizationLogo"}},{"@type":"ProductGroup","@id":"https:\/\/hidalgo.nl\/de\/product\/sevilla-gerecycled-waterglas-220-ml\/#wooCommerceProduct","name":"Sevilla Gerecycled Waterglas 220 ml","url":"https:\/\/hidalgo.nl\/de\/product\/sevilla-gerecycled-waterglas-220-ml\/","sku":"A24-1876","image":{"@type":"ImageObject","url":"https:\/\/shop.hidalgo.nl\/wp-content\/uploads\/2025\/07\/2f057808833f37f46568c2c2b153c78506a6a86c9d4572125275cffac991569e.jpg","@id":"https:\/\/hidalgo.nl\/de\/product\/sevilla-gerecycled-waterglas-220-ml\/#productImage","width":1000,"height":1000},"productGroupID":163879,"hasVariant":[{"@type":"Product","@id":"https:\/\/hidalgo.nl\/de\/product\/sevilla-gerecycled-waterglas-220-ml\/#wooCommerceProduct","name":"Sevilla Gerecycled Waterglas 220 ml - transparant","url":"https:\/\/hidalgo.nl\/de\/product\/sevilla-gerecycled-waterglas-220-ml\/","sku":"A24-187604","image":{"@type":"ImageObject","url":"https:\/\/shop.hidalgo.nl\/wp-content\/uploads\/2025\/07\/b8ebf66f6a9c93294abe336898f964abb93a4aefe1eeb25650dcd54063483279.jpg","@id":"https:\/\/hidalgo.nl\/de\/product\/sevilla-gerecycled-waterglas-220-ml\/#productImage","width":1000,"height":1000},"offers":{"@type":"Offer","url":"https:\/\/hidalgo.nl\/de\/product\/sevilla-gerecycled-waterglas-220-ml\/#wooCommerceOffer","price":"3.75","priceCurrency":"EUR","category":"Promotionele Artikelen","availability":"https:\/\/schema.org\/InStock","priceSpecification":{"@type":"PriceSpecification","price":3.75,"priceCurrency":"EUR","valueAddedTaxIncluded":"true"}}}]},{"@type":"WebPage","@id":"https:\/\/hidalgo.nl\/de\/product\/sevilla-gerecycled-waterglas-220-ml\/#webpage","url":"https:\/\/hidalgo.nl\/de\/product\/sevilla-gerecycled-waterglas-220-ml\/","name":"Sevilla Gerecycled Waterglas 220 ml","description":"Nachhaltiges 220-ml-Trinkglas aus recyceltem Glas mit sanft gr\u00fcner Note. Du l\u00e4sst dein Logo pr\u00e4zise aufbringen und st\u00e4rkst so deinen Auftritt bei Events oder im B\u00fcro. Ideal f\u00fcr Wasser und kalte Getr\u00e4nke im t\u00e4glichen Einsatz.","inLanguage":"de-DE","isPartOf":{"@id":"https:\/\/hidalgo.nl\/de\/#website"},"breadcrumb":{"@id":"https:\/\/hidalgo.nl\/de\/product\/sevilla-gerecycled-waterglas-220-ml\/#breadcrumblist"},"image":{"@type":"ImageObject","url":"https:\/\/shop.hidalgo.nl\/wp-content\/uploads\/2025\/07\/2f057808833f37f46568c2c2b153c78506a6a86c9d4572125275cffac991569e.jpg","@id":"https:\/\/hidalgo.nl\/de\/product\/sevilla-gerecycled-waterglas-220-ml\/#mainImage","width":1000,"height":1000},"primaryImageOfPage":{"@id":"https:\/\/hidalgo.nl\/de\/product\/sevilla-gerecycled-waterglas-220-ml\/#mainImage"},"datePublished":"2025-07-11T10:05:39+00:00","dateModified":"2026-03-21T12:46:37+00:00"},{"@type":"WebSite","@id":"https:\/\/hidalgo.nl\/de\/#website","url":"https:\/\/hidalgo.nl\/de\/","name":"Hidalgo","inLanguage":"de-DE","publisher":{"@id":"https:\/\/hidalgo.nl\/de\/#organization"}}]},"og:locale":"de_DE","og:site_name":"Hidalgo -","og:type":"article","og:title":"Sevilla Gerecycled Waterglas 220 ml","og:description":"Nachhaltiges 220-ml-Trinkglas aus recyceltem Glas mit sanft gr\u00fcner Note. Du l\u00e4sst dein Logo pr\u00e4zise aufbringen und st\u00e4rkst so deinen Auftritt bei Events oder im B\u00fcro. Ideal f\u00fcr Wasser und kalte Getr\u00e4nke im t\u00e4glichen Einsatz.","og:url":"https:\/\/hidalgo.nl\/de\/wp-json\/wp\/v2\/product\/163879","og:image":"https:\/\/shop.hidalgo.nl\/wp-content\/uploads\/2025\/11\/cropped-Hidalgo-est1993.png","og:image:secure_url":"https:\/\/shop.hidalgo.nl\/wp-content\/uploads\/2025\/11\/cropped-Hidalgo-est1993.png","article:published_time":"2025-07-11T10:05:39+00:00","article:modified_time":"2026-03-21T12:46:37+00:00","twitter:card":"summary_large_image","twitter:title":"Sevilla Gerecycled Waterglas 220 ml","twitter:description":"Nachhaltiges 220-ml-Trinkglas aus recyceltem Glas mit sanft gr\u00fcner Note. Du l\u00e4sst dein Logo pr\u00e4zise aufbringen und st\u00e4rkst so deinen Auftritt bei Events oder im B\u00fcro. Ideal f\u00fcr Wasser und kalte Getr\u00e4nke im t\u00e4glichen Einsatz.","twitter:image":"https:\/\/shop.hidalgo.nl\/wp-content\/uploads\/2025\/11\/cropped-Hidalgo-est1993.png"},"aioseo_meta_data":{"post_id":"163879","title":null,"description":null,"keywords":null,"keyphrases":null,"primary_term":null,"canonical_url":null,"og_title":null,"og_description":null,"og_object_type":"default","og_image_type":"default","og_image_url":null,"og_image_width":null,"og_image_height":null,"og_image_custom_url":null,"og_image_custom_fields":null,"og_video":null,"og_custom_url":null,"og_article_section":null,"og_article_tags":null,"twitter_use_og":false,"twitter_card":"default","twitter_image_type":"default","twitter_image_url":null,"twitter_image_custom_url":null,"twitter_image_custom_fields":null,"twitter_title":null,"twitter_description":null,"schema":{"blockGraphs":[],"customGraphs":[],"default":{"data":{"Article":[],"Course":[],"Dataset":[],"FAQPage":[],"Movie":[],"Person":[],"Product":[],"ProductReview":[],"Car":[],"Recipe":[],"Service":[],"SoftwareApplication":[],"WebPage":[]},"graphName":"","isEnabled":true},"graphs":[]},"schema_type":"default","schema_type_options":null,"pillar_content":false,"robots_default":true,"robots_noindex":false,"robots_noarchive":false,"robots_nosnippet":false,"robots_nofollow":false,"robots_noimageindex":false,"robots_noodp":false,"robots_notranslate":false,"robots_max_snippet":null,"robots_max_videopreview":null,"robots_max_imagepreview":"large","priority":null,"frequency":null,"local_seo":null,"seo_analyzer_scan_date":"2026-01-22 15:20:11","breadcrumb_settings":null,"limit_modified_date":false,"reviewed_by":null,"open_ai":null,"ai":null,"created":"2026-01-14 07:02:59","updated":"2026-04-23 00:46:48"},"aioseo_breadcrumb":"<div class=\"aioseo-breadcrumbs\"><span class=\"aioseo-breadcrumb\">\n\t<a href=\"https:\/\/hidalgo.nl\/de\/\" title=\"Home\">Home<\/a>\n<\/span><span class=\"aioseo-breadcrumb-separator\">\u00bb<\/span><span class=\"aioseo-breadcrumb\">\n\t<a href=\"https:\/\/hidalgo.nl\/example\/\" title=\"example\">example<\/a>\n<\/span><span class=\"aioseo-breadcrumb-separator\">\u00bb<\/span><span class=\"aioseo-breadcrumb\">\n\t<a href=\"https:\/\/hidalgo.nl\/en\/product-supplier\/a24\/\" title=\"A24\">A24<\/a>\n<\/span><span class=\"aioseo-breadcrumb-separator\">\u00bb<\/span><span class=\"aioseo-breadcrumb\">\n\tSevilla Gerecycled Waterglas 220 ml\n<\/span><\/div>","aioseo_breadcrumb_json":[{"label":"Home","link":"https:\/\/hidalgo.nl\/de\/"},{"label":"example","link":"https:\/\/hidalgo.nl\/example\/"},{"label":"A24","link":"https:\/\/hidalgo.nl\/en\/product-supplier\/a24\/"},{"label":"Sevilla Gerecycled Waterglas 220 ml","link":"https:\/\/hidalgo.nl\/de\/product\/sevilla-gerecycled-waterglas-220-ml\/"}],"_links":{"self":[{"href":"https:\/\/hidalgo.nl\/de\/wp-json\/wp\/v2\/product\/163879","targetHints":{"allow":["GET"]}}],"collection":[{"href":"https:\/\/hidalgo.nl\/de\/wp-json\/wp\/v2\/product"}],"about":[{"href":"https:\/\/hidalgo.nl\/de\/wp-json\/wp\/v2\/types\/product"}],"wp:featuredmedia":[{"embeddable":true,"href":"https:\/\/hidalgo.nl\/de\/wp-json\/wp\/v2\/media\/163880"}],"wp:attachment":[{"href":"https:\/\/hidalgo.nl\/de\/wp-json\/wp\/v2\/media?parent=163879"}],"wp:term":[{"taxonomy":"product_brand","embeddable":true,"href":"https:\/\/hidalgo.nl\/de\/wp-json\/wp\/v2\/product_brand?post=163879"},{"taxonomy":"product_cat","embeddable":true,"href":"https:\/\/hidalgo.nl\/de\/wp-json\/wp\/v2\/product_cat?post=163879"},{"taxonomy":"product_tag","embeddable":true,"href":"https:\/\/hidalgo.nl\/de\/wp-json\/wp\/v2\/product_tag?post=163879"}],"curies":[{"name":"wp","href":"https:\/\/api.w.org\/{rel}","templated":true}]}}