{"id":163796,"date":"2025-07-11T10:01:34","date_gmt":"2025-07-11T10:01:34","guid":{"rendered":"http:\/\/bidonsenshakers.pim.hidalgo.nl\/product\/bamboo-badplank\/"},"modified":"2026-03-21T12:43:55","modified_gmt":"2026-03-21T12:43:55","slug":"bamboo-badplank","status":"publish","type":"product","link":"https:\/\/hidalgo.nl\/de\/product\/bamboo-badplank\/","title":{"rendered":"Bamboo Badplank"},"content":{"rendered":"<p>Geniet van een heerlijk ontspannen bad met deze hoogwaardige, verstelbare badplank, vervaardigd uit bamboe hout. Dankzij het verstelbare ontwerp past deze luxe badbrug zich aan ieder bad naadloos aan en kun je hier tijdens het baden gebruik van maken. De badplank heeft een verstelbare steun voor boeken of tablets, een telefoonhouder en inkepingen voor het houden van je favoriete drankje. Dit stevige, universele model met antislip is eenvoudig op de badrand te plaatsen. Per stuk in doos.<\/p>\n","protected":false},"excerpt":{"rendered":"<p>Geniet van een heerlijk ontspannen bad met deze hoogwaardige, verstelbare badplank, vervaardigd uit bamboe hout. Dankzij het verstelbare ontwerp past deze luxe badbrug zich aan ieder bad naadloos aan en kun je hier tijdens het baden gebruik van maken. De badplank heeft een verstelbare steun voor boeken of tablets, een telefoonhouder en inkepingen voor het&hellip; <a class=\"more-link\" href=\"https:\/\/hidalgo.nl\/de\/product\/bamboo-badplank\/\"><span class=\"screen-reader-text\">Bamboo Badplank<\/span> weiterlesen<\/a><\/p>\n","protected":false},"featured_media":163797,"template":"","meta":{"_acf_changed":false,"om_disable_all_campaigns":false,"_monsterinsights_skip_tracking":false,"_monsterinsights_sitenote_active":false,"_monsterinsights_sitenote_note":"","_monsterinsights_sitenote_category":0},"product_brand":[],"product_cat":[5006,4719,5005,4728],"product_tag":[],"class_list":{"0":"post-163796","1":"product","2":"type-product","3":"status-publish","4":"has-post-thumbnail","6":"product_supplier-a24","7":"product_material-bamboe","8":"product_cat-thuis-keuken-and-tuin-thuis-huis-accessoires","9":"product_cat-promotionele-artikelen","10":"product_cat-thuis-keuken-and-tuin-thuis","11":"product_cat-promotionele-artikelen-thuis-keuken-en-tuin","12":"entry","14":"first","15":"instock","16":"taxable","17":"shipping-taxable","18":"purchasable","19":"product-type-variable"},"acf":{"imprint_cost":[{"imprint_cost_key":"ae64e175cfb7c66d9c554e66d6fd67e2d23496b8","product_quantity_price_range":[{"imprint_cost_recommended_selling_price":"2.685","imprint_cost_recommended_selling_quantity":"1"},{"imprint_cost_recommended_selling_price":"1.935","imprint_cost_recommended_selling_quantity":"25"},{"imprint_cost_recommended_selling_price":"1.125","imprint_cost_recommended_selling_quantity":"50"},{"imprint_cost_recommended_selling_price":"0.9","imprint_cost_recommended_selling_quantity":"100"},{"imprint_cost_recommended_selling_price":"0.75","imprint_cost_recommended_selling_quantity":"250"},{"imprint_cost_recommended_selling_price":"0.69","imprint_cost_recommended_selling_quantity":"500"},{"imprint_cost_recommended_selling_price":"0.645","imprint_cost_recommended_selling_quantity":"1000"},{"imprint_cost_recommended_selling_price":"0.615","imprint_cost_recommended_selling_quantity":"2500"},{"imprint_cost_recommended_selling_price":"0.585","imprint_cost_recommended_selling_quantity":"5000"}],"product_quantity_price_range_buying":[{"imprint_cost_general_buying_price":"1.79","imprint_cost_general_buying_quantity":"1"},{"imprint_cost_general_buying_price":"1.29","imprint_cost_general_buying_quantity":"25"},{"imprint_cost_general_buying_price":"0.75","imprint_cost_general_buying_quantity":"50"},{"imprint_cost_general_buying_price":"0.6","imprint_cost_general_buying_quantity":"100"},{"imprint_cost_general_buying_price":"0.5","imprint_cost_general_buying_quantity":"250"},{"imprint_cost_general_buying_price":"0.46","imprint_cost_general_buying_quantity":"500"},{"imprint_cost_general_buying_price":"0.43","imprint_cost_general_buying_quantity":"1000"},{"imprint_cost_general_buying_price":"0.41","imprint_cost_general_buying_quantity":"2500"},{"imprint_cost_general_buying_price":"0.39","imprint_cost_general_buying_quantity":"5000"}],"imprint_cost_setup_costs":"26.25","imprint_cost_handling_costs":"0.12"}]},"aioseo_notices":[],"aioseo_head":"\n\t\t<!-- All in One SEO Pro 4.9.6.2 - aioseo.com -->\n\t<meta name=\"description\" content=\"Genie\u00dfe entspannte Me-Time: Das verstellbare Bambus-Badebrett h\u00e4lt Tablet, Buch &amp; Glas sicher und passt auf fast jede Standardwanne. Lass dein Logo pr\u00e4zise drucken - smartes Badzubeh\u00f6r f\u00fcr Marken, die 20-40-J\u00e4hrige erreichen wollen.\" \/>\n\t<meta name=\"robots\" content=\"max-image-preview:large\" \/>\n\t<link rel=\"canonical\" href=\"https:\/\/hidalgo.nl\/de\/wp-json\/wp\/v2\/product\/163796\" \/>\n\t<meta name=\"generator\" content=\"All in One SEO Pro (AIOSEO) 4.9.6.2\" \/>\n\t\t<meta property=\"og:locale\" content=\"de_DE\" \/>\n\t\t<meta property=\"og:site_name\" content=\"Hidalgo -\" \/>\n\t\t<meta property=\"og:type\" content=\"article\" \/>\n\t\t<meta property=\"og:title\" content=\"Bamboo Badplank\" \/>\n\t\t<meta property=\"og:description\" content=\"Genie\u00dfe entspannte Me-Time: Das verstellbare Bambus-Badebrett h\u00e4lt Tablet, Buch &amp; Glas sicher und passt auf fast jede Standardwanne. Lass dein Logo pr\u00e4zise drucken - smartes Badzubeh\u00f6r f\u00fcr Marken, die 20-40-J\u00e4hrige erreichen wollen.\" \/>\n\t\t<meta property=\"og:url\" content=\"https:\/\/hidalgo.nl\/de\/wp-json\/wp\/v2\/product\/163796\" \/>\n\t\t<meta property=\"og:image\" content=\"https:\/\/shop.hidalgo.nl\/wp-content\/uploads\/2025\/11\/cropped-Hidalgo-est1993.png\" \/>\n\t\t<meta property=\"og:image:secure_url\" content=\"https:\/\/shop.hidalgo.nl\/wp-content\/uploads\/2025\/11\/cropped-Hidalgo-est1993.png\" \/>\n\t\t<meta property=\"article:published_time\" content=\"2025-07-11T10:01:34+00:00\" \/>\n\t\t<meta property=\"article:modified_time\" content=\"2026-03-21T12:43:55+00:00\" \/>\n\t\t<meta name=\"twitter:card\" content=\"summary_large_image\" \/>\n\t\t<meta name=\"twitter:title\" content=\"Bamboo Badplank\" \/>\n\t\t<meta name=\"twitter:description\" content=\"Genie\u00dfe entspannte Me-Time: Das verstellbare Bambus-Badebrett h\u00e4lt Tablet, Buch &amp; Glas sicher und passt auf fast jede Standardwanne. Lass dein Logo pr\u00e4zise drucken - smartes Badzubeh\u00f6r f\u00fcr Marken, die 20-40-J\u00e4hrige erreichen wollen.\" \/>\n\t\t<meta name=\"twitter:image\" content=\"https:\/\/shop.hidalgo.nl\/wp-content\/uploads\/2025\/11\/cropped-Hidalgo-est1993.png\" \/>\n\t\t<script type=\"application\/ld+json\" class=\"aioseo-schema\">\n\t\t\t{\"@context\":\"https:\\\/\\\/schema.org\",\"@graph\":[{\"@type\":\"BreadcrumbList\",\"@id\":\"https:\\\/\\\/hidalgo.nl\\\/de\\\/product\\\/bamboo-badplank\\\/#breadcrumblist\",\"itemListElement\":[{\"@type\":\"ListItem\",\"@id\":\"https:\\\/\\\/hidalgo.nl\\\/de\\\/#listItem\",\"position\":1,\"name\":\"Home\",\"item\":\"https:\\\/\\\/hidalgo.nl\\\/de\\\/\",\"nextItem\":{\"@type\":\"ListItem\",\"@id\":\"https:\\\/\\\/hidalgo.nl\\\/example\\\/#listItem\",\"name\":\"example\"}},{\"@type\":\"ListItem\",\"@id\":\"https:\\\/\\\/hidalgo.nl\\\/example\\\/#listItem\",\"position\":2,\"name\":\"example\",\"item\":\"https:\\\/\\\/hidalgo.nl\\\/example\\\/\",\"nextItem\":{\"@type\":\"ListItem\",\"@id\":\"https:\\\/\\\/hidalgo.nl\\\/en\\\/product-supplier\\\/a24\\\/#listItem\",\"name\":\"A24\"},\"previousItem\":{\"@type\":\"ListItem\",\"@id\":\"https:\\\/\\\/hidalgo.nl\\\/de\\\/#listItem\",\"name\":\"Home\"}},{\"@type\":\"ListItem\",\"@id\":\"https:\\\/\\\/hidalgo.nl\\\/en\\\/product-supplier\\\/a24\\\/#listItem\",\"position\":3,\"name\":\"A24\",\"item\":\"https:\\\/\\\/hidalgo.nl\\\/en\\\/product-supplier\\\/a24\\\/\",\"nextItem\":{\"@type\":\"ListItem\",\"@id\":\"https:\\\/\\\/hidalgo.nl\\\/de\\\/product\\\/bamboo-badplank\\\/#listItem\",\"name\":\"Bamboo Badplank\"},\"previousItem\":{\"@type\":\"ListItem\",\"@id\":\"https:\\\/\\\/hidalgo.nl\\\/example\\\/#listItem\",\"name\":\"example\"}},{\"@type\":\"ListItem\",\"@id\":\"https:\\\/\\\/hidalgo.nl\\\/de\\\/product\\\/bamboo-badplank\\\/#listItem\",\"position\":4,\"name\":\"Bamboo Badplank\",\"previousItem\":{\"@type\":\"ListItem\",\"@id\":\"https:\\\/\\\/hidalgo.nl\\\/en\\\/product-supplier\\\/a24\\\/#listItem\",\"name\":\"A24\"}}]},{\"@type\":\"Organization\",\"@id\":\"https:\\\/\\\/hidalgo.nl\\\/de\\\/#organization\",\"name\":\"Hidalgo\",\"url\":\"https:\\\/\\\/hidalgo.nl\\\/de\\\/\",\"logo\":{\"@type\":\"ImageObject\",\"url\":\"https:\\\/\\\/shop.hidalgo.nl\\\/wp-content\\\/uploads\\\/2025\\\/11\\\/cropped-Hidalgo-est1993.png\",\"@id\":\"https:\\\/\\\/hidalgo.nl\\\/de\\\/product\\\/bamboo-badplank\\\/#organizationLogo\",\"width\":585,\"height\":195},\"image\":{\"@id\":\"https:\\\/\\\/hidalgo.nl\\\/de\\\/product\\\/bamboo-badplank\\\/#organizationLogo\"}},{\"@type\":\"ProductGroup\",\"@id\":\"https:\\\/\\\/hidalgo.nl\\\/de\\\/product\\\/bamboo-badplank\\\/#wooCommerceProduct\",\"name\":\"Bamboo Badplank\",\"url\":\"https:\\\/\\\/hidalgo.nl\\\/de\\\/product\\\/bamboo-badplank\\\/\",\"sku\":\"A24-1861\",\"image\":{\"@type\":\"ImageObject\",\"url\":\"https:\\\/\\\/shop.hidalgo.nl\\\/wp-content\\\/uploads\\\/2025\\\/07\\\/e93691ac8291f01090ca8f3ed4466ff8d85f0182fdf7a3e2c545a9f986183490.jpg\",\"@id\":\"https:\\\/\\\/hidalgo.nl\\\/de\\\/product\\\/bamboo-badplank\\\/#productImage\",\"width\":1000,\"height\":1000},\"productGroupID\":163796,\"hasVariant\":[{\"@type\":\"Product\",\"@id\":\"https:\\\/\\\/hidalgo.nl\\\/de\\\/product\\\/bamboo-badplank\\\/#wooCommerceProduct\",\"name\":\"Bamboo Badplank - bruin\",\"url\":\"https:\\\/\\\/hidalgo.nl\\\/de\\\/product\\\/bamboo-badplank\\\/\",\"sku\":\"A24-186144\",\"image\":{\"@type\":\"ImageObject\",\"url\":\"https:\\\/\\\/shop.hidalgo.nl\\\/wp-content\\\/uploads\\\/2025\\\/07\\\/e93691ac8291f01090ca8f3ed4466ff8d85f0182fdf7a3e2c545a9f986183490.jpg\",\"@id\":\"https:\\\/\\\/hidalgo.nl\\\/de\\\/product\\\/bamboo-badplank\\\/#productImage\",\"width\":1000,\"height\":1000},\"offers\":{\"@type\":\"Offer\",\"url\":\"https:\\\/\\\/hidalgo.nl\\\/de\\\/product\\\/bamboo-badplank\\\/#wooCommerceOffer\",\"price\":\"24.95\",\"priceCurrency\":\"EUR\",\"category\":\"Promotionele Artikelen\",\"availability\":\"https:\\\/\\\/schema.org\\\/InStock\",\"priceSpecification\":{\"@type\":\"PriceSpecification\",\"price\":24.95,\"priceCurrency\":\"EUR\",\"valueAddedTaxIncluded\":\"true\"}}}]},{\"@type\":\"WebPage\",\"@id\":\"https:\\\/\\\/hidalgo.nl\\\/de\\\/product\\\/bamboo-badplank\\\/#webpage\",\"url\":\"https:\\\/\\\/hidalgo.nl\\\/de\\\/product\\\/bamboo-badplank\\\/\",\"name\":\"Bamboo Badplank\",\"description\":\"Genie\\u00dfe entspannte Me-Time: Das verstellbare Bambus-Badebrett h\\u00e4lt Tablet, Buch & Glas sicher und passt auf fast jede Standardwanne. Lass dein Logo pr\\u00e4zise drucken - smartes Badzubeh\\u00f6r f\\u00fcr Marken, die 20-40-J\\u00e4hrige erreichen wollen.\",\"inLanguage\":\"de-DE\",\"isPartOf\":{\"@id\":\"https:\\\/\\\/hidalgo.nl\\\/de\\\/#website\"},\"breadcrumb\":{\"@id\":\"https:\\\/\\\/hidalgo.nl\\\/de\\\/product\\\/bamboo-badplank\\\/#breadcrumblist\"},\"image\":{\"@type\":\"ImageObject\",\"url\":\"https:\\\/\\\/shop.hidalgo.nl\\\/wp-content\\\/uploads\\\/2025\\\/07\\\/e93691ac8291f01090ca8f3ed4466ff8d85f0182fdf7a3e2c545a9f986183490.jpg\",\"@id\":\"https:\\\/\\\/hidalgo.nl\\\/de\\\/product\\\/bamboo-badplank\\\/#mainImage\",\"width\":1000,\"height\":1000},\"primaryImageOfPage\":{\"@id\":\"https:\\\/\\\/hidalgo.nl\\\/de\\\/product\\\/bamboo-badplank\\\/#mainImage\"},\"datePublished\":\"2025-07-11T10:01:34+00:00\",\"dateModified\":\"2026-03-21T12:43:55+00:00\"},{\"@type\":\"WebSite\",\"@id\":\"https:\\\/\\\/hidalgo.nl\\\/de\\\/#website\",\"url\":\"https:\\\/\\\/hidalgo.nl\\\/de\\\/\",\"name\":\"Hidalgo\",\"inLanguage\":\"de-DE\",\"publisher\":{\"@id\":\"https:\\\/\\\/hidalgo.nl\\\/de\\\/#organization\"}}]}\n\t\t<\/script>\n\t\t<!-- All in One SEO Pro -->\r\n\t\t<title>Bamboo Badplank<\/title>\n\n","aioseo_head_json":{"title":"Bamboo Badplank","description":"Genie\u00dfe entspannte Me-Time: Das verstellbare Bambus-Badebrett h\u00e4lt Tablet, Buch & Glas sicher und passt auf fast jede Standardwanne. Lass dein Logo pr\u00e4zise drucken - smartes Badzubeh\u00f6r f\u00fcr Marken, die 20-40-J\u00e4hrige erreichen wollen.","canonical_url":"https:\/\/hidalgo.nl\/de\/wp-json\/wp\/v2\/product\/163796","robots":"max-image-preview:large","keywords":"","webmasterTools":{"miscellaneous":""},"schema":{"@context":"https:\/\/schema.org","@graph":[{"@type":"BreadcrumbList","@id":"https:\/\/hidalgo.nl\/de\/product\/bamboo-badplank\/#breadcrumblist","itemListElement":[{"@type":"ListItem","@id":"https:\/\/hidalgo.nl\/de\/#listItem","position":1,"name":"Home","item":"https:\/\/hidalgo.nl\/de\/","nextItem":{"@type":"ListItem","@id":"https:\/\/hidalgo.nl\/example\/#listItem","name":"example"}},{"@type":"ListItem","@id":"https:\/\/hidalgo.nl\/example\/#listItem","position":2,"name":"example","item":"https:\/\/hidalgo.nl\/example\/","nextItem":{"@type":"ListItem","@id":"https:\/\/hidalgo.nl\/en\/product-supplier\/a24\/#listItem","name":"A24"},"previousItem":{"@type":"ListItem","@id":"https:\/\/hidalgo.nl\/de\/#listItem","name":"Home"}},{"@type":"ListItem","@id":"https:\/\/hidalgo.nl\/en\/product-supplier\/a24\/#listItem","position":3,"name":"A24","item":"https:\/\/hidalgo.nl\/en\/product-supplier\/a24\/","nextItem":{"@type":"ListItem","@id":"https:\/\/hidalgo.nl\/de\/product\/bamboo-badplank\/#listItem","name":"Bamboo Badplank"},"previousItem":{"@type":"ListItem","@id":"https:\/\/hidalgo.nl\/example\/#listItem","name":"example"}},{"@type":"ListItem","@id":"https:\/\/hidalgo.nl\/de\/product\/bamboo-badplank\/#listItem","position":4,"name":"Bamboo Badplank","previousItem":{"@type":"ListItem","@id":"https:\/\/hidalgo.nl\/en\/product-supplier\/a24\/#listItem","name":"A24"}}]},{"@type":"Organization","@id":"https:\/\/hidalgo.nl\/de\/#organization","name":"Hidalgo","url":"https:\/\/hidalgo.nl\/de\/","logo":{"@type":"ImageObject","url":"https:\/\/shop.hidalgo.nl\/wp-content\/uploads\/2025\/11\/cropped-Hidalgo-est1993.png","@id":"https:\/\/hidalgo.nl\/de\/product\/bamboo-badplank\/#organizationLogo","width":585,"height":195},"image":{"@id":"https:\/\/hidalgo.nl\/de\/product\/bamboo-badplank\/#organizationLogo"}},{"@type":"ProductGroup","@id":"https:\/\/hidalgo.nl\/de\/product\/bamboo-badplank\/#wooCommerceProduct","name":"Bamboo Badplank","url":"https:\/\/hidalgo.nl\/de\/product\/bamboo-badplank\/","sku":"A24-1861","image":{"@type":"ImageObject","url":"https:\/\/shop.hidalgo.nl\/wp-content\/uploads\/2025\/07\/e93691ac8291f01090ca8f3ed4466ff8d85f0182fdf7a3e2c545a9f986183490.jpg","@id":"https:\/\/hidalgo.nl\/de\/product\/bamboo-badplank\/#productImage","width":1000,"height":1000},"productGroupID":163796,"hasVariant":[{"@type":"Product","@id":"https:\/\/hidalgo.nl\/de\/product\/bamboo-badplank\/#wooCommerceProduct","name":"Bamboo Badplank - bruin","url":"https:\/\/hidalgo.nl\/de\/product\/bamboo-badplank\/","sku":"A24-186144","image":{"@type":"ImageObject","url":"https:\/\/shop.hidalgo.nl\/wp-content\/uploads\/2025\/07\/e93691ac8291f01090ca8f3ed4466ff8d85f0182fdf7a3e2c545a9f986183490.jpg","@id":"https:\/\/hidalgo.nl\/de\/product\/bamboo-badplank\/#productImage","width":1000,"height":1000},"offers":{"@type":"Offer","url":"https:\/\/hidalgo.nl\/de\/product\/bamboo-badplank\/#wooCommerceOffer","price":"24.95","priceCurrency":"EUR","category":"Promotionele Artikelen","availability":"https:\/\/schema.org\/InStock","priceSpecification":{"@type":"PriceSpecification","price":24.95,"priceCurrency":"EUR","valueAddedTaxIncluded":"true"}}}]},{"@type":"WebPage","@id":"https:\/\/hidalgo.nl\/de\/product\/bamboo-badplank\/#webpage","url":"https:\/\/hidalgo.nl\/de\/product\/bamboo-badplank\/","name":"Bamboo Badplank","description":"Genie\u00dfe entspannte Me-Time: Das verstellbare Bambus-Badebrett h\u00e4lt Tablet, Buch & Glas sicher und passt auf fast jede Standardwanne. Lass dein Logo pr\u00e4zise drucken - smartes Badzubeh\u00f6r f\u00fcr Marken, die 20-40-J\u00e4hrige erreichen wollen.","inLanguage":"de-DE","isPartOf":{"@id":"https:\/\/hidalgo.nl\/de\/#website"},"breadcrumb":{"@id":"https:\/\/hidalgo.nl\/de\/product\/bamboo-badplank\/#breadcrumblist"},"image":{"@type":"ImageObject","url":"https:\/\/shop.hidalgo.nl\/wp-content\/uploads\/2025\/07\/e93691ac8291f01090ca8f3ed4466ff8d85f0182fdf7a3e2c545a9f986183490.jpg","@id":"https:\/\/hidalgo.nl\/de\/product\/bamboo-badplank\/#mainImage","width":1000,"height":1000},"primaryImageOfPage":{"@id":"https:\/\/hidalgo.nl\/de\/product\/bamboo-badplank\/#mainImage"},"datePublished":"2025-07-11T10:01:34+00:00","dateModified":"2026-03-21T12:43:55+00:00"},{"@type":"WebSite","@id":"https:\/\/hidalgo.nl\/de\/#website","url":"https:\/\/hidalgo.nl\/de\/","name":"Hidalgo","inLanguage":"de-DE","publisher":{"@id":"https:\/\/hidalgo.nl\/de\/#organization"}}]},"og:locale":"de_DE","og:site_name":"Hidalgo -","og:type":"article","og:title":"Bamboo Badplank","og:description":"Genie\u00dfe entspannte Me-Time: Das verstellbare Bambus-Badebrett h\u00e4lt Tablet, Buch &amp; Glas sicher und passt auf fast jede Standardwanne. Lass dein Logo pr\u00e4zise drucken - smartes Badzubeh\u00f6r f\u00fcr Marken, die 20-40-J\u00e4hrige erreichen wollen.","og:url":"https:\/\/hidalgo.nl\/de\/wp-json\/wp\/v2\/product\/163796","og:image":"https:\/\/shop.hidalgo.nl\/wp-content\/uploads\/2025\/11\/cropped-Hidalgo-est1993.png","og:image:secure_url":"https:\/\/shop.hidalgo.nl\/wp-content\/uploads\/2025\/11\/cropped-Hidalgo-est1993.png","article:published_time":"2025-07-11T10:01:34+00:00","article:modified_time":"2026-03-21T12:43:55+00:00","twitter:card":"summary_large_image","twitter:title":"Bamboo Badplank","twitter:description":"Genie\u00dfe entspannte Me-Time: Das verstellbare Bambus-Badebrett h\u00e4lt Tablet, Buch &amp; Glas sicher und passt auf fast jede Standardwanne. Lass dein Logo pr\u00e4zise drucken - smartes Badzubeh\u00f6r f\u00fcr Marken, die 20-40-J\u00e4hrige erreichen wollen.","twitter:image":"https:\/\/shop.hidalgo.nl\/wp-content\/uploads\/2025\/11\/cropped-Hidalgo-est1993.png"},"aioseo_meta_data":{"post_id":"163796","title":null,"description":null,"keywords":null,"keyphrases":null,"primary_term":null,"canonical_url":null,"og_title":null,"og_description":null,"og_object_type":"default","og_image_type":"default","og_image_url":null,"og_image_width":null,"og_image_height":null,"og_image_custom_url":null,"og_image_custom_fields":null,"og_video":null,"og_custom_url":null,"og_article_section":null,"og_article_tags":null,"twitter_use_og":false,"twitter_card":"default","twitter_image_type":"default","twitter_image_url":null,"twitter_image_custom_url":null,"twitter_image_custom_fields":null,"twitter_title":null,"twitter_description":null,"schema":{"blockGraphs":[],"customGraphs":[],"default":{"data":{"Article":[],"Course":[],"Dataset":[],"FAQPage":[],"Movie":[],"Person":[],"Product":[],"ProductReview":[],"Car":[],"Recipe":[],"Service":[],"SoftwareApplication":[],"WebPage":[]},"graphName":"","isEnabled":true},"graphs":[]},"schema_type":"default","schema_type_options":null,"pillar_content":false,"robots_default":true,"robots_noindex":false,"robots_noarchive":false,"robots_nosnippet":false,"robots_nofollow":false,"robots_noimageindex":false,"robots_noodp":false,"robots_notranslate":false,"robots_max_snippet":null,"robots_max_videopreview":null,"robots_max_imagepreview":"large","priority":null,"frequency":null,"local_seo":null,"seo_analyzer_scan_date":"2026-01-22 15:19:03","breadcrumb_settings":null,"limit_modified_date":false,"reviewed_by":null,"open_ai":null,"ai":null,"created":"2026-01-14 07:02:59","updated":"2026-04-23 00:46:48"},"aioseo_breadcrumb":"<div class=\"aioseo-breadcrumbs\"><span class=\"aioseo-breadcrumb\">\n\t<a href=\"https:\/\/hidalgo.nl\/de\/\" title=\"Home\">Home<\/a>\n<\/span><span class=\"aioseo-breadcrumb-separator\">\u00bb<\/span><span class=\"aioseo-breadcrumb\">\n\t<a href=\"https:\/\/hidalgo.nl\/example\/\" title=\"example\">example<\/a>\n<\/span><span class=\"aioseo-breadcrumb-separator\">\u00bb<\/span><span class=\"aioseo-breadcrumb\">\n\t<a href=\"https:\/\/hidalgo.nl\/en\/product-supplier\/a24\/\" title=\"A24\">A24<\/a>\n<\/span><span class=\"aioseo-breadcrumb-separator\">\u00bb<\/span><span class=\"aioseo-breadcrumb\">\n\tBamboo Badplank\n<\/span><\/div>","aioseo_breadcrumb_json":[{"label":"Home","link":"https:\/\/hidalgo.nl\/de\/"},{"label":"example","link":"https:\/\/hidalgo.nl\/example\/"},{"label":"A24","link":"https:\/\/hidalgo.nl\/en\/product-supplier\/a24\/"},{"label":"Bamboo Badplank","link":"https:\/\/hidalgo.nl\/de\/product\/bamboo-badplank\/"}],"_links":{"self":[{"href":"https:\/\/hidalgo.nl\/de\/wp-json\/wp\/v2\/product\/163796","targetHints":{"allow":["GET"]}}],"collection":[{"href":"https:\/\/hidalgo.nl\/de\/wp-json\/wp\/v2\/product"}],"about":[{"href":"https:\/\/hidalgo.nl\/de\/wp-json\/wp\/v2\/types\/product"}],"wp:featuredmedia":[{"embeddable":true,"href":"https:\/\/hidalgo.nl\/de\/wp-json\/wp\/v2\/media\/163797"}],"wp:attachment":[{"href":"https:\/\/hidalgo.nl\/de\/wp-json\/wp\/v2\/media?parent=163796"}],"wp:term":[{"taxonomy":"product_brand","embeddable":true,"href":"https:\/\/hidalgo.nl\/de\/wp-json\/wp\/v2\/product_brand?post=163796"},{"taxonomy":"product_cat","embeddable":true,"href":"https:\/\/hidalgo.nl\/de\/wp-json\/wp\/v2\/product_cat?post=163796"},{"taxonomy":"product_tag","embeddable":true,"href":"https:\/\/hidalgo.nl\/de\/wp-json\/wp\/v2\/product_tag?post=163796"}],"curies":[{"name":"wp","href":"https:\/\/api.w.org\/{rel}","templated":true}]}}