{"id":163791,"date":"2025-07-11T10:01:11","date_gmt":"2025-07-11T10:01:11","guid":{"rendered":"http:\/\/bidonsenshakers.pim.hidalgo.nl\/product\/grundig-solar-led-light\/"},"modified":"2026-03-21T12:43:26","modified_gmt":"2026-03-21T12:43:26","slug":"grundig-solar-led-light","status":"publish","type":"product","link":"https:\/\/hidalgo.nl\/de\/product\/grundig-solar-led-light\/","title":{"rendered":"Grundig Solar LED-Light"},"content":{"rendered":"<p>Roestvrijstalen Solar lamp van het merk Grundig. Ideaal als tuinlicht om overal rondom je huis te plaatsen. Deze lamp heeft een LED lamp met 2 witte power LED&#8217;s en een lichtopbrengst van wel 4-5 lumen. Overdag laadt de solarlamp zich op door middel van zonne-energie en bij duisternis schakelt het tuinlicht automatisch in. Deze staande solarlamp kun je gemakkelijk en overal in je tuin plaatsen, zodat je het hele jaar door kunt genieten van je tuin of terras. Aan\/uit knop onder de bovenste kap. Lichtopbrengst: 4-5 Lumen. Inclusief 1.2V Ni-Mh batterij. Per stuk verpakt.<\/p>\n","protected":false},"excerpt":{"rendered":"<p>Roestvrijstalen Solar lamp van het merk Grundig. Ideaal als tuinlicht om overal rondom je huis te plaatsen. Deze lamp heeft een LED lamp met 2 witte power LED&#8217;s en een lichtopbrengst van wel 4-5 lumen. Overdag laadt de solarlamp zich op door middel van zonne-energie en bij duisternis schakelt het tuinlicht automatisch in. Deze staande&hellip; <a class=\"more-link\" href=\"https:\/\/hidalgo.nl\/de\/product\/grundig-solar-led-light\/\"><span class=\"screen-reader-text\">Grundig Solar LED-Light<\/span> weiterlesen<\/a><\/p>\n","protected":false},"featured_media":163792,"template":"","meta":{"_acf_changed":false,"om_disable_all_campaigns":false,"_monsterinsights_skip_tracking":false,"_monsterinsights_sitenote_active":false,"_monsterinsights_sitenote_note":"","_monsterinsights_sitenote_category":0},"product_brand":[1838],"product_cat":[4719,4728,4729],"product_tag":[],"class_list":{"0":"post-163791","1":"product","2":"type-product","3":"status-publish","4":"has-post-thumbnail","6":"product_supplier-a24","7":"product_material-rvs","8":"product_brand-grundig","9":"product_cat-promotionele-artikelen","10":"product_cat-promotionele-artikelen-thuis-keuken-en-tuin","11":"product_cat-tuin","12":"entry","14":"first","15":"instock","16":"taxable","17":"shipping-taxable","18":"purchasable","19":"product-type-variable"},"acf":{"imprint_cost":[{"imprint_cost_key":"d7287949fdf07c5ea86ea7c1180397258460ea29","product_quantity_price_range":[{"imprint_cost_recommended_selling_price":"2.535","imprint_cost_recommended_selling_quantity":"1"},{"imprint_cost_recommended_selling_price":"1.785","imprint_cost_recommended_selling_quantity":"25"},{"imprint_cost_recommended_selling_price":"1.035","imprint_cost_recommended_selling_quantity":"50"},{"imprint_cost_recommended_selling_price":"0.84","imprint_cost_recommended_selling_quantity":"100"},{"imprint_cost_recommended_selling_price":"0.69","imprint_cost_recommended_selling_quantity":"250"},{"imprint_cost_recommended_selling_price":"0.63","imprint_cost_recommended_selling_quantity":"500"},{"imprint_cost_recommended_selling_price":"0.585","imprint_cost_recommended_selling_quantity":"1000"},{"imprint_cost_recommended_selling_price":"0.525","imprint_cost_recommended_selling_quantity":"2500"},{"imprint_cost_recommended_selling_price":"0.51","imprint_cost_recommended_selling_quantity":"5000"}],"product_quantity_price_range_buying":[{"imprint_cost_general_buying_price":"1.69","imprint_cost_general_buying_quantity":"1"},{"imprint_cost_general_buying_price":"1.19","imprint_cost_general_buying_quantity":"25"},{"imprint_cost_general_buying_price":"0.69","imprint_cost_general_buying_quantity":"50"},{"imprint_cost_general_buying_price":"0.56","imprint_cost_general_buying_quantity":"100"},{"imprint_cost_general_buying_price":"0.46","imprint_cost_general_buying_quantity":"250"},{"imprint_cost_general_buying_price":"0.42","imprint_cost_general_buying_quantity":"500"},{"imprint_cost_general_buying_price":"0.39","imprint_cost_general_buying_quantity":"1000"},{"imprint_cost_general_buying_price":"0.35","imprint_cost_general_buying_quantity":"2500"},{"imprint_cost_general_buying_price":"0.34","imprint_cost_general_buying_quantity":"5000"}],"imprint_cost_setup_costs":"26.25","imprint_cost_handling_costs":"0.12"},{"imprint_cost_key":"2308882b612a2bace4c4fc8c1c2a3142b1b70d0a","product_quantity_price_range":[{"imprint_cost_recommended_selling_price":"2.685","imprint_cost_recommended_selling_quantity":"1"},{"imprint_cost_recommended_selling_price":"1.935","imprint_cost_recommended_selling_quantity":"25"},{"imprint_cost_recommended_selling_price":"1.125","imprint_cost_recommended_selling_quantity":"50"},{"imprint_cost_recommended_selling_price":"0.9","imprint_cost_recommended_selling_quantity":"100"},{"imprint_cost_recommended_selling_price":"0.75","imprint_cost_recommended_selling_quantity":"250"},{"imprint_cost_recommended_selling_price":"0.69","imprint_cost_recommended_selling_quantity":"500"},{"imprint_cost_recommended_selling_price":"0.645","imprint_cost_recommended_selling_quantity":"1000"},{"imprint_cost_recommended_selling_price":"0.615","imprint_cost_recommended_selling_quantity":"2500"},{"imprint_cost_recommended_selling_price":"0.585","imprint_cost_recommended_selling_quantity":"5000"}],"product_quantity_price_range_buying":[{"imprint_cost_general_buying_price":"1.79","imprint_cost_general_buying_quantity":"1"},{"imprint_cost_general_buying_price":"1.29","imprint_cost_general_buying_quantity":"25"},{"imprint_cost_general_buying_price":"0.75","imprint_cost_general_buying_quantity":"50"},{"imprint_cost_general_buying_price":"0.6","imprint_cost_general_buying_quantity":"100"},{"imprint_cost_general_buying_price":"0.5","imprint_cost_general_buying_quantity":"250"},{"imprint_cost_general_buying_price":"0.46","imprint_cost_general_buying_quantity":"500"},{"imprint_cost_general_buying_price":"0.43","imprint_cost_general_buying_quantity":"1000"},{"imprint_cost_general_buying_price":"0.41","imprint_cost_general_buying_quantity":"2500"},{"imprint_cost_general_buying_price":"0.39","imprint_cost_general_buying_quantity":"5000"}],"imprint_cost_setup_costs":"26.25","imprint_cost_handling_costs":"0.12"}]},"aioseo_notices":[],"aioseo_head":"\n\t\t<!-- All in One SEO Pro 4.9.6.2 - aioseo.com -->\n\t<meta name=\"description\" content=\"Diese Solarlampe aus silbernem Edelstahl l\u00e4dt sich tags\u00fcber auf und schaltet ihr Licht bei Einbruch der Dunkelheit automatisch ein. Du l\u00e4sst dein Logo sauber auf dem Geh\u00e4use drucken - ideal als Giveaway und praktische Beleuchtung f\u00fcr Garten oder Terrasse.\" \/>\n\t<meta name=\"robots\" content=\"max-image-preview:large\" \/>\n\t<link rel=\"canonical\" href=\"https:\/\/hidalgo.nl\/de\/wp-json\/wp\/v2\/product\/163791\" \/>\n\t<meta name=\"generator\" content=\"All in One SEO Pro (AIOSEO) 4.9.6.2\" \/>\n\t\t<meta property=\"og:locale\" content=\"de_DE\" \/>\n\t\t<meta property=\"og:site_name\" content=\"Hidalgo -\" \/>\n\t\t<meta property=\"og:type\" content=\"article\" \/>\n\t\t<meta property=\"og:title\" content=\"Grundig Solar LED-Light\" \/>\n\t\t<meta property=\"og:description\" content=\"Diese Solarlampe aus silbernem Edelstahl l\u00e4dt sich tags\u00fcber auf und schaltet ihr Licht bei Einbruch der Dunkelheit automatisch ein. Du l\u00e4sst dein Logo sauber auf dem Geh\u00e4use drucken - ideal als Giveaway und praktische Beleuchtung f\u00fcr Garten oder Terrasse.\" \/>\n\t\t<meta property=\"og:url\" content=\"https:\/\/hidalgo.nl\/de\/wp-json\/wp\/v2\/product\/163791\" \/>\n\t\t<meta property=\"og:image\" content=\"https:\/\/shop.hidalgo.nl\/wp-content\/uploads\/2025\/11\/cropped-Hidalgo-est1993.png\" \/>\n\t\t<meta property=\"og:image:secure_url\" content=\"https:\/\/shop.hidalgo.nl\/wp-content\/uploads\/2025\/11\/cropped-Hidalgo-est1993.png\" \/>\n\t\t<meta property=\"article:published_time\" content=\"2025-07-11T10:01:11+00:00\" \/>\n\t\t<meta property=\"article:modified_time\" content=\"2026-03-21T12:43:26+00:00\" \/>\n\t\t<meta name=\"twitter:card\" content=\"summary_large_image\" \/>\n\t\t<meta name=\"twitter:title\" content=\"Grundig Solar LED-Light\" \/>\n\t\t<meta name=\"twitter:description\" content=\"Diese Solarlampe aus silbernem Edelstahl l\u00e4dt sich tags\u00fcber auf und schaltet ihr Licht bei Einbruch der Dunkelheit automatisch ein. Du l\u00e4sst dein Logo sauber auf dem Geh\u00e4use drucken - ideal als Giveaway und praktische Beleuchtung f\u00fcr Garten oder Terrasse.\" \/>\n\t\t<meta name=\"twitter:image\" content=\"https:\/\/shop.hidalgo.nl\/wp-content\/uploads\/2025\/11\/cropped-Hidalgo-est1993.png\" \/>\n\t\t<script type=\"application\/ld+json\" class=\"aioseo-schema\">\n\t\t\t{\"@context\":\"https:\\\/\\\/schema.org\",\"@graph\":[{\"@type\":\"BreadcrumbList\",\"@id\":\"https:\\\/\\\/hidalgo.nl\\\/de\\\/product\\\/grundig-solar-led-light\\\/#breadcrumblist\",\"itemListElement\":[{\"@type\":\"ListItem\",\"@id\":\"https:\\\/\\\/hidalgo.nl\\\/de\\\/#listItem\",\"position\":1,\"name\":\"Home\",\"item\":\"https:\\\/\\\/hidalgo.nl\\\/de\\\/\",\"nextItem\":{\"@type\":\"ListItem\",\"@id\":\"https:\\\/\\\/hidalgo.nl\\\/example\\\/#listItem\",\"name\":\"example\"}},{\"@type\":\"ListItem\",\"@id\":\"https:\\\/\\\/hidalgo.nl\\\/example\\\/#listItem\",\"position\":2,\"name\":\"example\",\"item\":\"https:\\\/\\\/hidalgo.nl\\\/example\\\/\",\"nextItem\":{\"@type\":\"ListItem\",\"@id\":\"https:\\\/\\\/hidalgo.nl\\\/en\\\/product-supplier\\\/a24\\\/#listItem\",\"name\":\"A24\"},\"previousItem\":{\"@type\":\"ListItem\",\"@id\":\"https:\\\/\\\/hidalgo.nl\\\/de\\\/#listItem\",\"name\":\"Home\"}},{\"@type\":\"ListItem\",\"@id\":\"https:\\\/\\\/hidalgo.nl\\\/en\\\/product-supplier\\\/a24\\\/#listItem\",\"position\":3,\"name\":\"A24\",\"item\":\"https:\\\/\\\/hidalgo.nl\\\/en\\\/product-supplier\\\/a24\\\/\",\"nextItem\":{\"@type\":\"ListItem\",\"@id\":\"https:\\\/\\\/hidalgo.nl\\\/de\\\/product\\\/grundig-solar-led-light\\\/#listItem\",\"name\":\"Grundig Solar LED-Light\"},\"previousItem\":{\"@type\":\"ListItem\",\"@id\":\"https:\\\/\\\/hidalgo.nl\\\/example\\\/#listItem\",\"name\":\"example\"}},{\"@type\":\"ListItem\",\"@id\":\"https:\\\/\\\/hidalgo.nl\\\/de\\\/product\\\/grundig-solar-led-light\\\/#listItem\",\"position\":4,\"name\":\"Grundig Solar LED-Light\",\"previousItem\":{\"@type\":\"ListItem\",\"@id\":\"https:\\\/\\\/hidalgo.nl\\\/en\\\/product-supplier\\\/a24\\\/#listItem\",\"name\":\"A24\"}}]},{\"@type\":\"Organization\",\"@id\":\"https:\\\/\\\/hidalgo.nl\\\/de\\\/#organization\",\"name\":\"Hidalgo\",\"url\":\"https:\\\/\\\/hidalgo.nl\\\/de\\\/\",\"logo\":{\"@type\":\"ImageObject\",\"url\":\"https:\\\/\\\/shop.hidalgo.nl\\\/wp-content\\\/uploads\\\/2025\\\/11\\\/cropped-Hidalgo-est1993.png\",\"@id\":\"https:\\\/\\\/hidalgo.nl\\\/de\\\/product\\\/grundig-solar-led-light\\\/#organizationLogo\",\"width\":585,\"height\":195},\"image\":{\"@id\":\"https:\\\/\\\/hidalgo.nl\\\/de\\\/product\\\/grundig-solar-led-light\\\/#organizationLogo\"}},{\"@type\":\"ProductGroup\",\"@id\":\"https:\\\/\\\/hidalgo.nl\\\/de\\\/product\\\/grundig-solar-led-light\\\/#wooCommerceProduct\",\"name\":\"Grundig Solar LED-Light\",\"url\":\"https:\\\/\\\/hidalgo.nl\\\/de\\\/product\\\/grundig-solar-led-light\\\/\",\"brand\":{\"@type\":\"Brand\",\"name\":\"Grundig\"},\"sku\":\"A24-1859\",\"image\":{\"@type\":\"ImageObject\",\"url\":\"https:\\\/\\\/shop.hidalgo.nl\\\/wp-content\\\/uploads\\\/2025\\\/07\\\/3bc1d30a00520bf0379aff31be0feace531c3b4f3bf349bdc078442cf04c9069.jpg\",\"@id\":\"https:\\\/\\\/hidalgo.nl\\\/de\\\/product\\\/grundig-solar-led-light\\\/#productImage\",\"width\":1000,\"height\":1000},\"productGroupID\":163791,\"hasVariant\":[{\"@type\":\"Product\",\"@id\":\"https:\\\/\\\/hidalgo.nl\\\/de\\\/product\\\/grundig-solar-led-light\\\/#wooCommerceProduct\",\"name\":\"Grundig Solar LED-Light - zilver\",\"url\":\"https:\\\/\\\/hidalgo.nl\\\/de\\\/product\\\/grundig-solar-led-light\\\/\",\"sku\":\"A24-185901\",\"image\":{\"@type\":\"ImageObject\",\"url\":\"https:\\\/\\\/shop.hidalgo.nl\\\/wp-content\\\/uploads\\\/2025\\\/07\\\/3bc1d30a00520bf0379aff31be0feace531c3b4f3bf349bdc078442cf04c9069.jpg\",\"@id\":\"https:\\\/\\\/hidalgo.nl\\\/de\\\/product\\\/grundig-solar-led-light\\\/#productImage\",\"width\":1000,\"height\":1000},\"offers\":{\"@type\":\"Offer\",\"url\":\"https:\\\/\\\/hidalgo.nl\\\/de\\\/product\\\/grundig-solar-led-light\\\/#wooCommerceOffer\",\"price\":\"8.95\",\"priceCurrency\":\"EUR\",\"category\":\"Promotionele Artikelen\",\"availability\":\"https:\\\/\\\/schema.org\\\/InStock\",\"priceSpecification\":{\"@type\":\"PriceSpecification\",\"price\":8.95,\"priceCurrency\":\"EUR\",\"valueAddedTaxIncluded\":\"true\"}}}]},{\"@type\":\"WebPage\",\"@id\":\"https:\\\/\\\/hidalgo.nl\\\/de\\\/product\\\/grundig-solar-led-light\\\/#webpage\",\"url\":\"https:\\\/\\\/hidalgo.nl\\\/de\\\/product\\\/grundig-solar-led-light\\\/\",\"name\":\"Grundig Solar LED-Light\",\"description\":\"Diese Solarlampe aus silbernem Edelstahl l\\u00e4dt sich tags\\u00fcber auf und schaltet ihr Licht bei Einbruch der Dunkelheit automatisch ein. Du l\\u00e4sst dein Logo sauber auf dem Geh\\u00e4use drucken - ideal als Giveaway und praktische Beleuchtung f\\u00fcr Garten oder Terrasse.\",\"inLanguage\":\"de-DE\",\"isPartOf\":{\"@id\":\"https:\\\/\\\/hidalgo.nl\\\/de\\\/#website\"},\"breadcrumb\":{\"@id\":\"https:\\\/\\\/hidalgo.nl\\\/de\\\/product\\\/grundig-solar-led-light\\\/#breadcrumblist\"},\"image\":{\"@type\":\"ImageObject\",\"url\":\"https:\\\/\\\/shop.hidalgo.nl\\\/wp-content\\\/uploads\\\/2025\\\/07\\\/3bc1d30a00520bf0379aff31be0feace531c3b4f3bf349bdc078442cf04c9069.jpg\",\"@id\":\"https:\\\/\\\/hidalgo.nl\\\/de\\\/product\\\/grundig-solar-led-light\\\/#mainImage\",\"width\":1000,\"height\":1000},\"primaryImageOfPage\":{\"@id\":\"https:\\\/\\\/hidalgo.nl\\\/de\\\/product\\\/grundig-solar-led-light\\\/#mainImage\"},\"datePublished\":\"2025-07-11T10:01:11+00:00\",\"dateModified\":\"2026-03-21T12:43:26+00:00\"},{\"@type\":\"WebSite\",\"@id\":\"https:\\\/\\\/hidalgo.nl\\\/de\\\/#website\",\"url\":\"https:\\\/\\\/hidalgo.nl\\\/de\\\/\",\"name\":\"Hidalgo\",\"inLanguage\":\"de-DE\",\"publisher\":{\"@id\":\"https:\\\/\\\/hidalgo.nl\\\/de\\\/#organization\"}}]}\n\t\t<\/script>\n\t\t<!-- All in One SEO Pro -->\r\n\t\t<title>Grundig Solar LED-Light<\/title>\n\n","aioseo_head_json":{"title":"Grundig Solar LED-Light","description":"Diese Solarlampe aus silbernem Edelstahl l\u00e4dt sich tags\u00fcber auf und schaltet ihr Licht bei Einbruch der Dunkelheit automatisch ein. Du l\u00e4sst dein Logo sauber auf dem Geh\u00e4use drucken - ideal als Giveaway und praktische Beleuchtung f\u00fcr Garten oder Terrasse.","canonical_url":"https:\/\/hidalgo.nl\/de\/wp-json\/wp\/v2\/product\/163791","robots":"max-image-preview:large","keywords":"","webmasterTools":{"miscellaneous":""},"schema":{"@context":"https:\/\/schema.org","@graph":[{"@type":"BreadcrumbList","@id":"https:\/\/hidalgo.nl\/de\/product\/grundig-solar-led-light\/#breadcrumblist","itemListElement":[{"@type":"ListItem","@id":"https:\/\/hidalgo.nl\/de\/#listItem","position":1,"name":"Home","item":"https:\/\/hidalgo.nl\/de\/","nextItem":{"@type":"ListItem","@id":"https:\/\/hidalgo.nl\/example\/#listItem","name":"example"}},{"@type":"ListItem","@id":"https:\/\/hidalgo.nl\/example\/#listItem","position":2,"name":"example","item":"https:\/\/hidalgo.nl\/example\/","nextItem":{"@type":"ListItem","@id":"https:\/\/hidalgo.nl\/en\/product-supplier\/a24\/#listItem","name":"A24"},"previousItem":{"@type":"ListItem","@id":"https:\/\/hidalgo.nl\/de\/#listItem","name":"Home"}},{"@type":"ListItem","@id":"https:\/\/hidalgo.nl\/en\/product-supplier\/a24\/#listItem","position":3,"name":"A24","item":"https:\/\/hidalgo.nl\/en\/product-supplier\/a24\/","nextItem":{"@type":"ListItem","@id":"https:\/\/hidalgo.nl\/de\/product\/grundig-solar-led-light\/#listItem","name":"Grundig Solar LED-Light"},"previousItem":{"@type":"ListItem","@id":"https:\/\/hidalgo.nl\/example\/#listItem","name":"example"}},{"@type":"ListItem","@id":"https:\/\/hidalgo.nl\/de\/product\/grundig-solar-led-light\/#listItem","position":4,"name":"Grundig Solar LED-Light","previousItem":{"@type":"ListItem","@id":"https:\/\/hidalgo.nl\/en\/product-supplier\/a24\/#listItem","name":"A24"}}]},{"@type":"Organization","@id":"https:\/\/hidalgo.nl\/de\/#organization","name":"Hidalgo","url":"https:\/\/hidalgo.nl\/de\/","logo":{"@type":"ImageObject","url":"https:\/\/shop.hidalgo.nl\/wp-content\/uploads\/2025\/11\/cropped-Hidalgo-est1993.png","@id":"https:\/\/hidalgo.nl\/de\/product\/grundig-solar-led-light\/#organizationLogo","width":585,"height":195},"image":{"@id":"https:\/\/hidalgo.nl\/de\/product\/grundig-solar-led-light\/#organizationLogo"}},{"@type":"ProductGroup","@id":"https:\/\/hidalgo.nl\/de\/product\/grundig-solar-led-light\/#wooCommerceProduct","name":"Grundig Solar LED-Light","url":"https:\/\/hidalgo.nl\/de\/product\/grundig-solar-led-light\/","brand":{"@type":"Brand","name":"Grundig"},"sku":"A24-1859","image":{"@type":"ImageObject","url":"https:\/\/shop.hidalgo.nl\/wp-content\/uploads\/2025\/07\/3bc1d30a00520bf0379aff31be0feace531c3b4f3bf349bdc078442cf04c9069.jpg","@id":"https:\/\/hidalgo.nl\/de\/product\/grundig-solar-led-light\/#productImage","width":1000,"height":1000},"productGroupID":163791,"hasVariant":[{"@type":"Product","@id":"https:\/\/hidalgo.nl\/de\/product\/grundig-solar-led-light\/#wooCommerceProduct","name":"Grundig Solar LED-Light - zilver","url":"https:\/\/hidalgo.nl\/de\/product\/grundig-solar-led-light\/","sku":"A24-185901","image":{"@type":"ImageObject","url":"https:\/\/shop.hidalgo.nl\/wp-content\/uploads\/2025\/07\/3bc1d30a00520bf0379aff31be0feace531c3b4f3bf349bdc078442cf04c9069.jpg","@id":"https:\/\/hidalgo.nl\/de\/product\/grundig-solar-led-light\/#productImage","width":1000,"height":1000},"offers":{"@type":"Offer","url":"https:\/\/hidalgo.nl\/de\/product\/grundig-solar-led-light\/#wooCommerceOffer","price":"8.95","priceCurrency":"EUR","category":"Promotionele Artikelen","availability":"https:\/\/schema.org\/InStock","priceSpecification":{"@type":"PriceSpecification","price":8.95,"priceCurrency":"EUR","valueAddedTaxIncluded":"true"}}}]},{"@type":"WebPage","@id":"https:\/\/hidalgo.nl\/de\/product\/grundig-solar-led-light\/#webpage","url":"https:\/\/hidalgo.nl\/de\/product\/grundig-solar-led-light\/","name":"Grundig Solar LED-Light","description":"Diese Solarlampe aus silbernem Edelstahl l\u00e4dt sich tags\u00fcber auf und schaltet ihr Licht bei Einbruch der Dunkelheit automatisch ein. Du l\u00e4sst dein Logo sauber auf dem Geh\u00e4use drucken - ideal als Giveaway und praktische Beleuchtung f\u00fcr Garten oder Terrasse.","inLanguage":"de-DE","isPartOf":{"@id":"https:\/\/hidalgo.nl\/de\/#website"},"breadcrumb":{"@id":"https:\/\/hidalgo.nl\/de\/product\/grundig-solar-led-light\/#breadcrumblist"},"image":{"@type":"ImageObject","url":"https:\/\/shop.hidalgo.nl\/wp-content\/uploads\/2025\/07\/3bc1d30a00520bf0379aff31be0feace531c3b4f3bf349bdc078442cf04c9069.jpg","@id":"https:\/\/hidalgo.nl\/de\/product\/grundig-solar-led-light\/#mainImage","width":1000,"height":1000},"primaryImageOfPage":{"@id":"https:\/\/hidalgo.nl\/de\/product\/grundig-solar-led-light\/#mainImage"},"datePublished":"2025-07-11T10:01:11+00:00","dateModified":"2026-03-21T12:43:26+00:00"},{"@type":"WebSite","@id":"https:\/\/hidalgo.nl\/de\/#website","url":"https:\/\/hidalgo.nl\/de\/","name":"Hidalgo","inLanguage":"de-DE","publisher":{"@id":"https:\/\/hidalgo.nl\/de\/#organization"}}]},"og:locale":"de_DE","og:site_name":"Hidalgo -","og:type":"article","og:title":"Grundig Solar LED-Light","og:description":"Diese Solarlampe aus silbernem Edelstahl l\u00e4dt sich tags\u00fcber auf und schaltet ihr Licht bei Einbruch der Dunkelheit automatisch ein. Du l\u00e4sst dein Logo sauber auf dem Geh\u00e4use drucken - ideal als Giveaway und praktische Beleuchtung f\u00fcr Garten oder Terrasse.","og:url":"https:\/\/hidalgo.nl\/de\/wp-json\/wp\/v2\/product\/163791","og:image":"https:\/\/shop.hidalgo.nl\/wp-content\/uploads\/2025\/11\/cropped-Hidalgo-est1993.png","og:image:secure_url":"https:\/\/shop.hidalgo.nl\/wp-content\/uploads\/2025\/11\/cropped-Hidalgo-est1993.png","article:published_time":"2025-07-11T10:01:11+00:00","article:modified_time":"2026-03-21T12:43:26+00:00","twitter:card":"summary_large_image","twitter:title":"Grundig Solar LED-Light","twitter:description":"Diese Solarlampe aus silbernem Edelstahl l\u00e4dt sich tags\u00fcber auf und schaltet ihr Licht bei Einbruch der Dunkelheit automatisch ein. Du l\u00e4sst dein Logo sauber auf dem Geh\u00e4use drucken - ideal als Giveaway und praktische Beleuchtung f\u00fcr Garten oder Terrasse.","twitter:image":"https:\/\/shop.hidalgo.nl\/wp-content\/uploads\/2025\/11\/cropped-Hidalgo-est1993.png"},"aioseo_meta_data":{"post_id":"163791","title":null,"description":null,"keywords":null,"keyphrases":null,"primary_term":null,"canonical_url":null,"og_title":null,"og_description":null,"og_object_type":"default","og_image_type":"default","og_image_url":null,"og_image_width":null,"og_image_height":null,"og_image_custom_url":null,"og_image_custom_fields":null,"og_video":null,"og_custom_url":null,"og_article_section":null,"og_article_tags":null,"twitter_use_og":false,"twitter_card":"default","twitter_image_type":"default","twitter_image_url":null,"twitter_image_custom_url":null,"twitter_image_custom_fields":null,"twitter_title":null,"twitter_description":null,"schema":{"blockGraphs":[],"customGraphs":[],"default":{"data":{"Article":[],"Course":[],"Dataset":[],"FAQPage":[],"Movie":[],"Person":[],"Product":[],"ProductReview":[],"Car":[],"Recipe":[],"Service":[],"SoftwareApplication":[],"WebPage":[]},"graphName":"","isEnabled":true},"graphs":[]},"schema_type":"default","schema_type_options":null,"pillar_content":false,"robots_default":true,"robots_noindex":false,"robots_noarchive":false,"robots_nosnippet":false,"robots_nofollow":false,"robots_noimageindex":false,"robots_noodp":false,"robots_notranslate":false,"robots_max_snippet":null,"robots_max_videopreview":null,"robots_max_imagepreview":"large","priority":null,"frequency":null,"local_seo":null,"seo_analyzer_scan_date":"2026-01-22 15:19:03","breadcrumb_settings":null,"limit_modified_date":false,"reviewed_by":null,"open_ai":null,"ai":null,"created":"2026-01-14 07:02:59","updated":"2026-04-23 00:46:48"},"aioseo_breadcrumb":"<div class=\"aioseo-breadcrumbs\"><span class=\"aioseo-breadcrumb\">\n\t<a href=\"https:\/\/hidalgo.nl\/de\/\" title=\"Home\">Home<\/a>\n<\/span><span class=\"aioseo-breadcrumb-separator\">\u00bb<\/span><span class=\"aioseo-breadcrumb\">\n\t<a href=\"https:\/\/hidalgo.nl\/example\/\" title=\"example\">example<\/a>\n<\/span><span class=\"aioseo-breadcrumb-separator\">\u00bb<\/span><span class=\"aioseo-breadcrumb\">\n\t<a href=\"https:\/\/hidalgo.nl\/en\/product-supplier\/a24\/\" title=\"A24\">A24<\/a>\n<\/span><span class=\"aioseo-breadcrumb-separator\">\u00bb<\/span><span class=\"aioseo-breadcrumb\">\n\tGrundig Solar LED-Light\n<\/span><\/div>","aioseo_breadcrumb_json":[{"label":"Home","link":"https:\/\/hidalgo.nl\/de\/"},{"label":"example","link":"https:\/\/hidalgo.nl\/example\/"},{"label":"A24","link":"https:\/\/hidalgo.nl\/en\/product-supplier\/a24\/"},{"label":"Grundig Solar LED-Light","link":"https:\/\/hidalgo.nl\/de\/product\/grundig-solar-led-light\/"}],"_links":{"self":[{"href":"https:\/\/hidalgo.nl\/de\/wp-json\/wp\/v2\/product\/163791","targetHints":{"allow":["GET"]}}],"collection":[{"href":"https:\/\/hidalgo.nl\/de\/wp-json\/wp\/v2\/product"}],"about":[{"href":"https:\/\/hidalgo.nl\/de\/wp-json\/wp\/v2\/types\/product"}],"wp:featuredmedia":[{"embeddable":true,"href":"https:\/\/hidalgo.nl\/de\/wp-json\/wp\/v2\/media\/163792"}],"wp:attachment":[{"href":"https:\/\/hidalgo.nl\/de\/wp-json\/wp\/v2\/media?parent=163791"}],"wp:term":[{"taxonomy":"product_brand","embeddable":true,"href":"https:\/\/hidalgo.nl\/de\/wp-json\/wp\/v2\/product_brand?post=163791"},{"taxonomy":"product_cat","embeddable":true,"href":"https:\/\/hidalgo.nl\/de\/wp-json\/wp\/v2\/product_cat?post=163791"},{"taxonomy":"product_tag","embeddable":true,"href":"https:\/\/hidalgo.nl\/de\/wp-json\/wp\/v2\/product_tag?post=163791"}],"curies":[{"name":"wp","href":"https:\/\/api.w.org\/{rel}","templated":true}]}}