{"id":162978,"date":"2025-07-11T09:21:27","date_gmt":"2025-07-11T09:21:27","guid":{"rendered":"http:\/\/bidonsenshakers.pim.hidalgo.nl\/product\/grs-rpet-felt-keyring-sleutelhanger\/"},"modified":"2026-03-21T03:43:11","modified_gmt":"2026-03-21T03:43:11","slug":"grs-rpet-felt-keyring-sleutelhanger","status":"publish","type":"product","link":"https:\/\/hidalgo.nl\/de\/product\/grs-rpet-felt-keyring-sleutelhanger\/","title":{"rendered":"GRS RPET Felt Keyring sleutelhanger"},"content":{"rendered":"<p>Sleutelhanger gemaakt van RPET vilt. Dit vilt is afkomstig van gerecyclede PET-flessen en gerecycled textiel. Voorzien van een stevige sleutelring. GRS-gecertificeerd. Totaal gerecycled materiaal: 60%.<\/p>\n","protected":false},"excerpt":{"rendered":"<p>Sleutelhanger gemaakt van RPET vilt. Dit vilt is afkomstig van gerecyclede PET-flessen en gerecycled textiel. Voorzien van een stevige sleutelring. GRS-gecertificeerd. Totaal gerecycled materiaal: 60%.<\/p>\n","protected":false},"featured_media":162979,"template":"","meta":{"_acf_changed":false,"om_disable_all_campaigns":false,"_monsterinsights_skip_tracking":false,"_monsterinsights_sitenote_active":false,"_monsterinsights_sitenote_note":"","_monsterinsights_sitenote_category":0},"product_brand":[],"product_cat":[4719,4801],"product_tag":[],"class_list":{"0":"post-162978","1":"product","2":"type-product","3":"status-publish","4":"has-post-thumbnail","6":"product_supplier-a24","7":"product_material-rpet-viltmetaal","8":"product_cat-promotionele-artikelen","9":"product_cat-sleutelhangers","10":"entry","12":"first","13":"instock","14":"taxable","15":"shipping-taxable","16":"purchasable","17":"product-type-variable"},"acf":{"imprint_cost":[{"imprint_cost_key":"7c2432b1df24628b81145dd340db417b06ca06b9","product_quantity_price_range":[{"imprint_cost_recommended_selling_price":"2.46","imprint_cost_recommended_selling_quantity":"1"},{"imprint_cost_recommended_selling_price":"1.86","imprint_cost_recommended_selling_quantity":"25"},{"imprint_cost_recommended_selling_price":"1.32","imprint_cost_recommended_selling_quantity":"50"},{"imprint_cost_recommended_selling_price":"1.05","imprint_cost_recommended_selling_quantity":"100"},{"imprint_cost_recommended_selling_price":"0.795","imprint_cost_recommended_selling_quantity":"250"},{"imprint_cost_recommended_selling_price":"0.66","imprint_cost_recommended_selling_quantity":"500"},{"imprint_cost_recommended_selling_price":"0.525","imprint_cost_recommended_selling_quantity":"1000"},{"imprint_cost_recommended_selling_price":"0.45","imprint_cost_recommended_selling_quantity":"2500"},{"imprint_cost_recommended_selling_price":"0.42","imprint_cost_recommended_selling_quantity":"5000"}],"product_quantity_price_range_buying":[{"imprint_cost_general_buying_price":"1.64","imprint_cost_general_buying_quantity":"1"},{"imprint_cost_general_buying_price":"1.24","imprint_cost_general_buying_quantity":"25"},{"imprint_cost_general_buying_price":"0.88","imprint_cost_general_buying_quantity":"50"},{"imprint_cost_general_buying_price":"0.7","imprint_cost_general_buying_quantity":"100"},{"imprint_cost_general_buying_price":"0.53","imprint_cost_general_buying_quantity":"250"},{"imprint_cost_general_buying_price":"0.44","imprint_cost_general_buying_quantity":"500"},{"imprint_cost_general_buying_price":"0.35","imprint_cost_general_buying_quantity":"1000"},{"imprint_cost_general_buying_price":"0.3","imprint_cost_general_buying_quantity":"2500"},{"imprint_cost_general_buying_price":"0.28","imprint_cost_general_buying_quantity":"5000"}],"imprint_cost_setup_costs":"45","imprint_cost_handling_costs":"0.09"},{"imprint_cost_key":"d5508d36c53fb44e53920de007b66a0f6a046774","product_quantity_price_range":[{"imprint_cost_recommended_selling_price":"2.46","imprint_cost_recommended_selling_quantity":"1"},{"imprint_cost_recommended_selling_price":"1.86","imprint_cost_recommended_selling_quantity":"25"},{"imprint_cost_recommended_selling_price":"1.32","imprint_cost_recommended_selling_quantity":"50"},{"imprint_cost_recommended_selling_price":"1.05","imprint_cost_recommended_selling_quantity":"100"},{"imprint_cost_recommended_selling_price":"0.795","imprint_cost_recommended_selling_quantity":"250"},{"imprint_cost_recommended_selling_price":"0.66","imprint_cost_recommended_selling_quantity":"500"},{"imprint_cost_recommended_selling_price":"0.525","imprint_cost_recommended_selling_quantity":"1000"},{"imprint_cost_recommended_selling_price":"0.45","imprint_cost_recommended_selling_quantity":"2500"},{"imprint_cost_recommended_selling_price":"0.42","imprint_cost_recommended_selling_quantity":"5000"}],"product_quantity_price_range_buying":[{"imprint_cost_general_buying_price":"1.64","imprint_cost_general_buying_quantity":"1"},{"imprint_cost_general_buying_price":"1.24","imprint_cost_general_buying_quantity":"25"},{"imprint_cost_general_buying_price":"0.88","imprint_cost_general_buying_quantity":"50"},{"imprint_cost_general_buying_price":"0.7","imprint_cost_general_buying_quantity":"100"},{"imprint_cost_general_buying_price":"0.53","imprint_cost_general_buying_quantity":"250"},{"imprint_cost_general_buying_price":"0.44","imprint_cost_general_buying_quantity":"500"},{"imprint_cost_general_buying_price":"0.35","imprint_cost_general_buying_quantity":"1000"},{"imprint_cost_general_buying_price":"0.3","imprint_cost_general_buying_quantity":"2500"},{"imprint_cost_general_buying_price":"0.28","imprint_cost_general_buying_quantity":"5000"}],"imprint_cost_setup_costs":"45","imprint_cost_handling_costs":"0.09"}]},"aioseo_notices":[],"aioseo_head":"\n\t\t<!-- All in One SEO Pro 4.9.6.1 - aioseo.com -->\n\t<meta name=\"description\" content=\"Nachhaltiger Schl\u00fcsselanh\u00e4nger aus recyceltem RPET-Filz f\u00fcr deinen Alltag und als Giveaway bei Events. Hidalgo druckt dein Logo pr\u00e4zise auf den Filz f\u00fcr dauerhafte Sichtbarkeit. Erh\u00e4ltlich in Schwarz, Grau, Dunkelblau und Hellgrau.\" \/>\n\t<meta name=\"robots\" content=\"max-image-preview:large\" \/>\n\t<link rel=\"canonical\" href=\"https:\/\/hidalgo.nl\/de\/wp-json\/wp\/v2\/product\/162978\" \/>\n\t<meta name=\"generator\" content=\"All in One SEO Pro (AIOSEO) 4.9.6.1\" \/>\n\t\t<meta property=\"og:locale\" content=\"de_DE\" \/>\n\t\t<meta property=\"og:site_name\" content=\"Hidalgo -\" \/>\n\t\t<meta property=\"og:type\" content=\"article\" \/>\n\t\t<meta property=\"og:title\" content=\"GRS RPET Felt Keyring sleutelhanger\" \/>\n\t\t<meta property=\"og:description\" content=\"Nachhaltiger Schl\u00fcsselanh\u00e4nger aus recyceltem RPET-Filz f\u00fcr deinen Alltag und als Giveaway bei Events. Hidalgo druckt dein Logo pr\u00e4zise auf den Filz f\u00fcr dauerhafte Sichtbarkeit. Erh\u00e4ltlich in Schwarz, Grau, Dunkelblau und Hellgrau.\" \/>\n\t\t<meta property=\"og:url\" content=\"https:\/\/hidalgo.nl\/de\/wp-json\/wp\/v2\/product\/162978\" \/>\n\t\t<meta property=\"og:image\" content=\"https:\/\/shop.hidalgo.nl\/wp-content\/uploads\/2025\/11\/cropped-Hidalgo-est1993.png\" \/>\n\t\t<meta property=\"og:image:secure_url\" content=\"https:\/\/shop.hidalgo.nl\/wp-content\/uploads\/2025\/11\/cropped-Hidalgo-est1993.png\" \/>\n\t\t<meta property=\"article:published_time\" content=\"2025-07-11T09:21:27+00:00\" \/>\n\t\t<meta property=\"article:modified_time\" content=\"2026-03-21T03:43:11+00:00\" \/>\n\t\t<meta name=\"twitter:card\" content=\"summary_large_image\" \/>\n\t\t<meta name=\"twitter:title\" content=\"GRS RPET Felt Keyring sleutelhanger\" \/>\n\t\t<meta name=\"twitter:description\" content=\"Nachhaltiger Schl\u00fcsselanh\u00e4nger aus recyceltem RPET-Filz f\u00fcr deinen Alltag und als Giveaway bei Events. Hidalgo druckt dein Logo pr\u00e4zise auf den Filz f\u00fcr dauerhafte Sichtbarkeit. Erh\u00e4ltlich in Schwarz, Grau, Dunkelblau und Hellgrau.\" \/>\n\t\t<meta name=\"twitter:image\" content=\"https:\/\/shop.hidalgo.nl\/wp-content\/uploads\/2025\/11\/cropped-Hidalgo-est1993.png\" \/>\n\t\t<script type=\"application\/ld+json\" class=\"aioseo-schema\">\n\t\t\t{\"@context\":\"https:\\\/\\\/schema.org\",\"@graph\":[{\"@type\":\"BreadcrumbList\",\"@id\":\"https:\\\/\\\/hidalgo.nl\\\/de\\\/product\\\/grs-rpet-felt-keyring-sleutelhanger\\\/#breadcrumblist\",\"itemListElement\":[{\"@type\":\"ListItem\",\"@id\":\"https:\\\/\\\/hidalgo.nl\\\/de\\\/#listItem\",\"position\":1,\"name\":\"Home\",\"item\":\"https:\\\/\\\/hidalgo.nl\\\/de\\\/\",\"nextItem\":{\"@type\":\"ListItem\",\"@id\":\"https:\\\/\\\/hidalgo.nl\\\/example\\\/#listItem\",\"name\":\"example\"}},{\"@type\":\"ListItem\",\"@id\":\"https:\\\/\\\/hidalgo.nl\\\/example\\\/#listItem\",\"position\":2,\"name\":\"example\",\"item\":\"https:\\\/\\\/hidalgo.nl\\\/example\\\/\",\"nextItem\":{\"@type\":\"ListItem\",\"@id\":\"https:\\\/\\\/hidalgo.nl\\\/en\\\/product-supplier\\\/a24\\\/#listItem\",\"name\":\"A24\"},\"previousItem\":{\"@type\":\"ListItem\",\"@id\":\"https:\\\/\\\/hidalgo.nl\\\/de\\\/#listItem\",\"name\":\"Home\"}},{\"@type\":\"ListItem\",\"@id\":\"https:\\\/\\\/hidalgo.nl\\\/en\\\/product-supplier\\\/a24\\\/#listItem\",\"position\":3,\"name\":\"A24\",\"item\":\"https:\\\/\\\/hidalgo.nl\\\/en\\\/product-supplier\\\/a24\\\/\",\"nextItem\":{\"@type\":\"ListItem\",\"@id\":\"https:\\\/\\\/hidalgo.nl\\\/de\\\/product\\\/grs-rpet-felt-keyring-sleutelhanger\\\/#listItem\",\"name\":\"GRS RPET Felt Keyring sleutelhanger\"},\"previousItem\":{\"@type\":\"ListItem\",\"@id\":\"https:\\\/\\\/hidalgo.nl\\\/example\\\/#listItem\",\"name\":\"example\"}},{\"@type\":\"ListItem\",\"@id\":\"https:\\\/\\\/hidalgo.nl\\\/de\\\/product\\\/grs-rpet-felt-keyring-sleutelhanger\\\/#listItem\",\"position\":4,\"name\":\"GRS RPET Felt Keyring sleutelhanger\",\"previousItem\":{\"@type\":\"ListItem\",\"@id\":\"https:\\\/\\\/hidalgo.nl\\\/en\\\/product-supplier\\\/a24\\\/#listItem\",\"name\":\"A24\"}}]},{\"@type\":\"ItemPage\",\"@id\":\"https:\\\/\\\/hidalgo.nl\\\/de\\\/product\\\/grs-rpet-felt-keyring-sleutelhanger\\\/#itempage\",\"url\":\"https:\\\/\\\/hidalgo.nl\\\/de\\\/product\\\/grs-rpet-felt-keyring-sleutelhanger\\\/\",\"name\":\"GRS RPET Felt Keyring sleutelhanger\",\"description\":\"Nachhaltiger Schl\\u00fcsselanh\\u00e4nger aus recyceltem RPET-Filz f\\u00fcr deinen Alltag und als Giveaway bei Events. Hidalgo druckt dein Logo pr\\u00e4zise auf den Filz f\\u00fcr dauerhafte Sichtbarkeit. Erh\\u00e4ltlich in Schwarz, Grau, Dunkelblau und Hellgrau.\",\"inLanguage\":\"de-DE\",\"isPartOf\":{\"@id\":\"https:\\\/\\\/hidalgo.nl\\\/de\\\/#website\"},\"breadcrumb\":{\"@id\":\"https:\\\/\\\/hidalgo.nl\\\/de\\\/product\\\/grs-rpet-felt-keyring-sleutelhanger\\\/#breadcrumblist\"},\"image\":{\"@type\":\"ImageObject\",\"url\":\"https:\\\/\\\/shop.hidalgo.nl\\\/wp-content\\\/uploads\\\/2025\\\/07\\\/9be2bb9f0737fb9b110e786d6041a47d95ade6c9c58032c1c24237f13fbbc929.jpg\",\"@id\":\"https:\\\/\\\/hidalgo.nl\\\/de\\\/product\\\/grs-rpet-felt-keyring-sleutelhanger\\\/#mainImage\",\"width\":1000,\"height\":1000},\"primaryImageOfPage\":{\"@id\":\"https:\\\/\\\/hidalgo.nl\\\/de\\\/product\\\/grs-rpet-felt-keyring-sleutelhanger\\\/#mainImage\"},\"datePublished\":\"2025-07-11T09:21:27+00:00\",\"dateModified\":\"2026-03-21T03:43:11+00:00\"},{\"@type\":\"Organization\",\"@id\":\"https:\\\/\\\/hidalgo.nl\\\/de\\\/#organization\",\"name\":\"Hidalgo\",\"url\":\"https:\\\/\\\/hidalgo.nl\\\/de\\\/\",\"logo\":{\"@type\":\"ImageObject\",\"url\":\"https:\\\/\\\/shop.hidalgo.nl\\\/wp-content\\\/uploads\\\/2025\\\/11\\\/cropped-Hidalgo-est1993.png\",\"@id\":\"https:\\\/\\\/hidalgo.nl\\\/de\\\/product\\\/grs-rpet-felt-keyring-sleutelhanger\\\/#organizationLogo\",\"width\":585,\"height\":195},\"image\":{\"@id\":\"https:\\\/\\\/hidalgo.nl\\\/de\\\/product\\\/grs-rpet-felt-keyring-sleutelhanger\\\/#organizationLogo\"}},{\"@type\":\"WebPage\",\"@id\":\"https:\\\/\\\/hidalgo.nl\\\/de\\\/product\\\/grs-rpet-felt-keyring-sleutelhanger\\\/#webpage\",\"url\":\"https:\\\/\\\/hidalgo.nl\\\/de\\\/product\\\/grs-rpet-felt-keyring-sleutelhanger\\\/\",\"name\":\"GRS RPET Felt Keyring sleutelhanger\",\"description\":\"Nachhaltiger Schl\\u00fcsselanh\\u00e4nger aus recyceltem RPET-Filz f\\u00fcr deinen Alltag und als Giveaway bei Events. Hidalgo druckt dein Logo pr\\u00e4zise auf den Filz f\\u00fcr dauerhafte Sichtbarkeit. Erh\\u00e4ltlich in Schwarz, Grau, Dunkelblau und Hellgrau.\",\"inLanguage\":\"de-DE\",\"isPartOf\":{\"@id\":\"https:\\\/\\\/hidalgo.nl\\\/de\\\/#website\"},\"breadcrumb\":{\"@id\":\"https:\\\/\\\/hidalgo.nl\\\/de\\\/product\\\/grs-rpet-felt-keyring-sleutelhanger\\\/#breadcrumblist\"},\"image\":{\"@type\":\"ImageObject\",\"url\":\"https:\\\/\\\/shop.hidalgo.nl\\\/wp-content\\\/uploads\\\/2025\\\/07\\\/9be2bb9f0737fb9b110e786d6041a47d95ade6c9c58032c1c24237f13fbbc929.jpg\",\"@id\":\"https:\\\/\\\/hidalgo.nl\\\/de\\\/product\\\/grs-rpet-felt-keyring-sleutelhanger\\\/#mainImage\",\"width\":1000,\"height\":1000},\"primaryImageOfPage\":{\"@id\":\"https:\\\/\\\/hidalgo.nl\\\/de\\\/product\\\/grs-rpet-felt-keyring-sleutelhanger\\\/#mainImage\"},\"datePublished\":\"2025-07-11T09:21:27+00:00\",\"dateModified\":\"2026-03-21T03:43:11+00:00\"},{\"@type\":\"WebSite\",\"@id\":\"https:\\\/\\\/hidalgo.nl\\\/de\\\/#website\",\"url\":\"https:\\\/\\\/hidalgo.nl\\\/de\\\/\",\"name\":\"Hidalgo\",\"inLanguage\":\"de-DE\",\"publisher\":{\"@id\":\"https:\\\/\\\/hidalgo.nl\\\/de\\\/#organization\"}}]}\n\t\t<\/script>\n\t\t<!-- All in One SEO Pro -->\r\n\t\t<title>GRS RPET Felt Keyring sleutelhanger<\/title>\n\n","aioseo_head_json":{"title":"GRS RPET Felt Keyring sleutelhanger","description":"Nachhaltiger Schl\u00fcsselanh\u00e4nger aus recyceltem RPET-Filz f\u00fcr deinen Alltag und als Giveaway bei Events. Hidalgo druckt dein Logo pr\u00e4zise auf den Filz f\u00fcr dauerhafte Sichtbarkeit. Erh\u00e4ltlich in Schwarz, Grau, Dunkelblau und Hellgrau.","canonical_url":"https:\/\/hidalgo.nl\/de\/wp-json\/wp\/v2\/product\/162978","robots":"max-image-preview:large","keywords":"","webmasterTools":{"miscellaneous":""},"schema":{"@context":"https:\/\/schema.org","@graph":[{"@type":"BreadcrumbList","@id":"https:\/\/hidalgo.nl\/de\/product\/grs-rpet-felt-keyring-sleutelhanger\/#breadcrumblist","itemListElement":[{"@type":"ListItem","@id":"https:\/\/hidalgo.nl\/de\/#listItem","position":1,"name":"Home","item":"https:\/\/hidalgo.nl\/de\/","nextItem":{"@type":"ListItem","@id":"https:\/\/hidalgo.nl\/example\/#listItem","name":"example"}},{"@type":"ListItem","@id":"https:\/\/hidalgo.nl\/example\/#listItem","position":2,"name":"example","item":"https:\/\/hidalgo.nl\/example\/","nextItem":{"@type":"ListItem","@id":"https:\/\/hidalgo.nl\/en\/product-supplier\/a24\/#listItem","name":"A24"},"previousItem":{"@type":"ListItem","@id":"https:\/\/hidalgo.nl\/de\/#listItem","name":"Home"}},{"@type":"ListItem","@id":"https:\/\/hidalgo.nl\/en\/product-supplier\/a24\/#listItem","position":3,"name":"A24","item":"https:\/\/hidalgo.nl\/en\/product-supplier\/a24\/","nextItem":{"@type":"ListItem","@id":"https:\/\/hidalgo.nl\/de\/product\/grs-rpet-felt-keyring-sleutelhanger\/#listItem","name":"GRS RPET Felt Keyring sleutelhanger"},"previousItem":{"@type":"ListItem","@id":"https:\/\/hidalgo.nl\/example\/#listItem","name":"example"}},{"@type":"ListItem","@id":"https:\/\/hidalgo.nl\/de\/product\/grs-rpet-felt-keyring-sleutelhanger\/#listItem","position":4,"name":"GRS RPET Felt Keyring sleutelhanger","previousItem":{"@type":"ListItem","@id":"https:\/\/hidalgo.nl\/en\/product-supplier\/a24\/#listItem","name":"A24"}}]},{"@type":"ItemPage","@id":"https:\/\/hidalgo.nl\/de\/product\/grs-rpet-felt-keyring-sleutelhanger\/#itempage","url":"https:\/\/hidalgo.nl\/de\/product\/grs-rpet-felt-keyring-sleutelhanger\/","name":"GRS RPET Felt Keyring sleutelhanger","description":"Nachhaltiger Schl\u00fcsselanh\u00e4nger aus recyceltem RPET-Filz f\u00fcr deinen Alltag und als Giveaway bei Events. Hidalgo druckt dein Logo pr\u00e4zise auf den Filz f\u00fcr dauerhafte Sichtbarkeit. Erh\u00e4ltlich in Schwarz, Grau, Dunkelblau und Hellgrau.","inLanguage":"de-DE","isPartOf":{"@id":"https:\/\/hidalgo.nl\/de\/#website"},"breadcrumb":{"@id":"https:\/\/hidalgo.nl\/de\/product\/grs-rpet-felt-keyring-sleutelhanger\/#breadcrumblist"},"image":{"@type":"ImageObject","url":"https:\/\/shop.hidalgo.nl\/wp-content\/uploads\/2025\/07\/9be2bb9f0737fb9b110e786d6041a47d95ade6c9c58032c1c24237f13fbbc929.jpg","@id":"https:\/\/hidalgo.nl\/de\/product\/grs-rpet-felt-keyring-sleutelhanger\/#mainImage","width":1000,"height":1000},"primaryImageOfPage":{"@id":"https:\/\/hidalgo.nl\/de\/product\/grs-rpet-felt-keyring-sleutelhanger\/#mainImage"},"datePublished":"2025-07-11T09:21:27+00:00","dateModified":"2026-03-21T03:43:11+00:00"},{"@type":"Organization","@id":"https:\/\/hidalgo.nl\/de\/#organization","name":"Hidalgo","url":"https:\/\/hidalgo.nl\/de\/","logo":{"@type":"ImageObject","url":"https:\/\/shop.hidalgo.nl\/wp-content\/uploads\/2025\/11\/cropped-Hidalgo-est1993.png","@id":"https:\/\/hidalgo.nl\/de\/product\/grs-rpet-felt-keyring-sleutelhanger\/#organizationLogo","width":585,"height":195},"image":{"@id":"https:\/\/hidalgo.nl\/de\/product\/grs-rpet-felt-keyring-sleutelhanger\/#organizationLogo"}},{"@type":"WebPage","@id":"https:\/\/hidalgo.nl\/de\/product\/grs-rpet-felt-keyring-sleutelhanger\/#webpage","url":"https:\/\/hidalgo.nl\/de\/product\/grs-rpet-felt-keyring-sleutelhanger\/","name":"GRS RPET Felt Keyring sleutelhanger","description":"Nachhaltiger Schl\u00fcsselanh\u00e4nger aus recyceltem RPET-Filz f\u00fcr deinen Alltag und als Giveaway bei Events. Hidalgo druckt dein Logo pr\u00e4zise auf den Filz f\u00fcr dauerhafte Sichtbarkeit. Erh\u00e4ltlich in Schwarz, Grau, Dunkelblau und Hellgrau.","inLanguage":"de-DE","isPartOf":{"@id":"https:\/\/hidalgo.nl\/de\/#website"},"breadcrumb":{"@id":"https:\/\/hidalgo.nl\/de\/product\/grs-rpet-felt-keyring-sleutelhanger\/#breadcrumblist"},"image":{"@type":"ImageObject","url":"https:\/\/shop.hidalgo.nl\/wp-content\/uploads\/2025\/07\/9be2bb9f0737fb9b110e786d6041a47d95ade6c9c58032c1c24237f13fbbc929.jpg","@id":"https:\/\/hidalgo.nl\/de\/product\/grs-rpet-felt-keyring-sleutelhanger\/#mainImage","width":1000,"height":1000},"primaryImageOfPage":{"@id":"https:\/\/hidalgo.nl\/de\/product\/grs-rpet-felt-keyring-sleutelhanger\/#mainImage"},"datePublished":"2025-07-11T09:21:27+00:00","dateModified":"2026-03-21T03:43:11+00:00"},{"@type":"WebSite","@id":"https:\/\/hidalgo.nl\/de\/#website","url":"https:\/\/hidalgo.nl\/de\/","name":"Hidalgo","inLanguage":"de-DE","publisher":{"@id":"https:\/\/hidalgo.nl\/de\/#organization"}}]},"og:locale":"de_DE","og:site_name":"Hidalgo -","og:type":"article","og:title":"GRS RPET Felt Keyring sleutelhanger","og:description":"Nachhaltiger Schl\u00fcsselanh\u00e4nger aus recyceltem RPET-Filz f\u00fcr deinen Alltag und als Giveaway bei Events. Hidalgo druckt dein Logo pr\u00e4zise auf den Filz f\u00fcr dauerhafte Sichtbarkeit. Erh\u00e4ltlich in Schwarz, Grau, Dunkelblau und Hellgrau.","og:url":"https:\/\/hidalgo.nl\/de\/wp-json\/wp\/v2\/product\/162978","og:image":"https:\/\/shop.hidalgo.nl\/wp-content\/uploads\/2025\/11\/cropped-Hidalgo-est1993.png","og:image:secure_url":"https:\/\/shop.hidalgo.nl\/wp-content\/uploads\/2025\/11\/cropped-Hidalgo-est1993.png","article:published_time":"2025-07-11T09:21:27+00:00","article:modified_time":"2026-03-21T03:43:11+00:00","twitter:card":"summary_large_image","twitter:title":"GRS RPET Felt Keyring sleutelhanger","twitter:description":"Nachhaltiger Schl\u00fcsselanh\u00e4nger aus recyceltem RPET-Filz f\u00fcr deinen Alltag und als Giveaway bei Events. Hidalgo druckt dein Logo pr\u00e4zise auf den Filz f\u00fcr dauerhafte Sichtbarkeit. Erh\u00e4ltlich in Schwarz, Grau, Dunkelblau und Hellgrau.","twitter:image":"https:\/\/shop.hidalgo.nl\/wp-content\/uploads\/2025\/11\/cropped-Hidalgo-est1993.png"},"aioseo_meta_data":{"post_id":"162978","title":null,"description":null,"keywords":null,"keyphrases":null,"primary_term":null,"canonical_url":null,"og_title":null,"og_description":null,"og_object_type":"default","og_image_type":"default","og_image_url":null,"og_image_width":null,"og_image_height":null,"og_image_custom_url":null,"og_image_custom_fields":null,"og_video":null,"og_custom_url":null,"og_article_section":null,"og_article_tags":null,"twitter_use_og":false,"twitter_card":"default","twitter_image_type":"default","twitter_image_url":null,"twitter_image_custom_url":null,"twitter_image_custom_fields":null,"twitter_title":null,"twitter_description":null,"schema":{"blockGraphs":[],"customGraphs":[],"default":{"data":{"Article":[],"Course":[],"Dataset":[],"FAQPage":[],"Movie":[],"Person":[],"Product":[],"ProductReview":[],"Car":[],"Recipe":[],"Service":[],"SoftwareApplication":[],"WebPage":[]},"graphName":"","isEnabled":true},"graphs":[]},"schema_type":"default","schema_type_options":null,"pillar_content":false,"robots_default":true,"robots_noindex":false,"robots_noarchive":false,"robots_nosnippet":false,"robots_nofollow":false,"robots_noimageindex":false,"robots_noodp":false,"robots_notranslate":false,"robots_max_snippet":null,"robots_max_videopreview":null,"robots_max_imagepreview":"large","priority":null,"frequency":null,"local_seo":null,"seo_analyzer_scan_date":"2026-01-22 15:11:02","breadcrumb_settings":null,"limit_modified_date":false,"reviewed_by":null,"open_ai":null,"ai":null,"created":"2026-01-14 07:02:59","updated":"2026-03-21 05:02:02"},"aioseo_breadcrumb":"<div class=\"aioseo-breadcrumbs\"><span class=\"aioseo-breadcrumb\">\n\t<a href=\"https:\/\/hidalgo.nl\/de\/\" title=\"Home\">Home<\/a>\n<\/span><span class=\"aioseo-breadcrumb-separator\">\u00bb<\/span><span class=\"aioseo-breadcrumb\">\n\t<a href=\"https:\/\/hidalgo.nl\/example\/\" title=\"example\">example<\/a>\n<\/span><span class=\"aioseo-breadcrumb-separator\">\u00bb<\/span><span class=\"aioseo-breadcrumb\">\n\t<a href=\"https:\/\/hidalgo.nl\/en\/product-supplier\/a24\/\" title=\"A24\">A24<\/a>\n<\/span><span class=\"aioseo-breadcrumb-separator\">\u00bb<\/span><span class=\"aioseo-breadcrumb\">\n\tGRS RPET Felt Keyring sleutelhanger\n<\/span><\/div>","aioseo_breadcrumb_json":[{"label":"Home","link":"https:\/\/hidalgo.nl\/de\/"},{"label":"example","link":"https:\/\/hidalgo.nl\/example\/"},{"label":"A24","link":"https:\/\/hidalgo.nl\/en\/product-supplier\/a24\/"},{"label":"GRS RPET Felt Keyring sleutelhanger","link":"https:\/\/hidalgo.nl\/de\/product\/grs-rpet-felt-keyring-sleutelhanger\/"}],"_links":{"self":[{"href":"https:\/\/hidalgo.nl\/de\/wp-json\/wp\/v2\/product\/162978","targetHints":{"allow":["GET"]}}],"collection":[{"href":"https:\/\/hidalgo.nl\/de\/wp-json\/wp\/v2\/product"}],"about":[{"href":"https:\/\/hidalgo.nl\/de\/wp-json\/wp\/v2\/types\/product"}],"wp:featuredmedia":[{"embeddable":true,"href":"https:\/\/hidalgo.nl\/de\/wp-json\/wp\/v2\/media\/162979"}],"wp:attachment":[{"href":"https:\/\/hidalgo.nl\/de\/wp-json\/wp\/v2\/media?parent=162978"}],"wp:term":[{"taxonomy":"product_brand","embeddable":true,"href":"https:\/\/hidalgo.nl\/de\/wp-json\/wp\/v2\/product_brand?post=162978"},{"taxonomy":"product_cat","embeddable":true,"href":"https:\/\/hidalgo.nl\/de\/wp-json\/wp\/v2\/product_cat?post=162978"},{"taxonomy":"product_tag","embeddable":true,"href":"https:\/\/hidalgo.nl\/de\/wp-json\/wp\/v2\/product_tag?post=162978"}],"curies":[{"name":"wp","href":"https:\/\/api.w.org\/{rel}","templated":true}]}}