{"id":162139,"date":"2025-07-11T08:30:49","date_gmt":"2025-07-11T08:30:49","guid":{"rendered":"http:\/\/bidonsenshakers.pim.hidalgo.nl\/product\/banda-fitness-bands-fitnessbanden\/"},"modified":"2026-03-21T03:18:55","modified_gmt":"2026-03-21T03:18:55","slug":"banda-fitness-bands-fitnessbanden","status":"publish","type":"product","link":"https:\/\/hidalgo.nl\/de\/product\/banda-fitness-bands-fitnessbanden\/","title":{"rendered":"Banda Fitness Bands fitnessbanden"},"content":{"rendered":"<p>Een set met 3 verschillende, rubberen weerstandsbanden (afm. 60 x 5 cm) in verschillende sterktes voor een optimale training: 2,5 kg\/5,5 lbs, 7 kg\/15 lbs en 9 kg\/20 lbs. Een handig hulpmiddel bij het stretchen en om spieren te versterken. De fitnessbanden worden per set geleverd in een polyester pouch.<\/p>\n","protected":false},"excerpt":{"rendered":"<p>Een set met 3 verschillende, rubberen weerstandsbanden (afm. 60 x 5 cm) in verschillende sterktes voor een optimale training: 2,5 kg\/5,5 lbs, 7 kg\/15 lbs en 9 kg\/20 lbs. Een handig hulpmiddel bij het stretchen en om spieren te versterken. De fitnessbanden worden per set geleverd in een polyester pouch.<\/p>\n","protected":false},"featured_media":162140,"template":"","meta":{"_acf_changed":false,"om_disable_all_campaigns":false,"_monsterinsights_skip_tracking":false,"_monsterinsights_sitenote_active":false,"_monsterinsights_sitenote_note":"","_monsterinsights_sitenote_category":0},"product_brand":[],"product_cat":[4948,4719,4754],"product_tag":[],"class_list":{"0":"post-162139","1":"product","2":"type-product","3":"status-publish","4":"has-post-thumbnail","6":"product_supplier-a24","7":"product_material-rubber","8":"product_cat-sport-artikelen-fitness-uitrusting","9":"product_cat-promotionele-artikelen","10":"product_cat-sport-artikelen","11":"entry","13":"first","14":"instock","15":"taxable","16":"shipping-taxable","17":"purchasable","18":"product-type-variable"},"acf":{"imprint_cost":[{"imprint_cost_key":"902be24c725f42566b1b965cb258ddd52e4f55e8","product_quantity_price_range":[{"imprint_cost_recommended_selling_price":"2.31","imprint_cost_recommended_selling_quantity":"1"},{"imprint_cost_recommended_selling_price":"1.86","imprint_cost_recommended_selling_quantity":"25"},{"imprint_cost_recommended_selling_price":"1.23","imprint_cost_recommended_selling_quantity":"50"},{"imprint_cost_recommended_selling_price":"0.93","imprint_cost_recommended_selling_quantity":"100"},{"imprint_cost_recommended_selling_price":"0.72","imprint_cost_recommended_selling_quantity":"250"},{"imprint_cost_recommended_selling_price":"0.51","imprint_cost_recommended_selling_quantity":"500"},{"imprint_cost_recommended_selling_price":"0.36","imprint_cost_recommended_selling_quantity":"1000"},{"imprint_cost_recommended_selling_price":"0.315","imprint_cost_recommended_selling_quantity":"2500"},{"imprint_cost_recommended_selling_price":"0.27","imprint_cost_recommended_selling_quantity":"5000"}],"product_quantity_price_range_buying":[{"imprint_cost_general_buying_price":"1.54","imprint_cost_general_buying_quantity":"1"},{"imprint_cost_general_buying_price":"1.24","imprint_cost_general_buying_quantity":"25"},{"imprint_cost_general_buying_price":"0.82","imprint_cost_general_buying_quantity":"50"},{"imprint_cost_general_buying_price":"0.62","imprint_cost_general_buying_quantity":"100"},{"imprint_cost_general_buying_price":"0.48","imprint_cost_general_buying_quantity":"250"},{"imprint_cost_general_buying_price":"0.34","imprint_cost_general_buying_quantity":"500"},{"imprint_cost_general_buying_price":"0.24","imprint_cost_general_buying_quantity":"1000"},{"imprint_cost_general_buying_price":"0.21","imprint_cost_general_buying_quantity":"2500"},{"imprint_cost_general_buying_price":"0.18","imprint_cost_general_buying_quantity":"5000"}],"imprint_cost_setup_costs":"45","imprint_cost_handling_costs":"0.09"},{"imprint_cost_key":"df1f772f3cf1af1960cb571a01501f19a331aadf","product_quantity_price_range":[{"imprint_cost_recommended_selling_price":"2.31","imprint_cost_recommended_selling_quantity":"1"},{"imprint_cost_recommended_selling_price":"1.86","imprint_cost_recommended_selling_quantity":"25"},{"imprint_cost_recommended_selling_price":"1.23","imprint_cost_recommended_selling_quantity":"50"},{"imprint_cost_recommended_selling_price":"0.93","imprint_cost_recommended_selling_quantity":"100"},{"imprint_cost_recommended_selling_price":"0.72","imprint_cost_recommended_selling_quantity":"250"},{"imprint_cost_recommended_selling_price":"0.51","imprint_cost_recommended_selling_quantity":"500"},{"imprint_cost_recommended_selling_price":"0.36","imprint_cost_recommended_selling_quantity":"1000"},{"imprint_cost_recommended_selling_price":"0.315","imprint_cost_recommended_selling_quantity":"2500"},{"imprint_cost_recommended_selling_price":"0.27","imprint_cost_recommended_selling_quantity":"5000"}],"product_quantity_price_range_buying":[{"imprint_cost_general_buying_price":"1.54","imprint_cost_general_buying_quantity":"1"},{"imprint_cost_general_buying_price":"1.24","imprint_cost_general_buying_quantity":"25"},{"imprint_cost_general_buying_price":"0.82","imprint_cost_general_buying_quantity":"50"},{"imprint_cost_general_buying_price":"0.62","imprint_cost_general_buying_quantity":"100"},{"imprint_cost_general_buying_price":"0.48","imprint_cost_general_buying_quantity":"250"},{"imprint_cost_general_buying_price":"0.34","imprint_cost_general_buying_quantity":"500"},{"imprint_cost_general_buying_price":"0.24","imprint_cost_general_buying_quantity":"1000"},{"imprint_cost_general_buying_price":"0.21","imprint_cost_general_buying_quantity":"2500"},{"imprint_cost_general_buying_price":"0.18","imprint_cost_general_buying_quantity":"5000"}],"imprint_cost_setup_costs":"45","imprint_cost_handling_costs":"0.09"}]},"aioseo_notices":[],"aioseo_head":"\n\t\t<!-- All in One SEO Pro 4.9.6.2 - aioseo.com -->\n\t<meta name=\"description\" content=\"Trainiere flexibel mit drei St\u00e4rken f\u00fcr gezielte Progression im Krafttraining; die kompakten Widerstandsb\u00e4nder passen in die mitgelieferte Tasche. Auf Wunsch veredelst du Set oder Tasche mit deinem Logo - ideal f\u00fcr Events und Vereine.\" \/>\n\t<meta name=\"robots\" content=\"max-image-preview:large\" \/>\n\t<link rel=\"canonical\" href=\"https:\/\/hidalgo.nl\/de\/wp-json\/wp\/v2\/product\/162139\" \/>\n\t<meta name=\"generator\" content=\"All in One SEO Pro (AIOSEO) 4.9.6.2\" \/>\n\t\t<meta property=\"og:locale\" content=\"de_DE\" \/>\n\t\t<meta property=\"og:site_name\" content=\"Hidalgo -\" \/>\n\t\t<meta property=\"og:type\" content=\"article\" \/>\n\t\t<meta property=\"og:title\" content=\"Banda Fitness Bands fitnessbanden\" \/>\n\t\t<meta property=\"og:description\" content=\"Trainiere flexibel mit drei St\u00e4rken f\u00fcr gezielte Progression im Krafttraining; die kompakten Widerstandsb\u00e4nder passen in die mitgelieferte Tasche. Auf Wunsch veredelst du Set oder Tasche mit deinem Logo - ideal f\u00fcr Events und Vereine.\" \/>\n\t\t<meta property=\"og:url\" content=\"https:\/\/hidalgo.nl\/de\/wp-json\/wp\/v2\/product\/162139\" \/>\n\t\t<meta property=\"og:image\" content=\"https:\/\/shop.hidalgo.nl\/wp-content\/uploads\/2025\/11\/cropped-Hidalgo-est1993.png\" \/>\n\t\t<meta property=\"og:image:secure_url\" content=\"https:\/\/shop.hidalgo.nl\/wp-content\/uploads\/2025\/11\/cropped-Hidalgo-est1993.png\" \/>\n\t\t<meta property=\"article:published_time\" content=\"2025-07-11T08:30:49+00:00\" \/>\n\t\t<meta property=\"article:modified_time\" content=\"2026-03-21T03:18:55+00:00\" \/>\n\t\t<meta name=\"twitter:card\" content=\"summary_large_image\" \/>\n\t\t<meta name=\"twitter:title\" content=\"Banda Fitness Bands fitnessbanden\" \/>\n\t\t<meta name=\"twitter:description\" content=\"Trainiere flexibel mit drei St\u00e4rken f\u00fcr gezielte Progression im Krafttraining; die kompakten Widerstandsb\u00e4nder passen in die mitgelieferte Tasche. Auf Wunsch veredelst du Set oder Tasche mit deinem Logo - ideal f\u00fcr Events und Vereine.\" \/>\n\t\t<meta name=\"twitter:image\" content=\"https:\/\/shop.hidalgo.nl\/wp-content\/uploads\/2025\/11\/cropped-Hidalgo-est1993.png\" \/>\n\t\t<script type=\"application\/ld+json\" class=\"aioseo-schema\">\n\t\t\t{\"@context\":\"https:\\\/\\\/schema.org\",\"@graph\":[{\"@type\":\"BreadcrumbList\",\"@id\":\"https:\\\/\\\/hidalgo.nl\\\/de\\\/product\\\/banda-fitness-bands-fitnessbanden\\\/#breadcrumblist\",\"itemListElement\":[{\"@type\":\"ListItem\",\"@id\":\"https:\\\/\\\/hidalgo.nl\\\/de\\\/#listItem\",\"position\":1,\"name\":\"Home\",\"item\":\"https:\\\/\\\/hidalgo.nl\\\/de\\\/\",\"nextItem\":{\"@type\":\"ListItem\",\"@id\":\"https:\\\/\\\/hidalgo.nl\\\/example\\\/#listItem\",\"name\":\"example\"}},{\"@type\":\"ListItem\",\"@id\":\"https:\\\/\\\/hidalgo.nl\\\/example\\\/#listItem\",\"position\":2,\"name\":\"example\",\"item\":\"https:\\\/\\\/hidalgo.nl\\\/example\\\/\",\"nextItem\":{\"@type\":\"ListItem\",\"@id\":\"https:\\\/\\\/hidalgo.nl\\\/en\\\/product-supplier\\\/a24\\\/#listItem\",\"name\":\"A24\"},\"previousItem\":{\"@type\":\"ListItem\",\"@id\":\"https:\\\/\\\/hidalgo.nl\\\/de\\\/#listItem\",\"name\":\"Home\"}},{\"@type\":\"ListItem\",\"@id\":\"https:\\\/\\\/hidalgo.nl\\\/en\\\/product-supplier\\\/a24\\\/#listItem\",\"position\":3,\"name\":\"A24\",\"item\":\"https:\\\/\\\/hidalgo.nl\\\/en\\\/product-supplier\\\/a24\\\/\",\"nextItem\":{\"@type\":\"ListItem\",\"@id\":\"https:\\\/\\\/hidalgo.nl\\\/de\\\/product\\\/banda-fitness-bands-fitnessbanden\\\/#listItem\",\"name\":\"Banda Fitness Bands fitnessbanden\"},\"previousItem\":{\"@type\":\"ListItem\",\"@id\":\"https:\\\/\\\/hidalgo.nl\\\/example\\\/#listItem\",\"name\":\"example\"}},{\"@type\":\"ListItem\",\"@id\":\"https:\\\/\\\/hidalgo.nl\\\/de\\\/product\\\/banda-fitness-bands-fitnessbanden\\\/#listItem\",\"position\":4,\"name\":\"Banda Fitness Bands fitnessbanden\",\"previousItem\":{\"@type\":\"ListItem\",\"@id\":\"https:\\\/\\\/hidalgo.nl\\\/en\\\/product-supplier\\\/a24\\\/#listItem\",\"name\":\"A24\"}}]},{\"@type\":\"Organization\",\"@id\":\"https:\\\/\\\/hidalgo.nl\\\/de\\\/#organization\",\"name\":\"Hidalgo\",\"url\":\"https:\\\/\\\/hidalgo.nl\\\/de\\\/\",\"logo\":{\"@type\":\"ImageObject\",\"url\":\"https:\\\/\\\/shop.hidalgo.nl\\\/wp-content\\\/uploads\\\/2025\\\/11\\\/cropped-Hidalgo-est1993.png\",\"@id\":\"https:\\\/\\\/hidalgo.nl\\\/de\\\/product\\\/banda-fitness-bands-fitnessbanden\\\/#organizationLogo\",\"width\":585,\"height\":195},\"image\":{\"@id\":\"https:\\\/\\\/hidalgo.nl\\\/de\\\/product\\\/banda-fitness-bands-fitnessbanden\\\/#organizationLogo\"}},{\"@type\":\"ProductGroup\",\"@id\":\"https:\\\/\\\/hidalgo.nl\\\/de\\\/product\\\/banda-fitness-bands-fitnessbanden\\\/#wooCommerceProduct\",\"name\":\"Banda Fitness Bands fitnessbanden\",\"url\":\"https:\\\/\\\/hidalgo.nl\\\/de\\\/product\\\/banda-fitness-bands-fitnessbanden\\\/\",\"sku\":\"A24-1301\",\"image\":{\"@type\":\"ImageObject\",\"url\":\"https:\\\/\\\/shop.hidalgo.nl\\\/wp-content\\\/uploads\\\/2025\\\/07\\\/f4a937a1773ac3800bde8d41802730a5c058272f3a587638bbd7e7e0dbe11fdf.jpg\",\"@id\":\"https:\\\/\\\/hidalgo.nl\\\/de\\\/product\\\/banda-fitness-bands-fitnessbanden\\\/#productImage\",\"width\":1000,\"height\":1000},\"productGroupID\":162139,\"hasVariant\":[{\"@type\":\"Product\",\"@id\":\"https:\\\/\\\/hidalgo.nl\\\/de\\\/product\\\/banda-fitness-bands-fitnessbanden\\\/#wooCommerceProduct\",\"name\":\"Banda Fitness Bands fitnessbanden - blauw\",\"url\":\"https:\\\/\\\/hidalgo.nl\\\/de\\\/product\\\/banda-fitness-bands-fitnessbanden\\\/\",\"sku\":\"A24-130198\",\"image\":{\"@type\":\"ImageObject\",\"url\":\"https:\\\/\\\/shop.hidalgo.nl\\\/wp-content\\\/uploads\\\/2025\\\/07\\\/f4a937a1773ac3800bde8d41802730a5c058272f3a587638bbd7e7e0dbe11fdf.jpg\",\"@id\":\"https:\\\/\\\/hidalgo.nl\\\/de\\\/product\\\/banda-fitness-bands-fitnessbanden\\\/#productImage\",\"width\":1000,\"height\":1000},\"offers\":{\"@type\":\"Offer\",\"url\":\"https:\\\/\\\/hidalgo.nl\\\/de\\\/product\\\/banda-fitness-bands-fitnessbanden\\\/#wooCommerceOffer\",\"price\":\"5.25\",\"priceCurrency\":\"EUR\",\"category\":\"Promotionele Artikelen\",\"availability\":\"https:\\\/\\\/schema.org\\\/InStock\",\"priceSpecification\":{\"@type\":\"PriceSpecification\",\"price\":5.25,\"priceCurrency\":\"EUR\",\"valueAddedTaxIncluded\":\"true\"}}},{\"@type\":\"Product\",\"@id\":\"https:\\\/\\\/hidalgo.nl\\\/de\\\/product\\\/banda-fitness-bands-fitnessbanden\\\/#wooCommerceProduct\",\"name\":\"Banda Fitness Bands fitnessbanden - lichtblauw\",\"url\":\"https:\\\/\\\/hidalgo.nl\\\/de\\\/product\\\/banda-fitness-bands-fitnessbanden\\\/\",\"sku\":\"A24-130199\",\"image\":{\"@type\":\"ImageObject\",\"url\":\"https:\\\/\\\/shop.hidalgo.nl\\\/wp-content\\\/uploads\\\/2025\\\/07\\\/32ebc90db59521200bb8316f7d6f6a87801d9681e68bdfc1097cd8875db48ce4.jpg\",\"@id\":\"https:\\\/\\\/hidalgo.nl\\\/de\\\/product\\\/banda-fitness-bands-fitnessbanden\\\/#productImage\",\"width\":1000,\"height\":1000},\"offers\":{\"@type\":\"Offer\",\"url\":\"https:\\\/\\\/hidalgo.nl\\\/de\\\/product\\\/banda-fitness-bands-fitnessbanden\\\/#wooCommerceOffer\",\"price\":\"5.25\",\"priceCurrency\":\"EUR\",\"category\":\"Promotionele Artikelen\",\"availability\":\"https:\\\/\\\/schema.org\\\/InStock\",\"priceSpecification\":{\"@type\":\"PriceSpecification\",\"price\":5.25,\"priceCurrency\":\"EUR\",\"valueAddedTaxIncluded\":\"true\"}}}]},{\"@type\":\"WebPage\",\"@id\":\"https:\\\/\\\/hidalgo.nl\\\/de\\\/product\\\/banda-fitness-bands-fitnessbanden\\\/#webpage\",\"url\":\"https:\\\/\\\/hidalgo.nl\\\/de\\\/product\\\/banda-fitness-bands-fitnessbanden\\\/\",\"name\":\"Banda Fitness Bands fitnessbanden\",\"description\":\"Trainiere flexibel mit drei St\\u00e4rken f\\u00fcr gezielte Progression im Krafttraining; die kompakten Widerstandsb\\u00e4nder passen in die mitgelieferte Tasche. Auf Wunsch veredelst du Set oder Tasche mit deinem Logo - ideal f\\u00fcr Events und Vereine.\",\"inLanguage\":\"de-DE\",\"isPartOf\":{\"@id\":\"https:\\\/\\\/hidalgo.nl\\\/de\\\/#website\"},\"breadcrumb\":{\"@id\":\"https:\\\/\\\/hidalgo.nl\\\/de\\\/product\\\/banda-fitness-bands-fitnessbanden\\\/#breadcrumblist\"},\"image\":{\"@type\":\"ImageObject\",\"url\":\"https:\\\/\\\/shop.hidalgo.nl\\\/wp-content\\\/uploads\\\/2025\\\/07\\\/f4a937a1773ac3800bde8d41802730a5c058272f3a587638bbd7e7e0dbe11fdf.jpg\",\"@id\":\"https:\\\/\\\/hidalgo.nl\\\/de\\\/product\\\/banda-fitness-bands-fitnessbanden\\\/#mainImage\",\"width\":1000,\"height\":1000},\"primaryImageOfPage\":{\"@id\":\"https:\\\/\\\/hidalgo.nl\\\/de\\\/product\\\/banda-fitness-bands-fitnessbanden\\\/#mainImage\"},\"datePublished\":\"2025-07-11T08:30:49+00:00\",\"dateModified\":\"2026-03-21T03:18:55+00:00\"},{\"@type\":\"WebSite\",\"@id\":\"https:\\\/\\\/hidalgo.nl\\\/de\\\/#website\",\"url\":\"https:\\\/\\\/hidalgo.nl\\\/de\\\/\",\"name\":\"Hidalgo\",\"inLanguage\":\"de-DE\",\"publisher\":{\"@id\":\"https:\\\/\\\/hidalgo.nl\\\/de\\\/#organization\"}}]}\n\t\t<\/script>\n\t\t<!-- All in One SEO Pro -->\r\n\t\t<title>Banda Fitness Bands fitnessbanden<\/title>\n\n","aioseo_head_json":{"title":"Banda Fitness Bands fitnessbanden","description":"Trainiere flexibel mit drei St\u00e4rken f\u00fcr gezielte Progression im Krafttraining; die kompakten Widerstandsb\u00e4nder passen in die mitgelieferte Tasche. Auf Wunsch veredelst du Set oder Tasche mit deinem Logo - ideal f\u00fcr Events und Vereine.","canonical_url":"https:\/\/hidalgo.nl\/de\/wp-json\/wp\/v2\/product\/162139","robots":"max-image-preview:large","keywords":"","webmasterTools":{"miscellaneous":""},"schema":{"@context":"https:\/\/schema.org","@graph":[{"@type":"BreadcrumbList","@id":"https:\/\/hidalgo.nl\/de\/product\/banda-fitness-bands-fitnessbanden\/#breadcrumblist","itemListElement":[{"@type":"ListItem","@id":"https:\/\/hidalgo.nl\/de\/#listItem","position":1,"name":"Home","item":"https:\/\/hidalgo.nl\/de\/","nextItem":{"@type":"ListItem","@id":"https:\/\/hidalgo.nl\/example\/#listItem","name":"example"}},{"@type":"ListItem","@id":"https:\/\/hidalgo.nl\/example\/#listItem","position":2,"name":"example","item":"https:\/\/hidalgo.nl\/example\/","nextItem":{"@type":"ListItem","@id":"https:\/\/hidalgo.nl\/en\/product-supplier\/a24\/#listItem","name":"A24"},"previousItem":{"@type":"ListItem","@id":"https:\/\/hidalgo.nl\/de\/#listItem","name":"Home"}},{"@type":"ListItem","@id":"https:\/\/hidalgo.nl\/en\/product-supplier\/a24\/#listItem","position":3,"name":"A24","item":"https:\/\/hidalgo.nl\/en\/product-supplier\/a24\/","nextItem":{"@type":"ListItem","@id":"https:\/\/hidalgo.nl\/de\/product\/banda-fitness-bands-fitnessbanden\/#listItem","name":"Banda Fitness Bands fitnessbanden"},"previousItem":{"@type":"ListItem","@id":"https:\/\/hidalgo.nl\/example\/#listItem","name":"example"}},{"@type":"ListItem","@id":"https:\/\/hidalgo.nl\/de\/product\/banda-fitness-bands-fitnessbanden\/#listItem","position":4,"name":"Banda Fitness Bands fitnessbanden","previousItem":{"@type":"ListItem","@id":"https:\/\/hidalgo.nl\/en\/product-supplier\/a24\/#listItem","name":"A24"}}]},{"@type":"Organization","@id":"https:\/\/hidalgo.nl\/de\/#organization","name":"Hidalgo","url":"https:\/\/hidalgo.nl\/de\/","logo":{"@type":"ImageObject","url":"https:\/\/shop.hidalgo.nl\/wp-content\/uploads\/2025\/11\/cropped-Hidalgo-est1993.png","@id":"https:\/\/hidalgo.nl\/de\/product\/banda-fitness-bands-fitnessbanden\/#organizationLogo","width":585,"height":195},"image":{"@id":"https:\/\/hidalgo.nl\/de\/product\/banda-fitness-bands-fitnessbanden\/#organizationLogo"}},{"@type":"ProductGroup","@id":"https:\/\/hidalgo.nl\/de\/product\/banda-fitness-bands-fitnessbanden\/#wooCommerceProduct","name":"Banda Fitness Bands fitnessbanden","url":"https:\/\/hidalgo.nl\/de\/product\/banda-fitness-bands-fitnessbanden\/","sku":"A24-1301","image":{"@type":"ImageObject","url":"https:\/\/shop.hidalgo.nl\/wp-content\/uploads\/2025\/07\/f4a937a1773ac3800bde8d41802730a5c058272f3a587638bbd7e7e0dbe11fdf.jpg","@id":"https:\/\/hidalgo.nl\/de\/product\/banda-fitness-bands-fitnessbanden\/#productImage","width":1000,"height":1000},"productGroupID":162139,"hasVariant":[{"@type":"Product","@id":"https:\/\/hidalgo.nl\/de\/product\/banda-fitness-bands-fitnessbanden\/#wooCommerceProduct","name":"Banda Fitness Bands fitnessbanden - blauw","url":"https:\/\/hidalgo.nl\/de\/product\/banda-fitness-bands-fitnessbanden\/","sku":"A24-130198","image":{"@type":"ImageObject","url":"https:\/\/shop.hidalgo.nl\/wp-content\/uploads\/2025\/07\/f4a937a1773ac3800bde8d41802730a5c058272f3a587638bbd7e7e0dbe11fdf.jpg","@id":"https:\/\/hidalgo.nl\/de\/product\/banda-fitness-bands-fitnessbanden\/#productImage","width":1000,"height":1000},"offers":{"@type":"Offer","url":"https:\/\/hidalgo.nl\/de\/product\/banda-fitness-bands-fitnessbanden\/#wooCommerceOffer","price":"5.25","priceCurrency":"EUR","category":"Promotionele Artikelen","availability":"https:\/\/schema.org\/InStock","priceSpecification":{"@type":"PriceSpecification","price":5.25,"priceCurrency":"EUR","valueAddedTaxIncluded":"true"}}},{"@type":"Product","@id":"https:\/\/hidalgo.nl\/de\/product\/banda-fitness-bands-fitnessbanden\/#wooCommerceProduct","name":"Banda Fitness Bands fitnessbanden - lichtblauw","url":"https:\/\/hidalgo.nl\/de\/product\/banda-fitness-bands-fitnessbanden\/","sku":"A24-130199","image":{"@type":"ImageObject","url":"https:\/\/shop.hidalgo.nl\/wp-content\/uploads\/2025\/07\/32ebc90db59521200bb8316f7d6f6a87801d9681e68bdfc1097cd8875db48ce4.jpg","@id":"https:\/\/hidalgo.nl\/de\/product\/banda-fitness-bands-fitnessbanden\/#productImage","width":1000,"height":1000},"offers":{"@type":"Offer","url":"https:\/\/hidalgo.nl\/de\/product\/banda-fitness-bands-fitnessbanden\/#wooCommerceOffer","price":"5.25","priceCurrency":"EUR","category":"Promotionele Artikelen","availability":"https:\/\/schema.org\/InStock","priceSpecification":{"@type":"PriceSpecification","price":5.25,"priceCurrency":"EUR","valueAddedTaxIncluded":"true"}}}]},{"@type":"WebPage","@id":"https:\/\/hidalgo.nl\/de\/product\/banda-fitness-bands-fitnessbanden\/#webpage","url":"https:\/\/hidalgo.nl\/de\/product\/banda-fitness-bands-fitnessbanden\/","name":"Banda Fitness Bands fitnessbanden","description":"Trainiere flexibel mit drei St\u00e4rken f\u00fcr gezielte Progression im Krafttraining; die kompakten Widerstandsb\u00e4nder passen in die mitgelieferte Tasche. Auf Wunsch veredelst du Set oder Tasche mit deinem Logo - ideal f\u00fcr Events und Vereine.","inLanguage":"de-DE","isPartOf":{"@id":"https:\/\/hidalgo.nl\/de\/#website"},"breadcrumb":{"@id":"https:\/\/hidalgo.nl\/de\/product\/banda-fitness-bands-fitnessbanden\/#breadcrumblist"},"image":{"@type":"ImageObject","url":"https:\/\/shop.hidalgo.nl\/wp-content\/uploads\/2025\/07\/f4a937a1773ac3800bde8d41802730a5c058272f3a587638bbd7e7e0dbe11fdf.jpg","@id":"https:\/\/hidalgo.nl\/de\/product\/banda-fitness-bands-fitnessbanden\/#mainImage","width":1000,"height":1000},"primaryImageOfPage":{"@id":"https:\/\/hidalgo.nl\/de\/product\/banda-fitness-bands-fitnessbanden\/#mainImage"},"datePublished":"2025-07-11T08:30:49+00:00","dateModified":"2026-03-21T03:18:55+00:00"},{"@type":"WebSite","@id":"https:\/\/hidalgo.nl\/de\/#website","url":"https:\/\/hidalgo.nl\/de\/","name":"Hidalgo","inLanguage":"de-DE","publisher":{"@id":"https:\/\/hidalgo.nl\/de\/#organization"}}]},"og:locale":"de_DE","og:site_name":"Hidalgo -","og:type":"article","og:title":"Banda Fitness Bands fitnessbanden","og:description":"Trainiere flexibel mit drei St\u00e4rken f\u00fcr gezielte Progression im Krafttraining; die kompakten Widerstandsb\u00e4nder passen in die mitgelieferte Tasche. Auf Wunsch veredelst du Set oder Tasche mit deinem Logo - ideal f\u00fcr Events und Vereine.","og:url":"https:\/\/hidalgo.nl\/de\/wp-json\/wp\/v2\/product\/162139","og:image":"https:\/\/shop.hidalgo.nl\/wp-content\/uploads\/2025\/11\/cropped-Hidalgo-est1993.png","og:image:secure_url":"https:\/\/shop.hidalgo.nl\/wp-content\/uploads\/2025\/11\/cropped-Hidalgo-est1993.png","article:published_time":"2025-07-11T08:30:49+00:00","article:modified_time":"2026-03-21T03:18:55+00:00","twitter:card":"summary_large_image","twitter:title":"Banda Fitness Bands fitnessbanden","twitter:description":"Trainiere flexibel mit drei St\u00e4rken f\u00fcr gezielte Progression im Krafttraining; die kompakten Widerstandsb\u00e4nder passen in die mitgelieferte Tasche. Auf Wunsch veredelst du Set oder Tasche mit deinem Logo - ideal f\u00fcr Events und Vereine.","twitter:image":"https:\/\/shop.hidalgo.nl\/wp-content\/uploads\/2025\/11\/cropped-Hidalgo-est1993.png"},"aioseo_meta_data":{"post_id":"162139","title":null,"description":null,"keywords":null,"keyphrases":null,"primary_term":null,"canonical_url":null,"og_title":null,"og_description":null,"og_object_type":"default","og_image_type":"default","og_image_url":null,"og_image_width":null,"og_image_height":null,"og_image_custom_url":null,"og_image_custom_fields":null,"og_video":null,"og_custom_url":null,"og_article_section":null,"og_article_tags":null,"twitter_use_og":false,"twitter_card":"default","twitter_image_type":"default","twitter_image_url":null,"twitter_image_custom_url":null,"twitter_image_custom_fields":null,"twitter_title":null,"twitter_description":null,"schema":{"blockGraphs":[],"customGraphs":[],"default":{"data":{"Article":[],"Course":[],"Dataset":[],"FAQPage":[],"Movie":[],"Person":[],"Product":[],"ProductReview":[],"Car":[],"Recipe":[],"Service":[],"SoftwareApplication":[],"WebPage":[]},"graphName":"","isEnabled":true},"graphs":[]},"schema_type":"default","schema_type_options":null,"pillar_content":false,"robots_default":true,"robots_noindex":false,"robots_noarchive":false,"robots_nosnippet":false,"robots_nofollow":false,"robots_noimageindex":false,"robots_noodp":false,"robots_notranslate":false,"robots_max_snippet":null,"robots_max_videopreview":null,"robots_max_imagepreview":"large","priority":null,"frequency":null,"local_seo":null,"seo_analyzer_scan_date":"2026-01-22 15:03:13","breadcrumb_settings":null,"limit_modified_date":false,"reviewed_by":null,"open_ai":null,"ai":null,"created":"2026-01-14 07:02:59","updated":"2026-04-23 00:29:51"},"aioseo_breadcrumb":"<div class=\"aioseo-breadcrumbs\"><span class=\"aioseo-breadcrumb\">\n\t<a href=\"https:\/\/hidalgo.nl\/de\/\" title=\"Home\">Home<\/a>\n<\/span><span class=\"aioseo-breadcrumb-separator\">\u00bb<\/span><span class=\"aioseo-breadcrumb\">\n\t<a href=\"https:\/\/hidalgo.nl\/example\/\" title=\"example\">example<\/a>\n<\/span><span class=\"aioseo-breadcrumb-separator\">\u00bb<\/span><span class=\"aioseo-breadcrumb\">\n\t<a href=\"https:\/\/hidalgo.nl\/en\/product-supplier\/a24\/\" title=\"A24\">A24<\/a>\n<\/span><span class=\"aioseo-breadcrumb-separator\">\u00bb<\/span><span class=\"aioseo-breadcrumb\">\n\tBanda Fitness Bands fitnessbanden\n<\/span><\/div>","aioseo_breadcrumb_json":[{"label":"Home","link":"https:\/\/hidalgo.nl\/de\/"},{"label":"example","link":"https:\/\/hidalgo.nl\/example\/"},{"label":"A24","link":"https:\/\/hidalgo.nl\/en\/product-supplier\/a24\/"},{"label":"Banda Fitness Bands fitnessbanden","link":"https:\/\/hidalgo.nl\/de\/product\/banda-fitness-bands-fitnessbanden\/"}],"_links":{"self":[{"href":"https:\/\/hidalgo.nl\/de\/wp-json\/wp\/v2\/product\/162139","targetHints":{"allow":["GET"]}}],"collection":[{"href":"https:\/\/hidalgo.nl\/de\/wp-json\/wp\/v2\/product"}],"about":[{"href":"https:\/\/hidalgo.nl\/de\/wp-json\/wp\/v2\/types\/product"}],"wp:featuredmedia":[{"embeddable":true,"href":"https:\/\/hidalgo.nl\/de\/wp-json\/wp\/v2\/media\/162140"}],"wp:attachment":[{"href":"https:\/\/hidalgo.nl\/de\/wp-json\/wp\/v2\/media?parent=162139"}],"wp:term":[{"taxonomy":"product_brand","embeddable":true,"href":"https:\/\/hidalgo.nl\/de\/wp-json\/wp\/v2\/product_brand?post=162139"},{"taxonomy":"product_cat","embeddable":true,"href":"https:\/\/hidalgo.nl\/de\/wp-json\/wp\/v2\/product_cat?post=162139"},{"taxonomy":"product_tag","embeddable":true,"href":"https:\/\/hidalgo.nl\/de\/wp-json\/wp\/v2\/product_tag?post=162139"}],"curies":[{"name":"wp","href":"https:\/\/api.w.org\/{rel}","templated":true}]}}