{"id":161729,"date":"2025-07-11T08:07:54","date_gmt":"2025-07-11T08:07:54","guid":{"rendered":"http:\/\/bidonsenshakers.pim.hidalgo.nl\/product\/wooosh-tabla-snijplank\/"},"modified":"2026-03-21T03:07:32","modified_gmt":"2026-03-21T03:07:32","slug":"wooosh-tabla-snijplank","status":"publish","type":"product","link":"https:\/\/hidalgo.nl\/de\/product\/wooosh-tabla-snijplank\/","title":{"rendered":"Wooosh Tabla snijplank"},"content":{"rendered":"<p>Deze decoratieve snijplank van het merk Wooosh is gemaakt van gestoomd Europees beukenhout. Het jute ophangkoord voegt een extra vleugje stijl toe. Met zijn prachtige houtnerf en mooie afwerking is deze plank mooi om op te hangen aan de keukenwand of als eyecatcher op tafel. Niet alleen geschikt voor het snijden van groenten en fruit, maar ook voor het serveren van brood, stukjes kaas en tapas. Door de handige handgreep kun je de plank moeiteloos dragen en serveren. Deze stijlvolle plank voegt gezelligheid, kwaliteit en stijl toe aan onvergetelijke momenten. Made in Europe.<\/p>\n","protected":false},"excerpt":{"rendered":"<p>Deze decoratieve snijplank van het merk Wooosh is gemaakt van gestoomd Europees beukenhout. Het jute ophangkoord voegt een extra vleugje stijl toe. Met zijn prachtige houtnerf en mooie afwerking is deze plank mooi om op te hangen aan de keukenwand of als eyecatcher op tafel. Niet alleen geschikt voor het snijden van groenten en fruit,&hellip; <a class=\"more-link\" href=\"https:\/\/hidalgo.nl\/de\/product\/wooosh-tabla-snijplank\/\"><span class=\"screen-reader-text\">Wooosh Tabla snijplank<\/span> weiterlesen<\/a><\/p>\n","protected":false},"featured_media":161730,"template":"","meta":{"_acf_changed":false,"om_disable_all_campaigns":false,"_monsterinsights_skip_tracking":false,"_monsterinsights_sitenote_active":false,"_monsterinsights_sitenote_note":"","_monsterinsights_sitenote_category":0},"product_brand":[1969],"product_cat":[4766,4735,4719,4728],"product_tag":[],"class_list":{"0":"post-161729","1":"product","2":"type-product","3":"status-publish","4":"has-post-thumbnail","6":"product_supplier-a24","7":"product_material-beukenhout","8":"product_brand-wooosh","9":"product_cat-kaas-snij-en-serveer-planken","10":"product_cat-keuken","11":"product_cat-promotionele-artikelen","12":"product_cat-promotionele-artikelen-thuis-keuken-en-tuin","13":"entry","15":"first","16":"instock","17":"taxable","18":"shipping-taxable","19":"purchasable","20":"product-type-variable"},"acf":{"imprint_cost":[{"imprint_cost_key":"20060dda0b1bddf53438b4cf5ccc46a72b8797be","product_quantity_price_range":[{"imprint_cost_recommended_selling_price":"2.835","imprint_cost_recommended_selling_quantity":"1"},{"imprint_cost_recommended_selling_price":"2.085","imprint_cost_recommended_selling_quantity":"25"},{"imprint_cost_recommended_selling_price":"1.275","imprint_cost_recommended_selling_quantity":"50"},{"imprint_cost_recommended_selling_price":"1.05","imprint_cost_recommended_selling_quantity":"100"},{"imprint_cost_recommended_selling_price":"0.9","imprint_cost_recommended_selling_quantity":"250"},{"imprint_cost_recommended_selling_price":"0.81","imprint_cost_recommended_selling_quantity":"500"},{"imprint_cost_recommended_selling_price":"0.765","imprint_cost_recommended_selling_quantity":"1000"},{"imprint_cost_recommended_selling_price":"0.705","imprint_cost_recommended_selling_quantity":"2500"},{"imprint_cost_recommended_selling_price":"0.675","imprint_cost_recommended_selling_quantity":"5000"}],"product_quantity_price_range_buying":[{"imprint_cost_general_buying_price":"1.89","imprint_cost_general_buying_quantity":"1"},{"imprint_cost_general_buying_price":"1.39","imprint_cost_general_buying_quantity":"25"},{"imprint_cost_general_buying_price":"0.85","imprint_cost_general_buying_quantity":"50"},{"imprint_cost_general_buying_price":"0.7","imprint_cost_general_buying_quantity":"100"},{"imprint_cost_general_buying_price":"0.6","imprint_cost_general_buying_quantity":"250"},{"imprint_cost_general_buying_price":"0.54","imprint_cost_general_buying_quantity":"500"},{"imprint_cost_general_buying_price":"0.51","imprint_cost_general_buying_quantity":"1000"},{"imprint_cost_general_buying_price":"0.47","imprint_cost_general_buying_quantity":"2500"},{"imprint_cost_general_buying_price":"0.45","imprint_cost_general_buying_quantity":"5000"}],"imprint_cost_setup_costs":"26.25","imprint_cost_handling_costs":"0.09"},{"imprint_cost_key":"cc11352d8786ce6c5cc8810fa462bcc07125ecd0","product_quantity_price_range":[{"imprint_cost_recommended_selling_price":"3.135","imprint_cost_recommended_selling_quantity":"1"},{"imprint_cost_recommended_selling_price":"2.385","imprint_cost_recommended_selling_quantity":"25"},{"imprint_cost_recommended_selling_price":"1.575","imprint_cost_recommended_selling_quantity":"50"},{"imprint_cost_recommended_selling_price":"1.35","imprint_cost_recommended_selling_quantity":"100"},{"imprint_cost_recommended_selling_price":"1.2","imprint_cost_recommended_selling_quantity":"250"},{"imprint_cost_recommended_selling_price":"1.11","imprint_cost_recommended_selling_quantity":"500"},{"imprint_cost_recommended_selling_price":"1.065","imprint_cost_recommended_selling_quantity":"1000"},{"imprint_cost_recommended_selling_price":"1.005","imprint_cost_recommended_selling_quantity":"2500"},{"imprint_cost_recommended_selling_price":"0.975","imprint_cost_recommended_selling_quantity":"5000"}],"product_quantity_price_range_buying":[{"imprint_cost_general_buying_price":"2.09","imprint_cost_general_buying_quantity":"1"},{"imprint_cost_general_buying_price":"1.59","imprint_cost_general_buying_quantity":"25"},{"imprint_cost_general_buying_price":"1.05","imprint_cost_general_buying_quantity":"50"},{"imprint_cost_general_buying_price":"0.9","imprint_cost_general_buying_quantity":"100"},{"imprint_cost_general_buying_price":"0.8","imprint_cost_general_buying_quantity":"250"},{"imprint_cost_general_buying_price":"0.74","imprint_cost_general_buying_quantity":"500"},{"imprint_cost_general_buying_price":"0.71","imprint_cost_general_buying_quantity":"1000"},{"imprint_cost_general_buying_price":"0.67","imprint_cost_general_buying_quantity":"2500"},{"imprint_cost_general_buying_price":"0.65","imprint_cost_general_buying_quantity":"5000"}],"imprint_cost_setup_costs":"26.25","imprint_cost_handling_costs":"0.09"},{"imprint_cost_key":"c048aad9120fd7cd5c4fb4c467cbe223786e0bd9","product_quantity_price_range":[{"imprint_cost_recommended_selling_price":"2.835","imprint_cost_recommended_selling_quantity":"1"},{"imprint_cost_recommended_selling_price":"2.085","imprint_cost_recommended_selling_quantity":"25"},{"imprint_cost_recommended_selling_price":"1.275","imprint_cost_recommended_selling_quantity":"50"},{"imprint_cost_recommended_selling_price":"1.05","imprint_cost_recommended_selling_quantity":"100"},{"imprint_cost_recommended_selling_price":"0.9","imprint_cost_recommended_selling_quantity":"250"},{"imprint_cost_recommended_selling_price":"0.81","imprint_cost_recommended_selling_quantity":"500"},{"imprint_cost_recommended_selling_price":"0.765","imprint_cost_recommended_selling_quantity":"1000"},{"imprint_cost_recommended_selling_price":"0.705","imprint_cost_recommended_selling_quantity":"2500"},{"imprint_cost_recommended_selling_price":"0.675","imprint_cost_recommended_selling_quantity":"5000"}],"product_quantity_price_range_buying":[{"imprint_cost_general_buying_price":"1.89","imprint_cost_general_buying_quantity":"1"},{"imprint_cost_general_buying_price":"1.39","imprint_cost_general_buying_quantity":"25"},{"imprint_cost_general_buying_price":"0.85","imprint_cost_general_buying_quantity":"50"},{"imprint_cost_general_buying_price":"0.7","imprint_cost_general_buying_quantity":"100"},{"imprint_cost_general_buying_price":"0.6","imprint_cost_general_buying_quantity":"250"},{"imprint_cost_general_buying_price":"0.54","imprint_cost_general_buying_quantity":"500"},{"imprint_cost_general_buying_price":"0.51","imprint_cost_general_buying_quantity":"1000"},{"imprint_cost_general_buying_price":"0.47","imprint_cost_general_buying_quantity":"2500"},{"imprint_cost_general_buying_price":"0.45","imprint_cost_general_buying_quantity":"5000"}],"imprint_cost_setup_costs":"26.25","imprint_cost_handling_costs":"0.09"},{"imprint_cost_key":"995aebc5677b7b32911dd171b5bc189fc765a6d7","product_quantity_price_range":[{"imprint_cost_recommended_selling_price":"3.135","imprint_cost_recommended_selling_quantity":"1"},{"imprint_cost_recommended_selling_price":"2.385","imprint_cost_recommended_selling_quantity":"25"},{"imprint_cost_recommended_selling_price":"1.575","imprint_cost_recommended_selling_quantity":"50"},{"imprint_cost_recommended_selling_price":"1.35","imprint_cost_recommended_selling_quantity":"100"},{"imprint_cost_recommended_selling_price":"1.2","imprint_cost_recommended_selling_quantity":"250"},{"imprint_cost_recommended_selling_price":"1.11","imprint_cost_recommended_selling_quantity":"500"},{"imprint_cost_recommended_selling_price":"1.065","imprint_cost_recommended_selling_quantity":"1000"},{"imprint_cost_recommended_selling_price":"1.005","imprint_cost_recommended_selling_quantity":"2500"},{"imprint_cost_recommended_selling_price":"0.975","imprint_cost_recommended_selling_quantity":"5000"}],"product_quantity_price_range_buying":[{"imprint_cost_general_buying_price":"2.09","imprint_cost_general_buying_quantity":"1"},{"imprint_cost_general_buying_price":"1.59","imprint_cost_general_buying_quantity":"25"},{"imprint_cost_general_buying_price":"1.05","imprint_cost_general_buying_quantity":"50"},{"imprint_cost_general_buying_price":"0.9","imprint_cost_general_buying_quantity":"100"},{"imprint_cost_general_buying_price":"0.8","imprint_cost_general_buying_quantity":"250"},{"imprint_cost_general_buying_price":"0.74","imprint_cost_general_buying_quantity":"500"},{"imprint_cost_general_buying_price":"0.71","imprint_cost_general_buying_quantity":"1000"},{"imprint_cost_general_buying_price":"0.67","imprint_cost_general_buying_quantity":"2500"},{"imprint_cost_general_buying_price":"0.65","imprint_cost_general_buying_quantity":"5000"}],"imprint_cost_setup_costs":"26.25","imprint_cost_handling_costs":"0.09"}]},"aioseo_notices":[],"aioseo_head":"\n\t\t<!-- All in One SEO Pro 4.9.6.2 - aioseo.com -->\n\t<meta name=\"description\" content=\"Dieses nachhaltige Schneidebrett aus europ\u00e4ischem Buchenholz begleitet dich vom Vorbereiten bis zum Servieren. Bei Hidalgo l\u00e4sst du dein Logo pr\u00e4zise aufbringen - ideal als langlebiges Werbegeschenk f\u00fcr 20-40-J\u00e4hrige.\" \/>\n\t<meta name=\"robots\" content=\"max-image-preview:large\" \/>\n\t<link rel=\"canonical\" href=\"https:\/\/hidalgo.nl\/de\/wp-json\/wp\/v2\/product\/161729\" \/>\n\t<meta name=\"generator\" content=\"All in One SEO Pro (AIOSEO) 4.9.6.2\" \/>\n\t\t<meta property=\"og:locale\" content=\"de_DE\" \/>\n\t\t<meta property=\"og:site_name\" content=\"Hidalgo -\" \/>\n\t\t<meta property=\"og:type\" content=\"article\" \/>\n\t\t<meta property=\"og:title\" content=\"Wooosh Tabla snijplank\" \/>\n\t\t<meta property=\"og:description\" content=\"Dieses nachhaltige Schneidebrett aus europ\u00e4ischem Buchenholz begleitet dich vom Vorbereiten bis zum Servieren. Bei Hidalgo l\u00e4sst du dein Logo pr\u00e4zise aufbringen - ideal als langlebiges Werbegeschenk f\u00fcr 20-40-J\u00e4hrige.\" \/>\n\t\t<meta property=\"og:url\" content=\"https:\/\/hidalgo.nl\/de\/wp-json\/wp\/v2\/product\/161729\" \/>\n\t\t<meta property=\"og:image\" content=\"https:\/\/shop.hidalgo.nl\/wp-content\/uploads\/2025\/11\/cropped-Hidalgo-est1993.png\" \/>\n\t\t<meta property=\"og:image:secure_url\" content=\"https:\/\/shop.hidalgo.nl\/wp-content\/uploads\/2025\/11\/cropped-Hidalgo-est1993.png\" \/>\n\t\t<meta property=\"article:published_time\" content=\"2025-07-11T08:07:54+00:00\" \/>\n\t\t<meta property=\"article:modified_time\" content=\"2026-03-21T03:07:32+00:00\" \/>\n\t\t<meta name=\"twitter:card\" content=\"summary_large_image\" \/>\n\t\t<meta name=\"twitter:title\" content=\"Wooosh Tabla snijplank\" \/>\n\t\t<meta name=\"twitter:description\" content=\"Dieses nachhaltige Schneidebrett aus europ\u00e4ischem Buchenholz begleitet dich vom Vorbereiten bis zum Servieren. Bei Hidalgo l\u00e4sst du dein Logo pr\u00e4zise aufbringen - ideal als langlebiges Werbegeschenk f\u00fcr 20-40-J\u00e4hrige.\" \/>\n\t\t<meta name=\"twitter:image\" content=\"https:\/\/shop.hidalgo.nl\/wp-content\/uploads\/2025\/11\/cropped-Hidalgo-est1993.png\" \/>\n\t\t<script type=\"application\/ld+json\" class=\"aioseo-schema\">\n\t\t\t{\"@context\":\"https:\\\/\\\/schema.org\",\"@graph\":[{\"@type\":\"BreadcrumbList\",\"@id\":\"https:\\\/\\\/hidalgo.nl\\\/de\\\/product\\\/wooosh-tabla-snijplank\\\/#breadcrumblist\",\"itemListElement\":[{\"@type\":\"ListItem\",\"@id\":\"https:\\\/\\\/hidalgo.nl\\\/de\\\/#listItem\",\"position\":1,\"name\":\"Home\",\"item\":\"https:\\\/\\\/hidalgo.nl\\\/de\\\/\",\"nextItem\":{\"@type\":\"ListItem\",\"@id\":\"https:\\\/\\\/hidalgo.nl\\\/example\\\/#listItem\",\"name\":\"example\"}},{\"@type\":\"ListItem\",\"@id\":\"https:\\\/\\\/hidalgo.nl\\\/example\\\/#listItem\",\"position\":2,\"name\":\"example\",\"item\":\"https:\\\/\\\/hidalgo.nl\\\/example\\\/\",\"nextItem\":{\"@type\":\"ListItem\",\"@id\":\"https:\\\/\\\/hidalgo.nl\\\/en\\\/product-supplier\\\/a24\\\/#listItem\",\"name\":\"A24\"},\"previousItem\":{\"@type\":\"ListItem\",\"@id\":\"https:\\\/\\\/hidalgo.nl\\\/de\\\/#listItem\",\"name\":\"Home\"}},{\"@type\":\"ListItem\",\"@id\":\"https:\\\/\\\/hidalgo.nl\\\/en\\\/product-supplier\\\/a24\\\/#listItem\",\"position\":3,\"name\":\"A24\",\"item\":\"https:\\\/\\\/hidalgo.nl\\\/en\\\/product-supplier\\\/a24\\\/\",\"nextItem\":{\"@type\":\"ListItem\",\"@id\":\"https:\\\/\\\/hidalgo.nl\\\/de\\\/product\\\/wooosh-tabla-snijplank\\\/#listItem\",\"name\":\"Wooosh Tabla snijplank\"},\"previousItem\":{\"@type\":\"ListItem\",\"@id\":\"https:\\\/\\\/hidalgo.nl\\\/example\\\/#listItem\",\"name\":\"example\"}},{\"@type\":\"ListItem\",\"@id\":\"https:\\\/\\\/hidalgo.nl\\\/de\\\/product\\\/wooosh-tabla-snijplank\\\/#listItem\",\"position\":4,\"name\":\"Wooosh Tabla snijplank\",\"previousItem\":{\"@type\":\"ListItem\",\"@id\":\"https:\\\/\\\/hidalgo.nl\\\/en\\\/product-supplier\\\/a24\\\/#listItem\",\"name\":\"A24\"}}]},{\"@type\":\"Organization\",\"@id\":\"https:\\\/\\\/hidalgo.nl\\\/de\\\/#organization\",\"name\":\"Hidalgo\",\"url\":\"https:\\\/\\\/hidalgo.nl\\\/de\\\/\",\"logo\":{\"@type\":\"ImageObject\",\"url\":\"https:\\\/\\\/shop.hidalgo.nl\\\/wp-content\\\/uploads\\\/2025\\\/11\\\/cropped-Hidalgo-est1993.png\",\"@id\":\"https:\\\/\\\/hidalgo.nl\\\/de\\\/product\\\/wooosh-tabla-snijplank\\\/#organizationLogo\",\"width\":585,\"height\":195},\"image\":{\"@id\":\"https:\\\/\\\/hidalgo.nl\\\/de\\\/product\\\/wooosh-tabla-snijplank\\\/#organizationLogo\"}},{\"@type\":\"ProductGroup\",\"@id\":\"https:\\\/\\\/hidalgo.nl\\\/de\\\/product\\\/wooosh-tabla-snijplank\\\/#wooCommerceProduct\",\"name\":\"Wooosh Tabla snijplank\",\"url\":\"https:\\\/\\\/hidalgo.nl\\\/de\\\/product\\\/wooosh-tabla-snijplank\\\/\",\"brand\":{\"@type\":\"Brand\",\"name\":\"Wooosh\"},\"sku\":\"A24-1180\",\"image\":{\"@type\":\"ImageObject\",\"url\":\"https:\\\/\\\/shop.hidalgo.nl\\\/wp-content\\\/uploads\\\/2025\\\/07\\\/54a7aa6577c88fbfba230d86cb7c8af968047bf266700d269c392f7d309abbf7.jpg\",\"@id\":\"https:\\\/\\\/hidalgo.nl\\\/de\\\/product\\\/wooosh-tabla-snijplank\\\/#productImage\",\"width\":1000,\"height\":1000},\"productGroupID\":161729,\"hasVariant\":[{\"@type\":\"Product\",\"@id\":\"https:\\\/\\\/hidalgo.nl\\\/de\\\/product\\\/wooosh-tabla-snijplank\\\/#wooCommerceProduct\",\"name\":\"Wooosh Tabla snijplank - hout\",\"url\":\"https:\\\/\\\/hidalgo.nl\\\/de\\\/product\\\/wooosh-tabla-snijplank\\\/\",\"sku\":\"A24-118044\",\"image\":{\"@type\":\"ImageObject\",\"url\":\"https:\\\/\\\/shop.hidalgo.nl\\\/wp-content\\\/uploads\\\/2025\\\/07\\\/54a7aa6577c88fbfba230d86cb7c8af968047bf266700d269c392f7d309abbf7.jpg\",\"@id\":\"https:\\\/\\\/hidalgo.nl\\\/de\\\/product\\\/wooosh-tabla-snijplank\\\/#productImage\",\"width\":1000,\"height\":1000},\"offers\":{\"@type\":\"Offer\",\"url\":\"https:\\\/\\\/hidalgo.nl\\\/de\\\/product\\\/wooosh-tabla-snijplank\\\/#wooCommerceOffer\",\"price\":\"11.95\",\"priceCurrency\":\"EUR\",\"category\":\"Promotionele Artikelen\",\"availability\":\"https:\\\/\\\/schema.org\\\/InStock\",\"priceSpecification\":{\"@type\":\"PriceSpecification\",\"price\":11.95,\"priceCurrency\":\"EUR\",\"valueAddedTaxIncluded\":\"true\"}}}]},{\"@type\":\"WebPage\",\"@id\":\"https:\\\/\\\/hidalgo.nl\\\/de\\\/product\\\/wooosh-tabla-snijplank\\\/#webpage\",\"url\":\"https:\\\/\\\/hidalgo.nl\\\/de\\\/product\\\/wooosh-tabla-snijplank\\\/\",\"name\":\"Wooosh Tabla snijplank\",\"description\":\"Dieses nachhaltige Schneidebrett aus europ\\u00e4ischem Buchenholz begleitet dich vom Vorbereiten bis zum Servieren. Bei Hidalgo l\\u00e4sst du dein Logo pr\\u00e4zise aufbringen - ideal als langlebiges Werbegeschenk f\\u00fcr 20-40-J\\u00e4hrige.\",\"inLanguage\":\"de-DE\",\"isPartOf\":{\"@id\":\"https:\\\/\\\/hidalgo.nl\\\/de\\\/#website\"},\"breadcrumb\":{\"@id\":\"https:\\\/\\\/hidalgo.nl\\\/de\\\/product\\\/wooosh-tabla-snijplank\\\/#breadcrumblist\"},\"image\":{\"@type\":\"ImageObject\",\"url\":\"https:\\\/\\\/shop.hidalgo.nl\\\/wp-content\\\/uploads\\\/2025\\\/07\\\/54a7aa6577c88fbfba230d86cb7c8af968047bf266700d269c392f7d309abbf7.jpg\",\"@id\":\"https:\\\/\\\/hidalgo.nl\\\/de\\\/product\\\/wooosh-tabla-snijplank\\\/#mainImage\",\"width\":1000,\"height\":1000},\"primaryImageOfPage\":{\"@id\":\"https:\\\/\\\/hidalgo.nl\\\/de\\\/product\\\/wooosh-tabla-snijplank\\\/#mainImage\"},\"datePublished\":\"2025-07-11T08:07:54+00:00\",\"dateModified\":\"2026-03-21T03:07:32+00:00\"},{\"@type\":\"WebSite\",\"@id\":\"https:\\\/\\\/hidalgo.nl\\\/de\\\/#website\",\"url\":\"https:\\\/\\\/hidalgo.nl\\\/de\\\/\",\"name\":\"Hidalgo\",\"inLanguage\":\"de-DE\",\"publisher\":{\"@id\":\"https:\\\/\\\/hidalgo.nl\\\/de\\\/#organization\"}}]}\n\t\t<\/script>\n\t\t<!-- All in One SEO Pro -->\r\n\t\t<title>Wooosh Tabla snijplank<\/title>\n\n","aioseo_head_json":{"title":"Wooosh Tabla snijplank","description":"Dieses nachhaltige Schneidebrett aus europ\u00e4ischem Buchenholz begleitet dich vom Vorbereiten bis zum Servieren. Bei Hidalgo l\u00e4sst du dein Logo pr\u00e4zise aufbringen - ideal als langlebiges Werbegeschenk f\u00fcr 20-40-J\u00e4hrige.","canonical_url":"https:\/\/hidalgo.nl\/de\/wp-json\/wp\/v2\/product\/161729","robots":"max-image-preview:large","keywords":"","webmasterTools":{"miscellaneous":""},"schema":{"@context":"https:\/\/schema.org","@graph":[{"@type":"BreadcrumbList","@id":"https:\/\/hidalgo.nl\/de\/product\/wooosh-tabla-snijplank\/#breadcrumblist","itemListElement":[{"@type":"ListItem","@id":"https:\/\/hidalgo.nl\/de\/#listItem","position":1,"name":"Home","item":"https:\/\/hidalgo.nl\/de\/","nextItem":{"@type":"ListItem","@id":"https:\/\/hidalgo.nl\/example\/#listItem","name":"example"}},{"@type":"ListItem","@id":"https:\/\/hidalgo.nl\/example\/#listItem","position":2,"name":"example","item":"https:\/\/hidalgo.nl\/example\/","nextItem":{"@type":"ListItem","@id":"https:\/\/hidalgo.nl\/en\/product-supplier\/a24\/#listItem","name":"A24"},"previousItem":{"@type":"ListItem","@id":"https:\/\/hidalgo.nl\/de\/#listItem","name":"Home"}},{"@type":"ListItem","@id":"https:\/\/hidalgo.nl\/en\/product-supplier\/a24\/#listItem","position":3,"name":"A24","item":"https:\/\/hidalgo.nl\/en\/product-supplier\/a24\/","nextItem":{"@type":"ListItem","@id":"https:\/\/hidalgo.nl\/de\/product\/wooosh-tabla-snijplank\/#listItem","name":"Wooosh Tabla snijplank"},"previousItem":{"@type":"ListItem","@id":"https:\/\/hidalgo.nl\/example\/#listItem","name":"example"}},{"@type":"ListItem","@id":"https:\/\/hidalgo.nl\/de\/product\/wooosh-tabla-snijplank\/#listItem","position":4,"name":"Wooosh Tabla snijplank","previousItem":{"@type":"ListItem","@id":"https:\/\/hidalgo.nl\/en\/product-supplier\/a24\/#listItem","name":"A24"}}]},{"@type":"Organization","@id":"https:\/\/hidalgo.nl\/de\/#organization","name":"Hidalgo","url":"https:\/\/hidalgo.nl\/de\/","logo":{"@type":"ImageObject","url":"https:\/\/shop.hidalgo.nl\/wp-content\/uploads\/2025\/11\/cropped-Hidalgo-est1993.png","@id":"https:\/\/hidalgo.nl\/de\/product\/wooosh-tabla-snijplank\/#organizationLogo","width":585,"height":195},"image":{"@id":"https:\/\/hidalgo.nl\/de\/product\/wooosh-tabla-snijplank\/#organizationLogo"}},{"@type":"ProductGroup","@id":"https:\/\/hidalgo.nl\/de\/product\/wooosh-tabla-snijplank\/#wooCommerceProduct","name":"Wooosh Tabla snijplank","url":"https:\/\/hidalgo.nl\/de\/product\/wooosh-tabla-snijplank\/","brand":{"@type":"Brand","name":"Wooosh"},"sku":"A24-1180","image":{"@type":"ImageObject","url":"https:\/\/shop.hidalgo.nl\/wp-content\/uploads\/2025\/07\/54a7aa6577c88fbfba230d86cb7c8af968047bf266700d269c392f7d309abbf7.jpg","@id":"https:\/\/hidalgo.nl\/de\/product\/wooosh-tabla-snijplank\/#productImage","width":1000,"height":1000},"productGroupID":161729,"hasVariant":[{"@type":"Product","@id":"https:\/\/hidalgo.nl\/de\/product\/wooosh-tabla-snijplank\/#wooCommerceProduct","name":"Wooosh Tabla snijplank - hout","url":"https:\/\/hidalgo.nl\/de\/product\/wooosh-tabla-snijplank\/","sku":"A24-118044","image":{"@type":"ImageObject","url":"https:\/\/shop.hidalgo.nl\/wp-content\/uploads\/2025\/07\/54a7aa6577c88fbfba230d86cb7c8af968047bf266700d269c392f7d309abbf7.jpg","@id":"https:\/\/hidalgo.nl\/de\/product\/wooosh-tabla-snijplank\/#productImage","width":1000,"height":1000},"offers":{"@type":"Offer","url":"https:\/\/hidalgo.nl\/de\/product\/wooosh-tabla-snijplank\/#wooCommerceOffer","price":"11.95","priceCurrency":"EUR","category":"Promotionele Artikelen","availability":"https:\/\/schema.org\/InStock","priceSpecification":{"@type":"PriceSpecification","price":11.95,"priceCurrency":"EUR","valueAddedTaxIncluded":"true"}}}]},{"@type":"WebPage","@id":"https:\/\/hidalgo.nl\/de\/product\/wooosh-tabla-snijplank\/#webpage","url":"https:\/\/hidalgo.nl\/de\/product\/wooosh-tabla-snijplank\/","name":"Wooosh Tabla snijplank","description":"Dieses nachhaltige Schneidebrett aus europ\u00e4ischem Buchenholz begleitet dich vom Vorbereiten bis zum Servieren. Bei Hidalgo l\u00e4sst du dein Logo pr\u00e4zise aufbringen - ideal als langlebiges Werbegeschenk f\u00fcr 20-40-J\u00e4hrige.","inLanguage":"de-DE","isPartOf":{"@id":"https:\/\/hidalgo.nl\/de\/#website"},"breadcrumb":{"@id":"https:\/\/hidalgo.nl\/de\/product\/wooosh-tabla-snijplank\/#breadcrumblist"},"image":{"@type":"ImageObject","url":"https:\/\/shop.hidalgo.nl\/wp-content\/uploads\/2025\/07\/54a7aa6577c88fbfba230d86cb7c8af968047bf266700d269c392f7d309abbf7.jpg","@id":"https:\/\/hidalgo.nl\/de\/product\/wooosh-tabla-snijplank\/#mainImage","width":1000,"height":1000},"primaryImageOfPage":{"@id":"https:\/\/hidalgo.nl\/de\/product\/wooosh-tabla-snijplank\/#mainImage"},"datePublished":"2025-07-11T08:07:54+00:00","dateModified":"2026-03-21T03:07:32+00:00"},{"@type":"WebSite","@id":"https:\/\/hidalgo.nl\/de\/#website","url":"https:\/\/hidalgo.nl\/de\/","name":"Hidalgo","inLanguage":"de-DE","publisher":{"@id":"https:\/\/hidalgo.nl\/de\/#organization"}}]},"og:locale":"de_DE","og:site_name":"Hidalgo -","og:type":"article","og:title":"Wooosh Tabla snijplank","og:description":"Dieses nachhaltige Schneidebrett aus europ\u00e4ischem Buchenholz begleitet dich vom Vorbereiten bis zum Servieren. Bei Hidalgo l\u00e4sst du dein Logo pr\u00e4zise aufbringen - ideal als langlebiges Werbegeschenk f\u00fcr 20-40-J\u00e4hrige.","og:url":"https:\/\/hidalgo.nl\/de\/wp-json\/wp\/v2\/product\/161729","og:image":"https:\/\/shop.hidalgo.nl\/wp-content\/uploads\/2025\/11\/cropped-Hidalgo-est1993.png","og:image:secure_url":"https:\/\/shop.hidalgo.nl\/wp-content\/uploads\/2025\/11\/cropped-Hidalgo-est1993.png","article:published_time":"2025-07-11T08:07:54+00:00","article:modified_time":"2026-03-21T03:07:32+00:00","twitter:card":"summary_large_image","twitter:title":"Wooosh Tabla snijplank","twitter:description":"Dieses nachhaltige Schneidebrett aus europ\u00e4ischem Buchenholz begleitet dich vom Vorbereiten bis zum Servieren. Bei Hidalgo l\u00e4sst du dein Logo pr\u00e4zise aufbringen - ideal als langlebiges Werbegeschenk f\u00fcr 20-40-J\u00e4hrige.","twitter:image":"https:\/\/shop.hidalgo.nl\/wp-content\/uploads\/2025\/11\/cropped-Hidalgo-est1993.png"},"aioseo_meta_data":{"post_id":"161729","title":null,"description":null,"keywords":null,"keyphrases":null,"primary_term":null,"canonical_url":null,"og_title":null,"og_description":null,"og_object_type":"default","og_image_type":"default","og_image_url":null,"og_image_width":null,"og_image_height":null,"og_image_custom_url":null,"og_image_custom_fields":null,"og_video":null,"og_custom_url":null,"og_article_section":null,"og_article_tags":null,"twitter_use_og":false,"twitter_card":"default","twitter_image_type":"default","twitter_image_url":null,"twitter_image_custom_url":null,"twitter_image_custom_fields":null,"twitter_title":null,"twitter_description":null,"schema":{"blockGraphs":[],"customGraphs":[],"default":{"data":{"Article":[],"Course":[],"Dataset":[],"FAQPage":[],"Movie":[],"Person":[],"Product":[],"ProductReview":[],"Car":[],"Recipe":[],"Service":[],"SoftwareApplication":[],"WebPage":[]},"graphName":"","isEnabled":true},"graphs":[]},"schema_type":"default","schema_type_options":null,"pillar_content":false,"robots_default":true,"robots_noindex":false,"robots_noarchive":false,"robots_nosnippet":false,"robots_nofollow":false,"robots_noimageindex":false,"robots_noodp":false,"robots_notranslate":false,"robots_max_snippet":null,"robots_max_videopreview":null,"robots_max_imagepreview":"large","priority":null,"frequency":null,"local_seo":null,"seo_analyzer_scan_date":"2026-01-22 14:59:11","breadcrumb_settings":null,"limit_modified_date":false,"reviewed_by":null,"open_ai":null,"ai":null,"created":"2026-01-14 07:02:59","updated":"2026-04-23 00:26:54"},"aioseo_breadcrumb":"<div class=\"aioseo-breadcrumbs\"><span class=\"aioseo-breadcrumb\">\n\t<a href=\"https:\/\/hidalgo.nl\/de\/\" title=\"Home\">Home<\/a>\n<\/span><span class=\"aioseo-breadcrumb-separator\">\u00bb<\/span><span class=\"aioseo-breadcrumb\">\n\t<a href=\"https:\/\/hidalgo.nl\/example\/\" title=\"example\">example<\/a>\n<\/span><span class=\"aioseo-breadcrumb-separator\">\u00bb<\/span><span class=\"aioseo-breadcrumb\">\n\t<a href=\"https:\/\/hidalgo.nl\/en\/product-supplier\/a24\/\" title=\"A24\">A24<\/a>\n<\/span><span class=\"aioseo-breadcrumb-separator\">\u00bb<\/span><span class=\"aioseo-breadcrumb\">\n\tWooosh Tabla snijplank\n<\/span><\/div>","aioseo_breadcrumb_json":[{"label":"Home","link":"https:\/\/hidalgo.nl\/de\/"},{"label":"example","link":"https:\/\/hidalgo.nl\/example\/"},{"label":"A24","link":"https:\/\/hidalgo.nl\/en\/product-supplier\/a24\/"},{"label":"Wooosh Tabla snijplank","link":"https:\/\/hidalgo.nl\/de\/product\/wooosh-tabla-snijplank\/"}],"_links":{"self":[{"href":"https:\/\/hidalgo.nl\/de\/wp-json\/wp\/v2\/product\/161729","targetHints":{"allow":["GET"]}}],"collection":[{"href":"https:\/\/hidalgo.nl\/de\/wp-json\/wp\/v2\/product"}],"about":[{"href":"https:\/\/hidalgo.nl\/de\/wp-json\/wp\/v2\/types\/product"}],"wp:featuredmedia":[{"embeddable":true,"href":"https:\/\/hidalgo.nl\/de\/wp-json\/wp\/v2\/media\/161730"}],"wp:attachment":[{"href":"https:\/\/hidalgo.nl\/de\/wp-json\/wp\/v2\/media?parent=161729"}],"wp:term":[{"taxonomy":"product_brand","embeddable":true,"href":"https:\/\/hidalgo.nl\/de\/wp-json\/wp\/v2\/product_brand?post=161729"},{"taxonomy":"product_cat","embeddable":true,"href":"https:\/\/hidalgo.nl\/de\/wp-json\/wp\/v2\/product_cat?post=161729"},{"taxonomy":"product_tag","embeddable":true,"href":"https:\/\/hidalgo.nl\/de\/wp-json\/wp\/v2\/product_tag?post=161729"}],"curies":[{"name":"wp","href":"https:\/\/api.w.org\/{rel}","templated":true}]}}