{"id":161651,"date":"2025-07-11T08:03:19","date_gmt":"2025-07-11T08:03:19","guid":{"rendered":"http:\/\/bidonsenshakers.pim.hidalgo.nl\/product\/cabin-trolley-bag-reistas\/"},"modified":"2026-03-21T03:05:32","modified_gmt":"2026-03-21T03:05:32","slug":"cabin-trolley-bag-reistas","status":"publish","type":"product","link":"https:\/\/hidalgo.nl\/de\/product\/cabin-trolley-bag-reistas\/","title":{"rendered":"Cabin Trolley Bag reistas"},"content":{"rendered":"<p>Praktische, cabine goedgekeurde, 18\u201d trolley-\/weekendtas van 600D polyester. Met uitschuifbare handgreep, 2 wielen, draaglussen en een handgreep. Dit biedt de mogelijkheid om de tas op verschillende manieren te vervoeren. De tas heeft een royaal hoofdvak, 2 ritsvakken en een gaasvak met rits aan de binnenzijde. Inhoud ca. 35 liter.<\/p>\n","protected":false},"excerpt":{"rendered":"<p>Praktische, cabine goedgekeurde, 18\u201d trolley-\/weekendtas van 600D polyester. Met uitschuifbare handgreep, 2 wielen, draaglussen en een handgreep. Dit biedt de mogelijkheid om de tas op verschillende manieren te vervoeren. De tas heeft een royaal hoofdvak, 2 ritsvakken en een gaasvak met rits aan de binnenzijde. Inhoud ca. 35 liter.<\/p>\n","protected":false},"featured_media":161652,"template":"","meta":{"_acf_changed":false,"om_disable_all_campaigns":false,"_monsterinsights_skip_tracking":false,"_monsterinsights_sitenote_active":false,"_monsterinsights_sitenote_note":"","_monsterinsights_sitenote_category":0},"product_brand":[],"product_cat":[4816,4713,4930],"product_tag":[],"class_list":{"0":"post-161651","1":"product","2":"type-product","3":"status-publish","4":"has-post-thumbnail","6":"product_supplier-a24","7":"product_material-600d-polyester","8":"product_cat-reistassen-en-koffers","9":"product_cat-tassen","10":"product_cat-reistassen-en-koffers-trolleys","11":"entry","13":"first","14":"instock","15":"taxable","16":"shipping-taxable","17":"purchasable","18":"product-type-variable"},"acf":{"imprint_cost":[{"imprint_cost_key":"c3aad80ba7d5d83f47ad372cd0a275af3252db8a","product_quantity_price_range":[{"imprint_cost_recommended_selling_price":"2.34","imprint_cost_recommended_selling_quantity":"1"},{"imprint_cost_recommended_selling_price":"2.07","imprint_cost_recommended_selling_quantity":"25"},{"imprint_cost_recommended_selling_price":"1.44","imprint_cost_recommended_selling_quantity":"50"},{"imprint_cost_recommended_selling_price":"0.96","imprint_cost_recommended_selling_quantity":"100"},{"imprint_cost_recommended_selling_price":"0.75","imprint_cost_recommended_selling_quantity":"250"},{"imprint_cost_recommended_selling_price":"0.63","imprint_cost_recommended_selling_quantity":"500"},{"imprint_cost_recommended_selling_price":"0.57","imprint_cost_recommended_selling_quantity":"1000"},{"imprint_cost_recommended_selling_price":"0.465","imprint_cost_recommended_selling_quantity":"2500"},{"imprint_cost_recommended_selling_price":"0.435","imprint_cost_recommended_selling_quantity":"5000"}],"product_quantity_price_range_buying":[{"imprint_cost_general_buying_price":"1.56","imprint_cost_general_buying_quantity":"1"},{"imprint_cost_general_buying_price":"1.38","imprint_cost_general_buying_quantity":"25"},{"imprint_cost_general_buying_price":"0.96","imprint_cost_general_buying_quantity":"50"},{"imprint_cost_general_buying_price":"0.64","imprint_cost_general_buying_quantity":"100"},{"imprint_cost_general_buying_price":"0.5","imprint_cost_general_buying_quantity":"250"},{"imprint_cost_general_buying_price":"0.42","imprint_cost_general_buying_quantity":"500"},{"imprint_cost_general_buying_price":"0.38","imprint_cost_general_buying_quantity":"1000"},{"imprint_cost_general_buying_price":"0.31","imprint_cost_general_buying_quantity":"2500"},{"imprint_cost_general_buying_price":"0.29","imprint_cost_general_buying_quantity":"5000"}],"imprint_cost_setup_costs":"45","imprint_cost_handling_costs":"0.12"},{"imprint_cost_key":"37f09693d21583e8a4c80e7b272c0be50b5fb80d","product_quantity_price_range":[{"imprint_cost_recommended_selling_price":"2.34","imprint_cost_recommended_selling_quantity":"1"},{"imprint_cost_recommended_selling_price":"2.07","imprint_cost_recommended_selling_quantity":"25"},{"imprint_cost_recommended_selling_price":"1.44","imprint_cost_recommended_selling_quantity":"50"},{"imprint_cost_recommended_selling_price":"0.96","imprint_cost_recommended_selling_quantity":"100"},{"imprint_cost_recommended_selling_price":"0.75","imprint_cost_recommended_selling_quantity":"250"},{"imprint_cost_recommended_selling_price":"0.63","imprint_cost_recommended_selling_quantity":"500"},{"imprint_cost_recommended_selling_price":"0.57","imprint_cost_recommended_selling_quantity":"1000"},{"imprint_cost_recommended_selling_price":"0.465","imprint_cost_recommended_selling_quantity":"2500"},{"imprint_cost_recommended_selling_price":"0.435","imprint_cost_recommended_selling_quantity":"5000"}],"product_quantity_price_range_buying":[{"imprint_cost_general_buying_price":"1.56","imprint_cost_general_buying_quantity":"1"},{"imprint_cost_general_buying_price":"1.38","imprint_cost_general_buying_quantity":"25"},{"imprint_cost_general_buying_price":"0.96","imprint_cost_general_buying_quantity":"50"},{"imprint_cost_general_buying_price":"0.64","imprint_cost_general_buying_quantity":"100"},{"imprint_cost_general_buying_price":"0.5","imprint_cost_general_buying_quantity":"250"},{"imprint_cost_general_buying_price":"0.42","imprint_cost_general_buying_quantity":"500"},{"imprint_cost_general_buying_price":"0.38","imprint_cost_general_buying_quantity":"1000"},{"imprint_cost_general_buying_price":"0.31","imprint_cost_general_buying_quantity":"2500"},{"imprint_cost_general_buying_price":"0.29","imprint_cost_general_buying_quantity":"5000"}],"imprint_cost_setup_costs":"45","imprint_cost_handling_costs":"0.12"}]},"aioseo_notices":[],"aioseo_head":"\n\t\t<!-- All in One SEO Pro 4.9.6.2 - aioseo.com -->\n\t<meta name=\"description\" content=\"F\u00fcr Gesch\u00e4ftsreisen und Wochenenden: robuste Reisetasche mit Rollen aus 600D-Polyester, ca. 35 Liter, handgep\u00e4ckgeeignet. Du ziehst sie dank Teleskopgriff m\u00fchelos durch den Flughafen. Hidalgo bedruckt dein Logo f\u00fcr klare Sichtbarkeit auf Reisen.\" \/>\n\t<meta name=\"robots\" content=\"max-image-preview:large\" \/>\n\t<link rel=\"canonical\" href=\"https:\/\/hidalgo.nl\/de\/wp-json\/wp\/v2\/product\/161651\" \/>\n\t<meta name=\"generator\" content=\"All in One SEO Pro (AIOSEO) 4.9.6.2\" \/>\n\t\t<meta property=\"og:locale\" content=\"de_DE\" \/>\n\t\t<meta property=\"og:site_name\" content=\"Hidalgo -\" \/>\n\t\t<meta property=\"og:type\" content=\"article\" \/>\n\t\t<meta property=\"og:title\" content=\"Cabin Trolley Bag reistas\" \/>\n\t\t<meta property=\"og:description\" content=\"F\u00fcr Gesch\u00e4ftsreisen und Wochenenden: robuste Reisetasche mit Rollen aus 600D-Polyester, ca. 35 Liter, handgep\u00e4ckgeeignet. Du ziehst sie dank Teleskopgriff m\u00fchelos durch den Flughafen. Hidalgo bedruckt dein Logo f\u00fcr klare Sichtbarkeit auf Reisen.\" \/>\n\t\t<meta property=\"og:url\" content=\"https:\/\/hidalgo.nl\/de\/wp-json\/wp\/v2\/product\/161651\" \/>\n\t\t<meta property=\"og:image\" content=\"https:\/\/shop.hidalgo.nl\/wp-content\/uploads\/2025\/11\/cropped-Hidalgo-est1993.png\" \/>\n\t\t<meta property=\"og:image:secure_url\" content=\"https:\/\/shop.hidalgo.nl\/wp-content\/uploads\/2025\/11\/cropped-Hidalgo-est1993.png\" \/>\n\t\t<meta property=\"article:published_time\" content=\"2025-07-11T08:03:19+00:00\" \/>\n\t\t<meta property=\"article:modified_time\" content=\"2026-03-21T03:05:32+00:00\" \/>\n\t\t<meta name=\"twitter:card\" content=\"summary_large_image\" \/>\n\t\t<meta name=\"twitter:title\" content=\"Cabin Trolley Bag reistas\" \/>\n\t\t<meta name=\"twitter:description\" content=\"F\u00fcr Gesch\u00e4ftsreisen und Wochenenden: robuste Reisetasche mit Rollen aus 600D-Polyester, ca. 35 Liter, handgep\u00e4ckgeeignet. Du ziehst sie dank Teleskopgriff m\u00fchelos durch den Flughafen. Hidalgo bedruckt dein Logo f\u00fcr klare Sichtbarkeit auf Reisen.\" \/>\n\t\t<meta name=\"twitter:image\" content=\"https:\/\/shop.hidalgo.nl\/wp-content\/uploads\/2025\/11\/cropped-Hidalgo-est1993.png\" \/>\n\t\t<script type=\"application\/ld+json\" class=\"aioseo-schema\">\n\t\t\t{\"@context\":\"https:\\\/\\\/schema.org\",\"@graph\":[{\"@type\":\"BreadcrumbList\",\"@id\":\"https:\\\/\\\/hidalgo.nl\\\/de\\\/product\\\/cabin-trolley-bag-reistas\\\/#breadcrumblist\",\"itemListElement\":[{\"@type\":\"ListItem\",\"@id\":\"https:\\\/\\\/hidalgo.nl\\\/de\\\/#listItem\",\"position\":1,\"name\":\"Home\",\"item\":\"https:\\\/\\\/hidalgo.nl\\\/de\\\/\",\"nextItem\":{\"@type\":\"ListItem\",\"@id\":\"https:\\\/\\\/hidalgo.nl\\\/example\\\/#listItem\",\"name\":\"example\"}},{\"@type\":\"ListItem\",\"@id\":\"https:\\\/\\\/hidalgo.nl\\\/example\\\/#listItem\",\"position\":2,\"name\":\"example\",\"item\":\"https:\\\/\\\/hidalgo.nl\\\/example\\\/\",\"nextItem\":{\"@type\":\"ListItem\",\"@id\":\"https:\\\/\\\/hidalgo.nl\\\/en\\\/product-supplier\\\/a24\\\/#listItem\",\"name\":\"A24\"},\"previousItem\":{\"@type\":\"ListItem\",\"@id\":\"https:\\\/\\\/hidalgo.nl\\\/de\\\/#listItem\",\"name\":\"Home\"}},{\"@type\":\"ListItem\",\"@id\":\"https:\\\/\\\/hidalgo.nl\\\/en\\\/product-supplier\\\/a24\\\/#listItem\",\"position\":3,\"name\":\"A24\",\"item\":\"https:\\\/\\\/hidalgo.nl\\\/en\\\/product-supplier\\\/a24\\\/\",\"nextItem\":{\"@type\":\"ListItem\",\"@id\":\"https:\\\/\\\/hidalgo.nl\\\/de\\\/product\\\/cabin-trolley-bag-reistas\\\/#listItem\",\"name\":\"Cabin Trolley Bag reistas\"},\"previousItem\":{\"@type\":\"ListItem\",\"@id\":\"https:\\\/\\\/hidalgo.nl\\\/example\\\/#listItem\",\"name\":\"example\"}},{\"@type\":\"ListItem\",\"@id\":\"https:\\\/\\\/hidalgo.nl\\\/de\\\/product\\\/cabin-trolley-bag-reistas\\\/#listItem\",\"position\":4,\"name\":\"Cabin Trolley Bag reistas\",\"previousItem\":{\"@type\":\"ListItem\",\"@id\":\"https:\\\/\\\/hidalgo.nl\\\/en\\\/product-supplier\\\/a24\\\/#listItem\",\"name\":\"A24\"}}]},{\"@type\":\"Organization\",\"@id\":\"https:\\\/\\\/hidalgo.nl\\\/de\\\/#organization\",\"name\":\"Hidalgo\",\"url\":\"https:\\\/\\\/hidalgo.nl\\\/de\\\/\",\"logo\":{\"@type\":\"ImageObject\",\"url\":\"https:\\\/\\\/shop.hidalgo.nl\\\/wp-content\\\/uploads\\\/2025\\\/11\\\/cropped-Hidalgo-est1993.png\",\"@id\":\"https:\\\/\\\/hidalgo.nl\\\/de\\\/product\\\/cabin-trolley-bag-reistas\\\/#organizationLogo\",\"width\":585,\"height\":195},\"image\":{\"@id\":\"https:\\\/\\\/hidalgo.nl\\\/de\\\/product\\\/cabin-trolley-bag-reistas\\\/#organizationLogo\"}},{\"@type\":\"ProductGroup\",\"@id\":\"https:\\\/\\\/hidalgo.nl\\\/de\\\/product\\\/cabin-trolley-bag-reistas\\\/#wooCommerceProduct\",\"name\":\"Cabin Trolley Bag reistas\",\"url\":\"https:\\\/\\\/hidalgo.nl\\\/de\\\/product\\\/cabin-trolley-bag-reistas\\\/\",\"sku\":\"A24-1175\",\"image\":{\"@type\":\"ImageObject\",\"url\":\"https:\\\/\\\/shop.hidalgo.nl\\\/wp-content\\\/uploads\\\/2025\\\/07\\\/a44a3763299d421af984f2173fe990e0de500d565de89902dd40f33160e6df31.jpg\",\"@id\":\"https:\\\/\\\/hidalgo.nl\\\/de\\\/product\\\/cabin-trolley-bag-reistas\\\/#productImage\",\"width\":1000,\"height\":1000},\"productGroupID\":161651,\"hasVariant\":[{\"@type\":\"Product\",\"@id\":\"https:\\\/\\\/hidalgo.nl\\\/de\\\/product\\\/cabin-trolley-bag-reistas\\\/#wooCommerceProduct\",\"name\":\"Cabin Trolley Bag reistas - zwart\",\"url\":\"https:\\\/\\\/hidalgo.nl\\\/de\\\/product\\\/cabin-trolley-bag-reistas\\\/\",\"sku\":\"A24-117598\",\"image\":{\"@type\":\"ImageObject\",\"url\":\"https:\\\/\\\/shop.hidalgo.nl\\\/wp-content\\\/uploads\\\/2025\\\/07\\\/a44a3763299d421af984f2173fe990e0de500d565de89902dd40f33160e6df31.jpg\",\"@id\":\"https:\\\/\\\/hidalgo.nl\\\/de\\\/product\\\/cabin-trolley-bag-reistas\\\/#productImage\",\"width\":1000,\"height\":1000},\"offers\":{\"@type\":\"Offer\",\"url\":\"https:\\\/\\\/hidalgo.nl\\\/de\\\/product\\\/cabin-trolley-bag-reistas\\\/#wooCommerceOffer\",\"price\":\"41.95\",\"priceCurrency\":\"EUR\",\"category\":\"Tassen\",\"availability\":\"https:\\\/\\\/schema.org\\\/InStock\",\"priceSpecification\":{\"@type\":\"PriceSpecification\",\"price\":41.95,\"priceCurrency\":\"EUR\",\"valueAddedTaxIncluded\":\"true\"}}}]},{\"@type\":\"WebPage\",\"@id\":\"https:\\\/\\\/hidalgo.nl\\\/de\\\/product\\\/cabin-trolley-bag-reistas\\\/#webpage\",\"url\":\"https:\\\/\\\/hidalgo.nl\\\/de\\\/product\\\/cabin-trolley-bag-reistas\\\/\",\"name\":\"Cabin Trolley Bag reistas\",\"description\":\"F\\u00fcr Gesch\\u00e4ftsreisen und Wochenenden: robuste Reisetasche mit Rollen aus 600D-Polyester, ca. 35 Liter, handgep\\u00e4ckgeeignet. Du ziehst sie dank Teleskopgriff m\\u00fchelos durch den Flughafen. Hidalgo bedruckt dein Logo f\\u00fcr klare Sichtbarkeit auf Reisen.\",\"inLanguage\":\"de-DE\",\"isPartOf\":{\"@id\":\"https:\\\/\\\/hidalgo.nl\\\/de\\\/#website\"},\"breadcrumb\":{\"@id\":\"https:\\\/\\\/hidalgo.nl\\\/de\\\/product\\\/cabin-trolley-bag-reistas\\\/#breadcrumblist\"},\"image\":{\"@type\":\"ImageObject\",\"url\":\"https:\\\/\\\/shop.hidalgo.nl\\\/wp-content\\\/uploads\\\/2025\\\/07\\\/a44a3763299d421af984f2173fe990e0de500d565de89902dd40f33160e6df31.jpg\",\"@id\":\"https:\\\/\\\/hidalgo.nl\\\/de\\\/product\\\/cabin-trolley-bag-reistas\\\/#mainImage\",\"width\":1000,\"height\":1000},\"primaryImageOfPage\":{\"@id\":\"https:\\\/\\\/hidalgo.nl\\\/de\\\/product\\\/cabin-trolley-bag-reistas\\\/#mainImage\"},\"datePublished\":\"2025-07-11T08:03:19+00:00\",\"dateModified\":\"2026-03-21T03:05:32+00:00\"},{\"@type\":\"WebSite\",\"@id\":\"https:\\\/\\\/hidalgo.nl\\\/de\\\/#website\",\"url\":\"https:\\\/\\\/hidalgo.nl\\\/de\\\/\",\"name\":\"Hidalgo\",\"inLanguage\":\"de-DE\",\"publisher\":{\"@id\":\"https:\\\/\\\/hidalgo.nl\\\/de\\\/#organization\"}}]}\n\t\t<\/script>\n\t\t<!-- All in One SEO Pro -->\r\n\t\t<title>Cabin Trolley Bag reistas<\/title>\n\n","aioseo_head_json":{"title":"Cabin Trolley Bag reistas","description":"F\u00fcr Gesch\u00e4ftsreisen und Wochenenden: robuste Reisetasche mit Rollen aus 600D-Polyester, ca. 35 Liter, handgep\u00e4ckgeeignet. Du ziehst sie dank Teleskopgriff m\u00fchelos durch den Flughafen. Hidalgo bedruckt dein Logo f\u00fcr klare Sichtbarkeit auf Reisen.","canonical_url":"https:\/\/hidalgo.nl\/de\/wp-json\/wp\/v2\/product\/161651","robots":"max-image-preview:large","keywords":"","webmasterTools":{"miscellaneous":""},"schema":{"@context":"https:\/\/schema.org","@graph":[{"@type":"BreadcrumbList","@id":"https:\/\/hidalgo.nl\/de\/product\/cabin-trolley-bag-reistas\/#breadcrumblist","itemListElement":[{"@type":"ListItem","@id":"https:\/\/hidalgo.nl\/de\/#listItem","position":1,"name":"Home","item":"https:\/\/hidalgo.nl\/de\/","nextItem":{"@type":"ListItem","@id":"https:\/\/hidalgo.nl\/example\/#listItem","name":"example"}},{"@type":"ListItem","@id":"https:\/\/hidalgo.nl\/example\/#listItem","position":2,"name":"example","item":"https:\/\/hidalgo.nl\/example\/","nextItem":{"@type":"ListItem","@id":"https:\/\/hidalgo.nl\/en\/product-supplier\/a24\/#listItem","name":"A24"},"previousItem":{"@type":"ListItem","@id":"https:\/\/hidalgo.nl\/de\/#listItem","name":"Home"}},{"@type":"ListItem","@id":"https:\/\/hidalgo.nl\/en\/product-supplier\/a24\/#listItem","position":3,"name":"A24","item":"https:\/\/hidalgo.nl\/en\/product-supplier\/a24\/","nextItem":{"@type":"ListItem","@id":"https:\/\/hidalgo.nl\/de\/product\/cabin-trolley-bag-reistas\/#listItem","name":"Cabin Trolley Bag reistas"},"previousItem":{"@type":"ListItem","@id":"https:\/\/hidalgo.nl\/example\/#listItem","name":"example"}},{"@type":"ListItem","@id":"https:\/\/hidalgo.nl\/de\/product\/cabin-trolley-bag-reistas\/#listItem","position":4,"name":"Cabin Trolley Bag reistas","previousItem":{"@type":"ListItem","@id":"https:\/\/hidalgo.nl\/en\/product-supplier\/a24\/#listItem","name":"A24"}}]},{"@type":"Organization","@id":"https:\/\/hidalgo.nl\/de\/#organization","name":"Hidalgo","url":"https:\/\/hidalgo.nl\/de\/","logo":{"@type":"ImageObject","url":"https:\/\/shop.hidalgo.nl\/wp-content\/uploads\/2025\/11\/cropped-Hidalgo-est1993.png","@id":"https:\/\/hidalgo.nl\/de\/product\/cabin-trolley-bag-reistas\/#organizationLogo","width":585,"height":195},"image":{"@id":"https:\/\/hidalgo.nl\/de\/product\/cabin-trolley-bag-reistas\/#organizationLogo"}},{"@type":"ProductGroup","@id":"https:\/\/hidalgo.nl\/de\/product\/cabin-trolley-bag-reistas\/#wooCommerceProduct","name":"Cabin Trolley Bag reistas","url":"https:\/\/hidalgo.nl\/de\/product\/cabin-trolley-bag-reistas\/","sku":"A24-1175","image":{"@type":"ImageObject","url":"https:\/\/shop.hidalgo.nl\/wp-content\/uploads\/2025\/07\/a44a3763299d421af984f2173fe990e0de500d565de89902dd40f33160e6df31.jpg","@id":"https:\/\/hidalgo.nl\/de\/product\/cabin-trolley-bag-reistas\/#productImage","width":1000,"height":1000},"productGroupID":161651,"hasVariant":[{"@type":"Product","@id":"https:\/\/hidalgo.nl\/de\/product\/cabin-trolley-bag-reistas\/#wooCommerceProduct","name":"Cabin Trolley Bag reistas - zwart","url":"https:\/\/hidalgo.nl\/de\/product\/cabin-trolley-bag-reistas\/","sku":"A24-117598","image":{"@type":"ImageObject","url":"https:\/\/shop.hidalgo.nl\/wp-content\/uploads\/2025\/07\/a44a3763299d421af984f2173fe990e0de500d565de89902dd40f33160e6df31.jpg","@id":"https:\/\/hidalgo.nl\/de\/product\/cabin-trolley-bag-reistas\/#productImage","width":1000,"height":1000},"offers":{"@type":"Offer","url":"https:\/\/hidalgo.nl\/de\/product\/cabin-trolley-bag-reistas\/#wooCommerceOffer","price":"41.95","priceCurrency":"EUR","category":"Tassen","availability":"https:\/\/schema.org\/InStock","priceSpecification":{"@type":"PriceSpecification","price":41.95,"priceCurrency":"EUR","valueAddedTaxIncluded":"true"}}}]},{"@type":"WebPage","@id":"https:\/\/hidalgo.nl\/de\/product\/cabin-trolley-bag-reistas\/#webpage","url":"https:\/\/hidalgo.nl\/de\/product\/cabin-trolley-bag-reistas\/","name":"Cabin Trolley Bag reistas","description":"F\u00fcr Gesch\u00e4ftsreisen und Wochenenden: robuste Reisetasche mit Rollen aus 600D-Polyester, ca. 35 Liter, handgep\u00e4ckgeeignet. Du ziehst sie dank Teleskopgriff m\u00fchelos durch den Flughafen. Hidalgo bedruckt dein Logo f\u00fcr klare Sichtbarkeit auf Reisen.","inLanguage":"de-DE","isPartOf":{"@id":"https:\/\/hidalgo.nl\/de\/#website"},"breadcrumb":{"@id":"https:\/\/hidalgo.nl\/de\/product\/cabin-trolley-bag-reistas\/#breadcrumblist"},"image":{"@type":"ImageObject","url":"https:\/\/shop.hidalgo.nl\/wp-content\/uploads\/2025\/07\/a44a3763299d421af984f2173fe990e0de500d565de89902dd40f33160e6df31.jpg","@id":"https:\/\/hidalgo.nl\/de\/product\/cabin-trolley-bag-reistas\/#mainImage","width":1000,"height":1000},"primaryImageOfPage":{"@id":"https:\/\/hidalgo.nl\/de\/product\/cabin-trolley-bag-reistas\/#mainImage"},"datePublished":"2025-07-11T08:03:19+00:00","dateModified":"2026-03-21T03:05:32+00:00"},{"@type":"WebSite","@id":"https:\/\/hidalgo.nl\/de\/#website","url":"https:\/\/hidalgo.nl\/de\/","name":"Hidalgo","inLanguage":"de-DE","publisher":{"@id":"https:\/\/hidalgo.nl\/de\/#organization"}}]},"og:locale":"de_DE","og:site_name":"Hidalgo -","og:type":"article","og:title":"Cabin Trolley Bag reistas","og:description":"F\u00fcr Gesch\u00e4ftsreisen und Wochenenden: robuste Reisetasche mit Rollen aus 600D-Polyester, ca. 35 Liter, handgep\u00e4ckgeeignet. Du ziehst sie dank Teleskopgriff m\u00fchelos durch den Flughafen. Hidalgo bedruckt dein Logo f\u00fcr klare Sichtbarkeit auf Reisen.","og:url":"https:\/\/hidalgo.nl\/de\/wp-json\/wp\/v2\/product\/161651","og:image":"https:\/\/shop.hidalgo.nl\/wp-content\/uploads\/2025\/11\/cropped-Hidalgo-est1993.png","og:image:secure_url":"https:\/\/shop.hidalgo.nl\/wp-content\/uploads\/2025\/11\/cropped-Hidalgo-est1993.png","article:published_time":"2025-07-11T08:03:19+00:00","article:modified_time":"2026-03-21T03:05:32+00:00","twitter:card":"summary_large_image","twitter:title":"Cabin Trolley Bag reistas","twitter:description":"F\u00fcr Gesch\u00e4ftsreisen und Wochenenden: robuste Reisetasche mit Rollen aus 600D-Polyester, ca. 35 Liter, handgep\u00e4ckgeeignet. Du ziehst sie dank Teleskopgriff m\u00fchelos durch den Flughafen. Hidalgo bedruckt dein Logo f\u00fcr klare Sichtbarkeit auf Reisen.","twitter:image":"https:\/\/shop.hidalgo.nl\/wp-content\/uploads\/2025\/11\/cropped-Hidalgo-est1993.png"},"aioseo_meta_data":{"post_id":"161651","title":null,"description":null,"keywords":null,"keyphrases":null,"primary_term":null,"canonical_url":null,"og_title":null,"og_description":null,"og_object_type":"default","og_image_type":"default","og_image_url":null,"og_image_width":null,"og_image_height":null,"og_image_custom_url":null,"og_image_custom_fields":null,"og_video":null,"og_custom_url":null,"og_article_section":null,"og_article_tags":null,"twitter_use_og":false,"twitter_card":"default","twitter_image_type":"default","twitter_image_url":null,"twitter_image_custom_url":null,"twitter_image_custom_fields":null,"twitter_title":null,"twitter_description":null,"schema":{"blockGraphs":[],"customGraphs":[],"default":{"data":{"Article":[],"Course":[],"Dataset":[],"FAQPage":[],"Movie":[],"Person":[],"Product":[],"ProductReview":[],"Car":[],"Recipe":[],"Service":[],"SoftwareApplication":[],"WebPage":[]},"graphName":"","isEnabled":true},"graphs":[]},"schema_type":"default","schema_type_options":null,"pillar_content":false,"robots_default":true,"robots_noindex":false,"robots_noarchive":false,"robots_nosnippet":false,"robots_nofollow":false,"robots_noimageindex":false,"robots_noodp":false,"robots_notranslate":false,"robots_max_snippet":null,"robots_max_videopreview":null,"robots_max_imagepreview":"large","priority":null,"frequency":null,"local_seo":null,"seo_analyzer_scan_date":"2026-01-22 14:57:10","breadcrumb_settings":null,"limit_modified_date":false,"reviewed_by":null,"open_ai":null,"ai":null,"created":"2026-01-14 07:02:59","updated":"2026-04-23 00:26:54"},"aioseo_breadcrumb":"<div class=\"aioseo-breadcrumbs\"><span class=\"aioseo-breadcrumb\">\n\t<a href=\"https:\/\/hidalgo.nl\/de\/\" title=\"Home\">Home<\/a>\n<\/span><span class=\"aioseo-breadcrumb-separator\">\u00bb<\/span><span class=\"aioseo-breadcrumb\">\n\t<a href=\"https:\/\/hidalgo.nl\/example\/\" title=\"example\">example<\/a>\n<\/span><span class=\"aioseo-breadcrumb-separator\">\u00bb<\/span><span class=\"aioseo-breadcrumb\">\n\t<a href=\"https:\/\/hidalgo.nl\/en\/product-supplier\/a24\/\" title=\"A24\">A24<\/a>\n<\/span><span class=\"aioseo-breadcrumb-separator\">\u00bb<\/span><span class=\"aioseo-breadcrumb\">\n\tCabin Trolley Bag reistas\n<\/span><\/div>","aioseo_breadcrumb_json":[{"label":"Home","link":"https:\/\/hidalgo.nl\/de\/"},{"label":"example","link":"https:\/\/hidalgo.nl\/example\/"},{"label":"A24","link":"https:\/\/hidalgo.nl\/en\/product-supplier\/a24\/"},{"label":"Cabin Trolley Bag reistas","link":"https:\/\/hidalgo.nl\/de\/product\/cabin-trolley-bag-reistas\/"}],"_links":{"self":[{"href":"https:\/\/hidalgo.nl\/de\/wp-json\/wp\/v2\/product\/161651","targetHints":{"allow":["GET"]}}],"collection":[{"href":"https:\/\/hidalgo.nl\/de\/wp-json\/wp\/v2\/product"}],"about":[{"href":"https:\/\/hidalgo.nl\/de\/wp-json\/wp\/v2\/types\/product"}],"wp:featuredmedia":[{"embeddable":true,"href":"https:\/\/hidalgo.nl\/de\/wp-json\/wp\/v2\/media\/161652"}],"wp:attachment":[{"href":"https:\/\/hidalgo.nl\/de\/wp-json\/wp\/v2\/media?parent=161651"}],"wp:term":[{"taxonomy":"product_brand","embeddable":true,"href":"https:\/\/hidalgo.nl\/de\/wp-json\/wp\/v2\/product_brand?post=161651"},{"taxonomy":"product_cat","embeddable":true,"href":"https:\/\/hidalgo.nl\/de\/wp-json\/wp\/v2\/product_cat?post=161651"},{"taxonomy":"product_tag","embeddable":true,"href":"https:\/\/hidalgo.nl\/de\/wp-json\/wp\/v2\/product_tag?post=161651"}],"curies":[{"name":"wp","href":"https:\/\/api.w.org\/{rel}","templated":true}]}}