{"id":161460,"date":"2025-07-11T07:49:54","date_gmt":"2025-07-11T07:49:54","guid":{"rendered":"http:\/\/bidonsenshakers.pim.hidalgo.nl\/product\/club-sleutelhanger\/"},"modified":"2026-03-21T02:58:07","modified_gmt":"2026-03-21T02:58:07","slug":"club-sleutelhanger","status":"publish","type":"product","link":"https:\/\/hidalgo.nl\/de\/product\/club-sleutelhanger\/","title":{"rendered":"Club sleutelhanger"},"content":{"rendered":"<p>Sleutelhanger van loepzuiver plexiglas (acryl).   \u2022 Zonder opdruk: Levering zonder inlegvel en in losse onderdelen. Transparante onderdelen per 500 stuks in plastic zak. Behuizing met sleutelring per 500 stuks in plastic zak. Plexiglas plaatjes per 500 stuks in plastic zak. Ook bij kleinere aantallen worden de onderdelen gesorteerd geleverd. \u2022 Met opdruk: Levering met inlegvel en gemonteerd. Afm. inlegvel 4 x 3 cm.<\/p>\n","protected":false},"excerpt":{"rendered":"<p>Sleutelhanger van loepzuiver plexiglas (acryl). \u2022 Zonder opdruk: Levering zonder inlegvel en in losse onderdelen. Transparante onderdelen per 500 stuks in plastic zak. Behuizing met sleutelring per 500 stuks in plastic zak. Plexiglas plaatjes per 500 stuks in plastic zak. Ook bij kleinere aantallen worden de onderdelen gesorteerd geleverd. \u2022 Met opdruk: Levering met inlegvel&hellip; <a class=\"more-link\" href=\"https:\/\/hidalgo.nl\/de\/product\/club-sleutelhanger\/\"><span class=\"screen-reader-text\">Club sleutelhanger<\/span> weiterlesen<\/a><\/p>\n","protected":false},"featured_media":161461,"template":"","meta":{"_acf_changed":false,"om_disable_all_campaigns":false,"_monsterinsights_skip_tracking":false,"_monsterinsights_sitenote_active":false,"_monsterinsights_sitenote_note":"","_monsterinsights_sitenote_category":0},"product_brand":[],"product_cat":[4719,4801],"product_tag":[],"class_list":{"0":"post-161460","1":"product","2":"type-product","3":"status-publish","4":"has-post-thumbnail","6":"product_supplier-a24","7":"product_material-kunststofacryl","8":"product_cat-promotionele-artikelen","9":"product_cat-sleutelhangers","10":"entry","12":"first","13":"instock","14":"taxable","15":"shipping-taxable","16":"purchasable","17":"product-type-variable"},"acf":{"imprint_cost":[{"imprint_cost_key":"a791f855bbd0bc5e4d1a766f65230e985225c509","product_quantity_price_range":[{"imprint_cost_recommended_selling_price":"0.66","imprint_cost_recommended_selling_quantity":"1"},{"imprint_cost_recommended_selling_price":"0.465","imprint_cost_recommended_selling_quantity":"25"},{"imprint_cost_recommended_selling_price":"0.36","imprint_cost_recommended_selling_quantity":"50"},{"imprint_cost_recommended_selling_price":"0.33","imprint_cost_recommended_selling_quantity":"100"},{"imprint_cost_recommended_selling_price":"0.3","imprint_cost_recommended_selling_quantity":"250"},{"imprint_cost_recommended_selling_price":"0.27","imprint_cost_recommended_selling_quantity":"500"},{"imprint_cost_recommended_selling_price":"0.255","imprint_cost_recommended_selling_quantity":"1000"},{"imprint_cost_recommended_selling_price":"0.24","imprint_cost_recommended_selling_quantity":"2500"},{"imprint_cost_recommended_selling_price":"0.225","imprint_cost_recommended_selling_quantity":"5000"}],"product_quantity_price_range_buying":[{"imprint_cost_general_buying_price":"0.44","imprint_cost_general_buying_quantity":"1"},{"imprint_cost_general_buying_price":"0.31","imprint_cost_general_buying_quantity":"25"},{"imprint_cost_general_buying_price":"0.24","imprint_cost_general_buying_quantity":"50"},{"imprint_cost_general_buying_price":"0.22","imprint_cost_general_buying_quantity":"100"},{"imprint_cost_general_buying_price":"0.2","imprint_cost_general_buying_quantity":"250"},{"imprint_cost_general_buying_price":"0.18","imprint_cost_general_buying_quantity":"500"},{"imprint_cost_general_buying_price":"0.17","imprint_cost_general_buying_quantity":"1000"},{"imprint_cost_general_buying_price":"0.16","imprint_cost_general_buying_quantity":"2500"},{"imprint_cost_general_buying_price":"0.15","imprint_cost_general_buying_quantity":"5000"}],"imprint_cost_setup_costs":"60","imprint_cost_handling_costs":"0.18"},{"imprint_cost_key":"575f9f03f8a1e3211baa237ad07c05cf84560089","product_quantity_price_range":[{"imprint_cost_recommended_selling_price":"0.36","imprint_cost_recommended_selling_quantity":"1"},{"imprint_cost_recommended_selling_price":"0.255","imprint_cost_recommended_selling_quantity":"25"},{"imprint_cost_recommended_selling_price":"0.195","imprint_cost_recommended_selling_quantity":"50"},{"imprint_cost_recommended_selling_price":"0.18","imprint_cost_recommended_selling_quantity":"100"},{"imprint_cost_recommended_selling_price":"0.165","imprint_cost_recommended_selling_quantity":"250"},{"imprint_cost_recommended_selling_price":"0.15","imprint_cost_recommended_selling_quantity":"500"},{"imprint_cost_recommended_selling_price":"0.135","imprint_cost_recommended_selling_quantity":"1000"},{"imprint_cost_recommended_selling_price":"0.135","imprint_cost_recommended_selling_quantity":"2500"},{"imprint_cost_recommended_selling_price":"0.12","imprint_cost_recommended_selling_quantity":"5000"}],"product_quantity_price_range_buying":[{"imprint_cost_general_buying_price":"0.24","imprint_cost_general_buying_quantity":"1"},{"imprint_cost_general_buying_price":"0.17","imprint_cost_general_buying_quantity":"25"},{"imprint_cost_general_buying_price":"0.13","imprint_cost_general_buying_quantity":"50"},{"imprint_cost_general_buying_price":"0.12","imprint_cost_general_buying_quantity":"100"},{"imprint_cost_general_buying_price":"0.11","imprint_cost_general_buying_quantity":"250"},{"imprint_cost_general_buying_price":"0.1","imprint_cost_general_buying_quantity":"500"},{"imprint_cost_general_buying_price":"0.09","imprint_cost_general_buying_quantity":"1000"},{"imprint_cost_general_buying_price":"0.09","imprint_cost_general_buying_quantity":"2500"},{"imprint_cost_general_buying_price":"0.08","imprint_cost_general_buying_quantity":"5000"}],"imprint_cost_setup_costs":"60","imprint_cost_handling_costs":"0.18"},{"imprint_cost_key":"a9eb0a44103394eff8007fd9b5e6c59a3c4c08a9","product_quantity_price_range":[{"imprint_cost_recommended_selling_price":"0.36","imprint_cost_recommended_selling_quantity":"1"},{"imprint_cost_recommended_selling_price":"0.255","imprint_cost_recommended_selling_quantity":"25"},{"imprint_cost_recommended_selling_price":"0.195","imprint_cost_recommended_selling_quantity":"50"},{"imprint_cost_recommended_selling_price":"0.18","imprint_cost_recommended_selling_quantity":"100"},{"imprint_cost_recommended_selling_price":"0.165","imprint_cost_recommended_selling_quantity":"250"},{"imprint_cost_recommended_selling_price":"0.15","imprint_cost_recommended_selling_quantity":"500"},{"imprint_cost_recommended_selling_price":"0.135","imprint_cost_recommended_selling_quantity":"1000"},{"imprint_cost_recommended_selling_price":"0.135","imprint_cost_recommended_selling_quantity":"2500"},{"imprint_cost_recommended_selling_price":"0.12","imprint_cost_recommended_selling_quantity":"5000"}],"product_quantity_price_range_buying":[{"imprint_cost_general_buying_price":"0.24","imprint_cost_general_buying_quantity":"1"},{"imprint_cost_general_buying_price":"0.17","imprint_cost_general_buying_quantity":"25"},{"imprint_cost_general_buying_price":"0.13","imprint_cost_general_buying_quantity":"50"},{"imprint_cost_general_buying_price":"0.12","imprint_cost_general_buying_quantity":"100"},{"imprint_cost_general_buying_price":"0.11","imprint_cost_general_buying_quantity":"250"},{"imprint_cost_general_buying_price":"0.1","imprint_cost_general_buying_quantity":"500"},{"imprint_cost_general_buying_price":"0.09","imprint_cost_general_buying_quantity":"1000"},{"imprint_cost_general_buying_price":"0.09","imprint_cost_general_buying_quantity":"2500"},{"imprint_cost_general_buying_price":"0.08","imprint_cost_general_buying_quantity":"5000"}],"imprint_cost_setup_costs":"60","imprint_cost_handling_costs":"0.18"}]},"aioseo_notices":[],"aioseo_head":"\n\t\t<!-- All in One SEO Pro 4.9.5.2 - aioseo.com -->\n\t<meta name=\"description\" content=\"Pr\u00e4sentiere dein Motiv klar: Der transparente Schl\u00fcsselanh\u00e4nger aus Acryl bietet Platz f\u00fcr einen Einleger 4 x 3 cm und hat einen robusten Metallring. Hidalgo druckt dein Logo - ideal f\u00fcr 20-40-J\u00e4hrige bei Events oder im t\u00e4glichen Einsatz.\" \/>\n\t<meta name=\"robots\" content=\"max-image-preview:large\" \/>\n\t<link rel=\"canonical\" href=\"https:\/\/hidalgo.nl\/de\/wp-json\/wp\/v2\/product\/161460\" \/>\n\t<meta name=\"generator\" content=\"All in One SEO Pro (AIOSEO) 4.9.5.2\" \/>\n\t\t<meta property=\"og:locale\" content=\"de_DE\" \/>\n\t\t<meta property=\"og:site_name\" content=\"Hidalgo -\" \/>\n\t\t<meta property=\"og:type\" content=\"article\" \/>\n\t\t<meta property=\"og:title\" content=\"Club sleutelhanger\" \/>\n\t\t<meta property=\"og:description\" content=\"Pr\u00e4sentiere dein Motiv klar: Der transparente Schl\u00fcsselanh\u00e4nger aus Acryl bietet Platz f\u00fcr einen Einleger 4 x 3 cm und hat einen robusten Metallring. Hidalgo druckt dein Logo - ideal f\u00fcr 20-40-J\u00e4hrige bei Events oder im t\u00e4glichen Einsatz.\" \/>\n\t\t<meta property=\"og:url\" content=\"https:\/\/hidalgo.nl\/de\/wp-json\/wp\/v2\/product\/161460\" \/>\n\t\t<meta property=\"og:image\" content=\"https:\/\/shop.hidalgo.nl\/wp-content\/uploads\/2025\/11\/cropped-Hidalgo-est1993.png\" \/>\n\t\t<meta property=\"og:image:secure_url\" content=\"https:\/\/shop.hidalgo.nl\/wp-content\/uploads\/2025\/11\/cropped-Hidalgo-est1993.png\" \/>\n\t\t<meta property=\"article:published_time\" content=\"2025-07-11T07:49:54+00:00\" \/>\n\t\t<meta property=\"article:modified_time\" content=\"2026-03-21T02:58:07+00:00\" \/>\n\t\t<meta name=\"twitter:card\" content=\"summary_large_image\" \/>\n\t\t<meta name=\"twitter:title\" content=\"Club sleutelhanger\" \/>\n\t\t<meta name=\"twitter:description\" content=\"Pr\u00e4sentiere dein Motiv klar: Der transparente Schl\u00fcsselanh\u00e4nger aus Acryl bietet Platz f\u00fcr einen Einleger 4 x 3 cm und hat einen robusten Metallring. Hidalgo druckt dein Logo - ideal f\u00fcr 20-40-J\u00e4hrige bei Events oder im t\u00e4glichen Einsatz.\" \/>\n\t\t<meta name=\"twitter:image\" content=\"https:\/\/shop.hidalgo.nl\/wp-content\/uploads\/2025\/11\/cropped-Hidalgo-est1993.png\" \/>\n\t\t<script type=\"application\/ld+json\" class=\"aioseo-schema\">\n\t\t\t{\"@context\":\"https:\\\/\\\/schema.org\",\"@graph\":[{\"@type\":\"BreadcrumbList\",\"@id\":\"https:\\\/\\\/hidalgo.nl\\\/de\\\/product\\\/club-sleutelhanger\\\/#breadcrumblist\",\"itemListElement\":[{\"@type\":\"ListItem\",\"@id\":\"https:\\\/\\\/hidalgo.nl\\\/de\\\/#listItem\",\"position\":1,\"name\":\"Home\",\"item\":\"https:\\\/\\\/hidalgo.nl\\\/de\\\/\",\"nextItem\":{\"@type\":\"ListItem\",\"@id\":\"https:\\\/\\\/hidalgo.nl\\\/example\\\/#listItem\",\"name\":\"example\"}},{\"@type\":\"ListItem\",\"@id\":\"https:\\\/\\\/hidalgo.nl\\\/example\\\/#listItem\",\"position\":2,\"name\":\"example\",\"item\":\"https:\\\/\\\/hidalgo.nl\\\/example\\\/\",\"nextItem\":{\"@type\":\"ListItem\",\"@id\":\"https:\\\/\\\/hidalgo.nl\\\/en\\\/product-supplier\\\/a24\\\/#listItem\",\"name\":\"A24\"},\"previousItem\":{\"@type\":\"ListItem\",\"@id\":\"https:\\\/\\\/hidalgo.nl\\\/de\\\/#listItem\",\"name\":\"Home\"}},{\"@type\":\"ListItem\",\"@id\":\"https:\\\/\\\/hidalgo.nl\\\/en\\\/product-supplier\\\/a24\\\/#listItem\",\"position\":3,\"name\":\"A24\",\"item\":\"https:\\\/\\\/hidalgo.nl\\\/en\\\/product-supplier\\\/a24\\\/\",\"nextItem\":{\"@type\":\"ListItem\",\"@id\":\"https:\\\/\\\/hidalgo.nl\\\/de\\\/product\\\/club-sleutelhanger\\\/#listItem\",\"name\":\"Club sleutelhanger\"},\"previousItem\":{\"@type\":\"ListItem\",\"@id\":\"https:\\\/\\\/hidalgo.nl\\\/example\\\/#listItem\",\"name\":\"example\"}},{\"@type\":\"ListItem\",\"@id\":\"https:\\\/\\\/hidalgo.nl\\\/de\\\/product\\\/club-sleutelhanger\\\/#listItem\",\"position\":4,\"name\":\"Club sleutelhanger\",\"previousItem\":{\"@type\":\"ListItem\",\"@id\":\"https:\\\/\\\/hidalgo.nl\\\/en\\\/product-supplier\\\/a24\\\/#listItem\",\"name\":\"A24\"}}]},{\"@type\":\"ItemPage\",\"@id\":\"https:\\\/\\\/hidalgo.nl\\\/de\\\/product\\\/club-sleutelhanger\\\/#itempage\",\"url\":\"https:\\\/\\\/hidalgo.nl\\\/de\\\/product\\\/club-sleutelhanger\\\/\",\"name\":\"Club sleutelhanger\",\"description\":\"Pr\\u00e4sentiere dein Motiv klar: Der transparente Schl\\u00fcsselanh\\u00e4nger aus Acryl bietet Platz f\\u00fcr einen Einleger 4 x 3 cm und hat einen robusten Metallring. Hidalgo druckt dein Logo - ideal f\\u00fcr 20-40-J\\u00e4hrige bei Events oder im t\\u00e4glichen Einsatz.\",\"inLanguage\":\"de-DE\",\"isPartOf\":{\"@id\":\"https:\\\/\\\/hidalgo.nl\\\/de\\\/#website\"},\"breadcrumb\":{\"@id\":\"https:\\\/\\\/hidalgo.nl\\\/de\\\/product\\\/club-sleutelhanger\\\/#breadcrumblist\"},\"image\":{\"@type\":\"ImageObject\",\"url\":\"https:\\\/\\\/shop.hidalgo.nl\\\/wp-content\\\/uploads\\\/2025\\\/07\\\/3c9da477087e56b8823e3b191258092949d507cb076a36bc5faddc99b84d1381.jpg\",\"@id\":\"https:\\\/\\\/hidalgo.nl\\\/de\\\/product\\\/club-sleutelhanger\\\/#mainImage\",\"width\":1000,\"height\":1000},\"primaryImageOfPage\":{\"@id\":\"https:\\\/\\\/hidalgo.nl\\\/de\\\/product\\\/club-sleutelhanger\\\/#mainImage\"},\"datePublished\":\"2025-07-11T07:49:54+00:00\",\"dateModified\":\"2026-03-21T02:58:07+00:00\"},{\"@type\":\"Organization\",\"@id\":\"https:\\\/\\\/hidalgo.nl\\\/de\\\/#organization\",\"name\":\"Hidalgo\",\"url\":\"https:\\\/\\\/hidalgo.nl\\\/de\\\/\",\"logo\":{\"@type\":\"ImageObject\",\"url\":\"https:\\\/\\\/shop.hidalgo.nl\\\/wp-content\\\/uploads\\\/2025\\\/11\\\/cropped-Hidalgo-est1993.png\",\"@id\":\"https:\\\/\\\/hidalgo.nl\\\/de\\\/product\\\/club-sleutelhanger\\\/#organizationLogo\",\"width\":585,\"height\":195},\"image\":{\"@id\":\"https:\\\/\\\/hidalgo.nl\\\/de\\\/product\\\/club-sleutelhanger\\\/#organizationLogo\"}},{\"@type\":\"WebPage\",\"@id\":\"https:\\\/\\\/hidalgo.nl\\\/de\\\/product\\\/club-sleutelhanger\\\/#webpage\",\"url\":\"https:\\\/\\\/hidalgo.nl\\\/de\\\/product\\\/club-sleutelhanger\\\/\",\"name\":\"Club sleutelhanger\",\"description\":\"Pr\\u00e4sentiere dein Motiv klar: Der transparente Schl\\u00fcsselanh\\u00e4nger aus Acryl bietet Platz f\\u00fcr einen Einleger 4 x 3 cm und hat einen robusten Metallring. Hidalgo druckt dein Logo - ideal f\\u00fcr 20-40-J\\u00e4hrige bei Events oder im t\\u00e4glichen Einsatz.\",\"inLanguage\":\"de-DE\",\"isPartOf\":{\"@id\":\"https:\\\/\\\/hidalgo.nl\\\/de\\\/#website\"},\"breadcrumb\":{\"@id\":\"https:\\\/\\\/hidalgo.nl\\\/de\\\/product\\\/club-sleutelhanger\\\/#breadcrumblist\"},\"image\":{\"@type\":\"ImageObject\",\"url\":\"https:\\\/\\\/shop.hidalgo.nl\\\/wp-content\\\/uploads\\\/2025\\\/07\\\/3c9da477087e56b8823e3b191258092949d507cb076a36bc5faddc99b84d1381.jpg\",\"@id\":\"https:\\\/\\\/hidalgo.nl\\\/de\\\/product\\\/club-sleutelhanger\\\/#mainImage\",\"width\":1000,\"height\":1000},\"primaryImageOfPage\":{\"@id\":\"https:\\\/\\\/hidalgo.nl\\\/de\\\/product\\\/club-sleutelhanger\\\/#mainImage\"},\"datePublished\":\"2025-07-11T07:49:54+00:00\",\"dateModified\":\"2026-03-21T02:58:07+00:00\"},{\"@type\":\"WebSite\",\"@id\":\"https:\\\/\\\/hidalgo.nl\\\/de\\\/#website\",\"url\":\"https:\\\/\\\/hidalgo.nl\\\/de\\\/\",\"name\":\"Hidalgo\",\"inLanguage\":\"de-DE\",\"publisher\":{\"@id\":\"https:\\\/\\\/hidalgo.nl\\\/de\\\/#organization\"}}]}\n\t\t<\/script>\n\t\t<!-- All in One SEO Pro -->\r\n\t\t<title>Club sleutelhanger<\/title>\n\n","aioseo_head_json":{"title":"Club sleutelhanger","description":"Pr\u00e4sentiere dein Motiv klar: Der transparente Schl\u00fcsselanh\u00e4nger aus Acryl bietet Platz f\u00fcr einen Einleger 4 x 3 cm und hat einen robusten Metallring. Hidalgo druckt dein Logo - ideal f\u00fcr 20-40-J\u00e4hrige bei Events oder im t\u00e4glichen Einsatz.","canonical_url":"https:\/\/hidalgo.nl\/de\/wp-json\/wp\/v2\/product\/161460","robots":"max-image-preview:large","keywords":"","webmasterTools":{"miscellaneous":""},"schema":{"@context":"https:\/\/schema.org","@graph":[{"@type":"BreadcrumbList","@id":"https:\/\/hidalgo.nl\/de\/product\/club-sleutelhanger\/#breadcrumblist","itemListElement":[{"@type":"ListItem","@id":"https:\/\/hidalgo.nl\/de\/#listItem","position":1,"name":"Home","item":"https:\/\/hidalgo.nl\/de\/","nextItem":{"@type":"ListItem","@id":"https:\/\/hidalgo.nl\/example\/#listItem","name":"example"}},{"@type":"ListItem","@id":"https:\/\/hidalgo.nl\/example\/#listItem","position":2,"name":"example","item":"https:\/\/hidalgo.nl\/example\/","nextItem":{"@type":"ListItem","@id":"https:\/\/hidalgo.nl\/en\/product-supplier\/a24\/#listItem","name":"A24"},"previousItem":{"@type":"ListItem","@id":"https:\/\/hidalgo.nl\/de\/#listItem","name":"Home"}},{"@type":"ListItem","@id":"https:\/\/hidalgo.nl\/en\/product-supplier\/a24\/#listItem","position":3,"name":"A24","item":"https:\/\/hidalgo.nl\/en\/product-supplier\/a24\/","nextItem":{"@type":"ListItem","@id":"https:\/\/hidalgo.nl\/de\/product\/club-sleutelhanger\/#listItem","name":"Club sleutelhanger"},"previousItem":{"@type":"ListItem","@id":"https:\/\/hidalgo.nl\/example\/#listItem","name":"example"}},{"@type":"ListItem","@id":"https:\/\/hidalgo.nl\/de\/product\/club-sleutelhanger\/#listItem","position":4,"name":"Club sleutelhanger","previousItem":{"@type":"ListItem","@id":"https:\/\/hidalgo.nl\/en\/product-supplier\/a24\/#listItem","name":"A24"}}]},{"@type":"ItemPage","@id":"https:\/\/hidalgo.nl\/de\/product\/club-sleutelhanger\/#itempage","url":"https:\/\/hidalgo.nl\/de\/product\/club-sleutelhanger\/","name":"Club sleutelhanger","description":"Pr\u00e4sentiere dein Motiv klar: Der transparente Schl\u00fcsselanh\u00e4nger aus Acryl bietet Platz f\u00fcr einen Einleger 4 x 3 cm und hat einen robusten Metallring. Hidalgo druckt dein Logo - ideal f\u00fcr 20-40-J\u00e4hrige bei Events oder im t\u00e4glichen Einsatz.","inLanguage":"de-DE","isPartOf":{"@id":"https:\/\/hidalgo.nl\/de\/#website"},"breadcrumb":{"@id":"https:\/\/hidalgo.nl\/de\/product\/club-sleutelhanger\/#breadcrumblist"},"image":{"@type":"ImageObject","url":"https:\/\/shop.hidalgo.nl\/wp-content\/uploads\/2025\/07\/3c9da477087e56b8823e3b191258092949d507cb076a36bc5faddc99b84d1381.jpg","@id":"https:\/\/hidalgo.nl\/de\/product\/club-sleutelhanger\/#mainImage","width":1000,"height":1000},"primaryImageOfPage":{"@id":"https:\/\/hidalgo.nl\/de\/product\/club-sleutelhanger\/#mainImage"},"datePublished":"2025-07-11T07:49:54+00:00","dateModified":"2026-03-21T02:58:07+00:00"},{"@type":"Organization","@id":"https:\/\/hidalgo.nl\/de\/#organization","name":"Hidalgo","url":"https:\/\/hidalgo.nl\/de\/","logo":{"@type":"ImageObject","url":"https:\/\/shop.hidalgo.nl\/wp-content\/uploads\/2025\/11\/cropped-Hidalgo-est1993.png","@id":"https:\/\/hidalgo.nl\/de\/product\/club-sleutelhanger\/#organizationLogo","width":585,"height":195},"image":{"@id":"https:\/\/hidalgo.nl\/de\/product\/club-sleutelhanger\/#organizationLogo"}},{"@type":"WebPage","@id":"https:\/\/hidalgo.nl\/de\/product\/club-sleutelhanger\/#webpage","url":"https:\/\/hidalgo.nl\/de\/product\/club-sleutelhanger\/","name":"Club sleutelhanger","description":"Pr\u00e4sentiere dein Motiv klar: Der transparente Schl\u00fcsselanh\u00e4nger aus Acryl bietet Platz f\u00fcr einen Einleger 4 x 3 cm und hat einen robusten Metallring. Hidalgo druckt dein Logo - ideal f\u00fcr 20-40-J\u00e4hrige bei Events oder im t\u00e4glichen Einsatz.","inLanguage":"de-DE","isPartOf":{"@id":"https:\/\/hidalgo.nl\/de\/#website"},"breadcrumb":{"@id":"https:\/\/hidalgo.nl\/de\/product\/club-sleutelhanger\/#breadcrumblist"},"image":{"@type":"ImageObject","url":"https:\/\/shop.hidalgo.nl\/wp-content\/uploads\/2025\/07\/3c9da477087e56b8823e3b191258092949d507cb076a36bc5faddc99b84d1381.jpg","@id":"https:\/\/hidalgo.nl\/de\/product\/club-sleutelhanger\/#mainImage","width":1000,"height":1000},"primaryImageOfPage":{"@id":"https:\/\/hidalgo.nl\/de\/product\/club-sleutelhanger\/#mainImage"},"datePublished":"2025-07-11T07:49:54+00:00","dateModified":"2026-03-21T02:58:07+00:00"},{"@type":"WebSite","@id":"https:\/\/hidalgo.nl\/de\/#website","url":"https:\/\/hidalgo.nl\/de\/","name":"Hidalgo","inLanguage":"de-DE","publisher":{"@id":"https:\/\/hidalgo.nl\/de\/#organization"}}]},"og:locale":"de_DE","og:site_name":"Hidalgo -","og:type":"article","og:title":"Club sleutelhanger","og:description":"Pr\u00e4sentiere dein Motiv klar: Der transparente Schl\u00fcsselanh\u00e4nger aus Acryl bietet Platz f\u00fcr einen Einleger 4 x 3 cm und hat einen robusten Metallring. Hidalgo druckt dein Logo - ideal f\u00fcr 20-40-J\u00e4hrige bei Events oder im t\u00e4glichen Einsatz.","og:url":"https:\/\/hidalgo.nl\/de\/wp-json\/wp\/v2\/product\/161460","og:image":"https:\/\/shop.hidalgo.nl\/wp-content\/uploads\/2025\/11\/cropped-Hidalgo-est1993.png","og:image:secure_url":"https:\/\/shop.hidalgo.nl\/wp-content\/uploads\/2025\/11\/cropped-Hidalgo-est1993.png","article:published_time":"2025-07-11T07:49:54+00:00","article:modified_time":"2026-03-21T02:58:07+00:00","twitter:card":"summary_large_image","twitter:title":"Club sleutelhanger","twitter:description":"Pr\u00e4sentiere dein Motiv klar: Der transparente Schl\u00fcsselanh\u00e4nger aus Acryl bietet Platz f\u00fcr einen Einleger 4 x 3 cm und hat einen robusten Metallring. Hidalgo druckt dein Logo - ideal f\u00fcr 20-40-J\u00e4hrige bei Events oder im t\u00e4glichen Einsatz.","twitter:image":"https:\/\/shop.hidalgo.nl\/wp-content\/uploads\/2025\/11\/cropped-Hidalgo-est1993.png"},"aioseo_meta_data":{"post_id":"161460","title":null,"description":null,"keywords":null,"keyphrases":null,"primary_term":null,"canonical_url":null,"og_title":null,"og_description":null,"og_object_type":"default","og_image_type":"default","og_image_url":null,"og_image_width":null,"og_image_height":null,"og_image_custom_url":null,"og_image_custom_fields":null,"og_video":null,"og_custom_url":null,"og_article_section":null,"og_article_tags":null,"twitter_use_og":false,"twitter_card":"default","twitter_image_type":"default","twitter_image_url":null,"twitter_image_custom_url":null,"twitter_image_custom_fields":null,"twitter_title":null,"twitter_description":null,"schema":{"blockGraphs":[],"customGraphs":[],"default":{"data":{"Article":[],"Course":[],"Dataset":[],"FAQPage":[],"Movie":[],"Person":[],"Product":[],"ProductReview":[],"Car":[],"Recipe":[],"Service":[],"SoftwareApplication":[],"WebPage":[]},"graphName":"","isEnabled":true},"graphs":[]},"schema_type":"default","schema_type_options":null,"pillar_content":false,"robots_default":true,"robots_noindex":false,"robots_noarchive":false,"robots_nosnippet":false,"robots_nofollow":false,"robots_noimageindex":false,"robots_noodp":false,"robots_notranslate":false,"robots_max_snippet":null,"robots_max_videopreview":null,"robots_max_imagepreview":"large","priority":null,"frequency":null,"local_seo":null,"seo_analyzer_scan_date":"2026-01-22 14:54:14","breadcrumb_settings":null,"limit_modified_date":false,"reviewed_by":null,"open_ai":null,"ai":null,"created":"2026-01-14 07:02:59","updated":"2026-03-21 03:10:03"},"aioseo_breadcrumb":"<div class=\"aioseo-breadcrumbs\"><span class=\"aioseo-breadcrumb\">\n\t<a href=\"https:\/\/hidalgo.nl\/de\/\" title=\"Home\">Home<\/a>\n<\/span><span class=\"aioseo-breadcrumb-separator\">\u00bb<\/span><span class=\"aioseo-breadcrumb\">\n\t<a href=\"https:\/\/hidalgo.nl\/example\/\" title=\"example\">example<\/a>\n<\/span><span class=\"aioseo-breadcrumb-separator\">\u00bb<\/span><span class=\"aioseo-breadcrumb\">\n\t<a href=\"https:\/\/hidalgo.nl\/en\/product-supplier\/a24\/\" title=\"A24\">A24<\/a>\n<\/span><span class=\"aioseo-breadcrumb-separator\">\u00bb<\/span><span class=\"aioseo-breadcrumb\">\n\tClub sleutelhanger\n<\/span><\/div>","aioseo_breadcrumb_json":[{"label":"Home","link":"https:\/\/hidalgo.nl\/de\/"},{"label":"example","link":"https:\/\/hidalgo.nl\/example\/"},{"label":"A24","link":"https:\/\/hidalgo.nl\/en\/product-supplier\/a24\/"},{"label":"Club sleutelhanger","link":"https:\/\/hidalgo.nl\/de\/product\/club-sleutelhanger\/"}],"_links":{"self":[{"href":"https:\/\/hidalgo.nl\/de\/wp-json\/wp\/v2\/product\/161460","targetHints":{"allow":["GET"]}}],"collection":[{"href":"https:\/\/hidalgo.nl\/de\/wp-json\/wp\/v2\/product"}],"about":[{"href":"https:\/\/hidalgo.nl\/de\/wp-json\/wp\/v2\/types\/product"}],"wp:featuredmedia":[{"embeddable":true,"href":"https:\/\/hidalgo.nl\/de\/wp-json\/wp\/v2\/media\/161461"}],"wp:attachment":[{"href":"https:\/\/hidalgo.nl\/de\/wp-json\/wp\/v2\/media?parent=161460"}],"wp:term":[{"taxonomy":"product_brand","embeddable":true,"href":"https:\/\/hidalgo.nl\/de\/wp-json\/wp\/v2\/product_brand?post=161460"},{"taxonomy":"product_cat","embeddable":true,"href":"https:\/\/hidalgo.nl\/de\/wp-json\/wp\/v2\/product_cat?post=161460"},{"taxonomy":"product_tag","embeddable":true,"href":"https:\/\/hidalgo.nl\/de\/wp-json\/wp\/v2\/product_tag?post=161460"}],"curies":[{"name":"wp","href":"https:\/\/api.w.org\/{rel}","templated":true}]}}