{"id":161398,"date":"2025-07-11T07:47:32","date_gmt":"2025-07-11T07:47:32","guid":{"rendered":"http:\/\/bidonsenshakers.pim.hidalgo.nl\/product\/digiprint-grs-recycled-pen\/"},"modified":"2026-03-21T12:18:17","modified_gmt":"2026-03-21T12:18:17","slug":"digiprint-grs-recycled-pen","status":"publish","type":"product","link":"https:\/\/hidalgo.nl\/de\/product\/digiprint-grs-recycled-pen\/","title":{"rendered":"Digiprint GRS Recycled Pen"},"content":{"rendered":"<p>Blauwschrijvende balpen met houder gemaakt van 100% gerecycled ABS. De clip\/drukknop heeft een opvallend kleuraccent en biedt ruimte voor een royale digitale full colour opdruk. GRS-gecertificeerd.<\/p>\n","protected":false},"excerpt":{"rendered":"<p>Blauwschrijvende balpen met houder gemaakt van 100% gerecycled ABS. De clip\/drukknop heeft een opvallend kleuraccent en biedt ruimte voor een royale digitale full colour opdruk. GRS-gecertificeerd.<\/p>\n","protected":false},"featured_media":161399,"template":"","meta":{"_acf_changed":false,"om_disable_all_campaigns":false,"_monsterinsights_skip_tracking":false,"_monsterinsights_sitenote_active":false,"_monsterinsights_sitenote_note":"","_monsterinsights_sitenote_category":0},"product_brand":[],"product_cat":[4785,4719,4756],"product_tag":[],"class_list":{"0":"post-161398","1":"product","2":"type-product","3":"status-publish","4":"has-post-thumbnail","6":"product_supplier-a24","7":"product_material-gerecycled-abs","8":"product_cat-pennen","9":"product_cat-promotionele-artikelen","10":"product_cat-schrijfwaren","11":"entry","13":"first","14":"instock","15":"taxable","16":"shipping-taxable","17":"purchasable","18":"product-type-variable"},"acf":{"imprint_cost":[{"imprint_cost_key":"5c3a1d6821b0e185fef07cb6477c6b9932e9b7f7","product_quantity_price_range":[{"imprint_cost_recommended_selling_price":"0.9","imprint_cost_recommended_selling_quantity":"1"},{"imprint_cost_recommended_selling_price":"0.75","imprint_cost_recommended_selling_quantity":"25"},{"imprint_cost_recommended_selling_price":"0.525","imprint_cost_recommended_selling_quantity":"50"},{"imprint_cost_recommended_selling_price":"0.375","imprint_cost_recommended_selling_quantity":"100"},{"imprint_cost_recommended_selling_price":"0.285","imprint_cost_recommended_selling_quantity":"250"},{"imprint_cost_recommended_selling_price":"0.24","imprint_cost_recommended_selling_quantity":"500"},{"imprint_cost_recommended_selling_price":"0.195","imprint_cost_recommended_selling_quantity":"1000"},{"imprint_cost_recommended_selling_price":"0.15","imprint_cost_recommended_selling_quantity":"2500"},{"imprint_cost_recommended_selling_price":"0.135","imprint_cost_recommended_selling_quantity":"5000"}],"product_quantity_price_range_buying":[{"imprint_cost_general_buying_price":"0.6","imprint_cost_general_buying_quantity":"1"},{"imprint_cost_general_buying_price":"0.5","imprint_cost_general_buying_quantity":"25"},{"imprint_cost_general_buying_price":"0.35","imprint_cost_general_buying_quantity":"50"},{"imprint_cost_general_buying_price":"0.25","imprint_cost_general_buying_quantity":"100"},{"imprint_cost_general_buying_price":"0.19","imprint_cost_general_buying_quantity":"250"},{"imprint_cost_general_buying_price":"0.16","imprint_cost_general_buying_quantity":"500"},{"imprint_cost_general_buying_price":"0.13","imprint_cost_general_buying_quantity":"1000"},{"imprint_cost_general_buying_price":"0.1","imprint_cost_general_buying_quantity":"2500"},{"imprint_cost_general_buying_price":"0.09","imprint_cost_general_buying_quantity":"5000"}],"imprint_cost_setup_costs":"45","imprint_cost_handling_costs":"0"},{"imprint_cost_key":"7099dd8fc2646c53086943647f80e851eefce8a2","product_quantity_price_range":[{"imprint_cost_recommended_selling_price":"0.9","imprint_cost_recommended_selling_quantity":"1"},{"imprint_cost_recommended_selling_price":"0.75","imprint_cost_recommended_selling_quantity":"25"},{"imprint_cost_recommended_selling_price":"0.525","imprint_cost_recommended_selling_quantity":"50"},{"imprint_cost_recommended_selling_price":"0.375","imprint_cost_recommended_selling_quantity":"100"},{"imprint_cost_recommended_selling_price":"0.285","imprint_cost_recommended_selling_quantity":"250"},{"imprint_cost_recommended_selling_price":"0.24","imprint_cost_recommended_selling_quantity":"500"},{"imprint_cost_recommended_selling_price":"0.195","imprint_cost_recommended_selling_quantity":"1000"},{"imprint_cost_recommended_selling_price":"0.15","imprint_cost_recommended_selling_quantity":"2500"},{"imprint_cost_recommended_selling_price":"0.135","imprint_cost_recommended_selling_quantity":"5000"}],"product_quantity_price_range_buying":[{"imprint_cost_general_buying_price":"0.6","imprint_cost_general_buying_quantity":"1"},{"imprint_cost_general_buying_price":"0.5","imprint_cost_general_buying_quantity":"25"},{"imprint_cost_general_buying_price":"0.35","imprint_cost_general_buying_quantity":"50"},{"imprint_cost_general_buying_price":"0.25","imprint_cost_general_buying_quantity":"100"},{"imprint_cost_general_buying_price":"0.19","imprint_cost_general_buying_quantity":"250"},{"imprint_cost_general_buying_price":"0.16","imprint_cost_general_buying_quantity":"500"},{"imprint_cost_general_buying_price":"0.13","imprint_cost_general_buying_quantity":"1000"},{"imprint_cost_general_buying_price":"0.1","imprint_cost_general_buying_quantity":"2500"},{"imprint_cost_general_buying_price":"0.09","imprint_cost_general_buying_quantity":"5000"}],"imprint_cost_setup_costs":"45","imprint_cost_handling_costs":"0"},{"imprint_cost_key":"0f668343926a9f8e44bd97ecf5dabe40bd650197","product_quantity_price_range":[{"imprint_cost_recommended_selling_price":"0.9","imprint_cost_recommended_selling_quantity":"1"},{"imprint_cost_recommended_selling_price":"0.75","imprint_cost_recommended_selling_quantity":"25"},{"imprint_cost_recommended_selling_price":"0.525","imprint_cost_recommended_selling_quantity":"50"},{"imprint_cost_recommended_selling_price":"0.375","imprint_cost_recommended_selling_quantity":"100"},{"imprint_cost_recommended_selling_price":"0.285","imprint_cost_recommended_selling_quantity":"250"},{"imprint_cost_recommended_selling_price":"0.24","imprint_cost_recommended_selling_quantity":"500"},{"imprint_cost_recommended_selling_price":"0.195","imprint_cost_recommended_selling_quantity":"1000"},{"imprint_cost_recommended_selling_price":"0.15","imprint_cost_recommended_selling_quantity":"2500"},{"imprint_cost_recommended_selling_price":"0.135","imprint_cost_recommended_selling_quantity":"5000"}],"product_quantity_price_range_buying":[{"imprint_cost_general_buying_price":"0.6","imprint_cost_general_buying_quantity":"1"},{"imprint_cost_general_buying_price":"0.5","imprint_cost_general_buying_quantity":"25"},{"imprint_cost_general_buying_price":"0.35","imprint_cost_general_buying_quantity":"50"},{"imprint_cost_general_buying_price":"0.25","imprint_cost_general_buying_quantity":"100"},{"imprint_cost_general_buying_price":"0.19","imprint_cost_general_buying_quantity":"250"},{"imprint_cost_general_buying_price":"0.16","imprint_cost_general_buying_quantity":"500"},{"imprint_cost_general_buying_price":"0.13","imprint_cost_general_buying_quantity":"1000"},{"imprint_cost_general_buying_price":"0.1","imprint_cost_general_buying_quantity":"2500"},{"imprint_cost_general_buying_price":"0.09","imprint_cost_general_buying_quantity":"5000"}],"imprint_cost_setup_costs":"45","imprint_cost_handling_costs":"0"}]},"aioseo_notices":[],"aioseo_head":"\n\t\t<!-- All in One SEO Pro 4.9.5.2 - aioseo.com -->\n\t<meta name=\"description\" content=\"Du bekommst einen blau schreibenden Kugelschreiber als recycelter Stift mit GRS-Zertifikat. Bei Hidalgo druckst du dein Logo in Full Colour gro\u00dffl\u00e4chig auf, ideal f\u00fcr Events und den t\u00e4glichen Einsatz, damit deine Marke lange sichtbar bleibt.\" \/>\n\t<meta name=\"robots\" content=\"max-image-preview:large\" \/>\n\t<link rel=\"canonical\" href=\"https:\/\/hidalgo.nl\/de\/wp-json\/wp\/v2\/product\/161398\" \/>\n\t<meta name=\"generator\" content=\"All in One SEO Pro (AIOSEO) 4.9.5.2\" \/>\n\t\t<meta property=\"og:locale\" content=\"de_DE\" \/>\n\t\t<meta property=\"og:site_name\" content=\"Hidalgo -\" \/>\n\t\t<meta property=\"og:type\" content=\"article\" \/>\n\t\t<meta property=\"og:title\" content=\"Digiprint GRS Recycled Pen\" \/>\n\t\t<meta property=\"og:description\" content=\"Du bekommst einen blau schreibenden Kugelschreiber als recycelter Stift mit GRS-Zertifikat. Bei Hidalgo druckst du dein Logo in Full Colour gro\u00dffl\u00e4chig auf, ideal f\u00fcr Events und den t\u00e4glichen Einsatz, damit deine Marke lange sichtbar bleibt.\" \/>\n\t\t<meta property=\"og:url\" content=\"https:\/\/hidalgo.nl\/de\/wp-json\/wp\/v2\/product\/161398\" \/>\n\t\t<meta property=\"og:image\" content=\"https:\/\/shop.hidalgo.nl\/wp-content\/uploads\/2025\/11\/cropped-Hidalgo-est1993.png\" \/>\n\t\t<meta property=\"og:image:secure_url\" content=\"https:\/\/shop.hidalgo.nl\/wp-content\/uploads\/2025\/11\/cropped-Hidalgo-est1993.png\" \/>\n\t\t<meta property=\"article:published_time\" content=\"2025-07-11T07:47:32+00:00\" \/>\n\t\t<meta property=\"article:modified_time\" content=\"2026-03-21T12:18:17+00:00\" \/>\n\t\t<meta name=\"twitter:card\" content=\"summary_large_image\" \/>\n\t\t<meta name=\"twitter:title\" content=\"Digiprint GRS Recycled Pen\" \/>\n\t\t<meta name=\"twitter:description\" content=\"Du bekommst einen blau schreibenden Kugelschreiber als recycelter Stift mit GRS-Zertifikat. Bei Hidalgo druckst du dein Logo in Full Colour gro\u00dffl\u00e4chig auf, ideal f\u00fcr Events und den t\u00e4glichen Einsatz, damit deine Marke lange sichtbar bleibt.\" \/>\n\t\t<meta name=\"twitter:image\" content=\"https:\/\/shop.hidalgo.nl\/wp-content\/uploads\/2025\/11\/cropped-Hidalgo-est1993.png\" \/>\n\t\t<script type=\"application\/ld+json\" class=\"aioseo-schema\">\n\t\t\t{\"@context\":\"https:\\\/\\\/schema.org\",\"@graph\":[{\"@type\":\"BreadcrumbList\",\"@id\":\"https:\\\/\\\/hidalgo.nl\\\/de\\\/product\\\/digiprint-grs-recycled-pen\\\/#breadcrumblist\",\"itemListElement\":[{\"@type\":\"ListItem\",\"@id\":\"https:\\\/\\\/hidalgo.nl\\\/de\\\/#listItem\",\"position\":1,\"name\":\"Home\",\"item\":\"https:\\\/\\\/hidalgo.nl\\\/de\\\/\",\"nextItem\":{\"@type\":\"ListItem\",\"@id\":\"https:\\\/\\\/hidalgo.nl\\\/example\\\/#listItem\",\"name\":\"example\"}},{\"@type\":\"ListItem\",\"@id\":\"https:\\\/\\\/hidalgo.nl\\\/example\\\/#listItem\",\"position\":2,\"name\":\"example\",\"item\":\"https:\\\/\\\/hidalgo.nl\\\/example\\\/\",\"nextItem\":{\"@type\":\"ListItem\",\"@id\":\"https:\\\/\\\/hidalgo.nl\\\/en\\\/product-supplier\\\/a24\\\/#listItem\",\"name\":\"A24\"},\"previousItem\":{\"@type\":\"ListItem\",\"@id\":\"https:\\\/\\\/hidalgo.nl\\\/de\\\/#listItem\",\"name\":\"Home\"}},{\"@type\":\"ListItem\",\"@id\":\"https:\\\/\\\/hidalgo.nl\\\/en\\\/product-supplier\\\/a24\\\/#listItem\",\"position\":3,\"name\":\"A24\",\"item\":\"https:\\\/\\\/hidalgo.nl\\\/en\\\/product-supplier\\\/a24\\\/\",\"nextItem\":{\"@type\":\"ListItem\",\"@id\":\"https:\\\/\\\/hidalgo.nl\\\/de\\\/product\\\/digiprint-grs-recycled-pen\\\/#listItem\",\"name\":\"Digiprint GRS Recycled Pen\"},\"previousItem\":{\"@type\":\"ListItem\",\"@id\":\"https:\\\/\\\/hidalgo.nl\\\/example\\\/#listItem\",\"name\":\"example\"}},{\"@type\":\"ListItem\",\"@id\":\"https:\\\/\\\/hidalgo.nl\\\/de\\\/product\\\/digiprint-grs-recycled-pen\\\/#listItem\",\"position\":4,\"name\":\"Digiprint GRS Recycled Pen\",\"previousItem\":{\"@type\":\"ListItem\",\"@id\":\"https:\\\/\\\/hidalgo.nl\\\/en\\\/product-supplier\\\/a24\\\/#listItem\",\"name\":\"A24\"}}]},{\"@type\":\"ItemPage\",\"@id\":\"https:\\\/\\\/hidalgo.nl\\\/de\\\/product\\\/digiprint-grs-recycled-pen\\\/#itempage\",\"url\":\"https:\\\/\\\/hidalgo.nl\\\/de\\\/product\\\/digiprint-grs-recycled-pen\\\/\",\"name\":\"Digiprint GRS Recycled Pen\",\"description\":\"Du bekommst einen blau schreibenden Kugelschreiber als recycelter Stift mit GRS-Zertifikat. Bei Hidalgo druckst du dein Logo in Full Colour gro\\u00dffl\\u00e4chig auf, ideal f\\u00fcr Events und den t\\u00e4glichen Einsatz, damit deine Marke lange sichtbar bleibt.\",\"inLanguage\":\"de-DE\",\"isPartOf\":{\"@id\":\"https:\\\/\\\/hidalgo.nl\\\/de\\\/#website\"},\"breadcrumb\":{\"@id\":\"https:\\\/\\\/hidalgo.nl\\\/de\\\/product\\\/digiprint-grs-recycled-pen\\\/#breadcrumblist\"},\"image\":{\"@type\":\"ImageObject\",\"url\":\"https:\\\/\\\/shop.hidalgo.nl\\\/wp-content\\\/uploads\\\/2025\\\/07\\\/da8f6670d2455cf806c1d7398ffdb9d42e35987471bbdb46830796fb66ede8db.jpg\",\"@id\":\"https:\\\/\\\/hidalgo.nl\\\/de\\\/product\\\/digiprint-grs-recycled-pen\\\/#mainImage\",\"width\":1000,\"height\":1000},\"primaryImageOfPage\":{\"@id\":\"https:\\\/\\\/hidalgo.nl\\\/de\\\/product\\\/digiprint-grs-recycled-pen\\\/#mainImage\"},\"datePublished\":\"2025-07-11T07:47:32+00:00\",\"dateModified\":\"2026-03-21T12:18:17+00:00\"},{\"@type\":\"Organization\",\"@id\":\"https:\\\/\\\/hidalgo.nl\\\/de\\\/#organization\",\"name\":\"Hidalgo\",\"url\":\"https:\\\/\\\/hidalgo.nl\\\/de\\\/\",\"logo\":{\"@type\":\"ImageObject\",\"url\":\"https:\\\/\\\/shop.hidalgo.nl\\\/wp-content\\\/uploads\\\/2025\\\/11\\\/cropped-Hidalgo-est1993.png\",\"@id\":\"https:\\\/\\\/hidalgo.nl\\\/de\\\/product\\\/digiprint-grs-recycled-pen\\\/#organizationLogo\",\"width\":585,\"height\":195},\"image\":{\"@id\":\"https:\\\/\\\/hidalgo.nl\\\/de\\\/product\\\/digiprint-grs-recycled-pen\\\/#organizationLogo\"}},{\"@type\":\"WebPage\",\"@id\":\"https:\\\/\\\/hidalgo.nl\\\/de\\\/product\\\/digiprint-grs-recycled-pen\\\/#webpage\",\"url\":\"https:\\\/\\\/hidalgo.nl\\\/de\\\/product\\\/digiprint-grs-recycled-pen\\\/\",\"name\":\"Digiprint GRS Recycled Pen\",\"description\":\"Du bekommst einen blau schreibenden Kugelschreiber als recycelter Stift mit GRS-Zertifikat. Bei Hidalgo druckst du dein Logo in Full Colour gro\\u00dffl\\u00e4chig auf, ideal f\\u00fcr Events und den t\\u00e4glichen Einsatz, damit deine Marke lange sichtbar bleibt.\",\"inLanguage\":\"de-DE\",\"isPartOf\":{\"@id\":\"https:\\\/\\\/hidalgo.nl\\\/de\\\/#website\"},\"breadcrumb\":{\"@id\":\"https:\\\/\\\/hidalgo.nl\\\/de\\\/product\\\/digiprint-grs-recycled-pen\\\/#breadcrumblist\"},\"image\":{\"@type\":\"ImageObject\",\"url\":\"https:\\\/\\\/shop.hidalgo.nl\\\/wp-content\\\/uploads\\\/2025\\\/07\\\/da8f6670d2455cf806c1d7398ffdb9d42e35987471bbdb46830796fb66ede8db.jpg\",\"@id\":\"https:\\\/\\\/hidalgo.nl\\\/de\\\/product\\\/digiprint-grs-recycled-pen\\\/#mainImage\",\"width\":1000,\"height\":1000},\"primaryImageOfPage\":{\"@id\":\"https:\\\/\\\/hidalgo.nl\\\/de\\\/product\\\/digiprint-grs-recycled-pen\\\/#mainImage\"},\"datePublished\":\"2025-07-11T07:47:32+00:00\",\"dateModified\":\"2026-03-21T12:18:17+00:00\"},{\"@type\":\"WebSite\",\"@id\":\"https:\\\/\\\/hidalgo.nl\\\/de\\\/#website\",\"url\":\"https:\\\/\\\/hidalgo.nl\\\/de\\\/\",\"name\":\"Hidalgo\",\"inLanguage\":\"de-DE\",\"publisher\":{\"@id\":\"https:\\\/\\\/hidalgo.nl\\\/de\\\/#organization\"}}]}\n\t\t<\/script>\n\t\t<!-- All in One SEO Pro -->\r\n\t\t<title>Digiprint GRS Recycled Pen<\/title>\n\n","aioseo_head_json":{"title":"Digiprint GRS Recycled Pen","description":"Du bekommst einen blau schreibenden Kugelschreiber als recycelter Stift mit GRS-Zertifikat. Bei Hidalgo druckst du dein Logo in Full Colour gro\u00dffl\u00e4chig auf, ideal f\u00fcr Events und den t\u00e4glichen Einsatz, damit deine Marke lange sichtbar bleibt.","canonical_url":"https:\/\/hidalgo.nl\/de\/wp-json\/wp\/v2\/product\/161398","robots":"max-image-preview:large","keywords":"","webmasterTools":{"miscellaneous":""},"schema":{"@context":"https:\/\/schema.org","@graph":[{"@type":"BreadcrumbList","@id":"https:\/\/hidalgo.nl\/de\/product\/digiprint-grs-recycled-pen\/#breadcrumblist","itemListElement":[{"@type":"ListItem","@id":"https:\/\/hidalgo.nl\/de\/#listItem","position":1,"name":"Home","item":"https:\/\/hidalgo.nl\/de\/","nextItem":{"@type":"ListItem","@id":"https:\/\/hidalgo.nl\/example\/#listItem","name":"example"}},{"@type":"ListItem","@id":"https:\/\/hidalgo.nl\/example\/#listItem","position":2,"name":"example","item":"https:\/\/hidalgo.nl\/example\/","nextItem":{"@type":"ListItem","@id":"https:\/\/hidalgo.nl\/en\/product-supplier\/a24\/#listItem","name":"A24"},"previousItem":{"@type":"ListItem","@id":"https:\/\/hidalgo.nl\/de\/#listItem","name":"Home"}},{"@type":"ListItem","@id":"https:\/\/hidalgo.nl\/en\/product-supplier\/a24\/#listItem","position":3,"name":"A24","item":"https:\/\/hidalgo.nl\/en\/product-supplier\/a24\/","nextItem":{"@type":"ListItem","@id":"https:\/\/hidalgo.nl\/de\/product\/digiprint-grs-recycled-pen\/#listItem","name":"Digiprint GRS Recycled Pen"},"previousItem":{"@type":"ListItem","@id":"https:\/\/hidalgo.nl\/example\/#listItem","name":"example"}},{"@type":"ListItem","@id":"https:\/\/hidalgo.nl\/de\/product\/digiprint-grs-recycled-pen\/#listItem","position":4,"name":"Digiprint GRS Recycled Pen","previousItem":{"@type":"ListItem","@id":"https:\/\/hidalgo.nl\/en\/product-supplier\/a24\/#listItem","name":"A24"}}]},{"@type":"ItemPage","@id":"https:\/\/hidalgo.nl\/de\/product\/digiprint-grs-recycled-pen\/#itempage","url":"https:\/\/hidalgo.nl\/de\/product\/digiprint-grs-recycled-pen\/","name":"Digiprint GRS Recycled Pen","description":"Du bekommst einen blau schreibenden Kugelschreiber als recycelter Stift mit GRS-Zertifikat. Bei Hidalgo druckst du dein Logo in Full Colour gro\u00dffl\u00e4chig auf, ideal f\u00fcr Events und den t\u00e4glichen Einsatz, damit deine Marke lange sichtbar bleibt.","inLanguage":"de-DE","isPartOf":{"@id":"https:\/\/hidalgo.nl\/de\/#website"},"breadcrumb":{"@id":"https:\/\/hidalgo.nl\/de\/product\/digiprint-grs-recycled-pen\/#breadcrumblist"},"image":{"@type":"ImageObject","url":"https:\/\/shop.hidalgo.nl\/wp-content\/uploads\/2025\/07\/da8f6670d2455cf806c1d7398ffdb9d42e35987471bbdb46830796fb66ede8db.jpg","@id":"https:\/\/hidalgo.nl\/de\/product\/digiprint-grs-recycled-pen\/#mainImage","width":1000,"height":1000},"primaryImageOfPage":{"@id":"https:\/\/hidalgo.nl\/de\/product\/digiprint-grs-recycled-pen\/#mainImage"},"datePublished":"2025-07-11T07:47:32+00:00","dateModified":"2026-03-21T12:18:17+00:00"},{"@type":"Organization","@id":"https:\/\/hidalgo.nl\/de\/#organization","name":"Hidalgo","url":"https:\/\/hidalgo.nl\/de\/","logo":{"@type":"ImageObject","url":"https:\/\/shop.hidalgo.nl\/wp-content\/uploads\/2025\/11\/cropped-Hidalgo-est1993.png","@id":"https:\/\/hidalgo.nl\/de\/product\/digiprint-grs-recycled-pen\/#organizationLogo","width":585,"height":195},"image":{"@id":"https:\/\/hidalgo.nl\/de\/product\/digiprint-grs-recycled-pen\/#organizationLogo"}},{"@type":"WebPage","@id":"https:\/\/hidalgo.nl\/de\/product\/digiprint-grs-recycled-pen\/#webpage","url":"https:\/\/hidalgo.nl\/de\/product\/digiprint-grs-recycled-pen\/","name":"Digiprint GRS Recycled Pen","description":"Du bekommst einen blau schreibenden Kugelschreiber als recycelter Stift mit GRS-Zertifikat. Bei Hidalgo druckst du dein Logo in Full Colour gro\u00dffl\u00e4chig auf, ideal f\u00fcr Events und den t\u00e4glichen Einsatz, damit deine Marke lange sichtbar bleibt.","inLanguage":"de-DE","isPartOf":{"@id":"https:\/\/hidalgo.nl\/de\/#website"},"breadcrumb":{"@id":"https:\/\/hidalgo.nl\/de\/product\/digiprint-grs-recycled-pen\/#breadcrumblist"},"image":{"@type":"ImageObject","url":"https:\/\/shop.hidalgo.nl\/wp-content\/uploads\/2025\/07\/da8f6670d2455cf806c1d7398ffdb9d42e35987471bbdb46830796fb66ede8db.jpg","@id":"https:\/\/hidalgo.nl\/de\/product\/digiprint-grs-recycled-pen\/#mainImage","width":1000,"height":1000},"primaryImageOfPage":{"@id":"https:\/\/hidalgo.nl\/de\/product\/digiprint-grs-recycled-pen\/#mainImage"},"datePublished":"2025-07-11T07:47:32+00:00","dateModified":"2026-03-21T12:18:17+00:00"},{"@type":"WebSite","@id":"https:\/\/hidalgo.nl\/de\/#website","url":"https:\/\/hidalgo.nl\/de\/","name":"Hidalgo","inLanguage":"de-DE","publisher":{"@id":"https:\/\/hidalgo.nl\/de\/#organization"}}]},"og:locale":"de_DE","og:site_name":"Hidalgo -","og:type":"article","og:title":"Digiprint GRS Recycled Pen","og:description":"Du bekommst einen blau schreibenden Kugelschreiber als recycelter Stift mit GRS-Zertifikat. Bei Hidalgo druckst du dein Logo in Full Colour gro\u00dffl\u00e4chig auf, ideal f\u00fcr Events und den t\u00e4glichen Einsatz, damit deine Marke lange sichtbar bleibt.","og:url":"https:\/\/hidalgo.nl\/de\/wp-json\/wp\/v2\/product\/161398","og:image":"https:\/\/shop.hidalgo.nl\/wp-content\/uploads\/2025\/11\/cropped-Hidalgo-est1993.png","og:image:secure_url":"https:\/\/shop.hidalgo.nl\/wp-content\/uploads\/2025\/11\/cropped-Hidalgo-est1993.png","article:published_time":"2025-07-11T07:47:32+00:00","article:modified_time":"2026-03-21T12:18:17+00:00","twitter:card":"summary_large_image","twitter:title":"Digiprint GRS Recycled Pen","twitter:description":"Du bekommst einen blau schreibenden Kugelschreiber als recycelter Stift mit GRS-Zertifikat. Bei Hidalgo druckst du dein Logo in Full Colour gro\u00dffl\u00e4chig auf, ideal f\u00fcr Events und den t\u00e4glichen Einsatz, damit deine Marke lange sichtbar bleibt.","twitter:image":"https:\/\/shop.hidalgo.nl\/wp-content\/uploads\/2025\/11\/cropped-Hidalgo-est1993.png"},"aioseo_meta_data":{"post_id":"161398","title":null,"description":null,"keywords":null,"keyphrases":null,"primary_term":null,"canonical_url":null,"og_title":null,"og_description":null,"og_object_type":"default","og_image_type":"default","og_image_url":null,"og_image_width":null,"og_image_height":null,"og_image_custom_url":null,"og_image_custom_fields":null,"og_video":null,"og_custom_url":null,"og_article_section":null,"og_article_tags":null,"twitter_use_og":false,"twitter_card":"default","twitter_image_type":"default","twitter_image_url":null,"twitter_image_custom_url":null,"twitter_image_custom_fields":null,"twitter_title":null,"twitter_description":null,"schema":{"blockGraphs":[],"customGraphs":[],"default":{"data":{"Article":[],"Course":[],"Dataset":[],"FAQPage":[],"Movie":[],"Person":[],"Product":[],"ProductReview":[],"Car":[],"Recipe":[],"Service":[],"SoftwareApplication":[],"WebPage":[]},"graphName":"","isEnabled":true},"graphs":[]},"schema_type":"default","schema_type_options":null,"pillar_content":false,"robots_default":true,"robots_noindex":false,"robots_noarchive":false,"robots_nosnippet":false,"robots_nofollow":false,"robots_noimageindex":false,"robots_noodp":false,"robots_notranslate":false,"robots_max_snippet":null,"robots_max_videopreview":null,"robots_max_imagepreview":"large","priority":null,"frequency":null,"local_seo":null,"seo_analyzer_scan_date":"2026-01-22 14:54:14","breadcrumb_settings":null,"limit_modified_date":false,"reviewed_by":null,"open_ai":null,"ai":null,"created":"2026-01-14 07:02:59","updated":"2026-03-21 12:25:03"},"aioseo_breadcrumb":"<div class=\"aioseo-breadcrumbs\"><span class=\"aioseo-breadcrumb\">\n\t<a href=\"https:\/\/hidalgo.nl\/de\/\" title=\"Home\">Home<\/a>\n<\/span><span class=\"aioseo-breadcrumb-separator\">\u00bb<\/span><span class=\"aioseo-breadcrumb\">\n\t<a href=\"https:\/\/hidalgo.nl\/example\/\" title=\"example\">example<\/a>\n<\/span><span class=\"aioseo-breadcrumb-separator\">\u00bb<\/span><span class=\"aioseo-breadcrumb\">\n\t<a href=\"https:\/\/hidalgo.nl\/en\/product-supplier\/a24\/\" title=\"A24\">A24<\/a>\n<\/span><span class=\"aioseo-breadcrumb-separator\">\u00bb<\/span><span class=\"aioseo-breadcrumb\">\n\tDigiprint GRS Recycled Pen\n<\/span><\/div>","aioseo_breadcrumb_json":[{"label":"Home","link":"https:\/\/hidalgo.nl\/de\/"},{"label":"example","link":"https:\/\/hidalgo.nl\/example\/"},{"label":"A24","link":"https:\/\/hidalgo.nl\/en\/product-supplier\/a24\/"},{"label":"Digiprint GRS Recycled Pen","link":"https:\/\/hidalgo.nl\/de\/product\/digiprint-grs-recycled-pen\/"}],"_links":{"self":[{"href":"https:\/\/hidalgo.nl\/de\/wp-json\/wp\/v2\/product\/161398","targetHints":{"allow":["GET"]}}],"collection":[{"href":"https:\/\/hidalgo.nl\/de\/wp-json\/wp\/v2\/product"}],"about":[{"href":"https:\/\/hidalgo.nl\/de\/wp-json\/wp\/v2\/types\/product"}],"wp:featuredmedia":[{"embeddable":true,"href":"https:\/\/hidalgo.nl\/de\/wp-json\/wp\/v2\/media\/161399"}],"wp:attachment":[{"href":"https:\/\/hidalgo.nl\/de\/wp-json\/wp\/v2\/media?parent=161398"}],"wp:term":[{"taxonomy":"product_brand","embeddable":true,"href":"https:\/\/hidalgo.nl\/de\/wp-json\/wp\/v2\/product_brand?post=161398"},{"taxonomy":"product_cat","embeddable":true,"href":"https:\/\/hidalgo.nl\/de\/wp-json\/wp\/v2\/product_cat?post=161398"},{"taxonomy":"product_tag","embeddable":true,"href":"https:\/\/hidalgo.nl\/de\/wp-json\/wp\/v2\/product_tag?post=161398"}],"curies":[{"name":"wp","href":"https:\/\/api.w.org\/{rel}","templated":true}]}}