{"id":160393,"date":"2025-07-10T01:14:29","date_gmt":"2025-07-10T01:14:29","guid":{"rendered":"http:\/\/bidonsenshakers.pim.hidalgo.nl\/product\/mepal-basic-bento-lunchbowl-vita-15-l\/"},"modified":"2026-02-26T07:37:22","modified_gmt":"2026-02-26T07:37:22","slug":"mepal-basic-bento-lunchbowl-vita-15-l","status":"publish","type":"product","link":"https:\/\/hidalgo.nl\/de\/product\/mepal-basic-bento-lunchbowl-vita-15-l\/","title":{"rendered":"Mepal Basic Bento Lunchbowl Vita 1,5 L"},"content":{"rendered":"<p>Kunststof lunchbowl van het merk Mepal. Het transparante schroefdeksel opent en sluit met een twist en zorgt voor een lucht- en lekdichte afsluiting. Met drie uitneembare bakjes: een tray met verdeler, een klein afsluitbaar bakje voor dressing of topping en een groter bakje met deksel. De bowl is ideaal voor een lunch onderweg, in de collegezaal of op je werkplek. Geschikt voor magnetron (deksel mag los op de bowl), diepvries en vaatwasser. Voor behoud van de opdruk wordt met de hand afwassen aanbevolen. Het product is 100% recyclebaar. Met 2 jaar Mepal fabrieksgarantie. Inhoud 1.500 ml. Made in Holland.    VOORRAAD INFORMATIE: Tot 1.000 stuks beschikbaar binnen 10 werkdagen. Uitzonderingen voorbehouden.<\/p>\n","protected":false},"excerpt":{"rendered":"<p>Kunststof lunchbowl van het merk Mepal. Het transparante schroefdeksel opent en sluit met een twist en zorgt voor een lucht- en lekdichte afsluiting. Met drie uitneembare bakjes: een tray met verdeler, een klein afsluitbaar bakje voor dressing of topping en een groter bakje met deksel. De bowl is ideaal voor een lunch onderweg, in de&hellip; <a class=\"more-link\" href=\"https:\/\/hidalgo.nl\/de\/product\/mepal-basic-bento-lunchbowl-vita-15-l\/\"><span class=\"screen-reader-text\">Mepal Basic Bento Lunchbowl Vita 1,5 L<\/span> weiterlesen<\/a><\/p>\n","protected":false},"featured_media":576967,"template":"","meta":{"_acf_changed":false,"om_disable_all_campaigns":false,"_monsterinsights_skip_tracking":false,"_monsterinsights_sitenote_active":false,"_monsterinsights_sitenote_note":"","_monsterinsights_sitenote_category":0},"product_brand":[1839],"product_cat":[4732,4922],"product_tag":[],"class_list":{"0":"post-160393","1":"product","2":"type-product","3":"status-publish","4":"has-post-thumbnail","6":"product_supplier-a508","7":"product_material-pp-plasticsiliconen","8":"product_brand-mepal","9":"product_cat-bidons-drinkflessen","10":"product_cat-bidons-drinkflessen-lunchboxen-lunchpots","11":"entry","13":"first","14":"instock","15":"taxable","16":"shipping-taxable","17":"purchasable","18":"product-type-variable"},"acf":{"imprint_cost":[{"imprint_cost_key":"955e14947578d962d52d6e0d5eb75a5b8cef8c37","product_quantity_price_range":[{"imprint_cost_recommended_selling_price":"2.385","imprint_cost_recommended_selling_quantity":"1"},{"imprint_cost_recommended_selling_price":"1.725","imprint_cost_recommended_selling_quantity":"25"},{"imprint_cost_recommended_selling_price":"1.185","imprint_cost_recommended_selling_quantity":"50"},{"imprint_cost_recommended_selling_price":"0.885","imprint_cost_recommended_selling_quantity":"100"},{"imprint_cost_recommended_selling_price":"0.735","imprint_cost_recommended_selling_quantity":"250"},{"imprint_cost_recommended_selling_price":"0.585","imprint_cost_recommended_selling_quantity":"500"},{"imprint_cost_recommended_selling_price":"0.495","imprint_cost_recommended_selling_quantity":"1000"},{"imprint_cost_recommended_selling_price":"0.435","imprint_cost_recommended_selling_quantity":"2500"},{"imprint_cost_recommended_selling_price":"0.39","imprint_cost_recommended_selling_quantity":"5000"}],"product_quantity_price_range_buying":[{"imprint_cost_general_buying_price":"1.59","imprint_cost_general_buying_quantity":"1"},{"imprint_cost_general_buying_price":"1.15","imprint_cost_general_buying_quantity":"25"},{"imprint_cost_general_buying_price":"0.79","imprint_cost_general_buying_quantity":"50"},{"imprint_cost_general_buying_price":"0.59","imprint_cost_general_buying_quantity":"100"},{"imprint_cost_general_buying_price":"0.49","imprint_cost_general_buying_quantity":"250"},{"imprint_cost_general_buying_price":"0.39","imprint_cost_general_buying_quantity":"500"},{"imprint_cost_general_buying_price":"0.33","imprint_cost_general_buying_quantity":"1000"},{"imprint_cost_general_buying_price":"0.29","imprint_cost_general_buying_quantity":"2500"},{"imprint_cost_general_buying_price":"0.26","imprint_cost_general_buying_quantity":"5000"}],"imprint_cost_setup_costs":"45","imprint_cost_handling_costs":"0.24"},{"imprint_cost_key":"055f7ea465e3d8df5a04eafd951f0a72c83849e6","product_quantity_price_range":[{"imprint_cost_recommended_selling_price":"4.77","imprint_cost_recommended_selling_quantity":"1"},{"imprint_cost_recommended_selling_price":"3.45","imprint_cost_recommended_selling_quantity":"25"},{"imprint_cost_recommended_selling_price":"2.37","imprint_cost_recommended_selling_quantity":"50"},{"imprint_cost_recommended_selling_price":"1.77","imprint_cost_recommended_selling_quantity":"100"},{"imprint_cost_recommended_selling_price":"1.47","imprint_cost_recommended_selling_quantity":"250"},{"imprint_cost_recommended_selling_price":"1.17","imprint_cost_recommended_selling_quantity":"500"},{"imprint_cost_recommended_selling_price":"0.99","imprint_cost_recommended_selling_quantity":"1000"},{"imprint_cost_recommended_selling_price":"0.87","imprint_cost_recommended_selling_quantity":"2500"},{"imprint_cost_recommended_selling_price":"0.78","imprint_cost_recommended_selling_quantity":"5000"}],"product_quantity_price_range_buying":[{"imprint_cost_general_buying_price":"3.18","imprint_cost_general_buying_quantity":"1"},{"imprint_cost_general_buying_price":"2.3","imprint_cost_general_buying_quantity":"25"},{"imprint_cost_general_buying_price":"1.58","imprint_cost_general_buying_quantity":"50"},{"imprint_cost_general_buying_price":"1.18","imprint_cost_general_buying_quantity":"100"},{"imprint_cost_general_buying_price":"0.98","imprint_cost_general_buying_quantity":"250"},{"imprint_cost_general_buying_price":"0.78","imprint_cost_general_buying_quantity":"500"},{"imprint_cost_general_buying_price":"0.66","imprint_cost_general_buying_quantity":"1000"},{"imprint_cost_general_buying_price":"0.58","imprint_cost_general_buying_quantity":"2500"},{"imprint_cost_general_buying_price":"0.52","imprint_cost_general_buying_quantity":"5000"}],"imprint_cost_setup_costs":"90","imprint_cost_handling_costs":"0.24"}]},"aioseo_notices":[],"aioseo_head":"\n\t\t<!-- All in One SEO Pro 4.9.6.2 - aioseo.com -->\n\t<meta name=\"description\" content=\"Packe dein Mittagessen clever f\u00fcr B\u00fcro, Uni &amp; unterwegs: Die Bento-Bowl von Mepal h\u00e4lt mit dicht schlie\u00dfendem Schraubdeckel zuverl\u00e4ssig dicht, bietet drei Eins\u00e4tze und eignet sich als Mikrowellengeschirr. Auf Wunsch druckt Hidalgo dein Logo - ideal als Brotdose to go f\u00fcr Teams &amp; Events.\" \/>\n\t<meta name=\"robots\" content=\"max-image-preview:large\" \/>\n\t<link rel=\"canonical\" href=\"https:\/\/hidalgo.nl\/de\/wp-json\/wp\/v2\/product\/160393\" \/>\n\t<meta name=\"generator\" content=\"All in One SEO Pro (AIOSEO) 4.9.6.2\" \/>\n\t\t<meta property=\"og:locale\" content=\"de_DE\" \/>\n\t\t<meta property=\"og:site_name\" content=\"Hidalgo -\" \/>\n\t\t<meta property=\"og:type\" content=\"article\" \/>\n\t\t<meta property=\"og:title\" content=\"Mepal Basic Bento Lunchbowl Vita 1,5 L\" \/>\n\t\t<meta property=\"og:description\" content=\"Packe dein Mittagessen clever f\u00fcr B\u00fcro, Uni &amp; unterwegs: Die Bento-Bowl von Mepal h\u00e4lt mit dicht schlie\u00dfendem Schraubdeckel zuverl\u00e4ssig dicht, bietet drei Eins\u00e4tze und eignet sich als Mikrowellengeschirr. Auf Wunsch druckt Hidalgo dein Logo - ideal als Brotdose to go f\u00fcr Teams &amp; Events.\" \/>\n\t\t<meta property=\"og:url\" content=\"https:\/\/hidalgo.nl\/de\/wp-json\/wp\/v2\/product\/160393\" \/>\n\t\t<meta property=\"og:image\" content=\"https:\/\/shop.hidalgo.nl\/wp-content\/uploads\/2025\/11\/cropped-Hidalgo-est1993.png\" \/>\n\t\t<meta property=\"og:image:secure_url\" content=\"https:\/\/shop.hidalgo.nl\/wp-content\/uploads\/2025\/11\/cropped-Hidalgo-est1993.png\" \/>\n\t\t<meta property=\"article:published_time\" content=\"2025-07-10T01:14:29+00:00\" \/>\n\t\t<meta property=\"article:modified_time\" content=\"2026-02-26T07:37:22+00:00\" \/>\n\t\t<meta name=\"twitter:card\" content=\"summary_large_image\" \/>\n\t\t<meta name=\"twitter:title\" content=\"Mepal Basic Bento Lunchbowl Vita 1,5 L\" \/>\n\t\t<meta name=\"twitter:description\" content=\"Packe dein Mittagessen clever f\u00fcr B\u00fcro, Uni &amp; unterwegs: Die Bento-Bowl von Mepal h\u00e4lt mit dicht schlie\u00dfendem Schraubdeckel zuverl\u00e4ssig dicht, bietet drei Eins\u00e4tze und eignet sich als Mikrowellengeschirr. Auf Wunsch druckt Hidalgo dein Logo - ideal als Brotdose to go f\u00fcr Teams &amp; Events.\" \/>\n\t\t<meta name=\"twitter:image\" content=\"https:\/\/shop.hidalgo.nl\/wp-content\/uploads\/2025\/11\/cropped-Hidalgo-est1993.png\" \/>\n\t\t<script type=\"application\/ld+json\" class=\"aioseo-schema\">\n\t\t\t{\"@context\":\"https:\\\/\\\/schema.org\",\"@graph\":[{\"@type\":\"BreadcrumbList\",\"@id\":\"https:\\\/\\\/hidalgo.nl\\\/de\\\/product\\\/mepal-basic-bento-lunchbowl-vita-15-l\\\/#breadcrumblist\",\"itemListElement\":[{\"@type\":\"ListItem\",\"@id\":\"https:\\\/\\\/hidalgo.nl\\\/de\\\/#listItem\",\"position\":1,\"name\":\"Home\",\"item\":\"https:\\\/\\\/hidalgo.nl\\\/de\\\/\",\"nextItem\":{\"@type\":\"ListItem\",\"@id\":\"https:\\\/\\\/hidalgo.nl\\\/example\\\/#listItem\",\"name\":\"example\"}},{\"@type\":\"ListItem\",\"@id\":\"https:\\\/\\\/hidalgo.nl\\\/example\\\/#listItem\",\"position\":2,\"name\":\"example\",\"item\":\"https:\\\/\\\/hidalgo.nl\\\/example\\\/\",\"nextItem\":{\"@type\":\"ListItem\",\"@id\":\"https:\\\/\\\/hidalgo.nl\\\/en\\\/product-supplier\\\/a508\\\/#listItem\",\"name\":\"A508\"},\"previousItem\":{\"@type\":\"ListItem\",\"@id\":\"https:\\\/\\\/hidalgo.nl\\\/de\\\/#listItem\",\"name\":\"Home\"}},{\"@type\":\"ListItem\",\"@id\":\"https:\\\/\\\/hidalgo.nl\\\/en\\\/product-supplier\\\/a508\\\/#listItem\",\"position\":3,\"name\":\"A508\",\"item\":\"https:\\\/\\\/hidalgo.nl\\\/en\\\/product-supplier\\\/a508\\\/\",\"nextItem\":{\"@type\":\"ListItem\",\"@id\":\"https:\\\/\\\/hidalgo.nl\\\/de\\\/product\\\/mepal-basic-bento-lunchbowl-vita-15-l\\\/#listItem\",\"name\":\"Mepal Basic Bento Lunchbowl Vita 1,5 L\"},\"previousItem\":{\"@type\":\"ListItem\",\"@id\":\"https:\\\/\\\/hidalgo.nl\\\/example\\\/#listItem\",\"name\":\"example\"}},{\"@type\":\"ListItem\",\"@id\":\"https:\\\/\\\/hidalgo.nl\\\/de\\\/product\\\/mepal-basic-bento-lunchbowl-vita-15-l\\\/#listItem\",\"position\":4,\"name\":\"Mepal Basic Bento Lunchbowl Vita 1,5 L\",\"previousItem\":{\"@type\":\"ListItem\",\"@id\":\"https:\\\/\\\/hidalgo.nl\\\/en\\\/product-supplier\\\/a508\\\/#listItem\",\"name\":\"A508\"}}]},{\"@type\":\"Organization\",\"@id\":\"https:\\\/\\\/hidalgo.nl\\\/de\\\/#organization\",\"name\":\"Hidalgo\",\"url\":\"https:\\\/\\\/hidalgo.nl\\\/de\\\/\",\"logo\":{\"@type\":\"ImageObject\",\"url\":\"https:\\\/\\\/shop.hidalgo.nl\\\/wp-content\\\/uploads\\\/2025\\\/11\\\/cropped-Hidalgo-est1993.png\",\"@id\":\"https:\\\/\\\/hidalgo.nl\\\/de\\\/product\\\/mepal-basic-bento-lunchbowl-vita-15-l\\\/#organizationLogo\",\"width\":585,\"height\":195},\"image\":{\"@id\":\"https:\\\/\\\/hidalgo.nl\\\/de\\\/product\\\/mepal-basic-bento-lunchbowl-vita-15-l\\\/#organizationLogo\"}},{\"@type\":\"ProductGroup\",\"@id\":\"https:\\\/\\\/hidalgo.nl\\\/de\\\/product\\\/mepal-basic-bento-lunchbowl-vita-15-l\\\/#wooCommerceProduct\",\"name\":\"Mepal Basic Bento Lunchbowl Vita 1,5 L\",\"url\":\"https:\\\/\\\/hidalgo.nl\\\/de\\\/product\\\/mepal-basic-bento-lunchbowl-vita-15-l\\\/\",\"brand\":{\"@type\":\"Brand\",\"name\":\"Mepal\"},\"sku\":\"A508-2907\",\"image\":{\"@type\":\"ImageObject\",\"url\":\"https:\\\/\\\/shop.hidalgo.nl\\\/wp-content\\\/uploads\\\/2025\\\/05\\\/c0a8f0c4bbfc8c2361b64186924911f095bda4ad4ca248c557fd3074ba42ce64.jpg\",\"@id\":\"https:\\\/\\\/hidalgo.nl\\\/de\\\/product\\\/mepal-basic-bento-lunchbowl-vita-15-l\\\/#productImage\"},\"productGroupID\":160393,\"hasVariant\":[{\"@type\":\"Product\",\"@id\":\"https:\\\/\\\/hidalgo.nl\\\/de\\\/product\\\/mepal-basic-bento-lunchbowl-vita-15-l\\\/#wooCommerceProduct\",\"name\":\"Mepal Basic Bento Lunchbowl Vita 1,5 L - nordic-black\",\"url\":\"https:\\\/\\\/hidalgo.nl\\\/de\\\/product\\\/mepal-basic-bento-lunchbowl-vita-15-l\\\/\",\"sku\":\"A508-290798\",\"image\":{\"@type\":\"ImageObject\",\"url\":\"https:\\\/\\\/shop.hidalgo.nl\\\/wp-content\\\/uploads\\\/2025\\\/07\\\/c0a8f0c4bbfc8c2361b64186924911f095bda4ad4ca248c557fd3074ba42ce64.jpg\",\"@id\":\"https:\\\/\\\/hidalgo.nl\\\/de\\\/product\\\/mepal-basic-bento-lunchbowl-vita-15-l\\\/#productImage\",\"width\":1000,\"height\":1000},\"offers\":{\"@type\":\"Offer\",\"url\":\"https:\\\/\\\/hidalgo.nl\\\/de\\\/product\\\/mepal-basic-bento-lunchbowl-vita-15-l\\\/#wooCommerceOffer\",\"price\":\"25.425\",\"priceCurrency\":\"EUR\",\"category\":\"Bidons &amp; drinkflessen\",\"availability\":\"https:\\\/\\\/schema.org\\\/InStock\",\"priceSpecification\":{\"@type\":\"PriceSpecification\",\"price\":25.425,\"priceCurrency\":\"EUR\",\"valueAddedTaxIncluded\":\"true\"}}},{\"@type\":\"Product\",\"@id\":\"https:\\\/\\\/hidalgo.nl\\\/de\\\/product\\\/mepal-basic-bento-lunchbowl-vita-15-l\\\/#wooCommerceProduct\",\"name\":\"Mepal Basic Bento Lunchbowl Vita 1,5 L - vivid-blue\",\"url\":\"https:\\\/\\\/hidalgo.nl\\\/de\\\/product\\\/mepal-basic-bento-lunchbowl-vita-15-l\\\/\",\"sku\":\"A508-290734\",\"image\":{\"@type\":\"ImageObject\",\"url\":\"https:\\\/\\\/shop.hidalgo.nl\\\/wp-content\\\/uploads\\\/2025\\\/07\\\/d5a0f81f40778dbcf8230d5d23f0b9450e80b6bfa4d5224afc8f59b6ae5ef60c.jpg\",\"@id\":\"https:\\\/\\\/hidalgo.nl\\\/de\\\/product\\\/mepal-basic-bento-lunchbowl-vita-15-l\\\/#productImage\",\"width\":1000,\"height\":1000},\"offers\":{\"@type\":\"Offer\",\"url\":\"https:\\\/\\\/hidalgo.nl\\\/de\\\/product\\\/mepal-basic-bento-lunchbowl-vita-15-l\\\/#wooCommerceOffer\",\"price\":\"25.425\",\"priceCurrency\":\"EUR\",\"category\":\"Bidons &amp; drinkflessen\",\"availability\":\"https:\\\/\\\/schema.org\\\/InStock\",\"priceSpecification\":{\"@type\":\"PriceSpecification\",\"price\":25.425,\"priceCurrency\":\"EUR\",\"valueAddedTaxIncluded\":\"true\"}}}]},{\"@type\":\"WebPage\",\"@id\":\"https:\\\/\\\/hidalgo.nl\\\/de\\\/product\\\/mepal-basic-bento-lunchbowl-vita-15-l\\\/#webpage\",\"url\":\"https:\\\/\\\/hidalgo.nl\\\/de\\\/product\\\/mepal-basic-bento-lunchbowl-vita-15-l\\\/\",\"name\":\"Mepal Basic Bento Lunchbowl Vita 1,5 L\",\"description\":\"Packe dein Mittagessen clever f\\u00fcr B\\u00fcro, Uni & unterwegs: Die Bento-Bowl von Mepal h\\u00e4lt mit dicht schlie\\u00dfendem Schraubdeckel zuverl\\u00e4ssig dicht, bietet drei Eins\\u00e4tze und eignet sich als Mikrowellengeschirr. Auf Wunsch druckt Hidalgo dein Logo - ideal als Brotdose to go f\\u00fcr Teams & Events.\",\"inLanguage\":\"de-DE\",\"isPartOf\":{\"@id\":\"https:\\\/\\\/hidalgo.nl\\\/de\\\/#website\"},\"breadcrumb\":{\"@id\":\"https:\\\/\\\/hidalgo.nl\\\/de\\\/product\\\/mepal-basic-bento-lunchbowl-vita-15-l\\\/#breadcrumblist\"},\"image\":{\"@type\":\"ImageObject\",\"url\":\"https:\\\/\\\/shop.hidalgo.nl\\\/wp-content\\\/uploads\\\/2025\\\/05\\\/c0a8f0c4bbfc8c2361b64186924911f095bda4ad4ca248c557fd3074ba42ce64.jpg\",\"@id\":\"https:\\\/\\\/hidalgo.nl\\\/de\\\/product\\\/mepal-basic-bento-lunchbowl-vita-15-l\\\/#mainImage\"},\"primaryImageOfPage\":{\"@id\":\"https:\\\/\\\/hidalgo.nl\\\/de\\\/product\\\/mepal-basic-bento-lunchbowl-vita-15-l\\\/#mainImage\"},\"datePublished\":\"2025-07-10T01:14:29+00:00\",\"dateModified\":\"2026-02-26T07:37:22+00:00\"},{\"@type\":\"WebSite\",\"@id\":\"https:\\\/\\\/hidalgo.nl\\\/de\\\/#website\",\"url\":\"https:\\\/\\\/hidalgo.nl\\\/de\\\/\",\"name\":\"Hidalgo\",\"inLanguage\":\"de-DE\",\"publisher\":{\"@id\":\"https:\\\/\\\/hidalgo.nl\\\/de\\\/#organization\"}}]}\n\t\t<\/script>\n\t\t<!-- All in One SEO Pro -->\r\n\t\t<title>Mepal Basic Bento Lunchbowl Vita 1,5 L<\/title>\n\n","aioseo_head_json":{"title":"Mepal Basic Bento Lunchbowl Vita 1,5 L","description":"Packe dein Mittagessen clever f\u00fcr B\u00fcro, Uni & unterwegs: Die Bento-Bowl von Mepal h\u00e4lt mit dicht schlie\u00dfendem Schraubdeckel zuverl\u00e4ssig dicht, bietet drei Eins\u00e4tze und eignet sich als Mikrowellengeschirr. Auf Wunsch druckt Hidalgo dein Logo - ideal als Brotdose to go f\u00fcr Teams & Events.","canonical_url":"https:\/\/hidalgo.nl\/de\/wp-json\/wp\/v2\/product\/160393","robots":"max-image-preview:large","keywords":"","webmasterTools":{"miscellaneous":""},"schema":{"@context":"https:\/\/schema.org","@graph":[{"@type":"BreadcrumbList","@id":"https:\/\/hidalgo.nl\/de\/product\/mepal-basic-bento-lunchbowl-vita-15-l\/#breadcrumblist","itemListElement":[{"@type":"ListItem","@id":"https:\/\/hidalgo.nl\/de\/#listItem","position":1,"name":"Home","item":"https:\/\/hidalgo.nl\/de\/","nextItem":{"@type":"ListItem","@id":"https:\/\/hidalgo.nl\/example\/#listItem","name":"example"}},{"@type":"ListItem","@id":"https:\/\/hidalgo.nl\/example\/#listItem","position":2,"name":"example","item":"https:\/\/hidalgo.nl\/example\/","nextItem":{"@type":"ListItem","@id":"https:\/\/hidalgo.nl\/en\/product-supplier\/a508\/#listItem","name":"A508"},"previousItem":{"@type":"ListItem","@id":"https:\/\/hidalgo.nl\/de\/#listItem","name":"Home"}},{"@type":"ListItem","@id":"https:\/\/hidalgo.nl\/en\/product-supplier\/a508\/#listItem","position":3,"name":"A508","item":"https:\/\/hidalgo.nl\/en\/product-supplier\/a508\/","nextItem":{"@type":"ListItem","@id":"https:\/\/hidalgo.nl\/de\/product\/mepal-basic-bento-lunchbowl-vita-15-l\/#listItem","name":"Mepal Basic Bento Lunchbowl Vita 1,5 L"},"previousItem":{"@type":"ListItem","@id":"https:\/\/hidalgo.nl\/example\/#listItem","name":"example"}},{"@type":"ListItem","@id":"https:\/\/hidalgo.nl\/de\/product\/mepal-basic-bento-lunchbowl-vita-15-l\/#listItem","position":4,"name":"Mepal Basic Bento Lunchbowl Vita 1,5 L","previousItem":{"@type":"ListItem","@id":"https:\/\/hidalgo.nl\/en\/product-supplier\/a508\/#listItem","name":"A508"}}]},{"@type":"Organization","@id":"https:\/\/hidalgo.nl\/de\/#organization","name":"Hidalgo","url":"https:\/\/hidalgo.nl\/de\/","logo":{"@type":"ImageObject","url":"https:\/\/shop.hidalgo.nl\/wp-content\/uploads\/2025\/11\/cropped-Hidalgo-est1993.png","@id":"https:\/\/hidalgo.nl\/de\/product\/mepal-basic-bento-lunchbowl-vita-15-l\/#organizationLogo","width":585,"height":195},"image":{"@id":"https:\/\/hidalgo.nl\/de\/product\/mepal-basic-bento-lunchbowl-vita-15-l\/#organizationLogo"}},{"@type":"ProductGroup","@id":"https:\/\/hidalgo.nl\/de\/product\/mepal-basic-bento-lunchbowl-vita-15-l\/#wooCommerceProduct","name":"Mepal Basic Bento Lunchbowl Vita 1,5 L","url":"https:\/\/hidalgo.nl\/de\/product\/mepal-basic-bento-lunchbowl-vita-15-l\/","brand":{"@type":"Brand","name":"Mepal"},"sku":"A508-2907","image":{"@type":"ImageObject","url":"https:\/\/shop.hidalgo.nl\/wp-content\/uploads\/2025\/05\/c0a8f0c4bbfc8c2361b64186924911f095bda4ad4ca248c557fd3074ba42ce64.jpg","@id":"https:\/\/hidalgo.nl\/de\/product\/mepal-basic-bento-lunchbowl-vita-15-l\/#productImage"},"productGroupID":160393,"hasVariant":[{"@type":"Product","@id":"https:\/\/hidalgo.nl\/de\/product\/mepal-basic-bento-lunchbowl-vita-15-l\/#wooCommerceProduct","name":"Mepal Basic Bento Lunchbowl Vita 1,5 L - nordic-black","url":"https:\/\/hidalgo.nl\/de\/product\/mepal-basic-bento-lunchbowl-vita-15-l\/","sku":"A508-290798","image":{"@type":"ImageObject","url":"https:\/\/shop.hidalgo.nl\/wp-content\/uploads\/2025\/07\/c0a8f0c4bbfc8c2361b64186924911f095bda4ad4ca248c557fd3074ba42ce64.jpg","@id":"https:\/\/hidalgo.nl\/de\/product\/mepal-basic-bento-lunchbowl-vita-15-l\/#productImage","width":1000,"height":1000},"offers":{"@type":"Offer","url":"https:\/\/hidalgo.nl\/de\/product\/mepal-basic-bento-lunchbowl-vita-15-l\/#wooCommerceOffer","price":"25.425","priceCurrency":"EUR","category":"Bidons &amp; drinkflessen","availability":"https:\/\/schema.org\/InStock","priceSpecification":{"@type":"PriceSpecification","price":25.425,"priceCurrency":"EUR","valueAddedTaxIncluded":"true"}}},{"@type":"Product","@id":"https:\/\/hidalgo.nl\/de\/product\/mepal-basic-bento-lunchbowl-vita-15-l\/#wooCommerceProduct","name":"Mepal Basic Bento Lunchbowl Vita 1,5 L - vivid-blue","url":"https:\/\/hidalgo.nl\/de\/product\/mepal-basic-bento-lunchbowl-vita-15-l\/","sku":"A508-290734","image":{"@type":"ImageObject","url":"https:\/\/shop.hidalgo.nl\/wp-content\/uploads\/2025\/07\/d5a0f81f40778dbcf8230d5d23f0b9450e80b6bfa4d5224afc8f59b6ae5ef60c.jpg","@id":"https:\/\/hidalgo.nl\/de\/product\/mepal-basic-bento-lunchbowl-vita-15-l\/#productImage","width":1000,"height":1000},"offers":{"@type":"Offer","url":"https:\/\/hidalgo.nl\/de\/product\/mepal-basic-bento-lunchbowl-vita-15-l\/#wooCommerceOffer","price":"25.425","priceCurrency":"EUR","category":"Bidons &amp; drinkflessen","availability":"https:\/\/schema.org\/InStock","priceSpecification":{"@type":"PriceSpecification","price":25.425,"priceCurrency":"EUR","valueAddedTaxIncluded":"true"}}}]},{"@type":"WebPage","@id":"https:\/\/hidalgo.nl\/de\/product\/mepal-basic-bento-lunchbowl-vita-15-l\/#webpage","url":"https:\/\/hidalgo.nl\/de\/product\/mepal-basic-bento-lunchbowl-vita-15-l\/","name":"Mepal Basic Bento Lunchbowl Vita 1,5 L","description":"Packe dein Mittagessen clever f\u00fcr B\u00fcro, Uni & unterwegs: Die Bento-Bowl von Mepal h\u00e4lt mit dicht schlie\u00dfendem Schraubdeckel zuverl\u00e4ssig dicht, bietet drei Eins\u00e4tze und eignet sich als Mikrowellengeschirr. Auf Wunsch druckt Hidalgo dein Logo - ideal als Brotdose to go f\u00fcr Teams & Events.","inLanguage":"de-DE","isPartOf":{"@id":"https:\/\/hidalgo.nl\/de\/#website"},"breadcrumb":{"@id":"https:\/\/hidalgo.nl\/de\/product\/mepal-basic-bento-lunchbowl-vita-15-l\/#breadcrumblist"},"image":{"@type":"ImageObject","url":"https:\/\/shop.hidalgo.nl\/wp-content\/uploads\/2025\/05\/c0a8f0c4bbfc8c2361b64186924911f095bda4ad4ca248c557fd3074ba42ce64.jpg","@id":"https:\/\/hidalgo.nl\/de\/product\/mepal-basic-bento-lunchbowl-vita-15-l\/#mainImage"},"primaryImageOfPage":{"@id":"https:\/\/hidalgo.nl\/de\/product\/mepal-basic-bento-lunchbowl-vita-15-l\/#mainImage"},"datePublished":"2025-07-10T01:14:29+00:00","dateModified":"2026-02-26T07:37:22+00:00"},{"@type":"WebSite","@id":"https:\/\/hidalgo.nl\/de\/#website","url":"https:\/\/hidalgo.nl\/de\/","name":"Hidalgo","inLanguage":"de-DE","publisher":{"@id":"https:\/\/hidalgo.nl\/de\/#organization"}}]},"og:locale":"de_DE","og:site_name":"Hidalgo -","og:type":"article","og:title":"Mepal Basic Bento Lunchbowl Vita 1,5 L","og:description":"Packe dein Mittagessen clever f\u00fcr B\u00fcro, Uni &amp; unterwegs: Die Bento-Bowl von Mepal h\u00e4lt mit dicht schlie\u00dfendem Schraubdeckel zuverl\u00e4ssig dicht, bietet drei Eins\u00e4tze und eignet sich als Mikrowellengeschirr. Auf Wunsch druckt Hidalgo dein Logo - ideal als Brotdose to go f\u00fcr Teams &amp; Events.","og:url":"https:\/\/hidalgo.nl\/de\/wp-json\/wp\/v2\/product\/160393","og:image":"https:\/\/shop.hidalgo.nl\/wp-content\/uploads\/2025\/11\/cropped-Hidalgo-est1993.png","og:image:secure_url":"https:\/\/shop.hidalgo.nl\/wp-content\/uploads\/2025\/11\/cropped-Hidalgo-est1993.png","article:published_time":"2025-07-10T01:14:29+00:00","article:modified_time":"2026-02-26T07:37:22+00:00","twitter:card":"summary_large_image","twitter:title":"Mepal Basic Bento Lunchbowl Vita 1,5 L","twitter:description":"Packe dein Mittagessen clever f\u00fcr B\u00fcro, Uni &amp; unterwegs: Die Bento-Bowl von Mepal h\u00e4lt mit dicht schlie\u00dfendem Schraubdeckel zuverl\u00e4ssig dicht, bietet drei Eins\u00e4tze und eignet sich als Mikrowellengeschirr. Auf Wunsch druckt Hidalgo dein Logo - ideal als Brotdose to go f\u00fcr Teams &amp; Events.","twitter:image":"https:\/\/shop.hidalgo.nl\/wp-content\/uploads\/2025\/11\/cropped-Hidalgo-est1993.png"},"aioseo_meta_data":{"post_id":"160393","title":null,"description":null,"keywords":null,"keyphrases":null,"primary_term":null,"canonical_url":null,"og_title":null,"og_description":null,"og_object_type":"default","og_image_type":"default","og_image_url":null,"og_image_width":null,"og_image_height":null,"og_image_custom_url":null,"og_image_custom_fields":null,"og_video":null,"og_custom_url":null,"og_article_section":null,"og_article_tags":null,"twitter_use_og":false,"twitter_card":"default","twitter_image_type":"default","twitter_image_url":null,"twitter_image_custom_url":null,"twitter_image_custom_fields":null,"twitter_title":null,"twitter_description":null,"schema":{"blockGraphs":[],"customGraphs":[],"default":{"data":{"Article":[],"Course":[],"Dataset":[],"FAQPage":[],"Movie":[],"Person":[],"Product":[],"ProductReview":[],"Car":[],"Recipe":[],"Service":[],"SoftwareApplication":[],"WebPage":[]},"graphName":"","isEnabled":true},"graphs":[]},"schema_type":"default","schema_type_options":null,"pillar_content":false,"robots_default":true,"robots_noindex":false,"robots_noarchive":false,"robots_nosnippet":false,"robots_nofollow":false,"robots_noimageindex":false,"robots_noodp":false,"robots_notranslate":false,"robots_max_snippet":null,"robots_max_videopreview":null,"robots_max_imagepreview":"large","priority":null,"frequency":null,"local_seo":null,"seo_analyzer_scan_date":"2026-01-22 14:49:11","breadcrumb_settings":null,"limit_modified_date":false,"reviewed_by":null,"open_ai":null,"ai":null,"created":"2026-01-14 07:02:59","updated":"2026-04-23 00:19:51"},"aioseo_breadcrumb":"<div class=\"aioseo-breadcrumbs\"><span class=\"aioseo-breadcrumb\">\n\t<a href=\"https:\/\/hidalgo.nl\/de\/\" title=\"Home\">Home<\/a>\n<\/span><span class=\"aioseo-breadcrumb-separator\">\u00bb<\/span><span class=\"aioseo-breadcrumb\">\n\t<a href=\"https:\/\/hidalgo.nl\/example\/\" title=\"example\">example<\/a>\n<\/span><span class=\"aioseo-breadcrumb-separator\">\u00bb<\/span><span class=\"aioseo-breadcrumb\">\n\t<a href=\"https:\/\/hidalgo.nl\/en\/product-supplier\/a508\/\" title=\"A508\">A508<\/a>\n<\/span><span class=\"aioseo-breadcrumb-separator\">\u00bb<\/span><span class=\"aioseo-breadcrumb\">\n\tMepal Basic Bento Lunchbowl Vita 1,5 L\n<\/span><\/div>","aioseo_breadcrumb_json":[{"label":"Home","link":"https:\/\/hidalgo.nl\/de\/"},{"label":"example","link":"https:\/\/hidalgo.nl\/example\/"},{"label":"A508","link":"https:\/\/hidalgo.nl\/en\/product-supplier\/a508\/"},{"label":"Mepal Basic Bento Lunchbowl Vita 1,5 L","link":"https:\/\/hidalgo.nl\/de\/product\/mepal-basic-bento-lunchbowl-vita-15-l\/"}],"_links":{"self":[{"href":"https:\/\/hidalgo.nl\/de\/wp-json\/wp\/v2\/product\/160393","targetHints":{"allow":["GET"]}}],"collection":[{"href":"https:\/\/hidalgo.nl\/de\/wp-json\/wp\/v2\/product"}],"about":[{"href":"https:\/\/hidalgo.nl\/de\/wp-json\/wp\/v2\/types\/product"}],"wp:featuredmedia":[{"embeddable":true,"href":"https:\/\/hidalgo.nl\/de\/wp-json\/wp\/v2\/media\/576967"}],"wp:attachment":[{"href":"https:\/\/hidalgo.nl\/de\/wp-json\/wp\/v2\/media?parent=160393"}],"wp:term":[{"taxonomy":"product_brand","embeddable":true,"href":"https:\/\/hidalgo.nl\/de\/wp-json\/wp\/v2\/product_brand?post=160393"},{"taxonomy":"product_cat","embeddable":true,"href":"https:\/\/hidalgo.nl\/de\/wp-json\/wp\/v2\/product_cat?post=160393"},{"taxonomy":"product_tag","embeddable":true,"href":"https:\/\/hidalgo.nl\/de\/wp-json\/wp\/v2\/product_tag?post=160393"}],"curies":[{"name":"wp","href":"https:\/\/api.w.org\/{rel}","templated":true}]}}