{"id":159429,"date":"2025-07-09T23:11:39","date_gmt":"2025-07-09T23:11:39","guid":{"rendered":"http:\/\/bidonsenshakers.pim.hidalgo.nl\/product\/badge-bamboe-met-magneet\/"},"modified":"2026-04-24T07:54:13","modified_gmt":"2026-04-24T07:54:13","slug":"badge-bamboe-met-magneet","status":"publish","type":"product","link":"https:\/\/hidalgo.nl\/de\/product\/159429\/bambus-namensschild-bedrucken-magnet-nachhaltig-75x25mm\/","title":{"rendered":"Badge Bamboe met magneet"},"content":{"rendered":"<p>Maak kennis met onze magnetische naambadge van bamboe &#8211; een duurzame en stijlvolle oplossing voor eenvoudige identificatie. Gemaakt van milieuvriendelijk bamboe en stevig bevestigd met een sterke magneet, zodat je geen spelden meer nodig hebt.<\/p>\n","protected":false},"excerpt":{"rendered":"<p>Maak kennis met onze magnetische naambadge van bamboe &#8211; een duurzame en stijlvolle oplossing voor eenvoudige identificatie. Gemaakt van milieuvriendelijk bamboe en stevig bevestigd met een sterke magneet, zodat je geen spelden meer nodig hebt.<\/p>\n","protected":false},"featured_media":159430,"template":"","meta":{"_acf_changed":false,"om_disable_all_campaigns":false,"_monsterinsights_skip_tracking":false,"_monsterinsights_sitenote_active":false,"_monsterinsights_sitenote_note":"","_monsterinsights_sitenote_category":0},"product_brand":[6374],"product_cat":[5926,4719,5925],"product_tag":[],"class_list":{"0":"post-159429","1":"product","2":"type-product","3":"status-publish","4":"has-post-thumbnail","6":"product_supplier-a53","7":"product_brand-hidalgo","8":"product_cat-promotionele-artikelen-stickers-badges-en-magneten-badges","9":"product_cat-promotionele-artikelen","10":"product_cat-promotionele-artikelen-stickers-badges-magneten","11":"entry","13":"first","14":"instock","15":"taxable","16":"shipping-taxable","17":"purchasable","18":"product-type-variable"},"acf":{"imprint_cost":[{"imprint_cost_key":"207d1e15f469109e3f16652982c7d6687027339c","product_quantity_price_range":[{"imprint_cost_recommended_selling_price":"0.66","imprint_cost_recommended_selling_quantity":"1"},{"imprint_cost_recommended_selling_price":"0.57","imprint_cost_recommended_selling_quantity":"10"},{"imprint_cost_recommended_selling_price":"0.4875","imprint_cost_recommended_selling_quantity":"25"},{"imprint_cost_recommended_selling_price":"0.4125","imprint_cost_recommended_selling_quantity":"50"},{"imprint_cost_recommended_selling_price":"0.33","imprint_cost_recommended_selling_quantity":"100"},{"imprint_cost_recommended_selling_price":"0.285","imprint_cost_recommended_selling_quantity":"250"},{"imprint_cost_recommended_selling_price":"0.255","imprint_cost_recommended_selling_quantity":"500"},{"imprint_cost_recommended_selling_price":"0.24","imprint_cost_recommended_selling_quantity":"1000"},{"imprint_cost_recommended_selling_price":"0.2175","imprint_cost_recommended_selling_quantity":"2500"},{"imprint_cost_recommended_selling_price":"0.2025","imprint_cost_recommended_selling_quantity":"5000"},{"imprint_cost_recommended_selling_price":"0.1725","imprint_cost_recommended_selling_quantity":"10000"}],"product_quantity_price_range_buying":[{"imprint_cost_general_buying_price":"0.44","imprint_cost_general_buying_quantity":"1"},{"imprint_cost_general_buying_price":"0.38","imprint_cost_general_buying_quantity":"10"},{"imprint_cost_general_buying_price":"0.325","imprint_cost_general_buying_quantity":"25"},{"imprint_cost_general_buying_price":"0.275","imprint_cost_general_buying_quantity":"50"},{"imprint_cost_general_buying_price":"0.22","imprint_cost_general_buying_quantity":"100"},{"imprint_cost_general_buying_price":"0.19","imprint_cost_general_buying_quantity":"250"},{"imprint_cost_general_buying_price":"0.17","imprint_cost_general_buying_quantity":"500"},{"imprint_cost_general_buying_price":"0.16","imprint_cost_general_buying_quantity":"1000"},{"imprint_cost_general_buying_price":"0.145","imprint_cost_general_buying_quantity":"2500"},{"imprint_cost_general_buying_price":"0.135","imprint_cost_general_buying_quantity":"5000"},{"imprint_cost_general_buying_price":"0.115","imprint_cost_general_buying_quantity":"10000"}],"imprint_cost_setup_costs":"54","imprint_cost_handling_costs":"0.12"},{"imprint_cost_key":"3d593c5143714e89937c6dd16929347f5574c43b","product_quantity_price_range":[{"imprint_cost_recommended_selling_price":"0.7425","imprint_cost_recommended_selling_quantity":"1"},{"imprint_cost_recommended_selling_price":"0.615","imprint_cost_recommended_selling_quantity":"10"},{"imprint_cost_recommended_selling_price":"0.4575","imprint_cost_recommended_selling_quantity":"25"},{"imprint_cost_recommended_selling_price":"0.36","imprint_cost_recommended_selling_quantity":"50"},{"imprint_cost_recommended_selling_price":"0.285","imprint_cost_recommended_selling_quantity":"100"},{"imprint_cost_recommended_selling_price":"0.24","imprint_cost_recommended_selling_quantity":"250"},{"imprint_cost_recommended_selling_price":"0.2175","imprint_cost_recommended_selling_quantity":"500"},{"imprint_cost_recommended_selling_price":"0.1875","imprint_cost_recommended_selling_quantity":"1000"},{"imprint_cost_recommended_selling_price":"0.1725","imprint_cost_recommended_selling_quantity":"2500"},{"imprint_cost_recommended_selling_price":"0.1725","imprint_cost_recommended_selling_quantity":"5000"},{"imprint_cost_recommended_selling_price":"0.1575","imprint_cost_recommended_selling_quantity":"10000"}],"product_quantity_price_range_buying":[{"imprint_cost_general_buying_price":"0.495","imprint_cost_general_buying_quantity":"1"},{"imprint_cost_general_buying_price":"0.41","imprint_cost_general_buying_quantity":"10"},{"imprint_cost_general_buying_price":"0.305","imprint_cost_general_buying_quantity":"25"},{"imprint_cost_general_buying_price":"0.24","imprint_cost_general_buying_quantity":"50"},{"imprint_cost_general_buying_price":"0.19","imprint_cost_general_buying_quantity":"100"},{"imprint_cost_general_buying_price":"0.16","imprint_cost_general_buying_quantity":"250"},{"imprint_cost_general_buying_price":"0.145","imprint_cost_general_buying_quantity":"500"},{"imprint_cost_general_buying_price":"0.125","imprint_cost_general_buying_quantity":"1000"},{"imprint_cost_general_buying_price":"0.115","imprint_cost_general_buying_quantity":"2500"},{"imprint_cost_general_buying_price":"0.115","imprint_cost_general_buying_quantity":"5000"},{"imprint_cost_general_buying_price":"0.105","imprint_cost_general_buying_quantity":"10000"}],"imprint_cost_setup_costs":"54","imprint_cost_handling_costs":"0.12"}]},"aioseo_notices":[],"aioseo_head":"\n\t\t<!-- All in One SEO Pro 4.9.6.2 - aioseo.com -->\n\t<meta name=\"description\" content=\"Trage dein Teamlogo auf nachhaltigem Bambus: Wir veredeln dein Badge mit Druck oder Gravur, damit Namen &amp; Logo klar sichtbar sind. Dank starker Magnethalterung h\u00e4lt es sicher ohne Nadell\u00f6cher - ideal als Namensschilder mit Magnet f\u00fcr Gastronomie &amp; Events.\" \/>\n\t<meta name=\"robots\" content=\"max-image-preview:large\" \/>\n\t<link rel=\"canonical\" href=\"https:\/\/hidalgo.nl\/de\/wp-json\/wp\/v2\/product\/159429\" \/>\n\t<meta name=\"generator\" content=\"All in One SEO Pro (AIOSEO) 4.9.6.2\" \/>\n\t\t<meta property=\"og:locale\" content=\"de_DE\" \/>\n\t\t<meta property=\"og:site_name\" content=\"Hidalgo -\" \/>\n\t\t<meta property=\"og:type\" content=\"article\" \/>\n\t\t<meta property=\"og:title\" content=\"Bambus Namensschild bedrucken Magnet nachhaltig 75x25mm\" \/>\n\t\t<meta property=\"og:description\" content=\"Trage dein Teamlogo auf nachhaltigem Bambus: Wir veredeln dein Badge mit Druck oder Gravur, damit Namen &amp; Logo klar sichtbar sind. Dank starker Magnethalterung h\u00e4lt es sicher ohne Nadell\u00f6cher - ideal als Namensschilder mit Magnet f\u00fcr Gastronomie &amp; Events.\" \/>\n\t\t<meta property=\"og:url\" content=\"https:\/\/hidalgo.nl\/de\/wp-json\/wp\/v2\/product\/159429\" \/>\n\t\t<meta property=\"og:image\" content=\"https:\/\/shop.hidalgo.nl\/wp-content\/uploads\/2025\/11\/cropped-Hidalgo-est1993.png\" \/>\n\t\t<meta property=\"og:image:secure_url\" content=\"https:\/\/shop.hidalgo.nl\/wp-content\/uploads\/2025\/11\/cropped-Hidalgo-est1993.png\" \/>\n\t\t<meta property=\"article:published_time\" content=\"2025-07-09T23:11:39+00:00\" \/>\n\t\t<meta property=\"article:modified_time\" content=\"2026-04-24T07:54:13+00:00\" \/>\n\t\t<meta name=\"twitter:card\" content=\"summary_large_image\" \/>\n\t\t<meta name=\"twitter:title\" content=\"Bambus Namensschild bedrucken Magnet nachhaltig 75x25mm\" \/>\n\t\t<meta name=\"twitter:description\" content=\"Trage dein Teamlogo auf nachhaltigem Bambus: Wir veredeln dein Badge mit Druck oder Gravur, damit Namen &amp; Logo klar sichtbar sind. Dank starker Magnethalterung h\u00e4lt es sicher ohne Nadell\u00f6cher - ideal als Namensschilder mit Magnet f\u00fcr Gastronomie &amp; Events.\" \/>\n\t\t<meta name=\"twitter:image\" content=\"https:\/\/shop.hidalgo.nl\/wp-content\/uploads\/2025\/11\/cropped-Hidalgo-est1993.png\" \/>\n\t\t<script type=\"application\/ld+json\" class=\"aioseo-schema\">\n\t\t\t{\"@context\":\"https:\\\/\\\/schema.org\",\"@graph\":[{\"@type\":\"BreadcrumbList\",\"@id\":\"https:\\\/\\\/hidalgo.nl\\\/de\\\/product\\\/159429\\\/bambus-namensschild-bedrucken-magnet-nachhaltig-75x25mm\\\/#breadcrumblist\",\"itemListElement\":[{\"@type\":\"ListItem\",\"@id\":\"https:\\\/\\\/hidalgo.nl\\\/de\\\/#listItem\",\"position\":1,\"name\":\"Home\",\"item\":\"https:\\\/\\\/hidalgo.nl\\\/de\\\/\",\"nextItem\":{\"@type\":\"ListItem\",\"@id\":\"https:\\\/\\\/hidalgo.nl\\\/example\\\/#listItem\",\"name\":\"example\"}},{\"@type\":\"ListItem\",\"@id\":\"https:\\\/\\\/hidalgo.nl\\\/example\\\/#listItem\",\"position\":2,\"name\":\"example\",\"item\":\"https:\\\/\\\/hidalgo.nl\\\/example\\\/\",\"nextItem\":{\"@type\":\"ListItem\",\"@id\":\"https:\\\/\\\/hidalgo.nl\\\/en\\\/product-supplier\\\/a53\\\/#listItem\",\"name\":\"A53\"},\"previousItem\":{\"@type\":\"ListItem\",\"@id\":\"https:\\\/\\\/hidalgo.nl\\\/de\\\/#listItem\",\"name\":\"Home\"}},{\"@type\":\"ListItem\",\"@id\":\"https:\\\/\\\/hidalgo.nl\\\/en\\\/product-supplier\\\/a53\\\/#listItem\",\"position\":3,\"name\":\"A53\",\"item\":\"https:\\\/\\\/hidalgo.nl\\\/en\\\/product-supplier\\\/a53\\\/\",\"nextItem\":{\"@type\":\"ListItem\",\"@id\":\"https:\\\/\\\/hidalgo.nl\\\/de\\\/product\\\/159429\\\/bambus-namensschild-bedrucken-magnet-nachhaltig-75x25mm\\\/#listItem\",\"name\":\"Badge Bamboe met magneet\"},\"previousItem\":{\"@type\":\"ListItem\",\"@id\":\"https:\\\/\\\/hidalgo.nl\\\/example\\\/#listItem\",\"name\":\"example\"}},{\"@type\":\"ListItem\",\"@id\":\"https:\\\/\\\/hidalgo.nl\\\/de\\\/product\\\/159429\\\/bambus-namensschild-bedrucken-magnet-nachhaltig-75x25mm\\\/#listItem\",\"position\":4,\"name\":\"Badge Bamboe met magneet\",\"previousItem\":{\"@type\":\"ListItem\",\"@id\":\"https:\\\/\\\/hidalgo.nl\\\/en\\\/product-supplier\\\/a53\\\/#listItem\",\"name\":\"A53\"}}]},{\"@type\":\"Organization\",\"@id\":\"https:\\\/\\\/hidalgo.nl\\\/de\\\/#organization\",\"name\":\"Hidalgo\",\"url\":\"https:\\\/\\\/hidalgo.nl\\\/de\\\/\",\"logo\":{\"@type\":\"ImageObject\",\"url\":\"https:\\\/\\\/shop.hidalgo.nl\\\/wp-content\\\/uploads\\\/2025\\\/11\\\/cropped-Hidalgo-est1993.png\",\"@id\":\"https:\\\/\\\/hidalgo.nl\\\/de\\\/product\\\/159429\\\/bambus-namensschild-bedrucken-magnet-nachhaltig-75x25mm\\\/#organizationLogo\",\"width\":585,\"height\":195},\"image\":{\"@id\":\"https:\\\/\\\/hidalgo.nl\\\/de\\\/product\\\/159429\\\/bambus-namensschild-bedrucken-magnet-nachhaltig-75x25mm\\\/#organizationLogo\"}},{\"@type\":\"ProductGroup\",\"@id\":\"https:\\\/\\\/hidalgo.nl\\\/de\\\/product\\\/159429\\\/bambus-namensschild-bedrucken-magnet-nachhaltig-75x25mm\\\/#wooCommerceProduct\",\"name\":\"Bambus Namensschild bedrucken Magnet nachhaltig 75x25mm\",\"url\":\"https:\\\/\\\/hidalgo.nl\\\/de\\\/product\\\/159429\\\/bambus-namensschild-bedrucken-magnet-nachhaltig-75x25mm\\\/\",\"brand\":{\"@type\":\"Brand\",\"name\":\"Hidalgo\"},\"sku\":\"A53-LT99723\",\"image\":{\"@type\":\"ImageObject\",\"url\":\"https:\\\/\\\/shop.hidalgo.nl\\\/wp-content\\\/uploads\\\/2025\\\/05\\\/81606d1ae48dd09594b8da09fc7e2e49a39b0e54113d1e5103b4b5e9d3eb8c5c.jpg\",\"@id\":\"https:\\\/\\\/hidalgo.nl\\\/de\\\/product\\\/159429\\\/bambus-namensschild-bedrucken-magnet-nachhaltig-75x25mm\\\/#productImage\",\"width\":1000,\"height\":1000},\"productGroupID\":159429,\"hasVariant\":[{\"@type\":\"Product\",\"@id\":\"https:\\\/\\\/hidalgo.nl\\\/de\\\/product\\\/159429\\\/bambus-namensschild-bedrucken-magnet-nachhaltig-75x25mm\\\/#wooCommerceProduct\",\"name\":\"Badge Bamboe met magneet - natuur\",\"url\":\"https:\\\/\\\/hidalgo.nl\\\/de\\\/product\\\/159429\\\/bambus-namensschild-bedrucken-magnet-nachhaltig-75x25mm\\\/\",\"sku\":\"A53-LT99723-N0094\",\"image\":{\"@type\":\"ImageObject\",\"url\":\"https:\\\/\\\/shop.hidalgo.nl\\\/wp-content\\\/uploads\\\/2025\\\/05\\\/2b4b1fba69f899206b6f0c079383974a2fcdaef16128769e8e610c54f5fec13a.jpg\",\"@id\":\"https:\\\/\\\/hidalgo.nl\\\/de\\\/product\\\/159429\\\/bambus-namensschild-bedrucken-magnet-nachhaltig-75x25mm\\\/#productImage\",\"width\":1000,\"height\":1000},\"offers\":{\"@type\":\"Offer\",\"url\":\"https:\\\/\\\/hidalgo.nl\\\/de\\\/product\\\/159429\\\/bambus-namensschild-bedrucken-magnet-nachhaltig-75x25mm\\\/#wooCommerceOffer\",\"price\":\"2.22\",\"priceCurrency\":\"EUR\",\"category\":\"Promotionele Artikelen\",\"availability\":\"https:\\\/\\\/schema.org\\\/InStock\",\"priceSpecification\":{\"@type\":\"PriceSpecification\",\"price\":2.22,\"priceCurrency\":\"EUR\",\"valueAddedTaxIncluded\":\"true\"}}}]},{\"@type\":\"WebPage\",\"@id\":\"https:\\\/\\\/hidalgo.nl\\\/de\\\/product\\\/159429\\\/bambus-namensschild-bedrucken-magnet-nachhaltig-75x25mm\\\/#webpage\",\"url\":\"https:\\\/\\\/hidalgo.nl\\\/de\\\/product\\\/159429\\\/bambus-namensschild-bedrucken-magnet-nachhaltig-75x25mm\\\/\",\"name\":\"Bambus Namensschild bedrucken Magnet nachhaltig 75x25mm\",\"description\":\"Trage dein Teamlogo auf nachhaltigem Bambus: Wir veredeln dein Badge mit Druck oder Gravur, damit Namen & Logo klar sichtbar sind. Dank starker Magnethalterung h\\u00e4lt es sicher ohne Nadell\\u00f6cher - ideal als Namensschilder mit Magnet f\\u00fcr Gastronomie & Events.\",\"inLanguage\":\"de-DE\",\"isPartOf\":{\"@id\":\"https:\\\/\\\/hidalgo.nl\\\/de\\\/#website\"},\"breadcrumb\":{\"@id\":\"https:\\\/\\\/hidalgo.nl\\\/de\\\/product\\\/159429\\\/bambus-namensschild-bedrucken-magnet-nachhaltig-75x25mm\\\/#breadcrumblist\"},\"image\":{\"@type\":\"ImageObject\",\"url\":\"https:\\\/\\\/shop.hidalgo.nl\\\/wp-content\\\/uploads\\\/2025\\\/05\\\/81606d1ae48dd09594b8da09fc7e2e49a39b0e54113d1e5103b4b5e9d3eb8c5c.jpg\",\"@id\":\"https:\\\/\\\/hidalgo.nl\\\/de\\\/product\\\/159429\\\/bambus-namensschild-bedrucken-magnet-nachhaltig-75x25mm\\\/#mainImage\",\"width\":1000,\"height\":1000},\"primaryImageOfPage\":{\"@id\":\"https:\\\/\\\/hidalgo.nl\\\/de\\\/product\\\/159429\\\/bambus-namensschild-bedrucken-magnet-nachhaltig-75x25mm\\\/#mainImage\"},\"datePublished\":\"2025-07-09T23:11:39+00:00\",\"dateModified\":\"2026-04-24T07:54:13+00:00\"},{\"@type\":\"WebSite\",\"@id\":\"https:\\\/\\\/hidalgo.nl\\\/de\\\/#website\",\"url\":\"https:\\\/\\\/hidalgo.nl\\\/de\\\/\",\"name\":\"Hidalgo\",\"inLanguage\":\"de-DE\",\"publisher\":{\"@id\":\"https:\\\/\\\/hidalgo.nl\\\/de\\\/#organization\"}}]}\n\t\t<\/script>\n\t\t<!-- All in One SEO Pro -->\r\n\t\t<title>Bambus Namensschild bedrucken Magnet nachhaltig 75x25mm<\/title>\n\n","aioseo_head_json":{"title":"Bambus Namensschild bedrucken Magnet nachhaltig 75x25mm","description":"Trage dein Teamlogo auf nachhaltigem Bambus: Wir veredeln dein Badge mit Druck oder Gravur, damit Namen & Logo klar sichtbar sind. Dank starker Magnethalterung h\u00e4lt es sicher ohne Nadell\u00f6cher - ideal als Namensschilder mit Magnet f\u00fcr Gastronomie & Events.","canonical_url":"https:\/\/hidalgo.nl\/de\/wp-json\/wp\/v2\/product\/159429","robots":"max-image-preview:large","keywords":"","webmasterTools":{"miscellaneous":""},"schema":{"@context":"https:\/\/schema.org","@graph":[{"@type":"BreadcrumbList","@id":"https:\/\/hidalgo.nl\/de\/product\/159429\/bambus-namensschild-bedrucken-magnet-nachhaltig-75x25mm\/#breadcrumblist","itemListElement":[{"@type":"ListItem","@id":"https:\/\/hidalgo.nl\/de\/#listItem","position":1,"name":"Home","item":"https:\/\/hidalgo.nl\/de\/","nextItem":{"@type":"ListItem","@id":"https:\/\/hidalgo.nl\/example\/#listItem","name":"example"}},{"@type":"ListItem","@id":"https:\/\/hidalgo.nl\/example\/#listItem","position":2,"name":"example","item":"https:\/\/hidalgo.nl\/example\/","nextItem":{"@type":"ListItem","@id":"https:\/\/hidalgo.nl\/en\/product-supplier\/a53\/#listItem","name":"A53"},"previousItem":{"@type":"ListItem","@id":"https:\/\/hidalgo.nl\/de\/#listItem","name":"Home"}},{"@type":"ListItem","@id":"https:\/\/hidalgo.nl\/en\/product-supplier\/a53\/#listItem","position":3,"name":"A53","item":"https:\/\/hidalgo.nl\/en\/product-supplier\/a53\/","nextItem":{"@type":"ListItem","@id":"https:\/\/hidalgo.nl\/de\/product\/159429\/bambus-namensschild-bedrucken-magnet-nachhaltig-75x25mm\/#listItem","name":"Badge Bamboe met magneet"},"previousItem":{"@type":"ListItem","@id":"https:\/\/hidalgo.nl\/example\/#listItem","name":"example"}},{"@type":"ListItem","@id":"https:\/\/hidalgo.nl\/de\/product\/159429\/bambus-namensschild-bedrucken-magnet-nachhaltig-75x25mm\/#listItem","position":4,"name":"Badge Bamboe met magneet","previousItem":{"@type":"ListItem","@id":"https:\/\/hidalgo.nl\/en\/product-supplier\/a53\/#listItem","name":"A53"}}]},{"@type":"Organization","@id":"https:\/\/hidalgo.nl\/de\/#organization","name":"Hidalgo","url":"https:\/\/hidalgo.nl\/de\/","logo":{"@type":"ImageObject","url":"https:\/\/shop.hidalgo.nl\/wp-content\/uploads\/2025\/11\/cropped-Hidalgo-est1993.png","@id":"https:\/\/hidalgo.nl\/de\/product\/159429\/bambus-namensschild-bedrucken-magnet-nachhaltig-75x25mm\/#organizationLogo","width":585,"height":195},"image":{"@id":"https:\/\/hidalgo.nl\/de\/product\/159429\/bambus-namensschild-bedrucken-magnet-nachhaltig-75x25mm\/#organizationLogo"}},{"@type":"ProductGroup","@id":"https:\/\/hidalgo.nl\/de\/product\/159429\/bambus-namensschild-bedrucken-magnet-nachhaltig-75x25mm\/#wooCommerceProduct","name":"Bambus Namensschild bedrucken Magnet nachhaltig 75x25mm","url":"https:\/\/hidalgo.nl\/de\/product\/159429\/bambus-namensschild-bedrucken-magnet-nachhaltig-75x25mm\/","brand":{"@type":"Brand","name":"Hidalgo"},"sku":"A53-LT99723","image":{"@type":"ImageObject","url":"https:\/\/shop.hidalgo.nl\/wp-content\/uploads\/2025\/05\/81606d1ae48dd09594b8da09fc7e2e49a39b0e54113d1e5103b4b5e9d3eb8c5c.jpg","@id":"https:\/\/hidalgo.nl\/de\/product\/159429\/bambus-namensschild-bedrucken-magnet-nachhaltig-75x25mm\/#productImage","width":1000,"height":1000},"productGroupID":159429,"hasVariant":[{"@type":"Product","@id":"https:\/\/hidalgo.nl\/de\/product\/159429\/bambus-namensschild-bedrucken-magnet-nachhaltig-75x25mm\/#wooCommerceProduct","name":"Badge Bamboe met magneet - natuur","url":"https:\/\/hidalgo.nl\/de\/product\/159429\/bambus-namensschild-bedrucken-magnet-nachhaltig-75x25mm\/","sku":"A53-LT99723-N0094","image":{"@type":"ImageObject","url":"https:\/\/shop.hidalgo.nl\/wp-content\/uploads\/2025\/05\/2b4b1fba69f899206b6f0c079383974a2fcdaef16128769e8e610c54f5fec13a.jpg","@id":"https:\/\/hidalgo.nl\/de\/product\/159429\/bambus-namensschild-bedrucken-magnet-nachhaltig-75x25mm\/#productImage","width":1000,"height":1000},"offers":{"@type":"Offer","url":"https:\/\/hidalgo.nl\/de\/product\/159429\/bambus-namensschild-bedrucken-magnet-nachhaltig-75x25mm\/#wooCommerceOffer","price":"2.22","priceCurrency":"EUR","category":"Promotionele Artikelen","availability":"https:\/\/schema.org\/InStock","priceSpecification":{"@type":"PriceSpecification","price":2.22,"priceCurrency":"EUR","valueAddedTaxIncluded":"true"}}}]},{"@type":"WebPage","@id":"https:\/\/hidalgo.nl\/de\/product\/159429\/bambus-namensschild-bedrucken-magnet-nachhaltig-75x25mm\/#webpage","url":"https:\/\/hidalgo.nl\/de\/product\/159429\/bambus-namensschild-bedrucken-magnet-nachhaltig-75x25mm\/","name":"Bambus Namensschild bedrucken Magnet nachhaltig 75x25mm","description":"Trage dein Teamlogo auf nachhaltigem Bambus: Wir veredeln dein Badge mit Druck oder Gravur, damit Namen & Logo klar sichtbar sind. Dank starker Magnethalterung h\u00e4lt es sicher ohne Nadell\u00f6cher - ideal als Namensschilder mit Magnet f\u00fcr Gastronomie & Events.","inLanguage":"de-DE","isPartOf":{"@id":"https:\/\/hidalgo.nl\/de\/#website"},"breadcrumb":{"@id":"https:\/\/hidalgo.nl\/de\/product\/159429\/bambus-namensschild-bedrucken-magnet-nachhaltig-75x25mm\/#breadcrumblist"},"image":{"@type":"ImageObject","url":"https:\/\/shop.hidalgo.nl\/wp-content\/uploads\/2025\/05\/81606d1ae48dd09594b8da09fc7e2e49a39b0e54113d1e5103b4b5e9d3eb8c5c.jpg","@id":"https:\/\/hidalgo.nl\/de\/product\/159429\/bambus-namensschild-bedrucken-magnet-nachhaltig-75x25mm\/#mainImage","width":1000,"height":1000},"primaryImageOfPage":{"@id":"https:\/\/hidalgo.nl\/de\/product\/159429\/bambus-namensschild-bedrucken-magnet-nachhaltig-75x25mm\/#mainImage"},"datePublished":"2025-07-09T23:11:39+00:00","dateModified":"2026-04-24T07:54:13+00:00"},{"@type":"WebSite","@id":"https:\/\/hidalgo.nl\/de\/#website","url":"https:\/\/hidalgo.nl\/de\/","name":"Hidalgo","inLanguage":"de-DE","publisher":{"@id":"https:\/\/hidalgo.nl\/de\/#organization"}}]},"og:locale":"de_DE","og:site_name":"Hidalgo -","og:type":"article","og:title":"Bambus Namensschild bedrucken Magnet nachhaltig 75x25mm","og:description":"Trage dein Teamlogo auf nachhaltigem Bambus: Wir veredeln dein Badge mit Druck oder Gravur, damit Namen &amp; Logo klar sichtbar sind. Dank starker Magnethalterung h\u00e4lt es sicher ohne Nadell\u00f6cher - ideal als Namensschilder mit Magnet f\u00fcr Gastronomie &amp; Events.","og:url":"https:\/\/hidalgo.nl\/de\/wp-json\/wp\/v2\/product\/159429","og:image":"https:\/\/shop.hidalgo.nl\/wp-content\/uploads\/2025\/11\/cropped-Hidalgo-est1993.png","og:image:secure_url":"https:\/\/shop.hidalgo.nl\/wp-content\/uploads\/2025\/11\/cropped-Hidalgo-est1993.png","article:published_time":"2025-07-09T23:11:39+00:00","article:modified_time":"2026-04-24T07:54:13+00:00","twitter:card":"summary_large_image","twitter:title":"Bambus Namensschild bedrucken Magnet nachhaltig 75x25mm","twitter:description":"Trage dein Teamlogo auf nachhaltigem Bambus: Wir veredeln dein Badge mit Druck oder Gravur, damit Namen &amp; Logo klar sichtbar sind. Dank starker Magnethalterung h\u00e4lt es sicher ohne Nadell\u00f6cher - ideal als Namensschilder mit Magnet f\u00fcr Gastronomie &amp; Events.","twitter:image":"https:\/\/shop.hidalgo.nl\/wp-content\/uploads\/2025\/11\/cropped-Hidalgo-est1993.png"},"aioseo_meta_data":{"post_id":"159429","title":null,"description":null,"keywords":null,"keyphrases":null,"primary_term":null,"canonical_url":null,"og_title":null,"og_description":null,"og_object_type":"default","og_image_type":"default","og_image_url":null,"og_image_width":null,"og_image_height":null,"og_image_custom_url":null,"og_image_custom_fields":null,"og_video":null,"og_custom_url":null,"og_article_section":null,"og_article_tags":null,"twitter_use_og":false,"twitter_card":"default","twitter_image_type":"default","twitter_image_url":null,"twitter_image_custom_url":null,"twitter_image_custom_fields":null,"twitter_title":null,"twitter_description":null,"schema":{"blockGraphs":[],"customGraphs":[],"default":{"data":{"Article":[],"Course":[],"Dataset":[],"FAQPage":[],"Movie":[],"Person":[],"Product":[],"ProductReview":[],"Car":[],"Recipe":[],"Service":[],"SoftwareApplication":[],"WebPage":[]},"graphName":"","isEnabled":true},"graphs":[]},"schema_type":"default","schema_type_options":null,"pillar_content":false,"robots_default":true,"robots_noindex":false,"robots_noarchive":false,"robots_nosnippet":false,"robots_nofollow":false,"robots_noimageindex":false,"robots_noodp":false,"robots_notranslate":false,"robots_max_snippet":null,"robots_max_videopreview":null,"robots_max_imagepreview":"large","priority":null,"frequency":null,"local_seo":null,"seo_analyzer_scan_date":"2026-01-22 14:46:11","breadcrumb_settings":null,"limit_modified_date":false,"reviewed_by":null,"open_ai":null,"ai":null,"created":"2026-01-14 07:02:59","updated":"2026-04-24 08:05:12"},"aioseo_breadcrumb":"<div class=\"aioseo-breadcrumbs\"><span class=\"aioseo-breadcrumb\">\n\t<a href=\"https:\/\/hidalgo.nl\/de\/\" title=\"Home\">Home<\/a>\n<\/span><span class=\"aioseo-breadcrumb-separator\">\u00bb<\/span><span class=\"aioseo-breadcrumb\">\n\t<a href=\"https:\/\/hidalgo.nl\/example\/\" title=\"example\">example<\/a>\n<\/span><span class=\"aioseo-breadcrumb-separator\">\u00bb<\/span><span class=\"aioseo-breadcrumb\">\n\t<a href=\"https:\/\/hidalgo.nl\/en\/product-supplier\/a53\/\" title=\"A53\">A53<\/a>\n<\/span><span class=\"aioseo-breadcrumb-separator\">\u00bb<\/span><span class=\"aioseo-breadcrumb\">\n\tBadge Bamboe met magneet\n<\/span><\/div>","aioseo_breadcrumb_json":[{"label":"Home","link":"https:\/\/hidalgo.nl\/de\/"},{"label":"example","link":"https:\/\/hidalgo.nl\/example\/"},{"label":"A53","link":"https:\/\/hidalgo.nl\/en\/product-supplier\/a53\/"},{"label":"Badge Bamboe met magneet","link":"https:\/\/hidalgo.nl\/de\/product\/159429\/bambus-namensschild-bedrucken-magnet-nachhaltig-75x25mm\/"}],"_links":{"self":[{"href":"https:\/\/hidalgo.nl\/de\/wp-json\/wp\/v2\/product\/159429","targetHints":{"allow":["GET"]}}],"collection":[{"href":"https:\/\/hidalgo.nl\/de\/wp-json\/wp\/v2\/product"}],"about":[{"href":"https:\/\/hidalgo.nl\/de\/wp-json\/wp\/v2\/types\/product"}],"wp:featuredmedia":[{"embeddable":true,"href":"https:\/\/hidalgo.nl\/de\/wp-json\/wp\/v2\/media\/159430"}],"wp:attachment":[{"href":"https:\/\/hidalgo.nl\/de\/wp-json\/wp\/v2\/media?parent=159429"}],"wp:term":[{"taxonomy":"product_brand","embeddable":true,"href":"https:\/\/hidalgo.nl\/de\/wp-json\/wp\/v2\/product_brand?post=159429"},{"taxonomy":"product_cat","embeddable":true,"href":"https:\/\/hidalgo.nl\/de\/wp-json\/wp\/v2\/product_cat?post=159429"},{"taxonomy":"product_tag","embeddable":true,"href":"https:\/\/hidalgo.nl\/de\/wp-json\/wp\/v2\/product_tag?post=159429"}],"curies":[{"name":"wp","href":"https:\/\/api.w.org\/{rel}","templated":true}]}}