{"id":156786,"date":"2025-07-09T21:34:00","date_gmt":"2025-07-09T21:34:00","guid":{"rendered":"http:\/\/bidonsenshakers.pim.hidalgo.nl\/product\/bar-runner-sublimatie-88x25-cm\/"},"modified":"2026-05-01T06:52:45","modified_gmt":"2026-05-01T06:52:45","slug":"bar-runner-sublimatie-88x25-cm","status":"publish","type":"product","link":"https:\/\/hidalgo.nl\/de\/product\/156786\/bar-runner-bedrucken-saugfaehig-sublimationsdruck-88x25-cm\/","title":{"rendered":"Bar runner sublimatie 88 x 25 cm"},"content":{"rendered":"<p>Geef je bar een stijlvolle uitstraling met deze sublimatie bar runner, ontworpen om gemorste vloeistoffen op te vangen en oppervlakken te beschermen. De stevige rubberen basis zorgt voor een veilige, antislip grip. Volledig aanpasbaar met levendige sublimatiebedrukking, het biedt de perfecte combinatie van functionaliteit en persoonlijkheid.<\/p>\n","protected":false},"excerpt":{"rendered":"<p>Geef je bar een stijlvolle uitstraling met deze sublimatie bar runner, ontworpen om gemorste vloeistoffen op te vangen en oppervlakken te beschermen. De stevige rubberen basis zorgt voor een veilige, antislip grip. Volledig aanpasbaar met levendige sublimatiebedrukking, het biedt de perfecte combinatie van functionaliteit en persoonlijkheid.<\/p>\n","protected":false},"featured_media":156787,"template":"","meta":{"_acf_changed":false,"om_disable_all_campaigns":false,"_monsterinsights_skip_tracking":false,"_monsterinsights_sitenote_active":false,"_monsterinsights_sitenote_note":"","_monsterinsights_sitenote_category":0},"product_brand":[],"product_cat":[5028,4719,5005,4728],"product_tag":[],"class_list":{"0":"post-156786","1":"product","2":"type-product","3":"status-publish","4":"has-post-thumbnail","6":"product_supplier-a53","7":"product_cat-thuis-keuken-and-tuin-thuis-matten-en-tapijten","8":"product_cat-promotionele-artikelen","9":"product_cat-thuis-keuken-and-tuin-thuis","10":"product_cat-promotionele-artikelen-thuis-keuken-en-tuin","11":"entry","13":"first","14":"instock","15":"taxable","16":"shipping-taxable","17":"purchasable","18":"product-type-variable"},"acf":{"imprint_cost":[{"imprint_cost_key":"2861c9237150086276b688f1260d58665b016de4","product_quantity_price_range":[{"imprint_cost_recommended_selling_price":"3.0225","imprint_cost_recommended_selling_quantity":"1"},{"imprint_cost_recommended_selling_price":"2.46","imprint_cost_recommended_selling_quantity":"10"},{"imprint_cost_recommended_selling_price":"1.935","imprint_cost_recommended_selling_quantity":"25"},{"imprint_cost_recommended_selling_price":"1.83","imprint_cost_recommended_selling_quantity":"50"},{"imprint_cost_recommended_selling_price":"1.62","imprint_cost_recommended_selling_quantity":"100"},{"imprint_cost_recommended_selling_price":"1.515","imprint_cost_recommended_selling_quantity":"250"},{"imprint_cost_recommended_selling_price":"1.4475","imprint_cost_recommended_selling_quantity":"500"},{"imprint_cost_recommended_selling_price":"1.3725","imprint_cost_recommended_selling_quantity":"1000"},{"imprint_cost_recommended_selling_price":"1.3425","imprint_cost_recommended_selling_quantity":"2500"},{"imprint_cost_recommended_selling_price":"1.29","imprint_cost_recommended_selling_quantity":"5000"},{"imprint_cost_recommended_selling_price":"1.26","imprint_cost_recommended_selling_quantity":"10000"}],"product_quantity_price_range_buying":[{"imprint_cost_general_buying_price":"2.015","imprint_cost_general_buying_quantity":"1"},{"imprint_cost_general_buying_price":"1.64","imprint_cost_general_buying_quantity":"10"},{"imprint_cost_general_buying_price":"1.29","imprint_cost_general_buying_quantity":"25"},{"imprint_cost_general_buying_price":"1.22","imprint_cost_general_buying_quantity":"50"},{"imprint_cost_general_buying_price":"1.08","imprint_cost_general_buying_quantity":"100"},{"imprint_cost_general_buying_price":"1.01","imprint_cost_general_buying_quantity":"250"},{"imprint_cost_general_buying_price":"0.965","imprint_cost_general_buying_quantity":"500"},{"imprint_cost_general_buying_price":"0.915","imprint_cost_general_buying_quantity":"1000"},{"imprint_cost_general_buying_price":"0.895","imprint_cost_general_buying_quantity":"2500"},{"imprint_cost_general_buying_price":"0.86","imprint_cost_general_buying_quantity":"5000"},{"imprint_cost_general_buying_price":"0.84","imprint_cost_general_buying_quantity":"10000"}],"imprint_cost_setup_costs":"54","imprint_cost_handling_costs":"0.12"}]},"aioseo_notices":[],"aioseo_head":"\n\t\t<!-- All in One SEO Pro 4.9.6.2 - aioseo.com -->\n\t<meta name=\"description\" content=\"Lass dein Motiv per Sublimation auf einer 88x25 cm gro\u00dfen, absorbierenden Thekenmatte personalisiert umsetzen - Hidalgo druckt dein Logo gestochen scharf. Jetzt Bar Runner bedrucken: rutschfester Gummir\u00fccken sch\u00fctzt die Theke - ideal f\u00fcr Bars, Events &amp; Messen.\" \/>\n\t<meta name=\"robots\" content=\"max-image-preview:large\" \/>\n\t<link rel=\"canonical\" href=\"https:\/\/hidalgo.nl\/de\/wp-json\/wp\/v2\/product\/156786\" \/>\n\t<meta name=\"generator\" content=\"All in One SEO Pro (AIOSEO) 4.9.6.2\" \/>\n\t\t<meta property=\"og:locale\" content=\"de_DE\" \/>\n\t\t<meta property=\"og:site_name\" content=\"Hidalgo -\" \/>\n\t\t<meta property=\"og:type\" content=\"article\" \/>\n\t\t<meta property=\"og:title\" content=\"Bar Runner bedrucken saugf\u00e4hig Sublimationsdruck 88x25 cm\" \/>\n\t\t<meta property=\"og:description\" content=\"Lass dein Motiv per Sublimation auf einer 88x25 cm gro\u00dfen, absorbierenden Thekenmatte personalisiert umsetzen - Hidalgo druckt dein Logo gestochen scharf. Jetzt Bar Runner bedrucken: rutschfester Gummir\u00fccken sch\u00fctzt die Theke - ideal f\u00fcr Bars, Events &amp; Messen.\" \/>\n\t\t<meta property=\"og:url\" content=\"https:\/\/hidalgo.nl\/de\/wp-json\/wp\/v2\/product\/156786\" \/>\n\t\t<meta property=\"og:image\" content=\"https:\/\/shop.hidalgo.nl\/wp-content\/uploads\/2025\/11\/cropped-Hidalgo-est1993.png\" \/>\n\t\t<meta property=\"og:image:secure_url\" content=\"https:\/\/shop.hidalgo.nl\/wp-content\/uploads\/2025\/11\/cropped-Hidalgo-est1993.png\" \/>\n\t\t<meta property=\"article:published_time\" content=\"2025-07-09T21:34:00+00:00\" \/>\n\t\t<meta property=\"article:modified_time\" content=\"2026-05-01T06:52:45+00:00\" \/>\n\t\t<meta name=\"twitter:card\" content=\"summary_large_image\" \/>\n\t\t<meta name=\"twitter:title\" content=\"Bar Runner bedrucken saugf\u00e4hig Sublimationsdruck 88x25 cm\" \/>\n\t\t<meta name=\"twitter:description\" content=\"Lass dein Motiv per Sublimation auf einer 88x25 cm gro\u00dfen, absorbierenden Thekenmatte personalisiert umsetzen - Hidalgo druckt dein Logo gestochen scharf. Jetzt Bar Runner bedrucken: rutschfester Gummir\u00fccken sch\u00fctzt die Theke - ideal f\u00fcr Bars, Events &amp; Messen.\" \/>\n\t\t<meta name=\"twitter:image\" content=\"https:\/\/shop.hidalgo.nl\/wp-content\/uploads\/2025\/11\/cropped-Hidalgo-est1993.png\" \/>\n\t\t<script type=\"application\/ld+json\" class=\"aioseo-schema\">\n\t\t\t{\"@context\":\"https:\\\/\\\/schema.org\",\"@graph\":[{\"@type\":\"BreadcrumbList\",\"@id\":\"https:\\\/\\\/hidalgo.nl\\\/de\\\/product\\\/156786\\\/bar-runner-bedrucken-saugfaehig-sublimationsdruck-88x25-cm\\\/#breadcrumblist\",\"itemListElement\":[{\"@type\":\"ListItem\",\"@id\":\"https:\\\/\\\/hidalgo.nl\\\/de\\\/#listItem\",\"position\":1,\"name\":\"Home\",\"item\":\"https:\\\/\\\/hidalgo.nl\\\/de\\\/\",\"nextItem\":{\"@type\":\"ListItem\",\"@id\":\"https:\\\/\\\/hidalgo.nl\\\/example\\\/#listItem\",\"name\":\"example\"}},{\"@type\":\"ListItem\",\"@id\":\"https:\\\/\\\/hidalgo.nl\\\/example\\\/#listItem\",\"position\":2,\"name\":\"example\",\"item\":\"https:\\\/\\\/hidalgo.nl\\\/example\\\/\",\"nextItem\":{\"@type\":\"ListItem\",\"@id\":\"https:\\\/\\\/hidalgo.nl\\\/en\\\/product-supplier\\\/a53\\\/#listItem\",\"name\":\"A53\"},\"previousItem\":{\"@type\":\"ListItem\",\"@id\":\"https:\\\/\\\/hidalgo.nl\\\/de\\\/#listItem\",\"name\":\"Home\"}},{\"@type\":\"ListItem\",\"@id\":\"https:\\\/\\\/hidalgo.nl\\\/en\\\/product-supplier\\\/a53\\\/#listItem\",\"position\":3,\"name\":\"A53\",\"item\":\"https:\\\/\\\/hidalgo.nl\\\/en\\\/product-supplier\\\/a53\\\/\",\"nextItem\":{\"@type\":\"ListItem\",\"@id\":\"https:\\\/\\\/hidalgo.nl\\\/de\\\/product\\\/156786\\\/bar-runner-bedrucken-saugfaehig-sublimationsdruck-88x25-cm\\\/#listItem\",\"name\":\"Bar runner sublimatie 88 x 25 cm\"},\"previousItem\":{\"@type\":\"ListItem\",\"@id\":\"https:\\\/\\\/hidalgo.nl\\\/example\\\/#listItem\",\"name\":\"example\"}},{\"@type\":\"ListItem\",\"@id\":\"https:\\\/\\\/hidalgo.nl\\\/de\\\/product\\\/156786\\\/bar-runner-bedrucken-saugfaehig-sublimationsdruck-88x25-cm\\\/#listItem\",\"position\":4,\"name\":\"Bar runner sublimatie 88 x 25 cm\",\"previousItem\":{\"@type\":\"ListItem\",\"@id\":\"https:\\\/\\\/hidalgo.nl\\\/en\\\/product-supplier\\\/a53\\\/#listItem\",\"name\":\"A53\"}}]},{\"@type\":\"Organization\",\"@id\":\"https:\\\/\\\/hidalgo.nl\\\/de\\\/#organization\",\"name\":\"Hidalgo\",\"url\":\"https:\\\/\\\/hidalgo.nl\\\/de\\\/\",\"logo\":{\"@type\":\"ImageObject\",\"url\":\"https:\\\/\\\/shop.hidalgo.nl\\\/wp-content\\\/uploads\\\/2025\\\/11\\\/cropped-Hidalgo-est1993.png\",\"@id\":\"https:\\\/\\\/hidalgo.nl\\\/de\\\/product\\\/156786\\\/bar-runner-bedrucken-saugfaehig-sublimationsdruck-88x25-cm\\\/#organizationLogo\",\"width\":585,\"height\":195},\"image\":{\"@id\":\"https:\\\/\\\/hidalgo.nl\\\/de\\\/product\\\/156786\\\/bar-runner-bedrucken-saugfaehig-sublimationsdruck-88x25-cm\\\/#organizationLogo\"}},{\"@type\":\"ProductGroup\",\"@id\":\"https:\\\/\\\/hidalgo.nl\\\/de\\\/product\\\/156786\\\/bar-runner-bedrucken-saugfaehig-sublimationsdruck-88x25-cm\\\/#wooCommerceProduct\",\"name\":\"Bar Runner bedrucken saugf\\u00e4hig Sublimationsdruck 88x25 cm\",\"url\":\"https:\\\/\\\/hidalgo.nl\\\/de\\\/product\\\/156786\\\/bar-runner-bedrucken-saugfaehig-sublimationsdruck-88x25-cm\\\/\",\"sku\":\"A53-LT97203\",\"image\":{\"@type\":\"ImageObject\",\"url\":\"https:\\\/\\\/shop.hidalgo.nl\\\/wp-content\\\/uploads\\\/2025\\\/05\\\/f3ce772a0aef31006398a4f6e36f533d950cb56cac61b3f11d9915c902cfaf25.jpg\",\"@id\":\"https:\\\/\\\/hidalgo.nl\\\/de\\\/product\\\/156786\\\/bar-runner-bedrucken-saugfaehig-sublimationsdruck-88x25-cm\\\/#productImage\",\"width\":1000,\"height\":1000},\"productGroupID\":156786,\"hasVariant\":[{\"@type\":\"Product\",\"@id\":\"https:\\\/\\\/hidalgo.nl\\\/de\\\/product\\\/156786\\\/bar-runner-bedrucken-saugfaehig-sublimationsdruck-88x25-cm\\\/#wooCommerceProduct\",\"name\":\"Bar runner sublimatie 88 x 25 cm - zwart\",\"url\":\"https:\\\/\\\/hidalgo.nl\\\/de\\\/product\\\/156786\\\/bar-runner-bedrucken-saugfaehig-sublimationsdruck-88x25-cm\\\/\",\"sku\":\"A53-LT97203-N0002\",\"image\":{\"@type\":\"ImageObject\",\"url\":\"https:\\\/\\\/shop.hidalgo.nl\\\/wp-content\\\/uploads\\\/2025\\\/05\\\/a678b7923d70c10a1fce8cf94eb9549820f638e6f81cf4b201364096fb65ad91.jpg\",\"@id\":\"https:\\\/\\\/hidalgo.nl\\\/de\\\/product\\\/156786\\\/bar-runner-bedrucken-saugfaehig-sublimationsdruck-88x25-cm\\\/#productImage\",\"width\":1000,\"height\":1000},\"offers\":{\"@type\":\"Offer\",\"url\":\"https:\\\/\\\/hidalgo.nl\\\/de\\\/product\\\/156786\\\/bar-runner-bedrucken-saugfaehig-sublimationsdruck-88x25-cm\\\/#wooCommerceOffer\",\"price\":\"10.8\",\"priceCurrency\":\"EUR\",\"category\":\"Promotionele Artikelen\",\"availability\":\"https:\\\/\\\/schema.org\\\/InStock\",\"priceSpecification\":{\"@type\":\"PriceSpecification\",\"price\":10.8,\"priceCurrency\":\"EUR\",\"valueAddedTaxIncluded\":\"true\"}}}]},{\"@type\":\"WebPage\",\"@id\":\"https:\\\/\\\/hidalgo.nl\\\/de\\\/product\\\/156786\\\/bar-runner-bedrucken-saugfaehig-sublimationsdruck-88x25-cm\\\/#webpage\",\"url\":\"https:\\\/\\\/hidalgo.nl\\\/de\\\/product\\\/156786\\\/bar-runner-bedrucken-saugfaehig-sublimationsdruck-88x25-cm\\\/\",\"name\":\"Bar Runner bedrucken saugf\\u00e4hig Sublimationsdruck 88x25 cm\",\"description\":\"Lass dein Motiv per Sublimation auf einer 88x25 cm gro\\u00dfen, absorbierenden Thekenmatte personalisiert umsetzen - Hidalgo druckt dein Logo gestochen scharf. Jetzt Bar Runner bedrucken: rutschfester Gummir\\u00fccken sch\\u00fctzt die Theke - ideal f\\u00fcr Bars, Events & Messen.\",\"inLanguage\":\"de-DE\",\"isPartOf\":{\"@id\":\"https:\\\/\\\/hidalgo.nl\\\/de\\\/#website\"},\"breadcrumb\":{\"@id\":\"https:\\\/\\\/hidalgo.nl\\\/de\\\/product\\\/156786\\\/bar-runner-bedrucken-saugfaehig-sublimationsdruck-88x25-cm\\\/#breadcrumblist\"},\"image\":{\"@type\":\"ImageObject\",\"url\":\"https:\\\/\\\/shop.hidalgo.nl\\\/wp-content\\\/uploads\\\/2025\\\/05\\\/f3ce772a0aef31006398a4f6e36f533d950cb56cac61b3f11d9915c902cfaf25.jpg\",\"@id\":\"https:\\\/\\\/hidalgo.nl\\\/de\\\/product\\\/156786\\\/bar-runner-bedrucken-saugfaehig-sublimationsdruck-88x25-cm\\\/#mainImage\",\"width\":1000,\"height\":1000},\"primaryImageOfPage\":{\"@id\":\"https:\\\/\\\/hidalgo.nl\\\/de\\\/product\\\/156786\\\/bar-runner-bedrucken-saugfaehig-sublimationsdruck-88x25-cm\\\/#mainImage\"},\"datePublished\":\"2025-07-09T21:34:00+00:00\",\"dateModified\":\"2026-05-01T06:52:45+00:00\"},{\"@type\":\"WebSite\",\"@id\":\"https:\\\/\\\/hidalgo.nl\\\/de\\\/#website\",\"url\":\"https:\\\/\\\/hidalgo.nl\\\/de\\\/\",\"name\":\"Hidalgo\",\"inLanguage\":\"de-DE\",\"publisher\":{\"@id\":\"https:\\\/\\\/hidalgo.nl\\\/de\\\/#organization\"}}]}\n\t\t<\/script>\n\t\t<!-- All in One SEO Pro -->\r\n\t\t<title>Bar Runner bedrucken saugf\u00e4hig Sublimationsdruck 88x25 cm<\/title>\n\n","aioseo_head_json":{"title":"Bar Runner bedrucken saugf\u00e4hig Sublimationsdruck 88x25 cm","description":"Lass dein Motiv per Sublimation auf einer 88x25 cm gro\u00dfen, absorbierenden Thekenmatte personalisiert umsetzen - Hidalgo druckt dein Logo gestochen scharf. Jetzt Bar Runner bedrucken: rutschfester Gummir\u00fccken sch\u00fctzt die Theke - ideal f\u00fcr Bars, Events & Messen.","canonical_url":"https:\/\/hidalgo.nl\/de\/wp-json\/wp\/v2\/product\/156786","robots":"max-image-preview:large","keywords":"","webmasterTools":{"miscellaneous":""},"schema":{"@context":"https:\/\/schema.org","@graph":[{"@type":"BreadcrumbList","@id":"https:\/\/hidalgo.nl\/de\/product\/156786\/bar-runner-bedrucken-saugfaehig-sublimationsdruck-88x25-cm\/#breadcrumblist","itemListElement":[{"@type":"ListItem","@id":"https:\/\/hidalgo.nl\/de\/#listItem","position":1,"name":"Home","item":"https:\/\/hidalgo.nl\/de\/","nextItem":{"@type":"ListItem","@id":"https:\/\/hidalgo.nl\/example\/#listItem","name":"example"}},{"@type":"ListItem","@id":"https:\/\/hidalgo.nl\/example\/#listItem","position":2,"name":"example","item":"https:\/\/hidalgo.nl\/example\/","nextItem":{"@type":"ListItem","@id":"https:\/\/hidalgo.nl\/en\/product-supplier\/a53\/#listItem","name":"A53"},"previousItem":{"@type":"ListItem","@id":"https:\/\/hidalgo.nl\/de\/#listItem","name":"Home"}},{"@type":"ListItem","@id":"https:\/\/hidalgo.nl\/en\/product-supplier\/a53\/#listItem","position":3,"name":"A53","item":"https:\/\/hidalgo.nl\/en\/product-supplier\/a53\/","nextItem":{"@type":"ListItem","@id":"https:\/\/hidalgo.nl\/de\/product\/156786\/bar-runner-bedrucken-saugfaehig-sublimationsdruck-88x25-cm\/#listItem","name":"Bar runner sublimatie 88 x 25 cm"},"previousItem":{"@type":"ListItem","@id":"https:\/\/hidalgo.nl\/example\/#listItem","name":"example"}},{"@type":"ListItem","@id":"https:\/\/hidalgo.nl\/de\/product\/156786\/bar-runner-bedrucken-saugfaehig-sublimationsdruck-88x25-cm\/#listItem","position":4,"name":"Bar runner sublimatie 88 x 25 cm","previousItem":{"@type":"ListItem","@id":"https:\/\/hidalgo.nl\/en\/product-supplier\/a53\/#listItem","name":"A53"}}]},{"@type":"Organization","@id":"https:\/\/hidalgo.nl\/de\/#organization","name":"Hidalgo","url":"https:\/\/hidalgo.nl\/de\/","logo":{"@type":"ImageObject","url":"https:\/\/shop.hidalgo.nl\/wp-content\/uploads\/2025\/11\/cropped-Hidalgo-est1993.png","@id":"https:\/\/hidalgo.nl\/de\/product\/156786\/bar-runner-bedrucken-saugfaehig-sublimationsdruck-88x25-cm\/#organizationLogo","width":585,"height":195},"image":{"@id":"https:\/\/hidalgo.nl\/de\/product\/156786\/bar-runner-bedrucken-saugfaehig-sublimationsdruck-88x25-cm\/#organizationLogo"}},{"@type":"ProductGroup","@id":"https:\/\/hidalgo.nl\/de\/product\/156786\/bar-runner-bedrucken-saugfaehig-sublimationsdruck-88x25-cm\/#wooCommerceProduct","name":"Bar Runner bedrucken saugf\u00e4hig Sublimationsdruck 88x25 cm","url":"https:\/\/hidalgo.nl\/de\/product\/156786\/bar-runner-bedrucken-saugfaehig-sublimationsdruck-88x25-cm\/","sku":"A53-LT97203","image":{"@type":"ImageObject","url":"https:\/\/shop.hidalgo.nl\/wp-content\/uploads\/2025\/05\/f3ce772a0aef31006398a4f6e36f533d950cb56cac61b3f11d9915c902cfaf25.jpg","@id":"https:\/\/hidalgo.nl\/de\/product\/156786\/bar-runner-bedrucken-saugfaehig-sublimationsdruck-88x25-cm\/#productImage","width":1000,"height":1000},"productGroupID":156786,"hasVariant":[{"@type":"Product","@id":"https:\/\/hidalgo.nl\/de\/product\/156786\/bar-runner-bedrucken-saugfaehig-sublimationsdruck-88x25-cm\/#wooCommerceProduct","name":"Bar runner sublimatie 88 x 25 cm - zwart","url":"https:\/\/hidalgo.nl\/de\/product\/156786\/bar-runner-bedrucken-saugfaehig-sublimationsdruck-88x25-cm\/","sku":"A53-LT97203-N0002","image":{"@type":"ImageObject","url":"https:\/\/shop.hidalgo.nl\/wp-content\/uploads\/2025\/05\/a678b7923d70c10a1fce8cf94eb9549820f638e6f81cf4b201364096fb65ad91.jpg","@id":"https:\/\/hidalgo.nl\/de\/product\/156786\/bar-runner-bedrucken-saugfaehig-sublimationsdruck-88x25-cm\/#productImage","width":1000,"height":1000},"offers":{"@type":"Offer","url":"https:\/\/hidalgo.nl\/de\/product\/156786\/bar-runner-bedrucken-saugfaehig-sublimationsdruck-88x25-cm\/#wooCommerceOffer","price":"10.8","priceCurrency":"EUR","category":"Promotionele Artikelen","availability":"https:\/\/schema.org\/InStock","priceSpecification":{"@type":"PriceSpecification","price":10.8,"priceCurrency":"EUR","valueAddedTaxIncluded":"true"}}}]},{"@type":"WebPage","@id":"https:\/\/hidalgo.nl\/de\/product\/156786\/bar-runner-bedrucken-saugfaehig-sublimationsdruck-88x25-cm\/#webpage","url":"https:\/\/hidalgo.nl\/de\/product\/156786\/bar-runner-bedrucken-saugfaehig-sublimationsdruck-88x25-cm\/","name":"Bar Runner bedrucken saugf\u00e4hig Sublimationsdruck 88x25 cm","description":"Lass dein Motiv per Sublimation auf einer 88x25 cm gro\u00dfen, absorbierenden Thekenmatte personalisiert umsetzen - Hidalgo druckt dein Logo gestochen scharf. Jetzt Bar Runner bedrucken: rutschfester Gummir\u00fccken sch\u00fctzt die Theke - ideal f\u00fcr Bars, Events & Messen.","inLanguage":"de-DE","isPartOf":{"@id":"https:\/\/hidalgo.nl\/de\/#website"},"breadcrumb":{"@id":"https:\/\/hidalgo.nl\/de\/product\/156786\/bar-runner-bedrucken-saugfaehig-sublimationsdruck-88x25-cm\/#breadcrumblist"},"image":{"@type":"ImageObject","url":"https:\/\/shop.hidalgo.nl\/wp-content\/uploads\/2025\/05\/f3ce772a0aef31006398a4f6e36f533d950cb56cac61b3f11d9915c902cfaf25.jpg","@id":"https:\/\/hidalgo.nl\/de\/product\/156786\/bar-runner-bedrucken-saugfaehig-sublimationsdruck-88x25-cm\/#mainImage","width":1000,"height":1000},"primaryImageOfPage":{"@id":"https:\/\/hidalgo.nl\/de\/product\/156786\/bar-runner-bedrucken-saugfaehig-sublimationsdruck-88x25-cm\/#mainImage"},"datePublished":"2025-07-09T21:34:00+00:00","dateModified":"2026-05-01T06:52:45+00:00"},{"@type":"WebSite","@id":"https:\/\/hidalgo.nl\/de\/#website","url":"https:\/\/hidalgo.nl\/de\/","name":"Hidalgo","inLanguage":"de-DE","publisher":{"@id":"https:\/\/hidalgo.nl\/de\/#organization"}}]},"og:locale":"de_DE","og:site_name":"Hidalgo -","og:type":"article","og:title":"Bar Runner bedrucken saugf\u00e4hig Sublimationsdruck 88x25 cm","og:description":"Lass dein Motiv per Sublimation auf einer 88x25 cm gro\u00dfen, absorbierenden Thekenmatte personalisiert umsetzen - Hidalgo druckt dein Logo gestochen scharf. Jetzt Bar Runner bedrucken: rutschfester Gummir\u00fccken sch\u00fctzt die Theke - ideal f\u00fcr Bars, Events &amp; Messen.","og:url":"https:\/\/hidalgo.nl\/de\/wp-json\/wp\/v2\/product\/156786","og:image":"https:\/\/shop.hidalgo.nl\/wp-content\/uploads\/2025\/11\/cropped-Hidalgo-est1993.png","og:image:secure_url":"https:\/\/shop.hidalgo.nl\/wp-content\/uploads\/2025\/11\/cropped-Hidalgo-est1993.png","article:published_time":"2025-07-09T21:34:00+00:00","article:modified_time":"2026-05-01T06:52:45+00:00","twitter:card":"summary_large_image","twitter:title":"Bar Runner bedrucken saugf\u00e4hig Sublimationsdruck 88x25 cm","twitter:description":"Lass dein Motiv per Sublimation auf einer 88x25 cm gro\u00dfen, absorbierenden Thekenmatte personalisiert umsetzen - Hidalgo druckt dein Logo gestochen scharf. Jetzt Bar Runner bedrucken: rutschfester Gummir\u00fccken sch\u00fctzt die Theke - ideal f\u00fcr Bars, Events &amp; Messen.","twitter:image":"https:\/\/shop.hidalgo.nl\/wp-content\/uploads\/2025\/11\/cropped-Hidalgo-est1993.png"},"aioseo_meta_data":{"post_id":"156786","title":null,"description":null,"keywords":null,"keyphrases":null,"primary_term":null,"canonical_url":null,"og_title":null,"og_description":null,"og_object_type":"default","og_image_type":"default","og_image_url":null,"og_image_width":null,"og_image_height":null,"og_image_custom_url":null,"og_image_custom_fields":null,"og_video":null,"og_custom_url":null,"og_article_section":null,"og_article_tags":null,"twitter_use_og":false,"twitter_card":"default","twitter_image_type":"default","twitter_image_url":null,"twitter_image_custom_url":null,"twitter_image_custom_fields":null,"twitter_title":null,"twitter_description":null,"schema":{"blockGraphs":[],"customGraphs":[],"default":{"data":{"Article":[],"Course":[],"Dataset":[],"FAQPage":[],"Movie":[],"Person":[],"Product":[],"ProductReview":[],"Car":[],"Recipe":[],"Service":[],"SoftwareApplication":[],"WebPage":[]},"graphName":"","isEnabled":true},"graphs":[]},"schema_type":"default","schema_type_options":null,"pillar_content":false,"robots_default":true,"robots_noindex":false,"robots_noarchive":false,"robots_nosnippet":false,"robots_nofollow":false,"robots_noimageindex":false,"robots_noodp":false,"robots_notranslate":false,"robots_max_snippet":null,"robots_max_videopreview":null,"robots_max_imagepreview":"large","priority":null,"frequency":null,"local_seo":null,"seo_analyzer_scan_date":"2026-02-02 18:25:48","breadcrumb_settings":null,"limit_modified_date":false,"reviewed_by":null,"open_ai":null,"ai":null,"created":"2026-01-14 07:02:59","updated":"2026-05-01 08:42:06"},"aioseo_breadcrumb":"<div class=\"aioseo-breadcrumbs\"><span class=\"aioseo-breadcrumb\">\n\t<a href=\"https:\/\/hidalgo.nl\/de\/\" title=\"Home\">Home<\/a>\n<\/span><span class=\"aioseo-breadcrumb-separator\">\u00bb<\/span><span class=\"aioseo-breadcrumb\">\n\t<a href=\"https:\/\/hidalgo.nl\/example\/\" title=\"example\">example<\/a>\n<\/span><span class=\"aioseo-breadcrumb-separator\">\u00bb<\/span><span class=\"aioseo-breadcrumb\">\n\t<a href=\"https:\/\/hidalgo.nl\/en\/product-supplier\/a53\/\" title=\"A53\">A53<\/a>\n<\/span><span class=\"aioseo-breadcrumb-separator\">\u00bb<\/span><span class=\"aioseo-breadcrumb\">\n\tBar runner sublimatie 88 x 25 cm\n<\/span><\/div>","aioseo_breadcrumb_json":[{"label":"Home","link":"https:\/\/hidalgo.nl\/de\/"},{"label":"example","link":"https:\/\/hidalgo.nl\/example\/"},{"label":"A53","link":"https:\/\/hidalgo.nl\/en\/product-supplier\/a53\/"},{"label":"Bar runner sublimatie 88 x 25 cm","link":"https:\/\/hidalgo.nl\/de\/product\/156786\/bar-runner-bedrucken-saugfaehig-sublimationsdruck-88x25-cm\/"}],"_links":{"self":[{"href":"https:\/\/hidalgo.nl\/de\/wp-json\/wp\/v2\/product\/156786","targetHints":{"allow":["GET"]}}],"collection":[{"href":"https:\/\/hidalgo.nl\/de\/wp-json\/wp\/v2\/product"}],"about":[{"href":"https:\/\/hidalgo.nl\/de\/wp-json\/wp\/v2\/types\/product"}],"wp:featuredmedia":[{"embeddable":true,"href":"https:\/\/hidalgo.nl\/de\/wp-json\/wp\/v2\/media\/156787"}],"wp:attachment":[{"href":"https:\/\/hidalgo.nl\/de\/wp-json\/wp\/v2\/media?parent=156786"}],"wp:term":[{"taxonomy":"product_brand","embeddable":true,"href":"https:\/\/hidalgo.nl\/de\/wp-json\/wp\/v2\/product_brand?post=156786"},{"taxonomy":"product_cat","embeddable":true,"href":"https:\/\/hidalgo.nl\/de\/wp-json\/wp\/v2\/product_cat?post=156786"},{"taxonomy":"product_tag","embeddable":true,"href":"https:\/\/hidalgo.nl\/de\/wp-json\/wp\/v2\/product_tag?post=156786"}],"curies":[{"name":"wp","href":"https:\/\/api.w.org\/{rel}","templated":true}]}}