{"id":156188,"date":"2025-07-09T21:00:48","date_gmt":"2025-07-09T21:00:48","guid":{"rendered":"http:\/\/bidonsenshakers.pim.hidalgo.nl\/product\/draadloos-magnetische-oplader-15w\/"},"modified":"2026-05-01T06:20:51","modified_gmt":"2026-05-01T06:20:51","slug":"draadloos-magnetische-oplader-15w","status":"publish","type":"product","link":"https:\/\/hidalgo.nl\/de\/product\/156188\/magnetisches-magsafe-ladegeraet-bedrucken-15w-recyceltes-abs\/","title":{"rendered":"Draadloos magnetische oplader 15W"},"content":{"rendered":"<p>Deze duurzame draadloze oplader, gemaakt van gerecycled ABS, ondersteunt snel opladen met een uitgangsvermogen van 15W voor je telefoon en werkt met MagSafe. Met beveiligingen tegen overbelasting, overontlading, kortsluiting en overspanning zorgt hij voor veilig opladen.<\/p>\n","protected":false},"excerpt":{"rendered":"<p>Deze duurzame draadloze oplader, gemaakt van gerecycled ABS, ondersteunt snel opladen met een uitgangsvermogen van 15W voor je telefoon en werkt met MagSafe. Met beveiligingen tegen overbelasting, overontlading, kortsluiting en overspanning zorgt hij voor veilig opladen.<\/p>\n","protected":false},"featured_media":156189,"template":"","meta":{"_acf_changed":false,"om_disable_all_campaigns":false,"_monsterinsights_skip_tracking":false,"_monsterinsights_sitenote_active":false,"_monsterinsights_sitenote_note":"","_monsterinsights_sitenote_category":0},"product_brand":[],"product_cat":[4720,4724,4719],"product_tag":[],"class_list":{"0":"post-156188","1":"product","2":"type-product","3":"status-publish","4":"has-post-thumbnail","6":"product_supplier-a53","7":"product_cat-promotionele-artikelen-elektronica-en-gadgets","8":"product_cat-promotionele-artikelen-elektronica-en-gadgets-kabels-en-opladers","9":"product_cat-promotionele-artikelen","10":"entry","12":"first","13":"instock","14":"taxable","15":"shipping-taxable","16":"purchasable","17":"product-type-variable"},"acf":{"imprint_cost":[{"imprint_cost_key":"c397cda8969f8d402033544dea8833bd48fe0ec3","product_quantity_price_range":[{"imprint_cost_recommended_selling_price":"1.245","imprint_cost_recommended_selling_quantity":"1"},{"imprint_cost_recommended_selling_price":"1.0575","imprint_cost_recommended_selling_quantity":"10"},{"imprint_cost_recommended_selling_price":"0.9","imprint_cost_recommended_selling_quantity":"25"},{"imprint_cost_recommended_selling_price":"0.8025","imprint_cost_recommended_selling_quantity":"50"},{"imprint_cost_recommended_selling_price":"0.7275","imprint_cost_recommended_selling_quantity":"100"},{"imprint_cost_recommended_selling_price":"0.63","imprint_cost_recommended_selling_quantity":"250"},{"imprint_cost_recommended_selling_price":"0.57","imprint_cost_recommended_selling_quantity":"500"},{"imprint_cost_recommended_selling_price":"0.5175","imprint_cost_recommended_selling_quantity":"1000"},{"imprint_cost_recommended_selling_price":"0.4875","imprint_cost_recommended_selling_quantity":"2500"},{"imprint_cost_recommended_selling_price":"0.4725","imprint_cost_recommended_selling_quantity":"5000"},{"imprint_cost_recommended_selling_price":"0.4575","imprint_cost_recommended_selling_quantity":"10000"}],"product_quantity_price_range_buying":[{"imprint_cost_general_buying_price":"0.83","imprint_cost_general_buying_quantity":"1"},{"imprint_cost_general_buying_price":"0.705","imprint_cost_general_buying_quantity":"10"},{"imprint_cost_general_buying_price":"0.6","imprint_cost_general_buying_quantity":"25"},{"imprint_cost_general_buying_price":"0.535","imprint_cost_general_buying_quantity":"50"},{"imprint_cost_general_buying_price":"0.485","imprint_cost_general_buying_quantity":"100"},{"imprint_cost_general_buying_price":"0.42","imprint_cost_general_buying_quantity":"250"},{"imprint_cost_general_buying_price":"0.38","imprint_cost_general_buying_quantity":"500"},{"imprint_cost_general_buying_price":"0.345","imprint_cost_general_buying_quantity":"1000"},{"imprint_cost_general_buying_price":"0.325","imprint_cost_general_buying_quantity":"2500"},{"imprint_cost_general_buying_price":"0.315","imprint_cost_general_buying_quantity":"5000"},{"imprint_cost_general_buying_price":"0.305","imprint_cost_general_buying_quantity":"10000"}],"imprint_cost_setup_costs":"54","imprint_cost_handling_costs":"0.12"}]},"aioseo_notices":[],"aioseo_head":"\n\t\t<!-- All in One SEO Pro 4.9.6.2 - aioseo.com -->\n\t<meta name=\"description\" content=\"Du l\u00e4dst Smartphones mit 15W schnell und sicher, dank starker Magnet-Ausrichtung, Geh\u00e4use aus recyceltem ABS und kompaktem Format in Wei\u00df oder Schwarz. Bei Hidalgo kannst du diese magnetische Ladestation mit Logo als MagSafe Ladeger\u00e4t Werbeartikel individuell bedrucken lassen - ideal f\u00fcr Events, B\u00fcros &amp; Promotion und um 20-40-J\u00e4hrige t\u00e4glich zu erreichen.\" \/>\n\t<meta name=\"robots\" content=\"max-image-preview:large\" \/>\n\t<link rel=\"canonical\" href=\"https:\/\/hidalgo.nl\/de\/wp-json\/wp\/v2\/product\/156188\" \/>\n\t<meta name=\"generator\" content=\"All in One SEO Pro (AIOSEO) 4.9.6.2\" \/>\n\t\t<meta property=\"og:locale\" content=\"de_DE\" \/>\n\t\t<meta property=\"og:site_name\" content=\"Hidalgo -\" \/>\n\t\t<meta property=\"og:type\" content=\"article\" \/>\n\t\t<meta property=\"og:title\" content=\"Magnetisches MagSafe Ladeger\u00e4t bedrucken 15W Recyceltes ABS\" \/>\n\t\t<meta property=\"og:description\" content=\"Du l\u00e4dst Smartphones mit 15W schnell und sicher, dank starker Magnet-Ausrichtung, Geh\u00e4use aus recyceltem ABS und kompaktem Format in Wei\u00df oder Schwarz. Bei Hidalgo kannst du diese magnetische Ladestation mit Logo als MagSafe Ladeger\u00e4t Werbeartikel individuell bedrucken lassen - ideal f\u00fcr Events, B\u00fcros &amp; Promotion und um 20-40-J\u00e4hrige t\u00e4glich zu erreichen.\" \/>\n\t\t<meta property=\"og:url\" content=\"https:\/\/hidalgo.nl\/de\/wp-json\/wp\/v2\/product\/156188\" \/>\n\t\t<meta property=\"og:image\" content=\"https:\/\/shop.hidalgo.nl\/wp-content\/uploads\/2025\/11\/cropped-Hidalgo-est1993.png\" \/>\n\t\t<meta property=\"og:image:secure_url\" content=\"https:\/\/shop.hidalgo.nl\/wp-content\/uploads\/2025\/11\/cropped-Hidalgo-est1993.png\" \/>\n\t\t<meta property=\"article:published_time\" content=\"2025-07-09T21:00:48+00:00\" \/>\n\t\t<meta property=\"article:modified_time\" content=\"2026-05-01T06:20:51+00:00\" \/>\n\t\t<meta name=\"twitter:card\" content=\"summary_large_image\" \/>\n\t\t<meta name=\"twitter:title\" content=\"Magnetisches MagSafe Ladeger\u00e4t bedrucken 15W Recyceltes ABS\" \/>\n\t\t<meta name=\"twitter:description\" content=\"Du l\u00e4dst Smartphones mit 15W schnell und sicher, dank starker Magnet-Ausrichtung, Geh\u00e4use aus recyceltem ABS und kompaktem Format in Wei\u00df oder Schwarz. Bei Hidalgo kannst du diese magnetische Ladestation mit Logo als MagSafe Ladeger\u00e4t Werbeartikel individuell bedrucken lassen - ideal f\u00fcr Events, B\u00fcros &amp; Promotion und um 20-40-J\u00e4hrige t\u00e4glich zu erreichen.\" \/>\n\t\t<meta name=\"twitter:image\" content=\"https:\/\/shop.hidalgo.nl\/wp-content\/uploads\/2025\/11\/cropped-Hidalgo-est1993.png\" \/>\n\t\t<script type=\"application\/ld+json\" class=\"aioseo-schema\">\n\t\t\t{\"@context\":\"https:\\\/\\\/schema.org\",\"@graph\":[{\"@type\":\"BreadcrumbList\",\"@id\":\"https:\\\/\\\/hidalgo.nl\\\/de\\\/product\\\/156188\\\/magnetisches-magsafe-ladegeraet-bedrucken-15w-recyceltes-abs\\\/#breadcrumblist\",\"itemListElement\":[{\"@type\":\"ListItem\",\"@id\":\"https:\\\/\\\/hidalgo.nl\\\/de\\\/#listItem\",\"position\":1,\"name\":\"Home\",\"item\":\"https:\\\/\\\/hidalgo.nl\\\/de\\\/\",\"nextItem\":{\"@type\":\"ListItem\",\"@id\":\"https:\\\/\\\/hidalgo.nl\\\/example\\\/#listItem\",\"name\":\"example\"}},{\"@type\":\"ListItem\",\"@id\":\"https:\\\/\\\/hidalgo.nl\\\/example\\\/#listItem\",\"position\":2,\"name\":\"example\",\"item\":\"https:\\\/\\\/hidalgo.nl\\\/example\\\/\",\"nextItem\":{\"@type\":\"ListItem\",\"@id\":\"https:\\\/\\\/hidalgo.nl\\\/en\\\/product-supplier\\\/a53\\\/#listItem\",\"name\":\"A53\"},\"previousItem\":{\"@type\":\"ListItem\",\"@id\":\"https:\\\/\\\/hidalgo.nl\\\/de\\\/#listItem\",\"name\":\"Home\"}},{\"@type\":\"ListItem\",\"@id\":\"https:\\\/\\\/hidalgo.nl\\\/en\\\/product-supplier\\\/a53\\\/#listItem\",\"position\":3,\"name\":\"A53\",\"item\":\"https:\\\/\\\/hidalgo.nl\\\/en\\\/product-supplier\\\/a53\\\/\",\"nextItem\":{\"@type\":\"ListItem\",\"@id\":\"https:\\\/\\\/hidalgo.nl\\\/de\\\/product\\\/156188\\\/magnetisches-magsafe-ladegeraet-bedrucken-15w-recyceltes-abs\\\/#listItem\",\"name\":\"Draadloos magnetische oplader 15W\"},\"previousItem\":{\"@type\":\"ListItem\",\"@id\":\"https:\\\/\\\/hidalgo.nl\\\/example\\\/#listItem\",\"name\":\"example\"}},{\"@type\":\"ListItem\",\"@id\":\"https:\\\/\\\/hidalgo.nl\\\/de\\\/product\\\/156188\\\/magnetisches-magsafe-ladegeraet-bedrucken-15w-recyceltes-abs\\\/#listItem\",\"position\":4,\"name\":\"Draadloos magnetische oplader 15W\",\"previousItem\":{\"@type\":\"ListItem\",\"@id\":\"https:\\\/\\\/hidalgo.nl\\\/en\\\/product-supplier\\\/a53\\\/#listItem\",\"name\":\"A53\"}}]},{\"@type\":\"Organization\",\"@id\":\"https:\\\/\\\/hidalgo.nl\\\/de\\\/#organization\",\"name\":\"Hidalgo\",\"url\":\"https:\\\/\\\/hidalgo.nl\\\/de\\\/\",\"logo\":{\"@type\":\"ImageObject\",\"url\":\"https:\\\/\\\/shop.hidalgo.nl\\\/wp-content\\\/uploads\\\/2025\\\/11\\\/cropped-Hidalgo-est1993.png\",\"@id\":\"https:\\\/\\\/hidalgo.nl\\\/de\\\/product\\\/156188\\\/magnetisches-magsafe-ladegeraet-bedrucken-15w-recyceltes-abs\\\/#organizationLogo\",\"width\":585,\"height\":195},\"image\":{\"@id\":\"https:\\\/\\\/hidalgo.nl\\\/de\\\/product\\\/156188\\\/magnetisches-magsafe-ladegeraet-bedrucken-15w-recyceltes-abs\\\/#organizationLogo\"}},{\"@type\":\"ProductGroup\",\"@id\":\"https:\\\/\\\/hidalgo.nl\\\/de\\\/product\\\/156188\\\/magnetisches-magsafe-ladegeraet-bedrucken-15w-recyceltes-abs\\\/#wooCommerceProduct\",\"name\":\"Magnetisches MagSafe Ladeger\\u00e4t bedrucken 15W Recyceltes ABS\",\"url\":\"https:\\\/\\\/hidalgo.nl\\\/de\\\/product\\\/156188\\\/magnetisches-magsafe-ladegeraet-bedrucken-15w-recyceltes-abs\\\/\",\"sku\":\"A53-LT95558\",\"image\":{\"@type\":\"ImageObject\",\"url\":\"https:\\\/\\\/shop.hidalgo.nl\\\/wp-content\\\/uploads\\\/2025\\\/05\\\/da53a51a0a13a3bf0522f9893d20e8d848e3bd4cb4918576bf048cf6d5e8a1fa.jpg\",\"@id\":\"https:\\\/\\\/hidalgo.nl\\\/de\\\/product\\\/156188\\\/magnetisches-magsafe-ladegeraet-bedrucken-15w-recyceltes-abs\\\/#productImage\",\"width\":1000,\"height\":1000},\"productGroupID\":156188,\"hasVariant\":[{\"@type\":\"Product\",\"@id\":\"https:\\\/\\\/hidalgo.nl\\\/de\\\/product\\\/156188\\\/magnetisches-magsafe-ladegeraet-bedrucken-15w-recyceltes-abs\\\/#wooCommerceProduct\",\"name\":\"Draadloos magnetische oplader 15W - wit\",\"url\":\"https:\\\/\\\/hidalgo.nl\\\/de\\\/product\\\/156188\\\/magnetisches-magsafe-ladegeraet-bedrucken-15w-recyceltes-abs\\\/\",\"sku\":\"A53-LT95558-N0001\",\"image\":{\"@type\":\"ImageObject\",\"url\":\"https:\\\/\\\/shop.hidalgo.nl\\\/wp-content\\\/uploads\\\/2025\\\/05\\\/a9a53004daf96b043b52c1a2d3bd93df3ba8cfd054747b57cc7971b262cd6b42.jpg\",\"@id\":\"https:\\\/\\\/hidalgo.nl\\\/de\\\/product\\\/156188\\\/magnetisches-magsafe-ladegeraet-bedrucken-15w-recyceltes-abs\\\/#productImage\",\"width\":1000,\"height\":1000},\"offers\":{\"@type\":\"Offer\",\"url\":\"https:\\\/\\\/hidalgo.nl\\\/de\\\/product\\\/156188\\\/magnetisches-magsafe-ladegeraet-bedrucken-15w-recyceltes-abs\\\/#wooCommerceOffer\",\"price\":\"8.805\",\"priceCurrency\":\"EUR\",\"category\":\"Promotionele Artikelen\",\"availability\":\"https:\\\/\\\/schema.org\\\/InStock\",\"priceSpecification\":{\"@type\":\"PriceSpecification\",\"price\":8.805,\"priceCurrency\":\"EUR\",\"valueAddedTaxIncluded\":\"true\"}}},{\"@type\":\"Product\",\"@id\":\"https:\\\/\\\/hidalgo.nl\\\/de\\\/product\\\/156188\\\/magnetisches-magsafe-ladegeraet-bedrucken-15w-recyceltes-abs\\\/#wooCommerceProduct\",\"name\":\"Draadloos magnetische oplader 15W - zwart\",\"url\":\"https:\\\/\\\/hidalgo.nl\\\/de\\\/product\\\/156188\\\/magnetisches-magsafe-ladegeraet-bedrucken-15w-recyceltes-abs\\\/\",\"sku\":\"A53-LT95558-N0002\",\"image\":{\"@type\":\"ImageObject\",\"url\":\"https:\\\/\\\/shop.hidalgo.nl\\\/wp-content\\\/uploads\\\/2025\\\/05\\\/153a9e96fbb2b0da9061f9206e026f04abb5401d456db837f18efe7c9eeb7d70.jpg\",\"@id\":\"https:\\\/\\\/hidalgo.nl\\\/de\\\/product\\\/156188\\\/magnetisches-magsafe-ladegeraet-bedrucken-15w-recyceltes-abs\\\/#productImage\",\"width\":1000,\"height\":1000},\"offers\":{\"@type\":\"Offer\",\"url\":\"https:\\\/\\\/hidalgo.nl\\\/de\\\/product\\\/156188\\\/magnetisches-magsafe-ladegeraet-bedrucken-15w-recyceltes-abs\\\/#wooCommerceOffer\",\"price\":\"8.805\",\"priceCurrency\":\"EUR\",\"category\":\"Promotionele Artikelen\",\"availability\":\"https:\\\/\\\/schema.org\\\/InStock\",\"priceSpecification\":{\"@type\":\"PriceSpecification\",\"price\":8.805,\"priceCurrency\":\"EUR\",\"valueAddedTaxIncluded\":\"true\"}}}]},{\"@type\":\"WebPage\",\"@id\":\"https:\\\/\\\/hidalgo.nl\\\/de\\\/product\\\/156188\\\/magnetisches-magsafe-ladegeraet-bedrucken-15w-recyceltes-abs\\\/#webpage\",\"url\":\"https:\\\/\\\/hidalgo.nl\\\/de\\\/product\\\/156188\\\/magnetisches-magsafe-ladegeraet-bedrucken-15w-recyceltes-abs\\\/\",\"name\":\"Magnetisches MagSafe Ladeger\\u00e4t bedrucken 15W Recyceltes ABS\",\"description\":\"Du l\\u00e4dst Smartphones mit 15W schnell und sicher, dank starker Magnet-Ausrichtung, Geh\\u00e4use aus recyceltem ABS und kompaktem Format in Wei\\u00df oder Schwarz. Bei Hidalgo kannst du diese magnetische Ladestation mit Logo als MagSafe Ladeger\\u00e4t Werbeartikel individuell bedrucken lassen - ideal f\\u00fcr Events, B\\u00fcros & Promotion und um 20-40-J\\u00e4hrige t\\u00e4glich zu erreichen.\",\"inLanguage\":\"de-DE\",\"isPartOf\":{\"@id\":\"https:\\\/\\\/hidalgo.nl\\\/de\\\/#website\"},\"breadcrumb\":{\"@id\":\"https:\\\/\\\/hidalgo.nl\\\/de\\\/product\\\/156188\\\/magnetisches-magsafe-ladegeraet-bedrucken-15w-recyceltes-abs\\\/#breadcrumblist\"},\"image\":{\"@type\":\"ImageObject\",\"url\":\"https:\\\/\\\/shop.hidalgo.nl\\\/wp-content\\\/uploads\\\/2025\\\/05\\\/da53a51a0a13a3bf0522f9893d20e8d848e3bd4cb4918576bf048cf6d5e8a1fa.jpg\",\"@id\":\"https:\\\/\\\/hidalgo.nl\\\/de\\\/product\\\/156188\\\/magnetisches-magsafe-ladegeraet-bedrucken-15w-recyceltes-abs\\\/#mainImage\",\"width\":1000,\"height\":1000},\"primaryImageOfPage\":{\"@id\":\"https:\\\/\\\/hidalgo.nl\\\/de\\\/product\\\/156188\\\/magnetisches-magsafe-ladegeraet-bedrucken-15w-recyceltes-abs\\\/#mainImage\"},\"datePublished\":\"2025-07-09T21:00:48+00:00\",\"dateModified\":\"2026-05-01T06:20:51+00:00\"},{\"@type\":\"WebSite\",\"@id\":\"https:\\\/\\\/hidalgo.nl\\\/de\\\/#website\",\"url\":\"https:\\\/\\\/hidalgo.nl\\\/de\\\/\",\"name\":\"Hidalgo\",\"inLanguage\":\"de-DE\",\"publisher\":{\"@id\":\"https:\\\/\\\/hidalgo.nl\\\/de\\\/#organization\"}}]}\n\t\t<\/script>\n\t\t<!-- All in One SEO Pro -->\r\n\t\t<title>Magnetisches MagSafe Ladeger\u00e4t bedrucken 15W Recyceltes ABS<\/title>\n\n","aioseo_head_json":{"title":"Magnetisches MagSafe Ladeger\u00e4t bedrucken 15W Recyceltes ABS","description":"Du l\u00e4dst Smartphones mit 15W schnell und sicher, dank starker Magnet-Ausrichtung, Geh\u00e4use aus recyceltem ABS und kompaktem Format in Wei\u00df oder Schwarz. Bei Hidalgo kannst du diese magnetische Ladestation mit Logo als MagSafe Ladeger\u00e4t Werbeartikel individuell bedrucken lassen - ideal f\u00fcr Events, B\u00fcros & Promotion und um 20-40-J\u00e4hrige t\u00e4glich zu erreichen.","canonical_url":"https:\/\/hidalgo.nl\/de\/wp-json\/wp\/v2\/product\/156188","robots":"max-image-preview:large","keywords":"","webmasterTools":{"miscellaneous":""},"schema":{"@context":"https:\/\/schema.org","@graph":[{"@type":"BreadcrumbList","@id":"https:\/\/hidalgo.nl\/de\/product\/156188\/magnetisches-magsafe-ladegeraet-bedrucken-15w-recyceltes-abs\/#breadcrumblist","itemListElement":[{"@type":"ListItem","@id":"https:\/\/hidalgo.nl\/de\/#listItem","position":1,"name":"Home","item":"https:\/\/hidalgo.nl\/de\/","nextItem":{"@type":"ListItem","@id":"https:\/\/hidalgo.nl\/example\/#listItem","name":"example"}},{"@type":"ListItem","@id":"https:\/\/hidalgo.nl\/example\/#listItem","position":2,"name":"example","item":"https:\/\/hidalgo.nl\/example\/","nextItem":{"@type":"ListItem","@id":"https:\/\/hidalgo.nl\/en\/product-supplier\/a53\/#listItem","name":"A53"},"previousItem":{"@type":"ListItem","@id":"https:\/\/hidalgo.nl\/de\/#listItem","name":"Home"}},{"@type":"ListItem","@id":"https:\/\/hidalgo.nl\/en\/product-supplier\/a53\/#listItem","position":3,"name":"A53","item":"https:\/\/hidalgo.nl\/en\/product-supplier\/a53\/","nextItem":{"@type":"ListItem","@id":"https:\/\/hidalgo.nl\/de\/product\/156188\/magnetisches-magsafe-ladegeraet-bedrucken-15w-recyceltes-abs\/#listItem","name":"Draadloos magnetische oplader 15W"},"previousItem":{"@type":"ListItem","@id":"https:\/\/hidalgo.nl\/example\/#listItem","name":"example"}},{"@type":"ListItem","@id":"https:\/\/hidalgo.nl\/de\/product\/156188\/magnetisches-magsafe-ladegeraet-bedrucken-15w-recyceltes-abs\/#listItem","position":4,"name":"Draadloos magnetische oplader 15W","previousItem":{"@type":"ListItem","@id":"https:\/\/hidalgo.nl\/en\/product-supplier\/a53\/#listItem","name":"A53"}}]},{"@type":"Organization","@id":"https:\/\/hidalgo.nl\/de\/#organization","name":"Hidalgo","url":"https:\/\/hidalgo.nl\/de\/","logo":{"@type":"ImageObject","url":"https:\/\/shop.hidalgo.nl\/wp-content\/uploads\/2025\/11\/cropped-Hidalgo-est1993.png","@id":"https:\/\/hidalgo.nl\/de\/product\/156188\/magnetisches-magsafe-ladegeraet-bedrucken-15w-recyceltes-abs\/#organizationLogo","width":585,"height":195},"image":{"@id":"https:\/\/hidalgo.nl\/de\/product\/156188\/magnetisches-magsafe-ladegeraet-bedrucken-15w-recyceltes-abs\/#organizationLogo"}},{"@type":"ProductGroup","@id":"https:\/\/hidalgo.nl\/de\/product\/156188\/magnetisches-magsafe-ladegeraet-bedrucken-15w-recyceltes-abs\/#wooCommerceProduct","name":"Magnetisches MagSafe Ladeger\u00e4t bedrucken 15W Recyceltes ABS","url":"https:\/\/hidalgo.nl\/de\/product\/156188\/magnetisches-magsafe-ladegeraet-bedrucken-15w-recyceltes-abs\/","sku":"A53-LT95558","image":{"@type":"ImageObject","url":"https:\/\/shop.hidalgo.nl\/wp-content\/uploads\/2025\/05\/da53a51a0a13a3bf0522f9893d20e8d848e3bd4cb4918576bf048cf6d5e8a1fa.jpg","@id":"https:\/\/hidalgo.nl\/de\/product\/156188\/magnetisches-magsafe-ladegeraet-bedrucken-15w-recyceltes-abs\/#productImage","width":1000,"height":1000},"productGroupID":156188,"hasVariant":[{"@type":"Product","@id":"https:\/\/hidalgo.nl\/de\/product\/156188\/magnetisches-magsafe-ladegeraet-bedrucken-15w-recyceltes-abs\/#wooCommerceProduct","name":"Draadloos magnetische oplader 15W - wit","url":"https:\/\/hidalgo.nl\/de\/product\/156188\/magnetisches-magsafe-ladegeraet-bedrucken-15w-recyceltes-abs\/","sku":"A53-LT95558-N0001","image":{"@type":"ImageObject","url":"https:\/\/shop.hidalgo.nl\/wp-content\/uploads\/2025\/05\/a9a53004daf96b043b52c1a2d3bd93df3ba8cfd054747b57cc7971b262cd6b42.jpg","@id":"https:\/\/hidalgo.nl\/de\/product\/156188\/magnetisches-magsafe-ladegeraet-bedrucken-15w-recyceltes-abs\/#productImage","width":1000,"height":1000},"offers":{"@type":"Offer","url":"https:\/\/hidalgo.nl\/de\/product\/156188\/magnetisches-magsafe-ladegeraet-bedrucken-15w-recyceltes-abs\/#wooCommerceOffer","price":"8.805","priceCurrency":"EUR","category":"Promotionele Artikelen","availability":"https:\/\/schema.org\/InStock","priceSpecification":{"@type":"PriceSpecification","price":8.805,"priceCurrency":"EUR","valueAddedTaxIncluded":"true"}}},{"@type":"Product","@id":"https:\/\/hidalgo.nl\/de\/product\/156188\/magnetisches-magsafe-ladegeraet-bedrucken-15w-recyceltes-abs\/#wooCommerceProduct","name":"Draadloos magnetische oplader 15W - zwart","url":"https:\/\/hidalgo.nl\/de\/product\/156188\/magnetisches-magsafe-ladegeraet-bedrucken-15w-recyceltes-abs\/","sku":"A53-LT95558-N0002","image":{"@type":"ImageObject","url":"https:\/\/shop.hidalgo.nl\/wp-content\/uploads\/2025\/05\/153a9e96fbb2b0da9061f9206e026f04abb5401d456db837f18efe7c9eeb7d70.jpg","@id":"https:\/\/hidalgo.nl\/de\/product\/156188\/magnetisches-magsafe-ladegeraet-bedrucken-15w-recyceltes-abs\/#productImage","width":1000,"height":1000},"offers":{"@type":"Offer","url":"https:\/\/hidalgo.nl\/de\/product\/156188\/magnetisches-magsafe-ladegeraet-bedrucken-15w-recyceltes-abs\/#wooCommerceOffer","price":"8.805","priceCurrency":"EUR","category":"Promotionele Artikelen","availability":"https:\/\/schema.org\/InStock","priceSpecification":{"@type":"PriceSpecification","price":8.805,"priceCurrency":"EUR","valueAddedTaxIncluded":"true"}}}]},{"@type":"WebPage","@id":"https:\/\/hidalgo.nl\/de\/product\/156188\/magnetisches-magsafe-ladegeraet-bedrucken-15w-recyceltes-abs\/#webpage","url":"https:\/\/hidalgo.nl\/de\/product\/156188\/magnetisches-magsafe-ladegeraet-bedrucken-15w-recyceltes-abs\/","name":"Magnetisches MagSafe Ladeger\u00e4t bedrucken 15W Recyceltes ABS","description":"Du l\u00e4dst Smartphones mit 15W schnell und sicher, dank starker Magnet-Ausrichtung, Geh\u00e4use aus recyceltem ABS und kompaktem Format in Wei\u00df oder Schwarz. Bei Hidalgo kannst du diese magnetische Ladestation mit Logo als MagSafe Ladeger\u00e4t Werbeartikel individuell bedrucken lassen - ideal f\u00fcr Events, B\u00fcros & Promotion und um 20-40-J\u00e4hrige t\u00e4glich zu erreichen.","inLanguage":"de-DE","isPartOf":{"@id":"https:\/\/hidalgo.nl\/de\/#website"},"breadcrumb":{"@id":"https:\/\/hidalgo.nl\/de\/product\/156188\/magnetisches-magsafe-ladegeraet-bedrucken-15w-recyceltes-abs\/#breadcrumblist"},"image":{"@type":"ImageObject","url":"https:\/\/shop.hidalgo.nl\/wp-content\/uploads\/2025\/05\/da53a51a0a13a3bf0522f9893d20e8d848e3bd4cb4918576bf048cf6d5e8a1fa.jpg","@id":"https:\/\/hidalgo.nl\/de\/product\/156188\/magnetisches-magsafe-ladegeraet-bedrucken-15w-recyceltes-abs\/#mainImage","width":1000,"height":1000},"primaryImageOfPage":{"@id":"https:\/\/hidalgo.nl\/de\/product\/156188\/magnetisches-magsafe-ladegeraet-bedrucken-15w-recyceltes-abs\/#mainImage"},"datePublished":"2025-07-09T21:00:48+00:00","dateModified":"2026-05-01T06:20:51+00:00"},{"@type":"WebSite","@id":"https:\/\/hidalgo.nl\/de\/#website","url":"https:\/\/hidalgo.nl\/de\/","name":"Hidalgo","inLanguage":"de-DE","publisher":{"@id":"https:\/\/hidalgo.nl\/de\/#organization"}}]},"og:locale":"de_DE","og:site_name":"Hidalgo -","og:type":"article","og:title":"Magnetisches MagSafe Ladeger\u00e4t bedrucken 15W Recyceltes ABS","og:description":"Du l\u00e4dst Smartphones mit 15W schnell und sicher, dank starker Magnet-Ausrichtung, Geh\u00e4use aus recyceltem ABS und kompaktem Format in Wei\u00df oder Schwarz. Bei Hidalgo kannst du diese magnetische Ladestation mit Logo als MagSafe Ladeger\u00e4t Werbeartikel individuell bedrucken lassen - ideal f\u00fcr Events, B\u00fcros &amp; Promotion und um 20-40-J\u00e4hrige t\u00e4glich zu erreichen.","og:url":"https:\/\/hidalgo.nl\/de\/wp-json\/wp\/v2\/product\/156188","og:image":"https:\/\/shop.hidalgo.nl\/wp-content\/uploads\/2025\/11\/cropped-Hidalgo-est1993.png","og:image:secure_url":"https:\/\/shop.hidalgo.nl\/wp-content\/uploads\/2025\/11\/cropped-Hidalgo-est1993.png","article:published_time":"2025-07-09T21:00:48+00:00","article:modified_time":"2026-05-01T06:20:51+00:00","twitter:card":"summary_large_image","twitter:title":"Magnetisches MagSafe Ladeger\u00e4t bedrucken 15W Recyceltes ABS","twitter:description":"Du l\u00e4dst Smartphones mit 15W schnell und sicher, dank starker Magnet-Ausrichtung, Geh\u00e4use aus recyceltem ABS und kompaktem Format in Wei\u00df oder Schwarz. Bei Hidalgo kannst du diese magnetische Ladestation mit Logo als MagSafe Ladeger\u00e4t Werbeartikel individuell bedrucken lassen - ideal f\u00fcr Events, B\u00fcros &amp; Promotion und um 20-40-J\u00e4hrige t\u00e4glich zu erreichen.","twitter:image":"https:\/\/shop.hidalgo.nl\/wp-content\/uploads\/2025\/11\/cropped-Hidalgo-est1993.png"},"aioseo_meta_data":{"post_id":"156188","title":null,"description":null,"keywords":null,"keyphrases":null,"primary_term":null,"canonical_url":null,"og_title":null,"og_description":null,"og_object_type":"default","og_image_type":"default","og_image_url":null,"og_image_width":null,"og_image_height":null,"og_image_custom_url":null,"og_image_custom_fields":null,"og_video":null,"og_custom_url":null,"og_article_section":null,"og_article_tags":null,"twitter_use_og":false,"twitter_card":"default","twitter_image_type":"default","twitter_image_url":null,"twitter_image_custom_url":null,"twitter_image_custom_fields":null,"twitter_title":null,"twitter_description":null,"schema":{"blockGraphs":[],"customGraphs":[],"default":{"data":{"Article":[],"Course":[],"Dataset":[],"FAQPage":[],"Movie":[],"Person":[],"Product":[],"ProductReview":[],"Car":[],"Recipe":[],"Service":[],"SoftwareApplication":[],"WebPage":[]},"graphName":"","isEnabled":true},"graphs":[]},"schema_type":"default","schema_type_options":null,"pillar_content":false,"robots_default":true,"robots_noindex":false,"robots_noarchive":false,"robots_nosnippet":false,"robots_nofollow":false,"robots_noimageindex":false,"robots_noodp":false,"robots_notranslate":false,"robots_max_snippet":null,"robots_max_videopreview":null,"robots_max_imagepreview":"large","priority":null,"frequency":null,"local_seo":null,"seo_analyzer_scan_date":"2026-02-02 18:18:30","breadcrumb_settings":null,"limit_modified_date":false,"reviewed_by":null,"open_ai":null,"ai":null,"created":"2026-01-14 07:02:58","updated":"2026-05-01 08:08:05"},"aioseo_breadcrumb":"<div class=\"aioseo-breadcrumbs\"><span class=\"aioseo-breadcrumb\">\n\t<a href=\"https:\/\/hidalgo.nl\/de\/\" title=\"Home\">Home<\/a>\n<\/span><span class=\"aioseo-breadcrumb-separator\">\u00bb<\/span><span class=\"aioseo-breadcrumb\">\n\t<a href=\"https:\/\/hidalgo.nl\/example\/\" title=\"example\">example<\/a>\n<\/span><span class=\"aioseo-breadcrumb-separator\">\u00bb<\/span><span class=\"aioseo-breadcrumb\">\n\t<a href=\"https:\/\/hidalgo.nl\/en\/product-supplier\/a53\/\" title=\"A53\">A53<\/a>\n<\/span><span class=\"aioseo-breadcrumb-separator\">\u00bb<\/span><span class=\"aioseo-breadcrumb\">\n\tDraadloos magnetische oplader 15W\n<\/span><\/div>","aioseo_breadcrumb_json":[{"label":"Home","link":"https:\/\/hidalgo.nl\/de\/"},{"label":"example","link":"https:\/\/hidalgo.nl\/example\/"},{"label":"A53","link":"https:\/\/hidalgo.nl\/en\/product-supplier\/a53\/"},{"label":"Draadloos magnetische oplader 15W","link":"https:\/\/hidalgo.nl\/de\/product\/156188\/magnetisches-magsafe-ladegeraet-bedrucken-15w-recyceltes-abs\/"}],"_links":{"self":[{"href":"https:\/\/hidalgo.nl\/de\/wp-json\/wp\/v2\/product\/156188","targetHints":{"allow":["GET"]}}],"collection":[{"href":"https:\/\/hidalgo.nl\/de\/wp-json\/wp\/v2\/product"}],"about":[{"href":"https:\/\/hidalgo.nl\/de\/wp-json\/wp\/v2\/types\/product"}],"wp:featuredmedia":[{"embeddable":true,"href":"https:\/\/hidalgo.nl\/de\/wp-json\/wp\/v2\/media\/156189"}],"wp:attachment":[{"href":"https:\/\/hidalgo.nl\/de\/wp-json\/wp\/v2\/media?parent=156188"}],"wp:term":[{"taxonomy":"product_brand","embeddable":true,"href":"https:\/\/hidalgo.nl\/de\/wp-json\/wp\/v2\/product_brand?post=156188"},{"taxonomy":"product_cat","embeddable":true,"href":"https:\/\/hidalgo.nl\/de\/wp-json\/wp\/v2\/product_cat?post=156188"},{"taxonomy":"product_tag","embeddable":true,"href":"https:\/\/hidalgo.nl\/de\/wp-json\/wp\/v2\/product_tag?post=156188"}],"curies":[{"name":"wp","href":"https:\/\/api.w.org\/{rel}","templated":true}]}}