{"id":156176,"date":"2025-07-09T20:59:37","date_gmt":"2025-07-09T20:59:37","guid":{"rendered":"http:\/\/bidonsenshakers.pim.hidalgo.nl\/product\/draadloze-oplader-bamboe-glas-10w\/"},"modified":"2026-05-01T06:19:37","modified_gmt":"2026-05-01T06:19:37","slug":"draadloze-oplader-bamboe-glas-10w","status":"publish","type":"product","link":"https:\/\/hidalgo.nl\/de\/product\/156176\/wireless-charger-bedrucken-10w-bambus-glas-50cm-kabel\/","title":{"rendered":"Draadloze oplader bamboe &amp; glas 10W"},"content":{"rendered":"<p>Opladen met elegantie en snelheid! Maak kennis met onze 10W draadloze oplader, vervaardigd uit stijlvol glas en bamboe. Inclusief een oplaadkabel van 50 cm. Laad op in stijl met een verfijnd natuurlijk accent.<\/p>\n","protected":false},"excerpt":{"rendered":"<p>Opladen met elegantie en snelheid! Maak kennis met onze 10W draadloze oplader, vervaardigd uit stijlvol glas en bamboe. Inclusief een oplaadkabel van 50 cm. Laad op in stijl met een verfijnd natuurlijk accent.<\/p>\n","protected":false},"featured_media":156177,"template":"","meta":{"_acf_changed":false,"om_disable_all_campaigns":false,"_monsterinsights_skip_tracking":false,"_monsterinsights_sitenote_active":false,"_monsterinsights_sitenote_note":"","_monsterinsights_sitenote_category":0},"product_brand":[],"product_cat":[4720,4724,4719],"product_tag":[],"class_list":{"0":"post-156176","1":"product","2":"type-product","3":"status-publish","4":"has-post-thumbnail","6":"product_supplier-a53","7":"product_cat-promotionele-artikelen-elektronica-en-gadgets","8":"product_cat-promotionele-artikelen-elektronica-en-gadgets-kabels-en-opladers","9":"product_cat-promotionele-artikelen","10":"entry","12":"first","13":"instock","14":"taxable","15":"shipping-taxable","16":"purchasable","17":"product-type-variable"},"acf":{"imprint_cost":[{"imprint_cost_key":"6fb84a204499fa826b35e99389f2842e93c1ca9a","product_quantity_price_range":[{"imprint_cost_recommended_selling_price":"1.245","imprint_cost_recommended_selling_quantity":"1"},{"imprint_cost_recommended_selling_price":"1.0575","imprint_cost_recommended_selling_quantity":"10"},{"imprint_cost_recommended_selling_price":"0.9","imprint_cost_recommended_selling_quantity":"25"},{"imprint_cost_recommended_selling_price":"0.8025","imprint_cost_recommended_selling_quantity":"50"},{"imprint_cost_recommended_selling_price":"0.7275","imprint_cost_recommended_selling_quantity":"100"},{"imprint_cost_recommended_selling_price":"0.63","imprint_cost_recommended_selling_quantity":"250"},{"imprint_cost_recommended_selling_price":"0.57","imprint_cost_recommended_selling_quantity":"500"},{"imprint_cost_recommended_selling_price":"0.5175","imprint_cost_recommended_selling_quantity":"1000"},{"imprint_cost_recommended_selling_price":"0.4875","imprint_cost_recommended_selling_quantity":"2500"},{"imprint_cost_recommended_selling_price":"0.4725","imprint_cost_recommended_selling_quantity":"5000"},{"imprint_cost_recommended_selling_price":"0.4575","imprint_cost_recommended_selling_quantity":"10000"}],"product_quantity_price_range_buying":[{"imprint_cost_general_buying_price":"0.83","imprint_cost_general_buying_quantity":"1"},{"imprint_cost_general_buying_price":"0.705","imprint_cost_general_buying_quantity":"10"},{"imprint_cost_general_buying_price":"0.6","imprint_cost_general_buying_quantity":"25"},{"imprint_cost_general_buying_price":"0.535","imprint_cost_general_buying_quantity":"50"},{"imprint_cost_general_buying_price":"0.485","imprint_cost_general_buying_quantity":"100"},{"imprint_cost_general_buying_price":"0.42","imprint_cost_general_buying_quantity":"250"},{"imprint_cost_general_buying_price":"0.38","imprint_cost_general_buying_quantity":"500"},{"imprint_cost_general_buying_price":"0.345","imprint_cost_general_buying_quantity":"1000"},{"imprint_cost_general_buying_price":"0.325","imprint_cost_general_buying_quantity":"2500"},{"imprint_cost_general_buying_price":"0.315","imprint_cost_general_buying_quantity":"5000"},{"imprint_cost_general_buying_price":"0.305","imprint_cost_general_buying_quantity":"10000"}],"imprint_cost_setup_costs":"54","imprint_cost_handling_costs":"0.12"}]},"aioseo_notices":[],"aioseo_head":"\n\t\t<!-- All in One SEO Pro 4.9.6.2 - aioseo.com -->\n\t<meta name=\"description\" content=\"Lade dein Smartphone kabellos mit 10W und setze dein Branding pr\u00e4sent in Szene. Wir von Hidalgo k\u00f6nnen dein Logo als Druck oder Gravur auf Glas &amp; Bambus umsetzen - ideal als Kabelloses Ladeger\u00e4t mit Logo f\u00fcr Messen und B\u00fcros, oder wenn du ein Induktives Ladepad bedrucken willst.\" \/>\n\t<meta name=\"robots\" content=\"max-image-preview:large\" \/>\n\t<link rel=\"canonical\" href=\"https:\/\/hidalgo.nl\/de\/wp-json\/wp\/v2\/product\/156176\" \/>\n\t<meta name=\"generator\" content=\"All in One SEO Pro (AIOSEO) 4.9.6.2\" \/>\n\t\t<meta property=\"og:locale\" content=\"de_DE\" \/>\n\t\t<meta property=\"og:site_name\" content=\"Hidalgo -\" \/>\n\t\t<meta property=\"og:type\" content=\"article\" \/>\n\t\t<meta property=\"og:title\" content=\"Wireless Charger bedrucken 10W Bambus Glas 50cm Kabel\" \/>\n\t\t<meta property=\"og:description\" content=\"Lade dein Smartphone kabellos mit 10W und setze dein Branding pr\u00e4sent in Szene. Wir von Hidalgo k\u00f6nnen dein Logo als Druck oder Gravur auf Glas &amp; Bambus umsetzen - ideal als Kabelloses Ladeger\u00e4t mit Logo f\u00fcr Messen und B\u00fcros, oder wenn du ein Induktives Ladepad bedrucken willst.\" \/>\n\t\t<meta property=\"og:url\" content=\"https:\/\/hidalgo.nl\/de\/wp-json\/wp\/v2\/product\/156176\" \/>\n\t\t<meta property=\"og:image\" content=\"https:\/\/shop.hidalgo.nl\/wp-content\/uploads\/2025\/11\/cropped-Hidalgo-est1993.png\" \/>\n\t\t<meta property=\"og:image:secure_url\" content=\"https:\/\/shop.hidalgo.nl\/wp-content\/uploads\/2025\/11\/cropped-Hidalgo-est1993.png\" \/>\n\t\t<meta property=\"article:published_time\" content=\"2025-07-09T20:59:37+00:00\" \/>\n\t\t<meta property=\"article:modified_time\" content=\"2026-05-01T06:19:37+00:00\" \/>\n\t\t<meta name=\"twitter:card\" content=\"summary_large_image\" \/>\n\t\t<meta name=\"twitter:title\" content=\"Wireless Charger bedrucken 10W Bambus Glas 50cm Kabel\" \/>\n\t\t<meta name=\"twitter:description\" content=\"Lade dein Smartphone kabellos mit 10W und setze dein Branding pr\u00e4sent in Szene. Wir von Hidalgo k\u00f6nnen dein Logo als Druck oder Gravur auf Glas &amp; Bambus umsetzen - ideal als Kabelloses Ladeger\u00e4t mit Logo f\u00fcr Messen und B\u00fcros, oder wenn du ein Induktives Ladepad bedrucken willst.\" \/>\n\t\t<meta name=\"twitter:image\" content=\"https:\/\/shop.hidalgo.nl\/wp-content\/uploads\/2025\/11\/cropped-Hidalgo-est1993.png\" \/>\n\t\t<script type=\"application\/ld+json\" class=\"aioseo-schema\">\n\t\t\t{\"@context\":\"https:\\\/\\\/schema.org\",\"@graph\":[{\"@type\":\"BreadcrumbList\",\"@id\":\"https:\\\/\\\/hidalgo.nl\\\/de\\\/product\\\/156176\\\/wireless-charger-bedrucken-10w-bambus-glas-50cm-kabel\\\/#breadcrumblist\",\"itemListElement\":[{\"@type\":\"ListItem\",\"@id\":\"https:\\\/\\\/hidalgo.nl\\\/de\\\/#listItem\",\"position\":1,\"name\":\"Home\",\"item\":\"https:\\\/\\\/hidalgo.nl\\\/de\\\/\",\"nextItem\":{\"@type\":\"ListItem\",\"@id\":\"https:\\\/\\\/hidalgo.nl\\\/example\\\/#listItem\",\"name\":\"example\"}},{\"@type\":\"ListItem\",\"@id\":\"https:\\\/\\\/hidalgo.nl\\\/example\\\/#listItem\",\"position\":2,\"name\":\"example\",\"item\":\"https:\\\/\\\/hidalgo.nl\\\/example\\\/\",\"nextItem\":{\"@type\":\"ListItem\",\"@id\":\"https:\\\/\\\/hidalgo.nl\\\/en\\\/product-supplier\\\/a53\\\/#listItem\",\"name\":\"A53\"},\"previousItem\":{\"@type\":\"ListItem\",\"@id\":\"https:\\\/\\\/hidalgo.nl\\\/de\\\/#listItem\",\"name\":\"Home\"}},{\"@type\":\"ListItem\",\"@id\":\"https:\\\/\\\/hidalgo.nl\\\/en\\\/product-supplier\\\/a53\\\/#listItem\",\"position\":3,\"name\":\"A53\",\"item\":\"https:\\\/\\\/hidalgo.nl\\\/en\\\/product-supplier\\\/a53\\\/\",\"nextItem\":{\"@type\":\"ListItem\",\"@id\":\"https:\\\/\\\/hidalgo.nl\\\/de\\\/product\\\/156176\\\/wireless-charger-bedrucken-10w-bambus-glas-50cm-kabel\\\/#listItem\",\"name\":\"Draadloze oplader bamboe &amp; glas 10W\"},\"previousItem\":{\"@type\":\"ListItem\",\"@id\":\"https:\\\/\\\/hidalgo.nl\\\/example\\\/#listItem\",\"name\":\"example\"}},{\"@type\":\"ListItem\",\"@id\":\"https:\\\/\\\/hidalgo.nl\\\/de\\\/product\\\/156176\\\/wireless-charger-bedrucken-10w-bambus-glas-50cm-kabel\\\/#listItem\",\"position\":4,\"name\":\"Draadloze oplader bamboe &amp; glas 10W\",\"previousItem\":{\"@type\":\"ListItem\",\"@id\":\"https:\\\/\\\/hidalgo.nl\\\/en\\\/product-supplier\\\/a53\\\/#listItem\",\"name\":\"A53\"}}]},{\"@type\":\"Organization\",\"@id\":\"https:\\\/\\\/hidalgo.nl\\\/de\\\/#organization\",\"name\":\"Hidalgo\",\"url\":\"https:\\\/\\\/hidalgo.nl\\\/de\\\/\",\"logo\":{\"@type\":\"ImageObject\",\"url\":\"https:\\\/\\\/shop.hidalgo.nl\\\/wp-content\\\/uploads\\\/2025\\\/11\\\/cropped-Hidalgo-est1993.png\",\"@id\":\"https:\\\/\\\/hidalgo.nl\\\/de\\\/product\\\/156176\\\/wireless-charger-bedrucken-10w-bambus-glas-50cm-kabel\\\/#organizationLogo\",\"width\":585,\"height\":195},\"image\":{\"@id\":\"https:\\\/\\\/hidalgo.nl\\\/de\\\/product\\\/156176\\\/wireless-charger-bedrucken-10w-bambus-glas-50cm-kabel\\\/#organizationLogo\"}},{\"@type\":\"ProductGroup\",\"@id\":\"https:\\\/\\\/hidalgo.nl\\\/de\\\/product\\\/156176\\\/wireless-charger-bedrucken-10w-bambus-glas-50cm-kabel\\\/#wooCommerceProduct\",\"name\":\"Wireless Charger bedrucken 10W Bambus Glas 50cm Kabel\",\"url\":\"https:\\\/\\\/hidalgo.nl\\\/de\\\/product\\\/156176\\\/wireless-charger-bedrucken-10w-bambus-glas-50cm-kabel\\\/\",\"sku\":\"A53-LT95556\",\"image\":{\"@type\":\"ImageObject\",\"url\":\"https:\\\/\\\/shop.hidalgo.nl\\\/wp-content\\\/uploads\\\/2025\\\/05\\\/7fc2e3d1e2e2b1444f28969ea360c2aaf2ac5549b1aa41a97f9d74596fc0d241.jpg\",\"@id\":\"https:\\\/\\\/hidalgo.nl\\\/de\\\/product\\\/156176\\\/wireless-charger-bedrucken-10w-bambus-glas-50cm-kabel\\\/#productImage\",\"width\":1000,\"height\":1000},\"productGroupID\":156176,\"hasVariant\":[{\"@type\":\"Product\",\"@id\":\"https:\\\/\\\/hidalgo.nl\\\/de\\\/product\\\/156176\\\/wireless-charger-bedrucken-10w-bambus-glas-50cm-kabel\\\/#wooCommerceProduct\",\"name\":\"Draadloze oplader bamboe &amp; glas 10W - zwart\",\"url\":\"https:\\\/\\\/hidalgo.nl\\\/de\\\/product\\\/156176\\\/wireless-charger-bedrucken-10w-bambus-glas-50cm-kabel\\\/\",\"sku\":\"A53-LT95556-N0002\",\"image\":{\"@type\":\"ImageObject\",\"url\":\"https:\\\/\\\/shop.hidalgo.nl\\\/wp-content\\\/uploads\\\/2025\\\/05\\\/a7ada4554f4f065e58ebde44da4b637a741a522b2874b97ac826e3d76483121c.jpg\",\"@id\":\"https:\\\/\\\/hidalgo.nl\\\/de\\\/product\\\/156176\\\/wireless-charger-bedrucken-10w-bambus-glas-50cm-kabel\\\/#productImage\",\"width\":1000,\"height\":1000},\"offers\":{\"@type\":\"Offer\",\"url\":\"https:\\\/\\\/hidalgo.nl\\\/de\\\/product\\\/156176\\\/wireless-charger-bedrucken-10w-bambus-glas-50cm-kabel\\\/#wooCommerceOffer\",\"price\":\"8.64\",\"priceCurrency\":\"EUR\",\"category\":\"Promotionele Artikelen\",\"availability\":\"https:\\\/\\\/schema.org\\\/InStock\",\"priceSpecification\":{\"@type\":\"PriceSpecification\",\"price\":8.64,\"priceCurrency\":\"EUR\",\"valueAddedTaxIncluded\":\"true\"}}}]},{\"@type\":\"WebPage\",\"@id\":\"https:\\\/\\\/hidalgo.nl\\\/de\\\/product\\\/156176\\\/wireless-charger-bedrucken-10w-bambus-glas-50cm-kabel\\\/#webpage\",\"url\":\"https:\\\/\\\/hidalgo.nl\\\/de\\\/product\\\/156176\\\/wireless-charger-bedrucken-10w-bambus-glas-50cm-kabel\\\/\",\"name\":\"Wireless Charger bedrucken 10W Bambus Glas 50cm Kabel\",\"description\":\"Lade dein Smartphone kabellos mit 10W und setze dein Branding pr\\u00e4sent in Szene. Wir von Hidalgo k\\u00f6nnen dein Logo als Druck oder Gravur auf Glas & Bambus umsetzen - ideal als Kabelloses Ladeger\\u00e4t mit Logo f\\u00fcr Messen und B\\u00fcros, oder wenn du ein Induktives Ladepad bedrucken willst.\",\"inLanguage\":\"de-DE\",\"isPartOf\":{\"@id\":\"https:\\\/\\\/hidalgo.nl\\\/de\\\/#website\"},\"breadcrumb\":{\"@id\":\"https:\\\/\\\/hidalgo.nl\\\/de\\\/product\\\/156176\\\/wireless-charger-bedrucken-10w-bambus-glas-50cm-kabel\\\/#breadcrumblist\"},\"image\":{\"@type\":\"ImageObject\",\"url\":\"https:\\\/\\\/shop.hidalgo.nl\\\/wp-content\\\/uploads\\\/2025\\\/05\\\/7fc2e3d1e2e2b1444f28969ea360c2aaf2ac5549b1aa41a97f9d74596fc0d241.jpg\",\"@id\":\"https:\\\/\\\/hidalgo.nl\\\/de\\\/product\\\/156176\\\/wireless-charger-bedrucken-10w-bambus-glas-50cm-kabel\\\/#mainImage\",\"width\":1000,\"height\":1000},\"primaryImageOfPage\":{\"@id\":\"https:\\\/\\\/hidalgo.nl\\\/de\\\/product\\\/156176\\\/wireless-charger-bedrucken-10w-bambus-glas-50cm-kabel\\\/#mainImage\"},\"datePublished\":\"2025-07-09T20:59:37+00:00\",\"dateModified\":\"2026-05-01T06:19:37+00:00\"},{\"@type\":\"WebSite\",\"@id\":\"https:\\\/\\\/hidalgo.nl\\\/de\\\/#website\",\"url\":\"https:\\\/\\\/hidalgo.nl\\\/de\\\/\",\"name\":\"Hidalgo\",\"inLanguage\":\"de-DE\",\"publisher\":{\"@id\":\"https:\\\/\\\/hidalgo.nl\\\/de\\\/#organization\"}}]}\n\t\t<\/script>\n\t\t<!-- All in One SEO Pro -->\r\n\t\t<title>Wireless Charger bedrucken 10W Bambus Glas 50cm Kabel<\/title>\n\n","aioseo_head_json":{"title":"Wireless Charger bedrucken 10W Bambus Glas 50cm Kabel","description":"Lade dein Smartphone kabellos mit 10W und setze dein Branding pr\u00e4sent in Szene. Wir von Hidalgo k\u00f6nnen dein Logo als Druck oder Gravur auf Glas & Bambus umsetzen - ideal als Kabelloses Ladeger\u00e4t mit Logo f\u00fcr Messen und B\u00fcros, oder wenn du ein Induktives Ladepad bedrucken willst.","canonical_url":"https:\/\/hidalgo.nl\/de\/wp-json\/wp\/v2\/product\/156176","robots":"max-image-preview:large","keywords":"","webmasterTools":{"miscellaneous":""},"schema":{"@context":"https:\/\/schema.org","@graph":[{"@type":"BreadcrumbList","@id":"https:\/\/hidalgo.nl\/de\/product\/156176\/wireless-charger-bedrucken-10w-bambus-glas-50cm-kabel\/#breadcrumblist","itemListElement":[{"@type":"ListItem","@id":"https:\/\/hidalgo.nl\/de\/#listItem","position":1,"name":"Home","item":"https:\/\/hidalgo.nl\/de\/","nextItem":{"@type":"ListItem","@id":"https:\/\/hidalgo.nl\/example\/#listItem","name":"example"}},{"@type":"ListItem","@id":"https:\/\/hidalgo.nl\/example\/#listItem","position":2,"name":"example","item":"https:\/\/hidalgo.nl\/example\/","nextItem":{"@type":"ListItem","@id":"https:\/\/hidalgo.nl\/en\/product-supplier\/a53\/#listItem","name":"A53"},"previousItem":{"@type":"ListItem","@id":"https:\/\/hidalgo.nl\/de\/#listItem","name":"Home"}},{"@type":"ListItem","@id":"https:\/\/hidalgo.nl\/en\/product-supplier\/a53\/#listItem","position":3,"name":"A53","item":"https:\/\/hidalgo.nl\/en\/product-supplier\/a53\/","nextItem":{"@type":"ListItem","@id":"https:\/\/hidalgo.nl\/de\/product\/156176\/wireless-charger-bedrucken-10w-bambus-glas-50cm-kabel\/#listItem","name":"Draadloze oplader bamboe &amp; glas 10W"},"previousItem":{"@type":"ListItem","@id":"https:\/\/hidalgo.nl\/example\/#listItem","name":"example"}},{"@type":"ListItem","@id":"https:\/\/hidalgo.nl\/de\/product\/156176\/wireless-charger-bedrucken-10w-bambus-glas-50cm-kabel\/#listItem","position":4,"name":"Draadloze oplader bamboe &amp; glas 10W","previousItem":{"@type":"ListItem","@id":"https:\/\/hidalgo.nl\/en\/product-supplier\/a53\/#listItem","name":"A53"}}]},{"@type":"Organization","@id":"https:\/\/hidalgo.nl\/de\/#organization","name":"Hidalgo","url":"https:\/\/hidalgo.nl\/de\/","logo":{"@type":"ImageObject","url":"https:\/\/shop.hidalgo.nl\/wp-content\/uploads\/2025\/11\/cropped-Hidalgo-est1993.png","@id":"https:\/\/hidalgo.nl\/de\/product\/156176\/wireless-charger-bedrucken-10w-bambus-glas-50cm-kabel\/#organizationLogo","width":585,"height":195},"image":{"@id":"https:\/\/hidalgo.nl\/de\/product\/156176\/wireless-charger-bedrucken-10w-bambus-glas-50cm-kabel\/#organizationLogo"}},{"@type":"ProductGroup","@id":"https:\/\/hidalgo.nl\/de\/product\/156176\/wireless-charger-bedrucken-10w-bambus-glas-50cm-kabel\/#wooCommerceProduct","name":"Wireless Charger bedrucken 10W Bambus Glas 50cm Kabel","url":"https:\/\/hidalgo.nl\/de\/product\/156176\/wireless-charger-bedrucken-10w-bambus-glas-50cm-kabel\/","sku":"A53-LT95556","image":{"@type":"ImageObject","url":"https:\/\/shop.hidalgo.nl\/wp-content\/uploads\/2025\/05\/7fc2e3d1e2e2b1444f28969ea360c2aaf2ac5549b1aa41a97f9d74596fc0d241.jpg","@id":"https:\/\/hidalgo.nl\/de\/product\/156176\/wireless-charger-bedrucken-10w-bambus-glas-50cm-kabel\/#productImage","width":1000,"height":1000},"productGroupID":156176,"hasVariant":[{"@type":"Product","@id":"https:\/\/hidalgo.nl\/de\/product\/156176\/wireless-charger-bedrucken-10w-bambus-glas-50cm-kabel\/#wooCommerceProduct","name":"Draadloze oplader bamboe &amp; glas 10W - zwart","url":"https:\/\/hidalgo.nl\/de\/product\/156176\/wireless-charger-bedrucken-10w-bambus-glas-50cm-kabel\/","sku":"A53-LT95556-N0002","image":{"@type":"ImageObject","url":"https:\/\/shop.hidalgo.nl\/wp-content\/uploads\/2025\/05\/a7ada4554f4f065e58ebde44da4b637a741a522b2874b97ac826e3d76483121c.jpg","@id":"https:\/\/hidalgo.nl\/de\/product\/156176\/wireless-charger-bedrucken-10w-bambus-glas-50cm-kabel\/#productImage","width":1000,"height":1000},"offers":{"@type":"Offer","url":"https:\/\/hidalgo.nl\/de\/product\/156176\/wireless-charger-bedrucken-10w-bambus-glas-50cm-kabel\/#wooCommerceOffer","price":"8.64","priceCurrency":"EUR","category":"Promotionele Artikelen","availability":"https:\/\/schema.org\/InStock","priceSpecification":{"@type":"PriceSpecification","price":8.64,"priceCurrency":"EUR","valueAddedTaxIncluded":"true"}}}]},{"@type":"WebPage","@id":"https:\/\/hidalgo.nl\/de\/product\/156176\/wireless-charger-bedrucken-10w-bambus-glas-50cm-kabel\/#webpage","url":"https:\/\/hidalgo.nl\/de\/product\/156176\/wireless-charger-bedrucken-10w-bambus-glas-50cm-kabel\/","name":"Wireless Charger bedrucken 10W Bambus Glas 50cm Kabel","description":"Lade dein Smartphone kabellos mit 10W und setze dein Branding pr\u00e4sent in Szene. Wir von Hidalgo k\u00f6nnen dein Logo als Druck oder Gravur auf Glas & Bambus umsetzen - ideal als Kabelloses Ladeger\u00e4t mit Logo f\u00fcr Messen und B\u00fcros, oder wenn du ein Induktives Ladepad bedrucken willst.","inLanguage":"de-DE","isPartOf":{"@id":"https:\/\/hidalgo.nl\/de\/#website"},"breadcrumb":{"@id":"https:\/\/hidalgo.nl\/de\/product\/156176\/wireless-charger-bedrucken-10w-bambus-glas-50cm-kabel\/#breadcrumblist"},"image":{"@type":"ImageObject","url":"https:\/\/shop.hidalgo.nl\/wp-content\/uploads\/2025\/05\/7fc2e3d1e2e2b1444f28969ea360c2aaf2ac5549b1aa41a97f9d74596fc0d241.jpg","@id":"https:\/\/hidalgo.nl\/de\/product\/156176\/wireless-charger-bedrucken-10w-bambus-glas-50cm-kabel\/#mainImage","width":1000,"height":1000},"primaryImageOfPage":{"@id":"https:\/\/hidalgo.nl\/de\/product\/156176\/wireless-charger-bedrucken-10w-bambus-glas-50cm-kabel\/#mainImage"},"datePublished":"2025-07-09T20:59:37+00:00","dateModified":"2026-05-01T06:19:37+00:00"},{"@type":"WebSite","@id":"https:\/\/hidalgo.nl\/de\/#website","url":"https:\/\/hidalgo.nl\/de\/","name":"Hidalgo","inLanguage":"de-DE","publisher":{"@id":"https:\/\/hidalgo.nl\/de\/#organization"}}]},"og:locale":"de_DE","og:site_name":"Hidalgo -","og:type":"article","og:title":"Wireless Charger bedrucken 10W Bambus Glas 50cm Kabel","og:description":"Lade dein Smartphone kabellos mit 10W und setze dein Branding pr\u00e4sent in Szene. Wir von Hidalgo k\u00f6nnen dein Logo als Druck oder Gravur auf Glas &amp; Bambus umsetzen - ideal als Kabelloses Ladeger\u00e4t mit Logo f\u00fcr Messen und B\u00fcros, oder wenn du ein Induktives Ladepad bedrucken willst.","og:url":"https:\/\/hidalgo.nl\/de\/wp-json\/wp\/v2\/product\/156176","og:image":"https:\/\/shop.hidalgo.nl\/wp-content\/uploads\/2025\/11\/cropped-Hidalgo-est1993.png","og:image:secure_url":"https:\/\/shop.hidalgo.nl\/wp-content\/uploads\/2025\/11\/cropped-Hidalgo-est1993.png","article:published_time":"2025-07-09T20:59:37+00:00","article:modified_time":"2026-05-01T06:19:37+00:00","twitter:card":"summary_large_image","twitter:title":"Wireless Charger bedrucken 10W Bambus Glas 50cm Kabel","twitter:description":"Lade dein Smartphone kabellos mit 10W und setze dein Branding pr\u00e4sent in Szene. Wir von Hidalgo k\u00f6nnen dein Logo als Druck oder Gravur auf Glas &amp; Bambus umsetzen - ideal als Kabelloses Ladeger\u00e4t mit Logo f\u00fcr Messen und B\u00fcros, oder wenn du ein Induktives Ladepad bedrucken willst.","twitter:image":"https:\/\/shop.hidalgo.nl\/wp-content\/uploads\/2025\/11\/cropped-Hidalgo-est1993.png"},"aioseo_meta_data":{"post_id":"156176","title":null,"description":null,"keywords":null,"keyphrases":null,"primary_term":null,"canonical_url":null,"og_title":null,"og_description":null,"og_object_type":"default","og_image_type":"default","og_image_url":null,"og_image_width":null,"og_image_height":null,"og_image_custom_url":null,"og_image_custom_fields":null,"og_video":null,"og_custom_url":null,"og_article_section":null,"og_article_tags":null,"twitter_use_og":false,"twitter_card":"default","twitter_image_type":"default","twitter_image_url":null,"twitter_image_custom_url":null,"twitter_image_custom_fields":null,"twitter_title":null,"twitter_description":null,"schema":{"blockGraphs":[],"customGraphs":[],"default":{"data":{"Article":[],"Course":[],"Dataset":[],"FAQPage":[],"Movie":[],"Person":[],"Product":[],"ProductReview":[],"Car":[],"Recipe":[],"Service":[],"SoftwareApplication":[],"WebPage":[]},"graphName":"","isEnabled":true},"graphs":[]},"schema_type":"default","schema_type_options":null,"pillar_content":false,"robots_default":true,"robots_noindex":false,"robots_noarchive":false,"robots_nosnippet":false,"robots_nofollow":false,"robots_noimageindex":false,"robots_noodp":false,"robots_notranslate":false,"robots_max_snippet":null,"robots_max_videopreview":null,"robots_max_imagepreview":"large","priority":null,"frequency":null,"local_seo":null,"seo_analyzer_scan_date":"2026-02-02 18:18:29","breadcrumb_settings":null,"limit_modified_date":false,"reviewed_by":null,"open_ai":null,"ai":null,"created":"2026-01-14 07:02:58","updated":"2026-05-01 08:06:15"},"aioseo_breadcrumb":"<div class=\"aioseo-breadcrumbs\"><span class=\"aioseo-breadcrumb\">\n\t<a href=\"https:\/\/hidalgo.nl\/de\/\" title=\"Home\">Home<\/a>\n<\/span><span class=\"aioseo-breadcrumb-separator\">\u00bb<\/span><span class=\"aioseo-breadcrumb\">\n\t<a href=\"https:\/\/hidalgo.nl\/example\/\" title=\"example\">example<\/a>\n<\/span><span class=\"aioseo-breadcrumb-separator\">\u00bb<\/span><span class=\"aioseo-breadcrumb\">\n\t<a href=\"https:\/\/hidalgo.nl\/en\/product-supplier\/a53\/\" title=\"A53\">A53<\/a>\n<\/span><span class=\"aioseo-breadcrumb-separator\">\u00bb<\/span><span class=\"aioseo-breadcrumb\">\n\tDraadloze oplader bamboe &amp; glas 10W\n<\/span><\/div>","aioseo_breadcrumb_json":[{"label":"Home","link":"https:\/\/hidalgo.nl\/de\/"},{"label":"example","link":"https:\/\/hidalgo.nl\/example\/"},{"label":"A53","link":"https:\/\/hidalgo.nl\/en\/product-supplier\/a53\/"},{"label":"Draadloze oplader bamboe &amp; glas 10W","link":"https:\/\/hidalgo.nl\/de\/product\/156176\/wireless-charger-bedrucken-10w-bambus-glas-50cm-kabel\/"}],"_links":{"self":[{"href":"https:\/\/hidalgo.nl\/de\/wp-json\/wp\/v2\/product\/156176","targetHints":{"allow":["GET"]}}],"collection":[{"href":"https:\/\/hidalgo.nl\/de\/wp-json\/wp\/v2\/product"}],"about":[{"href":"https:\/\/hidalgo.nl\/de\/wp-json\/wp\/v2\/types\/product"}],"wp:featuredmedia":[{"embeddable":true,"href":"https:\/\/hidalgo.nl\/de\/wp-json\/wp\/v2\/media\/156177"}],"wp:attachment":[{"href":"https:\/\/hidalgo.nl\/de\/wp-json\/wp\/v2\/media?parent=156176"}],"wp:term":[{"taxonomy":"product_brand","embeddable":true,"href":"https:\/\/hidalgo.nl\/de\/wp-json\/wp\/v2\/product_brand?post=156176"},{"taxonomy":"product_cat","embeddable":true,"href":"https:\/\/hidalgo.nl\/de\/wp-json\/wp\/v2\/product_cat?post=156176"},{"taxonomy":"product_tag","embeddable":true,"href":"https:\/\/hidalgo.nl\/de\/wp-json\/wp\/v2\/product_tag?post=156176"}],"curies":[{"name":"wp","href":"https:\/\/api.w.org\/{rel}","templated":true}]}}