{"id":154728,"date":"2025-07-09T19:41:50","date_gmt":"2025-07-09T19:41:50","guid":{"rendered":"http:\/\/bidonsenshakers.pim.hidalgo.nl\/product\/custom-made-waterwerende-tas-5l-ipx5\/"},"modified":"2026-05-01T05:12:44","modified_gmt":"2026-05-01T05:12:44","slug":"custom-made-waterwerende-tas-5l-ipx5","status":"publish","type":"product","link":"https:\/\/hidalgo.nl\/de\/product\/154728\/drybag-bedrucken-wasserdicht-ipx5-transparent-5-liter\/","title":{"rendered":"Custom-made waterwerende tas 5L IPX5"},"content":{"rendered":"<p>Waterafstotende tas met karabijnhaak. Bescherm bezittingen tegen zand en water op het strand of bij het zwembad. Deze tas wordt naar wens gemaakt en kan all-over bedrukt worden. Korte levertijden. Waterafstotend IPX5, bestand tegen lage druk waterstromen uit alle richtingen. Houd de tas niet onder water.<\/p>\n","protected":false},"excerpt":{"rendered":"<p>Waterafstotende tas met karabijnhaak. Bescherm bezittingen tegen zand en water op het strand of bij het zwembad. Deze tas wordt naar wens gemaakt en kan all-over bedrukt worden. Korte levertijden. Waterafstotend IPX5, bestand tegen lage druk waterstromen uit alle richtingen. Houd de tas niet onder water.<\/p>\n","protected":false},"featured_media":154729,"template":"","meta":{"_acf_changed":false,"om_disable_all_campaigns":false,"_monsterinsights_skip_tracking":false,"_monsterinsights_sitenote_active":false,"_monsterinsights_sitenote_note":"","_monsterinsights_sitenote_category":0},"product_brand":[],"product_cat":[4714,4713,4885],"product_tag":[],"class_list":{"0":"post-154728","1":"product","2":"type-product","3":"status-publish","4":"has-post-thumbnail","6":"product_supplier-a53","7":"product_cat-sport-tassen","8":"product_cat-tassen","9":"product_cat-waterdichte-tassen","10":"entry","12":"first","13":"instock","14":"taxable","15":"shipping-taxable","16":"purchasable","17":"product-type-variable"},"acf":{"imprint_cost":[{"imprint_cost_key":"b318d537fdf93aff47a046d9d0045aa92c302c33","product_quantity_price_range":[{"imprint_cost_recommended_selling_price":"0.0825","imprint_cost_recommended_selling_quantity":"100"},{"imprint_cost_recommended_selling_price":"0.0825","imprint_cost_recommended_selling_quantity":"250"},{"imprint_cost_recommended_selling_price":"0.0825","imprint_cost_recommended_selling_quantity":"500"},{"imprint_cost_recommended_selling_price":"0.0825","imprint_cost_recommended_selling_quantity":"1000"},{"imprint_cost_recommended_selling_price":"0.0825","imprint_cost_recommended_selling_quantity":"2500"},{"imprint_cost_recommended_selling_price":"0.0825","imprint_cost_recommended_selling_quantity":"5000"},{"imprint_cost_recommended_selling_price":"0.0825","imprint_cost_recommended_selling_quantity":"10000"}],"product_quantity_price_range_buying":[{"imprint_cost_general_buying_price":"0.055","imprint_cost_general_buying_quantity":"100"},{"imprint_cost_general_buying_price":"0.055","imprint_cost_general_buying_quantity":"250"},{"imprint_cost_general_buying_price":"0.055","imprint_cost_general_buying_quantity":"500"},{"imprint_cost_general_buying_price":"0.055","imprint_cost_general_buying_quantity":"1000"},{"imprint_cost_general_buying_price":"0.055","imprint_cost_general_buying_quantity":"2500"},{"imprint_cost_general_buying_price":"0.055","imprint_cost_general_buying_quantity":"5000"},{"imprint_cost_general_buying_price":"0.055","imprint_cost_general_buying_quantity":"10000"}],"imprint_cost_setup_costs":"54","imprint_cost_handling_costs":"0"}]},"aioseo_notices":[],"aioseo_head":"\n\t\t<!-- All in One SEO Pro 4.9.6.2 - aioseo.com -->\n\t<meta name=\"description\" content=\"Deine Ausr\u00fcstung bleibt dank IPX5 und transparentem Material trocken und sichtbar, 5 Liter f\u00fcr Handy, Schl\u00fcssel &amp; Co. Lass den Dry Bag mit Logo bei Hidalgo bedrucken, dein Motiv auch all over m\u00f6glich. Mit Karabiner fixierst du ihn schnell am Rucksack.\" \/>\n\t<meta name=\"robots\" content=\"max-image-preview:large\" \/>\n\t<link rel=\"canonical\" href=\"https:\/\/hidalgo.nl\/de\/wp-json\/wp\/v2\/product\/154728\" \/>\n\t<meta name=\"generator\" content=\"All in One SEO Pro (AIOSEO) 4.9.6.2\" \/>\n\t\t<meta property=\"og:locale\" content=\"de_DE\" \/>\n\t\t<meta property=\"og:site_name\" content=\"Hidalgo -\" \/>\n\t\t<meta property=\"og:type\" content=\"article\" \/>\n\t\t<meta property=\"og:title\" content=\"Drybag bedrucken Wasserdicht IPX5 Transparent 5 Liter\" \/>\n\t\t<meta property=\"og:description\" content=\"Deine Ausr\u00fcstung bleibt dank IPX5 und transparentem Material trocken und sichtbar, 5 Liter f\u00fcr Handy, Schl\u00fcssel &amp; Co. Lass den Dry Bag mit Logo bei Hidalgo bedrucken, dein Motiv auch all over m\u00f6glich. Mit Karabiner fixierst du ihn schnell am Rucksack.\" \/>\n\t\t<meta property=\"og:url\" content=\"https:\/\/hidalgo.nl\/de\/wp-json\/wp\/v2\/product\/154728\" \/>\n\t\t<meta property=\"og:image\" content=\"https:\/\/shop.hidalgo.nl\/wp-content\/uploads\/2025\/11\/cropped-Hidalgo-est1993.png\" \/>\n\t\t<meta property=\"og:image:secure_url\" content=\"https:\/\/shop.hidalgo.nl\/wp-content\/uploads\/2025\/11\/cropped-Hidalgo-est1993.png\" \/>\n\t\t<meta property=\"article:published_time\" content=\"2025-07-09T19:41:50+00:00\" \/>\n\t\t<meta property=\"article:modified_time\" content=\"2026-05-01T05:12:44+00:00\" \/>\n\t\t<meta name=\"twitter:card\" content=\"summary_large_image\" \/>\n\t\t<meta name=\"twitter:title\" content=\"Drybag bedrucken Wasserdicht IPX5 Transparent 5 Liter\" \/>\n\t\t<meta name=\"twitter:description\" content=\"Deine Ausr\u00fcstung bleibt dank IPX5 und transparentem Material trocken und sichtbar, 5 Liter f\u00fcr Handy, Schl\u00fcssel &amp; Co. Lass den Dry Bag mit Logo bei Hidalgo bedrucken, dein Motiv auch all over m\u00f6glich. Mit Karabiner fixierst du ihn schnell am Rucksack.\" \/>\n\t\t<meta name=\"twitter:image\" content=\"https:\/\/shop.hidalgo.nl\/wp-content\/uploads\/2025\/11\/cropped-Hidalgo-est1993.png\" \/>\n\t\t<script type=\"application\/ld+json\" class=\"aioseo-schema\">\n\t\t\t{\"@context\":\"https:\\\/\\\/schema.org\",\"@graph\":[{\"@type\":\"BreadcrumbList\",\"@id\":\"https:\\\/\\\/hidalgo.nl\\\/de\\\/product\\\/154728\\\/drybag-bedrucken-wasserdicht-ipx5-transparent-5-liter\\\/#breadcrumblist\",\"itemListElement\":[{\"@type\":\"ListItem\",\"@id\":\"https:\\\/\\\/hidalgo.nl\\\/de\\\/#listItem\",\"position\":1,\"name\":\"Home\",\"item\":\"https:\\\/\\\/hidalgo.nl\\\/de\\\/\",\"nextItem\":{\"@type\":\"ListItem\",\"@id\":\"https:\\\/\\\/hidalgo.nl\\\/example\\\/#listItem\",\"name\":\"example\"}},{\"@type\":\"ListItem\",\"@id\":\"https:\\\/\\\/hidalgo.nl\\\/example\\\/#listItem\",\"position\":2,\"name\":\"example\",\"item\":\"https:\\\/\\\/hidalgo.nl\\\/example\\\/\",\"nextItem\":{\"@type\":\"ListItem\",\"@id\":\"https:\\\/\\\/hidalgo.nl\\\/en\\\/product-supplier\\\/a53\\\/#listItem\",\"name\":\"A53\"},\"previousItem\":{\"@type\":\"ListItem\",\"@id\":\"https:\\\/\\\/hidalgo.nl\\\/de\\\/#listItem\",\"name\":\"Home\"}},{\"@type\":\"ListItem\",\"@id\":\"https:\\\/\\\/hidalgo.nl\\\/en\\\/product-supplier\\\/a53\\\/#listItem\",\"position\":3,\"name\":\"A53\",\"item\":\"https:\\\/\\\/hidalgo.nl\\\/en\\\/product-supplier\\\/a53\\\/\",\"nextItem\":{\"@type\":\"ListItem\",\"@id\":\"https:\\\/\\\/hidalgo.nl\\\/de\\\/product\\\/154728\\\/drybag-bedrucken-wasserdicht-ipx5-transparent-5-liter\\\/#listItem\",\"name\":\"Custom-made waterwerende tas 5L IPX5\"},\"previousItem\":{\"@type\":\"ListItem\",\"@id\":\"https:\\\/\\\/hidalgo.nl\\\/example\\\/#listItem\",\"name\":\"example\"}},{\"@type\":\"ListItem\",\"@id\":\"https:\\\/\\\/hidalgo.nl\\\/de\\\/product\\\/154728\\\/drybag-bedrucken-wasserdicht-ipx5-transparent-5-liter\\\/#listItem\",\"position\":4,\"name\":\"Custom-made waterwerende tas 5L IPX5\",\"previousItem\":{\"@type\":\"ListItem\",\"@id\":\"https:\\\/\\\/hidalgo.nl\\\/en\\\/product-supplier\\\/a53\\\/#listItem\",\"name\":\"A53\"}}]},{\"@type\":\"Organization\",\"@id\":\"https:\\\/\\\/hidalgo.nl\\\/de\\\/#organization\",\"name\":\"Hidalgo\",\"url\":\"https:\\\/\\\/hidalgo.nl\\\/de\\\/\",\"logo\":{\"@type\":\"ImageObject\",\"url\":\"https:\\\/\\\/shop.hidalgo.nl\\\/wp-content\\\/uploads\\\/2025\\\/11\\\/cropped-Hidalgo-est1993.png\",\"@id\":\"https:\\\/\\\/hidalgo.nl\\\/de\\\/product\\\/154728\\\/drybag-bedrucken-wasserdicht-ipx5-transparent-5-liter\\\/#organizationLogo\",\"width\":585,\"height\":195},\"image\":{\"@id\":\"https:\\\/\\\/hidalgo.nl\\\/de\\\/product\\\/154728\\\/drybag-bedrucken-wasserdicht-ipx5-transparent-5-liter\\\/#organizationLogo\"}},{\"@type\":\"ProductGroup\",\"@id\":\"https:\\\/\\\/hidalgo.nl\\\/de\\\/product\\\/154728\\\/drybag-bedrucken-wasserdicht-ipx5-transparent-5-liter\\\/#wooCommerceProduct\",\"name\":\"Drybag bedrucken Wasserdicht IPX5 Transparent 5 Liter\",\"url\":\"https:\\\/\\\/hidalgo.nl\\\/de\\\/product\\\/154728\\\/drybag-bedrucken-wasserdicht-ipx5-transparent-5-liter\\\/\",\"sku\":\"A53-LT95202\",\"image\":{\"@type\":\"ImageObject\",\"url\":\"https:\\\/\\\/shop.hidalgo.nl\\\/wp-content\\\/uploads\\\/2025\\\/05\\\/3828149d1cda013a50d7c5218540afb906810196288f11e3ea1a12fc81cf2d82.jpg\",\"@id\":\"https:\\\/\\\/hidalgo.nl\\\/de\\\/product\\\/154728\\\/drybag-bedrucken-wasserdicht-ipx5-transparent-5-liter\\\/#productImage\",\"width\":1000,\"height\":1000},\"productGroupID\":154728,\"hasVariant\":[{\"@type\":\"Product\",\"@id\":\"https:\\\/\\\/hidalgo.nl\\\/de\\\/product\\\/154728\\\/drybag-bedrucken-wasserdicht-ipx5-transparent-5-liter\\\/#wooCommerceProduct\",\"name\":\"Custom-made waterwerende tas 5L IPX5 - transparant\",\"url\":\"https:\\\/\\\/hidalgo.nl\\\/de\\\/product\\\/154728\\\/drybag-bedrucken-wasserdicht-ipx5-transparent-5-liter\\\/\",\"sku\":\"A53-LT95202-N0995\",\"image\":{\"@type\":\"ImageObject\",\"url\":\"https:\\\/\\\/shop.hidalgo.nl\\\/wp-content\\\/uploads\\\/2025\\\/05\\\/ef2ff8f3650f7e9ff8d8e811b75bfaa25aef9916aab84fc5e2ec8a3f0b82da00.jpg\",\"@id\":\"https:\\\/\\\/hidalgo.nl\\\/de\\\/product\\\/154728\\\/drybag-bedrucken-wasserdicht-ipx5-transparent-5-liter\\\/#productImage\",\"width\":1000,\"height\":1000},\"offers\":{\"@type\":\"Offer\",\"url\":\"https:\\\/\\\/hidalgo.nl\\\/de\\\/product\\\/154728\\\/drybag-bedrucken-wasserdicht-ipx5-transparent-5-liter\\\/#wooCommerceOffer\",\"price\":\"10.395\",\"priceCurrency\":\"EUR\",\"category\":\"Tassen\",\"availability\":\"https:\\\/\\\/schema.org\\\/InStock\",\"priceSpecification\":{\"@type\":\"PriceSpecification\",\"price\":10.395,\"priceCurrency\":\"EUR\",\"valueAddedTaxIncluded\":\"true\"}}}]},{\"@type\":\"WebPage\",\"@id\":\"https:\\\/\\\/hidalgo.nl\\\/de\\\/product\\\/154728\\\/drybag-bedrucken-wasserdicht-ipx5-transparent-5-liter\\\/#webpage\",\"url\":\"https:\\\/\\\/hidalgo.nl\\\/de\\\/product\\\/154728\\\/drybag-bedrucken-wasserdicht-ipx5-transparent-5-liter\\\/\",\"name\":\"Drybag bedrucken Wasserdicht IPX5 Transparent 5 Liter\",\"description\":\"Deine Ausr\\u00fcstung bleibt dank IPX5 und transparentem Material trocken und sichtbar, 5 Liter f\\u00fcr Handy, Schl\\u00fcssel & Co. Lass den Dry Bag mit Logo bei Hidalgo bedrucken, dein Motiv auch all over m\\u00f6glich. Mit Karabiner fixierst du ihn schnell am Rucksack.\",\"inLanguage\":\"de-DE\",\"isPartOf\":{\"@id\":\"https:\\\/\\\/hidalgo.nl\\\/de\\\/#website\"},\"breadcrumb\":{\"@id\":\"https:\\\/\\\/hidalgo.nl\\\/de\\\/product\\\/154728\\\/drybag-bedrucken-wasserdicht-ipx5-transparent-5-liter\\\/#breadcrumblist\"},\"image\":{\"@type\":\"ImageObject\",\"url\":\"https:\\\/\\\/shop.hidalgo.nl\\\/wp-content\\\/uploads\\\/2025\\\/05\\\/3828149d1cda013a50d7c5218540afb906810196288f11e3ea1a12fc81cf2d82.jpg\",\"@id\":\"https:\\\/\\\/hidalgo.nl\\\/de\\\/product\\\/154728\\\/drybag-bedrucken-wasserdicht-ipx5-transparent-5-liter\\\/#mainImage\",\"width\":1000,\"height\":1000},\"primaryImageOfPage\":{\"@id\":\"https:\\\/\\\/hidalgo.nl\\\/de\\\/product\\\/154728\\\/drybag-bedrucken-wasserdicht-ipx5-transparent-5-liter\\\/#mainImage\"},\"datePublished\":\"2025-07-09T19:41:50+00:00\",\"dateModified\":\"2026-05-01T05:12:44+00:00\"},{\"@type\":\"WebSite\",\"@id\":\"https:\\\/\\\/hidalgo.nl\\\/de\\\/#website\",\"url\":\"https:\\\/\\\/hidalgo.nl\\\/de\\\/\",\"name\":\"Hidalgo\",\"inLanguage\":\"de-DE\",\"publisher\":{\"@id\":\"https:\\\/\\\/hidalgo.nl\\\/de\\\/#organization\"}}]}\n\t\t<\/script>\n\t\t<!-- All in One SEO Pro -->\r\n\t\t<title>Drybag bedrucken Wasserdicht IPX5 Transparent 5 Liter<\/title>\n\n","aioseo_head_json":{"title":"Drybag bedrucken Wasserdicht IPX5 Transparent 5 Liter","description":"Deine Ausr\u00fcstung bleibt dank IPX5 und transparentem Material trocken und sichtbar, 5 Liter f\u00fcr Handy, Schl\u00fcssel & Co. Lass den Dry Bag mit Logo bei Hidalgo bedrucken, dein Motiv auch all over m\u00f6glich. Mit Karabiner fixierst du ihn schnell am Rucksack.","canonical_url":"https:\/\/hidalgo.nl\/de\/wp-json\/wp\/v2\/product\/154728","robots":"max-image-preview:large","keywords":"","webmasterTools":{"miscellaneous":""},"schema":{"@context":"https:\/\/schema.org","@graph":[{"@type":"BreadcrumbList","@id":"https:\/\/hidalgo.nl\/de\/product\/154728\/drybag-bedrucken-wasserdicht-ipx5-transparent-5-liter\/#breadcrumblist","itemListElement":[{"@type":"ListItem","@id":"https:\/\/hidalgo.nl\/de\/#listItem","position":1,"name":"Home","item":"https:\/\/hidalgo.nl\/de\/","nextItem":{"@type":"ListItem","@id":"https:\/\/hidalgo.nl\/example\/#listItem","name":"example"}},{"@type":"ListItem","@id":"https:\/\/hidalgo.nl\/example\/#listItem","position":2,"name":"example","item":"https:\/\/hidalgo.nl\/example\/","nextItem":{"@type":"ListItem","@id":"https:\/\/hidalgo.nl\/en\/product-supplier\/a53\/#listItem","name":"A53"},"previousItem":{"@type":"ListItem","@id":"https:\/\/hidalgo.nl\/de\/#listItem","name":"Home"}},{"@type":"ListItem","@id":"https:\/\/hidalgo.nl\/en\/product-supplier\/a53\/#listItem","position":3,"name":"A53","item":"https:\/\/hidalgo.nl\/en\/product-supplier\/a53\/","nextItem":{"@type":"ListItem","@id":"https:\/\/hidalgo.nl\/de\/product\/154728\/drybag-bedrucken-wasserdicht-ipx5-transparent-5-liter\/#listItem","name":"Custom-made waterwerende tas 5L IPX5"},"previousItem":{"@type":"ListItem","@id":"https:\/\/hidalgo.nl\/example\/#listItem","name":"example"}},{"@type":"ListItem","@id":"https:\/\/hidalgo.nl\/de\/product\/154728\/drybag-bedrucken-wasserdicht-ipx5-transparent-5-liter\/#listItem","position":4,"name":"Custom-made waterwerende tas 5L IPX5","previousItem":{"@type":"ListItem","@id":"https:\/\/hidalgo.nl\/en\/product-supplier\/a53\/#listItem","name":"A53"}}]},{"@type":"Organization","@id":"https:\/\/hidalgo.nl\/de\/#organization","name":"Hidalgo","url":"https:\/\/hidalgo.nl\/de\/","logo":{"@type":"ImageObject","url":"https:\/\/shop.hidalgo.nl\/wp-content\/uploads\/2025\/11\/cropped-Hidalgo-est1993.png","@id":"https:\/\/hidalgo.nl\/de\/product\/154728\/drybag-bedrucken-wasserdicht-ipx5-transparent-5-liter\/#organizationLogo","width":585,"height":195},"image":{"@id":"https:\/\/hidalgo.nl\/de\/product\/154728\/drybag-bedrucken-wasserdicht-ipx5-transparent-5-liter\/#organizationLogo"}},{"@type":"ProductGroup","@id":"https:\/\/hidalgo.nl\/de\/product\/154728\/drybag-bedrucken-wasserdicht-ipx5-transparent-5-liter\/#wooCommerceProduct","name":"Drybag bedrucken Wasserdicht IPX5 Transparent 5 Liter","url":"https:\/\/hidalgo.nl\/de\/product\/154728\/drybag-bedrucken-wasserdicht-ipx5-transparent-5-liter\/","sku":"A53-LT95202","image":{"@type":"ImageObject","url":"https:\/\/shop.hidalgo.nl\/wp-content\/uploads\/2025\/05\/3828149d1cda013a50d7c5218540afb906810196288f11e3ea1a12fc81cf2d82.jpg","@id":"https:\/\/hidalgo.nl\/de\/product\/154728\/drybag-bedrucken-wasserdicht-ipx5-transparent-5-liter\/#productImage","width":1000,"height":1000},"productGroupID":154728,"hasVariant":[{"@type":"Product","@id":"https:\/\/hidalgo.nl\/de\/product\/154728\/drybag-bedrucken-wasserdicht-ipx5-transparent-5-liter\/#wooCommerceProduct","name":"Custom-made waterwerende tas 5L IPX5 - transparant","url":"https:\/\/hidalgo.nl\/de\/product\/154728\/drybag-bedrucken-wasserdicht-ipx5-transparent-5-liter\/","sku":"A53-LT95202-N0995","image":{"@type":"ImageObject","url":"https:\/\/shop.hidalgo.nl\/wp-content\/uploads\/2025\/05\/ef2ff8f3650f7e9ff8d8e811b75bfaa25aef9916aab84fc5e2ec8a3f0b82da00.jpg","@id":"https:\/\/hidalgo.nl\/de\/product\/154728\/drybag-bedrucken-wasserdicht-ipx5-transparent-5-liter\/#productImage","width":1000,"height":1000},"offers":{"@type":"Offer","url":"https:\/\/hidalgo.nl\/de\/product\/154728\/drybag-bedrucken-wasserdicht-ipx5-transparent-5-liter\/#wooCommerceOffer","price":"10.395","priceCurrency":"EUR","category":"Tassen","availability":"https:\/\/schema.org\/InStock","priceSpecification":{"@type":"PriceSpecification","price":10.395,"priceCurrency":"EUR","valueAddedTaxIncluded":"true"}}}]},{"@type":"WebPage","@id":"https:\/\/hidalgo.nl\/de\/product\/154728\/drybag-bedrucken-wasserdicht-ipx5-transparent-5-liter\/#webpage","url":"https:\/\/hidalgo.nl\/de\/product\/154728\/drybag-bedrucken-wasserdicht-ipx5-transparent-5-liter\/","name":"Drybag bedrucken Wasserdicht IPX5 Transparent 5 Liter","description":"Deine Ausr\u00fcstung bleibt dank IPX5 und transparentem Material trocken und sichtbar, 5 Liter f\u00fcr Handy, Schl\u00fcssel & Co. Lass den Dry Bag mit Logo bei Hidalgo bedrucken, dein Motiv auch all over m\u00f6glich. Mit Karabiner fixierst du ihn schnell am Rucksack.","inLanguage":"de-DE","isPartOf":{"@id":"https:\/\/hidalgo.nl\/de\/#website"},"breadcrumb":{"@id":"https:\/\/hidalgo.nl\/de\/product\/154728\/drybag-bedrucken-wasserdicht-ipx5-transparent-5-liter\/#breadcrumblist"},"image":{"@type":"ImageObject","url":"https:\/\/shop.hidalgo.nl\/wp-content\/uploads\/2025\/05\/3828149d1cda013a50d7c5218540afb906810196288f11e3ea1a12fc81cf2d82.jpg","@id":"https:\/\/hidalgo.nl\/de\/product\/154728\/drybag-bedrucken-wasserdicht-ipx5-transparent-5-liter\/#mainImage","width":1000,"height":1000},"primaryImageOfPage":{"@id":"https:\/\/hidalgo.nl\/de\/product\/154728\/drybag-bedrucken-wasserdicht-ipx5-transparent-5-liter\/#mainImage"},"datePublished":"2025-07-09T19:41:50+00:00","dateModified":"2026-05-01T05:12:44+00:00"},{"@type":"WebSite","@id":"https:\/\/hidalgo.nl\/de\/#website","url":"https:\/\/hidalgo.nl\/de\/","name":"Hidalgo","inLanguage":"de-DE","publisher":{"@id":"https:\/\/hidalgo.nl\/de\/#organization"}}]},"og:locale":"de_DE","og:site_name":"Hidalgo -","og:type":"article","og:title":"Drybag bedrucken Wasserdicht IPX5 Transparent 5 Liter","og:description":"Deine Ausr\u00fcstung bleibt dank IPX5 und transparentem Material trocken und sichtbar, 5 Liter f\u00fcr Handy, Schl\u00fcssel &amp; Co. Lass den Dry Bag mit Logo bei Hidalgo bedrucken, dein Motiv auch all over m\u00f6glich. Mit Karabiner fixierst du ihn schnell am Rucksack.","og:url":"https:\/\/hidalgo.nl\/de\/wp-json\/wp\/v2\/product\/154728","og:image":"https:\/\/shop.hidalgo.nl\/wp-content\/uploads\/2025\/11\/cropped-Hidalgo-est1993.png","og:image:secure_url":"https:\/\/shop.hidalgo.nl\/wp-content\/uploads\/2025\/11\/cropped-Hidalgo-est1993.png","article:published_time":"2025-07-09T19:41:50+00:00","article:modified_time":"2026-05-01T05:12:44+00:00","twitter:card":"summary_large_image","twitter:title":"Drybag bedrucken Wasserdicht IPX5 Transparent 5 Liter","twitter:description":"Deine Ausr\u00fcstung bleibt dank IPX5 und transparentem Material trocken und sichtbar, 5 Liter f\u00fcr Handy, Schl\u00fcssel &amp; Co. Lass den Dry Bag mit Logo bei Hidalgo bedrucken, dein Motiv auch all over m\u00f6glich. Mit Karabiner fixierst du ihn schnell am Rucksack.","twitter:image":"https:\/\/shop.hidalgo.nl\/wp-content\/uploads\/2025\/11\/cropped-Hidalgo-est1993.png"},"aioseo_meta_data":{"post_id":"154728","title":null,"description":null,"keywords":null,"keyphrases":null,"primary_term":null,"canonical_url":null,"og_title":null,"og_description":null,"og_object_type":"default","og_image_type":"default","og_image_url":null,"og_image_width":null,"og_image_height":null,"og_image_custom_url":null,"og_image_custom_fields":null,"og_video":null,"og_custom_url":null,"og_article_section":null,"og_article_tags":null,"twitter_use_og":false,"twitter_card":"default","twitter_image_type":"default","twitter_image_url":null,"twitter_image_custom_url":null,"twitter_image_custom_fields":null,"twitter_title":null,"twitter_description":null,"schema":{"blockGraphs":[],"customGraphs":[],"default":{"data":{"Article":[],"Course":[],"Dataset":[],"FAQPage":[],"Movie":[],"Person":[],"Product":[],"ProductReview":[],"Car":[],"Recipe":[],"Service":[],"SoftwareApplication":[],"WebPage":[]},"graphName":"","isEnabled":true},"graphs":[]},"schema_type":"default","schema_type_options":null,"pillar_content":false,"robots_default":true,"robots_noindex":false,"robots_noarchive":false,"robots_nosnippet":false,"robots_nofollow":false,"robots_noimageindex":false,"robots_noodp":false,"robots_notranslate":false,"robots_max_snippet":null,"robots_max_videopreview":null,"robots_max_imagepreview":"large","priority":null,"frequency":null,"local_seo":null,"seo_analyzer_scan_date":"2026-01-22 14:05:34","breadcrumb_settings":null,"limit_modified_date":false,"reviewed_by":null,"open_ai":null,"ai":null,"created":"2026-01-14 07:02:58","updated":"2026-05-01 05:14:06"},"aioseo_breadcrumb":"<div class=\"aioseo-breadcrumbs\"><span class=\"aioseo-breadcrumb\">\n\t<a href=\"https:\/\/hidalgo.nl\/de\/\" title=\"Home\">Home<\/a>\n<\/span><span class=\"aioseo-breadcrumb-separator\">\u00bb<\/span><span class=\"aioseo-breadcrumb\">\n\t<a href=\"https:\/\/hidalgo.nl\/example\/\" title=\"example\">example<\/a>\n<\/span><span class=\"aioseo-breadcrumb-separator\">\u00bb<\/span><span class=\"aioseo-breadcrumb\">\n\t<a href=\"https:\/\/hidalgo.nl\/en\/product-supplier\/a53\/\" title=\"A53\">A53<\/a>\n<\/span><span class=\"aioseo-breadcrumb-separator\">\u00bb<\/span><span class=\"aioseo-breadcrumb\">\n\tCustom-made waterwerende tas 5L IPX5\n<\/span><\/div>","aioseo_breadcrumb_json":[{"label":"Home","link":"https:\/\/hidalgo.nl\/de\/"},{"label":"example","link":"https:\/\/hidalgo.nl\/example\/"},{"label":"A53","link":"https:\/\/hidalgo.nl\/en\/product-supplier\/a53\/"},{"label":"Custom-made waterwerende tas 5L IPX5","link":"https:\/\/hidalgo.nl\/de\/product\/154728\/drybag-bedrucken-wasserdicht-ipx5-transparent-5-liter\/"}],"_links":{"self":[{"href":"https:\/\/hidalgo.nl\/de\/wp-json\/wp\/v2\/product\/154728","targetHints":{"allow":["GET"]}}],"collection":[{"href":"https:\/\/hidalgo.nl\/de\/wp-json\/wp\/v2\/product"}],"about":[{"href":"https:\/\/hidalgo.nl\/de\/wp-json\/wp\/v2\/types\/product"}],"wp:featuredmedia":[{"embeddable":true,"href":"https:\/\/hidalgo.nl\/de\/wp-json\/wp\/v2\/media\/154729"}],"wp:attachment":[{"href":"https:\/\/hidalgo.nl\/de\/wp-json\/wp\/v2\/media?parent=154728"}],"wp:term":[{"taxonomy":"product_brand","embeddable":true,"href":"https:\/\/hidalgo.nl\/de\/wp-json\/wp\/v2\/product_brand?post=154728"},{"taxonomy":"product_cat","embeddable":true,"href":"https:\/\/hidalgo.nl\/de\/wp-json\/wp\/v2\/product_cat?post=154728"},{"taxonomy":"product_tag","embeddable":true,"href":"https:\/\/hidalgo.nl\/de\/wp-json\/wp\/v2\/product_tag?post=154728"}],"curies":[{"name":"wp","href":"https:\/\/api.w.org\/{rel}","templated":true}]}}