{"id":153707,"date":"2025-07-09T18:53:00","date_gmt":"2025-07-09T18:53:00","guid":{"rendered":"http:\/\/bidonsenshakers.pim.hidalgo.nl\/product\/sublimatie-muismat-22-x-18cm\/"},"modified":"2026-04-30T13:52:40","modified_gmt":"2026-04-30T13:52:40","slug":"sublimatie-muismat-22-x-18cm","status":"publish","type":"product","link":"https:\/\/hidalgo.nl\/de\/product\/153707\/sublimations-mauspad-bedrucken-rutschfest-gummi-22-x-18-cm\/","title":{"rendered":"Sublimatie Muismat 22 x 18cm"},"content":{"rendered":"<p>Maak kennis met onze aanpasbare muismat &#8211; een canvas voor je creativiteit! De muismat is gemaakt van antisliprubber en duurzaam polyester en is de perfecte mix van functie en persoonlijke stijl. Sublimeer je ontwerp naadloos en game of werk met precisie. Verhoog je werkplek met \u00e9\u00e9n klik per keer!<\/p>\n","protected":false},"excerpt":{"rendered":"<p>Maak kennis met onze aanpasbare muismat &#8211; een canvas voor je creativiteit! De muismat is gemaakt van antisliprubber en duurzaam polyester en is de perfecte mix van functie en persoonlijke stijl. Sublimeer je ontwerp naadloos en game of werk met precisie. Verhoog je werkplek met \u00e9\u00e9n klik per keer!<\/p>\n","protected":false},"featured_media":153708,"template":"","meta":{"_acf_changed":false,"om_disable_all_campaigns":false,"_monsterinsights_skip_tracking":false,"_monsterinsights_sitenote_active":false,"_monsterinsights_sitenote_note":"","_monsterinsights_sitenote_category":0},"product_brand":[],"product_cat":[4741,4782,4719],"product_tag":[],"class_list":{"0":"post-153707","1":"product","2":"type-product","3":"status-publish","4":"has-post-thumbnail","6":"product_supplier-a53","7":"product_cat-promotionele-artikelen-kantoor-artikelen","8":"product_cat-promotionele-artikelen-kantoor-artikelen-muismatten","9":"product_cat-promotionele-artikelen","10":"entry","12":"first","13":"instock","14":"taxable","15":"shipping-taxable","16":"purchasable","17":"product-type-variable"},"acf":{"imprint_cost":[{"imprint_cost_key":"23fe01a756ade7ce4cd699ad28b09feb2a492318","product_quantity_price_range":[{"imprint_cost_recommended_selling_price":"1.26","imprint_cost_recommended_selling_quantity":"1"},{"imprint_cost_recommended_selling_price":"1.0275","imprint_cost_recommended_selling_quantity":"10"},{"imprint_cost_recommended_selling_price":"0.87","imprint_cost_recommended_selling_quantity":"25"},{"imprint_cost_recommended_selling_price":"0.7575","imprint_cost_recommended_selling_quantity":"50"},{"imprint_cost_recommended_selling_price":"0.66","imprint_cost_recommended_selling_quantity":"100"},{"imprint_cost_recommended_selling_price":"0.63","imprint_cost_recommended_selling_quantity":"250"},{"imprint_cost_recommended_selling_price":"0.6","imprint_cost_recommended_selling_quantity":"500"},{"imprint_cost_recommended_selling_price":"0.57","imprint_cost_recommended_selling_quantity":"1000"},{"imprint_cost_recommended_selling_price":"0.555","imprint_cost_recommended_selling_quantity":"2500"},{"imprint_cost_recommended_selling_price":"0.5325","imprint_cost_recommended_selling_quantity":"5000"},{"imprint_cost_recommended_selling_price":"0.5175","imprint_cost_recommended_selling_quantity":"10000"}],"product_quantity_price_range_buying":[{"imprint_cost_general_buying_price":"0.84","imprint_cost_general_buying_quantity":"1"},{"imprint_cost_general_buying_price":"0.685","imprint_cost_general_buying_quantity":"10"},{"imprint_cost_general_buying_price":"0.58","imprint_cost_general_buying_quantity":"25"},{"imprint_cost_general_buying_price":"0.505","imprint_cost_general_buying_quantity":"50"},{"imprint_cost_general_buying_price":"0.44","imprint_cost_general_buying_quantity":"100"},{"imprint_cost_general_buying_price":"0.42","imprint_cost_general_buying_quantity":"250"},{"imprint_cost_general_buying_price":"0.4","imprint_cost_general_buying_quantity":"500"},{"imprint_cost_general_buying_price":"0.38","imprint_cost_general_buying_quantity":"1000"},{"imprint_cost_general_buying_price":"0.37","imprint_cost_general_buying_quantity":"2500"},{"imprint_cost_general_buying_price":"0.355","imprint_cost_general_buying_quantity":"5000"},{"imprint_cost_general_buying_price":"0.345","imprint_cost_general_buying_quantity":"10000"}],"imprint_cost_setup_costs":"54","imprint_cost_handling_costs":"0"}]},"aioseo_notices":[],"aioseo_head":"\n\t\t<!-- All in One SEO Pro 4.9.6.2 - aioseo.com -->\n\t<meta name=\"description\" content=\"Gestalte dein Mauspad mit eigenem Logo im Sublimationsdruck: farbtreu, abriebfest und vollfl\u00e4chig. Antirutsch-R\u00fcckseite und wei\u00dfe 22 x 18 cm Oberfl\u00e4che bieten pr\u00e4zise F\u00fchrung im B\u00fcro oder auf Messen. Bei Hidalgo l\u00e4sst du Mauspads bedrucken, auch in Kleinauflage.\" \/>\n\t<meta name=\"robots\" content=\"max-image-preview:large\" \/>\n\t<link rel=\"canonical\" href=\"https:\/\/hidalgo.nl\/de\/wp-json\/wp\/v2\/product\/153707\" \/>\n\t<meta name=\"generator\" content=\"All in One SEO Pro (AIOSEO) 4.9.6.2\" \/>\n\t\t<meta property=\"og:locale\" content=\"de_DE\" \/>\n\t\t<meta property=\"og:site_name\" content=\"Hidalgo -\" \/>\n\t\t<meta property=\"og:type\" content=\"article\" \/>\n\t\t<meta property=\"og:title\" content=\"Sublimations-Mauspad bedrucken rutschfest Gummi 22 x 18 cm\" \/>\n\t\t<meta property=\"og:description\" content=\"Gestalte dein Mauspad mit eigenem Logo im Sublimationsdruck: farbtreu, abriebfest und vollfl\u00e4chig. Antirutsch-R\u00fcckseite und wei\u00dfe 22 x 18 cm Oberfl\u00e4che bieten pr\u00e4zise F\u00fchrung im B\u00fcro oder auf Messen. Bei Hidalgo l\u00e4sst du Mauspads bedrucken, auch in Kleinauflage.\" \/>\n\t\t<meta property=\"og:url\" content=\"https:\/\/hidalgo.nl\/de\/wp-json\/wp\/v2\/product\/153707\" \/>\n\t\t<meta property=\"og:image\" content=\"https:\/\/shop.hidalgo.nl\/wp-content\/uploads\/2025\/11\/cropped-Hidalgo-est1993.png\" \/>\n\t\t<meta property=\"og:image:secure_url\" content=\"https:\/\/shop.hidalgo.nl\/wp-content\/uploads\/2025\/11\/cropped-Hidalgo-est1993.png\" \/>\n\t\t<meta property=\"article:published_time\" content=\"2025-07-09T18:53:00+00:00\" \/>\n\t\t<meta property=\"article:modified_time\" content=\"2026-04-30T13:52:40+00:00\" \/>\n\t\t<meta name=\"twitter:card\" content=\"summary_large_image\" \/>\n\t\t<meta name=\"twitter:title\" content=\"Sublimations-Mauspad bedrucken rutschfest Gummi 22 x 18 cm\" \/>\n\t\t<meta name=\"twitter:description\" content=\"Gestalte dein Mauspad mit eigenem Logo im Sublimationsdruck: farbtreu, abriebfest und vollfl\u00e4chig. Antirutsch-R\u00fcckseite und wei\u00dfe 22 x 18 cm Oberfl\u00e4che bieten pr\u00e4zise F\u00fchrung im B\u00fcro oder auf Messen. Bei Hidalgo l\u00e4sst du Mauspads bedrucken, auch in Kleinauflage.\" \/>\n\t\t<meta name=\"twitter:image\" content=\"https:\/\/shop.hidalgo.nl\/wp-content\/uploads\/2025\/11\/cropped-Hidalgo-est1993.png\" \/>\n\t\t<script type=\"application\/ld+json\" class=\"aioseo-schema\">\n\t\t\t{\"@context\":\"https:\\\/\\\/schema.org\",\"@graph\":[{\"@type\":\"BreadcrumbList\",\"@id\":\"https:\\\/\\\/hidalgo.nl\\\/de\\\/product\\\/153707\\\/sublimations-mauspad-bedrucken-rutschfest-gummi-22-x-18-cm\\\/#breadcrumblist\",\"itemListElement\":[{\"@type\":\"ListItem\",\"@id\":\"https:\\\/\\\/hidalgo.nl\\\/de\\\/#listItem\",\"position\":1,\"name\":\"Home\",\"item\":\"https:\\\/\\\/hidalgo.nl\\\/de\\\/\",\"nextItem\":{\"@type\":\"ListItem\",\"@id\":\"https:\\\/\\\/hidalgo.nl\\\/example\\\/#listItem\",\"name\":\"example\"}},{\"@type\":\"ListItem\",\"@id\":\"https:\\\/\\\/hidalgo.nl\\\/example\\\/#listItem\",\"position\":2,\"name\":\"example\",\"item\":\"https:\\\/\\\/hidalgo.nl\\\/example\\\/\",\"nextItem\":{\"@type\":\"ListItem\",\"@id\":\"https:\\\/\\\/hidalgo.nl\\\/en\\\/product-supplier\\\/a53\\\/#listItem\",\"name\":\"A53\"},\"previousItem\":{\"@type\":\"ListItem\",\"@id\":\"https:\\\/\\\/hidalgo.nl\\\/de\\\/#listItem\",\"name\":\"Home\"}},{\"@type\":\"ListItem\",\"@id\":\"https:\\\/\\\/hidalgo.nl\\\/en\\\/product-supplier\\\/a53\\\/#listItem\",\"position\":3,\"name\":\"A53\",\"item\":\"https:\\\/\\\/hidalgo.nl\\\/en\\\/product-supplier\\\/a53\\\/\",\"nextItem\":{\"@type\":\"ListItem\",\"@id\":\"https:\\\/\\\/hidalgo.nl\\\/de\\\/product\\\/153707\\\/sublimations-mauspad-bedrucken-rutschfest-gummi-22-x-18-cm\\\/#listItem\",\"name\":\"Sublimatie Muismat 22 x 18cm\"},\"previousItem\":{\"@type\":\"ListItem\",\"@id\":\"https:\\\/\\\/hidalgo.nl\\\/example\\\/#listItem\",\"name\":\"example\"}},{\"@type\":\"ListItem\",\"@id\":\"https:\\\/\\\/hidalgo.nl\\\/de\\\/product\\\/153707\\\/sublimations-mauspad-bedrucken-rutschfest-gummi-22-x-18-cm\\\/#listItem\",\"position\":4,\"name\":\"Sublimatie Muismat 22 x 18cm\",\"previousItem\":{\"@type\":\"ListItem\",\"@id\":\"https:\\\/\\\/hidalgo.nl\\\/en\\\/product-supplier\\\/a53\\\/#listItem\",\"name\":\"A53\"}}]},{\"@type\":\"Organization\",\"@id\":\"https:\\\/\\\/hidalgo.nl\\\/de\\\/#organization\",\"name\":\"Hidalgo\",\"url\":\"https:\\\/\\\/hidalgo.nl\\\/de\\\/\",\"logo\":{\"@type\":\"ImageObject\",\"url\":\"https:\\\/\\\/shop.hidalgo.nl\\\/wp-content\\\/uploads\\\/2025\\\/11\\\/cropped-Hidalgo-est1993.png\",\"@id\":\"https:\\\/\\\/hidalgo.nl\\\/de\\\/product\\\/153707\\\/sublimations-mauspad-bedrucken-rutschfest-gummi-22-x-18-cm\\\/#organizationLogo\",\"width\":585,\"height\":195},\"image\":{\"@id\":\"https:\\\/\\\/hidalgo.nl\\\/de\\\/product\\\/153707\\\/sublimations-mauspad-bedrucken-rutschfest-gummi-22-x-18-cm\\\/#organizationLogo\"}},{\"@type\":\"ProductGroup\",\"@id\":\"https:\\\/\\\/hidalgo.nl\\\/de\\\/product\\\/153707\\\/sublimations-mauspad-bedrucken-rutschfest-gummi-22-x-18-cm\\\/#wooCommerceProduct\",\"name\":\"Sublimations-Mauspad bedrucken rutschfest Gummi 22 x 18 cm\",\"url\":\"https:\\\/\\\/hidalgo.nl\\\/de\\\/product\\\/153707\\\/sublimations-mauspad-bedrucken-rutschfest-gummi-22-x-18-cm\\\/\",\"sku\":\"A53-LT95022\",\"image\":{\"@type\":\"ImageObject\",\"url\":\"https:\\\/\\\/shop.hidalgo.nl\\\/wp-content\\\/uploads\\\/2025\\\/05\\\/6bfe7599c93915af5546ca1b7c6717bf18d0db59fece1a2d60f8fa337d47f576.jpg\",\"@id\":\"https:\\\/\\\/hidalgo.nl\\\/de\\\/product\\\/153707\\\/sublimations-mauspad-bedrucken-rutschfest-gummi-22-x-18-cm\\\/#productImage\",\"width\":1000,\"height\":1000},\"productGroupID\":153707,\"hasVariant\":[{\"@type\":\"Product\",\"@id\":\"https:\\\/\\\/hidalgo.nl\\\/de\\\/product\\\/153707\\\/sublimations-mauspad-bedrucken-rutschfest-gummi-22-x-18-cm\\\/#wooCommerceProduct\",\"name\":\"Sublimatie Muismat 22 x 18cm - wit\",\"url\":\"https:\\\/\\\/hidalgo.nl\\\/de\\\/product\\\/153707\\\/sublimations-mauspad-bedrucken-rutschfest-gummi-22-x-18-cm\\\/\",\"sku\":\"A53-LT95022-N0001\",\"image\":{\"@type\":\"ImageObject\",\"url\":\"https:\\\/\\\/shop.hidalgo.nl\\\/wp-content\\\/uploads\\\/2025\\\/05\\\/a05fba3d2bea6f6d6f0bd1564ddca23a7a402a0779abd356b14e02217bd30e02.jpg\",\"@id\":\"https:\\\/\\\/hidalgo.nl\\\/de\\\/product\\\/153707\\\/sublimations-mauspad-bedrucken-rutschfest-gummi-22-x-18-cm\\\/#productImage\",\"width\":1000,\"height\":1000},\"offers\":{\"@type\":\"Offer\",\"url\":\"https:\\\/\\\/hidalgo.nl\\\/de\\\/product\\\/153707\\\/sublimations-mauspad-bedrucken-rutschfest-gummi-22-x-18-cm\\\/#wooCommerceOffer\",\"price\":\"0.8025\",\"priceCurrency\":\"EUR\",\"category\":\"Promotionele Artikelen\",\"availability\":\"https:\\\/\\\/schema.org\\\/InStock\",\"priceSpecification\":{\"@type\":\"PriceSpecification\",\"price\":0.8025,\"priceCurrency\":\"EUR\",\"valueAddedTaxIncluded\":\"true\"}}}]},{\"@type\":\"WebPage\",\"@id\":\"https:\\\/\\\/hidalgo.nl\\\/de\\\/product\\\/153707\\\/sublimations-mauspad-bedrucken-rutschfest-gummi-22-x-18-cm\\\/#webpage\",\"url\":\"https:\\\/\\\/hidalgo.nl\\\/de\\\/product\\\/153707\\\/sublimations-mauspad-bedrucken-rutschfest-gummi-22-x-18-cm\\\/\",\"name\":\"Sublimations-Mauspad bedrucken rutschfest Gummi 22 x 18 cm\",\"description\":\"Gestalte dein Mauspad mit eigenem Logo im Sublimationsdruck: farbtreu, abriebfest und vollfl\\u00e4chig. Antirutsch-R\\u00fcckseite und wei\\u00dfe 22 x 18 cm Oberfl\\u00e4che bieten pr\\u00e4zise F\\u00fchrung im B\\u00fcro oder auf Messen. Bei Hidalgo l\\u00e4sst du Mauspads bedrucken, auch in Kleinauflage.\",\"inLanguage\":\"de-DE\",\"isPartOf\":{\"@id\":\"https:\\\/\\\/hidalgo.nl\\\/de\\\/#website\"},\"breadcrumb\":{\"@id\":\"https:\\\/\\\/hidalgo.nl\\\/de\\\/product\\\/153707\\\/sublimations-mauspad-bedrucken-rutschfest-gummi-22-x-18-cm\\\/#breadcrumblist\"},\"image\":{\"@type\":\"ImageObject\",\"url\":\"https:\\\/\\\/shop.hidalgo.nl\\\/wp-content\\\/uploads\\\/2025\\\/05\\\/6bfe7599c93915af5546ca1b7c6717bf18d0db59fece1a2d60f8fa337d47f576.jpg\",\"@id\":\"https:\\\/\\\/hidalgo.nl\\\/de\\\/product\\\/153707\\\/sublimations-mauspad-bedrucken-rutschfest-gummi-22-x-18-cm\\\/#mainImage\",\"width\":1000,\"height\":1000},\"primaryImageOfPage\":{\"@id\":\"https:\\\/\\\/hidalgo.nl\\\/de\\\/product\\\/153707\\\/sublimations-mauspad-bedrucken-rutschfest-gummi-22-x-18-cm\\\/#mainImage\"},\"datePublished\":\"2025-07-09T18:53:00+00:00\",\"dateModified\":\"2026-04-30T13:52:40+00:00\"},{\"@type\":\"WebSite\",\"@id\":\"https:\\\/\\\/hidalgo.nl\\\/de\\\/#website\",\"url\":\"https:\\\/\\\/hidalgo.nl\\\/de\\\/\",\"name\":\"Hidalgo\",\"inLanguage\":\"de-DE\",\"publisher\":{\"@id\":\"https:\\\/\\\/hidalgo.nl\\\/de\\\/#organization\"}}]}\n\t\t<\/script>\n\t\t<!-- All in One SEO Pro -->\r\n\t\t<title>Sublimations-Mauspad bedrucken rutschfest Gummi 22 x 18 cm<\/title>\n\n","aioseo_head_json":{"title":"Sublimations-Mauspad bedrucken rutschfest Gummi 22 x 18 cm","description":"Gestalte dein Mauspad mit eigenem Logo im Sublimationsdruck: farbtreu, abriebfest und vollfl\u00e4chig. Antirutsch-R\u00fcckseite und wei\u00dfe 22 x 18 cm Oberfl\u00e4che bieten pr\u00e4zise F\u00fchrung im B\u00fcro oder auf Messen. Bei Hidalgo l\u00e4sst du Mauspads bedrucken, auch in Kleinauflage.","canonical_url":"https:\/\/hidalgo.nl\/de\/wp-json\/wp\/v2\/product\/153707","robots":"max-image-preview:large","keywords":"","webmasterTools":{"miscellaneous":""},"schema":{"@context":"https:\/\/schema.org","@graph":[{"@type":"BreadcrumbList","@id":"https:\/\/hidalgo.nl\/de\/product\/153707\/sublimations-mauspad-bedrucken-rutschfest-gummi-22-x-18-cm\/#breadcrumblist","itemListElement":[{"@type":"ListItem","@id":"https:\/\/hidalgo.nl\/de\/#listItem","position":1,"name":"Home","item":"https:\/\/hidalgo.nl\/de\/","nextItem":{"@type":"ListItem","@id":"https:\/\/hidalgo.nl\/example\/#listItem","name":"example"}},{"@type":"ListItem","@id":"https:\/\/hidalgo.nl\/example\/#listItem","position":2,"name":"example","item":"https:\/\/hidalgo.nl\/example\/","nextItem":{"@type":"ListItem","@id":"https:\/\/hidalgo.nl\/en\/product-supplier\/a53\/#listItem","name":"A53"},"previousItem":{"@type":"ListItem","@id":"https:\/\/hidalgo.nl\/de\/#listItem","name":"Home"}},{"@type":"ListItem","@id":"https:\/\/hidalgo.nl\/en\/product-supplier\/a53\/#listItem","position":3,"name":"A53","item":"https:\/\/hidalgo.nl\/en\/product-supplier\/a53\/","nextItem":{"@type":"ListItem","@id":"https:\/\/hidalgo.nl\/de\/product\/153707\/sublimations-mauspad-bedrucken-rutschfest-gummi-22-x-18-cm\/#listItem","name":"Sublimatie Muismat 22 x 18cm"},"previousItem":{"@type":"ListItem","@id":"https:\/\/hidalgo.nl\/example\/#listItem","name":"example"}},{"@type":"ListItem","@id":"https:\/\/hidalgo.nl\/de\/product\/153707\/sublimations-mauspad-bedrucken-rutschfest-gummi-22-x-18-cm\/#listItem","position":4,"name":"Sublimatie Muismat 22 x 18cm","previousItem":{"@type":"ListItem","@id":"https:\/\/hidalgo.nl\/en\/product-supplier\/a53\/#listItem","name":"A53"}}]},{"@type":"Organization","@id":"https:\/\/hidalgo.nl\/de\/#organization","name":"Hidalgo","url":"https:\/\/hidalgo.nl\/de\/","logo":{"@type":"ImageObject","url":"https:\/\/shop.hidalgo.nl\/wp-content\/uploads\/2025\/11\/cropped-Hidalgo-est1993.png","@id":"https:\/\/hidalgo.nl\/de\/product\/153707\/sublimations-mauspad-bedrucken-rutschfest-gummi-22-x-18-cm\/#organizationLogo","width":585,"height":195},"image":{"@id":"https:\/\/hidalgo.nl\/de\/product\/153707\/sublimations-mauspad-bedrucken-rutschfest-gummi-22-x-18-cm\/#organizationLogo"}},{"@type":"ProductGroup","@id":"https:\/\/hidalgo.nl\/de\/product\/153707\/sublimations-mauspad-bedrucken-rutschfest-gummi-22-x-18-cm\/#wooCommerceProduct","name":"Sublimations-Mauspad bedrucken rutschfest Gummi 22 x 18 cm","url":"https:\/\/hidalgo.nl\/de\/product\/153707\/sublimations-mauspad-bedrucken-rutschfest-gummi-22-x-18-cm\/","sku":"A53-LT95022","image":{"@type":"ImageObject","url":"https:\/\/shop.hidalgo.nl\/wp-content\/uploads\/2025\/05\/6bfe7599c93915af5546ca1b7c6717bf18d0db59fece1a2d60f8fa337d47f576.jpg","@id":"https:\/\/hidalgo.nl\/de\/product\/153707\/sublimations-mauspad-bedrucken-rutschfest-gummi-22-x-18-cm\/#productImage","width":1000,"height":1000},"productGroupID":153707,"hasVariant":[{"@type":"Product","@id":"https:\/\/hidalgo.nl\/de\/product\/153707\/sublimations-mauspad-bedrucken-rutschfest-gummi-22-x-18-cm\/#wooCommerceProduct","name":"Sublimatie Muismat 22 x 18cm - wit","url":"https:\/\/hidalgo.nl\/de\/product\/153707\/sublimations-mauspad-bedrucken-rutschfest-gummi-22-x-18-cm\/","sku":"A53-LT95022-N0001","image":{"@type":"ImageObject","url":"https:\/\/shop.hidalgo.nl\/wp-content\/uploads\/2025\/05\/a05fba3d2bea6f6d6f0bd1564ddca23a7a402a0779abd356b14e02217bd30e02.jpg","@id":"https:\/\/hidalgo.nl\/de\/product\/153707\/sublimations-mauspad-bedrucken-rutschfest-gummi-22-x-18-cm\/#productImage","width":1000,"height":1000},"offers":{"@type":"Offer","url":"https:\/\/hidalgo.nl\/de\/product\/153707\/sublimations-mauspad-bedrucken-rutschfest-gummi-22-x-18-cm\/#wooCommerceOffer","price":"0.8025","priceCurrency":"EUR","category":"Promotionele Artikelen","availability":"https:\/\/schema.org\/InStock","priceSpecification":{"@type":"PriceSpecification","price":0.8025,"priceCurrency":"EUR","valueAddedTaxIncluded":"true"}}}]},{"@type":"WebPage","@id":"https:\/\/hidalgo.nl\/de\/product\/153707\/sublimations-mauspad-bedrucken-rutschfest-gummi-22-x-18-cm\/#webpage","url":"https:\/\/hidalgo.nl\/de\/product\/153707\/sublimations-mauspad-bedrucken-rutschfest-gummi-22-x-18-cm\/","name":"Sublimations-Mauspad bedrucken rutschfest Gummi 22 x 18 cm","description":"Gestalte dein Mauspad mit eigenem Logo im Sublimationsdruck: farbtreu, abriebfest und vollfl\u00e4chig. Antirutsch-R\u00fcckseite und wei\u00dfe 22 x 18 cm Oberfl\u00e4che bieten pr\u00e4zise F\u00fchrung im B\u00fcro oder auf Messen. Bei Hidalgo l\u00e4sst du Mauspads bedrucken, auch in Kleinauflage.","inLanguage":"de-DE","isPartOf":{"@id":"https:\/\/hidalgo.nl\/de\/#website"},"breadcrumb":{"@id":"https:\/\/hidalgo.nl\/de\/product\/153707\/sublimations-mauspad-bedrucken-rutschfest-gummi-22-x-18-cm\/#breadcrumblist"},"image":{"@type":"ImageObject","url":"https:\/\/shop.hidalgo.nl\/wp-content\/uploads\/2025\/05\/6bfe7599c93915af5546ca1b7c6717bf18d0db59fece1a2d60f8fa337d47f576.jpg","@id":"https:\/\/hidalgo.nl\/de\/product\/153707\/sublimations-mauspad-bedrucken-rutschfest-gummi-22-x-18-cm\/#mainImage","width":1000,"height":1000},"primaryImageOfPage":{"@id":"https:\/\/hidalgo.nl\/de\/product\/153707\/sublimations-mauspad-bedrucken-rutschfest-gummi-22-x-18-cm\/#mainImage"},"datePublished":"2025-07-09T18:53:00+00:00","dateModified":"2026-04-30T13:52:40+00:00"},{"@type":"WebSite","@id":"https:\/\/hidalgo.nl\/de\/#website","url":"https:\/\/hidalgo.nl\/de\/","name":"Hidalgo","inLanguage":"de-DE","publisher":{"@id":"https:\/\/hidalgo.nl\/de\/#organization"}}]},"og:locale":"de_DE","og:site_name":"Hidalgo -","og:type":"article","og:title":"Sublimations-Mauspad bedrucken rutschfest Gummi 22 x 18 cm","og:description":"Gestalte dein Mauspad mit eigenem Logo im Sublimationsdruck: farbtreu, abriebfest und vollfl\u00e4chig. Antirutsch-R\u00fcckseite und wei\u00dfe 22 x 18 cm Oberfl\u00e4che bieten pr\u00e4zise F\u00fchrung im B\u00fcro oder auf Messen. Bei Hidalgo l\u00e4sst du Mauspads bedrucken, auch in Kleinauflage.","og:url":"https:\/\/hidalgo.nl\/de\/wp-json\/wp\/v2\/product\/153707","og:image":"https:\/\/shop.hidalgo.nl\/wp-content\/uploads\/2025\/11\/cropped-Hidalgo-est1993.png","og:image:secure_url":"https:\/\/shop.hidalgo.nl\/wp-content\/uploads\/2025\/11\/cropped-Hidalgo-est1993.png","article:published_time":"2025-07-09T18:53:00+00:00","article:modified_time":"2026-04-30T13:52:40+00:00","twitter:card":"summary_large_image","twitter:title":"Sublimations-Mauspad bedrucken rutschfest Gummi 22 x 18 cm","twitter:description":"Gestalte dein Mauspad mit eigenem Logo im Sublimationsdruck: farbtreu, abriebfest und vollfl\u00e4chig. Antirutsch-R\u00fcckseite und wei\u00dfe 22 x 18 cm Oberfl\u00e4che bieten pr\u00e4zise F\u00fchrung im B\u00fcro oder auf Messen. Bei Hidalgo l\u00e4sst du Mauspads bedrucken, auch in Kleinauflage.","twitter:image":"https:\/\/shop.hidalgo.nl\/wp-content\/uploads\/2025\/11\/cropped-Hidalgo-est1993.png"},"aioseo_meta_data":{"post_id":"153707","title":null,"description":null,"keywords":null,"keyphrases":null,"primary_term":null,"canonical_url":null,"og_title":null,"og_description":null,"og_object_type":"default","og_image_type":"default","og_image_url":null,"og_image_width":null,"og_image_height":null,"og_image_custom_url":null,"og_image_custom_fields":null,"og_video":null,"og_custom_url":null,"og_article_section":null,"og_article_tags":null,"twitter_use_og":false,"twitter_card":"default","twitter_image_type":"default","twitter_image_url":null,"twitter_image_custom_url":null,"twitter_image_custom_fields":null,"twitter_title":null,"twitter_description":null,"schema":{"blockGraphs":[],"customGraphs":[],"default":{"data":{"Article":[],"Course":[],"Dataset":[],"FAQPage":[],"Movie":[],"Person":[],"Product":[],"ProductReview":[],"Car":[],"Recipe":[],"Service":[],"SoftwareApplication":[],"WebPage":[]},"graphName":"","isEnabled":true},"graphs":[]},"schema_type":"default","schema_type_options":null,"pillar_content":false,"robots_default":true,"robots_noindex":false,"robots_noarchive":false,"robots_nosnippet":false,"robots_nofollow":false,"robots_noimageindex":false,"robots_noodp":false,"robots_notranslate":false,"robots_max_snippet":null,"robots_max_videopreview":null,"robots_max_imagepreview":"large","priority":null,"frequency":null,"local_seo":null,"seo_analyzer_scan_date":"2026-02-02 18:09:03","breadcrumb_settings":null,"limit_modified_date":false,"reviewed_by":null,"open_ai":null,"ai":null,"created":"2026-01-14 07:02:58","updated":"2026-04-30 14:02:01"},"aioseo_breadcrumb":"<div class=\"aioseo-breadcrumbs\"><span class=\"aioseo-breadcrumb\">\n\t<a href=\"https:\/\/hidalgo.nl\/de\/\" title=\"Home\">Home<\/a>\n<\/span><span class=\"aioseo-breadcrumb-separator\">\u00bb<\/span><span class=\"aioseo-breadcrumb\">\n\t<a href=\"https:\/\/hidalgo.nl\/example\/\" title=\"example\">example<\/a>\n<\/span><span class=\"aioseo-breadcrumb-separator\">\u00bb<\/span><span class=\"aioseo-breadcrumb\">\n\t<a href=\"https:\/\/hidalgo.nl\/en\/product-supplier\/a53\/\" title=\"A53\">A53<\/a>\n<\/span><span class=\"aioseo-breadcrumb-separator\">\u00bb<\/span><span class=\"aioseo-breadcrumb\">\n\tSublimatie Muismat 22 x 18cm\n<\/span><\/div>","aioseo_breadcrumb_json":[{"label":"Home","link":"https:\/\/hidalgo.nl\/de\/"},{"label":"example","link":"https:\/\/hidalgo.nl\/example\/"},{"label":"A53","link":"https:\/\/hidalgo.nl\/en\/product-supplier\/a53\/"},{"label":"Sublimatie Muismat 22 x 18cm","link":"https:\/\/hidalgo.nl\/de\/product\/153707\/sublimations-mauspad-bedrucken-rutschfest-gummi-22-x-18-cm\/"}],"_links":{"self":[{"href":"https:\/\/hidalgo.nl\/de\/wp-json\/wp\/v2\/product\/153707","targetHints":{"allow":["GET"]}}],"collection":[{"href":"https:\/\/hidalgo.nl\/de\/wp-json\/wp\/v2\/product"}],"about":[{"href":"https:\/\/hidalgo.nl\/de\/wp-json\/wp\/v2\/types\/product"}],"wp:featuredmedia":[{"embeddable":true,"href":"https:\/\/hidalgo.nl\/de\/wp-json\/wp\/v2\/media\/153708"}],"wp:attachment":[{"href":"https:\/\/hidalgo.nl\/de\/wp-json\/wp\/v2\/media?parent=153707"}],"wp:term":[{"taxonomy":"product_brand","embeddable":true,"href":"https:\/\/hidalgo.nl\/de\/wp-json\/wp\/v2\/product_brand?post=153707"},{"taxonomy":"product_cat","embeddable":true,"href":"https:\/\/hidalgo.nl\/de\/wp-json\/wp\/v2\/product_cat?post=153707"},{"taxonomy":"product_tag","embeddable":true,"href":"https:\/\/hidalgo.nl\/de\/wp-json\/wp\/v2\/product_tag?post=153707"}],"curies":[{"name":"wp","href":"https:\/\/api.w.org\/{rel}","templated":true}]}}