{"id":153624,"date":"2025-07-09T18:47:20","date_gmt":"2025-07-09T18:47:20","guid":{"rendered":"http:\/\/bidonsenshakers.pim.hidalgo.nl\/product\/dubbelzijdige-handdoek-sublimatie-50x100-cm-400g-m%c2%b2\/"},"modified":"2026-04-30T13:44:23","modified_gmt":"2026-04-30T13:44:23","slug":"dubbelzijdige-handdoek-sublimatie-50x100-cm-400g-m%c2%b2","status":"publish","type":"product","link":"https:\/\/hidalgo.nl\/de\/product\/153624\/handtuch-bedrucken-sublimation-400g-m%c2%b2-baumwolle-50x100-cm\/","title":{"rendered":"Dubbelzijdige handdoek sublimatie 50 x 100 cm 400 g\/m\u00b2"},"content":{"rendered":"<p>Deze compacte handdoek is perfect voor zowel sportsessies als reizen. Met uitstekende absorptie en gemak biedt de 100% katoenen terry kant ultiem comfort. De andere kant is polyester velours en volledig aanpasbaar en biedt ruimte voor levendige full-color sublimatiebedrukking. In Europa geproduceerd. Deze handdoek getest volgens de EN ISO 105 norm, wat betekent dat het product en de sublimatiebedrukking bestand zijn tegen invloeden zoals wassen, onderdompeling in water, licht en droog- en natwrijving.<\/p>\n","protected":false},"excerpt":{"rendered":"<p>Deze compacte handdoek is perfect voor zowel sportsessies als reizen. Met uitstekende absorptie en gemak biedt de 100% katoenen terry kant ultiem comfort. De andere kant is polyester velours en volledig aanpasbaar en biedt ruimte voor levendige full-color sublimatiebedrukking. In Europa geproduceerd. Deze handdoek getest volgens de EN ISO 105 norm, wat betekent dat het&hellip; <a class=\"more-link\" href=\"https:\/\/hidalgo.nl\/de\/product\/153624\/handtuch-bedrucken-sublimation-400g-m%c2%b2-baumwolle-50x100-cm\/\"><span class=\"screen-reader-text\">Dubbelzijdige handdoek sublimatie 50 x 100 cm 400 g\/m\u00b2<\/span> weiterlesen<\/a><\/p>\n","protected":false},"featured_media":153625,"template":"","meta":{"_acf_changed":false,"om_disable_all_campaigns":false,"_monsterinsights_skip_tracking":false,"_monsterinsights_sitenote_active":false,"_monsterinsights_sitenote_note":"","_monsterinsights_sitenote_category":0},"product_brand":[],"product_cat":[4752,4872],"product_tag":[],"class_list":{"0":"post-153624","1":"product","2":"type-product","3":"status-publish","4":"has-post-thumbnail","6":"product_supplier-a53","7":"product_cat-handdoeken","8":"product_cat-handdoeken-sport-handdoeken","9":"entry","11":"first","12":"instock","13":"taxable","14":"shipping-taxable","15":"purchasable","16":"product-type-variable"},"acf":{"imprint_cost":[{"imprint_cost_key":"5757a5e21efd51cffab91ef03be6a0ded7ca24dd","product_quantity_price_range":[{"imprint_cost_recommended_selling_price":"5.1225","imprint_cost_recommended_selling_quantity":"1"},{"imprint_cost_recommended_selling_price":"4.065","imprint_cost_recommended_selling_quantity":"10"},{"imprint_cost_recommended_selling_price":"3.195","imprint_cost_recommended_selling_quantity":"25"},{"imprint_cost_recommended_selling_price":"3.0225","imprint_cost_recommended_selling_quantity":"50"},{"imprint_cost_recommended_selling_price":"2.6775","imprint_cost_recommended_selling_quantity":"100"},{"imprint_cost_recommended_selling_price":"2.49","imprint_cost_recommended_selling_quantity":"250"},{"imprint_cost_recommended_selling_price":"2.3925","imprint_cost_recommended_selling_quantity":"500"},{"imprint_cost_recommended_selling_price":"2.265","imprint_cost_recommended_selling_quantity":"1000"},{"imprint_cost_recommended_selling_price":"2.205","imprint_cost_recommended_selling_quantity":"2500"},{"imprint_cost_recommended_selling_price":"2.13","imprint_cost_recommended_selling_quantity":"5000"},{"imprint_cost_recommended_selling_price":"2.0775","imprint_cost_recommended_selling_quantity":"10000"}],"product_quantity_price_range_buying":[{"imprint_cost_general_buying_price":"3.415","imprint_cost_general_buying_quantity":"1"},{"imprint_cost_general_buying_price":"2.71","imprint_cost_general_buying_quantity":"10"},{"imprint_cost_general_buying_price":"2.13","imprint_cost_general_buying_quantity":"25"},{"imprint_cost_general_buying_price":"2.015","imprint_cost_general_buying_quantity":"50"},{"imprint_cost_general_buying_price":"1.785","imprint_cost_general_buying_quantity":"100"},{"imprint_cost_general_buying_price":"1.66","imprint_cost_general_buying_quantity":"250"},{"imprint_cost_general_buying_price":"1.595","imprint_cost_general_buying_quantity":"500"},{"imprint_cost_general_buying_price":"1.51","imprint_cost_general_buying_quantity":"1000"},{"imprint_cost_general_buying_price":"1.47","imprint_cost_general_buying_quantity":"2500"},{"imprint_cost_general_buying_price":"1.42","imprint_cost_general_buying_quantity":"5000"},{"imprint_cost_general_buying_price":"1.385","imprint_cost_general_buying_quantity":"10000"}],"imprint_cost_setup_costs":"54","imprint_cost_handling_costs":"0.12"}]},"aioseo_notices":[],"aioseo_head":"\n\t\t<!-- All in One SEO Pro 4.9.6.2 - aioseo.com -->\n\t<meta name=\"description\" content=\"Wei\u00df, 50x100 cm: eine Seite saugstarkes Baumwollfrottee, die andere weiches Polyester-Velours f\u00fcr brillante Farben. Du kannst dein Handtuch mit Logo bedrucken, vollfl\u00e4chig per Sublimation - ideal f\u00fcrs Gym, Vereine &amp; Events; jetzt Sublimationshandtuch kaufen.\" \/>\n\t<meta name=\"robots\" content=\"max-image-preview:large\" \/>\n\t<link rel=\"canonical\" href=\"https:\/\/hidalgo.nl\/de\/wp-json\/wp\/v2\/product\/153624\" \/>\n\t<meta name=\"generator\" content=\"All in One SEO Pro (AIOSEO) 4.9.6.2\" \/>\n\t\t<meta property=\"og:locale\" content=\"de_DE\" \/>\n\t\t<meta property=\"og:site_name\" content=\"Hidalgo -\" \/>\n\t\t<meta property=\"og:type\" content=\"article\" \/>\n\t\t<meta property=\"og:title\" content=\"Handtuch bedrucken Sublimation 400g\/m\u00b2 Baumwolle 50x100 cm\" \/>\n\t\t<meta property=\"og:description\" content=\"Wei\u00df, 50x100 cm: eine Seite saugstarkes Baumwollfrottee, die andere weiches Polyester-Velours f\u00fcr brillante Farben. Du kannst dein Handtuch mit Logo bedrucken, vollfl\u00e4chig per Sublimation - ideal f\u00fcrs Gym, Vereine &amp; Events; jetzt Sublimationshandtuch kaufen.\" \/>\n\t\t<meta property=\"og:url\" content=\"https:\/\/hidalgo.nl\/de\/wp-json\/wp\/v2\/product\/153624\" \/>\n\t\t<meta property=\"og:image\" content=\"https:\/\/shop.hidalgo.nl\/wp-content\/uploads\/2025\/11\/cropped-Hidalgo-est1993.png\" \/>\n\t\t<meta property=\"og:image:secure_url\" content=\"https:\/\/shop.hidalgo.nl\/wp-content\/uploads\/2025\/11\/cropped-Hidalgo-est1993.png\" \/>\n\t\t<meta property=\"article:published_time\" content=\"2025-07-09T18:47:20+00:00\" \/>\n\t\t<meta property=\"article:modified_time\" content=\"2026-04-30T13:44:23+00:00\" \/>\n\t\t<meta name=\"twitter:card\" content=\"summary_large_image\" \/>\n\t\t<meta name=\"twitter:title\" content=\"Handtuch bedrucken Sublimation 400g\/m\u00b2 Baumwolle 50x100 cm\" \/>\n\t\t<meta name=\"twitter:description\" content=\"Wei\u00df, 50x100 cm: eine Seite saugstarkes Baumwollfrottee, die andere weiches Polyester-Velours f\u00fcr brillante Farben. Du kannst dein Handtuch mit Logo bedrucken, vollfl\u00e4chig per Sublimation - ideal f\u00fcrs Gym, Vereine &amp; Events; jetzt Sublimationshandtuch kaufen.\" \/>\n\t\t<meta name=\"twitter:image\" content=\"https:\/\/shop.hidalgo.nl\/wp-content\/uploads\/2025\/11\/cropped-Hidalgo-est1993.png\" \/>\n\t\t<script type=\"application\/ld+json\" class=\"aioseo-schema\">\n\t\t\t{\"@context\":\"https:\\\/\\\/schema.org\",\"@graph\":[{\"@type\":\"BreadcrumbList\",\"@id\":\"https:\\\/\\\/hidalgo.nl\\\/de\\\/product\\\/153624\\\/handtuch-bedrucken-sublimation-400g-m%c2%b2-baumwolle-50x100-cm\\\/#breadcrumblist\",\"itemListElement\":[{\"@type\":\"ListItem\",\"@id\":\"https:\\\/\\\/hidalgo.nl\\\/de\\\/#listItem\",\"position\":1,\"name\":\"Home\",\"item\":\"https:\\\/\\\/hidalgo.nl\\\/de\\\/\",\"nextItem\":{\"@type\":\"ListItem\",\"@id\":\"https:\\\/\\\/hidalgo.nl\\\/example\\\/#listItem\",\"name\":\"example\"}},{\"@type\":\"ListItem\",\"@id\":\"https:\\\/\\\/hidalgo.nl\\\/example\\\/#listItem\",\"position\":2,\"name\":\"example\",\"item\":\"https:\\\/\\\/hidalgo.nl\\\/example\\\/\",\"nextItem\":{\"@type\":\"ListItem\",\"@id\":\"https:\\\/\\\/hidalgo.nl\\\/en\\\/product-supplier\\\/a53\\\/#listItem\",\"name\":\"A53\"},\"previousItem\":{\"@type\":\"ListItem\",\"@id\":\"https:\\\/\\\/hidalgo.nl\\\/de\\\/#listItem\",\"name\":\"Home\"}},{\"@type\":\"ListItem\",\"@id\":\"https:\\\/\\\/hidalgo.nl\\\/en\\\/product-supplier\\\/a53\\\/#listItem\",\"position\":3,\"name\":\"A53\",\"item\":\"https:\\\/\\\/hidalgo.nl\\\/en\\\/product-supplier\\\/a53\\\/\",\"nextItem\":{\"@type\":\"ListItem\",\"@id\":\"https:\\\/\\\/hidalgo.nl\\\/de\\\/product\\\/153624\\\/handtuch-bedrucken-sublimation-400g-m%c2%b2-baumwolle-50x100-cm\\\/#listItem\",\"name\":\"Dubbelzijdige handdoek sublimatie 50 x 100 cm 400 g\\\/m\\u00b2\"},\"previousItem\":{\"@type\":\"ListItem\",\"@id\":\"https:\\\/\\\/hidalgo.nl\\\/example\\\/#listItem\",\"name\":\"example\"}},{\"@type\":\"ListItem\",\"@id\":\"https:\\\/\\\/hidalgo.nl\\\/de\\\/product\\\/153624\\\/handtuch-bedrucken-sublimation-400g-m%c2%b2-baumwolle-50x100-cm\\\/#listItem\",\"position\":4,\"name\":\"Dubbelzijdige handdoek sublimatie 50 x 100 cm 400 g\\\/m\\u00b2\",\"previousItem\":{\"@type\":\"ListItem\",\"@id\":\"https:\\\/\\\/hidalgo.nl\\\/en\\\/product-supplier\\\/a53\\\/#listItem\",\"name\":\"A53\"}}]},{\"@type\":\"Organization\",\"@id\":\"https:\\\/\\\/hidalgo.nl\\\/de\\\/#organization\",\"name\":\"Hidalgo\",\"url\":\"https:\\\/\\\/hidalgo.nl\\\/de\\\/\",\"logo\":{\"@type\":\"ImageObject\",\"url\":\"https:\\\/\\\/shop.hidalgo.nl\\\/wp-content\\\/uploads\\\/2025\\\/11\\\/cropped-Hidalgo-est1993.png\",\"@id\":\"https:\\\/\\\/hidalgo.nl\\\/de\\\/product\\\/153624\\\/handtuch-bedrucken-sublimation-400g-m%c2%b2-baumwolle-50x100-cm\\\/#organizationLogo\",\"width\":585,\"height\":195},\"image\":{\"@id\":\"https:\\\/\\\/hidalgo.nl\\\/de\\\/product\\\/153624\\\/handtuch-bedrucken-sublimation-400g-m%c2%b2-baumwolle-50x100-cm\\\/#organizationLogo\"}},{\"@type\":\"ProductGroup\",\"@id\":\"https:\\\/\\\/hidalgo.nl\\\/de\\\/product\\\/153624\\\/handtuch-bedrucken-sublimation-400g-m%c2%b2-baumwolle-50x100-cm\\\/#wooCommerceProduct\",\"name\":\"Handtuch bedrucken Sublimation 400g\\\/m\\u00b2 Baumwolle 50x100 cm\",\"url\":\"https:\\\/\\\/hidalgo.nl\\\/de\\\/product\\\/153624\\\/handtuch-bedrucken-sublimation-400g-m%c2%b2-baumwolle-50x100-cm\\\/\",\"sku\":\"A53-LT95007\",\"image\":{\"@type\":\"ImageObject\",\"url\":\"https:\\\/\\\/shop.hidalgo.nl\\\/wp-content\\\/uploads\\\/2025\\\/05\\\/c434e3c877b097862529ba66284217024b5c1981feacdfe084447be856781786.jpg\",\"@id\":\"https:\\\/\\\/hidalgo.nl\\\/de\\\/product\\\/153624\\\/handtuch-bedrucken-sublimation-400g-m%c2%b2-baumwolle-50x100-cm\\\/#productImage\",\"width\":1000,\"height\":1000},\"productGroupID\":153624,\"hasVariant\":[{\"@type\":\"Product\",\"@id\":\"https:\\\/\\\/hidalgo.nl\\\/de\\\/product\\\/153624\\\/handtuch-bedrucken-sublimation-400g-m%c2%b2-baumwolle-50x100-cm\\\/#wooCommerceProduct\",\"name\":\"Dubbelzijdige handdoek sublimatie 50 x 100 cm 400 g\\\/m\\u00b2 - wit\",\"url\":\"https:\\\/\\\/hidalgo.nl\\\/de\\\/product\\\/153624\\\/handtuch-bedrucken-sublimation-400g-m%c2%b2-baumwolle-50x100-cm\\\/\",\"sku\":\"A53-LT95007-N0001\",\"image\":{\"@type\":\"ImageObject\",\"url\":\"https:\\\/\\\/shop.hidalgo.nl\\\/wp-content\\\/uploads\\\/2025\\\/05\\\/753a0d801847063116354d2a4fe053ffd14693b95982d1dfd218bac4061c866b.jpg\",\"@id\":\"https:\\\/\\\/hidalgo.nl\\\/de\\\/product\\\/153624\\\/handtuch-bedrucken-sublimation-400g-m%c2%b2-baumwolle-50x100-cm\\\/#productImage\",\"width\":1000,\"height\":1000},\"offers\":{\"@type\":\"Offer\",\"url\":\"https:\\\/\\\/hidalgo.nl\\\/de\\\/product\\\/153624\\\/handtuch-bedrucken-sublimation-400g-m%c2%b2-baumwolle-50x100-cm\\\/#wooCommerceOffer\",\"price\":\"7.83\",\"priceCurrency\":\"EUR\",\"category\":\"Handdoeken\",\"availability\":\"https:\\\/\\\/schema.org\\\/InStock\",\"priceSpecification\":{\"@type\":\"PriceSpecification\",\"price\":7.83,\"priceCurrency\":\"EUR\",\"valueAddedTaxIncluded\":\"true\"}}}]},{\"@type\":\"WebPage\",\"@id\":\"https:\\\/\\\/hidalgo.nl\\\/de\\\/product\\\/153624\\\/handtuch-bedrucken-sublimation-400g-m%c2%b2-baumwolle-50x100-cm\\\/#webpage\",\"url\":\"https:\\\/\\\/hidalgo.nl\\\/de\\\/product\\\/153624\\\/handtuch-bedrucken-sublimation-400g-m%c2%b2-baumwolle-50x100-cm\\\/\",\"name\":\"Handtuch bedrucken Sublimation 400g\\\/m\\u00b2 Baumwolle 50x100 cm\",\"description\":\"Wei\\u00df, 50x100 cm: eine Seite saugstarkes Baumwollfrottee, die andere weiches Polyester-Velours f\\u00fcr brillante Farben. Du kannst dein Handtuch mit Logo bedrucken, vollfl\\u00e4chig per Sublimation - ideal f\\u00fcrs Gym, Vereine & Events; jetzt Sublimationshandtuch kaufen.\",\"inLanguage\":\"de-DE\",\"isPartOf\":{\"@id\":\"https:\\\/\\\/hidalgo.nl\\\/de\\\/#website\"},\"breadcrumb\":{\"@id\":\"https:\\\/\\\/hidalgo.nl\\\/de\\\/product\\\/153624\\\/handtuch-bedrucken-sublimation-400g-m%c2%b2-baumwolle-50x100-cm\\\/#breadcrumblist\"},\"image\":{\"@type\":\"ImageObject\",\"url\":\"https:\\\/\\\/shop.hidalgo.nl\\\/wp-content\\\/uploads\\\/2025\\\/05\\\/c434e3c877b097862529ba66284217024b5c1981feacdfe084447be856781786.jpg\",\"@id\":\"https:\\\/\\\/hidalgo.nl\\\/de\\\/product\\\/153624\\\/handtuch-bedrucken-sublimation-400g-m%c2%b2-baumwolle-50x100-cm\\\/#mainImage\",\"width\":1000,\"height\":1000},\"primaryImageOfPage\":{\"@id\":\"https:\\\/\\\/hidalgo.nl\\\/de\\\/product\\\/153624\\\/handtuch-bedrucken-sublimation-400g-m%c2%b2-baumwolle-50x100-cm\\\/#mainImage\"},\"datePublished\":\"2025-07-09T18:47:20+00:00\",\"dateModified\":\"2026-04-30T13:44:23+00:00\"},{\"@type\":\"WebSite\",\"@id\":\"https:\\\/\\\/hidalgo.nl\\\/de\\\/#website\",\"url\":\"https:\\\/\\\/hidalgo.nl\\\/de\\\/\",\"name\":\"Hidalgo\",\"inLanguage\":\"de-DE\",\"publisher\":{\"@id\":\"https:\\\/\\\/hidalgo.nl\\\/de\\\/#organization\"}}]}\n\t\t<\/script>\n\t\t<!-- All in One SEO Pro -->\r\n\t\t<title>Handtuch bedrucken Sublimation 400g\/m\u00b2 Baumwolle 50x100 cm<\/title>\n\n","aioseo_head_json":{"title":"Handtuch bedrucken Sublimation 400g\/m\u00b2 Baumwolle 50x100 cm","description":"Wei\u00df, 50x100 cm: eine Seite saugstarkes Baumwollfrottee, die andere weiches Polyester-Velours f\u00fcr brillante Farben. Du kannst dein Handtuch mit Logo bedrucken, vollfl\u00e4chig per Sublimation - ideal f\u00fcrs Gym, Vereine & Events; jetzt Sublimationshandtuch kaufen.","canonical_url":"https:\/\/hidalgo.nl\/de\/wp-json\/wp\/v2\/product\/153624","robots":"max-image-preview:large","keywords":"","webmasterTools":{"miscellaneous":""},"schema":{"@context":"https:\/\/schema.org","@graph":[{"@type":"BreadcrumbList","@id":"https:\/\/hidalgo.nl\/de\/product\/153624\/handtuch-bedrucken-sublimation-400g-m%c2%b2-baumwolle-50x100-cm\/#breadcrumblist","itemListElement":[{"@type":"ListItem","@id":"https:\/\/hidalgo.nl\/de\/#listItem","position":1,"name":"Home","item":"https:\/\/hidalgo.nl\/de\/","nextItem":{"@type":"ListItem","@id":"https:\/\/hidalgo.nl\/example\/#listItem","name":"example"}},{"@type":"ListItem","@id":"https:\/\/hidalgo.nl\/example\/#listItem","position":2,"name":"example","item":"https:\/\/hidalgo.nl\/example\/","nextItem":{"@type":"ListItem","@id":"https:\/\/hidalgo.nl\/en\/product-supplier\/a53\/#listItem","name":"A53"},"previousItem":{"@type":"ListItem","@id":"https:\/\/hidalgo.nl\/de\/#listItem","name":"Home"}},{"@type":"ListItem","@id":"https:\/\/hidalgo.nl\/en\/product-supplier\/a53\/#listItem","position":3,"name":"A53","item":"https:\/\/hidalgo.nl\/en\/product-supplier\/a53\/","nextItem":{"@type":"ListItem","@id":"https:\/\/hidalgo.nl\/de\/product\/153624\/handtuch-bedrucken-sublimation-400g-m%c2%b2-baumwolle-50x100-cm\/#listItem","name":"Dubbelzijdige handdoek sublimatie 50 x 100 cm 400 g\/m\u00b2"},"previousItem":{"@type":"ListItem","@id":"https:\/\/hidalgo.nl\/example\/#listItem","name":"example"}},{"@type":"ListItem","@id":"https:\/\/hidalgo.nl\/de\/product\/153624\/handtuch-bedrucken-sublimation-400g-m%c2%b2-baumwolle-50x100-cm\/#listItem","position":4,"name":"Dubbelzijdige handdoek sublimatie 50 x 100 cm 400 g\/m\u00b2","previousItem":{"@type":"ListItem","@id":"https:\/\/hidalgo.nl\/en\/product-supplier\/a53\/#listItem","name":"A53"}}]},{"@type":"Organization","@id":"https:\/\/hidalgo.nl\/de\/#organization","name":"Hidalgo","url":"https:\/\/hidalgo.nl\/de\/","logo":{"@type":"ImageObject","url":"https:\/\/shop.hidalgo.nl\/wp-content\/uploads\/2025\/11\/cropped-Hidalgo-est1993.png","@id":"https:\/\/hidalgo.nl\/de\/product\/153624\/handtuch-bedrucken-sublimation-400g-m%c2%b2-baumwolle-50x100-cm\/#organizationLogo","width":585,"height":195},"image":{"@id":"https:\/\/hidalgo.nl\/de\/product\/153624\/handtuch-bedrucken-sublimation-400g-m%c2%b2-baumwolle-50x100-cm\/#organizationLogo"}},{"@type":"ProductGroup","@id":"https:\/\/hidalgo.nl\/de\/product\/153624\/handtuch-bedrucken-sublimation-400g-m%c2%b2-baumwolle-50x100-cm\/#wooCommerceProduct","name":"Handtuch bedrucken Sublimation 400g\/m\u00b2 Baumwolle 50x100 cm","url":"https:\/\/hidalgo.nl\/de\/product\/153624\/handtuch-bedrucken-sublimation-400g-m%c2%b2-baumwolle-50x100-cm\/","sku":"A53-LT95007","image":{"@type":"ImageObject","url":"https:\/\/shop.hidalgo.nl\/wp-content\/uploads\/2025\/05\/c434e3c877b097862529ba66284217024b5c1981feacdfe084447be856781786.jpg","@id":"https:\/\/hidalgo.nl\/de\/product\/153624\/handtuch-bedrucken-sublimation-400g-m%c2%b2-baumwolle-50x100-cm\/#productImage","width":1000,"height":1000},"productGroupID":153624,"hasVariant":[{"@type":"Product","@id":"https:\/\/hidalgo.nl\/de\/product\/153624\/handtuch-bedrucken-sublimation-400g-m%c2%b2-baumwolle-50x100-cm\/#wooCommerceProduct","name":"Dubbelzijdige handdoek sublimatie 50 x 100 cm 400 g\/m\u00b2 - wit","url":"https:\/\/hidalgo.nl\/de\/product\/153624\/handtuch-bedrucken-sublimation-400g-m%c2%b2-baumwolle-50x100-cm\/","sku":"A53-LT95007-N0001","image":{"@type":"ImageObject","url":"https:\/\/shop.hidalgo.nl\/wp-content\/uploads\/2025\/05\/753a0d801847063116354d2a4fe053ffd14693b95982d1dfd218bac4061c866b.jpg","@id":"https:\/\/hidalgo.nl\/de\/product\/153624\/handtuch-bedrucken-sublimation-400g-m%c2%b2-baumwolle-50x100-cm\/#productImage","width":1000,"height":1000},"offers":{"@type":"Offer","url":"https:\/\/hidalgo.nl\/de\/product\/153624\/handtuch-bedrucken-sublimation-400g-m%c2%b2-baumwolle-50x100-cm\/#wooCommerceOffer","price":"7.83","priceCurrency":"EUR","category":"Handdoeken","availability":"https:\/\/schema.org\/InStock","priceSpecification":{"@type":"PriceSpecification","price":7.83,"priceCurrency":"EUR","valueAddedTaxIncluded":"true"}}}]},{"@type":"WebPage","@id":"https:\/\/hidalgo.nl\/de\/product\/153624\/handtuch-bedrucken-sublimation-400g-m%c2%b2-baumwolle-50x100-cm\/#webpage","url":"https:\/\/hidalgo.nl\/de\/product\/153624\/handtuch-bedrucken-sublimation-400g-m%c2%b2-baumwolle-50x100-cm\/","name":"Handtuch bedrucken Sublimation 400g\/m\u00b2 Baumwolle 50x100 cm","description":"Wei\u00df, 50x100 cm: eine Seite saugstarkes Baumwollfrottee, die andere weiches Polyester-Velours f\u00fcr brillante Farben. Du kannst dein Handtuch mit Logo bedrucken, vollfl\u00e4chig per Sublimation - ideal f\u00fcrs Gym, Vereine & Events; jetzt Sublimationshandtuch kaufen.","inLanguage":"de-DE","isPartOf":{"@id":"https:\/\/hidalgo.nl\/de\/#website"},"breadcrumb":{"@id":"https:\/\/hidalgo.nl\/de\/product\/153624\/handtuch-bedrucken-sublimation-400g-m%c2%b2-baumwolle-50x100-cm\/#breadcrumblist"},"image":{"@type":"ImageObject","url":"https:\/\/shop.hidalgo.nl\/wp-content\/uploads\/2025\/05\/c434e3c877b097862529ba66284217024b5c1981feacdfe084447be856781786.jpg","@id":"https:\/\/hidalgo.nl\/de\/product\/153624\/handtuch-bedrucken-sublimation-400g-m%c2%b2-baumwolle-50x100-cm\/#mainImage","width":1000,"height":1000},"primaryImageOfPage":{"@id":"https:\/\/hidalgo.nl\/de\/product\/153624\/handtuch-bedrucken-sublimation-400g-m%c2%b2-baumwolle-50x100-cm\/#mainImage"},"datePublished":"2025-07-09T18:47:20+00:00","dateModified":"2026-04-30T13:44:23+00:00"},{"@type":"WebSite","@id":"https:\/\/hidalgo.nl\/de\/#website","url":"https:\/\/hidalgo.nl\/de\/","name":"Hidalgo","inLanguage":"de-DE","publisher":{"@id":"https:\/\/hidalgo.nl\/de\/#organization"}}]},"og:locale":"de_DE","og:site_name":"Hidalgo -","og:type":"article","og:title":"Handtuch bedrucken Sublimation 400g\/m\u00b2 Baumwolle 50x100 cm","og:description":"Wei\u00df, 50x100 cm: eine Seite saugstarkes Baumwollfrottee, die andere weiches Polyester-Velours f\u00fcr brillante Farben. Du kannst dein Handtuch mit Logo bedrucken, vollfl\u00e4chig per Sublimation - ideal f\u00fcrs Gym, Vereine &amp; Events; jetzt Sublimationshandtuch kaufen.","og:url":"https:\/\/hidalgo.nl\/de\/wp-json\/wp\/v2\/product\/153624","og:image":"https:\/\/shop.hidalgo.nl\/wp-content\/uploads\/2025\/11\/cropped-Hidalgo-est1993.png","og:image:secure_url":"https:\/\/shop.hidalgo.nl\/wp-content\/uploads\/2025\/11\/cropped-Hidalgo-est1993.png","article:published_time":"2025-07-09T18:47:20+00:00","article:modified_time":"2026-04-30T13:44:23+00:00","twitter:card":"summary_large_image","twitter:title":"Handtuch bedrucken Sublimation 400g\/m\u00b2 Baumwolle 50x100 cm","twitter:description":"Wei\u00df, 50x100 cm: eine Seite saugstarkes Baumwollfrottee, die andere weiches Polyester-Velours f\u00fcr brillante Farben. Du kannst dein Handtuch mit Logo bedrucken, vollfl\u00e4chig per Sublimation - ideal f\u00fcrs Gym, Vereine &amp; Events; jetzt Sublimationshandtuch kaufen.","twitter:image":"https:\/\/shop.hidalgo.nl\/wp-content\/uploads\/2025\/11\/cropped-Hidalgo-est1993.png"},"aioseo_meta_data":{"post_id":"153624","title":null,"description":null,"keywords":null,"keyphrases":null,"primary_term":null,"canonical_url":null,"og_title":null,"og_description":null,"og_object_type":"default","og_image_type":"default","og_image_url":null,"og_image_width":null,"og_image_height":null,"og_image_custom_url":null,"og_image_custom_fields":null,"og_video":null,"og_custom_url":null,"og_article_section":null,"og_article_tags":null,"twitter_use_og":false,"twitter_card":"default","twitter_image_type":"default","twitter_image_url":null,"twitter_image_custom_url":null,"twitter_image_custom_fields":null,"twitter_title":null,"twitter_description":null,"schema":{"blockGraphs":[],"customGraphs":[],"default":{"data":{"Article":[],"Course":[],"Dataset":[],"FAQPage":[],"Movie":[],"Person":[],"Product":[],"ProductReview":[],"Car":[],"Recipe":[],"Service":[],"SoftwareApplication":[],"WebPage":[]},"graphName":"","isEnabled":true},"graphs":[]},"schema_type":"default","schema_type_options":null,"pillar_content":false,"robots_default":true,"robots_noindex":false,"robots_noarchive":false,"robots_nosnippet":false,"robots_nofollow":false,"robots_noimageindex":false,"robots_noodp":false,"robots_notranslate":false,"robots_max_snippet":null,"robots_max_videopreview":null,"robots_max_imagepreview":"large","priority":null,"frequency":null,"local_seo":null,"seo_analyzer_scan_date":"2026-02-02 18:06:43","breadcrumb_settings":null,"limit_modified_date":false,"reviewed_by":null,"open_ai":null,"ai":null,"created":"2026-01-14 07:02:58","updated":"2026-04-30 14:02:01"},"aioseo_breadcrumb":"<div class=\"aioseo-breadcrumbs\"><span class=\"aioseo-breadcrumb\">\n\t<a href=\"https:\/\/hidalgo.nl\/de\/\" title=\"Home\">Home<\/a>\n<\/span><span class=\"aioseo-breadcrumb-separator\">\u00bb<\/span><span class=\"aioseo-breadcrumb\">\n\t<a href=\"https:\/\/hidalgo.nl\/example\/\" title=\"example\">example<\/a>\n<\/span><span class=\"aioseo-breadcrumb-separator\">\u00bb<\/span><span class=\"aioseo-breadcrumb\">\n\t<a href=\"https:\/\/hidalgo.nl\/en\/product-supplier\/a53\/\" title=\"A53\">A53<\/a>\n<\/span><span class=\"aioseo-breadcrumb-separator\">\u00bb<\/span><span class=\"aioseo-breadcrumb\">\n\tDubbelzijdige handdoek sublimatie 50 x 100 cm 400 g\/m\u00b2\n<\/span><\/div>","aioseo_breadcrumb_json":[{"label":"Home","link":"https:\/\/hidalgo.nl\/de\/"},{"label":"example","link":"https:\/\/hidalgo.nl\/example\/"},{"label":"A53","link":"https:\/\/hidalgo.nl\/en\/product-supplier\/a53\/"},{"label":"Dubbelzijdige handdoek sublimatie 50 x 100 cm 400 g\/m\u00b2","link":"https:\/\/hidalgo.nl\/de\/product\/153624\/handtuch-bedrucken-sublimation-400g-m%c2%b2-baumwolle-50x100-cm\/"}],"_links":{"self":[{"href":"https:\/\/hidalgo.nl\/de\/wp-json\/wp\/v2\/product\/153624","targetHints":{"allow":["GET"]}}],"collection":[{"href":"https:\/\/hidalgo.nl\/de\/wp-json\/wp\/v2\/product"}],"about":[{"href":"https:\/\/hidalgo.nl\/de\/wp-json\/wp\/v2\/types\/product"}],"wp:featuredmedia":[{"embeddable":true,"href":"https:\/\/hidalgo.nl\/de\/wp-json\/wp\/v2\/media\/153625"}],"wp:attachment":[{"href":"https:\/\/hidalgo.nl\/de\/wp-json\/wp\/v2\/media?parent=153624"}],"wp:term":[{"taxonomy":"product_brand","embeddable":true,"href":"https:\/\/hidalgo.nl\/de\/wp-json\/wp\/v2\/product_brand?post=153624"},{"taxonomy":"product_cat","embeddable":true,"href":"https:\/\/hidalgo.nl\/de\/wp-json\/wp\/v2\/product_cat?post=153624"},{"taxonomy":"product_tag","embeddable":true,"href":"https:\/\/hidalgo.nl\/de\/wp-json\/wp\/v2\/product_tag?post=153624"}],"curies":[{"name":"wp","href":"https:\/\/api.w.org\/{rel}","templated":true}]}}