{"id":153615,"date":"2025-07-09T18:46:36","date_gmt":"2025-07-09T18:46:36","guid":{"rendered":"http:\/\/bidonsenshakers.pim.hidalgo.nl\/product\/sneldrogende-golfhanddoek-met-haak-r-pet-30x30cm-sublimatie\/"},"modified":"2026-04-30T13:43:52","modified_gmt":"2026-04-30T13:43:52","slug":"sneldrogende-golfhanddoek-met-haak-r-pet-30x30cm-sublimatie","status":"publish","type":"product","link":"https:\/\/hidalgo.nl\/de\/product\/153615\/golfhandtuch-bedrucken-schnelltrocknend-r-pet-30x30-cm\/","title":{"rendered":"Sneldrogende golfhanddoek met haak R-PET 30 x 30 cm sublimatie"},"content":{"rendered":"<p>Droog snel af met onze 30 x 30 cm golfhanddoek gemaakt van R-PET; ideaal voor een dag op de golfbaan. Met een handige haak, perfect om aan je golftas te bevestigen. Het sneldrogende materiaal is perfect om zowel handen als clubs schoon en droog te houden; alles voor de perfecte slag!<\/p>\n","protected":false},"excerpt":{"rendered":"<p>Droog snel af met onze 30 x 30 cm golfhanddoek gemaakt van R-PET; ideaal voor een dag op de golfbaan. Met een handige haak, perfect om aan je golftas te bevestigen. Het sneldrogende materiaal is perfect om zowel handen als clubs schoon en droog te houden; alles voor de perfecte slag!<\/p>\n","protected":false},"featured_media":153616,"template":"","meta":{"_acf_changed":false,"om_disable_all_campaigns":false,"_monsterinsights_skip_tracking":false,"_monsterinsights_sitenote_active":false,"_monsterinsights_sitenote_note":"","_monsterinsights_sitenote_category":0},"product_brand":[],"product_cat":[4752,4872],"product_tag":[],"class_list":{"0":"post-153615","1":"product","2":"type-product","3":"status-publish","4":"has-post-thumbnail","6":"product_supplier-a53","7":"product_cat-handdoeken","8":"product_cat-handdoeken-sport-handdoeken","9":"entry","11":"first","12":"instock","13":"taxable","14":"shipping-taxable","15":"purchasable","16":"product-type-variable"},"acf":{"imprint_cost":[{"imprint_cost_key":"774218ff5a4ba16098f248602a3d637e323d0126","product_quantity_price_range":[{"imprint_cost_recommended_selling_price":"4.0125","imprint_cost_recommended_selling_quantity":"1"},{"imprint_cost_recommended_selling_price":"3.225","imprint_cost_recommended_selling_quantity":"10"},{"imprint_cost_recommended_selling_price":"2.535","imprint_cost_recommended_selling_quantity":"25"},{"imprint_cost_recommended_selling_price":"2.3925","imprint_cost_recommended_selling_quantity":"50"},{"imprint_cost_recommended_selling_price":"2.13","imprint_cost_recommended_selling_quantity":"100"},{"imprint_cost_recommended_selling_price":"1.9875","imprint_cost_recommended_selling_quantity":"250"},{"imprint_cost_recommended_selling_price":"1.905","imprint_cost_recommended_selling_quantity":"500"},{"imprint_cost_recommended_selling_price":"1.7925","imprint_cost_recommended_selling_quantity":"1000"},{"imprint_cost_recommended_selling_price":"1.7625","imprint_cost_recommended_selling_quantity":"2500"},{"imprint_cost_recommended_selling_price":"1.7325","imprint_cost_recommended_selling_quantity":"5000"},{"imprint_cost_recommended_selling_price":"1.6575","imprint_cost_recommended_selling_quantity":"10000"}],"product_quantity_price_range_buying":[{"imprint_cost_general_buying_price":"2.675","imprint_cost_general_buying_quantity":"1"},{"imprint_cost_general_buying_price":"2.15","imprint_cost_general_buying_quantity":"10"},{"imprint_cost_general_buying_price":"1.69","imprint_cost_general_buying_quantity":"25"},{"imprint_cost_general_buying_price":"1.595","imprint_cost_general_buying_quantity":"50"},{"imprint_cost_general_buying_price":"1.42","imprint_cost_general_buying_quantity":"100"},{"imprint_cost_general_buying_price":"1.325","imprint_cost_general_buying_quantity":"250"},{"imprint_cost_general_buying_price":"1.27","imprint_cost_general_buying_quantity":"500"},{"imprint_cost_general_buying_price":"1.195","imprint_cost_general_buying_quantity":"1000"},{"imprint_cost_general_buying_price":"1.175","imprint_cost_general_buying_quantity":"2500"},{"imprint_cost_general_buying_price":"1.155","imprint_cost_general_buying_quantity":"5000"},{"imprint_cost_general_buying_price":"1.105","imprint_cost_general_buying_quantity":"10000"}],"imprint_cost_setup_costs":"54","imprint_cost_handling_costs":"0.12"}]},"aioseo_notices":[],"aioseo_head":"\n\t\t<!-- All in One SEO Pro 4.9.6.2 - aioseo.com -->\n\t<meta name=\"description\" content=\"Halte Schl\u00e4ger und H\u00e4nde schnell trocken: Das 30x30 cm Tuch aus recyceltem R-PET trocknet rasch und h\u00e4ngt dank Metallhaken griffbereit an der Golftasche. Bei Hidalgo kannst du dein Golfhandtuch bedrucken - als Golf Handtuch mit Logo f\u00fcr Events, Teams oder Firmen.\" \/>\n\t<meta name=\"robots\" content=\"max-image-preview:large\" \/>\n\t<link rel=\"canonical\" href=\"https:\/\/hidalgo.nl\/de\/wp-json\/wp\/v2\/product\/153615\" \/>\n\t<meta name=\"generator\" content=\"All in One SEO Pro (AIOSEO) 4.9.6.2\" \/>\n\t\t<meta property=\"og:locale\" content=\"de_DE\" \/>\n\t\t<meta property=\"og:site_name\" content=\"Hidalgo -\" \/>\n\t\t<meta property=\"og:type\" content=\"article\" \/>\n\t\t<meta property=\"og:title\" content=\"Golfhandtuch bedrucken schnelltrocknend R-PET 30x30 cm\" \/>\n\t\t<meta property=\"og:description\" content=\"Halte Schl\u00e4ger und H\u00e4nde schnell trocken: Das 30x30 cm Tuch aus recyceltem R-PET trocknet rasch und h\u00e4ngt dank Metallhaken griffbereit an der Golftasche. Bei Hidalgo kannst du dein Golfhandtuch bedrucken - als Golf Handtuch mit Logo f\u00fcr Events, Teams oder Firmen.\" \/>\n\t\t<meta property=\"og:url\" content=\"https:\/\/hidalgo.nl\/de\/wp-json\/wp\/v2\/product\/153615\" \/>\n\t\t<meta property=\"og:image\" content=\"https:\/\/shop.hidalgo.nl\/wp-content\/uploads\/2025\/11\/cropped-Hidalgo-est1993.png\" \/>\n\t\t<meta property=\"og:image:secure_url\" content=\"https:\/\/shop.hidalgo.nl\/wp-content\/uploads\/2025\/11\/cropped-Hidalgo-est1993.png\" \/>\n\t\t<meta property=\"article:published_time\" content=\"2025-07-09T18:46:36+00:00\" \/>\n\t\t<meta property=\"article:modified_time\" content=\"2026-04-30T13:43:52+00:00\" \/>\n\t\t<meta name=\"twitter:card\" content=\"summary_large_image\" \/>\n\t\t<meta name=\"twitter:title\" content=\"Golfhandtuch bedrucken schnelltrocknend R-PET 30x30 cm\" \/>\n\t\t<meta name=\"twitter:description\" content=\"Halte Schl\u00e4ger und H\u00e4nde schnell trocken: Das 30x30 cm Tuch aus recyceltem R-PET trocknet rasch und h\u00e4ngt dank Metallhaken griffbereit an der Golftasche. Bei Hidalgo kannst du dein Golfhandtuch bedrucken - als Golf Handtuch mit Logo f\u00fcr Events, Teams oder Firmen.\" \/>\n\t\t<meta name=\"twitter:image\" content=\"https:\/\/shop.hidalgo.nl\/wp-content\/uploads\/2025\/11\/cropped-Hidalgo-est1993.png\" \/>\n\t\t<script type=\"application\/ld+json\" class=\"aioseo-schema\">\n\t\t\t{\"@context\":\"https:\\\/\\\/schema.org\",\"@graph\":[{\"@type\":\"BreadcrumbList\",\"@id\":\"https:\\\/\\\/hidalgo.nl\\\/de\\\/product\\\/153615\\\/golfhandtuch-bedrucken-schnelltrocknend-r-pet-30x30-cm\\\/#breadcrumblist\",\"itemListElement\":[{\"@type\":\"ListItem\",\"@id\":\"https:\\\/\\\/hidalgo.nl\\\/de\\\/#listItem\",\"position\":1,\"name\":\"Home\",\"item\":\"https:\\\/\\\/hidalgo.nl\\\/de\\\/\",\"nextItem\":{\"@type\":\"ListItem\",\"@id\":\"https:\\\/\\\/hidalgo.nl\\\/example\\\/#listItem\",\"name\":\"example\"}},{\"@type\":\"ListItem\",\"@id\":\"https:\\\/\\\/hidalgo.nl\\\/example\\\/#listItem\",\"position\":2,\"name\":\"example\",\"item\":\"https:\\\/\\\/hidalgo.nl\\\/example\\\/\",\"nextItem\":{\"@type\":\"ListItem\",\"@id\":\"https:\\\/\\\/hidalgo.nl\\\/en\\\/product-supplier\\\/a53\\\/#listItem\",\"name\":\"A53\"},\"previousItem\":{\"@type\":\"ListItem\",\"@id\":\"https:\\\/\\\/hidalgo.nl\\\/de\\\/#listItem\",\"name\":\"Home\"}},{\"@type\":\"ListItem\",\"@id\":\"https:\\\/\\\/hidalgo.nl\\\/en\\\/product-supplier\\\/a53\\\/#listItem\",\"position\":3,\"name\":\"A53\",\"item\":\"https:\\\/\\\/hidalgo.nl\\\/en\\\/product-supplier\\\/a53\\\/\",\"nextItem\":{\"@type\":\"ListItem\",\"@id\":\"https:\\\/\\\/hidalgo.nl\\\/de\\\/product\\\/153615\\\/golfhandtuch-bedrucken-schnelltrocknend-r-pet-30x30-cm\\\/#listItem\",\"name\":\"Sneldrogende golfhanddoek met haak R-PET 30 x 30 cm sublimatie\"},\"previousItem\":{\"@type\":\"ListItem\",\"@id\":\"https:\\\/\\\/hidalgo.nl\\\/example\\\/#listItem\",\"name\":\"example\"}},{\"@type\":\"ListItem\",\"@id\":\"https:\\\/\\\/hidalgo.nl\\\/de\\\/product\\\/153615\\\/golfhandtuch-bedrucken-schnelltrocknend-r-pet-30x30-cm\\\/#listItem\",\"position\":4,\"name\":\"Sneldrogende golfhanddoek met haak R-PET 30 x 30 cm sublimatie\",\"previousItem\":{\"@type\":\"ListItem\",\"@id\":\"https:\\\/\\\/hidalgo.nl\\\/en\\\/product-supplier\\\/a53\\\/#listItem\",\"name\":\"A53\"}}]},{\"@type\":\"Organization\",\"@id\":\"https:\\\/\\\/hidalgo.nl\\\/de\\\/#organization\",\"name\":\"Hidalgo\",\"url\":\"https:\\\/\\\/hidalgo.nl\\\/de\\\/\",\"logo\":{\"@type\":\"ImageObject\",\"url\":\"https:\\\/\\\/shop.hidalgo.nl\\\/wp-content\\\/uploads\\\/2025\\\/11\\\/cropped-Hidalgo-est1993.png\",\"@id\":\"https:\\\/\\\/hidalgo.nl\\\/de\\\/product\\\/153615\\\/golfhandtuch-bedrucken-schnelltrocknend-r-pet-30x30-cm\\\/#organizationLogo\",\"width\":585,\"height\":195},\"image\":{\"@id\":\"https:\\\/\\\/hidalgo.nl\\\/de\\\/product\\\/153615\\\/golfhandtuch-bedrucken-schnelltrocknend-r-pet-30x30-cm\\\/#organizationLogo\"}},{\"@type\":\"ProductGroup\",\"@id\":\"https:\\\/\\\/hidalgo.nl\\\/de\\\/product\\\/153615\\\/golfhandtuch-bedrucken-schnelltrocknend-r-pet-30x30-cm\\\/#wooCommerceProduct\",\"name\":\"Golfhandtuch bedrucken schnelltrocknend R-PET 30x30 cm\",\"url\":\"https:\\\/\\\/hidalgo.nl\\\/de\\\/product\\\/153615\\\/golfhandtuch-bedrucken-schnelltrocknend-r-pet-30x30-cm\\\/\",\"sku\":\"A53-LT95006\",\"image\":{\"@type\":\"ImageObject\",\"url\":\"https:\\\/\\\/shop.hidalgo.nl\\\/wp-content\\\/uploads\\\/2025\\\/05\\\/f316eb6b310f173f8d69a00683d7f3c8425e09c0f71be2c141945547a370af30.jpg\",\"@id\":\"https:\\\/\\\/hidalgo.nl\\\/de\\\/product\\\/153615\\\/golfhandtuch-bedrucken-schnelltrocknend-r-pet-30x30-cm\\\/#productImage\",\"width\":1000,\"height\":1000},\"productGroupID\":153615,\"hasVariant\":[{\"@type\":\"Product\",\"@id\":\"https:\\\/\\\/hidalgo.nl\\\/de\\\/product\\\/153615\\\/golfhandtuch-bedrucken-schnelltrocknend-r-pet-30x30-cm\\\/#wooCommerceProduct\",\"name\":\"Sneldrogende golfhanddoek met haak R-PET 30 x 30 cm sublimatie - grijs\",\"url\":\"https:\\\/\\\/hidalgo.nl\\\/de\\\/product\\\/153615\\\/golfhandtuch-bedrucken-schnelltrocknend-r-pet-30x30-cm\\\/\",\"sku\":\"A53-LT95006-N0161\",\"image\":{\"@type\":\"ImageObject\",\"url\":\"https:\\\/\\\/shop.hidalgo.nl\\\/wp-content\\\/uploads\\\/2025\\\/05\\\/07c103ae6982492d8a66fd51dbb4484a72a0d4f6d0f70189fd902dd181584f5e.jpg\",\"@id\":\"https:\\\/\\\/hidalgo.nl\\\/de\\\/product\\\/153615\\\/golfhandtuch-bedrucken-schnelltrocknend-r-pet-30x30-cm\\\/#productImage\",\"width\":1000,\"height\":1000},\"offers\":{\"@type\":\"Offer\",\"url\":\"https:\\\/\\\/hidalgo.nl\\\/de\\\/product\\\/153615\\\/golfhandtuch-bedrucken-schnelltrocknend-r-pet-30x30-cm\\\/#wooCommerceOffer\",\"price\":\"1.845\",\"priceCurrency\":\"EUR\",\"category\":\"Handdoeken\",\"availability\":\"https:\\\/\\\/schema.org\\\/InStock\",\"priceSpecification\":{\"@type\":\"PriceSpecification\",\"price\":1.845,\"priceCurrency\":\"EUR\",\"valueAddedTaxIncluded\":\"true\"}}}]},{\"@type\":\"WebPage\",\"@id\":\"https:\\\/\\\/hidalgo.nl\\\/de\\\/product\\\/153615\\\/golfhandtuch-bedrucken-schnelltrocknend-r-pet-30x30-cm\\\/#webpage\",\"url\":\"https:\\\/\\\/hidalgo.nl\\\/de\\\/product\\\/153615\\\/golfhandtuch-bedrucken-schnelltrocknend-r-pet-30x30-cm\\\/\",\"name\":\"Golfhandtuch bedrucken schnelltrocknend R-PET 30x30 cm\",\"description\":\"Halte Schl\\u00e4ger und H\\u00e4nde schnell trocken: Das 30x30 cm Tuch aus recyceltem R-PET trocknet rasch und h\\u00e4ngt dank Metallhaken griffbereit an der Golftasche. Bei Hidalgo kannst du dein Golfhandtuch bedrucken - als Golf Handtuch mit Logo f\\u00fcr Events, Teams oder Firmen.\",\"inLanguage\":\"de-DE\",\"isPartOf\":{\"@id\":\"https:\\\/\\\/hidalgo.nl\\\/de\\\/#website\"},\"breadcrumb\":{\"@id\":\"https:\\\/\\\/hidalgo.nl\\\/de\\\/product\\\/153615\\\/golfhandtuch-bedrucken-schnelltrocknend-r-pet-30x30-cm\\\/#breadcrumblist\"},\"image\":{\"@type\":\"ImageObject\",\"url\":\"https:\\\/\\\/shop.hidalgo.nl\\\/wp-content\\\/uploads\\\/2025\\\/05\\\/f316eb6b310f173f8d69a00683d7f3c8425e09c0f71be2c141945547a370af30.jpg\",\"@id\":\"https:\\\/\\\/hidalgo.nl\\\/de\\\/product\\\/153615\\\/golfhandtuch-bedrucken-schnelltrocknend-r-pet-30x30-cm\\\/#mainImage\",\"width\":1000,\"height\":1000},\"primaryImageOfPage\":{\"@id\":\"https:\\\/\\\/hidalgo.nl\\\/de\\\/product\\\/153615\\\/golfhandtuch-bedrucken-schnelltrocknend-r-pet-30x30-cm\\\/#mainImage\"},\"datePublished\":\"2025-07-09T18:46:36+00:00\",\"dateModified\":\"2026-04-30T13:43:52+00:00\"},{\"@type\":\"WebSite\",\"@id\":\"https:\\\/\\\/hidalgo.nl\\\/de\\\/#website\",\"url\":\"https:\\\/\\\/hidalgo.nl\\\/de\\\/\",\"name\":\"Hidalgo\",\"inLanguage\":\"de-DE\",\"publisher\":{\"@id\":\"https:\\\/\\\/hidalgo.nl\\\/de\\\/#organization\"}}]}\n\t\t<\/script>\n\t\t<!-- All in One SEO Pro -->\r\n\t\t<title>Golfhandtuch bedrucken schnelltrocknend R-PET 30x30 cm<\/title>\n\n","aioseo_head_json":{"title":"Golfhandtuch bedrucken schnelltrocknend R-PET 30x30 cm","description":"Halte Schl\u00e4ger und H\u00e4nde schnell trocken: Das 30x30 cm Tuch aus recyceltem R-PET trocknet rasch und h\u00e4ngt dank Metallhaken griffbereit an der Golftasche. Bei Hidalgo kannst du dein Golfhandtuch bedrucken - als Golf Handtuch mit Logo f\u00fcr Events, Teams oder Firmen.","canonical_url":"https:\/\/hidalgo.nl\/de\/wp-json\/wp\/v2\/product\/153615","robots":"max-image-preview:large","keywords":"","webmasterTools":{"miscellaneous":""},"schema":{"@context":"https:\/\/schema.org","@graph":[{"@type":"BreadcrumbList","@id":"https:\/\/hidalgo.nl\/de\/product\/153615\/golfhandtuch-bedrucken-schnelltrocknend-r-pet-30x30-cm\/#breadcrumblist","itemListElement":[{"@type":"ListItem","@id":"https:\/\/hidalgo.nl\/de\/#listItem","position":1,"name":"Home","item":"https:\/\/hidalgo.nl\/de\/","nextItem":{"@type":"ListItem","@id":"https:\/\/hidalgo.nl\/example\/#listItem","name":"example"}},{"@type":"ListItem","@id":"https:\/\/hidalgo.nl\/example\/#listItem","position":2,"name":"example","item":"https:\/\/hidalgo.nl\/example\/","nextItem":{"@type":"ListItem","@id":"https:\/\/hidalgo.nl\/en\/product-supplier\/a53\/#listItem","name":"A53"},"previousItem":{"@type":"ListItem","@id":"https:\/\/hidalgo.nl\/de\/#listItem","name":"Home"}},{"@type":"ListItem","@id":"https:\/\/hidalgo.nl\/en\/product-supplier\/a53\/#listItem","position":3,"name":"A53","item":"https:\/\/hidalgo.nl\/en\/product-supplier\/a53\/","nextItem":{"@type":"ListItem","@id":"https:\/\/hidalgo.nl\/de\/product\/153615\/golfhandtuch-bedrucken-schnelltrocknend-r-pet-30x30-cm\/#listItem","name":"Sneldrogende golfhanddoek met haak R-PET 30 x 30 cm sublimatie"},"previousItem":{"@type":"ListItem","@id":"https:\/\/hidalgo.nl\/example\/#listItem","name":"example"}},{"@type":"ListItem","@id":"https:\/\/hidalgo.nl\/de\/product\/153615\/golfhandtuch-bedrucken-schnelltrocknend-r-pet-30x30-cm\/#listItem","position":4,"name":"Sneldrogende golfhanddoek met haak R-PET 30 x 30 cm sublimatie","previousItem":{"@type":"ListItem","@id":"https:\/\/hidalgo.nl\/en\/product-supplier\/a53\/#listItem","name":"A53"}}]},{"@type":"Organization","@id":"https:\/\/hidalgo.nl\/de\/#organization","name":"Hidalgo","url":"https:\/\/hidalgo.nl\/de\/","logo":{"@type":"ImageObject","url":"https:\/\/shop.hidalgo.nl\/wp-content\/uploads\/2025\/11\/cropped-Hidalgo-est1993.png","@id":"https:\/\/hidalgo.nl\/de\/product\/153615\/golfhandtuch-bedrucken-schnelltrocknend-r-pet-30x30-cm\/#organizationLogo","width":585,"height":195},"image":{"@id":"https:\/\/hidalgo.nl\/de\/product\/153615\/golfhandtuch-bedrucken-schnelltrocknend-r-pet-30x30-cm\/#organizationLogo"}},{"@type":"ProductGroup","@id":"https:\/\/hidalgo.nl\/de\/product\/153615\/golfhandtuch-bedrucken-schnelltrocknend-r-pet-30x30-cm\/#wooCommerceProduct","name":"Golfhandtuch bedrucken schnelltrocknend R-PET 30x30 cm","url":"https:\/\/hidalgo.nl\/de\/product\/153615\/golfhandtuch-bedrucken-schnelltrocknend-r-pet-30x30-cm\/","sku":"A53-LT95006","image":{"@type":"ImageObject","url":"https:\/\/shop.hidalgo.nl\/wp-content\/uploads\/2025\/05\/f316eb6b310f173f8d69a00683d7f3c8425e09c0f71be2c141945547a370af30.jpg","@id":"https:\/\/hidalgo.nl\/de\/product\/153615\/golfhandtuch-bedrucken-schnelltrocknend-r-pet-30x30-cm\/#productImage","width":1000,"height":1000},"productGroupID":153615,"hasVariant":[{"@type":"Product","@id":"https:\/\/hidalgo.nl\/de\/product\/153615\/golfhandtuch-bedrucken-schnelltrocknend-r-pet-30x30-cm\/#wooCommerceProduct","name":"Sneldrogende golfhanddoek met haak R-PET 30 x 30 cm sublimatie - grijs","url":"https:\/\/hidalgo.nl\/de\/product\/153615\/golfhandtuch-bedrucken-schnelltrocknend-r-pet-30x30-cm\/","sku":"A53-LT95006-N0161","image":{"@type":"ImageObject","url":"https:\/\/shop.hidalgo.nl\/wp-content\/uploads\/2025\/05\/07c103ae6982492d8a66fd51dbb4484a72a0d4f6d0f70189fd902dd181584f5e.jpg","@id":"https:\/\/hidalgo.nl\/de\/product\/153615\/golfhandtuch-bedrucken-schnelltrocknend-r-pet-30x30-cm\/#productImage","width":1000,"height":1000},"offers":{"@type":"Offer","url":"https:\/\/hidalgo.nl\/de\/product\/153615\/golfhandtuch-bedrucken-schnelltrocknend-r-pet-30x30-cm\/#wooCommerceOffer","price":"1.845","priceCurrency":"EUR","category":"Handdoeken","availability":"https:\/\/schema.org\/InStock","priceSpecification":{"@type":"PriceSpecification","price":1.845,"priceCurrency":"EUR","valueAddedTaxIncluded":"true"}}}]},{"@type":"WebPage","@id":"https:\/\/hidalgo.nl\/de\/product\/153615\/golfhandtuch-bedrucken-schnelltrocknend-r-pet-30x30-cm\/#webpage","url":"https:\/\/hidalgo.nl\/de\/product\/153615\/golfhandtuch-bedrucken-schnelltrocknend-r-pet-30x30-cm\/","name":"Golfhandtuch bedrucken schnelltrocknend R-PET 30x30 cm","description":"Halte Schl\u00e4ger und H\u00e4nde schnell trocken: Das 30x30 cm Tuch aus recyceltem R-PET trocknet rasch und h\u00e4ngt dank Metallhaken griffbereit an der Golftasche. Bei Hidalgo kannst du dein Golfhandtuch bedrucken - als Golf Handtuch mit Logo f\u00fcr Events, Teams oder Firmen.","inLanguage":"de-DE","isPartOf":{"@id":"https:\/\/hidalgo.nl\/de\/#website"},"breadcrumb":{"@id":"https:\/\/hidalgo.nl\/de\/product\/153615\/golfhandtuch-bedrucken-schnelltrocknend-r-pet-30x30-cm\/#breadcrumblist"},"image":{"@type":"ImageObject","url":"https:\/\/shop.hidalgo.nl\/wp-content\/uploads\/2025\/05\/f316eb6b310f173f8d69a00683d7f3c8425e09c0f71be2c141945547a370af30.jpg","@id":"https:\/\/hidalgo.nl\/de\/product\/153615\/golfhandtuch-bedrucken-schnelltrocknend-r-pet-30x30-cm\/#mainImage","width":1000,"height":1000},"primaryImageOfPage":{"@id":"https:\/\/hidalgo.nl\/de\/product\/153615\/golfhandtuch-bedrucken-schnelltrocknend-r-pet-30x30-cm\/#mainImage"},"datePublished":"2025-07-09T18:46:36+00:00","dateModified":"2026-04-30T13:43:52+00:00"},{"@type":"WebSite","@id":"https:\/\/hidalgo.nl\/de\/#website","url":"https:\/\/hidalgo.nl\/de\/","name":"Hidalgo","inLanguage":"de-DE","publisher":{"@id":"https:\/\/hidalgo.nl\/de\/#organization"}}]},"og:locale":"de_DE","og:site_name":"Hidalgo -","og:type":"article","og:title":"Golfhandtuch bedrucken schnelltrocknend R-PET 30x30 cm","og:description":"Halte Schl\u00e4ger und H\u00e4nde schnell trocken: Das 30x30 cm Tuch aus recyceltem R-PET trocknet rasch und h\u00e4ngt dank Metallhaken griffbereit an der Golftasche. Bei Hidalgo kannst du dein Golfhandtuch bedrucken - als Golf Handtuch mit Logo f\u00fcr Events, Teams oder Firmen.","og:url":"https:\/\/hidalgo.nl\/de\/wp-json\/wp\/v2\/product\/153615","og:image":"https:\/\/shop.hidalgo.nl\/wp-content\/uploads\/2025\/11\/cropped-Hidalgo-est1993.png","og:image:secure_url":"https:\/\/shop.hidalgo.nl\/wp-content\/uploads\/2025\/11\/cropped-Hidalgo-est1993.png","article:published_time":"2025-07-09T18:46:36+00:00","article:modified_time":"2026-04-30T13:43:52+00:00","twitter:card":"summary_large_image","twitter:title":"Golfhandtuch bedrucken schnelltrocknend R-PET 30x30 cm","twitter:description":"Halte Schl\u00e4ger und H\u00e4nde schnell trocken: Das 30x30 cm Tuch aus recyceltem R-PET trocknet rasch und h\u00e4ngt dank Metallhaken griffbereit an der Golftasche. Bei Hidalgo kannst du dein Golfhandtuch bedrucken - als Golf Handtuch mit Logo f\u00fcr Events, Teams oder Firmen.","twitter:image":"https:\/\/shop.hidalgo.nl\/wp-content\/uploads\/2025\/11\/cropped-Hidalgo-est1993.png"},"aioseo_meta_data":{"post_id":"153615","title":null,"description":null,"keywords":null,"keyphrases":null,"primary_term":null,"canonical_url":null,"og_title":null,"og_description":null,"og_object_type":"default","og_image_type":"default","og_image_url":null,"og_image_width":null,"og_image_height":null,"og_image_custom_url":null,"og_image_custom_fields":null,"og_video":null,"og_custom_url":null,"og_article_section":null,"og_article_tags":null,"twitter_use_og":false,"twitter_card":"default","twitter_image_type":"default","twitter_image_url":null,"twitter_image_custom_url":null,"twitter_image_custom_fields":null,"twitter_title":null,"twitter_description":null,"schema":{"blockGraphs":[],"customGraphs":[],"default":{"data":{"Article":[],"Course":[],"Dataset":[],"FAQPage":[],"Movie":[],"Person":[],"Product":[],"ProductReview":[],"Car":[],"Recipe":[],"Service":[],"SoftwareApplication":[],"WebPage":[]},"graphName":"","isEnabled":true},"graphs":[]},"schema_type":"default","schema_type_options":null,"pillar_content":false,"robots_default":true,"robots_noindex":false,"robots_noarchive":false,"robots_nosnippet":false,"robots_nofollow":false,"robots_noimageindex":false,"robots_noodp":false,"robots_notranslate":false,"robots_max_snippet":null,"robots_max_videopreview":null,"robots_max_imagepreview":"large","priority":null,"frequency":null,"local_seo":null,"seo_analyzer_scan_date":"2026-02-02 18:06:42","breadcrumb_settings":null,"limit_modified_date":false,"reviewed_by":null,"open_ai":null,"ai":null,"created":"2026-01-14 07:02:58","updated":"2026-04-30 14:02:01"},"aioseo_breadcrumb":"<div class=\"aioseo-breadcrumbs\"><span class=\"aioseo-breadcrumb\">\n\t<a href=\"https:\/\/hidalgo.nl\/de\/\" title=\"Home\">Home<\/a>\n<\/span><span class=\"aioseo-breadcrumb-separator\">\u00bb<\/span><span class=\"aioseo-breadcrumb\">\n\t<a href=\"https:\/\/hidalgo.nl\/example\/\" title=\"example\">example<\/a>\n<\/span><span class=\"aioseo-breadcrumb-separator\">\u00bb<\/span><span class=\"aioseo-breadcrumb\">\n\t<a href=\"https:\/\/hidalgo.nl\/en\/product-supplier\/a53\/\" title=\"A53\">A53<\/a>\n<\/span><span class=\"aioseo-breadcrumb-separator\">\u00bb<\/span><span class=\"aioseo-breadcrumb\">\n\tSneldrogende golfhanddoek met haak R-PET 30 x 30 cm sublimatie\n<\/span><\/div>","aioseo_breadcrumb_json":[{"label":"Home","link":"https:\/\/hidalgo.nl\/de\/"},{"label":"example","link":"https:\/\/hidalgo.nl\/example\/"},{"label":"A53","link":"https:\/\/hidalgo.nl\/en\/product-supplier\/a53\/"},{"label":"Sneldrogende golfhanddoek met haak R-PET 30 x 30 cm sublimatie","link":"https:\/\/hidalgo.nl\/de\/product\/153615\/golfhandtuch-bedrucken-schnelltrocknend-r-pet-30x30-cm\/"}],"_links":{"self":[{"href":"https:\/\/hidalgo.nl\/de\/wp-json\/wp\/v2\/product\/153615","targetHints":{"allow":["GET"]}}],"collection":[{"href":"https:\/\/hidalgo.nl\/de\/wp-json\/wp\/v2\/product"}],"about":[{"href":"https:\/\/hidalgo.nl\/de\/wp-json\/wp\/v2\/types\/product"}],"wp:featuredmedia":[{"embeddable":true,"href":"https:\/\/hidalgo.nl\/de\/wp-json\/wp\/v2\/media\/153616"}],"wp:attachment":[{"href":"https:\/\/hidalgo.nl\/de\/wp-json\/wp\/v2\/media?parent=153615"}],"wp:term":[{"taxonomy":"product_brand","embeddable":true,"href":"https:\/\/hidalgo.nl\/de\/wp-json\/wp\/v2\/product_brand?post=153615"},{"taxonomy":"product_cat","embeddable":true,"href":"https:\/\/hidalgo.nl\/de\/wp-json\/wp\/v2\/product_cat?post=153615"},{"taxonomy":"product_tag","embeddable":true,"href":"https:\/\/hidalgo.nl\/de\/wp-json\/wp\/v2\/product_tag?post=153615"}],"curies":[{"name":"wp","href":"https:\/\/api.w.org\/{rel}","templated":true}]}}