{"id":153479,"date":"2025-07-09T18:40:45","date_gmt":"2025-07-09T18:40:45","guid":{"rendered":"http:\/\/bidonsenshakers.pim.hidalgo.nl\/product\/vogelhuisje-bouwpakket\/"},"modified":"2026-04-30T13:31:29","modified_gmt":"2026-04-30T13:31:29","slug":"vogelhuisje-bouwpakket","status":"publish","type":"product","link":"https:\/\/hidalgo.nl\/de\/product\/153479\/vogelhaus-bausatz-bedrucken-mdf-einfache-montage-7-teilig\/","title":{"rendered":"Vogelhuisje bouwpakket"},"content":{"rendered":"<p>Bouw je eigen vogelhuisje. Dit 7-delige bouwpakket vogelhuisje kan opgezet worden zonder gereedschap. Het is gemaakt van MDF hout en wordt in een geschenkverpakking geleverd inclusief instructies.<\/p>\n","protected":false},"excerpt":{"rendered":"<p>Bouw je eigen vogelhuisje. Dit 7-delige bouwpakket vogelhuisje kan opgezet worden zonder gereedschap. Het is gemaakt van MDF hout en wordt in een geschenkverpakking geleverd inclusief instructies.<\/p>\n","protected":false},"featured_media":153480,"template":"","meta":{"_acf_changed":false,"om_disable_all_campaigns":false,"_monsterinsights_skip_tracking":false,"_monsterinsights_sitenote_active":false,"_monsterinsights_sitenote_note":"","_monsterinsights_sitenote_category":0},"product_brand":[],"product_cat":[4719,4728,4729],"product_tag":[],"class_list":{"0":"post-153479","1":"product","2":"type-product","3":"status-publish","4":"has-post-thumbnail","6":"product_supplier-a53","7":"product_cat-promotionele-artikelen","8":"product_cat-promotionele-artikelen-thuis-keuken-en-tuin","9":"product_cat-tuin","10":"entry","12":"first","13":"instock","14":"taxable","15":"shipping-taxable","16":"purchasable","17":"product-type-variable"},"acf":{"imprint_cost":[{"imprint_cost_key":"a602455bc3a24d04af41f1c85af571ca43a24259","product_quantity_price_range":[{"imprint_cost_recommended_selling_price":"1.7625","imprint_cost_recommended_selling_quantity":"1"},{"imprint_cost_recommended_selling_price":"1.5","imprint_cost_recommended_selling_quantity":"10"},{"imprint_cost_recommended_selling_price":"1.3425","imprint_cost_recommended_selling_quantity":"25"},{"imprint_cost_recommended_selling_price":"1.1625","imprint_cost_recommended_selling_quantity":"50"},{"imprint_cost_recommended_selling_price":"1.0875","imprint_cost_recommended_selling_quantity":"100"},{"imprint_cost_recommended_selling_price":"1.0425","imprint_cost_recommended_selling_quantity":"250"},{"imprint_cost_recommended_selling_price":"1.005","imprint_cost_recommended_selling_quantity":"500"},{"imprint_cost_recommended_selling_price":"0.96","imprint_cost_recommended_selling_quantity":"1000"},{"imprint_cost_recommended_selling_price":"0.915","imprint_cost_recommended_selling_quantity":"2500"},{"imprint_cost_recommended_selling_price":"0.87","imprint_cost_recommended_selling_quantity":"5000"},{"imprint_cost_recommended_selling_price":"0.8175","imprint_cost_recommended_selling_quantity":"10000"}],"product_quantity_price_range_buying":[{"imprint_cost_general_buying_price":"1.175","imprint_cost_general_buying_quantity":"1"},{"imprint_cost_general_buying_price":"1","imprint_cost_general_buying_quantity":"10"},{"imprint_cost_general_buying_price":"0.895","imprint_cost_general_buying_quantity":"25"},{"imprint_cost_general_buying_price":"0.775","imprint_cost_general_buying_quantity":"50"},{"imprint_cost_general_buying_price":"0.725","imprint_cost_general_buying_quantity":"100"},{"imprint_cost_general_buying_price":"0.695","imprint_cost_general_buying_quantity":"250"},{"imprint_cost_general_buying_price":"0.67","imprint_cost_general_buying_quantity":"500"},{"imprint_cost_general_buying_price":"0.64","imprint_cost_general_buying_quantity":"1000"},{"imprint_cost_general_buying_price":"0.61","imprint_cost_general_buying_quantity":"2500"},{"imprint_cost_general_buying_price":"0.58","imprint_cost_general_buying_quantity":"5000"},{"imprint_cost_general_buying_price":"0.545","imprint_cost_general_buying_quantity":"10000"}],"imprint_cost_setup_costs":"54","imprint_cost_handling_costs":"0.12"},{"imprint_cost_key":"8755897d06fc1d402d3114bb9ff62916bb8bb6ef","product_quantity_price_range":[{"imprint_cost_recommended_selling_price":"1.605","imprint_cost_recommended_selling_quantity":"1"},{"imprint_cost_recommended_selling_price":"1.3575","imprint_cost_recommended_selling_quantity":"10"},{"imprint_cost_recommended_selling_price":"0.87","imprint_cost_recommended_selling_quantity":"25"},{"imprint_cost_recommended_selling_price":"0.69","imprint_cost_recommended_selling_quantity":"50"},{"imprint_cost_recommended_selling_price":"0.615","imprint_cost_recommended_selling_quantity":"100"},{"imprint_cost_recommended_selling_price":"0.5325","imprint_cost_recommended_selling_quantity":"250"},{"imprint_cost_recommended_selling_price":"0.4575","imprint_cost_recommended_selling_quantity":"500"},{"imprint_cost_recommended_selling_price":"0.375","imprint_cost_recommended_selling_quantity":"1000"},{"imprint_cost_recommended_selling_price":"0.36","imprint_cost_recommended_selling_quantity":"2500"},{"imprint_cost_recommended_selling_price":"0.345","imprint_cost_recommended_selling_quantity":"5000"},{"imprint_cost_recommended_selling_price":"0.33","imprint_cost_recommended_selling_quantity":"10000"}],"product_quantity_price_range_buying":[{"imprint_cost_general_buying_price":"1.07","imprint_cost_general_buying_quantity":"1"},{"imprint_cost_general_buying_price":"0.905","imprint_cost_general_buying_quantity":"10"},{"imprint_cost_general_buying_price":"0.58","imprint_cost_general_buying_quantity":"25"},{"imprint_cost_general_buying_price":"0.46","imprint_cost_general_buying_quantity":"50"},{"imprint_cost_general_buying_price":"0.41","imprint_cost_general_buying_quantity":"100"},{"imprint_cost_general_buying_price":"0.355","imprint_cost_general_buying_quantity":"250"},{"imprint_cost_general_buying_price":"0.305","imprint_cost_general_buying_quantity":"500"},{"imprint_cost_general_buying_price":"0.25","imprint_cost_general_buying_quantity":"1000"},{"imprint_cost_general_buying_price":"0.24","imprint_cost_general_buying_quantity":"2500"},{"imprint_cost_general_buying_price":"0.23","imprint_cost_general_buying_quantity":"5000"},{"imprint_cost_general_buying_price":"0.22","imprint_cost_general_buying_quantity":"10000"}],"imprint_cost_setup_costs":"54","imprint_cost_handling_costs":"0.12"}]},"aioseo_notices":[],"aioseo_head":"\n\t\t<!-- All in One SEO Pro 4.9.6.2 - aioseo.com -->\n\t<meta name=\"description\" content=\"Stecke in Minuten ein stabiles Vogelheim zusammen: Dieser Vogelhaus-Bausatz aus MDF kommt mit klarer Anleitung und ben\u00f6tigt kein Werkzeug. F\u00fcr Aktionen &amp; Vereine: Bei Hidalgo kannst du dein Vogelh\u00e4uschen mit Logo bedrucken - ideal f\u00fcr 20-40.\" \/>\n\t<meta name=\"robots\" content=\"max-image-preview:large\" \/>\n\t<link rel=\"canonical\" href=\"https:\/\/hidalgo.nl\/de\/wp-json\/wp\/v2\/product\/153479\" \/>\n\t<meta name=\"generator\" content=\"All in One SEO Pro (AIOSEO) 4.9.6.2\" \/>\n\t\t<meta property=\"og:locale\" content=\"de_DE\" \/>\n\t\t<meta property=\"og:site_name\" content=\"Hidalgo -\" \/>\n\t\t<meta property=\"og:type\" content=\"article\" \/>\n\t\t<meta property=\"og:title\" content=\"Vogelhaus-Bausatz bedrucken MDF einfache Montage 7-teilig\" \/>\n\t\t<meta property=\"og:description\" content=\"Stecke in Minuten ein stabiles Vogelheim zusammen: Dieser Vogelhaus-Bausatz aus MDF kommt mit klarer Anleitung und ben\u00f6tigt kein Werkzeug. F\u00fcr Aktionen &amp; Vereine: Bei Hidalgo kannst du dein Vogelh\u00e4uschen mit Logo bedrucken - ideal f\u00fcr 20-40.\" \/>\n\t\t<meta property=\"og:url\" content=\"https:\/\/hidalgo.nl\/de\/wp-json\/wp\/v2\/product\/153479\" \/>\n\t\t<meta property=\"og:image\" content=\"https:\/\/shop.hidalgo.nl\/wp-content\/uploads\/2025\/11\/cropped-Hidalgo-est1993.png\" \/>\n\t\t<meta property=\"og:image:secure_url\" content=\"https:\/\/shop.hidalgo.nl\/wp-content\/uploads\/2025\/11\/cropped-Hidalgo-est1993.png\" \/>\n\t\t<meta property=\"article:published_time\" content=\"2025-07-09T18:40:45+00:00\" \/>\n\t\t<meta property=\"article:modified_time\" content=\"2026-04-30T13:31:29+00:00\" \/>\n\t\t<meta name=\"twitter:card\" content=\"summary_large_image\" \/>\n\t\t<meta name=\"twitter:title\" content=\"Vogelhaus-Bausatz bedrucken MDF einfache Montage 7-teilig\" \/>\n\t\t<meta name=\"twitter:description\" content=\"Stecke in Minuten ein stabiles Vogelheim zusammen: Dieser Vogelhaus-Bausatz aus MDF kommt mit klarer Anleitung und ben\u00f6tigt kein Werkzeug. F\u00fcr Aktionen &amp; Vereine: Bei Hidalgo kannst du dein Vogelh\u00e4uschen mit Logo bedrucken - ideal f\u00fcr 20-40.\" \/>\n\t\t<meta name=\"twitter:image\" content=\"https:\/\/shop.hidalgo.nl\/wp-content\/uploads\/2025\/11\/cropped-Hidalgo-est1993.png\" \/>\n\t\t<script type=\"application\/ld+json\" class=\"aioseo-schema\">\n\t\t\t{\"@context\":\"https:\\\/\\\/schema.org\",\"@graph\":[{\"@type\":\"BreadcrumbList\",\"@id\":\"https:\\\/\\\/hidalgo.nl\\\/de\\\/product\\\/153479\\\/vogelhaus-bausatz-bedrucken-mdf-einfache-montage-7-teilig\\\/#breadcrumblist\",\"itemListElement\":[{\"@type\":\"ListItem\",\"@id\":\"https:\\\/\\\/hidalgo.nl\\\/de\\\/#listItem\",\"position\":1,\"name\":\"Home\",\"item\":\"https:\\\/\\\/hidalgo.nl\\\/de\\\/\",\"nextItem\":{\"@type\":\"ListItem\",\"@id\":\"https:\\\/\\\/hidalgo.nl\\\/example\\\/#listItem\",\"name\":\"example\"}},{\"@type\":\"ListItem\",\"@id\":\"https:\\\/\\\/hidalgo.nl\\\/example\\\/#listItem\",\"position\":2,\"name\":\"example\",\"item\":\"https:\\\/\\\/hidalgo.nl\\\/example\\\/\",\"nextItem\":{\"@type\":\"ListItem\",\"@id\":\"https:\\\/\\\/hidalgo.nl\\\/en\\\/product-supplier\\\/a53\\\/#listItem\",\"name\":\"A53\"},\"previousItem\":{\"@type\":\"ListItem\",\"@id\":\"https:\\\/\\\/hidalgo.nl\\\/de\\\/#listItem\",\"name\":\"Home\"}},{\"@type\":\"ListItem\",\"@id\":\"https:\\\/\\\/hidalgo.nl\\\/en\\\/product-supplier\\\/a53\\\/#listItem\",\"position\":3,\"name\":\"A53\",\"item\":\"https:\\\/\\\/hidalgo.nl\\\/en\\\/product-supplier\\\/a53\\\/\",\"nextItem\":{\"@type\":\"ListItem\",\"@id\":\"https:\\\/\\\/hidalgo.nl\\\/de\\\/product\\\/153479\\\/vogelhaus-bausatz-bedrucken-mdf-einfache-montage-7-teilig\\\/#listItem\",\"name\":\"Vogelhuisje bouwpakket\"},\"previousItem\":{\"@type\":\"ListItem\",\"@id\":\"https:\\\/\\\/hidalgo.nl\\\/example\\\/#listItem\",\"name\":\"example\"}},{\"@type\":\"ListItem\",\"@id\":\"https:\\\/\\\/hidalgo.nl\\\/de\\\/product\\\/153479\\\/vogelhaus-bausatz-bedrucken-mdf-einfache-montage-7-teilig\\\/#listItem\",\"position\":4,\"name\":\"Vogelhuisje bouwpakket\",\"previousItem\":{\"@type\":\"ListItem\",\"@id\":\"https:\\\/\\\/hidalgo.nl\\\/en\\\/product-supplier\\\/a53\\\/#listItem\",\"name\":\"A53\"}}]},{\"@type\":\"Organization\",\"@id\":\"https:\\\/\\\/hidalgo.nl\\\/de\\\/#organization\",\"name\":\"Hidalgo\",\"url\":\"https:\\\/\\\/hidalgo.nl\\\/de\\\/\",\"logo\":{\"@type\":\"ImageObject\",\"url\":\"https:\\\/\\\/shop.hidalgo.nl\\\/wp-content\\\/uploads\\\/2025\\\/11\\\/cropped-Hidalgo-est1993.png\",\"@id\":\"https:\\\/\\\/hidalgo.nl\\\/de\\\/product\\\/153479\\\/vogelhaus-bausatz-bedrucken-mdf-einfache-montage-7-teilig\\\/#organizationLogo\",\"width\":585,\"height\":195},\"image\":{\"@id\":\"https:\\\/\\\/hidalgo.nl\\\/de\\\/product\\\/153479\\\/vogelhaus-bausatz-bedrucken-mdf-einfache-montage-7-teilig\\\/#organizationLogo\"}},{\"@type\":\"ProductGroup\",\"@id\":\"https:\\\/\\\/hidalgo.nl\\\/de\\\/product\\\/153479\\\/vogelhaus-bausatz-bedrucken-mdf-einfache-montage-7-teilig\\\/#wooCommerceProduct\",\"name\":\"Vogelhaus-Bausatz bedrucken MDF einfache Montage 7-teilig\",\"url\":\"https:\\\/\\\/hidalgo.nl\\\/de\\\/product\\\/153479\\\/vogelhaus-bausatz-bedrucken-mdf-einfache-montage-7-teilig\\\/\",\"sku\":\"A53-LT94550\",\"image\":{\"@type\":\"ImageObject\",\"url\":\"https:\\\/\\\/shop.hidalgo.nl\\\/wp-content\\\/uploads\\\/2025\\\/05\\\/df18575d5c52e95aaca8cf1f126a0afe53fd9688e9a09a725b9b826ea2f7c9d5.jpg\",\"@id\":\"https:\\\/\\\/hidalgo.nl\\\/de\\\/product\\\/153479\\\/vogelhaus-bausatz-bedrucken-mdf-einfache-montage-7-teilig\\\/#productImage\",\"width\":1000,\"height\":1000},\"productGroupID\":153479,\"hasVariant\":[{\"@type\":\"Product\",\"@id\":\"https:\\\/\\\/hidalgo.nl\\\/de\\\/product\\\/153479\\\/vogelhaus-bausatz-bedrucken-mdf-einfache-montage-7-teilig\\\/#wooCommerceProduct\",\"name\":\"Vogelhuisje bouwpakket - hout\",\"url\":\"https:\\\/\\\/hidalgo.nl\\\/de\\\/product\\\/153479\\\/vogelhaus-bausatz-bedrucken-mdf-einfache-montage-7-teilig\\\/\",\"sku\":\"A53-LT94550-N0093\",\"image\":{\"@type\":\"ImageObject\",\"url\":\"https:\\\/\\\/shop.hidalgo.nl\\\/wp-content\\\/uploads\\\/2025\\\/05\\\/1c8f79d4653a3f548b3b9bc9170cab5dbe10b466fb7453255f5211a8d31651f2.jpg\",\"@id\":\"https:\\\/\\\/hidalgo.nl\\\/de\\\/product\\\/153479\\\/vogelhaus-bausatz-bedrucken-mdf-einfache-montage-7-teilig\\\/#productImage\",\"width\":1000,\"height\":1000},\"offers\":{\"@type\":\"Offer\",\"url\":\"https:\\\/\\\/hidalgo.nl\\\/de\\\/product\\\/153479\\\/vogelhaus-bausatz-bedrucken-mdf-einfache-montage-7-teilig\\\/#wooCommerceOffer\",\"price\":\"3.3\",\"priceCurrency\":\"EUR\",\"category\":\"Promotionele Artikelen\",\"availability\":\"https:\\\/\\\/schema.org\\\/InStock\",\"priceSpecification\":{\"@type\":\"PriceSpecification\",\"price\":3.3,\"priceCurrency\":\"EUR\",\"valueAddedTaxIncluded\":\"true\"}}}]},{\"@type\":\"WebPage\",\"@id\":\"https:\\\/\\\/hidalgo.nl\\\/de\\\/product\\\/153479\\\/vogelhaus-bausatz-bedrucken-mdf-einfache-montage-7-teilig\\\/#webpage\",\"url\":\"https:\\\/\\\/hidalgo.nl\\\/de\\\/product\\\/153479\\\/vogelhaus-bausatz-bedrucken-mdf-einfache-montage-7-teilig\\\/\",\"name\":\"Vogelhaus-Bausatz bedrucken MDF einfache Montage 7-teilig\",\"description\":\"Stecke in Minuten ein stabiles Vogelheim zusammen: Dieser Vogelhaus-Bausatz aus MDF kommt mit klarer Anleitung und ben\\u00f6tigt kein Werkzeug. F\\u00fcr Aktionen & Vereine: Bei Hidalgo kannst du dein Vogelh\\u00e4uschen mit Logo bedrucken - ideal f\\u00fcr 20-40.\",\"inLanguage\":\"de-DE\",\"isPartOf\":{\"@id\":\"https:\\\/\\\/hidalgo.nl\\\/de\\\/#website\"},\"breadcrumb\":{\"@id\":\"https:\\\/\\\/hidalgo.nl\\\/de\\\/product\\\/153479\\\/vogelhaus-bausatz-bedrucken-mdf-einfache-montage-7-teilig\\\/#breadcrumblist\"},\"image\":{\"@type\":\"ImageObject\",\"url\":\"https:\\\/\\\/shop.hidalgo.nl\\\/wp-content\\\/uploads\\\/2025\\\/05\\\/df18575d5c52e95aaca8cf1f126a0afe53fd9688e9a09a725b9b826ea2f7c9d5.jpg\",\"@id\":\"https:\\\/\\\/hidalgo.nl\\\/de\\\/product\\\/153479\\\/vogelhaus-bausatz-bedrucken-mdf-einfache-montage-7-teilig\\\/#mainImage\",\"width\":1000,\"height\":1000},\"primaryImageOfPage\":{\"@id\":\"https:\\\/\\\/hidalgo.nl\\\/de\\\/product\\\/153479\\\/vogelhaus-bausatz-bedrucken-mdf-einfache-montage-7-teilig\\\/#mainImage\"},\"datePublished\":\"2025-07-09T18:40:45+00:00\",\"dateModified\":\"2026-04-30T13:31:29+00:00\"},{\"@type\":\"WebSite\",\"@id\":\"https:\\\/\\\/hidalgo.nl\\\/de\\\/#website\",\"url\":\"https:\\\/\\\/hidalgo.nl\\\/de\\\/\",\"name\":\"Hidalgo\",\"inLanguage\":\"de-DE\",\"publisher\":{\"@id\":\"https:\\\/\\\/hidalgo.nl\\\/de\\\/#organization\"}}]}\n\t\t<\/script>\n\t\t<!-- All in One SEO Pro -->\r\n\t\t<title>Vogelhaus-Bausatz bedrucken MDF einfache Montage 7-teilig<\/title>\n\n","aioseo_head_json":{"title":"Vogelhaus-Bausatz bedrucken MDF einfache Montage 7-teilig","description":"Stecke in Minuten ein stabiles Vogelheim zusammen: Dieser Vogelhaus-Bausatz aus MDF kommt mit klarer Anleitung und ben\u00f6tigt kein Werkzeug. F\u00fcr Aktionen & Vereine: Bei Hidalgo kannst du dein Vogelh\u00e4uschen mit Logo bedrucken - ideal f\u00fcr 20-40.","canonical_url":"https:\/\/hidalgo.nl\/de\/wp-json\/wp\/v2\/product\/153479","robots":"max-image-preview:large","keywords":"","webmasterTools":{"miscellaneous":""},"schema":{"@context":"https:\/\/schema.org","@graph":[{"@type":"BreadcrumbList","@id":"https:\/\/hidalgo.nl\/de\/product\/153479\/vogelhaus-bausatz-bedrucken-mdf-einfache-montage-7-teilig\/#breadcrumblist","itemListElement":[{"@type":"ListItem","@id":"https:\/\/hidalgo.nl\/de\/#listItem","position":1,"name":"Home","item":"https:\/\/hidalgo.nl\/de\/","nextItem":{"@type":"ListItem","@id":"https:\/\/hidalgo.nl\/example\/#listItem","name":"example"}},{"@type":"ListItem","@id":"https:\/\/hidalgo.nl\/example\/#listItem","position":2,"name":"example","item":"https:\/\/hidalgo.nl\/example\/","nextItem":{"@type":"ListItem","@id":"https:\/\/hidalgo.nl\/en\/product-supplier\/a53\/#listItem","name":"A53"},"previousItem":{"@type":"ListItem","@id":"https:\/\/hidalgo.nl\/de\/#listItem","name":"Home"}},{"@type":"ListItem","@id":"https:\/\/hidalgo.nl\/en\/product-supplier\/a53\/#listItem","position":3,"name":"A53","item":"https:\/\/hidalgo.nl\/en\/product-supplier\/a53\/","nextItem":{"@type":"ListItem","@id":"https:\/\/hidalgo.nl\/de\/product\/153479\/vogelhaus-bausatz-bedrucken-mdf-einfache-montage-7-teilig\/#listItem","name":"Vogelhuisje bouwpakket"},"previousItem":{"@type":"ListItem","@id":"https:\/\/hidalgo.nl\/example\/#listItem","name":"example"}},{"@type":"ListItem","@id":"https:\/\/hidalgo.nl\/de\/product\/153479\/vogelhaus-bausatz-bedrucken-mdf-einfache-montage-7-teilig\/#listItem","position":4,"name":"Vogelhuisje bouwpakket","previousItem":{"@type":"ListItem","@id":"https:\/\/hidalgo.nl\/en\/product-supplier\/a53\/#listItem","name":"A53"}}]},{"@type":"Organization","@id":"https:\/\/hidalgo.nl\/de\/#organization","name":"Hidalgo","url":"https:\/\/hidalgo.nl\/de\/","logo":{"@type":"ImageObject","url":"https:\/\/shop.hidalgo.nl\/wp-content\/uploads\/2025\/11\/cropped-Hidalgo-est1993.png","@id":"https:\/\/hidalgo.nl\/de\/product\/153479\/vogelhaus-bausatz-bedrucken-mdf-einfache-montage-7-teilig\/#organizationLogo","width":585,"height":195},"image":{"@id":"https:\/\/hidalgo.nl\/de\/product\/153479\/vogelhaus-bausatz-bedrucken-mdf-einfache-montage-7-teilig\/#organizationLogo"}},{"@type":"ProductGroup","@id":"https:\/\/hidalgo.nl\/de\/product\/153479\/vogelhaus-bausatz-bedrucken-mdf-einfache-montage-7-teilig\/#wooCommerceProduct","name":"Vogelhaus-Bausatz bedrucken MDF einfache Montage 7-teilig","url":"https:\/\/hidalgo.nl\/de\/product\/153479\/vogelhaus-bausatz-bedrucken-mdf-einfache-montage-7-teilig\/","sku":"A53-LT94550","image":{"@type":"ImageObject","url":"https:\/\/shop.hidalgo.nl\/wp-content\/uploads\/2025\/05\/df18575d5c52e95aaca8cf1f126a0afe53fd9688e9a09a725b9b826ea2f7c9d5.jpg","@id":"https:\/\/hidalgo.nl\/de\/product\/153479\/vogelhaus-bausatz-bedrucken-mdf-einfache-montage-7-teilig\/#productImage","width":1000,"height":1000},"productGroupID":153479,"hasVariant":[{"@type":"Product","@id":"https:\/\/hidalgo.nl\/de\/product\/153479\/vogelhaus-bausatz-bedrucken-mdf-einfache-montage-7-teilig\/#wooCommerceProduct","name":"Vogelhuisje bouwpakket - hout","url":"https:\/\/hidalgo.nl\/de\/product\/153479\/vogelhaus-bausatz-bedrucken-mdf-einfache-montage-7-teilig\/","sku":"A53-LT94550-N0093","image":{"@type":"ImageObject","url":"https:\/\/shop.hidalgo.nl\/wp-content\/uploads\/2025\/05\/1c8f79d4653a3f548b3b9bc9170cab5dbe10b466fb7453255f5211a8d31651f2.jpg","@id":"https:\/\/hidalgo.nl\/de\/product\/153479\/vogelhaus-bausatz-bedrucken-mdf-einfache-montage-7-teilig\/#productImage","width":1000,"height":1000},"offers":{"@type":"Offer","url":"https:\/\/hidalgo.nl\/de\/product\/153479\/vogelhaus-bausatz-bedrucken-mdf-einfache-montage-7-teilig\/#wooCommerceOffer","price":"3.3","priceCurrency":"EUR","category":"Promotionele Artikelen","availability":"https:\/\/schema.org\/InStock","priceSpecification":{"@type":"PriceSpecification","price":3.3,"priceCurrency":"EUR","valueAddedTaxIncluded":"true"}}}]},{"@type":"WebPage","@id":"https:\/\/hidalgo.nl\/de\/product\/153479\/vogelhaus-bausatz-bedrucken-mdf-einfache-montage-7-teilig\/#webpage","url":"https:\/\/hidalgo.nl\/de\/product\/153479\/vogelhaus-bausatz-bedrucken-mdf-einfache-montage-7-teilig\/","name":"Vogelhaus-Bausatz bedrucken MDF einfache Montage 7-teilig","description":"Stecke in Minuten ein stabiles Vogelheim zusammen: Dieser Vogelhaus-Bausatz aus MDF kommt mit klarer Anleitung und ben\u00f6tigt kein Werkzeug. F\u00fcr Aktionen & Vereine: Bei Hidalgo kannst du dein Vogelh\u00e4uschen mit Logo bedrucken - ideal f\u00fcr 20-40.","inLanguage":"de-DE","isPartOf":{"@id":"https:\/\/hidalgo.nl\/de\/#website"},"breadcrumb":{"@id":"https:\/\/hidalgo.nl\/de\/product\/153479\/vogelhaus-bausatz-bedrucken-mdf-einfache-montage-7-teilig\/#breadcrumblist"},"image":{"@type":"ImageObject","url":"https:\/\/shop.hidalgo.nl\/wp-content\/uploads\/2025\/05\/df18575d5c52e95aaca8cf1f126a0afe53fd9688e9a09a725b9b826ea2f7c9d5.jpg","@id":"https:\/\/hidalgo.nl\/de\/product\/153479\/vogelhaus-bausatz-bedrucken-mdf-einfache-montage-7-teilig\/#mainImage","width":1000,"height":1000},"primaryImageOfPage":{"@id":"https:\/\/hidalgo.nl\/de\/product\/153479\/vogelhaus-bausatz-bedrucken-mdf-einfache-montage-7-teilig\/#mainImage"},"datePublished":"2025-07-09T18:40:45+00:00","dateModified":"2026-04-30T13:31:29+00:00"},{"@type":"WebSite","@id":"https:\/\/hidalgo.nl\/de\/#website","url":"https:\/\/hidalgo.nl\/de\/","name":"Hidalgo","inLanguage":"de-DE","publisher":{"@id":"https:\/\/hidalgo.nl\/de\/#organization"}}]},"og:locale":"de_DE","og:site_name":"Hidalgo -","og:type":"article","og:title":"Vogelhaus-Bausatz bedrucken MDF einfache Montage 7-teilig","og:description":"Stecke in Minuten ein stabiles Vogelheim zusammen: Dieser Vogelhaus-Bausatz aus MDF kommt mit klarer Anleitung und ben\u00f6tigt kein Werkzeug. F\u00fcr Aktionen &amp; Vereine: Bei Hidalgo kannst du dein Vogelh\u00e4uschen mit Logo bedrucken - ideal f\u00fcr 20-40.","og:url":"https:\/\/hidalgo.nl\/de\/wp-json\/wp\/v2\/product\/153479","og:image":"https:\/\/shop.hidalgo.nl\/wp-content\/uploads\/2025\/11\/cropped-Hidalgo-est1993.png","og:image:secure_url":"https:\/\/shop.hidalgo.nl\/wp-content\/uploads\/2025\/11\/cropped-Hidalgo-est1993.png","article:published_time":"2025-07-09T18:40:45+00:00","article:modified_time":"2026-04-30T13:31:29+00:00","twitter:card":"summary_large_image","twitter:title":"Vogelhaus-Bausatz bedrucken MDF einfache Montage 7-teilig","twitter:description":"Stecke in Minuten ein stabiles Vogelheim zusammen: Dieser Vogelhaus-Bausatz aus MDF kommt mit klarer Anleitung und ben\u00f6tigt kein Werkzeug. F\u00fcr Aktionen &amp; Vereine: Bei Hidalgo kannst du dein Vogelh\u00e4uschen mit Logo bedrucken - ideal f\u00fcr 20-40.","twitter:image":"https:\/\/shop.hidalgo.nl\/wp-content\/uploads\/2025\/11\/cropped-Hidalgo-est1993.png"},"aioseo_meta_data":{"post_id":"153479","title":null,"description":null,"keywords":null,"keyphrases":null,"primary_term":null,"canonical_url":null,"og_title":null,"og_description":null,"og_object_type":"default","og_image_type":"default","og_image_url":null,"og_image_width":null,"og_image_height":null,"og_image_custom_url":null,"og_image_custom_fields":null,"og_video":null,"og_custom_url":null,"og_article_section":null,"og_article_tags":null,"twitter_use_og":false,"twitter_card":"default","twitter_image_type":"default","twitter_image_url":null,"twitter_image_custom_url":null,"twitter_image_custom_fields":null,"twitter_title":null,"twitter_description":null,"schema":{"blockGraphs":[],"customGraphs":[],"default":{"data":{"Article":[],"Course":[],"Dataset":[],"FAQPage":[],"Movie":[],"Person":[],"Product":[],"ProductReview":[],"Car":[],"Recipe":[],"Service":[],"SoftwareApplication":[],"WebPage":[]},"graphName":"","isEnabled":true},"graphs":[]},"schema_type":"default","schema_type_options":null,"pillar_content":false,"robots_default":true,"robots_noindex":false,"robots_noarchive":false,"robots_nosnippet":false,"robots_nofollow":false,"robots_noimageindex":false,"robots_noodp":false,"robots_notranslate":false,"robots_max_snippet":null,"robots_max_videopreview":null,"robots_max_imagepreview":"large","priority":null,"frequency":null,"local_seo":null,"seo_analyzer_scan_date":"2026-02-07 02:13:30","breadcrumb_settings":null,"limit_modified_date":false,"reviewed_by":null,"open_ai":null,"ai":null,"created":"2026-01-14 07:02:58","updated":"2026-04-30 14:02:01"},"aioseo_breadcrumb":"<div class=\"aioseo-breadcrumbs\"><span class=\"aioseo-breadcrumb\">\n\t<a href=\"https:\/\/hidalgo.nl\/de\/\" title=\"Home\">Home<\/a>\n<\/span><span class=\"aioseo-breadcrumb-separator\">\u00bb<\/span><span class=\"aioseo-breadcrumb\">\n\t<a href=\"https:\/\/hidalgo.nl\/example\/\" title=\"example\">example<\/a>\n<\/span><span class=\"aioseo-breadcrumb-separator\">\u00bb<\/span><span class=\"aioseo-breadcrumb\">\n\t<a href=\"https:\/\/hidalgo.nl\/en\/product-supplier\/a53\/\" title=\"A53\">A53<\/a>\n<\/span><span class=\"aioseo-breadcrumb-separator\">\u00bb<\/span><span class=\"aioseo-breadcrumb\">\n\tVogelhuisje bouwpakket\n<\/span><\/div>","aioseo_breadcrumb_json":[{"label":"Home","link":"https:\/\/hidalgo.nl\/de\/"},{"label":"example","link":"https:\/\/hidalgo.nl\/example\/"},{"label":"A53","link":"https:\/\/hidalgo.nl\/en\/product-supplier\/a53\/"},{"label":"Vogelhuisje bouwpakket","link":"https:\/\/hidalgo.nl\/de\/product\/153479\/vogelhaus-bausatz-bedrucken-mdf-einfache-montage-7-teilig\/"}],"_links":{"self":[{"href":"https:\/\/hidalgo.nl\/de\/wp-json\/wp\/v2\/product\/153479","targetHints":{"allow":["GET"]}}],"collection":[{"href":"https:\/\/hidalgo.nl\/de\/wp-json\/wp\/v2\/product"}],"about":[{"href":"https:\/\/hidalgo.nl\/de\/wp-json\/wp\/v2\/types\/product"}],"wp:featuredmedia":[{"embeddable":true,"href":"https:\/\/hidalgo.nl\/de\/wp-json\/wp\/v2\/media\/153480"}],"wp:attachment":[{"href":"https:\/\/hidalgo.nl\/de\/wp-json\/wp\/v2\/media?parent=153479"}],"wp:term":[{"taxonomy":"product_brand","embeddable":true,"href":"https:\/\/hidalgo.nl\/de\/wp-json\/wp\/v2\/product_brand?post=153479"},{"taxonomy":"product_cat","embeddable":true,"href":"https:\/\/hidalgo.nl\/de\/wp-json\/wp\/v2\/product_cat?post=153479"},{"taxonomy":"product_tag","embeddable":true,"href":"https:\/\/hidalgo.nl\/de\/wp-json\/wp\/v2\/product_tag?post=153479"}],"curies":[{"name":"wp","href":"https:\/\/api.w.org\/{rel}","templated":true}]}}